{"id":18872,"date":"2025-03-17T12:23:56","date_gmt":"2025-03-17T09:23:56","guid":{"rendered":"https:\/\/haremerotikshop.com\/site\/?post_type=product&#038;p=18872"},"modified":"2026-01-26T16:33:23","modified_gmt":"2026-01-26T13:33:23","slug":"modern-seffaf-vibrator-pembe","status":"publish","type":"product","link":"https:\/\/haremerotikshop.com\/site\/erotik-shop-urun\/modern-seffaf-vibrator-pembe\/","title":{"rendered":"Modern \u015eeffaf Vibrat\u00f6r Pembe"},"content":{"rendered":"<h3 data-start=\"0\" data-end=\"52\"><strong data-start=\"4\" data-end=\"50\">Pembe Tilki Modern \u015eeffaf Vibrat\u00f6r &#8211; Pembe<\/strong><\/h3>\n<p data-start=\"54\" data-end=\"459\">\u015eeffaf ve modern tasar\u0131m\u0131yla g\u00f6z kama\u015ft\u0131ran <strong data-start=\"98\" data-end=\"136\">Pembe Tilki Modern \u015eeffaf Vibrat\u00f6r<\/strong>, hem estetik hem de i\u015flevselli\u011fi bir araya getirerek benzersiz bir cinsel deneyim sunar. <strong data-start=\"226\" data-end=\"249\">G-spot stim\u00fclasyonu<\/strong> sa\u011flayan ergonomik yap\u0131s\u0131 sayesinde, kad\u0131nlar\u0131n en hassas noktalar\u0131na hitap eder. <strong data-start=\"332\" data-end=\"350\">Kompakt boyutu<\/strong>, suya dayan\u0131kl\u0131 yap\u0131s\u0131 ve pratik kullan\u0131m\u0131yla \u00f6ne \u00e7\u0131kan bu model, bireysel keyif anlar\u0131n\u0131z\u0131 zirveye ta\u015f\u0131r.<\/p>\n<h3 data-start=\"461\" data-end=\"491\"><strong data-start=\"465\" data-end=\"489\">\u00d6ne \u00c7\u0131kan \u00d6zellikler<\/strong><\/h3>\n<p data-start=\"493\" data-end=\"715\">\u2705 <strong data-start=\"495\" data-end=\"530\">Cilt Dostu ve Dayan\u0131kl\u0131 Malzeme<\/strong><br data-start=\"530\" data-end=\"533\" \/>Sa\u011fl\u0131\u011fa zarars\u0131z, <strong data-start=\"551\" data-end=\"595\">y\u00fcksek kaliteli ABS ve TPE malzemelerden<\/strong> \u00fcretilmi\u015ftir. <strong data-start=\"610\" data-end=\"637\">Yumu\u015fak ve esnek dokusu<\/strong>, konforlu bir kullan\u0131m sunarken, dayan\u0131kl\u0131 yap\u0131s\u0131 sayesinde uzun \u00f6m\u00fcrl\u00fcd\u00fcr.<\/p>\n<p data-start=\"717\" data-end=\"959\">\u2705 <strong data-start=\"719\" data-end=\"755\">G-Spot Uyar\u0131m\u0131 ile Maksimum Zevk<\/strong><br data-start=\"755\" data-end=\"758\" \/>\u00d6zel olarak tasarlanm\u0131\u015f <strong data-start=\"782\" data-end=\"801\">kavisli ba\u015fl\u0131\u011f\u0131<\/strong>, G-noktas\u0131na do\u011frudan etki ederek yo\u011fun vajinal uyar\u0131m sa\u011flar. <strong data-start=\"865\" data-end=\"885\">Titre\u015fim modlar\u0131<\/strong> ile ki\u015fisel tercihinize uygun farkl\u0131 ritimlerde keyif ya\u015fayabilirsiniz.<\/p>\n<p data-start=\"961\" data-end=\"1174\">\u2705 <strong data-start=\"963\" data-end=\"995\">Ta\u015f\u0131nabilir ve Kompakt Boyut<\/strong><br data-start=\"995\" data-end=\"998\" \/><strong data-start=\"998\" data-end=\"1046\">Sadece 17.5 cm uzunlu\u011funda ve 3.5 cm \u00e7ap\u0131nda<\/strong> olan bu model, hafifli\u011fi ve ergonomik yap\u0131s\u0131yla kolay ta\u015f\u0131nabilir. \u00c7antan\u0131za rahat\u00e7a s\u0131\u011far, diledi\u011finiz yerde kullan\u0131labilir.<\/p>\n<p data-start=\"1176\" data-end=\"1399\">\u2705 <strong data-start=\"1178\" data-end=\"1214\">Kolay Kullan\u0131m \u2013 Pil ile \u00c7al\u0131\u015fma<\/strong><br data-start=\"1214\" data-end=\"1217\" \/><strong data-start=\"1217\" data-end=\"1234\">2 adet AA pil<\/strong> ile \u00e7al\u0131\u015f\u0131r (piller dahil de\u011fildir), <strong data-start=\"1272\" data-end=\"1294\">\u015farj derdi olmadan<\/strong> uzun s\u00fcreli kullan\u0131m sa\u011flar. <strong data-start=\"1324\" data-end=\"1360\">Kolayca de\u011fi\u015ftirilebilir pilleri<\/strong> sayesinde her an kullan\u0131ma haz\u0131rd\u0131r.<\/p>\n<p data-start=\"1401\" data-end=\"1586\">\u2705 <strong data-start=\"1403\" data-end=\"1441\">Suya Dayan\u0131kl\u0131 &amp; Hijyenik Kullan\u0131m<\/strong><br data-start=\"1441\" data-end=\"1444\" \/><strong data-start=\"1444\" data-end=\"1471\">Suya dayan\u0131kl\u0131 tasar\u0131m\u0131<\/strong> sayesinde g\u00fcnl\u00fck kullan\u0131m i\u00e7in uygundur. <strong data-start=\"1513\" data-end=\"1544\">Kolay temizlenebilir yap\u0131s\u0131<\/strong>, hijyenik ve g\u00fcvenli bir deneyim sunar.<\/p>\n<p data-start=\"1588\" data-end=\"1782\">\u2705 <strong data-start=\"1590\" data-end=\"1618\">\u015eeffaf ve Modern Tasar\u0131m<\/strong><br data-start=\"1618\" data-end=\"1621\" \/>Estetik bir g\u00f6r\u00fcn\u00fcme sahip <strong data-start=\"1648\" data-end=\"1673\">\u015feffaf pembe tasar\u0131m\u0131<\/strong>, zarif ve sofistike bir dokunu\u015f katar. <strong data-start=\"1713\" data-end=\"1746\">Minimalist ve \u015f\u0131k tasar\u0131m\u0131yla<\/strong> hem g\u00f6z al\u0131c\u0131 hem de i\u015flevseldir.<\/p>\n<h3 data-start=\"1784\" data-end=\"1848\"><strong data-start=\"1788\" data-end=\"1846\">Pembe Tilki Modern \u015eeffaf Vibrat\u00f6r ile Keyfi Ke\u015ffedin!<\/strong><\/h3>\n<p data-start=\"1849\" data-end=\"2100\">E\u011fer <strong data-start=\"1854\" data-end=\"1899\">pratik, hafif, \u015f\u0131k ve etkili bir vibrat\u00f6r<\/strong> ar\u0131yorsan\u0131z, <strong data-start=\"1913\" data-end=\"1959\">Pembe Tilki Modern \u015eeffaf Vibrat\u00f6r &#8211; Pembe<\/strong> tam size g\u00f6re! <strong data-start=\"1975\" data-end=\"2051\">G-spot odakl\u0131 yap\u0131s\u0131, ta\u015f\u0131nabilir tasar\u0131m\u0131 ve suya dayan\u0131kl\u0131 \u00f6zelli\u011fiyle<\/strong> cinsel deneyiminizi yeni bir seviyeye ta\u015f\u0131y\u0131n.<\/p>\n<p data-start=\"2102\" data-end=\"2169\" data-is-last-node=\"\" data-is-only-node=\"\">\ud83d\udd39 <strong data-start=\"2105\" data-end=\"2169\" data-is-last-node=\"\">\u015eimdi ke\u015ffedin ve \u00f6zel anlar\u0131n\u0131za tutkulu bir dokunu\u015f kat\u0131n!<\/strong><\/p>\n","protected":false},"excerpt":{"rendered":"<p>\u015eeffaf ve modern tasar\u0131m\u0131yla g\u00f6z kama\u015ft\u0131ran <strong data-start=\"98\" data-end=\"136\">Pembe Tilki Modern \u015eeffaf Vibrat\u00f6r<\/strong>, hem estetik hem de i\u015flevselli\u011fi bir araya getirerek benzersiz bir cinsel deneyim sunar. <strong data-start=\"226\" data-end=\"249\">G-spot stim\u00fclasyonu<\/strong> sa\u011flayan ergonomik yap\u0131s\u0131 sayesinde, kad\u0131nlar\u0131n en hassas noktalar\u0131na hitap eder. <strong data-start=\"332\" data-end=\"350\">Kompakt boyutu<\/strong>, suya dayan\u0131kl\u0131 yap\u0131s\u0131 ve pratik kullan\u0131m\u0131yla \u00f6ne \u00e7\u0131kan bu model, bireysel keyif anlar\u0131n\u0131z\u0131 zirveye ta\u015f\u0131r.<\/p>\n","protected":false},"featured_media":18974,"comment_status":"open","ping_status":"closed","template":"","meta":[],"product_brand":[127],"product_cat":[85],"product_tag":[230],"class_list":{"0":"post-18872","1":"product","2":"type-product","3":"status-publish","4":"has-post-thumbnail","6":"product_brand-pembe-tilki","7":"product_cat-modern-vibrator","8":"product_tag-modern-seffaf-vibrator-pembe","10":"first","11":"outofstock","12":"taxable","13":"shipping-taxable","14":"purchasable","15":"product-type-simple"},"yoast_head":"<!-- This site is optimized with the Yoast SEO Premium plugin v24.4 (Yoast SEO v27.1.1) - https:\/\/yoast.com\/product\/yoast-seo-premium-wordpress\/ -->\n<title>Modern \u015eeffaf Vibrat\u00f6r Pembe - Bursa Erotik Shop<\/title>\n<meta name=\"robots\" content=\"index, follow, max-snippet:-1, max-image-preview:large, max-video-preview:-1\" \/>\n<link rel=\"canonical\" href=\"https:\/\/hobierotikshop.com.tr\/website1\/erotik-shop-urun\/modern-seffaf-vibrator-pembe\/\" \/>\n<meta property=\"og:locale\" content=\"tr_TR\" \/>\n<meta property=\"og:type\" content=\"article\" \/>\n<meta property=\"og:title\" content=\"Modern \u015eeffaf Vibrat\u00f6r Pembe\" \/>\n<meta property=\"og:description\" content=\"\u015eeffaf ve modern tasar\u0131m\u0131yla g\u00f6z kama\u015ft\u0131ran Pembe Tilki Modern \u015eeffaf Vibrat\u00f6r, hem estetik hem de i\u015flevselli\u011fi bir araya getirerek benzersiz bir cinsel deneyim sunar. G-spot stim\u00fclasyonu sa\u011flayan ergonomik yap\u0131s\u0131 sayesinde, kad\u0131nlar\u0131n en hassas noktalar\u0131na hitap eder. Kompakt boyutu, suya dayan\u0131kl\u0131 yap\u0131s\u0131 ve pratik kullan\u0131m\u0131yla \u00f6ne \u00e7\u0131kan bu model, bireysel keyif anlar\u0131n\u0131z\u0131 zirveye ta\u015f\u0131r.\" \/>\n<meta property=\"og:url\" content=\"https:\/\/hobierotikshop.com.tr\/website1\/erotik-shop-urun\/modern-seffaf-vibrator-pembe\/\" \/>\n<meta property=\"og:site_name\" content=\"Bursa Erotik Shop\" \/>\n<meta property=\"article:modified_time\" content=\"2026-01-26T13:33:23+00:00\" \/>\n<meta property=\"og:image\" content=\"https:\/\/hobierotikshop.com.tr\/website1\/wp-content\/uploads\/2025\/03\/modern-seffaf-vibrator-pembe-1905.jpg\" \/>\n\t<meta property=\"og:image:width\" content=\"1500\" \/>\n\t<meta property=\"og:image:height\" content=\"1500\" \/>\n\t<meta property=\"og:image:type\" content=\"image\/jpeg\" \/>\n<meta name=\"twitter:card\" content=\"summary_large_image\" \/>\n<meta name=\"twitter:site\" content=\"@shopbursa\" \/>\n<meta name=\"twitter:label1\" content=\"Fiyat\" \/>\n\t<meta name=\"twitter:data1\" content=\"&#8378;530,00 KDV DAH\u0130L\" \/>\n\t<meta name=\"twitter:label2\" content=\"Availability\" \/>\n\t<meta name=\"twitter:data2\" content=\"Out of stock\" \/>\n<script type=\"application\/ld+json\" class=\"yoast-schema-graph\">{\"@context\":\"https:\/\/schema.org\",\"@graph\":[{\"@type\":\"WebPage\",\"@id\":\"https:\/\/hobierotikshop.com.tr\/website1\/erotik-shop-urun\/modern-seffaf-vibrator-pembe\/\",\"url\":\"https:\/\/hobierotikshop.com.tr\/website1\/erotik-shop-urun\/modern-seffaf-vibrator-pembe\/\",\"name\":\"Modern \u015eeffaf Vibrat\u00f6r Pembe - Bursa Erotik Shop\",\"isPartOf\":{\"@id\":\"https:\/\/hobierotikshop.com.tr\/website1\/#website\"},\"primaryImageOfPage\":{\"@id\":\"https:\/\/hobierotikshop.com.tr\/website1\/erotik-shop-urun\/modern-seffaf-vibrator-pembe\/#primaryimage\"},\"image\":{\"@id\":\"https:\/\/hobierotikshop.com.tr\/website1\/erotik-shop-urun\/modern-seffaf-vibrator-pembe\/#primaryimage\"},\"thumbnailUrl\":\"https:\/\/haremerotikshop.com\/site\/wp-content\/uploads\/2025\/03\/modern-seffaf-vibrator-pembe-1905.jpg\",\"datePublished\":\"2025-03-17T09:23:56+00:00\",\"dateModified\":\"2026-01-26T13:33:23+00:00\",\"breadcrumb\":{\"@id\":\"https:\/\/hobierotikshop.com.tr\/website1\/erotik-shop-urun\/modern-seffaf-vibrator-pembe\/#breadcrumb\"},\"inLanguage\":\"tr\",\"potentialAction\":[{\"@type\":\"ReadAction\",\"target\":[\"https:\/\/hobierotikshop.com.tr\/website1\/erotik-shop-urun\/modern-seffaf-vibrator-pembe\/\"]}]},{\"@type\":\"ImageObject\",\"inLanguage\":\"tr\",\"@id\":\"https:\/\/hobierotikshop.com.tr\/website1\/erotik-shop-urun\/modern-seffaf-vibrator-pembe\/#primaryimage\",\"url\":\"https:\/\/haremerotikshop.com\/site\/wp-content\/uploads\/2025\/03\/modern-seffaf-vibrator-pembe-1905.jpg\",\"contentUrl\":\"https:\/\/haremerotikshop.com\/site\/wp-content\/uploads\/2025\/03\/modern-seffaf-vibrator-pembe-1905.jpg\",\"width\":1500,\"height\":1500},{\"@type\":\"BreadcrumbList\",\"@id\":\"https:\/\/hobierotikshop.com.tr\/website1\/erotik-shop-urun\/modern-seffaf-vibrator-pembe\/#breadcrumb\",\"itemListElement\":[{\"@type\":\"ListItem\",\"position\":1,\"name\":\"Anasayfa\",\"item\":\"https:\/\/hobierotikshop.com.tr\/website1\/\"},{\"@type\":\"ListItem\",\"position\":2,\"name\":\"Erotik Shop \u00dcr\u00fcnleri\",\"item\":\"https:\/\/hobierotikshop.com.tr\/website1\/shop\/\"},{\"@type\":\"ListItem\",\"position\":3,\"name\":\"Modern \u015eeffaf Vibrat\u00f6r Pembe\"}]},{\"@type\":\"WebSite\",\"@id\":\"https:\/\/hobierotikshop.com.tr\/website1\/#website\",\"url\":\"https:\/\/hobierotikshop.com.tr\/website1\/\",\"name\":\"Bursa Erotik Shop\",\"description\":\"Bursa Erotik Shop ile g\u00fcvenli, gizli ve kaliteli yeti\u015fkin \u00fcr\u00fcnleri al\u0131\u015fveri\u015fi! Geni\u015f \u00fcr\u00fcn yelpazemizi ke\u015ffedin, hemen sipari\u015f verin\",\"publisher\":{\"@id\":\"https:\/\/hobierotikshop.com.tr\/website1\/#organization\"},\"alternateName\":\"Erotik Shop\",\"potentialAction\":[{\"@type\":\"SearchAction\",\"target\":{\"@type\":\"EntryPoint\",\"urlTemplate\":\"https:\/\/hobierotikshop.com.tr\/website1\/?s={search_term_string}\"},\"query-input\":{\"@type\":\"PropertyValueSpecification\",\"valueRequired\":true,\"valueName\":\"search_term_string\"}}],\"inLanguage\":\"tr\"},{\"@type\":\"Organization\",\"@id\":\"https:\/\/hobierotikshop.com.tr\/website1\/#organization\",\"name\":\"Harem Bursa Erotik Shop\",\"url\":\"https:\/\/hobierotikshop.com.tr\/website1\/\",\"logo\":{\"@type\":\"ImageObject\",\"inLanguage\":\"tr\",\"@id\":\"https:\/\/hobierotikshop.com.tr\/website1\/#\/schema\/logo\/image\/\",\"url\":\"https:\/\/haremerotikshop.com\/wp-content\/uploads\/2025\/03\/haremsexshop.png\",\"contentUrl\":\"https:\/\/haremerotikshop.com\/wp-content\/uploads\/2025\/03\/haremsexshop.png\",\"width\":400,\"height\":100,\"caption\":\"Harem Bursa Erotik Shop\"},\"image\":{\"@id\":\"https:\/\/hobierotikshop.com.tr\/website1\/#\/schema\/logo\/image\/\"},\"sameAs\":[\"https:\/\/x.com\/shopbursa\"],\"publishingPrinciples\":\"https:\/\/hobierotikshop.com.tr\/website1\/mesafeli-satis-sozlesmesi\/\",\"ownershipFundingInfo\":\"https:\/\/hobierotikshop.com.tr\/website1\/contact-us\/\",\"actionableFeedbackPolicy\":\"https:\/\/hobierotikshop.com.tr\/website1\/contact-us\/\",\"correctionsPolicy\":\"https:\/\/hobierotikshop.com.tr\/website1\/mesafeli-satis-sozlesmesi\/\"}]}<\/script>\n<meta property=\"product:brand\" content=\"Pembe Tilki\" \/>\n<meta property=\"product:price:amount\" content=\"530.00\" \/>\n<meta property=\"product:price:currency\" content=\"TRY\" \/>\n<meta property=\"og:availability\" content=\"out of stock\" \/>\n<meta property=\"product:availability\" content=\"out of stock\" \/>\n<meta property=\"product:retailer_item_id\" content=\"PT-DVXA001PNK\" \/>\n<meta property=\"product:condition\" content=\"new\" \/>\n<!-- \/ Yoast SEO Premium plugin. -->","yoast_head_json":{"title":"Modern \u015eeffaf Vibrat\u00f6r Pembe - Bursa Erotik Shop","robots":{"index":"index","follow":"follow","max-snippet":"max-snippet:-1","max-image-preview":"max-image-preview:large","max-video-preview":"max-video-preview:-1"},"canonical":"https:\/\/hobierotikshop.com.tr\/website1\/erotik-shop-urun\/modern-seffaf-vibrator-pembe\/","og_locale":"tr_TR","og_type":"article","og_title":"Modern \u015eeffaf Vibrat\u00f6r Pembe","og_description":"\u015eeffaf ve modern tasar\u0131m\u0131yla g\u00f6z kama\u015ft\u0131ran Pembe Tilki Modern \u015eeffaf Vibrat\u00f6r, hem estetik hem de i\u015flevselli\u011fi bir araya getirerek benzersiz bir cinsel deneyim sunar. G-spot stim\u00fclasyonu sa\u011flayan ergonomik yap\u0131s\u0131 sayesinde, kad\u0131nlar\u0131n en hassas noktalar\u0131na hitap eder. Kompakt boyutu, suya dayan\u0131kl\u0131 yap\u0131s\u0131 ve pratik kullan\u0131m\u0131yla \u00f6ne \u00e7\u0131kan bu model, bireysel keyif anlar\u0131n\u0131z\u0131 zirveye ta\u015f\u0131r.","og_url":"https:\/\/hobierotikshop.com.tr\/website1\/erotik-shop-urun\/modern-seffaf-vibrator-pembe\/","og_site_name":"Bursa Erotik Shop","article_modified_time":"2026-01-26T13:33:23+00:00","og_image":[{"width":1500,"height":1500,"url":"https:\/\/hobierotikshop.com.tr\/website1\/wp-content\/uploads\/2025\/03\/modern-seffaf-vibrator-pembe-1905.jpg","type":"image\/jpeg"}],"twitter_card":"summary_large_image","twitter_site":"@shopbursa","twitter_misc":{"Fiyat":"&#8378;530,00 KDV DAH\u0130L","Availability":"Out of stock"},"schema":{"@context":"https:\/\/schema.org","@graph":[{"@type":"WebPage","@id":"https:\/\/hobierotikshop.com.tr\/website1\/erotik-shop-urun\/modern-seffaf-vibrator-pembe\/","url":"https:\/\/hobierotikshop.com.tr\/website1\/erotik-shop-urun\/modern-seffaf-vibrator-pembe\/","name":"Modern \u015eeffaf Vibrat\u00f6r Pembe - Bursa Erotik Shop","isPartOf":{"@id":"https:\/\/hobierotikshop.com.tr\/website1\/#website"},"primaryImageOfPage":{"@id":"https:\/\/hobierotikshop.com.tr\/website1\/erotik-shop-urun\/modern-seffaf-vibrator-pembe\/#primaryimage"},"image":{"@id":"https:\/\/hobierotikshop.com.tr\/website1\/erotik-shop-urun\/modern-seffaf-vibrator-pembe\/#primaryimage"},"thumbnailUrl":"https:\/\/haremerotikshop.com\/site\/wp-content\/uploads\/2025\/03\/modern-seffaf-vibrator-pembe-1905.jpg","datePublished":"2025-03-17T09:23:56+00:00","dateModified":"2026-01-26T13:33:23+00:00","breadcrumb":{"@id":"https:\/\/hobierotikshop.com.tr\/website1\/erotik-shop-urun\/modern-seffaf-vibrator-pembe\/#breadcrumb"},"inLanguage":"tr","potentialAction":[{"@type":"ReadAction","target":["https:\/\/hobierotikshop.com.tr\/website1\/erotik-shop-urun\/modern-seffaf-vibrator-pembe\/"]}]},{"@type":"ImageObject","inLanguage":"tr","@id":"https:\/\/hobierotikshop.com.tr\/website1\/erotik-shop-urun\/modern-seffaf-vibrator-pembe\/#primaryimage","url":"https:\/\/haremerotikshop.com\/site\/wp-content\/uploads\/2025\/03\/modern-seffaf-vibrator-pembe-1905.jpg","contentUrl":"https:\/\/haremerotikshop.com\/site\/wp-content\/uploads\/2025\/03\/modern-seffaf-vibrator-pembe-1905.jpg","width":1500,"height":1500},{"@type":"BreadcrumbList","@id":"https:\/\/hobierotikshop.com.tr\/website1\/erotik-shop-urun\/modern-seffaf-vibrator-pembe\/#breadcrumb","itemListElement":[{"@type":"ListItem","position":1,"name":"Anasayfa","item":"https:\/\/hobierotikshop.com.tr\/website1\/"},{"@type":"ListItem","position":2,"name":"Erotik Shop \u00dcr\u00fcnleri","item":"https:\/\/hobierotikshop.com.tr\/website1\/shop\/"},{"@type":"ListItem","position":3,"name":"Modern \u015eeffaf Vibrat\u00f6r Pembe"}]},{"@type":"WebSite","@id":"https:\/\/hobierotikshop.com.tr\/website1\/#website","url":"https:\/\/hobierotikshop.com.tr\/website1\/","name":"Bursa Erotik Shop","description":"Bursa Erotik Shop ile g\u00fcvenli, gizli ve kaliteli yeti\u015fkin \u00fcr\u00fcnleri al\u0131\u015fveri\u015fi! Geni\u015f \u00fcr\u00fcn yelpazemizi ke\u015ffedin, hemen sipari\u015f verin","publisher":{"@id":"https:\/\/hobierotikshop.com.tr\/website1\/#organization"},"alternateName":"Erotik Shop","potentialAction":[{"@type":"SearchAction","target":{"@type":"EntryPoint","urlTemplate":"https:\/\/hobierotikshop.com.tr\/website1\/?s={search_term_string}"},"query-input":{"@type":"PropertyValueSpecification","valueRequired":true,"valueName":"search_term_string"}}],"inLanguage":"tr"},{"@type":"Organization","@id":"https:\/\/hobierotikshop.com.tr\/website1\/#organization","name":"Harem Bursa Erotik Shop","url":"https:\/\/hobierotikshop.com.tr\/website1\/","logo":{"@type":"ImageObject","inLanguage":"tr","@id":"https:\/\/hobierotikshop.com.tr\/website1\/#\/schema\/logo\/image\/","url":"https:\/\/haremerotikshop.com\/wp-content\/uploads\/2025\/03\/haremsexshop.png","contentUrl":"https:\/\/haremerotikshop.com\/wp-content\/uploads\/2025\/03\/haremsexshop.png","width":400,"height":100,"caption":"Harem Bursa Erotik Shop"},"image":{"@id":"https:\/\/hobierotikshop.com.tr\/website1\/#\/schema\/logo\/image\/"},"sameAs":["https:\/\/x.com\/shopbursa"],"publishingPrinciples":"https:\/\/hobierotikshop.com.tr\/website1\/mesafeli-satis-sozlesmesi\/","ownershipFundingInfo":"https:\/\/hobierotikshop.com.tr\/website1\/contact-us\/","actionableFeedbackPolicy":"https:\/\/hobierotikshop.com.tr\/website1\/contact-us\/","correctionsPolicy":"https:\/\/hobierotikshop.com.tr\/website1\/mesafeli-satis-sozlesmesi\/"}]},"product_brand":"Pembe Tilki","product_price_amount":"530.00","product_price_currency":"TRY","og_availability":"out of stock","product_availability":"out of stock","product_retailer_item_id":"PT-DVXA001PNK","product_condition":"new"},"_links":{"self":[{"href":"https:\/\/haremerotikshop.com\/site\/wp-json\/wp\/v2\/product\/18872","targetHints":{"allow":["GET"]}}],"collection":[{"href":"https:\/\/haremerotikshop.com\/site\/wp-json\/wp\/v2\/product"}],"about":[{"href":"https:\/\/haremerotikshop.com\/site\/wp-json\/wp\/v2\/types\/product"}],"replies":[{"embeddable":true,"href":"https:\/\/haremerotikshop.com\/site\/wp-json\/wp\/v2\/comments?post=18872"}],"version-history":[{"count":0,"href":"https:\/\/haremerotikshop.com\/site\/wp-json\/wp\/v2\/product\/18872\/revisions"}],"wp:featuredmedia":[{"embeddable":true,"href":"https:\/\/haremerotikshop.com\/site\/wp-json\/wp\/v2\/media\/18974"}],"wp:attachment":[{"href":"https:\/\/haremerotikshop.com\/site\/wp-json\/wp\/v2\/media?parent=18872"}],"wp:term":[{"taxonomy":"product_brand","embeddable":true,"href":"https:\/\/haremerotikshop.com\/site\/wp-json\/wp\/v2\/product_brand?post=18872"},{"taxonomy":"product_cat","embeddable":true,"href":"https:\/\/haremerotikshop.com\/site\/wp-json\/wp\/v2\/product_cat?post=18872"},{"taxonomy":"product_tag","embeddable":true,"href":"https:\/\/haremerotikshop.com\/site\/wp-json\/wp\/v2\/product_tag?post=18872"}],"curies":[{"name":"wp","href":"https:\/\/api.w.org\/{rel}","templated":true}]}}