{"id":18901,"date":"2025-03-17T12:24:22","date_gmt":"2025-03-17T09:24:22","guid":{"rendered":"https:\/\/haremerotikshop.com\/site\/?post_type=product&#038;p=18901"},"modified":"2026-01-26T16:30:23","modified_gmt":"2026-01-26T13:30:23","slug":"best-man-cilek-aromali-kayganlastirici-jel-150-ml","status":"publish","type":"product","link":"https:\/\/haremerotikshop.com\/site\/erotik-shop-urun\/best-man-cilek-aromali-kayganlastirici-jel-150-ml\/","title":{"rendered":"Best Man \u00c7ilek Aromal\u0131 Kayganla\u015ft\u0131r\u0131c\u0131 Jel 150 Ml"},"content":{"rendered":"<h3 data-start=\"0\" data-end=\"95\"><strong data-start=\"4\" data-end=\"95\">Best Man B\u00fcy\u00fck Boy \u00c7ilekli Lubricant Jel \u2013 T\u00fcm Cilt Tiplerine Uygun, Uzun S\u00fcreli Konfor<\/strong><\/h3>\n<p data-start=\"97\" data-end=\"532\"><strong data-start=\"97\" data-end=\"141\">Best Man B\u00fcy\u00fck Boy \u00c7ilekli Lubricant Jel<\/strong>, cinsel ya\u015fam\u0131n\u0131z\u0131 daha keyifli ve rahat hale getirecek y\u00fcksek kaliteli bir kayganla\u015ft\u0131r\u0131c\u0131 jel olarak \u00f6ne \u00e7\u0131k\u0131yor. Klinik testlerden ge\u00e7mi\u015f, her cilt tipinin kullanabilece\u011fi bu \u00f6zel form\u00fcl, dermatolojik olarak onaylanm\u0131\u015f ve tamamen g\u00fcvenli bir \u015fekilde tasarlanm\u0131\u015ft\u0131r. Su bazl\u0131, ya\u011fs\u0131z yap\u0131s\u0131 ile kullan\u0131m\u0131 son derece rahat olan bu jel, cinsel ili\u015fkinizde ekstra kayganl\u0131k ve konfor sa\u011flar.<\/p>\n<hr data-start=\"534\" data-end=\"537\" \/>\n<h3 data-start=\"539\" data-end=\"600\"><strong data-start=\"543\" data-end=\"600\">Best Man B\u00fcy\u00fck Boy \u00c7ilekli Lubricant Jel \u00d6zellikleri:<\/strong><\/h3>\n<h4 data-start=\"602\" data-end=\"638\"><strong data-start=\"607\" data-end=\"638\">1. Su Bazl\u0131 ve Ya\u011fs\u0131z Yap\u0131:<\/strong><\/h4>\n<p data-start=\"639\" data-end=\"893\">Su bazl\u0131 form\u00fcl\u00fc sayesinde <strong data-start=\"666\" data-end=\"676\">ya\u011fs\u0131z<\/strong> bir dokuya sahiptir, bu da cilt \u00fczerinde herhangi bir kal\u0131nt\u0131 b\u0131rakmadan temiz ve kolay bir kullan\u0131m sunar. Ayr\u0131ca, ciltle m\u00fckemmel uyum sa\u011flar ve kayganl\u0131k sa\u011flar, b\u00f6ylece cinsel deneyimi daha konforlu hale getirir.<\/p>\n<h4 data-start=\"895\" data-end=\"940\"><strong data-start=\"900\" data-end=\"940\">2. Dermatolojik Olarak Test Edilmi\u015f:<\/strong><\/h4>\n<p data-start=\"941\" data-end=\"1137\">\u00dcr\u00fcn, <strong data-start=\"947\" data-end=\"983\">dermatolojik olarak test edilmi\u015f<\/strong> olup, cildinizde herhangi bir iritasyona veya alerjiye neden olmaz. Her cilt tipi i\u00e7in g\u00fcvenli bir kullan\u0131m sa\u011flar, bu nedenle rahatl\u0131kla kullan\u0131labilir.<\/p>\n<h4 data-start=\"1139\" data-end=\"1175\"><strong data-start=\"1144\" data-end=\"1175\">3. Ola\u011fan\u00fcst\u00fc \u00c7ilek Kokusu:<\/strong><\/h4>\n<p data-start=\"1176\" data-end=\"1354\"><strong data-start=\"1176\" data-end=\"1194\">\u00c7ilekli form\u00fcl<\/strong>, cinsel deneyiminize ho\u015f ve \u00e7ekici bir koku katarken, partnerinizle aran\u0131zdaki \u00e7ekimi de art\u0131r\u0131r. \u00c7ilek kokusu, arzu ve heyecan uyand\u0131ran bir atmosfer yarat\u0131r.<\/p>\n<h4 data-start=\"1356\" data-end=\"1396\"><strong data-start=\"1361\" data-end=\"1396\">4. T\u00fcm Prezervatiflerle Uyumlu:<\/strong><\/h4>\n<p data-start=\"1397\" data-end=\"1592\">Best Man \u00c7ilekli Lubricant Jel, <strong data-start=\"1429\" data-end=\"1468\">t\u00fcm prezervatif \u00e7e\u015fitleriyle uyumlu<\/strong> olup, g\u00fcvenli bir kullan\u0131m sa\u011flar. Prezervatifle birlikte kullan\u0131ld\u0131\u011f\u0131nda da kayganl\u0131k \u00f6zelliklerinden faydalanabilirsiniz.<\/p>\n<h4 data-start=\"1594\" data-end=\"1640\"><strong data-start=\"1599\" data-end=\"1640\">5. B\u00fcy\u00fck Boy ve Uzun S\u00fcreli Kullan\u0131m:<\/strong><\/h4>\n<p data-start=\"1641\" data-end=\"1788\">B\u00fcy\u00fck boy \u015fi\u015fesi ile uzun s\u00fcreli kullan\u0131m imkan\u0131 sunar. \u0130htiyac\u0131n\u0131z oldu\u011funda kolayca kullanabilece\u011finiz bu jel, ekonomik a\u00e7\u0131dan da avantaj sa\u011flar.<\/p>\n<hr data-start=\"1790\" data-end=\"1793\" \/>\n<h3 data-start=\"1795\" data-end=\"1857\"><strong data-start=\"1799\" data-end=\"1857\">Best Man B\u00fcy\u00fck Boy \u00c7ilekli Lubricant Jel\u2019in Faydalar\u0131:<\/strong><\/h3>\n<ul data-start=\"1859\" data-end=\"2347\">\n<li data-start=\"1859\" data-end=\"1983\"><strong data-start=\"1861\" data-end=\"1885\">Kayganl\u0131k ve Konfor:<\/strong> Su bazl\u0131 form\u00fcl ile cinsel ili\u015fki s\u0131ras\u0131nda m\u00fckemmel kayganl\u0131k sa\u011flar, rahatl\u0131kla kullan\u0131labilir.<\/li>\n<li data-start=\"1984\" data-end=\"2067\"><strong data-start=\"1986\" data-end=\"2001\">Cilt Dostu:<\/strong> Dermatolojik testlerden ge\u00e7mi\u015f, t\u00fcm cilt tiplerine uygun bir jel.<\/li>\n<li data-start=\"2068\" data-end=\"2158\"><strong data-start=\"2070\" data-end=\"2098\">\u00c7ilek Kokusuyla Heyecan:<\/strong> \u00c7ilek kokusu, cinsel deneyiminizi daha zevkli hale getirir.<\/li>\n<li data-start=\"2159\" data-end=\"2264\"><strong data-start=\"2161\" data-end=\"2186\">Uzun S\u00fcreli Kullan\u0131m:<\/strong> B\u00fcy\u00fck boy \u015fi\u015fesi sayesinde uzun s\u00fcreli kullan\u0131m sa\u011flar, ekonomik bir se\u00e7enek.<\/li>\n<li data-start=\"2265\" data-end=\"2347\"><strong data-start=\"2267\" data-end=\"2294\">Prezervatif Uyumlulu\u011fu:<\/strong> T\u00fcm prezervatiflerle uyumlu, g\u00fcvenli kullan\u0131m sunar.<\/li>\n<\/ul>\n<hr data-start=\"2349\" data-end=\"2352\" \/>\n<h3 data-start=\"2354\" data-end=\"2440\"><strong data-start=\"2358\" data-end=\"2440\">Best Man B\u00fcy\u00fck Boy \u00c7ilekli Lubricant Jel ile Cinsel Deneyiminizi \u015eekillendirin<\/strong><\/h3>\n<p data-start=\"2442\" data-end=\"2826\">Cinsel ya\u015fam\u0131n\u0131z\u0131 daha heyecanl\u0131 ve konforlu hale getirmek i\u00e7in <strong data-start=\"2506\" data-end=\"2550\">Best Man B\u00fcy\u00fck Boy \u00c7ilekli Lubricant Jel<\/strong> m\u00fckemmel bir tercihtir. <strong data-start=\"2575\" data-end=\"2604\">Ya\u011fs\u0131z ve su bazl\u0131 form\u00fcl<\/strong>, <strong data-start=\"2606\" data-end=\"2642\">dermatolojik olarak test edilmi\u015f<\/strong> g\u00fcvenli yap\u0131s\u0131 ve <strong data-start=\"2661\" data-end=\"2685\">uzun s\u00fcreli kullan\u0131m<\/strong> avantaj\u0131 sunarak, cinsel ili\u015fkinizi daha rahat ve keyifli bir hale getirir. \u00c7ilek kokusuyla partnerinizle unutulmaz anlar ya\u015faman\u0131z\u0131 sa\u011flar.<\/p>\n<hr data-start=\"2828\" data-end=\"2831\" \/>\n<p data-start=\"2833\" data-end=\"2852\"><strong data-start=\"2833\" data-end=\"2852\">\u00dcr\u00fcn Detaylar\u0131:<\/strong><\/p>\n<ul data-start=\"2853\" data-end=\"3108\">\n<li data-start=\"2853\" data-end=\"2887\"><strong data-start=\"2855\" data-end=\"2870\">\u00d6zellikler:<\/strong> Su bazl\u0131, ya\u011fs\u0131z<\/li>\n<li data-start=\"2888\" data-end=\"2928\"><strong data-start=\"2890\" data-end=\"2903\">Kullan\u0131m:<\/strong> T\u00fcm cilt tiplerine uygun<\/li>\n<li data-start=\"2929\" data-end=\"2948\"><strong data-start=\"2931\" data-end=\"2942\">Kokusu:<\/strong> \u00c7ilek<\/li>\n<li data-start=\"2949\" data-end=\"2991\"><strong data-start=\"2951\" data-end=\"2961\">Boyut:<\/strong> B\u00fcy\u00fck Boy (Ekonomik kullan\u0131m)<\/li>\n<li data-start=\"2992\" data-end=\"3057\"><strong data-start=\"2994\" data-end=\"3021\">Prezervatif Uyumlulu\u011fu:<\/strong> T\u00fcm prezervatif \u00e7e\u015fitleriyle uyumlu<\/li>\n<li data-start=\"3058\" data-end=\"3108\"><strong data-start=\"3060\" data-end=\"3072\">Testler:<\/strong> Dermatolojik olarak test edilmi\u015ftir<\/li>\n<\/ul>\n<p data-start=\"3110\" data-end=\"3231\" data-is-last-node=\"\" data-is-only-node=\"\"><strong data-start=\"3110\" data-end=\"3144\">Best Man \u00c7ilekli Lubricant Jel<\/strong>, cinsel ya\u015fam\u0131n\u0131za ekstra zevk ve konfor katarken, g\u00fcvenli ve sa\u011fl\u0131kl\u0131 kullan\u0131m sunar.<\/p>\n","protected":false},"excerpt":{"rendered":"<p><strong data-start=\"97\" data-end=\"141\">Best Man B\u00fcy\u00fck Boy \u00c7ilekli Lubricant Jel<\/strong>, cinsel ya\u015fam\u0131n\u0131z\u0131 daha keyifli ve rahat hale getirecek y\u00fcksek kaliteli bir kayganla\u015ft\u0131r\u0131c\u0131 jel olarak \u00f6ne \u00e7\u0131k\u0131yor. Klinik testlerden ge\u00e7mi\u015f, her cilt tipinin kullanabilece\u011fi bu \u00f6zel form\u00fcl, dermatolojik olarak onaylanm\u0131\u015f ve tamamen g\u00fcvenli bir \u015fekilde tasarlanm\u0131\u015ft\u0131r. Su bazl\u0131, ya\u011fs\u0131z yap\u0131s\u0131 ile kullan\u0131m\u0131 son derece rahat olan bu jel, cinsel ili\u015fkinizde ekstra kayganl\u0131k ve konfor sa\u011flar.<\/p>\n","protected":false},"featured_media":19000,"comment_status":"open","ping_status":"closed","template":"","meta":[],"product_brand":[237],"product_cat":[131],"product_tag":[232],"class_list":{"0":"post-18901","1":"product","2":"type-product","3":"status-publish","4":"has-post-thumbnail","6":"product_brand-best-man","7":"product_cat-kayganlastirici","8":"product_tag-best-man-cilek-aromali-kayganlastirici-jel-150-ml","10":"first","11":"instock","12":"taxable","13":"shipping-taxable","14":"purchasable","15":"product-type-simple"},"yoast_head":"<!-- This site is optimized with the Yoast SEO Premium plugin v24.4 (Yoast SEO v27.1.1) - https:\/\/yoast.com\/product\/yoast-seo-premium-wordpress\/ -->\n<title>Best Man \u00c7ilek Aromal\u0131 Kayganla\u015ft\u0131r\u0131c\u0131 Jel 150 Ml - Bursa Erotik Shop<\/title>\n<meta name=\"robots\" content=\"index, follow, max-snippet:-1, max-image-preview:large, max-video-preview:-1\" \/>\n<link rel=\"canonical\" href=\"https:\/\/hobierotikshop.com.tr\/website1\/erotik-shop-urun\/best-man-cilek-aromali-kayganlastirici-jel-150-ml\/\" \/>\n<meta property=\"og:locale\" content=\"tr_TR\" \/>\n<meta property=\"og:type\" content=\"article\" \/>\n<meta property=\"og:title\" content=\"Best Man \u00c7ilek Aromal\u0131 Kayganla\u015ft\u0131r\u0131c\u0131 Jel 150 Ml\" \/>\n<meta property=\"og:description\" content=\"Best Man B\u00fcy\u00fck Boy \u00c7ilekli Lubricant Jel, cinsel ya\u015fam\u0131n\u0131z\u0131 daha keyifli ve rahat hale getirecek y\u00fcksek kaliteli bir kayganla\u015ft\u0131r\u0131c\u0131 jel olarak \u00f6ne \u00e7\u0131k\u0131yor. Klinik testlerden ge\u00e7mi\u015f, her cilt tipinin kullanabilece\u011fi bu \u00f6zel form\u00fcl, dermatolojik olarak onaylanm\u0131\u015f ve tamamen g\u00fcvenli bir \u015fekilde tasarlanm\u0131\u015ft\u0131r. Su bazl\u0131, ya\u011fs\u0131z yap\u0131s\u0131 ile kullan\u0131m\u0131 son derece rahat olan bu jel, cinsel ili\u015fkinizde ekstra kayganl\u0131k ve konfor sa\u011flar.\" \/>\n<meta property=\"og:url\" content=\"https:\/\/hobierotikshop.com.tr\/website1\/erotik-shop-urun\/best-man-cilek-aromali-kayganlastirici-jel-150-ml\/\" \/>\n<meta property=\"og:site_name\" content=\"Bursa Erotik Shop\" \/>\n<meta property=\"article:modified_time\" content=\"2026-01-26T13:30:23+00:00\" \/>\n<meta property=\"og:image\" content=\"https:\/\/hobierotikshop.com.tr\/website1\/wp-content\/uploads\/2025\/03\/best-man-cilek-aromali-kayganlastirici-jel-150-ml-2646-1.jpg\" \/>\n\t<meta property=\"og:image:width\" content=\"1500\" \/>\n\t<meta property=\"og:image:height\" content=\"1500\" \/>\n\t<meta property=\"og:image:type\" content=\"image\/jpeg\" \/>\n<meta name=\"twitter:card\" content=\"summary_large_image\" \/>\n<meta name=\"twitter:site\" content=\"@shopbursa\" \/>\n<meta name=\"twitter:label1\" content=\"Fiyat\" \/>\n\t<meta name=\"twitter:data1\" content=\"&#8378;450,00 KDV DAH\u0130L\" \/>\n\t<meta name=\"twitter:label2\" content=\"Availability\" \/>\n\t<meta name=\"twitter:data2\" content=\"In stock\" \/>\n<script type=\"application\/ld+json\" class=\"yoast-schema-graph\">{\"@context\":\"https:\/\/schema.org\",\"@graph\":[{\"@type\":\"WebPage\",\"@id\":\"https:\/\/hobierotikshop.com.tr\/website1\/erotik-shop-urun\/best-man-cilek-aromali-kayganlastirici-jel-150-ml\/\",\"url\":\"https:\/\/hobierotikshop.com.tr\/website1\/erotik-shop-urun\/best-man-cilek-aromali-kayganlastirici-jel-150-ml\/\",\"name\":\"Best Man \u00c7ilek Aromal\u0131 Kayganla\u015ft\u0131r\u0131c\u0131 Jel 150 Ml - Bursa Erotik Shop\",\"isPartOf\":{\"@id\":\"https:\/\/bursashop.com\/web\/#website\"},\"primaryImageOfPage\":{\"@id\":\"https:\/\/hobierotikshop.com.tr\/website1\/erotik-shop-urun\/best-man-cilek-aromali-kayganlastirici-jel-150-ml\/#primaryimage\"},\"image\":{\"@id\":\"https:\/\/hobierotikshop.com.tr\/website1\/erotik-shop-urun\/best-man-cilek-aromali-kayganlastirici-jel-150-ml\/#primaryimage\"},\"thumbnailUrl\":\"https:\/\/haremerotikshop.com\/site\/wp-content\/uploads\/2025\/03\/best-man-cilek-aromali-kayganlastirici-jel-150-ml-2646-1.jpg\",\"datePublished\":\"2025-03-17T09:24:22+00:00\",\"dateModified\":\"2026-01-26T13:30:23+00:00\",\"breadcrumb\":{\"@id\":\"https:\/\/hobierotikshop.com.tr\/website1\/erotik-shop-urun\/best-man-cilek-aromali-kayganlastirici-jel-150-ml\/#breadcrumb\"},\"inLanguage\":\"tr\",\"potentialAction\":[{\"@type\":\"ReadAction\",\"target\":[\"https:\/\/hobierotikshop.com.tr\/website1\/erotik-shop-urun\/best-man-cilek-aromali-kayganlastirici-jel-150-ml\/\"]}]},{\"@type\":\"ImageObject\",\"inLanguage\":\"tr\",\"@id\":\"https:\/\/hobierotikshop.com.tr\/website1\/erotik-shop-urun\/best-man-cilek-aromali-kayganlastirici-jel-150-ml\/#primaryimage\",\"url\":\"https:\/\/haremerotikshop.com\/site\/wp-content\/uploads\/2025\/03\/best-man-cilek-aromali-kayganlastirici-jel-150-ml-2646-1.jpg\",\"contentUrl\":\"https:\/\/haremerotikshop.com\/site\/wp-content\/uploads\/2025\/03\/best-man-cilek-aromali-kayganlastirici-jel-150-ml-2646-1.jpg\",\"width\":1500,\"height\":1500},{\"@type\":\"BreadcrumbList\",\"@id\":\"https:\/\/hobierotikshop.com.tr\/website1\/erotik-shop-urun\/best-man-cilek-aromali-kayganlastirici-jel-150-ml\/#breadcrumb\",\"itemListElement\":[{\"@type\":\"ListItem\",\"position\":1,\"name\":\"Anasayfa\",\"item\":\"https:\/\/hobierotikshop.com.tr\/website1\/\"},{\"@type\":\"ListItem\",\"position\":2,\"name\":\"Erotik Shop \u00dcr\u00fcnleri\",\"item\":\"https:\/\/hobierotikshop.com.tr\/website1\/shop\/\"},{\"@type\":\"ListItem\",\"position\":3,\"name\":\"Best Man \u00c7ilek Aromal\u0131 Kayganla\u015ft\u0131r\u0131c\u0131 Jel 150 Ml\"}]},{\"@type\":\"WebSite\",\"@id\":\"https:\/\/bursashop.com\/web\/#website\",\"url\":\"https:\/\/bursashop.com\/web\/\",\"name\":\"Bursa Erotik Shop\",\"description\":\"Bursa Erotik Shop ile g\u00fcvenli, gizli ve kaliteli yeti\u015fkin \u00fcr\u00fcnleri al\u0131\u015fveri\u015fi! Geni\u015f \u00fcr\u00fcn yelpazemizi ke\u015ffedin, hemen sipari\u015f verin\",\"publisher\":{\"@id\":\"https:\/\/bursashop.com\/web\/#organization\"},\"alternateName\":\"Erotik Shop\",\"potentialAction\":[{\"@type\":\"SearchAction\",\"target\":{\"@type\":\"EntryPoint\",\"urlTemplate\":\"https:\/\/bursashop.com\/web\/?s={search_term_string}\"},\"query-input\":{\"@type\":\"PropertyValueSpecification\",\"valueRequired\":true,\"valueName\":\"search_term_string\"}}],\"inLanguage\":\"tr\"},{\"@type\":\"Organization\",\"@id\":\"https:\/\/bursashop.com\/web\/#organization\",\"name\":\"Harem Bursa Erotik Shop\",\"url\":\"https:\/\/bursashop.com\/web\/\",\"logo\":{\"@type\":\"ImageObject\",\"inLanguage\":\"tr\",\"@id\":\"https:\/\/bursashop.com\/web\/#\/schema\/logo\/image\/\",\"url\":\"https:\/\/haremerotikshop.com\/wp-content\/uploads\/2025\/03\/haremsexshop.png\",\"contentUrl\":\"https:\/\/haremerotikshop.com\/wp-content\/uploads\/2025\/03\/haremsexshop.png\",\"width\":400,\"height\":100,\"caption\":\"Harem Bursa Erotik Shop\"},\"image\":{\"@id\":\"https:\/\/bursashop.com\/web\/#\/schema\/logo\/image\/\"},\"sameAs\":[\"https:\/\/x.com\/shopbursa\"],\"publishingPrinciples\":\"https:\/\/hobierotikshop.com.tr\/website1\/mesafeli-satis-sozlesmesi\/\",\"ownershipFundingInfo\":\"https:\/\/hobierotikshop.com.tr\/website1\/contact-us\/\",\"actionableFeedbackPolicy\":\"https:\/\/hobierotikshop.com.tr\/website1\/contact-us\/\",\"correctionsPolicy\":\"https:\/\/hobierotikshop.com.tr\/website1\/mesafeli-satis-sozlesmesi\/\"}]}<\/script>\n<meta property=\"product:brand\" content=\"Best Man\" \/>\n<meta property=\"product:price:amount\" content=\"450.00\" \/>\n<meta property=\"product:price:currency\" content=\"TRY\" \/>\n<meta property=\"og:availability\" content=\"instock\" \/>\n<meta property=\"product:availability\" content=\"instock\" \/>\n<meta property=\"product:retailer_item_id\" content=\"PT-KC1537S\" \/>\n<meta property=\"product:condition\" content=\"new\" \/>\n<!-- \/ Yoast SEO Premium plugin. -->","yoast_head_json":{"title":"Best Man \u00c7ilek Aromal\u0131 Kayganla\u015ft\u0131r\u0131c\u0131 Jel 150 Ml - Bursa Erotik Shop","robots":{"index":"index","follow":"follow","max-snippet":"max-snippet:-1","max-image-preview":"max-image-preview:large","max-video-preview":"max-video-preview:-1"},"canonical":"https:\/\/hobierotikshop.com.tr\/website1\/erotik-shop-urun\/best-man-cilek-aromali-kayganlastirici-jel-150-ml\/","og_locale":"tr_TR","og_type":"article","og_title":"Best Man \u00c7ilek Aromal\u0131 Kayganla\u015ft\u0131r\u0131c\u0131 Jel 150 Ml","og_description":"Best Man B\u00fcy\u00fck Boy \u00c7ilekli Lubricant Jel, cinsel ya\u015fam\u0131n\u0131z\u0131 daha keyifli ve rahat hale getirecek y\u00fcksek kaliteli bir kayganla\u015ft\u0131r\u0131c\u0131 jel olarak \u00f6ne \u00e7\u0131k\u0131yor. Klinik testlerden ge\u00e7mi\u015f, her cilt tipinin kullanabilece\u011fi bu \u00f6zel form\u00fcl, dermatolojik olarak onaylanm\u0131\u015f ve tamamen g\u00fcvenli bir \u015fekilde tasarlanm\u0131\u015ft\u0131r. Su bazl\u0131, ya\u011fs\u0131z yap\u0131s\u0131 ile kullan\u0131m\u0131 son derece rahat olan bu jel, cinsel ili\u015fkinizde ekstra kayganl\u0131k ve konfor sa\u011flar.","og_url":"https:\/\/hobierotikshop.com.tr\/website1\/erotik-shop-urun\/best-man-cilek-aromali-kayganlastirici-jel-150-ml\/","og_site_name":"Bursa Erotik Shop","article_modified_time":"2026-01-26T13:30:23+00:00","og_image":[{"width":1500,"height":1500,"url":"https:\/\/hobierotikshop.com.tr\/website1\/wp-content\/uploads\/2025\/03\/best-man-cilek-aromali-kayganlastirici-jel-150-ml-2646-1.jpg","type":"image\/jpeg"}],"twitter_card":"summary_large_image","twitter_site":"@shopbursa","twitter_misc":{"Fiyat":"&#8378;450,00 KDV DAH\u0130L","Availability":"In stock"},"schema":{"@context":"https:\/\/schema.org","@graph":[{"@type":"WebPage","@id":"https:\/\/hobierotikshop.com.tr\/website1\/erotik-shop-urun\/best-man-cilek-aromali-kayganlastirici-jel-150-ml\/","url":"https:\/\/hobierotikshop.com.tr\/website1\/erotik-shop-urun\/best-man-cilek-aromali-kayganlastirici-jel-150-ml\/","name":"Best Man \u00c7ilek Aromal\u0131 Kayganla\u015ft\u0131r\u0131c\u0131 Jel 150 Ml - Bursa Erotik Shop","isPartOf":{"@id":"https:\/\/bursashop.com\/web\/#website"},"primaryImageOfPage":{"@id":"https:\/\/hobierotikshop.com.tr\/website1\/erotik-shop-urun\/best-man-cilek-aromali-kayganlastirici-jel-150-ml\/#primaryimage"},"image":{"@id":"https:\/\/hobierotikshop.com.tr\/website1\/erotik-shop-urun\/best-man-cilek-aromali-kayganlastirici-jel-150-ml\/#primaryimage"},"thumbnailUrl":"https:\/\/haremerotikshop.com\/site\/wp-content\/uploads\/2025\/03\/best-man-cilek-aromali-kayganlastirici-jel-150-ml-2646-1.jpg","datePublished":"2025-03-17T09:24:22+00:00","dateModified":"2026-01-26T13:30:23+00:00","breadcrumb":{"@id":"https:\/\/hobierotikshop.com.tr\/website1\/erotik-shop-urun\/best-man-cilek-aromali-kayganlastirici-jel-150-ml\/#breadcrumb"},"inLanguage":"tr","potentialAction":[{"@type":"ReadAction","target":["https:\/\/hobierotikshop.com.tr\/website1\/erotik-shop-urun\/best-man-cilek-aromali-kayganlastirici-jel-150-ml\/"]}]},{"@type":"ImageObject","inLanguage":"tr","@id":"https:\/\/hobierotikshop.com.tr\/website1\/erotik-shop-urun\/best-man-cilek-aromali-kayganlastirici-jel-150-ml\/#primaryimage","url":"https:\/\/haremerotikshop.com\/site\/wp-content\/uploads\/2025\/03\/best-man-cilek-aromali-kayganlastirici-jel-150-ml-2646-1.jpg","contentUrl":"https:\/\/haremerotikshop.com\/site\/wp-content\/uploads\/2025\/03\/best-man-cilek-aromali-kayganlastirici-jel-150-ml-2646-1.jpg","width":1500,"height":1500},{"@type":"BreadcrumbList","@id":"https:\/\/hobierotikshop.com.tr\/website1\/erotik-shop-urun\/best-man-cilek-aromali-kayganlastirici-jel-150-ml\/#breadcrumb","itemListElement":[{"@type":"ListItem","position":1,"name":"Anasayfa","item":"https:\/\/hobierotikshop.com.tr\/website1\/"},{"@type":"ListItem","position":2,"name":"Erotik Shop \u00dcr\u00fcnleri","item":"https:\/\/hobierotikshop.com.tr\/website1\/shop\/"},{"@type":"ListItem","position":3,"name":"Best Man \u00c7ilek Aromal\u0131 Kayganla\u015ft\u0131r\u0131c\u0131 Jel 150 Ml"}]},{"@type":"WebSite","@id":"https:\/\/bursashop.com\/web\/#website","url":"https:\/\/bursashop.com\/web\/","name":"Bursa Erotik Shop","description":"Bursa Erotik Shop ile g\u00fcvenli, gizli ve kaliteli yeti\u015fkin \u00fcr\u00fcnleri al\u0131\u015fveri\u015fi! Geni\u015f \u00fcr\u00fcn yelpazemizi ke\u015ffedin, hemen sipari\u015f verin","publisher":{"@id":"https:\/\/bursashop.com\/web\/#organization"},"alternateName":"Erotik Shop","potentialAction":[{"@type":"SearchAction","target":{"@type":"EntryPoint","urlTemplate":"https:\/\/bursashop.com\/web\/?s={search_term_string}"},"query-input":{"@type":"PropertyValueSpecification","valueRequired":true,"valueName":"search_term_string"}}],"inLanguage":"tr"},{"@type":"Organization","@id":"https:\/\/bursashop.com\/web\/#organization","name":"Harem Bursa Erotik Shop","url":"https:\/\/bursashop.com\/web\/","logo":{"@type":"ImageObject","inLanguage":"tr","@id":"https:\/\/bursashop.com\/web\/#\/schema\/logo\/image\/","url":"https:\/\/haremerotikshop.com\/wp-content\/uploads\/2025\/03\/haremsexshop.png","contentUrl":"https:\/\/haremerotikshop.com\/wp-content\/uploads\/2025\/03\/haremsexshop.png","width":400,"height":100,"caption":"Harem Bursa Erotik Shop"},"image":{"@id":"https:\/\/bursashop.com\/web\/#\/schema\/logo\/image\/"},"sameAs":["https:\/\/x.com\/shopbursa"],"publishingPrinciples":"https:\/\/hobierotikshop.com.tr\/website1\/mesafeli-satis-sozlesmesi\/","ownershipFundingInfo":"https:\/\/hobierotikshop.com.tr\/website1\/contact-us\/","actionableFeedbackPolicy":"https:\/\/hobierotikshop.com.tr\/website1\/contact-us\/","correctionsPolicy":"https:\/\/hobierotikshop.com.tr\/website1\/mesafeli-satis-sozlesmesi\/"}]},"product_brand":"Best Man","product_price_amount":"450.00","product_price_currency":"TRY","og_availability":"instock","product_availability":"instock","product_retailer_item_id":"PT-KC1537S","product_condition":"new"},"_links":{"self":[{"href":"https:\/\/haremerotikshop.com\/site\/wp-json\/wp\/v2\/product\/18901","targetHints":{"allow":["GET"]}}],"collection":[{"href":"https:\/\/haremerotikshop.com\/site\/wp-json\/wp\/v2\/product"}],"about":[{"href":"https:\/\/haremerotikshop.com\/site\/wp-json\/wp\/v2\/types\/product"}],"replies":[{"embeddable":true,"href":"https:\/\/haremerotikshop.com\/site\/wp-json\/wp\/v2\/comments?post=18901"}],"version-history":[{"count":0,"href":"https:\/\/haremerotikshop.com\/site\/wp-json\/wp\/v2\/product\/18901\/revisions"}],"wp:featuredmedia":[{"embeddable":true,"href":"https:\/\/haremerotikshop.com\/site\/wp-json\/wp\/v2\/media\/19000"}],"wp:attachment":[{"href":"https:\/\/haremerotikshop.com\/site\/wp-json\/wp\/v2\/media?parent=18901"}],"wp:term":[{"taxonomy":"product_brand","embeddable":true,"href":"https:\/\/haremerotikshop.com\/site\/wp-json\/wp\/v2\/product_brand?post=18901"},{"taxonomy":"product_cat","embeddable":true,"href":"https:\/\/haremerotikshop.com\/site\/wp-json\/wp\/v2\/product_cat?post=18901"},{"taxonomy":"product_tag","embeddable":true,"href":"https:\/\/haremerotikshop.com\/site\/wp-json\/wp\/v2\/product_tag?post=18901"}],"curies":[{"name":"wp","href":"https:\/\/api.w.org\/{rel}","templated":true}]}}