{"id":18904,"date":"2025-03-17T12:24:23","date_gmt":"2025-03-17T09:24:23","guid":{"rendered":"https:\/\/haremerotikshop.com\/site\/?post_type=product&#038;p=18904"},"modified":"2026-01-09T03:09:16","modified_gmt":"2026-01-09T00:09:16","slug":"gold-fly-kadin-uyarici-damla-20ml","status":"publish","type":"product","link":"https:\/\/haremerotikshop.com\/site\/erotik-shop-urun\/gold-fly-kadin-uyarici-damla-20ml\/","title":{"rendered":"Gold Fly Kad\u0131n Uyar\u0131c\u0131 Damla 20Ml."},"content":{"rendered":"<h3 data-start=\"0\" data-end=\"73\"><strong data-start=\"4\" data-end=\"73\">Gold Fly Damla: Kad\u0131nlar \u0130\u00e7in Cinsel Arzuyu Art\u0131r\u0131c\u0131 Do\u011fal Destek<\/strong><\/h3>\n<p data-start=\"75\" data-end=\"471\">Cinsel isteksizlik, bir\u00e7ok kad\u0131n\u0131n ya\u015fad\u0131\u011f\u0131 ve bazen ili\u015fkiyi zorla\u015ft\u0131ran bir durumdur. <strong data-start=\"163\" data-end=\"181\">Gold Fly Damla<\/strong>, kad\u0131nlar\u0131n bu t\u00fcr zorluklarla ba\u015fa \u00e7\u0131kabilmesi i\u00e7in \u00f6zel olarak form\u00fcle edilmi\u015f, do\u011fal i\u00e7eri\u011fe sahip bir \u00fcr\u00fcnd\u00fcr. Cinsel d\u00fcrt\u00fcleri uyand\u0131rmak ve arzu seviyelerini art\u0131rmak i\u00e7in <strong data-start=\"360\" data-end=\"378\">Gold Fly Damla<\/strong>, kad\u0131nlar\u0131n ya\u015fad\u0131\u011f\u0131 cinsel isteksizli\u011fi ortadan kald\u0131rmak amac\u0131yla etkili bir \u00e7\u00f6z\u00fcm sunar.<\/p>\n<hr data-start=\"473\" data-end=\"476\" \/>\n<h3 data-start=\"478\" data-end=\"521\"><strong data-start=\"482\" data-end=\"521\">Gold Fly Damla \u0130\u00e7eri\u011fi ve Faydalar\u0131<\/strong><\/h3>\n<p data-start=\"523\" data-end=\"781\"><strong data-start=\"523\" data-end=\"541\">Gold Fly Damla<\/strong>, kad\u0131nlar\u0131n cinsel isteklerini art\u0131ran ve arzu seviyelerini y\u00fckselten \u00f6zel bir form\u00fcle sahiptir. \u0130\u00e7eri\u011findeki do\u011fal bile\u015fenler sayesinde, kullan\u0131m sonras\u0131 k\u0131sa s\u00fcrede etkisini g\u00f6sterir. \u0130\u015fte <strong data-start=\"733\" data-end=\"751\">Gold Fly Damla<\/strong>&#8216;n\u0131n sundu\u011fu ba\u015fl\u0131ca faydalar:<\/p>\n<h4 data-start=\"783\" data-end=\"817\"><strong data-start=\"788\" data-end=\"817\">1. Cinsel Arzuyu Art\u0131rma:<\/strong><\/h4>\n<p data-start=\"818\" data-end=\"1037\">Gold Fly Damla, cinsel d\u00fcrt\u00fcleri harekete ge\u00e7irir ve arzu seviyelerini art\u0131r\u0131r. <strong data-start=\"898\" data-end=\"920\">Cinsel isteksizlik<\/strong> ya\u015fayan kad\u0131nlar i\u00e7in etkili bir \u00e7\u00f6z\u00fcm sunarak, partnerinizle daha tatmin edici bir ili\u015fki ya\u015faman\u0131za yard\u0131mc\u0131 olur.<\/p>\n<h4 data-start=\"1039\" data-end=\"1066\"><strong data-start=\"1044\" data-end=\"1066\">2. Kolay Kullan\u0131m:<\/strong><\/h4>\n<p data-start=\"1067\" data-end=\"1278\">Gold Fly Damla, <strong data-start=\"1083\" data-end=\"1117\">alkols\u00fcz ve asitsiz i\u00e7eceklere<\/strong> kolayca eklenebilir. Kokusuz, tats\u0131z ve renksiz yap\u0131s\u0131 ile i\u00e7eceklere kar\u0131\u015ft\u0131r\u0131ld\u0131\u011f\u0131nda hissedilmez, b\u00f6ylece kullan\u0131m s\u0131ras\u0131nda herhangi bir rahats\u0131zl\u0131k vermez.<\/p>\n<h4 data-start=\"1280\" data-end=\"1303\"><strong data-start=\"1285\" data-end=\"1303\">3. H\u0131zl\u0131 Etki:<\/strong><\/h4>\n<p data-start=\"1304\" data-end=\"1454\">\u00dcr\u00fcn\u00fc <strong data-start=\"1310\" data-end=\"1323\">30 dakika<\/strong> \u00f6nceden kullanman\u0131z yeterlidir. Elde edilen h\u0131zl\u0131 etki, arzu seviyenizin artmas\u0131n\u0131 sa\u011flayarak, cinsel deneyiminizi zenginle\u015ftirir.<\/p>\n<h4 data-start=\"1456\" data-end=\"1492\"><strong data-start=\"1461\" data-end=\"1492\">4. G\u00fcvenli ve Do\u011fal \u0130\u00e7erik:<\/strong><\/h4>\n<p data-start=\"1493\" data-end=\"1672\">Gold Fly Damla, tamamen do\u011fal ve g\u00fcvenli i\u00e7eriklerden \u00fcretilmi\u015ftir. Kad\u0131nlar i\u00e7in \u00f6zel olarak tasarlanm\u0131\u015f bu damla, sa\u011fl\u0131\u011f\u0131n\u0131za zarar vermeden cinsel iste\u011finizi art\u0131rmay\u0131 ama\u00e7lar.<\/p>\n<hr data-start=\"1674\" data-end=\"1677\" \/>\n<h3 data-start=\"1679\" data-end=\"1723\"><strong data-start=\"1683\" data-end=\"1723\">Gold Fly Damla Kullan\u0131m Talimatlar\u0131:<\/strong><\/h3>\n<p data-start=\"1725\" data-end=\"1864\"><strong data-start=\"1725\" data-end=\"1743\">Gold Fly Damla<\/strong>, kullan\u0131m\u0131 son derece basit ve pratiktir. \u0130htiyac\u0131n\u0131za g\u00f6re etkili ve h\u0131zl\u0131 bir \u00e7\u00f6z\u00fcm sa\u011flar. \u0130\u015fte kullan\u0131m talimatlar\u0131:<\/p>\n<ol data-start=\"1866\" data-end=\"2135\">\n<li data-start=\"1866\" data-end=\"1962\"><strong data-start=\"1869\" data-end=\"1882\">5-7 damla<\/strong> Gold Fly Damla&#8217;y\u0131 <strong data-start=\"1901\" data-end=\"1934\">alkols\u00fcz, asitsiz bir i\u00e7ece\u011fe<\/strong> (so\u011fuk veya s\u0131cak) ekleyin.<\/li>\n<li data-start=\"1963\" data-end=\"2018\">Kar\u0131\u015ft\u0131r\u0131n ve <strong data-start=\"1980\" data-end=\"1993\">30 dakika<\/strong> sonra etkisini hissedin.<\/li>\n<li data-start=\"2019\" data-end=\"2135\">Kokusuz, renksiz ve tats\u0131z yap\u0131s\u0131 sayesinde i\u00e7ece\u011finizde hi\u00e7bir de\u011fi\u015fiklik olmayacak ve rahat\u00e7a t\u00fcketebilirsiniz.<\/li>\n<\/ol>\n<hr data-start=\"2137\" data-end=\"2140\" \/>\n<h3 data-start=\"2142\" data-end=\"2187\"><strong data-start=\"2146\" data-end=\"2187\">Gold Fly Damla Neden Tercih Edilmeli?<\/strong><\/h3>\n<ul data-start=\"2189\" data-end=\"2702\">\n<li data-start=\"2189\" data-end=\"2296\"><strong data-start=\"2191\" data-end=\"2217\">Cinsel Arzuyu Art\u0131r\u0131r:<\/strong> Cinsel isteksizlik ve arzu kayb\u0131 ya\u015fayan kad\u0131nlar i\u00e7in etkili bir \u00e7\u00f6z\u00fcm sunar.<\/li>\n<li data-start=\"2297\" data-end=\"2402\"><strong data-start=\"2299\" data-end=\"2318\">Kolay Kullan\u0131m:<\/strong> Kokusuz, renksiz ve tats\u0131z yap\u0131s\u0131 ile i\u00e7eceklerde herhangi bir de\u011fi\u015fiklik yaratmaz.<\/li>\n<li data-start=\"2403\" data-end=\"2512\"><strong data-start=\"2405\" data-end=\"2420\">H\u0131zl\u0131 Etki:<\/strong> Kullan\u0131mdan <strong data-start=\"2433\" data-end=\"2446\">30 dakika<\/strong> sonra etkisini g\u00f6stererek, cinsel d\u00fcrt\u00fclerinizi harekete ge\u00e7irir.<\/li>\n<li data-start=\"2513\" data-end=\"2610\"><strong data-start=\"2515\" data-end=\"2544\">Sa\u011fl\u0131kl\u0131 ve Do\u011fal \u0130\u00e7erik:<\/strong> Alt yap\u0131s\u0131 tamamen do\u011fal ve zarars\u0131z bile\u015fenlerle haz\u0131rlanm\u0131\u015ft\u0131r.<\/li>\n<li data-start=\"2611\" data-end=\"2702\"><strong data-start=\"2613\" data-end=\"2634\">Pratik ve Etkili:<\/strong> \u0130htiyac\u0131n\u0131za g\u00f6re h\u0131zl\u0131 \u00e7\u00f6z\u00fcm sunar, g\u00fcnl\u00fck kullan\u0131m i\u00e7in uygundur.<\/li>\n<\/ul>\n<hr data-start=\"2704\" data-end=\"2707\" \/>\n<h3 data-start=\"2709\" data-end=\"2768\"><strong data-start=\"2713\" data-end=\"2768\">Gold Fly Damla ile Cinsel Ya\u015fam\u0131n\u0131z\u0131 Zenginle\u015ftirin<\/strong><\/h3>\n<p data-start=\"2770\" data-end=\"3157\">Gold Fly Damla, kad\u0131nlar i\u00e7in \u00f6zel olarak tasarlanm\u0131\u015f, cinsel isteksizli\u011fi ortadan kald\u0131ran ve arzu seviyesini art\u0131ran etkili bir \u00fcr\u00fcnd\u00fcr. E\u015finizle daha keyifli ve heyecanl\u0131 anlar ya\u015faman\u0131z\u0131 sa\u011flarken, arzu seviyenizin y\u00fckselmesine yard\u0131mc\u0131 olur. E\u011fer cinsel isteksizlik ya\u015f\u0131yorsan\u0131z ve daha tatmin edici bir ili\u015fki ar\u0131yorsan\u0131z, <strong data-start=\"3099\" data-end=\"3117\">Gold Fly Damla<\/strong> sizin i\u00e7in m\u00fckemmel bir \u00e7\u00f6z\u00fcm olabilir.<\/p>\n<p data-start=\"3159\" data-end=\"3264\" data-is-last-node=\"\" data-is-only-node=\"\"><strong data-start=\"3159\" data-end=\"3183\">\u015eimdi Gold Fly Damla<\/strong> ile cinsel ya\u015fam\u0131n\u0131za yeni bir heyecan kat\u0131n, daha fazla zevk ve tatmin ya\u015fay\u0131n!<\/p>\n","protected":false},"excerpt":{"rendered":"<p>Cinsel isteksizlik, bir\u00e7ok kad\u0131n\u0131n ya\u015fad\u0131\u011f\u0131 ve bazen ili\u015fkiyi zorla\u015ft\u0131ran bir durumdur. <strong data-start=\"163\" data-end=\"181\">Gold Fly Damla<\/strong>, kad\u0131nlar\u0131n bu t\u00fcr zorluklarla ba\u015fa \u00e7\u0131kabilmesi i\u00e7in \u00f6zel olarak form\u00fcle edilmi\u015f, do\u011fal i\u00e7eri\u011fe sahip bir \u00fcr\u00fcnd\u00fcr. Cinsel d\u00fcrt\u00fcleri uyand\u0131rmak ve arzu seviyelerini art\u0131rmak i\u00e7in <strong data-start=\"360\" data-end=\"378\">Gold Fly Damla<\/strong>, kad\u0131nlar\u0131n ya\u015fad\u0131\u011f\u0131 cinsel isteksizli\u011fi ortadan kald\u0131rmak amac\u0131yla etkili bir \u00e7\u00f6z\u00fcm sunar.<\/p>\n","protected":false},"featured_media":19009,"comment_status":"open","ping_status":"closed","template":"","meta":[],"product_brand":[170],"product_cat":[72],"product_tag":[235],"class_list":{"0":"post-18904","1":"product","2":"type-product","3":"status-publish","4":"has-post-thumbnail","6":"product_brand-cabs","7":"product_cat-erkekler-icin","8":"product_tag-gold-fly-kadin-uyarici-damla-20ml","10":"first","11":"instock","12":"taxable","13":"shipping-taxable","14":"purchasable","15":"product-type-simple"},"yoast_head":"<!-- This site is optimized with the Yoast SEO Premium plugin v24.4 (Yoast SEO v27.1.1) - https:\/\/yoast.com\/product\/yoast-seo-premium-wordpress\/ -->\n<title>Gold Fly Kad\u0131n Uyar\u0131c\u0131 Damla 20Ml. - Bursa Erotik Shop<\/title>\n<meta name=\"robots\" content=\"index, follow, max-snippet:-1, max-image-preview:large, max-video-preview:-1\" \/>\n<link rel=\"canonical\" href=\"https:\/\/hobierotikshop.com.tr\/website1\/erotik-shop-urun\/gold-fly-kadin-uyarici-damla-20ml\/\" \/>\n<meta property=\"og:locale\" content=\"tr_TR\" \/>\n<meta property=\"og:type\" content=\"article\" \/>\n<meta property=\"og:title\" content=\"Gold Fly Kad\u0131n Uyar\u0131c\u0131 Damla 20Ml.\" \/>\n<meta property=\"og:description\" content=\"Cinsel isteksizlik, bir\u00e7ok kad\u0131n\u0131n ya\u015fad\u0131\u011f\u0131 ve bazen ili\u015fkiyi zorla\u015ft\u0131ran bir durumdur. Gold Fly Damla, kad\u0131nlar\u0131n bu t\u00fcr zorluklarla ba\u015fa \u00e7\u0131kabilmesi i\u00e7in \u00f6zel olarak form\u00fcle edilmi\u015f, do\u011fal i\u00e7eri\u011fe sahip bir \u00fcr\u00fcnd\u00fcr. Cinsel d\u00fcrt\u00fcleri uyand\u0131rmak ve arzu seviyelerini art\u0131rmak i\u00e7in Gold Fly Damla, kad\u0131nlar\u0131n ya\u015fad\u0131\u011f\u0131 cinsel isteksizli\u011fi ortadan kald\u0131rmak amac\u0131yla etkili bir \u00e7\u00f6z\u00fcm sunar.\" \/>\n<meta property=\"og:url\" content=\"https:\/\/hobierotikshop.com.tr\/website1\/erotik-shop-urun\/gold-fly-kadin-uyarici-damla-20ml\/\" \/>\n<meta property=\"og:site_name\" content=\"Bursa Erotik Shop\" \/>\n<meta property=\"article:modified_time\" content=\"2026-01-09T00:09:16+00:00\" \/>\n<meta property=\"og:image\" content=\"https:\/\/hobierotikshop.com.tr\/website1\/wp-content\/uploads\/2025\/03\/gold-fly-kadin-uyarici-damla-20ml-46.jpg\" \/>\n\t<meta property=\"og:image:width\" content=\"1000\" \/>\n\t<meta property=\"og:image:height\" content=\"1099\" \/>\n\t<meta property=\"og:image:type\" content=\"image\/jpeg\" \/>\n<meta name=\"twitter:card\" content=\"summary_large_image\" \/>\n<meta name=\"twitter:site\" content=\"@shopbursa\" \/>\n<meta name=\"twitter:label1\" content=\"Fiyat\" \/>\n\t<meta name=\"twitter:data1\" content=\"&#8378;300,00 KDV DAH\u0130L\" \/>\n\t<meta name=\"twitter:label2\" content=\"Availability\" \/>\n\t<meta name=\"twitter:data2\" content=\"In stock\" \/>\n<script type=\"application\/ld+json\" class=\"yoast-schema-graph\">{\"@context\":\"https:\/\/schema.org\",\"@graph\":[{\"@type\":\"WebPage\",\"@id\":\"https:\/\/hobierotikshop.com.tr\/website1\/erotik-shop-urun\/gold-fly-kadin-uyarici-damla-20ml\/\",\"url\":\"https:\/\/hobierotikshop.com.tr\/website1\/erotik-shop-urun\/gold-fly-kadin-uyarici-damla-20ml\/\",\"name\":\"Gold Fly Kad\u0131n Uyar\u0131c\u0131 Damla 20Ml. - Bursa Erotik Shop\",\"isPartOf\":{\"@id\":\"https:\/\/hobierotikshop.com.tr\/website1\/#website\"},\"primaryImageOfPage\":{\"@id\":\"https:\/\/hobierotikshop.com.tr\/website1\/erotik-shop-urun\/gold-fly-kadin-uyarici-damla-20ml\/#primaryimage\"},\"image\":{\"@id\":\"https:\/\/hobierotikshop.com.tr\/website1\/erotik-shop-urun\/gold-fly-kadin-uyarici-damla-20ml\/#primaryimage\"},\"thumbnailUrl\":\"https:\/\/haremerotikshop.com\/site\/wp-content\/uploads\/2025\/03\/gold-fly-kadin-uyarici-damla-20ml-46.jpg\",\"datePublished\":\"2025-03-17T09:24:23+00:00\",\"dateModified\":\"2026-01-09T00:09:16+00:00\",\"breadcrumb\":{\"@id\":\"https:\/\/hobierotikshop.com.tr\/website1\/erotik-shop-urun\/gold-fly-kadin-uyarici-damla-20ml\/#breadcrumb\"},\"inLanguage\":\"tr\",\"potentialAction\":[{\"@type\":\"ReadAction\",\"target\":[\"https:\/\/hobierotikshop.com.tr\/website1\/erotik-shop-urun\/gold-fly-kadin-uyarici-damla-20ml\/\"]}]},{\"@type\":\"ImageObject\",\"inLanguage\":\"tr\",\"@id\":\"https:\/\/hobierotikshop.com.tr\/website1\/erotik-shop-urun\/gold-fly-kadin-uyarici-damla-20ml\/#primaryimage\",\"url\":\"https:\/\/haremerotikshop.com\/site\/wp-content\/uploads\/2025\/03\/gold-fly-kadin-uyarici-damla-20ml-46.jpg\",\"contentUrl\":\"https:\/\/haremerotikshop.com\/site\/wp-content\/uploads\/2025\/03\/gold-fly-kadin-uyarici-damla-20ml-46.jpg\",\"width\":1000,\"height\":1099},{\"@type\":\"BreadcrumbList\",\"@id\":\"https:\/\/hobierotikshop.com.tr\/website1\/erotik-shop-urun\/gold-fly-kadin-uyarici-damla-20ml\/#breadcrumb\",\"itemListElement\":[{\"@type\":\"ListItem\",\"position\":1,\"name\":\"Anasayfa\",\"item\":\"https:\/\/hobierotikshop.com.tr\/website1\/\"},{\"@type\":\"ListItem\",\"position\":2,\"name\":\"Erotik Shop \u00dcr\u00fcnleri\",\"item\":\"https:\/\/hobierotikshop.com.tr\/website1\/shop\/\"},{\"@type\":\"ListItem\",\"position\":3,\"name\":\"Gold Fly Kad\u0131n Uyar\u0131c\u0131 Damla 20Ml.\"}]},{\"@type\":\"WebSite\",\"@id\":\"https:\/\/hobierotikshop.com.tr\/website1\/#website\",\"url\":\"https:\/\/hobierotikshop.com.tr\/website1\/\",\"name\":\"Bursa Erotik Shop\",\"description\":\"Bursa Erotik Shop ile g\u00fcvenli, gizli ve kaliteli yeti\u015fkin \u00fcr\u00fcnleri al\u0131\u015fveri\u015fi! Geni\u015f \u00fcr\u00fcn yelpazemizi ke\u015ffedin, hemen sipari\u015f verin\",\"publisher\":{\"@id\":\"https:\/\/hobierotikshop.com.tr\/website1\/#organization\"},\"alternateName\":\"Erotik Shop\",\"potentialAction\":[{\"@type\":\"SearchAction\",\"target\":{\"@type\":\"EntryPoint\",\"urlTemplate\":\"https:\/\/hobierotikshop.com.tr\/website1\/?s={search_term_string}\"},\"query-input\":{\"@type\":\"PropertyValueSpecification\",\"valueRequired\":true,\"valueName\":\"search_term_string\"}}],\"inLanguage\":\"tr\"},{\"@type\":\"Organization\",\"@id\":\"https:\/\/hobierotikshop.com.tr\/website1\/#organization\",\"name\":\"Harem Bursa Erotik Shop\",\"url\":\"https:\/\/hobierotikshop.com.tr\/website1\/\",\"logo\":{\"@type\":\"ImageObject\",\"inLanguage\":\"tr\",\"@id\":\"https:\/\/hobierotikshop.com.tr\/website1\/#\/schema\/logo\/image\/\",\"url\":\"https:\/\/haremerotikshop.com\/site\/wp-content\/uploads\/2025\/03\/haremsexshop.png\",\"contentUrl\":\"https:\/\/haremerotikshop.com\/site\/wp-content\/uploads\/2025\/03\/haremsexshop.png\",\"width\":400,\"height\":100,\"caption\":\"Harem Bursa Erotik Shop\"},\"image\":{\"@id\":\"https:\/\/hobierotikshop.com.tr\/website1\/#\/schema\/logo\/image\/\"},\"sameAs\":[\"https:\/\/x.com\/shopbursa\"],\"publishingPrinciples\":\"https:\/\/hobierotikshop.com.tr\/website1\/mesafeli-satis-sozlesmesi\/\",\"ownershipFundingInfo\":\"https:\/\/hobierotikshop.com.tr\/website1\/contact-us\/\",\"actionableFeedbackPolicy\":\"https:\/\/hobierotikshop.com.tr\/website1\/contact-us\/\",\"correctionsPolicy\":\"https:\/\/hobierotikshop.com.tr\/website1\/mesafeli-satis-sozlesmesi\/\"}]}<\/script>\n<meta property=\"product:brand\" content=\"Cabs\" \/>\n<meta property=\"product:price:amount\" content=\"300.00\" \/>\n<meta property=\"product:price:currency\" content=\"TRY\" \/>\n<meta property=\"og:availability\" content=\"instock\" \/>\n<meta property=\"product:availability\" content=\"instock\" \/>\n<meta property=\"product:retailer_item_id\" content=\"PT-KC5072\" \/>\n<meta property=\"product:condition\" content=\"new\" \/>\n<!-- \/ Yoast SEO Premium plugin. -->","yoast_head_json":{"title":"Gold Fly Kad\u0131n Uyar\u0131c\u0131 Damla 20Ml. - Bursa Erotik Shop","robots":{"index":"index","follow":"follow","max-snippet":"max-snippet:-1","max-image-preview":"max-image-preview:large","max-video-preview":"max-video-preview:-1"},"canonical":"https:\/\/hobierotikshop.com.tr\/website1\/erotik-shop-urun\/gold-fly-kadin-uyarici-damla-20ml\/","og_locale":"tr_TR","og_type":"article","og_title":"Gold Fly Kad\u0131n Uyar\u0131c\u0131 Damla 20Ml.","og_description":"Cinsel isteksizlik, bir\u00e7ok kad\u0131n\u0131n ya\u015fad\u0131\u011f\u0131 ve bazen ili\u015fkiyi zorla\u015ft\u0131ran bir durumdur. Gold Fly Damla, kad\u0131nlar\u0131n bu t\u00fcr zorluklarla ba\u015fa \u00e7\u0131kabilmesi i\u00e7in \u00f6zel olarak form\u00fcle edilmi\u015f, do\u011fal i\u00e7eri\u011fe sahip bir \u00fcr\u00fcnd\u00fcr. Cinsel d\u00fcrt\u00fcleri uyand\u0131rmak ve arzu seviyelerini art\u0131rmak i\u00e7in Gold Fly Damla, kad\u0131nlar\u0131n ya\u015fad\u0131\u011f\u0131 cinsel isteksizli\u011fi ortadan kald\u0131rmak amac\u0131yla etkili bir \u00e7\u00f6z\u00fcm sunar.","og_url":"https:\/\/hobierotikshop.com.tr\/website1\/erotik-shop-urun\/gold-fly-kadin-uyarici-damla-20ml\/","og_site_name":"Bursa Erotik Shop","article_modified_time":"2026-01-09T00:09:16+00:00","og_image":[{"width":1000,"height":1099,"url":"https:\/\/hobierotikshop.com.tr\/website1\/wp-content\/uploads\/2025\/03\/gold-fly-kadin-uyarici-damla-20ml-46.jpg","type":"image\/jpeg"}],"twitter_card":"summary_large_image","twitter_site":"@shopbursa","twitter_misc":{"Fiyat":"&#8378;300,00 KDV DAH\u0130L","Availability":"In stock"},"schema":{"@context":"https:\/\/schema.org","@graph":[{"@type":"WebPage","@id":"https:\/\/hobierotikshop.com.tr\/website1\/erotik-shop-urun\/gold-fly-kadin-uyarici-damla-20ml\/","url":"https:\/\/hobierotikshop.com.tr\/website1\/erotik-shop-urun\/gold-fly-kadin-uyarici-damla-20ml\/","name":"Gold Fly Kad\u0131n Uyar\u0131c\u0131 Damla 20Ml. - Bursa Erotik Shop","isPartOf":{"@id":"https:\/\/hobierotikshop.com.tr\/website1\/#website"},"primaryImageOfPage":{"@id":"https:\/\/hobierotikshop.com.tr\/website1\/erotik-shop-urun\/gold-fly-kadin-uyarici-damla-20ml\/#primaryimage"},"image":{"@id":"https:\/\/hobierotikshop.com.tr\/website1\/erotik-shop-urun\/gold-fly-kadin-uyarici-damla-20ml\/#primaryimage"},"thumbnailUrl":"https:\/\/haremerotikshop.com\/site\/wp-content\/uploads\/2025\/03\/gold-fly-kadin-uyarici-damla-20ml-46.jpg","datePublished":"2025-03-17T09:24:23+00:00","dateModified":"2026-01-09T00:09:16+00:00","breadcrumb":{"@id":"https:\/\/hobierotikshop.com.tr\/website1\/erotik-shop-urun\/gold-fly-kadin-uyarici-damla-20ml\/#breadcrumb"},"inLanguage":"tr","potentialAction":[{"@type":"ReadAction","target":["https:\/\/hobierotikshop.com.tr\/website1\/erotik-shop-urun\/gold-fly-kadin-uyarici-damla-20ml\/"]}]},{"@type":"ImageObject","inLanguage":"tr","@id":"https:\/\/hobierotikshop.com.tr\/website1\/erotik-shop-urun\/gold-fly-kadin-uyarici-damla-20ml\/#primaryimage","url":"https:\/\/haremerotikshop.com\/site\/wp-content\/uploads\/2025\/03\/gold-fly-kadin-uyarici-damla-20ml-46.jpg","contentUrl":"https:\/\/haremerotikshop.com\/site\/wp-content\/uploads\/2025\/03\/gold-fly-kadin-uyarici-damla-20ml-46.jpg","width":1000,"height":1099},{"@type":"BreadcrumbList","@id":"https:\/\/hobierotikshop.com.tr\/website1\/erotik-shop-urun\/gold-fly-kadin-uyarici-damla-20ml\/#breadcrumb","itemListElement":[{"@type":"ListItem","position":1,"name":"Anasayfa","item":"https:\/\/hobierotikshop.com.tr\/website1\/"},{"@type":"ListItem","position":2,"name":"Erotik Shop \u00dcr\u00fcnleri","item":"https:\/\/hobierotikshop.com.tr\/website1\/shop\/"},{"@type":"ListItem","position":3,"name":"Gold Fly Kad\u0131n Uyar\u0131c\u0131 Damla 20Ml."}]},{"@type":"WebSite","@id":"https:\/\/hobierotikshop.com.tr\/website1\/#website","url":"https:\/\/hobierotikshop.com.tr\/website1\/","name":"Bursa Erotik Shop","description":"Bursa Erotik Shop ile g\u00fcvenli, gizli ve kaliteli yeti\u015fkin \u00fcr\u00fcnleri al\u0131\u015fveri\u015fi! Geni\u015f \u00fcr\u00fcn yelpazemizi ke\u015ffedin, hemen sipari\u015f verin","publisher":{"@id":"https:\/\/hobierotikshop.com.tr\/website1\/#organization"},"alternateName":"Erotik Shop","potentialAction":[{"@type":"SearchAction","target":{"@type":"EntryPoint","urlTemplate":"https:\/\/hobierotikshop.com.tr\/website1\/?s={search_term_string}"},"query-input":{"@type":"PropertyValueSpecification","valueRequired":true,"valueName":"search_term_string"}}],"inLanguage":"tr"},{"@type":"Organization","@id":"https:\/\/hobierotikshop.com.tr\/website1\/#organization","name":"Harem Bursa Erotik Shop","url":"https:\/\/hobierotikshop.com.tr\/website1\/","logo":{"@type":"ImageObject","inLanguage":"tr","@id":"https:\/\/hobierotikshop.com.tr\/website1\/#\/schema\/logo\/image\/","url":"https:\/\/haremerotikshop.com\/site\/wp-content\/uploads\/2025\/03\/haremsexshop.png","contentUrl":"https:\/\/haremerotikshop.com\/site\/wp-content\/uploads\/2025\/03\/haremsexshop.png","width":400,"height":100,"caption":"Harem Bursa Erotik Shop"},"image":{"@id":"https:\/\/hobierotikshop.com.tr\/website1\/#\/schema\/logo\/image\/"},"sameAs":["https:\/\/x.com\/shopbursa"],"publishingPrinciples":"https:\/\/hobierotikshop.com.tr\/website1\/mesafeli-satis-sozlesmesi\/","ownershipFundingInfo":"https:\/\/hobierotikshop.com.tr\/website1\/contact-us\/","actionableFeedbackPolicy":"https:\/\/hobierotikshop.com.tr\/website1\/contact-us\/","correctionsPolicy":"https:\/\/hobierotikshop.com.tr\/website1\/mesafeli-satis-sozlesmesi\/"}]},"product_brand":"Cabs","product_price_amount":"300.00","product_price_currency":"TRY","og_availability":"instock","product_availability":"instock","product_retailer_item_id":"PT-KC5072","product_condition":"new"},"_links":{"self":[{"href":"https:\/\/haremerotikshop.com\/site\/wp-json\/wp\/v2\/product\/18904","targetHints":{"allow":["GET"]}}],"collection":[{"href":"https:\/\/haremerotikshop.com\/site\/wp-json\/wp\/v2\/product"}],"about":[{"href":"https:\/\/haremerotikshop.com\/site\/wp-json\/wp\/v2\/types\/product"}],"replies":[{"embeddable":true,"href":"https:\/\/haremerotikshop.com\/site\/wp-json\/wp\/v2\/comments?post=18904"}],"version-history":[{"count":0,"href":"https:\/\/haremerotikshop.com\/site\/wp-json\/wp\/v2\/product\/18904\/revisions"}],"wp:featuredmedia":[{"embeddable":true,"href":"https:\/\/haremerotikshop.com\/site\/wp-json\/wp\/v2\/media\/19009"}],"wp:attachment":[{"href":"https:\/\/haremerotikshop.com\/site\/wp-json\/wp\/v2\/media?parent=18904"}],"wp:term":[{"taxonomy":"product_brand","embeddable":true,"href":"https:\/\/haremerotikshop.com\/site\/wp-json\/wp\/v2\/product_brand?post=18904"},{"taxonomy":"product_cat","embeddable":true,"href":"https:\/\/haremerotikshop.com\/site\/wp-json\/wp\/v2\/product_cat?post=18904"},{"taxonomy":"product_tag","embeddable":true,"href":"https:\/\/haremerotikshop.com\/site\/wp-json\/wp\/v2\/product_tag?post=18904"}],"curies":[{"name":"wp","href":"https:\/\/api.w.org\/{rel}","templated":true}]}}