{"id":18927,"date":"2025-03-17T12:24:46","date_gmt":"2025-03-17T09:24:46","guid":{"rendered":"https:\/\/haremerotikshop.com\/site\/?post_type=product&#038;p=18927"},"modified":"2026-01-09T03:09:15","modified_gmt":"2026-01-09T00:09:15","slug":"happy-hours-kadin-uyarici-damla-20ml","status":"publish","type":"product","link":"https:\/\/haremerotikshop.com\/site\/erotik-shop-urun\/happy-hours-kadin-uyarici-damla-20ml\/","title":{"rendered":"Happy Hours Kad\u0131n Uyar\u0131c\u0131 Damla 20Ml."},"content":{"rendered":"<h3 data-start=\"0\" data-end=\"87\"><strong data-start=\"4\" data-end=\"87\">Happy Hours Damla: Kad\u0131nlar \u0130\u00e7in Cinsel \u0130stek Art\u0131r\u0131c\u0131 ve Performans Y\u00fckseltici<\/strong><\/h3>\n<p data-start=\"89\" data-end=\"498\"><strong data-start=\"89\" data-end=\"110\">Happy Hours Damla<\/strong>, kad\u0131nlar\u0131n cinsel isteksizlik ve so\u011fukluk sorunlar\u0131na y\u00f6nelik \u00f6zel olarak form\u00fcle edilmi\u015f, etkili ve pratik bir \u00e7\u00f6z\u00fcmd\u00fcr. Cinsel iste\u011finizi art\u0131rmak ve partnerinizle ya\u015fad\u0131\u011f\u0131n\u0131z deneyimleri daha tutkulu hale getirmek i\u00e7in geli\u015ftirilmi\u015f bu damla, sadece arzular\u0131n\u0131z\u0131 de\u011fil, performans\u0131n\u0131z\u0131 da y\u00fckseltmeye yard\u0131mc\u0131 olur. Kendinizi daha enerjik, arzulayan ve heyecanl\u0131 hissetmenizi sa\u011flar.<\/p>\n<hr data-start=\"500\" data-end=\"503\" \/>\n<h3 data-start=\"505\" data-end=\"556\"><strong data-start=\"509\" data-end=\"556\">Happy Hours Damla \u00d6zellikleri ve Faydalar\u0131:<\/strong><\/h3>\n<h4 data-start=\"558\" data-end=\"597\"><strong data-start=\"563\" data-end=\"597\">1. Cinsel \u0130stek Art\u0131r\u0131c\u0131 Etki:<\/strong><\/h4>\n<p data-start=\"598\" data-end=\"894\">Happy Hours Damla, kad\u0131nlar\u0131n cinsel isteksizliklerini gidermeye yard\u0131mc\u0131 olarak, <strong data-start=\"680\" data-end=\"697\">cinsel arzuyu<\/strong> art\u0131r\u0131r. \u0130\u00e7eri\u011findeki do\u011fal bile\u015fenler, v\u00fccudunuzda ve zihninizdeki engelleri kald\u0131rarak, cinsel hayat\u0131n\u0131z\u0131 yeniden alevlendirir. Her kullan\u0131mda, partnerinizle daha tutkulu anlar ya\u015fayabilirsiniz.<\/p>\n<h4 data-start=\"896\" data-end=\"936\"><strong data-start=\"901\" data-end=\"936\">2. Performans Art\u0131r\u0131c\u0131 \u00d6zellik:<\/strong><\/h4>\n<p data-start=\"937\" data-end=\"1236\">Sadece arzular\u0131n\u0131z\u0131 art\u0131rmakla kalmaz, ayn\u0131 zamanda <strong data-start=\"989\" data-end=\"1008\">performans\u0131n\u0131z\u0131<\/strong> da y\u00fckseltir. Cinsel ili\u015fkiler s\u0131ras\u0131nda kendinizi daha \u00f6zg\u00fcr ve g\u00fc\u00e7l\u00fc hissedersiniz. \u0130\u00e7eri\u011findeki etken maddeler, v\u00fccudunuzun do\u011fal tepkilerini harekete ge\u00e7irerek, daha uzun ve tatmin edici bir deneyim ya\u015faman\u0131za olanak tan\u0131r.<\/p>\n<h4 data-start=\"1238\" data-end=\"1275\"><strong data-start=\"1243\" data-end=\"1275\">3. Kolay ve Pratik Kullan\u0131m:<\/strong><\/h4>\n<p data-start=\"1276\" data-end=\"1661\">Happy Hours Damla&#8217;n\u0131n en b\u00fcy\u00fck avantajlar\u0131ndan biri, <strong data-start=\"1329\" data-end=\"1347\">kolay kullan\u0131m<\/strong>d\u0131r. Alkols\u00fcz herhangi bir i\u00e7ecek ile kullan\u0131labilmesi sayesinde, <strong data-start=\"1413\" data-end=\"1426\">5-7 damla<\/strong> ekleyerek, h\u0131zla etkisini g\u00f6rebilirsiniz. Tat ve koku i\u00e7ermemesi sayesinde i\u00e7ece\u011finizde herhangi bir de\u011fi\u015fiklik olmaz ve tamamen normal i\u00e7ece\u011finiz gibi t\u00fcketebilirsiniz. Cinsel ili\u015fkiden yakla\u015f\u0131k <strong data-start=\"1623\" data-end=\"1641\">30 dakika \u00f6nce<\/strong> alman\u0131z yeterlidir.<\/p>\n<h4 data-start=\"1663\" data-end=\"1702\"><strong data-start=\"1668\" data-end=\"1702\">4. Sa\u011fl\u0131kl\u0131 ve G\u00fcvenli \u0130\u00e7erik:<\/strong><\/h4>\n<p data-start=\"1703\" data-end=\"1990\">Happy Hours Damla, <strong data-start=\"1722\" data-end=\"1743\">tats\u0131z ve kokusuz<\/strong> form\u00fcl\u00fc sayesinde i\u00e7ece\u011finizde fark edilmez. Tamamen do\u011fal i\u00e7eriklerle \u00fcretilmi\u015f olup, <strong data-start=\"1831\" data-end=\"1863\">sa\u011fl\u0131\u011fa zararl\u0131 hi\u00e7bir madde<\/strong> i\u00e7ermez. Bu, \u00fcr\u00fcn\u00fcn g\u00fcvenli kullan\u0131m\u0131n\u0131 garanti eder ve d\u00fczenli kullan\u0131mda da herhangi bir olumsuz etkiden ka\u00e7\u0131nman\u0131z\u0131 sa\u011flar.<\/p>\n<h4 data-start=\"1992\" data-end=\"2026\"><strong data-start=\"1997\" data-end=\"2026\">5. Etkili ve H\u0131zl\u0131 \u00c7\u00f6z\u00fcm:<\/strong><\/h4>\n<p data-start=\"2027\" data-end=\"2240\">Pratik kullan\u0131m\u0131 sayesinde, <strong data-start=\"2055\" data-end=\"2069\">\u00e7abuk etki<\/strong> g\u00f6steren Happy Hours Damla, etkisini h\u0131zla g\u00f6sterir. Cinsel ili\u015fki \u00f6ncesinde i\u00e7ece\u011finize eklemeniz gereken 5-7 damla, sizi daha fazla haz ve zevk i\u00e7in haz\u0131r hale getirir.<\/p>\n<hr data-start=\"2242\" data-end=\"2245\" \/>\n<h3 data-start=\"2247\" data-end=\"2276\"><strong data-start=\"2251\" data-end=\"2276\">Kullan\u0131m Talimatlar\u0131:<\/strong><\/h3>\n<ol data-start=\"2277\" data-end=\"2511\">\n<li data-start=\"2277\" data-end=\"2333\">Happy Hours Damla\u2019y\u0131 <strong data-start=\"2301\" data-end=\"2332\">kullanmadan \u00f6nce \u00e7alkalay\u0131n<\/strong>.<\/li>\n<li data-start=\"2334\" data-end=\"2417\"><strong data-start=\"2337\" data-end=\"2350\">5-7 damla<\/strong> damlay\u0131 alkol i\u00e7ermeyen bir s\u0131cak ya da so\u011fuk i\u00e7ece\u011finize ekleyin.<\/li>\n<li data-start=\"2418\" data-end=\"2511\"><strong data-start=\"2421\" data-end=\"2434\">30 dakika<\/strong> bekledikten sonra i\u00e7ece\u011finizi t\u00fcketin ve etkisini hemen hissetmeye ba\u015flay\u0131n.<\/li>\n<\/ol>\n<hr data-start=\"2513\" data-end=\"2516\" \/>\n<h3 data-start=\"2518\" data-end=\"2583\"><strong data-start=\"2522\" data-end=\"2583\">Happy Hours Damla ile Cinsel Hayat\u0131n\u0131z\u0131 Yeniden Ke\u015ffedin:<\/strong><\/h3>\n<p data-start=\"2584\" data-end=\"2967\">Happy Hours Damla, kad\u0131nlar\u0131n ya\u015fad\u0131\u011f\u0131 cinsel isteksizlik, so\u011fukluk ve performans sorunlar\u0131n\u0131 gideren etkili bir \u00e7\u00f6z\u00fcm sunar. Hem <strong data-start=\"2714\" data-end=\"2732\">kolay kullan\u0131m<\/strong> hem de <strong data-start=\"2740\" data-end=\"2754\">h\u0131zl\u0131 etki<\/strong> ile cinsel hayat\u0131n\u0131z\u0131 canland\u0131r\u0131r. Kendinizi ve partnerinizi daha heyecanl\u0131, arzulu ve enerjik hissederek, <strong data-start=\"2862\" data-end=\"2879\">tutkulu anlar<\/strong> ya\u015faman\u0131z\u0131 sa\u011flar. Sa\u011fl\u0131\u011fa zarar vermeyen <strong data-start=\"2922\" data-end=\"2938\">do\u011fal i\u00e7erik<\/strong>leriyle g\u00fcvenli bir se\u00e7imdir.<\/p>\n","protected":false},"excerpt":{"rendered":"<p><strong data-start=\"89\" data-end=\"110\">Happy Hours Damla<\/strong>, kad\u0131nlar\u0131n cinsel isteksizlik ve so\u011fukluk sorunlar\u0131na y\u00f6nelik \u00f6zel olarak form\u00fcle edilmi\u015f, etkili ve pratik bir \u00e7\u00f6z\u00fcmd\u00fcr. Cinsel iste\u011finizi art\u0131rmak ve partnerinizle ya\u015fad\u0131\u011f\u0131n\u0131z deneyimleri daha tutkulu hale getirmek i\u00e7in geli\u015ftirilmi\u015f bu damla, sadece arzular\u0131n\u0131z\u0131 de\u011fil, performans\u0131n\u0131z\u0131 da y\u00fckseltmeye yard\u0131mc\u0131 olur. Kendinizi daha enerjik, arzulayan ve heyecanl\u0131 hissetmenizi sa\u011flar.<\/p>\n","protected":false},"featured_media":19015,"comment_status":"open","ping_status":"closed","template":"","meta":[],"product_brand":[170],"product_cat":[72],"product_tag":[238],"class_list":{"0":"post-18927","1":"product","2":"type-product","3":"status-publish","4":"has-post-thumbnail","6":"product_brand-cabs","7":"product_cat-erkekler-icin","8":"product_tag-happy-hours-kadin-uyarici-damla-20ml","10":"first","11":"instock","12":"taxable","13":"shipping-taxable","14":"purchasable","15":"product-type-simple"},"yoast_head":"<!-- This site is optimized with the Yoast SEO Premium plugin v24.4 (Yoast SEO v27.1.1) - https:\/\/yoast.com\/product\/yoast-seo-premium-wordpress\/ -->\n<title>Happy Hours Kad\u0131n Uyar\u0131c\u0131 Damla 20Ml. - Bursa Erotik Shop<\/title>\n<meta name=\"robots\" content=\"index, follow, max-snippet:-1, max-image-preview:large, max-video-preview:-1\" \/>\n<link rel=\"canonical\" href=\"https:\/\/hobierotikshop.com.tr\/website1\/erotik-shop-urun\/happy-hours-kadin-uyarici-damla-20ml\/\" \/>\n<meta property=\"og:locale\" content=\"tr_TR\" \/>\n<meta property=\"og:type\" content=\"article\" \/>\n<meta property=\"og:title\" content=\"Happy Hours Kad\u0131n Uyar\u0131c\u0131 Damla 20Ml.\" \/>\n<meta property=\"og:description\" content=\"Happy Hours Damla, kad\u0131nlar\u0131n cinsel isteksizlik ve so\u011fukluk sorunlar\u0131na y\u00f6nelik \u00f6zel olarak form\u00fcle edilmi\u015f, etkili ve pratik bir \u00e7\u00f6z\u00fcmd\u00fcr. Cinsel iste\u011finizi art\u0131rmak ve partnerinizle ya\u015fad\u0131\u011f\u0131n\u0131z deneyimleri daha tutkulu hale getirmek i\u00e7in geli\u015ftirilmi\u015f bu damla, sadece arzular\u0131n\u0131z\u0131 de\u011fil, performans\u0131n\u0131z\u0131 da y\u00fckseltmeye yard\u0131mc\u0131 olur. Kendinizi daha enerjik, arzulayan ve heyecanl\u0131 hissetmenizi sa\u011flar.\" \/>\n<meta property=\"og:url\" content=\"https:\/\/hobierotikshop.com.tr\/website1\/erotik-shop-urun\/happy-hours-kadin-uyarici-damla-20ml\/\" \/>\n<meta property=\"og:site_name\" content=\"Bursa Erotik Shop\" \/>\n<meta property=\"article:modified_time\" content=\"2026-01-09T00:09:15+00:00\" \/>\n<meta property=\"og:image\" content=\"https:\/\/hobierotikshop.com.tr\/website1\/wp-content\/uploads\/2025\/03\/happy-hours-kadin-uyarici-damla-20ml-91.jpg\" \/>\n\t<meta property=\"og:image:width\" content=\"400\" \/>\n\t<meta property=\"og:image:height\" content=\"400\" \/>\n\t<meta property=\"og:image:type\" content=\"image\/jpeg\" \/>\n<meta name=\"twitter:card\" content=\"summary_large_image\" \/>\n<meta name=\"twitter:site\" content=\"@shopbursa\" \/>\n<meta name=\"twitter:label1\" content=\"Fiyat\" \/>\n\t<meta name=\"twitter:data1\" content=\"&#8378;300,00 KDV DAH\u0130L\" \/>\n\t<meta name=\"twitter:label2\" content=\"Availability\" \/>\n\t<meta name=\"twitter:data2\" content=\"In stock\" \/>\n<script type=\"application\/ld+json\" class=\"yoast-schema-graph\">{\"@context\":\"https:\/\/schema.org\",\"@graph\":[{\"@type\":\"WebPage\",\"@id\":\"https:\/\/hobierotikshop.com.tr\/website1\/erotik-shop-urun\/happy-hours-kadin-uyarici-damla-20ml\/\",\"url\":\"https:\/\/hobierotikshop.com.tr\/website1\/erotik-shop-urun\/happy-hours-kadin-uyarici-damla-20ml\/\",\"name\":\"Happy Hours Kad\u0131n Uyar\u0131c\u0131 Damla 20Ml. - Bursa Erotik Shop\",\"isPartOf\":{\"@id\":\"https:\/\/hobierotikshop.com.tr\/website1\/#website\"},\"primaryImageOfPage\":{\"@id\":\"https:\/\/hobierotikshop.com.tr\/website1\/erotik-shop-urun\/happy-hours-kadin-uyarici-damla-20ml\/#primaryimage\"},\"image\":{\"@id\":\"https:\/\/hobierotikshop.com.tr\/website1\/erotik-shop-urun\/happy-hours-kadin-uyarici-damla-20ml\/#primaryimage\"},\"thumbnailUrl\":\"https:\/\/haremerotikshop.com\/site\/wp-content\/uploads\/2025\/03\/happy-hours-kadin-uyarici-damla-20ml-91.jpg\",\"datePublished\":\"2025-03-17T09:24:46+00:00\",\"dateModified\":\"2026-01-09T00:09:15+00:00\",\"breadcrumb\":{\"@id\":\"https:\/\/hobierotikshop.com.tr\/website1\/erotik-shop-urun\/happy-hours-kadin-uyarici-damla-20ml\/#breadcrumb\"},\"inLanguage\":\"tr\",\"potentialAction\":[{\"@type\":\"ReadAction\",\"target\":[\"https:\/\/hobierotikshop.com.tr\/website1\/erotik-shop-urun\/happy-hours-kadin-uyarici-damla-20ml\/\"]}]},{\"@type\":\"ImageObject\",\"inLanguage\":\"tr\",\"@id\":\"https:\/\/hobierotikshop.com.tr\/website1\/erotik-shop-urun\/happy-hours-kadin-uyarici-damla-20ml\/#primaryimage\",\"url\":\"https:\/\/haremerotikshop.com\/site\/wp-content\/uploads\/2025\/03\/happy-hours-kadin-uyarici-damla-20ml-91.jpg\",\"contentUrl\":\"https:\/\/haremerotikshop.com\/site\/wp-content\/uploads\/2025\/03\/happy-hours-kadin-uyarici-damla-20ml-91.jpg\",\"width\":400,\"height\":400},{\"@type\":\"BreadcrumbList\",\"@id\":\"https:\/\/hobierotikshop.com.tr\/website1\/erotik-shop-urun\/happy-hours-kadin-uyarici-damla-20ml\/#breadcrumb\",\"itemListElement\":[{\"@type\":\"ListItem\",\"position\":1,\"name\":\"Anasayfa\",\"item\":\"https:\/\/hobierotikshop.com.tr\/website1\/\"},{\"@type\":\"ListItem\",\"position\":2,\"name\":\"Erotik Shop \u00dcr\u00fcnleri\",\"item\":\"https:\/\/hobierotikshop.com.tr\/website1\/shop\/\"},{\"@type\":\"ListItem\",\"position\":3,\"name\":\"Happy Hours Kad\u0131n Uyar\u0131c\u0131 Damla 20Ml.\"}]},{\"@type\":\"WebSite\",\"@id\":\"https:\/\/hobierotikshop.com.tr\/website1\/#website\",\"url\":\"https:\/\/hobierotikshop.com.tr\/website1\/\",\"name\":\"Bursa Erotik Shop\",\"description\":\"Bursa Erotik Shop ile g\u00fcvenli, gizli ve kaliteli yeti\u015fkin \u00fcr\u00fcnleri al\u0131\u015fveri\u015fi! Geni\u015f \u00fcr\u00fcn yelpazemizi ke\u015ffedin, hemen sipari\u015f verin\",\"publisher\":{\"@id\":\"https:\/\/hobierotikshop.com.tr\/website1\/#organization\"},\"alternateName\":\"Erotik Shop\",\"potentialAction\":[{\"@type\":\"SearchAction\",\"target\":{\"@type\":\"EntryPoint\",\"urlTemplate\":\"https:\/\/hobierotikshop.com.tr\/website1\/?s={search_term_string}\"},\"query-input\":{\"@type\":\"PropertyValueSpecification\",\"valueRequired\":true,\"valueName\":\"search_term_string\"}}],\"inLanguage\":\"tr\"},{\"@type\":\"Organization\",\"@id\":\"https:\/\/hobierotikshop.com.tr\/website1\/#organization\",\"name\":\"Harem Bursa Erotik Shop\",\"url\":\"https:\/\/hobierotikshop.com.tr\/website1\/\",\"logo\":{\"@type\":\"ImageObject\",\"inLanguage\":\"tr\",\"@id\":\"https:\/\/hobierotikshop.com.tr\/website1\/#\/schema\/logo\/image\/\",\"url\":\"https:\/\/haremerotikshop.com\/site\/wp-content\/uploads\/2025\/03\/haremsexshop.png\",\"contentUrl\":\"https:\/\/haremerotikshop.com\/site\/wp-content\/uploads\/2025\/03\/haremsexshop.png\",\"width\":400,\"height\":100,\"caption\":\"Harem Bursa Erotik Shop\"},\"image\":{\"@id\":\"https:\/\/hobierotikshop.com.tr\/website1\/#\/schema\/logo\/image\/\"},\"sameAs\":[\"https:\/\/x.com\/shopbursa\"],\"publishingPrinciples\":\"https:\/\/hobierotikshop.com.tr\/website1\/mesafeli-satis-sozlesmesi\/\",\"ownershipFundingInfo\":\"https:\/\/hobierotikshop.com.tr\/website1\/contact-us\/\",\"actionableFeedbackPolicy\":\"https:\/\/hobierotikshop.com.tr\/website1\/contact-us\/\",\"correctionsPolicy\":\"https:\/\/hobierotikshop.com.tr\/website1\/mesafeli-satis-sozlesmesi\/\"}]}<\/script>\n<meta property=\"product:brand\" content=\"Cabs\" \/>\n<meta property=\"product:price:amount\" content=\"300.00\" \/>\n<meta property=\"product:price:currency\" content=\"TRY\" \/>\n<meta property=\"og:availability\" content=\"instock\" \/>\n<meta property=\"product:availability\" content=\"instock\" \/>\n<meta property=\"product:retailer_item_id\" content=\"PT-KC5073\" \/>\n<meta property=\"product:condition\" content=\"new\" \/>\n<!-- \/ Yoast SEO Premium plugin. -->","yoast_head_json":{"title":"Happy Hours Kad\u0131n Uyar\u0131c\u0131 Damla 20Ml. - Bursa Erotik Shop","robots":{"index":"index","follow":"follow","max-snippet":"max-snippet:-1","max-image-preview":"max-image-preview:large","max-video-preview":"max-video-preview:-1"},"canonical":"https:\/\/hobierotikshop.com.tr\/website1\/erotik-shop-urun\/happy-hours-kadin-uyarici-damla-20ml\/","og_locale":"tr_TR","og_type":"article","og_title":"Happy Hours Kad\u0131n Uyar\u0131c\u0131 Damla 20Ml.","og_description":"Happy Hours Damla, kad\u0131nlar\u0131n cinsel isteksizlik ve so\u011fukluk sorunlar\u0131na y\u00f6nelik \u00f6zel olarak form\u00fcle edilmi\u015f, etkili ve pratik bir \u00e7\u00f6z\u00fcmd\u00fcr. Cinsel iste\u011finizi art\u0131rmak ve partnerinizle ya\u015fad\u0131\u011f\u0131n\u0131z deneyimleri daha tutkulu hale getirmek i\u00e7in geli\u015ftirilmi\u015f bu damla, sadece arzular\u0131n\u0131z\u0131 de\u011fil, performans\u0131n\u0131z\u0131 da y\u00fckseltmeye yard\u0131mc\u0131 olur. Kendinizi daha enerjik, arzulayan ve heyecanl\u0131 hissetmenizi sa\u011flar.","og_url":"https:\/\/hobierotikshop.com.tr\/website1\/erotik-shop-urun\/happy-hours-kadin-uyarici-damla-20ml\/","og_site_name":"Bursa Erotik Shop","article_modified_time":"2026-01-09T00:09:15+00:00","og_image":[{"width":400,"height":400,"url":"https:\/\/hobierotikshop.com.tr\/website1\/wp-content\/uploads\/2025\/03\/happy-hours-kadin-uyarici-damla-20ml-91.jpg","type":"image\/jpeg"}],"twitter_card":"summary_large_image","twitter_site":"@shopbursa","twitter_misc":{"Fiyat":"&#8378;300,00 KDV DAH\u0130L","Availability":"In stock"},"schema":{"@context":"https:\/\/schema.org","@graph":[{"@type":"WebPage","@id":"https:\/\/hobierotikshop.com.tr\/website1\/erotik-shop-urun\/happy-hours-kadin-uyarici-damla-20ml\/","url":"https:\/\/hobierotikshop.com.tr\/website1\/erotik-shop-urun\/happy-hours-kadin-uyarici-damla-20ml\/","name":"Happy Hours Kad\u0131n Uyar\u0131c\u0131 Damla 20Ml. - Bursa Erotik Shop","isPartOf":{"@id":"https:\/\/hobierotikshop.com.tr\/website1\/#website"},"primaryImageOfPage":{"@id":"https:\/\/hobierotikshop.com.tr\/website1\/erotik-shop-urun\/happy-hours-kadin-uyarici-damla-20ml\/#primaryimage"},"image":{"@id":"https:\/\/hobierotikshop.com.tr\/website1\/erotik-shop-urun\/happy-hours-kadin-uyarici-damla-20ml\/#primaryimage"},"thumbnailUrl":"https:\/\/haremerotikshop.com\/site\/wp-content\/uploads\/2025\/03\/happy-hours-kadin-uyarici-damla-20ml-91.jpg","datePublished":"2025-03-17T09:24:46+00:00","dateModified":"2026-01-09T00:09:15+00:00","breadcrumb":{"@id":"https:\/\/hobierotikshop.com.tr\/website1\/erotik-shop-urun\/happy-hours-kadin-uyarici-damla-20ml\/#breadcrumb"},"inLanguage":"tr","potentialAction":[{"@type":"ReadAction","target":["https:\/\/hobierotikshop.com.tr\/website1\/erotik-shop-urun\/happy-hours-kadin-uyarici-damla-20ml\/"]}]},{"@type":"ImageObject","inLanguage":"tr","@id":"https:\/\/hobierotikshop.com.tr\/website1\/erotik-shop-urun\/happy-hours-kadin-uyarici-damla-20ml\/#primaryimage","url":"https:\/\/haremerotikshop.com\/site\/wp-content\/uploads\/2025\/03\/happy-hours-kadin-uyarici-damla-20ml-91.jpg","contentUrl":"https:\/\/haremerotikshop.com\/site\/wp-content\/uploads\/2025\/03\/happy-hours-kadin-uyarici-damla-20ml-91.jpg","width":400,"height":400},{"@type":"BreadcrumbList","@id":"https:\/\/hobierotikshop.com.tr\/website1\/erotik-shop-urun\/happy-hours-kadin-uyarici-damla-20ml\/#breadcrumb","itemListElement":[{"@type":"ListItem","position":1,"name":"Anasayfa","item":"https:\/\/hobierotikshop.com.tr\/website1\/"},{"@type":"ListItem","position":2,"name":"Erotik Shop \u00dcr\u00fcnleri","item":"https:\/\/hobierotikshop.com.tr\/website1\/shop\/"},{"@type":"ListItem","position":3,"name":"Happy Hours Kad\u0131n Uyar\u0131c\u0131 Damla 20Ml."}]},{"@type":"WebSite","@id":"https:\/\/hobierotikshop.com.tr\/website1\/#website","url":"https:\/\/hobierotikshop.com.tr\/website1\/","name":"Bursa Erotik Shop","description":"Bursa Erotik Shop ile g\u00fcvenli, gizli ve kaliteli yeti\u015fkin \u00fcr\u00fcnleri al\u0131\u015fveri\u015fi! Geni\u015f \u00fcr\u00fcn yelpazemizi ke\u015ffedin, hemen sipari\u015f verin","publisher":{"@id":"https:\/\/hobierotikshop.com.tr\/website1\/#organization"},"alternateName":"Erotik Shop","potentialAction":[{"@type":"SearchAction","target":{"@type":"EntryPoint","urlTemplate":"https:\/\/hobierotikshop.com.tr\/website1\/?s={search_term_string}"},"query-input":{"@type":"PropertyValueSpecification","valueRequired":true,"valueName":"search_term_string"}}],"inLanguage":"tr"},{"@type":"Organization","@id":"https:\/\/hobierotikshop.com.tr\/website1\/#organization","name":"Harem Bursa Erotik Shop","url":"https:\/\/hobierotikshop.com.tr\/website1\/","logo":{"@type":"ImageObject","inLanguage":"tr","@id":"https:\/\/hobierotikshop.com.tr\/website1\/#\/schema\/logo\/image\/","url":"https:\/\/haremerotikshop.com\/site\/wp-content\/uploads\/2025\/03\/haremsexshop.png","contentUrl":"https:\/\/haremerotikshop.com\/site\/wp-content\/uploads\/2025\/03\/haremsexshop.png","width":400,"height":100,"caption":"Harem Bursa Erotik Shop"},"image":{"@id":"https:\/\/hobierotikshop.com.tr\/website1\/#\/schema\/logo\/image\/"},"sameAs":["https:\/\/x.com\/shopbursa"],"publishingPrinciples":"https:\/\/hobierotikshop.com.tr\/website1\/mesafeli-satis-sozlesmesi\/","ownershipFundingInfo":"https:\/\/hobierotikshop.com.tr\/website1\/contact-us\/","actionableFeedbackPolicy":"https:\/\/hobierotikshop.com.tr\/website1\/contact-us\/","correctionsPolicy":"https:\/\/hobierotikshop.com.tr\/website1\/mesafeli-satis-sozlesmesi\/"}]},"product_brand":"Cabs","product_price_amount":"300.00","product_price_currency":"TRY","og_availability":"instock","product_availability":"instock","product_retailer_item_id":"PT-KC5073","product_condition":"new"},"_links":{"self":[{"href":"https:\/\/haremerotikshop.com\/site\/wp-json\/wp\/v2\/product\/18927","targetHints":{"allow":["GET"]}}],"collection":[{"href":"https:\/\/haremerotikshop.com\/site\/wp-json\/wp\/v2\/product"}],"about":[{"href":"https:\/\/haremerotikshop.com\/site\/wp-json\/wp\/v2\/types\/product"}],"replies":[{"embeddable":true,"href":"https:\/\/haremerotikshop.com\/site\/wp-json\/wp\/v2\/comments?post=18927"}],"version-history":[{"count":0,"href":"https:\/\/haremerotikshop.com\/site\/wp-json\/wp\/v2\/product\/18927\/revisions"}],"wp:featuredmedia":[{"embeddable":true,"href":"https:\/\/haremerotikshop.com\/site\/wp-json\/wp\/v2\/media\/19015"}],"wp:attachment":[{"href":"https:\/\/haremerotikshop.com\/site\/wp-json\/wp\/v2\/media?parent=18927"}],"wp:term":[{"taxonomy":"product_brand","embeddable":true,"href":"https:\/\/haremerotikshop.com\/site\/wp-json\/wp\/v2\/product_brand?post=18927"},{"taxonomy":"product_cat","embeddable":true,"href":"https:\/\/haremerotikshop.com\/site\/wp-json\/wp\/v2\/product_cat?post=18927"},{"taxonomy":"product_tag","embeddable":true,"href":"https:\/\/haremerotikshop.com\/site\/wp-json\/wp\/v2\/product_tag?post=18927"}],"curies":[{"name":"wp","href":"https:\/\/api.w.org\/{rel}","templated":true}]}}