{"id":18928,"date":"2025-03-17T12:24:46","date_gmt":"2025-03-17T09:24:46","guid":{"rendered":"https:\/\/haremerotikshop.com\/site\/?post_type=product&#038;p=18928"},"modified":"2025-03-19T17:20:51","modified_gmt":"2025-03-19T14:20:51","slug":"musele-kadin-uyarici-damla","status":"publish","type":"product","link":"https:\/\/haremerotikshop.com\/site\/erotik-shop-urun\/musele-kadin-uyarici-damla\/","title":{"rendered":"Musele Kad\u0131n Uyar\u0131c\u0131 Damla"},"content":{"rendered":"<h3 data-start=\"0\" data-end=\"74\"><strong data-start=\"4\" data-end=\"74\">Musele Damla: Kad\u0131nlar \u0130\u00e7in Cinsel \u0130stek Artt\u0131r\u0131c\u0131 ve Uyar\u0131c\u0131 Etki<\/strong><\/h3>\n<p data-start=\"76\" data-end=\"528\">Cinsel hayat\u0131n\u0131zda daha fazla arzu ve heyecan m\u0131 ar\u0131yorsunuz? <strong data-start=\"138\" data-end=\"154\">Musele Damla<\/strong>, kad\u0131nlar\u0131n cinsel isteksizli\u011fini gidererek, <strong data-start=\"200\" data-end=\"229\">daha istekli ve arzulayan<\/strong> bir hale gelmelerine yard\u0131mc\u0131 olmak i\u00e7in \u00f6zel olarak form\u00fcle edilmi\u015ftir. Etkili ve pratik kullan\u0131m\u0131yla, size ve partnerinize <strong data-start=\"355\" data-end=\"372\">tutkulu anlar<\/strong> ya\u015fatmaya haz\u0131r. Kad\u0131nlar\u0131n cinsel hayat\u0131n\u0131 canland\u0131ran Musele Damla, aktif ve heyecan dolu bir ili\u015fki isteyenlerin <strong data-start=\"489\" data-end=\"504\">ilk tercihi<\/strong> olabilecek bir \u00fcr\u00fcnd\u00fcr.<\/p>\n<hr data-start=\"530\" data-end=\"533\" \/>\n<h3 data-start=\"535\" data-end=\"581\"><strong data-start=\"539\" data-end=\"581\">Musele Damla \u00d6zellikleri ve Faydalar\u0131:<\/strong><\/h3>\n<h4 data-start=\"583\" data-end=\"623\"><strong data-start=\"588\" data-end=\"623\">1. Cinsel \u0130stek Artt\u0131r\u0131c\u0131 Etki:<\/strong><\/h4>\n<p data-start=\"624\" data-end=\"906\">Musele Damla, cinsel isteksizlik ya\u015fayan kad\u0131nlara y\u00f6nelik g\u00fc\u00e7l\u00fc bir <strong data-start=\"693\" data-end=\"709\">uyar\u0131c\u0131 etki<\/strong> sunar. \u0130\u00e7eri\u011findeki do\u011fal bile\u015fenler, v\u00fccutta ve zihinde cinsel arzuyu tetikleyerek, kad\u0131n\u0131n cinsel iste\u011fini artt\u0131r\u0131r. Bu sayede, daha tutkulu ve heyecan verici bir cinsel hayat\u0131n kap\u0131lar\u0131 a\u00e7\u0131l\u0131r.<\/p>\n<h4 data-start=\"908\" data-end=\"940\"><strong data-start=\"913\" data-end=\"940\">2. H\u0131zl\u0131 Etki G\u00f6sterir:<\/strong><\/h4>\n<p data-start=\"941\" data-end=\"1226\">Bu \u00fcr\u00fcn\u00fcn etkisi, <strong data-start=\"959\" data-end=\"981\">yakla\u015f\u0131k 45 dakika<\/strong> i\u00e7inde hissedilmeye ba\u015flan\u0131r. Kullan\u0131c\u0131lar, \u00fcr\u00fcn\u00fcn pratik ve h\u0131zl\u0131 etkisini deneyimleyerek, cinsel ili\u015fkiye daha istekli ve haz\u0131r bir \u015fekilde girerler. Cinsel arzular\u0131n\u0131z\u0131n tetiklenmesi, daha derin ve tatmin edici bir deneyim ya\u015faman\u0131z\u0131 sa\u011flar.<\/p>\n<h4 data-start=\"1228\" data-end=\"1265\"><strong data-start=\"1233\" data-end=\"1265\">3. Kolay ve Pratik Kullan\u0131m:<\/strong><\/h4>\n<p data-start=\"1266\" data-end=\"1602\">Musele Damla, herhangi bir <strong data-start=\"1293\" data-end=\"1312\">alkols\u00fcz i\u00e7ecek<\/strong> (s\u00fct ve s\u00fct \u00fcr\u00fcnleri hari\u00e7) i\u00e7erisine <strong data-start=\"1351\" data-end=\"1365\">8-10 damla<\/strong> damlat\u0131larak kullan\u0131l\u0131r. \u0130\u00e7eri\u011findeki bile\u015fenler sayesinde etkisini h\u0131zla g\u00f6sterir ve kullan\u0131m\u0131 olduk\u00e7a pratik hale getirir. \u0130\u00e7kinize ekleyerek kolayca alabilece\u011finiz bu damla, g\u0131da takviyesi \u015feklinde g\u00fcnl\u00fck hayat\u0131n\u0131za dahil edilebilir.<\/p>\n<h4 data-start=\"1604\" data-end=\"1629\"><strong data-start=\"1609\" data-end=\"1629\">4. Do\u011fal \u0130\u00e7erik:<\/strong><\/h4>\n<p data-start=\"1630\" data-end=\"1898\">Musele Damla, tamamen <strong data-start=\"1652\" data-end=\"1668\">do\u011fal i\u00e7erik<\/strong>lerle form\u00fcle edilmi\u015ftir. Cinsel sa\u011fl\u0131k ve istek \u00fczerine etkili bir \u00e7\u00f6z\u00fcm sunar, ancak sa\u011fl\u0131\u011f\u0131n\u0131za zarar vermeyen, <strong data-start=\"1783\" data-end=\"1813\">kimyasal i\u00e7eriklerden uzak<\/strong> bir \u00fcr\u00fcnd\u00fcr. \u0130\u00e7eri\u011fi, g\u00fcvenli ve sa\u011fl\u0131kl\u0131 bir kullan\u0131m i\u00e7in \u00f6zel olarak se\u00e7ilmi\u015ftir.<\/p>\n<h4 data-start=\"1900\" data-end=\"1941\"><strong data-start=\"1905\" data-end=\"1941\">5. Performans Artt\u0131r\u0131c\u0131 \u00d6zellik:<\/strong><\/h4>\n<p data-start=\"1942\" data-end=\"2170\">Cinsel iste\u011finizi art\u0131rmakla kalmaz, ayn\u0131 zamanda <strong data-start=\"1992\" data-end=\"2011\">performans\u0131n\u0131z\u0131<\/strong> da y\u00fckseltir. Bu sayede, daha uzun s\u00fcren ve tatmin edici anlar ge\u00e7irebilirsiniz. Partnerinizle aran\u0131zdaki cinsel \u00e7ekimi g\u00fc\u00e7lendirir ve ili\u015fkinizi canland\u0131r\u0131r.<\/p>\n<hr data-start=\"2172\" data-end=\"2175\" \/>\n<h3 data-start=\"2177\" data-end=\"2206\"><strong data-start=\"2181\" data-end=\"2206\">Kullan\u0131m Talimatlar\u0131:<\/strong><\/h3>\n<ol data-start=\"2207\" data-end=\"2436\">\n<li data-start=\"2207\" data-end=\"2258\">Musele Damla\u2019y\u0131 <strong data-start=\"2226\" data-end=\"2257\">kullanmadan \u00f6nce \u00e7alkalay\u0131n<\/strong>.<\/li>\n<li data-start=\"2259\" data-end=\"2330\"><strong data-start=\"2262\" data-end=\"2276\">8-10 damla<\/strong> damlay\u0131 alkols\u00fcz bir i\u00e7ece\u011finize (s\u00fct hari\u00e7) ekleyin.<\/li>\n<li data-start=\"2331\" data-end=\"2436\"><strong data-start=\"2334\" data-end=\"2347\">45 dakika<\/strong> sonra, etkisini hissetmeye ba\u015flay\u0131n ve cinsel ili\u015fkiye daha istekli ve haz\u0131r hale gelin.<\/li>\n<\/ol>\n<hr data-start=\"2438\" data-end=\"2441\" \/>\n<h3 data-start=\"2443\" data-end=\"2484\"><strong data-start=\"2447\" data-end=\"2484\">Musele Damla ile Heyecanl\u0131 Anlar:<\/strong><\/h3>\n<p data-start=\"2485\" data-end=\"2891\">Kad\u0131nlar\u0131n cinsel isteksizlik ve so\u011fukluk sorunlar\u0131na etkili \u00e7\u00f6z\u00fcmler sunan <strong data-start=\"2561\" data-end=\"2577\">Musele Damla<\/strong>, her kad\u0131n\u0131n cinsel hayat\u0131n\u0131 canland\u0131rmaya yard\u0131mc\u0131 olacak m\u00fckemmel bir \u00fcr\u00fcnd\u00fcr. Pratik kullan\u0131m\u0131 ve <strong data-start=\"2679\" data-end=\"2695\">h\u0131zl\u0131 etkisi<\/strong> sayesinde, siz de partnerinizle daha heyecanl\u0131 ve tatmin edici anlar ya\u015fayabilirsiniz. Kad\u0131nlar i\u00e7in \u00f6zel olarak form\u00fcle edilmi\u015f bu \u00fcr\u00fcn, sa\u011fl\u0131kl\u0131, do\u011fal ve etkili bir cinsel ya\u015fam i\u00e7in idealdir.<\/p>\n<hr data-start=\"2893\" data-end=\"2896\" \/>\n<p data-start=\"2898\" data-end=\"2998\"><strong data-start=\"2898\" data-end=\"2906\">Not:<\/strong> \u00dcr\u00fcn\u00fc kullanmadan \u00f6nce herhangi bir sa\u011fl\u0131k sorununuz varsa, bir uzmana dan\u0131\u015fman\u0131z \u00f6nerilir.<\/p>\n<hr data-start=\"3000\" data-end=\"3003\" \/>\n<p data-start=\"3005\" data-end=\"3255\" data-is-last-node=\"\" data-is-only-node=\"\"><strong data-start=\"3005\" data-end=\"3021\">Musele Damla<\/strong> ile <strong data-start=\"3026\" data-end=\"3057\">cinsel hayat\u0131n\u0131z\u0131 yenileyin<\/strong> ve daha istekli, arzulayan bir hale gelerek, heyecanl\u0131 dakikalar ge\u00e7irin. <strong data-start=\"3132\" data-end=\"3147\">Pembe Tilki<\/strong> \u00fczerinden kolayca sat\u0131n alabilece\u011finiz bu \u00fcr\u00fcn\u00fc, sa\u011fl\u0131kl\u0131 ve do\u011fal i\u00e7erikleriyle g\u00fcvenle kullanabilirsiniz.<\/p>\n","protected":false},"excerpt":{"rendered":"<p>Cinsel hayat\u0131n\u0131zda daha fazla arzu ve heyecan m\u0131 ar\u0131yorsunuz? <strong data-start=\"138\" data-end=\"154\">Musele Damla<\/strong>, kad\u0131nlar\u0131n cinsel isteksizli\u011fini gidererek, <strong data-start=\"200\" data-end=\"229\">daha istekli ve arzulayan<\/strong> bir hale gelmelerine yard\u0131mc\u0131 olmak i\u00e7in \u00f6zel olarak form\u00fcle edilmi\u015ftir. Etkili ve pratik kullan\u0131m\u0131yla, size ve partnerinize <strong data-start=\"355\" data-end=\"372\">tutkulu anlar<\/strong> ya\u015fatmaya haz\u0131r. Kad\u0131nlar\u0131n cinsel hayat\u0131n\u0131 canland\u0131ran Musele Damla, aktif ve heyecan dolu bir ili\u015fki isteyenlerin <strong data-start=\"489\" data-end=\"504\">ilk tercihi<\/strong> olabilecek bir \u00fcr\u00fcnd\u00fcr.<\/p>\n","protected":false},"featured_media":19018,"comment_status":"open","ping_status":"closed","template":"","meta":[],"product_brand":[170],"product_cat":[72],"product_tag":[239],"class_list":{"0":"post-18928","1":"product","2":"type-product","3":"status-publish","4":"has-post-thumbnail","6":"product_brand-cabs","7":"product_cat-erkekler-icin","8":"product_tag-musele-kadin-uyarici-damla","10":"first","11":"instock","12":"taxable","13":"shipping-taxable","14":"purchasable","15":"product-type-simple"},"yoast_head":"<!-- This site is optimized with the Yoast SEO Premium plugin v24.4 (Yoast SEO v27.1.1) - https:\/\/yoast.com\/product\/yoast-seo-premium-wordpress\/ -->\n<title>Musele Kad\u0131n Uyar\u0131c\u0131 Damla - Bursa Erotik Shop<\/title>\n<meta name=\"robots\" content=\"index, follow, max-snippet:-1, max-image-preview:large, max-video-preview:-1\" \/>\n<link rel=\"canonical\" href=\"https:\/\/hobierotikshop.com.tr\/website1\/erotik-shop-urun\/musele-kadin-uyarici-damla\/\" \/>\n<meta property=\"og:locale\" content=\"tr_TR\" \/>\n<meta property=\"og:type\" content=\"article\" \/>\n<meta property=\"og:title\" content=\"Musele Kad\u0131n Uyar\u0131c\u0131 Damla\" \/>\n<meta property=\"og:description\" content=\"Cinsel hayat\u0131n\u0131zda daha fazla arzu ve heyecan m\u0131 ar\u0131yorsunuz? Musele Damla, kad\u0131nlar\u0131n cinsel isteksizli\u011fini gidererek, daha istekli ve arzulayan bir hale gelmelerine yard\u0131mc\u0131 olmak i\u00e7in \u00f6zel olarak form\u00fcle edilmi\u015ftir. Etkili ve pratik kullan\u0131m\u0131yla, size ve partnerinize tutkulu anlar ya\u015fatmaya haz\u0131r. Kad\u0131nlar\u0131n cinsel hayat\u0131n\u0131 canland\u0131ran Musele Damla, aktif ve heyecan dolu bir ili\u015fki isteyenlerin ilk tercihi olabilecek bir \u00fcr\u00fcnd\u00fcr.\" \/>\n<meta property=\"og:url\" content=\"https:\/\/hobierotikshop.com.tr\/website1\/erotik-shop-urun\/musele-kadin-uyarici-damla\/\" \/>\n<meta property=\"og:site_name\" content=\"Bursa Erotik Shop\" \/>\n<meta property=\"article:modified_time\" content=\"2025-03-19T14:20:51+00:00\" \/>\n<meta property=\"og:image\" content=\"https:\/\/hobierotikshop.com.tr\/website1\/wp-content\/uploads\/2025\/03\/musele-kadin-uyarici-damla-230.jpg\" \/>\n\t<meta property=\"og:image:width\" content=\"1000\" \/>\n\t<meta property=\"og:image:height\" content=\"1099\" \/>\n\t<meta property=\"og:image:type\" content=\"image\/jpeg\" \/>\n<meta name=\"twitter:card\" content=\"summary_large_image\" \/>\n<meta name=\"twitter:site\" content=\"@shopbursa\" \/>\n<meta name=\"twitter:label1\" content=\"Fiyat\" \/>\n\t<meta name=\"twitter:data1\" content=\"&#8378;300,00 KDV DAH\u0130L\" \/>\n\t<meta name=\"twitter:label2\" content=\"Availability\" \/>\n\t<meta name=\"twitter:data2\" content=\"In stock\" \/>\n<script type=\"application\/ld+json\" class=\"yoast-schema-graph\">{\"@context\":\"https:\/\/schema.org\",\"@graph\":[{\"@type\":\"WebPage\",\"@id\":\"https:\/\/hobierotikshop.com.tr\/website1\/erotik-shop-urun\/musele-kadin-uyarici-damla\/\",\"url\":\"https:\/\/hobierotikshop.com.tr\/website1\/erotik-shop-urun\/musele-kadin-uyarici-damla\/\",\"name\":\"Musele Kad\u0131n Uyar\u0131c\u0131 Damla - Bursa Erotik Shop\",\"isPartOf\":{\"@id\":\"https:\/\/hobierotikshop.com.tr\/website1\/#website\"},\"primaryImageOfPage\":{\"@id\":\"https:\/\/hobierotikshop.com.tr\/website1\/erotik-shop-urun\/musele-kadin-uyarici-damla\/#primaryimage\"},\"image\":{\"@id\":\"https:\/\/hobierotikshop.com.tr\/website1\/erotik-shop-urun\/musele-kadin-uyarici-damla\/#primaryimage\"},\"thumbnailUrl\":\"https:\/\/haremerotikshop.com\/site\/wp-content\/uploads\/2025\/03\/musele-kadin-uyarici-damla-230.jpg\",\"datePublished\":\"2025-03-17T09:24:46+00:00\",\"dateModified\":\"2025-03-19T14:20:51+00:00\",\"breadcrumb\":{\"@id\":\"https:\/\/hobierotikshop.com.tr\/website1\/erotik-shop-urun\/musele-kadin-uyarici-damla\/#breadcrumb\"},\"inLanguage\":\"tr\",\"potentialAction\":[{\"@type\":\"ReadAction\",\"target\":[\"https:\/\/hobierotikshop.com.tr\/website1\/erotik-shop-urun\/musele-kadin-uyarici-damla\/\"]}]},{\"@type\":\"ImageObject\",\"inLanguage\":\"tr\",\"@id\":\"https:\/\/hobierotikshop.com.tr\/website1\/erotik-shop-urun\/musele-kadin-uyarici-damla\/#primaryimage\",\"url\":\"https:\/\/haremerotikshop.com\/site\/wp-content\/uploads\/2025\/03\/musele-kadin-uyarici-damla-230.jpg\",\"contentUrl\":\"https:\/\/haremerotikshop.com\/site\/wp-content\/uploads\/2025\/03\/musele-kadin-uyarici-damla-230.jpg\",\"width\":1000,\"height\":1099},{\"@type\":\"BreadcrumbList\",\"@id\":\"https:\/\/hobierotikshop.com.tr\/website1\/erotik-shop-urun\/musele-kadin-uyarici-damla\/#breadcrumb\",\"itemListElement\":[{\"@type\":\"ListItem\",\"position\":1,\"name\":\"Anasayfa\",\"item\":\"https:\/\/hobierotikshop.com.tr\/website1\/\"},{\"@type\":\"ListItem\",\"position\":2,\"name\":\"Erotik Shop \u00dcr\u00fcnleri\",\"item\":\"https:\/\/hobierotikshop.com.tr\/website1\/shop\/\"},{\"@type\":\"ListItem\",\"position\":3,\"name\":\"Musele Kad\u0131n Uyar\u0131c\u0131 Damla\"}]},{\"@type\":\"WebSite\",\"@id\":\"https:\/\/hobierotikshop.com.tr\/website1\/#website\",\"url\":\"https:\/\/hobierotikshop.com.tr\/website1\/\",\"name\":\"Bursa Erotik Shop\",\"description\":\"Bursa Erotik Shop ile g\u00fcvenli, gizli ve kaliteli yeti\u015fkin \u00fcr\u00fcnleri al\u0131\u015fveri\u015fi! Geni\u015f \u00fcr\u00fcn yelpazemizi ke\u015ffedin, hemen sipari\u015f verin\",\"publisher\":{\"@id\":\"https:\/\/hobierotikshop.com.tr\/website1\/#organization\"},\"alternateName\":\"Erotik Shop\",\"potentialAction\":[{\"@type\":\"SearchAction\",\"target\":{\"@type\":\"EntryPoint\",\"urlTemplate\":\"https:\/\/hobierotikshop.com.tr\/website1\/?s={search_term_string}\"},\"query-input\":{\"@type\":\"PropertyValueSpecification\",\"valueRequired\":true,\"valueName\":\"search_term_string\"}}],\"inLanguage\":\"tr\"},{\"@type\":\"Organization\",\"@id\":\"https:\/\/hobierotikshop.com.tr\/website1\/#organization\",\"name\":\"Harem Bursa Erotik Shop\",\"url\":\"https:\/\/hobierotikshop.com.tr\/website1\/\",\"logo\":{\"@type\":\"ImageObject\",\"inLanguage\":\"tr\",\"@id\":\"https:\/\/hobierotikshop.com.tr\/website1\/#\/schema\/logo\/image\/\",\"url\":\"https:\/\/haremerotikshop.com\/wp-content\/uploads\/2025\/03\/haremsexshop.png\",\"contentUrl\":\"https:\/\/haremerotikshop.com\/wp-content\/uploads\/2025\/03\/haremsexshop.png\",\"width\":400,\"height\":100,\"caption\":\"Harem Bursa Erotik Shop\"},\"image\":{\"@id\":\"https:\/\/hobierotikshop.com.tr\/website1\/#\/schema\/logo\/image\/\"},\"sameAs\":[\"https:\/\/x.com\/shopbursa\"],\"publishingPrinciples\":\"https:\/\/hobierotikshop.com.tr\/website1\/mesafeli-satis-sozlesmesi\/\",\"ownershipFundingInfo\":\"https:\/\/hobierotikshop.com.tr\/website1\/contact-us\/\",\"actionableFeedbackPolicy\":\"https:\/\/hobierotikshop.com.tr\/website1\/contact-us\/\",\"correctionsPolicy\":\"https:\/\/hobierotikshop.com.tr\/website1\/mesafeli-satis-sozlesmesi\/\"}]}<\/script>\n<meta property=\"product:brand\" content=\"Cabs\" \/>\n<meta property=\"product:price:amount\" content=\"300.00\" \/>\n<meta property=\"product:price:currency\" content=\"TRY\" \/>\n<meta property=\"og:availability\" content=\"instock\" \/>\n<meta property=\"product:availability\" content=\"instock\" \/>\n<meta property=\"product:retailer_item_id\" content=\"PT-KC1548\" \/>\n<meta property=\"product:condition\" content=\"new\" \/>\n<!-- \/ Yoast SEO Premium plugin. -->","yoast_head_json":{"title":"Musele Kad\u0131n Uyar\u0131c\u0131 Damla - Bursa Erotik Shop","robots":{"index":"index","follow":"follow","max-snippet":"max-snippet:-1","max-image-preview":"max-image-preview:large","max-video-preview":"max-video-preview:-1"},"canonical":"https:\/\/hobierotikshop.com.tr\/website1\/erotik-shop-urun\/musele-kadin-uyarici-damla\/","og_locale":"tr_TR","og_type":"article","og_title":"Musele Kad\u0131n Uyar\u0131c\u0131 Damla","og_description":"Cinsel hayat\u0131n\u0131zda daha fazla arzu ve heyecan m\u0131 ar\u0131yorsunuz? Musele Damla, kad\u0131nlar\u0131n cinsel isteksizli\u011fini gidererek, daha istekli ve arzulayan bir hale gelmelerine yard\u0131mc\u0131 olmak i\u00e7in \u00f6zel olarak form\u00fcle edilmi\u015ftir. Etkili ve pratik kullan\u0131m\u0131yla, size ve partnerinize tutkulu anlar ya\u015fatmaya haz\u0131r. Kad\u0131nlar\u0131n cinsel hayat\u0131n\u0131 canland\u0131ran Musele Damla, aktif ve heyecan dolu bir ili\u015fki isteyenlerin ilk tercihi olabilecek bir \u00fcr\u00fcnd\u00fcr.","og_url":"https:\/\/hobierotikshop.com.tr\/website1\/erotik-shop-urun\/musele-kadin-uyarici-damla\/","og_site_name":"Bursa Erotik Shop","article_modified_time":"2025-03-19T14:20:51+00:00","og_image":[{"width":1000,"height":1099,"url":"https:\/\/hobierotikshop.com.tr\/website1\/wp-content\/uploads\/2025\/03\/musele-kadin-uyarici-damla-230.jpg","type":"image\/jpeg"}],"twitter_card":"summary_large_image","twitter_site":"@shopbursa","twitter_misc":{"Fiyat":"&#8378;300,00 KDV DAH\u0130L","Availability":"In stock"},"schema":{"@context":"https:\/\/schema.org","@graph":[{"@type":"WebPage","@id":"https:\/\/hobierotikshop.com.tr\/website1\/erotik-shop-urun\/musele-kadin-uyarici-damla\/","url":"https:\/\/hobierotikshop.com.tr\/website1\/erotik-shop-urun\/musele-kadin-uyarici-damla\/","name":"Musele Kad\u0131n Uyar\u0131c\u0131 Damla - Bursa Erotik Shop","isPartOf":{"@id":"https:\/\/hobierotikshop.com.tr\/website1\/#website"},"primaryImageOfPage":{"@id":"https:\/\/hobierotikshop.com.tr\/website1\/erotik-shop-urun\/musele-kadin-uyarici-damla\/#primaryimage"},"image":{"@id":"https:\/\/hobierotikshop.com.tr\/website1\/erotik-shop-urun\/musele-kadin-uyarici-damla\/#primaryimage"},"thumbnailUrl":"https:\/\/haremerotikshop.com\/site\/wp-content\/uploads\/2025\/03\/musele-kadin-uyarici-damla-230.jpg","datePublished":"2025-03-17T09:24:46+00:00","dateModified":"2025-03-19T14:20:51+00:00","breadcrumb":{"@id":"https:\/\/hobierotikshop.com.tr\/website1\/erotik-shop-urun\/musele-kadin-uyarici-damla\/#breadcrumb"},"inLanguage":"tr","potentialAction":[{"@type":"ReadAction","target":["https:\/\/hobierotikshop.com.tr\/website1\/erotik-shop-urun\/musele-kadin-uyarici-damla\/"]}]},{"@type":"ImageObject","inLanguage":"tr","@id":"https:\/\/hobierotikshop.com.tr\/website1\/erotik-shop-urun\/musele-kadin-uyarici-damla\/#primaryimage","url":"https:\/\/haremerotikshop.com\/site\/wp-content\/uploads\/2025\/03\/musele-kadin-uyarici-damla-230.jpg","contentUrl":"https:\/\/haremerotikshop.com\/site\/wp-content\/uploads\/2025\/03\/musele-kadin-uyarici-damla-230.jpg","width":1000,"height":1099},{"@type":"BreadcrumbList","@id":"https:\/\/hobierotikshop.com.tr\/website1\/erotik-shop-urun\/musele-kadin-uyarici-damla\/#breadcrumb","itemListElement":[{"@type":"ListItem","position":1,"name":"Anasayfa","item":"https:\/\/hobierotikshop.com.tr\/website1\/"},{"@type":"ListItem","position":2,"name":"Erotik Shop \u00dcr\u00fcnleri","item":"https:\/\/hobierotikshop.com.tr\/website1\/shop\/"},{"@type":"ListItem","position":3,"name":"Musele Kad\u0131n Uyar\u0131c\u0131 Damla"}]},{"@type":"WebSite","@id":"https:\/\/hobierotikshop.com.tr\/website1\/#website","url":"https:\/\/hobierotikshop.com.tr\/website1\/","name":"Bursa Erotik Shop","description":"Bursa Erotik Shop ile g\u00fcvenli, gizli ve kaliteli yeti\u015fkin \u00fcr\u00fcnleri al\u0131\u015fveri\u015fi! Geni\u015f \u00fcr\u00fcn yelpazemizi ke\u015ffedin, hemen sipari\u015f verin","publisher":{"@id":"https:\/\/hobierotikshop.com.tr\/website1\/#organization"},"alternateName":"Erotik Shop","potentialAction":[{"@type":"SearchAction","target":{"@type":"EntryPoint","urlTemplate":"https:\/\/hobierotikshop.com.tr\/website1\/?s={search_term_string}"},"query-input":{"@type":"PropertyValueSpecification","valueRequired":true,"valueName":"search_term_string"}}],"inLanguage":"tr"},{"@type":"Organization","@id":"https:\/\/hobierotikshop.com.tr\/website1\/#organization","name":"Harem Bursa Erotik Shop","url":"https:\/\/hobierotikshop.com.tr\/website1\/","logo":{"@type":"ImageObject","inLanguage":"tr","@id":"https:\/\/hobierotikshop.com.tr\/website1\/#\/schema\/logo\/image\/","url":"https:\/\/haremerotikshop.com\/wp-content\/uploads\/2025\/03\/haremsexshop.png","contentUrl":"https:\/\/haremerotikshop.com\/wp-content\/uploads\/2025\/03\/haremsexshop.png","width":400,"height":100,"caption":"Harem Bursa Erotik Shop"},"image":{"@id":"https:\/\/hobierotikshop.com.tr\/website1\/#\/schema\/logo\/image\/"},"sameAs":["https:\/\/x.com\/shopbursa"],"publishingPrinciples":"https:\/\/hobierotikshop.com.tr\/website1\/mesafeli-satis-sozlesmesi\/","ownershipFundingInfo":"https:\/\/hobierotikshop.com.tr\/website1\/contact-us\/","actionableFeedbackPolicy":"https:\/\/hobierotikshop.com.tr\/website1\/contact-us\/","correctionsPolicy":"https:\/\/hobierotikshop.com.tr\/website1\/mesafeli-satis-sozlesmesi\/"}]},"product_brand":"Cabs","product_price_amount":"300.00","product_price_currency":"TRY","og_availability":"instock","product_availability":"instock","product_retailer_item_id":"PT-KC1548","product_condition":"new"},"_links":{"self":[{"href":"https:\/\/haremerotikshop.com\/site\/wp-json\/wp\/v2\/product\/18928","targetHints":{"allow":["GET"]}}],"collection":[{"href":"https:\/\/haremerotikshop.com\/site\/wp-json\/wp\/v2\/product"}],"about":[{"href":"https:\/\/haremerotikshop.com\/site\/wp-json\/wp\/v2\/types\/product"}],"replies":[{"embeddable":true,"href":"https:\/\/haremerotikshop.com\/site\/wp-json\/wp\/v2\/comments?post=18928"}],"version-history":[{"count":0,"href":"https:\/\/haremerotikshop.com\/site\/wp-json\/wp\/v2\/product\/18928\/revisions"}],"wp:featuredmedia":[{"embeddable":true,"href":"https:\/\/haremerotikshop.com\/site\/wp-json\/wp\/v2\/media\/19018"}],"wp:attachment":[{"href":"https:\/\/haremerotikshop.com\/site\/wp-json\/wp\/v2\/media?parent=18928"}],"wp:term":[{"taxonomy":"product_brand","embeddable":true,"href":"https:\/\/haremerotikshop.com\/site\/wp-json\/wp\/v2\/product_brand?post=18928"},{"taxonomy":"product_cat","embeddable":true,"href":"https:\/\/haremerotikshop.com\/site\/wp-json\/wp\/v2\/product_cat?post=18928"},{"taxonomy":"product_tag","embeddable":true,"href":"https:\/\/haremerotikshop.com\/site\/wp-json\/wp\/v2\/product_tag?post=18928"}],"curies":[{"name":"wp","href":"https:\/\/api.w.org\/{rel}","templated":true}]}}