{"id":18931,"date":"2025-03-17T12:24:46","date_gmt":"2025-03-17T09:24:46","guid":{"rendered":"https:\/\/haremerotikshop.com\/site\/?post_type=product&#038;p=18931"},"modified":"2026-01-09T03:09:14","modified_gmt":"2026-01-09T00:09:14","slug":"pink-lady-kadin-uyarici-damla-30ml","status":"publish","type":"product","link":"https:\/\/haremerotikshop.com\/site\/erotik-shop-urun\/pink-lady-kadin-uyarici-damla-30ml\/","title":{"rendered":"Pink Lady Kad\u0131n Uyar\u0131c\u0131 Damla 30Ml."},"content":{"rendered":"<h3 data-start=\"0\" data-end=\"74\"><strong data-start=\"4\" data-end=\"74\">Pink Lady Kad\u0131n Uyar\u0131c\u0131 Damla 30ml: Do\u011fal G\u00fc\u00e7 ve Performans Art\u0131\u015f\u0131<\/strong><\/h3>\n<p data-start=\"76\" data-end=\"513\"><strong data-start=\"76\" data-end=\"109\">Pink Lady Kad\u0131n Uyar\u0131c\u0131 Damla<\/strong>, kad\u0131nlar\u0131n cinsel isteklerini art\u0131rarak daha heyecan verici ve enerjik bir deneyim sunmak i\u00e7in \u00f6zel olarak form\u00fcle edilmi\u015ftir. \u0130\u00e7eri\u011findeki do\u011fal bile\u015fenler ile bedensel ve zihinsel uyar\u0131m\u0131 art\u0131ran bu damla, her t\u00fcrl\u00fc i\u00e7ece\u011fe kolayca eklenerek kullan\u0131m kolayl\u0131\u011f\u0131 sa\u011flar. <strong data-start=\"382\" data-end=\"402\">30 ml cam \u015fi\u015fede<\/strong> sunulan bu \u00fcr\u00fcn, kad\u0131nlar\u0131n g\u00fcnl\u00fck hayat\u0131na kolayca entegre edilebilecek bir enerji ve performans art\u0131r\u0131c\u0131d\u0131r.<\/p>\n<hr data-start=\"515\" data-end=\"518\" \/>\n<h3 data-start=\"520\" data-end=\"579\"><strong data-start=\"524\" data-end=\"579\">Pink Lady Kad\u0131n Uyar\u0131c\u0131 Damla \u0130\u00e7eri\u011fi ve Faydalar\u0131:<\/strong><\/h3>\n<h4 data-start=\"581\" data-end=\"621\"><strong data-start=\"586\" data-end=\"621\">1. L-Askorbik Asit (Vitamin C):<\/strong><\/h4>\n<p data-start=\"622\" data-end=\"821\"><strong data-start=\"622\" data-end=\"641\">L-askorbik asit<\/strong>, ba\u011f\u0131\u015f\u0131kl\u0131k sistemini g\u00fc\u00e7lendirir, h\u00fccreleri korur ve cilt sa\u011fl\u0131\u011f\u0131n\u0131 destekler. Ayr\u0131ca v\u00fccudun enerji \u00fcretimine yard\u0131mc\u0131 olarak g\u00fcn boyunca daha din\u00e7 hissetmenize katk\u0131da bulunur.<\/p>\n<h4 data-start=\"823\" data-end=\"845\"><strong data-start=\"828\" data-end=\"845\">2. L-Arjinin:<\/strong><\/h4>\n<p data-start=\"846\" data-end=\"1077\"><strong data-start=\"846\" data-end=\"859\">L-arjinin<\/strong>, kan ak\u0131\u015f\u0131n\u0131 art\u0131ran ve v\u00fccutta nitrik oksit \u00fcretimini destekleyen bir amino asittir. Bu, daha fazla enerji ve daha iyi odaklanma sa\u011flar, ayn\u0131 zamanda v\u00fccudunuzu cinsel performans i\u00e7in haz\u0131rlayan do\u011fal bir bile\u015fendir.<\/p>\n<h4 data-start=\"1079\" data-end=\"1108\"><strong data-start=\"1084\" data-end=\"1108\">3. Meyan K\u00f6k\u00fc \u00d6z\u00fct\u00fc:<\/strong><\/h4>\n<p data-start=\"1109\" data-end=\"1373\">Meyank\u00f6k\u00fc \u00f6z\u00fct\u00fc, v\u00fccuda rahatlama sa\u011flar ve sindirim sistemini destekler. Ayr\u0131ca, enerjinizi dengelemeye yard\u0131mc\u0131 olan ve ruh halinizi iyile\u015ftiren do\u011fal bir bile\u015fendir. Cinsel istek ve uyar\u0131lmay\u0131 art\u0131ran \u00f6zellikleriyle <strong data-start=\"1328\" data-end=\"1341\">Pink Lady<\/strong> damlas\u0131n\u0131n etkisini peki\u015ftirir.<\/p>\n<h4 data-start=\"1375\" data-end=\"1404\"><strong data-start=\"1380\" data-end=\"1404\">4. Kafein (150mg\/L):<\/strong><\/h4>\n<p data-start=\"1405\" data-end=\"1589\"><strong data-start=\"1405\" data-end=\"1415\">Kafein<\/strong>, zihinsel uyan\u0131kl\u0131\u011f\u0131 art\u0131r\u0131r, yorgunluk hissini giderir ve performans\u0131 y\u00fckseltir. <strong data-start=\"1498\" data-end=\"1509\">150mg\/L<\/strong> oran\u0131ndaki kafein i\u00e7eri\u011fi, kad\u0131nlar\u0131n daha enerjik ve din\u00e7 hissetmesini sa\u011flar.<\/p>\n<h4 data-start=\"1591\" data-end=\"1624\"><strong data-start=\"1596\" data-end=\"1624\">5. B3 Vitamini (Niasin):<\/strong><\/h4>\n<p data-start=\"1625\" data-end=\"1836\"><strong data-start=\"1625\" data-end=\"1640\">B3 vitamini<\/strong>, enerjinizi art\u0131r\u0131r, sinir sistemini korur ve genel sa\u011fl\u0131\u011f\u0131n\u0131z\u0131 destekler. Bu vitamin, ayn\u0131 zamanda cinsel iste\u011finizi art\u0131rarak, daha verimli ve heyecan dolu bir deneyim ya\u015faman\u0131za yard\u0131mc\u0131 olur.<\/p>\n<hr data-start=\"1838\" data-end=\"1841\" \/>\n<h3 data-start=\"1843\" data-end=\"1898\"><strong data-start=\"1847\" data-end=\"1898\">Pink Lady Kad\u0131n Uyar\u0131c\u0131 Damla Nas\u0131l Kullan\u0131l\u0131r?<\/strong><\/h3>\n<p data-start=\"1900\" data-end=\"2128\"><strong data-start=\"1900\" data-end=\"1933\">Pink Lady Kad\u0131n Uyar\u0131c\u0131 Damla<\/strong> olduk\u00e7a pratik bir kullan\u0131ma sahiptir. <strong data-start=\"1973\" data-end=\"2012\">Alkols\u00fcz so\u011fuk veya s\u0131cak i\u00e7ecekler<\/strong> ile kolayca kar\u0131\u015ft\u0131r\u0131labilir. Ho\u015f olmayan bir tat durumunda, i\u00e7ece\u011finize <strong data-start=\"2086\" data-end=\"2099\">5-7 damla<\/strong> damlatarak t\u00fcketebilirsiniz.<\/p>\n<p data-start=\"2130\" data-end=\"2155\"><strong data-start=\"2130\" data-end=\"2155\">Kullan\u0131m Talimatlar\u0131:<\/strong><\/p>\n<ol data-start=\"2156\" data-end=\"2344\">\n<li data-start=\"2156\" data-end=\"2183\">\u015ei\u015feyi iyice \u00e7alkalay\u0131n.<\/li>\n<li data-start=\"2184\" data-end=\"2240\">\u0130\u00e7eri\u011fini <strong data-start=\"2197\" data-end=\"2210\">5-7 damla<\/strong> alkols\u00fcz i\u00e7ece\u011finize ekleyin.<\/li>\n<li data-start=\"2241\" data-end=\"2274\">Kar\u0131\u015ft\u0131r\u0131n ve rahat\u00e7a t\u00fcketin.<\/li>\n<li data-start=\"2275\" data-end=\"2344\">Cinsel ili\u015fkiden yakla\u015f\u0131k <strong data-start=\"2304\" data-end=\"2322\">30 dakika \u00f6nce<\/strong> kullanman\u0131z \u00f6nerilir.<\/li>\n<\/ol>\n<hr data-start=\"2346\" data-end=\"2349\" \/>\n<h3 data-start=\"2351\" data-end=\"2411\"><strong data-start=\"2355\" data-end=\"2411\">Pink Lady Kad\u0131n Uyar\u0131c\u0131 Damla Neden Tercih Edilmeli?<\/strong><\/h3>\n<ul data-start=\"2413\" data-end=\"3075\">\n<li data-start=\"2413\" data-end=\"2633\"><strong data-start=\"2415\" data-end=\"2444\">Do\u011fal ve Sa\u011fl\u0131kl\u0131 \u0130\u00e7erik:<\/strong> \u0130\u00e7eri\u011finde bulunan <strong data-start=\"2464\" data-end=\"2483\">L-askorbik asit<\/strong>, <strong data-start=\"2485\" data-end=\"2498\">L-arjinin<\/strong>, <strong data-start=\"2500\" data-end=\"2519\">Meyank\u00f6k\u00fc \u00f6z\u00fct\u00fc<\/strong> ve <strong data-start=\"2523\" data-end=\"2538\">B3 vitamini<\/strong> gibi bile\u015fenler, sa\u011fl\u0131\u011f\u0131n\u0131z\u0131 desteklerken enerjinizi art\u0131r\u0131r ve cinsel iste\u011finizi g\u00fc\u00e7lendirir.<\/li>\n<li data-start=\"2634\" data-end=\"2774\"><strong data-start=\"2636\" data-end=\"2665\">Kolay ve Pratik Kullan\u0131m:<\/strong> <strong data-start=\"2666\" data-end=\"2690\">Alkols\u00fcz i\u00e7eceklerle<\/strong> kolayca kar\u0131\u015ft\u0131r\u0131labilir ve kullan\u0131m s\u0131ras\u0131nda herhangi bir tats\u0131zl\u0131k hissettirmez.<\/li>\n<li data-start=\"2775\" data-end=\"2950\"><strong data-start=\"2777\" data-end=\"2820\">ISO9001 ve ISO22000 Sertifikal\u0131 \u00dcretim:<\/strong> <strong data-start=\"2821\" data-end=\"2834\">Pink Lady<\/strong> Kad\u0131n Uyar\u0131c\u0131 Damla, uluslararas\u0131 kalite standartlar\u0131na uygun olarak \u00fcretilmi\u015ftir, bu da \u00fcr\u00fcne olan g\u00fcveni art\u0131r\u0131r.<\/li>\n<li data-start=\"2951\" data-end=\"3075\"><strong data-start=\"2953\" data-end=\"2992\">Sa\u011fl\u0131\u011fa Zararl\u0131 Bile\u015fenlerden Uzak:<\/strong> <strong data-start=\"2993\" data-end=\"3006\">Pink Lady<\/strong> tamamen <strong data-start=\"3015\" data-end=\"3049\">sa\u011fl\u0131\u011fa zararl\u0131 kimyasallardan<\/strong> uzak olarak \u00fcretilmi\u015ftir.<\/li>\n<\/ul>\n<hr data-start=\"3077\" data-end=\"3080\" \/>\n<h3 data-start=\"3082\" data-end=\"3142\"><strong data-start=\"3086\" data-end=\"3142\">Pink Lady ile Daha Enerjik ve Heyecanl\u0131 Bir Deneyim!<\/strong><\/h3>\n<p data-start=\"3144\" data-end=\"3421\"><strong data-start=\"3144\" data-end=\"3177\">Pink Lady Kad\u0131n Uyar\u0131c\u0131 Damla<\/strong>, cinsel isteksizlik ve d\u00fc\u015f\u00fck enerji seviyeleri ile m\u00fccadele eden kad\u0131nlar i\u00e7in ideal bir \u00e7\u00f6z\u00fcmd\u00fcr. \u0130\u00e7eri\u011findeki do\u011fal bile\u015fenlerle, <strong data-start=\"3310\" data-end=\"3336\">cinsel uyar\u0131m\u0131 art\u0131r\u0131r<\/strong>, enerjinizi y\u00fckseltir ve daha verimli bir ili\u015fki deneyimi ya\u015faman\u0131za yard\u0131mc\u0131 olur.<\/p>\n<p data-start=\"3423\" data-end=\"3582\" data-is-last-node=\"\" data-is-only-node=\"\"><strong data-start=\"3423\" data-end=\"3438\">\u015eimdi hemen<\/strong> <strong data-start=\"3439\" data-end=\"3454\">Pembe Tilki<\/strong> \u00fczerinden <strong data-start=\"3465\" data-end=\"3498\">Pink Lady Kad\u0131n Uyar\u0131c\u0131 Damla<\/strong> sipari\u015fi vererek, daha enerjik ve istekli bir ya\u015fam\u0131n kap\u0131lar\u0131n\u0131 aralayabilirsiniz!<\/p>\n","protected":false},"excerpt":{"rendered":"<p><strong data-start=\"76\" data-end=\"109\">Pink Lady Kad\u0131n Uyar\u0131c\u0131 Damla<\/strong>, kad\u0131nlar\u0131n cinsel isteklerini art\u0131rarak daha heyecan verici ve enerjik bir deneyim sunmak i\u00e7in \u00f6zel olarak form\u00fcle edilmi\u015ftir. \u0130\u00e7eri\u011findeki do\u011fal bile\u015fenler ile bedensel ve zihinsel uyar\u0131m\u0131 art\u0131ran bu damla, her t\u00fcrl\u00fc i\u00e7ece\u011fe kolayca eklenerek kullan\u0131m kolayl\u0131\u011f\u0131 sa\u011flar. <strong data-start=\"382\" data-end=\"402\">30 ml cam \u015fi\u015fede<\/strong> sunulan bu \u00fcr\u00fcn, kad\u0131nlar\u0131n g\u00fcnl\u00fck hayat\u0131na kolayca entegre edilebilecek bir enerji ve performans art\u0131r\u0131c\u0131d\u0131r.<\/p>\n","protected":false},"featured_media":19030,"comment_status":"open","ping_status":"closed","template":"","meta":[],"product_brand":[170],"product_cat":[72],"product_tag":[243],"class_list":{"0":"post-18931","1":"product","2":"type-product","3":"status-publish","4":"has-post-thumbnail","6":"product_brand-cabs","7":"product_cat-erkekler-icin","8":"product_tag-pink-lady-kadin-uyarici-damla-30ml","10":"first","11":"instock","12":"taxable","13":"shipping-taxable","14":"purchasable","15":"product-type-simple"},"yoast_head":"<!-- This site is optimized with the Yoast SEO Premium plugin v24.4 (Yoast SEO v27.1.1) - https:\/\/yoast.com\/product\/yoast-seo-premium-wordpress\/ -->\n<title>Pink Lady Kad\u0131n Uyar\u0131c\u0131 Damla 30Ml. - Bursa Erotik Shop<\/title>\n<meta name=\"robots\" content=\"index, follow, max-snippet:-1, max-image-preview:large, max-video-preview:-1\" \/>\n<link rel=\"canonical\" href=\"https:\/\/hobierotikshop.com.tr\/website1\/erotik-shop-urun\/pink-lady-kadin-uyarici-damla-30ml\/\" \/>\n<meta property=\"og:locale\" content=\"tr_TR\" \/>\n<meta property=\"og:type\" content=\"article\" \/>\n<meta property=\"og:title\" content=\"Pink Lady Kad\u0131n Uyar\u0131c\u0131 Damla 30Ml.\" \/>\n<meta property=\"og:description\" content=\"Pink Lady Kad\u0131n Uyar\u0131c\u0131 Damla, kad\u0131nlar\u0131n cinsel isteklerini art\u0131rarak daha heyecan verici ve enerjik bir deneyim sunmak i\u00e7in \u00f6zel olarak form\u00fcle edilmi\u015ftir. \u0130\u00e7eri\u011findeki do\u011fal bile\u015fenler ile bedensel ve zihinsel uyar\u0131m\u0131 art\u0131ran bu damla, her t\u00fcrl\u00fc i\u00e7ece\u011fe kolayca eklenerek kullan\u0131m kolayl\u0131\u011f\u0131 sa\u011flar. 30 ml cam \u015fi\u015fede sunulan bu \u00fcr\u00fcn, kad\u0131nlar\u0131n g\u00fcnl\u00fck hayat\u0131na kolayca entegre edilebilecek bir enerji ve performans art\u0131r\u0131c\u0131d\u0131r.\" \/>\n<meta property=\"og:url\" content=\"https:\/\/hobierotikshop.com.tr\/website1\/erotik-shop-urun\/pink-lady-kadin-uyarici-damla-30ml\/\" \/>\n<meta property=\"og:site_name\" content=\"Bursa Erotik Shop\" \/>\n<meta property=\"article:modified_time\" content=\"2026-01-09T00:09:14+00:00\" \/>\n<meta property=\"og:image\" content=\"https:\/\/hobierotikshop.com.tr\/website1\/wp-content\/uploads\/2025\/03\/pink-lady-kadin-uyarici-damla-30ml-374.jpg\" \/>\n\t<meta property=\"og:image:width\" content=\"400\" \/>\n\t<meta property=\"og:image:height\" content=\"400\" \/>\n\t<meta property=\"og:image:type\" content=\"image\/jpeg\" \/>\n<meta name=\"twitter:card\" content=\"summary_large_image\" \/>\n<meta name=\"twitter:site\" content=\"@shopbursa\" \/>\n<meta name=\"twitter:label1\" content=\"Fiyat\" \/>\n\t<meta name=\"twitter:data1\" content=\"&#8378;400,00 KDV DAH\u0130L\" \/>\n\t<meta name=\"twitter:label2\" content=\"Availability\" \/>\n\t<meta name=\"twitter:data2\" content=\"In stock\" \/>\n<script type=\"application\/ld+json\" class=\"yoast-schema-graph\">{\"@context\":\"https:\/\/schema.org\",\"@graph\":[{\"@type\":\"WebPage\",\"@id\":\"https:\/\/hobierotikshop.com.tr\/website1\/erotik-shop-urun\/pink-lady-kadin-uyarici-damla-30ml\/\",\"url\":\"https:\/\/hobierotikshop.com.tr\/website1\/erotik-shop-urun\/pink-lady-kadin-uyarici-damla-30ml\/\",\"name\":\"Pink Lady Kad\u0131n Uyar\u0131c\u0131 Damla 30Ml. - Bursa Erotik Shop\",\"isPartOf\":{\"@id\":\"https:\/\/hobierotikshop.com.tr\/website1\/#website\"},\"primaryImageOfPage\":{\"@id\":\"https:\/\/hobierotikshop.com.tr\/website1\/erotik-shop-urun\/pink-lady-kadin-uyarici-damla-30ml\/#primaryimage\"},\"image\":{\"@id\":\"https:\/\/hobierotikshop.com.tr\/website1\/erotik-shop-urun\/pink-lady-kadin-uyarici-damla-30ml\/#primaryimage\"},\"thumbnailUrl\":\"https:\/\/haremerotikshop.com\/site\/wp-content\/uploads\/2025\/03\/pink-lady-kadin-uyarici-damla-30ml-374.jpg\",\"datePublished\":\"2025-03-17T09:24:46+00:00\",\"dateModified\":\"2026-01-09T00:09:14+00:00\",\"breadcrumb\":{\"@id\":\"https:\/\/hobierotikshop.com.tr\/website1\/erotik-shop-urun\/pink-lady-kadin-uyarici-damla-30ml\/#breadcrumb\"},\"inLanguage\":\"tr\",\"potentialAction\":[{\"@type\":\"ReadAction\",\"target\":[\"https:\/\/hobierotikshop.com.tr\/website1\/erotik-shop-urun\/pink-lady-kadin-uyarici-damla-30ml\/\"]}]},{\"@type\":\"ImageObject\",\"inLanguage\":\"tr\",\"@id\":\"https:\/\/hobierotikshop.com.tr\/website1\/erotik-shop-urun\/pink-lady-kadin-uyarici-damla-30ml\/#primaryimage\",\"url\":\"https:\/\/haremerotikshop.com\/site\/wp-content\/uploads\/2025\/03\/pink-lady-kadin-uyarici-damla-30ml-374.jpg\",\"contentUrl\":\"https:\/\/haremerotikshop.com\/site\/wp-content\/uploads\/2025\/03\/pink-lady-kadin-uyarici-damla-30ml-374.jpg\",\"width\":400,\"height\":400},{\"@type\":\"BreadcrumbList\",\"@id\":\"https:\/\/hobierotikshop.com.tr\/website1\/erotik-shop-urun\/pink-lady-kadin-uyarici-damla-30ml\/#breadcrumb\",\"itemListElement\":[{\"@type\":\"ListItem\",\"position\":1,\"name\":\"Anasayfa\",\"item\":\"https:\/\/hobierotikshop.com.tr\/website1\/\"},{\"@type\":\"ListItem\",\"position\":2,\"name\":\"Erotik Shop \u00dcr\u00fcnleri\",\"item\":\"https:\/\/hobierotikshop.com.tr\/website1\/shop\/\"},{\"@type\":\"ListItem\",\"position\":3,\"name\":\"Pink Lady Kad\u0131n Uyar\u0131c\u0131 Damla 30Ml.\"}]},{\"@type\":\"WebSite\",\"@id\":\"https:\/\/hobierotikshop.com.tr\/website1\/#website\",\"url\":\"https:\/\/hobierotikshop.com.tr\/website1\/\",\"name\":\"Bursa Erotik Shop\",\"description\":\"Bursa Erotik Shop ile g\u00fcvenli, gizli ve kaliteli yeti\u015fkin \u00fcr\u00fcnleri al\u0131\u015fveri\u015fi! Geni\u015f \u00fcr\u00fcn yelpazemizi ke\u015ffedin, hemen sipari\u015f verin\",\"publisher\":{\"@id\":\"https:\/\/hobierotikshop.com.tr\/website1\/#organization\"},\"alternateName\":\"Erotik Shop\",\"potentialAction\":[{\"@type\":\"SearchAction\",\"target\":{\"@type\":\"EntryPoint\",\"urlTemplate\":\"https:\/\/hobierotikshop.com.tr\/website1\/?s={search_term_string}\"},\"query-input\":{\"@type\":\"PropertyValueSpecification\",\"valueRequired\":true,\"valueName\":\"search_term_string\"}}],\"inLanguage\":\"tr\"},{\"@type\":\"Organization\",\"@id\":\"https:\/\/hobierotikshop.com.tr\/website1\/#organization\",\"name\":\"Harem Bursa Erotik Shop\",\"url\":\"https:\/\/hobierotikshop.com.tr\/website1\/\",\"logo\":{\"@type\":\"ImageObject\",\"inLanguage\":\"tr\",\"@id\":\"https:\/\/hobierotikshop.com.tr\/website1\/#\/schema\/logo\/image\/\",\"url\":\"https:\/\/haremerotikshop.com\/site\/wp-content\/uploads\/2025\/03\/haremsexshop.png\",\"contentUrl\":\"https:\/\/haremerotikshop.com\/site\/wp-content\/uploads\/2025\/03\/haremsexshop.png\",\"width\":400,\"height\":100,\"caption\":\"Harem Bursa Erotik Shop\"},\"image\":{\"@id\":\"https:\/\/hobierotikshop.com.tr\/website1\/#\/schema\/logo\/image\/\"},\"sameAs\":[\"https:\/\/x.com\/shopbursa\"],\"publishingPrinciples\":\"https:\/\/hobierotikshop.com.tr\/website1\/mesafeli-satis-sozlesmesi\/\",\"ownershipFundingInfo\":\"https:\/\/hobierotikshop.com.tr\/website1\/contact-us\/\",\"actionableFeedbackPolicy\":\"https:\/\/hobierotikshop.com.tr\/website1\/contact-us\/\",\"correctionsPolicy\":\"https:\/\/hobierotikshop.com.tr\/website1\/mesafeli-satis-sozlesmesi\/\"}]}<\/script>\n<meta property=\"product:brand\" content=\"Cabs\" \/>\n<meta property=\"product:price:amount\" content=\"400.00\" \/>\n<meta property=\"product:price:currency\" content=\"TRY\" \/>\n<meta property=\"og:availability\" content=\"instock\" \/>\n<meta property=\"product:availability\" content=\"instock\" \/>\n<meta property=\"product:retailer_item_id\" content=\"PT-KC5112\" \/>\n<meta property=\"product:condition\" content=\"new\" \/>\n<!-- \/ Yoast SEO Premium plugin. -->","yoast_head_json":{"title":"Pink Lady Kad\u0131n Uyar\u0131c\u0131 Damla 30Ml. - Bursa Erotik Shop","robots":{"index":"index","follow":"follow","max-snippet":"max-snippet:-1","max-image-preview":"max-image-preview:large","max-video-preview":"max-video-preview:-1"},"canonical":"https:\/\/hobierotikshop.com.tr\/website1\/erotik-shop-urun\/pink-lady-kadin-uyarici-damla-30ml\/","og_locale":"tr_TR","og_type":"article","og_title":"Pink Lady Kad\u0131n Uyar\u0131c\u0131 Damla 30Ml.","og_description":"Pink Lady Kad\u0131n Uyar\u0131c\u0131 Damla, kad\u0131nlar\u0131n cinsel isteklerini art\u0131rarak daha heyecan verici ve enerjik bir deneyim sunmak i\u00e7in \u00f6zel olarak form\u00fcle edilmi\u015ftir. \u0130\u00e7eri\u011findeki do\u011fal bile\u015fenler ile bedensel ve zihinsel uyar\u0131m\u0131 art\u0131ran bu damla, her t\u00fcrl\u00fc i\u00e7ece\u011fe kolayca eklenerek kullan\u0131m kolayl\u0131\u011f\u0131 sa\u011flar. 30 ml cam \u015fi\u015fede sunulan bu \u00fcr\u00fcn, kad\u0131nlar\u0131n g\u00fcnl\u00fck hayat\u0131na kolayca entegre edilebilecek bir enerji ve performans art\u0131r\u0131c\u0131d\u0131r.","og_url":"https:\/\/hobierotikshop.com.tr\/website1\/erotik-shop-urun\/pink-lady-kadin-uyarici-damla-30ml\/","og_site_name":"Bursa Erotik Shop","article_modified_time":"2026-01-09T00:09:14+00:00","og_image":[{"width":400,"height":400,"url":"https:\/\/hobierotikshop.com.tr\/website1\/wp-content\/uploads\/2025\/03\/pink-lady-kadin-uyarici-damla-30ml-374.jpg","type":"image\/jpeg"}],"twitter_card":"summary_large_image","twitter_site":"@shopbursa","twitter_misc":{"Fiyat":"&#8378;400,00 KDV DAH\u0130L","Availability":"In stock"},"schema":{"@context":"https:\/\/schema.org","@graph":[{"@type":"WebPage","@id":"https:\/\/hobierotikshop.com.tr\/website1\/erotik-shop-urun\/pink-lady-kadin-uyarici-damla-30ml\/","url":"https:\/\/hobierotikshop.com.tr\/website1\/erotik-shop-urun\/pink-lady-kadin-uyarici-damla-30ml\/","name":"Pink Lady Kad\u0131n Uyar\u0131c\u0131 Damla 30Ml. - Bursa Erotik Shop","isPartOf":{"@id":"https:\/\/hobierotikshop.com.tr\/website1\/#website"},"primaryImageOfPage":{"@id":"https:\/\/hobierotikshop.com.tr\/website1\/erotik-shop-urun\/pink-lady-kadin-uyarici-damla-30ml\/#primaryimage"},"image":{"@id":"https:\/\/hobierotikshop.com.tr\/website1\/erotik-shop-urun\/pink-lady-kadin-uyarici-damla-30ml\/#primaryimage"},"thumbnailUrl":"https:\/\/haremerotikshop.com\/site\/wp-content\/uploads\/2025\/03\/pink-lady-kadin-uyarici-damla-30ml-374.jpg","datePublished":"2025-03-17T09:24:46+00:00","dateModified":"2026-01-09T00:09:14+00:00","breadcrumb":{"@id":"https:\/\/hobierotikshop.com.tr\/website1\/erotik-shop-urun\/pink-lady-kadin-uyarici-damla-30ml\/#breadcrumb"},"inLanguage":"tr","potentialAction":[{"@type":"ReadAction","target":["https:\/\/hobierotikshop.com.tr\/website1\/erotik-shop-urun\/pink-lady-kadin-uyarici-damla-30ml\/"]}]},{"@type":"ImageObject","inLanguage":"tr","@id":"https:\/\/hobierotikshop.com.tr\/website1\/erotik-shop-urun\/pink-lady-kadin-uyarici-damla-30ml\/#primaryimage","url":"https:\/\/haremerotikshop.com\/site\/wp-content\/uploads\/2025\/03\/pink-lady-kadin-uyarici-damla-30ml-374.jpg","contentUrl":"https:\/\/haremerotikshop.com\/site\/wp-content\/uploads\/2025\/03\/pink-lady-kadin-uyarici-damla-30ml-374.jpg","width":400,"height":400},{"@type":"BreadcrumbList","@id":"https:\/\/hobierotikshop.com.tr\/website1\/erotik-shop-urun\/pink-lady-kadin-uyarici-damla-30ml\/#breadcrumb","itemListElement":[{"@type":"ListItem","position":1,"name":"Anasayfa","item":"https:\/\/hobierotikshop.com.tr\/website1\/"},{"@type":"ListItem","position":2,"name":"Erotik Shop \u00dcr\u00fcnleri","item":"https:\/\/hobierotikshop.com.tr\/website1\/shop\/"},{"@type":"ListItem","position":3,"name":"Pink Lady Kad\u0131n Uyar\u0131c\u0131 Damla 30Ml."}]},{"@type":"WebSite","@id":"https:\/\/hobierotikshop.com.tr\/website1\/#website","url":"https:\/\/hobierotikshop.com.tr\/website1\/","name":"Bursa Erotik Shop","description":"Bursa Erotik Shop ile g\u00fcvenli, gizli ve kaliteli yeti\u015fkin \u00fcr\u00fcnleri al\u0131\u015fveri\u015fi! Geni\u015f \u00fcr\u00fcn yelpazemizi ke\u015ffedin, hemen sipari\u015f verin","publisher":{"@id":"https:\/\/hobierotikshop.com.tr\/website1\/#organization"},"alternateName":"Erotik Shop","potentialAction":[{"@type":"SearchAction","target":{"@type":"EntryPoint","urlTemplate":"https:\/\/hobierotikshop.com.tr\/website1\/?s={search_term_string}"},"query-input":{"@type":"PropertyValueSpecification","valueRequired":true,"valueName":"search_term_string"}}],"inLanguage":"tr"},{"@type":"Organization","@id":"https:\/\/hobierotikshop.com.tr\/website1\/#organization","name":"Harem Bursa Erotik Shop","url":"https:\/\/hobierotikshop.com.tr\/website1\/","logo":{"@type":"ImageObject","inLanguage":"tr","@id":"https:\/\/hobierotikshop.com.tr\/website1\/#\/schema\/logo\/image\/","url":"https:\/\/haremerotikshop.com\/site\/wp-content\/uploads\/2025\/03\/haremsexshop.png","contentUrl":"https:\/\/haremerotikshop.com\/site\/wp-content\/uploads\/2025\/03\/haremsexshop.png","width":400,"height":100,"caption":"Harem Bursa Erotik Shop"},"image":{"@id":"https:\/\/hobierotikshop.com.tr\/website1\/#\/schema\/logo\/image\/"},"sameAs":["https:\/\/x.com\/shopbursa"],"publishingPrinciples":"https:\/\/hobierotikshop.com.tr\/website1\/mesafeli-satis-sozlesmesi\/","ownershipFundingInfo":"https:\/\/hobierotikshop.com.tr\/website1\/contact-us\/","actionableFeedbackPolicy":"https:\/\/hobierotikshop.com.tr\/website1\/contact-us\/","correctionsPolicy":"https:\/\/hobierotikshop.com.tr\/website1\/mesafeli-satis-sozlesmesi\/"}]},"product_brand":"Cabs","product_price_amount":"400.00","product_price_currency":"TRY","og_availability":"instock","product_availability":"instock","product_retailer_item_id":"PT-KC5112","product_condition":"new"},"_links":{"self":[{"href":"https:\/\/haremerotikshop.com\/site\/wp-json\/wp\/v2\/product\/18931","targetHints":{"allow":["GET"]}}],"collection":[{"href":"https:\/\/haremerotikshop.com\/site\/wp-json\/wp\/v2\/product"}],"about":[{"href":"https:\/\/haremerotikshop.com\/site\/wp-json\/wp\/v2\/types\/product"}],"replies":[{"embeddable":true,"href":"https:\/\/haremerotikshop.com\/site\/wp-json\/wp\/v2\/comments?post=18931"}],"version-history":[{"count":0,"href":"https:\/\/haremerotikshop.com\/site\/wp-json\/wp\/v2\/product\/18931\/revisions"}],"wp:featuredmedia":[{"embeddable":true,"href":"https:\/\/haremerotikshop.com\/site\/wp-json\/wp\/v2\/media\/19030"}],"wp:attachment":[{"href":"https:\/\/haremerotikshop.com\/site\/wp-json\/wp\/v2\/media?parent=18931"}],"wp:term":[{"taxonomy":"product_brand","embeddable":true,"href":"https:\/\/haremerotikshop.com\/site\/wp-json\/wp\/v2\/product_brand?post=18931"},{"taxonomy":"product_cat","embeddable":true,"href":"https:\/\/haremerotikshop.com\/site\/wp-json\/wp\/v2\/product_cat?post=18931"},{"taxonomy":"product_tag","embeddable":true,"href":"https:\/\/haremerotikshop.com\/site\/wp-json\/wp\/v2\/product_tag?post=18931"}],"curies":[{"name":"wp","href":"https:\/\/api.w.org\/{rel}","templated":true}]}}