{"id":18932,"date":"2025-03-17T12:24:46","date_gmt":"2025-03-17T09:24:46","guid":{"rendered":"https:\/\/haremerotikshop.com\/site\/?post_type=product&#038;p=18932"},"modified":"2026-01-09T03:09:13","modified_gmt":"2026-01-09T00:09:13","slug":"sfliege-kadin-uyarici-damla-20ml","status":"publish","type":"product","link":"https:\/\/haremerotikshop.com\/site\/erotik-shop-urun\/sfliege-kadin-uyarici-damla-20ml\/","title":{"rendered":"Sfliege Kad\u0131n Uyar\u0131c\u0131 Damla 20Ml."},"content":{"rendered":"<h3 data-start=\"0\" data-end=\"78\"><strong data-start=\"4\" data-end=\"78\">Sfliege Damla: Do\u011fal Enerji ve Performans Art\u0131\u015f\u0131 \u0130\u00e7in G\u00fc\u00e7l\u00fc Bir Destek<\/strong><\/h3>\n<p data-start=\"80\" data-end=\"477\"><strong data-start=\"80\" data-end=\"97\">Sfliege Damla<\/strong>, enerji seviyenizi y\u00fckseltmek ve zihinsel odaklanman\u0131z\u0131 art\u0131rmak i\u00e7in \u00f6zel olarak form\u00fcle edilmi\u015f etkili bir \u00fcr\u00fcnd\u00fcr. \u0130\u00e7eri\u011findeki do\u011fal bile\u015fenler, performans\u0131n\u0131z\u0131 art\u0131rmaya yard\u0131mc\u0131 olurken, fiziksel ve zihinsel uyan\u0131kl\u0131\u011f\u0131n\u0131z\u0131 da destekler. Bu 30 ml&#8217;lik damla, her an ihtiyac\u0131n\u0131z oldu\u011funda pratik bir \u00e7\u00f6z\u00fcm sunarak, hem g\u00fcnl\u00fck hem de \u00f6zel anlarda sizi en iyi \u015fekilde destekler.<\/p>\n<hr data-start=\"479\" data-end=\"482\" \/>\n<h3 data-start=\"484\" data-end=\"527\"><strong data-start=\"488\" data-end=\"527\">Sfliege Damla \u0130\u00e7eri\u011fi ve Faydalar\u0131:<\/strong><\/h3>\n<h4 data-start=\"529\" data-end=\"569\"><strong data-start=\"534\" data-end=\"569\">1. L-Askorbik Asit (Vitamin C):<\/strong><\/h4>\n<p data-start=\"570\" data-end=\"815\"><strong data-start=\"570\" data-end=\"589\">L-askorbik asit<\/strong>, g\u00fc\u00e7l\u00fc bir antioksidan olarak v\u00fccudu serbest radikallerden korur. Ayr\u0131ca ba\u011f\u0131\u015f\u0131kl\u0131k sistemini g\u00fc\u00e7lendirir, enerji seviyenizi art\u0131r\u0131r ve v\u00fccudunuzu daha sa\u011fl\u0131kl\u0131 tutar. Cilt sa\u011fl\u0131\u011f\u0131n\u0131 iyile\u015ftirir ve v\u00fccuda din\u00e7lik kazand\u0131r\u0131r.<\/p>\n<h4 data-start=\"817\" data-end=\"839\"><strong data-start=\"822\" data-end=\"839\">2. L-Arjinin:<\/strong><\/h4>\n<p data-start=\"840\" data-end=\"1050\"><strong data-start=\"840\" data-end=\"853\">L-arjinin<\/strong>, kan dola\u015f\u0131m\u0131n\u0131 art\u0131rarak daha y\u00fcksek bir enerji seviyesi sa\u011flar. Ayr\u0131ca, nitrik oksit \u00fcretimini te\u015fvik eder, bu da v\u00fccudun daha fazla oksijen ta\u015f\u0131mas\u0131na yard\u0131mc\u0131 olur ve performans\u0131n\u0131z\u0131 art\u0131r\u0131r.<\/p>\n<h4 data-start=\"1052\" data-end=\"1081\"><strong data-start=\"1057\" data-end=\"1081\">3. Meyan K\u00f6k\u00fc \u00d6z\u00fct\u00fc:<\/strong><\/h4>\n<p data-start=\"1082\" data-end=\"1343\"><strong data-start=\"1082\" data-end=\"1102\">Meyan k\u00f6k\u00fc \u00f6z\u00fct\u00fc<\/strong>, do\u011fal rahatlat\u0131c\u0131 etkisi ile bilinir. Sindirim sistemini desteklerken, v\u00fccudu dengeleyici \u00f6zellikleri ile yorgunluk hissini giderir. Ayr\u0131ca, ruh halinizi iyile\u015ftirir ve enerjinizi art\u0131r\u0131r, b\u00f6ylece g\u00fcn boyunca aktif kalman\u0131za yard\u0131mc\u0131 olur.<\/p>\n<h4 data-start=\"1345\" data-end=\"1374\"><strong data-start=\"1350\" data-end=\"1374\">4. Kafein (150mg\/L):<\/strong><\/h4>\n<p data-start=\"1375\" data-end=\"1583\"><strong data-start=\"1375\" data-end=\"1385\">Kafein<\/strong>, zihinsel uyan\u0131kl\u0131\u011f\u0131 art\u0131r\u0131r, konsantrasyonu g\u00fc\u00e7lendirir ve yorgunluk hissini ortadan kald\u0131r\u0131r. <strong data-start=\"1482\" data-end=\"1493\">150mg\/L<\/strong> oran\u0131ndaki kafein i\u00e7eri\u011fi sayesinde enerjinizi h\u0131zla toparlar ve performans\u0131n\u0131z\u0131 art\u0131r\u0131r.<\/p>\n<h4 data-start=\"1585\" data-end=\"1631\"><strong data-start=\"1590\" data-end=\"1631\">5. Potasyum Sorbat ve Sodyum Benzoat:<\/strong><\/h4>\n<p data-start=\"1632\" data-end=\"1828\">Bu iki bile\u015fen, \u00fcr\u00fcn\u00fc koruyarak uzun s\u00fcre taze kalmas\u0131n\u0131 sa\u011flar. <strong data-start=\"1697\" data-end=\"1716\">Potasyum sorbat<\/strong> ve <strong data-start=\"1720\" data-end=\"1738\">sodyum benzoat<\/strong>, mikroorganizmalara kar\u015f\u0131 etkili olup, \u00fcr\u00fcn\u00fcn hijyenik ve g\u00fcvenli olmas\u0131na yard\u0131mc\u0131 olur.<\/p>\n<hr data-start=\"1830\" data-end=\"1833\" \/>\n<h3 data-start=\"1835\" data-end=\"1874\"><strong data-start=\"1839\" data-end=\"1874\">Sfliege Damla Nas\u0131l Kullan\u0131l\u0131r?<\/strong><\/h3>\n<p data-start=\"1876\" data-end=\"2108\"><strong data-start=\"1876\" data-end=\"1893\">Sfliege Damla<\/strong> kullan\u0131m\u0131 son derece basittir ve her i\u00e7ece\u011fe kolayca kar\u0131\u015ft\u0131r\u0131labilir. Tad\u0131n\u0131 de\u011fi\u015ftirmeden, g\u00fcn\u00fcn her saatinde rahat\u00e7a kullanabilece\u011finiz bu \u00fcr\u00fcn, v\u00fccudunuzu h\u0131zla canland\u0131rarak g\u00fcnl\u00fck ihtiya\u00e7lar\u0131n\u0131za uyum sa\u011flar.<\/p>\n<p data-start=\"2110\" data-end=\"2135\"><strong data-start=\"2110\" data-end=\"2135\">Kullan\u0131m Talimatlar\u0131:<\/strong><\/p>\n<ol data-start=\"2136\" data-end=\"2290\">\n<li data-start=\"2136\" data-end=\"2163\">\u015ei\u015feyi iyice \u00e7alkalay\u0131n.<\/li>\n<li data-start=\"2164\" data-end=\"2256\"><strong data-start=\"2167\" data-end=\"2180\">5-7 damla<\/strong> Sfliege damlas\u0131n\u0131 herhangi bir alkols\u00fcz i\u00e7ece\u011fe ekleyin (so\u011fuk veya s\u0131cak).<\/li>\n<li data-start=\"2257\" data-end=\"2290\">Kar\u0131\u015ft\u0131r\u0131n ve rahat\u00e7a t\u00fcketin.<\/li>\n<\/ol>\n<p data-start=\"2292\" data-end=\"2418\"><strong data-start=\"2292\" data-end=\"2300\">Not:<\/strong> <strong data-start=\"2301\" data-end=\"2318\">Sfliege Damla<\/strong>, i\u00e7eri\u011findeki kafein sayesinde h\u0131zl\u0131 etki g\u00f6sterir, ancak a\u015f\u0131r\u0131 kullan\u0131m\u0131ndan ka\u00e7\u0131n\u0131lmas\u0131 \u00f6nerilir.<\/p>\n<hr data-start=\"2420\" data-end=\"2423\" \/>\n<h3 data-start=\"2425\" data-end=\"2469\"><strong data-start=\"2429\" data-end=\"2469\">Sfliege Damla Neden Tercih Edilmeli?<\/strong><\/h3>\n<ul data-start=\"2471\" data-end=\"3145\">\n<li data-start=\"2471\" data-end=\"2614\"><strong data-start=\"2473\" data-end=\"2505\">Enerji ve Performans Art\u0131\u015f\u0131:<\/strong> \u0130\u00e7eri\u011findeki <strong data-start=\"2519\" data-end=\"2532\">L-arjinin<\/strong> ve <strong data-start=\"2536\" data-end=\"2546\">kafein<\/strong> ile h\u0131zla enerji seviyenizi art\u0131r\u0131r ve performans\u0131n\u0131z\u0131 g\u00fc\u00e7lendirir.<\/li>\n<li data-start=\"2615\" data-end=\"2733\"><strong data-start=\"2617\" data-end=\"2638\">Do\u011fal Bile\u015fenler:<\/strong> <strong data-start=\"2639\" data-end=\"2658\">L-askorbik asit<\/strong>, <strong data-start=\"2660\" data-end=\"2680\">meyan k\u00f6k\u00fc \u00f6z\u00fct\u00fc<\/strong> gibi do\u011fal bile\u015fenler ile sa\u011fl\u0131kl\u0131 bir destek sunar.<\/li>\n<li data-start=\"2734\" data-end=\"2833\"><strong data-start=\"2736\" data-end=\"2765\">Kolay ve Pratik Kullan\u0131m:<\/strong> \u0130\u00e7eceklere kolayca eklenebilir ve tat a\u00e7\u0131s\u0131ndan rahats\u0131zl\u0131k vermez.<\/li>\n<li data-start=\"2834\" data-end=\"3016\"><strong data-start=\"2836\" data-end=\"2879\">ISO9001 ve ISO22000 Sertifikal\u0131 \u00dcretim:<\/strong> <strong data-start=\"2880\" data-end=\"2891\">Sfliege<\/strong> damlas\u0131, uluslararas\u0131 kalite standartlar\u0131na uygun olarak \u00fcretilmi\u015ftir, bu da \u00fcr\u00fcn\u00fcn g\u00fcvenli\u011fini ve etkinli\u011fini garanti eder.<\/li>\n<li data-start=\"3017\" data-end=\"3145\"><strong data-start=\"3019\" data-end=\"3043\">Uzun S\u00fcreli Tazelik:<\/strong> \u0130\u00e7eri\u011finde bulunan <strong data-start=\"3063\" data-end=\"3082\">potasyum sorbat<\/strong> ve <strong data-start=\"3086\" data-end=\"3104\">sodyum benzoat<\/strong>, \u00fcr\u00fcn\u00fcn uzun s\u00fcre taze kalmas\u0131n\u0131 sa\u011flar.<\/li>\n<\/ul>\n<hr data-start=\"3147\" data-end=\"3150\" \/>\n<h3 data-start=\"3152\" data-end=\"3215\"><strong data-start=\"3156\" data-end=\"3215\">Sfliege Damla ile G\u00fcn Boyu Enerjik ve Performansl\u0131 Olun<\/strong><\/h3>\n<p data-start=\"3217\" data-end=\"3554\"><strong data-start=\"3217\" data-end=\"3234\">Sfliege Damla<\/strong>, enerji seviyenizi art\u0131rmak ve daha verimli bir g\u00fcn ge\u00e7irmek i\u00e7in m\u00fckemmel bir destek sunar. \u0130\u00e7eri\u011findeki g\u00fc\u00e7l\u00fc do\u011fal bile\u015fenler sayesinde, g\u00fcn boyunca daha fazla canl\u0131l\u0131k ve zindelik hissedersiniz. Ayr\u0131ca, <strong data-start=\"3442\" data-end=\"3459\">Sfliege Damla<\/strong>, zihinsel ve fiziksel performans\u0131n\u0131z\u0131 art\u0131rarak daha \u00fcretken bir ya\u015fam s\u00fcrmenize olanak tan\u0131r.<\/p>\n<p data-start=\"3556\" data-end=\"3669\" data-is-last-node=\"\" data-is-only-node=\"\"><strong data-start=\"3556\" data-end=\"3571\">\u015eimdi hemen<\/strong> <strong data-start=\"3572\" data-end=\"3589\">Sfliege Damla<\/strong> sipari\u015fi vererek, enerjinizi y\u00fckseltin ve hayat\u0131n\u0131za daha fazla canl\u0131l\u0131k kat\u0131n!<\/p>\n","protected":false},"excerpt":{"rendered":"<p><strong data-start=\"80\" data-end=\"97\">Sfliege Damla<\/strong>, enerji seviyenizi y\u00fckseltmek ve zihinsel odaklanman\u0131z\u0131 art\u0131rmak i\u00e7in \u00f6zel olarak form\u00fcle edilmi\u015f etkili bir \u00fcr\u00fcnd\u00fcr. \u0130\u00e7eri\u011findeki do\u011fal bile\u015fenler, performans\u0131n\u0131z\u0131 art\u0131rmaya yard\u0131mc\u0131 olurken, fiziksel ve zihinsel uyan\u0131kl\u0131\u011f\u0131n\u0131z\u0131 da destekler. Bu 30 ml&#8217;lik damla, her an ihtiyac\u0131n\u0131z oldu\u011funda pratik bir \u00e7\u00f6z\u00fcm sunarak, hem g\u00fcnl\u00fck hem de \u00f6zel anlarda sizi en iyi \u015fekilde destekler.<\/p>\n","protected":false},"featured_media":19033,"comment_status":"open","ping_status":"closed","template":"","meta":[],"product_brand":[170],"product_cat":[72],"product_tag":[244],"class_list":{"0":"post-18932","1":"product","2":"type-product","3":"status-publish","4":"has-post-thumbnail","6":"product_brand-cabs","7":"product_cat-erkekler-icin","8":"product_tag-sfliege-kadin-uyarici-damla-20ml","10":"first","11":"instock","12":"taxable","13":"shipping-taxable","14":"purchasable","15":"product-type-simple"},"yoast_head":"<!-- This site is optimized with the Yoast SEO Premium plugin v24.4 (Yoast SEO v27.1.1) - https:\/\/yoast.com\/product\/yoast-seo-premium-wordpress\/ -->\n<title>Sfliege Kad\u0131n Uyar\u0131c\u0131 Damla 20Ml. - Bursa Erotik Shop<\/title>\n<meta name=\"robots\" content=\"index, follow, max-snippet:-1, max-image-preview:large, max-video-preview:-1\" \/>\n<link rel=\"canonical\" href=\"https:\/\/hobierotikshop.com.tr\/website1\/erotik-shop-urun\/sfliege-kadin-uyarici-damla-20ml\/\" \/>\n<meta property=\"og:locale\" content=\"tr_TR\" \/>\n<meta property=\"og:type\" content=\"article\" \/>\n<meta property=\"og:title\" content=\"Sfliege Kad\u0131n Uyar\u0131c\u0131 Damla 20Ml.\" \/>\n<meta property=\"og:description\" content=\"Sfliege Damla, enerji seviyenizi y\u00fckseltmek ve zihinsel odaklanman\u0131z\u0131 art\u0131rmak i\u00e7in \u00f6zel olarak form\u00fcle edilmi\u015f etkili bir \u00fcr\u00fcnd\u00fcr. \u0130\u00e7eri\u011findeki do\u011fal bile\u015fenler, performans\u0131n\u0131z\u0131 art\u0131rmaya yard\u0131mc\u0131 olurken, fiziksel ve zihinsel uyan\u0131kl\u0131\u011f\u0131n\u0131z\u0131 da destekler. Bu 30 ml&#039;lik damla, her an ihtiyac\u0131n\u0131z oldu\u011funda pratik bir \u00e7\u00f6z\u00fcm sunarak, hem g\u00fcnl\u00fck hem de \u00f6zel anlarda sizi en iyi \u015fekilde destekler.\" \/>\n<meta property=\"og:url\" content=\"https:\/\/hobierotikshop.com.tr\/website1\/erotik-shop-urun\/sfliege-kadin-uyarici-damla-20ml\/\" \/>\n<meta property=\"og:site_name\" content=\"Bursa Erotik Shop\" \/>\n<meta property=\"article:modified_time\" content=\"2026-01-09T00:09:13+00:00\" \/>\n<meta property=\"og:image\" content=\"https:\/\/hobierotikshop.com.tr\/website1\/wp-content\/uploads\/2025\/03\/sfliege-kadin-uyarici-damla-20ml-417.jpg\" \/>\n\t<meta property=\"og:image:width\" content=\"400\" \/>\n\t<meta property=\"og:image:height\" content=\"400\" \/>\n\t<meta property=\"og:image:type\" content=\"image\/jpeg\" \/>\n<meta name=\"twitter:card\" content=\"summary_large_image\" \/>\n<meta name=\"twitter:site\" content=\"@shopbursa\" \/>\n<meta name=\"twitter:label1\" content=\"Fiyat\" \/>\n\t<meta name=\"twitter:data1\" content=\"&#8378;300,00 KDV DAH\u0130L\" \/>\n\t<meta name=\"twitter:label2\" content=\"Availability\" \/>\n\t<meta name=\"twitter:data2\" content=\"In stock\" \/>\n<script type=\"application\/ld+json\" class=\"yoast-schema-graph\">{\"@context\":\"https:\/\/schema.org\",\"@graph\":[{\"@type\":\"WebPage\",\"@id\":\"https:\/\/hobierotikshop.com.tr\/website1\/erotik-shop-urun\/sfliege-kadin-uyarici-damla-20ml\/\",\"url\":\"https:\/\/hobierotikshop.com.tr\/website1\/erotik-shop-urun\/sfliege-kadin-uyarici-damla-20ml\/\",\"name\":\"Sfliege Kad\u0131n Uyar\u0131c\u0131 Damla 20Ml. - Bursa Erotik Shop\",\"isPartOf\":{\"@id\":\"https:\/\/hobierotikshop.com.tr\/website1\/#website\"},\"primaryImageOfPage\":{\"@id\":\"https:\/\/hobierotikshop.com.tr\/website1\/erotik-shop-urun\/sfliege-kadin-uyarici-damla-20ml\/#primaryimage\"},\"image\":{\"@id\":\"https:\/\/hobierotikshop.com.tr\/website1\/erotik-shop-urun\/sfliege-kadin-uyarici-damla-20ml\/#primaryimage\"},\"thumbnailUrl\":\"https:\/\/haremerotikshop.com\/site\/wp-content\/uploads\/2025\/03\/sfliege-kadin-uyarici-damla-20ml-417.jpg\",\"datePublished\":\"2025-03-17T09:24:46+00:00\",\"dateModified\":\"2026-01-09T00:09:13+00:00\",\"breadcrumb\":{\"@id\":\"https:\/\/hobierotikshop.com.tr\/website1\/erotik-shop-urun\/sfliege-kadin-uyarici-damla-20ml\/#breadcrumb\"},\"inLanguage\":\"tr\",\"potentialAction\":[{\"@type\":\"ReadAction\",\"target\":[\"https:\/\/hobierotikshop.com.tr\/website1\/erotik-shop-urun\/sfliege-kadin-uyarici-damla-20ml\/\"]}]},{\"@type\":\"ImageObject\",\"inLanguage\":\"tr\",\"@id\":\"https:\/\/hobierotikshop.com.tr\/website1\/erotik-shop-urun\/sfliege-kadin-uyarici-damla-20ml\/#primaryimage\",\"url\":\"https:\/\/haremerotikshop.com\/site\/wp-content\/uploads\/2025\/03\/sfliege-kadin-uyarici-damla-20ml-417.jpg\",\"contentUrl\":\"https:\/\/haremerotikshop.com\/site\/wp-content\/uploads\/2025\/03\/sfliege-kadin-uyarici-damla-20ml-417.jpg\",\"width\":400,\"height\":400},{\"@type\":\"BreadcrumbList\",\"@id\":\"https:\/\/hobierotikshop.com.tr\/website1\/erotik-shop-urun\/sfliege-kadin-uyarici-damla-20ml\/#breadcrumb\",\"itemListElement\":[{\"@type\":\"ListItem\",\"position\":1,\"name\":\"Anasayfa\",\"item\":\"https:\/\/hobierotikshop.com.tr\/website1\/\"},{\"@type\":\"ListItem\",\"position\":2,\"name\":\"Erotik Shop \u00dcr\u00fcnleri\",\"item\":\"https:\/\/hobierotikshop.com.tr\/website1\/shop\/\"},{\"@type\":\"ListItem\",\"position\":3,\"name\":\"Sfliege Kad\u0131n Uyar\u0131c\u0131 Damla 20Ml.\"}]},{\"@type\":\"WebSite\",\"@id\":\"https:\/\/hobierotikshop.com.tr\/website1\/#website\",\"url\":\"https:\/\/hobierotikshop.com.tr\/website1\/\",\"name\":\"Bursa Erotik Shop\",\"description\":\"Bursa Erotik Shop ile g\u00fcvenli, gizli ve kaliteli yeti\u015fkin \u00fcr\u00fcnleri al\u0131\u015fveri\u015fi! Geni\u015f \u00fcr\u00fcn yelpazemizi ke\u015ffedin, hemen sipari\u015f verin\",\"publisher\":{\"@id\":\"https:\/\/hobierotikshop.com.tr\/website1\/#organization\"},\"alternateName\":\"Erotik Shop\",\"potentialAction\":[{\"@type\":\"SearchAction\",\"target\":{\"@type\":\"EntryPoint\",\"urlTemplate\":\"https:\/\/hobierotikshop.com.tr\/website1\/?s={search_term_string}\"},\"query-input\":{\"@type\":\"PropertyValueSpecification\",\"valueRequired\":true,\"valueName\":\"search_term_string\"}}],\"inLanguage\":\"tr\"},{\"@type\":\"Organization\",\"@id\":\"https:\/\/hobierotikshop.com.tr\/website1\/#organization\",\"name\":\"Harem Bursa Erotik Shop\",\"url\":\"https:\/\/hobierotikshop.com.tr\/website1\/\",\"logo\":{\"@type\":\"ImageObject\",\"inLanguage\":\"tr\",\"@id\":\"https:\/\/hobierotikshop.com.tr\/website1\/#\/schema\/logo\/image\/\",\"url\":\"https:\/\/haremerotikshop.com\/site\/wp-content\/uploads\/2025\/03\/haremsexshop.png\",\"contentUrl\":\"https:\/\/haremerotikshop.com\/site\/wp-content\/uploads\/2025\/03\/haremsexshop.png\",\"width\":400,\"height\":100,\"caption\":\"Harem Bursa Erotik Shop\"},\"image\":{\"@id\":\"https:\/\/hobierotikshop.com.tr\/website1\/#\/schema\/logo\/image\/\"},\"sameAs\":[\"https:\/\/x.com\/shopbursa\"],\"publishingPrinciples\":\"https:\/\/hobierotikshop.com.tr\/website1\/mesafeli-satis-sozlesmesi\/\",\"ownershipFundingInfo\":\"https:\/\/hobierotikshop.com.tr\/website1\/contact-us\/\",\"actionableFeedbackPolicy\":\"https:\/\/hobierotikshop.com.tr\/website1\/contact-us\/\",\"correctionsPolicy\":\"https:\/\/hobierotikshop.com.tr\/website1\/mesafeli-satis-sozlesmesi\/\"}]}<\/script>\n<meta property=\"product:brand\" content=\"Cabs\" \/>\n<meta property=\"product:price:amount\" content=\"300.00\" \/>\n<meta property=\"product:price:currency\" content=\"TRY\" \/>\n<meta property=\"og:availability\" content=\"instock\" \/>\n<meta property=\"product:availability\" content=\"instock\" \/>\n<meta property=\"product:retailer_item_id\" content=\"PT-KC1546\" \/>\n<meta property=\"product:condition\" content=\"new\" \/>\n<!-- \/ Yoast SEO Premium plugin. -->","yoast_head_json":{"title":"Sfliege Kad\u0131n Uyar\u0131c\u0131 Damla 20Ml. - Bursa Erotik Shop","robots":{"index":"index","follow":"follow","max-snippet":"max-snippet:-1","max-image-preview":"max-image-preview:large","max-video-preview":"max-video-preview:-1"},"canonical":"https:\/\/hobierotikshop.com.tr\/website1\/erotik-shop-urun\/sfliege-kadin-uyarici-damla-20ml\/","og_locale":"tr_TR","og_type":"article","og_title":"Sfliege Kad\u0131n Uyar\u0131c\u0131 Damla 20Ml.","og_description":"Sfliege Damla, enerji seviyenizi y\u00fckseltmek ve zihinsel odaklanman\u0131z\u0131 art\u0131rmak i\u00e7in \u00f6zel olarak form\u00fcle edilmi\u015f etkili bir \u00fcr\u00fcnd\u00fcr. \u0130\u00e7eri\u011findeki do\u011fal bile\u015fenler, performans\u0131n\u0131z\u0131 art\u0131rmaya yard\u0131mc\u0131 olurken, fiziksel ve zihinsel uyan\u0131kl\u0131\u011f\u0131n\u0131z\u0131 da destekler. Bu 30 ml'lik damla, her an ihtiyac\u0131n\u0131z oldu\u011funda pratik bir \u00e7\u00f6z\u00fcm sunarak, hem g\u00fcnl\u00fck hem de \u00f6zel anlarda sizi en iyi \u015fekilde destekler.","og_url":"https:\/\/hobierotikshop.com.tr\/website1\/erotik-shop-urun\/sfliege-kadin-uyarici-damla-20ml\/","og_site_name":"Bursa Erotik Shop","article_modified_time":"2026-01-09T00:09:13+00:00","og_image":[{"width":400,"height":400,"url":"https:\/\/hobierotikshop.com.tr\/website1\/wp-content\/uploads\/2025\/03\/sfliege-kadin-uyarici-damla-20ml-417.jpg","type":"image\/jpeg"}],"twitter_card":"summary_large_image","twitter_site":"@shopbursa","twitter_misc":{"Fiyat":"&#8378;300,00 KDV DAH\u0130L","Availability":"In stock"},"schema":{"@context":"https:\/\/schema.org","@graph":[{"@type":"WebPage","@id":"https:\/\/hobierotikshop.com.tr\/website1\/erotik-shop-urun\/sfliege-kadin-uyarici-damla-20ml\/","url":"https:\/\/hobierotikshop.com.tr\/website1\/erotik-shop-urun\/sfliege-kadin-uyarici-damla-20ml\/","name":"Sfliege Kad\u0131n Uyar\u0131c\u0131 Damla 20Ml. - Bursa Erotik Shop","isPartOf":{"@id":"https:\/\/hobierotikshop.com.tr\/website1\/#website"},"primaryImageOfPage":{"@id":"https:\/\/hobierotikshop.com.tr\/website1\/erotik-shop-urun\/sfliege-kadin-uyarici-damla-20ml\/#primaryimage"},"image":{"@id":"https:\/\/hobierotikshop.com.tr\/website1\/erotik-shop-urun\/sfliege-kadin-uyarici-damla-20ml\/#primaryimage"},"thumbnailUrl":"https:\/\/haremerotikshop.com\/site\/wp-content\/uploads\/2025\/03\/sfliege-kadin-uyarici-damla-20ml-417.jpg","datePublished":"2025-03-17T09:24:46+00:00","dateModified":"2026-01-09T00:09:13+00:00","breadcrumb":{"@id":"https:\/\/hobierotikshop.com.tr\/website1\/erotik-shop-urun\/sfliege-kadin-uyarici-damla-20ml\/#breadcrumb"},"inLanguage":"tr","potentialAction":[{"@type":"ReadAction","target":["https:\/\/hobierotikshop.com.tr\/website1\/erotik-shop-urun\/sfliege-kadin-uyarici-damla-20ml\/"]}]},{"@type":"ImageObject","inLanguage":"tr","@id":"https:\/\/hobierotikshop.com.tr\/website1\/erotik-shop-urun\/sfliege-kadin-uyarici-damla-20ml\/#primaryimage","url":"https:\/\/haremerotikshop.com\/site\/wp-content\/uploads\/2025\/03\/sfliege-kadin-uyarici-damla-20ml-417.jpg","contentUrl":"https:\/\/haremerotikshop.com\/site\/wp-content\/uploads\/2025\/03\/sfliege-kadin-uyarici-damla-20ml-417.jpg","width":400,"height":400},{"@type":"BreadcrumbList","@id":"https:\/\/hobierotikshop.com.tr\/website1\/erotik-shop-urun\/sfliege-kadin-uyarici-damla-20ml\/#breadcrumb","itemListElement":[{"@type":"ListItem","position":1,"name":"Anasayfa","item":"https:\/\/hobierotikshop.com.tr\/website1\/"},{"@type":"ListItem","position":2,"name":"Erotik Shop \u00dcr\u00fcnleri","item":"https:\/\/hobierotikshop.com.tr\/website1\/shop\/"},{"@type":"ListItem","position":3,"name":"Sfliege Kad\u0131n Uyar\u0131c\u0131 Damla 20Ml."}]},{"@type":"WebSite","@id":"https:\/\/hobierotikshop.com.tr\/website1\/#website","url":"https:\/\/hobierotikshop.com.tr\/website1\/","name":"Bursa Erotik Shop","description":"Bursa Erotik Shop ile g\u00fcvenli, gizli ve kaliteli yeti\u015fkin \u00fcr\u00fcnleri al\u0131\u015fveri\u015fi! Geni\u015f \u00fcr\u00fcn yelpazemizi ke\u015ffedin, hemen sipari\u015f verin","publisher":{"@id":"https:\/\/hobierotikshop.com.tr\/website1\/#organization"},"alternateName":"Erotik Shop","potentialAction":[{"@type":"SearchAction","target":{"@type":"EntryPoint","urlTemplate":"https:\/\/hobierotikshop.com.tr\/website1\/?s={search_term_string}"},"query-input":{"@type":"PropertyValueSpecification","valueRequired":true,"valueName":"search_term_string"}}],"inLanguage":"tr"},{"@type":"Organization","@id":"https:\/\/hobierotikshop.com.tr\/website1\/#organization","name":"Harem Bursa Erotik Shop","url":"https:\/\/hobierotikshop.com.tr\/website1\/","logo":{"@type":"ImageObject","inLanguage":"tr","@id":"https:\/\/hobierotikshop.com.tr\/website1\/#\/schema\/logo\/image\/","url":"https:\/\/haremerotikshop.com\/site\/wp-content\/uploads\/2025\/03\/haremsexshop.png","contentUrl":"https:\/\/haremerotikshop.com\/site\/wp-content\/uploads\/2025\/03\/haremsexshop.png","width":400,"height":100,"caption":"Harem Bursa Erotik Shop"},"image":{"@id":"https:\/\/hobierotikshop.com.tr\/website1\/#\/schema\/logo\/image\/"},"sameAs":["https:\/\/x.com\/shopbursa"],"publishingPrinciples":"https:\/\/hobierotikshop.com.tr\/website1\/mesafeli-satis-sozlesmesi\/","ownershipFundingInfo":"https:\/\/hobierotikshop.com.tr\/website1\/contact-us\/","actionableFeedbackPolicy":"https:\/\/hobierotikshop.com.tr\/website1\/contact-us\/","correctionsPolicy":"https:\/\/hobierotikshop.com.tr\/website1\/mesafeli-satis-sozlesmesi\/"}]},"product_brand":"Cabs","product_price_amount":"300.00","product_price_currency":"TRY","og_availability":"instock","product_availability":"instock","product_retailer_item_id":"PT-KC1546","product_condition":"new"},"_links":{"self":[{"href":"https:\/\/haremerotikshop.com\/site\/wp-json\/wp\/v2\/product\/18932","targetHints":{"allow":["GET"]}}],"collection":[{"href":"https:\/\/haremerotikshop.com\/site\/wp-json\/wp\/v2\/product"}],"about":[{"href":"https:\/\/haremerotikshop.com\/site\/wp-json\/wp\/v2\/types\/product"}],"replies":[{"embeddable":true,"href":"https:\/\/haremerotikshop.com\/site\/wp-json\/wp\/v2\/comments?post=18932"}],"version-history":[{"count":0,"href":"https:\/\/haremerotikshop.com\/site\/wp-json\/wp\/v2\/product\/18932\/revisions"}],"wp:featuredmedia":[{"embeddable":true,"href":"https:\/\/haremerotikshop.com\/site\/wp-json\/wp\/v2\/media\/19033"}],"wp:attachment":[{"href":"https:\/\/haremerotikshop.com\/site\/wp-json\/wp\/v2\/media?parent=18932"}],"wp:term":[{"taxonomy":"product_brand","embeddable":true,"href":"https:\/\/haremerotikshop.com\/site\/wp-json\/wp\/v2\/product_brand?post=18932"},{"taxonomy":"product_cat","embeddable":true,"href":"https:\/\/haremerotikshop.com\/site\/wp-json\/wp\/v2\/product_cat?post=18932"},{"taxonomy":"product_tag","embeddable":true,"href":"https:\/\/haremerotikshop.com\/site\/wp-json\/wp\/v2\/product_tag?post=18932"}],"curies":[{"name":"wp","href":"https:\/\/api.w.org\/{rel}","templated":true}]}}