{"id":18986,"date":"2025-03-17T12:25:37","date_gmt":"2025-03-17T09:25:37","guid":{"rendered":"https:\/\/haremerotikshop.com\/site\/?post_type=product&#038;p=18986"},"modified":"2026-01-26T16:27:18","modified_gmt":"2026-01-26T13:27:18","slug":"fantezi-fetis-seti-kirmizi","status":"publish","type":"product","link":"https:\/\/haremerotikshop.com\/site\/erotik-shop-urun\/fantezi-fetis-seti-kirmizi\/","title":{"rendered":"Fantezi Fetis Seti K\u0131rm\u0131z\u0131"},"content":{"rendered":"<h3 data-start=\"0\" data-end=\"62\"><strong data-start=\"4\" data-end=\"62\">Fantezi Seti: Cinsel Ke\u015fif ve Heyecan Dolu Bir Deneyim<\/strong><\/h3>\n<p data-start=\"64\" data-end=\"503\"><strong data-start=\"64\" data-end=\"80\">Fantezi Seti<\/strong>, cesur ve ke\u015fif dolu bir cinsel deneyim arayanlar i\u00e7in \u00f6zel olarak tasarlanm\u0131\u015f bir \u00fcr\u00fcnd\u00fcr. Partnerinizle birlikte heyecan verici, tutkulu anlar ya\u015faman\u0131z i\u00e7in gereken t\u00fcm unsurlar\u0131 i\u00e7eren bu set, cinsel ke\u015ffi ve yeni zevkleri ke\u015ffetmeyi isteyenler i\u00e7in m\u00fckemmel bir tercihtir. <strong data-start=\"359\" data-end=\"370\">G\u00fcvenli<\/strong>, <strong data-start=\"372\" data-end=\"384\">kaliteli<\/strong> ve <strong data-start=\"388\" data-end=\"406\">heyecan verici<\/strong> \u00f6\u011felerle donat\u0131lm\u0131\u015f bu set, cinsel ili\u015fkinize daha fazla e\u011flence, macera ve derinlik katacakt\u0131r.<\/p>\n<hr data-start=\"505\" data-end=\"508\" \/>\n<h3 data-start=\"510\" data-end=\"539\"><strong data-start=\"514\" data-end=\"539\">Fantezi Seti \u0130\u00e7eri\u011fi:<\/strong><\/h3>\n<h4 data-start=\"541\" data-end=\"559\">\u2714 <strong data-start=\"548\" data-end=\"559\">K\u0131rbac:<\/strong><\/h4>\n<ul data-start=\"560\" data-end=\"766\">\n<li data-start=\"560\" data-end=\"766\">Heyecan verici anlar i\u00e7in tasarlanm\u0131\u015f <strong data-start=\"600\" data-end=\"610\">k\u0131rbac<\/strong>, hafif dokunu\u015flardan \u015fiddetli vuru\u015flara kadar farkl\u0131 hisler sunar. Partnerinizle e\u011flenceli bir deneyim ya\u015farken, adrenalin dolu bir ke\u015fif yapman\u0131z\u0131 sa\u011flar.<\/li>\n<\/ul>\n<h4 data-start=\"768\" data-end=\"788\">\u2714 <strong data-start=\"775\" data-end=\"788\">Vibrat\u00f6r:<\/strong><\/h4>\n<ul data-start=\"789\" data-end=\"984\">\n<li data-start=\"789\" data-end=\"984\"><strong data-start=\"791\" data-end=\"814\">Titre\u015fimli vibrat\u00f6r<\/strong>, cinsel uyar\u0131m\u0131 art\u0131rmak i\u00e7in m\u00fckemmel bir ara\u00e7t\u0131r. Farkl\u0131 titre\u015fim seviyeleri ile ke\u015ffetmek istedi\u011finiz yeni zevkleri ortaya \u00e7\u0131kar\u0131r ve zevkinizi daha da yo\u011funla\u015ft\u0131r\u0131r.<\/li>\n<\/ul>\n<h4 data-start=\"986\" data-end=\"1020\">\u2714 <strong data-start=\"993\" data-end=\"1020\">El ve Ayak Kelep\u00e7eleri:<\/strong><\/h4>\n<ul data-start=\"1021\" data-end=\"1236\">\n<li data-start=\"1021\" data-end=\"1236\"><strong data-start=\"1023\" data-end=\"1037\">Kelep\u00e7eler<\/strong>, partnerinizle birbirinize ba\u011flanma, kontrol\u00fc ele alma ve <strong data-start=\"1096\" data-end=\"1107\">g\u00fcvenli<\/strong> bir \u015fekilde ke\u015ffetme iste\u011finizi tatmin etmek i\u00e7in idealdir. Ba\u011flant\u0131 ve g\u00fcven duygusu olu\u015fturarak daha derin bir deneyim sa\u011flar.<\/li>\n<\/ul>\n<h4 data-start=\"1238\" data-end=\"1264\">\u2714 <strong data-start=\"1245\" data-end=\"1264\">Kamasutra Zar\u0131:<\/strong><\/h4>\n<ul data-start=\"1265\" data-end=\"1473\">\n<li data-start=\"1265\" data-end=\"1473\"><strong data-start=\"1267\" data-end=\"1285\">Kamasutra zar\u0131<\/strong>, size farkl\u0131 <strong data-start=\"1299\" data-end=\"1314\">pozisyonlar<\/strong> ve hareketler \u00f6nererek cinsel deneyimi daha e\u011flenceli hale getirir. Zoru ba\u015farmak i\u00e7in birbirinizin s\u0131n\u0131rlar\u0131n\u0131 ke\u015ffederken yeni pozisyonlar deneyebilirsiniz.<\/li>\n<\/ul>\n<h4 data-start=\"1475\" data-end=\"1492\">\u2714 <strong data-start=\"1482\" data-end=\"1492\">Tasma:<\/strong><\/h4>\n<ul data-start=\"1493\" data-end=\"1688\">\n<li data-start=\"1493\" data-end=\"1688\"><strong data-start=\"1495\" data-end=\"1504\">Tasma<\/strong>, hakimiyet ve itaatin heyecan verici dinamiklerini ke\u015ffetmek isteyenler i\u00e7in m\u00fckemmeldir. Bu \u00f6\u011fe, cinsel ili\u015fkiye farkl\u0131 bir boyut katarken, s\u0131n\u0131rlar\u0131n \u00f6tesine ge\u00e7menize olanak tan\u0131r.<\/li>\n<\/ul>\n<h4 data-start=\"1690\" data-end=\"1711\">\u2714 <strong data-start=\"1697\" data-end=\"1711\">G\u00f6z Band\u0131:<\/strong><\/h4>\n<ul data-start=\"1712\" data-end=\"1858\">\n<li data-start=\"1712\" data-end=\"1858\"><strong data-start=\"1714\" data-end=\"1727\">G\u00f6z band\u0131<\/strong>, duyular\u0131n\u0131z\u0131 k\u0131s\u0131tlar ve heyecan\u0131 art\u0131r\u0131r. Partnerinizin her dokunu\u015funu daha yo\u011fun hissederek cinsel deneyiminizi derinle\u015ftirir.<\/li>\n<\/ul>\n<h4 data-start=\"1860\" data-end=\"1881\">\u2714 <strong data-start=\"1867\" data-end=\"1881\">A\u011f\u0131z Topu:<\/strong><\/h4>\n<ul data-start=\"1882\" data-end=\"2059\">\n<li data-start=\"1882\" data-end=\"2059\"><strong data-start=\"1884\" data-end=\"1897\">A\u011f\u0131z topu<\/strong>, s\u00f6zl\u00fc ileti\u015fimi k\u0131s\u0131tlayarak ve kontrol alt\u0131na alarak, cinsel ke\u015ffinizde yeni bir boyut ya\u015faman\u0131z\u0131 sa\u011flar. Bu \u00f6\u011fe, g\u00fc\u00e7 dengesini de\u011fi\u015ftirirken heyecan\u0131 art\u0131r\u0131r.<\/li>\n<\/ul>\n<h4 data-start=\"2061\" data-end=\"2089\">\u2714 <strong data-start=\"2068\" data-end=\"2089\">Meme Ucu Mandal\u0131:<\/strong><\/h4>\n<ul data-start=\"2090\" data-end=\"2244\">\n<li data-start=\"2090\" data-end=\"2244\"><strong data-start=\"2092\" data-end=\"2112\">Meme ucu mandal\u0131<\/strong>, meme u\u00e7lar\u0131n\u0131 uyararak ve bu hassas b\u00f6lgeye bask\u0131 uygulayarak <strong data-start=\"2176\" data-end=\"2189\">ek uyar\u0131m<\/strong> sa\u011flar. Her dokunu\u015f daha fazla zevk ve tatmin yarat\u0131r.<\/li>\n<\/ul>\n<h4 data-start=\"2246\" data-end=\"2267\">\u2714 <strong data-start=\"2253\" data-end=\"2267\">Butt Plug:<\/strong><\/h4>\n<ul data-start=\"2268\" data-end=\"2426\">\n<li data-start=\"2268\" data-end=\"2426\"><strong data-start=\"2270\" data-end=\"2283\">Butt plug<\/strong>, anal zevkleri deneyimlemek isteyenler i\u00e7in idealdir. But b\u00f6lgesini uyararak yeni zevkler sunar ve cinsel deneyiminize farkl\u0131 bir boyut katar.<\/li>\n<\/ul>\n<h4 data-start=\"2428\" data-end=\"2451\">\u2714 <strong data-start=\"2435\" data-end=\"2451\">Deri Paddle:<\/strong><\/h4>\n<ul data-start=\"2452\" data-end=\"2626\">\n<li data-start=\"2452\" data-end=\"2626\"><strong data-start=\"2454\" data-end=\"2469\">Deri paddle<\/strong>, hafiften \u015fiddetliye kadar de\u011fi\u015fen vuru\u015flarla heyecan verici bir deneyim sunar. Duyusal uyar\u0131m\u0131n\u0131z\u0131 art\u0131rarak, ke\u015fif yolculu\u011funuzu daha etkili hale getirir.<\/li>\n<\/ul>\n<h4 data-start=\"2628\" data-end=\"2651\">\u2714 <strong data-start=\"2635\" data-end=\"2651\">\u0130p ve Kemer:<\/strong><\/h4>\n<ul data-start=\"2652\" data-end=\"2805\">\n<li data-start=\"2652\" data-end=\"2805\"><strong data-start=\"2654\" data-end=\"2669\">\u0130p ve kemer<\/strong>, partnerinizle aran\u0131zdaki <strong data-start=\"2696\" data-end=\"2716\">ba\u011fl\u0131l\u0131k hissini<\/strong> art\u0131rmak ve hareketlerinizi s\u0131n\u0131rlayarak yeni bir boyut kazand\u0131rmak i\u00e7in kullan\u0131labilir.<\/li>\n<\/ul>\n<hr data-start=\"2807\" data-end=\"2810\" \/>\n<h3 data-start=\"2812\" data-end=\"2838\"><strong data-start=\"2816\" data-end=\"2838\">Kullan\u0131m Alanlar\u0131:<\/strong><\/h3>\n<ul data-start=\"2840\" data-end=\"3284\">\n<li data-start=\"2840\" data-end=\"2908\"><strong data-start=\"2842\" data-end=\"2885\">Cinsel ke\u015fif ve heyecan dolu deneyimler<\/strong> ya\u015famak i\u00e7in idealdir.<\/li>\n<li data-start=\"2909\" data-end=\"3024\"><strong data-start=\"2911\" data-end=\"2944\">Fantezi d\u00fcnyas\u0131na ad\u0131m atarak<\/strong>, s\u0131n\u0131rlar\u0131n\u0131z\u0131 geni\u015fletmek ve yeni zevkler ke\u015ffetmek i\u00e7in m\u00fckemmel bir ara\u00e7t\u0131r.<\/li>\n<li data-start=\"3025\" data-end=\"3158\"><strong data-start=\"3027\" data-end=\"3065\">G\u00fcven ve ba\u011fl\u0131l\u0131k hissini art\u0131rmak<\/strong>, duyular\u0131n\u0131z\u0131 harekete ge\u00e7irmek ve cinsel ili\u015fkilerde derinlik sa\u011flamak i\u00e7in kullan\u0131labilir.<\/li>\n<li data-start=\"3159\" data-end=\"3284\">Hem <strong data-start=\"3165\" data-end=\"3177\">bireysel<\/strong> hem de <strong data-start=\"3185\" data-end=\"3207\">partnerli ke\u015fifler<\/strong> i\u00e7in uygun olan bu set, cesur bir cinsel deneyim arayanlar i\u00e7in m\u00fckemmeldir.<\/li>\n<\/ul>\n<hr data-start=\"3286\" data-end=\"3289\" \/>\n<h3 data-start=\"3291\" data-end=\"3318\"><strong data-start=\"3295\" data-end=\"3318\">G\u00fcvenlik ve Kalite:<\/strong><\/h3>\n<p data-start=\"3320\" data-end=\"3607\"><strong data-start=\"3320\" data-end=\"3336\">Fantezi Seti<\/strong>, y\u00fcksek kaliteli ve <strong data-start=\"3357\" data-end=\"3382\">g\u00fcvenli malzemelerden<\/strong> \u00fcretilmi\u015ftir. \u00dcr\u00fcn, titiz kalite kontrol s\u00fcre\u00e7lerinden ge\u00e7irilerek kullan\u0131c\u0131lar\u0131n g\u00fcvenli\u011fi ve memnuniyetini en \u00fcst d\u00fczeyde tutar. Cilt dostu malzemeler kullan\u0131larak, setin her bir \u00f6\u011fesi rahat ve g\u00fcvenli bir kullan\u0131m sa\u011flar.<\/p>\n<hr data-start=\"3609\" data-end=\"3612\" \/>\n<h3 data-start=\"3614\" data-end=\"3669\"><strong data-start=\"3618\" data-end=\"3669\">Fantezi Seti ile Heyecanl\u0131 Ke\u015fiflere Ad\u0131m At\u0131n!<\/strong><\/h3>\n<p data-start=\"3671\" data-end=\"4027\"><strong data-start=\"3671\" data-end=\"3687\">Fantezi Seti<\/strong>, cinsel ke\u015ffinizi zirveye ta\u015f\u0131yacak bir deneyim sunar. Partnerinizle birlikte <strong data-start=\"3766\" data-end=\"3784\">heyecan verici<\/strong>, <strong data-start=\"3786\" data-end=\"3795\">cesur<\/strong> ve <strong data-start=\"3799\" data-end=\"3812\">e\u011flenceli<\/strong> anlar ya\u015faman\u0131z\u0131 sa\u011flayacak her t\u00fcrl\u00fc arac\u0131 i\u00e7erir. Hem <strong data-start=\"3869\" data-end=\"3880\">g\u00fcvenli<\/strong> hem de <strong data-start=\"3888\" data-end=\"3900\">kaliteli<\/strong> malzemelerden \u00fcretilen bu set, cinsel ili\u015fkinize farkl\u0131 bir boyut katarak, ili\u015fkilerinizi daha derin ve anlaml\u0131 hale getirir.<\/p>\n<p data-start=\"4029\" data-end=\"4109\" data-is-last-node=\"\" data-is-only-node=\"\"><strong data-start=\"4029\" data-end=\"4045\">Fantezi Seti<\/strong>, cinsel ya\u015fam\u0131n\u0131za heyecan ve ke\u015fif katacak m\u00fckemmel bir se\u00e7im!<\/p>\n","protected":false},"excerpt":{"rendered":"<p><strong data-start=\"64\" data-end=\"80\">Fantezi Seti<\/strong>, cesur ve ke\u015fif dolu bir cinsel deneyim arayanlar i\u00e7in \u00f6zel olarak tasarlanm\u0131\u015f bir \u00fcr\u00fcnd\u00fcr. Partnerinizle birlikte heyecan verici, tutkulu anlar ya\u015faman\u0131z i\u00e7in gereken t\u00fcm unsurlar\u0131 i\u00e7eren bu set, cinsel ke\u015ffi ve yeni zevkleri ke\u015ffetmeyi isteyenler i\u00e7in m\u00fckemmel bir tercihtir. <strong data-start=\"359\" data-end=\"370\">G\u00fcvenli<\/strong>, <strong data-start=\"372\" data-end=\"384\">kaliteli<\/strong> ve <strong data-start=\"388\" data-end=\"406\">heyecan verici<\/strong> \u00f6\u011felerle donat\u0131lm\u0131\u015f bu set, cinsel ili\u015fkinize daha fazla e\u011flence, macera ve derinlik katacakt\u0131r.<\/p>\n","protected":false},"featured_media":19083,"comment_status":"open","ping_status":"closed","template":"","meta":[],"product_brand":[127],"product_cat":[100],"product_tag":[258],"class_list":{"0":"post-18986","1":"product","2":"type-product","3":"status-publish","4":"has-post-thumbnail","6":"product_brand-pembe-tilki","7":"product_cat-fantezi-fetis","8":"product_tag-fantezi-fetis-seti-kirmizi","10":"first","11":"instock","12":"taxable","13":"shipping-taxable","14":"purchasable","15":"product-type-simple"},"yoast_head":"<!-- This site is optimized with the Yoast SEO Premium plugin v24.4 (Yoast SEO v27.1.1) - https:\/\/yoast.com\/product\/yoast-seo-premium-wordpress\/ -->\n<title>Fantezi Fetis Seti K\u0131rm\u0131z\u0131 - Bursa Erotik Shop<\/title>\n<meta name=\"robots\" content=\"index, follow, max-snippet:-1, max-image-preview:large, max-video-preview:-1\" \/>\n<link rel=\"canonical\" href=\"https:\/\/hobierotikshop.com.tr\/website1\/erotik-shop-urun\/fantezi-fetis-seti-kirmizi\/\" \/>\n<meta property=\"og:locale\" content=\"tr_TR\" \/>\n<meta property=\"og:type\" content=\"article\" \/>\n<meta property=\"og:title\" content=\"Fantezi Fetis Seti K\u0131rm\u0131z\u0131\" \/>\n<meta property=\"og:description\" content=\"Fantezi Seti, cesur ve ke\u015fif dolu bir cinsel deneyim arayanlar i\u00e7in \u00f6zel olarak tasarlanm\u0131\u015f bir \u00fcr\u00fcnd\u00fcr. Partnerinizle birlikte heyecan verici, tutkulu anlar ya\u015faman\u0131z i\u00e7in gereken t\u00fcm unsurlar\u0131 i\u00e7eren bu set, cinsel ke\u015ffi ve yeni zevkleri ke\u015ffetmeyi isteyenler i\u00e7in m\u00fckemmel bir tercihtir. G\u00fcvenli, kaliteli ve heyecan verici \u00f6\u011felerle donat\u0131lm\u0131\u015f bu set, cinsel ili\u015fkinize daha fazla e\u011flence, macera ve derinlik katacakt\u0131r.\" \/>\n<meta property=\"og:url\" content=\"https:\/\/hobierotikshop.com.tr\/website1\/erotik-shop-urun\/fantezi-fetis-seti-kirmizi\/\" \/>\n<meta property=\"og:site_name\" content=\"Bursa Erotik Shop\" \/>\n<meta property=\"article:modified_time\" content=\"2026-01-26T13:27:18+00:00\" \/>\n<meta property=\"og:image\" content=\"https:\/\/hobierotikshop.com.tr\/website1\/wp-content\/uploads\/2025\/03\/fantezi-fetis-seti-kirmizi-1773.jpg\" \/>\n\t<meta property=\"og:image:width\" content=\"800\" \/>\n\t<meta property=\"og:image:height\" content=\"800\" \/>\n\t<meta property=\"og:image:type\" content=\"image\/jpeg\" \/>\n<meta name=\"twitter:card\" content=\"summary_large_image\" \/>\n<meta name=\"twitter:site\" content=\"@shopbursa\" \/>\n<meta name=\"twitter:label1\" content=\"Fiyat\" \/>\n\t<meta name=\"twitter:data1\" content=\"&#8378;2.000,00 KDV DAH\u0130L\" \/>\n\t<meta name=\"twitter:label2\" content=\"Availability\" \/>\n\t<meta name=\"twitter:data2\" content=\"In stock\" \/>\n<script type=\"application\/ld+json\" class=\"yoast-schema-graph\">{\"@context\":\"https:\/\/schema.org\",\"@graph\":[{\"@type\":\"WebPage\",\"@id\":\"https:\/\/hobierotikshop.com.tr\/website1\/erotik-shop-urun\/fantezi-fetis-seti-kirmizi\/\",\"url\":\"https:\/\/hobierotikshop.com.tr\/website1\/erotik-shop-urun\/fantezi-fetis-seti-kirmizi\/\",\"name\":\"Fantezi Fetis Seti K\u0131rm\u0131z\u0131 - Bursa Erotik Shop\",\"isPartOf\":{\"@id\":\"https:\/\/bursashop.com\/web\/#website\"},\"primaryImageOfPage\":{\"@id\":\"https:\/\/hobierotikshop.com.tr\/website1\/erotik-shop-urun\/fantezi-fetis-seti-kirmizi\/#primaryimage\"},\"image\":{\"@id\":\"https:\/\/hobierotikshop.com.tr\/website1\/erotik-shop-urun\/fantezi-fetis-seti-kirmizi\/#primaryimage\"},\"thumbnailUrl\":\"https:\/\/haremerotikshop.com\/site\/wp-content\/uploads\/2025\/03\/fantezi-fetis-seti-kirmizi-1773.jpg\",\"datePublished\":\"2025-03-17T09:25:37+00:00\",\"dateModified\":\"2026-01-26T13:27:18+00:00\",\"breadcrumb\":{\"@id\":\"https:\/\/hobierotikshop.com.tr\/website1\/erotik-shop-urun\/fantezi-fetis-seti-kirmizi\/#breadcrumb\"},\"inLanguage\":\"tr\",\"potentialAction\":[{\"@type\":\"ReadAction\",\"target\":[\"https:\/\/hobierotikshop.com.tr\/website1\/erotik-shop-urun\/fantezi-fetis-seti-kirmizi\/\"]}]},{\"@type\":\"ImageObject\",\"inLanguage\":\"tr\",\"@id\":\"https:\/\/hobierotikshop.com.tr\/website1\/erotik-shop-urun\/fantezi-fetis-seti-kirmizi\/#primaryimage\",\"url\":\"https:\/\/haremerotikshop.com\/site\/wp-content\/uploads\/2025\/03\/fantezi-fetis-seti-kirmizi-1773.jpg\",\"contentUrl\":\"https:\/\/haremerotikshop.com\/site\/wp-content\/uploads\/2025\/03\/fantezi-fetis-seti-kirmizi-1773.jpg\",\"width\":800,\"height\":800},{\"@type\":\"BreadcrumbList\",\"@id\":\"https:\/\/hobierotikshop.com.tr\/website1\/erotik-shop-urun\/fantezi-fetis-seti-kirmizi\/#breadcrumb\",\"itemListElement\":[{\"@type\":\"ListItem\",\"position\":1,\"name\":\"Anasayfa\",\"item\":\"https:\/\/hobierotikshop.com.tr\/website1\/\"},{\"@type\":\"ListItem\",\"position\":2,\"name\":\"Erotik Shop \u00dcr\u00fcnleri\",\"item\":\"https:\/\/hobierotikshop.com.tr\/website1\/shop\/\"},{\"@type\":\"ListItem\",\"position\":3,\"name\":\"Fantezi Fetis Seti K\u0131rm\u0131z\u0131\"}]},{\"@type\":\"WebSite\",\"@id\":\"https:\/\/bursashop.com\/web\/#website\",\"url\":\"https:\/\/bursashop.com\/web\/\",\"name\":\"Bursa Erotik Shop\",\"description\":\"Bursa Erotik Shop ile g\u00fcvenli, gizli ve kaliteli yeti\u015fkin \u00fcr\u00fcnleri al\u0131\u015fveri\u015fi! Geni\u015f \u00fcr\u00fcn yelpazemizi ke\u015ffedin, hemen sipari\u015f verin\",\"publisher\":{\"@id\":\"https:\/\/bursashop.com\/web\/#organization\"},\"alternateName\":\"Erotik Shop\",\"potentialAction\":[{\"@type\":\"SearchAction\",\"target\":{\"@type\":\"EntryPoint\",\"urlTemplate\":\"https:\/\/bursashop.com\/web\/?s={search_term_string}\"},\"query-input\":{\"@type\":\"PropertyValueSpecification\",\"valueRequired\":true,\"valueName\":\"search_term_string\"}}],\"inLanguage\":\"tr\"},{\"@type\":\"Organization\",\"@id\":\"https:\/\/bursashop.com\/web\/#organization\",\"name\":\"Harem Bursa Erotik Shop\",\"url\":\"https:\/\/bursashop.com\/web\/\",\"logo\":{\"@type\":\"ImageObject\",\"inLanguage\":\"tr\",\"@id\":\"https:\/\/bursashop.com\/web\/#\/schema\/logo\/image\/\",\"url\":\"https:\/\/haremerotikshop.com\/site\/wp-content\/uploads\/2025\/03\/haremsexshop.png\",\"contentUrl\":\"https:\/\/haremerotikshop.com\/site\/wp-content\/uploads\/2025\/03\/haremsexshop.png\",\"width\":400,\"height\":100,\"caption\":\"Harem Bursa Erotik Shop\"},\"image\":{\"@id\":\"https:\/\/bursashop.com\/web\/#\/schema\/logo\/image\/\"},\"sameAs\":[\"https:\/\/x.com\/shopbursa\"],\"publishingPrinciples\":\"https:\/\/hobierotikshop.com.tr\/website1\/mesafeli-satis-sozlesmesi\/\",\"ownershipFundingInfo\":\"https:\/\/hobierotikshop.com.tr\/website1\/contact-us\/\",\"actionableFeedbackPolicy\":\"https:\/\/hobierotikshop.com.tr\/website1\/contact-us\/\",\"correctionsPolicy\":\"https:\/\/hobierotikshop.com.tr\/website1\/mesafeli-satis-sozlesmesi\/\"}]}<\/script>\n<meta property=\"product:brand\" content=\"Pembe Tilki\" \/>\n<meta property=\"product:price:amount\" content=\"2000.00\" \/>\n<meta property=\"product:price:currency\" content=\"TRY\" \/>\n<meta property=\"og:availability\" content=\"instock\" \/>\n<meta property=\"product:availability\" content=\"instock\" \/>\n<meta property=\"product:retailer_item_id\" content=\"PT-FFXG006R\" \/>\n<meta property=\"product:condition\" content=\"new\" \/>\n<!-- \/ Yoast SEO Premium plugin. -->","yoast_head_json":{"title":"Fantezi Fetis Seti K\u0131rm\u0131z\u0131 - Bursa Erotik Shop","robots":{"index":"index","follow":"follow","max-snippet":"max-snippet:-1","max-image-preview":"max-image-preview:large","max-video-preview":"max-video-preview:-1"},"canonical":"https:\/\/hobierotikshop.com.tr\/website1\/erotik-shop-urun\/fantezi-fetis-seti-kirmizi\/","og_locale":"tr_TR","og_type":"article","og_title":"Fantezi Fetis Seti K\u0131rm\u0131z\u0131","og_description":"Fantezi Seti, cesur ve ke\u015fif dolu bir cinsel deneyim arayanlar i\u00e7in \u00f6zel olarak tasarlanm\u0131\u015f bir \u00fcr\u00fcnd\u00fcr. Partnerinizle birlikte heyecan verici, tutkulu anlar ya\u015faman\u0131z i\u00e7in gereken t\u00fcm unsurlar\u0131 i\u00e7eren bu set, cinsel ke\u015ffi ve yeni zevkleri ke\u015ffetmeyi isteyenler i\u00e7in m\u00fckemmel bir tercihtir. G\u00fcvenli, kaliteli ve heyecan verici \u00f6\u011felerle donat\u0131lm\u0131\u015f bu set, cinsel ili\u015fkinize daha fazla e\u011flence, macera ve derinlik katacakt\u0131r.","og_url":"https:\/\/hobierotikshop.com.tr\/website1\/erotik-shop-urun\/fantezi-fetis-seti-kirmizi\/","og_site_name":"Bursa Erotik Shop","article_modified_time":"2026-01-26T13:27:18+00:00","og_image":[{"width":800,"height":800,"url":"https:\/\/hobierotikshop.com.tr\/website1\/wp-content\/uploads\/2025\/03\/fantezi-fetis-seti-kirmizi-1773.jpg","type":"image\/jpeg"}],"twitter_card":"summary_large_image","twitter_site":"@shopbursa","twitter_misc":{"Fiyat":"&#8378;2.000,00 KDV DAH\u0130L","Availability":"In stock"},"schema":{"@context":"https:\/\/schema.org","@graph":[{"@type":"WebPage","@id":"https:\/\/hobierotikshop.com.tr\/website1\/erotik-shop-urun\/fantezi-fetis-seti-kirmizi\/","url":"https:\/\/hobierotikshop.com.tr\/website1\/erotik-shop-urun\/fantezi-fetis-seti-kirmizi\/","name":"Fantezi Fetis Seti K\u0131rm\u0131z\u0131 - Bursa Erotik Shop","isPartOf":{"@id":"https:\/\/bursashop.com\/web\/#website"},"primaryImageOfPage":{"@id":"https:\/\/hobierotikshop.com.tr\/website1\/erotik-shop-urun\/fantezi-fetis-seti-kirmizi\/#primaryimage"},"image":{"@id":"https:\/\/hobierotikshop.com.tr\/website1\/erotik-shop-urun\/fantezi-fetis-seti-kirmizi\/#primaryimage"},"thumbnailUrl":"https:\/\/haremerotikshop.com\/site\/wp-content\/uploads\/2025\/03\/fantezi-fetis-seti-kirmizi-1773.jpg","datePublished":"2025-03-17T09:25:37+00:00","dateModified":"2026-01-26T13:27:18+00:00","breadcrumb":{"@id":"https:\/\/hobierotikshop.com.tr\/website1\/erotik-shop-urun\/fantezi-fetis-seti-kirmizi\/#breadcrumb"},"inLanguage":"tr","potentialAction":[{"@type":"ReadAction","target":["https:\/\/hobierotikshop.com.tr\/website1\/erotik-shop-urun\/fantezi-fetis-seti-kirmizi\/"]}]},{"@type":"ImageObject","inLanguage":"tr","@id":"https:\/\/hobierotikshop.com.tr\/website1\/erotik-shop-urun\/fantezi-fetis-seti-kirmizi\/#primaryimage","url":"https:\/\/haremerotikshop.com\/site\/wp-content\/uploads\/2025\/03\/fantezi-fetis-seti-kirmizi-1773.jpg","contentUrl":"https:\/\/haremerotikshop.com\/site\/wp-content\/uploads\/2025\/03\/fantezi-fetis-seti-kirmizi-1773.jpg","width":800,"height":800},{"@type":"BreadcrumbList","@id":"https:\/\/hobierotikshop.com.tr\/website1\/erotik-shop-urun\/fantezi-fetis-seti-kirmizi\/#breadcrumb","itemListElement":[{"@type":"ListItem","position":1,"name":"Anasayfa","item":"https:\/\/hobierotikshop.com.tr\/website1\/"},{"@type":"ListItem","position":2,"name":"Erotik Shop \u00dcr\u00fcnleri","item":"https:\/\/hobierotikshop.com.tr\/website1\/shop\/"},{"@type":"ListItem","position":3,"name":"Fantezi Fetis Seti K\u0131rm\u0131z\u0131"}]},{"@type":"WebSite","@id":"https:\/\/bursashop.com\/web\/#website","url":"https:\/\/bursashop.com\/web\/","name":"Bursa Erotik Shop","description":"Bursa Erotik Shop ile g\u00fcvenli, gizli ve kaliteli yeti\u015fkin \u00fcr\u00fcnleri al\u0131\u015fveri\u015fi! Geni\u015f \u00fcr\u00fcn yelpazemizi ke\u015ffedin, hemen sipari\u015f verin","publisher":{"@id":"https:\/\/bursashop.com\/web\/#organization"},"alternateName":"Erotik Shop","potentialAction":[{"@type":"SearchAction","target":{"@type":"EntryPoint","urlTemplate":"https:\/\/bursashop.com\/web\/?s={search_term_string}"},"query-input":{"@type":"PropertyValueSpecification","valueRequired":true,"valueName":"search_term_string"}}],"inLanguage":"tr"},{"@type":"Organization","@id":"https:\/\/bursashop.com\/web\/#organization","name":"Harem Bursa Erotik Shop","url":"https:\/\/bursashop.com\/web\/","logo":{"@type":"ImageObject","inLanguage":"tr","@id":"https:\/\/bursashop.com\/web\/#\/schema\/logo\/image\/","url":"https:\/\/haremerotikshop.com\/site\/wp-content\/uploads\/2025\/03\/haremsexshop.png","contentUrl":"https:\/\/haremerotikshop.com\/site\/wp-content\/uploads\/2025\/03\/haremsexshop.png","width":400,"height":100,"caption":"Harem Bursa Erotik Shop"},"image":{"@id":"https:\/\/bursashop.com\/web\/#\/schema\/logo\/image\/"},"sameAs":["https:\/\/x.com\/shopbursa"],"publishingPrinciples":"https:\/\/hobierotikshop.com.tr\/website1\/mesafeli-satis-sozlesmesi\/","ownershipFundingInfo":"https:\/\/hobierotikshop.com.tr\/website1\/contact-us\/","actionableFeedbackPolicy":"https:\/\/hobierotikshop.com.tr\/website1\/contact-us\/","correctionsPolicy":"https:\/\/hobierotikshop.com.tr\/website1\/mesafeli-satis-sozlesmesi\/"}]},"product_brand":"Pembe Tilki","product_price_amount":"2000.00","product_price_currency":"TRY","og_availability":"instock","product_availability":"instock","product_retailer_item_id":"PT-FFXG006R","product_condition":"new"},"_links":{"self":[{"href":"https:\/\/haremerotikshop.com\/site\/wp-json\/wp\/v2\/product\/18986","targetHints":{"allow":["GET"]}}],"collection":[{"href":"https:\/\/haremerotikshop.com\/site\/wp-json\/wp\/v2\/product"}],"about":[{"href":"https:\/\/haremerotikshop.com\/site\/wp-json\/wp\/v2\/types\/product"}],"replies":[{"embeddable":true,"href":"https:\/\/haremerotikshop.com\/site\/wp-json\/wp\/v2\/comments?post=18986"}],"version-history":[{"count":0,"href":"https:\/\/haremerotikshop.com\/site\/wp-json\/wp\/v2\/product\/18986\/revisions"}],"wp:featuredmedia":[{"embeddable":true,"href":"https:\/\/haremerotikshop.com\/site\/wp-json\/wp\/v2\/media\/19083"}],"wp:attachment":[{"href":"https:\/\/haremerotikshop.com\/site\/wp-json\/wp\/v2\/media?parent=18986"}],"wp:term":[{"taxonomy":"product_brand","embeddable":true,"href":"https:\/\/haremerotikshop.com\/site\/wp-json\/wp\/v2\/product_brand?post=18986"},{"taxonomy":"product_cat","embeddable":true,"href":"https:\/\/haremerotikshop.com\/site\/wp-json\/wp\/v2\/product_cat?post=18986"},{"taxonomy":"product_tag","embeddable":true,"href":"https:\/\/haremerotikshop.com\/site\/wp-json\/wp\/v2\/product_tag?post=18986"}],"curies":[{"name":"wp","href":"https:\/\/api.w.org\/{rel}","templated":true}]}}