{"id":18990,"date":"2025-03-17T12:25:37","date_gmt":"2025-03-17T09:25:37","guid":{"rendered":"https:\/\/haremerotikshop.com\/site\/?post_type=product&#038;p=18990"},"modified":"2026-01-26T16:28:09","modified_gmt":"2026-01-26T13:28:09","slug":"fantezi-baslangic-seti-siyah","status":"publish","type":"product","link":"https:\/\/haremerotikshop.com\/site\/erotik-shop-urun\/fantezi-baslangic-seti-siyah\/","title":{"rendered":"Fantezi Ba\u015flang\u0131\u00e7 Seti Siyah"},"content":{"rendered":"<h3 data-start=\"0\" data-end=\"57\"><strong data-start=\"4\" data-end=\"57\">Fantezi Seti: Cinsel Ke\u015fif ve Heyecan\u0131 Y\u00fckseltin!<\/strong><\/h3>\n<p data-start=\"59\" data-end=\"470\"><strong data-start=\"59\" data-end=\"75\">Fantezi Seti<\/strong>, cinsel ke\u015fif ve heyecan arayan \u00e7iftler i\u00e7in \u00f6zel olarak tasarlanm\u0131\u015f bir \u00fcr\u00fcnd\u00fcr. Partnerinizle birlikte s\u0131n\u0131rlar\u0131n\u0131z\u0131 zorlayarak cesur ve ke\u015fif dolu bir deneyim ya\u015famak istiyorsan\u0131z, bu set sizin i\u00e7in m\u00fckemmel bir se\u00e7enektir. \u0130\u00e7eri\u011findeki oyuncaklar ile cinsel ya\u015fam\u0131n\u0131za derinlik katarken, tutkulu anlar ve unutulmaz zevkler sunar. Hayal g\u00fcc\u00fcn\u00fcz\u00fc ve arzular\u0131n\u0131z\u0131 serbest b\u0131rakmaya haz\u0131r olun!<\/p>\n<hr data-start=\"472\" data-end=\"475\" \/>\n<h3 data-start=\"477\" data-end=\"506\"><strong data-start=\"481\" data-end=\"506\">Fantezi Seti \u0130\u00e7eri\u011fi:<\/strong><\/h3>\n<h4 data-start=\"508\" data-end=\"526\">\u2714 <strong data-start=\"515\" data-end=\"526\">K\u0131rba\u00e7:<\/strong><\/h4>\n<ul data-start=\"527\" data-end=\"780\">\n<li data-start=\"527\" data-end=\"780\"><strong data-start=\"529\" data-end=\"539\">K\u0131rba\u00e7<\/strong>, cinsel uyar\u0131m\u0131 art\u0131ran, heyecan verici bir deneyim sunar. Hafif dokunu\u015flardan daha \u015fiddetli vuru\u015flara kadar farkl\u0131 hisler sunarak, ke\u015ffetmek isteyen \u00e7iftler i\u00e7in m\u00fckemmel bir \u00fcr\u00fcnd\u00fcr. Hem uyar\u0131c\u0131 hem de e\u011flenceli bir deneyim i\u00e7in idealdir.<\/li>\n<\/ul>\n<h4 data-start=\"782\" data-end=\"816\">\u2714 <strong data-start=\"789\" data-end=\"816\">El ve Ayak Kelep\u00e7eleri:<\/strong><\/h4>\n<ul data-start=\"817\" data-end=\"1055\">\n<li data-start=\"817\" data-end=\"1055\"><strong data-start=\"819\" data-end=\"845\">El ve Ayak Kelep\u00e7eleri<\/strong>, ba\u011flanma ve kontrol hissiyat\u0131n\u0131 ke\u015ffetmek isteyen \u00e7iftler i\u00e7in tasarlanm\u0131\u015ft\u0131r. Partnerinizle birlikte g\u00fcvenli bir \u015fekilde bu heyecanl\u0131 deneyimi ya\u015fayarak birbirinize olan g\u00fcveni ve ba\u011fl\u0131l\u0131\u011f\u0131 art\u0131rabilirsiniz.<\/li>\n<\/ul>\n<h4 data-start=\"1057\" data-end=\"1078\">\u2714 <strong data-start=\"1064\" data-end=\"1078\">G\u00f6z Band\u0131:<\/strong><\/h4>\n<ul data-start=\"1079\" data-end=\"1341\">\n<li data-start=\"1079\" data-end=\"1341\"><strong data-start=\"1081\" data-end=\"1094\">G\u00f6z Band\u0131<\/strong>, duyular\u0131 k\u0131s\u0131tlayarak heyecan\u0131 art\u0131rmak i\u00e7in kullan\u0131l\u0131r. G\u00f6rme duyusunun engellenmesi, di\u011fer duyular\u0131n daha keskinle\u015fmesini sa\u011flar. Her dokunu\u015fu daha yo\u011fun ve derinden hissetmenizi sa\u011flar, bu da deneyiminizi \u00e7ok daha heyecan verici hale getirir.<\/li>\n<\/ul>\n<h4 data-start=\"1343\" data-end=\"1364\">\u2714 <strong data-start=\"1350\" data-end=\"1364\">A\u011f\u0131z Topu:<\/strong><\/h4>\n<ul data-start=\"1365\" data-end=\"1602\">\n<li data-start=\"1365\" data-end=\"1602\"><strong data-start=\"1367\" data-end=\"1380\">A\u011f\u0131z Topu<\/strong>, s\u00f6zl\u00fc ileti\u015fimi k\u0131s\u0131tlayarak, partnerinizin kontrol\u00fcnde heyecan verici bir deneyim sunar. Bu \u00fcr\u00fcn, \u00f6zellikle ba\u011flanma ve teslimiyet arayan \u00e7iftler i\u00e7in m\u00fckemmel bir se\u00e7imdir. Cinsel ke\u015fiflerinizde yeni bir boyut yarat\u0131r.<\/li>\n<\/ul>\n<hr data-start=\"1604\" data-end=\"1607\" \/>\n<h3 data-start=\"1609\" data-end=\"1635\"><strong data-start=\"1613\" data-end=\"1635\">Kullan\u0131m Alanlar\u0131:<\/strong><\/h3>\n<ul data-start=\"1637\" data-end=\"2321\">\n<li data-start=\"1637\" data-end=\"1875\">\n<p data-start=\"1639\" data-end=\"1875\"><strong data-start=\"1639\" data-end=\"1667\">Cinsel Ke\u015fif ve Heyecan:<\/strong> Bu set, cinsel ke\u015fif yapmak ve heyecanl\u0131, tutkulu anlar ya\u015famak isteyen \u00e7iftler i\u00e7in idealdir. Farkl\u0131 \u00f6\u011felerle zenginle\u015ftirilen deneyim, her iki taraf\u0131n da duygusal ve fiziksel olarak tatmin olmas\u0131n\u0131 sa\u011flar.<\/p>\n<\/li>\n<li data-start=\"1879\" data-end=\"2118\">\n<p data-start=\"1881\" data-end=\"2118\"><strong data-start=\"1881\" data-end=\"1899\">Fantezi Ke\u015ffi:<\/strong> <strong data-start=\"1900\" data-end=\"1916\">Fantezi Seti<\/strong>, s\u0131n\u0131rlar\u0131n\u0131z\u0131 ke\u015ffetmek, yeni zevkler denemek ve feti\u015f d\u00fcnyas\u0131nda farkl\u0131 deneyimler ya\u015famak i\u00e7in m\u00fckemmel bir ara\u00e7t\u0131r. Hayal g\u00fcc\u00fcn\u00fcz\u00fc serbest b\u0131rak\u0131n ve cinsel ke\u015fiflerinize e\u011flenceli bir boyut kat\u0131n.<\/p>\n<\/li>\n<li data-start=\"2122\" data-end=\"2321\">\n<p data-start=\"2124\" data-end=\"2321\"><strong data-start=\"2124\" data-end=\"2146\">G\u00fcven ve Ba\u011fl\u0131l\u0131k:<\/strong> Cinsel ili\u015fkide g\u00fcven ve ba\u011fl\u0131l\u0131k hissini art\u0131rmak isteyen \u00e7iftler i\u00e7in <strong data-start=\"2219\" data-end=\"2235\">Fantezi Seti<\/strong>, birbirinize olan ba\u011f\u0131n\u0131z\u0131 g\u00fc\u00e7lendirecek ve duyusal ke\u015fiflerinizi derinle\u015ftirecektir.<\/p>\n<\/li>\n<\/ul>\n<hr data-start=\"2323\" data-end=\"2326\" \/>\n<h3 data-start=\"2328\" data-end=\"2355\"><strong data-start=\"2332\" data-end=\"2355\">G\u00fcvenlik ve Kalite:<\/strong><\/h3>\n<p data-start=\"2357\" data-end=\"2694\"><strong data-start=\"2357\" data-end=\"2373\">Fantezi Seti<\/strong>, <strong data-start=\"2375\" data-end=\"2394\">y\u00fcksek kaliteli<\/strong> ve <strong data-start=\"2398\" data-end=\"2423\">g\u00fcvenli malzemelerden<\/strong> \u00fcretilmi\u015ftir. Her bir \u00f6\u011fe, cilt dostu ve dayan\u0131kl\u0131 malzemelerden yap\u0131lm\u0131\u015ft\u0131r. \u00dcr\u00fcnler, <strong data-start=\"2511\" data-end=\"2549\">titiz kalite kontrol s\u00fcre\u00e7lerinden<\/strong> ge\u00e7irilerek g\u00fcvenli kullan\u0131m sa\u011flan\u0131r. Cinsel ke\u015fiflerinizi g\u00fcvenle ve konforla yapman\u0131z i\u00e7in en y\u00fcksek standartlara uygun \u015fekilde \u00fcretilmi\u015ftir.<\/p>\n<ul data-start=\"2696\" data-end=\"3029\">\n<li data-start=\"2696\" data-end=\"2788\"><strong data-start=\"2698\" data-end=\"2724\">Cilt Dostu Malzemeler:<\/strong> T\u00fcm \u00fcr\u00fcnler, cildinize zarar vermeyecek \u015fekilde tasarlanm\u0131\u015ft\u0131r.<\/li>\n<li data-start=\"2789\" data-end=\"2920\"><strong data-start=\"2791\" data-end=\"2816\">Uzun \u00d6m\u00fcrl\u00fc Kullan\u0131m:<\/strong> Dayan\u0131kl\u0131 ve uzun \u00f6m\u00fcrl\u00fc malzemeler kullan\u0131larak \u00fcretildikleri i\u00e7in bu set uzun s\u00fcreli kullan\u0131m sa\u011flar.<\/li>\n<li data-start=\"2921\" data-end=\"3029\"><strong data-start=\"2923\" data-end=\"2942\">Kolay Temizlik:<\/strong> Hijyenik kullan\u0131m\u0131 i\u00e7in tasarlanm\u0131\u015f olan bu set, temizlik a\u00e7\u0131s\u0131ndan olduk\u00e7a pratiktir.<\/li>\n<\/ul>\n<hr data-start=\"3031\" data-end=\"3034\" \/>\n<h3 data-start=\"3036\" data-end=\"3086\"><strong data-start=\"3040\" data-end=\"3086\">Fantezi Seti ile Heyecan\u0131 Zirveye Ta\u015f\u0131y\u0131n!<\/strong><\/h3>\n<p data-start=\"3088\" data-end=\"3460\"><strong data-start=\"3088\" data-end=\"3104\">Fantezi Seti<\/strong>, cinsel ke\u015fiflerinizi daha heyecanl\u0131 ve tatmin edici hale getirecek. \u0130\u00e7eri\u011findeki k\u0131rba\u00e7, kelep\u00e7eler, g\u00f6z band\u0131 ve a\u011f\u0131z topu gibi \u00e7e\u015fitli \u00fcr\u00fcnlerle cinsel deneyimlerinizi daha derinlemesine ke\u015ffedecek, partnerinizle birlikte heyecan dolu anlar ya\u015fayacaks\u0131n\u0131z. Bu set ile cinsel ya\u015fam\u0131n\u0131za renk kat\u0131n, s\u0131n\u0131rlar\u0131n\u0131z\u0131 ke\u015ffedin ve tutkular\u0131n\u0131z\u0131 \u00f6zg\u00fcr b\u0131rak\u0131n!<\/p>\n<p data-start=\"3462\" data-end=\"3719\" data-is-last-node=\"\" data-is-only-node=\"\"><strong data-start=\"3462\" data-end=\"3478\">Fantezi Seti<\/strong>, g\u00fcvenli, e\u011flenceli ve heyecan dolu bir deneyim arayanlar i\u00e7in m\u00fckemmel bir tercihtir. Yeni ke\u015fifler yapmak ve cesur bir yolculu\u011fa \u00e7\u0131kmak isteyen her \u00e7iftin sahip olmas\u0131 gereken bu seti, <strong data-start=\"3666\" data-end=\"3682\">Fantezi Seti<\/strong> ile cinsel ya\u015fam\u0131n\u0131za heyecan kat\u0131n!<\/p>\n","protected":false},"excerpt":{"rendered":"<p><strong data-start=\"59\" data-end=\"75\">Fantezi Seti<\/strong>, cinsel ke\u015fif ve heyecan arayan \u00e7iftler i\u00e7in \u00f6zel olarak tasarlanm\u0131\u015f bir \u00fcr\u00fcnd\u00fcr. Partnerinizle birlikte s\u0131n\u0131rlar\u0131n\u0131z\u0131 zorlayarak cesur ve ke\u015fif dolu bir deneyim ya\u015famak istiyorsan\u0131z, bu set sizin i\u00e7in m\u00fckemmel bir se\u00e7enektir. \u0130\u00e7eri\u011findeki oyuncaklar ile cinsel ya\u015fam\u0131n\u0131za derinlik katarken, tutkulu anlar ve unutulmaz zevkler sunar. Hayal g\u00fcc\u00fcn\u00fcz\u00fc ve arzular\u0131n\u0131z\u0131 serbest b\u0131rakmaya haz\u0131r olun!<\/p>\n","protected":false},"featured_media":19091,"comment_status":"open","ping_status":"closed","template":"","meta":[],"product_brand":[127],"product_cat":[100],"product_tag":[262],"class_list":{"0":"post-18990","1":"product","2":"type-product","3":"status-publish","4":"has-post-thumbnail","6":"product_brand-pembe-tilki","7":"product_cat-fantezi-fetis","8":"product_tag-fantezi-baslangic-seti-siyah","10":"first","11":"instock","12":"taxable","13":"shipping-taxable","14":"purchasable","15":"product-type-simple"},"yoast_head":"<!-- This site is optimized with the Yoast SEO Premium plugin v24.4 (Yoast SEO v27.1.1) - https:\/\/yoast.com\/product\/yoast-seo-premium-wordpress\/ -->\n<title>Fantezi Ba\u015flang\u0131\u00e7 Seti Siyah - Bursa Erotik Shop<\/title>\n<meta name=\"robots\" content=\"index, follow, max-snippet:-1, max-image-preview:large, max-video-preview:-1\" \/>\n<link rel=\"canonical\" href=\"https:\/\/hobierotikshop.com.tr\/website1\/erotik-shop-urun\/fantezi-baslangic-seti-siyah\/\" \/>\n<meta property=\"og:locale\" content=\"tr_TR\" \/>\n<meta property=\"og:type\" content=\"article\" \/>\n<meta property=\"og:title\" content=\"Fantezi Ba\u015flang\u0131\u00e7 Seti Siyah\" \/>\n<meta property=\"og:description\" content=\"Fantezi Seti, cinsel ke\u015fif ve heyecan arayan \u00e7iftler i\u00e7in \u00f6zel olarak tasarlanm\u0131\u015f bir \u00fcr\u00fcnd\u00fcr. Partnerinizle birlikte s\u0131n\u0131rlar\u0131n\u0131z\u0131 zorlayarak cesur ve ke\u015fif dolu bir deneyim ya\u015famak istiyorsan\u0131z, bu set sizin i\u00e7in m\u00fckemmel bir se\u00e7enektir. \u0130\u00e7eri\u011findeki oyuncaklar ile cinsel ya\u015fam\u0131n\u0131za derinlik katarken, tutkulu anlar ve unutulmaz zevkler sunar. Hayal g\u00fcc\u00fcn\u00fcz\u00fc ve arzular\u0131n\u0131z\u0131 serbest b\u0131rakmaya haz\u0131r olun!\" \/>\n<meta property=\"og:url\" content=\"https:\/\/hobierotikshop.com.tr\/website1\/erotik-shop-urun\/fantezi-baslangic-seti-siyah\/\" \/>\n<meta property=\"og:site_name\" content=\"Bursa Erotik Shop\" \/>\n<meta property=\"article:modified_time\" content=\"2026-01-26T13:28:09+00:00\" \/>\n<meta property=\"og:image\" content=\"https:\/\/hobierotikshop.com.tr\/website1\/wp-content\/uploads\/2025\/03\/fantezi-fetis-baslangic-seti-siyah-1868.jpg\" \/>\n\t<meta property=\"og:image:width\" content=\"941\" \/>\n\t<meta property=\"og:image:height\" content=\"941\" \/>\n\t<meta property=\"og:image:type\" content=\"image\/jpeg\" \/>\n<meta name=\"twitter:card\" content=\"summary_large_image\" \/>\n<meta name=\"twitter:site\" content=\"@shopbursa\" \/>\n<meta name=\"twitter:label1\" content=\"Fiyat\" \/>\n\t<meta name=\"twitter:data1\" content=\"&#8378;1.000,00 KDV DAH\u0130L\" \/>\n\t<meta name=\"twitter:label2\" content=\"Availability\" \/>\n\t<meta name=\"twitter:data2\" content=\"In stock\" \/>\n<script type=\"application\/ld+json\" class=\"yoast-schema-graph\">{\"@context\":\"https:\/\/schema.org\",\"@graph\":[{\"@type\":\"WebPage\",\"@id\":\"https:\/\/hobierotikshop.com.tr\/website1\/erotik-shop-urun\/fantezi-baslangic-seti-siyah\/\",\"url\":\"https:\/\/hobierotikshop.com.tr\/website1\/erotik-shop-urun\/fantezi-baslangic-seti-siyah\/\",\"name\":\"Fantezi Ba\u015flang\u0131\u00e7 Seti Siyah - Bursa Erotik Shop\",\"isPartOf\":{\"@id\":\"https:\/\/hobierotikshop.com.tr\/website1\/#website\"},\"primaryImageOfPage\":{\"@id\":\"https:\/\/hobierotikshop.com.tr\/website1\/erotik-shop-urun\/fantezi-baslangic-seti-siyah\/#primaryimage\"},\"image\":{\"@id\":\"https:\/\/hobierotikshop.com.tr\/website1\/erotik-shop-urun\/fantezi-baslangic-seti-siyah\/#primaryimage\"},\"thumbnailUrl\":\"https:\/\/haremerotikshop.com\/site\/wp-content\/uploads\/2025\/03\/fantezi-fetis-baslangic-seti-siyah-1868.jpg\",\"datePublished\":\"2025-03-17T09:25:37+00:00\",\"dateModified\":\"2026-01-26T13:28:09+00:00\",\"breadcrumb\":{\"@id\":\"https:\/\/hobierotikshop.com.tr\/website1\/erotik-shop-urun\/fantezi-baslangic-seti-siyah\/#breadcrumb\"},\"inLanguage\":\"tr\",\"potentialAction\":[{\"@type\":\"ReadAction\",\"target\":[\"https:\/\/hobierotikshop.com.tr\/website1\/erotik-shop-urun\/fantezi-baslangic-seti-siyah\/\"]}]},{\"@type\":\"ImageObject\",\"inLanguage\":\"tr\",\"@id\":\"https:\/\/hobierotikshop.com.tr\/website1\/erotik-shop-urun\/fantezi-baslangic-seti-siyah\/#primaryimage\",\"url\":\"https:\/\/haremerotikshop.com\/site\/wp-content\/uploads\/2025\/03\/fantezi-fetis-baslangic-seti-siyah-1868.jpg\",\"contentUrl\":\"https:\/\/haremerotikshop.com\/site\/wp-content\/uploads\/2025\/03\/fantezi-fetis-baslangic-seti-siyah-1868.jpg\",\"width\":941,\"height\":941},{\"@type\":\"BreadcrumbList\",\"@id\":\"https:\/\/hobierotikshop.com.tr\/website1\/erotik-shop-urun\/fantezi-baslangic-seti-siyah\/#breadcrumb\",\"itemListElement\":[{\"@type\":\"ListItem\",\"position\":1,\"name\":\"Anasayfa\",\"item\":\"https:\/\/hobierotikshop.com.tr\/website1\/\"},{\"@type\":\"ListItem\",\"position\":2,\"name\":\"Erotik Shop \u00dcr\u00fcnleri\",\"item\":\"https:\/\/hobierotikshop.com.tr\/website1\/shop\/\"},{\"@type\":\"ListItem\",\"position\":3,\"name\":\"Fantezi Ba\u015flang\u0131\u00e7 Seti Siyah\"}]},{\"@type\":\"WebSite\",\"@id\":\"https:\/\/hobierotikshop.com.tr\/website1\/#website\",\"url\":\"https:\/\/hobierotikshop.com.tr\/website1\/\",\"name\":\"Bursa Erotik Shop\",\"description\":\"Bursa Erotik Shop ile g\u00fcvenli, gizli ve kaliteli yeti\u015fkin \u00fcr\u00fcnleri al\u0131\u015fveri\u015fi! Geni\u015f \u00fcr\u00fcn yelpazemizi ke\u015ffedin, hemen sipari\u015f verin\",\"publisher\":{\"@id\":\"https:\/\/hobierotikshop.com.tr\/website1\/#organization\"},\"alternateName\":\"Erotik Shop\",\"potentialAction\":[{\"@type\":\"SearchAction\",\"target\":{\"@type\":\"EntryPoint\",\"urlTemplate\":\"https:\/\/hobierotikshop.com.tr\/website1\/?s={search_term_string}\"},\"query-input\":{\"@type\":\"PropertyValueSpecification\",\"valueRequired\":true,\"valueName\":\"search_term_string\"}}],\"inLanguage\":\"tr\"},{\"@type\":\"Organization\",\"@id\":\"https:\/\/hobierotikshop.com.tr\/website1\/#organization\",\"name\":\"Harem Bursa Erotik Shop\",\"url\":\"https:\/\/hobierotikshop.com.tr\/website1\/\",\"logo\":{\"@type\":\"ImageObject\",\"inLanguage\":\"tr\",\"@id\":\"https:\/\/hobierotikshop.com.tr\/website1\/#\/schema\/logo\/image\/\",\"url\":\"https:\/\/haremerotikshop.com\/site\/wp-content\/uploads\/2025\/03\/haremsexshop.png\",\"contentUrl\":\"https:\/\/haremerotikshop.com\/site\/wp-content\/uploads\/2025\/03\/haremsexshop.png\",\"width\":400,\"height\":100,\"caption\":\"Harem Bursa Erotik Shop\"},\"image\":{\"@id\":\"https:\/\/hobierotikshop.com.tr\/website1\/#\/schema\/logo\/image\/\"},\"sameAs\":[\"https:\/\/x.com\/shopbursa\"],\"publishingPrinciples\":\"https:\/\/hobierotikshop.com.tr\/website1\/mesafeli-satis-sozlesmesi\/\",\"ownershipFundingInfo\":\"https:\/\/hobierotikshop.com.tr\/website1\/contact-us\/\",\"actionableFeedbackPolicy\":\"https:\/\/hobierotikshop.com.tr\/website1\/contact-us\/\",\"correctionsPolicy\":\"https:\/\/hobierotikshop.com.tr\/website1\/mesafeli-satis-sozlesmesi\/\"}]}<\/script>\n<meta property=\"product:brand\" content=\"Pembe Tilki\" \/>\n<meta property=\"product:price:amount\" content=\"1000.00\" \/>\n<meta property=\"product:price:currency\" content=\"TRY\" \/>\n<meta property=\"og:availability\" content=\"instock\" \/>\n<meta property=\"product:availability\" content=\"instock\" \/>\n<meta property=\"product:retailer_item_id\" content=\"PT-FFXG046BL\" \/>\n<meta property=\"product:condition\" content=\"new\" \/>\n<!-- \/ Yoast SEO Premium plugin. -->","yoast_head_json":{"title":"Fantezi Ba\u015flang\u0131\u00e7 Seti Siyah - Bursa Erotik Shop","robots":{"index":"index","follow":"follow","max-snippet":"max-snippet:-1","max-image-preview":"max-image-preview:large","max-video-preview":"max-video-preview:-1"},"canonical":"https:\/\/hobierotikshop.com.tr\/website1\/erotik-shop-urun\/fantezi-baslangic-seti-siyah\/","og_locale":"tr_TR","og_type":"article","og_title":"Fantezi Ba\u015flang\u0131\u00e7 Seti Siyah","og_description":"Fantezi Seti, cinsel ke\u015fif ve heyecan arayan \u00e7iftler i\u00e7in \u00f6zel olarak tasarlanm\u0131\u015f bir \u00fcr\u00fcnd\u00fcr. Partnerinizle birlikte s\u0131n\u0131rlar\u0131n\u0131z\u0131 zorlayarak cesur ve ke\u015fif dolu bir deneyim ya\u015famak istiyorsan\u0131z, bu set sizin i\u00e7in m\u00fckemmel bir se\u00e7enektir. \u0130\u00e7eri\u011findeki oyuncaklar ile cinsel ya\u015fam\u0131n\u0131za derinlik katarken, tutkulu anlar ve unutulmaz zevkler sunar. Hayal g\u00fcc\u00fcn\u00fcz\u00fc ve arzular\u0131n\u0131z\u0131 serbest b\u0131rakmaya haz\u0131r olun!","og_url":"https:\/\/hobierotikshop.com.tr\/website1\/erotik-shop-urun\/fantezi-baslangic-seti-siyah\/","og_site_name":"Bursa Erotik Shop","article_modified_time":"2026-01-26T13:28:09+00:00","og_image":[{"width":941,"height":941,"url":"https:\/\/hobierotikshop.com.tr\/website1\/wp-content\/uploads\/2025\/03\/fantezi-fetis-baslangic-seti-siyah-1868.jpg","type":"image\/jpeg"}],"twitter_card":"summary_large_image","twitter_site":"@shopbursa","twitter_misc":{"Fiyat":"&#8378;1.000,00 KDV DAH\u0130L","Availability":"In stock"},"schema":{"@context":"https:\/\/schema.org","@graph":[{"@type":"WebPage","@id":"https:\/\/hobierotikshop.com.tr\/website1\/erotik-shop-urun\/fantezi-baslangic-seti-siyah\/","url":"https:\/\/hobierotikshop.com.tr\/website1\/erotik-shop-urun\/fantezi-baslangic-seti-siyah\/","name":"Fantezi Ba\u015flang\u0131\u00e7 Seti Siyah - Bursa Erotik Shop","isPartOf":{"@id":"https:\/\/hobierotikshop.com.tr\/website1\/#website"},"primaryImageOfPage":{"@id":"https:\/\/hobierotikshop.com.tr\/website1\/erotik-shop-urun\/fantezi-baslangic-seti-siyah\/#primaryimage"},"image":{"@id":"https:\/\/hobierotikshop.com.tr\/website1\/erotik-shop-urun\/fantezi-baslangic-seti-siyah\/#primaryimage"},"thumbnailUrl":"https:\/\/haremerotikshop.com\/site\/wp-content\/uploads\/2025\/03\/fantezi-fetis-baslangic-seti-siyah-1868.jpg","datePublished":"2025-03-17T09:25:37+00:00","dateModified":"2026-01-26T13:28:09+00:00","breadcrumb":{"@id":"https:\/\/hobierotikshop.com.tr\/website1\/erotik-shop-urun\/fantezi-baslangic-seti-siyah\/#breadcrumb"},"inLanguage":"tr","potentialAction":[{"@type":"ReadAction","target":["https:\/\/hobierotikshop.com.tr\/website1\/erotik-shop-urun\/fantezi-baslangic-seti-siyah\/"]}]},{"@type":"ImageObject","inLanguage":"tr","@id":"https:\/\/hobierotikshop.com.tr\/website1\/erotik-shop-urun\/fantezi-baslangic-seti-siyah\/#primaryimage","url":"https:\/\/haremerotikshop.com\/site\/wp-content\/uploads\/2025\/03\/fantezi-fetis-baslangic-seti-siyah-1868.jpg","contentUrl":"https:\/\/haremerotikshop.com\/site\/wp-content\/uploads\/2025\/03\/fantezi-fetis-baslangic-seti-siyah-1868.jpg","width":941,"height":941},{"@type":"BreadcrumbList","@id":"https:\/\/hobierotikshop.com.tr\/website1\/erotik-shop-urun\/fantezi-baslangic-seti-siyah\/#breadcrumb","itemListElement":[{"@type":"ListItem","position":1,"name":"Anasayfa","item":"https:\/\/hobierotikshop.com.tr\/website1\/"},{"@type":"ListItem","position":2,"name":"Erotik Shop \u00dcr\u00fcnleri","item":"https:\/\/hobierotikshop.com.tr\/website1\/shop\/"},{"@type":"ListItem","position":3,"name":"Fantezi Ba\u015flang\u0131\u00e7 Seti Siyah"}]},{"@type":"WebSite","@id":"https:\/\/hobierotikshop.com.tr\/website1\/#website","url":"https:\/\/hobierotikshop.com.tr\/website1\/","name":"Bursa Erotik Shop","description":"Bursa Erotik Shop ile g\u00fcvenli, gizli ve kaliteli yeti\u015fkin \u00fcr\u00fcnleri al\u0131\u015fveri\u015fi! Geni\u015f \u00fcr\u00fcn yelpazemizi ke\u015ffedin, hemen sipari\u015f verin","publisher":{"@id":"https:\/\/hobierotikshop.com.tr\/website1\/#organization"},"alternateName":"Erotik Shop","potentialAction":[{"@type":"SearchAction","target":{"@type":"EntryPoint","urlTemplate":"https:\/\/hobierotikshop.com.tr\/website1\/?s={search_term_string}"},"query-input":{"@type":"PropertyValueSpecification","valueRequired":true,"valueName":"search_term_string"}}],"inLanguage":"tr"},{"@type":"Organization","@id":"https:\/\/hobierotikshop.com.tr\/website1\/#organization","name":"Harem Bursa Erotik Shop","url":"https:\/\/hobierotikshop.com.tr\/website1\/","logo":{"@type":"ImageObject","inLanguage":"tr","@id":"https:\/\/hobierotikshop.com.tr\/website1\/#\/schema\/logo\/image\/","url":"https:\/\/haremerotikshop.com\/site\/wp-content\/uploads\/2025\/03\/haremsexshop.png","contentUrl":"https:\/\/haremerotikshop.com\/site\/wp-content\/uploads\/2025\/03\/haremsexshop.png","width":400,"height":100,"caption":"Harem Bursa Erotik Shop"},"image":{"@id":"https:\/\/hobierotikshop.com.tr\/website1\/#\/schema\/logo\/image\/"},"sameAs":["https:\/\/x.com\/shopbursa"],"publishingPrinciples":"https:\/\/hobierotikshop.com.tr\/website1\/mesafeli-satis-sozlesmesi\/","ownershipFundingInfo":"https:\/\/hobierotikshop.com.tr\/website1\/contact-us\/","actionableFeedbackPolicy":"https:\/\/hobierotikshop.com.tr\/website1\/contact-us\/","correctionsPolicy":"https:\/\/hobierotikshop.com.tr\/website1\/mesafeli-satis-sozlesmesi\/"}]},"product_brand":"Pembe Tilki","product_price_amount":"1000.00","product_price_currency":"TRY","og_availability":"instock","product_availability":"instock","product_retailer_item_id":"PT-FFXG046BL","product_condition":"new"},"_links":{"self":[{"href":"https:\/\/haremerotikshop.com\/site\/wp-json\/wp\/v2\/product\/18990","targetHints":{"allow":["GET"]}}],"collection":[{"href":"https:\/\/haremerotikshop.com\/site\/wp-json\/wp\/v2\/product"}],"about":[{"href":"https:\/\/haremerotikshop.com\/site\/wp-json\/wp\/v2\/types\/product"}],"replies":[{"embeddable":true,"href":"https:\/\/haremerotikshop.com\/site\/wp-json\/wp\/v2\/comments?post=18990"}],"version-history":[{"count":0,"href":"https:\/\/haremerotikshop.com\/site\/wp-json\/wp\/v2\/product\/18990\/revisions"}],"wp:featuredmedia":[{"embeddable":true,"href":"https:\/\/haremerotikshop.com\/site\/wp-json\/wp\/v2\/media\/19091"}],"wp:attachment":[{"href":"https:\/\/haremerotikshop.com\/site\/wp-json\/wp\/v2\/media?parent=18990"}],"wp:term":[{"taxonomy":"product_brand","embeddable":true,"href":"https:\/\/haremerotikshop.com\/site\/wp-json\/wp\/v2\/product_brand?post=18990"},{"taxonomy":"product_cat","embeddable":true,"href":"https:\/\/haremerotikshop.com\/site\/wp-json\/wp\/v2\/product_cat?post=18990"},{"taxonomy":"product_tag","embeddable":true,"href":"https:\/\/haremerotikshop.com\/site\/wp-json\/wp\/v2\/product_tag?post=18990"}],"curies":[{"name":"wp","href":"https:\/\/api.w.org\/{rel}","templated":true}]}}