{"id":19069,"date":"2025-03-17T12:27:11","date_gmt":"2025-03-17T09:27:11","guid":{"rendered":"https:\/\/haremerotikshop.com\/site\/?post_type=product&#038;p=19069"},"modified":"2026-01-26T16:24:15","modified_gmt":"2026-01-26T13:24:15","slug":"modern-masaj-wand-vibrator-beyaz","status":"publish","type":"product","link":"https:\/\/haremerotikshop.com\/site\/erotik-shop-urun\/modern-masaj-wand-vibrator-beyaz\/","title":{"rendered":"Modern Masaj Wand Vibrat\u00f6r Beyaz"},"content":{"rendered":"<h3 data-start=\"0\" data-end=\"79\"><strong data-start=\"4\" data-end=\"79\">Modern Masaj Wand Vibrat\u00f6r &#8211; Beyaz: G\u00fc\u00e7l\u00fc Performans, Konforlu Kullan\u0131m<\/strong><\/h3>\n<p data-start=\"81\" data-end=\"535\"><strong data-start=\"81\" data-end=\"119\">Modern Masaj Wand Vibrat\u00f6r &#8211; Beyaz<\/strong>, \u015f\u0131k tasar\u0131m\u0131 ve \u00fcst\u00fcn i\u015flevselli\u011fiyle masaj deneyimlerinizi benzersiz k\u0131lmak i\u00e7in tasarlanm\u0131\u015ft\u0131r. Ergonomik yap\u0131s\u0131, su ge\u00e7irmez \u00f6zellikleri ve ayarlanabilir titre\u015fim g\u00fc\u00e7leriyle ki\u015fisel rahatlamay\u0131 ve keyfi en \u00fcst seviyeye ta\u015f\u0131yan bu vibrat\u00f6r, her an yan\u0131n\u0131zda olmaya haz\u0131rd\u0131r. Pembe Tilki kalitesiyle \u00fcretilen bu masaj cihaz\u0131, g\u00fc\u00e7l\u00fc titre\u015fimleriyle v\u00fccudunuzu rahatlat\u0131rken ayn\u0131 zamanda \u015f\u0131kl\u0131\u011f\u0131yla da dikkat \u00e7eker.<\/p>\n<hr data-start=\"537\" data-end=\"540\" \/>\n<h3 data-start=\"542\" data-end=\"571\"><strong data-start=\"546\" data-end=\"571\">\u00d6ne \u00c7\u0131kan \u00d6zellikler:<\/strong><\/h3>\n<h4 data-start=\"573\" data-end=\"596\">\u2714 <strong data-start=\"580\" data-end=\"596\">Ba\u015fl\u0131k \u00c7ap\u0131:<\/strong><\/h4>\n<ul data-start=\"597\" data-end=\"781\">\n<li data-start=\"597\" data-end=\"781\"><strong data-start=\"599\" data-end=\"609\">4,5 cm<\/strong> geni\u015fli\u011findeki ba\u015fl\u0131k, hedefledi\u011finiz b\u00f6lgelere rahat\u00e7a ula\u015farak etkili bir masaj deneyimi sunar. Geni\u015f y\u00fczeyi sayesinde masaj yaparken derinlemesine bir rahatlama sa\u011flar.<\/li>\n<\/ul>\n<h4 data-start=\"783\" data-end=\"812\">\u2714 <strong data-start=\"790\" data-end=\"812\">Ergonomik Tasar\u0131m:<\/strong><\/h4>\n<ul data-start=\"813\" data-end=\"1024\">\n<li data-start=\"813\" data-end=\"1024\"><strong data-start=\"815\" data-end=\"826\">25,9 cm<\/strong> uzunlu\u011fundaki yap\u0131s\u0131, <strong data-start=\"849\" data-end=\"864\">kolay tutu\u015f<\/strong> ve <strong data-start=\"868\" data-end=\"879\">kontrol<\/strong> imkan\u0131 sa\u011flar. T\u00fcm v\u00fccutta rahatl\u0131kla kullan\u0131labilecek \u015fekilde tasarlanm\u0131\u015f olan <strong data-start=\"960\" data-end=\"990\">Modern Masaj Wand Vibrat\u00f6r<\/strong>, her a\u00e7\u0131dan rahat kullan\u0131m sunar.<\/li>\n<\/ul>\n<h4 data-start=\"1026\" data-end=\"1065\">\u2714 <strong data-start=\"1033\" data-end=\"1065\">Ayarlanabilir Titre\u015fim G\u00fcc\u00fc:<\/strong><\/h4>\n<ul data-start=\"1066\" data-end=\"1291\">\n<li data-start=\"1066\" data-end=\"1291\">\u0130htiyac\u0131n\u0131za g\u00f6re titre\u015fim g\u00fcc\u00fcn\u00fc <strong data-start=\"1102\" data-end=\"1117\">ayarlayarak<\/strong> hafif rahatlamadan yo\u011fun masaja kadar farkl\u0131 deneyimler ya\u015fayabilirsiniz. G\u00fc\u00e7l\u00fc motoru sayesinde v\u00fccudunuzun farkl\u0131 b\u00f6lgelerinde ki\u015fiselle\u015ftirilmi\u015f bir masaj deneyimi sunar.<\/li>\n<\/ul>\n<h4 data-start=\"1293\" data-end=\"1324\">\u2714 <strong data-start=\"1300\" data-end=\"1324\">Su Ge\u00e7irmez Tasar\u0131m:<\/strong><\/h4>\n<ul data-start=\"1325\" data-end=\"1506\">\n<li data-start=\"1325\" data-end=\"1506\"><strong data-start=\"1327\" data-end=\"1342\">Su ge\u00e7irmez<\/strong> yap\u0131s\u0131 sayesinde, <strong data-start=\"1361\" data-end=\"1370\">du\u015fta<\/strong> veya <strong data-start=\"1376\" data-end=\"1387\">banyoda<\/strong> rahatl\u0131kla kullan\u0131labilir. Su alt\u0131nda kullan\u0131m imkan\u0131, temizli\u011fi de olduk\u00e7a kolayla\u015ft\u0131r\u0131r ve hijyenik kullan\u0131m sa\u011flar.<\/li>\n<\/ul>\n<h4 data-start=\"1508\" data-end=\"1536\">\u2714 <strong data-start=\"1515\" data-end=\"1536\">\u015earj \u00d6zellikleri:<\/strong><\/h4>\n<ul data-start=\"1537\" data-end=\"1707\">\n<li data-start=\"1537\" data-end=\"1707\"><strong data-start=\"1539\" data-end=\"1555\">DC u\u00e7lu \u015farj<\/strong> ve <strong data-start=\"1559\" data-end=\"1574\">USB adapt\u00f6r<\/strong> sistemi ile pratik bir \u015fekilde \u015farj edilebilir. <strong data-start=\"1623\" data-end=\"1638\">60 dakikada<\/strong> tam dolum sa\u011flar ve <strong data-start=\"1659\" data-end=\"1700\">90 dakikaya kadar kesintisiz kullan\u0131m<\/strong> sunar.<\/li>\n<\/ul>\n<h4 data-start=\"1709\" data-end=\"1744\">\u2714 <strong data-start=\"1716\" data-end=\"1744\">Y\u00fcksek Kaliteli Malzeme:<\/strong><\/h4>\n<ul data-start=\"1745\" data-end=\"1902\">\n<li data-start=\"1745\" data-end=\"1902\">Sa\u011fl\u0131k a\u00e7\u0131s\u0131ndan g\u00fcvenli ve dayan\u0131kl\u0131 <strong data-start=\"1785\" data-end=\"1802\">malzemelerden<\/strong> \u00fcretilmi\u015f olan <strong data-start=\"1818\" data-end=\"1848\">Modern Masaj Wand Vibrat\u00f6r<\/strong>, uzun \u00f6m\u00fcrl\u00fc kullan\u0131m ve konforlu bir deneyim sa\u011flar.<\/li>\n<\/ul>\n<hr data-start=\"1904\" data-end=\"1907\" \/>\n<h3 data-start=\"1909\" data-end=\"1945\"><strong data-start=\"1913\" data-end=\"1945\">Boyutlar ve Teknik Detaylar:<\/strong><\/h3>\n<ul data-start=\"1947\" data-end=\"2274\">\n<li data-start=\"1947\" data-end=\"1972\"><strong data-start=\"1949\" data-end=\"1965\">Ba\u015fl\u0131k \u00c7ap\u0131:<\/strong> 4,5 cm<\/li>\n<li data-start=\"1973\" data-end=\"2002\"><strong data-start=\"1975\" data-end=\"1994\">Toplam Uzunluk:<\/strong> 25,9 cm<\/li>\n<li data-start=\"2003\" data-end=\"2031\"><strong data-start=\"2005\" data-end=\"2021\">\u015earj S\u00fcresi:<\/strong> 60 dakika<\/li>\n<li data-start=\"2032\" data-end=\"2077\"><strong data-start=\"2034\" data-end=\"2054\">Kullan\u0131m S\u00fcresi:<\/strong> 90 dakika (tek \u015farjla)<\/li>\n<li data-start=\"2078\" data-end=\"2126\"><strong data-start=\"2080\" data-end=\"2099\">Su Ge\u00e7irmezlik:<\/strong> Evet (su ge\u00e7irmez tasar\u0131m)<\/li>\n<li data-start=\"2127\" data-end=\"2177\"><strong data-start=\"2129\" data-end=\"2141\">Malzeme:<\/strong> Y\u00fcksek kaliteli, cilt dostu malzeme<\/li>\n<li data-start=\"2178\" data-end=\"2230\"><strong data-start=\"2180\" data-end=\"2202\">Titre\u015fim Ayarlar\u0131:<\/strong> Ayarlanabilir titre\u015fim g\u00fcc\u00fc<\/li>\n<li data-start=\"2231\" data-end=\"2274\"><strong data-start=\"2233\" data-end=\"2247\">\u015earj T\u00fcr\u00fc:<\/strong> DC u\u00e7lu \u015farj &amp; USB adapt\u00f6r<\/li>\n<\/ul>\n<hr data-start=\"2276\" data-end=\"2279\" \/>\n<h3 data-start=\"2281\" data-end=\"2330\"><strong data-start=\"2285\" data-end=\"2330\">Neden Modern Masaj Wand Vibrat\u00f6r &#8211; Beyaz?<\/strong><\/h3>\n<p data-start=\"2332\" data-end=\"2786\"><strong data-start=\"2332\" data-end=\"2362\">Modern Masaj Wand Vibrat\u00f6r<\/strong>, hem <strong data-start=\"2368\" data-end=\"2380\">i\u015flevsel<\/strong> hem de <strong data-start=\"2388\" data-end=\"2399\">estetik<\/strong> a\u00e7\u0131dan m\u00fckemmel bir tercihtir. G\u00fc\u00e7l\u00fc titre\u015fimleri, <strong data-start=\"2451\" data-end=\"2468\">ayarlanabilir<\/strong> \u00f6zellikleri ve <strong data-start=\"2484\" data-end=\"2499\">su ge\u00e7irmez<\/strong> tasar\u0131m\u0131 ile her kullan\u0131c\u0131n\u0131n rahatlamas\u0131na yard\u0131mc\u0131 olur. <strong data-start=\"2559\" data-end=\"2580\">Ergonomik tasar\u0131m<\/strong> sayesinde masaj deneyiminiz her a\u00e7\u0131dan konforlu olur. <strong data-start=\"2635\" data-end=\"2650\">Pembe Tilki<\/strong> g\u00fcvencesiyle \u00fcretilmi\u015f bu \u00fcr\u00fcn, <strong data-start=\"2683\" data-end=\"2710\">y\u00fcksek kaliteli malzeme<\/strong> kullan\u0131m\u0131 ve <strong data-start=\"2724\" data-end=\"2748\">uzun kullan\u0131m s\u00fcresi<\/strong> ile her zaman yan\u0131n\u0131zda olmaya haz\u0131r.<\/p>\n<hr data-start=\"2788\" data-end=\"2791\" \/>\n<h3 data-start=\"2793\" data-end=\"2839\"><strong data-start=\"2797\" data-end=\"2839\">Kendinize \u00d6zel Bir Rahatlama Deneyimi:<\/strong><\/h3>\n<p data-start=\"2841\" data-end=\"3211\"><strong data-start=\"2841\" data-end=\"2879\">Modern Masaj Wand Vibrat\u00f6r &#8211; Beyaz<\/strong>, hem <strong data-start=\"2885\" data-end=\"2905\">ki\u015fisel kullan\u0131m<\/strong> hem de <strong data-start=\"2913\" data-end=\"2937\">partnerli deneyimler<\/strong> i\u00e7in ideal bir \u00fcr\u00fcnd\u00fcr. <strong data-start=\"2962\" data-end=\"2993\">\u015earj edilebilir \u00f6zellikleri<\/strong>, <strong data-start=\"2995\" data-end=\"3019\">su ge\u00e7irmez tasar\u0131m\u0131<\/strong> ve <strong data-start=\"3023\" data-end=\"3054\">ayarlanabilir titre\u015fim g\u00fcc\u00fc<\/strong> ile size \u00f6zel rahatlama anlar\u0131 yarat\u0131r. Konforlu bir masaj deneyimi i\u00e7in <strong data-start=\"3128\" data-end=\"3158\">Modern Masaj Wand Vibrat\u00f6r<\/strong>&#8216;\u00fc hemen ke\u015ffedin ve <strong data-start=\"3179\" data-end=\"3194\">Pembe Tilki<\/strong> fark\u0131n\u0131 ya\u015fay\u0131n.<\/p>\n<hr data-start=\"3213\" data-end=\"3216\" \/>\n<p data-start=\"3218\" data-end=\"3318\" data-is-last-node=\"\" data-is-only-node=\"\"><strong data-start=\"3218\" data-end=\"3268\">Pembe Tilki Modern Masaj Wand Vibrat\u00f6r &#8211; Beyaz<\/strong> ile rahatlama ve keyfi her an yan\u0131n\u0131zda hissedin!<\/p>\n","protected":false},"excerpt":{"rendered":"<p><strong data-start=\"81\" data-end=\"119\">Modern Masaj Wand Vibrat\u00f6r &#8211; Beyaz<\/strong>, \u015f\u0131k tasar\u0131m\u0131 ve \u00fcst\u00fcn i\u015flevselli\u011fiyle masaj deneyimlerinizi benzersiz k\u0131lmak i\u00e7in tasarlanm\u0131\u015ft\u0131r. Ergonomik yap\u0131s\u0131, su ge\u00e7irmez \u00f6zellikleri ve ayarlanabilir titre\u015fim g\u00fc\u00e7leriyle ki\u015fisel rahatlamay\u0131 ve keyfi en \u00fcst seviyeye ta\u015f\u0131yan bu vibrat\u00f6r, her an yan\u0131n\u0131zda olmaya haz\u0131rd\u0131r. Pembe Tilki kalitesiyle \u00fcretilen bu masaj cihaz\u0131, g\u00fc\u00e7l\u00fc titre\u015fimleriyle v\u00fccudunuzu rahatlat\u0131rken ayn\u0131 zamanda \u015f\u0131kl\u0131\u011f\u0131yla da dikkat \u00e7eker.<\/p>\n","protected":false},"featured_media":19117,"comment_status":"open","ping_status":"closed","template":"","meta":[],"product_brand":[127],"product_cat":[85],"product_tag":[269],"class_list":{"0":"post-19069","1":"product","2":"type-product","3":"status-publish","4":"has-post-thumbnail","6":"product_brand-pembe-tilki","7":"product_cat-modern-vibrator","8":"product_tag-modern-masaj-wand-vibrator-beyaz","10":"first","11":"instock","12":"taxable","13":"shipping-taxable","14":"purchasable","15":"product-type-simple"},"yoast_head":"<!-- This site is optimized with the Yoast SEO Premium plugin v24.4 (Yoast SEO v27.1.1) - https:\/\/yoast.com\/product\/yoast-seo-premium-wordpress\/ -->\n<title>Modern Masaj Wand Vibrat\u00f6r Beyaz - Bursa Erotik Shop<\/title>\n<meta name=\"robots\" content=\"index, follow, max-snippet:-1, max-image-preview:large, max-video-preview:-1\" \/>\n<link rel=\"canonical\" href=\"https:\/\/hobierotikshop.com.tr\/website1\/erotik-shop-urun\/modern-masaj-wand-vibrator-beyaz\/\" \/>\n<meta property=\"og:locale\" content=\"tr_TR\" \/>\n<meta property=\"og:type\" content=\"article\" \/>\n<meta property=\"og:title\" content=\"Modern Masaj Wand Vibrat\u00f6r Beyaz\" \/>\n<meta property=\"og:description\" content=\"Modern Masaj Wand Vibrat\u00f6r - Beyaz, \u015f\u0131k tasar\u0131m\u0131 ve \u00fcst\u00fcn i\u015flevselli\u011fiyle masaj deneyimlerinizi benzersiz k\u0131lmak i\u00e7in tasarlanm\u0131\u015ft\u0131r. Ergonomik yap\u0131s\u0131, su ge\u00e7irmez \u00f6zellikleri ve ayarlanabilir titre\u015fim g\u00fc\u00e7leriyle ki\u015fisel rahatlamay\u0131 ve keyfi en \u00fcst seviyeye ta\u015f\u0131yan bu vibrat\u00f6r, her an yan\u0131n\u0131zda olmaya haz\u0131rd\u0131r. Pembe Tilki kalitesiyle \u00fcretilen bu masaj cihaz\u0131, g\u00fc\u00e7l\u00fc titre\u015fimleriyle v\u00fccudunuzu rahatlat\u0131rken ayn\u0131 zamanda \u015f\u0131kl\u0131\u011f\u0131yla da dikkat \u00e7eker.\" \/>\n<meta property=\"og:url\" content=\"https:\/\/hobierotikshop.com.tr\/website1\/erotik-shop-urun\/modern-masaj-wand-vibrator-beyaz\/\" \/>\n<meta property=\"og:site_name\" content=\"Bursa Erotik Shop\" \/>\n<meta property=\"article:modified_time\" content=\"2026-01-26T13:24:15+00:00\" \/>\n<meta property=\"og:image\" content=\"https:\/\/hobierotikshop.com.tr\/website1\/wp-content\/uploads\/2025\/03\/modern-masaj-wand-vibrator-beyaz-2002.jpg\" \/>\n\t<meta property=\"og:image:width\" content=\"1500\" \/>\n\t<meta property=\"og:image:height\" content=\"1500\" \/>\n\t<meta property=\"og:image:type\" content=\"image\/jpeg\" \/>\n<meta name=\"twitter:card\" content=\"summary_large_image\" \/>\n<meta name=\"twitter:site\" content=\"@shopbursa\" \/>\n<meta name=\"twitter:label1\" content=\"Fiyat\" \/>\n\t<meta name=\"twitter:data1\" content=\"&#8378;1.500,00 KDV DAH\u0130L\" \/>\n\t<meta name=\"twitter:label2\" content=\"Availability\" \/>\n\t<meta name=\"twitter:data2\" content=\"In stock\" \/>\n<script type=\"application\/ld+json\" class=\"yoast-schema-graph\">{\"@context\":\"https:\/\/schema.org\",\"@graph\":[{\"@type\":\"WebPage\",\"@id\":\"https:\/\/hobierotikshop.com.tr\/website1\/erotik-shop-urun\/modern-masaj-wand-vibrator-beyaz\/\",\"url\":\"https:\/\/hobierotikshop.com.tr\/website1\/erotik-shop-urun\/modern-masaj-wand-vibrator-beyaz\/\",\"name\":\"Modern Masaj Wand Vibrat\u00f6r Beyaz - Bursa Erotik Shop\",\"isPartOf\":{\"@id\":\"https:\/\/hobierotikshop.com.tr\/website1\/#website\"},\"primaryImageOfPage\":{\"@id\":\"https:\/\/hobierotikshop.com.tr\/website1\/erotik-shop-urun\/modern-masaj-wand-vibrator-beyaz\/#primaryimage\"},\"image\":{\"@id\":\"https:\/\/hobierotikshop.com.tr\/website1\/erotik-shop-urun\/modern-masaj-wand-vibrator-beyaz\/#primaryimage\"},\"thumbnailUrl\":\"https:\/\/haremerotikshop.com\/site\/wp-content\/uploads\/2025\/03\/modern-masaj-wand-vibrator-beyaz-2002.jpg\",\"datePublished\":\"2025-03-17T09:27:11+00:00\",\"dateModified\":\"2026-01-26T13:24:15+00:00\",\"breadcrumb\":{\"@id\":\"https:\/\/hobierotikshop.com.tr\/website1\/erotik-shop-urun\/modern-masaj-wand-vibrator-beyaz\/#breadcrumb\"},\"inLanguage\":\"tr\",\"potentialAction\":[{\"@type\":\"ReadAction\",\"target\":[\"https:\/\/hobierotikshop.com.tr\/website1\/erotik-shop-urun\/modern-masaj-wand-vibrator-beyaz\/\"]}]},{\"@type\":\"ImageObject\",\"inLanguage\":\"tr\",\"@id\":\"https:\/\/hobierotikshop.com.tr\/website1\/erotik-shop-urun\/modern-masaj-wand-vibrator-beyaz\/#primaryimage\",\"url\":\"https:\/\/haremerotikshop.com\/site\/wp-content\/uploads\/2025\/03\/modern-masaj-wand-vibrator-beyaz-2002.jpg\",\"contentUrl\":\"https:\/\/haremerotikshop.com\/site\/wp-content\/uploads\/2025\/03\/modern-masaj-wand-vibrator-beyaz-2002.jpg\",\"width\":1500,\"height\":1500},{\"@type\":\"BreadcrumbList\",\"@id\":\"https:\/\/hobierotikshop.com.tr\/website1\/erotik-shop-urun\/modern-masaj-wand-vibrator-beyaz\/#breadcrumb\",\"itemListElement\":[{\"@type\":\"ListItem\",\"position\":1,\"name\":\"Anasayfa\",\"item\":\"https:\/\/hobierotikshop.com.tr\/website1\/\"},{\"@type\":\"ListItem\",\"position\":2,\"name\":\"Erotik Shop \u00dcr\u00fcnleri\",\"item\":\"https:\/\/hobierotikshop.com.tr\/website1\/shop\/\"},{\"@type\":\"ListItem\",\"position\":3,\"name\":\"Modern Masaj Wand Vibrat\u00f6r Beyaz\"}]},{\"@type\":\"WebSite\",\"@id\":\"https:\/\/hobierotikshop.com.tr\/website1\/#website\",\"url\":\"https:\/\/hobierotikshop.com.tr\/website1\/\",\"name\":\"Bursa Erotik Shop\",\"description\":\"Bursa Erotik Shop ile g\u00fcvenli, gizli ve kaliteli yeti\u015fkin \u00fcr\u00fcnleri al\u0131\u015fveri\u015fi! Geni\u015f \u00fcr\u00fcn yelpazemizi ke\u015ffedin, hemen sipari\u015f verin\",\"publisher\":{\"@id\":\"https:\/\/hobierotikshop.com.tr\/website1\/#organization\"},\"alternateName\":\"Erotik Shop\",\"potentialAction\":[{\"@type\":\"SearchAction\",\"target\":{\"@type\":\"EntryPoint\",\"urlTemplate\":\"https:\/\/hobierotikshop.com.tr\/website1\/?s={search_term_string}\"},\"query-input\":{\"@type\":\"PropertyValueSpecification\",\"valueRequired\":true,\"valueName\":\"search_term_string\"}}],\"inLanguage\":\"tr\"},{\"@type\":\"Organization\",\"@id\":\"https:\/\/hobierotikshop.com.tr\/website1\/#organization\",\"name\":\"Harem Bursa Erotik Shop\",\"url\":\"https:\/\/hobierotikshop.com.tr\/website1\/\",\"logo\":{\"@type\":\"ImageObject\",\"inLanguage\":\"tr\",\"@id\":\"https:\/\/hobierotikshop.com.tr\/website1\/#\/schema\/logo\/image\/\",\"url\":\"https:\/\/haremerotikshop.com\/site\/wp-content\/uploads\/2025\/03\/haremsexshop.png\",\"contentUrl\":\"https:\/\/haremerotikshop.com\/site\/wp-content\/uploads\/2025\/03\/haremsexshop.png\",\"width\":400,\"height\":100,\"caption\":\"Harem Bursa Erotik Shop\"},\"image\":{\"@id\":\"https:\/\/hobierotikshop.com.tr\/website1\/#\/schema\/logo\/image\/\"},\"sameAs\":[\"https:\/\/x.com\/shopbursa\"],\"publishingPrinciples\":\"https:\/\/hobierotikshop.com.tr\/website1\/mesafeli-satis-sozlesmesi\/\",\"ownershipFundingInfo\":\"https:\/\/hobierotikshop.com.tr\/website1\/contact-us\/\",\"actionableFeedbackPolicy\":\"https:\/\/hobierotikshop.com.tr\/website1\/contact-us\/\",\"correctionsPolicy\":\"https:\/\/hobierotikshop.com.tr\/website1\/mesafeli-satis-sozlesmesi\/\"}]}<\/script>\n<meta property=\"product:brand\" content=\"Pembe Tilki\" \/>\n<meta property=\"product:price:amount\" content=\"1500.00\" \/>\n<meta property=\"product:price:currency\" content=\"TRY\" \/>\n<meta property=\"og:availability\" content=\"instock\" \/>\n<meta property=\"product:availability\" content=\"instock\" \/>\n<meta property=\"product:retailer_item_id\" content=\"PT-DVXA450W\" \/>\n<meta property=\"product:condition\" content=\"new\" \/>\n<!-- \/ Yoast SEO Premium plugin. -->","yoast_head_json":{"title":"Modern Masaj Wand Vibrat\u00f6r Beyaz - Bursa Erotik Shop","robots":{"index":"index","follow":"follow","max-snippet":"max-snippet:-1","max-image-preview":"max-image-preview:large","max-video-preview":"max-video-preview:-1"},"canonical":"https:\/\/hobierotikshop.com.tr\/website1\/erotik-shop-urun\/modern-masaj-wand-vibrator-beyaz\/","og_locale":"tr_TR","og_type":"article","og_title":"Modern Masaj Wand Vibrat\u00f6r Beyaz","og_description":"Modern Masaj Wand Vibrat\u00f6r - Beyaz, \u015f\u0131k tasar\u0131m\u0131 ve \u00fcst\u00fcn i\u015flevselli\u011fiyle masaj deneyimlerinizi benzersiz k\u0131lmak i\u00e7in tasarlanm\u0131\u015ft\u0131r. Ergonomik yap\u0131s\u0131, su ge\u00e7irmez \u00f6zellikleri ve ayarlanabilir titre\u015fim g\u00fc\u00e7leriyle ki\u015fisel rahatlamay\u0131 ve keyfi en \u00fcst seviyeye ta\u015f\u0131yan bu vibrat\u00f6r, her an yan\u0131n\u0131zda olmaya haz\u0131rd\u0131r. Pembe Tilki kalitesiyle \u00fcretilen bu masaj cihaz\u0131, g\u00fc\u00e7l\u00fc titre\u015fimleriyle v\u00fccudunuzu rahatlat\u0131rken ayn\u0131 zamanda \u015f\u0131kl\u0131\u011f\u0131yla da dikkat \u00e7eker.","og_url":"https:\/\/hobierotikshop.com.tr\/website1\/erotik-shop-urun\/modern-masaj-wand-vibrator-beyaz\/","og_site_name":"Bursa Erotik Shop","article_modified_time":"2026-01-26T13:24:15+00:00","og_image":[{"width":1500,"height":1500,"url":"https:\/\/hobierotikshop.com.tr\/website1\/wp-content\/uploads\/2025\/03\/modern-masaj-wand-vibrator-beyaz-2002.jpg","type":"image\/jpeg"}],"twitter_card":"summary_large_image","twitter_site":"@shopbursa","twitter_misc":{"Fiyat":"&#8378;1.500,00 KDV DAH\u0130L","Availability":"In stock"},"schema":{"@context":"https:\/\/schema.org","@graph":[{"@type":"WebPage","@id":"https:\/\/hobierotikshop.com.tr\/website1\/erotik-shop-urun\/modern-masaj-wand-vibrator-beyaz\/","url":"https:\/\/hobierotikshop.com.tr\/website1\/erotik-shop-urun\/modern-masaj-wand-vibrator-beyaz\/","name":"Modern Masaj Wand Vibrat\u00f6r Beyaz - Bursa Erotik Shop","isPartOf":{"@id":"https:\/\/hobierotikshop.com.tr\/website1\/#website"},"primaryImageOfPage":{"@id":"https:\/\/hobierotikshop.com.tr\/website1\/erotik-shop-urun\/modern-masaj-wand-vibrator-beyaz\/#primaryimage"},"image":{"@id":"https:\/\/hobierotikshop.com.tr\/website1\/erotik-shop-urun\/modern-masaj-wand-vibrator-beyaz\/#primaryimage"},"thumbnailUrl":"https:\/\/haremerotikshop.com\/site\/wp-content\/uploads\/2025\/03\/modern-masaj-wand-vibrator-beyaz-2002.jpg","datePublished":"2025-03-17T09:27:11+00:00","dateModified":"2026-01-26T13:24:15+00:00","breadcrumb":{"@id":"https:\/\/hobierotikshop.com.tr\/website1\/erotik-shop-urun\/modern-masaj-wand-vibrator-beyaz\/#breadcrumb"},"inLanguage":"tr","potentialAction":[{"@type":"ReadAction","target":["https:\/\/hobierotikshop.com.tr\/website1\/erotik-shop-urun\/modern-masaj-wand-vibrator-beyaz\/"]}]},{"@type":"ImageObject","inLanguage":"tr","@id":"https:\/\/hobierotikshop.com.tr\/website1\/erotik-shop-urun\/modern-masaj-wand-vibrator-beyaz\/#primaryimage","url":"https:\/\/haremerotikshop.com\/site\/wp-content\/uploads\/2025\/03\/modern-masaj-wand-vibrator-beyaz-2002.jpg","contentUrl":"https:\/\/haremerotikshop.com\/site\/wp-content\/uploads\/2025\/03\/modern-masaj-wand-vibrator-beyaz-2002.jpg","width":1500,"height":1500},{"@type":"BreadcrumbList","@id":"https:\/\/hobierotikshop.com.tr\/website1\/erotik-shop-urun\/modern-masaj-wand-vibrator-beyaz\/#breadcrumb","itemListElement":[{"@type":"ListItem","position":1,"name":"Anasayfa","item":"https:\/\/hobierotikshop.com.tr\/website1\/"},{"@type":"ListItem","position":2,"name":"Erotik Shop \u00dcr\u00fcnleri","item":"https:\/\/hobierotikshop.com.tr\/website1\/shop\/"},{"@type":"ListItem","position":3,"name":"Modern Masaj Wand Vibrat\u00f6r Beyaz"}]},{"@type":"WebSite","@id":"https:\/\/hobierotikshop.com.tr\/website1\/#website","url":"https:\/\/hobierotikshop.com.tr\/website1\/","name":"Bursa Erotik Shop","description":"Bursa Erotik Shop ile g\u00fcvenli, gizli ve kaliteli yeti\u015fkin \u00fcr\u00fcnleri al\u0131\u015fveri\u015fi! Geni\u015f \u00fcr\u00fcn yelpazemizi ke\u015ffedin, hemen sipari\u015f verin","publisher":{"@id":"https:\/\/hobierotikshop.com.tr\/website1\/#organization"},"alternateName":"Erotik Shop","potentialAction":[{"@type":"SearchAction","target":{"@type":"EntryPoint","urlTemplate":"https:\/\/hobierotikshop.com.tr\/website1\/?s={search_term_string}"},"query-input":{"@type":"PropertyValueSpecification","valueRequired":true,"valueName":"search_term_string"}}],"inLanguage":"tr"},{"@type":"Organization","@id":"https:\/\/hobierotikshop.com.tr\/website1\/#organization","name":"Harem Bursa Erotik Shop","url":"https:\/\/hobierotikshop.com.tr\/website1\/","logo":{"@type":"ImageObject","inLanguage":"tr","@id":"https:\/\/hobierotikshop.com.tr\/website1\/#\/schema\/logo\/image\/","url":"https:\/\/haremerotikshop.com\/site\/wp-content\/uploads\/2025\/03\/haremsexshop.png","contentUrl":"https:\/\/haremerotikshop.com\/site\/wp-content\/uploads\/2025\/03\/haremsexshop.png","width":400,"height":100,"caption":"Harem Bursa Erotik Shop"},"image":{"@id":"https:\/\/hobierotikshop.com.tr\/website1\/#\/schema\/logo\/image\/"},"sameAs":["https:\/\/x.com\/shopbursa"],"publishingPrinciples":"https:\/\/hobierotikshop.com.tr\/website1\/mesafeli-satis-sozlesmesi\/","ownershipFundingInfo":"https:\/\/hobierotikshop.com.tr\/website1\/contact-us\/","actionableFeedbackPolicy":"https:\/\/hobierotikshop.com.tr\/website1\/contact-us\/","correctionsPolicy":"https:\/\/hobierotikshop.com.tr\/website1\/mesafeli-satis-sozlesmesi\/"}]},"product_brand":"Pembe Tilki","product_price_amount":"1500.00","product_price_currency":"TRY","og_availability":"instock","product_availability":"instock","product_retailer_item_id":"PT-DVXA450W","product_condition":"new"},"_links":{"self":[{"href":"https:\/\/haremerotikshop.com\/site\/wp-json\/wp\/v2\/product\/19069","targetHints":{"allow":["GET"]}}],"collection":[{"href":"https:\/\/haremerotikshop.com\/site\/wp-json\/wp\/v2\/product"}],"about":[{"href":"https:\/\/haremerotikshop.com\/site\/wp-json\/wp\/v2\/types\/product"}],"replies":[{"embeddable":true,"href":"https:\/\/haremerotikshop.com\/site\/wp-json\/wp\/v2\/comments?post=19069"}],"version-history":[{"count":0,"href":"https:\/\/haremerotikshop.com\/site\/wp-json\/wp\/v2\/product\/19069\/revisions"}],"wp:featuredmedia":[{"embeddable":true,"href":"https:\/\/haremerotikshop.com\/site\/wp-json\/wp\/v2\/media\/19117"}],"wp:attachment":[{"href":"https:\/\/haremerotikshop.com\/site\/wp-json\/wp\/v2\/media?parent=19069"}],"wp:term":[{"taxonomy":"product_brand","embeddable":true,"href":"https:\/\/haremerotikshop.com\/site\/wp-json\/wp\/v2\/product_brand?post=19069"},{"taxonomy":"product_cat","embeddable":true,"href":"https:\/\/haremerotikshop.com\/site\/wp-json\/wp\/v2\/product_cat?post=19069"},{"taxonomy":"product_tag","embeddable":true,"href":"https:\/\/haremerotikshop.com\/site\/wp-json\/wp\/v2\/product_tag?post=19069"}],"curies":[{"name":"wp","href":"https:\/\/api.w.org\/{rel}","templated":true}]}}