{"id":19070,"date":"2025-03-17T12:27:11","date_gmt":"2025-03-17T09:27:11","guid":{"rendered":"https:\/\/haremerotikshop.com\/site\/?post_type=product&#038;p=19070"},"modified":"2026-01-26T16:24:41","modified_gmt":"2026-01-26T13:24:41","slug":"modern-masaj-wand-vibrator-pembe","status":"publish","type":"product","link":"https:\/\/haremerotikshop.com\/site\/erotik-shop-urun\/modern-masaj-wand-vibrator-pembe\/","title":{"rendered":"Modern Masaj Wand Vibrat\u00f6r Pembe"},"content":{"rendered":"<h3 data-start=\"0\" data-end=\"70\"><strong data-start=\"4\" data-end=\"70\">Modern Masaj Wand Vibrat\u00f6r &#8211; Pembe: \u015e\u0131kl\u0131k ve G\u00fc\u00e7l\u00fc Performans<\/strong><\/h3>\n<p data-start=\"72\" data-end=\"559\"><strong data-start=\"72\" data-end=\"110\">Modern Masaj Wand Vibrat\u00f6r &#8211; Pembe<\/strong>, \u015f\u0131kl\u0131\u011f\u0131 ve \u00fcst\u00fcn performans\u0131 bir araya getiren yenilik\u00e7i bir \u00fcr\u00fcnd\u00fcr. Hem g\u00f6rsel olarak estetik hem de i\u015flevsel olarak g\u00fc\u00e7l\u00fc bir deneyim sunar. Yumu\u015fak, ergonomik yap\u0131s\u0131 ve g\u00fc\u00e7l\u00fc titre\u015fimleriyle masaj deneyiminizi ki\u015fiselle\u015ftirebilir ve her kullan\u0131mda rahatlaman\u0131z\u0131 sa\u011flar. Su ge\u00e7irmez tasar\u0131m\u0131 ve kolay \u015farj olan yap\u0131s\u0131, her an yan\u0131n\u0131zda olmas\u0131n\u0131 sa\u011flar. <strong data-start=\"468\" data-end=\"483\">Pembe Tilki<\/strong> g\u00fcvencesiyle \u00fcretilen bu \u00fcr\u00fcn, rahatlamay\u0131 ve keyfi bir \u00fcst seviyeye ta\u015f\u0131r.<\/p>\n<hr data-start=\"561\" data-end=\"564\" \/>\n<h3 data-start=\"566\" data-end=\"595\"><strong data-start=\"570\" data-end=\"595\">\u00d6ne \u00c7\u0131kan \u00d6zellikler:<\/strong><\/h3>\n<h4 data-start=\"597\" data-end=\"620\">\u2714 <strong data-start=\"604\" data-end=\"620\">Ba\u015fl\u0131k \u00c7ap\u0131:<\/strong><\/h4>\n<ul data-start=\"621\" data-end=\"807\">\n<li data-start=\"621\" data-end=\"807\"><strong data-start=\"623\" data-end=\"633\">4,5 cm<\/strong> \u00e7ap\u0131ndaki ba\u015fl\u0131k, <strong data-start=\"652\" data-end=\"668\">geni\u015f y\u00fczeyi<\/strong> sayesinde hedefledi\u011finiz b\u00f6lgelere rahat\u00e7a ula\u015f\u0131r ve etkili bir masaj deneyimi sa\u011flar. Her hareketle derinlemesine rahatlama imkan\u0131 sunar.<\/li>\n<\/ul>\n<h4 data-start=\"809\" data-end=\"838\">\u2714 <strong data-start=\"816\" data-end=\"838\">Ergonomik Tasar\u0131m:<\/strong><\/h4>\n<ul data-start=\"839\" data-end=\"1058\">\n<li data-start=\"839\" data-end=\"1058\"><strong data-start=\"841\" data-end=\"852\">25,9 cm<\/strong> uzunlu\u011funda ergonomik bir tasar\u0131ma sahip olan <strong data-start=\"899\" data-end=\"937\">Modern Masaj Wand Vibrat\u00f6r &#8211; Pembe<\/strong>, tutu\u015fu kolayla\u015ft\u0131r\u0131r ve masaj yaparken <strong data-start=\"978\" data-end=\"995\">kolay kontrol<\/strong> sa\u011flar. Kullan\u0131m s\u0131ras\u0131nda <strong data-start=\"1023\" data-end=\"1033\">konfor<\/strong> ve <strong data-start=\"1037\" data-end=\"1050\">pratiklik<\/strong> sa\u011flar.<\/li>\n<\/ul>\n<h4 data-start=\"1060\" data-end=\"1099\">\u2714 <strong data-start=\"1067\" data-end=\"1099\">Ayarlanabilir Titre\u015fim G\u00fcc\u00fc:<\/strong><\/h4>\n<ul data-start=\"1100\" data-end=\"1353\">\n<li data-start=\"1100\" data-end=\"1353\">\u0130htiyac\u0131n\u0131za g\u00f6re <strong data-start=\"1120\" data-end=\"1139\">titre\u015fim g\u00fcc\u00fcn\u00fc<\/strong> ayarlayarak hafif bir rahatlamadan <strong data-start=\"1175\" data-end=\"1195\">yo\u011fun bir masaja<\/strong> kadar diledi\u011finiz deneyimi ya\u015fayabilirsiniz. Farkl\u0131 seviyelerde <strong data-start=\"1260\" data-end=\"1291\">ki\u015fiselle\u015ftirilmi\u015f titre\u015fim<\/strong> se\u00e7enekleri ile konforu tamamen size g\u00f6re ayarlayabilirsiniz.<\/li>\n<\/ul>\n<h4 data-start=\"1355\" data-end=\"1386\">\u2714 <strong data-start=\"1362\" data-end=\"1386\">Su Ge\u00e7irmez Tasar\u0131m:<\/strong><\/h4>\n<ul data-start=\"1387\" data-end=\"1570\">\n<li data-start=\"1387\" data-end=\"1570\"><strong data-start=\"1389\" data-end=\"1404\">Su ge\u00e7irmez<\/strong> yap\u0131s\u0131 sayesinde, <strong data-start=\"1423\" data-end=\"1430\">du\u015f<\/strong> veya <strong data-start=\"1436\" data-end=\"1445\">banyo<\/strong> gibi ortamlarda g\u00f6n\u00fcl rahatl\u0131\u011f\u0131yla kullan\u0131labilir. Ayr\u0131ca, temizlik i\u015flemleri de olduk\u00e7a kolayd\u0131r, hijyenik kullan\u0131m sa\u011flar.<\/li>\n<\/ul>\n<h4 data-start=\"1572\" data-end=\"1600\">\u2714 <strong data-start=\"1579\" data-end=\"1600\">\u015earj \u00d6zellikleri:<\/strong><\/h4>\n<ul data-start=\"1601\" data-end=\"1822\">\n<li data-start=\"1601\" data-end=\"1822\"><strong data-start=\"1603\" data-end=\"1619\">DC u\u00e7lu \u015farj<\/strong> ve <strong data-start=\"1623\" data-end=\"1638\">USB adapt\u00f6r<\/strong> ile pratik \u015farj imkan\u0131 sunar. <strong data-start=\"1669\" data-end=\"1684\">60 dakikada<\/strong> tam dolum sa\u011flar, b\u00f6ylece cihaz\u0131 h\u0131zl\u0131 bir \u015fekilde kullan\u0131ma haz\u0131r hale getirir. <strong data-start=\"1766\" data-end=\"1780\">Tek \u015farjla<\/strong> 90 dakikaya kadar kesintisiz keyif sunar.<\/li>\n<\/ul>\n<h4 data-start=\"1824\" data-end=\"1859\">\u2714 <strong data-start=\"1831\" data-end=\"1859\">Y\u00fcksek Kaliteli Malzeme:<\/strong><\/h4>\n<ul data-start=\"1860\" data-end=\"2073\">\n<li data-start=\"1860\" data-end=\"2073\"><strong data-start=\"1862\" data-end=\"1879\">Sa\u011fl\u0131\u011fa uygun<\/strong>, dayan\u0131kl\u0131 ve <strong data-start=\"1894\" data-end=\"1916\">cilt dostu malzeme<\/strong> kullan\u0131larak \u00fcretilmi\u015ftir. <strong data-start=\"1944\" data-end=\"1959\">Uzun \u00f6m\u00fcrl\u00fc<\/strong> ve <strong data-start=\"1963\" data-end=\"1988\">konforlu bir kullan\u0131m<\/strong> sa\u011flar. <strong data-start=\"1997\" data-end=\"2035\">Modern Masaj Wand Vibrat\u00f6r &#8211; Pembe<\/strong>, g\u00fcvenli ve etkili bir deneyim sunar.<\/li>\n<\/ul>\n<hr data-start=\"2075\" data-end=\"2078\" \/>\n<h3 data-start=\"2080\" data-end=\"2116\"><strong data-start=\"2084\" data-end=\"2116\">Boyutlar ve Teknik Detaylar:<\/strong><\/h3>\n<ul data-start=\"2118\" data-end=\"2445\">\n<li data-start=\"2118\" data-end=\"2143\"><strong data-start=\"2120\" data-end=\"2136\">Ba\u015fl\u0131k \u00c7ap\u0131:<\/strong> 4,5 cm<\/li>\n<li data-start=\"2144\" data-end=\"2173\"><strong data-start=\"2146\" data-end=\"2165\">Toplam Uzunluk:<\/strong> 25,9 cm<\/li>\n<li data-start=\"2174\" data-end=\"2202\"><strong data-start=\"2176\" data-end=\"2192\">\u015earj S\u00fcresi:<\/strong> 60 dakika<\/li>\n<li data-start=\"2203\" data-end=\"2248\"><strong data-start=\"2205\" data-end=\"2225\">Kullan\u0131m S\u00fcresi:<\/strong> 90 dakika (tek \u015farjla)<\/li>\n<li data-start=\"2249\" data-end=\"2297\"><strong data-start=\"2251\" data-end=\"2270\">Su Ge\u00e7irmezlik:<\/strong> Evet (su ge\u00e7irmez tasar\u0131m)<\/li>\n<li data-start=\"2298\" data-end=\"2348\"><strong data-start=\"2300\" data-end=\"2312\">Malzeme:<\/strong> Y\u00fcksek kaliteli, cilt dostu malzeme<\/li>\n<li data-start=\"2349\" data-end=\"2401\"><strong data-start=\"2351\" data-end=\"2373\">Titre\u015fim Ayarlar\u0131:<\/strong> Ayarlanabilir titre\u015fim g\u00fcc\u00fc<\/li>\n<li data-start=\"2402\" data-end=\"2445\"><strong data-start=\"2404\" data-end=\"2418\">\u015earj T\u00fcr\u00fc:<\/strong> DC u\u00e7lu \u015farj &amp; USB adapt\u00f6r<\/li>\n<\/ul>\n<hr data-start=\"2447\" data-end=\"2450\" \/>\n<h3 data-start=\"2452\" data-end=\"2501\"><strong data-start=\"2456\" data-end=\"2501\">Neden Modern Masaj Wand Vibrat\u00f6r &#8211; Pembe?<\/strong><\/h3>\n<p data-start=\"2503\" data-end=\"2922\"><strong data-start=\"2503\" data-end=\"2541\">Modern Masaj Wand Vibrat\u00f6r &#8211; Pembe<\/strong>, <strong data-start=\"2543\" data-end=\"2564\">g\u00fc\u00e7l\u00fc performans\u0131<\/strong> ve <strong data-start=\"2568\" data-end=\"2588\">estetik tasar\u0131m\u0131<\/strong> ile benzersiz bir masaj deneyimi sunar. \u0130htiya\u00e7lar\u0131n\u0131za g\u00f6re ayarlanabilen <strong data-start=\"2664\" data-end=\"2684\">titre\u015fim g\u00fc\u00e7leri<\/strong>, <strong data-start=\"2686\" data-end=\"2710\">su ge\u00e7irmez tasar\u0131m\u0131<\/strong> ve <strong data-start=\"2714\" data-end=\"2740\">kolay \u015farj \u00f6zellikleri<\/strong> sayesinde her kullan\u0131mda maksimum keyif ve rahatl\u0131k sa\u011flar. <strong data-start=\"2801\" data-end=\"2816\">Pembe Tilki<\/strong> g\u00fcvencesiyle \u00fcretilen bu \u00fcr\u00fcn, kaliteli malzeme kullan\u0131m\u0131 ve <strong data-start=\"2878\" data-end=\"2900\">uzun kullan\u0131m \u00f6mr\u00fc<\/strong> ile sizi tatmin eder.<\/p>\n<hr data-start=\"2924\" data-end=\"2927\" \/>\n<h3 data-start=\"2929\" data-end=\"2975\"><strong data-start=\"2933\" data-end=\"2975\">Kendinize \u00d6zel Bir Rahatlama Deneyimi:<\/strong><\/h3>\n<p data-start=\"2977\" data-end=\"3329\"><strong data-start=\"2977\" data-end=\"3015\">Modern Masaj Wand Vibrat\u00f6r &#8211; Pembe<\/strong>, hem <strong data-start=\"3021\" data-end=\"3041\">ki\u015fisel kullan\u0131m<\/strong> hem de <strong data-start=\"3049\" data-end=\"3073\">partnerli deneyimler<\/strong> i\u00e7in m\u00fckemmel bir \u00fcr\u00fcnd\u00fcr. <strong data-start=\"3101\" data-end=\"3132\">\u015earj edilebilir \u00f6zellikleri<\/strong>, <strong data-start=\"3134\" data-end=\"3156\">su ge\u00e7irmez yap\u0131s\u0131<\/strong> ve <strong data-start=\"3160\" data-end=\"3191\">ayarlanabilir titre\u015fim g\u00fcc\u00fc<\/strong> ile size \u00f6zel rahatlama anlar\u0131 yarat\u0131r. <strong data-start=\"3232\" data-end=\"3247\">Pembe Tilki<\/strong>&#8216;nin <strong data-start=\"3252\" data-end=\"3271\">y\u00fcksek kaliteli<\/strong> ve <strong data-start=\"3275\" data-end=\"3296\">konforlu tasar\u0131m\u0131<\/strong> ile rahatlamay\u0131 her an hissedin.<\/p>\n<hr data-start=\"3331\" data-end=\"3334\" \/>\n<p data-start=\"3336\" data-end=\"3432\" data-is-last-node=\"\" data-is-only-node=\"\"><strong data-start=\"3336\" data-end=\"3374\">Modern Masaj Wand Vibrat\u00f6r &#8211; Pembe<\/strong> ile masaj ve keyif deneyiminizi bir \u00fcst seviyeye ta\u015f\u0131y\u0131n!<\/p>\n","protected":false},"excerpt":{"rendered":"<p><strong data-start=\"72\" data-end=\"110\">Modern Masaj Wand Vibrat\u00f6r &#8211; Pembe<\/strong>, \u015f\u0131kl\u0131\u011f\u0131 ve \u00fcst\u00fcn performans\u0131 bir araya getiren yenilik\u00e7i bir \u00fcr\u00fcnd\u00fcr. Hem g\u00f6rsel olarak estetik hem de i\u015flevsel olarak g\u00fc\u00e7l\u00fc bir deneyim sunar. Yumu\u015fak, ergonomik yap\u0131s\u0131 ve g\u00fc\u00e7l\u00fc titre\u015fimleriyle masaj deneyiminizi ki\u015fiselle\u015ftirebilir ve her kullan\u0131mda rahatlaman\u0131z\u0131 sa\u011flar. Su ge\u00e7irmez tasar\u0131m\u0131 ve kolay \u015farj olan yap\u0131s\u0131, her an yan\u0131n\u0131zda olmas\u0131n\u0131 sa\u011flar. <strong data-start=\"468\" data-end=\"483\">Pembe Tilki<\/strong> g\u00fcvencesiyle \u00fcretilen bu \u00fcr\u00fcn, rahatlamay\u0131 ve keyfi bir \u00fcst seviyeye ta\u015f\u0131r.<\/p>\n","protected":false},"featured_media":19122,"comment_status":"open","ping_status":"closed","template":"","meta":[],"product_brand":[127],"product_cat":[85],"product_tag":[269],"class_list":{"0":"post-19070","1":"product","2":"type-product","3":"status-publish","4":"has-post-thumbnail","6":"product_brand-pembe-tilki","7":"product_cat-modern-vibrator","8":"product_tag-modern-masaj-wand-vibrator-beyaz","10":"first","11":"instock","12":"taxable","13":"shipping-taxable","14":"purchasable","15":"product-type-simple"},"yoast_head":"<!-- This site is optimized with the Yoast SEO Premium plugin v24.4 (Yoast SEO v27.1.1) - https:\/\/yoast.com\/product\/yoast-seo-premium-wordpress\/ -->\n<title>Modern Masaj Wand Vibrat\u00f6r Pembe - Bursa Erotik Shop<\/title>\n<meta name=\"robots\" content=\"index, follow, max-snippet:-1, max-image-preview:large, max-video-preview:-1\" \/>\n<link rel=\"canonical\" href=\"https:\/\/hobierotikshop.com.tr\/website1\/erotik-shop-urun\/modern-masaj-wand-vibrator-pembe\/\" \/>\n<meta property=\"og:locale\" content=\"tr_TR\" \/>\n<meta property=\"og:type\" content=\"article\" \/>\n<meta property=\"og:title\" content=\"Modern Masaj Wand Vibrat\u00f6r Pembe\" \/>\n<meta property=\"og:description\" content=\"Modern Masaj Wand Vibrat\u00f6r - Pembe, \u015f\u0131kl\u0131\u011f\u0131 ve \u00fcst\u00fcn performans\u0131 bir araya getiren yenilik\u00e7i bir \u00fcr\u00fcnd\u00fcr. Hem g\u00f6rsel olarak estetik hem de i\u015flevsel olarak g\u00fc\u00e7l\u00fc bir deneyim sunar. Yumu\u015fak, ergonomik yap\u0131s\u0131 ve g\u00fc\u00e7l\u00fc titre\u015fimleriyle masaj deneyiminizi ki\u015fiselle\u015ftirebilir ve her kullan\u0131mda rahatlaman\u0131z\u0131 sa\u011flar. Su ge\u00e7irmez tasar\u0131m\u0131 ve kolay \u015farj olan yap\u0131s\u0131, her an yan\u0131n\u0131zda olmas\u0131n\u0131 sa\u011flar. Pembe Tilki g\u00fcvencesiyle \u00fcretilen bu \u00fcr\u00fcn, rahatlamay\u0131 ve keyfi bir \u00fcst seviyeye ta\u015f\u0131r.\" \/>\n<meta property=\"og:url\" content=\"https:\/\/hobierotikshop.com.tr\/website1\/erotik-shop-urun\/modern-masaj-wand-vibrator-pembe\/\" \/>\n<meta property=\"og:site_name\" content=\"Bursa Erotik Shop\" \/>\n<meta property=\"article:modified_time\" content=\"2026-01-26T13:24:41+00:00\" \/>\n<meta property=\"og:image\" content=\"https:\/\/hobierotikshop.com.tr\/website1\/wp-content\/uploads\/2025\/03\/modern-masaj-wand-vibrator-pembe-2006.jpg\" \/>\n\t<meta property=\"og:image:width\" content=\"1500\" \/>\n\t<meta property=\"og:image:height\" content=\"1500\" \/>\n\t<meta property=\"og:image:type\" content=\"image\/jpeg\" \/>\n<meta name=\"twitter:card\" content=\"summary_large_image\" \/>\n<meta name=\"twitter:site\" content=\"@shopbursa\" \/>\n<meta name=\"twitter:label1\" content=\"Fiyat\" \/>\n\t<meta name=\"twitter:data1\" content=\"&#8378;1.500,00 KDV DAH\u0130L\" \/>\n\t<meta name=\"twitter:label2\" content=\"Availability\" \/>\n\t<meta name=\"twitter:data2\" content=\"In stock\" \/>\n<script type=\"application\/ld+json\" class=\"yoast-schema-graph\">{\"@context\":\"https:\/\/schema.org\",\"@graph\":[{\"@type\":\"WebPage\",\"@id\":\"https:\/\/hobierotikshop.com.tr\/website1\/erotik-shop-urun\/modern-masaj-wand-vibrator-pembe\/\",\"url\":\"https:\/\/hobierotikshop.com.tr\/website1\/erotik-shop-urun\/modern-masaj-wand-vibrator-pembe\/\",\"name\":\"Modern Masaj Wand Vibrat\u00f6r Pembe - Bursa Erotik Shop\",\"isPartOf\":{\"@id\":\"https:\/\/hobierotikshop.com.tr\/website1\/#website\"},\"primaryImageOfPage\":{\"@id\":\"https:\/\/hobierotikshop.com.tr\/website1\/erotik-shop-urun\/modern-masaj-wand-vibrator-pembe\/#primaryimage\"},\"image\":{\"@id\":\"https:\/\/hobierotikshop.com.tr\/website1\/erotik-shop-urun\/modern-masaj-wand-vibrator-pembe\/#primaryimage\"},\"thumbnailUrl\":\"https:\/\/haremerotikshop.com\/site\/wp-content\/uploads\/2025\/03\/modern-masaj-wand-vibrator-pembe-2006.jpg\",\"datePublished\":\"2025-03-17T09:27:11+00:00\",\"dateModified\":\"2026-01-26T13:24:41+00:00\",\"breadcrumb\":{\"@id\":\"https:\/\/hobierotikshop.com.tr\/website1\/erotik-shop-urun\/modern-masaj-wand-vibrator-pembe\/#breadcrumb\"},\"inLanguage\":\"tr\",\"potentialAction\":[{\"@type\":\"ReadAction\",\"target\":[\"https:\/\/hobierotikshop.com.tr\/website1\/erotik-shop-urun\/modern-masaj-wand-vibrator-pembe\/\"]}]},{\"@type\":\"ImageObject\",\"inLanguage\":\"tr\",\"@id\":\"https:\/\/hobierotikshop.com.tr\/website1\/erotik-shop-urun\/modern-masaj-wand-vibrator-pembe\/#primaryimage\",\"url\":\"https:\/\/haremerotikshop.com\/site\/wp-content\/uploads\/2025\/03\/modern-masaj-wand-vibrator-pembe-2006.jpg\",\"contentUrl\":\"https:\/\/haremerotikshop.com\/site\/wp-content\/uploads\/2025\/03\/modern-masaj-wand-vibrator-pembe-2006.jpg\",\"width\":1500,\"height\":1500},{\"@type\":\"BreadcrumbList\",\"@id\":\"https:\/\/hobierotikshop.com.tr\/website1\/erotik-shop-urun\/modern-masaj-wand-vibrator-pembe\/#breadcrumb\",\"itemListElement\":[{\"@type\":\"ListItem\",\"position\":1,\"name\":\"Anasayfa\",\"item\":\"https:\/\/hobierotikshop.com.tr\/website1\/\"},{\"@type\":\"ListItem\",\"position\":2,\"name\":\"Erotik Shop \u00dcr\u00fcnleri\",\"item\":\"https:\/\/hobierotikshop.com.tr\/website1\/shop\/\"},{\"@type\":\"ListItem\",\"position\":3,\"name\":\"Modern Masaj Wand Vibrat\u00f6r Pembe\"}]},{\"@type\":\"WebSite\",\"@id\":\"https:\/\/hobierotikshop.com.tr\/website1\/#website\",\"url\":\"https:\/\/hobierotikshop.com.tr\/website1\/\",\"name\":\"Bursa Erotik Shop\",\"description\":\"Bursa Erotik Shop ile g\u00fcvenli, gizli ve kaliteli yeti\u015fkin \u00fcr\u00fcnleri al\u0131\u015fveri\u015fi! Geni\u015f \u00fcr\u00fcn yelpazemizi ke\u015ffedin, hemen sipari\u015f verin\",\"publisher\":{\"@id\":\"https:\/\/hobierotikshop.com.tr\/website1\/#organization\"},\"alternateName\":\"Erotik Shop\",\"potentialAction\":[{\"@type\":\"SearchAction\",\"target\":{\"@type\":\"EntryPoint\",\"urlTemplate\":\"https:\/\/hobierotikshop.com.tr\/website1\/?s={search_term_string}\"},\"query-input\":{\"@type\":\"PropertyValueSpecification\",\"valueRequired\":true,\"valueName\":\"search_term_string\"}}],\"inLanguage\":\"tr\"},{\"@type\":\"Organization\",\"@id\":\"https:\/\/hobierotikshop.com.tr\/website1\/#organization\",\"name\":\"Harem Bursa Erotik Shop\",\"url\":\"https:\/\/hobierotikshop.com.tr\/website1\/\",\"logo\":{\"@type\":\"ImageObject\",\"inLanguage\":\"tr\",\"@id\":\"https:\/\/hobierotikshop.com.tr\/website1\/#\/schema\/logo\/image\/\",\"url\":\"https:\/\/haremerotikshop.com\/site\/wp-content\/uploads\/2025\/03\/haremsexshop.png\",\"contentUrl\":\"https:\/\/haremerotikshop.com\/site\/wp-content\/uploads\/2025\/03\/haremsexshop.png\",\"width\":400,\"height\":100,\"caption\":\"Harem Bursa Erotik Shop\"},\"image\":{\"@id\":\"https:\/\/hobierotikshop.com.tr\/website1\/#\/schema\/logo\/image\/\"},\"sameAs\":[\"https:\/\/x.com\/shopbursa\"],\"publishingPrinciples\":\"https:\/\/hobierotikshop.com.tr\/website1\/mesafeli-satis-sozlesmesi\/\",\"ownershipFundingInfo\":\"https:\/\/hobierotikshop.com.tr\/website1\/contact-us\/\",\"actionableFeedbackPolicy\":\"https:\/\/hobierotikshop.com.tr\/website1\/contact-us\/\",\"correctionsPolicy\":\"https:\/\/hobierotikshop.com.tr\/website1\/mesafeli-satis-sozlesmesi\/\"}]}<\/script>\n<meta property=\"product:brand\" content=\"Pembe Tilki\" \/>\n<meta property=\"product:price:amount\" content=\"1500.00\" \/>\n<meta property=\"product:price:currency\" content=\"TRY\" \/>\n<meta property=\"og:availability\" content=\"instock\" \/>\n<meta property=\"product:availability\" content=\"instock\" \/>\n<meta property=\"product:retailer_item_id\" content=\"PT-DVXA450PNK\" \/>\n<meta property=\"product:condition\" content=\"new\" \/>\n<!-- \/ Yoast SEO Premium plugin. -->","yoast_head_json":{"title":"Modern Masaj Wand Vibrat\u00f6r Pembe - Bursa Erotik Shop","robots":{"index":"index","follow":"follow","max-snippet":"max-snippet:-1","max-image-preview":"max-image-preview:large","max-video-preview":"max-video-preview:-1"},"canonical":"https:\/\/hobierotikshop.com.tr\/website1\/erotik-shop-urun\/modern-masaj-wand-vibrator-pembe\/","og_locale":"tr_TR","og_type":"article","og_title":"Modern Masaj Wand Vibrat\u00f6r Pembe","og_description":"Modern Masaj Wand Vibrat\u00f6r - Pembe, \u015f\u0131kl\u0131\u011f\u0131 ve \u00fcst\u00fcn performans\u0131 bir araya getiren yenilik\u00e7i bir \u00fcr\u00fcnd\u00fcr. Hem g\u00f6rsel olarak estetik hem de i\u015flevsel olarak g\u00fc\u00e7l\u00fc bir deneyim sunar. Yumu\u015fak, ergonomik yap\u0131s\u0131 ve g\u00fc\u00e7l\u00fc titre\u015fimleriyle masaj deneyiminizi ki\u015fiselle\u015ftirebilir ve her kullan\u0131mda rahatlaman\u0131z\u0131 sa\u011flar. Su ge\u00e7irmez tasar\u0131m\u0131 ve kolay \u015farj olan yap\u0131s\u0131, her an yan\u0131n\u0131zda olmas\u0131n\u0131 sa\u011flar. Pembe Tilki g\u00fcvencesiyle \u00fcretilen bu \u00fcr\u00fcn, rahatlamay\u0131 ve keyfi bir \u00fcst seviyeye ta\u015f\u0131r.","og_url":"https:\/\/hobierotikshop.com.tr\/website1\/erotik-shop-urun\/modern-masaj-wand-vibrator-pembe\/","og_site_name":"Bursa Erotik Shop","article_modified_time":"2026-01-26T13:24:41+00:00","og_image":[{"width":1500,"height":1500,"url":"https:\/\/hobierotikshop.com.tr\/website1\/wp-content\/uploads\/2025\/03\/modern-masaj-wand-vibrator-pembe-2006.jpg","type":"image\/jpeg"}],"twitter_card":"summary_large_image","twitter_site":"@shopbursa","twitter_misc":{"Fiyat":"&#8378;1.500,00 KDV DAH\u0130L","Availability":"In stock"},"schema":{"@context":"https:\/\/schema.org","@graph":[{"@type":"WebPage","@id":"https:\/\/hobierotikshop.com.tr\/website1\/erotik-shop-urun\/modern-masaj-wand-vibrator-pembe\/","url":"https:\/\/hobierotikshop.com.tr\/website1\/erotik-shop-urun\/modern-masaj-wand-vibrator-pembe\/","name":"Modern Masaj Wand Vibrat\u00f6r Pembe - Bursa Erotik Shop","isPartOf":{"@id":"https:\/\/hobierotikshop.com.tr\/website1\/#website"},"primaryImageOfPage":{"@id":"https:\/\/hobierotikshop.com.tr\/website1\/erotik-shop-urun\/modern-masaj-wand-vibrator-pembe\/#primaryimage"},"image":{"@id":"https:\/\/hobierotikshop.com.tr\/website1\/erotik-shop-urun\/modern-masaj-wand-vibrator-pembe\/#primaryimage"},"thumbnailUrl":"https:\/\/haremerotikshop.com\/site\/wp-content\/uploads\/2025\/03\/modern-masaj-wand-vibrator-pembe-2006.jpg","datePublished":"2025-03-17T09:27:11+00:00","dateModified":"2026-01-26T13:24:41+00:00","breadcrumb":{"@id":"https:\/\/hobierotikshop.com.tr\/website1\/erotik-shop-urun\/modern-masaj-wand-vibrator-pembe\/#breadcrumb"},"inLanguage":"tr","potentialAction":[{"@type":"ReadAction","target":["https:\/\/hobierotikshop.com.tr\/website1\/erotik-shop-urun\/modern-masaj-wand-vibrator-pembe\/"]}]},{"@type":"ImageObject","inLanguage":"tr","@id":"https:\/\/hobierotikshop.com.tr\/website1\/erotik-shop-urun\/modern-masaj-wand-vibrator-pembe\/#primaryimage","url":"https:\/\/haremerotikshop.com\/site\/wp-content\/uploads\/2025\/03\/modern-masaj-wand-vibrator-pembe-2006.jpg","contentUrl":"https:\/\/haremerotikshop.com\/site\/wp-content\/uploads\/2025\/03\/modern-masaj-wand-vibrator-pembe-2006.jpg","width":1500,"height":1500},{"@type":"BreadcrumbList","@id":"https:\/\/hobierotikshop.com.tr\/website1\/erotik-shop-urun\/modern-masaj-wand-vibrator-pembe\/#breadcrumb","itemListElement":[{"@type":"ListItem","position":1,"name":"Anasayfa","item":"https:\/\/hobierotikshop.com.tr\/website1\/"},{"@type":"ListItem","position":2,"name":"Erotik Shop \u00dcr\u00fcnleri","item":"https:\/\/hobierotikshop.com.tr\/website1\/shop\/"},{"@type":"ListItem","position":3,"name":"Modern Masaj Wand Vibrat\u00f6r Pembe"}]},{"@type":"WebSite","@id":"https:\/\/hobierotikshop.com.tr\/website1\/#website","url":"https:\/\/hobierotikshop.com.tr\/website1\/","name":"Bursa Erotik Shop","description":"Bursa Erotik Shop ile g\u00fcvenli, gizli ve kaliteli yeti\u015fkin \u00fcr\u00fcnleri al\u0131\u015fveri\u015fi! Geni\u015f \u00fcr\u00fcn yelpazemizi ke\u015ffedin, hemen sipari\u015f verin","publisher":{"@id":"https:\/\/hobierotikshop.com.tr\/website1\/#organization"},"alternateName":"Erotik Shop","potentialAction":[{"@type":"SearchAction","target":{"@type":"EntryPoint","urlTemplate":"https:\/\/hobierotikshop.com.tr\/website1\/?s={search_term_string}"},"query-input":{"@type":"PropertyValueSpecification","valueRequired":true,"valueName":"search_term_string"}}],"inLanguage":"tr"},{"@type":"Organization","@id":"https:\/\/hobierotikshop.com.tr\/website1\/#organization","name":"Harem Bursa Erotik Shop","url":"https:\/\/hobierotikshop.com.tr\/website1\/","logo":{"@type":"ImageObject","inLanguage":"tr","@id":"https:\/\/hobierotikshop.com.tr\/website1\/#\/schema\/logo\/image\/","url":"https:\/\/haremerotikshop.com\/site\/wp-content\/uploads\/2025\/03\/haremsexshop.png","contentUrl":"https:\/\/haremerotikshop.com\/site\/wp-content\/uploads\/2025\/03\/haremsexshop.png","width":400,"height":100,"caption":"Harem Bursa Erotik Shop"},"image":{"@id":"https:\/\/hobierotikshop.com.tr\/website1\/#\/schema\/logo\/image\/"},"sameAs":["https:\/\/x.com\/shopbursa"],"publishingPrinciples":"https:\/\/hobierotikshop.com.tr\/website1\/mesafeli-satis-sozlesmesi\/","ownershipFundingInfo":"https:\/\/hobierotikshop.com.tr\/website1\/contact-us\/","actionableFeedbackPolicy":"https:\/\/hobierotikshop.com.tr\/website1\/contact-us\/","correctionsPolicy":"https:\/\/hobierotikshop.com.tr\/website1\/mesafeli-satis-sozlesmesi\/"}]},"product_brand":"Pembe Tilki","product_price_amount":"1500.00","product_price_currency":"TRY","og_availability":"instock","product_availability":"instock","product_retailer_item_id":"PT-DVXA450PNK","product_condition":"new"},"_links":{"self":[{"href":"https:\/\/haremerotikshop.com\/site\/wp-json\/wp\/v2\/product\/19070","targetHints":{"allow":["GET"]}}],"collection":[{"href":"https:\/\/haremerotikshop.com\/site\/wp-json\/wp\/v2\/product"}],"about":[{"href":"https:\/\/haremerotikshop.com\/site\/wp-json\/wp\/v2\/types\/product"}],"replies":[{"embeddable":true,"href":"https:\/\/haremerotikshop.com\/site\/wp-json\/wp\/v2\/comments?post=19070"}],"version-history":[{"count":0,"href":"https:\/\/haremerotikshop.com\/site\/wp-json\/wp\/v2\/product\/19070\/revisions"}],"wp:featuredmedia":[{"embeddable":true,"href":"https:\/\/haremerotikshop.com\/site\/wp-json\/wp\/v2\/media\/19122"}],"wp:attachment":[{"href":"https:\/\/haremerotikshop.com\/site\/wp-json\/wp\/v2\/media?parent=19070"}],"wp:term":[{"taxonomy":"product_brand","embeddable":true,"href":"https:\/\/haremerotikshop.com\/site\/wp-json\/wp\/v2\/product_brand?post=19070"},{"taxonomy":"product_cat","embeddable":true,"href":"https:\/\/haremerotikshop.com\/site\/wp-json\/wp\/v2\/product_cat?post=19070"},{"taxonomy":"product_tag","embeddable":true,"href":"https:\/\/haremerotikshop.com\/site\/wp-json\/wp\/v2\/product_tag?post=19070"}],"curies":[{"name":"wp","href":"https:\/\/api.w.org\/{rel}","templated":true}]}}