{"id":19071,"date":"2025-03-17T12:27:11","date_gmt":"2025-03-17T09:27:11","guid":{"rendered":"https:\/\/haremerotikshop.com\/site\/?post_type=product&#038;p=19071"},"modified":"2026-01-26T16:25:16","modified_gmt":"2026-01-26T13:25:16","slug":"modern-wand-mikrofon-vibrator-pembe","status":"publish","type":"product","link":"https:\/\/haremerotikshop.com\/site\/erotik-shop-urun\/modern-wand-mikrofon-vibrator-pembe\/","title":{"rendered":"Modern Wand Mikrofon Vibrat\u00f6r Pembe"},"content":{"rendered":"<h3 data-start=\"0\" data-end=\"87\"><strong data-start=\"4\" data-end=\"87\">Pembe Tilki Modern Wand Vibrat\u00f6r &#8211; Pembe: Estetik ve Fonksiyonel Masaj Deneyimi<\/strong><\/h3>\n<p data-start=\"89\" data-end=\"644\"><strong data-start=\"89\" data-end=\"133\">Pembe Tilki Modern Wand Vibrat\u00f6r &#8211; Pembe<\/strong>, zarif tasar\u0131m\u0131 ve g\u00fc\u00e7l\u00fc performans\u0131 ile <strong data-start=\"175\" data-end=\"196\">ki\u015fisel rahatlama<\/strong> ve <strong data-start=\"200\" data-end=\"220\">masaj deneyimini<\/strong> bir arada sunar. Hem <strong data-start=\"242\" data-end=\"254\">klitoral<\/strong> hem de <strong data-start=\"262\" data-end=\"278\">v\u00fccut masaj\u0131<\/strong> i\u00e7in m\u00fckemmel olan bu mini wand vibrat\u00f6r, kullan\u0131c\u0131ya farkl\u0131 zevk deneyimleri sunarak rahatlaman\u0131z\u0131 sa\u011flar. <strong data-start=\"387\" data-end=\"402\">Pembe Tilki<\/strong>&#8216;nin kaliteli ve \u015f\u0131k \u00fcr\u00fcnlerinden biri olarak, her kullan\u0131m\u0131 keyifli bir hale getirir. <strong data-start=\"489\" data-end=\"518\">Kompleks olmayan tasar\u0131m\u0131<\/strong>, <strong data-start=\"520\" data-end=\"545\">kolay ta\u015f\u0131nabilirli\u011fi<\/strong> ve <strong data-start=\"549\" data-end=\"588\">\u00f6zelle\u015ftirilebilir titre\u015fim modlar\u0131<\/strong> ile kullan\u0131c\u0131s\u0131na ki\u015fisel bak\u0131mda yeni bir boyut sunar.<\/p>\n<hr data-start=\"646\" data-end=\"649\" \/>\n<h3 data-start=\"651\" data-end=\"680\"><strong data-start=\"655\" data-end=\"680\">\u00d6ne \u00c7\u0131kan \u00d6zellikler:<\/strong><\/h3>\n<h4 data-start=\"682\" data-end=\"717\">\u2714 <strong data-start=\"689\" data-end=\"717\">Y\u00fcksek Kaliteli Malzeme:<\/strong><\/h4>\n<ul data-start=\"718\" data-end=\"971\">\n<li data-start=\"718\" data-end=\"971\"><strong data-start=\"720\" data-end=\"738\">ABS ve silikon<\/strong> malzemelerinden \u00fcretilmi\u015f olan <strong data-start=\"770\" data-end=\"794\">Modern Wand Vibrat\u00f6r<\/strong>, <strong data-start=\"796\" data-end=\"810\">cilt dostu<\/strong> ve <strong data-start=\"814\" data-end=\"827\">dayan\u0131kl\u0131<\/strong> yap\u0131dad\u0131r. <strong data-start=\"839\" data-end=\"863\">Kau\u00e7uk ya\u011fl\u0131 kaplama<\/strong>, cihaz\u0131n <strong data-start=\"873\" data-end=\"893\">yumu\u015fak ve rahat<\/strong> bir kullan\u0131m sa\u011flamas\u0131n\u0131 sa\u011flar, b\u00f6ylece cildinizle uyumlu bir deneyim sunar.<\/li>\n<\/ul>\n<h4 data-start=\"973\" data-end=\"1008\">\u2714 <strong data-start=\"980\" data-end=\"1008\">10 Farkl\u0131 Titre\u015fim Modu:<\/strong><\/h4>\n<ul data-start=\"1009\" data-end=\"1336\">\n<li data-start=\"1009\" data-end=\"1336\"><strong data-start=\"1011\" data-end=\"1036\">Geni\u015f h\u0131z se\u00e7enekleri<\/strong> sayesinde, <strong data-start=\"1048\" data-end=\"1070\">ki\u015fisel tercihlere<\/strong> g\u00f6re ayarlanabilir titre\u015fim modlar\u0131 sunar. <strong data-start=\"1114\" data-end=\"1141\">10 farkl\u0131 titre\u015fim modu<\/strong> ile v\u00fccudunuzun farkl\u0131 b\u00f6lgelerinde <strong data-start=\"1178\" data-end=\"1208\">hassas ve keyifli masajlar<\/strong> yapabilirsiniz. <strong data-start=\"1225\" data-end=\"1245\">Titre\u015fim h\u0131zlar\u0131<\/strong> diledi\u011finiz gibi de\u011fi\u015ftirilebilir, b\u00f6ylece en y\u00fcksek rahatlama seviyesine ula\u015fabilirsiniz.<\/li>\n<\/ul>\n<h4 data-start=\"1338\" data-end=\"1368\">\u2714 <strong data-start=\"1345\" data-end=\"1368\">\u00c7ok Y\u00f6nl\u00fc Kullan\u0131m:<\/strong><\/h4>\n<ul data-start=\"1369\" data-end=\"1608\">\n<li data-start=\"1369\" data-end=\"1608\"><strong data-start=\"1371\" data-end=\"1383\">Klitoral<\/strong>, <strong data-start=\"1385\" data-end=\"1395\">G-spot<\/strong> ve <strong data-start=\"1399\" data-end=\"1414\">meme masaj\u0131<\/strong> i\u00e7in ideal olan bu wand vibrat\u00f6r, <strong data-start=\"1449\" data-end=\"1462\">\u00e7ok y\u00f6nl\u00fc<\/strong> kullan\u0131m\u0131 sayesinde farkl\u0131 zevk b\u00f6lgelerinizde derinlemesine uyar\u0131m sa\u011flar. <strong data-start=\"1539\" data-end=\"1563\">Mini de\u011fnek tasar\u0131m\u0131<\/strong>, hedeflenen alanlara ula\u015fmay\u0131 kolayla\u015ft\u0131r\u0131r.<\/li>\n<\/ul>\n<h4 data-start=\"1610\" data-end=\"1645\">\u2714 <strong data-start=\"1617\" data-end=\"1645\">USB ile \u015earj Edilebilir:<\/strong><\/h4>\n<ul data-start=\"1646\" data-end=\"1853\">\n<li data-start=\"1646\" data-end=\"1853\"><strong data-start=\"1648\" data-end=\"1669\">USB \u015farj \u00f6zelli\u011fi<\/strong> sayesinde <strong data-start=\"1680\" data-end=\"1708\">pil de\u011fi\u015fimi gerektirmez<\/strong>, s\u00fcrekli olarak kullan\u0131m sa\u011flar. Bu \u00f6zellik, cihaz\u0131n <strong data-start=\"1762\" data-end=\"1772\">pratik<\/strong> ve <strong data-start=\"1776\" data-end=\"1788\">ekonomik<\/strong> kullan\u0131m\u0131n\u0131 m\u00fcmk\u00fcn k\u0131lar, uzun s\u00fcreli kullan\u0131mda rahatl\u0131k sunar.<\/li>\n<\/ul>\n<h4 data-start=\"1855\" data-end=\"1887\">\u2714 <strong data-start=\"1862\" data-end=\"1887\">Ta\u015f\u0131nabilir ve Hafif:<\/strong><\/h4>\n<ul data-start=\"1888\" data-end=\"2093\">\n<li data-start=\"1888\" data-end=\"2093\"><strong data-start=\"1890\" data-end=\"1908\">15 cm x 4,3 cm<\/strong> boyutlar\u0131ndaki kompakt yap\u0131s\u0131 ve yaln\u0131zca <strong data-start=\"1951\" data-end=\"1968\">108g a\u011f\u0131rl\u0131\u011f\u0131<\/strong> ile ta\u015f\u0131mas\u0131 son derece kolayd\u0131r. <strong data-start=\"2003\" data-end=\"2013\">Pratik<\/strong> yap\u0131s\u0131 sayesinde istedi\u011finiz her yere ta\u015f\u0131yabilir ve rahat\u00e7a kullanabilirsiniz.<\/li>\n<\/ul>\n<h4 data-start=\"2095\" data-end=\"2129\">\u2714 <strong data-start=\"2102\" data-end=\"2129\">Suya Dayan\u0131kl\u0131 Tasar\u0131m:<\/strong><\/h4>\n<ul data-start=\"2130\" data-end=\"2335\">\n<li data-start=\"2130\" data-end=\"2335\"><strong data-start=\"2132\" data-end=\"2147\">Su ge\u00e7irmez<\/strong> yap\u0131s\u0131 sayesinde, \u00fcr\u00fcn\u00fc <strong data-start=\"2172\" data-end=\"2181\">du\u015fta<\/strong> veya <strong data-start=\"2187\" data-end=\"2198\">banyoda<\/strong> kullanabilirsiniz. <strong data-start=\"2218\" data-end=\"2242\">Kolay temizlenebilir<\/strong> yap\u0131s\u0131 sayesinde hijyenik kullan\u0131m sa\u011flar. Ayr\u0131ca, g\u00fcnl\u00fck kullan\u0131mda g\u00fcvenle kullan\u0131labilir.<\/li>\n<\/ul>\n<hr data-start=\"2337\" data-end=\"2340\" \/>\n<h3 data-start=\"2342\" data-end=\"2378\"><strong data-start=\"2346\" data-end=\"2378\">Boyutlar ve Teknik Detaylar:<\/strong><\/h3>\n<ul data-start=\"2380\" data-end=\"2628\">\n<li data-start=\"2380\" data-end=\"2416\"><strong data-start=\"2382\" data-end=\"2401\">\u00dcr\u00fcn Boyutlar\u0131:<\/strong> 15 cm x 4,3 cm<\/li>\n<li data-start=\"2417\" data-end=\"2445\"><strong data-start=\"2419\" data-end=\"2436\">Br\u00fct A\u011f\u0131rl\u0131k:<\/strong> 0,020 kg<\/li>\n<li data-start=\"2446\" data-end=\"2499\"><strong data-start=\"2448\" data-end=\"2466\">\u015earj \u00d6zelli\u011fi:<\/strong> USB \u015farj (piller dahil de\u011fildir)<\/li>\n<li data-start=\"2500\" data-end=\"2526\"><strong data-start=\"2502\" data-end=\"2521\">Su Ge\u00e7irmezlik:<\/strong> Evet<\/li>\n<li data-start=\"2527\" data-end=\"2574\"><strong data-start=\"2529\" data-end=\"2550\">Titre\u015fim Modlar\u0131:<\/strong> 10 farkl\u0131 titre\u015fim modu<\/li>\n<li data-start=\"2575\" data-end=\"2628\"><strong data-start=\"2577\" data-end=\"2589\">Malzeme:<\/strong> ABS ve silikon (cilt dostu, dayan\u0131kl\u0131)<\/li>\n<\/ul>\n<hr data-start=\"2630\" data-end=\"2633\" \/>\n<h3 data-start=\"2635\" data-end=\"2690\"><strong data-start=\"2639\" data-end=\"2690\">Neden Pembe Tilki Modern Wand Vibrat\u00f6r &#8211; Pembe?<\/strong><\/h3>\n<p data-start=\"2692\" data-end=\"3043\"><strong data-start=\"2692\" data-end=\"2728\">Pembe Tilki Modern Wand Vibrat\u00f6r<\/strong>, <strong data-start=\"2730\" data-end=\"2748\">zarif tasar\u0131m\u0131<\/strong>, <strong data-start=\"2750\" data-end=\"2776\">g\u00fc\u00e7l\u00fc titre\u015fim modlar\u0131<\/strong> ve <strong data-start=\"2780\" data-end=\"2814\">\u00e7ok y\u00f6nl\u00fc kullan\u0131m \u00f6zellikleri<\/strong> ile v\u00fccudunuzun farkl\u0131 b\u00f6lgelerinde rahatlama sa\u011flar. \u0130ster bireysel kullan\u0131m, ister partnerli deneyimler i\u00e7in m\u00fckemmel bir tercihtir. <strong data-start=\"2950\" data-end=\"2962\">USB \u015farj<\/strong> \u00f6zelli\u011fi ve <strong data-start=\"2975\" data-end=\"2997\">su ge\u00e7irmez yap\u0131s\u0131<\/strong> ile her kullan\u0131mda pratiklik ve g\u00fcven sa\u011flar.<\/p>\n<hr data-start=\"3045\" data-end=\"3048\" \/>\n<h3 data-start=\"3050\" data-end=\"3095\"><strong data-start=\"3054\" data-end=\"3095\">Kendinize \u00d6zel Rahatlama Anlar\u0131 \u0130\u00e7in:<\/strong><\/h3>\n<p data-start=\"3097\" data-end=\"3393\"><strong data-start=\"3097\" data-end=\"3141\">Pembe Tilki Modern Wand Vibrat\u00f6r &#8211; Pembe<\/strong>, \u015f\u0131k tasar\u0131m\u0131, <strong data-start=\"3157\" data-end=\"3179\">ta\u015f\u0131nabilir yap\u0131s\u0131<\/strong> ve <strong data-start=\"3183\" data-end=\"3208\">\u00f6zel titre\u015fim modlar\u0131<\/strong> ile <strong data-start=\"3213\" data-end=\"3230\">ki\u015fisel bak\u0131m<\/strong> deneyiminizi bir \u00fcst seviyeye ta\u015f\u0131r. <strong data-start=\"3268\" data-end=\"3277\">Hafif<\/strong> yap\u0131s\u0131 sayesinde her an yan\u0131n\u0131zda olabilecek bu <strong data-start=\"3326\" data-end=\"3348\">mini wand vibrat\u00f6r<\/strong>, t\u00fcm rahatlama ihtiya\u00e7lar\u0131n\u0131z\u0131 kar\u015f\u0131layacak.<\/p>\n<p data-start=\"3395\" data-end=\"3523\"><strong data-start=\"3395\" data-end=\"3410\">Pembe Tilki<\/strong> g\u00fcvencesiyle tasarlanan bu <strong data-start=\"3438\" data-end=\"3460\">\u015f\u0131k ve fonksiyonel<\/strong> \u00fcr\u00fcn\u00fc deneyimleyerek kendinize \u00f6zel rahatlama anlar\u0131 yarat\u0131n.<\/p>\n<hr data-start=\"3525\" data-end=\"3528\" \/>\n<p data-start=\"3530\" data-end=\"3622\" data-is-last-node=\"\" data-is-only-node=\"\"><strong data-start=\"3530\" data-end=\"3574\">Pembe Tilki Modern Wand Vibrat\u00f6r &#8211; Pembe<\/strong> ile her an\u0131n\u0131zda rahatlamay\u0131 ve keyfi hissedin!<\/p>\n","protected":false},"excerpt":{"rendered":"<p><strong data-start=\"89\" data-end=\"133\">Pembe Tilki Modern Wand Vibrat\u00f6r &#8211; Pembe<\/strong>, zarif tasar\u0131m\u0131 ve g\u00fc\u00e7l\u00fc performans\u0131 ile <strong data-start=\"175\" data-end=\"196\">ki\u015fisel rahatlama<\/strong> ve <strong data-start=\"200\" data-end=\"220\">masaj deneyimini<\/strong> bir arada sunar. Hem <strong data-start=\"242\" data-end=\"254\">klitoral<\/strong> hem de <strong data-start=\"262\" data-end=\"278\">v\u00fccut masaj\u0131<\/strong> i\u00e7in m\u00fckemmel olan bu mini wand vibrat\u00f6r, kullan\u0131c\u0131ya farkl\u0131 zevk deneyimleri sunarak rahatlaman\u0131z\u0131 sa\u011flar. <strong data-start=\"387\" data-end=\"402\">Pembe Tilki<\/strong>&#8216;nin kaliteli ve \u015f\u0131k \u00fcr\u00fcnlerinden biri olarak, her kullan\u0131m\u0131 keyifli bir hale getirir. <strong data-start=\"489\" data-end=\"518\">Kompleks olmayan tasar\u0131m\u0131<\/strong>, <strong data-start=\"520\" data-end=\"545\">kolay ta\u015f\u0131nabilirli\u011fi<\/strong> ve <strong data-start=\"549\" data-end=\"588\">\u00f6zelle\u015ftirilebilir titre\u015fim modlar\u0131<\/strong> ile kullan\u0131c\u0131s\u0131na ki\u015fisel bak\u0131mda yeni bir boyut sunar.<\/p>\n","protected":false},"featured_media":19131,"comment_status":"open","ping_status":"closed","template":"","meta":[],"product_brand":[127],"product_cat":[85],"product_tag":[270],"class_list":{"0":"post-19071","1":"product","2":"type-product","3":"status-publish","4":"has-post-thumbnail","6":"product_brand-pembe-tilki","7":"product_cat-modern-vibrator","8":"product_tag-modern-wand-mikrofon-vibrator-pembe","10":"first","11":"instock","12":"taxable","13":"shipping-taxable","14":"purchasable","15":"product-type-simple"},"yoast_head":"<!-- This site is optimized with the Yoast SEO Premium plugin v24.4 (Yoast SEO v27.1.1) - https:\/\/yoast.com\/product\/yoast-seo-premium-wordpress\/ -->\n<title>Modern Wand Mikrofon Vibrat\u00f6r Pembe - Bursa Erotik Shop<\/title>\n<meta name=\"robots\" content=\"index, follow, max-snippet:-1, max-image-preview:large, max-video-preview:-1\" \/>\n<link rel=\"canonical\" href=\"https:\/\/hobierotikshop.com.tr\/website1\/erotik-shop-urun\/modern-wand-mikrofon-vibrator-pembe\/\" \/>\n<meta property=\"og:locale\" content=\"tr_TR\" \/>\n<meta property=\"og:type\" content=\"article\" \/>\n<meta property=\"og:title\" content=\"Modern Wand Mikrofon Vibrat\u00f6r Pembe\" \/>\n<meta property=\"og:description\" content=\"Pembe Tilki Modern Wand Vibrat\u00f6r - Pembe, zarif tasar\u0131m\u0131 ve g\u00fc\u00e7l\u00fc performans\u0131 ile ki\u015fisel rahatlama ve masaj deneyimini bir arada sunar. Hem klitoral hem de v\u00fccut masaj\u0131 i\u00e7in m\u00fckemmel olan bu mini wand vibrat\u00f6r, kullan\u0131c\u0131ya farkl\u0131 zevk deneyimleri sunarak rahatlaman\u0131z\u0131 sa\u011flar. Pembe Tilki&#039;nin kaliteli ve \u015f\u0131k \u00fcr\u00fcnlerinden biri olarak, her kullan\u0131m\u0131 keyifli bir hale getirir. Kompleks olmayan tasar\u0131m\u0131, kolay ta\u015f\u0131nabilirli\u011fi ve \u00f6zelle\u015ftirilebilir titre\u015fim modlar\u0131 ile kullan\u0131c\u0131s\u0131na ki\u015fisel bak\u0131mda yeni bir boyut sunar.\" \/>\n<meta property=\"og:url\" content=\"https:\/\/hobierotikshop.com.tr\/website1\/erotik-shop-urun\/modern-wand-mikrofon-vibrator-pembe\/\" \/>\n<meta property=\"og:site_name\" content=\"Bursa Erotik Shop\" \/>\n<meta property=\"article:modified_time\" content=\"2026-01-26T13:25:16+00:00\" \/>\n<meta property=\"og:image\" content=\"https:\/\/hobierotikshop.com.tr\/website1\/wp-content\/uploads\/2025\/03\/modern-wand-vibrator-pembe-1903.jpg\" \/>\n\t<meta property=\"og:image:width\" content=\"800\" \/>\n\t<meta property=\"og:image:height\" content=\"800\" \/>\n\t<meta property=\"og:image:type\" content=\"image\/jpeg\" \/>\n<meta name=\"twitter:card\" content=\"summary_large_image\" \/>\n<meta name=\"twitter:site\" content=\"@shopbursa\" \/>\n<meta name=\"twitter:label1\" content=\"Fiyat\" \/>\n\t<meta name=\"twitter:data1\" content=\"&#8378;1.200,00 KDV DAH\u0130L\" \/>\n\t<meta name=\"twitter:label2\" content=\"Availability\" \/>\n\t<meta name=\"twitter:data2\" content=\"In stock\" \/>\n<script type=\"application\/ld+json\" class=\"yoast-schema-graph\">{\"@context\":\"https:\/\/schema.org\",\"@graph\":[{\"@type\":\"WebPage\",\"@id\":\"https:\/\/hobierotikshop.com.tr\/website1\/erotik-shop-urun\/modern-wand-mikrofon-vibrator-pembe\/\",\"url\":\"https:\/\/hobierotikshop.com.tr\/website1\/erotik-shop-urun\/modern-wand-mikrofon-vibrator-pembe\/\",\"name\":\"Modern Wand Mikrofon Vibrat\u00f6r Pembe - Bursa Erotik Shop\",\"isPartOf\":{\"@id\":\"https:\/\/hobierotikshop.com.tr\/website1\/#website\"},\"primaryImageOfPage\":{\"@id\":\"https:\/\/hobierotikshop.com.tr\/website1\/erotik-shop-urun\/modern-wand-mikrofon-vibrator-pembe\/#primaryimage\"},\"image\":{\"@id\":\"https:\/\/hobierotikshop.com.tr\/website1\/erotik-shop-urun\/modern-wand-mikrofon-vibrator-pembe\/#primaryimage\"},\"thumbnailUrl\":\"https:\/\/haremerotikshop.com\/site\/wp-content\/uploads\/2025\/03\/modern-wand-vibrator-pembe-1903.jpg\",\"datePublished\":\"2025-03-17T09:27:11+00:00\",\"dateModified\":\"2026-01-26T13:25:16+00:00\",\"breadcrumb\":{\"@id\":\"https:\/\/hobierotikshop.com.tr\/website1\/erotik-shop-urun\/modern-wand-mikrofon-vibrator-pembe\/#breadcrumb\"},\"inLanguage\":\"tr\",\"potentialAction\":[{\"@type\":\"ReadAction\",\"target\":[\"https:\/\/hobierotikshop.com.tr\/website1\/erotik-shop-urun\/modern-wand-mikrofon-vibrator-pembe\/\"]}]},{\"@type\":\"ImageObject\",\"inLanguage\":\"tr\",\"@id\":\"https:\/\/hobierotikshop.com.tr\/website1\/erotik-shop-urun\/modern-wand-mikrofon-vibrator-pembe\/#primaryimage\",\"url\":\"https:\/\/haremerotikshop.com\/site\/wp-content\/uploads\/2025\/03\/modern-wand-vibrator-pembe-1903.jpg\",\"contentUrl\":\"https:\/\/haremerotikshop.com\/site\/wp-content\/uploads\/2025\/03\/modern-wand-vibrator-pembe-1903.jpg\",\"width\":800,\"height\":800},{\"@type\":\"BreadcrumbList\",\"@id\":\"https:\/\/hobierotikshop.com.tr\/website1\/erotik-shop-urun\/modern-wand-mikrofon-vibrator-pembe\/#breadcrumb\",\"itemListElement\":[{\"@type\":\"ListItem\",\"position\":1,\"name\":\"Anasayfa\",\"item\":\"https:\/\/hobierotikshop.com.tr\/website1\/\"},{\"@type\":\"ListItem\",\"position\":2,\"name\":\"Erotik Shop \u00dcr\u00fcnleri\",\"item\":\"https:\/\/hobierotikshop.com.tr\/website1\/shop\/\"},{\"@type\":\"ListItem\",\"position\":3,\"name\":\"Modern Wand Mikrofon Vibrat\u00f6r Pembe\"}]},{\"@type\":\"WebSite\",\"@id\":\"https:\/\/hobierotikshop.com.tr\/website1\/#website\",\"url\":\"https:\/\/hobierotikshop.com.tr\/website1\/\",\"name\":\"Bursa Erotik Shop\",\"description\":\"Bursa Erotik Shop ile g\u00fcvenli, gizli ve kaliteli yeti\u015fkin \u00fcr\u00fcnleri al\u0131\u015fveri\u015fi! Geni\u015f \u00fcr\u00fcn yelpazemizi ke\u015ffedin, hemen sipari\u015f verin\",\"publisher\":{\"@id\":\"https:\/\/hobierotikshop.com.tr\/website1\/#organization\"},\"alternateName\":\"Erotik Shop\",\"potentialAction\":[{\"@type\":\"SearchAction\",\"target\":{\"@type\":\"EntryPoint\",\"urlTemplate\":\"https:\/\/hobierotikshop.com.tr\/website1\/?s={search_term_string}\"},\"query-input\":{\"@type\":\"PropertyValueSpecification\",\"valueRequired\":true,\"valueName\":\"search_term_string\"}}],\"inLanguage\":\"tr\"},{\"@type\":\"Organization\",\"@id\":\"https:\/\/hobierotikshop.com.tr\/website1\/#organization\",\"name\":\"Harem Bursa Erotik Shop\",\"url\":\"https:\/\/hobierotikshop.com.tr\/website1\/\",\"logo\":{\"@type\":\"ImageObject\",\"inLanguage\":\"tr\",\"@id\":\"https:\/\/hobierotikshop.com.tr\/website1\/#\/schema\/logo\/image\/\",\"url\":\"https:\/\/haremerotikshop.com\/site\/wp-content\/uploads\/2025\/03\/haremsexshop.png\",\"contentUrl\":\"https:\/\/haremerotikshop.com\/site\/wp-content\/uploads\/2025\/03\/haremsexshop.png\",\"width\":400,\"height\":100,\"caption\":\"Harem Bursa Erotik Shop\"},\"image\":{\"@id\":\"https:\/\/hobierotikshop.com.tr\/website1\/#\/schema\/logo\/image\/\"},\"sameAs\":[\"https:\/\/x.com\/shopbursa\"],\"publishingPrinciples\":\"https:\/\/hobierotikshop.com.tr\/website1\/mesafeli-satis-sozlesmesi\/\",\"ownershipFundingInfo\":\"https:\/\/hobierotikshop.com.tr\/website1\/contact-us\/\",\"actionableFeedbackPolicy\":\"https:\/\/hobierotikshop.com.tr\/website1\/contact-us\/\",\"correctionsPolicy\":\"https:\/\/hobierotikshop.com.tr\/website1\/mesafeli-satis-sozlesmesi\/\"}]}<\/script>\n<meta property=\"product:brand\" content=\"Pembe Tilki\" \/>\n<meta property=\"product:price:amount\" content=\"1200.00\" \/>\n<meta property=\"product:price:currency\" content=\"TRY\" \/>\n<meta property=\"og:availability\" content=\"instock\" \/>\n<meta property=\"product:availability\" content=\"instock\" \/>\n<meta property=\"product:retailer_item_id\" content=\"PT-DVXA453\" \/>\n<meta property=\"product:condition\" content=\"new\" \/>\n<!-- \/ Yoast SEO Premium plugin. -->","yoast_head_json":{"title":"Modern Wand Mikrofon Vibrat\u00f6r Pembe - Bursa Erotik Shop","robots":{"index":"index","follow":"follow","max-snippet":"max-snippet:-1","max-image-preview":"max-image-preview:large","max-video-preview":"max-video-preview:-1"},"canonical":"https:\/\/hobierotikshop.com.tr\/website1\/erotik-shop-urun\/modern-wand-mikrofon-vibrator-pembe\/","og_locale":"tr_TR","og_type":"article","og_title":"Modern Wand Mikrofon Vibrat\u00f6r Pembe","og_description":"Pembe Tilki Modern Wand Vibrat\u00f6r - Pembe, zarif tasar\u0131m\u0131 ve g\u00fc\u00e7l\u00fc performans\u0131 ile ki\u015fisel rahatlama ve masaj deneyimini bir arada sunar. Hem klitoral hem de v\u00fccut masaj\u0131 i\u00e7in m\u00fckemmel olan bu mini wand vibrat\u00f6r, kullan\u0131c\u0131ya farkl\u0131 zevk deneyimleri sunarak rahatlaman\u0131z\u0131 sa\u011flar. Pembe Tilki'nin kaliteli ve \u015f\u0131k \u00fcr\u00fcnlerinden biri olarak, her kullan\u0131m\u0131 keyifli bir hale getirir. Kompleks olmayan tasar\u0131m\u0131, kolay ta\u015f\u0131nabilirli\u011fi ve \u00f6zelle\u015ftirilebilir titre\u015fim modlar\u0131 ile kullan\u0131c\u0131s\u0131na ki\u015fisel bak\u0131mda yeni bir boyut sunar.","og_url":"https:\/\/hobierotikshop.com.tr\/website1\/erotik-shop-urun\/modern-wand-mikrofon-vibrator-pembe\/","og_site_name":"Bursa Erotik Shop","article_modified_time":"2026-01-26T13:25:16+00:00","og_image":[{"width":800,"height":800,"url":"https:\/\/hobierotikshop.com.tr\/website1\/wp-content\/uploads\/2025\/03\/modern-wand-vibrator-pembe-1903.jpg","type":"image\/jpeg"}],"twitter_card":"summary_large_image","twitter_site":"@shopbursa","twitter_misc":{"Fiyat":"&#8378;1.200,00 KDV DAH\u0130L","Availability":"In stock"},"schema":{"@context":"https:\/\/schema.org","@graph":[{"@type":"WebPage","@id":"https:\/\/hobierotikshop.com.tr\/website1\/erotik-shop-urun\/modern-wand-mikrofon-vibrator-pembe\/","url":"https:\/\/hobierotikshop.com.tr\/website1\/erotik-shop-urun\/modern-wand-mikrofon-vibrator-pembe\/","name":"Modern Wand Mikrofon Vibrat\u00f6r Pembe - Bursa Erotik Shop","isPartOf":{"@id":"https:\/\/hobierotikshop.com.tr\/website1\/#website"},"primaryImageOfPage":{"@id":"https:\/\/hobierotikshop.com.tr\/website1\/erotik-shop-urun\/modern-wand-mikrofon-vibrator-pembe\/#primaryimage"},"image":{"@id":"https:\/\/hobierotikshop.com.tr\/website1\/erotik-shop-urun\/modern-wand-mikrofon-vibrator-pembe\/#primaryimage"},"thumbnailUrl":"https:\/\/haremerotikshop.com\/site\/wp-content\/uploads\/2025\/03\/modern-wand-vibrator-pembe-1903.jpg","datePublished":"2025-03-17T09:27:11+00:00","dateModified":"2026-01-26T13:25:16+00:00","breadcrumb":{"@id":"https:\/\/hobierotikshop.com.tr\/website1\/erotik-shop-urun\/modern-wand-mikrofon-vibrator-pembe\/#breadcrumb"},"inLanguage":"tr","potentialAction":[{"@type":"ReadAction","target":["https:\/\/hobierotikshop.com.tr\/website1\/erotik-shop-urun\/modern-wand-mikrofon-vibrator-pembe\/"]}]},{"@type":"ImageObject","inLanguage":"tr","@id":"https:\/\/hobierotikshop.com.tr\/website1\/erotik-shop-urun\/modern-wand-mikrofon-vibrator-pembe\/#primaryimage","url":"https:\/\/haremerotikshop.com\/site\/wp-content\/uploads\/2025\/03\/modern-wand-vibrator-pembe-1903.jpg","contentUrl":"https:\/\/haremerotikshop.com\/site\/wp-content\/uploads\/2025\/03\/modern-wand-vibrator-pembe-1903.jpg","width":800,"height":800},{"@type":"BreadcrumbList","@id":"https:\/\/hobierotikshop.com.tr\/website1\/erotik-shop-urun\/modern-wand-mikrofon-vibrator-pembe\/#breadcrumb","itemListElement":[{"@type":"ListItem","position":1,"name":"Anasayfa","item":"https:\/\/hobierotikshop.com.tr\/website1\/"},{"@type":"ListItem","position":2,"name":"Erotik Shop \u00dcr\u00fcnleri","item":"https:\/\/hobierotikshop.com.tr\/website1\/shop\/"},{"@type":"ListItem","position":3,"name":"Modern Wand Mikrofon Vibrat\u00f6r Pembe"}]},{"@type":"WebSite","@id":"https:\/\/hobierotikshop.com.tr\/website1\/#website","url":"https:\/\/hobierotikshop.com.tr\/website1\/","name":"Bursa Erotik Shop","description":"Bursa Erotik Shop ile g\u00fcvenli, gizli ve kaliteli yeti\u015fkin \u00fcr\u00fcnleri al\u0131\u015fveri\u015fi! Geni\u015f \u00fcr\u00fcn yelpazemizi ke\u015ffedin, hemen sipari\u015f verin","publisher":{"@id":"https:\/\/hobierotikshop.com.tr\/website1\/#organization"},"alternateName":"Erotik Shop","potentialAction":[{"@type":"SearchAction","target":{"@type":"EntryPoint","urlTemplate":"https:\/\/hobierotikshop.com.tr\/website1\/?s={search_term_string}"},"query-input":{"@type":"PropertyValueSpecification","valueRequired":true,"valueName":"search_term_string"}}],"inLanguage":"tr"},{"@type":"Organization","@id":"https:\/\/hobierotikshop.com.tr\/website1\/#organization","name":"Harem Bursa Erotik Shop","url":"https:\/\/hobierotikshop.com.tr\/website1\/","logo":{"@type":"ImageObject","inLanguage":"tr","@id":"https:\/\/hobierotikshop.com.tr\/website1\/#\/schema\/logo\/image\/","url":"https:\/\/haremerotikshop.com\/site\/wp-content\/uploads\/2025\/03\/haremsexshop.png","contentUrl":"https:\/\/haremerotikshop.com\/site\/wp-content\/uploads\/2025\/03\/haremsexshop.png","width":400,"height":100,"caption":"Harem Bursa Erotik Shop"},"image":{"@id":"https:\/\/hobierotikshop.com.tr\/website1\/#\/schema\/logo\/image\/"},"sameAs":["https:\/\/x.com\/shopbursa"],"publishingPrinciples":"https:\/\/hobierotikshop.com.tr\/website1\/mesafeli-satis-sozlesmesi\/","ownershipFundingInfo":"https:\/\/hobierotikshop.com.tr\/website1\/contact-us\/","actionableFeedbackPolicy":"https:\/\/hobierotikshop.com.tr\/website1\/contact-us\/","correctionsPolicy":"https:\/\/hobierotikshop.com.tr\/website1\/mesafeli-satis-sozlesmesi\/"}]},"product_brand":"Pembe Tilki","product_price_amount":"1200.00","product_price_currency":"TRY","og_availability":"instock","product_availability":"instock","product_retailer_item_id":"PT-DVXA453","product_condition":"new"},"_links":{"self":[{"href":"https:\/\/haremerotikshop.com\/site\/wp-json\/wp\/v2\/product\/19071","targetHints":{"allow":["GET"]}}],"collection":[{"href":"https:\/\/haremerotikshop.com\/site\/wp-json\/wp\/v2\/product"}],"about":[{"href":"https:\/\/haremerotikshop.com\/site\/wp-json\/wp\/v2\/types\/product"}],"replies":[{"embeddable":true,"href":"https:\/\/haremerotikshop.com\/site\/wp-json\/wp\/v2\/comments?post=19071"}],"version-history":[{"count":0,"href":"https:\/\/haremerotikshop.com\/site\/wp-json\/wp\/v2\/product\/19071\/revisions"}],"wp:featuredmedia":[{"embeddable":true,"href":"https:\/\/haremerotikshop.com\/site\/wp-json\/wp\/v2\/media\/19131"}],"wp:attachment":[{"href":"https:\/\/haremerotikshop.com\/site\/wp-json\/wp\/v2\/media?parent=19071"}],"wp:term":[{"taxonomy":"product_brand","embeddable":true,"href":"https:\/\/haremerotikshop.com\/site\/wp-json\/wp\/v2\/product_brand?post=19071"},{"taxonomy":"product_cat","embeddable":true,"href":"https:\/\/haremerotikshop.com\/site\/wp-json\/wp\/v2\/product_cat?post=19071"},{"taxonomy":"product_tag","embeddable":true,"href":"https:\/\/haremerotikshop.com\/site\/wp-json\/wp\/v2\/product_tag?post=19071"}],"curies":[{"name":"wp","href":"https:\/\/api.w.org\/{rel}","templated":true}]}}