{"id":19073,"date":"2025-03-17T12:27:12","date_gmt":"2025-03-17T09:27:12","guid":{"rendered":"https:\/\/haremerotikshop.com\/site\/?post_type=product&#038;p=19073"},"modified":"2026-01-26T16:23:47","modified_gmt":"2026-01-26T13:23:47","slug":"modern-emisli-vibrator-pembe","status":"publish","type":"product","link":"https:\/\/haremerotikshop.com\/site\/erotik-shop-urun\/modern-emisli-vibrator-pembe\/","title":{"rendered":"Modern Emi\u015fli Vibrat\u00f6r Pembe"},"content":{"rendered":"<div class=\"group\/conversation-turn relative flex w-full min-w-0 flex-col agent-turn\">\n<div class=\"flex-col gap-1 md:gap-3\">\n<div class=\"flex max-w-full flex-col flex-grow\">\n<div class=\"min-h-8 text-message flex w-full flex-col items-end gap-2 whitespace-normal break-words :mt-5\" data-message-model-slug=\"gpt-4o\" data-message-id=\"78fc027a-d4c0-4431-a289-33397e577a57\" data-message-author-role=\"assistant\">\n<div class=\"flex w-full flex-col gap-1 empty:hidden first:pt-\">\n<div class=\"markdown prose w-full break-words dark:prose-invert light\">\n<h3 data-start=\"0\" data-end=\"90\"><strong data-start=\"4\" data-end=\"90\">Pembe Tilki Modern Emi\u015fli Vibrat\u00f6r &#8211; Pembe: \u015e\u0131kl\u0131k ve Performans\u0131n Bulu\u015ftu\u011fu Nokta<\/strong><\/h3>\n<p data-start=\"92\" data-end=\"568\"><strong data-start=\"92\" data-end=\"138\">Pembe Tilki Modern Emi\u015fli Vibrat\u00f6r &#8211; Pembe<\/strong>, \u00f6zel tasar\u0131m\u0131 ve geli\u015fmi\u015f \u00f6zellikleriyle kad\u0131nlar\u0131n cinsel deneyimlerini d\u00f6n\u00fc\u015ft\u00fcrmek \u00fczere tasarlanm\u0131\u015ft\u0131r. <strong data-start=\"247\" data-end=\"267\">Vakum fonksiyonu<\/strong> ve <strong data-start=\"271\" data-end=\"292\">\u00e7ift y\u00f6nl\u00fc uyar\u0131m<\/strong> \u00f6zellikleri ile kendinizi \u015f\u0131mart\u0131rken, \u015f\u0131kl\u0131\u011f\u0131 ve zarifli\u011fiyle de g\u00f6z kama\u015ft\u0131ran bir tasar\u0131m sunar. <strong data-start=\"393\" data-end=\"407\">Pembe renk<\/strong> se\u00e7ene\u011fi ve kompakt yap\u0131s\u0131 ile her detay\u0131nda zarafet bar\u0131nd\u0131ran bu \u00fcr\u00fcn, cinsel sa\u011fl\u0131\u011f\u0131n\u0131z\u0131 \u00f6n planda tutarak sa\u011fl\u0131kl\u0131 ve keyifli bir deneyim ya\u015faman\u0131z\u0131 sa\u011flar.<\/p>\n<hr data-start=\"570\" data-end=\"573\" \/>\n<h3 data-start=\"575\" data-end=\"604\"><strong data-start=\"579\" data-end=\"604\">\u00d6ne \u00c7\u0131kan \u00d6zellikler:<\/strong><\/h3>\n<h4 data-start=\"606\" data-end=\"656\">\u2714 <strong data-start=\"613\" data-end=\"656\">Vakum Fonksiyonu ile Y\u00fcksek Performans:<\/strong><\/h4>\n<ul data-start=\"657\" data-end=\"934\">\n<li data-start=\"657\" data-end=\"934\"><strong data-start=\"659\" data-end=\"683\">10 farkl\u0131 vakum modu<\/strong> sayesinde ki\u015fisel tercihlere uygun bir deneyim sunar. \u0130htiyac\u0131n\u0131za g\u00f6re ayarlayabilece\u011finiz <strong data-start=\"776\" data-end=\"795\">h\u0131z se\u00e7enekleri<\/strong> ile klitoral uyar\u0131mda maksimum tatmin elde edebilirsiniz. Her mod, daha yo\u011fun ve tatmin edici bir deneyim i\u00e7in m\u00fckemmel bir se\u00e7enek sunar.<\/li>\n<\/ul>\n<h4 data-start=\"936\" data-end=\"972\">\u2714 <strong data-start=\"943\" data-end=\"972\">Kompakt ve Hafif Tasar\u0131m:<\/strong><\/h4>\n<ul data-start=\"973\" data-end=\"1262\">\n<li data-start=\"973\" data-end=\"1262\"><strong data-start=\"975\" data-end=\"1004\">12.3 cm x 3.8 cm x 3.7 cm<\/strong> boyutlar\u0131ndaki kompakt yap\u0131s\u0131 ile <strong data-start=\"1039\" data-end=\"1048\">hafif<\/strong> ve <strong data-start=\"1052\" data-end=\"1067\">ta\u015f\u0131nabilir<\/strong> bir \u00fcr\u00fcnd\u00fcr. <strong data-start=\"1081\" data-end=\"1097\">54g a\u011f\u0131rl\u0131\u011f\u0131<\/strong> sayesinde kullan\u0131mda rahatl\u0131k sa\u011flar ve istedi\u011finiz her an yan\u0131n\u0131zda ta\u015f\u0131yabilirsiniz. Modern tasar\u0131m\u0131 ile her detay\u0131nda <strong data-start=\"1219\" data-end=\"1232\">pratiklik<\/strong> ve <strong data-start=\"1236\" data-end=\"1246\">\u015f\u0131kl\u0131k<\/strong> \u00f6n plana \u00e7\u0131kar.<\/li>\n<\/ul>\n<h4 data-start=\"1264\" data-end=\"1295\">\u2714 <strong data-start=\"1271\" data-end=\"1295\">Su Ge\u00e7irmez \u00d6zellik:<\/strong><\/h4>\n<ul data-start=\"1296\" data-end=\"1530\">\n<li data-start=\"1296\" data-end=\"1530\"><strong data-start=\"1298\" data-end=\"1330\">IPX7 su ge\u00e7irmezlik seviyesi<\/strong>, \u00fcr\u00fcn\u00fc su alt\u0131nda rahat\u00e7a kullanabilmenizi sa\u011flar. Banyo ya da du\u015f gibi ortamlarda kullan\u0131m g\u00fcvenli\u011fi sunar ve ayr\u0131ca <strong data-start=\"1449\" data-end=\"1462\">temizli\u011fi<\/strong> son derece kolayla\u015ft\u0131r\u0131r. Hijyenik kullan\u0131m i\u00e7in ideal bir \u00f6zellik.<\/li>\n<\/ul>\n<h4 data-start=\"1532\" data-end=\"1559\">\u2714 <strong data-start=\"1539\" data-end=\"1559\">Pil ile \u00c7al\u0131\u015fma:<\/strong><\/h4>\n<ul data-start=\"1560\" data-end=\"1728\">\n<li data-start=\"1560\" data-end=\"1728\"><strong data-start=\"1562\" data-end=\"1580\">2 adet AAA pil<\/strong> ile \u00e7al\u0131\u015farak uzun s\u00fcreli kullan\u0131m sa\u011flar (piller dahil de\u011fildir). Pillerin kolayca de\u011fi\u015ftirilmesi, her zaman <strong data-start=\"1691\" data-end=\"1714\">kesintisiz kullan\u0131m<\/strong> imkan\u0131 sunar.<\/li>\n<\/ul>\n<h4 data-start=\"1730\" data-end=\"1767\">\u2714 <strong data-start=\"1737\" data-end=\"1767\">Zarif Pembe Renk Se\u00e7ene\u011fi:<\/strong><\/h4>\n<ul data-start=\"1768\" data-end=\"1923\">\n<li data-start=\"1768\" data-end=\"1923\"><strong data-start=\"1770\" data-end=\"1784\">Pembe renk<\/strong> se\u00e7ene\u011fi ile zarif ve modern tasar\u0131m\u0131 bir arada sunar. \u015e\u0131kl\u0131\u011f\u0131 ve esteti\u011fi, fonksiyonellikle birle\u015ftirerek g\u00f6z al\u0131c\u0131 bir g\u00f6rsellik sa\u011flar.<\/li>\n<\/ul>\n<hr data-start=\"1925\" data-end=\"1928\" \/>\n<h3 data-start=\"1930\" data-end=\"1963\"><strong data-start=\"1934\" data-end=\"1963\">Boyut ve Teknik Detaylar:<\/strong><\/h3>\n<ul data-start=\"1965\" data-end=\"2262\">\n<li data-start=\"1965\" data-end=\"2006\"><strong data-start=\"1967\" data-end=\"1980\">Boyutlar:<\/strong> 12.3 cm x 3.8 cm x 3.7 cm<\/li>\n<li data-start=\"2007\" data-end=\"2025\"><strong data-start=\"2009\" data-end=\"2021\">A\u011f\u0131rl\u0131k:<\/strong> 54g<\/li>\n<li data-start=\"2026\" data-end=\"2096\"><strong data-start=\"2028\" data-end=\"2040\">Malzeme:<\/strong> Y\u00fcksek kaliteli <strong data-start=\"2057\" data-end=\"2072\">ABS malzeme<\/strong> (cilt dostu, dayan\u0131kl\u0131)<\/li>\n<li data-start=\"2097\" data-end=\"2152\"><strong data-start=\"2099\" data-end=\"2116\">\u00c7al\u0131\u015fma Tipi:<\/strong> 2 x AAA pil (piller dahil de\u011fildir)<\/li>\n<li data-start=\"2153\" data-end=\"2191\"><strong data-start=\"2155\" data-end=\"2174\">Su Ge\u00e7irmezlik:<\/strong> IPX7 su ge\u00e7irmez<\/li>\n<li data-start=\"2192\" data-end=\"2235\"><strong data-start=\"2194\" data-end=\"2212\">Vakum Modlar\u0131:<\/strong> 10 farkl\u0131 h\u0131z se\u00e7ene\u011fi<\/li>\n<li data-start=\"2236\" data-end=\"2262\"><strong data-start=\"2238\" data-end=\"2256\">Renk Se\u00e7ene\u011fi:<\/strong> Pembe<\/li>\n<\/ul>\n<hr data-start=\"2264\" data-end=\"2267\" \/>\n<h3 data-start=\"2269\" data-end=\"2326\"><strong data-start=\"2273\" data-end=\"2326\">Neden Pembe Tilki Modern Emi\u015fli Vibrat\u00f6r &#8211; Pembe?<\/strong><\/h3>\n<p data-start=\"2328\" data-end=\"2690\"><strong data-start=\"2328\" data-end=\"2366\">Pembe Tilki Modern Emi\u015fli Vibrat\u00f6r<\/strong>, hem <strong data-start=\"2372\" data-end=\"2383\">estetik<\/strong> hem de <strong data-start=\"2391\" data-end=\"2406\">i\u015flevsellik<\/strong> a\u00e7\u0131s\u0131ndan benzersiz bir \u00fcr\u00fcn sunar. <strong data-start=\"2443\" data-end=\"2463\">Vakum fonksiyonu<\/strong> sayesinde klitoral uyar\u0131mda yeni bir boyut ke\u015ffederken, <strong data-start=\"2520\" data-end=\"2539\">pratik kullan\u0131m<\/strong> ve <strong data-start=\"2543\" data-end=\"2566\">su ge\u00e7irmez \u00f6zellik<\/strong> ile g\u00fcnl\u00fck ya\u015fam\u0131n\u0131za kolayca entegre edilebilir. Kompakt ve hafif yap\u0131s\u0131, her an\u0131n\u0131zda rahatl\u0131kla kullanabilmenizi sa\u011flar.<\/p>\n<hr data-start=\"2692\" data-end=\"2695\" \/>\n<h3 data-start=\"2697\" data-end=\"2737\"><strong data-start=\"2701\" data-end=\"2737\">Kendinize \u00d6zel Bir Deneyim \u0130\u00e7in:<\/strong><\/h3>\n<p data-start=\"2739\" data-end=\"3047\"><strong data-start=\"2739\" data-end=\"2777\">Pembe Tilki Modern Emi\u015fli Vibrat\u00f6r<\/strong>, her kullan\u0131c\u0131n\u0131n ihtiyac\u0131na hitap eden \u00f6zel tasar\u0131m\u0131 ve fonksiyonlar\u0131yla en keyifli ve tatmin edici deneyimi sunar. Zarif <strong data-start=\"2901\" data-end=\"2915\">pembe renk<\/strong> tasar\u0131m\u0131, <strong data-start=\"2926\" data-end=\"2936\">pratik<\/strong> yap\u0131s\u0131 ve <strong data-start=\"2947\" data-end=\"2978\">\u00e7ok y\u00f6nl\u00fc vakum \u00f6zellikleri<\/strong> ile cinsel deneyiminizi daha yo\u011fun ve keyifli hale getirebilirsiniz.<\/p>\n<p data-start=\"3049\" data-end=\"3187\" data-is-last-node=\"\" data-is-only-node=\"\">Kendinize vakit ay\u0131r\u0131n ve <strong data-start=\"3075\" data-end=\"3082\">\u015f\u0131k<\/strong>, <strong data-start=\"3084\" data-end=\"3099\">fonksiyonel<\/strong> ve <strong data-start=\"3103\" data-end=\"3119\">tatmin edici<\/strong> bir deneyim i\u00e7in <strong data-start=\"3137\" data-end=\"3175\">Pembe Tilki Modern Emi\u015fli Vibrat\u00f6r<\/strong>&#8216;\u00fc ke\u015ffedin!<\/p>\n<\/div>\n<\/div>\n<\/div>\n<\/div>\n<\/div>\n<\/div>\n","protected":false},"excerpt":{"rendered":"<p><strong data-start=\"92\" data-end=\"138\">Pembe Tilki Modern Emi\u015fli Vibrat\u00f6r &#8211; Pembe<\/strong>, \u00f6zel tasar\u0131m\u0131 ve geli\u015fmi\u015f \u00f6zellikleriyle kad\u0131nlar\u0131n cinsel deneyimlerini d\u00f6n\u00fc\u015ft\u00fcrmek \u00fczere tasarlanm\u0131\u015ft\u0131r. <strong data-start=\"247\" data-end=\"267\">Vakum fonksiyonu<\/strong> ve <strong data-start=\"271\" data-end=\"292\">\u00e7ift y\u00f6nl\u00fc uyar\u0131m<\/strong> \u00f6zellikleri ile kendinizi \u015f\u0131mart\u0131rken, \u015f\u0131kl\u0131\u011f\u0131 ve zarifli\u011fiyle de g\u00f6z kama\u015ft\u0131ran bir tasar\u0131m sunar. <strong data-start=\"393\" data-end=\"407\">Pembe renk<\/strong> se\u00e7ene\u011fi ve kompakt yap\u0131s\u0131 ile her detay\u0131nda zarafet bar\u0131nd\u0131ran bu \u00fcr\u00fcn, cinsel sa\u011fl\u0131\u011f\u0131n\u0131z\u0131 \u00f6n planda tutarak sa\u011fl\u0131kl\u0131 ve keyifli bir deneyim ya\u015faman\u0131z\u0131 sa\u011flar.<\/p>\n","protected":false},"featured_media":19146,"comment_status":"open","ping_status":"closed","template":"","meta":[],"product_brand":[127],"product_cat":[85],"product_tag":[272],"class_list":{"0":"post-19073","1":"product","2":"type-product","3":"status-publish","4":"has-post-thumbnail","6":"product_brand-pembe-tilki","7":"product_cat-modern-vibrator","8":"product_tag-modern-emisli-vibrator-pembe","10":"first","11":"instock","12":"taxable","13":"shipping-taxable","14":"purchasable","15":"product-type-simple"},"yoast_head":"<!-- This site is optimized with the Yoast SEO Premium plugin v24.4 (Yoast SEO v27.1.1) - https:\/\/yoast.com\/product\/yoast-seo-premium-wordpress\/ -->\n<title>Modern Emi\u015fli Vibrat\u00f6r Pembe - Bursa Erotik Shop<\/title>\n<meta name=\"robots\" content=\"index, follow, max-snippet:-1, max-image-preview:large, max-video-preview:-1\" \/>\n<link rel=\"canonical\" href=\"https:\/\/hobierotikshop.com.tr\/website1\/erotik-shop-urun\/modern-emisli-vibrator-pembe\/\" \/>\n<meta property=\"og:locale\" content=\"tr_TR\" \/>\n<meta property=\"og:type\" content=\"article\" \/>\n<meta property=\"og:title\" content=\"Modern Emi\u015fli Vibrat\u00f6r Pembe\" \/>\n<meta property=\"og:description\" content=\"Pembe Tilki Modern Emi\u015fli Vibrat\u00f6r - Pembe, \u00f6zel tasar\u0131m\u0131 ve geli\u015fmi\u015f \u00f6zellikleriyle kad\u0131nlar\u0131n cinsel deneyimlerini d\u00f6n\u00fc\u015ft\u00fcrmek \u00fczere tasarlanm\u0131\u015ft\u0131r. Vakum fonksiyonu ve \u00e7ift y\u00f6nl\u00fc uyar\u0131m \u00f6zellikleri ile kendinizi \u015f\u0131mart\u0131rken, \u015f\u0131kl\u0131\u011f\u0131 ve zarifli\u011fiyle de g\u00f6z kama\u015ft\u0131ran bir tasar\u0131m sunar. Pembe renk se\u00e7ene\u011fi ve kompakt yap\u0131s\u0131 ile her detay\u0131nda zarafet bar\u0131nd\u0131ran bu \u00fcr\u00fcn, cinsel sa\u011fl\u0131\u011f\u0131n\u0131z\u0131 \u00f6n planda tutarak sa\u011fl\u0131kl\u0131 ve keyifli bir deneyim ya\u015faman\u0131z\u0131 sa\u011flar.\" \/>\n<meta property=\"og:url\" content=\"https:\/\/hobierotikshop.com.tr\/website1\/erotik-shop-urun\/modern-emisli-vibrator-pembe\/\" \/>\n<meta property=\"og:site_name\" content=\"Bursa Erotik Shop\" \/>\n<meta property=\"article:modified_time\" content=\"2026-01-26T13:23:47+00:00\" \/>\n<meta property=\"og:image\" content=\"https:\/\/hobierotikshop.com.tr\/website1\/wp-content\/uploads\/2025\/03\/modern-emisli-vibrator-pembe-1925.jpg\" \/>\n\t<meta property=\"og:image:width\" content=\"1500\" \/>\n\t<meta property=\"og:image:height\" content=\"1500\" \/>\n\t<meta property=\"og:image:type\" content=\"image\/jpeg\" \/>\n<meta name=\"twitter:card\" content=\"summary_large_image\" \/>\n<meta name=\"twitter:site\" content=\"@shopbursa\" \/>\n<meta name=\"twitter:label1\" content=\"Fiyat\" \/>\n\t<meta name=\"twitter:data1\" content=\"&#8378;1.500,00 KDV DAH\u0130L\" \/>\n\t<meta name=\"twitter:label2\" content=\"Availability\" \/>\n\t<meta name=\"twitter:data2\" content=\"In stock\" \/>\n<script type=\"application\/ld+json\" class=\"yoast-schema-graph\">{\"@context\":\"https:\/\/schema.org\",\"@graph\":[{\"@type\":\"WebPage\",\"@id\":\"https:\/\/hobierotikshop.com.tr\/website1\/erotik-shop-urun\/modern-emisli-vibrator-pembe\/\",\"url\":\"https:\/\/hobierotikshop.com.tr\/website1\/erotik-shop-urun\/modern-emisli-vibrator-pembe\/\",\"name\":\"Modern Emi\u015fli Vibrat\u00f6r Pembe - Bursa Erotik Shop\",\"isPartOf\":{\"@id\":\"https:\/\/hobierotikshop.com.tr\/website1\/#website\"},\"primaryImageOfPage\":{\"@id\":\"https:\/\/hobierotikshop.com.tr\/website1\/erotik-shop-urun\/modern-emisli-vibrator-pembe\/#primaryimage\"},\"image\":{\"@id\":\"https:\/\/hobierotikshop.com.tr\/website1\/erotik-shop-urun\/modern-emisli-vibrator-pembe\/#primaryimage\"},\"thumbnailUrl\":\"https:\/\/haremerotikshop.com\/site\/wp-content\/uploads\/2025\/03\/modern-emisli-vibrator-pembe-1925.jpg\",\"datePublished\":\"2025-03-17T09:27:12+00:00\",\"dateModified\":\"2026-01-26T13:23:47+00:00\",\"breadcrumb\":{\"@id\":\"https:\/\/hobierotikshop.com.tr\/website1\/erotik-shop-urun\/modern-emisli-vibrator-pembe\/#breadcrumb\"},\"inLanguage\":\"tr\",\"potentialAction\":[{\"@type\":\"ReadAction\",\"target\":[\"https:\/\/hobierotikshop.com.tr\/website1\/erotik-shop-urun\/modern-emisli-vibrator-pembe\/\"]}]},{\"@type\":\"ImageObject\",\"inLanguage\":\"tr\",\"@id\":\"https:\/\/hobierotikshop.com.tr\/website1\/erotik-shop-urun\/modern-emisli-vibrator-pembe\/#primaryimage\",\"url\":\"https:\/\/haremerotikshop.com\/site\/wp-content\/uploads\/2025\/03\/modern-emisli-vibrator-pembe-1925.jpg\",\"contentUrl\":\"https:\/\/haremerotikshop.com\/site\/wp-content\/uploads\/2025\/03\/modern-emisli-vibrator-pembe-1925.jpg\",\"width\":1500,\"height\":1500},{\"@type\":\"BreadcrumbList\",\"@id\":\"https:\/\/hobierotikshop.com.tr\/website1\/erotik-shop-urun\/modern-emisli-vibrator-pembe\/#breadcrumb\",\"itemListElement\":[{\"@type\":\"ListItem\",\"position\":1,\"name\":\"Anasayfa\",\"item\":\"https:\/\/hobierotikshop.com.tr\/website1\/\"},{\"@type\":\"ListItem\",\"position\":2,\"name\":\"Erotik Shop \u00dcr\u00fcnleri\",\"item\":\"https:\/\/hobierotikshop.com.tr\/website1\/shop\/\"},{\"@type\":\"ListItem\",\"position\":3,\"name\":\"Modern Emi\u015fli Vibrat\u00f6r Pembe\"}]},{\"@type\":\"WebSite\",\"@id\":\"https:\/\/hobierotikshop.com.tr\/website1\/#website\",\"url\":\"https:\/\/hobierotikshop.com.tr\/website1\/\",\"name\":\"Bursa Erotik Shop\",\"description\":\"Bursa Erotik Shop ile g\u00fcvenli, gizli ve kaliteli yeti\u015fkin \u00fcr\u00fcnleri al\u0131\u015fveri\u015fi! Geni\u015f \u00fcr\u00fcn yelpazemizi ke\u015ffedin, hemen sipari\u015f verin\",\"publisher\":{\"@id\":\"https:\/\/hobierotikshop.com.tr\/website1\/#organization\"},\"alternateName\":\"Erotik Shop\",\"potentialAction\":[{\"@type\":\"SearchAction\",\"target\":{\"@type\":\"EntryPoint\",\"urlTemplate\":\"https:\/\/hobierotikshop.com.tr\/website1\/?s={search_term_string}\"},\"query-input\":{\"@type\":\"PropertyValueSpecification\",\"valueRequired\":true,\"valueName\":\"search_term_string\"}}],\"inLanguage\":\"tr\"},{\"@type\":\"Organization\",\"@id\":\"https:\/\/hobierotikshop.com.tr\/website1\/#organization\",\"name\":\"Harem Bursa Erotik Shop\",\"url\":\"https:\/\/hobierotikshop.com.tr\/website1\/\",\"logo\":{\"@type\":\"ImageObject\",\"inLanguage\":\"tr\",\"@id\":\"https:\/\/hobierotikshop.com.tr\/website1\/#\/schema\/logo\/image\/\",\"url\":\"https:\/\/haremerotikshop.com\/site\/wp-content\/uploads\/2025\/03\/haremsexshop.png\",\"contentUrl\":\"https:\/\/haremerotikshop.com\/site\/wp-content\/uploads\/2025\/03\/haremsexshop.png\",\"width\":400,\"height\":100,\"caption\":\"Harem Bursa Erotik Shop\"},\"image\":{\"@id\":\"https:\/\/hobierotikshop.com.tr\/website1\/#\/schema\/logo\/image\/\"},\"sameAs\":[\"https:\/\/x.com\/shopbursa\"],\"publishingPrinciples\":\"https:\/\/hobierotikshop.com.tr\/website1\/mesafeli-satis-sozlesmesi\/\",\"ownershipFundingInfo\":\"https:\/\/hobierotikshop.com.tr\/website1\/contact-us\/\",\"actionableFeedbackPolicy\":\"https:\/\/hobierotikshop.com.tr\/website1\/contact-us\/\",\"correctionsPolicy\":\"https:\/\/hobierotikshop.com.tr\/website1\/mesafeli-satis-sozlesmesi\/\"}]}<\/script>\n<meta property=\"product:brand\" content=\"Pembe Tilki\" \/>\n<meta property=\"product:price:amount\" content=\"1500.00\" \/>\n<meta property=\"product:price:currency\" content=\"TRY\" \/>\n<meta property=\"og:availability\" content=\"instock\" \/>\n<meta property=\"product:availability\" content=\"instock\" \/>\n<meta property=\"product:retailer_item_id\" content=\"PT-DVXA040PNK\" \/>\n<meta property=\"product:condition\" content=\"new\" \/>\n<!-- \/ Yoast SEO Premium plugin. -->","yoast_head_json":{"title":"Modern Emi\u015fli Vibrat\u00f6r Pembe - Bursa Erotik Shop","robots":{"index":"index","follow":"follow","max-snippet":"max-snippet:-1","max-image-preview":"max-image-preview:large","max-video-preview":"max-video-preview:-1"},"canonical":"https:\/\/hobierotikshop.com.tr\/website1\/erotik-shop-urun\/modern-emisli-vibrator-pembe\/","og_locale":"tr_TR","og_type":"article","og_title":"Modern Emi\u015fli Vibrat\u00f6r Pembe","og_description":"Pembe Tilki Modern Emi\u015fli Vibrat\u00f6r - Pembe, \u00f6zel tasar\u0131m\u0131 ve geli\u015fmi\u015f \u00f6zellikleriyle kad\u0131nlar\u0131n cinsel deneyimlerini d\u00f6n\u00fc\u015ft\u00fcrmek \u00fczere tasarlanm\u0131\u015ft\u0131r. Vakum fonksiyonu ve \u00e7ift y\u00f6nl\u00fc uyar\u0131m \u00f6zellikleri ile kendinizi \u015f\u0131mart\u0131rken, \u015f\u0131kl\u0131\u011f\u0131 ve zarifli\u011fiyle de g\u00f6z kama\u015ft\u0131ran bir tasar\u0131m sunar. Pembe renk se\u00e7ene\u011fi ve kompakt yap\u0131s\u0131 ile her detay\u0131nda zarafet bar\u0131nd\u0131ran bu \u00fcr\u00fcn, cinsel sa\u011fl\u0131\u011f\u0131n\u0131z\u0131 \u00f6n planda tutarak sa\u011fl\u0131kl\u0131 ve keyifli bir deneyim ya\u015faman\u0131z\u0131 sa\u011flar.","og_url":"https:\/\/hobierotikshop.com.tr\/website1\/erotik-shop-urun\/modern-emisli-vibrator-pembe\/","og_site_name":"Bursa Erotik Shop","article_modified_time":"2026-01-26T13:23:47+00:00","og_image":[{"width":1500,"height":1500,"url":"https:\/\/hobierotikshop.com.tr\/website1\/wp-content\/uploads\/2025\/03\/modern-emisli-vibrator-pembe-1925.jpg","type":"image\/jpeg"}],"twitter_card":"summary_large_image","twitter_site":"@shopbursa","twitter_misc":{"Fiyat":"&#8378;1.500,00 KDV DAH\u0130L","Availability":"In stock"},"schema":{"@context":"https:\/\/schema.org","@graph":[{"@type":"WebPage","@id":"https:\/\/hobierotikshop.com.tr\/website1\/erotik-shop-urun\/modern-emisli-vibrator-pembe\/","url":"https:\/\/hobierotikshop.com.tr\/website1\/erotik-shop-urun\/modern-emisli-vibrator-pembe\/","name":"Modern Emi\u015fli Vibrat\u00f6r Pembe - Bursa Erotik Shop","isPartOf":{"@id":"https:\/\/hobierotikshop.com.tr\/website1\/#website"},"primaryImageOfPage":{"@id":"https:\/\/hobierotikshop.com.tr\/website1\/erotik-shop-urun\/modern-emisli-vibrator-pembe\/#primaryimage"},"image":{"@id":"https:\/\/hobierotikshop.com.tr\/website1\/erotik-shop-urun\/modern-emisli-vibrator-pembe\/#primaryimage"},"thumbnailUrl":"https:\/\/haremerotikshop.com\/site\/wp-content\/uploads\/2025\/03\/modern-emisli-vibrator-pembe-1925.jpg","datePublished":"2025-03-17T09:27:12+00:00","dateModified":"2026-01-26T13:23:47+00:00","breadcrumb":{"@id":"https:\/\/hobierotikshop.com.tr\/website1\/erotik-shop-urun\/modern-emisli-vibrator-pembe\/#breadcrumb"},"inLanguage":"tr","potentialAction":[{"@type":"ReadAction","target":["https:\/\/hobierotikshop.com.tr\/website1\/erotik-shop-urun\/modern-emisli-vibrator-pembe\/"]}]},{"@type":"ImageObject","inLanguage":"tr","@id":"https:\/\/hobierotikshop.com.tr\/website1\/erotik-shop-urun\/modern-emisli-vibrator-pembe\/#primaryimage","url":"https:\/\/haremerotikshop.com\/site\/wp-content\/uploads\/2025\/03\/modern-emisli-vibrator-pembe-1925.jpg","contentUrl":"https:\/\/haremerotikshop.com\/site\/wp-content\/uploads\/2025\/03\/modern-emisli-vibrator-pembe-1925.jpg","width":1500,"height":1500},{"@type":"BreadcrumbList","@id":"https:\/\/hobierotikshop.com.tr\/website1\/erotik-shop-urun\/modern-emisli-vibrator-pembe\/#breadcrumb","itemListElement":[{"@type":"ListItem","position":1,"name":"Anasayfa","item":"https:\/\/hobierotikshop.com.tr\/website1\/"},{"@type":"ListItem","position":2,"name":"Erotik Shop \u00dcr\u00fcnleri","item":"https:\/\/hobierotikshop.com.tr\/website1\/shop\/"},{"@type":"ListItem","position":3,"name":"Modern Emi\u015fli Vibrat\u00f6r Pembe"}]},{"@type":"WebSite","@id":"https:\/\/hobierotikshop.com.tr\/website1\/#website","url":"https:\/\/hobierotikshop.com.tr\/website1\/","name":"Bursa Erotik Shop","description":"Bursa Erotik Shop ile g\u00fcvenli, gizli ve kaliteli yeti\u015fkin \u00fcr\u00fcnleri al\u0131\u015fveri\u015fi! Geni\u015f \u00fcr\u00fcn yelpazemizi ke\u015ffedin, hemen sipari\u015f verin","publisher":{"@id":"https:\/\/hobierotikshop.com.tr\/website1\/#organization"},"alternateName":"Erotik Shop","potentialAction":[{"@type":"SearchAction","target":{"@type":"EntryPoint","urlTemplate":"https:\/\/hobierotikshop.com.tr\/website1\/?s={search_term_string}"},"query-input":{"@type":"PropertyValueSpecification","valueRequired":true,"valueName":"search_term_string"}}],"inLanguage":"tr"},{"@type":"Organization","@id":"https:\/\/hobierotikshop.com.tr\/website1\/#organization","name":"Harem Bursa Erotik Shop","url":"https:\/\/hobierotikshop.com.tr\/website1\/","logo":{"@type":"ImageObject","inLanguage":"tr","@id":"https:\/\/hobierotikshop.com.tr\/website1\/#\/schema\/logo\/image\/","url":"https:\/\/haremerotikshop.com\/site\/wp-content\/uploads\/2025\/03\/haremsexshop.png","contentUrl":"https:\/\/haremerotikshop.com\/site\/wp-content\/uploads\/2025\/03\/haremsexshop.png","width":400,"height":100,"caption":"Harem Bursa Erotik Shop"},"image":{"@id":"https:\/\/hobierotikshop.com.tr\/website1\/#\/schema\/logo\/image\/"},"sameAs":["https:\/\/x.com\/shopbursa"],"publishingPrinciples":"https:\/\/hobierotikshop.com.tr\/website1\/mesafeli-satis-sozlesmesi\/","ownershipFundingInfo":"https:\/\/hobierotikshop.com.tr\/website1\/contact-us\/","actionableFeedbackPolicy":"https:\/\/hobierotikshop.com.tr\/website1\/contact-us\/","correctionsPolicy":"https:\/\/hobierotikshop.com.tr\/website1\/mesafeli-satis-sozlesmesi\/"}]},"product_brand":"Pembe Tilki","product_price_amount":"1500.00","product_price_currency":"TRY","og_availability":"instock","product_availability":"instock","product_retailer_item_id":"PT-DVXA040PNK","product_condition":"new"},"_links":{"self":[{"href":"https:\/\/haremerotikshop.com\/site\/wp-json\/wp\/v2\/product\/19073","targetHints":{"allow":["GET"]}}],"collection":[{"href":"https:\/\/haremerotikshop.com\/site\/wp-json\/wp\/v2\/product"}],"about":[{"href":"https:\/\/haremerotikshop.com\/site\/wp-json\/wp\/v2\/types\/product"}],"replies":[{"embeddable":true,"href":"https:\/\/haremerotikshop.com\/site\/wp-json\/wp\/v2\/comments?post=19073"}],"version-history":[{"count":0,"href":"https:\/\/haremerotikshop.com\/site\/wp-json\/wp\/v2\/product\/19073\/revisions"}],"wp:featuredmedia":[{"embeddable":true,"href":"https:\/\/haremerotikshop.com\/site\/wp-json\/wp\/v2\/media\/19146"}],"wp:attachment":[{"href":"https:\/\/haremerotikshop.com\/site\/wp-json\/wp\/v2\/media?parent=19073"}],"wp:term":[{"taxonomy":"product_brand","embeddable":true,"href":"https:\/\/haremerotikshop.com\/site\/wp-json\/wp\/v2\/product_brand?post=19073"},{"taxonomy":"product_cat","embeddable":true,"href":"https:\/\/haremerotikshop.com\/site\/wp-json\/wp\/v2\/product_cat?post=19073"},{"taxonomy":"product_tag","embeddable":true,"href":"https:\/\/haremerotikshop.com\/site\/wp-json\/wp\/v2\/product_tag?post=19073"}],"curies":[{"name":"wp","href":"https:\/\/api.w.org\/{rel}","templated":true}]}}