{"id":19104,"date":"2025-03-17T12:27:43","date_gmt":"2025-03-17T09:27:43","guid":{"rendered":"https:\/\/haremerotikshop.com\/site\/?post_type=product&#038;p=19104"},"modified":"2026-01-26T16:23:01","modified_gmt":"2026-01-26T13:23:01","slug":"modern-emisli-bonnie-rabbit-vibrator","status":"publish","type":"product","link":"https:\/\/haremerotikshop.com\/site\/erotik-shop-urun\/modern-emisli-bonnie-rabbit-vibrator\/","title":{"rendered":"Modern Emi\u015fli Bonnie Rabbit Vibrat\u00f6r"},"content":{"rendered":"<h3 data-start=\"0\" data-end=\"87\"><strong data-start=\"4\" data-end=\"87\">Modern Emi\u015fli Bonnie Rabbit Vibrat\u00f6r: \u015e\u0131kl\u0131k ve Performans\u0131n M\u00fckemmel Bulu\u015fmas\u0131<\/strong><\/h3>\n<p data-start=\"89\" data-end=\"478\"><strong data-start=\"89\" data-end=\"129\">Modern Emi\u015fli Bonnie Rabbit Vibrat\u00f6r<\/strong>, g\u00f6rsel olarak \u00e7ekici ve fonksiyonel \u00f6zellikleriyle kullan\u0131c\u0131lara benzersiz bir deneyim sunar. Y\u00fcksek kaliteli malzemeler ve yenilik\u00e7i teknolojilerle donat\u0131lm\u0131\u015f bu \u00f6zel cihaz, hem <strong data-start=\"310\" data-end=\"322\">klitoral<\/strong> hem de <strong data-start=\"330\" data-end=\"341\">vajinal<\/strong> uyar\u0131m i\u00e7in \u00f6zelle\u015ftirilebilir se\u00e7enekler sunar. Modern tasar\u0131m\u0131 ve g\u00fc\u00e7l\u00fc performans\u0131 ile keyifli anlar\u0131n\u0131z\u0131 bir \u00fcst seviyeye ta\u015f\u0131yacak.<\/p>\n<hr data-start=\"480\" data-end=\"483\" \/>\n<h3 data-start=\"485\" data-end=\"514\"><strong data-start=\"489\" data-end=\"514\">\u00d6ne \u00c7\u0131kan \u00d6zellikler:<\/strong><\/h3>\n<h4 data-start=\"516\" data-end=\"553\">\u2714 <strong data-start=\"523\" data-end=\"553\">Titre\u015fen Tav\u015fan Kulaklar\u0131:<\/strong><\/h4>\n<ul data-start=\"554\" data-end=\"799\">\n<li data-start=\"554\" data-end=\"799\"><strong data-start=\"556\" data-end=\"590\">Yumu\u015fak silikon kapl\u0131 kulaklar<\/strong>, cihaz\u0131n <strong data-start=\"600\" data-end=\"617\">titre\u015fim g\u00fcc\u00fc<\/strong> ile hassas noktalara odaklan\u0131r, <strong data-start=\"650\" data-end=\"668\">klitoral b\u00f6lge<\/strong> i\u00e7in yo\u011fun ve etkili bir uyar\u0131m sa\u011flar. Titre\u015fimler, <strong data-start=\"722\" data-end=\"755\">kulaklar\u0131n \u015fekli ve esnekli\u011fi<\/strong> sayesinde derin ve uzun s\u00fcreli haz yarat\u0131r.<\/li>\n<\/ul>\n<h4 data-start=\"801\" data-end=\"836\">\u2714 <strong data-start=\"808\" data-end=\"836\">Ayarlanabilir Emi\u015f G\u00fcc\u00fc:<\/strong><\/h4>\n<ul data-start=\"837\" data-end=\"1139\">\n<li data-start=\"837\" data-end=\"1139\"><strong data-start=\"839\" data-end=\"882\">Farkl\u0131 yo\u011funluk seviyelerinde emi\u015f g\u00fcc\u00fc<\/strong> ile ki\u015fiselle\u015ftirilebilir bir deneyim sunar. Cihaz\u0131n emi\u015f fonksiyonu, zevkinize g\u00f6re ayarlanabilir ve <strong data-start=\"985\" data-end=\"1006\">klitoral uyar\u0131mda<\/strong> ekstra haz sa\u011flar. Bu \u00f6zellik, kullan\u0131c\u0131n\u0131n ihtiya\u00e7lar\u0131na g\u00f6re \u00f6zelle\u015ftirilebilir ve daha fazla tatmin i\u00e7in ideal bir se\u00e7enek sunar.<\/li>\n<\/ul>\n<h4 data-start=\"1141\" data-end=\"1180\">\u2714 <strong data-start=\"1148\" data-end=\"1180\">Ayarlanabilir Titre\u015fim G\u00fcc\u00fc:<\/strong><\/h4>\n<ul data-start=\"1181\" data-end=\"1414\">\n<li data-start=\"1181\" data-end=\"1414\"><strong data-start=\"1183\" data-end=\"1203\">Titre\u015fim \u015fiddeti<\/strong> kullan\u0131c\u0131 tercihlerine g\u00f6re <strong data-start=\"1232\" data-end=\"1250\">artt\u0131r\u0131labilir<\/strong> veya <strong data-start=\"1256\" data-end=\"1273\">azalt\u0131labilir<\/strong>. Bu \u00f6zellik, ki\u015fisel zevklere uyum sa\u011flayacak \u015fekilde yo\u011funlu\u011fu belirlemenizi sa\u011flar, b\u00f6ylece her seferinde m\u00fckemmel bir deneyim ya\u015fars\u0131n\u0131z.<\/li>\n<\/ul>\n<hr data-start=\"1416\" data-end=\"1419\" \/>\n<h3 data-start=\"1421\" data-end=\"1454\"><strong data-start=\"1425\" data-end=\"1454\">Boyut ve Teknik Detaylar:<\/strong><\/h3>\n<ul data-start=\"1456\" data-end=\"1652\">\n<li data-start=\"1456\" data-end=\"1485\"><strong data-start=\"1458\" data-end=\"1476\">Toplam Uzunluk<\/strong>: 10,2 cm<\/li>\n<li data-start=\"1486\" data-end=\"1508\"><strong data-start=\"1488\" data-end=\"1500\">Geni\u015flik<\/strong>: 5,2 cm<\/li>\n<li data-start=\"1509\" data-end=\"1537\"><strong data-start=\"1511\" data-end=\"1529\">Kulak Uzunlu\u011fu<\/strong>: 5,1 cm<\/li>\n<li data-start=\"1538\" data-end=\"1561\"><strong data-start=\"1540\" data-end=\"1551\">A\u011f\u0131rl\u0131k<\/strong>: 127 gram<\/li>\n<li data-start=\"1562\" data-end=\"1652\"><strong data-start=\"1564\" data-end=\"1580\">Ses Seviyesi<\/strong>: 85 dB alt\u0131nda, sessiz \u00e7al\u0131\u015fma \u2013 gizlili\u011fe \u00f6nem verenler i\u00e7in idealdir.<\/li>\n<\/ul>\n<p data-start=\"1654\" data-end=\"1870\"><strong data-start=\"1654\" data-end=\"1694\">Modern Emi\u015fli Bonnie Rabbit Vibrat\u00f6r<\/strong>, kompakt ve hafif yap\u0131s\u0131yla ta\u015f\u0131nabilirli\u011fi kolayd\u0131r. Ergonomik tasar\u0131m\u0131 sayesinde <strong data-start=\"1778\" data-end=\"1804\">uzun s\u00fcreli kullan\u0131mda<\/strong> bile rahatl\u0131k sa\u011flar ve kullan\u0131m\u0131 son derece pratik hale getirir.<\/p>\n<hr data-start=\"1872\" data-end=\"1875\" \/>\n<h3 data-start=\"1877\" data-end=\"1922\"><strong data-start=\"1881\" data-end=\"1922\">Ergonomik ve Kullan\u0131c\u0131 Dostu Tasar\u0131m:<\/strong><\/h3>\n<ul data-start=\"1923\" data-end=\"2182\">\n<li data-start=\"1923\" data-end=\"2182\"><strong data-start=\"1925\" data-end=\"1962\">Kompakt boyutlar\u0131 ve hafif yap\u0131s\u0131<\/strong>, ta\u015f\u0131nabilirlik a\u00e7\u0131s\u0131ndan b\u00fcy\u00fck avantaj sa\u011flar. Ergonomik tasar\u0131m, \u00fcr\u00fcn\u00fc <strong data-start=\"2036\" data-end=\"2055\">kolayca tutmay\u0131<\/strong> ve <strong data-start=\"2059\" data-end=\"2077\">kontrol etmeyi<\/strong> m\u00fcmk\u00fcn k\u0131lar. \u0130ster tek ba\u015f\u0131n\u0131za, ister partnerinizle birlikte ke\u015fif yaparken rahat\u00e7a kullanabilirsiniz.<\/li>\n<\/ul>\n<hr data-start=\"2184\" data-end=\"2187\" \/>\n<h3 data-start=\"2189\" data-end=\"2216\"><strong data-start=\"2193\" data-end=\"2216\">Sa\u011fl\u0131k ve G\u00fcvenlik:<\/strong><\/h3>\n<ul data-start=\"2217\" data-end=\"2477\">\n<li data-start=\"2217\" data-end=\"2477\"><strong data-start=\"2219\" data-end=\"2254\">Y\u00fcksek kaliteli silikon malzeme<\/strong>, cilt dostudur ve <strong data-start=\"2273\" data-end=\"2321\">hassas ciltlerde bile g\u00fcvenle kullan\u0131labilir<\/strong>. Bu malzeme, <strong data-start=\"2335\" data-end=\"2361\">allerjik reaksiyonlar\u0131<\/strong> minimize eder ve hijyenik olarak kolayca temizlenebilir. <strong data-start=\"2419\" data-end=\"2439\">Dayan\u0131kl\u0131 yap\u0131s\u0131<\/strong> sayesinde uzun s\u00fcreli kullan\u0131m sunar.<\/li>\n<\/ul>\n<hr data-start=\"2479\" data-end=\"2482\" \/>\n<h3 data-start=\"2484\" data-end=\"2516\"><strong data-start=\"2488\" data-end=\"2516\">Performans ve Teknoloji:<\/strong><\/h3>\n<ul data-start=\"2518\" data-end=\"2789\">\n<li data-start=\"2518\" data-end=\"2789\"><strong data-start=\"2520\" data-end=\"2541\">Titre\u015fen kulaklar<\/strong> ve <strong data-start=\"2545\" data-end=\"2572\">ayarlanabilir emi\u015f g\u00fcc\u00fc<\/strong>, bu cihaz\u0131n <strong data-start=\"2585\" data-end=\"2606\">\u00e7ift y\u00f6nl\u00fc uyar\u0131m<\/strong> sunmas\u0131n\u0131 sa\u011flar. G\u00fc\u00e7l\u00fc motoru, y\u00fcksek performansla beklentilerinizi en \u00fcst d\u00fczeyde kar\u015f\u0131lar. <strong data-start=\"2701\" data-end=\"2719\">Sessiz \u00e7al\u0131\u015fma<\/strong> \u00f6zelli\u011fi ile yaln\u0131zca zevkinize odaklan\u0131rken, gizlili\u011finizi de korur.<\/li>\n<\/ul>\n<hr data-start=\"2791\" data-end=\"2794\" \/>\n<h3 data-start=\"2796\" data-end=\"2847\"><strong data-start=\"2800\" data-end=\"2847\">Neden Modern Emi\u015fli Bonnie Rabbit Vibrat\u00f6r?<\/strong><\/h3>\n<p data-start=\"2848\" data-end=\"3177\"><strong data-start=\"2848\" data-end=\"2888\">Modern Emi\u015fli Bonnie Rabbit Vibrat\u00f6r<\/strong>, <strong data-start=\"2890\" data-end=\"2911\">bireysel kullan\u0131m<\/strong> veya <strong data-start=\"2917\" data-end=\"2936\">partnerle ke\u015fif<\/strong> i\u00e7in m\u00fckemmel bir tercihtir. \u015e\u0131k tasar\u0131m\u0131, <strong data-start=\"2980\" data-end=\"3005\">yenilik\u00e7i teknolojisi<\/strong> ve <strong data-start=\"3009\" data-end=\"3040\">kullan\u0131c\u0131 dostu \u00f6zellikleri<\/strong> ile kendinizi \u00f6zel hissetmenizi sa\u011flar. Her seferinde ki\u015fiselle\u015ftirilmi\u015f bir deneyim ya\u015fayarak tatmin edici sonu\u00e7lar elde edebilirsiniz.<\/p>\n<hr data-start=\"3179\" data-end=\"3182\" \/>\n<h3 data-start=\"3184\" data-end=\"3198\"><strong data-start=\"3188\" data-end=\"3198\">Sonu\u00e7:<\/strong><\/h3>\n<p data-start=\"3199\" data-end=\"3609\">E\u011fer <strong data-start=\"3204\" data-end=\"3256\">keyifli, rahatlat\u0131c\u0131 ve tatmin edici bir deneyim<\/strong> ar\u0131yorsan\u0131z, <strong data-start=\"3270\" data-end=\"3310\">Modern Emi\u015fli Bonnie Rabbit Vibrat\u00f6r<\/strong> tam size g\u00f6re! <strong data-start=\"3326\" data-end=\"3347\">Titre\u015fen kulaklar<\/strong>, <strong data-start=\"3349\" data-end=\"3376\">ayarlanabilir emi\u015f g\u00fcc\u00fc<\/strong> ve <strong data-start=\"3380\" data-end=\"3398\">sessiz \u00e7al\u0131\u015fma<\/strong> \u00f6zellikleriyle, her kullan\u0131c\u0131n\u0131n zevkine hitap eder. Zarif tasar\u0131m\u0131 ve <strong data-start=\"3470\" data-end=\"3505\">y\u00fcksek kaliteli silikon malzeme<\/strong> ile g\u00fcvenli ve uzun s\u00fcreli bir kullan\u0131m sa\u011flar. Kendinize zaman ay\u0131r\u0131n ve bu yenilik\u00e7i \u00fcr\u00fcn\u00fc ke\u015ffedin.<\/p>\n<p data-start=\"3611\" data-end=\"3745\" data-is-last-node=\"\" data-is-only-node=\"\"><strong data-start=\"3611\" data-end=\"3651\">Modern Emi\u015fli Bonnie Rabbit Vibrat\u00f6r<\/strong> ile <strong data-start=\"3656\" data-end=\"3667\">\u015f\u0131kl\u0131\u011f\u0131<\/strong> ve <strong data-start=\"3671\" data-end=\"3682\">konforu<\/strong> birle\u015ftirerek, <strong data-start=\"3698\" data-end=\"3719\">ki\u015fisel keyfinizi<\/strong> bir \u00fcst seviyeye ta\u015f\u0131y\u0131n!<\/p>\n","protected":false},"excerpt":{"rendered":"<p><strong data-start=\"89\" data-end=\"129\">Modern Emi\u015fli Bonnie Rabbit Vibrat\u00f6r<\/strong>, g\u00f6rsel olarak \u00e7ekici ve fonksiyonel \u00f6zellikleriyle kullan\u0131c\u0131lara benzersiz bir deneyim sunar. Y\u00fcksek kaliteli malzemeler ve yenilik\u00e7i teknolojilerle donat\u0131lm\u0131\u015f bu \u00f6zel cihaz, hem <strong data-start=\"310\" data-end=\"322\">klitoral<\/strong> hem de <strong data-start=\"330\" data-end=\"341\">vajinal<\/strong> uyar\u0131m i\u00e7in \u00f6zelle\u015ftirilebilir se\u00e7enekler sunar. Modern tasar\u0131m\u0131 ve g\u00fc\u00e7l\u00fc performans\u0131 ile keyifli anlar\u0131n\u0131z\u0131 bir \u00fcst seviyeye ta\u015f\u0131yacak.<\/p>\n","protected":false},"featured_media":19173,"comment_status":"open","ping_status":"closed","template":"","meta":[],"product_brand":[127],"product_cat":[85],"product_tag":[277],"class_list":{"0":"post-19104","1":"product","2":"type-product","3":"status-publish","4":"has-post-thumbnail","6":"product_brand-pembe-tilki","7":"product_cat-modern-vibrator","8":"product_tag-modern-emisli-bonnie-rabbit-vibrator","10":"first","11":"instock","12":"taxable","13":"shipping-taxable","14":"purchasable","15":"product-type-simple"},"yoast_head":"<!-- This site is optimized with the Yoast SEO Premium plugin v24.4 (Yoast SEO v27.1.1) - https:\/\/yoast.com\/product\/yoast-seo-premium-wordpress\/ -->\n<title>Modern Emi\u015fli Bonnie Rabbit Vibrat\u00f6r - Bursa Erotik Shop<\/title>\n<meta name=\"robots\" content=\"index, follow, max-snippet:-1, max-image-preview:large, max-video-preview:-1\" \/>\n<link rel=\"canonical\" href=\"https:\/\/hobierotikshop.com.tr\/website1\/erotik-shop-urun\/modern-emisli-bonnie-rabbit-vibrator\/\" \/>\n<meta property=\"og:locale\" content=\"tr_TR\" \/>\n<meta property=\"og:type\" content=\"article\" \/>\n<meta property=\"og:title\" content=\"Modern Emi\u015fli Bonnie Rabbit Vibrat\u00f6r\" \/>\n<meta property=\"og:description\" content=\"Modern Emi\u015fli Bonnie Rabbit Vibrat\u00f6r, g\u00f6rsel olarak \u00e7ekici ve fonksiyonel \u00f6zellikleriyle kullan\u0131c\u0131lara benzersiz bir deneyim sunar. Y\u00fcksek kaliteli malzemeler ve yenilik\u00e7i teknolojilerle donat\u0131lm\u0131\u015f bu \u00f6zel cihaz, hem klitoral hem de vajinal uyar\u0131m i\u00e7in \u00f6zelle\u015ftirilebilir se\u00e7enekler sunar. Modern tasar\u0131m\u0131 ve g\u00fc\u00e7l\u00fc performans\u0131 ile keyifli anlar\u0131n\u0131z\u0131 bir \u00fcst seviyeye ta\u015f\u0131yacak.\" \/>\n<meta property=\"og:url\" content=\"https:\/\/hobierotikshop.com.tr\/website1\/erotik-shop-urun\/modern-emisli-bonnie-rabbit-vibrator\/\" \/>\n<meta property=\"og:site_name\" content=\"Bursa Erotik Shop\" \/>\n<meta property=\"article:modified_time\" content=\"2026-01-26T13:23:01+00:00\" \/>\n<meta property=\"og:image\" content=\"https:\/\/hobierotikshop.com.tr\/website1\/wp-content\/uploads\/2025\/03\/modern-emisli-bonnie-rabbit-vibrator-1929.jpg\" \/>\n\t<meta property=\"og:image:width\" content=\"1500\" \/>\n\t<meta property=\"og:image:height\" content=\"1500\" \/>\n\t<meta property=\"og:image:type\" content=\"image\/jpeg\" \/>\n<meta name=\"twitter:card\" content=\"summary_large_image\" \/>\n<meta name=\"twitter:site\" content=\"@shopbursa\" \/>\n<meta name=\"twitter:label1\" content=\"Fiyat\" \/>\n\t<meta name=\"twitter:data1\" content=\"&#8378;3.000,00 KDV DAH\u0130L\" \/>\n\t<meta name=\"twitter:label2\" content=\"Availability\" \/>\n\t<meta name=\"twitter:data2\" content=\"In stock\" \/>\n<script type=\"application\/ld+json\" class=\"yoast-schema-graph\">{\"@context\":\"https:\/\/schema.org\",\"@graph\":[{\"@type\":\"WebPage\",\"@id\":\"https:\/\/hobierotikshop.com.tr\/website1\/erotik-shop-urun\/modern-emisli-bonnie-rabbit-vibrator\/\",\"url\":\"https:\/\/hobierotikshop.com.tr\/website1\/erotik-shop-urun\/modern-emisli-bonnie-rabbit-vibrator\/\",\"name\":\"Modern Emi\u015fli Bonnie Rabbit Vibrat\u00f6r - Bursa Erotik Shop\",\"isPartOf\":{\"@id\":\"https:\/\/hobierotikshop.com.tr\/website1\/#website\"},\"primaryImageOfPage\":{\"@id\":\"https:\/\/hobierotikshop.com.tr\/website1\/erotik-shop-urun\/modern-emisli-bonnie-rabbit-vibrator\/#primaryimage\"},\"image\":{\"@id\":\"https:\/\/hobierotikshop.com.tr\/website1\/erotik-shop-urun\/modern-emisli-bonnie-rabbit-vibrator\/#primaryimage\"},\"thumbnailUrl\":\"https:\/\/haremerotikshop.com\/site\/wp-content\/uploads\/2025\/03\/modern-emisli-bonnie-rabbit-vibrator-1929.jpg\",\"datePublished\":\"2025-03-17T09:27:43+00:00\",\"dateModified\":\"2026-01-26T13:23:01+00:00\",\"breadcrumb\":{\"@id\":\"https:\/\/hobierotikshop.com.tr\/website1\/erotik-shop-urun\/modern-emisli-bonnie-rabbit-vibrator\/#breadcrumb\"},\"inLanguage\":\"tr\",\"potentialAction\":[{\"@type\":\"ReadAction\",\"target\":[\"https:\/\/hobierotikshop.com.tr\/website1\/erotik-shop-urun\/modern-emisli-bonnie-rabbit-vibrator\/\"]}]},{\"@type\":\"ImageObject\",\"inLanguage\":\"tr\",\"@id\":\"https:\/\/hobierotikshop.com.tr\/website1\/erotik-shop-urun\/modern-emisli-bonnie-rabbit-vibrator\/#primaryimage\",\"url\":\"https:\/\/haremerotikshop.com\/site\/wp-content\/uploads\/2025\/03\/modern-emisli-bonnie-rabbit-vibrator-1929.jpg\",\"contentUrl\":\"https:\/\/haremerotikshop.com\/site\/wp-content\/uploads\/2025\/03\/modern-emisli-bonnie-rabbit-vibrator-1929.jpg\",\"width\":1500,\"height\":1500},{\"@type\":\"BreadcrumbList\",\"@id\":\"https:\/\/hobierotikshop.com.tr\/website1\/erotik-shop-urun\/modern-emisli-bonnie-rabbit-vibrator\/#breadcrumb\",\"itemListElement\":[{\"@type\":\"ListItem\",\"position\":1,\"name\":\"Anasayfa\",\"item\":\"https:\/\/hobierotikshop.com.tr\/website1\/\"},{\"@type\":\"ListItem\",\"position\":2,\"name\":\"Erotik Shop \u00dcr\u00fcnleri\",\"item\":\"https:\/\/hobierotikshop.com.tr\/website1\/shop\/\"},{\"@type\":\"ListItem\",\"position\":3,\"name\":\"Modern Emi\u015fli Bonnie Rabbit Vibrat\u00f6r\"}]},{\"@type\":\"WebSite\",\"@id\":\"https:\/\/hobierotikshop.com.tr\/website1\/#website\",\"url\":\"https:\/\/hobierotikshop.com.tr\/website1\/\",\"name\":\"Bursa Erotik Shop\",\"description\":\"Bursa Erotik Shop ile g\u00fcvenli, gizli ve kaliteli yeti\u015fkin \u00fcr\u00fcnleri al\u0131\u015fveri\u015fi! Geni\u015f \u00fcr\u00fcn yelpazemizi ke\u015ffedin, hemen sipari\u015f verin\",\"publisher\":{\"@id\":\"https:\/\/hobierotikshop.com.tr\/website1\/#organization\"},\"alternateName\":\"Erotik Shop\",\"potentialAction\":[{\"@type\":\"SearchAction\",\"target\":{\"@type\":\"EntryPoint\",\"urlTemplate\":\"https:\/\/hobierotikshop.com.tr\/website1\/?s={search_term_string}\"},\"query-input\":{\"@type\":\"PropertyValueSpecification\",\"valueRequired\":true,\"valueName\":\"search_term_string\"}}],\"inLanguage\":\"tr\"},{\"@type\":\"Organization\",\"@id\":\"https:\/\/hobierotikshop.com.tr\/website1\/#organization\",\"name\":\"Harem Bursa Erotik Shop\",\"url\":\"https:\/\/hobierotikshop.com.tr\/website1\/\",\"logo\":{\"@type\":\"ImageObject\",\"inLanguage\":\"tr\",\"@id\":\"https:\/\/hobierotikshop.com.tr\/website1\/#\/schema\/logo\/image\/\",\"url\":\"https:\/\/haremerotikshop.com\/site\/wp-content\/uploads\/2025\/03\/haremsexshop.png\",\"contentUrl\":\"https:\/\/haremerotikshop.com\/site\/wp-content\/uploads\/2025\/03\/haremsexshop.png\",\"width\":400,\"height\":100,\"caption\":\"Harem Bursa Erotik Shop\"},\"image\":{\"@id\":\"https:\/\/hobierotikshop.com.tr\/website1\/#\/schema\/logo\/image\/\"},\"sameAs\":[\"https:\/\/x.com\/shopbursa\"],\"publishingPrinciples\":\"https:\/\/hobierotikshop.com.tr\/website1\/mesafeli-satis-sozlesmesi\/\",\"ownershipFundingInfo\":\"https:\/\/hobierotikshop.com.tr\/website1\/contact-us\/\",\"actionableFeedbackPolicy\":\"https:\/\/hobierotikshop.com.tr\/website1\/contact-us\/\",\"correctionsPolicy\":\"https:\/\/hobierotikshop.com.tr\/website1\/mesafeli-satis-sozlesmesi\/\"}]}<\/script>\n<meta property=\"product:brand\" content=\"Pembe Tilki\" \/>\n<meta property=\"product:price:amount\" content=\"3000.00\" \/>\n<meta property=\"product:price:currency\" content=\"TRY\" \/>\n<meta property=\"og:availability\" content=\"instock\" \/>\n<meta property=\"product:availability\" content=\"instock\" \/>\n<meta property=\"product:retailer_item_id\" content=\"PT-DVXA076B\" \/>\n<meta property=\"product:condition\" content=\"new\" \/>\n<!-- \/ Yoast SEO Premium plugin. -->","yoast_head_json":{"title":"Modern Emi\u015fli Bonnie Rabbit Vibrat\u00f6r - Bursa Erotik Shop","robots":{"index":"index","follow":"follow","max-snippet":"max-snippet:-1","max-image-preview":"max-image-preview:large","max-video-preview":"max-video-preview:-1"},"canonical":"https:\/\/hobierotikshop.com.tr\/website1\/erotik-shop-urun\/modern-emisli-bonnie-rabbit-vibrator\/","og_locale":"tr_TR","og_type":"article","og_title":"Modern Emi\u015fli Bonnie Rabbit Vibrat\u00f6r","og_description":"Modern Emi\u015fli Bonnie Rabbit Vibrat\u00f6r, g\u00f6rsel olarak \u00e7ekici ve fonksiyonel \u00f6zellikleriyle kullan\u0131c\u0131lara benzersiz bir deneyim sunar. Y\u00fcksek kaliteli malzemeler ve yenilik\u00e7i teknolojilerle donat\u0131lm\u0131\u015f bu \u00f6zel cihaz, hem klitoral hem de vajinal uyar\u0131m i\u00e7in \u00f6zelle\u015ftirilebilir se\u00e7enekler sunar. Modern tasar\u0131m\u0131 ve g\u00fc\u00e7l\u00fc performans\u0131 ile keyifli anlar\u0131n\u0131z\u0131 bir \u00fcst seviyeye ta\u015f\u0131yacak.","og_url":"https:\/\/hobierotikshop.com.tr\/website1\/erotik-shop-urun\/modern-emisli-bonnie-rabbit-vibrator\/","og_site_name":"Bursa Erotik Shop","article_modified_time":"2026-01-26T13:23:01+00:00","og_image":[{"width":1500,"height":1500,"url":"https:\/\/hobierotikshop.com.tr\/website1\/wp-content\/uploads\/2025\/03\/modern-emisli-bonnie-rabbit-vibrator-1929.jpg","type":"image\/jpeg"}],"twitter_card":"summary_large_image","twitter_site":"@shopbursa","twitter_misc":{"Fiyat":"&#8378;3.000,00 KDV DAH\u0130L","Availability":"In stock"},"schema":{"@context":"https:\/\/schema.org","@graph":[{"@type":"WebPage","@id":"https:\/\/hobierotikshop.com.tr\/website1\/erotik-shop-urun\/modern-emisli-bonnie-rabbit-vibrator\/","url":"https:\/\/hobierotikshop.com.tr\/website1\/erotik-shop-urun\/modern-emisli-bonnie-rabbit-vibrator\/","name":"Modern Emi\u015fli Bonnie Rabbit Vibrat\u00f6r - Bursa Erotik Shop","isPartOf":{"@id":"https:\/\/hobierotikshop.com.tr\/website1\/#website"},"primaryImageOfPage":{"@id":"https:\/\/hobierotikshop.com.tr\/website1\/erotik-shop-urun\/modern-emisli-bonnie-rabbit-vibrator\/#primaryimage"},"image":{"@id":"https:\/\/hobierotikshop.com.tr\/website1\/erotik-shop-urun\/modern-emisli-bonnie-rabbit-vibrator\/#primaryimage"},"thumbnailUrl":"https:\/\/haremerotikshop.com\/site\/wp-content\/uploads\/2025\/03\/modern-emisli-bonnie-rabbit-vibrator-1929.jpg","datePublished":"2025-03-17T09:27:43+00:00","dateModified":"2026-01-26T13:23:01+00:00","breadcrumb":{"@id":"https:\/\/hobierotikshop.com.tr\/website1\/erotik-shop-urun\/modern-emisli-bonnie-rabbit-vibrator\/#breadcrumb"},"inLanguage":"tr","potentialAction":[{"@type":"ReadAction","target":["https:\/\/hobierotikshop.com.tr\/website1\/erotik-shop-urun\/modern-emisli-bonnie-rabbit-vibrator\/"]}]},{"@type":"ImageObject","inLanguage":"tr","@id":"https:\/\/hobierotikshop.com.tr\/website1\/erotik-shop-urun\/modern-emisli-bonnie-rabbit-vibrator\/#primaryimage","url":"https:\/\/haremerotikshop.com\/site\/wp-content\/uploads\/2025\/03\/modern-emisli-bonnie-rabbit-vibrator-1929.jpg","contentUrl":"https:\/\/haremerotikshop.com\/site\/wp-content\/uploads\/2025\/03\/modern-emisli-bonnie-rabbit-vibrator-1929.jpg","width":1500,"height":1500},{"@type":"BreadcrumbList","@id":"https:\/\/hobierotikshop.com.tr\/website1\/erotik-shop-urun\/modern-emisli-bonnie-rabbit-vibrator\/#breadcrumb","itemListElement":[{"@type":"ListItem","position":1,"name":"Anasayfa","item":"https:\/\/hobierotikshop.com.tr\/website1\/"},{"@type":"ListItem","position":2,"name":"Erotik Shop \u00dcr\u00fcnleri","item":"https:\/\/hobierotikshop.com.tr\/website1\/shop\/"},{"@type":"ListItem","position":3,"name":"Modern Emi\u015fli Bonnie Rabbit Vibrat\u00f6r"}]},{"@type":"WebSite","@id":"https:\/\/hobierotikshop.com.tr\/website1\/#website","url":"https:\/\/hobierotikshop.com.tr\/website1\/","name":"Bursa Erotik Shop","description":"Bursa Erotik Shop ile g\u00fcvenli, gizli ve kaliteli yeti\u015fkin \u00fcr\u00fcnleri al\u0131\u015fveri\u015fi! Geni\u015f \u00fcr\u00fcn yelpazemizi ke\u015ffedin, hemen sipari\u015f verin","publisher":{"@id":"https:\/\/hobierotikshop.com.tr\/website1\/#organization"},"alternateName":"Erotik Shop","potentialAction":[{"@type":"SearchAction","target":{"@type":"EntryPoint","urlTemplate":"https:\/\/hobierotikshop.com.tr\/website1\/?s={search_term_string}"},"query-input":{"@type":"PropertyValueSpecification","valueRequired":true,"valueName":"search_term_string"}}],"inLanguage":"tr"},{"@type":"Organization","@id":"https:\/\/hobierotikshop.com.tr\/website1\/#organization","name":"Harem Bursa Erotik Shop","url":"https:\/\/hobierotikshop.com.tr\/website1\/","logo":{"@type":"ImageObject","inLanguage":"tr","@id":"https:\/\/hobierotikshop.com.tr\/website1\/#\/schema\/logo\/image\/","url":"https:\/\/haremerotikshop.com\/site\/wp-content\/uploads\/2025\/03\/haremsexshop.png","contentUrl":"https:\/\/haremerotikshop.com\/site\/wp-content\/uploads\/2025\/03\/haremsexshop.png","width":400,"height":100,"caption":"Harem Bursa Erotik Shop"},"image":{"@id":"https:\/\/hobierotikshop.com.tr\/website1\/#\/schema\/logo\/image\/"},"sameAs":["https:\/\/x.com\/shopbursa"],"publishingPrinciples":"https:\/\/hobierotikshop.com.tr\/website1\/mesafeli-satis-sozlesmesi\/","ownershipFundingInfo":"https:\/\/hobierotikshop.com.tr\/website1\/contact-us\/","actionableFeedbackPolicy":"https:\/\/hobierotikshop.com.tr\/website1\/contact-us\/","correctionsPolicy":"https:\/\/hobierotikshop.com.tr\/website1\/mesafeli-satis-sozlesmesi\/"}]},"product_brand":"Pembe Tilki","product_price_amount":"3000.00","product_price_currency":"TRY","og_availability":"instock","product_availability":"instock","product_retailer_item_id":"PT-DVXA076B","product_condition":"new"},"_links":{"self":[{"href":"https:\/\/haremerotikshop.com\/site\/wp-json\/wp\/v2\/product\/19104","targetHints":{"allow":["GET"]}}],"collection":[{"href":"https:\/\/haremerotikshop.com\/site\/wp-json\/wp\/v2\/product"}],"about":[{"href":"https:\/\/haremerotikshop.com\/site\/wp-json\/wp\/v2\/types\/product"}],"replies":[{"embeddable":true,"href":"https:\/\/haremerotikshop.com\/site\/wp-json\/wp\/v2\/comments?post=19104"}],"version-history":[{"count":0,"href":"https:\/\/haremerotikshop.com\/site\/wp-json\/wp\/v2\/product\/19104\/revisions"}],"wp:featuredmedia":[{"embeddable":true,"href":"https:\/\/haremerotikshop.com\/site\/wp-json\/wp\/v2\/media\/19173"}],"wp:attachment":[{"href":"https:\/\/haremerotikshop.com\/site\/wp-json\/wp\/v2\/media?parent=19104"}],"wp:term":[{"taxonomy":"product_brand","embeddable":true,"href":"https:\/\/haremerotikshop.com\/site\/wp-json\/wp\/v2\/product_brand?post=19104"},{"taxonomy":"product_cat","embeddable":true,"href":"https:\/\/haremerotikshop.com\/site\/wp-json\/wp\/v2\/product_cat?post=19104"},{"taxonomy":"product_tag","embeddable":true,"href":"https:\/\/haremerotikshop.com\/site\/wp-json\/wp\/v2\/product_tag?post=19104"}],"curies":[{"name":"wp","href":"https:\/\/api.w.org\/{rel}","templated":true}]}}