{"id":19127,"date":"2025-03-17T12:28:11","date_gmt":"2025-03-17T09:28:11","guid":{"rendered":"https:\/\/haremerotikshop.com\/site\/?post_type=product&#038;p=19127"},"modified":"2026-01-26T16:19:10","modified_gmt":"2026-01-26T13:19:10","slug":"cift-motorlu-modern-rabbit-vibrator-mor","status":"publish","type":"product","link":"https:\/\/haremerotikshop.com\/site\/erotik-shop-urun\/cift-motorlu-modern-rabbit-vibrator-mor\/","title":{"rendered":"\u00c7ift Motorlu Modern Rabbit Vibrator Mor"},"content":{"rendered":"<h3 data-start=\"0\" data-end=\"81\"><strong data-start=\"4\" data-end=\"81\">\u00c7ift Motorlu Modern Rabbit Vibrat\u00f6r: Teknoloji ve Konforun M\u00fckemmel Uyumu<\/strong><\/h3>\n<p data-start=\"83\" data-end=\"460\"><strong data-start=\"83\" data-end=\"122\">\u00c7ift Motorlu Modern Rabbit Vibrat\u00f6r<\/strong>, en son teknolojiyle tasarlanm\u0131\u015f bir \u00fcr\u00fcnd\u00fcr ve size <strong data-start=\"176\" data-end=\"196\">ger\u00e7ek\u00e7i bir his<\/strong> ile <strong data-start=\"201\" data-end=\"226\">benzersiz bir deneyim<\/strong> sunmak i\u00e7in geli\u015ftirilmi\u015ftir. Yenilik\u00e7i \u00f6zellikleri, g\u00fc\u00e7l\u00fc performans\u0131 ve \u015f\u0131k tasar\u0131m\u0131yla fark yaratan bu vibrat\u00f6r, \u00f6zel anlar\u0131n\u0131za \u00f6zel bir dokunu\u015f katar. <strong data-start=\"383\" data-end=\"398\">Pembe Tilki<\/strong> g\u00fcvencesiyle, kaliteyi ve teknolojiyi bir arada deneyimleyin.<\/p>\n<hr data-start=\"462\" data-end=\"465\" \/>\n<h3 data-start=\"467\" data-end=\"496\"><strong data-start=\"471\" data-end=\"496\">\u00d6ne \u00c7\u0131kan \u00d6zellikler:<\/strong><\/h3>\n<h4 data-start=\"498\" data-end=\"526\">\u2714 <strong data-start=\"505\" data-end=\"526\">10 Titre\u015fim Modu:<\/strong><\/h4>\n<ul data-start=\"527\" data-end=\"754\">\n<li data-start=\"527\" data-end=\"754\"><strong data-start=\"529\" data-end=\"572\">Farkl\u0131 yo\u011funluklardaki 10 titre\u015fim modu<\/strong>, ki\u015fisel tercihleriniz do\u011frultusunda \u00f6zelle\u015ftirilmi\u015f bir deneyim sunar. \u0130ster rahatlat\u0131c\u0131, ister uyar\u0131c\u0131 bir deneyim aray\u0131n, <strong data-start=\"698\" data-end=\"724\">Modern Rabbit Vibrat\u00f6r<\/strong> her ihtiyac\u0131n\u0131za cevap verir.<\/li>\n<\/ul>\n<h4 data-start=\"756\" data-end=\"801\">\u2714 <strong data-start=\"763\" data-end=\"801\">40 Dereceye Kadar Is\u0131tma \u00d6zelli\u011fi:<\/strong><\/h4>\n<ul data-start=\"802\" data-end=\"995\">\n<li data-start=\"802\" data-end=\"995\"><strong data-start=\"804\" data-end=\"825\">Is\u0131tma fonksiyonu<\/strong>, 40 dereceye kadar \u0131s\u0131narak daha ger\u00e7ek\u00e7i bir his sa\u011flar. Rahatlat\u0131c\u0131 s\u0131cakl\u0131k hissi ile <strong data-start=\"915\" data-end=\"938\">keyifli bir deneyim<\/strong> sunar, bu da kullan\u0131m\u0131 daha do\u011fal ve tatmin edici k\u0131lar.<\/li>\n<\/ul>\n<h4 data-start=\"997\" data-end=\"1029\">\u2714 <strong data-start=\"1004\" data-end=\"1029\">\u00c7ift Motorlu Tasar\u0131m:<\/strong><\/h4>\n<ul data-start=\"1030\" data-end=\"1258\">\n<li data-start=\"1030\" data-end=\"1258\"><strong data-start=\"1032\" data-end=\"1053\">\u00c7ift motorlu yap\u0131<\/strong>, <strong data-start=\"1055\" data-end=\"1092\">e\u015f zamanl\u0131 veya ba\u011f\u0131ms\u0131z titre\u015fim<\/strong> sunarak her iki b\u00f6lgeden gelen titre\u015fimlerle daha yo\u011fun ve etkile\u015fimli bir deneyim yarat\u0131r. Bu sayede, <strong data-start=\"1196\" data-end=\"1223\">t\u00fcm v\u00fccudunuzu uyararak<\/strong> daha g\u00fc\u00e7l\u00fc bir zevk alabilirsiniz.<\/li>\n<\/ul>\n<h4 data-start=\"1260\" data-end=\"1291\">\u2714 <strong data-start=\"1267\" data-end=\"1291\">Su Ge\u00e7irmez Tasar\u0131m:<\/strong><\/h4>\n<ul data-start=\"1292\" data-end=\"1459\">\n<li data-start=\"1292\" data-end=\"1459\"><strong data-start=\"1294\" data-end=\"1329\">IPX7 su ge\u00e7irmezlik sertifikas\u0131<\/strong> ile <strong data-start=\"1334\" data-end=\"1343\">du\u015fta<\/strong> veya <strong data-start=\"1349\" data-end=\"1360\">banyoda<\/strong> g\u00fcvenle kullanabilirsiniz. Su ge\u00e7irmez \u00f6zelli\u011fi sayesinde, temizlik i\u015flemi de son derece kolayd\u0131r.<\/li>\n<\/ul>\n<h4 data-start=\"1461\" data-end=\"1495\">\u2714 <strong data-start=\"1468\" data-end=\"1495\">Manyetik \u015earj \u00d6zelli\u011fi:<\/strong><\/h4>\n<ul data-start=\"1496\" data-end=\"1670\">\n<li data-start=\"1496\" data-end=\"1670\"><strong data-start=\"1498\" data-end=\"1515\">Manyetik \u015farj<\/strong> ile pratik ve kolay bir \u015fekilde \u015farj edebilirsiniz. H\u0131zl\u0131 \u015farj \u00f6zelli\u011fi sayesinde, daha fazla beklemeye gerek kalmadan hemen kullanmaya ba\u015flayabilirsiniz.<\/li>\n<\/ul>\n<h4 data-start=\"1672\" data-end=\"1706\">\u2714 <strong data-start=\"1679\" data-end=\"1706\">Uzun S\u00fcreli Performans:<\/strong><\/h4>\n<ul data-start=\"1707\" data-end=\"1888\">\n<li data-start=\"1707\" data-end=\"1888\"><strong data-start=\"1709\" data-end=\"1727\">2 saatlik \u015farj<\/strong> ile <strong data-start=\"1732\" data-end=\"1765\">60 dakika kesintisiz kullan\u0131m<\/strong> sunar. Bu, uzun s\u00fcreli keyifli kullan\u0131m i\u00e7in ideal bir \u00f6zelliktir. <strong data-start=\"1833\" data-end=\"1880\">Yo\u011fun kullan\u0131mda bile kesintisiz performans<\/strong> sa\u011flar.<\/li>\n<\/ul>\n<h4 data-start=\"1890\" data-end=\"1919\">\u2714 <strong data-start=\"1897\" data-end=\"1919\">Ergonomik Tasar\u0131m:<\/strong><\/h4>\n<ul data-start=\"1920\" data-end=\"2124\">\n<li data-start=\"1920\" data-end=\"2124\"><strong data-start=\"1922\" data-end=\"1941\">19,1 cm uzunluk<\/strong> ve <strong data-start=\"1945\" data-end=\"1964\">3,9 cm kal\u0131nl\u0131k<\/strong>, kolay tutu\u015f ve <strong data-start=\"1981\" data-end=\"2003\">ergonomik kullan\u0131m<\/strong> i\u00e7in \u00f6zel olarak tasarlanm\u0131\u015ft\u0131r. <strong data-start=\"2037\" data-end=\"2078\">9,3 cm geni\u015fli\u011findeki kavrama b\u00f6lgesi<\/strong> ile rahat ve konforlu bir deneyim ya\u015fars\u0131n\u0131z.<\/li>\n<\/ul>\n<h4 data-start=\"2126\" data-end=\"2155\">\u2714 <strong data-start=\"2133\" data-end=\"2155\">Ger\u00e7ek\u00e7i Hissiyat:<\/strong><\/h4>\n<ul data-start=\"2156\" data-end=\"2337\">\n<li data-start=\"2156\" data-end=\"2337\"><strong data-start=\"2158\" data-end=\"2176\">Yumu\u015fak dokulu<\/strong> ve <strong data-start=\"2180\" data-end=\"2202\">cilt dostu malzeme<\/strong>, v\u00fccuda uyum sa\u011flar ve do\u011fal, <strong data-start=\"2233\" data-end=\"2253\">ger\u00e7ek\u00e7i bir his<\/strong> yarat\u0131r. Bu, her kullan\u0131mda <strong data-start=\"2282\" data-end=\"2303\">maksimum rahatl\u0131k<\/strong> ve <strong data-start=\"2307\" data-end=\"2320\">ger\u00e7eklik<\/strong> hissiyat\u0131 sunar.<\/li>\n<\/ul>\n<hr data-start=\"2339\" data-end=\"2342\" \/>\n<h3 data-start=\"2344\" data-end=\"2394\"><strong data-start=\"2348\" data-end=\"2394\">Neden \u00c7ift Motorlu Modern Rabbit Vibrat\u00f6r?<\/strong><\/h3>\n<ul data-start=\"2396\" data-end=\"3162\">\n<li data-start=\"2396\" data-end=\"2577\"><strong data-start=\"2398\" data-end=\"2431\">Yenilik\u00e7i ve \u0130leri Teknoloji:<\/strong> \u00c7ift motorlu yap\u0131 ve \u0131s\u0131tma fonksiyonu, bu \u00fcr\u00fcn\u00fc s\u0131radan vibrat\u00f6rlerden ay\u0131ran \u00f6nemli \u00f6zelliklerdir. Ger\u00e7ek\u00e7i ve <strong data-start=\"2545\" data-end=\"2570\">\u00e7ok y\u00f6nl\u00fc bir deneyim<\/strong> sunar.<\/li>\n<li data-start=\"2578\" data-end=\"2745\"><strong data-start=\"2580\" data-end=\"2608\">\u00c7ift Motorlu Performans:<\/strong> \u0130ki motor, her iki b\u00f6lgeden gelen titre\u015fimlerle daha g\u00fc\u00e7l\u00fc ve yo\u011fun bir uyar\u0131m sa\u011flar. Bu sayede, zevkinizi iki kat\u0131na \u00e7\u0131karabilirsiniz.<\/li>\n<li data-start=\"2746\" data-end=\"2879\"><strong data-start=\"2748\" data-end=\"2772\">Su Ge\u00e7irmez \u00d6zellik:<\/strong> Banyo veya du\u015f s\u0131ras\u0131nda da g\u00fcvenle kullanabilece\u011finiz su ge\u00e7irmez tasar\u0131m\u0131, \u00fcr\u00fcn\u00fc daha fonksiyonel k\u0131lar.<\/li>\n<li data-start=\"2880\" data-end=\"3041\"><strong data-start=\"2882\" data-end=\"2901\">Ergonomik Yap\u0131:<\/strong> Tasar\u0131m\u0131ndaki ergonomik detaylar, uzun s\u00fcreli kullan\u0131mlar i\u00e7in rahatl\u0131k sa\u011flar. <strong data-start=\"2982\" data-end=\"3001\">Kavrama b\u00f6lgesi<\/strong> \u00f6zel olarak tasarlanm\u0131\u015f ve konforludur.<\/li>\n<li data-start=\"3042\" data-end=\"3162\"><strong data-start=\"3044\" data-end=\"3065\">Kaliteli Malzeme:<\/strong> <strong data-start=\"3066\" data-end=\"3107\">Yumu\u015fak silikon ve cilt dostu malzeme<\/strong>, konforlu bir kullan\u0131m ve g\u00fcvenli bir deneyim sa\u011flar.<\/li>\n<\/ul>\n<hr data-start=\"3164\" data-end=\"3167\" \/>\n<h3 data-start=\"3169\" data-end=\"3183\"><strong data-start=\"3173\" data-end=\"3183\">Sonu\u00e7:<\/strong><\/h3>\n<p data-start=\"3185\" data-end=\"3528\"><strong data-start=\"3185\" data-end=\"3224\">\u00c7ift Motorlu Modern Rabbit Vibrat\u00f6r<\/strong>, yenilik\u00e7i \u00f6zellikleri ve kaliteli yap\u0131s\u0131 ile <strong data-start=\"3271\" data-end=\"3301\">her seviyedeki kullan\u0131c\u0131ya<\/strong> hitap eder. <strong data-start=\"3314\" data-end=\"3335\">Is\u0131tma fonksiyonu<\/strong>, <strong data-start=\"3337\" data-end=\"3362\">\u00e7ift motorlu titre\u015fim<\/strong> ve <strong data-start=\"3366\" data-end=\"3390\">su ge\u00e7irmez tasar\u0131m\u0131<\/strong>, onu <strong data-start=\"3396\" data-end=\"3415\">farkl\u0131 ve e\u015fsiz<\/strong> k\u0131lar. <strong data-start=\"3423\" data-end=\"3438\">Pembe Tilki<\/strong>\u2019nin tasar\u0131m ve teknoloji harikas\u0131 bu \u00fcr\u00fcn\u00fc ile <strong data-start=\"3486\" data-end=\"3518\">keyifli ve rahatlat\u0131c\u0131 anlar<\/strong> ya\u015fay\u0131n.<\/p>\n<p data-start=\"3530\" data-end=\"3707\" data-is-last-node=\"\" data-is-only-node=\"\">\u015eimdi, <strong data-start=\"3537\" data-end=\"3573\">kaliteyi, teknolojiyi ve konforu<\/strong> bir arada ke\u015ffedin. <strong data-start=\"3594\" data-end=\"3633\">\u00c7ift Motorlu Modern Rabbit Vibrat\u00f6r<\/strong>, cinsel ya\u015fam\u0131n\u0131za <strong data-start=\"3653\" data-end=\"3675\">yenilik ve heyecan<\/strong> katmak i\u00e7in m\u00fckemmel bir se\u00e7im!<\/p>\n","protected":false},"excerpt":{"rendered":"<p><strong data-start=\"83\" data-end=\"122\">\u00c7ift Motorlu Modern Rabbit Vibrat\u00f6r<\/strong>, en son teknolojiyle tasarlanm\u0131\u015f bir \u00fcr\u00fcnd\u00fcr ve size <strong data-start=\"176\" data-end=\"196\">ger\u00e7ek\u00e7i bir his<\/strong> ile <strong data-start=\"201\" data-end=\"226\">benzersiz bir deneyim<\/strong> sunmak i\u00e7in geli\u015ftirilmi\u015ftir. Yenilik\u00e7i \u00f6zellikleri, g\u00fc\u00e7l\u00fc performans\u0131 ve \u015f\u0131k tasar\u0131m\u0131yla fark yaratan bu vibrat\u00f6r, \u00f6zel anlar\u0131n\u0131za \u00f6zel bir dokunu\u015f katar. <strong data-start=\"383\" data-end=\"398\">Pembe Tilki<\/strong> g\u00fcvencesiyle, kaliteyi ve teknolojiyi bir arada deneyimleyin.<\/p>\n","protected":false},"featured_media":19195,"comment_status":"open","ping_status":"closed","template":"","meta":[],"product_brand":[127],"product_cat":[85],"product_tag":[280],"class_list":{"0":"post-19127","1":"product","2":"type-product","3":"status-publish","4":"has-post-thumbnail","6":"product_brand-pembe-tilki","7":"product_cat-modern-vibrator","8":"product_tag-cift-motorlu-modern-rabbit-vibrator-mor","10":"first","11":"instock","12":"taxable","13":"shipping-taxable","14":"purchasable","15":"product-type-simple"},"yoast_head":"<!-- This site is optimized with the Yoast SEO Premium plugin v24.4 (Yoast SEO v27.1.1) - https:\/\/yoast.com\/product\/yoast-seo-premium-wordpress\/ -->\n<title>\u00c7ift Motorlu Modern Rabbit Vibrator Mor - Bursa Erotik Shop<\/title>\n<meta name=\"robots\" content=\"index, follow, max-snippet:-1, max-image-preview:large, max-video-preview:-1\" \/>\n<link rel=\"canonical\" href=\"https:\/\/hobierotikshop.com.tr\/website1\/erotik-shop-urun\/cift-motorlu-modern-rabbit-vibrator-mor\/\" \/>\n<meta property=\"og:locale\" content=\"tr_TR\" \/>\n<meta property=\"og:type\" content=\"article\" \/>\n<meta property=\"og:title\" content=\"\u00c7ift Motorlu Modern Rabbit Vibrator Mor\" \/>\n<meta property=\"og:description\" content=\"\u00c7ift Motorlu Modern Rabbit Vibrat\u00f6r, en son teknolojiyle tasarlanm\u0131\u015f bir \u00fcr\u00fcnd\u00fcr ve size ger\u00e7ek\u00e7i bir his ile benzersiz bir deneyim sunmak i\u00e7in geli\u015ftirilmi\u015ftir. Yenilik\u00e7i \u00f6zellikleri, g\u00fc\u00e7l\u00fc performans\u0131 ve \u015f\u0131k tasar\u0131m\u0131yla fark yaratan bu vibrat\u00f6r, \u00f6zel anlar\u0131n\u0131za \u00f6zel bir dokunu\u015f katar. Pembe Tilki g\u00fcvencesiyle, kaliteyi ve teknolojiyi bir arada deneyimleyin.\" \/>\n<meta property=\"og:url\" content=\"https:\/\/hobierotikshop.com.tr\/website1\/erotik-shop-urun\/cift-motorlu-modern-rabbit-vibrator-mor\/\" \/>\n<meta property=\"og:site_name\" content=\"Bursa Erotik Shop\" \/>\n<meta property=\"article:modified_time\" content=\"2026-01-26T13:19:10+00:00\" \/>\n<meta property=\"og:image\" content=\"https:\/\/hobierotikshop.com.tr\/website1\/wp-content\/uploads\/2025\/03\/cift-motorlu-modern-rabbit-vibrator-mor-1942.jpg\" \/>\n\t<meta property=\"og:image:width\" content=\"1500\" \/>\n\t<meta property=\"og:image:height\" content=\"1500\" \/>\n\t<meta property=\"og:image:type\" content=\"image\/jpeg\" \/>\n<meta name=\"twitter:card\" content=\"summary_large_image\" \/>\n<meta name=\"twitter:site\" content=\"@shopbursa\" \/>\n<meta name=\"twitter:label1\" content=\"Fiyat\" \/>\n\t<meta name=\"twitter:data1\" content=\"&#8378;3.000,00 KDV DAH\u0130L\" \/>\n\t<meta name=\"twitter:label2\" content=\"Availability\" \/>\n\t<meta name=\"twitter:data2\" content=\"In stock\" \/>\n<script type=\"application\/ld+json\" class=\"yoast-schema-graph\">{\"@context\":\"https:\/\/schema.org\",\"@graph\":[{\"@type\":\"WebPage\",\"@id\":\"https:\/\/hobierotikshop.com.tr\/website1\/erotik-shop-urun\/cift-motorlu-modern-rabbit-vibrator-mor\/\",\"url\":\"https:\/\/hobierotikshop.com.tr\/website1\/erotik-shop-urun\/cift-motorlu-modern-rabbit-vibrator-mor\/\",\"name\":\"\u00c7ift Motorlu Modern Rabbit Vibrator Mor - Bursa Erotik Shop\",\"isPartOf\":{\"@id\":\"https:\/\/hobierotikshop.com.tr\/website1\/#website\"},\"primaryImageOfPage\":{\"@id\":\"https:\/\/hobierotikshop.com.tr\/website1\/erotik-shop-urun\/cift-motorlu-modern-rabbit-vibrator-mor\/#primaryimage\"},\"image\":{\"@id\":\"https:\/\/hobierotikshop.com.tr\/website1\/erotik-shop-urun\/cift-motorlu-modern-rabbit-vibrator-mor\/#primaryimage\"},\"thumbnailUrl\":\"https:\/\/haremerotikshop.com\/site\/wp-content\/uploads\/2025\/03\/cift-motorlu-modern-rabbit-vibrator-mor-1942.jpg\",\"datePublished\":\"2025-03-17T09:28:11+00:00\",\"dateModified\":\"2026-01-26T13:19:10+00:00\",\"breadcrumb\":{\"@id\":\"https:\/\/hobierotikshop.com.tr\/website1\/erotik-shop-urun\/cift-motorlu-modern-rabbit-vibrator-mor\/#breadcrumb\"},\"inLanguage\":\"tr\",\"potentialAction\":[{\"@type\":\"ReadAction\",\"target\":[\"https:\/\/hobierotikshop.com.tr\/website1\/erotik-shop-urun\/cift-motorlu-modern-rabbit-vibrator-mor\/\"]}]},{\"@type\":\"ImageObject\",\"inLanguage\":\"tr\",\"@id\":\"https:\/\/hobierotikshop.com.tr\/website1\/erotik-shop-urun\/cift-motorlu-modern-rabbit-vibrator-mor\/#primaryimage\",\"url\":\"https:\/\/haremerotikshop.com\/site\/wp-content\/uploads\/2025\/03\/cift-motorlu-modern-rabbit-vibrator-mor-1942.jpg\",\"contentUrl\":\"https:\/\/haremerotikshop.com\/site\/wp-content\/uploads\/2025\/03\/cift-motorlu-modern-rabbit-vibrator-mor-1942.jpg\",\"width\":1500,\"height\":1500},{\"@type\":\"BreadcrumbList\",\"@id\":\"https:\/\/hobierotikshop.com.tr\/website1\/erotik-shop-urun\/cift-motorlu-modern-rabbit-vibrator-mor\/#breadcrumb\",\"itemListElement\":[{\"@type\":\"ListItem\",\"position\":1,\"name\":\"Anasayfa\",\"item\":\"https:\/\/hobierotikshop.com.tr\/website1\/\"},{\"@type\":\"ListItem\",\"position\":2,\"name\":\"Erotik Shop \u00dcr\u00fcnleri\",\"item\":\"https:\/\/hobierotikshop.com.tr\/website1\/shop\/\"},{\"@type\":\"ListItem\",\"position\":3,\"name\":\"\u00c7ift Motorlu Modern Rabbit Vibrator Mor\"}]},{\"@type\":\"WebSite\",\"@id\":\"https:\/\/hobierotikshop.com.tr\/website1\/#website\",\"url\":\"https:\/\/hobierotikshop.com.tr\/website1\/\",\"name\":\"Bursa Erotik Shop\",\"description\":\"Bursa Erotik Shop ile g\u00fcvenli, gizli ve kaliteli yeti\u015fkin \u00fcr\u00fcnleri al\u0131\u015fveri\u015fi! Geni\u015f \u00fcr\u00fcn yelpazemizi ke\u015ffedin, hemen sipari\u015f verin\",\"publisher\":{\"@id\":\"https:\/\/hobierotikshop.com.tr\/website1\/#organization\"},\"alternateName\":\"Erotik Shop\",\"potentialAction\":[{\"@type\":\"SearchAction\",\"target\":{\"@type\":\"EntryPoint\",\"urlTemplate\":\"https:\/\/hobierotikshop.com.tr\/website1\/?s={search_term_string}\"},\"query-input\":{\"@type\":\"PropertyValueSpecification\",\"valueRequired\":true,\"valueName\":\"search_term_string\"}}],\"inLanguage\":\"tr\"},{\"@type\":\"Organization\",\"@id\":\"https:\/\/hobierotikshop.com.tr\/website1\/#organization\",\"name\":\"Harem Bursa Erotik Shop\",\"url\":\"https:\/\/hobierotikshop.com.tr\/website1\/\",\"logo\":{\"@type\":\"ImageObject\",\"inLanguage\":\"tr\",\"@id\":\"https:\/\/hobierotikshop.com.tr\/website1\/#\/schema\/logo\/image\/\",\"url\":\"https:\/\/haremerotikshop.com\/site\/wp-content\/uploads\/2025\/03\/haremsexshop.png\",\"contentUrl\":\"https:\/\/haremerotikshop.com\/site\/wp-content\/uploads\/2025\/03\/haremsexshop.png\",\"width\":400,\"height\":100,\"caption\":\"Harem Bursa Erotik Shop\"},\"image\":{\"@id\":\"https:\/\/hobierotikshop.com.tr\/website1\/#\/schema\/logo\/image\/\"},\"sameAs\":[\"https:\/\/x.com\/shopbursa\"],\"publishingPrinciples\":\"https:\/\/hobierotikshop.com.tr\/website1\/mesafeli-satis-sozlesmesi\/\",\"ownershipFundingInfo\":\"https:\/\/hobierotikshop.com.tr\/website1\/contact-us\/\",\"actionableFeedbackPolicy\":\"https:\/\/hobierotikshop.com.tr\/website1\/contact-us\/\",\"correctionsPolicy\":\"https:\/\/hobierotikshop.com.tr\/website1\/mesafeli-satis-sozlesmesi\/\"}]}<\/script>\n<meta property=\"product:brand\" content=\"Pembe Tilki\" \/>\n<meta property=\"product:price:amount\" content=\"3000.00\" \/>\n<meta property=\"product:price:currency\" content=\"TRY\" \/>\n<meta property=\"og:availability\" content=\"instock\" \/>\n<meta property=\"product:availability\" content=\"instock\" \/>\n<meta property=\"product:retailer_item_id\" content=\"PT-DVXA150PRP\" \/>\n<meta property=\"product:condition\" content=\"new\" \/>\n<!-- \/ Yoast SEO Premium plugin. -->","yoast_head_json":{"title":"\u00c7ift Motorlu Modern Rabbit Vibrator Mor - Bursa Erotik Shop","robots":{"index":"index","follow":"follow","max-snippet":"max-snippet:-1","max-image-preview":"max-image-preview:large","max-video-preview":"max-video-preview:-1"},"canonical":"https:\/\/hobierotikshop.com.tr\/website1\/erotik-shop-urun\/cift-motorlu-modern-rabbit-vibrator-mor\/","og_locale":"tr_TR","og_type":"article","og_title":"\u00c7ift Motorlu Modern Rabbit Vibrator Mor","og_description":"\u00c7ift Motorlu Modern Rabbit Vibrat\u00f6r, en son teknolojiyle tasarlanm\u0131\u015f bir \u00fcr\u00fcnd\u00fcr ve size ger\u00e7ek\u00e7i bir his ile benzersiz bir deneyim sunmak i\u00e7in geli\u015ftirilmi\u015ftir. Yenilik\u00e7i \u00f6zellikleri, g\u00fc\u00e7l\u00fc performans\u0131 ve \u015f\u0131k tasar\u0131m\u0131yla fark yaratan bu vibrat\u00f6r, \u00f6zel anlar\u0131n\u0131za \u00f6zel bir dokunu\u015f katar. Pembe Tilki g\u00fcvencesiyle, kaliteyi ve teknolojiyi bir arada deneyimleyin.","og_url":"https:\/\/hobierotikshop.com.tr\/website1\/erotik-shop-urun\/cift-motorlu-modern-rabbit-vibrator-mor\/","og_site_name":"Bursa Erotik Shop","article_modified_time":"2026-01-26T13:19:10+00:00","og_image":[{"width":1500,"height":1500,"url":"https:\/\/hobierotikshop.com.tr\/website1\/wp-content\/uploads\/2025\/03\/cift-motorlu-modern-rabbit-vibrator-mor-1942.jpg","type":"image\/jpeg"}],"twitter_card":"summary_large_image","twitter_site":"@shopbursa","twitter_misc":{"Fiyat":"&#8378;3.000,00 KDV DAH\u0130L","Availability":"In stock"},"schema":{"@context":"https:\/\/schema.org","@graph":[{"@type":"WebPage","@id":"https:\/\/hobierotikshop.com.tr\/website1\/erotik-shop-urun\/cift-motorlu-modern-rabbit-vibrator-mor\/","url":"https:\/\/hobierotikshop.com.tr\/website1\/erotik-shop-urun\/cift-motorlu-modern-rabbit-vibrator-mor\/","name":"\u00c7ift Motorlu Modern Rabbit Vibrator Mor - Bursa Erotik Shop","isPartOf":{"@id":"https:\/\/hobierotikshop.com.tr\/website1\/#website"},"primaryImageOfPage":{"@id":"https:\/\/hobierotikshop.com.tr\/website1\/erotik-shop-urun\/cift-motorlu-modern-rabbit-vibrator-mor\/#primaryimage"},"image":{"@id":"https:\/\/hobierotikshop.com.tr\/website1\/erotik-shop-urun\/cift-motorlu-modern-rabbit-vibrator-mor\/#primaryimage"},"thumbnailUrl":"https:\/\/haremerotikshop.com\/site\/wp-content\/uploads\/2025\/03\/cift-motorlu-modern-rabbit-vibrator-mor-1942.jpg","datePublished":"2025-03-17T09:28:11+00:00","dateModified":"2026-01-26T13:19:10+00:00","breadcrumb":{"@id":"https:\/\/hobierotikshop.com.tr\/website1\/erotik-shop-urun\/cift-motorlu-modern-rabbit-vibrator-mor\/#breadcrumb"},"inLanguage":"tr","potentialAction":[{"@type":"ReadAction","target":["https:\/\/hobierotikshop.com.tr\/website1\/erotik-shop-urun\/cift-motorlu-modern-rabbit-vibrator-mor\/"]}]},{"@type":"ImageObject","inLanguage":"tr","@id":"https:\/\/hobierotikshop.com.tr\/website1\/erotik-shop-urun\/cift-motorlu-modern-rabbit-vibrator-mor\/#primaryimage","url":"https:\/\/haremerotikshop.com\/site\/wp-content\/uploads\/2025\/03\/cift-motorlu-modern-rabbit-vibrator-mor-1942.jpg","contentUrl":"https:\/\/haremerotikshop.com\/site\/wp-content\/uploads\/2025\/03\/cift-motorlu-modern-rabbit-vibrator-mor-1942.jpg","width":1500,"height":1500},{"@type":"BreadcrumbList","@id":"https:\/\/hobierotikshop.com.tr\/website1\/erotik-shop-urun\/cift-motorlu-modern-rabbit-vibrator-mor\/#breadcrumb","itemListElement":[{"@type":"ListItem","position":1,"name":"Anasayfa","item":"https:\/\/hobierotikshop.com.tr\/website1\/"},{"@type":"ListItem","position":2,"name":"Erotik Shop \u00dcr\u00fcnleri","item":"https:\/\/hobierotikshop.com.tr\/website1\/shop\/"},{"@type":"ListItem","position":3,"name":"\u00c7ift Motorlu Modern Rabbit Vibrator Mor"}]},{"@type":"WebSite","@id":"https:\/\/hobierotikshop.com.tr\/website1\/#website","url":"https:\/\/hobierotikshop.com.tr\/website1\/","name":"Bursa Erotik Shop","description":"Bursa Erotik Shop ile g\u00fcvenli, gizli ve kaliteli yeti\u015fkin \u00fcr\u00fcnleri al\u0131\u015fveri\u015fi! Geni\u015f \u00fcr\u00fcn yelpazemizi ke\u015ffedin, hemen sipari\u015f verin","publisher":{"@id":"https:\/\/hobierotikshop.com.tr\/website1\/#organization"},"alternateName":"Erotik Shop","potentialAction":[{"@type":"SearchAction","target":{"@type":"EntryPoint","urlTemplate":"https:\/\/hobierotikshop.com.tr\/website1\/?s={search_term_string}"},"query-input":{"@type":"PropertyValueSpecification","valueRequired":true,"valueName":"search_term_string"}}],"inLanguage":"tr"},{"@type":"Organization","@id":"https:\/\/hobierotikshop.com.tr\/website1\/#organization","name":"Harem Bursa Erotik Shop","url":"https:\/\/hobierotikshop.com.tr\/website1\/","logo":{"@type":"ImageObject","inLanguage":"tr","@id":"https:\/\/hobierotikshop.com.tr\/website1\/#\/schema\/logo\/image\/","url":"https:\/\/haremerotikshop.com\/site\/wp-content\/uploads\/2025\/03\/haremsexshop.png","contentUrl":"https:\/\/haremerotikshop.com\/site\/wp-content\/uploads\/2025\/03\/haremsexshop.png","width":400,"height":100,"caption":"Harem Bursa Erotik Shop"},"image":{"@id":"https:\/\/hobierotikshop.com.tr\/website1\/#\/schema\/logo\/image\/"},"sameAs":["https:\/\/x.com\/shopbursa"],"publishingPrinciples":"https:\/\/hobierotikshop.com.tr\/website1\/mesafeli-satis-sozlesmesi\/","ownershipFundingInfo":"https:\/\/hobierotikshop.com.tr\/website1\/contact-us\/","actionableFeedbackPolicy":"https:\/\/hobierotikshop.com.tr\/website1\/contact-us\/","correctionsPolicy":"https:\/\/hobierotikshop.com.tr\/website1\/mesafeli-satis-sozlesmesi\/"}]},"product_brand":"Pembe Tilki","product_price_amount":"3000.00","product_price_currency":"TRY","og_availability":"instock","product_availability":"instock","product_retailer_item_id":"PT-DVXA150PRP","product_condition":"new"},"_links":{"self":[{"href":"https:\/\/haremerotikshop.com\/site\/wp-json\/wp\/v2\/product\/19127","targetHints":{"allow":["GET"]}}],"collection":[{"href":"https:\/\/haremerotikshop.com\/site\/wp-json\/wp\/v2\/product"}],"about":[{"href":"https:\/\/haremerotikshop.com\/site\/wp-json\/wp\/v2\/types\/product"}],"replies":[{"embeddable":true,"href":"https:\/\/haremerotikshop.com\/site\/wp-json\/wp\/v2\/comments?post=19127"}],"version-history":[{"count":0,"href":"https:\/\/haremerotikshop.com\/site\/wp-json\/wp\/v2\/product\/19127\/revisions"}],"wp:featuredmedia":[{"embeddable":true,"href":"https:\/\/haremerotikshop.com\/site\/wp-json\/wp\/v2\/media\/19195"}],"wp:attachment":[{"href":"https:\/\/haremerotikshop.com\/site\/wp-json\/wp\/v2\/media?parent=19127"}],"wp:term":[{"taxonomy":"product_brand","embeddable":true,"href":"https:\/\/haremerotikshop.com\/site\/wp-json\/wp\/v2\/product_brand?post=19127"},{"taxonomy":"product_cat","embeddable":true,"href":"https:\/\/haremerotikshop.com\/site\/wp-json\/wp\/v2\/product_cat?post=19127"},{"taxonomy":"product_tag","embeddable":true,"href":"https:\/\/haremerotikshop.com\/site\/wp-json\/wp\/v2\/product_tag?post=19127"}],"curies":[{"name":"wp","href":"https:\/\/api.w.org\/{rel}","templated":true}]}}