{"id":19129,"date":"2025-03-17T12:28:11","date_gmt":"2025-03-17T09:28:11","guid":{"rendered":"https:\/\/haremerotikshop.com\/site\/?post_type=product&#038;p=19129"},"modified":"2026-01-26T16:19:56","modified_gmt":"2026-01-26T13:19:56","slug":"modern-3-modlu-rabbit-vibrator-kirmizi","status":"publish","type":"product","link":"https:\/\/haremerotikshop.com\/site\/erotik-shop-urun\/modern-3-modlu-rabbit-vibrator-kirmizi\/","title":{"rendered":"Modern 3 Modlu Rabbit Vibrator K\u0131rm\u0131z\u0131"},"content":{"rendered":"<h3 data-start=\"0\" data-end=\"82\"><strong data-start=\"4\" data-end=\"82\">Modern 3 Modlu Rabbit Vibrat\u00f6r: Estetik ve Performans\u0131n M\u00fckemmel Birle\u015fimi<\/strong><\/h3>\n<p data-start=\"84\" data-end=\"516\"><strong data-start=\"84\" data-end=\"118\">Modern 3 Modlu Rabbit Vibrat\u00f6r<\/strong>, kullan\u0131c\u0131 deneyimini tamamen yeniden tan\u0131mlayan, \u015f\u0131kl\u0131\u011f\u0131 ve i\u015flevselli\u011fi bir araya getiren e\u015fsiz bir \u00fcr\u00fcnd\u00fcr. <strong data-start=\"230\" data-end=\"245\">Pembe Tilki<\/strong> g\u00fcvencesiyle sunulan bu vibrat\u00f6r, <strong data-start=\"280\" data-end=\"302\">ergonomik tasar\u0131m\u0131<\/strong>, <strong data-start=\"304\" data-end=\"327\">\u00e7ok i\u015flevli modlar\u0131<\/strong> ve <strong data-start=\"331\" data-end=\"352\">y\u00fcksek performans<\/strong> \u00f6zellikleri ile size benzersiz bir deneyim sunar. Dalgal\u0131 tasar\u0131m\u0131 ve \u00f6zel olarak geli\u015ftirilmi\u015f ok\u015fama modlar\u0131 ile her seferinde farkl\u0131 bir keyif alman\u0131z\u0131 sa\u011flar.<\/p>\n<hr data-start=\"518\" data-end=\"521\" \/>\n<h3 data-start=\"523\" data-end=\"552\"><strong data-start=\"527\" data-end=\"552\">\u00d6ne \u00c7\u0131kan \u00d6zellikler:<\/strong><\/h3>\n<h4 data-start=\"554\" data-end=\"592\">\u2714 <strong data-start=\"561\" data-end=\"592\">U\u00e7 K\u0131s\u0131mda Dalgal\u0131 Tasar\u0131m:<\/strong><\/h4>\n<ul data-start=\"593\" data-end=\"721\">\n<li data-start=\"593\" data-end=\"721\"><strong data-start=\"595\" data-end=\"611\">Dalgal\u0131 yap\u0131<\/strong>, do\u011fall\u0131\u011f\u0131 art\u0131rarak ekstra uyar\u0131m sa\u011flar. V\u00fccudunuzu tam anlam\u0131yla hissederek, rahatlat\u0131c\u0131 bir etki yarat\u0131r.<\/li>\n<\/ul>\n<h4 data-start=\"723\" data-end=\"752\">\u2714 <strong data-start=\"730\" data-end=\"752\">H\u0131zl\u0131 Ok\u015fama Modu:<\/strong><\/h4>\n<ul data-start=\"753\" data-end=\"916\">\n<li data-start=\"753\" data-end=\"916\"><strong data-start=\"755\" data-end=\"781\">H\u0131zl\u0131 ve yo\u011fun bir his<\/strong> arayanlar i\u00e7in \u00f6zel olarak tasarlanm\u0131\u015f <strong data-start=\"821\" data-end=\"836\">ok\u015fama modu<\/strong>, titre\u015fimlerin h\u0131z\u0131n\u0131 art\u0131rarak daha g\u00fc\u00e7l\u00fc uyar\u0131mlar sunar. Her an\u0131 \u00f6zel k\u0131lar.<\/li>\n<\/ul>\n<h4 data-start=\"918\" data-end=\"955\">\u2714 <strong data-start=\"925\" data-end=\"955\">7 G Noktas\u0131 Titre\u015fim Modu:<\/strong><\/h4>\n<ul data-start=\"956\" data-end=\"1146\">\n<li data-start=\"956\" data-end=\"1146\"><strong data-start=\"958\" data-end=\"989\">Hassas b\u00f6lgeleri hedefleyen<\/strong> bu mod, <strong data-start=\"998\" data-end=\"1028\">7 farkl\u0131 titre\u015fim se\u00e7ene\u011fi<\/strong> sunar. Bu sayede daha ki\u015fiselle\u015ftirilmi\u015f bir deneyim ya\u015far, <strong data-start=\"1089\" data-end=\"1110\">G noktas\u0131 uyar\u0131m\u0131<\/strong> ile farkl\u0131 bir seviyeye ge\u00e7ersiniz.<\/li>\n<\/ul>\n<h4 data-start=\"1148\" data-end=\"1184\">\u2714 <strong data-start=\"1155\" data-end=\"1184\">7 Klitoral Titre\u015fim Modu:<\/strong><\/h4>\n<ul data-start=\"1185\" data-end=\"1371\">\n<li data-start=\"1185\" data-end=\"1371\"><strong data-start=\"1187\" data-end=\"1232\">Klitoral b\u00f6lge i\u00e7in \u00f6zel titre\u015fim modlar\u0131<\/strong> ile <strong data-start=\"1237\" data-end=\"1269\">7 farkl\u0131 yo\u011funlukta titre\u015fim<\/strong> sunar. <strong data-start=\"1277\" data-end=\"1311\">Farkl\u0131 seviyelerde stim\u00fclasyon<\/strong> sa\u011flayarak, yo\u011fun ve uzun s\u00fcreli keyifli bir deneyim sunar.<\/li>\n<\/ul>\n<h4 data-start=\"1373\" data-end=\"1398\">\u2714 <strong data-start=\"1380\" data-end=\"1398\">7 Ok\u015fama Modu:<\/strong><\/h4>\n<ul data-start=\"1399\" data-end=\"1524\">\n<li data-start=\"1399\" data-end=\"1524\"><strong data-start=\"1401\" data-end=\"1433\">Benzersiz ok\u015fama se\u00e7enekleri<\/strong>, <strong data-start=\"1435\" data-end=\"1453\">7 farkl\u0131 ritim<\/strong> ile sunulur. Her mod, \u00f6zel bir his yarat\u0131r ve keyfinizi zirveye ta\u015f\u0131r.<\/li>\n<\/ul>\n<h4 data-start=\"1526\" data-end=\"1555\">\u2714 <strong data-start=\"1533\" data-end=\"1555\">Ergonomik Tasar\u0131m:<\/strong><\/h4>\n<ul data-start=\"1556\" data-end=\"1741\">\n<li data-start=\"1556\" data-end=\"1741\"><strong data-start=\"1558\" data-end=\"1585\">Kullan\u0131c\u0131 dostu tasar\u0131m<\/strong> sayesinde <strong data-start=\"1596\" data-end=\"1611\">kolay tutu\u015f<\/strong> ve <strong data-start=\"1615\" data-end=\"1633\">kontrol imkan\u0131<\/strong> sunar. Uzun s\u00fcreli kullan\u0131mlarda bile rahatl\u0131k sa\u011flar, elinizin do\u011fal yap\u0131s\u0131na uygun olarak tasarlanm\u0131\u015ft\u0131r.<\/li>\n<\/ul>\n<h4 data-start=\"1743\" data-end=\"1774\">\u2714 <strong data-start=\"1750\" data-end=\"1774\">IPX7 Su Ge\u00e7irmezlik:<\/strong><\/h4>\n<ul data-start=\"1775\" data-end=\"1947\">\n<li data-start=\"1775\" data-end=\"1947\"><strong data-start=\"1777\" data-end=\"1799\">Tam su ge\u00e7irmezlik<\/strong> \u00f6zelli\u011fi sayesinde, <strong data-start=\"1820\" data-end=\"1842\">du\u015fta veya banyoda<\/strong> g\u00fcvenle kullan\u0131labilir. Bu \u00f6zellik, temizlik konusunda da kolayl\u0131k sa\u011flar ve hijyenik bir deneyim sunar.<\/li>\n<\/ul>\n<h4 data-start=\"1949\" data-end=\"1982\">\u2714 <strong data-start=\"1956\" data-end=\"1982\">Dayan\u0131kl\u0131 \u015earj S\u00fcresi:<\/strong><\/h4>\n<ul data-start=\"1983\" data-end=\"2121\">\n<li data-start=\"1983\" data-end=\"2121\"><strong data-start=\"1985\" data-end=\"2006\">2 saatte tam \u015farj<\/strong> ile h\u0131zl\u0131ca kullan\u0131lmaya haz\u0131r hale gelir. Uzun s\u00fcreli <strong data-start=\"2062\" data-end=\"2085\">kesintisiz kullan\u0131m<\/strong> i\u00e7in 60 dakikaya kadar dayanabilir.<\/li>\n<\/ul>\n<hr data-start=\"2123\" data-end=\"2126\" \/>\n<h3 data-start=\"2128\" data-end=\"2173\"><strong data-start=\"2132\" data-end=\"2173\">Neden Modern 3 Modlu Rabbit Vibrat\u00f6r?<\/strong><\/h3>\n<p data-start=\"2175\" data-end=\"2653\"><strong data-start=\"2175\" data-end=\"2209\">Modern 3 Modlu Rabbit Vibrat\u00f6r<\/strong>, \u015f\u0131kl\u0131\u011f\u0131 ve i\u015flevselli\u011fi m\u00fckemmel bir \u015fekilde birle\u015ftirerek <strong data-start=\"2270\" data-end=\"2289\">\u00f6zel anlar\u0131n\u0131z\u0131<\/strong> benzersiz hale getirir. <strong data-start=\"2314\" data-end=\"2337\">Dalgal\u0131 u\u00e7 tasar\u0131m\u0131<\/strong> ve <strong data-start=\"2341\" data-end=\"2367\">\u00e7oklu titre\u015fim modlar\u0131<\/strong>, her seferinde farkl\u0131 bir deneyim ya\u015faman\u0131z\u0131 sa\u011flar. <strong data-start=\"2421\" data-end=\"2438\">7 ok\u015fama modu<\/strong> ve <strong data-start=\"2442\" data-end=\"2471\">7 G noktas\u0131 titre\u015fim modu<\/strong> ile ihtiyac\u0131n\u0131za g\u00f6re \u00f6zelle\u015ftirilmi\u015f bir keyif sunar. <strong data-start=\"2527\" data-end=\"2542\">Pembe Tilki<\/strong>\u2019nin <strong data-start=\"2547\" data-end=\"2563\">g\u00fcvencesiyle<\/strong> y\u00fcksek kaliteye sahip bu vibrat\u00f6r, uzun s\u00fcreli kullan\u0131mda dahi \u00fcst\u00fcn performans sergiler.<\/p>\n<hr data-start=\"2655\" data-end=\"2658\" \/>\n<h3 data-start=\"2660\" data-end=\"2674\"><strong data-start=\"2664\" data-end=\"2674\">Sonu\u00e7:<\/strong><\/h3>\n<p data-start=\"2676\" data-end=\"2981\"><strong data-start=\"2676\" data-end=\"2710\">Modern 3 Modlu Rabbit Vibrat\u00f6r<\/strong>, <strong data-start=\"2712\" data-end=\"2723\">estetik<\/strong>, <strong data-start=\"2725\" data-end=\"2739\">performans<\/strong> ve <strong data-start=\"2743\" data-end=\"2766\">teknolojik \u00fcst\u00fcnl\u00fck<\/strong> arayan herkes i\u00e7in m\u00fckemmel bir tercihtir. <strong data-start=\"2810\" data-end=\"2832\">Ergonomik tasar\u0131m\u0131<\/strong> ile kullan\u0131m\u0131 kolayla\u015ft\u0131ran, <strong data-start=\"2862\" data-end=\"2885\">\u00e7ok i\u015flevli modlar\u0131<\/strong> ile deneyimi ki\u015fiselle\u015ftiren bu \u00fcr\u00fcn, her detay\u0131nda <strong data-start=\"2938\" data-end=\"2957\">konfor ve zevki<\/strong> en \u00fcst seviyeye ta\u015f\u0131r.<\/p>\n<p data-start=\"2983\" data-end=\"3147\" data-is-last-node=\"\" data-is-only-node=\"\"><strong data-start=\"2983\" data-end=\"2998\">Pembe Tilki<\/strong> ile kaliteli ve uzun s\u00fcreli kullan\u0131m deneyimi ya\u015famak i\u00e7in, <strong data-start=\"3059\" data-end=\"3093\">Modern 3 Modlu Rabbit Vibrat\u00f6r<\/strong>\u2019\u00fc ke\u015ffedin ve <strong data-start=\"3108\" data-end=\"3121\">keyfinizi<\/strong> bir \u00fcst seviyeye ta\u015f\u0131y\u0131n!<\/p>\n","protected":false},"excerpt":{"rendered":"<p><strong data-start=\"84\" data-end=\"118\">Modern 3 Modlu Rabbit Vibrat\u00f6r<\/strong>, kullan\u0131c\u0131 deneyimini tamamen yeniden tan\u0131mlayan, \u015f\u0131kl\u0131\u011f\u0131 ve i\u015flevselli\u011fi bir araya getiren e\u015fsiz bir \u00fcr\u00fcnd\u00fcr. <strong data-start=\"230\" data-end=\"245\">Pembe Tilki<\/strong> g\u00fcvencesiyle sunulan bu vibrat\u00f6r, <strong data-start=\"280\" data-end=\"302\">ergonomik tasar\u0131m\u0131<\/strong>, <strong data-start=\"304\" data-end=\"327\">\u00e7ok i\u015flevli modlar\u0131<\/strong> ve <strong data-start=\"331\" data-end=\"352\">y\u00fcksek performans<\/strong> \u00f6zellikleri ile size benzersiz bir deneyim sunar. Dalgal\u0131 tasar\u0131m\u0131 ve \u00f6zel olarak geli\u015ftirilmi\u015f ok\u015fama modlar\u0131 ile her seferinde farkl\u0131 bir keyif alman\u0131z\u0131 sa\u011flar.<\/p>\n","protected":false},"featured_media":19203,"comment_status":"open","ping_status":"closed","template":"","meta":[],"product_brand":[127],"product_cat":[85],"product_tag":[281],"class_list":{"0":"post-19129","1":"product","2":"type-product","3":"status-publish","4":"has-post-thumbnail","6":"product_brand-pembe-tilki","7":"product_cat-modern-vibrator","8":"product_tag-modern-3-modlu-rabbit-vibrator-kirmizi","10":"first","11":"outofstock","12":"taxable","13":"shipping-taxable","14":"purchasable","15":"product-type-simple"},"yoast_head":"<!-- This site is optimized with the Yoast SEO Premium plugin v24.4 (Yoast SEO v27.1.1) - https:\/\/yoast.com\/product\/yoast-seo-premium-wordpress\/ -->\n<title>Modern 3 Modlu Rabbit Vibrator K\u0131rm\u0131z\u0131 - Bursa Erotik Shop<\/title>\n<meta name=\"robots\" content=\"index, follow, max-snippet:-1, max-image-preview:large, max-video-preview:-1\" \/>\n<link rel=\"canonical\" href=\"https:\/\/hobierotikshop.com.tr\/website1\/erotik-shop-urun\/modern-3-modlu-rabbit-vibrator-kirmizi\/\" \/>\n<meta property=\"og:locale\" content=\"tr_TR\" \/>\n<meta property=\"og:type\" content=\"article\" \/>\n<meta property=\"og:title\" content=\"Modern 3 Modlu Rabbit Vibrator K\u0131rm\u0131z\u0131\" \/>\n<meta property=\"og:description\" content=\"Modern 3 Modlu Rabbit Vibrat\u00f6r, kullan\u0131c\u0131 deneyimini tamamen yeniden tan\u0131mlayan, \u015f\u0131kl\u0131\u011f\u0131 ve i\u015flevselli\u011fi bir araya getiren e\u015fsiz bir \u00fcr\u00fcnd\u00fcr. Pembe Tilki g\u00fcvencesiyle sunulan bu vibrat\u00f6r, ergonomik tasar\u0131m\u0131, \u00e7ok i\u015flevli modlar\u0131 ve y\u00fcksek performans \u00f6zellikleri ile size benzersiz bir deneyim sunar. Dalgal\u0131 tasar\u0131m\u0131 ve \u00f6zel olarak geli\u015ftirilmi\u015f ok\u015fama modlar\u0131 ile her seferinde farkl\u0131 bir keyif alman\u0131z\u0131 sa\u011flar.\" \/>\n<meta property=\"og:url\" content=\"https:\/\/hobierotikshop.com.tr\/website1\/erotik-shop-urun\/modern-3-modlu-rabbit-vibrator-kirmizi\/\" \/>\n<meta property=\"og:site_name\" content=\"Bursa Erotik Shop\" \/>\n<meta property=\"article:modified_time\" content=\"2026-01-26T13:19:56+00:00\" \/>\n<meta property=\"og:image\" content=\"https:\/\/hobierotikshop.com.tr\/website1\/wp-content\/uploads\/2025\/03\/modern-3-modlu-rabbit-vibrator-kirmizi-1948.jpg\" \/>\n\t<meta property=\"og:image:width\" content=\"1500\" \/>\n\t<meta property=\"og:image:height\" content=\"1500\" \/>\n\t<meta property=\"og:image:type\" content=\"image\/jpeg\" \/>\n<meta name=\"twitter:card\" content=\"summary_large_image\" \/>\n<meta name=\"twitter:site\" content=\"@shopbursa\" \/>\n<meta name=\"twitter:label1\" content=\"Fiyat\" \/>\n\t<meta name=\"twitter:data1\" content=\"&#8378;1.890,00 KDV DAH\u0130L\" \/>\n\t<meta name=\"twitter:label2\" content=\"Availability\" \/>\n\t<meta name=\"twitter:data2\" content=\"Out of stock\" \/>\n<script type=\"application\/ld+json\" class=\"yoast-schema-graph\">{\"@context\":\"https:\/\/schema.org\",\"@graph\":[{\"@type\":\"WebPage\",\"@id\":\"https:\/\/hobierotikshop.com.tr\/website1\/erotik-shop-urun\/modern-3-modlu-rabbit-vibrator-kirmizi\/\",\"url\":\"https:\/\/hobierotikshop.com.tr\/website1\/erotik-shop-urun\/modern-3-modlu-rabbit-vibrator-kirmizi\/\",\"name\":\"Modern 3 Modlu Rabbit Vibrator K\u0131rm\u0131z\u0131 - Bursa Erotik Shop\",\"isPartOf\":{\"@id\":\"https:\/\/hobierotikshop.com.tr\/website1\/#website\"},\"primaryImageOfPage\":{\"@id\":\"https:\/\/hobierotikshop.com.tr\/website1\/erotik-shop-urun\/modern-3-modlu-rabbit-vibrator-kirmizi\/#primaryimage\"},\"image\":{\"@id\":\"https:\/\/hobierotikshop.com.tr\/website1\/erotik-shop-urun\/modern-3-modlu-rabbit-vibrator-kirmizi\/#primaryimage\"},\"thumbnailUrl\":\"https:\/\/haremerotikshop.com\/site\/wp-content\/uploads\/2025\/03\/modern-3-modlu-rabbit-vibrator-kirmizi-1948.jpg\",\"datePublished\":\"2025-03-17T09:28:11+00:00\",\"dateModified\":\"2026-01-26T13:19:56+00:00\",\"breadcrumb\":{\"@id\":\"https:\/\/hobierotikshop.com.tr\/website1\/erotik-shop-urun\/modern-3-modlu-rabbit-vibrator-kirmizi\/#breadcrumb\"},\"inLanguage\":\"tr\",\"potentialAction\":[{\"@type\":\"ReadAction\",\"target\":[\"https:\/\/hobierotikshop.com.tr\/website1\/erotik-shop-urun\/modern-3-modlu-rabbit-vibrator-kirmizi\/\"]}]},{\"@type\":\"ImageObject\",\"inLanguage\":\"tr\",\"@id\":\"https:\/\/hobierotikshop.com.tr\/website1\/erotik-shop-urun\/modern-3-modlu-rabbit-vibrator-kirmizi\/#primaryimage\",\"url\":\"https:\/\/haremerotikshop.com\/site\/wp-content\/uploads\/2025\/03\/modern-3-modlu-rabbit-vibrator-kirmizi-1948.jpg\",\"contentUrl\":\"https:\/\/haremerotikshop.com\/site\/wp-content\/uploads\/2025\/03\/modern-3-modlu-rabbit-vibrator-kirmizi-1948.jpg\",\"width\":1500,\"height\":1500},{\"@type\":\"BreadcrumbList\",\"@id\":\"https:\/\/hobierotikshop.com.tr\/website1\/erotik-shop-urun\/modern-3-modlu-rabbit-vibrator-kirmizi\/#breadcrumb\",\"itemListElement\":[{\"@type\":\"ListItem\",\"position\":1,\"name\":\"Anasayfa\",\"item\":\"https:\/\/hobierotikshop.com.tr\/website1\/\"},{\"@type\":\"ListItem\",\"position\":2,\"name\":\"Erotik Shop \u00dcr\u00fcnleri\",\"item\":\"https:\/\/hobierotikshop.com.tr\/website1\/shop\/\"},{\"@type\":\"ListItem\",\"position\":3,\"name\":\"Modern 3 Modlu Rabbit Vibrator K\u0131rm\u0131z\u0131\"}]},{\"@type\":\"WebSite\",\"@id\":\"https:\/\/hobierotikshop.com.tr\/website1\/#website\",\"url\":\"https:\/\/hobierotikshop.com.tr\/website1\/\",\"name\":\"Bursa Erotik Shop\",\"description\":\"Bursa Erotik Shop ile g\u00fcvenli, gizli ve kaliteli yeti\u015fkin \u00fcr\u00fcnleri al\u0131\u015fveri\u015fi! Geni\u015f \u00fcr\u00fcn yelpazemizi ke\u015ffedin, hemen sipari\u015f verin\",\"publisher\":{\"@id\":\"https:\/\/hobierotikshop.com.tr\/website1\/#organization\"},\"alternateName\":\"Erotik Shop\",\"potentialAction\":[{\"@type\":\"SearchAction\",\"target\":{\"@type\":\"EntryPoint\",\"urlTemplate\":\"https:\/\/hobierotikshop.com.tr\/website1\/?s={search_term_string}\"},\"query-input\":{\"@type\":\"PropertyValueSpecification\",\"valueRequired\":true,\"valueName\":\"search_term_string\"}}],\"inLanguage\":\"tr\"},{\"@type\":\"Organization\",\"@id\":\"https:\/\/hobierotikshop.com.tr\/website1\/#organization\",\"name\":\"Harem Bursa Erotik Shop\",\"url\":\"https:\/\/hobierotikshop.com.tr\/website1\/\",\"logo\":{\"@type\":\"ImageObject\",\"inLanguage\":\"tr\",\"@id\":\"https:\/\/hobierotikshop.com.tr\/website1\/#\/schema\/logo\/image\/\",\"url\":\"https:\/\/haremerotikshop.com\/site\/wp-content\/uploads\/2025\/03\/haremsexshop.png\",\"contentUrl\":\"https:\/\/haremerotikshop.com\/site\/wp-content\/uploads\/2025\/03\/haremsexshop.png\",\"width\":400,\"height\":100,\"caption\":\"Harem Bursa Erotik Shop\"},\"image\":{\"@id\":\"https:\/\/hobierotikshop.com.tr\/website1\/#\/schema\/logo\/image\/\"},\"sameAs\":[\"https:\/\/x.com\/shopbursa\"],\"publishingPrinciples\":\"https:\/\/hobierotikshop.com.tr\/website1\/mesafeli-satis-sozlesmesi\/\",\"ownershipFundingInfo\":\"https:\/\/hobierotikshop.com.tr\/website1\/contact-us\/\",\"actionableFeedbackPolicy\":\"https:\/\/hobierotikshop.com.tr\/website1\/contact-us\/\",\"correctionsPolicy\":\"https:\/\/hobierotikshop.com.tr\/website1\/mesafeli-satis-sozlesmesi\/\"}]}<\/script>\n<meta property=\"product:brand\" content=\"Pembe Tilki\" \/>\n<meta property=\"product:price:amount\" content=\"1890.00\" \/>\n<meta property=\"product:price:currency\" content=\"TRY\" \/>\n<meta property=\"og:availability\" content=\"out of stock\" \/>\n<meta property=\"product:availability\" content=\"out of stock\" \/>\n<meta property=\"product:retailer_item_id\" content=\"PT-DVXA167RED\" \/>\n<meta property=\"product:condition\" content=\"new\" \/>\n<!-- \/ Yoast SEO Premium plugin. -->","yoast_head_json":{"title":"Modern 3 Modlu Rabbit Vibrator K\u0131rm\u0131z\u0131 - Bursa Erotik Shop","robots":{"index":"index","follow":"follow","max-snippet":"max-snippet:-1","max-image-preview":"max-image-preview:large","max-video-preview":"max-video-preview:-1"},"canonical":"https:\/\/hobierotikshop.com.tr\/website1\/erotik-shop-urun\/modern-3-modlu-rabbit-vibrator-kirmizi\/","og_locale":"tr_TR","og_type":"article","og_title":"Modern 3 Modlu Rabbit Vibrator K\u0131rm\u0131z\u0131","og_description":"Modern 3 Modlu Rabbit Vibrat\u00f6r, kullan\u0131c\u0131 deneyimini tamamen yeniden tan\u0131mlayan, \u015f\u0131kl\u0131\u011f\u0131 ve i\u015flevselli\u011fi bir araya getiren e\u015fsiz bir \u00fcr\u00fcnd\u00fcr. Pembe Tilki g\u00fcvencesiyle sunulan bu vibrat\u00f6r, ergonomik tasar\u0131m\u0131, \u00e7ok i\u015flevli modlar\u0131 ve y\u00fcksek performans \u00f6zellikleri ile size benzersiz bir deneyim sunar. Dalgal\u0131 tasar\u0131m\u0131 ve \u00f6zel olarak geli\u015ftirilmi\u015f ok\u015fama modlar\u0131 ile her seferinde farkl\u0131 bir keyif alman\u0131z\u0131 sa\u011flar.","og_url":"https:\/\/hobierotikshop.com.tr\/website1\/erotik-shop-urun\/modern-3-modlu-rabbit-vibrator-kirmizi\/","og_site_name":"Bursa Erotik Shop","article_modified_time":"2026-01-26T13:19:56+00:00","og_image":[{"width":1500,"height":1500,"url":"https:\/\/hobierotikshop.com.tr\/website1\/wp-content\/uploads\/2025\/03\/modern-3-modlu-rabbit-vibrator-kirmizi-1948.jpg","type":"image\/jpeg"}],"twitter_card":"summary_large_image","twitter_site":"@shopbursa","twitter_misc":{"Fiyat":"&#8378;1.890,00 KDV DAH\u0130L","Availability":"Out of stock"},"schema":{"@context":"https:\/\/schema.org","@graph":[{"@type":"WebPage","@id":"https:\/\/hobierotikshop.com.tr\/website1\/erotik-shop-urun\/modern-3-modlu-rabbit-vibrator-kirmizi\/","url":"https:\/\/hobierotikshop.com.tr\/website1\/erotik-shop-urun\/modern-3-modlu-rabbit-vibrator-kirmizi\/","name":"Modern 3 Modlu Rabbit Vibrator K\u0131rm\u0131z\u0131 - Bursa Erotik Shop","isPartOf":{"@id":"https:\/\/hobierotikshop.com.tr\/website1\/#website"},"primaryImageOfPage":{"@id":"https:\/\/hobierotikshop.com.tr\/website1\/erotik-shop-urun\/modern-3-modlu-rabbit-vibrator-kirmizi\/#primaryimage"},"image":{"@id":"https:\/\/hobierotikshop.com.tr\/website1\/erotik-shop-urun\/modern-3-modlu-rabbit-vibrator-kirmizi\/#primaryimage"},"thumbnailUrl":"https:\/\/haremerotikshop.com\/site\/wp-content\/uploads\/2025\/03\/modern-3-modlu-rabbit-vibrator-kirmizi-1948.jpg","datePublished":"2025-03-17T09:28:11+00:00","dateModified":"2026-01-26T13:19:56+00:00","breadcrumb":{"@id":"https:\/\/hobierotikshop.com.tr\/website1\/erotik-shop-urun\/modern-3-modlu-rabbit-vibrator-kirmizi\/#breadcrumb"},"inLanguage":"tr","potentialAction":[{"@type":"ReadAction","target":["https:\/\/hobierotikshop.com.tr\/website1\/erotik-shop-urun\/modern-3-modlu-rabbit-vibrator-kirmizi\/"]}]},{"@type":"ImageObject","inLanguage":"tr","@id":"https:\/\/hobierotikshop.com.tr\/website1\/erotik-shop-urun\/modern-3-modlu-rabbit-vibrator-kirmizi\/#primaryimage","url":"https:\/\/haremerotikshop.com\/site\/wp-content\/uploads\/2025\/03\/modern-3-modlu-rabbit-vibrator-kirmizi-1948.jpg","contentUrl":"https:\/\/haremerotikshop.com\/site\/wp-content\/uploads\/2025\/03\/modern-3-modlu-rabbit-vibrator-kirmizi-1948.jpg","width":1500,"height":1500},{"@type":"BreadcrumbList","@id":"https:\/\/hobierotikshop.com.tr\/website1\/erotik-shop-urun\/modern-3-modlu-rabbit-vibrator-kirmizi\/#breadcrumb","itemListElement":[{"@type":"ListItem","position":1,"name":"Anasayfa","item":"https:\/\/hobierotikshop.com.tr\/website1\/"},{"@type":"ListItem","position":2,"name":"Erotik Shop \u00dcr\u00fcnleri","item":"https:\/\/hobierotikshop.com.tr\/website1\/shop\/"},{"@type":"ListItem","position":3,"name":"Modern 3 Modlu Rabbit Vibrator K\u0131rm\u0131z\u0131"}]},{"@type":"WebSite","@id":"https:\/\/hobierotikshop.com.tr\/website1\/#website","url":"https:\/\/hobierotikshop.com.tr\/website1\/","name":"Bursa Erotik Shop","description":"Bursa Erotik Shop ile g\u00fcvenli, gizli ve kaliteli yeti\u015fkin \u00fcr\u00fcnleri al\u0131\u015fveri\u015fi! Geni\u015f \u00fcr\u00fcn yelpazemizi ke\u015ffedin, hemen sipari\u015f verin","publisher":{"@id":"https:\/\/hobierotikshop.com.tr\/website1\/#organization"},"alternateName":"Erotik Shop","potentialAction":[{"@type":"SearchAction","target":{"@type":"EntryPoint","urlTemplate":"https:\/\/hobierotikshop.com.tr\/website1\/?s={search_term_string}"},"query-input":{"@type":"PropertyValueSpecification","valueRequired":true,"valueName":"search_term_string"}}],"inLanguage":"tr"},{"@type":"Organization","@id":"https:\/\/hobierotikshop.com.tr\/website1\/#organization","name":"Harem Bursa Erotik Shop","url":"https:\/\/hobierotikshop.com.tr\/website1\/","logo":{"@type":"ImageObject","inLanguage":"tr","@id":"https:\/\/hobierotikshop.com.tr\/website1\/#\/schema\/logo\/image\/","url":"https:\/\/haremerotikshop.com\/site\/wp-content\/uploads\/2025\/03\/haremsexshop.png","contentUrl":"https:\/\/haremerotikshop.com\/site\/wp-content\/uploads\/2025\/03\/haremsexshop.png","width":400,"height":100,"caption":"Harem Bursa Erotik Shop"},"image":{"@id":"https:\/\/hobierotikshop.com.tr\/website1\/#\/schema\/logo\/image\/"},"sameAs":["https:\/\/x.com\/shopbursa"],"publishingPrinciples":"https:\/\/hobierotikshop.com.tr\/website1\/mesafeli-satis-sozlesmesi\/","ownershipFundingInfo":"https:\/\/hobierotikshop.com.tr\/website1\/contact-us\/","actionableFeedbackPolicy":"https:\/\/hobierotikshop.com.tr\/website1\/contact-us\/","correctionsPolicy":"https:\/\/hobierotikshop.com.tr\/website1\/mesafeli-satis-sozlesmesi\/"}]},"product_brand":"Pembe Tilki","product_price_amount":"1890.00","product_price_currency":"TRY","og_availability":"out of stock","product_availability":"out of stock","product_retailer_item_id":"PT-DVXA167RED","product_condition":"new"},"_links":{"self":[{"href":"https:\/\/haremerotikshop.com\/site\/wp-json\/wp\/v2\/product\/19129","targetHints":{"allow":["GET"]}}],"collection":[{"href":"https:\/\/haremerotikshop.com\/site\/wp-json\/wp\/v2\/product"}],"about":[{"href":"https:\/\/haremerotikshop.com\/site\/wp-json\/wp\/v2\/types\/product"}],"replies":[{"embeddable":true,"href":"https:\/\/haremerotikshop.com\/site\/wp-json\/wp\/v2\/comments?post=19129"}],"version-history":[{"count":0,"href":"https:\/\/haremerotikshop.com\/site\/wp-json\/wp\/v2\/product\/19129\/revisions"}],"wp:featuredmedia":[{"embeddable":true,"href":"https:\/\/haremerotikshop.com\/site\/wp-json\/wp\/v2\/media\/19203"}],"wp:attachment":[{"href":"https:\/\/haremerotikshop.com\/site\/wp-json\/wp\/v2\/media?parent=19129"}],"wp:term":[{"taxonomy":"product_brand","embeddable":true,"href":"https:\/\/haremerotikshop.com\/site\/wp-json\/wp\/v2\/product_brand?post=19129"},{"taxonomy":"product_cat","embeddable":true,"href":"https:\/\/haremerotikshop.com\/site\/wp-json\/wp\/v2\/product_cat?post=19129"},{"taxonomy":"product_tag","embeddable":true,"href":"https:\/\/haremerotikshop.com\/site\/wp-json\/wp\/v2\/product_tag?post=19129"}],"curies":[{"name":"wp","href":"https:\/\/api.w.org\/{rel}","templated":true}]}}