{"id":19150,"date":"2025-03-17T12:28:33","date_gmt":"2025-03-17T09:28:33","guid":{"rendered":"https:\/\/haremerotikshop.com\/site\/?post_type=product&#038;p=19150"},"modified":"2026-01-26T16:18:33","modified_gmt":"2026-01-26T13:18:33","slug":"telefon-kontrollu-modern-vibrator-pembe","status":"publish","type":"product","link":"https:\/\/haremerotikshop.com\/site\/erotik-shop-urun\/telefon-kontrollu-modern-vibrator-pembe\/","title":{"rendered":"Telefon Kontroll\u00fc Modern Vibrat\u00f6r Pembe"},"content":{"rendered":"<h3 data-start=\"0\" data-end=\"85\"><strong data-start=\"4\" data-end=\"85\">Telefon Kontroll\u00fc Modern Vibrat\u00f6r &#8211; Pembe: Teknoloji ve Zevkin M\u00fckemmel Uyumu<\/strong><\/h3>\n<p data-start=\"87\" data-end=\"534\"><strong data-start=\"87\" data-end=\"132\">Telefon Kontroll\u00fc Modern Vibrat\u00f6r &#8211; Pembe<\/strong>, son teknoloji \u00fcr\u00fcn\u00fc \u00f6zellikleri ve \u015f\u0131k tasar\u0131m\u0131yla, her an\u0131n\u0131z\u0131 daha keyifli ve heyecanl\u0131 hale getirmek i\u00e7in \u00f6zel olarak tasarlanm\u0131\u015ft\u0131r. Ak\u0131ll\u0131 telefonunuzla kontrol edilebilen bu vibrat\u00f6r, partnerinizle interaktif bir deneyim ya\u015faman\u0131za olanak tan\u0131r. Yak\u0131n mesafeden d\u00fcnyan\u0131n di\u011fer ucuna kadar her ko\u015fulda, <strong data-start=\"442\" data-end=\"489\">\u00f6zelle\u015ftirilmi\u015f ve etkileyici titre\u015fimlerle<\/strong> duygusal ve fiziksel bir ba\u011f kurabilirsiniz.<\/p>\n<hr data-start=\"536\" data-end=\"539\" \/>\n<h3 data-start=\"541\" data-end=\"570\"><strong data-start=\"545\" data-end=\"570\">\u00d6ne \u00c7\u0131kan \u00d6zellikler:<\/strong><\/h3>\n<h4 data-start=\"572\" data-end=\"592\">\u2714 <strong data-start=\"579\" data-end=\"592\">Boyutlar:<\/strong><\/h4>\n<ul data-start=\"593\" data-end=\"824\">\n<li data-start=\"593\" data-end=\"638\"><strong data-start=\"595\" data-end=\"618\">Ba\u015f K\u0131sm\u0131 Kal\u0131nl\u0131\u011f\u0131<\/strong>: 1,37 in\u00e7 \u2248 3,48 cm<\/li>\n<li data-start=\"639\" data-end=\"682\"><strong data-start=\"641\" data-end=\"663\">Ba\u015f K\u0131sm\u0131 Uzunlu\u011fu<\/strong>: 3,5 in\u00e7 \u2248 8,89 cm<\/li>\n<li data-start=\"683\" data-end=\"824\"><strong data-start=\"685\" data-end=\"704\">Kuyruk Uzunlu\u011fu<\/strong>: 3,34 in\u00e7 \u2248 8,48 cm<br data-start=\"724\" data-end=\"727\" \/>Ergonomik tasar\u0131m\u0131, cildinizle m\u00fckemmel uyum sa\u011flar, rahat ve etkili bir kullan\u0131m deneyimi sunar.<\/li>\n<\/ul>\n<h4 data-start=\"826\" data-end=\"865\">\u2714 <strong data-start=\"833\" data-end=\"865\">Yak\u0131n &amp; Uzun Mesafe Kontrol:<\/strong><\/h4>\n<ul data-start=\"866\" data-end=\"1101\">\n<li data-start=\"866\" data-end=\"1101\"><strong data-start=\"868\" data-end=\"886\">Ak\u0131ll\u0131 telefon<\/strong> ile <strong data-start=\"891\" data-end=\"920\">yak\u0131n veya uzun mesafeden<\/strong> kolayca kontrol edebilirsiniz. Partnerinizle ayn\u0131 odada ya da uzak mesafelerde olsan\u0131z da, titre\u015fimleri <strong data-start=\"1025\" data-end=\"1036\">uzaktan<\/strong> kontrol edebilir ve birlikte \u00f6zel bir deneyim ya\u015fayabilirsiniz.<\/li>\n<\/ul>\n<h4 data-start=\"1103\" data-end=\"1137\">\u2714 <strong data-start=\"1110\" data-end=\"1137\">M\u00fczikle Senkronizasyon:<\/strong><\/h4>\n<ul data-start=\"1138\" data-end=\"1359\">\n<li data-start=\"1138\" data-end=\"1359\">Sevdi\u011finiz m\u00fcziklerin ritmine g\u00f6re <strong data-start=\"1175\" data-end=\"1202\">titre\u015fimleri senkronize<\/strong> ederek deneyiminizi <strong data-start=\"1223\" data-end=\"1249\">daha e\u011flenceli ve \u00f6zel<\/strong> hale getirebilirsiniz. Bu \u00f6zellik, m\u00fczi\u011finizi ve titre\u015fimleri birle\u015ftirerek farkl\u0131 ve ki\u015fisel bir zevk sunar.<\/li>\n<\/ul>\n<h4 data-start=\"1361\" data-end=\"1401\">\u2714 <strong data-start=\"1368\" data-end=\"1401\">Sesle Aktive Edilen Titre\u015fim:<\/strong><\/h4>\n<ul data-start=\"1402\" data-end=\"1655\">\n<li data-start=\"1402\" data-end=\"1655\">\u00c7evredeki seslere tepki veren <strong data-start=\"1434\" data-end=\"1469\">sesle aktive edilen titre\u015fimler<\/strong> ile daha interaktif ve e\u011flenceli bir kullan\u0131m sa\u011flar. Konu\u015fmalar ya da ortam seslerine g\u00f6re titre\u015fimlerin yo\u011funlu\u011fu de\u011fi\u015fir, b\u00f6ylece her an daha canl\u0131 ve dinamik bir deneyim ya\u015fars\u0131n\u0131z.<\/li>\n<\/ul>\n<h4 data-start=\"1657\" data-end=\"1696\">\u2714 <strong data-start=\"1664\" data-end=\"1696\">G\u00fc\u00e7l\u00fc ve Sessiz Titre\u015fimler:<\/strong><\/h4>\n<ul data-start=\"1697\" data-end=\"1900\">\n<li data-start=\"1697\" data-end=\"1900\">Y\u00fcksek verimli motoru sayesinde <strong data-start=\"1731\" data-end=\"1761\">g\u00fc\u00e7l\u00fc ve derin titre\u015fimler<\/strong> sunar, fakat ayn\u0131 zamanda <strong data-start=\"1788\" data-end=\"1807\">n almost sessiz<\/strong> \u00e7al\u0131\u015farak mahremiyetinizi korur. Bu \u00f6zellik, konforlu ve rahat bir kullan\u0131m deneyimi sa\u011flar.<\/li>\n<\/ul>\n<h4 data-start=\"1902\" data-end=\"1947\">\u2714 <strong data-start=\"1909\" data-end=\"1947\">Uzun S\u00fcreli Kullan\u0131m &amp; H\u0131zl\u0131 \u015earj:<\/strong><\/h4>\n<ul data-start=\"1948\" data-end=\"2175\">\n<li data-start=\"1948\" data-end=\"2175\"><strong data-start=\"1950\" data-end=\"1971\">2 saatte tam \u015farj<\/strong> ile <strong data-start=\"1976\" data-end=\"2017\">60 dakikaya kadar kesintisiz kullan\u0131m<\/strong> sa\u011flar. B\u00f6ylece, uzun s\u00fcreli kullan\u0131mda bile performans d\u00fc\u015f\u00fc\u015f\u00fc ya\u015fanmaz. <strong data-start=\"2091\" data-end=\"2114\">H\u0131zl\u0131 \u015farj \u00f6zelli\u011fi<\/strong> sayesinde zaman kaybetmeden tekrar keyfini \u00e7\u0131karabilirsiniz.<\/li>\n<\/ul>\n<h4 data-start=\"2177\" data-end=\"2214\">\u2714 <strong data-start=\"2184\" data-end=\"2214\">Cilt Dostu ve Su Ge\u00e7irmez:<\/strong><\/h4>\n<ul data-start=\"2215\" data-end=\"2466\">\n<li data-start=\"2215\" data-end=\"2466\"><strong data-start=\"2217\" data-end=\"2252\">Y\u00fcksek kaliteli silikon malzeme<\/strong>, cilt dostudur ve hassas b\u00f6lgelerinizde g\u00fcvenle kullan\u0131labilir. Ayr\u0131ca, <strong data-start=\"2325\" data-end=\"2348\">IPX7 su ge\u00e7irmezlik<\/strong> sertifikas\u0131 sayesinde, <strong data-start=\"2372\" data-end=\"2406\">du\u015f veya banyo gibi ortamlarda<\/strong> g\u00fcvenle kullan\u0131labilir, hijyenik ve kolayca temizlenebilir.<\/li>\n<\/ul>\n<hr data-start=\"2468\" data-end=\"2471\" \/>\n<h3 data-start=\"2473\" data-end=\"2529\"><strong data-start=\"2477\" data-end=\"2529\">Neden Telefon Kontroll\u00fc Modern Vibrat\u00f6r &#8211; Pembe?<\/strong><\/h3>\n<ul data-start=\"2531\" data-end=\"3105\">\n<li data-start=\"2531\" data-end=\"2672\"><strong data-start=\"2533\" data-end=\"2556\">\u0130nteraktif Deneyim:<\/strong> <strong data-start=\"2557\" data-end=\"2584\">Ak\u0131ll\u0131 telefon kontrol\u00fc<\/strong>, partnerinizle yak\u0131n ya da uzak mesafelerde bile e\u015fsiz bir deneyim ya\u015faman\u0131z\u0131 sa\u011flar.<\/li>\n<li data-start=\"2673\" data-end=\"2843\"><strong data-start=\"2675\" data-end=\"2698\">\u00c7e\u015fitli \u00d6zellikler:<\/strong> <strong data-start=\"2699\" data-end=\"2724\">M\u00fczik senkronizasyonu<\/strong>, <strong data-start=\"2726\" data-end=\"2761\">sesle aktive edilen titre\u015fimler<\/strong> ve <strong data-start=\"2765\" data-end=\"2788\">g\u00fc\u00e7l\u00fc, sessiz motor<\/strong> gibi \u00f6zelliklerle ki\u015fisel deneyiminizi \u00f6zelle\u015ftirin.<\/li>\n<li data-start=\"2844\" data-end=\"2981\"><strong data-start=\"2846\" data-end=\"2876\">Cilt Dostu ve Su Ge\u00e7irmez:<\/strong> Hassas b\u00f6lgeler i\u00e7in g\u00fcvenli ve hijyenik kullan\u0131m sunar, du\u015fta veya banyoda rahatl\u0131kla kullan\u0131labilir.<\/li>\n<li data-start=\"2982\" data-end=\"3105\"><strong data-start=\"2984\" data-end=\"3003\">Kolay Kullan\u0131m:<\/strong> <strong data-start=\"3004\" data-end=\"3018\">H\u0131zl\u0131 \u015farj<\/strong> ve <strong data-start=\"3022\" data-end=\"3046\">uzun s\u00fcreli kullan\u0131m<\/strong> sunarak konforu art\u0131r\u0131r ve s\u00fcrekli kesintisiz zevk sa\u011flar.<\/li>\n<\/ul>\n<hr data-start=\"3107\" data-end=\"3110\" \/>\n<h3 data-start=\"3112\" data-end=\"3126\"><strong data-start=\"3116\" data-end=\"3126\">Sonu\u00e7:<\/strong><\/h3>\n<p data-start=\"3127\" data-end=\"3661\" data-is-last-node=\"\" data-is-only-node=\"\"><strong data-start=\"3127\" data-end=\"3172\">Telefon Kontroll\u00fc Modern Vibrat\u00f6r &#8211; Pembe<\/strong>, <strong data-start=\"3174\" data-end=\"3199\">yenilik\u00e7i teknolojisi<\/strong>, <strong data-start=\"3201\" data-end=\"3217\">\u015f\u0131k tasar\u0131m\u0131<\/strong> ve <strong data-start=\"3221\" data-end=\"3255\">\u00f6zelle\u015ftirilebilir \u00f6zellikleri<\/strong> ile modern cinsel deneyimlerinizi bir ad\u0131m \u00f6teye ta\u015f\u0131r. \u0130ster partnerinizle yak\u0131n mesafede olun, ister uzun mesafelerde ileti\u015fim kurun, bu vibrat\u00f6r sizin i\u00e7in her ko\u015fulda m\u00fckemmel bir se\u00e7imdir. <strong data-start=\"3450\" data-end=\"3461\">Konforu<\/strong>, <strong data-start=\"3463\" data-end=\"3476\">e\u011flenceyi<\/strong> ve <strong data-start=\"3480\" data-end=\"3492\">yenili\u011fi<\/strong> bir arada sunarak, ki\u015fisel anlar\u0131n\u0131z\u0131 daha keyifli ve unutulmaz hale getirir. <strong data-start=\"3571\" data-end=\"3586\">Pembe Tilki<\/strong> g\u00fcvencesiyle, kalite ve teknolojinin bulu\u015ftu\u011fu bu e\u015fsiz deneyimi ke\u015ffedin!<\/p>\n","protected":false},"excerpt":{"rendered":"<p><strong data-start=\"87\" data-end=\"132\">Telefon Kontroll\u00fc Modern Vibrat\u00f6r &#8211; Pembe<\/strong>, son teknoloji \u00fcr\u00fcn\u00fc \u00f6zellikleri ve \u015f\u0131k tasar\u0131m\u0131yla, her an\u0131n\u0131z\u0131 daha keyifli ve heyecanl\u0131 hale getirmek i\u00e7in \u00f6zel olarak tasarlanm\u0131\u015ft\u0131r. Ak\u0131ll\u0131 telefonunuzla kontrol edilebilen bu vibrat\u00f6r, partnerinizle interaktif bir deneyim ya\u015faman\u0131za olanak tan\u0131r. Yak\u0131n mesafeden d\u00fcnyan\u0131n di\u011fer ucuna kadar her ko\u015fulda, <strong data-start=\"442\" data-end=\"489\">\u00f6zelle\u015ftirilmi\u015f ve etkileyici titre\u015fimlerle<\/strong> duygusal ve fiziksel bir ba\u011f kurabilirsiniz.<\/p>\n","protected":false},"featured_media":19221,"comment_status":"open","ping_status":"closed","template":"","meta":[],"product_brand":[127],"product_cat":[85],"product_tag":[285],"class_list":{"0":"post-19150","1":"product","2":"type-product","3":"status-publish","4":"has-post-thumbnail","6":"product_brand-pembe-tilki","7":"product_cat-modern-vibrator","8":"product_tag-telefon-kontrollu-modern-vibrator-pembe","10":"first","11":"outofstock","12":"taxable","13":"shipping-taxable","14":"purchasable","15":"product-type-simple"},"yoast_head":"<!-- This site is optimized with the Yoast SEO Premium plugin v24.4 (Yoast SEO v27.1.1) - https:\/\/yoast.com\/product\/yoast-seo-premium-wordpress\/ -->\n<title>Telefon Kontroll\u00fc Modern Vibrat\u00f6r Pembe - Bursa Erotik Shop<\/title>\n<meta name=\"robots\" content=\"index, follow, max-snippet:-1, max-image-preview:large, max-video-preview:-1\" \/>\n<link rel=\"canonical\" href=\"https:\/\/hobierotikshop.com.tr\/website1\/erotik-shop-urun\/telefon-kontrollu-modern-vibrator-pembe\/\" \/>\n<meta property=\"og:locale\" content=\"tr_TR\" \/>\n<meta property=\"og:type\" content=\"article\" \/>\n<meta property=\"og:title\" content=\"Telefon Kontroll\u00fc Modern Vibrat\u00f6r Pembe\" \/>\n<meta property=\"og:description\" content=\"Telefon Kontroll\u00fc Modern Vibrat\u00f6r - Pembe, son teknoloji \u00fcr\u00fcn\u00fc \u00f6zellikleri ve \u015f\u0131k tasar\u0131m\u0131yla, her an\u0131n\u0131z\u0131 daha keyifli ve heyecanl\u0131 hale getirmek i\u00e7in \u00f6zel olarak tasarlanm\u0131\u015ft\u0131r. Ak\u0131ll\u0131 telefonunuzla kontrol edilebilen bu vibrat\u00f6r, partnerinizle interaktif bir deneyim ya\u015faman\u0131za olanak tan\u0131r. Yak\u0131n mesafeden d\u00fcnyan\u0131n di\u011fer ucuna kadar her ko\u015fulda, \u00f6zelle\u015ftirilmi\u015f ve etkileyici titre\u015fimlerle duygusal ve fiziksel bir ba\u011f kurabilirsiniz.\" \/>\n<meta property=\"og:url\" content=\"https:\/\/hobierotikshop.com.tr\/website1\/erotik-shop-urun\/telefon-kontrollu-modern-vibrator-pembe\/\" \/>\n<meta property=\"og:site_name\" content=\"Bursa Erotik Shop\" \/>\n<meta property=\"article:modified_time\" content=\"2026-01-26T13:18:33+00:00\" \/>\n<meta property=\"og:image\" content=\"https:\/\/hobierotikshop.com.tr\/website1\/wp-content\/uploads\/2025\/03\/telefon-kontrollu-modern-vibrator-pembe-2039.jpg\" \/>\n\t<meta property=\"og:image:width\" content=\"1500\" \/>\n\t<meta property=\"og:image:height\" content=\"1500\" \/>\n\t<meta property=\"og:image:type\" content=\"image\/jpeg\" \/>\n<meta name=\"twitter:card\" content=\"summary_large_image\" \/>\n<meta name=\"twitter:site\" content=\"@shopbursa\" \/>\n<meta name=\"twitter:label1\" content=\"Fiyat\" \/>\n\t<meta name=\"twitter:data1\" content=\"&#8378;1.500,00 KDV DAH\u0130L\" \/>\n\t<meta name=\"twitter:label2\" content=\"Availability\" \/>\n\t<meta name=\"twitter:data2\" content=\"Out of stock\" \/>\n<script type=\"application\/ld+json\" class=\"yoast-schema-graph\">{\"@context\":\"https:\/\/schema.org\",\"@graph\":[{\"@type\":\"WebPage\",\"@id\":\"https:\/\/hobierotikshop.com.tr\/website1\/erotik-shop-urun\/telefon-kontrollu-modern-vibrator-pembe\/\",\"url\":\"https:\/\/hobierotikshop.com.tr\/website1\/erotik-shop-urun\/telefon-kontrollu-modern-vibrator-pembe\/\",\"name\":\"Telefon Kontroll\u00fc Modern Vibrat\u00f6r Pembe - Bursa Erotik Shop\",\"isPartOf\":{\"@id\":\"https:\/\/hobierotikshop.com.tr\/website1\/#website\"},\"primaryImageOfPage\":{\"@id\":\"https:\/\/hobierotikshop.com.tr\/website1\/erotik-shop-urun\/telefon-kontrollu-modern-vibrator-pembe\/#primaryimage\"},\"image\":{\"@id\":\"https:\/\/hobierotikshop.com.tr\/website1\/erotik-shop-urun\/telefon-kontrollu-modern-vibrator-pembe\/#primaryimage\"},\"thumbnailUrl\":\"https:\/\/haremerotikshop.com\/site\/wp-content\/uploads\/2025\/03\/telefon-kontrollu-modern-vibrator-pembe-2039.jpg\",\"datePublished\":\"2025-03-17T09:28:33+00:00\",\"dateModified\":\"2026-01-26T13:18:33+00:00\",\"breadcrumb\":{\"@id\":\"https:\/\/hobierotikshop.com.tr\/website1\/erotik-shop-urun\/telefon-kontrollu-modern-vibrator-pembe\/#breadcrumb\"},\"inLanguage\":\"tr\",\"potentialAction\":[{\"@type\":\"ReadAction\",\"target\":[\"https:\/\/hobierotikshop.com.tr\/website1\/erotik-shop-urun\/telefon-kontrollu-modern-vibrator-pembe\/\"]}]},{\"@type\":\"ImageObject\",\"inLanguage\":\"tr\",\"@id\":\"https:\/\/hobierotikshop.com.tr\/website1\/erotik-shop-urun\/telefon-kontrollu-modern-vibrator-pembe\/#primaryimage\",\"url\":\"https:\/\/haremerotikshop.com\/site\/wp-content\/uploads\/2025\/03\/telefon-kontrollu-modern-vibrator-pembe-2039.jpg\",\"contentUrl\":\"https:\/\/haremerotikshop.com\/site\/wp-content\/uploads\/2025\/03\/telefon-kontrollu-modern-vibrator-pembe-2039.jpg\",\"width\":1500,\"height\":1500},{\"@type\":\"BreadcrumbList\",\"@id\":\"https:\/\/hobierotikshop.com.tr\/website1\/erotik-shop-urun\/telefon-kontrollu-modern-vibrator-pembe\/#breadcrumb\",\"itemListElement\":[{\"@type\":\"ListItem\",\"position\":1,\"name\":\"Anasayfa\",\"item\":\"https:\/\/hobierotikshop.com.tr\/website1\/\"},{\"@type\":\"ListItem\",\"position\":2,\"name\":\"Erotik Shop \u00dcr\u00fcnleri\",\"item\":\"https:\/\/hobierotikshop.com.tr\/website1\/shop\/\"},{\"@type\":\"ListItem\",\"position\":3,\"name\":\"Telefon Kontroll\u00fc Modern Vibrat\u00f6r Pembe\"}]},{\"@type\":\"WebSite\",\"@id\":\"https:\/\/hobierotikshop.com.tr\/website1\/#website\",\"url\":\"https:\/\/hobierotikshop.com.tr\/website1\/\",\"name\":\"Bursa Erotik Shop\",\"description\":\"Bursa Erotik Shop ile g\u00fcvenli, gizli ve kaliteli yeti\u015fkin \u00fcr\u00fcnleri al\u0131\u015fveri\u015fi! Geni\u015f \u00fcr\u00fcn yelpazemizi ke\u015ffedin, hemen sipari\u015f verin\",\"publisher\":{\"@id\":\"https:\/\/hobierotikshop.com.tr\/website1\/#organization\"},\"alternateName\":\"Erotik Shop\",\"potentialAction\":[{\"@type\":\"SearchAction\",\"target\":{\"@type\":\"EntryPoint\",\"urlTemplate\":\"https:\/\/hobierotikshop.com.tr\/website1\/?s={search_term_string}\"},\"query-input\":{\"@type\":\"PropertyValueSpecification\",\"valueRequired\":true,\"valueName\":\"search_term_string\"}}],\"inLanguage\":\"tr\"},{\"@type\":\"Organization\",\"@id\":\"https:\/\/hobierotikshop.com.tr\/website1\/#organization\",\"name\":\"Harem Bursa Erotik Shop\",\"url\":\"https:\/\/hobierotikshop.com.tr\/website1\/\",\"logo\":{\"@type\":\"ImageObject\",\"inLanguage\":\"tr\",\"@id\":\"https:\/\/hobierotikshop.com.tr\/website1\/#\/schema\/logo\/image\/\",\"url\":\"https:\/\/haremerotikshop.com\/site\/wp-content\/uploads\/2025\/03\/haremsexshop.png\",\"contentUrl\":\"https:\/\/haremerotikshop.com\/site\/wp-content\/uploads\/2025\/03\/haremsexshop.png\",\"width\":400,\"height\":100,\"caption\":\"Harem Bursa Erotik Shop\"},\"image\":{\"@id\":\"https:\/\/hobierotikshop.com.tr\/website1\/#\/schema\/logo\/image\/\"},\"sameAs\":[\"https:\/\/x.com\/shopbursa\"],\"publishingPrinciples\":\"https:\/\/hobierotikshop.com.tr\/website1\/mesafeli-satis-sozlesmesi\/\",\"ownershipFundingInfo\":\"https:\/\/hobierotikshop.com.tr\/website1\/contact-us\/\",\"actionableFeedbackPolicy\":\"https:\/\/hobierotikshop.com.tr\/website1\/contact-us\/\",\"correctionsPolicy\":\"https:\/\/hobierotikshop.com.tr\/website1\/mesafeli-satis-sozlesmesi\/\"}]}<\/script>\n<meta property=\"product:brand\" content=\"Pembe Tilki\" \/>\n<meta property=\"product:price:amount\" content=\"1500.00\" \/>\n<meta property=\"product:price:currency\" content=\"TRY\" \/>\n<meta property=\"og:availability\" content=\"out of stock\" \/>\n<meta property=\"product:availability\" content=\"out of stock\" \/>\n<meta property=\"product:retailer_item_id\" content=\"PT-DVXE005\" \/>\n<meta property=\"product:condition\" content=\"new\" \/>\n<!-- \/ Yoast SEO Premium plugin. -->","yoast_head_json":{"title":"Telefon Kontroll\u00fc Modern Vibrat\u00f6r Pembe - Bursa Erotik Shop","robots":{"index":"index","follow":"follow","max-snippet":"max-snippet:-1","max-image-preview":"max-image-preview:large","max-video-preview":"max-video-preview:-1"},"canonical":"https:\/\/hobierotikshop.com.tr\/website1\/erotik-shop-urun\/telefon-kontrollu-modern-vibrator-pembe\/","og_locale":"tr_TR","og_type":"article","og_title":"Telefon Kontroll\u00fc Modern Vibrat\u00f6r Pembe","og_description":"Telefon Kontroll\u00fc Modern Vibrat\u00f6r - Pembe, son teknoloji \u00fcr\u00fcn\u00fc \u00f6zellikleri ve \u015f\u0131k tasar\u0131m\u0131yla, her an\u0131n\u0131z\u0131 daha keyifli ve heyecanl\u0131 hale getirmek i\u00e7in \u00f6zel olarak tasarlanm\u0131\u015ft\u0131r. Ak\u0131ll\u0131 telefonunuzla kontrol edilebilen bu vibrat\u00f6r, partnerinizle interaktif bir deneyim ya\u015faman\u0131za olanak tan\u0131r. Yak\u0131n mesafeden d\u00fcnyan\u0131n di\u011fer ucuna kadar her ko\u015fulda, \u00f6zelle\u015ftirilmi\u015f ve etkileyici titre\u015fimlerle duygusal ve fiziksel bir ba\u011f kurabilirsiniz.","og_url":"https:\/\/hobierotikshop.com.tr\/website1\/erotik-shop-urun\/telefon-kontrollu-modern-vibrator-pembe\/","og_site_name":"Bursa Erotik Shop","article_modified_time":"2026-01-26T13:18:33+00:00","og_image":[{"width":1500,"height":1500,"url":"https:\/\/hobierotikshop.com.tr\/website1\/wp-content\/uploads\/2025\/03\/telefon-kontrollu-modern-vibrator-pembe-2039.jpg","type":"image\/jpeg"}],"twitter_card":"summary_large_image","twitter_site":"@shopbursa","twitter_misc":{"Fiyat":"&#8378;1.500,00 KDV DAH\u0130L","Availability":"Out of stock"},"schema":{"@context":"https:\/\/schema.org","@graph":[{"@type":"WebPage","@id":"https:\/\/hobierotikshop.com.tr\/website1\/erotik-shop-urun\/telefon-kontrollu-modern-vibrator-pembe\/","url":"https:\/\/hobierotikshop.com.tr\/website1\/erotik-shop-urun\/telefon-kontrollu-modern-vibrator-pembe\/","name":"Telefon Kontroll\u00fc Modern Vibrat\u00f6r Pembe - Bursa Erotik Shop","isPartOf":{"@id":"https:\/\/hobierotikshop.com.tr\/website1\/#website"},"primaryImageOfPage":{"@id":"https:\/\/hobierotikshop.com.tr\/website1\/erotik-shop-urun\/telefon-kontrollu-modern-vibrator-pembe\/#primaryimage"},"image":{"@id":"https:\/\/hobierotikshop.com.tr\/website1\/erotik-shop-urun\/telefon-kontrollu-modern-vibrator-pembe\/#primaryimage"},"thumbnailUrl":"https:\/\/haremerotikshop.com\/site\/wp-content\/uploads\/2025\/03\/telefon-kontrollu-modern-vibrator-pembe-2039.jpg","datePublished":"2025-03-17T09:28:33+00:00","dateModified":"2026-01-26T13:18:33+00:00","breadcrumb":{"@id":"https:\/\/hobierotikshop.com.tr\/website1\/erotik-shop-urun\/telefon-kontrollu-modern-vibrator-pembe\/#breadcrumb"},"inLanguage":"tr","potentialAction":[{"@type":"ReadAction","target":["https:\/\/hobierotikshop.com.tr\/website1\/erotik-shop-urun\/telefon-kontrollu-modern-vibrator-pembe\/"]}]},{"@type":"ImageObject","inLanguage":"tr","@id":"https:\/\/hobierotikshop.com.tr\/website1\/erotik-shop-urun\/telefon-kontrollu-modern-vibrator-pembe\/#primaryimage","url":"https:\/\/haremerotikshop.com\/site\/wp-content\/uploads\/2025\/03\/telefon-kontrollu-modern-vibrator-pembe-2039.jpg","contentUrl":"https:\/\/haremerotikshop.com\/site\/wp-content\/uploads\/2025\/03\/telefon-kontrollu-modern-vibrator-pembe-2039.jpg","width":1500,"height":1500},{"@type":"BreadcrumbList","@id":"https:\/\/hobierotikshop.com.tr\/website1\/erotik-shop-urun\/telefon-kontrollu-modern-vibrator-pembe\/#breadcrumb","itemListElement":[{"@type":"ListItem","position":1,"name":"Anasayfa","item":"https:\/\/hobierotikshop.com.tr\/website1\/"},{"@type":"ListItem","position":2,"name":"Erotik Shop \u00dcr\u00fcnleri","item":"https:\/\/hobierotikshop.com.tr\/website1\/shop\/"},{"@type":"ListItem","position":3,"name":"Telefon Kontroll\u00fc Modern Vibrat\u00f6r Pembe"}]},{"@type":"WebSite","@id":"https:\/\/hobierotikshop.com.tr\/website1\/#website","url":"https:\/\/hobierotikshop.com.tr\/website1\/","name":"Bursa Erotik Shop","description":"Bursa Erotik Shop ile g\u00fcvenli, gizli ve kaliteli yeti\u015fkin \u00fcr\u00fcnleri al\u0131\u015fveri\u015fi! Geni\u015f \u00fcr\u00fcn yelpazemizi ke\u015ffedin, hemen sipari\u015f verin","publisher":{"@id":"https:\/\/hobierotikshop.com.tr\/website1\/#organization"},"alternateName":"Erotik Shop","potentialAction":[{"@type":"SearchAction","target":{"@type":"EntryPoint","urlTemplate":"https:\/\/hobierotikshop.com.tr\/website1\/?s={search_term_string}"},"query-input":{"@type":"PropertyValueSpecification","valueRequired":true,"valueName":"search_term_string"}}],"inLanguage":"tr"},{"@type":"Organization","@id":"https:\/\/hobierotikshop.com.tr\/website1\/#organization","name":"Harem Bursa Erotik Shop","url":"https:\/\/hobierotikshop.com.tr\/website1\/","logo":{"@type":"ImageObject","inLanguage":"tr","@id":"https:\/\/hobierotikshop.com.tr\/website1\/#\/schema\/logo\/image\/","url":"https:\/\/haremerotikshop.com\/site\/wp-content\/uploads\/2025\/03\/haremsexshop.png","contentUrl":"https:\/\/haremerotikshop.com\/site\/wp-content\/uploads\/2025\/03\/haremsexshop.png","width":400,"height":100,"caption":"Harem Bursa Erotik Shop"},"image":{"@id":"https:\/\/hobierotikshop.com.tr\/website1\/#\/schema\/logo\/image\/"},"sameAs":["https:\/\/x.com\/shopbursa"],"publishingPrinciples":"https:\/\/hobierotikshop.com.tr\/website1\/mesafeli-satis-sozlesmesi\/","ownershipFundingInfo":"https:\/\/hobierotikshop.com.tr\/website1\/contact-us\/","actionableFeedbackPolicy":"https:\/\/hobierotikshop.com.tr\/website1\/contact-us\/","correctionsPolicy":"https:\/\/hobierotikshop.com.tr\/website1\/mesafeli-satis-sozlesmesi\/"}]},"product_brand":"Pembe Tilki","product_price_amount":"1500.00","product_price_currency":"TRY","og_availability":"out of stock","product_availability":"out of stock","product_retailer_item_id":"PT-DVXE005","product_condition":"new"},"_links":{"self":[{"href":"https:\/\/haremerotikshop.com\/site\/wp-json\/wp\/v2\/product\/19150","targetHints":{"allow":["GET"]}}],"collection":[{"href":"https:\/\/haremerotikshop.com\/site\/wp-json\/wp\/v2\/product"}],"about":[{"href":"https:\/\/haremerotikshop.com\/site\/wp-json\/wp\/v2\/types\/product"}],"replies":[{"embeddable":true,"href":"https:\/\/haremerotikshop.com\/site\/wp-json\/wp\/v2\/comments?post=19150"}],"version-history":[{"count":0,"href":"https:\/\/haremerotikshop.com\/site\/wp-json\/wp\/v2\/product\/19150\/revisions"}],"wp:featuredmedia":[{"embeddable":true,"href":"https:\/\/haremerotikshop.com\/site\/wp-json\/wp\/v2\/media\/19221"}],"wp:attachment":[{"href":"https:\/\/haremerotikshop.com\/site\/wp-json\/wp\/v2\/media?parent=19150"}],"wp:term":[{"taxonomy":"product_brand","embeddable":true,"href":"https:\/\/haremerotikshop.com\/site\/wp-json\/wp\/v2\/product_brand?post=19150"},{"taxonomy":"product_cat","embeddable":true,"href":"https:\/\/haremerotikshop.com\/site\/wp-json\/wp\/v2\/product_cat?post=19150"},{"taxonomy":"product_tag","embeddable":true,"href":"https:\/\/haremerotikshop.com\/site\/wp-json\/wp\/v2\/product_tag?post=19150"}],"curies":[{"name":"wp","href":"https:\/\/api.w.org\/{rel}","templated":true}]}}