{"id":19172,"date":"2025-03-17T12:28:57","date_gmt":"2025-03-17T09:28:57","guid":{"rendered":"https:\/\/haremerotikshop.com\/site\/?post_type=product&#038;p=19172"},"modified":"2026-01-26T16:17:49","modified_gmt":"2026-01-26T13:17:49","slug":"anal-boncuk-pembe","status":"publish","type":"product","link":"https:\/\/haremerotikshop.com\/site\/erotik-shop-urun\/anal-boncuk-pembe\/","title":{"rendered":"Anal Boncuk Pembe"},"content":{"rendered":"<h3 data-start=\"0\" data-end=\"66\"><strong data-start=\"4\" data-end=\"64\">Pembe Tilki Anal Boncuk &#8211; Zarif ve Konforlu Bir Deneyim!<\/strong><\/h3>\n<p data-start=\"68\" data-end=\"417\"><strong data-start=\"68\" data-end=\"95\">Pembe Tilki Anal Boncuk<\/strong>, hem yeni ba\u015flayanlar hem de deneyimli kullan\u0131c\u0131lar i\u00e7in m\u00fckemmel bir se\u00e7imdir. Ergonomik tasar\u0131m\u0131, cilt dostu malzemesi ve hafif yap\u0131s\u0131yla rahat\u00e7a kullanabilece\u011finiz bu \u00fcr\u00fcn, \u00f6zel anlar\u0131n\u0131za keyifli bir dokunu\u015f ekler. Yumu\u015fak silikon dokusu ve esnek yap\u0131s\u0131, hassas b\u00f6lgeler i\u00e7in g\u00fcvenli ve konforlu bir deneyim sa\u011flar.<\/p>\n<hr data-start=\"419\" data-end=\"422\" \/>\n<h3 data-start=\"424\" data-end=\"452\"><strong data-start=\"428\" data-end=\"452\">\ud83d\udd39 \u00dcr\u00fcn \u00d6zellikleri:<\/strong><\/h3>\n<p data-start=\"454\" data-end=\"487\">\u2714 <strong data-start=\"456\" data-end=\"485\">Boyutlar: 18,5 cm Uzunluk<\/strong><\/p>\n<ul data-start=\"488\" data-end=\"610\">\n<li data-start=\"488\" data-end=\"539\"><strong data-start=\"490\" data-end=\"507\">\u0130deal uzunluk<\/strong> ile rahat bir kullan\u0131m sunar.<\/li>\n<li data-start=\"540\" data-end=\"610\">Hem yeni ba\u015flayanlar hem de deneyimli kullan\u0131c\u0131lar i\u00e7in uygun boyut.<\/li>\n<\/ul>\n<p data-start=\"612\" data-end=\"656\">\u2714 <strong data-start=\"614\" data-end=\"654\">Hafif ve Ta\u015f\u0131nabilir (75 gr A\u011f\u0131rl\u0131k)<\/strong><\/p>\n<ul data-start=\"657\" data-end=\"798\">\n<li data-start=\"657\" data-end=\"727\">Yaln\u0131zca <strong data-start=\"668\" data-end=\"679\">75 gram<\/strong> a\u011f\u0131rl\u0131\u011f\u0131 ile pratik ve <strong data-start=\"703\" data-end=\"724\">kolay ta\u015f\u0131nabilir<\/strong>.<\/li>\n<li data-start=\"728\" data-end=\"798\">K\u00fc\u00e7\u00fck boyutu sayesinde seyahatlerinizde de rahat\u00e7a ta\u015f\u0131yabilirsiniz.<\/li>\n<\/ul>\n<p data-start=\"800\" data-end=\"826\">\u2714 <strong data-start=\"802\" data-end=\"824\">Cilt Dostu Silikon<\/strong><\/p>\n<ul data-start=\"827\" data-end=\"992\">\n<li data-start=\"827\" data-end=\"943\">Yumu\u015fak dokusu ve esnekli\u011fi sayesinde <strong data-start=\"867\" data-end=\"883\">cilde uyumlu<\/strong> olan <strong data-start=\"889\" data-end=\"916\">y\u00fcksek kaliteli silikon<\/strong> malzemeden \u00fcretilmi\u015ftir.<\/li>\n<li data-start=\"944\" data-end=\"992\"><strong data-start=\"946\" data-end=\"984\">Hassas b\u00f6lgelerde g\u00fcvenli kullan\u0131m<\/strong> sa\u011flar.<\/li>\n<\/ul>\n<p data-start=\"994\" data-end=\"1019\">\u2714 <strong data-start=\"996\" data-end=\"1017\">Ergonomik Tasar\u0131m<\/strong><\/p>\n<ul data-start=\"1020\" data-end=\"1182\">\n<li data-start=\"1020\" data-end=\"1114\"><strong data-start=\"1022\" data-end=\"1054\">T\u00fcm seviyelerde kullan\u0131c\u0131lar<\/strong> i\u00e7in tasarlanm\u0131\u015f ergonomik yap\u0131 ile rahat kullan\u0131m sunar.<\/li>\n<li data-start=\"1115\" data-end=\"1182\"><strong data-start=\"1117\" data-end=\"1131\">Kolay uyum<\/strong> sa\u011flayarak konforlu bir deneyim ya\u015faman\u0131z\u0131 sa\u011flar.<\/li>\n<\/ul>\n<hr data-start=\"1184\" data-end=\"1187\" \/>\n<h3 data-start=\"1189\" data-end=\"1230\"><strong data-start=\"1193\" data-end=\"1230\">\ud83d\udd39 Neden Pembe Tilki Anal Boncuk?<\/strong><\/h3>\n<p data-start=\"1232\" data-end=\"1269\">\u2714 <strong data-start=\"1234\" data-end=\"1267\">Konforlu ve G\u00fcvenli Kullan\u0131m:<\/strong><\/p>\n<ul data-start=\"1270\" data-end=\"1436\">\n<li data-start=\"1270\" data-end=\"1346\"><strong data-start=\"1272\" data-end=\"1294\">Cilt dostu silikon<\/strong> ile <strong data-start=\"1299\" data-end=\"1310\">g\u00fcvenli<\/strong> ve <strong data-start=\"1314\" data-end=\"1336\">rahat bir kullan\u0131m<\/strong> sa\u011flar.<\/li>\n<li data-start=\"1347\" data-end=\"1436\"><strong data-start=\"1349\" data-end=\"1368\">Hassas b\u00f6lgeler<\/strong> i\u00e7in \u00f6zel olarak tasarlanm\u0131\u015ft\u0131r, b\u00f6ylece g\u00fcvenle kullanabilirsiniz.<\/li>\n<\/ul>\n<p data-start=\"1438\" data-end=\"1467\">\u2714 <strong data-start=\"1440\" data-end=\"1465\">Zarif ve \u015e\u0131k Tasar\u0131m:<\/strong><\/p>\n<ul data-start=\"1468\" data-end=\"1638\">\n<li data-start=\"1468\" data-end=\"1576\"><strong data-start=\"1470\" data-end=\"1488\">Zarif tasar\u0131m\u0131<\/strong> ve <strong data-start=\"1492\" data-end=\"1511\">modern g\u00f6r\u00fcn\u00fcme<\/strong> sahip Anal Boncuk, estetik a\u00e7\u0131dan da tatmin edici bir \u00fcr\u00fcnd\u00fcr.<\/li>\n<li data-start=\"1577\" data-end=\"1638\">\u015e\u0131k yap\u0131s\u0131yla \u00f6zel anlar\u0131n\u0131za <strong data-start=\"1609\" data-end=\"1631\">farkl\u0131 bir dokunu\u015f<\/strong> katar.<\/li>\n<\/ul>\n<p data-start=\"1640\" data-end=\"1672\">\u2714 <strong data-start=\"1642\" data-end=\"1670\">Ergonomik ve Hafif Yap\u0131:<\/strong><\/p>\n<ul data-start=\"1673\" data-end=\"1835\">\n<li data-start=\"1673\" data-end=\"1757\"><strong data-start=\"1675\" data-end=\"1693\">Hafif tasar\u0131m\u0131<\/strong> sayesinde uzun s\u00fcreli kullan\u0131mlarda bile <strong data-start=\"1735\" data-end=\"1754\">rahatl\u0131k sa\u011flar<\/strong>.<\/li>\n<li data-start=\"1758\" data-end=\"1835\"><strong data-start=\"1760\" data-end=\"1780\">Ergonomik yap\u0131s\u0131<\/strong> t\u00fcm v\u00fccut tiplerine uyum g\u00f6sterir, kullan\u0131c\u0131 dostudur.<\/li>\n<\/ul>\n<p data-start=\"1837\" data-end=\"1879\">\u2714 <strong data-start=\"1839\" data-end=\"1877\">Pembe Tilki Kalitesi ve G\u00fcvencesi:<\/strong><\/p>\n<ul data-start=\"1880\" data-end=\"2069\">\n<li data-start=\"1880\" data-end=\"1990\"><strong data-start=\"1882\" data-end=\"1897\">Pembe Tilki<\/strong>, \u015f\u0131kl\u0131\u011f\u0131 ve <strong data-start=\"1910\" data-end=\"1941\">y\u00fcksek kaliteli malzemeleri<\/strong> ile g\u00fcvenli ve <strong data-start=\"1957\" data-end=\"1969\">konforlu<\/strong> bir deneyim sunar.<\/li>\n<li data-start=\"1991\" data-end=\"2069\"><strong data-start=\"1993\" data-end=\"2019\">Her kullan\u0131mda keyifli<\/strong> bir deneyim ya\u015faman\u0131z i\u00e7in \u00f6zenle tasarlanm\u0131\u015ft\u0131r.<\/li>\n<\/ul>\n<hr data-start=\"2071\" data-end=\"2074\" \/>\n<h3 data-start=\"2076\" data-end=\"2120\"><strong data-start=\"2080\" data-end=\"2118\">\ud83d\udc96 Pembe Tilki ile Fark\u0131 Hissedin!<\/strong><\/h3>\n<p data-start=\"2121\" data-end=\"2428\" data-is-only-node=\"\"><strong data-start=\"2121\" data-end=\"2148\">Pembe Tilki Anal Boncuk<\/strong>, estetik tasar\u0131m\u0131 ve <strong data-start=\"2170\" data-end=\"2184\">cilt dostu<\/strong> malzemesiyle e\u015fsiz bir deneyim sunar. Yumu\u015fak, esnek ve konforlu yap\u0131s\u0131 sayesinde, hem yeni ba\u015flayanlar hem de deneyimli kullan\u0131c\u0131lar i\u00e7in m\u00fckemmel bir tercihtir. <strong data-start=\"2348\" data-end=\"2367\">\u00d6zel anlar\u0131n\u0131z\u0131<\/strong> daha keyifli ve unutulmaz hale getirmek i\u00e7in hemen ke\u015ffedin!<\/p>\n","protected":false},"excerpt":{"rendered":"<p><strong data-start=\"68\" data-end=\"95\">Pembe Tilki Anal Boncuk<\/strong>, hem yeni ba\u015flayanlar hem de deneyimli kullan\u0131c\u0131lar i\u00e7in m\u00fckemmel bir se\u00e7imdir. Ergonomik tasar\u0131m\u0131, cilt dostu malzemesi ve hafif yap\u0131s\u0131yla rahat\u00e7a kullanabilece\u011finiz bu \u00fcr\u00fcn, \u00f6zel anlar\u0131n\u0131za keyifli bir dokunu\u015f ekler. Yumu\u015fak silikon dokusu ve esnek yap\u0131s\u0131, hassas b\u00f6lgeler i\u00e7in g\u00fcvenli ve konforlu bir deneyim sa\u011flar.<\/p>\n","protected":false},"featured_media":19250,"comment_status":"open","ping_status":"closed","template":"","meta":[],"product_brand":[127],"product_cat":[88],"product_tag":[289],"class_list":{"0":"post-19172","1":"product","2":"type-product","3":"status-publish","4":"has-post-thumbnail","6":"product_brand-pembe-tilki","7":"product_cat-anal-urun","8":"product_tag-anal-boncuk-pembe","10":"first","11":"instock","12":"taxable","13":"shipping-taxable","14":"purchasable","15":"product-type-simple"},"yoast_head":"<!-- This site is optimized with the Yoast SEO Premium plugin v24.4 (Yoast SEO v27.1.1) - https:\/\/yoast.com\/product\/yoast-seo-premium-wordpress\/ -->\n<title>Anal Boncuk Pembe - Bursa Erotik Shop<\/title>\n<meta name=\"robots\" content=\"index, follow, max-snippet:-1, max-image-preview:large, max-video-preview:-1\" \/>\n<link rel=\"canonical\" href=\"https:\/\/hobierotikshop.com.tr\/website1\/erotik-shop-urun\/anal-boncuk-pembe\/\" \/>\n<meta property=\"og:locale\" content=\"tr_TR\" \/>\n<meta property=\"og:type\" content=\"article\" \/>\n<meta property=\"og:title\" content=\"Anal Boncuk Pembe\" \/>\n<meta property=\"og:description\" content=\"Pembe Tilki Anal Boncuk, hem yeni ba\u015flayanlar hem de deneyimli kullan\u0131c\u0131lar i\u00e7in m\u00fckemmel bir se\u00e7imdir. Ergonomik tasar\u0131m\u0131, cilt dostu malzemesi ve hafif yap\u0131s\u0131yla rahat\u00e7a kullanabilece\u011finiz bu \u00fcr\u00fcn, \u00f6zel anlar\u0131n\u0131za keyifli bir dokunu\u015f ekler. Yumu\u015fak silikon dokusu ve esnek yap\u0131s\u0131, hassas b\u00f6lgeler i\u00e7in g\u00fcvenli ve konforlu bir deneyim sa\u011flar.\" \/>\n<meta property=\"og:url\" content=\"https:\/\/hobierotikshop.com.tr\/website1\/erotik-shop-urun\/anal-boncuk-pembe\/\" \/>\n<meta property=\"og:site_name\" content=\"Bursa Erotik Shop\" \/>\n<meta property=\"article:modified_time\" content=\"2026-01-26T13:17:49+00:00\" \/>\n<meta property=\"og:image\" content=\"https:\/\/hobierotikshop.com.tr\/website1\/wp-content\/uploads\/2025\/03\/anal-boncuk-pembe-1971.jpg\" \/>\n\t<meta property=\"og:image:width\" content=\"1500\" \/>\n\t<meta property=\"og:image:height\" content=\"1500\" \/>\n\t<meta property=\"og:image:type\" content=\"image\/jpeg\" \/>\n<meta name=\"twitter:card\" content=\"summary_large_image\" \/>\n<meta name=\"twitter:site\" content=\"@shopbursa\" \/>\n<meta name=\"twitter:label1\" content=\"Fiyat\" \/>\n\t<meta name=\"twitter:data1\" content=\"&#8378;700,00 KDV DAH\u0130L\" \/>\n\t<meta name=\"twitter:label2\" content=\"Availability\" \/>\n\t<meta name=\"twitter:data2\" content=\"In stock\" \/>\n<script type=\"application\/ld+json\" class=\"yoast-schema-graph\">{\"@context\":\"https:\/\/schema.org\",\"@graph\":[{\"@type\":\"WebPage\",\"@id\":\"https:\/\/hobierotikshop.com.tr\/website1\/erotik-shop-urun\/anal-boncuk-pembe\/\",\"url\":\"https:\/\/hobierotikshop.com.tr\/website1\/erotik-shop-urun\/anal-boncuk-pembe\/\",\"name\":\"Anal Boncuk Pembe - Bursa Erotik Shop\",\"isPartOf\":{\"@id\":\"https:\/\/hobierotikshop.com.tr\/website1\/#website\"},\"primaryImageOfPage\":{\"@id\":\"https:\/\/hobierotikshop.com.tr\/website1\/erotik-shop-urun\/anal-boncuk-pembe\/#primaryimage\"},\"image\":{\"@id\":\"https:\/\/hobierotikshop.com.tr\/website1\/erotik-shop-urun\/anal-boncuk-pembe\/#primaryimage\"},\"thumbnailUrl\":\"https:\/\/haremerotikshop.com\/site\/wp-content\/uploads\/2025\/03\/anal-boncuk-pembe-1971.jpg\",\"datePublished\":\"2025-03-17T09:28:57+00:00\",\"dateModified\":\"2026-01-26T13:17:49+00:00\",\"breadcrumb\":{\"@id\":\"https:\/\/hobierotikshop.com.tr\/website1\/erotik-shop-urun\/anal-boncuk-pembe\/#breadcrumb\"},\"inLanguage\":\"tr\",\"potentialAction\":[{\"@type\":\"ReadAction\",\"target\":[\"https:\/\/hobierotikshop.com.tr\/website1\/erotik-shop-urun\/anal-boncuk-pembe\/\"]}]},{\"@type\":\"ImageObject\",\"inLanguage\":\"tr\",\"@id\":\"https:\/\/hobierotikshop.com.tr\/website1\/erotik-shop-urun\/anal-boncuk-pembe\/#primaryimage\",\"url\":\"https:\/\/haremerotikshop.com\/site\/wp-content\/uploads\/2025\/03\/anal-boncuk-pembe-1971.jpg\",\"contentUrl\":\"https:\/\/haremerotikshop.com\/site\/wp-content\/uploads\/2025\/03\/anal-boncuk-pembe-1971.jpg\",\"width\":1500,\"height\":1500},{\"@type\":\"BreadcrumbList\",\"@id\":\"https:\/\/hobierotikshop.com.tr\/website1\/erotik-shop-urun\/anal-boncuk-pembe\/#breadcrumb\",\"itemListElement\":[{\"@type\":\"ListItem\",\"position\":1,\"name\":\"Anasayfa\",\"item\":\"https:\/\/hobierotikshop.com.tr\/website1\/\"},{\"@type\":\"ListItem\",\"position\":2,\"name\":\"Erotik Shop \u00dcr\u00fcnleri\",\"item\":\"https:\/\/hobierotikshop.com.tr\/website1\/shop\/\"},{\"@type\":\"ListItem\",\"position\":3,\"name\":\"Anal Boncuk Pembe\"}]},{\"@type\":\"WebSite\",\"@id\":\"https:\/\/hobierotikshop.com.tr\/website1\/#website\",\"url\":\"https:\/\/hobierotikshop.com.tr\/website1\/\",\"name\":\"Bursa Erotik Shop\",\"description\":\"Bursa Erotik Shop ile g\u00fcvenli, gizli ve kaliteli yeti\u015fkin \u00fcr\u00fcnleri al\u0131\u015fveri\u015fi! Geni\u015f \u00fcr\u00fcn yelpazemizi ke\u015ffedin, hemen sipari\u015f verin\",\"publisher\":{\"@id\":\"https:\/\/hobierotikshop.com.tr\/website1\/#organization\"},\"alternateName\":\"Erotik Shop\",\"potentialAction\":[{\"@type\":\"SearchAction\",\"target\":{\"@type\":\"EntryPoint\",\"urlTemplate\":\"https:\/\/hobierotikshop.com.tr\/website1\/?s={search_term_string}\"},\"query-input\":{\"@type\":\"PropertyValueSpecification\",\"valueRequired\":true,\"valueName\":\"search_term_string\"}}],\"inLanguage\":\"tr\"},{\"@type\":\"Organization\",\"@id\":\"https:\/\/hobierotikshop.com.tr\/website1\/#organization\",\"name\":\"Harem Bursa Erotik Shop\",\"url\":\"https:\/\/hobierotikshop.com.tr\/website1\/\",\"logo\":{\"@type\":\"ImageObject\",\"inLanguage\":\"tr\",\"@id\":\"https:\/\/hobierotikshop.com.tr\/website1\/#\/schema\/logo\/image\/\",\"url\":\"https:\/\/haremerotikshop.com\/wp-content\/uploads\/2025\/03\/haremsexshop.png\",\"contentUrl\":\"https:\/\/haremerotikshop.com\/wp-content\/uploads\/2025\/03\/haremsexshop.png\",\"width\":400,\"height\":100,\"caption\":\"Harem Bursa Erotik Shop\"},\"image\":{\"@id\":\"https:\/\/hobierotikshop.com.tr\/website1\/#\/schema\/logo\/image\/\"},\"sameAs\":[\"https:\/\/x.com\/shopbursa\"],\"publishingPrinciples\":\"https:\/\/hobierotikshop.com.tr\/website1\/mesafeli-satis-sozlesmesi\/\",\"ownershipFundingInfo\":\"https:\/\/hobierotikshop.com.tr\/website1\/contact-us\/\",\"actionableFeedbackPolicy\":\"https:\/\/hobierotikshop.com.tr\/website1\/contact-us\/\",\"correctionsPolicy\":\"https:\/\/hobierotikshop.com.tr\/website1\/mesafeli-satis-sozlesmesi\/\"}]}<\/script>\n<meta property=\"product:brand\" content=\"Pembe Tilki\" \/>\n<meta property=\"product:price:amount\" content=\"700.00\" \/>\n<meta property=\"product:price:currency\" content=\"TRY\" \/>\n<meta property=\"og:availability\" content=\"instock\" \/>\n<meta property=\"product:availability\" content=\"instock\" \/>\n<meta property=\"product:retailer_item_id\" content=\"PT-ANXM101PNK\" \/>\n<meta property=\"product:condition\" content=\"new\" \/>\n<!-- \/ Yoast SEO Premium plugin. -->","yoast_head_json":{"title":"Anal Boncuk Pembe - Bursa Erotik Shop","robots":{"index":"index","follow":"follow","max-snippet":"max-snippet:-1","max-image-preview":"max-image-preview:large","max-video-preview":"max-video-preview:-1"},"canonical":"https:\/\/hobierotikshop.com.tr\/website1\/erotik-shop-urun\/anal-boncuk-pembe\/","og_locale":"tr_TR","og_type":"article","og_title":"Anal Boncuk Pembe","og_description":"Pembe Tilki Anal Boncuk, hem yeni ba\u015flayanlar hem de deneyimli kullan\u0131c\u0131lar i\u00e7in m\u00fckemmel bir se\u00e7imdir. Ergonomik tasar\u0131m\u0131, cilt dostu malzemesi ve hafif yap\u0131s\u0131yla rahat\u00e7a kullanabilece\u011finiz bu \u00fcr\u00fcn, \u00f6zel anlar\u0131n\u0131za keyifli bir dokunu\u015f ekler. Yumu\u015fak silikon dokusu ve esnek yap\u0131s\u0131, hassas b\u00f6lgeler i\u00e7in g\u00fcvenli ve konforlu bir deneyim sa\u011flar.","og_url":"https:\/\/hobierotikshop.com.tr\/website1\/erotik-shop-urun\/anal-boncuk-pembe\/","og_site_name":"Bursa Erotik Shop","article_modified_time":"2026-01-26T13:17:49+00:00","og_image":[{"width":1500,"height":1500,"url":"https:\/\/hobierotikshop.com.tr\/website1\/wp-content\/uploads\/2025\/03\/anal-boncuk-pembe-1971.jpg","type":"image\/jpeg"}],"twitter_card":"summary_large_image","twitter_site":"@shopbursa","twitter_misc":{"Fiyat":"&#8378;700,00 KDV DAH\u0130L","Availability":"In stock"},"schema":{"@context":"https:\/\/schema.org","@graph":[{"@type":"WebPage","@id":"https:\/\/hobierotikshop.com.tr\/website1\/erotik-shop-urun\/anal-boncuk-pembe\/","url":"https:\/\/hobierotikshop.com.tr\/website1\/erotik-shop-urun\/anal-boncuk-pembe\/","name":"Anal Boncuk Pembe - Bursa Erotik Shop","isPartOf":{"@id":"https:\/\/hobierotikshop.com.tr\/website1\/#website"},"primaryImageOfPage":{"@id":"https:\/\/hobierotikshop.com.tr\/website1\/erotik-shop-urun\/anal-boncuk-pembe\/#primaryimage"},"image":{"@id":"https:\/\/hobierotikshop.com.tr\/website1\/erotik-shop-urun\/anal-boncuk-pembe\/#primaryimage"},"thumbnailUrl":"https:\/\/haremerotikshop.com\/site\/wp-content\/uploads\/2025\/03\/anal-boncuk-pembe-1971.jpg","datePublished":"2025-03-17T09:28:57+00:00","dateModified":"2026-01-26T13:17:49+00:00","breadcrumb":{"@id":"https:\/\/hobierotikshop.com.tr\/website1\/erotik-shop-urun\/anal-boncuk-pembe\/#breadcrumb"},"inLanguage":"tr","potentialAction":[{"@type":"ReadAction","target":["https:\/\/hobierotikshop.com.tr\/website1\/erotik-shop-urun\/anal-boncuk-pembe\/"]}]},{"@type":"ImageObject","inLanguage":"tr","@id":"https:\/\/hobierotikshop.com.tr\/website1\/erotik-shop-urun\/anal-boncuk-pembe\/#primaryimage","url":"https:\/\/haremerotikshop.com\/site\/wp-content\/uploads\/2025\/03\/anal-boncuk-pembe-1971.jpg","contentUrl":"https:\/\/haremerotikshop.com\/site\/wp-content\/uploads\/2025\/03\/anal-boncuk-pembe-1971.jpg","width":1500,"height":1500},{"@type":"BreadcrumbList","@id":"https:\/\/hobierotikshop.com.tr\/website1\/erotik-shop-urun\/anal-boncuk-pembe\/#breadcrumb","itemListElement":[{"@type":"ListItem","position":1,"name":"Anasayfa","item":"https:\/\/hobierotikshop.com.tr\/website1\/"},{"@type":"ListItem","position":2,"name":"Erotik Shop \u00dcr\u00fcnleri","item":"https:\/\/hobierotikshop.com.tr\/website1\/shop\/"},{"@type":"ListItem","position":3,"name":"Anal Boncuk Pembe"}]},{"@type":"WebSite","@id":"https:\/\/hobierotikshop.com.tr\/website1\/#website","url":"https:\/\/hobierotikshop.com.tr\/website1\/","name":"Bursa Erotik Shop","description":"Bursa Erotik Shop ile g\u00fcvenli, gizli ve kaliteli yeti\u015fkin \u00fcr\u00fcnleri al\u0131\u015fveri\u015fi! Geni\u015f \u00fcr\u00fcn yelpazemizi ke\u015ffedin, hemen sipari\u015f verin","publisher":{"@id":"https:\/\/hobierotikshop.com.tr\/website1\/#organization"},"alternateName":"Erotik Shop","potentialAction":[{"@type":"SearchAction","target":{"@type":"EntryPoint","urlTemplate":"https:\/\/hobierotikshop.com.tr\/website1\/?s={search_term_string}"},"query-input":{"@type":"PropertyValueSpecification","valueRequired":true,"valueName":"search_term_string"}}],"inLanguage":"tr"},{"@type":"Organization","@id":"https:\/\/hobierotikshop.com.tr\/website1\/#organization","name":"Harem Bursa Erotik Shop","url":"https:\/\/hobierotikshop.com.tr\/website1\/","logo":{"@type":"ImageObject","inLanguage":"tr","@id":"https:\/\/hobierotikshop.com.tr\/website1\/#\/schema\/logo\/image\/","url":"https:\/\/haremerotikshop.com\/wp-content\/uploads\/2025\/03\/haremsexshop.png","contentUrl":"https:\/\/haremerotikshop.com\/wp-content\/uploads\/2025\/03\/haremsexshop.png","width":400,"height":100,"caption":"Harem Bursa Erotik Shop"},"image":{"@id":"https:\/\/hobierotikshop.com.tr\/website1\/#\/schema\/logo\/image\/"},"sameAs":["https:\/\/x.com\/shopbursa"],"publishingPrinciples":"https:\/\/hobierotikshop.com.tr\/website1\/mesafeli-satis-sozlesmesi\/","ownershipFundingInfo":"https:\/\/hobierotikshop.com.tr\/website1\/contact-us\/","actionableFeedbackPolicy":"https:\/\/hobierotikshop.com.tr\/website1\/contact-us\/","correctionsPolicy":"https:\/\/hobierotikshop.com.tr\/website1\/mesafeli-satis-sozlesmesi\/"}]},"product_brand":"Pembe Tilki","product_price_amount":"700.00","product_price_currency":"TRY","og_availability":"instock","product_availability":"instock","product_retailer_item_id":"PT-ANXM101PNK","product_condition":"new"},"_links":{"self":[{"href":"https:\/\/haremerotikshop.com\/site\/wp-json\/wp\/v2\/product\/19172","targetHints":{"allow":["GET"]}}],"collection":[{"href":"https:\/\/haremerotikshop.com\/site\/wp-json\/wp\/v2\/product"}],"about":[{"href":"https:\/\/haremerotikshop.com\/site\/wp-json\/wp\/v2\/types\/product"}],"replies":[{"embeddable":true,"href":"https:\/\/haremerotikshop.com\/site\/wp-json\/wp\/v2\/comments?post=19172"}],"version-history":[{"count":0,"href":"https:\/\/haremerotikshop.com\/site\/wp-json\/wp\/v2\/product\/19172\/revisions"}],"wp:featuredmedia":[{"embeddable":true,"href":"https:\/\/haremerotikshop.com\/site\/wp-json\/wp\/v2\/media\/19250"}],"wp:attachment":[{"href":"https:\/\/haremerotikshop.com\/site\/wp-json\/wp\/v2\/media?parent=19172"}],"wp:term":[{"taxonomy":"product_brand","embeddable":true,"href":"https:\/\/haremerotikshop.com\/site\/wp-json\/wp\/v2\/product_brand?post=19172"},{"taxonomy":"product_cat","embeddable":true,"href":"https:\/\/haremerotikshop.com\/site\/wp-json\/wp\/v2\/product_cat?post=19172"},{"taxonomy":"product_tag","embeddable":true,"href":"https:\/\/haremerotikshop.com\/site\/wp-json\/wp\/v2\/product_tag?post=19172"}],"curies":[{"name":"wp","href":"https:\/\/api.w.org\/{rel}","templated":true}]}}