{"id":19186,"date":"2025-03-17T12:29:20","date_gmt":"2025-03-17T09:29:20","guid":{"rendered":"https:\/\/haremerotikshop.com\/site\/?post_type=product&#038;p=19186"},"modified":"2026-01-26T16:15:59","modified_gmt":"2026-01-26T13:15:59","slug":"anal-boncuk-mor","status":"publish","type":"product","link":"https:\/\/haremerotikshop.com\/site\/erotik-shop-urun\/anal-boncuk-mor\/","title":{"rendered":"Anal Boncuk Mor"},"content":{"rendered":"<h3 data-start=\"0\" data-end=\"71\"><strong data-start=\"4\" data-end=\"69\">Anal Boncuk \u2013 Yumu\u015fak &amp; Ergonomik Tasar\u0131m ile Maksimum Konfor<\/strong><\/h3>\n<p data-start=\"73\" data-end=\"340\"><strong data-start=\"73\" data-end=\"155\">Hem yeni ba\u015flayanlar hem de deneyimli kullan\u0131c\u0131lar i\u00e7in ideal olan Anal Boncuk<\/strong>, ergonomik yap\u0131s\u0131, esnek silikon malzemesi ve hafif tasar\u0131m\u0131 sayesinde <strong data-start=\"227\" data-end=\"263\">konforlu ve g\u00fcvenli bir kullan\u0131m<\/strong> sunar. Zarif ve i\u015flevsel yap\u0131s\u0131yla <strong data-start=\"299\" data-end=\"331\">\u00f6zel anlar\u0131n\u0131za ekstra keyif<\/strong> katar.<\/p>\n<hr data-start=\"342\" data-end=\"345\" \/>\n<h3 data-start=\"347\" data-end=\"376\"><strong data-start=\"351\" data-end=\"374\">\ud83d\udd39 \u00dcr\u00fcn \u00d6zellikleri<\/strong><\/h3>\n<p data-start=\"378\" data-end=\"550\">\u2705 <strong data-start=\"380\" data-end=\"390\">Boyut:<\/strong> 18,5 cm uzunlu\u011fu ile ideal bir kullan\u0131m sunar.<br data-start=\"437\" data-end=\"440\" \/>\u2705 <strong data-start=\"442\" data-end=\"454\">A\u011f\u0131rl\u0131k:<\/strong> 75 gr a\u011f\u0131rl\u0131\u011f\u0131yla <strong data-start=\"473\" data-end=\"503\">hafif ve kolay ta\u015f\u0131nabilir<\/strong> yap\u0131ya sahiptir.<br data-start=\"520\" data-end=\"523\" \/>\u2705 <strong data-start=\"525\" data-end=\"548\">Cilt Dostu Silikon:<\/strong><\/p>\n<ul data-start=\"551\" data-end=\"694\">\n<li data-start=\"551\" data-end=\"615\"><strong data-start=\"553\" data-end=\"588\">Y\u00fcksek kaliteli yumu\u015fak silikon<\/strong> malzemeden \u00fcretilmi\u015ftir.<\/li>\n<li data-start=\"616\" data-end=\"694\"><strong data-start=\"618\" data-end=\"646\">Esnek ve p\u00fcr\u00fczs\u00fcz dokusu<\/strong>, hassas b\u00f6lgeler i\u00e7in <strong data-start=\"669\" data-end=\"691\">tamamen g\u00fcvenlidir<\/strong>.<\/li>\n<\/ul>\n<p data-start=\"696\" data-end=\"741\">\u2705 <strong data-start=\"698\" data-end=\"739\">Ergonomik ve Kullan\u0131c\u0131 Dostu Tasar\u0131m:<\/strong><\/p>\n<ul data-start=\"742\" data-end=\"900\">\n<li data-start=\"742\" data-end=\"821\"><strong data-start=\"744\" data-end=\"769\">Hafif ve esnek yap\u0131s\u0131<\/strong>, farkl\u0131 seviyelerdeki kullan\u0131c\u0131lar i\u00e7in uygundur.<\/li>\n<li data-start=\"822\" data-end=\"900\"><strong data-start=\"824\" data-end=\"852\">Kademeli boncuk dizilimi<\/strong>, <strong data-start=\"854\" data-end=\"890\">kontroll\u00fc ve keyifli bir deneyim<\/strong> sa\u011flar.<\/li>\n<\/ul>\n<hr data-start=\"902\" data-end=\"905\" \/>\n<h3 data-start=\"907\" data-end=\"938\"><strong data-start=\"911\" data-end=\"936\">\ud83d\udd39 Neden Anal Boncuk?<\/strong><\/h3>\n<p data-start=\"940\" data-end=\"1116\">\u2714 <strong data-start=\"942\" data-end=\"999\">Yeni Ba\u015flayanlar ve Deneyimli Kullan\u0131c\u0131lar \u0130\u00e7in Uygun<\/strong><br data-start=\"999\" data-end=\"1002\" \/>\u2714 <strong data-start=\"1004\" data-end=\"1035\">P\u00fcr\u00fczs\u00fcz &amp; Hijyenik Malzeme<\/strong><br data-start=\"1035\" data-end=\"1038\" \/>\u2714 <strong data-start=\"1040\" data-end=\"1077\">Kolay Temizlenebilir ve Dayan\u0131kl\u0131<\/strong><br data-start=\"1077\" data-end=\"1080\" \/>\u2714 <strong data-start=\"1082\" data-end=\"1114\">\u015e\u0131k, Hafif ve Pratik Tasar\u0131m<\/strong><\/p>\n<p data-start=\"1118\" data-end=\"1289\">\ud83d\udc9c <strong data-start=\"1121\" data-end=\"1181\">Pembe Tilki\u2019nin kalite g\u00fcvencesiyle \u00fcretilen Anal Boncuk<\/strong>, <strong data-start=\"1183\" data-end=\"1226\">g\u00fcvenli ve konforlu bir deneyim sunarak<\/strong> \u00f6zel anlar\u0131n\u0131za heyecan katmak i\u00e7in m\u00fckemmel bir se\u00e7enektir.<\/p>\n<p data-start=\"1291\" data-end=\"1358\" data-is-last-node=\"\" data-is-only-node=\"\">\ud83d\udd25 <strong data-start=\"1294\" data-end=\"1355\">\u015eimdi ke\u015ffedin ve benzersiz bir deneyimin tad\u0131n\u0131 \u00e7\u0131kar\u0131n!<\/strong> \ud83d\ude80<\/p>\n","protected":false},"excerpt":{"rendered":"<p><strong data-start=\"73\" data-end=\"155\">Hem yeni ba\u015flayanlar hem de deneyimli kullan\u0131c\u0131lar i\u00e7in ideal olan Anal Boncuk<\/strong>, ergonomik yap\u0131s\u0131, esnek silikon malzemesi ve hafif tasar\u0131m\u0131 sayesinde <strong data-start=\"227\" data-end=\"263\">konforlu ve g\u00fcvenli bir kullan\u0131m<\/strong> sunar. Zarif ve i\u015flevsel yap\u0131s\u0131yla <strong data-start=\"299\" data-end=\"331\">\u00f6zel anlar\u0131n\u0131za ekstra keyif<\/strong> katar.<\/p>\n","protected":false},"featured_media":19256,"comment_status":"open","ping_status":"closed","template":"","meta":[],"product_brand":[127],"product_cat":[88],"product_tag":[290],"class_list":{"0":"post-19186","1":"product","2":"type-product","3":"status-publish","4":"has-post-thumbnail","6":"product_brand-pembe-tilki","7":"product_cat-anal-urun","8":"product_tag-anal-boncuk-mor","10":"first","11":"instock","12":"taxable","13":"shipping-taxable","14":"purchasable","15":"product-type-simple"},"yoast_head":"<!-- This site is optimized with the Yoast SEO Premium plugin v24.4 (Yoast SEO v27.1.1) - https:\/\/yoast.com\/product\/yoast-seo-premium-wordpress\/ -->\n<title>Anal Boncuk Mor - Bursa Erotik Shop<\/title>\n<meta name=\"robots\" content=\"index, follow, max-snippet:-1, max-image-preview:large, max-video-preview:-1\" \/>\n<link rel=\"canonical\" href=\"https:\/\/hobierotikshop.com.tr\/website1\/erotik-shop-urun\/anal-boncuk-mor\/\" \/>\n<meta property=\"og:locale\" content=\"tr_TR\" \/>\n<meta property=\"og:type\" content=\"article\" \/>\n<meta property=\"og:title\" content=\"Anal Boncuk Mor\" \/>\n<meta property=\"og:description\" content=\"Hem yeni ba\u015flayanlar hem de deneyimli kullan\u0131c\u0131lar i\u00e7in ideal olan Anal Boncuk, ergonomik yap\u0131s\u0131, esnek silikon malzemesi ve hafif tasar\u0131m\u0131 sayesinde konforlu ve g\u00fcvenli bir kullan\u0131m sunar. Zarif ve i\u015flevsel yap\u0131s\u0131yla \u00f6zel anlar\u0131n\u0131za ekstra keyif katar.\" \/>\n<meta property=\"og:url\" content=\"https:\/\/hobierotikshop.com.tr\/website1\/erotik-shop-urun\/anal-boncuk-mor\/\" \/>\n<meta property=\"og:site_name\" content=\"Bursa Erotik Shop\" \/>\n<meta property=\"article:modified_time\" content=\"2026-01-26T13:15:59+00:00\" \/>\n<meta property=\"og:image\" content=\"https:\/\/hobierotikshop.com.tr\/website1\/wp-content\/uploads\/2025\/03\/anal-boncuk-mor-1973.jpg\" \/>\n\t<meta property=\"og:image:width\" content=\"1500\" \/>\n\t<meta property=\"og:image:height\" content=\"1500\" \/>\n\t<meta property=\"og:image:type\" content=\"image\/jpeg\" \/>\n<meta name=\"twitter:card\" content=\"summary_large_image\" \/>\n<meta name=\"twitter:site\" content=\"@shopbursa\" \/>\n<meta name=\"twitter:label1\" content=\"Fiyat\" \/>\n\t<meta name=\"twitter:data1\" content=\"&#8378;700,00 KDV DAH\u0130L\" \/>\n\t<meta name=\"twitter:label2\" content=\"Availability\" \/>\n\t<meta name=\"twitter:data2\" content=\"In stock\" \/>\n<script type=\"application\/ld+json\" class=\"yoast-schema-graph\">{\"@context\":\"https:\/\/schema.org\",\"@graph\":[{\"@type\":\"WebPage\",\"@id\":\"https:\/\/hobierotikshop.com.tr\/website1\/erotik-shop-urun\/anal-boncuk-mor\/\",\"url\":\"https:\/\/hobierotikshop.com.tr\/website1\/erotik-shop-urun\/anal-boncuk-mor\/\",\"name\":\"Anal Boncuk Mor - Bursa Erotik Shop\",\"isPartOf\":{\"@id\":\"https:\/\/hobierotikshop.com.tr\/website1\/#website\"},\"primaryImageOfPage\":{\"@id\":\"https:\/\/hobierotikshop.com.tr\/website1\/erotik-shop-urun\/anal-boncuk-mor\/#primaryimage\"},\"image\":{\"@id\":\"https:\/\/hobierotikshop.com.tr\/website1\/erotik-shop-urun\/anal-boncuk-mor\/#primaryimage\"},\"thumbnailUrl\":\"https:\/\/haremerotikshop.com\/site\/wp-content\/uploads\/2025\/03\/anal-boncuk-mor-1973.jpg\",\"datePublished\":\"2025-03-17T09:29:20+00:00\",\"dateModified\":\"2026-01-26T13:15:59+00:00\",\"breadcrumb\":{\"@id\":\"https:\/\/hobierotikshop.com.tr\/website1\/erotik-shop-urun\/anal-boncuk-mor\/#breadcrumb\"},\"inLanguage\":\"tr\",\"potentialAction\":[{\"@type\":\"ReadAction\",\"target\":[\"https:\/\/hobierotikshop.com.tr\/website1\/erotik-shop-urun\/anal-boncuk-mor\/\"]}]},{\"@type\":\"ImageObject\",\"inLanguage\":\"tr\",\"@id\":\"https:\/\/hobierotikshop.com.tr\/website1\/erotik-shop-urun\/anal-boncuk-mor\/#primaryimage\",\"url\":\"https:\/\/haremerotikshop.com\/site\/wp-content\/uploads\/2025\/03\/anal-boncuk-mor-1973.jpg\",\"contentUrl\":\"https:\/\/haremerotikshop.com\/site\/wp-content\/uploads\/2025\/03\/anal-boncuk-mor-1973.jpg\",\"width\":1500,\"height\":1500},{\"@type\":\"BreadcrumbList\",\"@id\":\"https:\/\/hobierotikshop.com.tr\/website1\/erotik-shop-urun\/anal-boncuk-mor\/#breadcrumb\",\"itemListElement\":[{\"@type\":\"ListItem\",\"position\":1,\"name\":\"Anasayfa\",\"item\":\"https:\/\/hobierotikshop.com.tr\/website1\/\"},{\"@type\":\"ListItem\",\"position\":2,\"name\":\"Erotik Shop \u00dcr\u00fcnleri\",\"item\":\"https:\/\/hobierotikshop.com.tr\/website1\/shop\/\"},{\"@type\":\"ListItem\",\"position\":3,\"name\":\"Anal Boncuk Mor\"}]},{\"@type\":\"WebSite\",\"@id\":\"https:\/\/hobierotikshop.com.tr\/website1\/#website\",\"url\":\"https:\/\/hobierotikshop.com.tr\/website1\/\",\"name\":\"Bursa Erotik Shop\",\"description\":\"Bursa Erotik Shop ile g\u00fcvenli, gizli ve kaliteli yeti\u015fkin \u00fcr\u00fcnleri al\u0131\u015fveri\u015fi! Geni\u015f \u00fcr\u00fcn yelpazemizi ke\u015ffedin, hemen sipari\u015f verin\",\"publisher\":{\"@id\":\"https:\/\/hobierotikshop.com.tr\/website1\/#organization\"},\"alternateName\":\"Erotik Shop\",\"potentialAction\":[{\"@type\":\"SearchAction\",\"target\":{\"@type\":\"EntryPoint\",\"urlTemplate\":\"https:\/\/hobierotikshop.com.tr\/website1\/?s={search_term_string}\"},\"query-input\":{\"@type\":\"PropertyValueSpecification\",\"valueRequired\":true,\"valueName\":\"search_term_string\"}}],\"inLanguage\":\"tr\"},{\"@type\":\"Organization\",\"@id\":\"https:\/\/hobierotikshop.com.tr\/website1\/#organization\",\"name\":\"Harem Bursa Erotik Shop\",\"url\":\"https:\/\/hobierotikshop.com.tr\/website1\/\",\"logo\":{\"@type\":\"ImageObject\",\"inLanguage\":\"tr\",\"@id\":\"https:\/\/hobierotikshop.com.tr\/website1\/#\/schema\/logo\/image\/\",\"url\":\"https:\/\/haremerotikshop.com\/site\/wp-content\/uploads\/2025\/03\/haremsexshop.png\",\"contentUrl\":\"https:\/\/haremerotikshop.com\/site\/wp-content\/uploads\/2025\/03\/haremsexshop.png\",\"width\":400,\"height\":100,\"caption\":\"Harem Bursa Erotik Shop\"},\"image\":{\"@id\":\"https:\/\/hobierotikshop.com.tr\/website1\/#\/schema\/logo\/image\/\"},\"sameAs\":[\"https:\/\/x.com\/shopbursa\"],\"publishingPrinciples\":\"https:\/\/hobierotikshop.com.tr\/website1\/mesafeli-satis-sozlesmesi\/\",\"ownershipFundingInfo\":\"https:\/\/hobierotikshop.com.tr\/website1\/contact-us\/\",\"actionableFeedbackPolicy\":\"https:\/\/hobierotikshop.com.tr\/website1\/contact-us\/\",\"correctionsPolicy\":\"https:\/\/hobierotikshop.com.tr\/website1\/mesafeli-satis-sozlesmesi\/\"}]}<\/script>\n<meta property=\"product:brand\" content=\"Pembe Tilki\" \/>\n<meta property=\"product:price:amount\" content=\"700.00\" \/>\n<meta property=\"product:price:currency\" content=\"TRY\" \/>\n<meta property=\"og:availability\" content=\"instock\" \/>\n<meta property=\"product:availability\" content=\"instock\" \/>\n<meta property=\"product:retailer_item_id\" content=\"PT-ANXM101PRP\" \/>\n<meta property=\"product:condition\" content=\"new\" \/>\n<!-- \/ Yoast SEO Premium plugin. -->","yoast_head_json":{"title":"Anal Boncuk Mor - Bursa Erotik Shop","robots":{"index":"index","follow":"follow","max-snippet":"max-snippet:-1","max-image-preview":"max-image-preview:large","max-video-preview":"max-video-preview:-1"},"canonical":"https:\/\/hobierotikshop.com.tr\/website1\/erotik-shop-urun\/anal-boncuk-mor\/","og_locale":"tr_TR","og_type":"article","og_title":"Anal Boncuk Mor","og_description":"Hem yeni ba\u015flayanlar hem de deneyimli kullan\u0131c\u0131lar i\u00e7in ideal olan Anal Boncuk, ergonomik yap\u0131s\u0131, esnek silikon malzemesi ve hafif tasar\u0131m\u0131 sayesinde konforlu ve g\u00fcvenli bir kullan\u0131m sunar. Zarif ve i\u015flevsel yap\u0131s\u0131yla \u00f6zel anlar\u0131n\u0131za ekstra keyif katar.","og_url":"https:\/\/hobierotikshop.com.tr\/website1\/erotik-shop-urun\/anal-boncuk-mor\/","og_site_name":"Bursa Erotik Shop","article_modified_time":"2026-01-26T13:15:59+00:00","og_image":[{"width":1500,"height":1500,"url":"https:\/\/hobierotikshop.com.tr\/website1\/wp-content\/uploads\/2025\/03\/anal-boncuk-mor-1973.jpg","type":"image\/jpeg"}],"twitter_card":"summary_large_image","twitter_site":"@shopbursa","twitter_misc":{"Fiyat":"&#8378;700,00 KDV DAH\u0130L","Availability":"In stock"},"schema":{"@context":"https:\/\/schema.org","@graph":[{"@type":"WebPage","@id":"https:\/\/hobierotikshop.com.tr\/website1\/erotik-shop-urun\/anal-boncuk-mor\/","url":"https:\/\/hobierotikshop.com.tr\/website1\/erotik-shop-urun\/anal-boncuk-mor\/","name":"Anal Boncuk Mor - Bursa Erotik Shop","isPartOf":{"@id":"https:\/\/hobierotikshop.com.tr\/website1\/#website"},"primaryImageOfPage":{"@id":"https:\/\/hobierotikshop.com.tr\/website1\/erotik-shop-urun\/anal-boncuk-mor\/#primaryimage"},"image":{"@id":"https:\/\/hobierotikshop.com.tr\/website1\/erotik-shop-urun\/anal-boncuk-mor\/#primaryimage"},"thumbnailUrl":"https:\/\/haremerotikshop.com\/site\/wp-content\/uploads\/2025\/03\/anal-boncuk-mor-1973.jpg","datePublished":"2025-03-17T09:29:20+00:00","dateModified":"2026-01-26T13:15:59+00:00","breadcrumb":{"@id":"https:\/\/hobierotikshop.com.tr\/website1\/erotik-shop-urun\/anal-boncuk-mor\/#breadcrumb"},"inLanguage":"tr","potentialAction":[{"@type":"ReadAction","target":["https:\/\/hobierotikshop.com.tr\/website1\/erotik-shop-urun\/anal-boncuk-mor\/"]}]},{"@type":"ImageObject","inLanguage":"tr","@id":"https:\/\/hobierotikshop.com.tr\/website1\/erotik-shop-urun\/anal-boncuk-mor\/#primaryimage","url":"https:\/\/haremerotikshop.com\/site\/wp-content\/uploads\/2025\/03\/anal-boncuk-mor-1973.jpg","contentUrl":"https:\/\/haremerotikshop.com\/site\/wp-content\/uploads\/2025\/03\/anal-boncuk-mor-1973.jpg","width":1500,"height":1500},{"@type":"BreadcrumbList","@id":"https:\/\/hobierotikshop.com.tr\/website1\/erotik-shop-urun\/anal-boncuk-mor\/#breadcrumb","itemListElement":[{"@type":"ListItem","position":1,"name":"Anasayfa","item":"https:\/\/hobierotikshop.com.tr\/website1\/"},{"@type":"ListItem","position":2,"name":"Erotik Shop \u00dcr\u00fcnleri","item":"https:\/\/hobierotikshop.com.tr\/website1\/shop\/"},{"@type":"ListItem","position":3,"name":"Anal Boncuk Mor"}]},{"@type":"WebSite","@id":"https:\/\/hobierotikshop.com.tr\/website1\/#website","url":"https:\/\/hobierotikshop.com.tr\/website1\/","name":"Bursa Erotik Shop","description":"Bursa Erotik Shop ile g\u00fcvenli, gizli ve kaliteli yeti\u015fkin \u00fcr\u00fcnleri al\u0131\u015fveri\u015fi! Geni\u015f \u00fcr\u00fcn yelpazemizi ke\u015ffedin, hemen sipari\u015f verin","publisher":{"@id":"https:\/\/hobierotikshop.com.tr\/website1\/#organization"},"alternateName":"Erotik Shop","potentialAction":[{"@type":"SearchAction","target":{"@type":"EntryPoint","urlTemplate":"https:\/\/hobierotikshop.com.tr\/website1\/?s={search_term_string}"},"query-input":{"@type":"PropertyValueSpecification","valueRequired":true,"valueName":"search_term_string"}}],"inLanguage":"tr"},{"@type":"Organization","@id":"https:\/\/hobierotikshop.com.tr\/website1\/#organization","name":"Harem Bursa Erotik Shop","url":"https:\/\/hobierotikshop.com.tr\/website1\/","logo":{"@type":"ImageObject","inLanguage":"tr","@id":"https:\/\/hobierotikshop.com.tr\/website1\/#\/schema\/logo\/image\/","url":"https:\/\/haremerotikshop.com\/site\/wp-content\/uploads\/2025\/03\/haremsexshop.png","contentUrl":"https:\/\/haremerotikshop.com\/site\/wp-content\/uploads\/2025\/03\/haremsexshop.png","width":400,"height":100,"caption":"Harem Bursa Erotik Shop"},"image":{"@id":"https:\/\/hobierotikshop.com.tr\/website1\/#\/schema\/logo\/image\/"},"sameAs":["https:\/\/x.com\/shopbursa"],"publishingPrinciples":"https:\/\/hobierotikshop.com.tr\/website1\/mesafeli-satis-sozlesmesi\/","ownershipFundingInfo":"https:\/\/hobierotikshop.com.tr\/website1\/contact-us\/","actionableFeedbackPolicy":"https:\/\/hobierotikshop.com.tr\/website1\/contact-us\/","correctionsPolicy":"https:\/\/hobierotikshop.com.tr\/website1\/mesafeli-satis-sozlesmesi\/"}]},"product_brand":"Pembe Tilki","product_price_amount":"700.00","product_price_currency":"TRY","og_availability":"instock","product_availability":"instock","product_retailer_item_id":"PT-ANXM101PRP","product_condition":"new"},"_links":{"self":[{"href":"https:\/\/haremerotikshop.com\/site\/wp-json\/wp\/v2\/product\/19186","targetHints":{"allow":["GET"]}}],"collection":[{"href":"https:\/\/haremerotikshop.com\/site\/wp-json\/wp\/v2\/product"}],"about":[{"href":"https:\/\/haremerotikshop.com\/site\/wp-json\/wp\/v2\/types\/product"}],"replies":[{"embeddable":true,"href":"https:\/\/haremerotikshop.com\/site\/wp-json\/wp\/v2\/comments?post=19186"}],"version-history":[{"count":0,"href":"https:\/\/haremerotikshop.com\/site\/wp-json\/wp\/v2\/product\/19186\/revisions"}],"wp:featuredmedia":[{"embeddable":true,"href":"https:\/\/haremerotikshop.com\/site\/wp-json\/wp\/v2\/media\/19256"}],"wp:attachment":[{"href":"https:\/\/haremerotikshop.com\/site\/wp-json\/wp\/v2\/media?parent=19186"}],"wp:term":[{"taxonomy":"product_brand","embeddable":true,"href":"https:\/\/haremerotikshop.com\/site\/wp-json\/wp\/v2\/product_brand?post=19186"},{"taxonomy":"product_cat","embeddable":true,"href":"https:\/\/haremerotikshop.com\/site\/wp-json\/wp\/v2\/product_cat?post=19186"},{"taxonomy":"product_tag","embeddable":true,"href":"https:\/\/haremerotikshop.com\/site\/wp-json\/wp\/v2\/product_tag?post=19186"}],"curies":[{"name":"wp","href":"https:\/\/api.w.org\/{rel}","templated":true}]}}