{"id":19234,"date":"2025-03-17T12:30:18","date_gmt":"2025-03-17T09:30:18","guid":{"rendered":"https:\/\/haremerotikshop.com\/site\/?post_type=product&#038;p=19234"},"modified":"2026-01-26T16:12:28","modified_gmt":"2026-01-26T13:12:28","slug":"penis-halkasi-seti-4lu-siyah","status":"publish","type":"product","link":"https:\/\/haremerotikshop.com\/site\/erotik-shop-urun\/penis-halkasi-seti-4lu-siyah\/","title":{"rendered":"Penis Halkas\u0131 Seti 4&#8217;L\u00fc Siyah"},"content":{"rendered":"<h3 data-start=\"68\" data-end=\"107\"><strong data-start=\"72\" data-end=\"107\">Penis Halkas\u0131 Seti 4\u2019l\u00fc \u2013 Siyah<\/strong><\/h3>\n<p data-start=\"109\" data-end=\"554\"><strong data-start=\"109\" data-end=\"144\">Penis Halkas\u0131 Seti 4\u2019l\u00fc &#8211; Siyah<\/strong>, ki\u015fisel <strong data-start=\"154\" data-end=\"164\">konfor<\/strong> ve <strong data-start=\"168\" data-end=\"190\">performans art\u0131rma<\/strong> amac\u0131yla tasarlanm\u0131\u015f, <strong data-start=\"213\" data-end=\"226\">\u00e7ok y\u00f6nl\u00fc<\/strong> ve <strong data-start=\"230\" data-end=\"253\">pratik kullan\u0131m\u0131yla<\/strong> \u00f6ne \u00e7\u0131kan bir \u00fcr\u00fcnd\u00fcr. Set i\u00e7inde bulunan 4 farkl\u0131 boyuttaki halka, \u00e7e\u015fitli anatomik yap\u0131lara uyum sa\u011flayarak farkl\u0131 kullan\u0131c\u0131 ihtiya\u00e7lar\u0131na hitap eder. <strong data-start=\"407\" data-end=\"430\">Ayarlanabilir halka<\/strong> \u00f6zelli\u011fi sayesinde, s\u0131k\u0131l\u0131k seviyesini tamamen <strong data-start=\"478\" data-end=\"501\">ki\u015fisel tercihinize<\/strong> g\u00f6re ayarlayarak deneyiminizi \u00f6zelle\u015ftirebilirsiniz.<\/p>\n<h3 data-start=\"556\" data-end=\"585\"><strong data-start=\"560\" data-end=\"585\">\u00d6ne \u00c7\u0131kan \u00d6zellikler:<\/strong><\/h3>\n<h4 data-start=\"587\" data-end=\"611\"><strong data-start=\"592\" data-end=\"611\">4 Par\u00e7al\u0131k Set:<\/strong><\/h4>\n<ul data-start=\"612\" data-end=\"994\">\n<li data-start=\"612\" data-end=\"746\"><strong data-start=\"614\" data-end=\"639\">3 Sabit \u00d6l\u00e7\u00fcl\u00fc Halka:<\/strong> Farkl\u0131 boyutlardaki halkalar, ki\u015fisel tercihlere g\u00f6re \u00e7e\u015fitli s\u0131k\u0131l\u0131k derecelerini deneyimlemenizi sa\u011flar.<\/li>\n<li data-start=\"747\" data-end=\"994\"><strong data-start=\"749\" data-end=\"775\">1 Ayarlanabilir Halka:<\/strong> Bu halka, farkl\u0131 v\u00fccut yap\u0131lar\u0131 ve ki\u015fisel tercihlere g\u00f6re <strong data-start=\"835\" data-end=\"847\">s\u0131k\u0131l\u0131\u011f\u0131<\/strong> \u00f6zelle\u015ftirmenize imkan tan\u0131r. \u0130htiyac\u0131n\u0131za g\u00f6re rahatl\u0131kla <strong data-start=\"907\" data-end=\"919\">s\u0131k\u0131l\u0131\u011f\u0131<\/strong> ayarlayabilir, daha fazla <strong data-start=\"946\" data-end=\"956\">konfor<\/strong> ve <strong data-start=\"960\" data-end=\"974\">performans<\/strong> elde edebilirsiniz.<\/li>\n<\/ul>\n<h4 data-start=\"996\" data-end=\"1024\"><strong data-start=\"1001\" data-end=\"1024\">Cilt Dostu Silikon:<\/strong><\/h4>\n<ul data-start=\"1025\" data-end=\"1340\">\n<li data-start=\"1025\" data-end=\"1189\"><strong data-start=\"1027\" data-end=\"1062\">Y\u00fcksek kaliteli silikon malzeme<\/strong>, ciltle uyumlu ve yumu\u015fak bir his sunar. Sa\u011fl\u0131k a\u00e7\u0131s\u0131ndan g\u00fcvenli olan bu materyal, <strong data-start=\"1147\" data-end=\"1157\">konfor<\/strong>lu bir kullan\u0131m deneyimi sa\u011flar.<\/li>\n<li data-start=\"1190\" data-end=\"1340\"><strong data-start=\"1192\" data-end=\"1206\">Esnek yap\u0131<\/strong> sayesinde, uzun s\u00fcreli kullan\u0131mda bile rahatl\u0131kla v\u00fccuda uyum sa\u011flar. Hem erkekler hem de partnerler i\u00e7in konforlu bir deneyim sunar.<\/li>\n<\/ul>\n<h4 data-start=\"1342\" data-end=\"1375\"><strong data-start=\"1347\" data-end=\"1375\">Esnek ve Dayan\u0131kl\u0131 Yap\u0131:<\/strong><\/h4>\n<ul data-start=\"1376\" data-end=\"1631\">\n<li data-start=\"1376\" data-end=\"1564\"><strong data-start=\"1378\" data-end=\"1408\">Esnek ve dayan\u0131kl\u0131 silikon<\/strong>, uzun s\u00fcreli kullan\u0131mlarda \u015feklini korur ve <strong data-start=\"1453\" data-end=\"1461\">s\u0131k\u0131<\/strong> ya da <strong data-start=\"1468\" data-end=\"1499\">hafif kullan\u0131m tercihlerine<\/strong> g\u00f6re \u015fekil al\u0131r. Bu \u00f6zellik, \u00fcr\u00fcn\u00fcn uzun \u00f6m\u00fcrl\u00fc olmas\u0131n\u0131 sa\u011flar.<\/li>\n<li data-start=\"1565\" data-end=\"1631\">Kullan\u0131m esnas\u0131nda daima <strong data-start=\"1592\" data-end=\"1612\">rahat ve g\u00fcvenli<\/strong> bir deneyim sunar.<\/li>\n<\/ul>\n<h4 data-start=\"1633\" data-end=\"1668\"><strong data-start=\"1638\" data-end=\"1668\">Kolay Temizlik ve Saklama:<\/strong><\/h4>\n<ul data-start=\"1669\" data-end=\"1976\">\n<li data-start=\"1669\" data-end=\"1812\"><strong data-start=\"1671\" data-end=\"1698\">P\u00fcr\u00fczs\u00fcz silikon y\u00fczeyi<\/strong>, temizlik s\u00fcrecini olduk\u00e7a kolayla\u015ft\u0131r\u0131r. Yaln\u0131zca su ve sabun ile y\u0131kayarak hijyenik bir \u015fekilde kullan\u0131labilir.<\/li>\n<li data-start=\"1813\" data-end=\"1976\"><strong data-start=\"1815\" data-end=\"1830\">Set i\u00e7eri\u011fi<\/strong>, d\u00fczenli \u015fekilde saklanabilmesi i\u00e7in \u00f6zel saklama \u00e7antas\u0131 veya kutusunda muhafaza edilebilir. B\u00f6ylece her zaman temiz ve kullan\u0131lmaya haz\u0131r olur.<\/li>\n<\/ul>\n<h3 data-start=\"1978\" data-end=\"2053\"><strong data-start=\"1982\" data-end=\"2053\">Penis Halkas\u0131 Seti 4\u2019l\u00fc &#8211; Siyah ile Performans\u0131n\u0131z\u0131 Zirveye Ta\u015f\u0131y\u0131n<\/strong><\/h3>\n<p data-start=\"2055\" data-end=\"2339\"><strong data-start=\"2055\" data-end=\"2090\">Penis Halkas\u0131 Seti 4\u2019l\u00fc \u2013 Siyah<\/strong>, farkl\u0131 boyut se\u00e7enekleri ve <strong data-start=\"2120\" data-end=\"2146\">ayarlanabilir tasar\u0131m\u0131<\/strong> ile ki\u015fisel tercihleriniz do\u011frultusunda <strong data-start=\"2187\" data-end=\"2213\">konforu ve performans\u0131<\/strong> ayn\u0131 anda sunar. <strong data-start=\"2231\" data-end=\"2261\">Cilt dostu silikon malzeme<\/strong> sayesinde rahatl\u0131kla kullan\u0131labilir ve uzun s\u00fcreli performans art\u0131\u015f\u0131 sa\u011flar.<\/p>\n<p data-start=\"2341\" data-end=\"2592\">E\u011fer siz de daha <strong data-start=\"2358\" data-end=\"2395\">yo\u011fun ve tatmin edici bir deneyim<\/strong> ya\u015famak istiyorsan\u0131z, <strong data-start=\"2418\" data-end=\"2453\">Penis Halkas\u0131 Seti 4\u2019l\u00fc &#8211; Siyah<\/strong> ideal bir se\u00e7im olacakt\u0131r. Hem <strong data-start=\"2485\" data-end=\"2501\">tek ba\u015f\u0131n\u0131za<\/strong> hem de <strong data-start=\"2509\" data-end=\"2526\">partnerinizle<\/strong> birlikte unutulmaz anlar ya\u015faman\u0131z i\u00e7in m\u00fckemmel bir yard\u0131mc\u0131d\u0131r.<\/p>\n","protected":false},"excerpt":{"rendered":"<p><strong data-start=\"109\" data-end=\"144\">Penis Halkas\u0131 Seti 4\u2019l\u00fc &#8211; Siyah<\/strong>, ki\u015fisel <strong data-start=\"154\" data-end=\"164\">konfor<\/strong> ve <strong data-start=\"168\" data-end=\"190\">performans art\u0131rma<\/strong> amac\u0131yla tasarlanm\u0131\u015f, <strong data-start=\"213\" data-end=\"226\">\u00e7ok y\u00f6nl\u00fc<\/strong> ve <strong data-start=\"230\" data-end=\"253\">pratik kullan\u0131m\u0131yla<\/strong> \u00f6ne \u00e7\u0131kan bir \u00fcr\u00fcnd\u00fcr. Set i\u00e7inde bulunan 4 farkl\u0131 boyuttaki halka, \u00e7e\u015fitli anatomik yap\u0131lara uyum sa\u011flayarak farkl\u0131 kullan\u0131c\u0131 ihtiya\u00e7lar\u0131na hitap eder. <strong data-start=\"407\" data-end=\"430\">Ayarlanabilir halka<\/strong> \u00f6zelli\u011fi sayesinde, s\u0131k\u0131l\u0131k seviyesini tamamen <strong data-start=\"478\" data-end=\"501\">ki\u015fisel tercihinize<\/strong> g\u00f6re ayarlayarak deneyiminizi \u00f6zelle\u015ftirebilirsiniz.<\/p>\n","protected":false},"featured_media":19301,"comment_status":"open","ping_status":"closed","template":"","meta":[],"product_brand":[127],"product_cat":[121],"product_tag":[298],"class_list":{"0":"post-19234","1":"product","2":"type-product","3":"status-publish","4":"has-post-thumbnail","6":"product_brand-pembe-tilki","7":"product_cat-penis-halkasi","8":"product_tag-penis-halkasi-seti-4lu-siyah","10":"first","11":"instock","12":"taxable","13":"shipping-taxable","14":"purchasable","15":"product-type-simple"},"yoast_head":"<!-- This site is optimized with the Yoast SEO Premium plugin v24.4 (Yoast SEO v27.1.1) - https:\/\/yoast.com\/product\/yoast-seo-premium-wordpress\/ -->\n<title>Penis Halkas\u0131 Seti 4&#039;L\u00fc Siyah - Bursa Erotik Shop<\/title>\n<meta name=\"robots\" content=\"index, follow, max-snippet:-1, max-image-preview:large, max-video-preview:-1\" \/>\n<link rel=\"canonical\" href=\"https:\/\/hobierotikshop.com.tr\/website1\/erotik-shop-urun\/penis-halkasi-seti-4lu-siyah\/\" \/>\n<meta property=\"og:locale\" content=\"tr_TR\" \/>\n<meta property=\"og:type\" content=\"article\" \/>\n<meta property=\"og:title\" content=\"Penis Halkas\u0131 Seti 4&#039;L\u00fc Siyah\" \/>\n<meta property=\"og:description\" content=\"Penis Halkas\u0131 Seti 4\u2019l\u00fc - Siyah, ki\u015fisel konfor ve performans art\u0131rma amac\u0131yla tasarlanm\u0131\u015f, \u00e7ok y\u00f6nl\u00fc ve pratik kullan\u0131m\u0131yla \u00f6ne \u00e7\u0131kan bir \u00fcr\u00fcnd\u00fcr. Set i\u00e7inde bulunan 4 farkl\u0131 boyuttaki halka, \u00e7e\u015fitli anatomik yap\u0131lara uyum sa\u011flayarak farkl\u0131 kullan\u0131c\u0131 ihtiya\u00e7lar\u0131na hitap eder. Ayarlanabilir halka \u00f6zelli\u011fi sayesinde, s\u0131k\u0131l\u0131k seviyesini tamamen ki\u015fisel tercihinize g\u00f6re ayarlayarak deneyiminizi \u00f6zelle\u015ftirebilirsiniz.\" \/>\n<meta property=\"og:url\" content=\"https:\/\/hobierotikshop.com.tr\/website1\/erotik-shop-urun\/penis-halkasi-seti-4lu-siyah\/\" \/>\n<meta property=\"og:site_name\" content=\"Bursa Erotik Shop\" \/>\n<meta property=\"article:modified_time\" content=\"2026-01-26T13:12:28+00:00\" \/>\n<meta property=\"og:image\" content=\"https:\/\/hobierotikshop.com.tr\/website1\/wp-content\/uploads\/2025\/03\/4-lu-penis-halkasi-seti-siyah-2522.jpg\" \/>\n\t<meta property=\"og:image:width\" content=\"1500\" \/>\n\t<meta property=\"og:image:height\" content=\"1500\" \/>\n\t<meta property=\"og:image:type\" content=\"image\/jpeg\" \/>\n<meta name=\"twitter:card\" content=\"summary_large_image\" \/>\n<meta name=\"twitter:site\" content=\"@shopbursa\" \/>\n<meta name=\"twitter:label1\" content=\"Fiyat\" \/>\n\t<meta name=\"twitter:data1\" content=\"&#8378;500,00 KDV DAH\u0130L\" \/>\n\t<meta name=\"twitter:label2\" content=\"Availability\" \/>\n\t<meta name=\"twitter:data2\" content=\"In stock\" \/>\n<script type=\"application\/ld+json\" class=\"yoast-schema-graph\">{\"@context\":\"https:\/\/schema.org\",\"@graph\":[{\"@type\":\"WebPage\",\"@id\":\"https:\/\/hobierotikshop.com.tr\/website1\/erotik-shop-urun\/penis-halkasi-seti-4lu-siyah\/\",\"url\":\"https:\/\/hobierotikshop.com.tr\/website1\/erotik-shop-urun\/penis-halkasi-seti-4lu-siyah\/\",\"name\":\"Penis Halkas\u0131 Seti 4'L\u00fc Siyah - Bursa Erotik Shop\",\"isPartOf\":{\"@id\":\"https:\/\/hobierotikshop.com.tr\/website1\/#website\"},\"primaryImageOfPage\":{\"@id\":\"https:\/\/hobierotikshop.com.tr\/website1\/erotik-shop-urun\/penis-halkasi-seti-4lu-siyah\/#primaryimage\"},\"image\":{\"@id\":\"https:\/\/hobierotikshop.com.tr\/website1\/erotik-shop-urun\/penis-halkasi-seti-4lu-siyah\/#primaryimage\"},\"thumbnailUrl\":\"https:\/\/haremerotikshop.com\/site\/wp-content\/uploads\/2025\/03\/4-lu-penis-halkasi-seti-siyah-2522.jpg\",\"datePublished\":\"2025-03-17T09:30:18+00:00\",\"dateModified\":\"2026-01-26T13:12:28+00:00\",\"breadcrumb\":{\"@id\":\"https:\/\/hobierotikshop.com.tr\/website1\/erotik-shop-urun\/penis-halkasi-seti-4lu-siyah\/#breadcrumb\"},\"inLanguage\":\"tr\",\"potentialAction\":[{\"@type\":\"ReadAction\",\"target\":[\"https:\/\/hobierotikshop.com.tr\/website1\/erotik-shop-urun\/penis-halkasi-seti-4lu-siyah\/\"]}]},{\"@type\":\"ImageObject\",\"inLanguage\":\"tr\",\"@id\":\"https:\/\/hobierotikshop.com.tr\/website1\/erotik-shop-urun\/penis-halkasi-seti-4lu-siyah\/#primaryimage\",\"url\":\"https:\/\/haremerotikshop.com\/site\/wp-content\/uploads\/2025\/03\/4-lu-penis-halkasi-seti-siyah-2522.jpg\",\"contentUrl\":\"https:\/\/haremerotikshop.com\/site\/wp-content\/uploads\/2025\/03\/4-lu-penis-halkasi-seti-siyah-2522.jpg\",\"width\":1500,\"height\":1500},{\"@type\":\"BreadcrumbList\",\"@id\":\"https:\/\/hobierotikshop.com.tr\/website1\/erotik-shop-urun\/penis-halkasi-seti-4lu-siyah\/#breadcrumb\",\"itemListElement\":[{\"@type\":\"ListItem\",\"position\":1,\"name\":\"Anasayfa\",\"item\":\"https:\/\/hobierotikshop.com.tr\/website1\/\"},{\"@type\":\"ListItem\",\"position\":2,\"name\":\"Erotik Shop \u00dcr\u00fcnleri\",\"item\":\"https:\/\/hobierotikshop.com.tr\/website1\/shop\/\"},{\"@type\":\"ListItem\",\"position\":3,\"name\":\"Penis Halkas\u0131 Seti 4&#8217;L\u00fc Siyah\"}]},{\"@type\":\"WebSite\",\"@id\":\"https:\/\/hobierotikshop.com.tr\/website1\/#website\",\"url\":\"https:\/\/hobierotikshop.com.tr\/website1\/\",\"name\":\"Bursa Erotik Shop\",\"description\":\"Bursa Erotik Shop ile g\u00fcvenli, gizli ve kaliteli yeti\u015fkin \u00fcr\u00fcnleri al\u0131\u015fveri\u015fi! Geni\u015f \u00fcr\u00fcn yelpazemizi ke\u015ffedin, hemen sipari\u015f verin\",\"publisher\":{\"@id\":\"https:\/\/hobierotikshop.com.tr\/website1\/#organization\"},\"alternateName\":\"Erotik Shop\",\"potentialAction\":[{\"@type\":\"SearchAction\",\"target\":{\"@type\":\"EntryPoint\",\"urlTemplate\":\"https:\/\/hobierotikshop.com.tr\/website1\/?s={search_term_string}\"},\"query-input\":{\"@type\":\"PropertyValueSpecification\",\"valueRequired\":true,\"valueName\":\"search_term_string\"}}],\"inLanguage\":\"tr\"},{\"@type\":\"Organization\",\"@id\":\"https:\/\/hobierotikshop.com.tr\/website1\/#organization\",\"name\":\"Harem Bursa Erotik Shop\",\"url\":\"https:\/\/hobierotikshop.com.tr\/website1\/\",\"logo\":{\"@type\":\"ImageObject\",\"inLanguage\":\"tr\",\"@id\":\"https:\/\/hobierotikshop.com.tr\/website1\/#\/schema\/logo\/image\/\",\"url\":\"https:\/\/haremerotikshop.com\/wp-content\/uploads\/2025\/03\/haremsexshop.png\",\"contentUrl\":\"https:\/\/haremerotikshop.com\/wp-content\/uploads\/2025\/03\/haremsexshop.png\",\"width\":400,\"height\":100,\"caption\":\"Harem Bursa Erotik Shop\"},\"image\":{\"@id\":\"https:\/\/hobierotikshop.com.tr\/website1\/#\/schema\/logo\/image\/\"},\"sameAs\":[\"https:\/\/x.com\/shopbursa\"],\"publishingPrinciples\":\"https:\/\/hobierotikshop.com.tr\/website1\/mesafeli-satis-sozlesmesi\/\",\"ownershipFundingInfo\":\"https:\/\/hobierotikshop.com.tr\/website1\/contact-us\/\",\"actionableFeedbackPolicy\":\"https:\/\/hobierotikshop.com.tr\/website1\/contact-us\/\",\"correctionsPolicy\":\"https:\/\/hobierotikshop.com.tr\/website1\/mesafeli-satis-sozlesmesi\/\"}]}<\/script>\n<meta property=\"product:brand\" content=\"Pembe Tilki\" \/>\n<meta property=\"product:price:amount\" content=\"500.00\" \/>\n<meta property=\"product:price:currency\" content=\"TRY\" \/>\n<meta property=\"og:availability\" content=\"instock\" \/>\n<meta property=\"product:availability\" content=\"instock\" \/>\n<meta property=\"product:retailer_item_id\" content=\"PT-ECXF516\" \/>\n<meta property=\"product:condition\" content=\"new\" \/>\n<!-- \/ Yoast SEO Premium plugin. -->","yoast_head_json":{"title":"Penis Halkas\u0131 Seti 4'L\u00fc Siyah - Bursa Erotik Shop","robots":{"index":"index","follow":"follow","max-snippet":"max-snippet:-1","max-image-preview":"max-image-preview:large","max-video-preview":"max-video-preview:-1"},"canonical":"https:\/\/hobierotikshop.com.tr\/website1\/erotik-shop-urun\/penis-halkasi-seti-4lu-siyah\/","og_locale":"tr_TR","og_type":"article","og_title":"Penis Halkas\u0131 Seti 4'L\u00fc Siyah","og_description":"Penis Halkas\u0131 Seti 4\u2019l\u00fc - Siyah, ki\u015fisel konfor ve performans art\u0131rma amac\u0131yla tasarlanm\u0131\u015f, \u00e7ok y\u00f6nl\u00fc ve pratik kullan\u0131m\u0131yla \u00f6ne \u00e7\u0131kan bir \u00fcr\u00fcnd\u00fcr. Set i\u00e7inde bulunan 4 farkl\u0131 boyuttaki halka, \u00e7e\u015fitli anatomik yap\u0131lara uyum sa\u011flayarak farkl\u0131 kullan\u0131c\u0131 ihtiya\u00e7lar\u0131na hitap eder. Ayarlanabilir halka \u00f6zelli\u011fi sayesinde, s\u0131k\u0131l\u0131k seviyesini tamamen ki\u015fisel tercihinize g\u00f6re ayarlayarak deneyiminizi \u00f6zelle\u015ftirebilirsiniz.","og_url":"https:\/\/hobierotikshop.com.tr\/website1\/erotik-shop-urun\/penis-halkasi-seti-4lu-siyah\/","og_site_name":"Bursa Erotik Shop","article_modified_time":"2026-01-26T13:12:28+00:00","og_image":[{"width":1500,"height":1500,"url":"https:\/\/hobierotikshop.com.tr\/website1\/wp-content\/uploads\/2025\/03\/4-lu-penis-halkasi-seti-siyah-2522.jpg","type":"image\/jpeg"}],"twitter_card":"summary_large_image","twitter_site":"@shopbursa","twitter_misc":{"Fiyat":"&#8378;500,00 KDV DAH\u0130L","Availability":"In stock"},"schema":{"@context":"https:\/\/schema.org","@graph":[{"@type":"WebPage","@id":"https:\/\/hobierotikshop.com.tr\/website1\/erotik-shop-urun\/penis-halkasi-seti-4lu-siyah\/","url":"https:\/\/hobierotikshop.com.tr\/website1\/erotik-shop-urun\/penis-halkasi-seti-4lu-siyah\/","name":"Penis Halkas\u0131 Seti 4'L\u00fc Siyah - Bursa Erotik Shop","isPartOf":{"@id":"https:\/\/hobierotikshop.com.tr\/website1\/#website"},"primaryImageOfPage":{"@id":"https:\/\/hobierotikshop.com.tr\/website1\/erotik-shop-urun\/penis-halkasi-seti-4lu-siyah\/#primaryimage"},"image":{"@id":"https:\/\/hobierotikshop.com.tr\/website1\/erotik-shop-urun\/penis-halkasi-seti-4lu-siyah\/#primaryimage"},"thumbnailUrl":"https:\/\/haremerotikshop.com\/site\/wp-content\/uploads\/2025\/03\/4-lu-penis-halkasi-seti-siyah-2522.jpg","datePublished":"2025-03-17T09:30:18+00:00","dateModified":"2026-01-26T13:12:28+00:00","breadcrumb":{"@id":"https:\/\/hobierotikshop.com.tr\/website1\/erotik-shop-urun\/penis-halkasi-seti-4lu-siyah\/#breadcrumb"},"inLanguage":"tr","potentialAction":[{"@type":"ReadAction","target":["https:\/\/hobierotikshop.com.tr\/website1\/erotik-shop-urun\/penis-halkasi-seti-4lu-siyah\/"]}]},{"@type":"ImageObject","inLanguage":"tr","@id":"https:\/\/hobierotikshop.com.tr\/website1\/erotik-shop-urun\/penis-halkasi-seti-4lu-siyah\/#primaryimage","url":"https:\/\/haremerotikshop.com\/site\/wp-content\/uploads\/2025\/03\/4-lu-penis-halkasi-seti-siyah-2522.jpg","contentUrl":"https:\/\/haremerotikshop.com\/site\/wp-content\/uploads\/2025\/03\/4-lu-penis-halkasi-seti-siyah-2522.jpg","width":1500,"height":1500},{"@type":"BreadcrumbList","@id":"https:\/\/hobierotikshop.com.tr\/website1\/erotik-shop-urun\/penis-halkasi-seti-4lu-siyah\/#breadcrumb","itemListElement":[{"@type":"ListItem","position":1,"name":"Anasayfa","item":"https:\/\/hobierotikshop.com.tr\/website1\/"},{"@type":"ListItem","position":2,"name":"Erotik Shop \u00dcr\u00fcnleri","item":"https:\/\/hobierotikshop.com.tr\/website1\/shop\/"},{"@type":"ListItem","position":3,"name":"Penis Halkas\u0131 Seti 4&#8217;L\u00fc Siyah"}]},{"@type":"WebSite","@id":"https:\/\/hobierotikshop.com.tr\/website1\/#website","url":"https:\/\/hobierotikshop.com.tr\/website1\/","name":"Bursa Erotik Shop","description":"Bursa Erotik Shop ile g\u00fcvenli, gizli ve kaliteli yeti\u015fkin \u00fcr\u00fcnleri al\u0131\u015fveri\u015fi! Geni\u015f \u00fcr\u00fcn yelpazemizi ke\u015ffedin, hemen sipari\u015f verin","publisher":{"@id":"https:\/\/hobierotikshop.com.tr\/website1\/#organization"},"alternateName":"Erotik Shop","potentialAction":[{"@type":"SearchAction","target":{"@type":"EntryPoint","urlTemplate":"https:\/\/hobierotikshop.com.tr\/website1\/?s={search_term_string}"},"query-input":{"@type":"PropertyValueSpecification","valueRequired":true,"valueName":"search_term_string"}}],"inLanguage":"tr"},{"@type":"Organization","@id":"https:\/\/hobierotikshop.com.tr\/website1\/#organization","name":"Harem Bursa Erotik Shop","url":"https:\/\/hobierotikshop.com.tr\/website1\/","logo":{"@type":"ImageObject","inLanguage":"tr","@id":"https:\/\/hobierotikshop.com.tr\/website1\/#\/schema\/logo\/image\/","url":"https:\/\/haremerotikshop.com\/wp-content\/uploads\/2025\/03\/haremsexshop.png","contentUrl":"https:\/\/haremerotikshop.com\/wp-content\/uploads\/2025\/03\/haremsexshop.png","width":400,"height":100,"caption":"Harem Bursa Erotik Shop"},"image":{"@id":"https:\/\/hobierotikshop.com.tr\/website1\/#\/schema\/logo\/image\/"},"sameAs":["https:\/\/x.com\/shopbursa"],"publishingPrinciples":"https:\/\/hobierotikshop.com.tr\/website1\/mesafeli-satis-sozlesmesi\/","ownershipFundingInfo":"https:\/\/hobierotikshop.com.tr\/website1\/contact-us\/","actionableFeedbackPolicy":"https:\/\/hobierotikshop.com.tr\/website1\/contact-us\/","correctionsPolicy":"https:\/\/hobierotikshop.com.tr\/website1\/mesafeli-satis-sozlesmesi\/"}]},"product_brand":"Pembe Tilki","product_price_amount":"500.00","product_price_currency":"TRY","og_availability":"instock","product_availability":"instock","product_retailer_item_id":"PT-ECXF516","product_condition":"new"},"_links":{"self":[{"href":"https:\/\/haremerotikshop.com\/site\/wp-json\/wp\/v2\/product\/19234","targetHints":{"allow":["GET"]}}],"collection":[{"href":"https:\/\/haremerotikshop.com\/site\/wp-json\/wp\/v2\/product"}],"about":[{"href":"https:\/\/haremerotikshop.com\/site\/wp-json\/wp\/v2\/types\/product"}],"replies":[{"embeddable":true,"href":"https:\/\/haremerotikshop.com\/site\/wp-json\/wp\/v2\/comments?post=19234"}],"version-history":[{"count":0,"href":"https:\/\/haremerotikshop.com\/site\/wp-json\/wp\/v2\/product\/19234\/revisions"}],"wp:featuredmedia":[{"embeddable":true,"href":"https:\/\/haremerotikshop.com\/site\/wp-json\/wp\/v2\/media\/19301"}],"wp:attachment":[{"href":"https:\/\/haremerotikshop.com\/site\/wp-json\/wp\/v2\/media?parent=19234"}],"wp:term":[{"taxonomy":"product_brand","embeddable":true,"href":"https:\/\/haremerotikshop.com\/site\/wp-json\/wp\/v2\/product_brand?post=19234"},{"taxonomy":"product_cat","embeddable":true,"href":"https:\/\/haremerotikshop.com\/site\/wp-json\/wp\/v2\/product_cat?post=19234"},{"taxonomy":"product_tag","embeddable":true,"href":"https:\/\/haremerotikshop.com\/site\/wp-json\/wp\/v2\/product_tag?post=19234"}],"curies":[{"name":"wp","href":"https:\/\/api.w.org\/{rel}","templated":true}]}}