{"id":19235,"date":"2025-03-17T12:30:18","date_gmt":"2025-03-17T09:30:18","guid":{"rendered":"https:\/\/haremerotikshop.com\/site\/?post_type=product&#038;p=19235"},"modified":"2026-01-26T16:12:50","modified_gmt":"2026-01-26T13:12:50","slug":"titresimli-penis-kilifi-ten-rengi","status":"publish","type":"product","link":"https:\/\/haremerotikshop.com\/site\/erotik-shop-urun\/titresimli-penis-kilifi-ten-rengi\/","title":{"rendered":"Titre\u015fimli Penis K\u0131l\u0131f\u0131 Ten Rengi"},"content":{"rendered":"<h3 data-start=\"68\" data-end=\"111\"><strong data-start=\"72\" data-end=\"111\">Titre\u015fimli Penis K\u0131l\u0131f\u0131 \u2013 Ten Rengi<\/strong><\/h3>\n<p data-start=\"113\" data-end=\"494\"><strong data-start=\"113\" data-end=\"140\">Titre\u015fimli Penis K\u0131l\u0131f\u0131<\/strong>, <strong data-start=\"142\" data-end=\"161\">ger\u00e7ek\u00e7i dokusu<\/strong> ve <strong data-start=\"165\" data-end=\"203\">ekstra uzunluk kazand\u0131ran tasar\u0131m\u0131<\/strong> ile cinsel deneyiminizi daha heyecan verici ve tatmin edici hale getirmek i\u00e7in \u00f6zel olarak tasarlanm\u0131\u015ft\u0131r. <strong data-start=\"311\" data-end=\"330\">Do\u011fal ten rengi<\/strong> estetik bir g\u00f6r\u00fcn\u00fcm sunarken, <strong data-start=\"361\" data-end=\"382\">titre\u015fim \u00f6zelli\u011fi<\/strong> ile her an\u0131n\u0131z\u0131 daha keyifli hale getirir. Hem erkekler hem de partnerler i\u00e7in daha fazla haz ve konfor sa\u011flar.<\/p>\n<h3 data-start=\"496\" data-end=\"525\"><strong data-start=\"500\" data-end=\"525\">\u00d6ne \u00c7\u0131kan \u00d6zellikler:<\/strong><\/h3>\n<h4 data-start=\"527\" data-end=\"557\"><strong data-start=\"532\" data-end=\"557\">+6 cm Uzunluk Art\u0131\u015f\u0131:<\/strong><\/h4>\n<ul data-start=\"558\" data-end=\"897\">\n<li data-start=\"558\" data-end=\"773\"><strong data-start=\"560\" data-end=\"587\">Titre\u015fimli Penis K\u0131l\u0131f\u0131<\/strong>, ortalama <strong data-start=\"598\" data-end=\"621\">6 cm ekstra uzunluk<\/strong> ekleyerek daha doyurucu bir deneyim sunar. Bu uzunluk art\u0131\u015f\u0131, hem kullan\u0131c\u0131n\u0131n hem de partnerin daha tatmin edici bir cinsel deneyim ya\u015famas\u0131n\u0131 sa\u011flar.<\/li>\n<li data-start=\"774\" data-end=\"897\"><strong data-start=\"776\" data-end=\"795\">Toplam Uzunluk:<\/strong> 25 cm, <strong data-start=\"803\" data-end=\"822\">uzatmal\u0131 yap\u0131s\u0131<\/strong> ile cinsel birle\u015fme s\u0131ras\u0131nda arad\u0131\u011f\u0131n\u0131z <strong data-start=\"864\" data-end=\"875\">konforu<\/strong> ve <strong data-start=\"879\" data-end=\"888\">hazz\u0131<\/strong> art\u0131r\u0131r.<\/li>\n<\/ul>\n<h4 data-start=\"899\" data-end=\"934\"><strong data-start=\"904\" data-end=\"934\">Farkl\u0131 Kal\u0131nl\u0131k B\u00f6lgeleri:<\/strong><\/h4>\n<ul data-start=\"935\" data-end=\"1229\">\n<li data-start=\"935\" data-end=\"1035\"><strong data-start=\"937\" data-end=\"951\">Ba\u015f K\u0131sm\u0131:<\/strong> 4 cm kal\u0131nl\u0131\u011f\u0131nda, do\u011fal bir hissiyat yarat\u0131rken partnerinize ekstra uyar\u0131m sa\u011flar.<\/li>\n<li data-start=\"1036\" data-end=\"1126\"><strong data-start=\"1038\" data-end=\"1052\">Alt K\u0131s\u0131m:<\/strong> 5 cm kal\u0131nl\u0131\u011f\u0131nda, daha fazla dolgunluk ve his i\u00e7in ideal bir tasar\u0131md\u0131r.<\/li>\n<li data-start=\"1127\" data-end=\"1229\">Bu <strong data-start=\"1132\" data-end=\"1161\">farkl\u0131 kal\u0131nl\u0131k b\u00f6lgeleri<\/strong>, <strong data-start=\"1163\" data-end=\"1191\">ger\u00e7ek\u00e7i bir penis formu<\/strong> olu\u015fturarak ek dolgunluk hissi verir.<\/li>\n<\/ul>\n<h4 data-start=\"1231\" data-end=\"1258\"><strong data-start=\"1236\" data-end=\"1258\">A\u011f\u0131rl\u0131k ve Konfor:<\/strong><\/h4>\n<ul data-start=\"1259\" data-end=\"1429\">\n<li data-start=\"1259\" data-end=\"1429\"><strong data-start=\"1261\" data-end=\"1273\">A\u011f\u0131rl\u0131k:<\/strong> 140 gr, <strong data-start=\"1282\" data-end=\"1311\">hafif ve ergonomik yap\u0131s\u0131<\/strong> sayesinde kullan\u0131m esnas\u0131nda maksimum <strong data-start=\"1350\" data-end=\"1360\">konfor<\/strong> sunar. Uzun s\u00fcreli kullan\u0131mlarda dahi rahatl\u0131kla kontrol edilebilir.<\/li>\n<\/ul>\n<h4 data-start=\"1431\" data-end=\"1459\"><strong data-start=\"1436\" data-end=\"1459\">Titre\u015fimli Tasar\u0131m:<\/strong><\/h4>\n<ul data-start=\"1460\" data-end=\"1865\">\n<li data-start=\"1460\" data-end=\"1691\"><strong data-start=\"1462\" data-end=\"1479\">Dahili motoru<\/strong> sayesinde, <strong data-start=\"1491\" data-end=\"1518\">titre\u015fimli penis k\u0131l\u0131f\u0131<\/strong> ekstra uyar\u0131m sunar ve her titre\u015fim modu farkl\u0131 bir keyif deneyimi sa\u011flar. K\u0131l\u0131f\u0131n <strong data-start=\"1602\" data-end=\"1626\">titre\u015fim \u00f6zellikleri<\/strong>, kullan\u0131c\u0131y\u0131 daha fazla uyararak cinsel deneyimi zenginle\u015ftirir.<\/li>\n<li data-start=\"1692\" data-end=\"1865\"><strong data-start=\"1694\" data-end=\"1722\">Farkl\u0131 Titre\u015fim Modlar\u0131:<\/strong> Her titre\u015fim modu, ki\u015fisel tercihlere g\u00f6re \u00f6zelle\u015ftirilebilir, b\u00f6ylece deneyiminizi daha tatmin edici ve heyecan verici hale getirebilirsiniz.<\/li>\n<\/ul>\n<h4 data-start=\"1867\" data-end=\"1895\"><strong data-start=\"1872\" data-end=\"1895\">Ger\u00e7ek\u00e7i Ten Hissi:<\/strong><\/h4>\n<ul data-start=\"1896\" data-end=\"2114\">\n<li data-start=\"1896\" data-end=\"2114\"><strong data-start=\"1898\" data-end=\"1940\">Yumu\u015fak dokusu ve cilt dostu malzemesi<\/strong>, do\u011fal bir his yaratarak hem kullan\u0131c\u0131 hem de partner i\u00e7in <strong data-start=\"2000\" data-end=\"2025\">konforlu bir kullan\u0131m<\/strong> sa\u011flar. Bu <strong data-start=\"2037\" data-end=\"2059\">ger\u00e7ek\u00e7i ten hissi<\/strong>, <strong data-start=\"2061\" data-end=\"2082\">do\u011fal bir deneyim<\/strong> sunar ve daha fazla haz sa\u011flar.<\/li>\n<\/ul>\n<h4 data-start=\"2116\" data-end=\"2149\"><strong data-start=\"2121\" data-end=\"2149\">Kolay Temizlik ve Bak\u0131m:<\/strong><\/h4>\n<ul data-start=\"2150\" data-end=\"2370\">\n<li data-start=\"2150\" data-end=\"2370\"><strong data-start=\"2152\" data-end=\"2175\">Su ge\u00e7irmez tasar\u0131m<\/strong> sayesinde, temizli\u011fi olduk\u00e7a kolayd\u0131r. Kullan\u0131m sonras\u0131, sadece su ile y\u0131kayarak hijyenik bir \u015fekilde saklayabilirsiniz. <strong data-start=\"2297\" data-end=\"2324\">Kolay bak\u0131m \u00f6zellikleri<\/strong>, s\u00fcrekli olarak kullan\u0131ma uygun hale getirir.<\/li>\n<\/ul>\n<h3 data-start=\"2372\" data-end=\"2436\"><strong data-start=\"2376\" data-end=\"2436\">Titre\u015fimli Penis K\u0131l\u0131f\u0131 \u2013 Ten Rengi ile Yeni Bir Deneyim<\/strong><\/h3>\n<p data-start=\"2438\" data-end=\"2852\"><strong data-start=\"2438\" data-end=\"2465\">Titre\u015fimli Penis K\u0131l\u0131f\u0131<\/strong> \u2013 <strong data-start=\"2468\" data-end=\"2481\">Ten Rengi<\/strong>, uzunluk ve kal\u0131nl\u0131k art\u0131\u015f\u0131 ile cinsel deneyimi zenginle\u015ftirirken, <strong data-start=\"2549\" data-end=\"2570\">titre\u015fimli yap\u0131s\u0131<\/strong> sayesinde daha yo\u011fun ve tatmin edici bir performans sunar. Do\u011fal ten rengi ve <strong data-start=\"2649\" data-end=\"2668\">ger\u00e7ek\u00e7i dokusu<\/strong>, her kullan\u0131mda daha ger\u00e7ek\u00e7i bir deneyim sa\u011flar. Hafif ve ergonomik tasar\u0131m\u0131 ile konforu \u00fcst seviyeye \u00e7\u0131kar\u0131rken, <strong data-start=\"2784\" data-end=\"2808\">su ge\u00e7irmez \u00f6zelli\u011fi<\/strong> sayesinde temizlik de son derece kolayd\u0131r.<\/p>\n<p data-start=\"2854\" data-end=\"3044\">E\u011fer siz de <strong data-start=\"2866\" data-end=\"2899\">daha yo\u011fun bir cinsel deneyim<\/strong> ya\u015famak ve <strong data-start=\"2911\" data-end=\"2928\">partnerinizle<\/strong> birlikte <strong data-start=\"2938\" data-end=\"2955\">keyifli anlar<\/strong> ge\u00e7irmek istiyorsan\u0131z, <strong data-start=\"2979\" data-end=\"3006\">Titre\u015fimli Penis K\u0131l\u0131f\u0131<\/strong> \u2013 <strong data-start=\"3009\" data-end=\"3022\">Ten Rengi<\/strong> ideal bir tercihtir.<\/p>\n","protected":false},"excerpt":{"rendered":"<p><strong data-start=\"113\" data-end=\"140\">Titre\u015fimli Penis K\u0131l\u0131f\u0131<\/strong>, <strong data-start=\"142\" data-end=\"161\">ger\u00e7ek\u00e7i dokusu<\/strong> ve <strong data-start=\"165\" data-end=\"203\">ekstra uzunluk kazand\u0131ran tasar\u0131m\u0131<\/strong> ile cinsel deneyiminizi daha heyecan verici ve tatmin edici hale getirmek i\u00e7in \u00f6zel olarak tasarlanm\u0131\u015ft\u0131r. <strong data-start=\"311\" data-end=\"330\">Do\u011fal ten rengi<\/strong> estetik bir g\u00f6r\u00fcn\u00fcm sunarken, <strong data-start=\"361\" data-end=\"382\">titre\u015fim \u00f6zelli\u011fi<\/strong> ile her an\u0131n\u0131z\u0131 daha keyifli hale getirir. Hem erkekler hem de partnerler i\u00e7in daha fazla haz ve konfor sa\u011flar.<\/p>\n","protected":false},"featured_media":19304,"comment_status":"open","ping_status":"closed","template":"","meta":[],"product_brand":[127],"product_cat":[110],"product_tag":[299],"class_list":{"0":"post-19235","1":"product","2":"type-product","3":"status-publish","4":"has-post-thumbnail","6":"product_brand-pembe-tilki","7":"product_cat-penis-kiliflari","8":"product_tag-titresimli-penis-kilifi-ten-rengi","10":"first","11":"instock","12":"taxable","13":"shipping-taxable","14":"purchasable","15":"product-type-simple"},"yoast_head":"<!-- This site is optimized with the Yoast SEO Premium plugin v24.4 (Yoast SEO v27.1.1) - https:\/\/yoast.com\/product\/yoast-seo-premium-wordpress\/ -->\n<title>Titre\u015fimli Penis K\u0131l\u0131f\u0131 Ten Rengi - Bursa Erotik Shop<\/title>\n<meta name=\"robots\" content=\"index, follow, max-snippet:-1, max-image-preview:large, max-video-preview:-1\" \/>\n<link rel=\"canonical\" href=\"https:\/\/hobierotikshop.com.tr\/website1\/erotik-shop-urun\/titresimli-penis-kilifi-ten-rengi\/\" \/>\n<meta property=\"og:locale\" content=\"tr_TR\" \/>\n<meta property=\"og:type\" content=\"article\" \/>\n<meta property=\"og:title\" content=\"Titre\u015fimli Penis K\u0131l\u0131f\u0131 Ten Rengi\" \/>\n<meta property=\"og:description\" content=\"Titre\u015fimli Penis K\u0131l\u0131f\u0131, ger\u00e7ek\u00e7i dokusu ve ekstra uzunluk kazand\u0131ran tasar\u0131m\u0131 ile cinsel deneyiminizi daha heyecan verici ve tatmin edici hale getirmek i\u00e7in \u00f6zel olarak tasarlanm\u0131\u015ft\u0131r. Do\u011fal ten rengi estetik bir g\u00f6r\u00fcn\u00fcm sunarken, titre\u015fim \u00f6zelli\u011fi ile her an\u0131n\u0131z\u0131 daha keyifli hale getirir. Hem erkekler hem de partnerler i\u00e7in daha fazla haz ve konfor sa\u011flar.\" \/>\n<meta property=\"og:url\" content=\"https:\/\/hobierotikshop.com.tr\/website1\/erotik-shop-urun\/titresimli-penis-kilifi-ten-rengi\/\" \/>\n<meta property=\"og:site_name\" content=\"Bursa Erotik Shop\" \/>\n<meta property=\"article:modified_time\" content=\"2026-01-26T13:12:50+00:00\" \/>\n<meta property=\"og:image\" content=\"https:\/\/hobierotikshop.com.tr\/website1\/wp-content\/uploads\/2025\/03\/titresimli-penis-kilifi-ten-rengi-2524.jpg\" \/>\n\t<meta property=\"og:image:width\" content=\"1500\" \/>\n\t<meta property=\"og:image:height\" content=\"1500\" \/>\n\t<meta property=\"og:image:type\" content=\"image\/jpeg\" \/>\n<meta name=\"twitter:card\" content=\"summary_large_image\" \/>\n<meta name=\"twitter:site\" content=\"@shopbursa\" \/>\n<meta name=\"twitter:label1\" content=\"Fiyat\" \/>\n\t<meta name=\"twitter:data1\" content=\"&#8378;1.000,00 KDV DAH\u0130L\" \/>\n\t<meta name=\"twitter:label2\" content=\"Availability\" \/>\n\t<meta name=\"twitter:data2\" content=\"In stock\" \/>\n<script type=\"application\/ld+json\" class=\"yoast-schema-graph\">{\"@context\":\"https:\/\/schema.org\",\"@graph\":[{\"@type\":\"WebPage\",\"@id\":\"https:\/\/hobierotikshop.com.tr\/website1\/erotik-shop-urun\/titresimli-penis-kilifi-ten-rengi\/\",\"url\":\"https:\/\/hobierotikshop.com.tr\/website1\/erotik-shop-urun\/titresimli-penis-kilifi-ten-rengi\/\",\"name\":\"Titre\u015fimli Penis K\u0131l\u0131f\u0131 Ten Rengi - Bursa Erotik Shop\",\"isPartOf\":{\"@id\":\"https:\/\/hobierotikshop.com.tr\/website1\/#website\"},\"primaryImageOfPage\":{\"@id\":\"https:\/\/hobierotikshop.com.tr\/website1\/erotik-shop-urun\/titresimli-penis-kilifi-ten-rengi\/#primaryimage\"},\"image\":{\"@id\":\"https:\/\/hobierotikshop.com.tr\/website1\/erotik-shop-urun\/titresimli-penis-kilifi-ten-rengi\/#primaryimage\"},\"thumbnailUrl\":\"https:\/\/haremerotikshop.com\/site\/wp-content\/uploads\/2025\/03\/titresimli-penis-kilifi-ten-rengi-2524.jpg\",\"datePublished\":\"2025-03-17T09:30:18+00:00\",\"dateModified\":\"2026-01-26T13:12:50+00:00\",\"breadcrumb\":{\"@id\":\"https:\/\/hobierotikshop.com.tr\/website1\/erotik-shop-urun\/titresimli-penis-kilifi-ten-rengi\/#breadcrumb\"},\"inLanguage\":\"tr\",\"potentialAction\":[{\"@type\":\"ReadAction\",\"target\":[\"https:\/\/hobierotikshop.com.tr\/website1\/erotik-shop-urun\/titresimli-penis-kilifi-ten-rengi\/\"]}]},{\"@type\":\"ImageObject\",\"inLanguage\":\"tr\",\"@id\":\"https:\/\/hobierotikshop.com.tr\/website1\/erotik-shop-urun\/titresimli-penis-kilifi-ten-rengi\/#primaryimage\",\"url\":\"https:\/\/haremerotikshop.com\/site\/wp-content\/uploads\/2025\/03\/titresimli-penis-kilifi-ten-rengi-2524.jpg\",\"contentUrl\":\"https:\/\/haremerotikshop.com\/site\/wp-content\/uploads\/2025\/03\/titresimli-penis-kilifi-ten-rengi-2524.jpg\",\"width\":1500,\"height\":1500},{\"@type\":\"BreadcrumbList\",\"@id\":\"https:\/\/hobierotikshop.com.tr\/website1\/erotik-shop-urun\/titresimli-penis-kilifi-ten-rengi\/#breadcrumb\",\"itemListElement\":[{\"@type\":\"ListItem\",\"position\":1,\"name\":\"Anasayfa\",\"item\":\"https:\/\/hobierotikshop.com.tr\/website1\/\"},{\"@type\":\"ListItem\",\"position\":2,\"name\":\"Erotik Shop \u00dcr\u00fcnleri\",\"item\":\"https:\/\/hobierotikshop.com.tr\/website1\/shop\/\"},{\"@type\":\"ListItem\",\"position\":3,\"name\":\"Titre\u015fimli Penis K\u0131l\u0131f\u0131 Ten Rengi\"}]},{\"@type\":\"WebSite\",\"@id\":\"https:\/\/hobierotikshop.com.tr\/website1\/#website\",\"url\":\"https:\/\/hobierotikshop.com.tr\/website1\/\",\"name\":\"Bursa Erotik Shop\",\"description\":\"Bursa Erotik Shop ile g\u00fcvenli, gizli ve kaliteli yeti\u015fkin \u00fcr\u00fcnleri al\u0131\u015fveri\u015fi! Geni\u015f \u00fcr\u00fcn yelpazemizi ke\u015ffedin, hemen sipari\u015f verin\",\"publisher\":{\"@id\":\"https:\/\/hobierotikshop.com.tr\/website1\/#organization\"},\"alternateName\":\"Erotik Shop\",\"potentialAction\":[{\"@type\":\"SearchAction\",\"target\":{\"@type\":\"EntryPoint\",\"urlTemplate\":\"https:\/\/hobierotikshop.com.tr\/website1\/?s={search_term_string}\"},\"query-input\":{\"@type\":\"PropertyValueSpecification\",\"valueRequired\":true,\"valueName\":\"search_term_string\"}}],\"inLanguage\":\"tr\"},{\"@type\":\"Organization\",\"@id\":\"https:\/\/hobierotikshop.com.tr\/website1\/#organization\",\"name\":\"Harem Bursa Erotik Shop\",\"url\":\"https:\/\/hobierotikshop.com.tr\/website1\/\",\"logo\":{\"@type\":\"ImageObject\",\"inLanguage\":\"tr\",\"@id\":\"https:\/\/hobierotikshop.com.tr\/website1\/#\/schema\/logo\/image\/\",\"url\":\"https:\/\/haremerotikshop.com\/site\/wp-content\/uploads\/2025\/03\/haremsexshop.png\",\"contentUrl\":\"https:\/\/haremerotikshop.com\/site\/wp-content\/uploads\/2025\/03\/haremsexshop.png\",\"width\":400,\"height\":100,\"caption\":\"Harem Bursa Erotik Shop\"},\"image\":{\"@id\":\"https:\/\/hobierotikshop.com.tr\/website1\/#\/schema\/logo\/image\/\"},\"sameAs\":[\"https:\/\/x.com\/shopbursa\"],\"publishingPrinciples\":\"https:\/\/hobierotikshop.com.tr\/website1\/mesafeli-satis-sozlesmesi\/\",\"ownershipFundingInfo\":\"https:\/\/hobierotikshop.com.tr\/website1\/contact-us\/\",\"actionableFeedbackPolicy\":\"https:\/\/hobierotikshop.com.tr\/website1\/contact-us\/\",\"correctionsPolicy\":\"https:\/\/hobierotikshop.com.tr\/website1\/mesafeli-satis-sozlesmesi\/\"}]}<\/script>\n<meta property=\"product:brand\" content=\"Pembe Tilki\" \/>\n<meta property=\"product:price:amount\" content=\"1000.00\" \/>\n<meta property=\"product:price:currency\" content=\"TRY\" \/>\n<meta property=\"og:availability\" content=\"instock\" \/>\n<meta property=\"product:availability\" content=\"instock\" \/>\n<meta property=\"product:retailer_item_id\" content=\"PT-ECXF008\" \/>\n<meta property=\"product:condition\" content=\"new\" \/>\n<!-- \/ Yoast SEO Premium plugin. -->","yoast_head_json":{"title":"Titre\u015fimli Penis K\u0131l\u0131f\u0131 Ten Rengi - Bursa Erotik Shop","robots":{"index":"index","follow":"follow","max-snippet":"max-snippet:-1","max-image-preview":"max-image-preview:large","max-video-preview":"max-video-preview:-1"},"canonical":"https:\/\/hobierotikshop.com.tr\/website1\/erotik-shop-urun\/titresimli-penis-kilifi-ten-rengi\/","og_locale":"tr_TR","og_type":"article","og_title":"Titre\u015fimli Penis K\u0131l\u0131f\u0131 Ten Rengi","og_description":"Titre\u015fimli Penis K\u0131l\u0131f\u0131, ger\u00e7ek\u00e7i dokusu ve ekstra uzunluk kazand\u0131ran tasar\u0131m\u0131 ile cinsel deneyiminizi daha heyecan verici ve tatmin edici hale getirmek i\u00e7in \u00f6zel olarak tasarlanm\u0131\u015ft\u0131r. Do\u011fal ten rengi estetik bir g\u00f6r\u00fcn\u00fcm sunarken, titre\u015fim \u00f6zelli\u011fi ile her an\u0131n\u0131z\u0131 daha keyifli hale getirir. Hem erkekler hem de partnerler i\u00e7in daha fazla haz ve konfor sa\u011flar.","og_url":"https:\/\/hobierotikshop.com.tr\/website1\/erotik-shop-urun\/titresimli-penis-kilifi-ten-rengi\/","og_site_name":"Bursa Erotik Shop","article_modified_time":"2026-01-26T13:12:50+00:00","og_image":[{"width":1500,"height":1500,"url":"https:\/\/hobierotikshop.com.tr\/website1\/wp-content\/uploads\/2025\/03\/titresimli-penis-kilifi-ten-rengi-2524.jpg","type":"image\/jpeg"}],"twitter_card":"summary_large_image","twitter_site":"@shopbursa","twitter_misc":{"Fiyat":"&#8378;1.000,00 KDV DAH\u0130L","Availability":"In stock"},"schema":{"@context":"https:\/\/schema.org","@graph":[{"@type":"WebPage","@id":"https:\/\/hobierotikshop.com.tr\/website1\/erotik-shop-urun\/titresimli-penis-kilifi-ten-rengi\/","url":"https:\/\/hobierotikshop.com.tr\/website1\/erotik-shop-urun\/titresimli-penis-kilifi-ten-rengi\/","name":"Titre\u015fimli Penis K\u0131l\u0131f\u0131 Ten Rengi - Bursa Erotik Shop","isPartOf":{"@id":"https:\/\/hobierotikshop.com.tr\/website1\/#website"},"primaryImageOfPage":{"@id":"https:\/\/hobierotikshop.com.tr\/website1\/erotik-shop-urun\/titresimli-penis-kilifi-ten-rengi\/#primaryimage"},"image":{"@id":"https:\/\/hobierotikshop.com.tr\/website1\/erotik-shop-urun\/titresimli-penis-kilifi-ten-rengi\/#primaryimage"},"thumbnailUrl":"https:\/\/haremerotikshop.com\/site\/wp-content\/uploads\/2025\/03\/titresimli-penis-kilifi-ten-rengi-2524.jpg","datePublished":"2025-03-17T09:30:18+00:00","dateModified":"2026-01-26T13:12:50+00:00","breadcrumb":{"@id":"https:\/\/hobierotikshop.com.tr\/website1\/erotik-shop-urun\/titresimli-penis-kilifi-ten-rengi\/#breadcrumb"},"inLanguage":"tr","potentialAction":[{"@type":"ReadAction","target":["https:\/\/hobierotikshop.com.tr\/website1\/erotik-shop-urun\/titresimli-penis-kilifi-ten-rengi\/"]}]},{"@type":"ImageObject","inLanguage":"tr","@id":"https:\/\/hobierotikshop.com.tr\/website1\/erotik-shop-urun\/titresimli-penis-kilifi-ten-rengi\/#primaryimage","url":"https:\/\/haremerotikshop.com\/site\/wp-content\/uploads\/2025\/03\/titresimli-penis-kilifi-ten-rengi-2524.jpg","contentUrl":"https:\/\/haremerotikshop.com\/site\/wp-content\/uploads\/2025\/03\/titresimli-penis-kilifi-ten-rengi-2524.jpg","width":1500,"height":1500},{"@type":"BreadcrumbList","@id":"https:\/\/hobierotikshop.com.tr\/website1\/erotik-shop-urun\/titresimli-penis-kilifi-ten-rengi\/#breadcrumb","itemListElement":[{"@type":"ListItem","position":1,"name":"Anasayfa","item":"https:\/\/hobierotikshop.com.tr\/website1\/"},{"@type":"ListItem","position":2,"name":"Erotik Shop \u00dcr\u00fcnleri","item":"https:\/\/hobierotikshop.com.tr\/website1\/shop\/"},{"@type":"ListItem","position":3,"name":"Titre\u015fimli Penis K\u0131l\u0131f\u0131 Ten Rengi"}]},{"@type":"WebSite","@id":"https:\/\/hobierotikshop.com.tr\/website1\/#website","url":"https:\/\/hobierotikshop.com.tr\/website1\/","name":"Bursa Erotik Shop","description":"Bursa Erotik Shop ile g\u00fcvenli, gizli ve kaliteli yeti\u015fkin \u00fcr\u00fcnleri al\u0131\u015fveri\u015fi! Geni\u015f \u00fcr\u00fcn yelpazemizi ke\u015ffedin, hemen sipari\u015f verin","publisher":{"@id":"https:\/\/hobierotikshop.com.tr\/website1\/#organization"},"alternateName":"Erotik Shop","potentialAction":[{"@type":"SearchAction","target":{"@type":"EntryPoint","urlTemplate":"https:\/\/hobierotikshop.com.tr\/website1\/?s={search_term_string}"},"query-input":{"@type":"PropertyValueSpecification","valueRequired":true,"valueName":"search_term_string"}}],"inLanguage":"tr"},{"@type":"Organization","@id":"https:\/\/hobierotikshop.com.tr\/website1\/#organization","name":"Harem Bursa Erotik Shop","url":"https:\/\/hobierotikshop.com.tr\/website1\/","logo":{"@type":"ImageObject","inLanguage":"tr","@id":"https:\/\/hobierotikshop.com.tr\/website1\/#\/schema\/logo\/image\/","url":"https:\/\/haremerotikshop.com\/site\/wp-content\/uploads\/2025\/03\/haremsexshop.png","contentUrl":"https:\/\/haremerotikshop.com\/site\/wp-content\/uploads\/2025\/03\/haremsexshop.png","width":400,"height":100,"caption":"Harem Bursa Erotik Shop"},"image":{"@id":"https:\/\/hobierotikshop.com.tr\/website1\/#\/schema\/logo\/image\/"},"sameAs":["https:\/\/x.com\/shopbursa"],"publishingPrinciples":"https:\/\/hobierotikshop.com.tr\/website1\/mesafeli-satis-sozlesmesi\/","ownershipFundingInfo":"https:\/\/hobierotikshop.com.tr\/website1\/contact-us\/","actionableFeedbackPolicy":"https:\/\/hobierotikshop.com.tr\/website1\/contact-us\/","correctionsPolicy":"https:\/\/hobierotikshop.com.tr\/website1\/mesafeli-satis-sozlesmesi\/"}]},"product_brand":"Pembe Tilki","product_price_amount":"1000.00","product_price_currency":"TRY","og_availability":"instock","product_availability":"instock","product_retailer_item_id":"PT-ECXF008","product_condition":"new"},"_links":{"self":[{"href":"https:\/\/haremerotikshop.com\/site\/wp-json\/wp\/v2\/product\/19235","targetHints":{"allow":["GET"]}}],"collection":[{"href":"https:\/\/haremerotikshop.com\/site\/wp-json\/wp\/v2\/product"}],"about":[{"href":"https:\/\/haremerotikshop.com\/site\/wp-json\/wp\/v2\/types\/product"}],"replies":[{"embeddable":true,"href":"https:\/\/haremerotikshop.com\/site\/wp-json\/wp\/v2\/comments?post=19235"}],"version-history":[{"count":0,"href":"https:\/\/haremerotikshop.com\/site\/wp-json\/wp\/v2\/product\/19235\/revisions"}],"wp:featuredmedia":[{"embeddable":true,"href":"https:\/\/haremerotikshop.com\/site\/wp-json\/wp\/v2\/media\/19304"}],"wp:attachment":[{"href":"https:\/\/haremerotikshop.com\/site\/wp-json\/wp\/v2\/media?parent=19235"}],"wp:term":[{"taxonomy":"product_brand","embeddable":true,"href":"https:\/\/haremerotikshop.com\/site\/wp-json\/wp\/v2\/product_brand?post=19235"},{"taxonomy":"product_cat","embeddable":true,"href":"https:\/\/haremerotikshop.com\/site\/wp-json\/wp\/v2\/product_cat?post=19235"},{"taxonomy":"product_tag","embeddable":true,"href":"https:\/\/haremerotikshop.com\/site\/wp-json\/wp\/v2\/product_tag?post=19235"}],"curies":[{"name":"wp","href":"https:\/\/api.w.org\/{rel}","templated":true}]}}