{"id":19236,"date":"2025-03-17T12:30:18","date_gmt":"2025-03-17T09:30:18","guid":{"rendered":"https:\/\/haremerotikshop.com\/site\/?post_type=product&#038;p=19236"},"modified":"2026-01-26T16:13:17","modified_gmt":"2026-01-26T13:13:17","slug":"tirtikli-penis-kilifi-seffaf","status":"publish","type":"product","link":"https:\/\/haremerotikshop.com\/site\/erotik-shop-urun\/tirtikli-penis-kilifi-seffaf\/","title":{"rendered":"T\u0131rt\u0131kl\u0131 Penis K\u0131l\u0131f\u0131 \u015eeffaf"},"content":{"rendered":"<article class=\"group\/turn w-full text-token-text-primary focus-visible:outline-2 focus-visible:outline-offset-[-4px]\" dir=\"auto\" data-testid=\"conversation-turn-141\" data-scroll-anchor=\"false\">\n<div class=\"text-base my-auto mx-auto py-[18px] px-6\">\n<div class=\"mx-auto flex flex-1 text-base gap-4 md:gap-5 lg:gap-6 md:max-w-3xl\">\n<div class=\"group\/conversation-turn relative flex w-full min-w-0 flex-col @xs\/thread:px-0 @sm\/thread:px-1.5 @md\/thread:px-4\">\n<div class=\"flex-col gap-1 md:gap-3\">\n<div class=\"flex max-w-full flex-col flex-grow\">\n<div class=\"min-h-8 text-message relative flex w-full flex-col items-end gap-2 whitespace-normal break-words text-start [.text-message+&amp;]:mt-5\" dir=\"auto\" data-message-author-role=\"user\" data-message-id=\"78d965ba-3c75-46e8-acc5-5a4370ddbd48\">\n<div class=\"w-full\">\n<div class=\"flex w-full flex-col gap-1 empty:hidden items-end rtl:items-start\">\n<div class=\"relative max-w-[var(--user-chat-width,70%)] rounded-3xl bg-token-message-surface px-5 py-2.5\">\n<div class=\"whitespace-pre-wrap\">ke\u015ffedin!&#8221; seo uyumlu detayl\u0131 bir organik \u00fcr\u00fcn tan\u0131t\u0131m\u0131 yaparm\u0131s\u0131n<\/div>\n<div class=\"absolute bottom-0 right-full top-0 -mr-3.5 hidden pr-5 pt-2 [.group\\\/conversation-turn:hover_&amp;]:flex\">\n<div class=\"flex\"><\/div>\n<\/div>\n<\/div>\n<\/div>\n<\/div>\n<\/div>\n<\/div>\n<\/div>\n<\/div>\n<\/div>\n<\/div>\n<\/article>\n<article class=\"group\/turn w-full text-token-text-primary focus-visible:outline-2 focus-visible:outline-offset-[-4px]\" dir=\"auto\" data-testid=\"conversation-turn-142\" data-scroll-anchor=\"true\">\n<h6 class=\"sr-only\">ChatGPT:<\/h6>\n<div class=\"text-base my-auto mx-auto py-[18px] px-6\">\n<div class=\"mx-auto flex flex-1 text-base gap-4 md:gap-5 lg:gap-6 md:max-w-3xl\">\n<div class=\"group\/conversation-turn relative flex w-full min-w-0 flex-col agent-turn @xs\/thread:px-0 @sm\/thread:px-1.5 @md\/thread:px-4\">\n<div class=\"flex-col gap-1 md:gap-3\">\n<div class=\"flex max-w-full flex-col flex-grow\">\n<div class=\"min-h-8 text-message relative flex w-full flex-col items-end gap-2 whitespace-normal break-words text-start [.text-message+&amp;]:mt-5\" dir=\"auto\" data-message-author-role=\"assistant\" data-message-id=\"3a27931b-f426-496c-b89d-67836d549ff1\" data-message-model-slug=\"gpt-4o\">\n<div class=\"flex w-full flex-col gap-1 empty:hidden first:pt-[3px]\">\n<div class=\"markdown prose w-full break-words dark:prose-invert light\">\n<h3 data-start=\"0\" data-end=\"69\"><strong data-start=\"4\" data-end=\"69\">T\u0131rt\u0131kl\u0131 Penis K\u0131l\u0131f\u0131 \u2013 \u015eeffaf | Daha Fazla Uyar\u0131m ve Heyecan<\/strong><\/h3>\n<p data-start=\"71\" data-end=\"490\"><strong data-start=\"71\" data-end=\"105\">T\u0131rt\u0131kl\u0131 Penis K\u0131l\u0131f\u0131 \u2013 \u015eeffaf<\/strong>, cinsel deneyimi hem <strong data-start=\"127\" data-end=\"137\">g\u00f6rsel<\/strong> hem de <strong data-start=\"145\" data-end=\"157\">dokunsal<\/strong> a\u00e7\u0131dan zenginle\u015ftirmek i\u00e7in \u00f6zel olarak tasarlanm\u0131\u015f bir \u00fcr\u00fcnd\u00fcr. <strong data-start=\"223\" data-end=\"242\">T\u0131rt\u0131kl\u0131 y\u00fczeyi<\/strong>, partneriniz i\u00e7in ekstra <strong data-start=\"268\" data-end=\"278\">uyar\u0131m<\/strong> sa\u011flarken, <strong data-start=\"290\" data-end=\"309\">\u015feffaf tasar\u0131m\u0131<\/strong> cinsel birlikteli\u011finize daha <strong data-start=\"339\" data-end=\"350\">estetik<\/strong> ve <strong data-start=\"354\" data-end=\"372\">heyecan verici<\/strong> bir boyut kazand\u0131r\u0131r. <strong data-start=\"395\" data-end=\"422\">Esnek ve yumu\u015fak yap\u0131s\u0131<\/strong> sayesinde, her kullan\u0131mda <strong data-start=\"449\" data-end=\"483\">konforlu ve etkili bir deneyim<\/strong> sunar.<\/p>\n<hr data-start=\"492\" data-end=\"495\" \/>\n<h3 data-start=\"497\" data-end=\"525\"><strong data-start=\"501\" data-end=\"525\">\u00d6ne \u00c7\u0131kan \u00d6zellikler<\/strong><\/h3>\n<h4 data-start=\"527\" data-end=\"568\"><strong data-start=\"532\" data-end=\"568\">\ud83d\udd39 Boyutlar ve Ergonomik Tasar\u0131m<\/strong><\/h4>\n<ul data-start=\"569\" data-end=\"728\">\n<li data-start=\"569\" data-end=\"592\"><strong data-start=\"571\" data-end=\"583\">Uzunluk:<\/strong> 115 mm<\/li>\n<li data-start=\"593\" data-end=\"616\"><strong data-start=\"595\" data-end=\"608\">Kal\u0131nl\u0131k:<\/strong> 40 mm<\/li>\n<li data-start=\"617\" data-end=\"728\">Penis \u00fczerinde <strong data-start=\"634\" data-end=\"652\">rahat bir uyum<\/strong> sa\u011flayarak, kullan\u0131m s\u0131ras\u0131nda maksimum <strong data-start=\"693\" data-end=\"703\">konfor<\/strong> ve <strong data-start=\"707\" data-end=\"721\">hassasiyet<\/strong> sunar.<\/li>\n<\/ul>\n<h4 data-start=\"730\" data-end=\"773\"><strong data-start=\"735\" data-end=\"773\">\ud83d\udd39 T\u0131rt\u0131kl\u0131 Doku ile Ekstra Uyar\u0131m<\/strong><\/h4>\n<ul data-start=\"774\" data-end=\"1018\">\n<li data-start=\"774\" data-end=\"868\"><strong data-start=\"776\" data-end=\"800\">\u00d6zel t\u0131rt\u0131kl\u0131 y\u00fczeyi<\/strong>, partneriniz i\u00e7in <strong data-start=\"819\" data-end=\"858\">daha yo\u011fun bir his ve ekstra uyar\u0131m<\/strong> sa\u011flar.<\/li>\n<li data-start=\"869\" data-end=\"953\">Her temas an\u0131nda <strong data-start=\"888\" data-end=\"907\">hissi art\u0131rarak<\/strong>, birle\u015fmeyi daha tatmin edici hale getirir.<\/li>\n<li data-start=\"954\" data-end=\"1018\">Daha <strong data-start=\"961\" data-end=\"975\">etkileyici<\/strong> ve <strong data-start=\"979\" data-end=\"992\">unutulmaz<\/strong> bir cinsel deneyim sunar.<\/li>\n<\/ul>\n<h4 data-start=\"1020\" data-end=\"1067\"><strong data-start=\"1025\" data-end=\"1067\">\ud83d\udd39 \u015eeffaf G\u00f6r\u00fcn\u00fcm ile G\u00f6rsel \u00c7ekicilik<\/strong><\/h4>\n<ul data-start=\"1068\" data-end=\"1264\">\n<li data-start=\"1068\" data-end=\"1182\"><strong data-start=\"1070\" data-end=\"1119\">Do\u011fal hatlar\u0131 \u00f6n plana \u00e7\u0131karan \u015feffaf tasar\u0131m<\/strong>, cinsel birle\u015fmeyi g\u00f6rsel olarak da etkileyici hale getirir.<\/li>\n<li data-start=\"1183\" data-end=\"1264\">Partnerinizin deneyim s\u0131ras\u0131nda <strong data-start=\"1217\" data-end=\"1249\">daha fazla heyecan duymas\u0131na<\/strong> yard\u0131mc\u0131 olur.<\/li>\n<\/ul>\n<h4 data-start=\"1266\" data-end=\"1316\"><strong data-start=\"1271\" data-end=\"1316\">\ud83d\udd39 Dayan\u0131kl\u0131, Esnek ve Cilt Dostu Malzeme<\/strong><\/h4>\n<ul data-start=\"1317\" data-end=\"1568\">\n<li data-start=\"1317\" data-end=\"1394\"><strong data-start=\"1319\" data-end=\"1353\">V\u00fccutla uyumlu yumu\u015fak silikon<\/strong>, maksimum esneklik ve rahatl\u0131k sa\u011flar.<\/li>\n<li data-start=\"1395\" data-end=\"1474\"><strong data-start=\"1397\" data-end=\"1415\">Lateks i\u00e7ermez<\/strong>, alerji yapmayan <strong data-start=\"1433\" data-end=\"1447\">cilt dostu<\/strong> malzemeden \u00fcretilmi\u015ftir.<\/li>\n<li data-start=\"1475\" data-end=\"1568\"><strong data-start=\"1477\" data-end=\"1513\">Hijyenik ve kolay temizlenebilir<\/strong> yap\u0131ya sahiptir; su ve sabunla h\u0131zl\u0131ca temizlenebilir.<\/li>\n<\/ul>\n<hr data-start=\"1570\" data-end=\"1573\" \/>\n<h3 data-start=\"1575\" data-end=\"1639\"><strong data-start=\"1579\" data-end=\"1639\">T\u0131rt\u0131kl\u0131 Penis K\u0131l\u0131f\u0131 \u2013 \u015eeffaf ile Unutulmaz Bir Deneyim<\/strong><\/h3>\n<p data-start=\"1640\" data-end=\"1943\"><strong data-start=\"1640\" data-end=\"1674\">T\u0131rt\u0131kl\u0131 Penis K\u0131l\u0131f\u0131 \u2013 \u015eeffaf<\/strong>, <strong data-start=\"1676\" data-end=\"1716\">uzunluk ve kal\u0131nl\u0131k art\u0131rma \u00f6zelli\u011fi<\/strong>, <strong data-start=\"1718\" data-end=\"1737\">t\u0131rt\u0131kl\u0131 dokusu<\/strong> ve <strong data-start=\"1741\" data-end=\"1760\">\u015feffaf tasar\u0131m\u0131<\/strong> ile cinsel hayat\u0131n\u0131za <strong data-start=\"1783\" data-end=\"1801\">yeni bir boyut<\/strong> kazand\u0131r\u0131r. <strong data-start=\"1814\" data-end=\"1847\">Ekstra uyar\u0131m sa\u011flayan yap\u0131s\u0131<\/strong> sayesinde, <strong data-start=\"1859\" data-end=\"1880\">daha yo\u011fun hisler<\/strong> ve <strong data-start=\"1884\" data-end=\"1918\">daha tatmin edici bir birle\u015fme<\/strong> ya\u015faman\u0131z\u0131 m\u00fcmk\u00fcn k\u0131lar.<\/p>\n<p data-start=\"1945\" data-end=\"2095\" data-is-last-node=\"\" data-is-only-node=\"\">E\u011fer <strong data-start=\"1950\" data-end=\"1980\">heyecan verici bir deneyim<\/strong> ar\u0131yorsan\u0131z, <strong data-start=\"1994\" data-end=\"2028\">T\u0131rt\u0131kl\u0131 Penis K\u0131l\u0131f\u0131 \u2013 \u015eeffaf<\/strong> tam size g\u00f6re! \u015eimdi ke\u015ffedin ve <strong data-start=\"2062\" data-end=\"2090\">unutulmaz anlar ya\u015fay\u0131n.<\/strong><\/p>\n<\/div>\n<\/div>\n<\/div>\n<\/div>\n<\/div>\n<\/div>\n<\/div>\n<\/div>\n<\/article>\n","protected":false},"excerpt":{"rendered":"<p><strong data-start=\"71\" data-end=\"105\">T\u0131rt\u0131kl\u0131 Penis K\u0131l\u0131f\u0131 \u2013 \u015eeffaf<\/strong>, cinsel deneyimi hem <strong data-start=\"127\" data-end=\"137\">g\u00f6rsel<\/strong> hem de <strong data-start=\"145\" data-end=\"157\">dokunsal<\/strong> a\u00e7\u0131dan zenginle\u015ftirmek i\u00e7in \u00f6zel olarak tasarlanm\u0131\u015f bir \u00fcr\u00fcnd\u00fcr. <strong data-start=\"223\" data-end=\"242\">T\u0131rt\u0131kl\u0131 y\u00fczeyi<\/strong>, partneriniz i\u00e7in ekstra <strong data-start=\"268\" data-end=\"278\">uyar\u0131m<\/strong> sa\u011flarken, <strong data-start=\"290\" data-end=\"309\">\u015feffaf tasar\u0131m\u0131<\/strong> cinsel birlikteli\u011finize daha <strong data-start=\"339\" data-end=\"350\">estetik<\/strong> ve <strong data-start=\"354\" data-end=\"372\">heyecan verici<\/strong> bir boyut kazand\u0131r\u0131r. <strong data-start=\"395\" data-end=\"422\">Esnek ve yumu\u015fak yap\u0131s\u0131<\/strong> sayesinde, her kullan\u0131mda <strong data-start=\"449\" data-end=\"483\">konforlu ve etkili bir deneyim<\/strong> sunar.<\/p>\n","protected":false},"featured_media":19309,"comment_status":"open","ping_status":"closed","template":"","meta":[],"product_brand":[127],"product_cat":[110],"product_tag":[300],"class_list":{"0":"post-19236","1":"product","2":"type-product","3":"status-publish","4":"has-post-thumbnail","6":"product_brand-pembe-tilki","7":"product_cat-penis-kiliflari","8":"product_tag-tirtikli-penis-kilifi-seffaf","10":"first","11":"instock","12":"taxable","13":"shipping-taxable","14":"purchasable","15":"product-type-simple"},"yoast_head":"<!-- This site is optimized with the Yoast SEO Premium plugin v24.4 (Yoast SEO v27.1.1) - https:\/\/yoast.com\/product\/yoast-seo-premium-wordpress\/ -->\n<title>T\u0131rt\u0131kl\u0131 Penis K\u0131l\u0131f\u0131 \u015eeffaf - Bursa Erotik Shop<\/title>\n<meta name=\"robots\" content=\"index, follow, max-snippet:-1, max-image-preview:large, max-video-preview:-1\" \/>\n<link rel=\"canonical\" href=\"https:\/\/hobierotikshop.com.tr\/website1\/erotik-shop-urun\/tirtikli-penis-kilifi-seffaf\/\" \/>\n<meta property=\"og:locale\" content=\"tr_TR\" \/>\n<meta property=\"og:type\" content=\"article\" \/>\n<meta property=\"og:title\" content=\"T\u0131rt\u0131kl\u0131 Penis K\u0131l\u0131f\u0131 \u015eeffaf\" \/>\n<meta property=\"og:description\" content=\"T\u0131rt\u0131kl\u0131 Penis K\u0131l\u0131f\u0131 \u2013 \u015eeffaf, cinsel deneyimi hem g\u00f6rsel hem de dokunsal a\u00e7\u0131dan zenginle\u015ftirmek i\u00e7in \u00f6zel olarak tasarlanm\u0131\u015f bir \u00fcr\u00fcnd\u00fcr. T\u0131rt\u0131kl\u0131 y\u00fczeyi, partneriniz i\u00e7in ekstra uyar\u0131m sa\u011flarken, \u015feffaf tasar\u0131m\u0131 cinsel birlikteli\u011finize daha estetik ve heyecan verici bir boyut kazand\u0131r\u0131r. Esnek ve yumu\u015fak yap\u0131s\u0131 sayesinde, her kullan\u0131mda konforlu ve etkili bir deneyim sunar.\" \/>\n<meta property=\"og:url\" content=\"https:\/\/hobierotikshop.com.tr\/website1\/erotik-shop-urun\/tirtikli-penis-kilifi-seffaf\/\" \/>\n<meta property=\"og:site_name\" content=\"Bursa Erotik Shop\" \/>\n<meta property=\"article:modified_time\" content=\"2026-01-26T13:13:17+00:00\" \/>\n<meta property=\"og:image\" content=\"https:\/\/hobierotikshop.com.tr\/website1\/wp-content\/uploads\/2025\/03\/tirtikli-penis-kilifi-seffaf-2531.jpg\" \/>\n\t<meta property=\"og:image:width\" content=\"1500\" \/>\n\t<meta property=\"og:image:height\" content=\"1500\" \/>\n\t<meta property=\"og:image:type\" content=\"image\/jpeg\" \/>\n<meta name=\"twitter:card\" content=\"summary_large_image\" \/>\n<meta name=\"twitter:site\" content=\"@shopbursa\" \/>\n<meta name=\"twitter:label1\" content=\"Fiyat\" \/>\n\t<meta name=\"twitter:data1\" content=\"&#8378;500,00 KDV DAH\u0130L\" \/>\n\t<meta name=\"twitter:label2\" content=\"Availability\" \/>\n\t<meta name=\"twitter:data2\" content=\"In stock\" \/>\n<script type=\"application\/ld+json\" class=\"yoast-schema-graph\">{\"@context\":\"https:\/\/schema.org\",\"@graph\":[{\"@type\":\"WebPage\",\"@id\":\"https:\/\/hobierotikshop.com.tr\/website1\/erotik-shop-urun\/tirtikli-penis-kilifi-seffaf\/\",\"url\":\"https:\/\/hobierotikshop.com.tr\/website1\/erotik-shop-urun\/tirtikli-penis-kilifi-seffaf\/\",\"name\":\"T\u0131rt\u0131kl\u0131 Penis K\u0131l\u0131f\u0131 \u015eeffaf - Bursa Erotik Shop\",\"isPartOf\":{\"@id\":\"https:\/\/hobierotikshop.com.tr\/website1\/#website\"},\"primaryImageOfPage\":{\"@id\":\"https:\/\/hobierotikshop.com.tr\/website1\/erotik-shop-urun\/tirtikli-penis-kilifi-seffaf\/#primaryimage\"},\"image\":{\"@id\":\"https:\/\/hobierotikshop.com.tr\/website1\/erotik-shop-urun\/tirtikli-penis-kilifi-seffaf\/#primaryimage\"},\"thumbnailUrl\":\"https:\/\/haremerotikshop.com\/site\/wp-content\/uploads\/2025\/03\/tirtikli-penis-kilifi-seffaf-2531.jpg\",\"datePublished\":\"2025-03-17T09:30:18+00:00\",\"dateModified\":\"2026-01-26T13:13:17+00:00\",\"breadcrumb\":{\"@id\":\"https:\/\/hobierotikshop.com.tr\/website1\/erotik-shop-urun\/tirtikli-penis-kilifi-seffaf\/#breadcrumb\"},\"inLanguage\":\"tr\",\"potentialAction\":[{\"@type\":\"ReadAction\",\"target\":[\"https:\/\/hobierotikshop.com.tr\/website1\/erotik-shop-urun\/tirtikli-penis-kilifi-seffaf\/\"]}]},{\"@type\":\"ImageObject\",\"inLanguage\":\"tr\",\"@id\":\"https:\/\/hobierotikshop.com.tr\/website1\/erotik-shop-urun\/tirtikli-penis-kilifi-seffaf\/#primaryimage\",\"url\":\"https:\/\/haremerotikshop.com\/site\/wp-content\/uploads\/2025\/03\/tirtikli-penis-kilifi-seffaf-2531.jpg\",\"contentUrl\":\"https:\/\/haremerotikshop.com\/site\/wp-content\/uploads\/2025\/03\/tirtikli-penis-kilifi-seffaf-2531.jpg\",\"width\":1500,\"height\":1500},{\"@type\":\"BreadcrumbList\",\"@id\":\"https:\/\/hobierotikshop.com.tr\/website1\/erotik-shop-urun\/tirtikli-penis-kilifi-seffaf\/#breadcrumb\",\"itemListElement\":[{\"@type\":\"ListItem\",\"position\":1,\"name\":\"Anasayfa\",\"item\":\"https:\/\/hobierotikshop.com.tr\/website1\/\"},{\"@type\":\"ListItem\",\"position\":2,\"name\":\"Erotik Shop \u00dcr\u00fcnleri\",\"item\":\"https:\/\/hobierotikshop.com.tr\/website1\/shop\/\"},{\"@type\":\"ListItem\",\"position\":3,\"name\":\"T\u0131rt\u0131kl\u0131 Penis K\u0131l\u0131f\u0131 \u015eeffaf\"}]},{\"@type\":\"WebSite\",\"@id\":\"https:\/\/hobierotikshop.com.tr\/website1\/#website\",\"url\":\"https:\/\/hobierotikshop.com.tr\/website1\/\",\"name\":\"Bursa Erotik Shop\",\"description\":\"Bursa Erotik Shop ile g\u00fcvenli, gizli ve kaliteli yeti\u015fkin \u00fcr\u00fcnleri al\u0131\u015fveri\u015fi! Geni\u015f \u00fcr\u00fcn yelpazemizi ke\u015ffedin, hemen sipari\u015f verin\",\"publisher\":{\"@id\":\"https:\/\/hobierotikshop.com.tr\/website1\/#organization\"},\"alternateName\":\"Erotik Shop\",\"potentialAction\":[{\"@type\":\"SearchAction\",\"target\":{\"@type\":\"EntryPoint\",\"urlTemplate\":\"https:\/\/hobierotikshop.com.tr\/website1\/?s={search_term_string}\"},\"query-input\":{\"@type\":\"PropertyValueSpecification\",\"valueRequired\":true,\"valueName\":\"search_term_string\"}}],\"inLanguage\":\"tr\"},{\"@type\":\"Organization\",\"@id\":\"https:\/\/hobierotikshop.com.tr\/website1\/#organization\",\"name\":\"Harem Bursa Erotik Shop\",\"url\":\"https:\/\/hobierotikshop.com.tr\/website1\/\",\"logo\":{\"@type\":\"ImageObject\",\"inLanguage\":\"tr\",\"@id\":\"https:\/\/hobierotikshop.com.tr\/website1\/#\/schema\/logo\/image\/\",\"url\":\"https:\/\/haremerotikshop.com\/site\/wp-content\/uploads\/2025\/03\/haremsexshop.png\",\"contentUrl\":\"https:\/\/haremerotikshop.com\/site\/wp-content\/uploads\/2025\/03\/haremsexshop.png\",\"width\":400,\"height\":100,\"caption\":\"Harem Bursa Erotik Shop\"},\"image\":{\"@id\":\"https:\/\/hobierotikshop.com.tr\/website1\/#\/schema\/logo\/image\/\"},\"sameAs\":[\"https:\/\/x.com\/shopbursa\"],\"publishingPrinciples\":\"https:\/\/hobierotikshop.com.tr\/website1\/mesafeli-satis-sozlesmesi\/\",\"ownershipFundingInfo\":\"https:\/\/hobierotikshop.com.tr\/website1\/contact-us\/\",\"actionableFeedbackPolicy\":\"https:\/\/hobierotikshop.com.tr\/website1\/contact-us\/\",\"correctionsPolicy\":\"https:\/\/hobierotikshop.com.tr\/website1\/mesafeli-satis-sozlesmesi\/\"}]}<\/script>\n<meta property=\"product:brand\" content=\"Pembe Tilki\" \/>\n<meta property=\"product:price:amount\" content=\"500.00\" \/>\n<meta property=\"product:price:currency\" content=\"TRY\" \/>\n<meta property=\"og:availability\" content=\"instock\" \/>\n<meta property=\"product:availability\" content=\"instock\" \/>\n<meta property=\"product:retailer_item_id\" content=\"PT-ECXF013\" \/>\n<meta property=\"product:condition\" content=\"new\" \/>\n<!-- \/ Yoast SEO Premium plugin. -->","yoast_head_json":{"title":"T\u0131rt\u0131kl\u0131 Penis K\u0131l\u0131f\u0131 \u015eeffaf - Bursa Erotik Shop","robots":{"index":"index","follow":"follow","max-snippet":"max-snippet:-1","max-image-preview":"max-image-preview:large","max-video-preview":"max-video-preview:-1"},"canonical":"https:\/\/hobierotikshop.com.tr\/website1\/erotik-shop-urun\/tirtikli-penis-kilifi-seffaf\/","og_locale":"tr_TR","og_type":"article","og_title":"T\u0131rt\u0131kl\u0131 Penis K\u0131l\u0131f\u0131 \u015eeffaf","og_description":"T\u0131rt\u0131kl\u0131 Penis K\u0131l\u0131f\u0131 \u2013 \u015eeffaf, cinsel deneyimi hem g\u00f6rsel hem de dokunsal a\u00e7\u0131dan zenginle\u015ftirmek i\u00e7in \u00f6zel olarak tasarlanm\u0131\u015f bir \u00fcr\u00fcnd\u00fcr. T\u0131rt\u0131kl\u0131 y\u00fczeyi, partneriniz i\u00e7in ekstra uyar\u0131m sa\u011flarken, \u015feffaf tasar\u0131m\u0131 cinsel birlikteli\u011finize daha estetik ve heyecan verici bir boyut kazand\u0131r\u0131r. Esnek ve yumu\u015fak yap\u0131s\u0131 sayesinde, her kullan\u0131mda konforlu ve etkili bir deneyim sunar.","og_url":"https:\/\/hobierotikshop.com.tr\/website1\/erotik-shop-urun\/tirtikli-penis-kilifi-seffaf\/","og_site_name":"Bursa Erotik Shop","article_modified_time":"2026-01-26T13:13:17+00:00","og_image":[{"width":1500,"height":1500,"url":"https:\/\/hobierotikshop.com.tr\/website1\/wp-content\/uploads\/2025\/03\/tirtikli-penis-kilifi-seffaf-2531.jpg","type":"image\/jpeg"}],"twitter_card":"summary_large_image","twitter_site":"@shopbursa","twitter_misc":{"Fiyat":"&#8378;500,00 KDV DAH\u0130L","Availability":"In stock"},"schema":{"@context":"https:\/\/schema.org","@graph":[{"@type":"WebPage","@id":"https:\/\/hobierotikshop.com.tr\/website1\/erotik-shop-urun\/tirtikli-penis-kilifi-seffaf\/","url":"https:\/\/hobierotikshop.com.tr\/website1\/erotik-shop-urun\/tirtikli-penis-kilifi-seffaf\/","name":"T\u0131rt\u0131kl\u0131 Penis K\u0131l\u0131f\u0131 \u015eeffaf - Bursa Erotik Shop","isPartOf":{"@id":"https:\/\/hobierotikshop.com.tr\/website1\/#website"},"primaryImageOfPage":{"@id":"https:\/\/hobierotikshop.com.tr\/website1\/erotik-shop-urun\/tirtikli-penis-kilifi-seffaf\/#primaryimage"},"image":{"@id":"https:\/\/hobierotikshop.com.tr\/website1\/erotik-shop-urun\/tirtikli-penis-kilifi-seffaf\/#primaryimage"},"thumbnailUrl":"https:\/\/haremerotikshop.com\/site\/wp-content\/uploads\/2025\/03\/tirtikli-penis-kilifi-seffaf-2531.jpg","datePublished":"2025-03-17T09:30:18+00:00","dateModified":"2026-01-26T13:13:17+00:00","breadcrumb":{"@id":"https:\/\/hobierotikshop.com.tr\/website1\/erotik-shop-urun\/tirtikli-penis-kilifi-seffaf\/#breadcrumb"},"inLanguage":"tr","potentialAction":[{"@type":"ReadAction","target":["https:\/\/hobierotikshop.com.tr\/website1\/erotik-shop-urun\/tirtikli-penis-kilifi-seffaf\/"]}]},{"@type":"ImageObject","inLanguage":"tr","@id":"https:\/\/hobierotikshop.com.tr\/website1\/erotik-shop-urun\/tirtikli-penis-kilifi-seffaf\/#primaryimage","url":"https:\/\/haremerotikshop.com\/site\/wp-content\/uploads\/2025\/03\/tirtikli-penis-kilifi-seffaf-2531.jpg","contentUrl":"https:\/\/haremerotikshop.com\/site\/wp-content\/uploads\/2025\/03\/tirtikli-penis-kilifi-seffaf-2531.jpg","width":1500,"height":1500},{"@type":"BreadcrumbList","@id":"https:\/\/hobierotikshop.com.tr\/website1\/erotik-shop-urun\/tirtikli-penis-kilifi-seffaf\/#breadcrumb","itemListElement":[{"@type":"ListItem","position":1,"name":"Anasayfa","item":"https:\/\/hobierotikshop.com.tr\/website1\/"},{"@type":"ListItem","position":2,"name":"Erotik Shop \u00dcr\u00fcnleri","item":"https:\/\/hobierotikshop.com.tr\/website1\/shop\/"},{"@type":"ListItem","position":3,"name":"T\u0131rt\u0131kl\u0131 Penis K\u0131l\u0131f\u0131 \u015eeffaf"}]},{"@type":"WebSite","@id":"https:\/\/hobierotikshop.com.tr\/website1\/#website","url":"https:\/\/hobierotikshop.com.tr\/website1\/","name":"Bursa Erotik Shop","description":"Bursa Erotik Shop ile g\u00fcvenli, gizli ve kaliteli yeti\u015fkin \u00fcr\u00fcnleri al\u0131\u015fveri\u015fi! Geni\u015f \u00fcr\u00fcn yelpazemizi ke\u015ffedin, hemen sipari\u015f verin","publisher":{"@id":"https:\/\/hobierotikshop.com.tr\/website1\/#organization"},"alternateName":"Erotik Shop","potentialAction":[{"@type":"SearchAction","target":{"@type":"EntryPoint","urlTemplate":"https:\/\/hobierotikshop.com.tr\/website1\/?s={search_term_string}"},"query-input":{"@type":"PropertyValueSpecification","valueRequired":true,"valueName":"search_term_string"}}],"inLanguage":"tr"},{"@type":"Organization","@id":"https:\/\/hobierotikshop.com.tr\/website1\/#organization","name":"Harem Bursa Erotik Shop","url":"https:\/\/hobierotikshop.com.tr\/website1\/","logo":{"@type":"ImageObject","inLanguage":"tr","@id":"https:\/\/hobierotikshop.com.tr\/website1\/#\/schema\/logo\/image\/","url":"https:\/\/haremerotikshop.com\/site\/wp-content\/uploads\/2025\/03\/haremsexshop.png","contentUrl":"https:\/\/haremerotikshop.com\/site\/wp-content\/uploads\/2025\/03\/haremsexshop.png","width":400,"height":100,"caption":"Harem Bursa Erotik Shop"},"image":{"@id":"https:\/\/hobierotikshop.com.tr\/website1\/#\/schema\/logo\/image\/"},"sameAs":["https:\/\/x.com\/shopbursa"],"publishingPrinciples":"https:\/\/hobierotikshop.com.tr\/website1\/mesafeli-satis-sozlesmesi\/","ownershipFundingInfo":"https:\/\/hobierotikshop.com.tr\/website1\/contact-us\/","actionableFeedbackPolicy":"https:\/\/hobierotikshop.com.tr\/website1\/contact-us\/","correctionsPolicy":"https:\/\/hobierotikshop.com.tr\/website1\/mesafeli-satis-sozlesmesi\/"}]},"product_brand":"Pembe Tilki","product_price_amount":"500.00","product_price_currency":"TRY","og_availability":"instock","product_availability":"instock","product_retailer_item_id":"PT-ECXF013","product_condition":"new"},"_links":{"self":[{"href":"https:\/\/haremerotikshop.com\/site\/wp-json\/wp\/v2\/product\/19236","targetHints":{"allow":["GET"]}}],"collection":[{"href":"https:\/\/haremerotikshop.com\/site\/wp-json\/wp\/v2\/product"}],"about":[{"href":"https:\/\/haremerotikshop.com\/site\/wp-json\/wp\/v2\/types\/product"}],"replies":[{"embeddable":true,"href":"https:\/\/haremerotikshop.com\/site\/wp-json\/wp\/v2\/comments?post=19236"}],"version-history":[{"count":0,"href":"https:\/\/haremerotikshop.com\/site\/wp-json\/wp\/v2\/product\/19236\/revisions"}],"wp:featuredmedia":[{"embeddable":true,"href":"https:\/\/haremerotikshop.com\/site\/wp-json\/wp\/v2\/media\/19309"}],"wp:attachment":[{"href":"https:\/\/haremerotikshop.com\/site\/wp-json\/wp\/v2\/media?parent=19236"}],"wp:term":[{"taxonomy":"product_brand","embeddable":true,"href":"https:\/\/haremerotikshop.com\/site\/wp-json\/wp\/v2\/product_brand?post=19236"},{"taxonomy":"product_cat","embeddable":true,"href":"https:\/\/haremerotikshop.com\/site\/wp-json\/wp\/v2\/product_cat?post=19236"},{"taxonomy":"product_tag","embeddable":true,"href":"https:\/\/haremerotikshop.com\/site\/wp-json\/wp\/v2\/product_tag?post=19236"}],"curies":[{"name":"wp","href":"https:\/\/api.w.org\/{rel}","templated":true}]}}