{"id":19277,"date":"2025-03-17T12:31:03","date_gmt":"2025-03-17T09:31:03","guid":{"rendered":"https:\/\/haremerotikshop.com\/site\/?post_type=product&#038;p=19277"},"modified":"2026-01-26T16:09:04","modified_gmt":"2026-01-26T13:09:04","slug":"pembe-tilki-yumurta-masturbator","status":"publish","type":"product","link":"https:\/\/haremerotikshop.com\/site\/erotik-shop-urun\/pembe-tilki-yumurta-masturbator\/","title":{"rendered":"Pembe Tilki Yumurta Mast\u00fcrbat\u00f6r"},"content":{"rendered":"<h3 data-start=\"68\" data-end=\"134\"><strong data-start=\"72\" data-end=\"134\">Pembe Tilki Yumurta Mast\u00fcrbat\u00f6r: Pratik ve Keyifli Deneyim<\/strong><\/h3>\n<p data-start=\"136\" data-end=\"503\"><strong data-start=\"136\" data-end=\"171\">Pembe Tilki Yumurta Mast\u00fcrbat\u00f6r<\/strong>, kompakt tasar\u0131m\u0131, esnek yap\u0131s\u0131 ve <strong data-start=\"207\" data-end=\"225\">yumu\u015fak dokusu<\/strong> ile her erke\u011fin rahatl\u0131kla kullanabilece\u011fi, <strong data-start=\"270\" data-end=\"304\">pratik ve keyifli bir yard\u0131mc\u0131<\/strong>d\u0131r. K\u00fc\u00e7\u00fck boyutu sayesinde kolayca saklanabilir ve ta\u015f\u0131mas\u0131 olduk\u00e7a rahatt\u0131r. <strong data-start=\"383\" data-end=\"418\">Y\u00fcksek kaliteli silikon malzeme<\/strong> ile \u00fcretilmi\u015f olan bu \u00fcr\u00fcn, her kullan\u0131mda \u00fcst\u00fcn bir <strong data-start=\"472\" data-end=\"482\">konfor<\/strong> ve <strong data-start=\"486\" data-end=\"496\">hijyen<\/strong> sunar.<\/p>\n<h3 data-start=\"505\" data-end=\"534\"><strong data-start=\"509\" data-end=\"534\">\u00d6ne \u00c7\u0131kan \u00d6zellikler:<\/strong><\/h3>\n<h4 data-start=\"536\" data-end=\"567\"><strong data-start=\"541\" data-end=\"567\">Yumu\u015fak ve Esnek Doku:<\/strong><\/h4>\n<ul data-start=\"568\" data-end=\"979\">\n<li data-start=\"568\" data-end=\"783\"><strong data-start=\"570\" data-end=\"593\">Esnek Silikon Yap\u0131:<\/strong> Pembe Tilki Yumurta Mast\u00fcrbat\u00f6r, <strong data-start=\"627\" data-end=\"651\">esnek silikon yap\u0131s\u0131<\/strong> sayesinde, v\u00fccuda uyum sa\u011flar ve hassas b\u00f6lgelerde konforlu bir his sunar. Kullan\u0131c\u0131y\u0131 <strong data-start=\"739\" data-end=\"757\">do\u011fal ve rahat<\/strong> bir deneyimle bulu\u015fturur.<\/li>\n<li data-start=\"784\" data-end=\"979\"><strong data-start=\"786\" data-end=\"803\">Yumu\u015fak Doku:<\/strong> Silikonun yumu\u015fak dokusu, her kullan\u0131c\u0131n\u0131n tatmin edici ve keyifli bir deneyim ya\u015famas\u0131n\u0131 sa\u011flar. Hassasiyetinizi \u00f6n planda tutarak, her kullan\u0131mda \u00fcst d\u00fczey <strong data-start=\"962\" data-end=\"972\">konfor<\/strong> sunar.<\/li>\n<\/ul>\n<h4 data-start=\"981\" data-end=\"1017\"><strong data-start=\"986\" data-end=\"1017\">De\u011fi\u015fken T\u0131rt\u0131kl\u0131 \u0130\u00e7 Y\u00fczey:<\/strong><\/h4>\n<ul data-start=\"1018\" data-end=\"1391\">\n<li data-start=\"1018\" data-end=\"1251\"><strong data-start=\"1020\" data-end=\"1048\">Yo\u011fun ve \u00c7e\u015fitli Uyar\u0131m:<\/strong> \u0130\u00e7 y\u00fczeyindeki <strong data-start=\"1064\" data-end=\"1091\">farkl\u0131 t\u0131rt\u0131kl\u0131 tasar\u0131m<\/strong>, kullan\u0131c\u0131s\u0131na farkl\u0131 uyar\u0131m se\u00e7enekleri sunarak, her kullan\u0131mda daha yo\u011fun ve tatmin edici bir his sa\u011flar. <strong data-start=\"1200\" data-end=\"1218\">\u00c7e\u015fitli hisler<\/strong> ile deneyiminizi zenginle\u015ftirir.<\/li>\n<li data-start=\"1252\" data-end=\"1391\"><strong data-start=\"1254\" data-end=\"1288\">Daha Derin ve Uyar\u0131c\u0131 Deneyim:<\/strong> T\u0131rt\u0131kl\u0131 i\u00e7 y\u00fczey, uyar\u0131m\u0131n g\u00fcc\u00fcn\u00fc art\u0131rarak, her kullan\u0131mda daha derin ve etkili bir deneyim ya\u015fat\u0131r.<\/li>\n<\/ul>\n<h4 data-start=\"1393\" data-end=\"1421\"><strong data-start=\"1398\" data-end=\"1421\">Cilt Dostu Malzeme:<\/strong><\/h4>\n<ul data-start=\"1422\" data-end=\"1833\">\n<li data-start=\"1422\" data-end=\"1685\"><strong data-start=\"1424\" data-end=\"1452\">Medikal Silikon Malzeme:<\/strong> Pembe Tilki Yumurta Mast\u00fcrbat\u00f6r, <strong data-start=\"1486\" data-end=\"1510\">%100 medikal silikon<\/strong> malzeme ile \u00fcretilmi\u015ftir, bu da <strong data-start=\"1543\" data-end=\"1555\">hijyenik<\/strong> ve <strong data-start=\"1559\" data-end=\"1571\">sa\u011fl\u0131kl\u0131<\/strong> bir kullan\u0131m sa\u011flar. Cilt dostu malzeme, alerjik reaksiyon riskini ortadan kald\u0131rarak, g\u00fcvenli bir deneyim sunar.<\/li>\n<li data-start=\"1686\" data-end=\"1833\"><strong data-start=\"1688\" data-end=\"1712\">Sa\u011fl\u0131k \u0130\u00e7in G\u00fcvenli:<\/strong> T\u00fcm materyaller, <strong data-start=\"1730\" data-end=\"1741\">g\u00fcvenli<\/strong> ve <strong data-start=\"1745\" data-end=\"1757\">sa\u011fl\u0131kl\u0131<\/strong> kullan\u0131m i\u00e7in tasarlanm\u0131\u015ft\u0131r, b\u00f6ylece her kullan\u0131mda i\u00e7iniz rahat olabilir.<\/li>\n<\/ul>\n<h4 data-start=\"1835\" data-end=\"1869\"><strong data-start=\"1840\" data-end=\"1869\">Kompakt ve Hafif Tasar\u0131m:<\/strong><\/h4>\n<ul data-start=\"1870\" data-end=\"2268\">\n<li data-start=\"1870\" data-end=\"2101\"><strong data-start=\"1872\" data-end=\"1900\">K\u00fc\u00e7\u00fck Boyut ve Hafiflik:<\/strong> <strong data-start=\"1901\" data-end=\"1921\">A\u011f\u0131rl\u0131k: 43,8 gr<\/strong>, <strong data-start=\"1923\" data-end=\"1943\">Geni\u015flik: 5,1 cm<\/strong> ile tasarlanm\u0131\u015f olan bu \u00fcr\u00fcn, hem <strong data-start=\"1978\" data-end=\"1988\">ta\u015f\u0131ma<\/strong> hem de <strong data-start=\"1996\" data-end=\"2007\">saklama<\/strong> a\u00e7\u0131s\u0131ndan olduk\u00e7a pratiktir. <strong data-start=\"2037\" data-end=\"2057\">Kompakt tasar\u0131m\u0131<\/strong>, her ortamda rahat\u00e7a kullan\u0131lmas\u0131n\u0131 sa\u011flar.<\/li>\n<li data-start=\"2102\" data-end=\"2268\"><strong data-start=\"2104\" data-end=\"2130\">Pratik ve Ta\u015f\u0131nabilir:<\/strong> Boyutlar\u0131, \u00fcr\u00fcn\u00fc kolayca saklamay\u0131 ve ta\u015f\u0131yabilmeyi m\u00fcmk\u00fcn k\u0131lar. Seyahatlerinizde veya g\u00fcnl\u00fck kullan\u0131mda <strong data-start=\"2237\" data-end=\"2253\">kolay ta\u015f\u0131ma<\/strong> i\u00e7in idealdir.<\/li>\n<\/ul>\n<h4 data-start=\"2270\" data-end=\"2309\"><strong data-start=\"2275\" data-end=\"2309\">Kayganla\u015ft\u0131r\u0131c\u0131 Jel Kullan\u0131m\u0131:<\/strong><\/h4>\n<ul data-start=\"2310\" data-end=\"2528\">\n<li data-start=\"2310\" data-end=\"2528\"><strong data-start=\"2312\" data-end=\"2353\">Keyifli Deneyim \u0130\u00e7in Kayganla\u015ft\u0131r\u0131c\u0131:<\/strong> Daha rahat ve tatmin edici bir deneyim i\u00e7in <strong data-start=\"2398\" data-end=\"2430\">su bazl\u0131 kayganla\u015ft\u0131r\u0131c\u0131 jel<\/strong> kullan\u0131lmas\u0131 \u00f6nerilir. Kayganla\u015ft\u0131r\u0131c\u0131, daha p\u00fcr\u00fczs\u00fcz bir kullan\u0131m sa\u011flar ve <strong data-start=\"2508\" data-end=\"2527\">konforu art\u0131r\u0131r<\/strong>.<\/li>\n<\/ul>\n<h3 data-start=\"2530\" data-end=\"2594\"><strong data-start=\"2534\" data-end=\"2594\">Pembe Tilki Yumurta Mast\u00fcrbat\u00f6r ile \u00dcst\u00fcn Hazz\u0131 Ke\u015ffedin<\/strong><\/h3>\n<p data-start=\"2595\" data-end=\"3026\"><strong data-start=\"2595\" data-end=\"2630\">Pembe Tilki Yumurta Mast\u00fcrbat\u00f6r<\/strong>, <strong data-start=\"2632\" data-end=\"2650\">kompakt boyutu<\/strong>, <strong data-start=\"2652\" data-end=\"2673\">konforlu tasar\u0131m\u0131<\/strong> ve <strong data-start=\"2677\" data-end=\"2702\">hijyenik malzemesiyle<\/strong> her kullan\u0131mda \u00fcst\u00fcn bir <strong data-start=\"2728\" data-end=\"2735\">haz<\/strong> deneyimi sunar. Hem <strong data-start=\"2756\" data-end=\"2781\">ilk kez kullanacaklar<\/strong> hem de <strong data-start=\"2789\" data-end=\"2815\">deneyimli kullan\u0131c\u0131lar<\/strong> i\u00e7in ideal bir se\u00e7imdir. <strong data-start=\"2841\" data-end=\"2857\">Yumu\u015fak doku<\/strong>, <strong data-start=\"2859\" data-end=\"2889\">de\u011fi\u015fken t\u0131rt\u0131kl\u0131 i\u00e7 y\u00fczey<\/strong> ve <strong data-start=\"2893\" data-end=\"2915\">cilt dostu malzeme<\/strong> \u00f6zellikleriyle m\u00fckemmel bir se\u00e7im olan bu \u00fcr\u00fcn, <strong data-start=\"2964\" data-end=\"2985\">ki\u015fisel zevkinizi<\/strong> ke\u015ffetmek i\u00e7in m\u00fckemmel bir yard\u0131mc\u0131d\u0131r.<\/p>\n","protected":false},"excerpt":{"rendered":"<p><strong data-start=\"136\" data-end=\"171\">Pembe Tilki Yumurta Mast\u00fcrbat\u00f6r<\/strong>, kompakt tasar\u0131m\u0131, esnek yap\u0131s\u0131 ve <strong data-start=\"207\" data-end=\"225\">yumu\u015fak dokusu<\/strong> ile her erke\u011fin rahatl\u0131kla kullanabilece\u011fi, <strong data-start=\"270\" data-end=\"304\">pratik ve keyifli bir yard\u0131mc\u0131<\/strong>d\u0131r. K\u00fc\u00e7\u00fck boyutu sayesinde kolayca saklanabilir ve ta\u015f\u0131mas\u0131 olduk\u00e7a rahatt\u0131r. <strong data-start=\"383\" data-end=\"418\">Y\u00fcksek kaliteli silikon malzeme<\/strong> ile \u00fcretilmi\u015f olan bu \u00fcr\u00fcn, her kullan\u0131mda \u00fcst\u00fcn bir <strong data-start=\"472\" data-end=\"482\">konfor<\/strong> ve <strong data-start=\"486\" data-end=\"496\">hijyen<\/strong> sunar.<\/p>\n","protected":false},"featured_media":19341,"comment_status":"open","ping_status":"closed","template":"","meta":[],"product_brand":[127],"product_cat":[94],"product_tag":[305],"class_list":{"0":"post-19277","1":"product","2":"type-product","3":"status-publish","4":"has-post-thumbnail","6":"product_brand-pembe-tilki","7":"product_cat-masturbatorler","8":"product_tag-pembe-tilki-yumurta-masturbator","10":"first","11":"outofstock","12":"taxable","13":"shipping-taxable","14":"purchasable","15":"product-type-simple"},"yoast_head":"<!-- This site is optimized with the Yoast SEO Premium plugin v24.4 (Yoast SEO v27.1.1) - https:\/\/yoast.com\/product\/yoast-seo-premium-wordpress\/ -->\n<title>Pembe Tilki Yumurta Mast\u00fcrbat\u00f6r - Bursa Erotik Shop<\/title>\n<meta name=\"robots\" content=\"index, follow, max-snippet:-1, max-image-preview:large, max-video-preview:-1\" \/>\n<link rel=\"canonical\" href=\"https:\/\/hobierotikshop.com.tr\/website1\/erotik-shop-urun\/pembe-tilki-yumurta-masturbator\/\" \/>\n<meta property=\"og:locale\" content=\"tr_TR\" \/>\n<meta property=\"og:type\" content=\"article\" \/>\n<meta property=\"og:title\" content=\"Pembe Tilki Yumurta Mast\u00fcrbat\u00f6r\" \/>\n<meta property=\"og:description\" content=\"Pembe Tilki Yumurta Mast\u00fcrbat\u00f6r, kompakt tasar\u0131m\u0131, esnek yap\u0131s\u0131 ve yumu\u015fak dokusu ile her erke\u011fin rahatl\u0131kla kullanabilece\u011fi, pratik ve keyifli bir yard\u0131mc\u0131d\u0131r. K\u00fc\u00e7\u00fck boyutu sayesinde kolayca saklanabilir ve ta\u015f\u0131mas\u0131 olduk\u00e7a rahatt\u0131r. Y\u00fcksek kaliteli silikon malzeme ile \u00fcretilmi\u015f olan bu \u00fcr\u00fcn, her kullan\u0131mda \u00fcst\u00fcn bir konfor ve hijyen sunar.\" \/>\n<meta property=\"og:url\" content=\"https:\/\/hobierotikshop.com.tr\/website1\/erotik-shop-urun\/pembe-tilki-yumurta-masturbator\/\" \/>\n<meta property=\"og:site_name\" content=\"Bursa Erotik Shop\" \/>\n<meta property=\"article:modified_time\" content=\"2026-01-26T13:09:04+00:00\" \/>\n<meta property=\"og:image\" content=\"https:\/\/hobierotikshop.com.tr\/website1\/wp-content\/uploads\/2025\/03\/pembe-tilki-yumurta-masturbator-2568.jpg\" \/>\n\t<meta property=\"og:image:width\" content=\"1500\" \/>\n\t<meta property=\"og:image:height\" content=\"1500\" \/>\n\t<meta property=\"og:image:type\" content=\"image\/jpeg\" \/>\n<meta name=\"twitter:card\" content=\"summary_large_image\" \/>\n<meta name=\"twitter:site\" content=\"@shopbursa\" \/>\n<meta name=\"twitter:label1\" content=\"Fiyat\" \/>\n\t<meta name=\"twitter:data1\" content=\"&#8378;270,00 KDV DAH\u0130L\" \/>\n\t<meta name=\"twitter:label2\" content=\"Availability\" \/>\n\t<meta name=\"twitter:data2\" content=\"Out of stock\" \/>\n<script type=\"application\/ld+json\" class=\"yoast-schema-graph\">{\"@context\":\"https:\/\/schema.org\",\"@graph\":[{\"@type\":\"WebPage\",\"@id\":\"https:\/\/hobierotikshop.com.tr\/website1\/erotik-shop-urun\/pembe-tilki-yumurta-masturbator\/\",\"url\":\"https:\/\/hobierotikshop.com.tr\/website1\/erotik-shop-urun\/pembe-tilki-yumurta-masturbator\/\",\"name\":\"Pembe Tilki Yumurta Mast\u00fcrbat\u00f6r - Bursa Erotik Shop\",\"isPartOf\":{\"@id\":\"https:\/\/hobierotikshop.com.tr\/website1\/#website\"},\"primaryImageOfPage\":{\"@id\":\"https:\/\/hobierotikshop.com.tr\/website1\/erotik-shop-urun\/pembe-tilki-yumurta-masturbator\/#primaryimage\"},\"image\":{\"@id\":\"https:\/\/hobierotikshop.com.tr\/website1\/erotik-shop-urun\/pembe-tilki-yumurta-masturbator\/#primaryimage\"},\"thumbnailUrl\":\"https:\/\/haremerotikshop.com\/site\/wp-content\/uploads\/2025\/03\/pembe-tilki-yumurta-masturbator-2568.jpg\",\"datePublished\":\"2025-03-17T09:31:03+00:00\",\"dateModified\":\"2026-01-26T13:09:04+00:00\",\"breadcrumb\":{\"@id\":\"https:\/\/hobierotikshop.com.tr\/website1\/erotik-shop-urun\/pembe-tilki-yumurta-masturbator\/#breadcrumb\"},\"inLanguage\":\"tr\",\"potentialAction\":[{\"@type\":\"ReadAction\",\"target\":[\"https:\/\/hobierotikshop.com.tr\/website1\/erotik-shop-urun\/pembe-tilki-yumurta-masturbator\/\"]}]},{\"@type\":\"ImageObject\",\"inLanguage\":\"tr\",\"@id\":\"https:\/\/hobierotikshop.com.tr\/website1\/erotik-shop-urun\/pembe-tilki-yumurta-masturbator\/#primaryimage\",\"url\":\"https:\/\/haremerotikshop.com\/site\/wp-content\/uploads\/2025\/03\/pembe-tilki-yumurta-masturbator-2568.jpg\",\"contentUrl\":\"https:\/\/haremerotikshop.com\/site\/wp-content\/uploads\/2025\/03\/pembe-tilki-yumurta-masturbator-2568.jpg\",\"width\":1500,\"height\":1500},{\"@type\":\"BreadcrumbList\",\"@id\":\"https:\/\/hobierotikshop.com.tr\/website1\/erotik-shop-urun\/pembe-tilki-yumurta-masturbator\/#breadcrumb\",\"itemListElement\":[{\"@type\":\"ListItem\",\"position\":1,\"name\":\"Anasayfa\",\"item\":\"https:\/\/hobierotikshop.com.tr\/website1\/\"},{\"@type\":\"ListItem\",\"position\":2,\"name\":\"Erotik Shop \u00dcr\u00fcnleri\",\"item\":\"https:\/\/hobierotikshop.com.tr\/website1\/shop\/\"},{\"@type\":\"ListItem\",\"position\":3,\"name\":\"Pembe Tilki Yumurta Mast\u00fcrbat\u00f6r\"}]},{\"@type\":\"WebSite\",\"@id\":\"https:\/\/hobierotikshop.com.tr\/website1\/#website\",\"url\":\"https:\/\/hobierotikshop.com.tr\/website1\/\",\"name\":\"Bursa Erotik Shop\",\"description\":\"Bursa Erotik Shop ile g\u00fcvenli, gizli ve kaliteli yeti\u015fkin \u00fcr\u00fcnleri al\u0131\u015fveri\u015fi! Geni\u015f \u00fcr\u00fcn yelpazemizi ke\u015ffedin, hemen sipari\u015f verin\",\"publisher\":{\"@id\":\"https:\/\/hobierotikshop.com.tr\/website1\/#organization\"},\"alternateName\":\"Erotik Shop\",\"potentialAction\":[{\"@type\":\"SearchAction\",\"target\":{\"@type\":\"EntryPoint\",\"urlTemplate\":\"https:\/\/hobierotikshop.com.tr\/website1\/?s={search_term_string}\"},\"query-input\":{\"@type\":\"PropertyValueSpecification\",\"valueRequired\":true,\"valueName\":\"search_term_string\"}}],\"inLanguage\":\"tr\"},{\"@type\":\"Organization\",\"@id\":\"https:\/\/hobierotikshop.com.tr\/website1\/#organization\",\"name\":\"Harem Bursa Erotik Shop\",\"url\":\"https:\/\/hobierotikshop.com.tr\/website1\/\",\"logo\":{\"@type\":\"ImageObject\",\"inLanguage\":\"tr\",\"@id\":\"https:\/\/hobierotikshop.com.tr\/website1\/#\/schema\/logo\/image\/\",\"url\":\"https:\/\/haremerotikshop.com\/site\/wp-content\/uploads\/2025\/03\/haremsexshop.png\",\"contentUrl\":\"https:\/\/haremerotikshop.com\/site\/wp-content\/uploads\/2025\/03\/haremsexshop.png\",\"width\":400,\"height\":100,\"caption\":\"Harem Bursa Erotik Shop\"},\"image\":{\"@id\":\"https:\/\/hobierotikshop.com.tr\/website1\/#\/schema\/logo\/image\/\"},\"sameAs\":[\"https:\/\/x.com\/shopbursa\"],\"publishingPrinciples\":\"https:\/\/hobierotikshop.com.tr\/website1\/mesafeli-satis-sozlesmesi\/\",\"ownershipFundingInfo\":\"https:\/\/hobierotikshop.com.tr\/website1\/contact-us\/\",\"actionableFeedbackPolicy\":\"https:\/\/hobierotikshop.com.tr\/website1\/contact-us\/\",\"correctionsPolicy\":\"https:\/\/hobierotikshop.com.tr\/website1\/mesafeli-satis-sozlesmesi\/\"}]}<\/script>\n<meta property=\"product:brand\" content=\"Pembe Tilki\" \/>\n<meta property=\"product:price:amount\" content=\"270.00\" \/>\n<meta property=\"product:price:currency\" content=\"TRY\" \/>\n<meta property=\"og:availability\" content=\"out of stock\" \/>\n<meta property=\"product:availability\" content=\"out of stock\" \/>\n<meta property=\"product:retailer_item_id\" content=\"PT-VMXH014\" \/>\n<meta property=\"product:condition\" content=\"new\" \/>\n<!-- \/ Yoast SEO Premium plugin. -->","yoast_head_json":{"title":"Pembe Tilki Yumurta Mast\u00fcrbat\u00f6r - Bursa Erotik Shop","robots":{"index":"index","follow":"follow","max-snippet":"max-snippet:-1","max-image-preview":"max-image-preview:large","max-video-preview":"max-video-preview:-1"},"canonical":"https:\/\/hobierotikshop.com.tr\/website1\/erotik-shop-urun\/pembe-tilki-yumurta-masturbator\/","og_locale":"tr_TR","og_type":"article","og_title":"Pembe Tilki Yumurta Mast\u00fcrbat\u00f6r","og_description":"Pembe Tilki Yumurta Mast\u00fcrbat\u00f6r, kompakt tasar\u0131m\u0131, esnek yap\u0131s\u0131 ve yumu\u015fak dokusu ile her erke\u011fin rahatl\u0131kla kullanabilece\u011fi, pratik ve keyifli bir yard\u0131mc\u0131d\u0131r. K\u00fc\u00e7\u00fck boyutu sayesinde kolayca saklanabilir ve ta\u015f\u0131mas\u0131 olduk\u00e7a rahatt\u0131r. Y\u00fcksek kaliteli silikon malzeme ile \u00fcretilmi\u015f olan bu \u00fcr\u00fcn, her kullan\u0131mda \u00fcst\u00fcn bir konfor ve hijyen sunar.","og_url":"https:\/\/hobierotikshop.com.tr\/website1\/erotik-shop-urun\/pembe-tilki-yumurta-masturbator\/","og_site_name":"Bursa Erotik Shop","article_modified_time":"2026-01-26T13:09:04+00:00","og_image":[{"width":1500,"height":1500,"url":"https:\/\/hobierotikshop.com.tr\/website1\/wp-content\/uploads\/2025\/03\/pembe-tilki-yumurta-masturbator-2568.jpg","type":"image\/jpeg"}],"twitter_card":"summary_large_image","twitter_site":"@shopbursa","twitter_misc":{"Fiyat":"&#8378;270,00 KDV DAH\u0130L","Availability":"Out of stock"},"schema":{"@context":"https:\/\/schema.org","@graph":[{"@type":"WebPage","@id":"https:\/\/hobierotikshop.com.tr\/website1\/erotik-shop-urun\/pembe-tilki-yumurta-masturbator\/","url":"https:\/\/hobierotikshop.com.tr\/website1\/erotik-shop-urun\/pembe-tilki-yumurta-masturbator\/","name":"Pembe Tilki Yumurta Mast\u00fcrbat\u00f6r - Bursa Erotik Shop","isPartOf":{"@id":"https:\/\/hobierotikshop.com.tr\/website1\/#website"},"primaryImageOfPage":{"@id":"https:\/\/hobierotikshop.com.tr\/website1\/erotik-shop-urun\/pembe-tilki-yumurta-masturbator\/#primaryimage"},"image":{"@id":"https:\/\/hobierotikshop.com.tr\/website1\/erotik-shop-urun\/pembe-tilki-yumurta-masturbator\/#primaryimage"},"thumbnailUrl":"https:\/\/haremerotikshop.com\/site\/wp-content\/uploads\/2025\/03\/pembe-tilki-yumurta-masturbator-2568.jpg","datePublished":"2025-03-17T09:31:03+00:00","dateModified":"2026-01-26T13:09:04+00:00","breadcrumb":{"@id":"https:\/\/hobierotikshop.com.tr\/website1\/erotik-shop-urun\/pembe-tilki-yumurta-masturbator\/#breadcrumb"},"inLanguage":"tr","potentialAction":[{"@type":"ReadAction","target":["https:\/\/hobierotikshop.com.tr\/website1\/erotik-shop-urun\/pembe-tilki-yumurta-masturbator\/"]}]},{"@type":"ImageObject","inLanguage":"tr","@id":"https:\/\/hobierotikshop.com.tr\/website1\/erotik-shop-urun\/pembe-tilki-yumurta-masturbator\/#primaryimage","url":"https:\/\/haremerotikshop.com\/site\/wp-content\/uploads\/2025\/03\/pembe-tilki-yumurta-masturbator-2568.jpg","contentUrl":"https:\/\/haremerotikshop.com\/site\/wp-content\/uploads\/2025\/03\/pembe-tilki-yumurta-masturbator-2568.jpg","width":1500,"height":1500},{"@type":"BreadcrumbList","@id":"https:\/\/hobierotikshop.com.tr\/website1\/erotik-shop-urun\/pembe-tilki-yumurta-masturbator\/#breadcrumb","itemListElement":[{"@type":"ListItem","position":1,"name":"Anasayfa","item":"https:\/\/hobierotikshop.com.tr\/website1\/"},{"@type":"ListItem","position":2,"name":"Erotik Shop \u00dcr\u00fcnleri","item":"https:\/\/hobierotikshop.com.tr\/website1\/shop\/"},{"@type":"ListItem","position":3,"name":"Pembe Tilki Yumurta Mast\u00fcrbat\u00f6r"}]},{"@type":"WebSite","@id":"https:\/\/hobierotikshop.com.tr\/website1\/#website","url":"https:\/\/hobierotikshop.com.tr\/website1\/","name":"Bursa Erotik Shop","description":"Bursa Erotik Shop ile g\u00fcvenli, gizli ve kaliteli yeti\u015fkin \u00fcr\u00fcnleri al\u0131\u015fveri\u015fi! Geni\u015f \u00fcr\u00fcn yelpazemizi ke\u015ffedin, hemen sipari\u015f verin","publisher":{"@id":"https:\/\/hobierotikshop.com.tr\/website1\/#organization"},"alternateName":"Erotik Shop","potentialAction":[{"@type":"SearchAction","target":{"@type":"EntryPoint","urlTemplate":"https:\/\/hobierotikshop.com.tr\/website1\/?s={search_term_string}"},"query-input":{"@type":"PropertyValueSpecification","valueRequired":true,"valueName":"search_term_string"}}],"inLanguage":"tr"},{"@type":"Organization","@id":"https:\/\/hobierotikshop.com.tr\/website1\/#organization","name":"Harem Bursa Erotik Shop","url":"https:\/\/hobierotikshop.com.tr\/website1\/","logo":{"@type":"ImageObject","inLanguage":"tr","@id":"https:\/\/hobierotikshop.com.tr\/website1\/#\/schema\/logo\/image\/","url":"https:\/\/haremerotikshop.com\/site\/wp-content\/uploads\/2025\/03\/haremsexshop.png","contentUrl":"https:\/\/haremerotikshop.com\/site\/wp-content\/uploads\/2025\/03\/haremsexshop.png","width":400,"height":100,"caption":"Harem Bursa Erotik Shop"},"image":{"@id":"https:\/\/hobierotikshop.com.tr\/website1\/#\/schema\/logo\/image\/"},"sameAs":["https:\/\/x.com\/shopbursa"],"publishingPrinciples":"https:\/\/hobierotikshop.com.tr\/website1\/mesafeli-satis-sozlesmesi\/","ownershipFundingInfo":"https:\/\/hobierotikshop.com.tr\/website1\/contact-us\/","actionableFeedbackPolicy":"https:\/\/hobierotikshop.com.tr\/website1\/contact-us\/","correctionsPolicy":"https:\/\/hobierotikshop.com.tr\/website1\/mesafeli-satis-sozlesmesi\/"}]},"product_brand":"Pembe Tilki","product_price_amount":"270.00","product_price_currency":"TRY","og_availability":"out of stock","product_availability":"out of stock","product_retailer_item_id":"PT-VMXH014","product_condition":"new"},"_links":{"self":[{"href":"https:\/\/haremerotikshop.com\/site\/wp-json\/wp\/v2\/product\/19277","targetHints":{"allow":["GET"]}}],"collection":[{"href":"https:\/\/haremerotikshop.com\/site\/wp-json\/wp\/v2\/product"}],"about":[{"href":"https:\/\/haremerotikshop.com\/site\/wp-json\/wp\/v2\/types\/product"}],"replies":[{"embeddable":true,"href":"https:\/\/haremerotikshop.com\/site\/wp-json\/wp\/v2\/comments?post=19277"}],"version-history":[{"count":0,"href":"https:\/\/haremerotikshop.com\/site\/wp-json\/wp\/v2\/product\/19277\/revisions"}],"wp:featuredmedia":[{"embeddable":true,"href":"https:\/\/haremerotikshop.com\/site\/wp-json\/wp\/v2\/media\/19341"}],"wp:attachment":[{"href":"https:\/\/haremerotikshop.com\/site\/wp-json\/wp\/v2\/media?parent=19277"}],"wp:term":[{"taxonomy":"product_brand","embeddable":true,"href":"https:\/\/haremerotikshop.com\/site\/wp-json\/wp\/v2\/product_brand?post=19277"},{"taxonomy":"product_cat","embeddable":true,"href":"https:\/\/haremerotikshop.com\/site\/wp-json\/wp\/v2\/product_cat?post=19277"},{"taxonomy":"product_tag","embeddable":true,"href":"https:\/\/haremerotikshop.com\/site\/wp-json\/wp\/v2\/product_tag?post=19277"}],"curies":[{"name":"wp","href":"https:\/\/api.w.org\/{rel}","templated":true}]}}