{"id":19278,"date":"2025-03-17T12:31:03","date_gmt":"2025-03-17T09:31:03","guid":{"rendered":"https:\/\/haremerotikshop.com\/site\/?post_type=product&#038;p=19278"},"modified":"2026-01-26T16:09:24","modified_gmt":"2026-01-26T13:09:24","slug":"titresimli-ve-sesli-masturbator","status":"publish","type":"product","link":"https:\/\/haremerotikshop.com\/site\/erotik-shop-urun\/titresimli-ve-sesli-masturbator\/","title":{"rendered":"Titre\u015fimli Ve Sesli Mast\u00fcrbat\u00f6r"},"content":{"rendered":"<h3 data-start=\"68\" data-end=\"142\"><strong data-start=\"72\" data-end=\"142\">Titre\u015fimli ve Sesli Mast\u00fcrbat\u00f6r: Ki\u015fisel Keyfinizi Zirveye Ta\u015f\u0131y\u0131n<\/strong><\/h3>\n<p data-start=\"144\" data-end=\"531\"><strong data-start=\"144\" data-end=\"179\">Titre\u015fimli ve Sesli Mast\u00fcrbat\u00f6r<\/strong>, geli\u015fmi\u015f \u00f6zellikleriyle ki\u015fisel tatmin deneyiminizi yeni bir seviyeye ta\u015f\u0131r. <strong data-start=\"258\" data-end=\"277\">Ses sim\u00fclasyonu<\/strong>, <strong data-start=\"279\" data-end=\"298\">kulakl\u0131k giri\u015fi<\/strong> ve <strong data-start=\"302\" data-end=\"325\">titre\u015fim fonksiyonu<\/strong> sayesinde, bu yenilik\u00e7i cihaz, <strong data-start=\"357\" data-end=\"369\">dokunsal<\/strong> ve <strong data-start=\"373\" data-end=\"384\">i\u015fitsel<\/strong> uyar\u0131m se\u00e7enekleri sunarak deneyiminizi zenginle\u015ftirir. <strong data-start=\"441\" data-end=\"466\">D\u0131\u015far\u0131ya ses vermeden<\/strong> veya <strong data-start=\"472\" data-end=\"495\">kulakl\u0131k kullanarak<\/strong> yo\u011fun bir deneyim ya\u015fayabilirsiniz.<\/p>\n<h3 data-start=\"533\" data-end=\"562\"><strong data-start=\"537\" data-end=\"562\">\u00d6ne \u00c7\u0131kan \u00d6zellikler:<\/strong><\/h3>\n<h4 data-start=\"564\" data-end=\"608\"><strong data-start=\"569\" data-end=\"608\">Ses Sim\u00fclasyonu ve Kulakl\u0131k Giri\u015fi:<\/strong><\/h4>\n<ul data-start=\"609\" data-end=\"980\">\n<li data-start=\"609\" data-end=\"807\"><strong data-start=\"611\" data-end=\"638\">Ger\u00e7ek\u00e7i Ses Efektleri:<\/strong> Cihaz \u00fczerinde yer alan <strong data-start=\"663\" data-end=\"677\">jak giri\u015fi<\/strong>, kulakl\u0131k ba\u011flaman\u0131z\u0131 m\u00fcmk\u00fcn k\u0131lar. B\u00f6ylece, d\u0131\u015far\u0131 ses vermeden <strong data-start=\"743\" data-end=\"769\">ger\u00e7ek\u00e7i ses efektleri<\/strong> ile tam bir deneyim ya\u015fayabilirsiniz.<\/li>\n<li data-start=\"808\" data-end=\"980\"><strong data-start=\"810\" data-end=\"833\">\u00d6zel Ortam Yaratma:<\/strong> Kulakl\u0131k ile daha yo\u011fun ve <strong data-start=\"861\" data-end=\"881\">\u00f6zel bir deneyim<\/strong> elde edebilirsiniz. Hem yaln\u0131z hem de partnerinizle ge\u00e7irdi\u011finiz anlar i\u00e7in m\u00fckemmel bir se\u00e7imdir.<\/li>\n<\/ul>\n<h4 data-start=\"982\" data-end=\"1011\"><strong data-start=\"987\" data-end=\"1011\">Titre\u015fim Fonksiyonu:<\/strong><\/h4>\n<ul data-start=\"1012\" data-end=\"1400\">\n<li data-start=\"1012\" data-end=\"1228\"><strong data-start=\"1014\" data-end=\"1041\">Ayarlanabilir Titre\u015fim:<\/strong> G\u00fc\u00e7l\u00fc <strong data-start=\"1048\" data-end=\"1067\">titre\u015fim motoru<\/strong>, farkl\u0131 <strong data-start=\"1076\" data-end=\"1114\">yo\u011funluklarda titre\u015fim se\u00e7enekleri<\/strong> sunarak deneyimi \u00f6zelle\u015ftirmenize olanak tan\u0131r. <strong data-start=\"1163\" data-end=\"1184\">Uyar\u0131m seviyesini<\/strong> ki\u015fisel tercihlere g\u00f6re ayarlayabilirsiniz.<\/li>\n<li data-start=\"1229\" data-end=\"1400\"><strong data-start=\"1231\" data-end=\"1259\">\u00c7e\u015fitli H\u0131z Se\u00e7enekleri:<\/strong> Titre\u015fim se\u00e7enekleriyle farkl\u0131 h\u0131z ve yo\u011funlukta titre\u015fimleri <strong data-start=\"1322\" data-end=\"1336\">kesintisiz<\/strong> deneyimleyebilirsiniz, b\u00f6ylece <strong data-start=\"1368\" data-end=\"1392\">tatmin edici bir his<\/strong> sa\u011flar.<\/li>\n<\/ul>\n<h4 data-start=\"1402\" data-end=\"1430\"><strong data-start=\"1407\" data-end=\"1430\">Ergonomik Boyutlar:<\/strong><\/h4>\n<ul data-start=\"1431\" data-end=\"1658\">\n<li data-start=\"1431\" data-end=\"1453\"><strong data-start=\"1433\" data-end=\"1445\">Uzunluk:<\/strong> 20,5 cm<\/li>\n<li data-start=\"1454\" data-end=\"1476\"><strong data-start=\"1456\" data-end=\"1469\">Geni\u015flik:<\/strong> 7,3 cm<\/li>\n<li data-start=\"1477\" data-end=\"1658\"><strong data-start=\"1479\" data-end=\"1501\">Konforlu Kullan\u0131m:<\/strong> Ele rahat\u00e7a oturan tasar\u0131m\u0131 sayesinde, uzun s\u00fcreli kullan\u0131mlarda bile <strong data-start=\"1572\" data-end=\"1582\">konfor<\/strong> kayb\u0131 ya\u015famazs\u0131n\u0131z. Ergonomik yap\u0131s\u0131, kolay <strong data-start=\"1627\" data-end=\"1638\">kontrol<\/strong> ve rahatl\u0131k sa\u011flar.<\/li>\n<\/ul>\n<h4 data-start=\"1660\" data-end=\"1686\"><strong data-start=\"1665\" data-end=\"1686\">Kaliteli Malzeme:<\/strong><\/h4>\n<ul data-start=\"1687\" data-end=\"2017\">\n<li data-start=\"1687\" data-end=\"1912\"><strong data-start=\"1689\" data-end=\"1722\">Cilt Dostu ve Kolay Temizlik:<\/strong> <strong data-start=\"1723\" data-end=\"1745\">Cilt dostu malzeme<\/strong> kullan\u0131larak \u00fcretilen cihaz, hijyenik ve <strong data-start=\"1787\" data-end=\"1802\">uzun \u00f6m\u00fcrl\u00fc<\/strong> bir kullan\u0131m sunar. Ayn\u0131 zamanda temizli\u011fi olduk\u00e7a kolayd\u0131r, her kullan\u0131m sonras\u0131 <strong data-start=\"1885\" data-end=\"1911\">h\u0131zl\u0131ca temizlenebilir<\/strong>.<\/li>\n<li data-start=\"1913\" data-end=\"2017\"><strong data-start=\"1915\" data-end=\"1934\">Dayan\u0131kl\u0131 Yap\u0131:<\/strong> Kaliteli materyaller, \u00fcr\u00fcn\u00fcn uzun s\u00fcreli kullan\u0131m\u0131 i\u00e7in dayan\u0131kl\u0131 olmas\u0131n\u0131 sa\u011flar.<\/li>\n<\/ul>\n<h3 data-start=\"2019\" data-end=\"2088\"><strong data-start=\"2023\" data-end=\"2088\">Titre\u015fimli ve Sesli Mast\u00fcrbat\u00f6r ile Keyfinizi Zirveye Ta\u015f\u0131y\u0131n<\/strong><\/h3>\n<p data-start=\"2089\" data-end=\"2456\"><strong data-start=\"2089\" data-end=\"2124\">Titre\u015fimli ve Sesli Mast\u00fcrbat\u00f6r<\/strong>, dokunsal ve i\u015fitsel uyar\u0131m\u0131 bir arada sunarak <strong data-start=\"2172\" data-end=\"2191\">\u00f6zel anlar\u0131n\u0131z\u0131<\/strong> daha tatmin edici hale getirir. Kulakl\u0131k giri\u015fi ile ses sim\u00fclasyonu ve <strong data-start=\"2263\" data-end=\"2286\">titre\u015fim fonksiyonu<\/strong> ile istedi\u011finiz uyar\u0131m seviyesini \u00f6zelle\u015ftirebilirsiniz. <strong data-start=\"2344\" data-end=\"2366\">Ergonomik tasar\u0131m\u0131<\/strong> ve <strong data-start=\"2370\" data-end=\"2399\">y\u00fcksek kaliteli malzemesi<\/strong> sayesinde her kullan\u0131mda rahatl\u0131kla keyif alabilirsiniz.<\/p>\n","protected":false},"excerpt":{"rendered":"<p><strong data-start=\"144\" data-end=\"179\">Titre\u015fimli ve Sesli Mast\u00fcrbat\u00f6r<\/strong>, geli\u015fmi\u015f \u00f6zellikleriyle ki\u015fisel tatmin deneyiminizi yeni bir seviyeye ta\u015f\u0131r. <strong data-start=\"258\" data-end=\"277\">Ses sim\u00fclasyonu<\/strong>, <strong data-start=\"279\" data-end=\"298\">kulakl\u0131k giri\u015fi<\/strong> ve <strong data-start=\"302\" data-end=\"325\">titre\u015fim fonksiyonu<\/strong> sayesinde, bu yenilik\u00e7i cihaz, <strong data-start=\"357\" data-end=\"369\">dokunsal<\/strong> ve <strong data-start=\"373\" data-end=\"384\">i\u015fitsel<\/strong> uyar\u0131m se\u00e7enekleri sunarak deneyiminizi zenginle\u015ftirir. <strong data-start=\"441\" data-end=\"466\">D\u0131\u015far\u0131ya ses vermeden<\/strong> veya <strong data-start=\"472\" data-end=\"495\">kulakl\u0131k kullanarak<\/strong> yo\u011fun bir deneyim ya\u015fayabilirsiniz.<\/p>\n","protected":false},"featured_media":19346,"comment_status":"open","ping_status":"closed","template":"","meta":[],"product_brand":[127],"product_cat":[94],"product_tag":[306],"class_list":{"0":"post-19278","1":"product","2":"type-product","3":"status-publish","4":"has-post-thumbnail","6":"product_brand-pembe-tilki","7":"product_cat-masturbatorler","8":"product_tag-titresimli-ve-sesli-masturbator","10":"first","11":"instock","12":"taxable","13":"shipping-taxable","14":"purchasable","15":"product-type-simple"},"yoast_head":"<!-- This site is optimized with the Yoast SEO Premium plugin v24.4 (Yoast SEO v27.1.1) - https:\/\/yoast.com\/product\/yoast-seo-premium-wordpress\/ -->\n<title>Titre\u015fimli Ve Sesli Mast\u00fcrbat\u00f6r - Bursa Erotik Shop<\/title>\n<meta name=\"robots\" content=\"index, follow, max-snippet:-1, max-image-preview:large, max-video-preview:-1\" \/>\n<link rel=\"canonical\" href=\"https:\/\/hobierotikshop.com.tr\/website1\/erotik-shop-urun\/titresimli-ve-sesli-masturbator\/\" \/>\n<meta property=\"og:locale\" content=\"tr_TR\" \/>\n<meta property=\"og:type\" content=\"article\" \/>\n<meta property=\"og:title\" content=\"Titre\u015fimli Ve Sesli Mast\u00fcrbat\u00f6r\" \/>\n<meta property=\"og:description\" content=\"Titre\u015fimli ve Sesli Mast\u00fcrbat\u00f6r, geli\u015fmi\u015f \u00f6zellikleriyle ki\u015fisel tatmin deneyiminizi yeni bir seviyeye ta\u015f\u0131r. Ses sim\u00fclasyonu, kulakl\u0131k giri\u015fi ve titre\u015fim fonksiyonu sayesinde, bu yenilik\u00e7i cihaz, dokunsal ve i\u015fitsel uyar\u0131m se\u00e7enekleri sunarak deneyiminizi zenginle\u015ftirir. D\u0131\u015far\u0131ya ses vermeden veya kulakl\u0131k kullanarak yo\u011fun bir deneyim ya\u015fayabilirsiniz.\" \/>\n<meta property=\"og:url\" content=\"https:\/\/hobierotikshop.com.tr\/website1\/erotik-shop-urun\/titresimli-ve-sesli-masturbator\/\" \/>\n<meta property=\"og:site_name\" content=\"Bursa Erotik Shop\" \/>\n<meta property=\"article:modified_time\" content=\"2026-01-26T13:09:24+00:00\" \/>\n<meta property=\"og:image\" content=\"https:\/\/hobierotikshop.com.tr\/website1\/wp-content\/uploads\/2025\/03\/titresimli-ve-sesli-masturbator-2577.jpg\" \/>\n\t<meta property=\"og:image:width\" content=\"1500\" \/>\n\t<meta property=\"og:image:height\" content=\"1500\" \/>\n\t<meta property=\"og:image:type\" content=\"image\/jpeg\" \/>\n<meta name=\"twitter:card\" content=\"summary_large_image\" \/>\n<meta name=\"twitter:site\" content=\"@shopbursa\" \/>\n<meta name=\"twitter:label1\" content=\"Fiyat\" \/>\n\t<meta name=\"twitter:data1\" content=\"&#8378;2.500,00 KDV DAH\u0130L\" \/>\n\t<meta name=\"twitter:label2\" content=\"Availability\" \/>\n\t<meta name=\"twitter:data2\" content=\"In stock\" \/>\n<script type=\"application\/ld+json\" class=\"yoast-schema-graph\">{\"@context\":\"https:\/\/schema.org\",\"@graph\":[{\"@type\":\"WebPage\",\"@id\":\"https:\/\/hobierotikshop.com.tr\/website1\/erotik-shop-urun\/titresimli-ve-sesli-masturbator\/\",\"url\":\"https:\/\/hobierotikshop.com.tr\/website1\/erotik-shop-urun\/titresimli-ve-sesli-masturbator\/\",\"name\":\"Titre\u015fimli Ve Sesli Mast\u00fcrbat\u00f6r - Bursa Erotik Shop\",\"isPartOf\":{\"@id\":\"https:\/\/hobierotikshop.com.tr\/website1\/#website\"},\"primaryImageOfPage\":{\"@id\":\"https:\/\/hobierotikshop.com.tr\/website1\/erotik-shop-urun\/titresimli-ve-sesli-masturbator\/#primaryimage\"},\"image\":{\"@id\":\"https:\/\/hobierotikshop.com.tr\/website1\/erotik-shop-urun\/titresimli-ve-sesli-masturbator\/#primaryimage\"},\"thumbnailUrl\":\"https:\/\/haremerotikshop.com\/site\/wp-content\/uploads\/2025\/03\/titresimli-ve-sesli-masturbator-2577.jpg\",\"datePublished\":\"2025-03-17T09:31:03+00:00\",\"dateModified\":\"2026-01-26T13:09:24+00:00\",\"breadcrumb\":{\"@id\":\"https:\/\/hobierotikshop.com.tr\/website1\/erotik-shop-urun\/titresimli-ve-sesli-masturbator\/#breadcrumb\"},\"inLanguage\":\"tr\",\"potentialAction\":[{\"@type\":\"ReadAction\",\"target\":[\"https:\/\/hobierotikshop.com.tr\/website1\/erotik-shop-urun\/titresimli-ve-sesli-masturbator\/\"]}]},{\"@type\":\"ImageObject\",\"inLanguage\":\"tr\",\"@id\":\"https:\/\/hobierotikshop.com.tr\/website1\/erotik-shop-urun\/titresimli-ve-sesli-masturbator\/#primaryimage\",\"url\":\"https:\/\/haremerotikshop.com\/site\/wp-content\/uploads\/2025\/03\/titresimli-ve-sesli-masturbator-2577.jpg\",\"contentUrl\":\"https:\/\/haremerotikshop.com\/site\/wp-content\/uploads\/2025\/03\/titresimli-ve-sesli-masturbator-2577.jpg\",\"width\":1500,\"height\":1500},{\"@type\":\"BreadcrumbList\",\"@id\":\"https:\/\/hobierotikshop.com.tr\/website1\/erotik-shop-urun\/titresimli-ve-sesli-masturbator\/#breadcrumb\",\"itemListElement\":[{\"@type\":\"ListItem\",\"position\":1,\"name\":\"Anasayfa\",\"item\":\"https:\/\/hobierotikshop.com.tr\/website1\/\"},{\"@type\":\"ListItem\",\"position\":2,\"name\":\"Erotik Shop \u00dcr\u00fcnleri\",\"item\":\"https:\/\/hobierotikshop.com.tr\/website1\/shop\/\"},{\"@type\":\"ListItem\",\"position\":3,\"name\":\"Titre\u015fimli Ve Sesli Mast\u00fcrbat\u00f6r\"}]},{\"@type\":\"WebSite\",\"@id\":\"https:\/\/hobierotikshop.com.tr\/website1\/#website\",\"url\":\"https:\/\/hobierotikshop.com.tr\/website1\/\",\"name\":\"Bursa Erotik Shop\",\"description\":\"Bursa Erotik Shop ile g\u00fcvenli, gizli ve kaliteli yeti\u015fkin \u00fcr\u00fcnleri al\u0131\u015fveri\u015fi! Geni\u015f \u00fcr\u00fcn yelpazemizi ke\u015ffedin, hemen sipari\u015f verin\",\"publisher\":{\"@id\":\"https:\/\/hobierotikshop.com.tr\/website1\/#organization\"},\"alternateName\":\"Erotik Shop\",\"potentialAction\":[{\"@type\":\"SearchAction\",\"target\":{\"@type\":\"EntryPoint\",\"urlTemplate\":\"https:\/\/hobierotikshop.com.tr\/website1\/?s={search_term_string}\"},\"query-input\":{\"@type\":\"PropertyValueSpecification\",\"valueRequired\":true,\"valueName\":\"search_term_string\"}}],\"inLanguage\":\"tr\"},{\"@type\":\"Organization\",\"@id\":\"https:\/\/hobierotikshop.com.tr\/website1\/#organization\",\"name\":\"Harem Bursa Erotik Shop\",\"url\":\"https:\/\/hobierotikshop.com.tr\/website1\/\",\"logo\":{\"@type\":\"ImageObject\",\"inLanguage\":\"tr\",\"@id\":\"https:\/\/hobierotikshop.com.tr\/website1\/#\/schema\/logo\/image\/\",\"url\":\"https:\/\/haremerotikshop.com\/site\/wp-content\/uploads\/2025\/03\/haremsexshop.png\",\"contentUrl\":\"https:\/\/haremerotikshop.com\/site\/wp-content\/uploads\/2025\/03\/haremsexshop.png\",\"width\":400,\"height\":100,\"caption\":\"Harem Bursa Erotik Shop\"},\"image\":{\"@id\":\"https:\/\/hobierotikshop.com.tr\/website1\/#\/schema\/logo\/image\/\"},\"sameAs\":[\"https:\/\/x.com\/shopbursa\"],\"publishingPrinciples\":\"https:\/\/hobierotikshop.com.tr\/website1\/mesafeli-satis-sozlesmesi\/\",\"ownershipFundingInfo\":\"https:\/\/hobierotikshop.com.tr\/website1\/contact-us\/\",\"actionableFeedbackPolicy\":\"https:\/\/hobierotikshop.com.tr\/website1\/contact-us\/\",\"correctionsPolicy\":\"https:\/\/hobierotikshop.com.tr\/website1\/mesafeli-satis-sozlesmesi\/\"}]}<\/script>\n<meta property=\"product:brand\" content=\"Pembe Tilki\" \/>\n<meta property=\"product:price:amount\" content=\"2500.00\" \/>\n<meta property=\"product:price:currency\" content=\"TRY\" \/>\n<meta property=\"og:availability\" content=\"instock\" \/>\n<meta property=\"product:availability\" content=\"instock\" \/>\n<meta property=\"product:retailer_item_id\" content=\"PT-VMXH013\" \/>\n<meta property=\"product:condition\" content=\"new\" \/>\n<!-- \/ Yoast SEO Premium plugin. -->","yoast_head_json":{"title":"Titre\u015fimli Ve Sesli Mast\u00fcrbat\u00f6r - Bursa Erotik Shop","robots":{"index":"index","follow":"follow","max-snippet":"max-snippet:-1","max-image-preview":"max-image-preview:large","max-video-preview":"max-video-preview:-1"},"canonical":"https:\/\/hobierotikshop.com.tr\/website1\/erotik-shop-urun\/titresimli-ve-sesli-masturbator\/","og_locale":"tr_TR","og_type":"article","og_title":"Titre\u015fimli Ve Sesli Mast\u00fcrbat\u00f6r","og_description":"Titre\u015fimli ve Sesli Mast\u00fcrbat\u00f6r, geli\u015fmi\u015f \u00f6zellikleriyle ki\u015fisel tatmin deneyiminizi yeni bir seviyeye ta\u015f\u0131r. Ses sim\u00fclasyonu, kulakl\u0131k giri\u015fi ve titre\u015fim fonksiyonu sayesinde, bu yenilik\u00e7i cihaz, dokunsal ve i\u015fitsel uyar\u0131m se\u00e7enekleri sunarak deneyiminizi zenginle\u015ftirir. D\u0131\u015far\u0131ya ses vermeden veya kulakl\u0131k kullanarak yo\u011fun bir deneyim ya\u015fayabilirsiniz.","og_url":"https:\/\/hobierotikshop.com.tr\/website1\/erotik-shop-urun\/titresimli-ve-sesli-masturbator\/","og_site_name":"Bursa Erotik Shop","article_modified_time":"2026-01-26T13:09:24+00:00","og_image":[{"width":1500,"height":1500,"url":"https:\/\/hobierotikshop.com.tr\/website1\/wp-content\/uploads\/2025\/03\/titresimli-ve-sesli-masturbator-2577.jpg","type":"image\/jpeg"}],"twitter_card":"summary_large_image","twitter_site":"@shopbursa","twitter_misc":{"Fiyat":"&#8378;2.500,00 KDV DAH\u0130L","Availability":"In stock"},"schema":{"@context":"https:\/\/schema.org","@graph":[{"@type":"WebPage","@id":"https:\/\/hobierotikshop.com.tr\/website1\/erotik-shop-urun\/titresimli-ve-sesli-masturbator\/","url":"https:\/\/hobierotikshop.com.tr\/website1\/erotik-shop-urun\/titresimli-ve-sesli-masturbator\/","name":"Titre\u015fimli Ve Sesli Mast\u00fcrbat\u00f6r - Bursa Erotik Shop","isPartOf":{"@id":"https:\/\/hobierotikshop.com.tr\/website1\/#website"},"primaryImageOfPage":{"@id":"https:\/\/hobierotikshop.com.tr\/website1\/erotik-shop-urun\/titresimli-ve-sesli-masturbator\/#primaryimage"},"image":{"@id":"https:\/\/hobierotikshop.com.tr\/website1\/erotik-shop-urun\/titresimli-ve-sesli-masturbator\/#primaryimage"},"thumbnailUrl":"https:\/\/haremerotikshop.com\/site\/wp-content\/uploads\/2025\/03\/titresimli-ve-sesli-masturbator-2577.jpg","datePublished":"2025-03-17T09:31:03+00:00","dateModified":"2026-01-26T13:09:24+00:00","breadcrumb":{"@id":"https:\/\/hobierotikshop.com.tr\/website1\/erotik-shop-urun\/titresimli-ve-sesli-masturbator\/#breadcrumb"},"inLanguage":"tr","potentialAction":[{"@type":"ReadAction","target":["https:\/\/hobierotikshop.com.tr\/website1\/erotik-shop-urun\/titresimli-ve-sesli-masturbator\/"]}]},{"@type":"ImageObject","inLanguage":"tr","@id":"https:\/\/hobierotikshop.com.tr\/website1\/erotik-shop-urun\/titresimli-ve-sesli-masturbator\/#primaryimage","url":"https:\/\/haremerotikshop.com\/site\/wp-content\/uploads\/2025\/03\/titresimli-ve-sesli-masturbator-2577.jpg","contentUrl":"https:\/\/haremerotikshop.com\/site\/wp-content\/uploads\/2025\/03\/titresimli-ve-sesli-masturbator-2577.jpg","width":1500,"height":1500},{"@type":"BreadcrumbList","@id":"https:\/\/hobierotikshop.com.tr\/website1\/erotik-shop-urun\/titresimli-ve-sesli-masturbator\/#breadcrumb","itemListElement":[{"@type":"ListItem","position":1,"name":"Anasayfa","item":"https:\/\/hobierotikshop.com.tr\/website1\/"},{"@type":"ListItem","position":2,"name":"Erotik Shop \u00dcr\u00fcnleri","item":"https:\/\/hobierotikshop.com.tr\/website1\/shop\/"},{"@type":"ListItem","position":3,"name":"Titre\u015fimli Ve Sesli Mast\u00fcrbat\u00f6r"}]},{"@type":"WebSite","@id":"https:\/\/hobierotikshop.com.tr\/website1\/#website","url":"https:\/\/hobierotikshop.com.tr\/website1\/","name":"Bursa Erotik Shop","description":"Bursa Erotik Shop ile g\u00fcvenli, gizli ve kaliteli yeti\u015fkin \u00fcr\u00fcnleri al\u0131\u015fveri\u015fi! Geni\u015f \u00fcr\u00fcn yelpazemizi ke\u015ffedin, hemen sipari\u015f verin","publisher":{"@id":"https:\/\/hobierotikshop.com.tr\/website1\/#organization"},"alternateName":"Erotik Shop","potentialAction":[{"@type":"SearchAction","target":{"@type":"EntryPoint","urlTemplate":"https:\/\/hobierotikshop.com.tr\/website1\/?s={search_term_string}"},"query-input":{"@type":"PropertyValueSpecification","valueRequired":true,"valueName":"search_term_string"}}],"inLanguage":"tr"},{"@type":"Organization","@id":"https:\/\/hobierotikshop.com.tr\/website1\/#organization","name":"Harem Bursa Erotik Shop","url":"https:\/\/hobierotikshop.com.tr\/website1\/","logo":{"@type":"ImageObject","inLanguage":"tr","@id":"https:\/\/hobierotikshop.com.tr\/website1\/#\/schema\/logo\/image\/","url":"https:\/\/haremerotikshop.com\/site\/wp-content\/uploads\/2025\/03\/haremsexshop.png","contentUrl":"https:\/\/haremerotikshop.com\/site\/wp-content\/uploads\/2025\/03\/haremsexshop.png","width":400,"height":100,"caption":"Harem Bursa Erotik Shop"},"image":{"@id":"https:\/\/hobierotikshop.com.tr\/website1\/#\/schema\/logo\/image\/"},"sameAs":["https:\/\/x.com\/shopbursa"],"publishingPrinciples":"https:\/\/hobierotikshop.com.tr\/website1\/mesafeli-satis-sozlesmesi\/","ownershipFundingInfo":"https:\/\/hobierotikshop.com.tr\/website1\/contact-us\/","actionableFeedbackPolicy":"https:\/\/hobierotikshop.com.tr\/website1\/contact-us\/","correctionsPolicy":"https:\/\/hobierotikshop.com.tr\/website1\/mesafeli-satis-sozlesmesi\/"}]},"product_brand":"Pembe Tilki","product_price_amount":"2500.00","product_price_currency":"TRY","og_availability":"instock","product_availability":"instock","product_retailer_item_id":"PT-VMXH013","product_condition":"new"},"_links":{"self":[{"href":"https:\/\/haremerotikshop.com\/site\/wp-json\/wp\/v2\/product\/19278","targetHints":{"allow":["GET"]}}],"collection":[{"href":"https:\/\/haremerotikshop.com\/site\/wp-json\/wp\/v2\/product"}],"about":[{"href":"https:\/\/haremerotikshop.com\/site\/wp-json\/wp\/v2\/types\/product"}],"replies":[{"embeddable":true,"href":"https:\/\/haremerotikshop.com\/site\/wp-json\/wp\/v2\/comments?post=19278"}],"version-history":[{"count":0,"href":"https:\/\/haremerotikshop.com\/site\/wp-json\/wp\/v2\/product\/19278\/revisions"}],"wp:featuredmedia":[{"embeddable":true,"href":"https:\/\/haremerotikshop.com\/site\/wp-json\/wp\/v2\/media\/19346"}],"wp:attachment":[{"href":"https:\/\/haremerotikshop.com\/site\/wp-json\/wp\/v2\/media?parent=19278"}],"wp:term":[{"taxonomy":"product_brand","embeddable":true,"href":"https:\/\/haremerotikshop.com\/site\/wp-json\/wp\/v2\/product_brand?post=19278"},{"taxonomy":"product_cat","embeddable":true,"href":"https:\/\/haremerotikshop.com\/site\/wp-json\/wp\/v2\/product_cat?post=19278"},{"taxonomy":"product_tag","embeddable":true,"href":"https:\/\/haremerotikshop.com\/site\/wp-json\/wp\/v2\/product_tag?post=19278"}],"curies":[{"name":"wp","href":"https:\/\/api.w.org\/{rel}","templated":true}]}}