{"id":19279,"date":"2025-03-17T12:31:03","date_gmt":"2025-03-17T09:31:03","guid":{"rendered":"https:\/\/haremerotikshop.com\/site\/?post_type=product&#038;p=19279"},"modified":"2026-01-26T16:09:49","modified_gmt":"2026-01-26T13:09:49","slug":"manuel-masturbator-kabi-kucuk-boy","status":"publish","type":"product","link":"https:\/\/haremerotikshop.com\/site\/erotik-shop-urun\/manuel-masturbator-kabi-kucuk-boy\/","title":{"rendered":"Manuel Mast\u00fcrbat\u00f6r Kab\u0131 K\u00fc\u00e7\u00fck Boy"},"content":{"rendered":"<h3 data-start=\"68\" data-end=\"139\"><strong data-start=\"72\" data-end=\"139\">Manuel Mast\u00fcrbat\u00f6r Kab\u0131 \u2013 K\u00fc\u00e7\u00fck Boy: Konforlu ve Pratik Deneyim<\/strong><\/h3>\n<p data-start=\"141\" data-end=\"455\"><strong data-start=\"141\" data-end=\"180\">Manuel Mast\u00fcrbat\u00f6r Kab\u0131 \u2013 K\u00fc\u00e7\u00fck Boy<\/strong>, <strong data-start=\"182\" data-end=\"200\">kolay kullan\u0131m<\/strong> ve <strong data-start=\"204\" data-end=\"222\">pratik tasar\u0131m<\/strong> \u00f6zellikleriyle \u00f6ne \u00e7\u0131kar. <strong data-start=\"249\" data-end=\"271\">Vakumlama \u00f6zelli\u011fi<\/strong> sayesinde ki\u015fisel keyif anlar\u0131n\u0131z\u0131 daha tatmin edici hale getirir. <strong data-start=\"339\" data-end=\"354\">K\u00fc\u00e7\u00fck boyut<\/strong> ile elde rahatl\u0131kla tutulabilir, ayn\u0131 zamanda <strong data-start=\"401\" data-end=\"412\">saklama<\/strong> ve <strong data-start=\"416\" data-end=\"426\">ta\u015f\u0131ma<\/strong> a\u00e7\u0131s\u0131ndan olduk\u00e7a pratiktir.<\/p>\n<h3 data-start=\"457\" data-end=\"486\"><strong data-start=\"461\" data-end=\"486\">\u00d6ne \u00c7\u0131kan \u00d6zellikler:<\/strong><\/h3>\n<h4 data-start=\"488\" data-end=\"513\"><strong data-start=\"493\" data-end=\"513\">Kompakt \u00d6l\u00e7\u00fcler:<\/strong><\/h4>\n<ul data-start=\"514\" data-end=\"927\">\n<li data-start=\"514\" data-end=\"734\"><strong data-start=\"516\" data-end=\"538\">Ergonomik Tasar\u0131m:<\/strong> <strong data-start=\"539\" data-end=\"557\">Uzunluk: 18 cm<\/strong>, <strong data-start=\"559\" data-end=\"579\">Kal\u0131nl\u0131k: 8,5 cm<\/strong> olan kompakt boyutlar\u0131, <strong data-start=\"604\" data-end=\"630\">ergonomik bir kullan\u0131m<\/strong> sa\u011flar. Hem <strong data-start=\"643\" data-end=\"660\">kolay kavrama<\/strong> hem de rahat <strong data-start=\"674\" data-end=\"685\">kontrol<\/strong> imkan\u0131 sunarak her kullan\u0131mda <strong data-start=\"716\" data-end=\"726\">konfor<\/strong> sa\u011flar.<\/li>\n<li data-start=\"735\" data-end=\"927\"><strong data-start=\"737\" data-end=\"777\">Ta\u015f\u0131nabilirlik ve Saklama Kolayl\u0131\u011f\u0131:<\/strong> K\u00fc\u00e7\u00fck boyutuyla, \u00fcr\u00fcn\u00fc her yerde rahatl\u0131kla kullanabilir ve <strong data-start=\"838\" data-end=\"867\">kolayca saklayabilirsiniz<\/strong>. Hem evde hem de seyahatte <strong data-start=\"895\" data-end=\"920\">pratik ta\u015f\u0131nabilirlik<\/strong> sunar.<\/li>\n<\/ul>\n<h4 data-start=\"929\" data-end=\"957\"><strong data-start=\"934\" data-end=\"957\">Vakumlama \u00d6zelli\u011fi:<\/strong><\/h4>\n<ul data-start=\"958\" data-end=\"1361\">\n<li data-start=\"958\" data-end=\"1228\"><strong data-start=\"960\" data-end=\"984\">Manuel Bas\u0131n\u00e7 Ayar\u0131:<\/strong> Vakumlama \u00f6zelli\u011fi sayesinde, manuel olarak <strong data-start=\"1029\" data-end=\"1049\">bas\u0131nc\u0131 ayarlama<\/strong> imkan\u0131 sunar. \u0130stedi\u011finiz vakum seviyesini belirleyerek, her kullan\u0131mda farkl\u0131 bir <strong data-start=\"1133\" data-end=\"1144\">deneyim<\/strong> ya\u015fayabilirsiniz. Bu \u00f6zellik, her kullan\u0131mda <strong data-start=\"1190\" data-end=\"1209\">\u00f6zelle\u015ftirilmi\u015f<\/strong> bir tatmin sa\u011flar.<\/li>\n<li data-start=\"1229\" data-end=\"1361\"><strong data-start=\"1231\" data-end=\"1249\">Ki\u015fisel Keyif:<\/strong> Vakumlama i\u015flemi, do\u011fal bir his yarat\u0131r ve farkl\u0131 seviyelerde <strong data-start=\"1312\" data-end=\"1324\">yo\u011funluk<\/strong> sunarak deneyimi <strong data-start=\"1342\" data-end=\"1360\">zenginle\u015ftirir<\/strong>.<\/li>\n<\/ul>\n<h4 data-start=\"1363\" data-end=\"1414\"><strong data-start=\"1368\" data-end=\"1414\">Dayan\u0131kl\u0131 ve Kolay Temizlenebilir Malzeme:<\/strong><\/h4>\n<ul data-start=\"1415\" data-end=\"1801\">\n<li data-start=\"1415\" data-end=\"1563\"><strong data-start=\"1417\" data-end=\"1439\">Hijyenik Kullan\u0131m:<\/strong> \u0130\u00e7 ve d\u0131\u015f y\u00fczeyi, <strong data-start=\"1458\" data-end=\"1468\">hijyen<\/strong> standartlar\u0131na uygun olarak tasarlanm\u0131\u015f, <strong data-start=\"1510\" data-end=\"1534\">kolay temizlenebilir<\/strong> malzemelerden \u00fcretilmi\u015ftir.<\/li>\n<li data-start=\"1564\" data-end=\"1801\"><strong data-start=\"1566\" data-end=\"1582\">Kolay Bak\u0131m:<\/strong> Temizlik s\u0131ras\u0131nda <strong data-start=\"1602\" data-end=\"1629\">\u00e7\u0131kart\u0131labilir par\u00e7alar<\/strong> sayesinde h\u0131zl\u0131ca <strong data-start=\"1648\" data-end=\"1658\">y\u0131kama<\/strong> yapabilir ve \u00fcr\u00fcn\u00fc k\u0131sa s\u00fcrede tekrar kullan\u0131ma haz\u0131r hale getirebilirsiniz. Bu \u00f6zellik, <strong data-start=\"1748\" data-end=\"1772\">uzun s\u00fcreli kullan\u0131m<\/strong> i\u00e7in ideal bir bak\u0131m sa\u011flar.<\/li>\n<\/ul>\n<h4 data-start=\"1803\" data-end=\"1830\"><strong data-start=\"1808\" data-end=\"1830\">Konforlu Kullan\u0131m:<\/strong><\/h4>\n<ul data-start=\"1831\" data-end=\"2180\">\n<li data-start=\"1831\" data-end=\"2039\"><strong data-start=\"1833\" data-end=\"1854\">Hafif ve Kompakt:<\/strong> <strong data-start=\"1855\" data-end=\"1873\">Hafif tasar\u0131m\u0131<\/strong> ve <strong data-start=\"1877\" data-end=\"1895\">kompakt boyutu<\/strong> sayesinde, \u00fcr\u00fcn\u00fc tek elle rahat\u00e7a kontrol edebilirsiniz. Her kullan\u0131mda <strong data-start=\"1968\" data-end=\"1995\">tatmin edici performans<\/strong> sunar, b\u00f6ylece keyifli bir deneyim ya\u015fat\u0131r.<\/li>\n<li data-start=\"2040\" data-end=\"2180\"><strong data-start=\"2042\" data-end=\"2060\">Kolay Kontrol:<\/strong> K\u00fc\u00e7\u00fck boyutlar\u0131 sayesinde \u00fcr\u00fcn, <strong data-start=\"2093\" data-end=\"2123\">kolayca kontrol edilebilir<\/strong>, kullan\u0131c\u0131s\u0131na daha fazla rahatl\u0131k ve <strong data-start=\"2162\" data-end=\"2172\">konfor<\/strong> sa\u011flar.<\/li>\n<\/ul>\n<h3 data-start=\"2182\" data-end=\"2256\"><strong data-start=\"2186\" data-end=\"2256\">Manuel Mast\u00fcrbat\u00f6r Kab\u0131 \u2013 K\u00fc\u00e7\u00fck Boy ile Pratik ve Konforlu Deneyim<\/strong><\/h3>\n<p data-start=\"2257\" data-end=\"2676\"><strong data-start=\"2257\" data-end=\"2296\">Manuel Mast\u00fcrbat\u00f6r Kab\u0131 \u2013 K\u00fc\u00e7\u00fck Boy<\/strong>, <strong data-start=\"2298\" data-end=\"2320\">vakumlama \u00f6zelli\u011fi<\/strong> ve <strong data-start=\"2324\" data-end=\"2347\">kullan\u0131\u015fl\u0131 tasar\u0131m\u0131<\/strong> ile ki\u015fisel keyif anlar\u0131n\u0131z\u0131 daha konforlu ve zevkli hale getirir. <strong data-start=\"2415\" data-end=\"2424\">Hafif<\/strong> ve <strong data-start=\"2428\" data-end=\"2439\">kompakt<\/strong> yap\u0131s\u0131 sayesinde, diledi\u011finiz yerde ve zamanda <strong data-start=\"2487\" data-end=\"2497\">pratik<\/strong> bir \u015fekilde kullanabilir, deneyiminizi zenginle\u015ftirebilirsiniz. <strong data-start=\"2562\" data-end=\"2580\">Kolay temizlik<\/strong> ve <strong data-start=\"2584\" data-end=\"2605\">dayan\u0131kl\u0131 malzeme<\/strong> \u00f6zellikleriyle, her kullan\u0131mda hijyenik ve uzun \u00f6m\u00fcrl\u00fc bir \u00fcr\u00fcn sunar.<\/p>\n","protected":false},"excerpt":{"rendered":"<p><strong data-start=\"141\" data-end=\"180\">Manuel Mast\u00fcrbat\u00f6r Kab\u0131 \u2013 K\u00fc\u00e7\u00fck Boy<\/strong>, <strong data-start=\"182\" data-end=\"200\">kolay kullan\u0131m<\/strong> ve <strong data-start=\"204\" data-end=\"222\">pratik tasar\u0131m<\/strong> \u00f6zellikleriyle \u00f6ne \u00e7\u0131kar. <strong data-start=\"249\" data-end=\"271\">Vakumlama \u00f6zelli\u011fi<\/strong> sayesinde ki\u015fisel keyif anlar\u0131n\u0131z\u0131 daha tatmin edici hale getirir. <strong data-start=\"339\" data-end=\"354\">K\u00fc\u00e7\u00fck boyut<\/strong> ile elde rahatl\u0131kla tutulabilir, ayn\u0131 zamanda <strong data-start=\"401\" data-end=\"412\">saklama<\/strong> ve <strong data-start=\"416\" data-end=\"426\">ta\u015f\u0131ma<\/strong> a\u00e7\u0131s\u0131ndan olduk\u00e7a pratiktir.<\/p>\n","protected":false},"featured_media":19350,"comment_status":"open","ping_status":"closed","template":"","meta":[],"product_brand":[127],"product_cat":[94],"product_tag":[307],"class_list":{"0":"post-19279","1":"product","2":"type-product","3":"status-publish","4":"has-post-thumbnail","6":"product_brand-pembe-tilki","7":"product_cat-masturbatorler","8":"product_tag-manuel-masturbator-kabi-kucuk-boy","10":"first","11":"instock","12":"taxable","13":"shipping-taxable","14":"purchasable","15":"product-type-simple"},"yoast_head":"<!-- This site is optimized with the Yoast SEO Premium plugin v24.4 (Yoast SEO v27.1.1) - https:\/\/yoast.com\/product\/yoast-seo-premium-wordpress\/ -->\n<title>Manuel Mast\u00fcrbat\u00f6r Kab\u0131 K\u00fc\u00e7\u00fck Boy - Bursa Erotik Shop<\/title>\n<meta name=\"robots\" content=\"index, follow, max-snippet:-1, max-image-preview:large, max-video-preview:-1\" \/>\n<link rel=\"canonical\" href=\"https:\/\/hobierotikshop.com.tr\/website1\/erotik-shop-urun\/manuel-masturbator-kabi-kucuk-boy\/\" \/>\n<meta property=\"og:locale\" content=\"tr_TR\" \/>\n<meta property=\"og:type\" content=\"article\" \/>\n<meta property=\"og:title\" content=\"Manuel Mast\u00fcrbat\u00f6r Kab\u0131 K\u00fc\u00e7\u00fck Boy\" \/>\n<meta property=\"og:description\" content=\"Manuel Mast\u00fcrbat\u00f6r Kab\u0131 \u2013 K\u00fc\u00e7\u00fck Boy, kolay kullan\u0131m ve pratik tasar\u0131m \u00f6zellikleriyle \u00f6ne \u00e7\u0131kar. Vakumlama \u00f6zelli\u011fi sayesinde ki\u015fisel keyif anlar\u0131n\u0131z\u0131 daha tatmin edici hale getirir. K\u00fc\u00e7\u00fck boyut ile elde rahatl\u0131kla tutulabilir, ayn\u0131 zamanda saklama ve ta\u015f\u0131ma a\u00e7\u0131s\u0131ndan olduk\u00e7a pratiktir.\" \/>\n<meta property=\"og:url\" content=\"https:\/\/hobierotikshop.com.tr\/website1\/erotik-shop-urun\/manuel-masturbator-kabi-kucuk-boy\/\" \/>\n<meta property=\"og:site_name\" content=\"Bursa Erotik Shop\" \/>\n<meta property=\"article:modified_time\" content=\"2026-01-26T13:09:49+00:00\" \/>\n<meta property=\"og:image\" content=\"https:\/\/hobierotikshop.com.tr\/website1\/wp-content\/uploads\/2025\/03\/manuel-masturbator-kabi-kucuk-boy-2580.jpg\" \/>\n\t<meta property=\"og:image:width\" content=\"1500\" \/>\n\t<meta property=\"og:image:height\" content=\"1500\" \/>\n\t<meta property=\"og:image:type\" content=\"image\/jpeg\" \/>\n<meta name=\"twitter:card\" content=\"summary_large_image\" \/>\n<meta name=\"twitter:site\" content=\"@shopbursa\" \/>\n<meta name=\"twitter:label1\" content=\"Fiyat\" \/>\n\t<meta name=\"twitter:data1\" content=\"&#8378;2.500,00 KDV DAH\u0130L\" \/>\n\t<meta name=\"twitter:label2\" content=\"Availability\" \/>\n\t<meta name=\"twitter:data2\" content=\"In stock\" \/>\n<script type=\"application\/ld+json\" class=\"yoast-schema-graph\">{\"@context\":\"https:\/\/schema.org\",\"@graph\":[{\"@type\":\"WebPage\",\"@id\":\"https:\/\/hobierotikshop.com.tr\/website1\/erotik-shop-urun\/manuel-masturbator-kabi-kucuk-boy\/\",\"url\":\"https:\/\/hobierotikshop.com.tr\/website1\/erotik-shop-urun\/manuel-masturbator-kabi-kucuk-boy\/\",\"name\":\"Manuel Mast\u00fcrbat\u00f6r Kab\u0131 K\u00fc\u00e7\u00fck Boy - Bursa Erotik Shop\",\"isPartOf\":{\"@id\":\"https:\/\/hobierotikshop.com.tr\/website1\/#website\"},\"primaryImageOfPage\":{\"@id\":\"https:\/\/hobierotikshop.com.tr\/website1\/erotik-shop-urun\/manuel-masturbator-kabi-kucuk-boy\/#primaryimage\"},\"image\":{\"@id\":\"https:\/\/hobierotikshop.com.tr\/website1\/erotik-shop-urun\/manuel-masturbator-kabi-kucuk-boy\/#primaryimage\"},\"thumbnailUrl\":\"https:\/\/haremerotikshop.com\/site\/wp-content\/uploads\/2025\/03\/manuel-masturbator-kabi-kucuk-boy-2580.jpg\",\"datePublished\":\"2025-03-17T09:31:03+00:00\",\"dateModified\":\"2026-01-26T13:09:49+00:00\",\"breadcrumb\":{\"@id\":\"https:\/\/hobierotikshop.com.tr\/website1\/erotik-shop-urun\/manuel-masturbator-kabi-kucuk-boy\/#breadcrumb\"},\"inLanguage\":\"tr\",\"potentialAction\":[{\"@type\":\"ReadAction\",\"target\":[\"https:\/\/hobierotikshop.com.tr\/website1\/erotik-shop-urun\/manuel-masturbator-kabi-kucuk-boy\/\"]}]},{\"@type\":\"ImageObject\",\"inLanguage\":\"tr\",\"@id\":\"https:\/\/hobierotikshop.com.tr\/website1\/erotik-shop-urun\/manuel-masturbator-kabi-kucuk-boy\/#primaryimage\",\"url\":\"https:\/\/haremerotikshop.com\/site\/wp-content\/uploads\/2025\/03\/manuel-masturbator-kabi-kucuk-boy-2580.jpg\",\"contentUrl\":\"https:\/\/haremerotikshop.com\/site\/wp-content\/uploads\/2025\/03\/manuel-masturbator-kabi-kucuk-boy-2580.jpg\",\"width\":1500,\"height\":1500},{\"@type\":\"BreadcrumbList\",\"@id\":\"https:\/\/hobierotikshop.com.tr\/website1\/erotik-shop-urun\/manuel-masturbator-kabi-kucuk-boy\/#breadcrumb\",\"itemListElement\":[{\"@type\":\"ListItem\",\"position\":1,\"name\":\"Anasayfa\",\"item\":\"https:\/\/hobierotikshop.com.tr\/website1\/\"},{\"@type\":\"ListItem\",\"position\":2,\"name\":\"Erotik Shop \u00dcr\u00fcnleri\",\"item\":\"https:\/\/hobierotikshop.com.tr\/website1\/shop\/\"},{\"@type\":\"ListItem\",\"position\":3,\"name\":\"Manuel Mast\u00fcrbat\u00f6r Kab\u0131 K\u00fc\u00e7\u00fck Boy\"}]},{\"@type\":\"WebSite\",\"@id\":\"https:\/\/hobierotikshop.com.tr\/website1\/#website\",\"url\":\"https:\/\/hobierotikshop.com.tr\/website1\/\",\"name\":\"Bursa Erotik Shop\",\"description\":\"Bursa Erotik Shop ile g\u00fcvenli, gizli ve kaliteli yeti\u015fkin \u00fcr\u00fcnleri al\u0131\u015fveri\u015fi! Geni\u015f \u00fcr\u00fcn yelpazemizi ke\u015ffedin, hemen sipari\u015f verin\",\"publisher\":{\"@id\":\"https:\/\/hobierotikshop.com.tr\/website1\/#organization\"},\"alternateName\":\"Erotik Shop\",\"potentialAction\":[{\"@type\":\"SearchAction\",\"target\":{\"@type\":\"EntryPoint\",\"urlTemplate\":\"https:\/\/hobierotikshop.com.tr\/website1\/?s={search_term_string}\"},\"query-input\":{\"@type\":\"PropertyValueSpecification\",\"valueRequired\":true,\"valueName\":\"search_term_string\"}}],\"inLanguage\":\"tr\"},{\"@type\":\"Organization\",\"@id\":\"https:\/\/hobierotikshop.com.tr\/website1\/#organization\",\"name\":\"Harem Bursa Erotik Shop\",\"url\":\"https:\/\/hobierotikshop.com.tr\/website1\/\",\"logo\":{\"@type\":\"ImageObject\",\"inLanguage\":\"tr\",\"@id\":\"https:\/\/hobierotikshop.com.tr\/website1\/#\/schema\/logo\/image\/\",\"url\":\"https:\/\/haremerotikshop.com\/wp-content\/uploads\/2025\/03\/haremsexshop.png\",\"contentUrl\":\"https:\/\/haremerotikshop.com\/wp-content\/uploads\/2025\/03\/haremsexshop.png\",\"width\":400,\"height\":100,\"caption\":\"Harem Bursa Erotik Shop\"},\"image\":{\"@id\":\"https:\/\/hobierotikshop.com.tr\/website1\/#\/schema\/logo\/image\/\"},\"sameAs\":[\"https:\/\/x.com\/shopbursa\"],\"publishingPrinciples\":\"https:\/\/hobierotikshop.com.tr\/website1\/mesafeli-satis-sozlesmesi\/\",\"ownershipFundingInfo\":\"https:\/\/hobierotikshop.com.tr\/website1\/contact-us\/\",\"actionableFeedbackPolicy\":\"https:\/\/hobierotikshop.com.tr\/website1\/contact-us\/\",\"correctionsPolicy\":\"https:\/\/hobierotikshop.com.tr\/website1\/mesafeli-satis-sozlesmesi\/\"}]}<\/script>\n<meta property=\"product:brand\" content=\"Pembe Tilki\" \/>\n<meta property=\"product:price:amount\" content=\"2500.00\" \/>\n<meta property=\"product:price:currency\" content=\"TRY\" \/>\n<meta property=\"og:availability\" content=\"instock\" \/>\n<meta property=\"product:availability\" content=\"instock\" \/>\n<meta property=\"product:retailer_item_id\" content=\"PT-VMXH026\" \/>\n<meta property=\"product:condition\" content=\"new\" \/>\n<!-- \/ Yoast SEO Premium plugin. -->","yoast_head_json":{"title":"Manuel Mast\u00fcrbat\u00f6r Kab\u0131 K\u00fc\u00e7\u00fck Boy - Bursa Erotik Shop","robots":{"index":"index","follow":"follow","max-snippet":"max-snippet:-1","max-image-preview":"max-image-preview:large","max-video-preview":"max-video-preview:-1"},"canonical":"https:\/\/hobierotikshop.com.tr\/website1\/erotik-shop-urun\/manuel-masturbator-kabi-kucuk-boy\/","og_locale":"tr_TR","og_type":"article","og_title":"Manuel Mast\u00fcrbat\u00f6r Kab\u0131 K\u00fc\u00e7\u00fck Boy","og_description":"Manuel Mast\u00fcrbat\u00f6r Kab\u0131 \u2013 K\u00fc\u00e7\u00fck Boy, kolay kullan\u0131m ve pratik tasar\u0131m \u00f6zellikleriyle \u00f6ne \u00e7\u0131kar. Vakumlama \u00f6zelli\u011fi sayesinde ki\u015fisel keyif anlar\u0131n\u0131z\u0131 daha tatmin edici hale getirir. K\u00fc\u00e7\u00fck boyut ile elde rahatl\u0131kla tutulabilir, ayn\u0131 zamanda saklama ve ta\u015f\u0131ma a\u00e7\u0131s\u0131ndan olduk\u00e7a pratiktir.","og_url":"https:\/\/hobierotikshop.com.tr\/website1\/erotik-shop-urun\/manuel-masturbator-kabi-kucuk-boy\/","og_site_name":"Bursa Erotik Shop","article_modified_time":"2026-01-26T13:09:49+00:00","og_image":[{"width":1500,"height":1500,"url":"https:\/\/hobierotikshop.com.tr\/website1\/wp-content\/uploads\/2025\/03\/manuel-masturbator-kabi-kucuk-boy-2580.jpg","type":"image\/jpeg"}],"twitter_card":"summary_large_image","twitter_site":"@shopbursa","twitter_misc":{"Fiyat":"&#8378;2.500,00 KDV DAH\u0130L","Availability":"In stock"},"schema":{"@context":"https:\/\/schema.org","@graph":[{"@type":"WebPage","@id":"https:\/\/hobierotikshop.com.tr\/website1\/erotik-shop-urun\/manuel-masturbator-kabi-kucuk-boy\/","url":"https:\/\/hobierotikshop.com.tr\/website1\/erotik-shop-urun\/manuel-masturbator-kabi-kucuk-boy\/","name":"Manuel Mast\u00fcrbat\u00f6r Kab\u0131 K\u00fc\u00e7\u00fck Boy - Bursa Erotik Shop","isPartOf":{"@id":"https:\/\/hobierotikshop.com.tr\/website1\/#website"},"primaryImageOfPage":{"@id":"https:\/\/hobierotikshop.com.tr\/website1\/erotik-shop-urun\/manuel-masturbator-kabi-kucuk-boy\/#primaryimage"},"image":{"@id":"https:\/\/hobierotikshop.com.tr\/website1\/erotik-shop-urun\/manuel-masturbator-kabi-kucuk-boy\/#primaryimage"},"thumbnailUrl":"https:\/\/haremerotikshop.com\/site\/wp-content\/uploads\/2025\/03\/manuel-masturbator-kabi-kucuk-boy-2580.jpg","datePublished":"2025-03-17T09:31:03+00:00","dateModified":"2026-01-26T13:09:49+00:00","breadcrumb":{"@id":"https:\/\/hobierotikshop.com.tr\/website1\/erotik-shop-urun\/manuel-masturbator-kabi-kucuk-boy\/#breadcrumb"},"inLanguage":"tr","potentialAction":[{"@type":"ReadAction","target":["https:\/\/hobierotikshop.com.tr\/website1\/erotik-shop-urun\/manuel-masturbator-kabi-kucuk-boy\/"]}]},{"@type":"ImageObject","inLanguage":"tr","@id":"https:\/\/hobierotikshop.com.tr\/website1\/erotik-shop-urun\/manuel-masturbator-kabi-kucuk-boy\/#primaryimage","url":"https:\/\/haremerotikshop.com\/site\/wp-content\/uploads\/2025\/03\/manuel-masturbator-kabi-kucuk-boy-2580.jpg","contentUrl":"https:\/\/haremerotikshop.com\/site\/wp-content\/uploads\/2025\/03\/manuel-masturbator-kabi-kucuk-boy-2580.jpg","width":1500,"height":1500},{"@type":"BreadcrumbList","@id":"https:\/\/hobierotikshop.com.tr\/website1\/erotik-shop-urun\/manuel-masturbator-kabi-kucuk-boy\/#breadcrumb","itemListElement":[{"@type":"ListItem","position":1,"name":"Anasayfa","item":"https:\/\/hobierotikshop.com.tr\/website1\/"},{"@type":"ListItem","position":2,"name":"Erotik Shop \u00dcr\u00fcnleri","item":"https:\/\/hobierotikshop.com.tr\/website1\/shop\/"},{"@type":"ListItem","position":3,"name":"Manuel Mast\u00fcrbat\u00f6r Kab\u0131 K\u00fc\u00e7\u00fck Boy"}]},{"@type":"WebSite","@id":"https:\/\/hobierotikshop.com.tr\/website1\/#website","url":"https:\/\/hobierotikshop.com.tr\/website1\/","name":"Bursa Erotik Shop","description":"Bursa Erotik Shop ile g\u00fcvenli, gizli ve kaliteli yeti\u015fkin \u00fcr\u00fcnleri al\u0131\u015fveri\u015fi! Geni\u015f \u00fcr\u00fcn yelpazemizi ke\u015ffedin, hemen sipari\u015f verin","publisher":{"@id":"https:\/\/hobierotikshop.com.tr\/website1\/#organization"},"alternateName":"Erotik Shop","potentialAction":[{"@type":"SearchAction","target":{"@type":"EntryPoint","urlTemplate":"https:\/\/hobierotikshop.com.tr\/website1\/?s={search_term_string}"},"query-input":{"@type":"PropertyValueSpecification","valueRequired":true,"valueName":"search_term_string"}}],"inLanguage":"tr"},{"@type":"Organization","@id":"https:\/\/hobierotikshop.com.tr\/website1\/#organization","name":"Harem Bursa Erotik Shop","url":"https:\/\/hobierotikshop.com.tr\/website1\/","logo":{"@type":"ImageObject","inLanguage":"tr","@id":"https:\/\/hobierotikshop.com.tr\/website1\/#\/schema\/logo\/image\/","url":"https:\/\/haremerotikshop.com\/wp-content\/uploads\/2025\/03\/haremsexshop.png","contentUrl":"https:\/\/haremerotikshop.com\/wp-content\/uploads\/2025\/03\/haremsexshop.png","width":400,"height":100,"caption":"Harem Bursa Erotik Shop"},"image":{"@id":"https:\/\/hobierotikshop.com.tr\/website1\/#\/schema\/logo\/image\/"},"sameAs":["https:\/\/x.com\/shopbursa"],"publishingPrinciples":"https:\/\/hobierotikshop.com.tr\/website1\/mesafeli-satis-sozlesmesi\/","ownershipFundingInfo":"https:\/\/hobierotikshop.com.tr\/website1\/contact-us\/","actionableFeedbackPolicy":"https:\/\/hobierotikshop.com.tr\/website1\/contact-us\/","correctionsPolicy":"https:\/\/hobierotikshop.com.tr\/website1\/mesafeli-satis-sozlesmesi\/"}]},"product_brand":"Pembe Tilki","product_price_amount":"2500.00","product_price_currency":"TRY","og_availability":"instock","product_availability":"instock","product_retailer_item_id":"PT-VMXH026","product_condition":"new"},"_links":{"self":[{"href":"https:\/\/haremerotikshop.com\/site\/wp-json\/wp\/v2\/product\/19279","targetHints":{"allow":["GET"]}}],"collection":[{"href":"https:\/\/haremerotikshop.com\/site\/wp-json\/wp\/v2\/product"}],"about":[{"href":"https:\/\/haremerotikshop.com\/site\/wp-json\/wp\/v2\/types\/product"}],"replies":[{"embeddable":true,"href":"https:\/\/haremerotikshop.com\/site\/wp-json\/wp\/v2\/comments?post=19279"}],"version-history":[{"count":0,"href":"https:\/\/haremerotikshop.com\/site\/wp-json\/wp\/v2\/product\/19279\/revisions"}],"wp:featuredmedia":[{"embeddable":true,"href":"https:\/\/haremerotikshop.com\/site\/wp-json\/wp\/v2\/media\/19350"}],"wp:attachment":[{"href":"https:\/\/haremerotikshop.com\/site\/wp-json\/wp\/v2\/media?parent=19279"}],"wp:term":[{"taxonomy":"product_brand","embeddable":true,"href":"https:\/\/haremerotikshop.com\/site\/wp-json\/wp\/v2\/product_brand?post=19279"},{"taxonomy":"product_cat","embeddable":true,"href":"https:\/\/haremerotikshop.com\/site\/wp-json\/wp\/v2\/product_cat?post=19279"},{"taxonomy":"product_tag","embeddable":true,"href":"https:\/\/haremerotikshop.com\/site\/wp-json\/wp\/v2\/product_tag?post=19279"}],"curies":[{"name":"wp","href":"https:\/\/api.w.org\/{rel}","templated":true}]}}