{"id":19299,"date":"2025-03-17T12:31:28","date_gmt":"2025-03-17T09:31:28","guid":{"rendered":"https:\/\/haremerotikshop.com\/site\/?post_type=product&#038;p=19299"},"modified":"2026-01-26T16:07:56","modified_gmt":"2026-01-26T13:07:56","slug":"vajina-kalca-gogus-masturbator","status":"publish","type":"product","link":"https:\/\/haremerotikshop.com\/site\/erotik-shop-urun\/vajina-kalca-gogus-masturbator\/","title":{"rendered":"Vajina Kal\u00e7a G\u00f6\u011f\u00fcs Mast\u00fcrbat\u00f6r"},"content":{"rendered":"<h3 data-start=\"64\" data-end=\"144\"><strong data-start=\"68\" data-end=\"144\">Vajina Anal G\u00f6\u011f\u00fcs Mast\u00fcrbat\u00f6r: \u00c7ok Y\u00f6nl\u00fc Cinsel Deneyim \u0130\u00e7in \u0130deal Se\u00e7im<\/strong><\/h3>\n<p data-start=\"146\" data-end=\"566\"><strong data-start=\"146\" data-end=\"179\">Vajina Anal G\u00f6\u011f\u00fcs Mast\u00fcrbat\u00f6r<\/strong>, \u00e7oklu uyar\u0131m se\u00e7enekleri ile zenginle\u015ftirilmi\u015f <strong data-start=\"228\" data-end=\"253\">\u00e7ok y\u00f6nl\u00fc bir deneyim<\/strong> sunar. Hem <strong data-start=\"265\" data-end=\"291\">g\u00f6rsel hem de dokunsal<\/strong> a\u00e7\u0131dan ger\u00e7ek\u00e7i detaylarla tasarlanm\u0131\u015f olan bu \u00fcr\u00fcn, <strong data-start=\"345\" data-end=\"364\">yumu\u015fak malzeme<\/strong> yap\u0131s\u0131 ile konforu ve kaliteyi bir arada sunar. <strong data-start=\"413\" data-end=\"423\">Vajina<\/strong>, <strong data-start=\"425\" data-end=\"433\">anal<\/strong> ve <strong data-start=\"437\" data-end=\"446\">g\u00f6\u011f\u00fcs<\/strong> giri\u015fleri sayesinde cinsel deneyiminizi \u00e7e\u015fitlendirebilir, her kullan\u0131mda farkl\u0131 bir tatmin duygusu elde edebilirsiniz.<\/p>\n<h3 data-start=\"568\" data-end=\"597\"><strong data-start=\"572\" data-end=\"597\">\u00d6ne \u00c7\u0131kan \u00d6zellikler:<\/strong><\/h3>\n<h4 data-start=\"599\" data-end=\"632\"><strong data-start=\"604\" data-end=\"632\">\u00c7oklu Uyar\u0131m Se\u00e7enekleri<\/strong><\/h4>\n<ul data-start=\"633\" data-end=\"1055\">\n<li data-start=\"633\" data-end=\"776\"><strong data-start=\"635\" data-end=\"652\">Vajina Deli\u011fi<\/strong>: <strong data-start=\"654\" data-end=\"677\">Ger\u00e7ek\u00e7i ve yumu\u015fak<\/strong> tasar\u0131m\u0131 sayesinde olduk\u00e7a <strong data-start=\"705\" data-end=\"722\">do\u011fal bir his<\/strong> sa\u011flar. Her dokunu\u015fta maksimum keyif alman\u0131z\u0131 sa\u011flar.<\/li>\n<li data-start=\"777\" data-end=\"902\"><strong data-start=\"779\" data-end=\"794\">Anal Deli\u011fi<\/strong>: <strong data-start=\"796\" data-end=\"818\">Dar ve s\u0131k\u0131 yap\u0131s\u0131<\/strong>, farkl\u0131 bir uyar\u0131m alternatifi sunarak kullan\u0131c\u0131lara <strong data-start=\"872\" data-end=\"893\">\u00f6zg\u00fcn bir deneyim<\/strong> ya\u015fat\u0131r.<\/li>\n<li data-start=\"903\" data-end=\"1055\"><strong data-start=\"905\" data-end=\"920\">G\u00f6\u011f\u00fcs K\u0131sm\u0131<\/strong>: G\u00f6\u011f\u00fcs detay\u0131, \u00fcr\u00fcn\u00fc hem <strong data-start=\"946\" data-end=\"956\">g\u00f6rsel<\/strong> hem de <strong data-start=\"964\" data-end=\"976\">dokunsal<\/strong> a\u00e7\u0131dan zenginle\u015ftirir. Ekstra uyar\u0131m sa\u011flayarak, daha derin bir deneyim sunar.<\/li>\n<\/ul>\n<h4 data-start=\"1057\" data-end=\"1084\"><strong data-start=\"1062\" data-end=\"1084\">Boyutlar &amp; A\u011f\u0131rl\u0131k<\/strong><\/h4>\n<ul data-start=\"1085\" data-end=\"1318\">\n<li data-start=\"1085\" data-end=\"1105\"><strong data-start=\"1087\" data-end=\"1099\">Uzunluk:<\/strong> 17 cm<\/li>\n<li data-start=\"1106\" data-end=\"1127\"><strong data-start=\"1108\" data-end=\"1121\">Geni\u015flik:<\/strong> 12 cm<\/li>\n<li data-start=\"1128\" data-end=\"1149\"><strong data-start=\"1130\" data-end=\"1142\">A\u011f\u0131rl\u0131k:<\/strong> 300 gr<\/li>\n<li data-start=\"1150\" data-end=\"1318\">Bu boyutlar, <strong data-start=\"1165\" data-end=\"1183\">ta\u015f\u0131nabilirlik<\/strong> ve <strong data-start=\"1187\" data-end=\"1205\">kolay kullan\u0131m<\/strong> sa\u011flayan ideal \u00f6l\u00e7\u00fclerdir. \u00dcr\u00fcn, hem kullan\u0131m s\u0131ras\u0131nda rahatl\u0131k sunar hem de saklama a\u00e7\u0131s\u0131ndan kolayl\u0131k sa\u011flar.<\/li>\n<\/ul>\n<h4 data-start=\"1320\" data-end=\"1356\"><strong data-start=\"1325\" data-end=\"1356\">Yumu\u015fak, Cilt Dostu Malzeme<\/strong><\/h4>\n<ul data-start=\"1357\" data-end=\"1641\">\n<li data-start=\"1357\" data-end=\"1641\">\u00dcr\u00fcn, <strong data-start=\"1365\" data-end=\"1385\">ger\u00e7ek\u00e7i bir his<\/strong> elde etmek i\u00e7in \u00f6zel olarak se\u00e7ilmi\u015f kaliteli <strong data-start=\"1432\" data-end=\"1454\">cilt dostu silikon<\/strong> malzeme ile \u00fcretilmi\u015ftir. <strong data-start=\"1481\" data-end=\"1492\">Yumu\u015fak<\/strong> yap\u0131s\u0131, <strong data-start=\"1501\" data-end=\"1520\">maksimum konfor<\/strong> sunar, ayn\u0131 zamanda cilde zarar vermeden g\u00fcvenle kullan\u0131labilir. <strong data-start=\"1586\" data-end=\"1603\">Hipoalerjenik<\/strong> malzeme, sa\u011fl\u0131\u011f\u0131n\u0131z\u0131 \u00f6n planda tutar.<\/li>\n<\/ul>\n<h3 data-start=\"1643\" data-end=\"1706\"><strong data-start=\"1647\" data-end=\"1706\">Neden Vajina Anal G\u00f6\u011f\u00fcs Mast\u00fcrbat\u00f6r Tercih Etmelisiniz?<\/strong><\/h3>\n<ul data-start=\"1707\" data-end=\"2486\">\n<li data-start=\"1707\" data-end=\"1916\"><strong data-start=\"1709\" data-end=\"1730\">\u00c7ok Y\u00f6nl\u00fc Uyar\u0131m:<\/strong> Farkl\u0131 giri\u015f se\u00e7enekleri sayesinde, birden fazla <strong data-start=\"1780\" data-end=\"1790\">uyar\u0131m<\/strong> se\u00e7ene\u011fini tek bir \u00fcr\u00fcnde deneyimleyebilirsiniz. Vajina, anal ve g\u00f6\u011f\u00fcs detaylar\u0131 ile <strong data-start=\"1876\" data-end=\"1909\">zenginle\u015ftirilmi\u015f bir deneyim<\/strong> sunar.<\/li>\n<li data-start=\"1917\" data-end=\"2110\"><strong data-start=\"1919\" data-end=\"1952\">Ger\u00e7ek\u00e7i ve Konforlu Deneyim:<\/strong> \u00dcr\u00fcn, <strong data-start=\"1959\" data-end=\"1971\">ger\u00e7ek\u00e7i<\/strong> ve <strong data-start=\"1975\" data-end=\"1994\">yumu\u015fak malzeme<\/strong> kullan\u0131m\u0131yla do\u011fal bir his sa\u011flar. Cilt dostu ve sa\u011fl\u0131kl\u0131 malzemesi, uzun s\u00fcreli ve konforlu kullan\u0131m imkan\u0131 sunar.<\/li>\n<li data-start=\"2111\" data-end=\"2297\"><strong data-start=\"2113\" data-end=\"2138\">Ta\u015f\u0131nabilir Boyutlar:<\/strong> <strong data-start=\"2139\" data-end=\"2156\">17 cm uzunluk<\/strong> ve <strong data-start=\"2160\" data-end=\"2178\">12 cm geni\u015flik<\/strong>, \u00fcr\u00fcn\u00fc olduk\u00e7a <strong data-start=\"2194\" data-end=\"2209\">ta\u015f\u0131nabilir<\/strong> ve <strong data-start=\"2213\" data-end=\"2235\">kolay saklanabilir<\/strong> k\u0131lar. Hafif yap\u0131s\u0131 ile her t\u00fcrl\u00fc kullan\u0131mda rahatl\u0131k sa\u011flar.<\/li>\n<li data-start=\"2298\" data-end=\"2486\"><strong data-start=\"2300\" data-end=\"2319\">Kolay Temizlik:<\/strong> \u00dcr\u00fcn\u00fcn p\u00fcr\u00fczs\u00fcz y\u00fczeyi sayesinde temizlik i\u015flemi olduk\u00e7a kolayd\u0131r. Sadece \u0131l\u0131k su ve uygun temizlik sol\u00fcsyonlar\u0131yla <strong data-start=\"2436\" data-end=\"2461\">hijyenik bir temizlik<\/strong> ger\u00e7ekle\u015ftirebilirsiniz.<\/li>\n<\/ul>\n<h3 data-start=\"2488\" data-end=\"2559\"><strong data-start=\"2492\" data-end=\"2559\">Vajina Anal G\u00f6\u011f\u00fcs Mast\u00fcrbat\u00f6r \u0130le Zenginle\u015ftirilmi\u015f Bir Deneyim<\/strong><\/h3>\n<p data-start=\"2560\" data-end=\"3026\"><strong data-start=\"2560\" data-end=\"2593\">Vajina Anal G\u00f6\u011f\u00fcs Mast\u00fcrbat\u00f6r<\/strong>, \u00e7oklu uyar\u0131m se\u00e7enekleri, <strong data-start=\"2621\" data-end=\"2640\">ger\u00e7ek\u00e7i dokusu<\/strong> ve <strong data-start=\"2644\" data-end=\"2673\">y\u00fcksek kaliteli malzemesi<\/strong> ile cinsel deneyiminizi tamamen <strong data-start=\"2706\" data-end=\"2726\">zenginle\u015ftirecek<\/strong> bir \u00fcr\u00fcnd\u00fcr. <strong data-start=\"2740\" data-end=\"2759\">G\u00f6rsel detaylar<\/strong>, <strong data-start=\"2761\" data-end=\"2792\">\u00e7ok y\u00f6nl\u00fc giri\u015f se\u00e7enekleri<\/strong> ve <strong data-start=\"2796\" data-end=\"2815\">yumu\u015fak malzeme<\/strong> kullan\u0131m\u0131 sayesinde her kullan\u0131mda size farkl\u0131 bir tatmin duygusu sa\u011flar. E\u011fer cinsel deneyiminizi \u00e7e\u015fitlendirmek ve daha <strong data-start=\"2938\" data-end=\"2954\">tatmin edici<\/strong> bir hale getirmek istiyorsan\u0131z, bu \u00fcr\u00fcn <strong data-start=\"2995\" data-end=\"3004\">ideal<\/strong> bir tercih olacakt\u0131r.<\/p>\n","protected":false},"excerpt":{"rendered":"<p><strong data-start=\"146\" data-end=\"179\">Vajina Anal G\u00f6\u011f\u00fcs Mast\u00fcrbat\u00f6r<\/strong>, \u00e7oklu uyar\u0131m se\u00e7enekleri ile zenginle\u015ftirilmi\u015f <strong data-start=\"228\" data-end=\"253\">\u00e7ok y\u00f6nl\u00fc bir deneyim<\/strong> sunar. Hem <strong data-start=\"265\" data-end=\"291\">g\u00f6rsel hem de dokunsal<\/strong> a\u00e7\u0131dan ger\u00e7ek\u00e7i detaylarla tasarlanm\u0131\u015f olan bu \u00fcr\u00fcn, <strong data-start=\"345\" data-end=\"364\">yumu\u015fak malzeme<\/strong> yap\u0131s\u0131 ile konforu ve kaliteyi bir arada sunar. <strong data-start=\"413\" data-end=\"423\">Vajina<\/strong>, <strong data-start=\"425\" data-end=\"433\">anal<\/strong> ve <strong data-start=\"437\" data-end=\"446\">g\u00f6\u011f\u00fcs<\/strong> giri\u015fleri sayesinde cinsel deneyiminizi \u00e7e\u015fitlendirebilir, her kullan\u0131mda farkl\u0131 bir tatmin duygusu elde edebilirsiniz.<\/p>\n","protected":false},"featured_media":19375,"comment_status":"open","ping_status":"closed","template":"","meta":[],"product_brand":[127],"product_cat":[119],"product_tag":[311],"class_list":{"0":"post-19299","1":"product","2":"type-product","3":"status-publish","4":"has-post-thumbnail","6":"product_brand-pembe-tilki","7":"product_cat-realistik-vajinalar-vajina-masturbator","8":"product_tag-vajina-kalca-gogus-masturbator","10":"first","11":"outofstock","12":"taxable","13":"shipping-taxable","14":"purchasable","15":"product-type-simple"},"yoast_head":"<!-- This site is optimized with the Yoast SEO Premium plugin v24.4 (Yoast SEO v27.1.1) - https:\/\/yoast.com\/product\/yoast-seo-premium-wordpress\/ -->\n<title>Vajina Kal\u00e7a G\u00f6\u011f\u00fcs Mast\u00fcrbat\u00f6r - Bursa Erotik Shop<\/title>\n<meta name=\"robots\" content=\"index, follow, max-snippet:-1, max-image-preview:large, max-video-preview:-1\" \/>\n<link rel=\"canonical\" href=\"https:\/\/hobierotikshop.com.tr\/website1\/erotik-shop-urun\/vajina-kalca-gogus-masturbator\/\" \/>\n<meta property=\"og:locale\" content=\"tr_TR\" \/>\n<meta property=\"og:type\" content=\"article\" \/>\n<meta property=\"og:title\" content=\"Vajina Kal\u00e7a G\u00f6\u011f\u00fcs Mast\u00fcrbat\u00f6r\" \/>\n<meta property=\"og:description\" content=\"Vajina Anal G\u00f6\u011f\u00fcs Mast\u00fcrbat\u00f6r, \u00e7oklu uyar\u0131m se\u00e7enekleri ile zenginle\u015ftirilmi\u015f \u00e7ok y\u00f6nl\u00fc bir deneyim sunar. Hem g\u00f6rsel hem de dokunsal a\u00e7\u0131dan ger\u00e7ek\u00e7i detaylarla tasarlanm\u0131\u015f olan bu \u00fcr\u00fcn, yumu\u015fak malzeme yap\u0131s\u0131 ile konforu ve kaliteyi bir arada sunar. Vajina, anal ve g\u00f6\u011f\u00fcs giri\u015fleri sayesinde cinsel deneyiminizi \u00e7e\u015fitlendirebilir, her kullan\u0131mda farkl\u0131 bir tatmin duygusu elde edebilirsiniz.\" \/>\n<meta property=\"og:url\" content=\"https:\/\/hobierotikshop.com.tr\/website1\/erotik-shop-urun\/vajina-kalca-gogus-masturbator\/\" \/>\n<meta property=\"og:site_name\" content=\"Bursa Erotik Shop\" \/>\n<meta property=\"article:modified_time\" content=\"2026-01-26T13:07:56+00:00\" \/>\n<meta property=\"og:image\" content=\"https:\/\/hobierotikshop.com.tr\/website1\/wp-content\/uploads\/2025\/03\/vajina-kalca-gogus-masturbator-2136.jpg\" \/>\n\t<meta property=\"og:image:width\" content=\"1500\" \/>\n\t<meta property=\"og:image:height\" content=\"1500\" \/>\n\t<meta property=\"og:image:type\" content=\"image\/jpeg\" \/>\n<meta name=\"twitter:card\" content=\"summary_large_image\" \/>\n<meta name=\"twitter:site\" content=\"@shopbursa\" \/>\n<meta name=\"twitter:label1\" content=\"Fiyat\" \/>\n\t<meta name=\"twitter:data1\" content=\"&#8378;900,00 KDV DAH\u0130L\" \/>\n\t<meta name=\"twitter:label2\" content=\"Availability\" \/>\n\t<meta name=\"twitter:data2\" content=\"Out of stock\" \/>\n<script type=\"application\/ld+json\" class=\"yoast-schema-graph\">{\"@context\":\"https:\/\/schema.org\",\"@graph\":[{\"@type\":\"WebPage\",\"@id\":\"https:\/\/hobierotikshop.com.tr\/website1\/erotik-shop-urun\/vajina-kalca-gogus-masturbator\/\",\"url\":\"https:\/\/hobierotikshop.com.tr\/website1\/erotik-shop-urun\/vajina-kalca-gogus-masturbator\/\",\"name\":\"Vajina Kal\u00e7a G\u00f6\u011f\u00fcs Mast\u00fcrbat\u00f6r - Bursa Erotik Shop\",\"isPartOf\":{\"@id\":\"https:\/\/hobierotikshop.com.tr\/website1\/#website\"},\"primaryImageOfPage\":{\"@id\":\"https:\/\/hobierotikshop.com.tr\/website1\/erotik-shop-urun\/vajina-kalca-gogus-masturbator\/#primaryimage\"},\"image\":{\"@id\":\"https:\/\/hobierotikshop.com.tr\/website1\/erotik-shop-urun\/vajina-kalca-gogus-masturbator\/#primaryimage\"},\"thumbnailUrl\":\"https:\/\/haremerotikshop.com\/site\/wp-content\/uploads\/2025\/03\/vajina-kalca-gogus-masturbator-2136.jpg\",\"datePublished\":\"2025-03-17T09:31:28+00:00\",\"dateModified\":\"2026-01-26T13:07:56+00:00\",\"breadcrumb\":{\"@id\":\"https:\/\/hobierotikshop.com.tr\/website1\/erotik-shop-urun\/vajina-kalca-gogus-masturbator\/#breadcrumb\"},\"inLanguage\":\"tr\",\"potentialAction\":[{\"@type\":\"ReadAction\",\"target\":[\"https:\/\/hobierotikshop.com.tr\/website1\/erotik-shop-urun\/vajina-kalca-gogus-masturbator\/\"]}]},{\"@type\":\"ImageObject\",\"inLanguage\":\"tr\",\"@id\":\"https:\/\/hobierotikshop.com.tr\/website1\/erotik-shop-urun\/vajina-kalca-gogus-masturbator\/#primaryimage\",\"url\":\"https:\/\/haremerotikshop.com\/site\/wp-content\/uploads\/2025\/03\/vajina-kalca-gogus-masturbator-2136.jpg\",\"contentUrl\":\"https:\/\/haremerotikshop.com\/site\/wp-content\/uploads\/2025\/03\/vajina-kalca-gogus-masturbator-2136.jpg\",\"width\":1500,\"height\":1500},{\"@type\":\"BreadcrumbList\",\"@id\":\"https:\/\/hobierotikshop.com.tr\/website1\/erotik-shop-urun\/vajina-kalca-gogus-masturbator\/#breadcrumb\",\"itemListElement\":[{\"@type\":\"ListItem\",\"position\":1,\"name\":\"Anasayfa\",\"item\":\"https:\/\/hobierotikshop.com.tr\/website1\/\"},{\"@type\":\"ListItem\",\"position\":2,\"name\":\"Erotik Shop \u00dcr\u00fcnleri\",\"item\":\"https:\/\/hobierotikshop.com.tr\/website1\/shop\/\"},{\"@type\":\"ListItem\",\"position\":3,\"name\":\"Vajina Kal\u00e7a G\u00f6\u011f\u00fcs Mast\u00fcrbat\u00f6r\"}]},{\"@type\":\"WebSite\",\"@id\":\"https:\/\/hobierotikshop.com.tr\/website1\/#website\",\"url\":\"https:\/\/hobierotikshop.com.tr\/website1\/\",\"name\":\"Bursa Erotik Shop\",\"description\":\"Bursa Erotik Shop ile g\u00fcvenli, gizli ve kaliteli yeti\u015fkin \u00fcr\u00fcnleri al\u0131\u015fveri\u015fi! Geni\u015f \u00fcr\u00fcn yelpazemizi ke\u015ffedin, hemen sipari\u015f verin\",\"publisher\":{\"@id\":\"https:\/\/hobierotikshop.com.tr\/website1\/#organization\"},\"alternateName\":\"Erotik Shop\",\"potentialAction\":[{\"@type\":\"SearchAction\",\"target\":{\"@type\":\"EntryPoint\",\"urlTemplate\":\"https:\/\/hobierotikshop.com.tr\/website1\/?s={search_term_string}\"},\"query-input\":{\"@type\":\"PropertyValueSpecification\",\"valueRequired\":true,\"valueName\":\"search_term_string\"}}],\"inLanguage\":\"tr\"},{\"@type\":\"Organization\",\"@id\":\"https:\/\/hobierotikshop.com.tr\/website1\/#organization\",\"name\":\"Harem Bursa Erotik Shop\",\"url\":\"https:\/\/hobierotikshop.com.tr\/website1\/\",\"logo\":{\"@type\":\"ImageObject\",\"inLanguage\":\"tr\",\"@id\":\"https:\/\/hobierotikshop.com.tr\/website1\/#\/schema\/logo\/image\/\",\"url\":\"https:\/\/haremerotikshop.com\/site\/wp-content\/uploads\/2025\/03\/haremsexshop.png\",\"contentUrl\":\"https:\/\/haremerotikshop.com\/site\/wp-content\/uploads\/2025\/03\/haremsexshop.png\",\"width\":400,\"height\":100,\"caption\":\"Harem Bursa Erotik Shop\"},\"image\":{\"@id\":\"https:\/\/hobierotikshop.com.tr\/website1\/#\/schema\/logo\/image\/\"},\"sameAs\":[\"https:\/\/x.com\/shopbursa\"],\"publishingPrinciples\":\"https:\/\/hobierotikshop.com.tr\/website1\/mesafeli-satis-sozlesmesi\/\",\"ownershipFundingInfo\":\"https:\/\/hobierotikshop.com.tr\/website1\/contact-us\/\",\"actionableFeedbackPolicy\":\"https:\/\/hobierotikshop.com.tr\/website1\/contact-us\/\",\"correctionsPolicy\":\"https:\/\/hobierotikshop.com.tr\/website1\/mesafeli-satis-sozlesmesi\/\"}]}<\/script>\n<meta property=\"product:brand\" content=\"Pembe Tilki\" \/>\n<meta property=\"product:price:amount\" content=\"900.00\" \/>\n<meta property=\"product:price:currency\" content=\"TRY\" \/>\n<meta property=\"og:availability\" content=\"out of stock\" \/>\n<meta property=\"product:availability\" content=\"out of stock\" \/>\n<meta property=\"product:retailer_item_id\" content=\"PT-VMXS103\" \/>\n<meta property=\"product:condition\" content=\"new\" \/>\n<!-- \/ Yoast SEO Premium plugin. -->","yoast_head_json":{"title":"Vajina Kal\u00e7a G\u00f6\u011f\u00fcs Mast\u00fcrbat\u00f6r - Bursa Erotik Shop","robots":{"index":"index","follow":"follow","max-snippet":"max-snippet:-1","max-image-preview":"max-image-preview:large","max-video-preview":"max-video-preview:-1"},"canonical":"https:\/\/hobierotikshop.com.tr\/website1\/erotik-shop-urun\/vajina-kalca-gogus-masturbator\/","og_locale":"tr_TR","og_type":"article","og_title":"Vajina Kal\u00e7a G\u00f6\u011f\u00fcs Mast\u00fcrbat\u00f6r","og_description":"Vajina Anal G\u00f6\u011f\u00fcs Mast\u00fcrbat\u00f6r, \u00e7oklu uyar\u0131m se\u00e7enekleri ile zenginle\u015ftirilmi\u015f \u00e7ok y\u00f6nl\u00fc bir deneyim sunar. Hem g\u00f6rsel hem de dokunsal a\u00e7\u0131dan ger\u00e7ek\u00e7i detaylarla tasarlanm\u0131\u015f olan bu \u00fcr\u00fcn, yumu\u015fak malzeme yap\u0131s\u0131 ile konforu ve kaliteyi bir arada sunar. Vajina, anal ve g\u00f6\u011f\u00fcs giri\u015fleri sayesinde cinsel deneyiminizi \u00e7e\u015fitlendirebilir, her kullan\u0131mda farkl\u0131 bir tatmin duygusu elde edebilirsiniz.","og_url":"https:\/\/hobierotikshop.com.tr\/website1\/erotik-shop-urun\/vajina-kalca-gogus-masturbator\/","og_site_name":"Bursa Erotik Shop","article_modified_time":"2026-01-26T13:07:56+00:00","og_image":[{"width":1500,"height":1500,"url":"https:\/\/hobierotikshop.com.tr\/website1\/wp-content\/uploads\/2025\/03\/vajina-kalca-gogus-masturbator-2136.jpg","type":"image\/jpeg"}],"twitter_card":"summary_large_image","twitter_site":"@shopbursa","twitter_misc":{"Fiyat":"&#8378;900,00 KDV DAH\u0130L","Availability":"Out of stock"},"schema":{"@context":"https:\/\/schema.org","@graph":[{"@type":"WebPage","@id":"https:\/\/hobierotikshop.com.tr\/website1\/erotik-shop-urun\/vajina-kalca-gogus-masturbator\/","url":"https:\/\/hobierotikshop.com.tr\/website1\/erotik-shop-urun\/vajina-kalca-gogus-masturbator\/","name":"Vajina Kal\u00e7a G\u00f6\u011f\u00fcs Mast\u00fcrbat\u00f6r - Bursa Erotik Shop","isPartOf":{"@id":"https:\/\/hobierotikshop.com.tr\/website1\/#website"},"primaryImageOfPage":{"@id":"https:\/\/hobierotikshop.com.tr\/website1\/erotik-shop-urun\/vajina-kalca-gogus-masturbator\/#primaryimage"},"image":{"@id":"https:\/\/hobierotikshop.com.tr\/website1\/erotik-shop-urun\/vajina-kalca-gogus-masturbator\/#primaryimage"},"thumbnailUrl":"https:\/\/haremerotikshop.com\/site\/wp-content\/uploads\/2025\/03\/vajina-kalca-gogus-masturbator-2136.jpg","datePublished":"2025-03-17T09:31:28+00:00","dateModified":"2026-01-26T13:07:56+00:00","breadcrumb":{"@id":"https:\/\/hobierotikshop.com.tr\/website1\/erotik-shop-urun\/vajina-kalca-gogus-masturbator\/#breadcrumb"},"inLanguage":"tr","potentialAction":[{"@type":"ReadAction","target":["https:\/\/hobierotikshop.com.tr\/website1\/erotik-shop-urun\/vajina-kalca-gogus-masturbator\/"]}]},{"@type":"ImageObject","inLanguage":"tr","@id":"https:\/\/hobierotikshop.com.tr\/website1\/erotik-shop-urun\/vajina-kalca-gogus-masturbator\/#primaryimage","url":"https:\/\/haremerotikshop.com\/site\/wp-content\/uploads\/2025\/03\/vajina-kalca-gogus-masturbator-2136.jpg","contentUrl":"https:\/\/haremerotikshop.com\/site\/wp-content\/uploads\/2025\/03\/vajina-kalca-gogus-masturbator-2136.jpg","width":1500,"height":1500},{"@type":"BreadcrumbList","@id":"https:\/\/hobierotikshop.com.tr\/website1\/erotik-shop-urun\/vajina-kalca-gogus-masturbator\/#breadcrumb","itemListElement":[{"@type":"ListItem","position":1,"name":"Anasayfa","item":"https:\/\/hobierotikshop.com.tr\/website1\/"},{"@type":"ListItem","position":2,"name":"Erotik Shop \u00dcr\u00fcnleri","item":"https:\/\/hobierotikshop.com.tr\/website1\/shop\/"},{"@type":"ListItem","position":3,"name":"Vajina Kal\u00e7a G\u00f6\u011f\u00fcs Mast\u00fcrbat\u00f6r"}]},{"@type":"WebSite","@id":"https:\/\/hobierotikshop.com.tr\/website1\/#website","url":"https:\/\/hobierotikshop.com.tr\/website1\/","name":"Bursa Erotik Shop","description":"Bursa Erotik Shop ile g\u00fcvenli, gizli ve kaliteli yeti\u015fkin \u00fcr\u00fcnleri al\u0131\u015fveri\u015fi! Geni\u015f \u00fcr\u00fcn yelpazemizi ke\u015ffedin, hemen sipari\u015f verin","publisher":{"@id":"https:\/\/hobierotikshop.com.tr\/website1\/#organization"},"alternateName":"Erotik Shop","potentialAction":[{"@type":"SearchAction","target":{"@type":"EntryPoint","urlTemplate":"https:\/\/hobierotikshop.com.tr\/website1\/?s={search_term_string}"},"query-input":{"@type":"PropertyValueSpecification","valueRequired":true,"valueName":"search_term_string"}}],"inLanguage":"tr"},{"@type":"Organization","@id":"https:\/\/hobierotikshop.com.tr\/website1\/#organization","name":"Harem Bursa Erotik Shop","url":"https:\/\/hobierotikshop.com.tr\/website1\/","logo":{"@type":"ImageObject","inLanguage":"tr","@id":"https:\/\/hobierotikshop.com.tr\/website1\/#\/schema\/logo\/image\/","url":"https:\/\/haremerotikshop.com\/site\/wp-content\/uploads\/2025\/03\/haremsexshop.png","contentUrl":"https:\/\/haremerotikshop.com\/site\/wp-content\/uploads\/2025\/03\/haremsexshop.png","width":400,"height":100,"caption":"Harem Bursa Erotik Shop"},"image":{"@id":"https:\/\/hobierotikshop.com.tr\/website1\/#\/schema\/logo\/image\/"},"sameAs":["https:\/\/x.com\/shopbursa"],"publishingPrinciples":"https:\/\/hobierotikshop.com.tr\/website1\/mesafeli-satis-sozlesmesi\/","ownershipFundingInfo":"https:\/\/hobierotikshop.com.tr\/website1\/contact-us\/","actionableFeedbackPolicy":"https:\/\/hobierotikshop.com.tr\/website1\/contact-us\/","correctionsPolicy":"https:\/\/hobierotikshop.com.tr\/website1\/mesafeli-satis-sozlesmesi\/"}]},"product_brand":"Pembe Tilki","product_price_amount":"900.00","product_price_currency":"TRY","og_availability":"out of stock","product_availability":"out of stock","product_retailer_item_id":"PT-VMXS103","product_condition":"new"},"_links":{"self":[{"href":"https:\/\/haremerotikshop.com\/site\/wp-json\/wp\/v2\/product\/19299","targetHints":{"allow":["GET"]}}],"collection":[{"href":"https:\/\/haremerotikshop.com\/site\/wp-json\/wp\/v2\/product"}],"about":[{"href":"https:\/\/haremerotikshop.com\/site\/wp-json\/wp\/v2\/types\/product"}],"replies":[{"embeddable":true,"href":"https:\/\/haremerotikshop.com\/site\/wp-json\/wp\/v2\/comments?post=19299"}],"version-history":[{"count":0,"href":"https:\/\/haremerotikshop.com\/site\/wp-json\/wp\/v2\/product\/19299\/revisions"}],"wp:featuredmedia":[{"embeddable":true,"href":"https:\/\/haremerotikshop.com\/site\/wp-json\/wp\/v2\/media\/19375"}],"wp:attachment":[{"href":"https:\/\/haremerotikshop.com\/site\/wp-json\/wp\/v2\/media?parent=19299"}],"wp:term":[{"taxonomy":"product_brand","embeddable":true,"href":"https:\/\/haremerotikshop.com\/site\/wp-json\/wp\/v2\/product_brand?post=19299"},{"taxonomy":"product_cat","embeddable":true,"href":"https:\/\/haremerotikshop.com\/site\/wp-json\/wp\/v2\/product_cat?post=19299"},{"taxonomy":"product_tag","embeddable":true,"href":"https:\/\/haremerotikshop.com\/site\/wp-json\/wp\/v2\/product_tag?post=19299"}],"curies":[{"name":"wp","href":"https:\/\/api.w.org\/{rel}","templated":true}]}}