{"id":19300,"date":"2025-03-17T12:31:28","date_gmt":"2025-03-17T09:31:28","guid":{"rendered":"https:\/\/haremerotikshop.com\/site\/?post_type=product&#038;p=19300"},"modified":"2026-01-26T16:08:24","modified_gmt":"2026-01-26T13:08:24","slug":"kalca-masturbator-55-kg","status":"publish","type":"product","link":"https:\/\/haremerotikshop.com\/site\/erotik-shop-urun\/kalca-masturbator-55-kg\/","title":{"rendered":"Kal\u00e7a Mast\u00fcrbat\u00f6r 5,5 Kg"},"content":{"rendered":"<h3 data-start=\"68\" data-end=\"146\"><strong data-start=\"72\" data-end=\"146\">Ger\u00e7ek\u00e7i Kal\u00e7a Mast\u00fcrbat\u00f6r \u2013 5,5 kg: Ger\u00e7ek\u00e7i Deneyim \u0130\u00e7in \u0130deal Se\u00e7im<\/strong><\/h3>\n<p data-start=\"148\" data-end=\"618\"><strong data-start=\"148\" data-end=\"187\">Ger\u00e7ek\u00e7i Kal\u00e7a Mast\u00fcrbat\u00f6r \u2013 5,5 kg<\/strong>, cinsel deneyimlerinizi daha tatmin edici ve ger\u00e7ek\u00e7i hale getirmek i\u00e7in tasarlanm\u0131\u015f bir \u00fcr\u00fcnd\u00fcr. <strong data-start=\"286\" data-end=\"337\">Anatomik olarak detayland\u0131r\u0131lm\u0131\u015f kal\u00e7a tasar\u0131m\u0131<\/strong> ve <strong data-start=\"341\" data-end=\"364\">5,5 kg\u2019l\u0131k a\u011f\u0131rl\u0131\u011f\u0131<\/strong> ile, her kullan\u0131mda sabit ve do\u011fal bir deneyim sunar. Y\u00fcksek kaliteli <strong data-start=\"435\" data-end=\"457\">cilt dostu malzeme<\/strong> kullan\u0131m\u0131 sayesinde, \u00fcr\u00fcn konforlu ve g\u00fcvenli bir kullan\u0131m sa\u011flar. Ger\u00e7ek\u00e7i dokunu\u015f hissi, \u00f6zel anlar\u0131n\u0131z\u0131 daha zevkli hale getirmek i\u00e7in m\u00fckemmel bir se\u00e7imdir.<\/p>\n<h3 data-start=\"620\" data-end=\"649\"><strong data-start=\"624\" data-end=\"649\">\u00d6ne \u00c7\u0131kan \u00d6zellikler:<\/strong><\/h3>\n<h4 data-start=\"651\" data-end=\"675\"><strong data-start=\"656\" data-end=\"675\">5,5 kg A\u011f\u0131rl\u0131k:<\/strong><\/h4>\n<ul data-start=\"676\" data-end=\"1016\">\n<li data-start=\"676\" data-end=\"875\"><strong data-start=\"678\" data-end=\"700\">Denge ve Sabitlik:<\/strong> 5,5 kg\u2019l\u0131k a\u011f\u0131rl\u0131\u011f\u0131, \u00fcr\u00fcn\u00fcn yerinde sabit kalmas\u0131n\u0131 sa\u011flar ve <strong data-start=\"763\" data-end=\"775\">ger\u00e7ek\u00e7i<\/strong> bir deneyim sunar. A\u011f\u0131rl\u0131k merkezi, kullan\u0131m s\u0131ras\u0131nda daha fazla <strong data-start=\"842\" data-end=\"852\">konfor<\/strong> ve <strong data-start=\"856\" data-end=\"867\">kontrol<\/strong> sa\u011flar.<\/li>\n<li data-start=\"876\" data-end=\"1016\"><strong data-start=\"878\" data-end=\"895\">Ger\u00e7ek\u00e7i His:<\/strong> Bu a\u011f\u0131rl\u0131k, do\u011fal bir his yarat\u0131r ve her pozisyonda sabit kal\u0131r, b\u00f6ylece <strong data-start=\"969\" data-end=\"981\">ger\u00e7ek\u00e7i<\/strong> bir cinsel deneyim elde edersiniz.<\/li>\n<\/ul>\n<h4 data-start=\"1018\" data-end=\"1052\"><strong data-start=\"1023\" data-end=\"1052\">Realistik Kal\u00e7a Tasar\u0131m\u0131:<\/strong><\/h4>\n<ul data-start=\"1053\" data-end=\"1387\">\n<li data-start=\"1053\" data-end=\"1263\"><strong data-start=\"1055\" data-end=\"1084\">Detayl\u0131 Anatomik Tasar\u0131m:<\/strong> Kal\u00e7a formu, <strong data-start=\"1098\" data-end=\"1120\">g\u00f6rsel ve dokunsal<\/strong> olarak do\u011fal bir his sa\u011flamak \u00fczere \u00f6zenle tasarlanm\u0131\u015ft\u0131r. V\u00fccut hatlar\u0131n\u0131 yans\u0131tan bu tasar\u0131m, her kullan\u0131mda tatmin edici bir deneyim sunar.<\/li>\n<li data-start=\"1264\" data-end=\"1387\"><strong data-start=\"1266\" data-end=\"1280\">Do\u011fal His:<\/strong> Kal\u00e7a formu, v\u00fccut hatlar\u0131n\u0131 m\u00fckemmel \u015fekilde sim\u00fcle eder ve hem g\u00f6rsel hem de <strong data-start=\"1360\" data-end=\"1379\">dokunsal tatmin<\/strong> sa\u011flar.<\/li>\n<\/ul>\n<h4 data-start=\"1389\" data-end=\"1428\"><strong data-start=\"1394\" data-end=\"1428\">Yumu\u015fak ve Cilt Dostu Malzeme:<\/strong><\/h4>\n<ul data-start=\"1429\" data-end=\"1804\">\n<li data-start=\"1429\" data-end=\"1664\"><strong data-start=\"1431\" data-end=\"1453\">Konforlu Kullan\u0131m:<\/strong> <strong data-start=\"1454\" data-end=\"1465\">Elastik<\/strong> ve <strong data-start=\"1469\" data-end=\"1487\">p\u00fcr\u00fczs\u00fcz y\u00fczey<\/strong>, \u00fcr\u00fcn\u00fc v\u00fccuda uyumlu hale getirir ve uzun s\u00fcreli kullan\u0131mlarda <strong data-start=\"1551\" data-end=\"1561\">konfor<\/strong> sa\u011flar. Y\u00fcksek kaliteli <strong data-start=\"1586\" data-end=\"1608\">cilt dostu silikon<\/strong> malzeme, g\u00fcvenli ve sa\u011fl\u0131kl\u0131 bir kullan\u0131m imk\u00e2n\u0131 sunar.<\/li>\n<li data-start=\"1665\" data-end=\"1804\"><strong data-start=\"1667\" data-end=\"1697\">Hipoalerjenik ve Sa\u011fl\u0131kl\u0131:<\/strong> Kullan\u0131c\u0131 sa\u011fl\u0131\u011f\u0131n\u0131 \u00f6n planda tutarak \u00fcretilmi\u015ftir, <strong data-start=\"1750\" data-end=\"1762\">hijyenik<\/strong> ve <strong data-start=\"1766\" data-end=\"1777\">g\u00fcvenli<\/strong> bir deneyim i\u00e7in idealdir.<\/li>\n<\/ul>\n<h4 data-start=\"1806\" data-end=\"1830\"><strong data-start=\"1811\" data-end=\"1830\">Kolay Temizlik:<\/strong><\/h4>\n<ul data-start=\"1831\" data-end=\"2166\">\n<li data-start=\"1831\" data-end=\"2043\"><strong data-start=\"1833\" data-end=\"1871\">Suya Dayan\u0131kl\u0131 ve G\u00f6zeneksiz Yap\u0131:<\/strong> \u00dcr\u00fcn, kolayca temizlenebilir <strong data-start=\"1901\" data-end=\"1920\">p\u00fcr\u00fczs\u00fcz y\u00fczeye<\/strong> sahip olup, suya dayan\u0131kl\u0131 yap\u0131s\u0131 ile hijyen a\u00e7\u0131s\u0131ndan <strong data-start=\"1976\" data-end=\"1991\">kolay bak\u0131m<\/strong> sunar. D\u00fczenli temizlikle \u00fcr\u00fcn\u00fcn \u00f6mr\u00fc uzat\u0131labilir.<\/li>\n<li data-start=\"2044\" data-end=\"2166\"><strong data-start=\"2046\" data-end=\"2068\">Hijyenik Kullan\u0131m:<\/strong> \u00dcr\u00fcn\u00fc her kullan\u0131mdan sonra <strong data-start=\"2097\" data-end=\"2112\">su ve sabun<\/strong> ile temizleyerek hijyenik ko\u015fullar\u0131 koruyabilirsiniz.<\/li>\n<\/ul>\n<h3 data-start=\"2168\" data-end=\"2193\"><strong data-start=\"2172\" data-end=\"2193\">Kullan\u0131m \u00d6nerisi:<\/strong><\/h3>\n<ul data-start=\"2194\" data-end=\"2450\">\n<li data-start=\"2194\" data-end=\"2341\">Konforu art\u0131rmak i\u00e7in <strong data-start=\"2218\" data-end=\"2246\">su bazl\u0131 kayganla\u015ft\u0131r\u0131c\u0131<\/strong> kullanabilir ve \u00fcr\u00fcn\u00fc her seferinde <strong data-start=\"2283\" data-end=\"2296\">sterilize<\/strong> ederek hijyenik ko\u015fullar\u0131 sa\u011flayabilirsiniz.<\/li>\n<li data-start=\"2342\" data-end=\"2450\">D\u00fczenli temizlikle \u00fcr\u00fcn\u00fcn \u00f6mr\u00fcn\u00fc uzatabilir ve <strong data-start=\"2391\" data-end=\"2403\">sa\u011fl\u0131kl\u0131<\/strong> kullan\u0131m i\u00e7in gereken \u00f6zeni g\u00f6sterebilirsiniz.<\/li>\n<\/ul>\n<h3 data-start=\"2452\" data-end=\"2521\"><strong data-start=\"2456\" data-end=\"2521\">Neden Ger\u00e7ek\u00e7i Kal\u00e7a Mast\u00fcrbat\u00f6r \u2013 5,5 kg Tercih Etmelisiniz?<\/strong><\/h3>\n<ul data-start=\"2522\" data-end=\"3004\">\n<li data-start=\"2522\" data-end=\"2690\"><strong data-start=\"2524\" data-end=\"2545\">Ger\u00e7ek\u00e7i Deneyim:<\/strong> Anatomik olarak detayland\u0131r\u0131lm\u0131\u015f <strong data-start=\"2579\" data-end=\"2597\">kal\u00e7a tasar\u0131m\u0131<\/strong> ve ideal <strong data-start=\"2607\" data-end=\"2626\">a\u011f\u0131rl\u0131k merkezi<\/strong>, her kullan\u0131mda <strong data-start=\"2643\" data-end=\"2683\">ger\u00e7ek\u00e7i ve tatmin edici bir deneyim<\/strong> sunar.<\/li>\n<li data-start=\"2691\" data-end=\"2847\"><strong data-start=\"2693\" data-end=\"2723\">Sabit ve G\u00fcvenli Kullan\u0131m:<\/strong> Y\u00fcksek a\u011f\u0131rl\u0131\u011f\u0131 sayesinde \u00fcr\u00fcn, yerinde sabit kal\u0131r ve kayma yapmaz, b\u00f6ylece <strong data-start=\"2801\" data-end=\"2826\">konforlu ve kontroll\u00fc<\/strong> bir kullan\u0131m sa\u011flar.<\/li>\n<li data-start=\"2848\" data-end=\"3004\"><strong data-start=\"2850\" data-end=\"2885\">Cilt Dostu ve Sa\u011fl\u0131kl\u0131 Malzeme:<\/strong> Y\u00fcksek kaliteli silikon malzeme ile \u00fcretilmi\u015f, <strong data-start=\"2933\" data-end=\"2950\">hipoalerjenik<\/strong> yap\u0131s\u0131 ve do\u011fal hisleri ile sa\u011fl\u0131kl\u0131 kullan\u0131m sa\u011flar.<\/li>\n<\/ul>\n<h3 data-start=\"3006\" data-end=\"3069\"><strong data-start=\"3010\" data-end=\"3069\">Ger\u00e7ek\u00e7i Kal\u00e7a Mast\u00fcrbat\u00f6r \u2013 5,5 kg ile Ger\u00e7ek\u00e7i Tatmin<\/strong><\/h3>\n<p data-start=\"3070\" data-end=\"3510\"><strong data-start=\"3070\" data-end=\"3109\">Ger\u00e7ek\u00e7i Kal\u00e7a Mast\u00fcrbat\u00f6r \u2013 5,5 kg<\/strong>, do\u011fal bir dokunu\u015f hissi ve <strong data-start=\"3138\" data-end=\"3165\">ger\u00e7ek\u00e7i kal\u00e7a tasar\u0131m\u0131<\/strong> ile cinsel deneyiminizi tatmin edici bir seviyeye ta\u015f\u0131r. <strong data-start=\"3223\" data-end=\"3235\">Sabitlik<\/strong> ve <strong data-start=\"3239\" data-end=\"3249\">konfor<\/strong> sunan bu \u00fcr\u00fcn, g\u00f6rsel ve dokunsal tatmin sa\u011flamak i\u00e7in m\u00fckemmel bir tercihtir. <strong data-start=\"3329\" data-end=\"3349\">Kaliteli malzeme<\/strong> ve <strong data-start=\"3353\" data-end=\"3371\">kolay temizlik<\/strong> \u00f6zellikleriyle uzun s\u00fcreli kullan\u0131m i\u00e7in ideal bir \u00fcr\u00fcnd\u00fcr. Ger\u00e7ek\u00e7i ve tatmin edici bir deneyim arayanlar i\u00e7in <strong data-start=\"3484\" data-end=\"3509\">m\u00fckemmel bir se\u00e7imdir<\/strong>.<\/p>\n","protected":false},"excerpt":{"rendered":"<p><strong data-start=\"148\" data-end=\"187\">Ger\u00e7ek\u00e7i Kal\u00e7a Mast\u00fcrbat\u00f6r \u2013 5,5 kg<\/strong>, cinsel deneyimlerinizi daha tatmin edici ve ger\u00e7ek\u00e7i hale getirmek i\u00e7in tasarlanm\u0131\u015f bir \u00fcr\u00fcnd\u00fcr. <strong data-start=\"286\" data-end=\"337\">Anatomik olarak detayland\u0131r\u0131lm\u0131\u015f kal\u00e7a tasar\u0131m\u0131<\/strong> ve <strong data-start=\"341\" data-end=\"364\">5,5 kg\u2019l\u0131k a\u011f\u0131rl\u0131\u011f\u0131<\/strong> ile, her kullan\u0131mda sabit ve do\u011fal bir deneyim sunar. Y\u00fcksek kaliteli <strong data-start=\"435\" data-end=\"457\">cilt dostu malzeme<\/strong> kullan\u0131m\u0131 sayesinde, \u00fcr\u00fcn konforlu ve g\u00fcvenli bir kullan\u0131m sa\u011flar. Ger\u00e7ek\u00e7i dokunu\u015f hissi, \u00f6zel anlar\u0131n\u0131z\u0131 daha zevkli hale getirmek i\u00e7in m\u00fckemmel bir se\u00e7imdir.<\/p>\n","protected":false},"featured_media":19383,"comment_status":"open","ping_status":"closed","template":"","meta":[],"product_brand":[127],"product_cat":[119],"product_tag":[312,313],"class_list":{"0":"post-19300","1":"product","2":"type-product","3":"status-publish","4":"has-post-thumbnail","6":"product_brand-pembe-tilki","7":"product_cat-realistik-vajinalar-vajina-masturbator","8":"product_tag-5-kg","9":"product_tag-kalca-masturbator-5","11":"first","12":"instock","13":"taxable","14":"shipping-taxable","15":"purchasable","16":"product-type-simple"},"yoast_head":"<!-- This site is optimized with the Yoast SEO Premium plugin v24.4 (Yoast SEO v27.1.1) - https:\/\/yoast.com\/product\/yoast-seo-premium-wordpress\/ -->\n<title>Kal\u00e7a Mast\u00fcrbat\u00f6r 5,5 Kg - Bursa Erotik Shop<\/title>\n<meta name=\"robots\" content=\"index, follow, max-snippet:-1, max-image-preview:large, max-video-preview:-1\" \/>\n<link rel=\"canonical\" href=\"https:\/\/hobierotikshop.com.tr\/website1\/erotik-shop-urun\/kalca-masturbator-55-kg\/\" \/>\n<meta property=\"og:locale\" content=\"tr_TR\" \/>\n<meta property=\"og:type\" content=\"article\" \/>\n<meta property=\"og:title\" content=\"Kal\u00e7a Mast\u00fcrbat\u00f6r 5,5 Kg\" \/>\n<meta property=\"og:description\" content=\"Ger\u00e7ek\u00e7i Kal\u00e7a Mast\u00fcrbat\u00f6r \u2013 5,5 kg, cinsel deneyimlerinizi daha tatmin edici ve ger\u00e7ek\u00e7i hale getirmek i\u00e7in tasarlanm\u0131\u015f bir \u00fcr\u00fcnd\u00fcr. Anatomik olarak detayland\u0131r\u0131lm\u0131\u015f kal\u00e7a tasar\u0131m\u0131 ve 5,5 kg\u2019l\u0131k a\u011f\u0131rl\u0131\u011f\u0131 ile, her kullan\u0131mda sabit ve do\u011fal bir deneyim sunar. Y\u00fcksek kaliteli cilt dostu malzeme kullan\u0131m\u0131 sayesinde, \u00fcr\u00fcn konforlu ve g\u00fcvenli bir kullan\u0131m sa\u011flar. Ger\u00e7ek\u00e7i dokunu\u015f hissi, \u00f6zel anlar\u0131n\u0131z\u0131 daha zevkli hale getirmek i\u00e7in m\u00fckemmel bir se\u00e7imdir.\" \/>\n<meta property=\"og:url\" content=\"https:\/\/hobierotikshop.com.tr\/website1\/erotik-shop-urun\/kalca-masturbator-55-kg\/\" \/>\n<meta property=\"og:site_name\" content=\"Bursa Erotik Shop\" \/>\n<meta property=\"article:modified_time\" content=\"2026-01-26T13:08:24+00:00\" \/>\n<meta property=\"og:image\" content=\"https:\/\/hobierotikshop.com.tr\/website1\/wp-content\/uploads\/2025\/03\/kalca-masturbator-2619.jpg\" \/>\n\t<meta property=\"og:image:width\" content=\"1500\" \/>\n\t<meta property=\"og:image:height\" content=\"1500\" \/>\n\t<meta property=\"og:image:type\" content=\"image\/jpeg\" \/>\n<meta name=\"twitter:card\" content=\"summary_large_image\" \/>\n<meta name=\"twitter:site\" content=\"@shopbursa\" \/>\n<meta name=\"twitter:label1\" content=\"Fiyat\" \/>\n\t<meta name=\"twitter:data1\" content=\"&#8378;10.000,00 KDV DAH\u0130L\" \/>\n\t<meta name=\"twitter:label2\" content=\"Availability\" \/>\n\t<meta name=\"twitter:data2\" content=\"In stock\" \/>\n<script type=\"application\/ld+json\" class=\"yoast-schema-graph\">{\"@context\":\"https:\/\/schema.org\",\"@graph\":[{\"@type\":\"WebPage\",\"@id\":\"https:\/\/hobierotikshop.com.tr\/website1\/erotik-shop-urun\/kalca-masturbator-55-kg\/\",\"url\":\"https:\/\/hobierotikshop.com.tr\/website1\/erotik-shop-urun\/kalca-masturbator-55-kg\/\",\"name\":\"Kal\u00e7a Mast\u00fcrbat\u00f6r 5,5 Kg - Bursa Erotik Shop\",\"isPartOf\":{\"@id\":\"https:\/\/hobierotikshop.com.tr\/website1\/#website\"},\"primaryImageOfPage\":{\"@id\":\"https:\/\/hobierotikshop.com.tr\/website1\/erotik-shop-urun\/kalca-masturbator-55-kg\/#primaryimage\"},\"image\":{\"@id\":\"https:\/\/hobierotikshop.com.tr\/website1\/erotik-shop-urun\/kalca-masturbator-55-kg\/#primaryimage\"},\"thumbnailUrl\":\"https:\/\/haremerotikshop.com\/site\/wp-content\/uploads\/2025\/03\/kalca-masturbator-2619.jpg\",\"datePublished\":\"2025-03-17T09:31:28+00:00\",\"dateModified\":\"2026-01-26T13:08:24+00:00\",\"breadcrumb\":{\"@id\":\"https:\/\/hobierotikshop.com.tr\/website1\/erotik-shop-urun\/kalca-masturbator-55-kg\/#breadcrumb\"},\"inLanguage\":\"tr\",\"potentialAction\":[{\"@type\":\"ReadAction\",\"target\":[\"https:\/\/hobierotikshop.com.tr\/website1\/erotik-shop-urun\/kalca-masturbator-55-kg\/\"]}]},{\"@type\":\"ImageObject\",\"inLanguage\":\"tr\",\"@id\":\"https:\/\/hobierotikshop.com.tr\/website1\/erotik-shop-urun\/kalca-masturbator-55-kg\/#primaryimage\",\"url\":\"https:\/\/haremerotikshop.com\/site\/wp-content\/uploads\/2025\/03\/kalca-masturbator-2619.jpg\",\"contentUrl\":\"https:\/\/haremerotikshop.com\/site\/wp-content\/uploads\/2025\/03\/kalca-masturbator-2619.jpg\",\"width\":1500,\"height\":1500},{\"@type\":\"BreadcrumbList\",\"@id\":\"https:\/\/hobierotikshop.com.tr\/website1\/erotik-shop-urun\/kalca-masturbator-55-kg\/#breadcrumb\",\"itemListElement\":[{\"@type\":\"ListItem\",\"position\":1,\"name\":\"Anasayfa\",\"item\":\"https:\/\/hobierotikshop.com.tr\/website1\/\"},{\"@type\":\"ListItem\",\"position\":2,\"name\":\"Erotik Shop \u00dcr\u00fcnleri\",\"item\":\"https:\/\/hobierotikshop.com.tr\/website1\/shop\/\"},{\"@type\":\"ListItem\",\"position\":3,\"name\":\"Kal\u00e7a Mast\u00fcrbat\u00f6r 5,5 Kg\"}]},{\"@type\":\"WebSite\",\"@id\":\"https:\/\/hobierotikshop.com.tr\/website1\/#website\",\"url\":\"https:\/\/hobierotikshop.com.tr\/website1\/\",\"name\":\"Bursa Erotik Shop\",\"description\":\"Bursa Erotik Shop ile g\u00fcvenli, gizli ve kaliteli yeti\u015fkin \u00fcr\u00fcnleri al\u0131\u015fveri\u015fi! Geni\u015f \u00fcr\u00fcn yelpazemizi ke\u015ffedin, hemen sipari\u015f verin\",\"publisher\":{\"@id\":\"https:\/\/hobierotikshop.com.tr\/website1\/#organization\"},\"alternateName\":\"Erotik Shop\",\"potentialAction\":[{\"@type\":\"SearchAction\",\"target\":{\"@type\":\"EntryPoint\",\"urlTemplate\":\"https:\/\/hobierotikshop.com.tr\/website1\/?s={search_term_string}\"},\"query-input\":{\"@type\":\"PropertyValueSpecification\",\"valueRequired\":true,\"valueName\":\"search_term_string\"}}],\"inLanguage\":\"tr\"},{\"@type\":\"Organization\",\"@id\":\"https:\/\/hobierotikshop.com.tr\/website1\/#organization\",\"name\":\"Harem Bursa Erotik Shop\",\"url\":\"https:\/\/hobierotikshop.com.tr\/website1\/\",\"logo\":{\"@type\":\"ImageObject\",\"inLanguage\":\"tr\",\"@id\":\"https:\/\/hobierotikshop.com.tr\/website1\/#\/schema\/logo\/image\/\",\"url\":\"https:\/\/haremerotikshop.com\/site\/wp-content\/uploads\/2025\/03\/haremsexshop.png\",\"contentUrl\":\"https:\/\/haremerotikshop.com\/site\/wp-content\/uploads\/2025\/03\/haremsexshop.png\",\"width\":400,\"height\":100,\"caption\":\"Harem Bursa Erotik Shop\"},\"image\":{\"@id\":\"https:\/\/hobierotikshop.com.tr\/website1\/#\/schema\/logo\/image\/\"},\"sameAs\":[\"https:\/\/x.com\/shopbursa\"],\"publishingPrinciples\":\"https:\/\/hobierotikshop.com.tr\/website1\/mesafeli-satis-sozlesmesi\/\",\"ownershipFundingInfo\":\"https:\/\/hobierotikshop.com.tr\/website1\/contact-us\/\",\"actionableFeedbackPolicy\":\"https:\/\/hobierotikshop.com.tr\/website1\/contact-us\/\",\"correctionsPolicy\":\"https:\/\/hobierotikshop.com.tr\/website1\/mesafeli-satis-sozlesmesi\/\"}]}<\/script>\n<meta property=\"product:brand\" content=\"Pembe Tilki\" \/>\n<meta property=\"product:price:amount\" content=\"10000.00\" \/>\n<meta property=\"product:price:currency\" content=\"TRY\" \/>\n<meta property=\"og:availability\" content=\"instock\" \/>\n<meta property=\"product:availability\" content=\"instock\" \/>\n<meta property=\"product:retailer_item_id\" content=\"PT-VMXS010\" \/>\n<meta property=\"product:condition\" content=\"new\" \/>\n<!-- \/ Yoast SEO Premium plugin. -->","yoast_head_json":{"title":"Kal\u00e7a Mast\u00fcrbat\u00f6r 5,5 Kg - Bursa Erotik Shop","robots":{"index":"index","follow":"follow","max-snippet":"max-snippet:-1","max-image-preview":"max-image-preview:large","max-video-preview":"max-video-preview:-1"},"canonical":"https:\/\/hobierotikshop.com.tr\/website1\/erotik-shop-urun\/kalca-masturbator-55-kg\/","og_locale":"tr_TR","og_type":"article","og_title":"Kal\u00e7a Mast\u00fcrbat\u00f6r 5,5 Kg","og_description":"Ger\u00e7ek\u00e7i Kal\u00e7a Mast\u00fcrbat\u00f6r \u2013 5,5 kg, cinsel deneyimlerinizi daha tatmin edici ve ger\u00e7ek\u00e7i hale getirmek i\u00e7in tasarlanm\u0131\u015f bir \u00fcr\u00fcnd\u00fcr. Anatomik olarak detayland\u0131r\u0131lm\u0131\u015f kal\u00e7a tasar\u0131m\u0131 ve 5,5 kg\u2019l\u0131k a\u011f\u0131rl\u0131\u011f\u0131 ile, her kullan\u0131mda sabit ve do\u011fal bir deneyim sunar. Y\u00fcksek kaliteli cilt dostu malzeme kullan\u0131m\u0131 sayesinde, \u00fcr\u00fcn konforlu ve g\u00fcvenli bir kullan\u0131m sa\u011flar. Ger\u00e7ek\u00e7i dokunu\u015f hissi, \u00f6zel anlar\u0131n\u0131z\u0131 daha zevkli hale getirmek i\u00e7in m\u00fckemmel bir se\u00e7imdir.","og_url":"https:\/\/hobierotikshop.com.tr\/website1\/erotik-shop-urun\/kalca-masturbator-55-kg\/","og_site_name":"Bursa Erotik Shop","article_modified_time":"2026-01-26T13:08:24+00:00","og_image":[{"width":1500,"height":1500,"url":"https:\/\/hobierotikshop.com.tr\/website1\/wp-content\/uploads\/2025\/03\/kalca-masturbator-2619.jpg","type":"image\/jpeg"}],"twitter_card":"summary_large_image","twitter_site":"@shopbursa","twitter_misc":{"Fiyat":"&#8378;10.000,00 KDV DAH\u0130L","Availability":"In stock"},"schema":{"@context":"https:\/\/schema.org","@graph":[{"@type":"WebPage","@id":"https:\/\/hobierotikshop.com.tr\/website1\/erotik-shop-urun\/kalca-masturbator-55-kg\/","url":"https:\/\/hobierotikshop.com.tr\/website1\/erotik-shop-urun\/kalca-masturbator-55-kg\/","name":"Kal\u00e7a Mast\u00fcrbat\u00f6r 5,5 Kg - Bursa Erotik Shop","isPartOf":{"@id":"https:\/\/hobierotikshop.com.tr\/website1\/#website"},"primaryImageOfPage":{"@id":"https:\/\/hobierotikshop.com.tr\/website1\/erotik-shop-urun\/kalca-masturbator-55-kg\/#primaryimage"},"image":{"@id":"https:\/\/hobierotikshop.com.tr\/website1\/erotik-shop-urun\/kalca-masturbator-55-kg\/#primaryimage"},"thumbnailUrl":"https:\/\/haremerotikshop.com\/site\/wp-content\/uploads\/2025\/03\/kalca-masturbator-2619.jpg","datePublished":"2025-03-17T09:31:28+00:00","dateModified":"2026-01-26T13:08:24+00:00","breadcrumb":{"@id":"https:\/\/hobierotikshop.com.tr\/website1\/erotik-shop-urun\/kalca-masturbator-55-kg\/#breadcrumb"},"inLanguage":"tr","potentialAction":[{"@type":"ReadAction","target":["https:\/\/hobierotikshop.com.tr\/website1\/erotik-shop-urun\/kalca-masturbator-55-kg\/"]}]},{"@type":"ImageObject","inLanguage":"tr","@id":"https:\/\/hobierotikshop.com.tr\/website1\/erotik-shop-urun\/kalca-masturbator-55-kg\/#primaryimage","url":"https:\/\/haremerotikshop.com\/site\/wp-content\/uploads\/2025\/03\/kalca-masturbator-2619.jpg","contentUrl":"https:\/\/haremerotikshop.com\/site\/wp-content\/uploads\/2025\/03\/kalca-masturbator-2619.jpg","width":1500,"height":1500},{"@type":"BreadcrumbList","@id":"https:\/\/hobierotikshop.com.tr\/website1\/erotik-shop-urun\/kalca-masturbator-55-kg\/#breadcrumb","itemListElement":[{"@type":"ListItem","position":1,"name":"Anasayfa","item":"https:\/\/hobierotikshop.com.tr\/website1\/"},{"@type":"ListItem","position":2,"name":"Erotik Shop \u00dcr\u00fcnleri","item":"https:\/\/hobierotikshop.com.tr\/website1\/shop\/"},{"@type":"ListItem","position":3,"name":"Kal\u00e7a Mast\u00fcrbat\u00f6r 5,5 Kg"}]},{"@type":"WebSite","@id":"https:\/\/hobierotikshop.com.tr\/website1\/#website","url":"https:\/\/hobierotikshop.com.tr\/website1\/","name":"Bursa Erotik Shop","description":"Bursa Erotik Shop ile g\u00fcvenli, gizli ve kaliteli yeti\u015fkin \u00fcr\u00fcnleri al\u0131\u015fveri\u015fi! Geni\u015f \u00fcr\u00fcn yelpazemizi ke\u015ffedin, hemen sipari\u015f verin","publisher":{"@id":"https:\/\/hobierotikshop.com.tr\/website1\/#organization"},"alternateName":"Erotik Shop","potentialAction":[{"@type":"SearchAction","target":{"@type":"EntryPoint","urlTemplate":"https:\/\/hobierotikshop.com.tr\/website1\/?s={search_term_string}"},"query-input":{"@type":"PropertyValueSpecification","valueRequired":true,"valueName":"search_term_string"}}],"inLanguage":"tr"},{"@type":"Organization","@id":"https:\/\/hobierotikshop.com.tr\/website1\/#organization","name":"Harem Bursa Erotik Shop","url":"https:\/\/hobierotikshop.com.tr\/website1\/","logo":{"@type":"ImageObject","inLanguage":"tr","@id":"https:\/\/hobierotikshop.com.tr\/website1\/#\/schema\/logo\/image\/","url":"https:\/\/haremerotikshop.com\/site\/wp-content\/uploads\/2025\/03\/haremsexshop.png","contentUrl":"https:\/\/haremerotikshop.com\/site\/wp-content\/uploads\/2025\/03\/haremsexshop.png","width":400,"height":100,"caption":"Harem Bursa Erotik Shop"},"image":{"@id":"https:\/\/hobierotikshop.com.tr\/website1\/#\/schema\/logo\/image\/"},"sameAs":["https:\/\/x.com\/shopbursa"],"publishingPrinciples":"https:\/\/hobierotikshop.com.tr\/website1\/mesafeli-satis-sozlesmesi\/","ownershipFundingInfo":"https:\/\/hobierotikshop.com.tr\/website1\/contact-us\/","actionableFeedbackPolicy":"https:\/\/hobierotikshop.com.tr\/website1\/contact-us\/","correctionsPolicy":"https:\/\/hobierotikshop.com.tr\/website1\/mesafeli-satis-sozlesmesi\/"}]},"product_brand":"Pembe Tilki","product_price_amount":"10000.00","product_price_currency":"TRY","og_availability":"instock","product_availability":"instock","product_retailer_item_id":"PT-VMXS010","product_condition":"new"},"_links":{"self":[{"href":"https:\/\/haremerotikshop.com\/site\/wp-json\/wp\/v2\/product\/19300","targetHints":{"allow":["GET"]}}],"collection":[{"href":"https:\/\/haremerotikshop.com\/site\/wp-json\/wp\/v2\/product"}],"about":[{"href":"https:\/\/haremerotikshop.com\/site\/wp-json\/wp\/v2\/types\/product"}],"replies":[{"embeddable":true,"href":"https:\/\/haremerotikshop.com\/site\/wp-json\/wp\/v2\/comments?post=19300"}],"version-history":[{"count":0,"href":"https:\/\/haremerotikshop.com\/site\/wp-json\/wp\/v2\/product\/19300\/revisions"}],"wp:featuredmedia":[{"embeddable":true,"href":"https:\/\/haremerotikshop.com\/site\/wp-json\/wp\/v2\/media\/19383"}],"wp:attachment":[{"href":"https:\/\/haremerotikshop.com\/site\/wp-json\/wp\/v2\/media?parent=19300"}],"wp:term":[{"taxonomy":"product_brand","embeddable":true,"href":"https:\/\/haremerotikshop.com\/site\/wp-json\/wp\/v2\/product_brand?post=19300"},{"taxonomy":"product_cat","embeddable":true,"href":"https:\/\/haremerotikshop.com\/site\/wp-json\/wp\/v2\/product_cat?post=19300"},{"taxonomy":"product_tag","embeddable":true,"href":"https:\/\/haremerotikshop.com\/site\/wp-json\/wp\/v2\/product_tag?post=19300"}],"curies":[{"name":"wp","href":"https:\/\/api.w.org\/{rel}","templated":true}]}}