{"id":19322,"date":"2025-03-17T12:31:55","date_gmt":"2025-03-17T09:31:55","guid":{"rendered":"https:\/\/haremerotikshop.com\/site\/?post_type=product&#038;p=19322"},"modified":"2026-01-26T16:07:14","modified_gmt":"2026-01-26T13:07:14","slug":"gercekci-kalca-masturbator-2-6-kg","status":"publish","type":"product","link":"https:\/\/haremerotikshop.com\/site\/erotik-shop-urun\/gercekci-kalca-masturbator-2-6-kg\/","title":{"rendered":"Ger\u00e7ek\u00e7i Kal\u00e7a Mast\u00fcrbat\u00f6r 2.6 Kg"},"content":{"rendered":"<h3 data-start=\"64\" data-end=\"145\"><strong data-start=\"68\" data-end=\"145\">Ger\u00e7ek\u00e7i Kal\u00e7a Mast\u00fcrbat\u00f6r \u2013 2.6 KG: Do\u011fal ve Tatmin Edici Cinsel Deneyim<\/strong><\/h3>\n<p data-start=\"147\" data-end=\"515\"><strong data-start=\"147\" data-end=\"186\">Ger\u00e7ek\u00e7i Kal\u00e7a Mast\u00fcrbat\u00f6r \u2013 2.6 KG<\/strong>, <strong data-start=\"188\" data-end=\"209\">ger\u00e7ek\u00e7i tasar\u0131m\u0131<\/strong> ve <strong data-start=\"213\" data-end=\"231\">yumu\u015fak dokusu<\/strong> ile cinsel deneyiminizi daha <strong data-start=\"261\" data-end=\"277\">tatmin edici<\/strong> ve <strong data-start=\"281\" data-end=\"292\">keyifli<\/strong> hale getirebilmek i\u00e7in \u00f6zel olarak tasarlanm\u0131\u015ft\u0131r. <strong data-start=\"344\" data-end=\"363\">2.6 kg a\u011f\u0131rl\u0131\u011f\u0131<\/strong>, \u00fcr\u00fcn\u00fc sabit tutar ve her pozisyonda <strong data-start=\"401\" data-end=\"418\">do\u011fal bir his<\/strong> sa\u011flar. <strong data-start=\"427\" data-end=\"442\">Kal\u00e7a formu<\/strong>, g\u00f6rsel ve dokunsal olarak <strong data-start=\"470\" data-end=\"508\">ger\u00e7ekten tatmin edici bir deneyim<\/strong> sunar.<\/p>\n<h3 data-start=\"517\" data-end=\"546\"><strong data-start=\"521\" data-end=\"546\">\u00d6ne \u00c7\u0131kan \u00d6zellikler:<\/strong><\/h3>\n<h4 data-start=\"548\" data-end=\"571\"><strong data-start=\"553\" data-end=\"571\">2.6 KG A\u011f\u0131rl\u0131k<\/strong><\/h4>\n<ul data-start=\"572\" data-end=\"803\">\n<li data-start=\"572\" data-end=\"803\"><strong data-start=\"574\" data-end=\"593\">2.6 kg a\u011f\u0131rl\u0131\u011f\u0131<\/strong>, mast\u00fcrbat\u00f6r\u00fcn <strong data-start=\"609\" data-end=\"628\">sabit kalmas\u0131n\u0131<\/strong> sa\u011flar. Bu, kaymay\u0131 engeller ve her kullan\u0131mda <strong data-start=\"676\" data-end=\"696\">ger\u00e7ek\u00e7i bir his<\/strong> sunar. Dengeli a\u011f\u0131rl\u0131k, \u00fcr\u00fcn\u00fc <strong data-start=\"727\" data-end=\"742\">daha stabil<\/strong> hale getirir ve her pozisyonda rahat kullan\u0131m imkan\u0131 sa\u011flar.<\/li>\n<\/ul>\n<h4 data-start=\"805\" data-end=\"838\"><strong data-start=\"810\" data-end=\"838\">Realistik Kal\u00e7a Tasar\u0131m\u0131<\/strong><\/h4>\n<ul data-start=\"839\" data-end=\"1063\">\n<li data-start=\"839\" data-end=\"1063\">Ger\u00e7ek\u00e7i <strong data-start=\"850\" data-end=\"865\">kal\u00e7a formu<\/strong>, anatomik detaylarla geli\u015ftirilmi\u015f olup hem <strong data-start=\"910\" data-end=\"968\">g\u00f6rsel hem de dokunsal olarak tatmin edici bir deneyim<\/strong> ya\u015fat\u0131r. Yumu\u015fak ve esnek yap\u0131s\u0131, <strong data-start=\"1003\" data-end=\"1022\">do\u011fal ten hissi<\/strong> sunarak daha keyifli bir deneyim sa\u011flar.<\/li>\n<\/ul>\n<h4 data-start=\"1065\" data-end=\"1092\"><strong data-start=\"1070\" data-end=\"1092\">Cilt Dostu Malzeme<\/strong><\/h4>\n<ul data-start=\"1093\" data-end=\"1320\">\n<li data-start=\"1093\" data-end=\"1320\"><strong data-start=\"1095\" data-end=\"1136\">Yumu\u015fak ve cilt dostu silikon malzeme<\/strong> ile \u00fcretilmi\u015f olan bu \u00fcr\u00fcn, <strong data-start=\"1165\" data-end=\"1182\">hipoalerjenik<\/strong> yap\u0131s\u0131 sayesinde <strong data-start=\"1200\" data-end=\"1212\">sa\u011fl\u0131kl\u0131<\/strong> ve g\u00fcvenli bir kullan\u0131m sunar. Y\u00fcksek kaliteli silikon, uzun s\u00fcreli ve <strong data-start=\"1284\" data-end=\"1305\">konforlu kullan\u0131m<\/strong> i\u00e7in idealdir.<\/li>\n<\/ul>\n<h4 data-start=\"1322\" data-end=\"1349\"><strong data-start=\"1327\" data-end=\"1349\">Ger\u00e7ek\u00e7i Ten Hissi<\/strong><\/h4>\n<ul data-start=\"1350\" data-end=\"1508\">\n<li data-start=\"1350\" data-end=\"1508\">Silikon malzeme, <strong data-start=\"1369\" data-end=\"1402\">ger\u00e7ekten do\u011fal bir ten hissi<\/strong> sunar. <strong data-start=\"1410\" data-end=\"1426\">Esnek yap\u0131s\u0131<\/strong>, \u00fcr\u00fcn\u00fcn v\u00fccuda uyum sa\u011flamas\u0131na yard\u0131mc\u0131 olur ve <strong data-start=\"1476\" data-end=\"1500\">ger\u00e7ek\u00e7i bir deneyim<\/strong> sa\u011flar.<\/li>\n<\/ul>\n<h4 data-start=\"1510\" data-end=\"1533\"><strong data-start=\"1515\" data-end=\"1533\">Kolay Temizlik<\/strong><\/h4>\n<ul data-start=\"1534\" data-end=\"1736\">\n<li data-start=\"1534\" data-end=\"1736\">\u00dcr\u00fcn\u00fcn <strong data-start=\"1543\" data-end=\"1562\">p\u00fcr\u00fczs\u00fcz y\u00fczeyi<\/strong> ve <strong data-start=\"1566\" data-end=\"1591\">suya dayan\u0131kl\u0131 yap\u0131s\u0131<\/strong> sayesinde temizlik olduk\u00e7a kolayd\u0131r. Il\u0131k su ve uygun temizlik sol\u00fcsyonlar\u0131yla \u00fcr\u00fcn h\u0131zla temizlenebilir ve hijyenik olarak muhafaza edilebilir.<\/li>\n<\/ul>\n<h4 data-start=\"1738\" data-end=\"1755\"><strong data-start=\"1743\" data-end=\"1755\">Boyutlar<\/strong><\/h4>\n<ul data-start=\"1756\" data-end=\"1946\">\n<li data-start=\"1756\" data-end=\"1777\"><strong data-start=\"1758\" data-end=\"1770\">A\u011f\u0131rl\u0131k:<\/strong> 2.6 kg<\/li>\n<li data-start=\"1778\" data-end=\"1946\"><strong data-start=\"1780\" data-end=\"1804\">Kal\u0131nl\u0131k ve Uzunluk:<\/strong> Ger\u00e7ek\u00e7i orant\u0131larla tasarlanm\u0131\u015f olup, <strong data-start=\"1844\" data-end=\"1868\">tatmin edici \u00f6l\u00e7\u00fcler<\/strong> sunar. Hem g\u00f6rsel hem de fiziki olarak konforlu bir kullan\u0131m deneyimi sa\u011flar.<\/li>\n<\/ul>\n<h3 data-start=\"1948\" data-end=\"2019\"><strong data-start=\"1952\" data-end=\"2019\">Neden Ger\u00e7ek\u00e7i Kal\u00e7a Mast\u00fcrbat\u00f6r \u2013 2.6 KG&#8217;\u0131 Tercih Etmelisiniz?<\/strong><\/h3>\n<ul data-start=\"2021\" data-end=\"2840\">\n<li data-start=\"2021\" data-end=\"2187\"><strong data-start=\"2023\" data-end=\"2052\">Ger\u00e7ek\u00e7i ve Tatmin Edici:<\/strong> Kal\u00e7a formu ve <strong data-start=\"2068\" data-end=\"2086\">yumu\u015fak dokusu<\/strong>, kullan\u0131c\u0131lara do\u011fal bir his sunar. <strong data-start=\"2123\" data-end=\"2161\">Ger\u00e7ekten tatmin edici bir deneyim<\/strong> i\u00e7in ideal bir tercihtir.<\/li>\n<li data-start=\"2188\" data-end=\"2349\"><strong data-start=\"2190\" data-end=\"2210\">Stabil Kullan\u0131m:<\/strong> <strong data-start=\"2211\" data-end=\"2223\">A\u011f\u0131rl\u0131\u011f\u0131<\/strong>, mast\u00fcrbat\u00f6r\u00fcn kaymadan sabit kalmas\u0131n\u0131 sa\u011flar. Bu da her pozisyonda rahat kullan\u0131m sa\u011flar ve <strong data-start=\"2318\" data-end=\"2342\">ger\u00e7ek\u00e7i bir deneyim<\/strong> sunar.<\/li>\n<li data-start=\"2350\" data-end=\"2500\"><strong data-start=\"2352\" data-end=\"2381\">Dayan\u0131kl\u0131 ve Uzun \u00d6m\u00fcrl\u00fc:<\/strong> Y\u00fcksek kaliteli <strong data-start=\"2398\" data-end=\"2417\">silikon malzeme<\/strong>, \u00fcr\u00fcn\u00fcn uzun s\u00fcre dayan\u0131kl\u0131 olmas\u0131n\u0131 sa\u011flar ve uzun s\u00fcreli kullan\u0131m i\u00e7in uygundur.<\/li>\n<li data-start=\"2501\" data-end=\"2673\"><strong data-start=\"2503\" data-end=\"2522\">Kolay Temizlik:<\/strong> \u00dcr\u00fcn\u00fcn <strong data-start=\"2530\" data-end=\"2548\">suya dayan\u0131kl\u0131<\/strong> ve <strong data-start=\"2552\" data-end=\"2571\">p\u00fcr\u00fczs\u00fcz y\u00fczeyi<\/strong> sayesinde temizli\u011fi son derece kolayd\u0131r. Temizlik i\u015flemi, hijyenik ve pratik bir \u015fekilde yap\u0131labilir.<\/li>\n<li data-start=\"2674\" data-end=\"2840\"><strong data-start=\"2676\" data-end=\"2697\">Konforlu Tasar\u0131m:<\/strong> <strong data-start=\"2698\" data-end=\"2720\">Ergonomik tasar\u0131m\u0131<\/strong>, v\u00fccuda uyumlu olup kullan\u0131m\u0131 daha rahat hale getirir. Ayr\u0131ca, \u00fcr\u00fcn\u00fc ta\u015f\u0131mak ve saklamak olduk\u00e7a pratik bir hale gelir.<\/li>\n<\/ul>\n<hr data-start=\"2842\" data-end=\"2845\" \/>\n<p data-start=\"2847\" data-end=\"3362\"><strong data-start=\"2847\" data-end=\"2886\">Ger\u00e7ek\u00e7i Kal\u00e7a Mast\u00fcrbat\u00f6r \u2013 2.6 KG<\/strong>, <strong data-start=\"2888\" data-end=\"2909\">ger\u00e7ek\u00e7i tasar\u0131m\u0131<\/strong>, <strong data-start=\"2911\" data-end=\"2930\">do\u011fal ten hissi<\/strong> ve <strong data-start=\"2934\" data-end=\"2963\">yumu\u015fak silikon malzemesi<\/strong> ile \u00f6zel anlar\u0131n\u0131z\u0131 daha <strong data-start=\"2989\" data-end=\"3016\">keyifli ve tatmin edici<\/strong> hale getirecek m\u00fckemmel bir \u00fcr\u00fcnd\u00fcr. <strong data-start=\"3054\" data-end=\"3072\">Sabit kullan\u0131m<\/strong>, <strong data-start=\"3074\" data-end=\"3092\">kolay temizlik<\/strong> ve <strong data-start=\"3096\" data-end=\"3117\">dayan\u0131kl\u0131 malzeme<\/strong> ile uzun s\u00fcreli kullan\u0131m sa\u011flar. <strong data-start=\"3151\" data-end=\"3170\">Ger\u00e7ek\u00e7i dokusu<\/strong> ve <strong data-start=\"3174\" data-end=\"3195\">konforlu tasar\u0131m\u0131<\/strong> sayesinde, her kullan\u0131mda do\u011fal bir deneyim sunar. E\u011fer siz de <strong data-start=\"3259\" data-end=\"3294\">tatmin edici bir cinsel deneyim<\/strong> ar\u0131yorsan\u0131z, <strong data-start=\"3308\" data-end=\"3347\">Ger\u00e7ek\u00e7i Kal\u00e7a Mast\u00fcrbat\u00f6r \u2013 2.6 KG<\/strong> tam size g\u00f6re!<\/p>\n","protected":false},"excerpt":{"rendered":"<p><strong data-start=\"147\" data-end=\"186\">Ger\u00e7ek\u00e7i Kal\u00e7a Mast\u00fcrbat\u00f6r \u2013 2.6 KG<\/strong>, <strong data-start=\"188\" data-end=\"209\">ger\u00e7ek\u00e7i tasar\u0131m\u0131<\/strong> ve <strong data-start=\"213\" data-end=\"231\">yumu\u015fak dokusu<\/strong> ile cinsel deneyiminizi daha <strong data-start=\"261\" data-end=\"277\">tatmin edici<\/strong> ve <strong data-start=\"281\" data-end=\"292\">keyifli<\/strong> hale getirebilmek i\u00e7in \u00f6zel olarak tasarlanm\u0131\u015ft\u0131r. <strong data-start=\"344\" data-end=\"363\">2.6 kg a\u011f\u0131rl\u0131\u011f\u0131<\/strong>, \u00fcr\u00fcn\u00fc sabit tutar ve her pozisyonda <strong data-start=\"401\" data-end=\"418\">do\u011fal bir his<\/strong> sa\u011flar. <strong data-start=\"427\" data-end=\"442\">Kal\u00e7a formu<\/strong>, g\u00f6rsel ve dokunsal olarak <strong data-start=\"470\" data-end=\"508\">ger\u00e7ekten tatmin edici bir deneyim<\/strong> sunar.<\/p>\n","protected":false},"featured_media":19411,"comment_status":"open","ping_status":"closed","template":"","meta":[],"product_brand":[127],"product_cat":[119],"product_tag":[309],"class_list":{"0":"post-19322","1":"product","2":"type-product","3":"status-publish","4":"has-post-thumbnail","6":"product_brand-pembe-tilki","7":"product_cat-realistik-vajinalar-vajina-masturbator","8":"product_tag-gercekci-kalca-masturbator-1040gr","10":"first","11":"outofstock","12":"taxable","13":"shipping-taxable","14":"purchasable","15":"product-type-simple"},"yoast_head":"<!-- This site is optimized with the Yoast SEO Premium plugin v24.4 (Yoast SEO v27.1.1) - https:\/\/yoast.com\/product\/yoast-seo-premium-wordpress\/ -->\n<title>Ger\u00e7ek\u00e7i Kal\u00e7a Mast\u00fcrbat\u00f6r 2.6 Kg - Bursa Erotik Shop<\/title>\n<meta name=\"robots\" content=\"index, follow, max-snippet:-1, max-image-preview:large, max-video-preview:-1\" \/>\n<link rel=\"canonical\" href=\"https:\/\/hobierotikshop.com.tr\/website1\/erotik-shop-urun\/gercekci-kalca-masturbator-2-6-kg\/\" \/>\n<meta property=\"og:locale\" content=\"tr_TR\" \/>\n<meta property=\"og:type\" content=\"article\" \/>\n<meta property=\"og:title\" content=\"Ger\u00e7ek\u00e7i Kal\u00e7a Mast\u00fcrbat\u00f6r 2.6 Kg\" \/>\n<meta property=\"og:description\" content=\"Ger\u00e7ek\u00e7i Kal\u00e7a Mast\u00fcrbat\u00f6r \u2013 2.6 KG, ger\u00e7ek\u00e7i tasar\u0131m\u0131 ve yumu\u015fak dokusu ile cinsel deneyiminizi daha tatmin edici ve keyifli hale getirebilmek i\u00e7in \u00f6zel olarak tasarlanm\u0131\u015ft\u0131r. 2.6 kg a\u011f\u0131rl\u0131\u011f\u0131, \u00fcr\u00fcn\u00fc sabit tutar ve her pozisyonda do\u011fal bir his sa\u011flar. Kal\u00e7a formu, g\u00f6rsel ve dokunsal olarak ger\u00e7ekten tatmin edici bir deneyim sunar.\" \/>\n<meta property=\"og:url\" content=\"https:\/\/hobierotikshop.com.tr\/website1\/erotik-shop-urun\/gercekci-kalca-masturbator-2-6-kg\/\" \/>\n<meta property=\"og:site_name\" content=\"Bursa Erotik Shop\" \/>\n<meta property=\"article:modified_time\" content=\"2026-01-26T13:07:14+00:00\" \/>\n<meta property=\"og:image\" content=\"https:\/\/hobierotikshop.com.tr\/website1\/wp-content\/uploads\/2025\/03\/gercekci-kalca-masturbator-2-6kg-2648.jpg\" \/>\n\t<meta property=\"og:image:width\" content=\"1500\" \/>\n\t<meta property=\"og:image:height\" content=\"1500\" \/>\n\t<meta property=\"og:image:type\" content=\"image\/jpeg\" \/>\n<meta name=\"twitter:card\" content=\"summary_large_image\" \/>\n<meta name=\"twitter:site\" content=\"@shopbursa\" \/>\n<meta name=\"twitter:label1\" content=\"Fiyat\" \/>\n\t<meta name=\"twitter:data1\" content=\"&#8378;2.950,00 KDV DAH\u0130L\" \/>\n\t<meta name=\"twitter:label2\" content=\"Availability\" \/>\n\t<meta name=\"twitter:data2\" content=\"Out of stock\" \/>\n<script type=\"application\/ld+json\" class=\"yoast-schema-graph\">{\"@context\":\"https:\/\/schema.org\",\"@graph\":[{\"@type\":\"WebPage\",\"@id\":\"https:\/\/hobierotikshop.com.tr\/website1\/erotik-shop-urun\/gercekci-kalca-masturbator-2-6-kg\/\",\"url\":\"https:\/\/hobierotikshop.com.tr\/website1\/erotik-shop-urun\/gercekci-kalca-masturbator-2-6-kg\/\",\"name\":\"Ger\u00e7ek\u00e7i Kal\u00e7a Mast\u00fcrbat\u00f6r 2.6 Kg - Bursa Erotik Shop\",\"isPartOf\":{\"@id\":\"https:\/\/hobierotikshop.com.tr\/website1\/#website\"},\"primaryImageOfPage\":{\"@id\":\"https:\/\/hobierotikshop.com.tr\/website1\/erotik-shop-urun\/gercekci-kalca-masturbator-2-6-kg\/#primaryimage\"},\"image\":{\"@id\":\"https:\/\/hobierotikshop.com.tr\/website1\/erotik-shop-urun\/gercekci-kalca-masturbator-2-6-kg\/#primaryimage\"},\"thumbnailUrl\":\"https:\/\/haremerotikshop.com\/site\/wp-content\/uploads\/2025\/03\/gercekci-kalca-masturbator-2-6kg-2648.jpg\",\"datePublished\":\"2025-03-17T09:31:55+00:00\",\"dateModified\":\"2026-01-26T13:07:14+00:00\",\"breadcrumb\":{\"@id\":\"https:\/\/hobierotikshop.com.tr\/website1\/erotik-shop-urun\/gercekci-kalca-masturbator-2-6-kg\/#breadcrumb\"},\"inLanguage\":\"tr\",\"potentialAction\":[{\"@type\":\"ReadAction\",\"target\":[\"https:\/\/hobierotikshop.com.tr\/website1\/erotik-shop-urun\/gercekci-kalca-masturbator-2-6-kg\/\"]}]},{\"@type\":\"ImageObject\",\"inLanguage\":\"tr\",\"@id\":\"https:\/\/hobierotikshop.com.tr\/website1\/erotik-shop-urun\/gercekci-kalca-masturbator-2-6-kg\/#primaryimage\",\"url\":\"https:\/\/haremerotikshop.com\/site\/wp-content\/uploads\/2025\/03\/gercekci-kalca-masturbator-2-6kg-2648.jpg\",\"contentUrl\":\"https:\/\/haremerotikshop.com\/site\/wp-content\/uploads\/2025\/03\/gercekci-kalca-masturbator-2-6kg-2648.jpg\",\"width\":1500,\"height\":1500},{\"@type\":\"BreadcrumbList\",\"@id\":\"https:\/\/hobierotikshop.com.tr\/website1\/erotik-shop-urun\/gercekci-kalca-masturbator-2-6-kg\/#breadcrumb\",\"itemListElement\":[{\"@type\":\"ListItem\",\"position\":1,\"name\":\"Anasayfa\",\"item\":\"https:\/\/hobierotikshop.com.tr\/website1\/\"},{\"@type\":\"ListItem\",\"position\":2,\"name\":\"Erotik Shop \u00dcr\u00fcnleri\",\"item\":\"https:\/\/hobierotikshop.com.tr\/website1\/shop\/\"},{\"@type\":\"ListItem\",\"position\":3,\"name\":\"Ger\u00e7ek\u00e7i Kal\u00e7a Mast\u00fcrbat\u00f6r 2.6 Kg\"}]},{\"@type\":\"WebSite\",\"@id\":\"https:\/\/hobierotikshop.com.tr\/website1\/#website\",\"url\":\"https:\/\/hobierotikshop.com.tr\/website1\/\",\"name\":\"Bursa Erotik Shop\",\"description\":\"Bursa Erotik Shop ile g\u00fcvenli, gizli ve kaliteli yeti\u015fkin \u00fcr\u00fcnleri al\u0131\u015fveri\u015fi! Geni\u015f \u00fcr\u00fcn yelpazemizi ke\u015ffedin, hemen sipari\u015f verin\",\"publisher\":{\"@id\":\"https:\/\/hobierotikshop.com.tr\/website1\/#organization\"},\"alternateName\":\"Erotik Shop\",\"potentialAction\":[{\"@type\":\"SearchAction\",\"target\":{\"@type\":\"EntryPoint\",\"urlTemplate\":\"https:\/\/hobierotikshop.com.tr\/website1\/?s={search_term_string}\"},\"query-input\":{\"@type\":\"PropertyValueSpecification\",\"valueRequired\":true,\"valueName\":\"search_term_string\"}}],\"inLanguage\":\"tr\"},{\"@type\":\"Organization\",\"@id\":\"https:\/\/hobierotikshop.com.tr\/website1\/#organization\",\"name\":\"Harem Bursa Erotik Shop\",\"url\":\"https:\/\/hobierotikshop.com.tr\/website1\/\",\"logo\":{\"@type\":\"ImageObject\",\"inLanguage\":\"tr\",\"@id\":\"https:\/\/hobierotikshop.com.tr\/website1\/#\/schema\/logo\/image\/\",\"url\":\"https:\/\/haremerotikshop.com\/wp-content\/uploads\/2025\/03\/haremsexshop.png\",\"contentUrl\":\"https:\/\/haremerotikshop.com\/wp-content\/uploads\/2025\/03\/haremsexshop.png\",\"width\":400,\"height\":100,\"caption\":\"Harem Bursa Erotik Shop\"},\"image\":{\"@id\":\"https:\/\/hobierotikshop.com.tr\/website1\/#\/schema\/logo\/image\/\"},\"sameAs\":[\"https:\/\/x.com\/shopbursa\"],\"publishingPrinciples\":\"https:\/\/hobierotikshop.com.tr\/website1\/mesafeli-satis-sozlesmesi\/\",\"ownershipFundingInfo\":\"https:\/\/hobierotikshop.com.tr\/website1\/contact-us\/\",\"actionableFeedbackPolicy\":\"https:\/\/hobierotikshop.com.tr\/website1\/contact-us\/\",\"correctionsPolicy\":\"https:\/\/hobierotikshop.com.tr\/website1\/mesafeli-satis-sozlesmesi\/\"}]}<\/script>\n<meta property=\"product:brand\" content=\"Pembe Tilki\" \/>\n<meta property=\"product:price:amount\" content=\"2950.00\" \/>\n<meta property=\"product:price:currency\" content=\"TRY\" \/>\n<meta property=\"og:availability\" content=\"out of stock\" \/>\n<meta property=\"product:availability\" content=\"out of stock\" \/>\n<meta property=\"product:retailer_item_id\" content=\"PT-VMXS047\" \/>\n<meta property=\"product:condition\" content=\"new\" \/>\n<!-- \/ Yoast SEO Premium plugin. -->","yoast_head_json":{"title":"Ger\u00e7ek\u00e7i Kal\u00e7a Mast\u00fcrbat\u00f6r 2.6 Kg - Bursa Erotik Shop","robots":{"index":"index","follow":"follow","max-snippet":"max-snippet:-1","max-image-preview":"max-image-preview:large","max-video-preview":"max-video-preview:-1"},"canonical":"https:\/\/hobierotikshop.com.tr\/website1\/erotik-shop-urun\/gercekci-kalca-masturbator-2-6-kg\/","og_locale":"tr_TR","og_type":"article","og_title":"Ger\u00e7ek\u00e7i Kal\u00e7a Mast\u00fcrbat\u00f6r 2.6 Kg","og_description":"Ger\u00e7ek\u00e7i Kal\u00e7a Mast\u00fcrbat\u00f6r \u2013 2.6 KG, ger\u00e7ek\u00e7i tasar\u0131m\u0131 ve yumu\u015fak dokusu ile cinsel deneyiminizi daha tatmin edici ve keyifli hale getirebilmek i\u00e7in \u00f6zel olarak tasarlanm\u0131\u015ft\u0131r. 2.6 kg a\u011f\u0131rl\u0131\u011f\u0131, \u00fcr\u00fcn\u00fc sabit tutar ve her pozisyonda do\u011fal bir his sa\u011flar. Kal\u00e7a formu, g\u00f6rsel ve dokunsal olarak ger\u00e7ekten tatmin edici bir deneyim sunar.","og_url":"https:\/\/hobierotikshop.com.tr\/website1\/erotik-shop-urun\/gercekci-kalca-masturbator-2-6-kg\/","og_site_name":"Bursa Erotik Shop","article_modified_time":"2026-01-26T13:07:14+00:00","og_image":[{"width":1500,"height":1500,"url":"https:\/\/hobierotikshop.com.tr\/website1\/wp-content\/uploads\/2025\/03\/gercekci-kalca-masturbator-2-6kg-2648.jpg","type":"image\/jpeg"}],"twitter_card":"summary_large_image","twitter_site":"@shopbursa","twitter_misc":{"Fiyat":"&#8378;2.950,00 KDV DAH\u0130L","Availability":"Out of stock"},"schema":{"@context":"https:\/\/schema.org","@graph":[{"@type":"WebPage","@id":"https:\/\/hobierotikshop.com.tr\/website1\/erotik-shop-urun\/gercekci-kalca-masturbator-2-6-kg\/","url":"https:\/\/hobierotikshop.com.tr\/website1\/erotik-shop-urun\/gercekci-kalca-masturbator-2-6-kg\/","name":"Ger\u00e7ek\u00e7i Kal\u00e7a Mast\u00fcrbat\u00f6r 2.6 Kg - Bursa Erotik Shop","isPartOf":{"@id":"https:\/\/hobierotikshop.com.tr\/website1\/#website"},"primaryImageOfPage":{"@id":"https:\/\/hobierotikshop.com.tr\/website1\/erotik-shop-urun\/gercekci-kalca-masturbator-2-6-kg\/#primaryimage"},"image":{"@id":"https:\/\/hobierotikshop.com.tr\/website1\/erotik-shop-urun\/gercekci-kalca-masturbator-2-6-kg\/#primaryimage"},"thumbnailUrl":"https:\/\/haremerotikshop.com\/site\/wp-content\/uploads\/2025\/03\/gercekci-kalca-masturbator-2-6kg-2648.jpg","datePublished":"2025-03-17T09:31:55+00:00","dateModified":"2026-01-26T13:07:14+00:00","breadcrumb":{"@id":"https:\/\/hobierotikshop.com.tr\/website1\/erotik-shop-urun\/gercekci-kalca-masturbator-2-6-kg\/#breadcrumb"},"inLanguage":"tr","potentialAction":[{"@type":"ReadAction","target":["https:\/\/hobierotikshop.com.tr\/website1\/erotik-shop-urun\/gercekci-kalca-masturbator-2-6-kg\/"]}]},{"@type":"ImageObject","inLanguage":"tr","@id":"https:\/\/hobierotikshop.com.tr\/website1\/erotik-shop-urun\/gercekci-kalca-masturbator-2-6-kg\/#primaryimage","url":"https:\/\/haremerotikshop.com\/site\/wp-content\/uploads\/2025\/03\/gercekci-kalca-masturbator-2-6kg-2648.jpg","contentUrl":"https:\/\/haremerotikshop.com\/site\/wp-content\/uploads\/2025\/03\/gercekci-kalca-masturbator-2-6kg-2648.jpg","width":1500,"height":1500},{"@type":"BreadcrumbList","@id":"https:\/\/hobierotikshop.com.tr\/website1\/erotik-shop-urun\/gercekci-kalca-masturbator-2-6-kg\/#breadcrumb","itemListElement":[{"@type":"ListItem","position":1,"name":"Anasayfa","item":"https:\/\/hobierotikshop.com.tr\/website1\/"},{"@type":"ListItem","position":2,"name":"Erotik Shop \u00dcr\u00fcnleri","item":"https:\/\/hobierotikshop.com.tr\/website1\/shop\/"},{"@type":"ListItem","position":3,"name":"Ger\u00e7ek\u00e7i Kal\u00e7a Mast\u00fcrbat\u00f6r 2.6 Kg"}]},{"@type":"WebSite","@id":"https:\/\/hobierotikshop.com.tr\/website1\/#website","url":"https:\/\/hobierotikshop.com.tr\/website1\/","name":"Bursa Erotik Shop","description":"Bursa Erotik Shop ile g\u00fcvenli, gizli ve kaliteli yeti\u015fkin \u00fcr\u00fcnleri al\u0131\u015fveri\u015fi! Geni\u015f \u00fcr\u00fcn yelpazemizi ke\u015ffedin, hemen sipari\u015f verin","publisher":{"@id":"https:\/\/hobierotikshop.com.tr\/website1\/#organization"},"alternateName":"Erotik Shop","potentialAction":[{"@type":"SearchAction","target":{"@type":"EntryPoint","urlTemplate":"https:\/\/hobierotikshop.com.tr\/website1\/?s={search_term_string}"},"query-input":{"@type":"PropertyValueSpecification","valueRequired":true,"valueName":"search_term_string"}}],"inLanguage":"tr"},{"@type":"Organization","@id":"https:\/\/hobierotikshop.com.tr\/website1\/#organization","name":"Harem Bursa Erotik Shop","url":"https:\/\/hobierotikshop.com.tr\/website1\/","logo":{"@type":"ImageObject","inLanguage":"tr","@id":"https:\/\/hobierotikshop.com.tr\/website1\/#\/schema\/logo\/image\/","url":"https:\/\/haremerotikshop.com\/wp-content\/uploads\/2025\/03\/haremsexshop.png","contentUrl":"https:\/\/haremerotikshop.com\/wp-content\/uploads\/2025\/03\/haremsexshop.png","width":400,"height":100,"caption":"Harem Bursa Erotik Shop"},"image":{"@id":"https:\/\/hobierotikshop.com.tr\/website1\/#\/schema\/logo\/image\/"},"sameAs":["https:\/\/x.com\/shopbursa"],"publishingPrinciples":"https:\/\/hobierotikshop.com.tr\/website1\/mesafeli-satis-sozlesmesi\/","ownershipFundingInfo":"https:\/\/hobierotikshop.com.tr\/website1\/contact-us\/","actionableFeedbackPolicy":"https:\/\/hobierotikshop.com.tr\/website1\/contact-us\/","correctionsPolicy":"https:\/\/hobierotikshop.com.tr\/website1\/mesafeli-satis-sozlesmesi\/"}]},"product_brand":"Pembe Tilki","product_price_amount":"2950.00","product_price_currency":"TRY","og_availability":"out of stock","product_availability":"out of stock","product_retailer_item_id":"PT-VMXS047","product_condition":"new"},"_links":{"self":[{"href":"https:\/\/haremerotikshop.com\/site\/wp-json\/wp\/v2\/product\/19322","targetHints":{"allow":["GET"]}}],"collection":[{"href":"https:\/\/haremerotikshop.com\/site\/wp-json\/wp\/v2\/product"}],"about":[{"href":"https:\/\/haremerotikshop.com\/site\/wp-json\/wp\/v2\/types\/product"}],"replies":[{"embeddable":true,"href":"https:\/\/haremerotikshop.com\/site\/wp-json\/wp\/v2\/comments?post=19322"}],"version-history":[{"count":0,"href":"https:\/\/haremerotikshop.com\/site\/wp-json\/wp\/v2\/product\/19322\/revisions"}],"wp:featuredmedia":[{"embeddable":true,"href":"https:\/\/haremerotikshop.com\/site\/wp-json\/wp\/v2\/media\/19411"}],"wp:attachment":[{"href":"https:\/\/haremerotikshop.com\/site\/wp-json\/wp\/v2\/media?parent=19322"}],"wp:term":[{"taxonomy":"product_brand","embeddable":true,"href":"https:\/\/haremerotikshop.com\/site\/wp-json\/wp\/v2\/product_brand?post=19322"},{"taxonomy":"product_cat","embeddable":true,"href":"https:\/\/haremerotikshop.com\/site\/wp-json\/wp\/v2\/product_cat?post=19322"},{"taxonomy":"product_tag","embeddable":true,"href":"https:\/\/haremerotikshop.com\/site\/wp-json\/wp\/v2\/product_tag?post=19322"}],"curies":[{"name":"wp","href":"https:\/\/api.w.org\/{rel}","templated":true}]}}