{"id":19339,"date":"2025-03-17T12:32:18","date_gmt":"2025-03-17T09:32:18","guid":{"rendered":"https:\/\/haremerotikshop.com\/site\/?post_type=product&#038;p=19339"},"modified":"2026-01-26T16:05:14","modified_gmt":"2026-01-26T13:05:14","slug":"penis-pompasi-seti","status":"publish","type":"product","link":"https:\/\/haremerotikshop.com\/site\/erotik-shop-urun\/penis-pompasi-seti\/","title":{"rendered":"Penis Pompas\u0131 Seti"},"content":{"rendered":"<h3 data-start=\"64\" data-end=\"153\"><strong data-start=\"68\" data-end=\"153\">Penis Pompas\u0131 Seti \u2013 Pembe Tilki: Erkek Cinsel Sa\u011fl\u0131\u011f\u0131n\u0131 Destekleyen Etkili \u00c7\u00f6z\u00fcm<\/strong><\/h3>\n<p data-start=\"155\" data-end=\"589\"><strong data-start=\"155\" data-end=\"191\">Penis Pompas\u0131 Seti \u2013 Pembe Tilki<\/strong>, erkeklere \u00f6zel olarak tasarlanm\u0131\u015f <strong data-start=\"227\" data-end=\"246\">y\u00fcksek kaliteli<\/strong> bir \u00fcr\u00fcnd\u00fcr ve <strong data-start=\"262\" data-end=\"279\">penis b\u00fcy\u00fctme<\/strong> ile <strong data-start=\"284\" data-end=\"313\">cinsel performans art\u0131rma<\/strong> amac\u0131yla geli\u015ftirilmi\u015ftir. Hem <strong data-start=\"345\" data-end=\"365\">penis geni\u015fletme<\/strong> hem de <strong data-start=\"373\" data-end=\"389\">sedye i\u015flevi<\/strong> g\u00f6ren bu \u00fcr\u00fcn, <strong data-start=\"405\" data-end=\"457\">d\u00fczenli kullan\u0131mda cinsel deneyimi g\u00fc\u00e7lendirmeyi<\/strong> hedefler. <strong data-start=\"468\" data-end=\"488\">Kompakt tasar\u0131m\u0131<\/strong>, <strong data-start=\"490\" data-end=\"510\">ergonomik yap\u0131s\u0131<\/strong> ve <strong data-start=\"514\" data-end=\"538\">kolay temizlenebilir<\/strong> \u00f6zellikleri ile kullan\u0131c\u0131 dostu bir deneyim sunar.<\/p>\n<h3 data-start=\"591\" data-end=\"620\"><strong data-start=\"595\" data-end=\"620\">\u00d6ne \u00c7\u0131kan \u00d6zellikler:<\/strong><\/h3>\n<h4 data-start=\"622\" data-end=\"654\"><strong data-start=\"627\" data-end=\"654\">Y\u00fcksek Kaliteli Malzeme<\/strong><\/h4>\n<ul data-start=\"655\" data-end=\"864\">\n<li data-start=\"655\" data-end=\"864\"><strong data-start=\"657\" data-end=\"671\">Cilt dostu<\/strong> ve <strong data-start=\"675\" data-end=\"696\">dayan\u0131kl\u0131 silikon<\/strong> malzemeden \u00fcretilmi\u015ftir, b\u00f6ylece g\u00fcvenli ve konforlu bir kullan\u0131m deneyimi sunar. Silikon yap\u0131s\u0131, <strong data-start=\"795\" data-end=\"826\">uzun s\u00fcreli kullan\u0131mda bile<\/strong> sa\u011fl\u0131kl\u0131 ve rahat bir deneyim sa\u011flar.<\/li>\n<\/ul>\n<h4 data-start=\"866\" data-end=\"904\"><strong data-start=\"871\" data-end=\"904\">Erkek Cinsel Sa\u011fl\u0131\u011f\u0131na Destek<\/strong><\/h4>\n<ul data-start=\"905\" data-end=\"1166\">\n<li data-start=\"905\" data-end=\"1166\"><strong data-start=\"907\" data-end=\"924\">Penis pompas\u0131<\/strong> seti, <strong data-start=\"931\" data-end=\"948\">penis b\u00fcy\u00fctme<\/strong> ve <strong data-start=\"952\" data-end=\"974\">cinsel stim\u00fclasyon<\/strong> etkisi ile erkeklerin <strong data-start=\"997\" data-end=\"1021\">cinsel performans\u0131n\u0131<\/strong> art\u0131rmaya yard\u0131mc\u0131 olur. <strong data-start=\"1047\" data-end=\"1067\">D\u00fczenli kullan\u0131m<\/strong>, uzun vadede <strong data-start=\"1081\" data-end=\"1105\">ereksiyon kalitesini<\/strong> ve <strong data-start=\"1109\" data-end=\"1121\">geni\u015flik<\/strong> art\u0131rma konusunda olumlu sonu\u00e7lar verebilir.<\/li>\n<\/ul>\n<h4 data-start=\"1168\" data-end=\"1196\"><strong data-start=\"1173\" data-end=\"1196\">IPX7 Su Ge\u00e7irmezlik<\/strong><\/h4>\n<ul data-start=\"1197\" data-end=\"1385\">\n<li data-start=\"1197\" data-end=\"1385\"><strong data-start=\"1199\" data-end=\"1214\">Su ge\u00e7irmez<\/strong> \u00f6zelli\u011fi sayesinde, <strong data-start=\"1235\" data-end=\"1244\">du\u015fta<\/strong> veya <strong data-start=\"1250\" data-end=\"1261\">banyoda<\/strong> g\u00fcvenle kullan\u0131labilir. Bu \u00f6zellik, \u00fcr\u00fcn\u00fc <strong data-start=\"1304\" data-end=\"1328\">kolay temizlenebilir<\/strong> hale getirir ve hijyen a\u00e7\u0131s\u0131ndan ekstra rahatl\u0131k sa\u011flar.<\/li>\n<\/ul>\n<h4 data-start=\"1387\" data-end=\"1424\"><strong data-start=\"1392\" data-end=\"1424\">Kompakt ve Ergonomik Tasar\u0131m<\/strong><\/h4>\n<ul data-start=\"1425\" data-end=\"1635\">\n<li data-start=\"1425\" data-end=\"1635\"><strong data-start=\"1427\" data-end=\"1445\">70 mm x 220 mm<\/strong> boyutlar\u0131ndaki model, <strong data-start=\"1468\" data-end=\"1485\">kolay kavrama<\/strong> ve <strong data-start=\"1489\" data-end=\"1507\">rahat kullan\u0131m<\/strong> sunmak i\u00e7in \u00f6zel olarak tasarlanm\u0131\u015ft\u0131r. \u00dcr\u00fcn\u00fcn kompakt yap\u0131s\u0131, <strong data-start=\"1571\" data-end=\"1635\">herhangi bir ortamda rahatl\u0131kla kullan\u0131lmas\u0131na olanak tan\u0131r.<\/strong><\/li>\n<\/ul>\n<h4 data-start=\"1637\" data-end=\"1672\"><strong data-start=\"1642\" data-end=\"1672\">Farkl\u0131 Boyutlarda Contalar<\/strong><\/h4>\n<ul data-start=\"1673\" data-end=\"1902\">\n<li data-start=\"1673\" data-end=\"1902\"><strong data-start=\"1675\" data-end=\"1693\">Set i\u00e7erisinde<\/strong>, farkl\u0131 boyutlarda <strong data-start=\"1713\" data-end=\"1725\">contalar<\/strong> bulunur, bu da \u00fcr\u00fcn\u00fcn <strong data-start=\"1748\" data-end=\"1798\">her kullan\u0131c\u0131 i\u00e7in uygun hale gelmesini sa\u011flar<\/strong>. Bu \u00f6zellik, <strong data-start=\"1812\" data-end=\"1829\">kapsama alan\u0131<\/strong> a\u00e7\u0131s\u0131ndan geni\u015fletilerek ki\u015fisel ihtiyac\u0131n\u0131za g\u00f6re ayarlama yap\u0131labilir.<\/li>\n<\/ul>\n<h3 data-start=\"1904\" data-end=\"1973\"><strong data-start=\"1908\" data-end=\"1973\">Neden Penis Pompas\u0131 Seti \u2013 Pembe Tilki\u2019yi Tercih Etmelisiniz?<\/strong><\/h3>\n<h4 data-start=\"1975\" data-end=\"2018\"><strong data-start=\"1980\" data-end=\"2018\">Penis B\u00fcy\u00fctme ve Performans Art\u0131\u015f\u0131<\/strong><\/h4>\n<ul data-start=\"2019\" data-end=\"2251\">\n<li data-start=\"2019\" data-end=\"2251\"><strong data-start=\"2021\" data-end=\"2043\">Penis Pompas\u0131 Seti<\/strong>, <strong data-start=\"2045\" data-end=\"2062\">penis b\u00fcy\u00fctme<\/strong> hedeflerinize yard\u0131mc\u0131 olurken, ayn\u0131 zamanda <strong data-start=\"2108\" data-end=\"2134\">cinsel performans\u0131n\u0131z\u0131<\/strong> art\u0131rman\u0131za destek verir. Setin etkili vakum \u00f6zelli\u011fi, d\u00fczenli kullan\u0131mda sonu\u00e7lar\u0131n\u0131z\u0131 daha h\u0131zl\u0131 g\u00f6rmenizi sa\u011flar.<\/li>\n<\/ul>\n<h4 data-start=\"2253\" data-end=\"2290\"><strong data-start=\"2258\" data-end=\"2290\">Konforlu ve G\u00fcvenli Kullan\u0131m<\/strong><\/h4>\n<ul data-start=\"2291\" data-end=\"2474\">\n<li data-start=\"2291\" data-end=\"2474\"><strong data-start=\"2293\" data-end=\"2312\">Silikon malzeme<\/strong> sayesinde, uzun s\u00fcreli kullan\u0131mda bile <strong data-start=\"2352\" data-end=\"2367\">rahats\u0131zl\u0131k<\/strong> yaratmaz ve <strong data-start=\"2380\" data-end=\"2404\">g\u00fcvenli bir kullan\u0131m<\/strong> sunar. <strong data-start=\"2412\" data-end=\"2433\">Cilt dostu yap\u0131s\u0131<\/strong>, v\u00fccudunuzla uyumlu bir \u015fekilde \u00e7al\u0131\u015f\u0131r.<\/li>\n<\/ul>\n<h4 data-start=\"2476\" data-end=\"2514\"><strong data-start=\"2481\" data-end=\"2514\">Su Ge\u00e7irmez ve Kolay Temizlik<\/strong><\/h4>\n<ul data-start=\"2515\" data-end=\"2696\">\n<li data-start=\"2515\" data-end=\"2696\"><strong data-start=\"2517\" data-end=\"2540\">IPX7 su ge\u00e7irmezlik<\/strong> \u00f6zelli\u011fi, \u00fcr\u00fcn\u00fc <strong data-start=\"2557\" data-end=\"2579\">banyoda veya du\u015fta<\/strong> rahat\u00e7a kullanabilmenizi sa\u011flar. Ayn\u0131 zamanda <strong data-start=\"2626\" data-end=\"2652\">kolayca temizlenebilir<\/strong>, hijyen a\u00e7\u0131s\u0131ndan \u00f6nemli bir avantaj sunar.<\/li>\n<\/ul>\n<h4 data-start=\"2698\" data-end=\"2740\"><strong data-start=\"2703\" data-end=\"2740\">Kompakt Tasar\u0131m ve Ta\u015f\u0131nabilirlik<\/strong><\/h4>\n<ul data-start=\"2741\" data-end=\"2965\">\n<li data-start=\"2741\" data-end=\"2965\"><strong data-start=\"2743\" data-end=\"2763\">Kompakt boyutlar<\/strong> ve <strong data-start=\"2767\" data-end=\"2788\">ergonomik tasar\u0131m<\/strong>, bu \u00fcr\u00fcn\u00fc <strong data-start=\"2799\" data-end=\"2811\">ta\u015f\u0131may\u0131<\/strong> ve <strong data-start=\"2815\" data-end=\"2829\">kullanmay\u0131<\/strong> olduk\u00e7a pratik hale getirir. Ayr\u0131ca, setin i\u00e7eri\u011findeki <strong data-start=\"2886\" data-end=\"2918\">farkl\u0131 boyutlardaki contalar<\/strong> kullan\u0131c\u0131n\u0131n ihtiya\u00e7lar\u0131na g\u00f6re ayarlanabilir.<\/li>\n<\/ul>\n<h3 data-start=\"2967\" data-end=\"3042\"><strong data-start=\"2971\" data-end=\"3042\">Penis Pompas\u0131 Seti \u2013 Pembe Tilki ile Cinsel Deneyiminizi Geli\u015ftirin<\/strong><\/h3>\n<p data-start=\"3044\" data-end=\"3608\"><strong data-start=\"3044\" data-end=\"3080\">Penis Pompas\u0131 Seti \u2013 Pembe Tilki<\/strong>, g\u00fc\u00e7l\u00fc <strong data-start=\"3088\" data-end=\"3104\">vakum etkisi<\/strong> ve <strong data-start=\"3108\" data-end=\"3141\">konforlu silikon malzemesiyle<\/strong>, <strong data-start=\"3143\" data-end=\"3165\">cinsel performans\u0131<\/strong> ve <strong data-start=\"3169\" data-end=\"3189\">penis geni\u015fletme<\/strong> hedeflerinize ula\u015fman\u0131za yard\u0131mc\u0131 olacak etkili bir \u00e7\u00f6z\u00fcm sunar. <strong data-start=\"3255\" data-end=\"3270\">Su ge\u00e7irmez<\/strong> tasar\u0131m\u0131 sayesinde <strong data-start=\"3290\" data-end=\"3299\">du\u015fta<\/strong> ya da <strong data-start=\"3306\" data-end=\"3317\">banyoda<\/strong> kullan\u0131labilir, <strong data-start=\"3334\" data-end=\"3360\">kolayca temizlenebilir<\/strong> ve uzun \u00f6m\u00fcrl\u00fcd\u00fcr. Erkek cinsel sa\u011fl\u0131\u011f\u0131n\u0131 <strong data-start=\"3403\" data-end=\"3418\">destekleyen<\/strong> bu \u00fcr\u00fcn, <strong data-start=\"3428\" data-end=\"3450\">d\u00fczenli kullan\u0131mda<\/strong> etkili sonu\u00e7lar alman\u0131z\u0131 sa\u011flar. <strong data-start=\"3484\" data-end=\"3501\">Setin i\u00e7eri\u011fi<\/strong> ile kullan\u0131c\u0131 dostu bir deneyim sunar ve hem yeni ba\u015flayanlar hem de deneyimli kullan\u0131c\u0131lar i\u00e7in uygundur.<\/p>\n","protected":false},"excerpt":{"rendered":"<p><strong data-start=\"155\" data-end=\"191\">Penis Pompas\u0131 Seti \u2013 Pembe Tilki<\/strong>, erkeklere \u00f6zel olarak tasarlanm\u0131\u015f <strong data-start=\"227\" data-end=\"246\">y\u00fcksek kaliteli<\/strong> bir \u00fcr\u00fcnd\u00fcr ve <strong data-start=\"262\" data-end=\"279\">penis b\u00fcy\u00fctme<\/strong> ile <strong data-start=\"284\" data-end=\"313\">cinsel performans art\u0131rma<\/strong> amac\u0131yla geli\u015ftirilmi\u015ftir. Hem <strong data-start=\"345\" data-end=\"365\">penis geni\u015fletme<\/strong> hem de <strong data-start=\"373\" data-end=\"389\">sedye i\u015flevi<\/strong> g\u00f6ren bu \u00fcr\u00fcn, <strong data-start=\"405\" data-end=\"457\">d\u00fczenli kullan\u0131mda cinsel deneyimi g\u00fc\u00e7lendirmeyi<\/strong> hedefler. <strong data-start=\"468\" data-end=\"488\">Kompakt tasar\u0131m\u0131<\/strong>, <strong data-start=\"490\" data-end=\"510\">ergonomik yap\u0131s\u0131<\/strong> ve <strong data-start=\"514\" data-end=\"538\">kolay temizlenebilir<\/strong> \u00f6zellikleri ile kullan\u0131c\u0131 dostu bir deneyim sunar.<\/p>\n","protected":false},"featured_media":19425,"comment_status":"open","ping_status":"closed","template":"","meta":[],"product_brand":[127],"product_cat":[220],"product_tag":[318],"class_list":{"0":"post-19339","1":"product","2":"type-product","3":"status-publish","4":"has-post-thumbnail","6":"product_brand-pembe-tilki","7":"product_cat-penis-pompasi","8":"product_tag-penis-pompasi-seti","10":"first","11":"instock","12":"taxable","13":"shipping-taxable","14":"purchasable","15":"product-type-simple"},"yoast_head":"<!-- This site is optimized with the Yoast SEO Premium plugin v24.4 (Yoast SEO v27.1.1) - https:\/\/yoast.com\/product\/yoast-seo-premium-wordpress\/ -->\n<title>Penis Pompas\u0131 Seti - Bursa Erotik Shop<\/title>\n<meta name=\"robots\" content=\"index, follow, max-snippet:-1, max-image-preview:large, max-video-preview:-1\" \/>\n<link rel=\"canonical\" href=\"https:\/\/hobierotikshop.com.tr\/website1\/erotik-shop-urun\/penis-pompasi-seti\/\" \/>\n<meta property=\"og:locale\" content=\"tr_TR\" \/>\n<meta property=\"og:type\" content=\"article\" \/>\n<meta property=\"og:title\" content=\"Penis Pompas\u0131 Seti\" \/>\n<meta property=\"og:description\" content=\"Penis Pompas\u0131 Seti \u2013 Pembe Tilki, erkeklere \u00f6zel olarak tasarlanm\u0131\u015f y\u00fcksek kaliteli bir \u00fcr\u00fcnd\u00fcr ve penis b\u00fcy\u00fctme ile cinsel performans art\u0131rma amac\u0131yla geli\u015ftirilmi\u015ftir. Hem penis geni\u015fletme hem de sedye i\u015flevi g\u00f6ren bu \u00fcr\u00fcn, d\u00fczenli kullan\u0131mda cinsel deneyimi g\u00fc\u00e7lendirmeyi hedefler. Kompakt tasar\u0131m\u0131, ergonomik yap\u0131s\u0131 ve kolay temizlenebilir \u00f6zellikleri ile kullan\u0131c\u0131 dostu bir deneyim sunar.\" \/>\n<meta property=\"og:url\" content=\"https:\/\/hobierotikshop.com.tr\/website1\/erotik-shop-urun\/penis-pompasi-seti\/\" \/>\n<meta property=\"og:site_name\" content=\"Bursa Erotik Shop\" \/>\n<meta property=\"article:modified_time\" content=\"2026-01-26T13:05:14+00:00\" \/>\n<meta property=\"og:image\" content=\"https:\/\/hobierotikshop.com.tr\/website1\/wp-content\/uploads\/2025\/03\/penis-pompasi-seti-2585.jpg\" \/>\n\t<meta property=\"og:image:width\" content=\"1000\" \/>\n\t<meta property=\"og:image:height\" content=\"1000\" \/>\n\t<meta property=\"og:image:type\" content=\"image\/jpeg\" \/>\n<meta name=\"twitter:card\" content=\"summary_large_image\" \/>\n<meta name=\"twitter:site\" content=\"@shopbursa\" \/>\n<meta name=\"twitter:label1\" content=\"Fiyat\" \/>\n\t<meta name=\"twitter:data1\" content=\"&#8378;1.800,00 KDV DAH\u0130L\" \/>\n\t<meta name=\"twitter:label2\" content=\"Availability\" \/>\n\t<meta name=\"twitter:data2\" content=\"In stock\" \/>\n<script type=\"application\/ld+json\" class=\"yoast-schema-graph\">{\"@context\":\"https:\/\/schema.org\",\"@graph\":[{\"@type\":\"WebPage\",\"@id\":\"https:\/\/hobierotikshop.com.tr\/website1\/erotik-shop-urun\/penis-pompasi-seti\/\",\"url\":\"https:\/\/hobierotikshop.com.tr\/website1\/erotik-shop-urun\/penis-pompasi-seti\/\",\"name\":\"Penis Pompas\u0131 Seti - Bursa Erotik Shop\",\"isPartOf\":{\"@id\":\"https:\/\/hobierotikshop.com.tr\/website1\/#website\"},\"primaryImageOfPage\":{\"@id\":\"https:\/\/hobierotikshop.com.tr\/website1\/erotik-shop-urun\/penis-pompasi-seti\/#primaryimage\"},\"image\":{\"@id\":\"https:\/\/hobierotikshop.com.tr\/website1\/erotik-shop-urun\/penis-pompasi-seti\/#primaryimage\"},\"thumbnailUrl\":\"https:\/\/haremerotikshop.com\/site\/wp-content\/uploads\/2025\/03\/penis-pompasi-seti-2585.jpg\",\"datePublished\":\"2025-03-17T09:32:18+00:00\",\"dateModified\":\"2026-01-26T13:05:14+00:00\",\"breadcrumb\":{\"@id\":\"https:\/\/hobierotikshop.com.tr\/website1\/erotik-shop-urun\/penis-pompasi-seti\/#breadcrumb\"},\"inLanguage\":\"tr\",\"potentialAction\":[{\"@type\":\"ReadAction\",\"target\":[\"https:\/\/hobierotikshop.com.tr\/website1\/erotik-shop-urun\/penis-pompasi-seti\/\"]}]},{\"@type\":\"ImageObject\",\"inLanguage\":\"tr\",\"@id\":\"https:\/\/hobierotikshop.com.tr\/website1\/erotik-shop-urun\/penis-pompasi-seti\/#primaryimage\",\"url\":\"https:\/\/haremerotikshop.com\/site\/wp-content\/uploads\/2025\/03\/penis-pompasi-seti-2585.jpg\",\"contentUrl\":\"https:\/\/haremerotikshop.com\/site\/wp-content\/uploads\/2025\/03\/penis-pompasi-seti-2585.jpg\",\"width\":1000,\"height\":1000},{\"@type\":\"BreadcrumbList\",\"@id\":\"https:\/\/hobierotikshop.com.tr\/website1\/erotik-shop-urun\/penis-pompasi-seti\/#breadcrumb\",\"itemListElement\":[{\"@type\":\"ListItem\",\"position\":1,\"name\":\"Anasayfa\",\"item\":\"https:\/\/hobierotikshop.com.tr\/website1\/\"},{\"@type\":\"ListItem\",\"position\":2,\"name\":\"Erotik Shop \u00dcr\u00fcnleri\",\"item\":\"https:\/\/hobierotikshop.com.tr\/website1\/shop\/\"},{\"@type\":\"ListItem\",\"position\":3,\"name\":\"Penis Pompas\u0131 Seti\"}]},{\"@type\":\"WebSite\",\"@id\":\"https:\/\/hobierotikshop.com.tr\/website1\/#website\",\"url\":\"https:\/\/hobierotikshop.com.tr\/website1\/\",\"name\":\"Bursa Erotik Shop\",\"description\":\"Bursa Erotik Shop ile g\u00fcvenli, gizli ve kaliteli yeti\u015fkin \u00fcr\u00fcnleri al\u0131\u015fveri\u015fi! Geni\u015f \u00fcr\u00fcn yelpazemizi ke\u015ffedin, hemen sipari\u015f verin\",\"publisher\":{\"@id\":\"https:\/\/hobierotikshop.com.tr\/website1\/#organization\"},\"alternateName\":\"Erotik Shop\",\"potentialAction\":[{\"@type\":\"SearchAction\",\"target\":{\"@type\":\"EntryPoint\",\"urlTemplate\":\"https:\/\/hobierotikshop.com.tr\/website1\/?s={search_term_string}\"},\"query-input\":{\"@type\":\"PropertyValueSpecification\",\"valueRequired\":true,\"valueName\":\"search_term_string\"}}],\"inLanguage\":\"tr\"},{\"@type\":\"Organization\",\"@id\":\"https:\/\/hobierotikshop.com.tr\/website1\/#organization\",\"name\":\"Harem Bursa Erotik Shop\",\"url\":\"https:\/\/hobierotikshop.com.tr\/website1\/\",\"logo\":{\"@type\":\"ImageObject\",\"inLanguage\":\"tr\",\"@id\":\"https:\/\/hobierotikshop.com.tr\/website1\/#\/schema\/logo\/image\/\",\"url\":\"https:\/\/haremerotikshop.com\/wp-content\/uploads\/2025\/03\/haremsexshop.png\",\"contentUrl\":\"https:\/\/haremerotikshop.com\/wp-content\/uploads\/2025\/03\/haremsexshop.png\",\"width\":400,\"height\":100,\"caption\":\"Harem Bursa Erotik Shop\"},\"image\":{\"@id\":\"https:\/\/hobierotikshop.com.tr\/website1\/#\/schema\/logo\/image\/\"},\"sameAs\":[\"https:\/\/x.com\/shopbursa\"],\"publishingPrinciples\":\"https:\/\/hobierotikshop.com.tr\/website1\/mesafeli-satis-sozlesmesi\/\",\"ownershipFundingInfo\":\"https:\/\/hobierotikshop.com.tr\/website1\/contact-us\/\",\"actionableFeedbackPolicy\":\"https:\/\/hobierotikshop.com.tr\/website1\/contact-us\/\",\"correctionsPolicy\":\"https:\/\/hobierotikshop.com.tr\/website1\/mesafeli-satis-sozlesmesi\/\"}]}<\/script>\n<meta property=\"product:brand\" content=\"Pembe Tilki\" \/>\n<meta property=\"product:price:amount\" content=\"1800.00\" \/>\n<meta property=\"product:price:currency\" content=\"TRY\" \/>\n<meta property=\"og:availability\" content=\"instock\" \/>\n<meta property=\"product:availability\" content=\"instock\" \/>\n<meta property=\"product:retailer_item_id\" content=\"PT-ECXD860B\" \/>\n<meta property=\"product:condition\" content=\"new\" \/>\n<!-- \/ Yoast SEO Premium plugin. -->","yoast_head_json":{"title":"Penis Pompas\u0131 Seti - Bursa Erotik Shop","robots":{"index":"index","follow":"follow","max-snippet":"max-snippet:-1","max-image-preview":"max-image-preview:large","max-video-preview":"max-video-preview:-1"},"canonical":"https:\/\/hobierotikshop.com.tr\/website1\/erotik-shop-urun\/penis-pompasi-seti\/","og_locale":"tr_TR","og_type":"article","og_title":"Penis Pompas\u0131 Seti","og_description":"Penis Pompas\u0131 Seti \u2013 Pembe Tilki, erkeklere \u00f6zel olarak tasarlanm\u0131\u015f y\u00fcksek kaliteli bir \u00fcr\u00fcnd\u00fcr ve penis b\u00fcy\u00fctme ile cinsel performans art\u0131rma amac\u0131yla geli\u015ftirilmi\u015ftir. Hem penis geni\u015fletme hem de sedye i\u015flevi g\u00f6ren bu \u00fcr\u00fcn, d\u00fczenli kullan\u0131mda cinsel deneyimi g\u00fc\u00e7lendirmeyi hedefler. Kompakt tasar\u0131m\u0131, ergonomik yap\u0131s\u0131 ve kolay temizlenebilir \u00f6zellikleri ile kullan\u0131c\u0131 dostu bir deneyim sunar.","og_url":"https:\/\/hobierotikshop.com.tr\/website1\/erotik-shop-urun\/penis-pompasi-seti\/","og_site_name":"Bursa Erotik Shop","article_modified_time":"2026-01-26T13:05:14+00:00","og_image":[{"width":1000,"height":1000,"url":"https:\/\/hobierotikshop.com.tr\/website1\/wp-content\/uploads\/2025\/03\/penis-pompasi-seti-2585.jpg","type":"image\/jpeg"}],"twitter_card":"summary_large_image","twitter_site":"@shopbursa","twitter_misc":{"Fiyat":"&#8378;1.800,00 KDV DAH\u0130L","Availability":"In stock"},"schema":{"@context":"https:\/\/schema.org","@graph":[{"@type":"WebPage","@id":"https:\/\/hobierotikshop.com.tr\/website1\/erotik-shop-urun\/penis-pompasi-seti\/","url":"https:\/\/hobierotikshop.com.tr\/website1\/erotik-shop-urun\/penis-pompasi-seti\/","name":"Penis Pompas\u0131 Seti - Bursa Erotik Shop","isPartOf":{"@id":"https:\/\/hobierotikshop.com.tr\/website1\/#website"},"primaryImageOfPage":{"@id":"https:\/\/hobierotikshop.com.tr\/website1\/erotik-shop-urun\/penis-pompasi-seti\/#primaryimage"},"image":{"@id":"https:\/\/hobierotikshop.com.tr\/website1\/erotik-shop-urun\/penis-pompasi-seti\/#primaryimage"},"thumbnailUrl":"https:\/\/haremerotikshop.com\/site\/wp-content\/uploads\/2025\/03\/penis-pompasi-seti-2585.jpg","datePublished":"2025-03-17T09:32:18+00:00","dateModified":"2026-01-26T13:05:14+00:00","breadcrumb":{"@id":"https:\/\/hobierotikshop.com.tr\/website1\/erotik-shop-urun\/penis-pompasi-seti\/#breadcrumb"},"inLanguage":"tr","potentialAction":[{"@type":"ReadAction","target":["https:\/\/hobierotikshop.com.tr\/website1\/erotik-shop-urun\/penis-pompasi-seti\/"]}]},{"@type":"ImageObject","inLanguage":"tr","@id":"https:\/\/hobierotikshop.com.tr\/website1\/erotik-shop-urun\/penis-pompasi-seti\/#primaryimage","url":"https:\/\/haremerotikshop.com\/site\/wp-content\/uploads\/2025\/03\/penis-pompasi-seti-2585.jpg","contentUrl":"https:\/\/haremerotikshop.com\/site\/wp-content\/uploads\/2025\/03\/penis-pompasi-seti-2585.jpg","width":1000,"height":1000},{"@type":"BreadcrumbList","@id":"https:\/\/hobierotikshop.com.tr\/website1\/erotik-shop-urun\/penis-pompasi-seti\/#breadcrumb","itemListElement":[{"@type":"ListItem","position":1,"name":"Anasayfa","item":"https:\/\/hobierotikshop.com.tr\/website1\/"},{"@type":"ListItem","position":2,"name":"Erotik Shop \u00dcr\u00fcnleri","item":"https:\/\/hobierotikshop.com.tr\/website1\/shop\/"},{"@type":"ListItem","position":3,"name":"Penis Pompas\u0131 Seti"}]},{"@type":"WebSite","@id":"https:\/\/hobierotikshop.com.tr\/website1\/#website","url":"https:\/\/hobierotikshop.com.tr\/website1\/","name":"Bursa Erotik Shop","description":"Bursa Erotik Shop ile g\u00fcvenli, gizli ve kaliteli yeti\u015fkin \u00fcr\u00fcnleri al\u0131\u015fveri\u015fi! Geni\u015f \u00fcr\u00fcn yelpazemizi ke\u015ffedin, hemen sipari\u015f verin","publisher":{"@id":"https:\/\/hobierotikshop.com.tr\/website1\/#organization"},"alternateName":"Erotik Shop","potentialAction":[{"@type":"SearchAction","target":{"@type":"EntryPoint","urlTemplate":"https:\/\/hobierotikshop.com.tr\/website1\/?s={search_term_string}"},"query-input":{"@type":"PropertyValueSpecification","valueRequired":true,"valueName":"search_term_string"}}],"inLanguage":"tr"},{"@type":"Organization","@id":"https:\/\/hobierotikshop.com.tr\/website1\/#organization","name":"Harem Bursa Erotik Shop","url":"https:\/\/hobierotikshop.com.tr\/website1\/","logo":{"@type":"ImageObject","inLanguage":"tr","@id":"https:\/\/hobierotikshop.com.tr\/website1\/#\/schema\/logo\/image\/","url":"https:\/\/haremerotikshop.com\/wp-content\/uploads\/2025\/03\/haremsexshop.png","contentUrl":"https:\/\/haremerotikshop.com\/wp-content\/uploads\/2025\/03\/haremsexshop.png","width":400,"height":100,"caption":"Harem Bursa Erotik Shop"},"image":{"@id":"https:\/\/hobierotikshop.com.tr\/website1\/#\/schema\/logo\/image\/"},"sameAs":["https:\/\/x.com\/shopbursa"],"publishingPrinciples":"https:\/\/hobierotikshop.com.tr\/website1\/mesafeli-satis-sozlesmesi\/","ownershipFundingInfo":"https:\/\/hobierotikshop.com.tr\/website1\/contact-us\/","actionableFeedbackPolicy":"https:\/\/hobierotikshop.com.tr\/website1\/contact-us\/","correctionsPolicy":"https:\/\/hobierotikshop.com.tr\/website1\/mesafeli-satis-sozlesmesi\/"}]},"product_brand":"Pembe Tilki","product_price_amount":"1800.00","product_price_currency":"TRY","og_availability":"instock","product_availability":"instock","product_retailer_item_id":"PT-ECXD860B","product_condition":"new"},"_links":{"self":[{"href":"https:\/\/haremerotikshop.com\/site\/wp-json\/wp\/v2\/product\/19339","targetHints":{"allow":["GET"]}}],"collection":[{"href":"https:\/\/haremerotikshop.com\/site\/wp-json\/wp\/v2\/product"}],"about":[{"href":"https:\/\/haremerotikshop.com\/site\/wp-json\/wp\/v2\/types\/product"}],"replies":[{"embeddable":true,"href":"https:\/\/haremerotikshop.com\/site\/wp-json\/wp\/v2\/comments?post=19339"}],"version-history":[{"count":0,"href":"https:\/\/haremerotikshop.com\/site\/wp-json\/wp\/v2\/product\/19339\/revisions"}],"wp:featuredmedia":[{"embeddable":true,"href":"https:\/\/haremerotikshop.com\/site\/wp-json\/wp\/v2\/media\/19425"}],"wp:attachment":[{"href":"https:\/\/haremerotikshop.com\/site\/wp-json\/wp\/v2\/media?parent=19339"}],"wp:term":[{"taxonomy":"product_brand","embeddable":true,"href":"https:\/\/haremerotikshop.com\/site\/wp-json\/wp\/v2\/product_brand?post=19339"},{"taxonomy":"product_cat","embeddable":true,"href":"https:\/\/haremerotikshop.com\/site\/wp-json\/wp\/v2\/product_cat?post=19339"},{"taxonomy":"product_tag","embeddable":true,"href":"https:\/\/haremerotikshop.com\/site\/wp-json\/wp\/v2\/product_tag?post=19339"}],"curies":[{"name":"wp","href":"https:\/\/api.w.org\/{rel}","templated":true}]}}