{"id":19340,"date":"2025-03-17T12:32:18","date_gmt":"2025-03-17T09:32:18","guid":{"rendered":"https:\/\/haremerotikshop.com\/site\/?post_type=product&#038;p=19340"},"modified":"2026-01-26T16:05:36","modified_gmt":"2026-01-26T13:05:36","slug":"gostergeli-penis-pompasi","status":"publish","type":"product","link":"https:\/\/haremerotikshop.com\/site\/erotik-shop-urun\/gostergeli-penis-pompasi\/","title":{"rendered":"G\u00f6stergeli Penis Pompas\u0131"},"content":{"rendered":"<h3 data-start=\"64\" data-end=\"142\"><strong data-start=\"68\" data-end=\"142\">G\u00f6stergeli Penis Pompas\u0131: Etkili Performans Art\u0131\u015f\u0131 ve G\u00fcvenli Kullan\u0131m<\/strong><\/h3>\n<p data-start=\"144\" data-end=\"620\"><strong data-start=\"144\" data-end=\"172\">G\u00f6stergeli Penis Pompas\u0131<\/strong>, erkeklere \u00f6zel tasarlanm\u0131\u015f <strong data-start=\"201\" data-end=\"220\">y\u00fcksek kaliteli<\/strong> bir \u00fcr\u00fcnd\u00fcr ve <strong data-start=\"236\" data-end=\"253\">penis b\u00fcy\u00fctme<\/strong> ile <strong data-start=\"258\" data-end=\"288\">cinsel performans\u0131 art\u0131rma<\/strong> hedefleyen kullan\u0131c\u0131lara hitap eder. <strong data-start=\"326\" data-end=\"344\">Vakum etkisini<\/strong> ve <strong data-start=\"348\" data-end=\"369\">bas\u0131n\u00e7 seviyesini<\/strong> anl\u0131k olarak takip edebilmenize olanak tan\u0131yan <strong data-start=\"417\" data-end=\"438\">g\u00f6stergeli paneli<\/strong> sayesinde, <strong data-start=\"450\" data-end=\"461\">g\u00fcvenli<\/strong> ve <strong data-start=\"465\" data-end=\"490\">kontroll\u00fc bir deneyim<\/strong> sunar. <strong data-start=\"498\" data-end=\"516\">31 cm uzunlu\u011fu<\/strong> ve <strong data-start=\"520\" data-end=\"538\">7 cm kal\u0131nl\u0131\u011f\u0131<\/strong> ile geni\u015f i\u00e7 hacmi ve ergonomik tasar\u0131m\u0131, rahat ve etkili kullan\u0131m imkan\u0131 sa\u011flar.<\/p>\n<h3 data-start=\"622\" data-end=\"651\"><strong data-start=\"626\" data-end=\"651\">\u00d6ne \u00c7\u0131kan \u00d6zellikler:<\/strong><\/h3>\n<h4 data-start=\"653\" data-end=\"692\"><strong data-start=\"658\" data-end=\"692\">7 cm Kal\u0131nl\u0131k ve 31 cm Uzunluk<\/strong><\/h4>\n<ul data-start=\"693\" data-end=\"915\">\n<li data-start=\"693\" data-end=\"915\"><strong data-start=\"695\" data-end=\"713\">Geni\u015f i\u00e7 hacmi<\/strong> ile konforlu bir kullan\u0131m sunar ve farkl\u0131 anatomik yap\u0131lar\u0131 olan kullan\u0131c\u0131lar i\u00e7in ideal bir se\u00e7enek olu\u015fturur. Bu \u00f6zellik, <strong data-start=\"838\" data-end=\"861\">geli\u015fmi\u015f vakum g\u00fcc\u00fc<\/strong> ve <strong data-start=\"865\" data-end=\"885\">optimum rahatl\u0131k<\/strong> sa\u011flamak i\u00e7in tasarlanm\u0131\u015ft\u0131r.<\/li>\n<\/ul>\n<h4 data-start=\"917\" data-end=\"961\"><strong data-start=\"922\" data-end=\"961\">Bas\u0131n\u00e7 G\u00f6stergesi ile Anl\u0131k Kontrol<\/strong><\/h4>\n<ul data-start=\"962\" data-end=\"1180\">\n<li data-start=\"962\" data-end=\"1180\"><strong data-start=\"964\" data-end=\"985\">Bas\u0131n\u00e7 g\u00f6stergesi<\/strong>, vakum seviyesini <strong data-start=\"1004\" data-end=\"1035\">anl\u0131k olarak takip etmenizi<\/strong> sa\u011flar. Bu, <strong data-start=\"1048\" data-end=\"1059\">g\u00fcvenli<\/strong> bir deneyim i\u00e7in \u00f6nemli bir avantaj sunar. <strong data-start=\"1103\" data-end=\"1129\">Kontroll\u00fc bir kullan\u0131m<\/strong> sa\u011flamak isteyen kullan\u0131c\u0131lar i\u00e7in vazge\u00e7ilmezdir.<\/li>\n<\/ul>\n<h4 data-start=\"1182\" data-end=\"1208\"><strong data-start=\"1187\" data-end=\"1208\">Ergonomik Tasar\u0131m<\/strong><\/h4>\n<ul data-start=\"1209\" data-end=\"1418\">\n<li data-start=\"1209\" data-end=\"1418\"><strong data-start=\"1211\" data-end=\"1233\">Ergonomik tasar\u0131m\u0131<\/strong>, <strong data-start=\"1235\" data-end=\"1274\">elinizle kolayca kavrayabilece\u011finiz<\/strong> \u015fekilde tasarlanm\u0131\u015ft\u0131r. <strong data-start=\"1299\" data-end=\"1323\">Uzun s\u00fcreli kullan\u0131m<\/strong> esnas\u0131nda bile <strong data-start=\"1339\" data-end=\"1360\">konforunuzu korur<\/strong>, vakum g\u00fcc\u00fcn\u00fc diledi\u011finiz gibi ayarlaman\u0131za olanak tan\u0131r.<\/li>\n<\/ul>\n<h4 data-start=\"1420\" data-end=\"1452\"><strong data-start=\"1425\" data-end=\"1452\">Y\u00fcksek Kaliteli Malzeme<\/strong><\/h4>\n<ul data-start=\"1453\" data-end=\"1638\">\n<li data-start=\"1453\" data-end=\"1638\"><strong data-start=\"1455\" data-end=\"1469\">Cilt dostu<\/strong>, <strong data-start=\"1471\" data-end=\"1492\">dayan\u0131kl\u0131 malzeme<\/strong> ve <strong data-start=\"1496\" data-end=\"1518\">s\u0131zd\u0131rmaz contalar<\/strong>, uzun \u00f6m\u00fcrl\u00fc ve hijyenik bir kullan\u0131m deneyimi sunar. <strong data-start=\"1573\" data-end=\"1600\">Y\u00fcksek kaliteli malzeme<\/strong>, g\u00fcvenli ve konforlu kullan\u0131m sa\u011flar.<\/li>\n<\/ul>\n<h4 data-start=\"1640\" data-end=\"1672\"><strong data-start=\"1645\" data-end=\"1672\">Kolay Temizlik ve Bak\u0131m<\/strong><\/h4>\n<ul data-start=\"1673\" data-end=\"1831\">\n<li data-start=\"1673\" data-end=\"1831\"><strong data-start=\"1675\" data-end=\"1707\">Par\u00e7alara ayr\u0131labilen yap\u0131s\u0131<\/strong>, temizli\u011fi ve bak\u0131m\u0131n\u0131 zahmetsiz hale getirir. <strong data-start=\"1755\" data-end=\"1764\">Du\u015fta<\/strong> veya <strong data-start=\"1770\" data-end=\"1782\">lavaboda<\/strong> h\u0131zla temizlenebilir, hijyenik ve kullan\u0131\u015fl\u0131d\u0131r.<\/li>\n<\/ul>\n<h4 data-start=\"1833\" data-end=\"1859\"><strong data-start=\"1838\" data-end=\"1859\">Performans Art\u0131\u015f\u0131<\/strong><\/h4>\n<ul data-start=\"1860\" data-end=\"2087\">\n<li data-start=\"1860\" data-end=\"2087\"><strong data-start=\"1862\" data-end=\"1882\">D\u00fczenli kullan\u0131m<\/strong>, penis b\u00fcy\u00fctme ve cinsel performans\u0131n\u0131z\u0131 desteklemek amac\u0131yla <strong data-start=\"1945\" data-end=\"1964\">etkili sonu\u00e7lar<\/strong> sa\u011flar. <strong data-start=\"1973\" data-end=\"1994\">Bas\u0131n\u00e7 g\u00f6stergesi<\/strong> ile <strong data-start=\"1999\" data-end=\"2032\">vakum seviyesini takip ederek<\/strong>, hedefinize uygun <strong data-start=\"2051\" data-end=\"2067\">vakum g\u00fcc\u00fcn\u00fc<\/strong> ayarlayabilirsiniz.<\/li>\n<\/ul>\n<h3 data-start=\"2089\" data-end=\"2150\"><strong data-start=\"2093\" data-end=\"2150\">Neden G\u00f6stergeli Penis Pompas\u0131\u2019n\u0131 Tercih Etmelisiniz?<\/strong><\/h3>\n<h4 data-start=\"2152\" data-end=\"2204\"><strong data-start=\"2157\" data-end=\"2204\">Geli\u015fmi\u015f Vakum Kontrol\u00fc ve G\u00fcvenli Kullan\u0131m<\/strong><\/h4>\n<ul data-start=\"2205\" data-end=\"2365\">\n<li data-start=\"2205\" data-end=\"2365\"><strong data-start=\"2207\" data-end=\"2228\">Bas\u0131n\u00e7 g\u00f6stergesi<\/strong>, kullan\u0131m s\u00fcreciniz boyunca <strong data-start=\"2257\" data-end=\"2282\">kontroll\u00fc bir deneyim<\/strong> sa\u011flar. <strong data-start=\"2291\" data-end=\"2317\">G\u00fcvenli vakum seviyesi<\/strong> ile istedi\u011finiz sonuca rahat\u00e7a ula\u015fabilirsiniz.<\/li>\n<\/ul>\n<h4 data-start=\"2367\" data-end=\"2412\"><strong data-start=\"2372\" data-end=\"2412\">Ergonomik ve Kullan\u0131c\u0131 Dostu Tasar\u0131m<\/strong><\/h4>\n<ul data-start=\"2413\" data-end=\"2556\">\n<li data-start=\"2413\" data-end=\"2556\"><strong data-start=\"2415\" data-end=\"2433\">Ergonomik yap\u0131<\/strong>, <strong data-start=\"2435\" data-end=\"2461\">uzun s\u00fcreli kullan\u0131mda<\/strong> bile rahatl\u0131k sa\u011flar. Elinize tam oturan tasar\u0131m, kullan\u0131mda <strong data-start=\"2523\" data-end=\"2535\">kolayl\u0131k<\/strong> ve <strong data-start=\"2539\" data-end=\"2549\">konfor<\/strong> sunar.<\/li>\n<\/ul>\n<h4 data-start=\"2558\" data-end=\"2602\"><strong data-start=\"2563\" data-end=\"2602\">Y\u00fcksek Kaliteli ve Hijyenik Malzeme<\/strong><\/h4>\n<ul data-start=\"2603\" data-end=\"2804\">\n<li data-start=\"2603\" data-end=\"2804\"><strong data-start=\"2605\" data-end=\"2627\">Cilt dostu silikon<\/strong> malzeme ve <strong data-start=\"2639\" data-end=\"2661\">s\u0131zd\u0131rmaz contalar<\/strong>, \u00fcr\u00fcn\u00fcn hem g\u00fcvenli hem de <strong data-start=\"2689\" data-end=\"2704\">uzun \u00f6m\u00fcrl\u00fc<\/strong> kullan\u0131m\u0131n\u0131 garanti eder. <strong data-start=\"2731\" data-end=\"2757\">Kolayca temizlenebilir<\/strong> yap\u0131s\u0131, hijyen konusunda ekstra avantaj sunar.<\/li>\n<\/ul>\n<h4 data-start=\"2806\" data-end=\"2851\"><strong data-start=\"2811\" data-end=\"2851\">D\u00fczenli Kullan\u0131mda Performans Art\u0131\u015f\u0131<\/strong><\/h4>\n<ul data-start=\"2852\" data-end=\"3063\">\n<li data-start=\"2852\" data-end=\"3063\"><strong data-start=\"2854\" data-end=\"2874\">D\u00fczenli kullan\u0131m<\/strong>, <strong data-start=\"2876\" data-end=\"2893\">penis b\u00fcy\u00fctme<\/strong> ve <strong data-start=\"2897\" data-end=\"2918\">performans art\u0131\u015f\u0131<\/strong> i\u00e7in ideal bir \u00e7\u00f6z\u00fcmd\u00fcr. <strong data-start=\"2944\" data-end=\"2965\">Bas\u0131n\u00e7 g\u00f6stergesi<\/strong>, hedeflerinize uygun vakum ayar\u0131 yapman\u0131za yard\u0131mc\u0131 olur, b\u00f6ylece etkili sonu\u00e7lar elde edersiniz.<\/li>\n<\/ul>\n<h3 data-start=\"3065\" data-end=\"3122\"><strong data-start=\"3069\" data-end=\"3122\">G\u00f6stergeli Penis Pompas\u0131 ile Hedeflerinize Ula\u015f\u0131n<\/strong><\/h3>\n<p data-start=\"3124\" data-end=\"3546\"><strong data-start=\"3124\" data-end=\"3152\">G\u00f6stergeli Penis Pompas\u0131<\/strong>, geni\u015f i\u00e7 hacmi, <strong data-start=\"3170\" data-end=\"3192\">ergonomik tasar\u0131m\u0131<\/strong> ve <strong data-start=\"3196\" data-end=\"3217\">bas\u0131n\u00e7 g\u00f6stergesi<\/strong> ile penis b\u00fcy\u00fctme ve <strong data-start=\"3239\" data-end=\"3273\">cinsel performans\u0131n\u0131z\u0131 art\u0131rma<\/strong> hedeflerinizde size yard\u0131mc\u0131 olur. <strong data-start=\"3309\" data-end=\"3338\">Y\u00fcksek kaliteli malzemesi<\/strong>, <strong data-start=\"3340\" data-end=\"3365\">kolay temizlik imkan\u0131<\/strong> ve <strong data-start=\"3369\" data-end=\"3395\">g\u00fcvenli vakum kontrol\u00fc<\/strong> ile <strong data-start=\"3400\" data-end=\"3431\">rahat ve etkili bir deneyim<\/strong> sunar. <strong data-start=\"3439\" data-end=\"3459\">D\u00fczenli kullan\u0131m<\/strong> sayesinde daha b\u00fcy\u00fck sonu\u00e7lar elde edebilir, <strong data-start=\"3505\" data-end=\"3524\">performans\u0131n\u0131z\u0131<\/strong> geli\u015ftirebilirsiniz.<\/p>\n","protected":false},"excerpt":{"rendered":"<p><strong data-start=\"144\" data-end=\"172\">G\u00f6stergeli Penis Pompas\u0131<\/strong>, erkeklere \u00f6zel tasarlanm\u0131\u015f <strong data-start=\"201\" data-end=\"220\">y\u00fcksek kaliteli<\/strong> bir \u00fcr\u00fcnd\u00fcr ve <strong data-start=\"236\" data-end=\"253\">penis b\u00fcy\u00fctme<\/strong> ile <strong data-start=\"258\" data-end=\"288\">cinsel performans\u0131 art\u0131rma<\/strong> hedefleyen kullan\u0131c\u0131lara hitap eder. <strong data-start=\"326\" data-end=\"344\">Vakum etkisini<\/strong> ve <strong data-start=\"348\" data-end=\"369\">bas\u0131n\u00e7 seviyesini<\/strong> anl\u0131k olarak takip edebilmenize olanak tan\u0131yan <strong data-start=\"417\" data-end=\"438\">g\u00f6stergeli paneli<\/strong> sayesinde, <strong data-start=\"450\" data-end=\"461\">g\u00fcvenli<\/strong> ve <strong data-start=\"465\" data-end=\"490\">kontroll\u00fc bir deneyim<\/strong> sunar. <strong data-start=\"498\" data-end=\"516\">31 cm uzunlu\u011fu<\/strong> ve <strong data-start=\"520\" data-end=\"538\">7 cm kal\u0131nl\u0131\u011f\u0131<\/strong> ile geni\u015f i\u00e7 hacmi ve ergonomik tasar\u0131m\u0131, rahat ve etkili kullan\u0131m imkan\u0131 sa\u011flar.<\/p>\n","protected":false},"featured_media":19431,"comment_status":"open","ping_status":"closed","template":"","meta":[],"product_brand":[127],"product_cat":[220],"product_tag":[319],"class_list":{"0":"post-19340","1":"product","2":"type-product","3":"status-publish","4":"has-post-thumbnail","6":"product_brand-pembe-tilki","7":"product_cat-penis-pompasi","8":"product_tag-gostergeli-penis-pompasi","10":"first","11":"instock","12":"taxable","13":"shipping-taxable","14":"purchasable","15":"product-type-simple"},"yoast_head":"<!-- This site is optimized with the Yoast SEO Premium plugin v24.4 (Yoast SEO v27.1.1) - https:\/\/yoast.com\/product\/yoast-seo-premium-wordpress\/ -->\n<title>G\u00f6stergeli Penis Pompas\u0131 - Bursa Erotik Shop<\/title>\n<meta name=\"robots\" content=\"index, follow, max-snippet:-1, max-image-preview:large, max-video-preview:-1\" \/>\n<link rel=\"canonical\" href=\"https:\/\/hobierotikshop.com.tr\/website1\/erotik-shop-urun\/gostergeli-penis-pompasi\/\" \/>\n<meta property=\"og:locale\" content=\"tr_TR\" \/>\n<meta property=\"og:type\" content=\"article\" \/>\n<meta property=\"og:title\" content=\"G\u00f6stergeli Penis Pompas\u0131\" \/>\n<meta property=\"og:description\" content=\"G\u00f6stergeli Penis Pompas\u0131, erkeklere \u00f6zel tasarlanm\u0131\u015f y\u00fcksek kaliteli bir \u00fcr\u00fcnd\u00fcr ve penis b\u00fcy\u00fctme ile cinsel performans\u0131 art\u0131rma hedefleyen kullan\u0131c\u0131lara hitap eder. Vakum etkisini ve bas\u0131n\u00e7 seviyesini anl\u0131k olarak takip edebilmenize olanak tan\u0131yan g\u00f6stergeli paneli sayesinde, g\u00fcvenli ve kontroll\u00fc bir deneyim sunar. 31 cm uzunlu\u011fu ve 7 cm kal\u0131nl\u0131\u011f\u0131 ile geni\u015f i\u00e7 hacmi ve ergonomik tasar\u0131m\u0131, rahat ve etkili kullan\u0131m imkan\u0131 sa\u011flar.\" \/>\n<meta property=\"og:url\" content=\"https:\/\/hobierotikshop.com.tr\/website1\/erotik-shop-urun\/gostergeli-penis-pompasi\/\" \/>\n<meta property=\"og:site_name\" content=\"Bursa Erotik Shop\" \/>\n<meta property=\"article:modified_time\" content=\"2026-01-26T13:05:36+00:00\" \/>\n<meta property=\"og:image\" content=\"https:\/\/hobierotikshop.com.tr\/website1\/wp-content\/uploads\/2025\/03\/gostergeli-penis-pompasi-2590.jpg\" \/>\n\t<meta property=\"og:image:width\" content=\"1500\" \/>\n\t<meta property=\"og:image:height\" content=\"1500\" \/>\n\t<meta property=\"og:image:type\" content=\"image\/jpeg\" \/>\n<meta name=\"twitter:card\" content=\"summary_large_image\" \/>\n<meta name=\"twitter:site\" content=\"@shopbursa\" \/>\n<meta name=\"twitter:label1\" content=\"Fiyat\" \/>\n\t<meta name=\"twitter:data1\" content=\"&#8378;2.500,00 KDV DAH\u0130L\" \/>\n\t<meta name=\"twitter:label2\" content=\"Availability\" \/>\n\t<meta name=\"twitter:data2\" content=\"In stock\" \/>\n<script type=\"application\/ld+json\" class=\"yoast-schema-graph\">{\"@context\":\"https:\/\/schema.org\",\"@graph\":[{\"@type\":\"WebPage\",\"@id\":\"https:\/\/hobierotikshop.com.tr\/website1\/erotik-shop-urun\/gostergeli-penis-pompasi\/\",\"url\":\"https:\/\/hobierotikshop.com.tr\/website1\/erotik-shop-urun\/gostergeli-penis-pompasi\/\",\"name\":\"G\u00f6stergeli Penis Pompas\u0131 - Bursa Erotik Shop\",\"isPartOf\":{\"@id\":\"https:\/\/bursashop.com\/web\/#website\"},\"primaryImageOfPage\":{\"@id\":\"https:\/\/hobierotikshop.com.tr\/website1\/erotik-shop-urun\/gostergeli-penis-pompasi\/#primaryimage\"},\"image\":{\"@id\":\"https:\/\/hobierotikshop.com.tr\/website1\/erotik-shop-urun\/gostergeli-penis-pompasi\/#primaryimage\"},\"thumbnailUrl\":\"https:\/\/haremerotikshop.com\/site\/wp-content\/uploads\/2025\/03\/gostergeli-penis-pompasi-2590.jpg\",\"datePublished\":\"2025-03-17T09:32:18+00:00\",\"dateModified\":\"2026-01-26T13:05:36+00:00\",\"breadcrumb\":{\"@id\":\"https:\/\/hobierotikshop.com.tr\/website1\/erotik-shop-urun\/gostergeli-penis-pompasi\/#breadcrumb\"},\"inLanguage\":\"tr\",\"potentialAction\":[{\"@type\":\"ReadAction\",\"target\":[\"https:\/\/hobierotikshop.com.tr\/website1\/erotik-shop-urun\/gostergeli-penis-pompasi\/\"]}]},{\"@type\":\"ImageObject\",\"inLanguage\":\"tr\",\"@id\":\"https:\/\/hobierotikshop.com.tr\/website1\/erotik-shop-urun\/gostergeli-penis-pompasi\/#primaryimage\",\"url\":\"https:\/\/haremerotikshop.com\/site\/wp-content\/uploads\/2025\/03\/gostergeli-penis-pompasi-2590.jpg\",\"contentUrl\":\"https:\/\/haremerotikshop.com\/site\/wp-content\/uploads\/2025\/03\/gostergeli-penis-pompasi-2590.jpg\",\"width\":1500,\"height\":1500},{\"@type\":\"BreadcrumbList\",\"@id\":\"https:\/\/hobierotikshop.com.tr\/website1\/erotik-shop-urun\/gostergeli-penis-pompasi\/#breadcrumb\",\"itemListElement\":[{\"@type\":\"ListItem\",\"position\":1,\"name\":\"Anasayfa\",\"item\":\"https:\/\/hobierotikshop.com.tr\/website1\/\"},{\"@type\":\"ListItem\",\"position\":2,\"name\":\"Erotik Shop \u00dcr\u00fcnleri\",\"item\":\"https:\/\/hobierotikshop.com.tr\/website1\/shop\/\"},{\"@type\":\"ListItem\",\"position\":3,\"name\":\"G\u00f6stergeli Penis Pompas\u0131\"}]},{\"@type\":\"WebSite\",\"@id\":\"https:\/\/bursashop.com\/web\/#website\",\"url\":\"https:\/\/bursashop.com\/web\/\",\"name\":\"Bursa Erotik Shop\",\"description\":\"Bursa Erotik Shop ile g\u00fcvenli, gizli ve kaliteli yeti\u015fkin \u00fcr\u00fcnleri al\u0131\u015fveri\u015fi! Geni\u015f \u00fcr\u00fcn yelpazemizi ke\u015ffedin, hemen sipari\u015f verin\",\"publisher\":{\"@id\":\"https:\/\/bursashop.com\/web\/#organization\"},\"alternateName\":\"Erotik Shop\",\"potentialAction\":[{\"@type\":\"SearchAction\",\"target\":{\"@type\":\"EntryPoint\",\"urlTemplate\":\"https:\/\/bursashop.com\/web\/?s={search_term_string}\"},\"query-input\":{\"@type\":\"PropertyValueSpecification\",\"valueRequired\":true,\"valueName\":\"search_term_string\"}}],\"inLanguage\":\"tr\"},{\"@type\":\"Organization\",\"@id\":\"https:\/\/bursashop.com\/web\/#organization\",\"name\":\"Harem Bursa Erotik Shop\",\"url\":\"https:\/\/bursashop.com\/web\/\",\"logo\":{\"@type\":\"ImageObject\",\"inLanguage\":\"tr\",\"@id\":\"https:\/\/bursashop.com\/web\/#\/schema\/logo\/image\/\",\"url\":\"https:\/\/haremerotikshop.com\/site\/wp-content\/uploads\/2025\/03\/haremsexshop.png\",\"contentUrl\":\"https:\/\/haremerotikshop.com\/site\/wp-content\/uploads\/2025\/03\/haremsexshop.png\",\"width\":400,\"height\":100,\"caption\":\"Harem Bursa Erotik Shop\"},\"image\":{\"@id\":\"https:\/\/bursashop.com\/web\/#\/schema\/logo\/image\/\"},\"sameAs\":[\"https:\/\/x.com\/shopbursa\"],\"publishingPrinciples\":\"https:\/\/hobierotikshop.com.tr\/website1\/mesafeli-satis-sozlesmesi\/\",\"ownershipFundingInfo\":\"https:\/\/hobierotikshop.com.tr\/website1\/contact-us\/\",\"actionableFeedbackPolicy\":\"https:\/\/hobierotikshop.com.tr\/website1\/contact-us\/\",\"correctionsPolicy\":\"https:\/\/hobierotikshop.com.tr\/website1\/mesafeli-satis-sozlesmesi\/\"}]}<\/script>\n<meta property=\"product:brand\" content=\"Pembe Tilki\" \/>\n<meta property=\"product:price:amount\" content=\"2500.00\" \/>\n<meta property=\"product:price:currency\" content=\"TRY\" \/>\n<meta property=\"og:availability\" content=\"instock\" \/>\n<meta property=\"product:availability\" content=\"instock\" \/>\n<meta property=\"product:retailer_item_id\" content=\"PT-ECXD862\" \/>\n<meta property=\"product:condition\" content=\"new\" \/>\n<!-- \/ Yoast SEO Premium plugin. -->","yoast_head_json":{"title":"G\u00f6stergeli Penis Pompas\u0131 - Bursa Erotik Shop","robots":{"index":"index","follow":"follow","max-snippet":"max-snippet:-1","max-image-preview":"max-image-preview:large","max-video-preview":"max-video-preview:-1"},"canonical":"https:\/\/hobierotikshop.com.tr\/website1\/erotik-shop-urun\/gostergeli-penis-pompasi\/","og_locale":"tr_TR","og_type":"article","og_title":"G\u00f6stergeli Penis Pompas\u0131","og_description":"G\u00f6stergeli Penis Pompas\u0131, erkeklere \u00f6zel tasarlanm\u0131\u015f y\u00fcksek kaliteli bir \u00fcr\u00fcnd\u00fcr ve penis b\u00fcy\u00fctme ile cinsel performans\u0131 art\u0131rma hedefleyen kullan\u0131c\u0131lara hitap eder. Vakum etkisini ve bas\u0131n\u00e7 seviyesini anl\u0131k olarak takip edebilmenize olanak tan\u0131yan g\u00f6stergeli paneli sayesinde, g\u00fcvenli ve kontroll\u00fc bir deneyim sunar. 31 cm uzunlu\u011fu ve 7 cm kal\u0131nl\u0131\u011f\u0131 ile geni\u015f i\u00e7 hacmi ve ergonomik tasar\u0131m\u0131, rahat ve etkili kullan\u0131m imkan\u0131 sa\u011flar.","og_url":"https:\/\/hobierotikshop.com.tr\/website1\/erotik-shop-urun\/gostergeli-penis-pompasi\/","og_site_name":"Bursa Erotik Shop","article_modified_time":"2026-01-26T13:05:36+00:00","og_image":[{"width":1500,"height":1500,"url":"https:\/\/hobierotikshop.com.tr\/website1\/wp-content\/uploads\/2025\/03\/gostergeli-penis-pompasi-2590.jpg","type":"image\/jpeg"}],"twitter_card":"summary_large_image","twitter_site":"@shopbursa","twitter_misc":{"Fiyat":"&#8378;2.500,00 KDV DAH\u0130L","Availability":"In stock"},"schema":{"@context":"https:\/\/schema.org","@graph":[{"@type":"WebPage","@id":"https:\/\/hobierotikshop.com.tr\/website1\/erotik-shop-urun\/gostergeli-penis-pompasi\/","url":"https:\/\/hobierotikshop.com.tr\/website1\/erotik-shop-urun\/gostergeli-penis-pompasi\/","name":"G\u00f6stergeli Penis Pompas\u0131 - Bursa Erotik Shop","isPartOf":{"@id":"https:\/\/bursashop.com\/web\/#website"},"primaryImageOfPage":{"@id":"https:\/\/hobierotikshop.com.tr\/website1\/erotik-shop-urun\/gostergeli-penis-pompasi\/#primaryimage"},"image":{"@id":"https:\/\/hobierotikshop.com.tr\/website1\/erotik-shop-urun\/gostergeli-penis-pompasi\/#primaryimage"},"thumbnailUrl":"https:\/\/haremerotikshop.com\/site\/wp-content\/uploads\/2025\/03\/gostergeli-penis-pompasi-2590.jpg","datePublished":"2025-03-17T09:32:18+00:00","dateModified":"2026-01-26T13:05:36+00:00","breadcrumb":{"@id":"https:\/\/hobierotikshop.com.tr\/website1\/erotik-shop-urun\/gostergeli-penis-pompasi\/#breadcrumb"},"inLanguage":"tr","potentialAction":[{"@type":"ReadAction","target":["https:\/\/hobierotikshop.com.tr\/website1\/erotik-shop-urun\/gostergeli-penis-pompasi\/"]}]},{"@type":"ImageObject","inLanguage":"tr","@id":"https:\/\/hobierotikshop.com.tr\/website1\/erotik-shop-urun\/gostergeli-penis-pompasi\/#primaryimage","url":"https:\/\/haremerotikshop.com\/site\/wp-content\/uploads\/2025\/03\/gostergeli-penis-pompasi-2590.jpg","contentUrl":"https:\/\/haremerotikshop.com\/site\/wp-content\/uploads\/2025\/03\/gostergeli-penis-pompasi-2590.jpg","width":1500,"height":1500},{"@type":"BreadcrumbList","@id":"https:\/\/hobierotikshop.com.tr\/website1\/erotik-shop-urun\/gostergeli-penis-pompasi\/#breadcrumb","itemListElement":[{"@type":"ListItem","position":1,"name":"Anasayfa","item":"https:\/\/hobierotikshop.com.tr\/website1\/"},{"@type":"ListItem","position":2,"name":"Erotik Shop \u00dcr\u00fcnleri","item":"https:\/\/hobierotikshop.com.tr\/website1\/shop\/"},{"@type":"ListItem","position":3,"name":"G\u00f6stergeli Penis Pompas\u0131"}]},{"@type":"WebSite","@id":"https:\/\/bursashop.com\/web\/#website","url":"https:\/\/bursashop.com\/web\/","name":"Bursa Erotik Shop","description":"Bursa Erotik Shop ile g\u00fcvenli, gizli ve kaliteli yeti\u015fkin \u00fcr\u00fcnleri al\u0131\u015fveri\u015fi! Geni\u015f \u00fcr\u00fcn yelpazemizi ke\u015ffedin, hemen sipari\u015f verin","publisher":{"@id":"https:\/\/bursashop.com\/web\/#organization"},"alternateName":"Erotik Shop","potentialAction":[{"@type":"SearchAction","target":{"@type":"EntryPoint","urlTemplate":"https:\/\/bursashop.com\/web\/?s={search_term_string}"},"query-input":{"@type":"PropertyValueSpecification","valueRequired":true,"valueName":"search_term_string"}}],"inLanguage":"tr"},{"@type":"Organization","@id":"https:\/\/bursashop.com\/web\/#organization","name":"Harem Bursa Erotik Shop","url":"https:\/\/bursashop.com\/web\/","logo":{"@type":"ImageObject","inLanguage":"tr","@id":"https:\/\/bursashop.com\/web\/#\/schema\/logo\/image\/","url":"https:\/\/haremerotikshop.com\/site\/wp-content\/uploads\/2025\/03\/haremsexshop.png","contentUrl":"https:\/\/haremerotikshop.com\/site\/wp-content\/uploads\/2025\/03\/haremsexshop.png","width":400,"height":100,"caption":"Harem Bursa Erotik Shop"},"image":{"@id":"https:\/\/bursashop.com\/web\/#\/schema\/logo\/image\/"},"sameAs":["https:\/\/x.com\/shopbursa"],"publishingPrinciples":"https:\/\/hobierotikshop.com.tr\/website1\/mesafeli-satis-sozlesmesi\/","ownershipFundingInfo":"https:\/\/hobierotikshop.com.tr\/website1\/contact-us\/","actionableFeedbackPolicy":"https:\/\/hobierotikshop.com.tr\/website1\/contact-us\/","correctionsPolicy":"https:\/\/hobierotikshop.com.tr\/website1\/mesafeli-satis-sozlesmesi\/"}]},"product_brand":"Pembe Tilki","product_price_amount":"2500.00","product_price_currency":"TRY","og_availability":"instock","product_availability":"instock","product_retailer_item_id":"PT-ECXD862","product_condition":"new"},"_links":{"self":[{"href":"https:\/\/haremerotikshop.com\/site\/wp-json\/wp\/v2\/product\/19340","targetHints":{"allow":["GET"]}}],"collection":[{"href":"https:\/\/haremerotikshop.com\/site\/wp-json\/wp\/v2\/product"}],"about":[{"href":"https:\/\/haremerotikshop.com\/site\/wp-json\/wp\/v2\/types\/product"}],"replies":[{"embeddable":true,"href":"https:\/\/haremerotikshop.com\/site\/wp-json\/wp\/v2\/comments?post=19340"}],"version-history":[{"count":0,"href":"https:\/\/haremerotikshop.com\/site\/wp-json\/wp\/v2\/product\/19340\/revisions"}],"wp:featuredmedia":[{"embeddable":true,"href":"https:\/\/haremerotikshop.com\/site\/wp-json\/wp\/v2\/media\/19431"}],"wp:attachment":[{"href":"https:\/\/haremerotikshop.com\/site\/wp-json\/wp\/v2\/media?parent=19340"}],"wp:term":[{"taxonomy":"product_brand","embeddable":true,"href":"https:\/\/haremerotikshop.com\/site\/wp-json\/wp\/v2\/product_brand?post=19340"},{"taxonomy":"product_cat","embeddable":true,"href":"https:\/\/haremerotikshop.com\/site\/wp-json\/wp\/v2\/product_cat?post=19340"},{"taxonomy":"product_tag","embeddable":true,"href":"https:\/\/haremerotikshop.com\/site\/wp-json\/wp\/v2\/product_tag?post=19340"}],"curies":[{"name":"wp","href":"https:\/\/api.w.org\/{rel}","templated":true}]}}