{"id":19360,"date":"2025-03-17T12:32:46","date_gmt":"2025-03-17T09:32:46","guid":{"rendered":"https:\/\/haremerotikshop.com\/site\/?post_type=product&#038;p=19360"},"modified":"2026-01-26T16:03:58","modified_gmt":"2026-01-26T13:03:58","slug":"otomatik-penis-pompasi-pilli","status":"publish","type":"product","link":"https:\/\/haremerotikshop.com\/site\/erotik-shop-urun\/otomatik-penis-pompasi-pilli\/","title":{"rendered":"Otomatik Penis Pompas\u0131 Pilli"},"content":{"rendered":"<h3 data-start=\"64\" data-end=\"157\"><strong data-start=\"68\" data-end=\"157\">Otomatik Penis Pompas\u0131 \u2013 Pilli: Konforlu, Etkili ve Pratik Cinsel Sa\u011fl\u0131k Destekleyici<\/strong><\/h3>\n<p data-start=\"159\" data-end=\"493\"><strong data-start=\"159\" data-end=\"193\">Otomatik Penis Pompas\u0131 \u2013 Pilli<\/strong>, erkeklerin <strong data-start=\"206\" data-end=\"238\">cinsel sa\u011fl\u0131\u011f\u0131n\u0131 desteklemek<\/strong> ve <strong data-start=\"242\" data-end=\"259\">penis b\u00fcy\u00fctme<\/strong> hedeflerine ula\u015fmalar\u0131na yard\u0131mc\u0131 olmak i\u00e7in \u00f6zel olarak tasarlanm\u0131\u015ft\u0131r. <strong data-start=\"333\" data-end=\"345\">Kablosuz<\/strong> ve <strong data-start=\"349\" data-end=\"369\">otomatik \u00e7al\u0131\u015fma<\/strong> \u00f6zelli\u011fi ile <strong data-start=\"383\" data-end=\"395\">konforlu<\/strong> ve <strong data-start=\"399\" data-end=\"410\">verimli<\/strong> bir deneyim sunan bu pompa, ergonomik tasar\u0131m\u0131 ve etkili performans\u0131yla \u00f6ne \u00e7\u0131kar.<\/p>\n<h3 data-start=\"495\" data-end=\"524\"><strong data-start=\"499\" data-end=\"524\">\u00d6ne \u00c7\u0131kan \u00d6zellikler:<\/strong><\/h3>\n<h4 data-start=\"526\" data-end=\"568\"><strong data-start=\"531\" data-end=\"568\">Pilli ve Otomatik \u00c7al\u0131\u015fma Sistemi<\/strong><\/h4>\n<ul data-start=\"569\" data-end=\"901\">\n<li data-start=\"569\" data-end=\"706\"><strong data-start=\"571\" data-end=\"599\">Kabloya ihtiya\u00e7 duymadan<\/strong> \u00e7al\u0131\u015fan pilli tasar\u0131m, \u00fcr\u00fcn\u00fc <strong data-start=\"629\" data-end=\"641\">kablosuz<\/strong> hale getirir, b\u00f6ylece kullan\u0131mda daha fazla <strong data-start=\"686\" data-end=\"698\">\u00f6zg\u00fcrl\u00fck<\/strong> sa\u011flar.<\/li>\n<li data-start=\"707\" data-end=\"901\"><strong data-start=\"709\" data-end=\"722\">Tek tu\u015fla<\/strong> kontrol edilen <strong data-start=\"738\" data-end=\"756\">otomatik vakum<\/strong> olu\u015fturma \u00f6zelli\u011fi sayesinde, istedi\u011finiz <strong data-start=\"799\" data-end=\"810\">bas\u0131nc\u0131<\/strong> kolayca art\u0131r\u0131p azaltabilirsiniz. Bu fonksiyon, kullan\u0131m kolayl\u0131\u011f\u0131 ve <strong data-start=\"881\" data-end=\"894\">pratiklik<\/strong> sunar.<\/li>\n<\/ul>\n<h4 data-start=\"903\" data-end=\"930\"><strong data-start=\"908\" data-end=\"930\">Ergonomik Tasar\u0131m:<\/strong><\/h4>\n<ul data-start=\"931\" data-end=\"1128\">\n<li data-start=\"931\" data-end=\"1128\"><strong data-start=\"933\" data-end=\"951\">293 mm uzunluk<\/strong> ve <strong data-start=\"955\" data-end=\"973\">70 mm kal\u0131nl\u0131k<\/strong>, farkl\u0131 anatomik yap\u0131ya sahip kullan\u0131c\u0131lar i\u00e7in <strong data-start=\"1022\" data-end=\"1054\">uyumlu ve rahat bir kullan\u0131m<\/strong> sa\u011flar. Geni\u015f i\u00e7 hacmi, her kullan\u0131c\u0131ya uygun konforlu bir deneyim sunar.<\/li>\n<\/ul>\n<h4 data-start=\"1130\" data-end=\"1170\"><strong data-start=\"1135\" data-end=\"1170\">Sessiz \u00c7al\u0131\u015fma (60 dB Alt\u0131nda):<\/strong><\/h4>\n<ul data-start=\"1171\" data-end=\"1334\">\n<li data-start=\"1171\" data-end=\"1334\"><strong data-start=\"1173\" data-end=\"1190\">Sessiz motoru<\/strong> sayesinde, kullan\u0131m s\u0131ras\u0131nda rahats\u0131z edici <strong data-start=\"1236\" data-end=\"1247\">g\u00fcr\u00fclt\u00fc<\/strong> minimuma indirilmi\u015ftir. B\u00f6ylece <strong data-start=\"1280\" data-end=\"1299\">mahremiyetinizi<\/strong> korur ve rahat bir deneyim sa\u011flar.<\/li>\n<\/ul>\n<h4 data-start=\"1336\" data-end=\"1365\"><strong data-start=\"1341\" data-end=\"1365\">Su Ge\u00e7irmez Tasar\u0131m:<\/strong><\/h4>\n<ul data-start=\"1366\" data-end=\"1528\">\n<li data-start=\"1366\" data-end=\"1528\"><strong data-start=\"1368\" data-end=\"1383\">Su ge\u00e7irmez<\/strong> yap\u0131s\u0131 ile bu pompa, <strong data-start=\"1405\" data-end=\"1428\">du\u015fta veya lavaboda<\/strong> rahat\u00e7a kullan\u0131labilir. Ayr\u0131ca, <strong data-start=\"1461\" data-end=\"1480\">pratik temizlik<\/strong> imkan\u0131 sunar, hijyenik kullan\u0131m\u0131 kolayla\u015ft\u0131r\u0131r.<\/li>\n<\/ul>\n<h4 data-start=\"1530\" data-end=\"1569\"><strong data-start=\"1535\" data-end=\"1569\">Hafif ve Ta\u015f\u0131nabilir (270 gr):<\/strong><\/h4>\n<ul data-start=\"1570\" data-end=\"1731\">\n<li data-start=\"1570\" data-end=\"1731\"><strong data-start=\"1572\" data-end=\"1584\">270 gram<\/strong> a\u011f\u0131rl\u0131\u011f\u0131ndaki hafif yap\u0131s\u0131, \u00fcr\u00fcn\u00fc <strong data-start=\"1619\" data-end=\"1631\">ta\u015f\u0131mas\u0131<\/strong> son derece kolay hale getirir. <strong data-start=\"1663\" data-end=\"1676\">Her yerde<\/strong> kullan\u0131ma uygun, kompakt ve <strong data-start=\"1705\" data-end=\"1715\">pratik<\/strong> bir tasar\u0131md\u0131r.<\/li>\n<\/ul>\n<h3 data-start=\"1733\" data-end=\"1797\"><strong data-start=\"1737\" data-end=\"1797\">Neden Otomatik Penis Pompas\u0131 \u2013 Pilli Tercih Etmelisiniz?<\/strong><\/h3>\n<h4 data-start=\"1799\" data-end=\"1844\"><strong data-start=\"1804\" data-end=\"1844\">Kolay Kullan\u0131m ve Etkili Performans:<\/strong><\/h4>\n<ul data-start=\"1845\" data-end=\"2238\">\n<li data-start=\"1845\" data-end=\"2045\"><strong data-start=\"1847\" data-end=\"1865\">Otomatik vakum<\/strong> ve <strong data-start=\"1869\" data-end=\"1886\">pilli \u00e7al\u0131\u015fma<\/strong> sistemi sayesinde, cihaz\u0131n kullan\u0131m\u0131 son derece kolay ve h\u0131zl\u0131d\u0131r. Hem <strong data-start=\"1958\" data-end=\"1978\">yeni ba\u015flayanlar<\/strong> hem de <strong data-start=\"1986\" data-end=\"2012\">deneyimli kullan\u0131c\u0131lar<\/strong> i\u00e7in m\u00fckemmel bir se\u00e7enek sunar.<\/li>\n<li data-start=\"2046\" data-end=\"2238\">Cihaz, <strong data-start=\"2055\" data-end=\"2072\">penis b\u00fcy\u00fctme<\/strong> ve <strong data-start=\"2076\" data-end=\"2113\">erkek cinsel sa\u011fl\u0131\u011f\u0131n\u0131 destekleme<\/strong> hedeflerinize yard\u0131mc\u0131 olmak i\u00e7in tasarlanm\u0131\u015ft\u0131r. D\u00fczenli kullan\u0131mla daha <strong data-start=\"2188\" data-end=\"2209\">g\u00f6r\u00fcn\u00fcr ve etkili<\/strong> sonu\u00e7lar elde edebilirsiniz.<\/li>\n<\/ul>\n<h4 data-start=\"2240\" data-end=\"2272\"><strong data-start=\"2245\" data-end=\"2272\">Gizlilik ve Mahremiyet:<\/strong><\/h4>\n<ul data-start=\"2273\" data-end=\"2423\">\n<li data-start=\"2273\" data-end=\"2423\"><strong data-start=\"2275\" data-end=\"2309\">60 dB alt\u0131ndaki sessiz \u00e7al\u0131\u015fma<\/strong> sayesinde, cihaz\u0131n kullan\u0131m\u0131 s\u0131ras\u0131nda <strong data-start=\"2349\" data-end=\"2373\">gizlili\u011finiz korunur<\/strong>. G\u00fcr\u00fclt\u00fcs\u00fcz \u00e7al\u0131\u015farak, rahat\u00e7a kullanabilirsiniz.<\/li>\n<\/ul>\n<h4 data-start=\"2425\" data-end=\"2464\"><strong data-start=\"2430\" data-end=\"2464\">Su Ge\u00e7irmez ve Kolay Temizlik:<\/strong><\/h4>\n<ul data-start=\"2465\" data-end=\"2627\">\n<li data-start=\"2465\" data-end=\"2627\"><strong data-start=\"2467\" data-end=\"2491\">Su ge\u00e7irmez tasar\u0131m\u0131<\/strong>, \u00fcr\u00fcn\u00fc <strong data-start=\"2499\" data-end=\"2527\">du\u015fta kullanabilece\u011finiz<\/strong> gibi <strong data-start=\"2533\" data-end=\"2552\">temizli\u011fi kolay<\/strong> hale getirir. Hijyenik kullan\u0131m\u0131 art\u0131r\u0131r, bak\u0131m\u0131n\u0131 zahmetsiz hale getirir.<\/li>\n<\/ul>\n<h4 data-start=\"2629\" data-end=\"2661\"><strong data-start=\"2634\" data-end=\"2661\">Ta\u015f\u0131nabilir ve Kompakt:<\/strong><\/h4>\n<ul data-start=\"2662\" data-end=\"2834\">\n<li data-start=\"2662\" data-end=\"2834\"><strong data-start=\"2664\" data-end=\"2673\">Hafif<\/strong> ve <strong data-start=\"2677\" data-end=\"2688\">kompakt<\/strong> yap\u0131s\u0131, bu pompay\u0131 istedi\u011finiz her yere rahat\u00e7a ta\u015f\u0131man\u0131z\u0131 sa\u011flar. Seyahate \u00e7\u0131kt\u0131\u011f\u0131n\u0131zda da <strong data-start=\"2781\" data-end=\"2802\">yan\u0131n\u0131za alabilir<\/strong> ve her zaman kullanabilirsiniz.<\/li>\n<\/ul>\n<h3 data-start=\"2836\" data-end=\"2915\"><strong data-start=\"2840\" data-end=\"2915\">Otomatik Penis Pompas\u0131 \u2013 Pilli ile Erkek Cinsel Sa\u011fl\u0131\u011f\u0131n\u0131z\u0131 Destekleyin<\/strong><\/h3>\n<p data-start=\"2917\" data-end=\"3331\"><strong data-start=\"2917\" data-end=\"2951\">Otomatik Penis Pompas\u0131 \u2013 Pilli<\/strong>, <strong data-start=\"2953\" data-end=\"2971\">kolay kullan\u0131m<\/strong>, <strong data-start=\"2973\" data-end=\"2991\">sessiz \u00e7al\u0131\u015fma<\/strong> ve <strong data-start=\"2995\" data-end=\"3018\">su ge\u00e7irmez tasar\u0131m<\/strong> \u00f6zellikleriyle erkekler i\u00e7in m\u00fckemmel bir <strong data-start=\"3061\" data-end=\"3091\">cinsel sa\u011fl\u0131k destekleyici<\/strong> \u00fcr\u00fcnd\u00fcr. Hem <strong data-start=\"3105\" data-end=\"3122\">penis b\u00fcy\u00fctme<\/strong> hem de <strong data-start=\"3130\" data-end=\"3159\">cinsel performans art\u0131rma<\/strong> konusunda etkili bir se\u00e7enek olan bu cihaz, her erkek i\u00e7in <strong data-start=\"3219\" data-end=\"3228\">ideal<\/strong> bir \u00fcr\u00fcnd\u00fcr. <strong data-start=\"3242\" data-end=\"3255\">Ergonomik<\/strong> tasar\u0131m\u0131, <strong data-start=\"3266\" data-end=\"3287\">pilli ve kablosuz<\/strong> yap\u0131s\u0131 ile size konforlu bir deneyim sunar.<\/p>\n","protected":false},"excerpt":{"rendered":"<p><strong data-start=\"159\" data-end=\"193\">Otomatik Penis Pompas\u0131 \u2013 Pilli<\/strong>, erkeklerin <strong data-start=\"206\" data-end=\"238\">cinsel sa\u011fl\u0131\u011f\u0131n\u0131 desteklemek<\/strong> ve <strong data-start=\"242\" data-end=\"259\">penis b\u00fcy\u00fctme<\/strong> hedeflerine ula\u015fmalar\u0131na yard\u0131mc\u0131 olmak i\u00e7in \u00f6zel olarak tasarlanm\u0131\u015ft\u0131r. <strong data-start=\"333\" data-end=\"345\">Kablosuz<\/strong> ve <strong data-start=\"349\" data-end=\"369\">otomatik \u00e7al\u0131\u015fma<\/strong> \u00f6zelli\u011fi ile <strong data-start=\"383\" data-end=\"395\">konforlu<\/strong> ve <strong data-start=\"399\" data-end=\"410\">verimli<\/strong> bir deneyim sunan bu pompa, ergonomik tasar\u0131m\u0131 ve etkili performans\u0131yla \u00f6ne \u00e7\u0131kar.<\/p>\n","protected":false},"featured_media":19438,"comment_status":"open","ping_status":"closed","template":"","meta":[],"product_brand":[127],"product_cat":[220],"product_tag":[320],"class_list":{"0":"post-19360","1":"product","2":"type-product","3":"status-publish","4":"has-post-thumbnail","6":"product_brand-pembe-tilki","7":"product_cat-penis-pompasi","8":"product_tag-otomatik-penis-pompasi-pilli","10":"first","11":"instock","12":"taxable","13":"shipping-taxable","14":"purchasable","15":"product-type-simple"},"yoast_head":"<!-- This site is optimized with the Yoast SEO Premium plugin v24.4 (Yoast SEO v27.1.1) - https:\/\/yoast.com\/product\/yoast-seo-premium-wordpress\/ -->\n<title>Otomatik Penis Pompas\u0131 Pilli - Bursa Erotik Shop<\/title>\n<meta name=\"robots\" content=\"index, follow, max-snippet:-1, max-image-preview:large, max-video-preview:-1\" \/>\n<link rel=\"canonical\" href=\"https:\/\/hobierotikshop.com.tr\/website1\/erotik-shop-urun\/otomatik-penis-pompasi-pilli\/\" \/>\n<meta property=\"og:locale\" content=\"tr_TR\" \/>\n<meta property=\"og:type\" content=\"article\" \/>\n<meta property=\"og:title\" content=\"Otomatik Penis Pompas\u0131 Pilli\" \/>\n<meta property=\"og:description\" content=\"Otomatik Penis Pompas\u0131 \u2013 Pilli, erkeklerin cinsel sa\u011fl\u0131\u011f\u0131n\u0131 desteklemek ve penis b\u00fcy\u00fctme hedeflerine ula\u015fmalar\u0131na yard\u0131mc\u0131 olmak i\u00e7in \u00f6zel olarak tasarlanm\u0131\u015ft\u0131r. Kablosuz ve otomatik \u00e7al\u0131\u015fma \u00f6zelli\u011fi ile konforlu ve verimli bir deneyim sunan bu pompa, ergonomik tasar\u0131m\u0131 ve etkili performans\u0131yla \u00f6ne \u00e7\u0131kar.\" \/>\n<meta property=\"og:url\" content=\"https:\/\/hobierotikshop.com.tr\/website1\/erotik-shop-urun\/otomatik-penis-pompasi-pilli\/\" \/>\n<meta property=\"og:site_name\" content=\"Bursa Erotik Shop\" \/>\n<meta property=\"article:modified_time\" content=\"2026-01-26T13:03:58+00:00\" \/>\n<meta property=\"og:image\" content=\"https:\/\/hobierotikshop.com.tr\/website1\/wp-content\/uploads\/2025\/03\/otomatik-penis-pompasi-pilli-2593.jpg\" \/>\n\t<meta property=\"og:image:width\" content=\"1500\" \/>\n\t<meta property=\"og:image:height\" content=\"1500\" \/>\n\t<meta property=\"og:image:type\" content=\"image\/jpeg\" \/>\n<meta name=\"twitter:card\" content=\"summary_large_image\" \/>\n<meta name=\"twitter:site\" content=\"@shopbursa\" \/>\n<meta name=\"twitter:label1\" content=\"Fiyat\" \/>\n\t<meta name=\"twitter:data1\" content=\"&#8378;3.000,00 KDV DAH\u0130L\" \/>\n\t<meta name=\"twitter:label2\" content=\"Availability\" \/>\n\t<meta name=\"twitter:data2\" content=\"In stock\" \/>\n<script type=\"application\/ld+json\" class=\"yoast-schema-graph\">{\"@context\":\"https:\/\/schema.org\",\"@graph\":[{\"@type\":\"WebPage\",\"@id\":\"https:\/\/hobierotikshop.com.tr\/website1\/erotik-shop-urun\/otomatik-penis-pompasi-pilli\/\",\"url\":\"https:\/\/hobierotikshop.com.tr\/website1\/erotik-shop-urun\/otomatik-penis-pompasi-pilli\/\",\"name\":\"Otomatik Penis Pompas\u0131 Pilli - Bursa Erotik Shop\",\"isPartOf\":{\"@id\":\"https:\/\/hobierotikshop.com.tr\/website1\/#website\"},\"primaryImageOfPage\":{\"@id\":\"https:\/\/hobierotikshop.com.tr\/website1\/erotik-shop-urun\/otomatik-penis-pompasi-pilli\/#primaryimage\"},\"image\":{\"@id\":\"https:\/\/hobierotikshop.com.tr\/website1\/erotik-shop-urun\/otomatik-penis-pompasi-pilli\/#primaryimage\"},\"thumbnailUrl\":\"https:\/\/haremerotikshop.com\/site\/wp-content\/uploads\/2025\/03\/otomatik-penis-pompasi-pilli-2593.jpg\",\"datePublished\":\"2025-03-17T09:32:46+00:00\",\"dateModified\":\"2026-01-26T13:03:58+00:00\",\"breadcrumb\":{\"@id\":\"https:\/\/hobierotikshop.com.tr\/website1\/erotik-shop-urun\/otomatik-penis-pompasi-pilli\/#breadcrumb\"},\"inLanguage\":\"tr\",\"potentialAction\":[{\"@type\":\"ReadAction\",\"target\":[\"https:\/\/hobierotikshop.com.tr\/website1\/erotik-shop-urun\/otomatik-penis-pompasi-pilli\/\"]}]},{\"@type\":\"ImageObject\",\"inLanguage\":\"tr\",\"@id\":\"https:\/\/hobierotikshop.com.tr\/website1\/erotik-shop-urun\/otomatik-penis-pompasi-pilli\/#primaryimage\",\"url\":\"https:\/\/haremerotikshop.com\/site\/wp-content\/uploads\/2025\/03\/otomatik-penis-pompasi-pilli-2593.jpg\",\"contentUrl\":\"https:\/\/haremerotikshop.com\/site\/wp-content\/uploads\/2025\/03\/otomatik-penis-pompasi-pilli-2593.jpg\",\"width\":1500,\"height\":1500},{\"@type\":\"BreadcrumbList\",\"@id\":\"https:\/\/hobierotikshop.com.tr\/website1\/erotik-shop-urun\/otomatik-penis-pompasi-pilli\/#breadcrumb\",\"itemListElement\":[{\"@type\":\"ListItem\",\"position\":1,\"name\":\"Anasayfa\",\"item\":\"https:\/\/hobierotikshop.com.tr\/website1\/\"},{\"@type\":\"ListItem\",\"position\":2,\"name\":\"Erotik Shop \u00dcr\u00fcnleri\",\"item\":\"https:\/\/hobierotikshop.com.tr\/website1\/shop\/\"},{\"@type\":\"ListItem\",\"position\":3,\"name\":\"Otomatik Penis Pompas\u0131 Pilli\"}]},{\"@type\":\"WebSite\",\"@id\":\"https:\/\/hobierotikshop.com.tr\/website1\/#website\",\"url\":\"https:\/\/hobierotikshop.com.tr\/website1\/\",\"name\":\"Bursa Erotik Shop\",\"description\":\"Bursa Erotik Shop ile g\u00fcvenli, gizli ve kaliteli yeti\u015fkin \u00fcr\u00fcnleri al\u0131\u015fveri\u015fi! Geni\u015f \u00fcr\u00fcn yelpazemizi ke\u015ffedin, hemen sipari\u015f verin\",\"publisher\":{\"@id\":\"https:\/\/hobierotikshop.com.tr\/website1\/#organization\"},\"alternateName\":\"Erotik Shop\",\"potentialAction\":[{\"@type\":\"SearchAction\",\"target\":{\"@type\":\"EntryPoint\",\"urlTemplate\":\"https:\/\/hobierotikshop.com.tr\/website1\/?s={search_term_string}\"},\"query-input\":{\"@type\":\"PropertyValueSpecification\",\"valueRequired\":true,\"valueName\":\"search_term_string\"}}],\"inLanguage\":\"tr\"},{\"@type\":\"Organization\",\"@id\":\"https:\/\/hobierotikshop.com.tr\/website1\/#organization\",\"name\":\"Harem Bursa Erotik Shop\",\"url\":\"https:\/\/hobierotikshop.com.tr\/website1\/\",\"logo\":{\"@type\":\"ImageObject\",\"inLanguage\":\"tr\",\"@id\":\"https:\/\/hobierotikshop.com.tr\/website1\/#\/schema\/logo\/image\/\",\"url\":\"https:\/\/haremerotikshop.com\/wp-content\/uploads\/2025\/03\/haremsexshop.png\",\"contentUrl\":\"https:\/\/haremerotikshop.com\/wp-content\/uploads\/2025\/03\/haremsexshop.png\",\"width\":400,\"height\":100,\"caption\":\"Harem Bursa Erotik Shop\"},\"image\":{\"@id\":\"https:\/\/hobierotikshop.com.tr\/website1\/#\/schema\/logo\/image\/\"},\"sameAs\":[\"https:\/\/x.com\/shopbursa\"],\"publishingPrinciples\":\"https:\/\/hobierotikshop.com.tr\/website1\/mesafeli-satis-sozlesmesi\/\",\"ownershipFundingInfo\":\"https:\/\/hobierotikshop.com.tr\/website1\/contact-us\/\",\"actionableFeedbackPolicy\":\"https:\/\/hobierotikshop.com.tr\/website1\/contact-us\/\",\"correctionsPolicy\":\"https:\/\/hobierotikshop.com.tr\/website1\/mesafeli-satis-sozlesmesi\/\"}]}<\/script>\n<meta property=\"product:brand\" content=\"Pembe Tilki\" \/>\n<meta property=\"product:price:amount\" content=\"3000.00\" \/>\n<meta property=\"product:price:currency\" content=\"TRY\" \/>\n<meta property=\"og:availability\" content=\"instock\" \/>\n<meta property=\"product:availability\" content=\"instock\" \/>\n<meta property=\"product:retailer_item_id\" content=\"PT-ECXD867\" \/>\n<meta property=\"product:condition\" content=\"new\" \/>\n<!-- \/ Yoast SEO Premium plugin. -->","yoast_head_json":{"title":"Otomatik Penis Pompas\u0131 Pilli - Bursa Erotik Shop","robots":{"index":"index","follow":"follow","max-snippet":"max-snippet:-1","max-image-preview":"max-image-preview:large","max-video-preview":"max-video-preview:-1"},"canonical":"https:\/\/hobierotikshop.com.tr\/website1\/erotik-shop-urun\/otomatik-penis-pompasi-pilli\/","og_locale":"tr_TR","og_type":"article","og_title":"Otomatik Penis Pompas\u0131 Pilli","og_description":"Otomatik Penis Pompas\u0131 \u2013 Pilli, erkeklerin cinsel sa\u011fl\u0131\u011f\u0131n\u0131 desteklemek ve penis b\u00fcy\u00fctme hedeflerine ula\u015fmalar\u0131na yard\u0131mc\u0131 olmak i\u00e7in \u00f6zel olarak tasarlanm\u0131\u015ft\u0131r. Kablosuz ve otomatik \u00e7al\u0131\u015fma \u00f6zelli\u011fi ile konforlu ve verimli bir deneyim sunan bu pompa, ergonomik tasar\u0131m\u0131 ve etkili performans\u0131yla \u00f6ne \u00e7\u0131kar.","og_url":"https:\/\/hobierotikshop.com.tr\/website1\/erotik-shop-urun\/otomatik-penis-pompasi-pilli\/","og_site_name":"Bursa Erotik Shop","article_modified_time":"2026-01-26T13:03:58+00:00","og_image":[{"width":1500,"height":1500,"url":"https:\/\/hobierotikshop.com.tr\/website1\/wp-content\/uploads\/2025\/03\/otomatik-penis-pompasi-pilli-2593.jpg","type":"image\/jpeg"}],"twitter_card":"summary_large_image","twitter_site":"@shopbursa","twitter_misc":{"Fiyat":"&#8378;3.000,00 KDV DAH\u0130L","Availability":"In stock"},"schema":{"@context":"https:\/\/schema.org","@graph":[{"@type":"WebPage","@id":"https:\/\/hobierotikshop.com.tr\/website1\/erotik-shop-urun\/otomatik-penis-pompasi-pilli\/","url":"https:\/\/hobierotikshop.com.tr\/website1\/erotik-shop-urun\/otomatik-penis-pompasi-pilli\/","name":"Otomatik Penis Pompas\u0131 Pilli - Bursa Erotik Shop","isPartOf":{"@id":"https:\/\/hobierotikshop.com.tr\/website1\/#website"},"primaryImageOfPage":{"@id":"https:\/\/hobierotikshop.com.tr\/website1\/erotik-shop-urun\/otomatik-penis-pompasi-pilli\/#primaryimage"},"image":{"@id":"https:\/\/hobierotikshop.com.tr\/website1\/erotik-shop-urun\/otomatik-penis-pompasi-pilli\/#primaryimage"},"thumbnailUrl":"https:\/\/haremerotikshop.com\/site\/wp-content\/uploads\/2025\/03\/otomatik-penis-pompasi-pilli-2593.jpg","datePublished":"2025-03-17T09:32:46+00:00","dateModified":"2026-01-26T13:03:58+00:00","breadcrumb":{"@id":"https:\/\/hobierotikshop.com.tr\/website1\/erotik-shop-urun\/otomatik-penis-pompasi-pilli\/#breadcrumb"},"inLanguage":"tr","potentialAction":[{"@type":"ReadAction","target":["https:\/\/hobierotikshop.com.tr\/website1\/erotik-shop-urun\/otomatik-penis-pompasi-pilli\/"]}]},{"@type":"ImageObject","inLanguage":"tr","@id":"https:\/\/hobierotikshop.com.tr\/website1\/erotik-shop-urun\/otomatik-penis-pompasi-pilli\/#primaryimage","url":"https:\/\/haremerotikshop.com\/site\/wp-content\/uploads\/2025\/03\/otomatik-penis-pompasi-pilli-2593.jpg","contentUrl":"https:\/\/haremerotikshop.com\/site\/wp-content\/uploads\/2025\/03\/otomatik-penis-pompasi-pilli-2593.jpg","width":1500,"height":1500},{"@type":"BreadcrumbList","@id":"https:\/\/hobierotikshop.com.tr\/website1\/erotik-shop-urun\/otomatik-penis-pompasi-pilli\/#breadcrumb","itemListElement":[{"@type":"ListItem","position":1,"name":"Anasayfa","item":"https:\/\/hobierotikshop.com.tr\/website1\/"},{"@type":"ListItem","position":2,"name":"Erotik Shop \u00dcr\u00fcnleri","item":"https:\/\/hobierotikshop.com.tr\/website1\/shop\/"},{"@type":"ListItem","position":3,"name":"Otomatik Penis Pompas\u0131 Pilli"}]},{"@type":"WebSite","@id":"https:\/\/hobierotikshop.com.tr\/website1\/#website","url":"https:\/\/hobierotikshop.com.tr\/website1\/","name":"Bursa Erotik Shop","description":"Bursa Erotik Shop ile g\u00fcvenli, gizli ve kaliteli yeti\u015fkin \u00fcr\u00fcnleri al\u0131\u015fveri\u015fi! Geni\u015f \u00fcr\u00fcn yelpazemizi ke\u015ffedin, hemen sipari\u015f verin","publisher":{"@id":"https:\/\/hobierotikshop.com.tr\/website1\/#organization"},"alternateName":"Erotik Shop","potentialAction":[{"@type":"SearchAction","target":{"@type":"EntryPoint","urlTemplate":"https:\/\/hobierotikshop.com.tr\/website1\/?s={search_term_string}"},"query-input":{"@type":"PropertyValueSpecification","valueRequired":true,"valueName":"search_term_string"}}],"inLanguage":"tr"},{"@type":"Organization","@id":"https:\/\/hobierotikshop.com.tr\/website1\/#organization","name":"Harem Bursa Erotik Shop","url":"https:\/\/hobierotikshop.com.tr\/website1\/","logo":{"@type":"ImageObject","inLanguage":"tr","@id":"https:\/\/hobierotikshop.com.tr\/website1\/#\/schema\/logo\/image\/","url":"https:\/\/haremerotikshop.com\/wp-content\/uploads\/2025\/03\/haremsexshop.png","contentUrl":"https:\/\/haremerotikshop.com\/wp-content\/uploads\/2025\/03\/haremsexshop.png","width":400,"height":100,"caption":"Harem Bursa Erotik Shop"},"image":{"@id":"https:\/\/hobierotikshop.com.tr\/website1\/#\/schema\/logo\/image\/"},"sameAs":["https:\/\/x.com\/shopbursa"],"publishingPrinciples":"https:\/\/hobierotikshop.com.tr\/website1\/mesafeli-satis-sozlesmesi\/","ownershipFundingInfo":"https:\/\/hobierotikshop.com.tr\/website1\/contact-us\/","actionableFeedbackPolicy":"https:\/\/hobierotikshop.com.tr\/website1\/contact-us\/","correctionsPolicy":"https:\/\/hobierotikshop.com.tr\/website1\/mesafeli-satis-sozlesmesi\/"}]},"product_brand":"Pembe Tilki","product_price_amount":"3000.00","product_price_currency":"TRY","og_availability":"instock","product_availability":"instock","product_retailer_item_id":"PT-ECXD867","product_condition":"new"},"_links":{"self":[{"href":"https:\/\/haremerotikshop.com\/site\/wp-json\/wp\/v2\/product\/19360","targetHints":{"allow":["GET"]}}],"collection":[{"href":"https:\/\/haremerotikshop.com\/site\/wp-json\/wp\/v2\/product"}],"about":[{"href":"https:\/\/haremerotikshop.com\/site\/wp-json\/wp\/v2\/types\/product"}],"replies":[{"embeddable":true,"href":"https:\/\/haremerotikshop.com\/site\/wp-json\/wp\/v2\/comments?post=19360"}],"version-history":[{"count":0,"href":"https:\/\/haremerotikshop.com\/site\/wp-json\/wp\/v2\/product\/19360\/revisions"}],"wp:featuredmedia":[{"embeddable":true,"href":"https:\/\/haremerotikshop.com\/site\/wp-json\/wp\/v2\/media\/19438"}],"wp:attachment":[{"href":"https:\/\/haremerotikshop.com\/site\/wp-json\/wp\/v2\/media?parent=19360"}],"wp:term":[{"taxonomy":"product_brand","embeddable":true,"href":"https:\/\/haremerotikshop.com\/site\/wp-json\/wp\/v2\/product_brand?post=19360"},{"taxonomy":"product_cat","embeddable":true,"href":"https:\/\/haremerotikshop.com\/site\/wp-json\/wp\/v2\/product_cat?post=19360"},{"taxonomy":"product_tag","embeddable":true,"href":"https:\/\/haremerotikshop.com\/site\/wp-json\/wp\/v2\/product_tag?post=19360"}],"curies":[{"name":"wp","href":"https:\/\/api.w.org\/{rel}","templated":true}]}}