{"id":19361,"date":"2025-03-17T12:32:46","date_gmt":"2025-03-17T09:32:46","guid":{"rendered":"https:\/\/haremerotikshop.com\/site\/?post_type=product&#038;p=19361"},"modified":"2026-01-26T16:04:22","modified_gmt":"2026-01-26T13:04:22","slug":"fantezi-deri-kirbac-siyah","status":"publish","type":"product","link":"https:\/\/haremerotikshop.com\/site\/erotik-shop-urun\/fantezi-deri-kirbac-siyah\/","title":{"rendered":"Fantezi Deri K\u0131rbac Siyah"},"content":{"rendered":"<h3 data-start=\"64\" data-end=\"140\"><strong data-start=\"68\" data-end=\"140\">Fantezi Deri K\u0131rbac \u2013 Siyah: \u015e\u0131k ve Heyecan Verici Fantezi Aksesuar\u0131<\/strong><\/h3>\n<p data-start=\"142\" data-end=\"559\"><strong data-start=\"142\" data-end=\"173\">Fantezi Deri K\u0131rbac \u2013 Siyah<\/strong>, <strong data-start=\"175\" data-end=\"196\">fantezi d\u00fcnyas\u0131n\u0131<\/strong> canland\u0131rmak ve <strong data-start=\"213\" data-end=\"235\">tutkulu deneyimler<\/strong> ya\u015famak isteyenler i\u00e7in tasarlanm\u0131\u015f \u015f\u0131k ve \u00e7ekici bir aksesuard\u0131r. <strong data-start=\"303\" data-end=\"321\">69 cm uzunlu\u011fu<\/strong> ve <strong data-start=\"325\" data-end=\"343\">90 gr a\u011f\u0131rl\u0131\u011f\u0131<\/strong> ile hem kullan\u0131m kolayl\u0131\u011f\u0131 sunar hem de <strong data-start=\"384\" data-end=\"402\">heyecan verici<\/strong> etkile\u015fimlere olanak tan\u0131r. <strong data-start=\"431\" data-end=\"455\">Y\u00fcksek kaliteli deri<\/strong> malzemesiyle, dayan\u0131kl\u0131 ve estetik bir tasar\u0131m sunar, \u00f6zel anlar\u0131n\u0131za <strong data-start=\"526\" data-end=\"535\">gizem<\/strong> ve <strong data-start=\"539\" data-end=\"547\">zevk<\/strong> katacakt\u0131r.<\/p>\n<h3 data-start=\"561\" data-end=\"590\"><strong data-start=\"565\" data-end=\"590\">\u00d6ne \u00c7\u0131kan \u00d6zellikler:<\/strong><\/h3>\n<h4 data-start=\"592\" data-end=\"619\"><strong data-start=\"597\" data-end=\"619\">Uzunluk ve A\u011f\u0131rl\u0131k<\/strong><\/h4>\n<ul data-start=\"620\" data-end=\"854\">\n<li data-start=\"620\" data-end=\"754\"><strong data-start=\"622\" data-end=\"640\">69 cm uzunlu\u011fu<\/strong> ile kullan\u0131m s\u0131ras\u0131nda tam kontrol sa\u011flar, partnerinizle olan etkile\u015fimlerinizi <strong data-start=\"721\" data-end=\"753\">kolayca y\u00f6nlendirebilirsiniz<\/strong>.<\/li>\n<li data-start=\"755\" data-end=\"854\"><strong data-start=\"757\" data-end=\"775\">90 gr a\u011f\u0131rl\u0131\u011f\u0131<\/strong>, k\u0131rbac\u0131 <strong data-start=\"785\" data-end=\"803\">hafif ve esnek<\/strong> hale getirerek rahat\u00e7a y\u00f6nlendirebilmenizi sa\u011flar.<\/li>\n<\/ul>\n<h4 data-start=\"856\" data-end=\"885\"><strong data-start=\"861\" data-end=\"885\">Y\u00fcksek Kaliteli Deri<\/strong><\/h4>\n<ul data-start=\"886\" data-end=\"1085\">\n<li data-start=\"886\" data-end=\"1085\"><strong data-start=\"888\" data-end=\"920\">Y\u00fcksek kaliteli deri malzeme<\/strong> kullan\u0131larak \u00fcretilen bu k\u0131rba\u00e7, uzun \u00f6m\u00fcrl\u00fc ve <strong data-start=\"969\" data-end=\"982\">dayan\u0131kl\u0131<\/strong> olup \u015f\u0131k bir g\u00f6r\u00fcn\u00fcm sunar. Deri dokusu, hem <strong data-start=\"1028\" data-end=\"1038\">\u00e7ekici<\/strong> hem de <strong data-start=\"1046\" data-end=\"1068\">rahat bir kullan\u0131m<\/strong> deneyimi sa\u011flar.<\/li>\n<\/ul>\n<h4 data-start=\"1087\" data-end=\"1119\"><strong data-start=\"1092\" data-end=\"1119\">Ergonomik ve Kaymaz Sap<\/strong><\/h4>\n<ul data-start=\"1120\" data-end=\"1289\">\n<li data-start=\"1120\" data-end=\"1289\"><strong data-start=\"1122\" data-end=\"1148\">Ergonomik sap tasar\u0131m\u0131<\/strong> sayesinde, k\u0131rbac\u0131 <strong data-start=\"1168\" data-end=\"1189\">rahat\u00e7a tutabilir<\/strong> ve <strong data-start=\"1193\" data-end=\"1218\">kontrol edebilirsiniz<\/strong>. Kaymaz yap\u0131, kullan\u0131m s\u0131ras\u0131nda <strong data-start=\"1252\" data-end=\"1265\">g\u00fcvenli\u011fi<\/strong> ve <strong data-start=\"1269\" data-end=\"1280\">konforu<\/strong> art\u0131r\u0131r.<\/li>\n<\/ul>\n<h4 data-start=\"1291\" data-end=\"1322\"><strong data-start=\"1296\" data-end=\"1322\">Estetik ve \u015e\u0131k Tasar\u0131m<\/strong><\/h4>\n<ul data-start=\"1323\" data-end=\"1473\">\n<li data-start=\"1323\" data-end=\"1473\"><strong data-start=\"1325\" data-end=\"1356\">Tamamen siyah deri g\u00f6r\u00fcn\u00fcm\u00fc<\/strong>, k\u0131rba\u00e7la \u015f\u0131kl\u0131\u011f\u0131 ve <strong data-start=\"1378\" data-end=\"1392\">\u00e7ekicili\u011fi<\/strong> bir araya getirir. Hem <strong data-start=\"1416\" data-end=\"1427\">estetik<\/strong> hem de <strong data-start=\"1435\" data-end=\"1453\">heyecan verici<\/strong> bir duru\u015f sergiler.<\/li>\n<\/ul>\n<h3 data-start=\"1475\" data-end=\"1536\"><strong data-start=\"1479\" data-end=\"1536\">Neden Fantezi Deri K\u0131rbac \u2013 Siyah Tercih Etmelisiniz?<\/strong><\/h3>\n<h4 data-start=\"1538\" data-end=\"1568\"><strong data-start=\"1543\" data-end=\"1568\">Fanteziyi Canland\u0131r\u0131r<\/strong><\/h4>\n<ul data-start=\"1569\" data-end=\"1806\">\n<li data-start=\"1569\" data-end=\"1806\">Partnerinizle olan ili\u015fkilerinize yeni bir boyut kazand\u0131ran <strong data-start=\"1631\" data-end=\"1654\">Fantezi Deri K\u0131rbac<\/strong>, daha <strong data-start=\"1661\" data-end=\"1674\">heyecanl\u0131<\/strong> ve <strong data-start=\"1678\" data-end=\"1689\">tutkulu<\/strong> anlar ya\u015faman\u0131za yard\u0131mc\u0131 olur. <strong data-start=\"1722\" data-end=\"1743\">Fantezi d\u00fcnyas\u0131n\u0131<\/strong> ke\u015ffetmek ve s\u0131n\u0131rlar\u0131 zorlamak i\u00e7in m\u00fckemmel bir aksesuard\u0131r.<\/li>\n<\/ul>\n<h4 data-start=\"1808\" data-end=\"1843\"><strong data-start=\"1813\" data-end=\"1843\">Kolay Kullan\u0131m ve Esneklik<\/strong><\/h4>\n<ul data-start=\"1844\" data-end=\"2010\">\n<li data-start=\"1844\" data-end=\"2010\"><strong data-start=\"1846\" data-end=\"1871\">Hafif ve uzun tasar\u0131m<\/strong>, <strong data-start=\"1873\" data-end=\"1891\">kolay kullan\u0131m<\/strong> sa\u011flar. K\u0131rbac\u0131n esnek yap\u0131s\u0131 sayesinde, y\u00f6nlendirmek son derece kolayd\u0131r, her hareketi rahat\u00e7a kontrol edebilirsiniz.<\/li>\n<\/ul>\n<h4 data-start=\"2012\" data-end=\"2037\"><strong data-start=\"2017\" data-end=\"2037\">Dayan\u0131kl\u0131 ve \u015e\u0131k<\/strong><\/h4>\n<ul data-start=\"2038\" data-end=\"2226\">\n<li data-start=\"2038\" data-end=\"2226\">Kaliteli malzemesi sayesinde uzun \u00f6m\u00fcrl\u00fcd\u00fcr ve <strong data-start=\"2087\" data-end=\"2107\">\u015f\u0131k bir tasar\u0131ma<\/strong> sahiptir. <strong data-start=\"2118\" data-end=\"2131\">Deri yap\u0131<\/strong> sadece <strong data-start=\"2139\" data-end=\"2152\">\u015f\u0131k de\u011fil<\/strong>, ayn\u0131 zamanda <strong data-start=\"2167\" data-end=\"2183\">dayan\u0131kl\u0131d\u0131r<\/strong>, uzun s\u00fcreli kullan\u0131ma uygun hale getirir.<\/li>\n<\/ul>\n<h4 data-start=\"2228\" data-end=\"2264\"><strong data-start=\"2233\" data-end=\"2264\">Ta\u015f\u0131nabilir ve Saklanabilir<\/strong><\/h4>\n<ul data-start=\"2265\" data-end=\"2445\">\n<li data-start=\"2265\" data-end=\"2445\"><strong data-start=\"2267\" data-end=\"2287\">Kompakt tasar\u0131m\u0131<\/strong> ve <strong data-start=\"2291\" data-end=\"2307\">hafif yap\u0131s\u0131<\/strong>, <strong data-start=\"2309\" data-end=\"2332\">kolayca ta\u015f\u0131nabilir<\/strong> ve <strong data-start=\"2336\" data-end=\"2352\">saklanabilir<\/strong> olmas\u0131n\u0131 sa\u011flar. Fantezi d\u00fcnyan\u0131z\u0131 ke\u015ffederken bu \u015f\u0131k aksesuar her zaman yan\u0131n\u0131zda olabilir.<\/li>\n<\/ul>\n<h3 data-start=\"2447\" data-end=\"2507\"><strong data-start=\"2451\" data-end=\"2507\">Fantezi Deri K\u0131rbac \u2013 Siyah ile Heyecan Verici Anlar<\/strong><\/h3>\n<p data-start=\"2509\" data-end=\"2824\"><strong data-start=\"2509\" data-end=\"2540\">Fantezi Deri K\u0131rbac \u2013 Siyah<\/strong>, <strong data-start=\"2542\" data-end=\"2558\">\u015f\u0131k tasar\u0131m\u0131<\/strong>, <strong data-start=\"2560\" data-end=\"2589\">y\u00fcksek kaliteli malzemesi<\/strong> ve <strong data-start=\"2593\" data-end=\"2614\">kullan\u0131\u015fl\u0131 yap\u0131s\u0131<\/strong> ile fantezi d\u00fcnyas\u0131nda ke\u015fif yapmak isteyenler i\u00e7in ideal bir se\u00e7enektir. Partnerinizle olan etkile\u015fimlerinizi daha <strong data-start=\"2731\" data-end=\"2755\">heyecanl\u0131 ve tutkulu<\/strong> hale getirecek bu aksesuar, <strong data-start=\"2784\" data-end=\"2794\">gizemi<\/strong> ve <strong data-start=\"2798\" data-end=\"2807\">zevki<\/strong> bir arada sunar.<\/p>\n","protected":false},"excerpt":{"rendered":"<p><strong data-start=\"142\" data-end=\"173\">Fantezi Deri K\u0131rbac \u2013 Siyah<\/strong>, <strong data-start=\"175\" data-end=\"196\">fantezi d\u00fcnyas\u0131n\u0131<\/strong> canland\u0131rmak ve <strong data-start=\"213\" data-end=\"235\">tutkulu deneyimler<\/strong> ya\u015famak isteyenler i\u00e7in tasarlanm\u0131\u015f \u015f\u0131k ve \u00e7ekici bir aksesuard\u0131r. <strong data-start=\"303\" data-end=\"321\">69 cm uzunlu\u011fu<\/strong> ve <strong data-start=\"325\" data-end=\"343\">90 gr a\u011f\u0131rl\u0131\u011f\u0131<\/strong> ile hem kullan\u0131m kolayl\u0131\u011f\u0131 sunar hem de <strong data-start=\"384\" data-end=\"402\">heyecan verici<\/strong> etkile\u015fimlere olanak tan\u0131r. <strong data-start=\"431\" data-end=\"455\">Y\u00fcksek kaliteli deri<\/strong> malzemesiyle, dayan\u0131kl\u0131 ve estetik bir tasar\u0131m sunar, \u00f6zel anlar\u0131n\u0131za <strong data-start=\"526\" data-end=\"535\">gizem<\/strong> ve <strong data-start=\"539\" data-end=\"547\">zevk<\/strong> katacakt\u0131r.<\/p>\n","protected":false},"featured_media":19443,"comment_status":"open","ping_status":"closed","template":"","meta":[],"product_brand":[127],"product_cat":[100],"product_tag":[321],"class_list":{"0":"post-19361","1":"product","2":"type-product","3":"status-publish","4":"has-post-thumbnail","6":"product_brand-pembe-tilki","7":"product_cat-fantezi-fetis","8":"product_tag-fantezi-deri-kirbac-siyah","10":"first","11":"instock","12":"taxable","13":"shipping-taxable","14":"purchasable","15":"product-type-simple"},"yoast_head":"<!-- This site is optimized with the Yoast SEO Premium plugin v24.4 (Yoast SEO v27.1.1) - https:\/\/yoast.com\/product\/yoast-seo-premium-wordpress\/ -->\n<title>Fantezi Deri K\u0131rbac Siyah - Bursa Erotik Shop<\/title>\n<meta name=\"robots\" content=\"index, follow, max-snippet:-1, max-image-preview:large, max-video-preview:-1\" \/>\n<link rel=\"canonical\" href=\"https:\/\/hobierotikshop.com.tr\/website1\/erotik-shop-urun\/fantezi-deri-kirbac-siyah\/\" \/>\n<meta property=\"og:locale\" content=\"tr_TR\" \/>\n<meta property=\"og:type\" content=\"article\" \/>\n<meta property=\"og:title\" content=\"Fantezi Deri K\u0131rbac Siyah\" \/>\n<meta property=\"og:description\" content=\"Fantezi Deri K\u0131rbac \u2013 Siyah, fantezi d\u00fcnyas\u0131n\u0131 canland\u0131rmak ve tutkulu deneyimler ya\u015famak isteyenler i\u00e7in tasarlanm\u0131\u015f \u015f\u0131k ve \u00e7ekici bir aksesuard\u0131r. 69 cm uzunlu\u011fu ve 90 gr a\u011f\u0131rl\u0131\u011f\u0131 ile hem kullan\u0131m kolayl\u0131\u011f\u0131 sunar hem de heyecan verici etkile\u015fimlere olanak tan\u0131r. Y\u00fcksek kaliteli deri malzemesiyle, dayan\u0131kl\u0131 ve estetik bir tasar\u0131m sunar, \u00f6zel anlar\u0131n\u0131za gizem ve zevk katacakt\u0131r.\" \/>\n<meta property=\"og:url\" content=\"https:\/\/hobierotikshop.com.tr\/website1\/erotik-shop-urun\/fantezi-deri-kirbac-siyah\/\" \/>\n<meta property=\"og:site_name\" content=\"Bursa Erotik Shop\" \/>\n<meta property=\"article:modified_time\" content=\"2026-01-26T13:04:22+00:00\" \/>\n<meta property=\"og:image\" content=\"https:\/\/hobierotikshop.com.tr\/website1\/wp-content\/uploads\/2025\/03\/fantezi-deri-kirbac-siyah-2722.jpg\" \/>\n\t<meta property=\"og:image:width\" content=\"1500\" \/>\n\t<meta property=\"og:image:height\" content=\"1500\" \/>\n\t<meta property=\"og:image:type\" content=\"image\/jpeg\" \/>\n<meta name=\"twitter:card\" content=\"summary_large_image\" \/>\n<meta name=\"twitter:site\" content=\"@shopbursa\" \/>\n<meta name=\"twitter:label1\" content=\"Fiyat\" \/>\n\t<meta name=\"twitter:data1\" content=\"&#8378;600,00 KDV DAH\u0130L\" \/>\n\t<meta name=\"twitter:label2\" content=\"Availability\" \/>\n\t<meta name=\"twitter:data2\" content=\"In stock\" \/>\n<script type=\"application\/ld+json\" class=\"yoast-schema-graph\">{\"@context\":\"https:\/\/schema.org\",\"@graph\":[{\"@type\":\"WebPage\",\"@id\":\"https:\/\/hobierotikshop.com.tr\/website1\/erotik-shop-urun\/fantezi-deri-kirbac-siyah\/\",\"url\":\"https:\/\/hobierotikshop.com.tr\/website1\/erotik-shop-urun\/fantezi-deri-kirbac-siyah\/\",\"name\":\"Fantezi Deri K\u0131rbac Siyah - Bursa Erotik Shop\",\"isPartOf\":{\"@id\":\"https:\/\/hobierotikshop.com.tr\/website1\/#website\"},\"primaryImageOfPage\":{\"@id\":\"https:\/\/hobierotikshop.com.tr\/website1\/erotik-shop-urun\/fantezi-deri-kirbac-siyah\/#primaryimage\"},\"image\":{\"@id\":\"https:\/\/hobierotikshop.com.tr\/website1\/erotik-shop-urun\/fantezi-deri-kirbac-siyah\/#primaryimage\"},\"thumbnailUrl\":\"https:\/\/haremerotikshop.com\/site\/wp-content\/uploads\/2025\/03\/fantezi-deri-kirbac-siyah-2722.jpg\",\"datePublished\":\"2025-03-17T09:32:46+00:00\",\"dateModified\":\"2026-01-26T13:04:22+00:00\",\"breadcrumb\":{\"@id\":\"https:\/\/hobierotikshop.com.tr\/website1\/erotik-shop-urun\/fantezi-deri-kirbac-siyah\/#breadcrumb\"},\"inLanguage\":\"tr\",\"potentialAction\":[{\"@type\":\"ReadAction\",\"target\":[\"https:\/\/hobierotikshop.com.tr\/website1\/erotik-shop-urun\/fantezi-deri-kirbac-siyah\/\"]}]},{\"@type\":\"ImageObject\",\"inLanguage\":\"tr\",\"@id\":\"https:\/\/hobierotikshop.com.tr\/website1\/erotik-shop-urun\/fantezi-deri-kirbac-siyah\/#primaryimage\",\"url\":\"https:\/\/haremerotikshop.com\/site\/wp-content\/uploads\/2025\/03\/fantezi-deri-kirbac-siyah-2722.jpg\",\"contentUrl\":\"https:\/\/haremerotikshop.com\/site\/wp-content\/uploads\/2025\/03\/fantezi-deri-kirbac-siyah-2722.jpg\",\"width\":1500,\"height\":1500},{\"@type\":\"BreadcrumbList\",\"@id\":\"https:\/\/hobierotikshop.com.tr\/website1\/erotik-shop-urun\/fantezi-deri-kirbac-siyah\/#breadcrumb\",\"itemListElement\":[{\"@type\":\"ListItem\",\"position\":1,\"name\":\"Anasayfa\",\"item\":\"https:\/\/hobierotikshop.com.tr\/website1\/\"},{\"@type\":\"ListItem\",\"position\":2,\"name\":\"Erotik Shop \u00dcr\u00fcnleri\",\"item\":\"https:\/\/hobierotikshop.com.tr\/website1\/shop\/\"},{\"@type\":\"ListItem\",\"position\":3,\"name\":\"Fantezi Deri K\u0131rbac Siyah\"}]},{\"@type\":\"WebSite\",\"@id\":\"https:\/\/hobierotikshop.com.tr\/website1\/#website\",\"url\":\"https:\/\/hobierotikshop.com.tr\/website1\/\",\"name\":\"Bursa Erotik Shop\",\"description\":\"Bursa Erotik Shop ile g\u00fcvenli, gizli ve kaliteli yeti\u015fkin \u00fcr\u00fcnleri al\u0131\u015fveri\u015fi! Geni\u015f \u00fcr\u00fcn yelpazemizi ke\u015ffedin, hemen sipari\u015f verin\",\"publisher\":{\"@id\":\"https:\/\/hobierotikshop.com.tr\/website1\/#organization\"},\"alternateName\":\"Erotik Shop\",\"potentialAction\":[{\"@type\":\"SearchAction\",\"target\":{\"@type\":\"EntryPoint\",\"urlTemplate\":\"https:\/\/hobierotikshop.com.tr\/website1\/?s={search_term_string}\"},\"query-input\":{\"@type\":\"PropertyValueSpecification\",\"valueRequired\":true,\"valueName\":\"search_term_string\"}}],\"inLanguage\":\"tr\"},{\"@type\":\"Organization\",\"@id\":\"https:\/\/hobierotikshop.com.tr\/website1\/#organization\",\"name\":\"Harem Bursa Erotik Shop\",\"url\":\"https:\/\/hobierotikshop.com.tr\/website1\/\",\"logo\":{\"@type\":\"ImageObject\",\"inLanguage\":\"tr\",\"@id\":\"https:\/\/hobierotikshop.com.tr\/website1\/#\/schema\/logo\/image\/\",\"url\":\"https:\/\/haremerotikshop.com\/site\/wp-content\/uploads\/2025\/03\/haremsexshop.png\",\"contentUrl\":\"https:\/\/haremerotikshop.com\/site\/wp-content\/uploads\/2025\/03\/haremsexshop.png\",\"width\":400,\"height\":100,\"caption\":\"Harem Bursa Erotik Shop\"},\"image\":{\"@id\":\"https:\/\/hobierotikshop.com.tr\/website1\/#\/schema\/logo\/image\/\"},\"sameAs\":[\"https:\/\/x.com\/shopbursa\"],\"publishingPrinciples\":\"https:\/\/hobierotikshop.com.tr\/website1\/mesafeli-satis-sozlesmesi\/\",\"ownershipFundingInfo\":\"https:\/\/hobierotikshop.com.tr\/website1\/contact-us\/\",\"actionableFeedbackPolicy\":\"https:\/\/hobierotikshop.com.tr\/website1\/contact-us\/\",\"correctionsPolicy\":\"https:\/\/hobierotikshop.com.tr\/website1\/mesafeli-satis-sozlesmesi\/\"}]}<\/script>\n<meta property=\"product:brand\" content=\"Pembe Tilki\" \/>\n<meta property=\"product:price:amount\" content=\"600.00\" \/>\n<meta property=\"product:price:currency\" content=\"TRY\" \/>\n<meta property=\"og:availability\" content=\"instock\" \/>\n<meta property=\"product:availability\" content=\"instock\" \/>\n<meta property=\"product:retailer_item_id\" content=\"PT-FFXG087\" \/>\n<meta property=\"product:condition\" content=\"new\" \/>\n<!-- \/ Yoast SEO Premium plugin. -->","yoast_head_json":{"title":"Fantezi Deri K\u0131rbac Siyah - Bursa Erotik Shop","robots":{"index":"index","follow":"follow","max-snippet":"max-snippet:-1","max-image-preview":"max-image-preview:large","max-video-preview":"max-video-preview:-1"},"canonical":"https:\/\/hobierotikshop.com.tr\/website1\/erotik-shop-urun\/fantezi-deri-kirbac-siyah\/","og_locale":"tr_TR","og_type":"article","og_title":"Fantezi Deri K\u0131rbac Siyah","og_description":"Fantezi Deri K\u0131rbac \u2013 Siyah, fantezi d\u00fcnyas\u0131n\u0131 canland\u0131rmak ve tutkulu deneyimler ya\u015famak isteyenler i\u00e7in tasarlanm\u0131\u015f \u015f\u0131k ve \u00e7ekici bir aksesuard\u0131r. 69 cm uzunlu\u011fu ve 90 gr a\u011f\u0131rl\u0131\u011f\u0131 ile hem kullan\u0131m kolayl\u0131\u011f\u0131 sunar hem de heyecan verici etkile\u015fimlere olanak tan\u0131r. Y\u00fcksek kaliteli deri malzemesiyle, dayan\u0131kl\u0131 ve estetik bir tasar\u0131m sunar, \u00f6zel anlar\u0131n\u0131za gizem ve zevk katacakt\u0131r.","og_url":"https:\/\/hobierotikshop.com.tr\/website1\/erotik-shop-urun\/fantezi-deri-kirbac-siyah\/","og_site_name":"Bursa Erotik Shop","article_modified_time":"2026-01-26T13:04:22+00:00","og_image":[{"width":1500,"height":1500,"url":"https:\/\/hobierotikshop.com.tr\/website1\/wp-content\/uploads\/2025\/03\/fantezi-deri-kirbac-siyah-2722.jpg","type":"image\/jpeg"}],"twitter_card":"summary_large_image","twitter_site":"@shopbursa","twitter_misc":{"Fiyat":"&#8378;600,00 KDV DAH\u0130L","Availability":"In stock"},"schema":{"@context":"https:\/\/schema.org","@graph":[{"@type":"WebPage","@id":"https:\/\/hobierotikshop.com.tr\/website1\/erotik-shop-urun\/fantezi-deri-kirbac-siyah\/","url":"https:\/\/hobierotikshop.com.tr\/website1\/erotik-shop-urun\/fantezi-deri-kirbac-siyah\/","name":"Fantezi Deri K\u0131rbac Siyah - Bursa Erotik Shop","isPartOf":{"@id":"https:\/\/hobierotikshop.com.tr\/website1\/#website"},"primaryImageOfPage":{"@id":"https:\/\/hobierotikshop.com.tr\/website1\/erotik-shop-urun\/fantezi-deri-kirbac-siyah\/#primaryimage"},"image":{"@id":"https:\/\/hobierotikshop.com.tr\/website1\/erotik-shop-urun\/fantezi-deri-kirbac-siyah\/#primaryimage"},"thumbnailUrl":"https:\/\/haremerotikshop.com\/site\/wp-content\/uploads\/2025\/03\/fantezi-deri-kirbac-siyah-2722.jpg","datePublished":"2025-03-17T09:32:46+00:00","dateModified":"2026-01-26T13:04:22+00:00","breadcrumb":{"@id":"https:\/\/hobierotikshop.com.tr\/website1\/erotik-shop-urun\/fantezi-deri-kirbac-siyah\/#breadcrumb"},"inLanguage":"tr","potentialAction":[{"@type":"ReadAction","target":["https:\/\/hobierotikshop.com.tr\/website1\/erotik-shop-urun\/fantezi-deri-kirbac-siyah\/"]}]},{"@type":"ImageObject","inLanguage":"tr","@id":"https:\/\/hobierotikshop.com.tr\/website1\/erotik-shop-urun\/fantezi-deri-kirbac-siyah\/#primaryimage","url":"https:\/\/haremerotikshop.com\/site\/wp-content\/uploads\/2025\/03\/fantezi-deri-kirbac-siyah-2722.jpg","contentUrl":"https:\/\/haremerotikshop.com\/site\/wp-content\/uploads\/2025\/03\/fantezi-deri-kirbac-siyah-2722.jpg","width":1500,"height":1500},{"@type":"BreadcrumbList","@id":"https:\/\/hobierotikshop.com.tr\/website1\/erotik-shop-urun\/fantezi-deri-kirbac-siyah\/#breadcrumb","itemListElement":[{"@type":"ListItem","position":1,"name":"Anasayfa","item":"https:\/\/hobierotikshop.com.tr\/website1\/"},{"@type":"ListItem","position":2,"name":"Erotik Shop \u00dcr\u00fcnleri","item":"https:\/\/hobierotikshop.com.tr\/website1\/shop\/"},{"@type":"ListItem","position":3,"name":"Fantezi Deri K\u0131rbac Siyah"}]},{"@type":"WebSite","@id":"https:\/\/hobierotikshop.com.tr\/website1\/#website","url":"https:\/\/hobierotikshop.com.tr\/website1\/","name":"Bursa Erotik Shop","description":"Bursa Erotik Shop ile g\u00fcvenli, gizli ve kaliteli yeti\u015fkin \u00fcr\u00fcnleri al\u0131\u015fveri\u015fi! Geni\u015f \u00fcr\u00fcn yelpazemizi ke\u015ffedin, hemen sipari\u015f verin","publisher":{"@id":"https:\/\/hobierotikshop.com.tr\/website1\/#organization"},"alternateName":"Erotik Shop","potentialAction":[{"@type":"SearchAction","target":{"@type":"EntryPoint","urlTemplate":"https:\/\/hobierotikshop.com.tr\/website1\/?s={search_term_string}"},"query-input":{"@type":"PropertyValueSpecification","valueRequired":true,"valueName":"search_term_string"}}],"inLanguage":"tr"},{"@type":"Organization","@id":"https:\/\/hobierotikshop.com.tr\/website1\/#organization","name":"Harem Bursa Erotik Shop","url":"https:\/\/hobierotikshop.com.tr\/website1\/","logo":{"@type":"ImageObject","inLanguage":"tr","@id":"https:\/\/hobierotikshop.com.tr\/website1\/#\/schema\/logo\/image\/","url":"https:\/\/haremerotikshop.com\/site\/wp-content\/uploads\/2025\/03\/haremsexshop.png","contentUrl":"https:\/\/haremerotikshop.com\/site\/wp-content\/uploads\/2025\/03\/haremsexshop.png","width":400,"height":100,"caption":"Harem Bursa Erotik Shop"},"image":{"@id":"https:\/\/hobierotikshop.com.tr\/website1\/#\/schema\/logo\/image\/"},"sameAs":["https:\/\/x.com\/shopbursa"],"publishingPrinciples":"https:\/\/hobierotikshop.com.tr\/website1\/mesafeli-satis-sozlesmesi\/","ownershipFundingInfo":"https:\/\/hobierotikshop.com.tr\/website1\/contact-us\/","actionableFeedbackPolicy":"https:\/\/hobierotikshop.com.tr\/website1\/contact-us\/","correctionsPolicy":"https:\/\/hobierotikshop.com.tr\/website1\/mesafeli-satis-sozlesmesi\/"}]},"product_brand":"Pembe Tilki","product_price_amount":"600.00","product_price_currency":"TRY","og_availability":"instock","product_availability":"instock","product_retailer_item_id":"PT-FFXG087","product_condition":"new"},"_links":{"self":[{"href":"https:\/\/haremerotikshop.com\/site\/wp-json\/wp\/v2\/product\/19361","targetHints":{"allow":["GET"]}}],"collection":[{"href":"https:\/\/haremerotikshop.com\/site\/wp-json\/wp\/v2\/product"}],"about":[{"href":"https:\/\/haremerotikshop.com\/site\/wp-json\/wp\/v2\/types\/product"}],"replies":[{"embeddable":true,"href":"https:\/\/haremerotikshop.com\/site\/wp-json\/wp\/v2\/comments?post=19361"}],"version-history":[{"count":0,"href":"https:\/\/haremerotikshop.com\/site\/wp-json\/wp\/v2\/product\/19361\/revisions"}],"wp:featuredmedia":[{"embeddable":true,"href":"https:\/\/haremerotikshop.com\/site\/wp-json\/wp\/v2\/media\/19443"}],"wp:attachment":[{"href":"https:\/\/haremerotikshop.com\/site\/wp-json\/wp\/v2\/media?parent=19361"}],"wp:term":[{"taxonomy":"product_brand","embeddable":true,"href":"https:\/\/haremerotikshop.com\/site\/wp-json\/wp\/v2\/product_brand?post=19361"},{"taxonomy":"product_cat","embeddable":true,"href":"https:\/\/haremerotikshop.com\/site\/wp-json\/wp\/v2\/product_cat?post=19361"},{"taxonomy":"product_tag","embeddable":true,"href":"https:\/\/haremerotikshop.com\/site\/wp-json\/wp\/v2\/product_tag?post=19361"}],"curies":[{"name":"wp","href":"https:\/\/api.w.org\/{rel}","templated":true}]}}