{"id":19362,"date":"2025-03-17T12:32:46","date_gmt":"2025-03-17T09:32:46","guid":{"rendered":"https:\/\/haremerotikshop.com\/site\/?post_type=product&#038;p=19362"},"modified":"2026-01-26T16:04:46","modified_gmt":"2026-01-26T13:04:46","slug":"deri-islemeli-fantezi-kirbac","status":"publish","type":"product","link":"https:\/\/haremerotikshop.com\/site\/erotik-shop-urun\/deri-islemeli-fantezi-kirbac\/","title":{"rendered":"Deri I\u0307\u015flemeli Fantezi K\u0131rbac"},"content":{"rendered":"<h3 data-start=\"64\" data-end=\"144\"><strong data-start=\"68\" data-end=\"144\">Deri \u0130\u015flemeli Fantezi K\u0131rbac: Zarif ve Tutkulu Anlar \u0130\u00e7in \u0130deal Aksesuar<\/strong><\/h3>\n<p data-start=\"146\" data-end=\"656\"><strong data-start=\"146\" data-end=\"178\">Deri \u0130\u015flemeli Fantezi K\u0131rbac<\/strong>, <strong data-start=\"180\" data-end=\"219\">fantezi d\u00fcnyan\u0131za zarif bir dokunu\u015f<\/strong> katmak ve <strong data-start=\"230\" data-end=\"259\">heyecan verici deneyimler<\/strong> ya\u015famak isteyenler i\u00e7in tasarlanm\u0131\u015f \u015f\u0131k ve estetik bir aksesuard\u0131r. <strong data-start=\"328\" data-end=\"352\">Y\u00fcksek kaliteli deri<\/strong> malzeme ve <strong data-start=\"364\" data-end=\"382\">el i\u015f\u00e7ili\u011fiyle<\/strong> i\u015flenmi\u015f zarif detaylar, bu k\u0131rbac\u0131 sadece kullan\u0131\u015fl\u0131 de\u011fil, ayn\u0131 zamanda g\u00f6rsel a\u00e7\u0131dan etkileyici bir par\u00e7a haline getirir. Hem <strong data-start=\"512\" data-end=\"534\">yumu\u015fak dokunu\u015flar<\/strong> hem de <strong data-start=\"542\" data-end=\"560\">yo\u011fun temaslar<\/strong> i\u00e7in uygun olan bu k\u0131rba\u00e7, partnerinizle <strong data-start=\"602\" data-end=\"618\">heyecan dolu<\/strong> anlar yaratman\u0131za yard\u0131mc\u0131 olacakt\u0131r.<\/p>\n<h3 data-start=\"658\" data-end=\"687\"><strong data-start=\"662\" data-end=\"687\">\u00d6ne \u00c7\u0131kan \u00d6zellikler:<\/strong><\/h3>\n<h4 data-start=\"689\" data-end=\"726\"><strong data-start=\"694\" data-end=\"726\">Y\u00fcksek Kaliteli Deri Malzeme<\/strong><\/h4>\n<ul data-start=\"727\" data-end=\"925\">\n<li data-start=\"727\" data-end=\"925\"><strong data-start=\"729\" data-end=\"753\">Y\u00fcksek kaliteli deri<\/strong> kullan\u0131larak \u00fcretilen bu k\u0131rba\u00e7, dayan\u0131kl\u0131 ve <strong data-start=\"800\" data-end=\"818\">uzun \u00f6m\u00fcrl\u00fcd\u00fcr<\/strong>. <strong data-start=\"820\" data-end=\"839\">Deri i\u015flemeleri<\/strong>, hem g\u00f6rsel olarak dikkat \u00e7eker hem de <strong data-start=\"879\" data-end=\"900\">fantezi d\u00fcnyas\u0131n\u0131<\/strong> daha cazip hale getirir.<\/li>\n<\/ul>\n<h4 data-start=\"927\" data-end=\"955\"><strong data-start=\"932\" data-end=\"955\">Uzunluk Se\u00e7enekleri<\/strong><\/h4>\n<ul data-start=\"956\" data-end=\"1151\">\n<li data-start=\"956\" data-end=\"1151\"><strong data-start=\"958\" data-end=\"988\">Farkl\u0131 uzunluk se\u00e7enekleri<\/strong> sunan Deri \u0130\u015flemeli Fantezi K\u0131rbac\u0131, hem <strong data-start=\"1030\" data-end=\"1050\">nazik dokunu\u015flar<\/strong> hem de <strong data-start=\"1058\" data-end=\"1081\">daha yo\u011fun temaslar<\/strong> i\u00e7in uygundur. Kullan\u0131c\u0131 ihtiya\u00e7lar\u0131na g\u00f6re esnek bir deneyim sa\u011flar.<\/li>\n<\/ul>\n<h4 data-start=\"1153\" data-end=\"1185\"><strong data-start=\"1158\" data-end=\"1185\">Hafif ve Kolay Kullan\u0131m<\/strong><\/h4>\n<ul data-start=\"1186\" data-end=\"1337\">\n<li data-start=\"1186\" data-end=\"1337\"><strong data-start=\"1188\" data-end=\"1204\">Hafif yap\u0131s\u0131<\/strong>, k\u0131rbac\u0131n <strong data-start=\"1215\" data-end=\"1244\">kolayca y\u00f6nlendirilmesini<\/strong> ve <strong data-start=\"1248\" data-end=\"1270\">kontrol edilmesini<\/strong> sa\u011flar. Uzun s\u00fcreli kullan\u0131mlarda bile <strong data-start=\"1310\" data-end=\"1327\">el yorgunlu\u011fu<\/strong> yaratmaz.<\/li>\n<\/ul>\n<h4 data-start=\"1339\" data-end=\"1371\"><strong data-start=\"1344\" data-end=\"1371\">Ergonomik ve Kaymaz Sap<\/strong><\/h4>\n<ul data-start=\"1372\" data-end=\"1555\">\n<li data-start=\"1372\" data-end=\"1555\"><strong data-start=\"1374\" data-end=\"1400\">Ergonomik sap tasar\u0131m\u0131<\/strong> ve <strong data-start=\"1404\" data-end=\"1421\">kaymaz yap\u0131s\u0131<\/strong>, k\u0131rbac\u0131n <strong data-start=\"1432\" data-end=\"1443\">g\u00fcvenli<\/strong> ve <strong data-start=\"1447\" data-end=\"1468\">rahat kullan\u0131m\u0131n\u0131<\/strong> garanti eder. Elinize tam oturur ve hareketleri kolayca kontrol etmenize olanak tan\u0131r.<\/li>\n<\/ul>\n<h4 data-start=\"1557\" data-end=\"1588\"><strong data-start=\"1562\" data-end=\"1588\">\u0130\u015flemeli Deri Detaylar<\/strong><\/h4>\n<ul data-start=\"1589\" data-end=\"1829\">\n<li data-start=\"1589\" data-end=\"1829\"><strong data-start=\"1591\" data-end=\"1609\">El i\u015f\u00e7ili\u011fiyle<\/strong> tasarlanm\u0131\u015f zarif i\u015flemeler, k\u0131rbac\u0131 hem <strong data-start=\"1651\" data-end=\"1658\">\u015f\u0131k<\/strong> hem de <strong data-start=\"1666\" data-end=\"1679\">dekoratif<\/strong> hale getirir. Bu detaylar, k\u0131rbac\u0131n <strong data-start=\"1716\" data-end=\"1740\">fantezi d\u00fcnyas\u0131ndaki<\/strong> cazibesini art\u0131r\u0131r ve \u00f6zel anlar\u0131n\u0131za <strong data-start=\"1779\" data-end=\"1790\">zarafet<\/strong> katarken g\u00f6z al\u0131c\u0131 bir g\u00f6r\u00fcn\u00fcm sa\u011flar.<\/li>\n<\/ul>\n<h3 data-start=\"1831\" data-end=\"1894\"><strong data-start=\"1835\" data-end=\"1894\">Neden Deri \u0130\u015flemeli Fantezi K\u0131rbac\u0131 Tercih Etmelisiniz?<\/strong><\/h3>\n<h4 data-start=\"1896\" data-end=\"1926\"><strong data-start=\"1901\" data-end=\"1926\">Fanteziyi Canland\u0131r\u0131r<\/strong><\/h4>\n<ul data-start=\"1927\" data-end=\"2181\">\n<li data-start=\"1927\" data-end=\"2181\"><strong data-start=\"1929\" data-end=\"1961\">Deri \u0130\u015flemeli Fantezi K\u0131rbac<\/strong>, partnerinizle farkl\u0131 deneyimler ya\u015faman\u0131z\u0131 sa\u011flar. <strong data-start=\"2014\" data-end=\"2034\">Nazik dokunu\u015flar<\/strong> veya <strong data-start=\"2040\" data-end=\"2058\">yo\u011fun temaslar<\/strong> arayan herkes i\u00e7in ideal bir aksesuard\u0131r. <strong data-start=\"2101\" data-end=\"2142\">Fantezi d\u00fcnyas\u0131nda s\u0131n\u0131rlar\u0131 zorlamak<\/strong> isteyenler i\u00e7in m\u00fckemmel bir se\u00e7imdir.<\/li>\n<\/ul>\n<h4 data-start=\"2183\" data-end=\"2214\"><strong data-start=\"2188\" data-end=\"2214\">Estetik ve \u015e\u0131k Tasar\u0131m<\/strong><\/h4>\n<ul data-start=\"2215\" data-end=\"2459\">\n<li data-start=\"2215\" data-end=\"2459\"><strong data-start=\"2217\" data-end=\"2236\">Deri i\u015flemeleri<\/strong>yle \u015f\u0131k bir tasar\u0131ma sahip olan bu k\u0131rba\u00e7, sadece i\u015flevsel de\u011fil, ayn\u0131 zamanda dekoratif olarak da dikkat \u00e7eker. Hem estetik hem de kullan\u0131\u015fl\u0131 bir aksesuar olarak, \u00f6zel anlar\u0131n\u0131z\u0131 daha <strong data-start=\"2421\" data-end=\"2445\">heyecanl\u0131 ve tutkulu<\/strong> hale getirir.<\/li>\n<\/ul>\n<h4 data-start=\"2461\" data-end=\"2494\"><strong data-start=\"2466\" data-end=\"2494\">Dayan\u0131kl\u0131 ve Uzun \u00d6m\u00fcrl\u00fc<\/strong><\/h4>\n<ul data-start=\"2495\" data-end=\"2669\">\n<li data-start=\"2495\" data-end=\"2669\"><strong data-start=\"2497\" data-end=\"2521\">Y\u00fcksek kaliteli deri<\/strong> malzeme, uzun s\u00fcreli kullan\u0131m sa\u011flar ve <strong data-start=\"2562\" data-end=\"2575\">dayan\u0131kl\u0131<\/strong> yap\u0131s\u0131 sayesinde k\u0131rbac\u0131n uzun y\u0131llar boyunca <strong data-start=\"2622\" data-end=\"2640\">ilk g\u00fcnk\u00fc gibi<\/strong> kullan\u0131lmas\u0131na olanak tan\u0131r.<\/li>\n<\/ul>\n<h4 data-start=\"2671\" data-end=\"2703\"><strong data-start=\"2676\" data-end=\"2703\">Kolay ve Rahat Kullan\u0131m<\/strong><\/h4>\n<ul data-start=\"2704\" data-end=\"2882\">\n<li data-start=\"2704\" data-end=\"2882\"><strong data-start=\"2706\" data-end=\"2722\">Hafif yap\u0131s\u0131<\/strong> ve <strong data-start=\"2726\" data-end=\"2739\">esnekli\u011fi<\/strong>, kullan\u0131mda <strong data-start=\"2752\" data-end=\"2764\">kolayl\u0131k<\/strong> sa\u011flar. <strong data-start=\"2773\" data-end=\"2794\">Ergonomik tasar\u0131m<\/strong>, uzun s\u00fcreli kullan\u0131mlarda bile <strong data-start=\"2827\" data-end=\"2839\">rahatl\u0131k<\/strong> sunar ve ellerinizin yorulmas\u0131n\u0131 engeller.<\/li>\n<\/ul>\n<h3 data-start=\"2884\" data-end=\"2952\"><strong data-start=\"2888\" data-end=\"2952\">Fantezi D\u00fcnyan\u0131zda Zarif ve Heyecanl\u0131 Anlar \u0130\u00e7in \u0130deal Se\u00e7im<\/strong><\/h3>\n<p data-start=\"2954\" data-end=\"3374\"><strong data-start=\"2954\" data-end=\"2986\">Deri \u0130\u015flemeli Fantezi K\u0131rbac<\/strong>, hem <strong data-start=\"2992\" data-end=\"3008\">\u015f\u0131k tasar\u0131m\u0131<\/strong> hem de <strong data-start=\"3016\" data-end=\"3048\">y\u00fcksek kaliteli malzemesiyle<\/strong> fantezi d\u00fcnyas\u0131na zarif bir dokunu\u015f katar. Partnerinizle <strong data-start=\"3106\" data-end=\"3128\">heyecan dolu anlar<\/strong> ya\u015farken, ayn\u0131 zamanda <strong data-start=\"3152\" data-end=\"3163\">estetik<\/strong> ve <strong data-start=\"3167\" data-end=\"3195\">g\u00f6rsel a\u00e7\u0131dan etkileyici<\/strong> bir deneyim ya\u015fars\u0131n\u0131z. <strong data-start=\"3220\" data-end=\"3262\">El i\u015f\u00e7ili\u011fiyle i\u015flenmi\u015f deri detaylar\u0131<\/strong>, bu k\u0131rbac\u0131 <strong data-start=\"3275\" data-end=\"3283\">\u00f6zel<\/strong> k\u0131lar ve fantezi d\u00fcnyan\u0131zda <strong data-start=\"3312\" data-end=\"3346\">s\u0131n\u0131rlar\u0131 ke\u015ffetmek isteyenler<\/strong> i\u00e7in m\u00fckemmel bir se\u00e7imdir.<\/p>\n","protected":false},"excerpt":{"rendered":"<p><strong data-start=\"146\" data-end=\"178\">Deri \u0130\u015flemeli Fantezi K\u0131rbac<\/strong>, <strong data-start=\"180\" data-end=\"219\">fantezi d\u00fcnyan\u0131za zarif bir dokunu\u015f<\/strong> katmak ve <strong data-start=\"230\" data-end=\"259\">heyecan verici deneyimler<\/strong> ya\u015famak isteyenler i\u00e7in tasarlanm\u0131\u015f \u015f\u0131k ve estetik bir aksesuard\u0131r. <strong data-start=\"328\" data-end=\"352\">Y\u00fcksek kaliteli deri<\/strong> malzeme ve <strong data-start=\"364\" data-end=\"382\">el i\u015f\u00e7ili\u011fiyle<\/strong> i\u015flenmi\u015f zarif detaylar, bu k\u0131rbac\u0131 sadece kullan\u0131\u015fl\u0131 de\u011fil, ayn\u0131 zamanda g\u00f6rsel a\u00e7\u0131dan etkileyici bir par\u00e7a haline getirir. Hem <strong data-start=\"512\" data-end=\"534\">yumu\u015fak dokunu\u015flar<\/strong> hem de <strong data-start=\"542\" data-end=\"560\">yo\u011fun temaslar<\/strong> i\u00e7in uygun olan bu k\u0131rba\u00e7, partnerinizle <strong data-start=\"602\" data-end=\"618\">heyecan dolu<\/strong> anlar yaratman\u0131za yard\u0131mc\u0131 olacakt\u0131r.<\/p>\n","protected":false},"featured_media":19446,"comment_status":"open","ping_status":"closed","template":"","meta":[],"product_brand":[127],"product_cat":[100],"product_tag":[322],"class_list":{"0":"post-19362","1":"product","2":"type-product","3":"status-publish","4":"has-post-thumbnail","6":"product_brand-pembe-tilki","7":"product_cat-fantezi-fetis","8":"product_tag-deri-islemeli-fantezi-kirbac","10":"first","11":"instock","12":"taxable","13":"shipping-taxable","14":"purchasable","15":"product-type-simple"},"yoast_head":"<!-- This site is optimized with the Yoast SEO Premium plugin v24.4 (Yoast SEO v27.1.1) - https:\/\/yoast.com\/product\/yoast-seo-premium-wordpress\/ -->\n<title>Deri I\u0307\u015flemeli Fantezi K\u0131rbac - Bursa Erotik Shop<\/title>\n<meta name=\"robots\" content=\"index, follow, max-snippet:-1, max-image-preview:large, max-video-preview:-1\" \/>\n<link rel=\"canonical\" href=\"https:\/\/hobierotikshop.com.tr\/website1\/erotik-shop-urun\/deri-islemeli-fantezi-kirbac\/\" \/>\n<meta property=\"og:locale\" content=\"tr_TR\" \/>\n<meta property=\"og:type\" content=\"article\" \/>\n<meta property=\"og:title\" content=\"Deri I\u0307\u015flemeli Fantezi K\u0131rbac\" \/>\n<meta property=\"og:description\" content=\"Deri \u0130\u015flemeli Fantezi K\u0131rbac, fantezi d\u00fcnyan\u0131za zarif bir dokunu\u015f katmak ve heyecan verici deneyimler ya\u015famak isteyenler i\u00e7in tasarlanm\u0131\u015f \u015f\u0131k ve estetik bir aksesuard\u0131r. Y\u00fcksek kaliteli deri malzeme ve el i\u015f\u00e7ili\u011fiyle i\u015flenmi\u015f zarif detaylar, bu k\u0131rbac\u0131 sadece kullan\u0131\u015fl\u0131 de\u011fil, ayn\u0131 zamanda g\u00f6rsel a\u00e7\u0131dan etkileyici bir par\u00e7a haline getirir. Hem yumu\u015fak dokunu\u015flar hem de yo\u011fun temaslar i\u00e7in uygun olan bu k\u0131rba\u00e7, partnerinizle heyecan dolu anlar yaratman\u0131za yard\u0131mc\u0131 olacakt\u0131r.\" \/>\n<meta property=\"og:url\" content=\"https:\/\/hobierotikshop.com.tr\/website1\/erotik-shop-urun\/deri-islemeli-fantezi-kirbac\/\" \/>\n<meta property=\"og:site_name\" content=\"Bursa Erotik Shop\" \/>\n<meta property=\"article:modified_time\" content=\"2026-01-26T13:04:46+00:00\" \/>\n<meta property=\"og:image\" content=\"https:\/\/hobierotikshop.com.tr\/website1\/wp-content\/uploads\/2025\/03\/deri-islemeli-fantezi-kirbac-2724.jpg\" \/>\n\t<meta property=\"og:image:width\" content=\"1500\" \/>\n\t<meta property=\"og:image:height\" content=\"1500\" \/>\n\t<meta property=\"og:image:type\" content=\"image\/jpeg\" \/>\n<meta name=\"twitter:card\" content=\"summary_large_image\" \/>\n<meta name=\"twitter:site\" content=\"@shopbursa\" \/>\n<meta name=\"twitter:label1\" content=\"Fiyat\" \/>\n\t<meta name=\"twitter:data1\" content=\"&#8378;700,00 KDV DAH\u0130L\" \/>\n\t<meta name=\"twitter:label2\" content=\"Availability\" \/>\n\t<meta name=\"twitter:data2\" content=\"In stock\" \/>\n<script type=\"application\/ld+json\" class=\"yoast-schema-graph\">{\"@context\":\"https:\/\/schema.org\",\"@graph\":[{\"@type\":\"WebPage\",\"@id\":\"https:\/\/hobierotikshop.com.tr\/website1\/erotik-shop-urun\/deri-islemeli-fantezi-kirbac\/\",\"url\":\"https:\/\/hobierotikshop.com.tr\/website1\/erotik-shop-urun\/deri-islemeli-fantezi-kirbac\/\",\"name\":\"Deri I\u0307\u015flemeli Fantezi K\u0131rbac - Bursa Erotik Shop\",\"isPartOf\":{\"@id\":\"https:\/\/hobierotikshop.com.tr\/website1\/#website\"},\"primaryImageOfPage\":{\"@id\":\"https:\/\/hobierotikshop.com.tr\/website1\/erotik-shop-urun\/deri-islemeli-fantezi-kirbac\/#primaryimage\"},\"image\":{\"@id\":\"https:\/\/hobierotikshop.com.tr\/website1\/erotik-shop-urun\/deri-islemeli-fantezi-kirbac\/#primaryimage\"},\"thumbnailUrl\":\"https:\/\/haremerotikshop.com\/site\/wp-content\/uploads\/2025\/03\/deri-islemeli-fantezi-kirbac-2724.jpg\",\"datePublished\":\"2025-03-17T09:32:46+00:00\",\"dateModified\":\"2026-01-26T13:04:46+00:00\",\"breadcrumb\":{\"@id\":\"https:\/\/hobierotikshop.com.tr\/website1\/erotik-shop-urun\/deri-islemeli-fantezi-kirbac\/#breadcrumb\"},\"inLanguage\":\"tr\",\"potentialAction\":[{\"@type\":\"ReadAction\",\"target\":[\"https:\/\/hobierotikshop.com.tr\/website1\/erotik-shop-urun\/deri-islemeli-fantezi-kirbac\/\"]}]},{\"@type\":\"ImageObject\",\"inLanguage\":\"tr\",\"@id\":\"https:\/\/hobierotikshop.com.tr\/website1\/erotik-shop-urun\/deri-islemeli-fantezi-kirbac\/#primaryimage\",\"url\":\"https:\/\/haremerotikshop.com\/site\/wp-content\/uploads\/2025\/03\/deri-islemeli-fantezi-kirbac-2724.jpg\",\"contentUrl\":\"https:\/\/haremerotikshop.com\/site\/wp-content\/uploads\/2025\/03\/deri-islemeli-fantezi-kirbac-2724.jpg\",\"width\":1500,\"height\":1500},{\"@type\":\"BreadcrumbList\",\"@id\":\"https:\/\/hobierotikshop.com.tr\/website1\/erotik-shop-urun\/deri-islemeli-fantezi-kirbac\/#breadcrumb\",\"itemListElement\":[{\"@type\":\"ListItem\",\"position\":1,\"name\":\"Anasayfa\",\"item\":\"https:\/\/hobierotikshop.com.tr\/website1\/\"},{\"@type\":\"ListItem\",\"position\":2,\"name\":\"Erotik Shop \u00dcr\u00fcnleri\",\"item\":\"https:\/\/hobierotikshop.com.tr\/website1\/shop\/\"},{\"@type\":\"ListItem\",\"position\":3,\"name\":\"Deri I\u0307\u015flemeli Fantezi K\u0131rbac\"}]},{\"@type\":\"WebSite\",\"@id\":\"https:\/\/hobierotikshop.com.tr\/website1\/#website\",\"url\":\"https:\/\/hobierotikshop.com.tr\/website1\/\",\"name\":\"Bursa Erotik Shop\",\"description\":\"Bursa Erotik Shop ile g\u00fcvenli, gizli ve kaliteli yeti\u015fkin \u00fcr\u00fcnleri al\u0131\u015fveri\u015fi! Geni\u015f \u00fcr\u00fcn yelpazemizi ke\u015ffedin, hemen sipari\u015f verin\",\"publisher\":{\"@id\":\"https:\/\/hobierotikshop.com.tr\/website1\/#organization\"},\"alternateName\":\"Erotik Shop\",\"potentialAction\":[{\"@type\":\"SearchAction\",\"target\":{\"@type\":\"EntryPoint\",\"urlTemplate\":\"https:\/\/hobierotikshop.com.tr\/website1\/?s={search_term_string}\"},\"query-input\":{\"@type\":\"PropertyValueSpecification\",\"valueRequired\":true,\"valueName\":\"search_term_string\"}}],\"inLanguage\":\"tr\"},{\"@type\":\"Organization\",\"@id\":\"https:\/\/hobierotikshop.com.tr\/website1\/#organization\",\"name\":\"Harem Bursa Erotik Shop\",\"url\":\"https:\/\/hobierotikshop.com.tr\/website1\/\",\"logo\":{\"@type\":\"ImageObject\",\"inLanguage\":\"tr\",\"@id\":\"https:\/\/hobierotikshop.com.tr\/website1\/#\/schema\/logo\/image\/\",\"url\":\"https:\/\/haremerotikshop.com\/site\/wp-content\/uploads\/2025\/03\/haremsexshop.png\",\"contentUrl\":\"https:\/\/haremerotikshop.com\/site\/wp-content\/uploads\/2025\/03\/haremsexshop.png\",\"width\":400,\"height\":100,\"caption\":\"Harem Bursa Erotik Shop\"},\"image\":{\"@id\":\"https:\/\/hobierotikshop.com.tr\/website1\/#\/schema\/logo\/image\/\"},\"sameAs\":[\"https:\/\/x.com\/shopbursa\"],\"publishingPrinciples\":\"https:\/\/hobierotikshop.com.tr\/website1\/mesafeli-satis-sozlesmesi\/\",\"ownershipFundingInfo\":\"https:\/\/hobierotikshop.com.tr\/website1\/contact-us\/\",\"actionableFeedbackPolicy\":\"https:\/\/hobierotikshop.com.tr\/website1\/contact-us\/\",\"correctionsPolicy\":\"https:\/\/hobierotikshop.com.tr\/website1\/mesafeli-satis-sozlesmesi\/\"}]}<\/script>\n<meta property=\"product:brand\" content=\"Pembe Tilki\" \/>\n<meta property=\"product:price:amount\" content=\"700.00\" \/>\n<meta property=\"product:price:currency\" content=\"TRY\" \/>\n<meta property=\"og:availability\" content=\"instock\" \/>\n<meta property=\"product:availability\" content=\"instock\" \/>\n<meta property=\"product:retailer_item_id\" content=\"PT-FFXG099\" \/>\n<meta property=\"product:condition\" content=\"new\" \/>\n<!-- \/ Yoast SEO Premium plugin. -->","yoast_head_json":{"title":"Deri I\u0307\u015flemeli Fantezi K\u0131rbac - Bursa Erotik Shop","robots":{"index":"index","follow":"follow","max-snippet":"max-snippet:-1","max-image-preview":"max-image-preview:large","max-video-preview":"max-video-preview:-1"},"canonical":"https:\/\/hobierotikshop.com.tr\/website1\/erotik-shop-urun\/deri-islemeli-fantezi-kirbac\/","og_locale":"tr_TR","og_type":"article","og_title":"Deri I\u0307\u015flemeli Fantezi K\u0131rbac","og_description":"Deri \u0130\u015flemeli Fantezi K\u0131rbac, fantezi d\u00fcnyan\u0131za zarif bir dokunu\u015f katmak ve heyecan verici deneyimler ya\u015famak isteyenler i\u00e7in tasarlanm\u0131\u015f \u015f\u0131k ve estetik bir aksesuard\u0131r. Y\u00fcksek kaliteli deri malzeme ve el i\u015f\u00e7ili\u011fiyle i\u015flenmi\u015f zarif detaylar, bu k\u0131rbac\u0131 sadece kullan\u0131\u015fl\u0131 de\u011fil, ayn\u0131 zamanda g\u00f6rsel a\u00e7\u0131dan etkileyici bir par\u00e7a haline getirir. Hem yumu\u015fak dokunu\u015flar hem de yo\u011fun temaslar i\u00e7in uygun olan bu k\u0131rba\u00e7, partnerinizle heyecan dolu anlar yaratman\u0131za yard\u0131mc\u0131 olacakt\u0131r.","og_url":"https:\/\/hobierotikshop.com.tr\/website1\/erotik-shop-urun\/deri-islemeli-fantezi-kirbac\/","og_site_name":"Bursa Erotik Shop","article_modified_time":"2026-01-26T13:04:46+00:00","og_image":[{"width":1500,"height":1500,"url":"https:\/\/hobierotikshop.com.tr\/website1\/wp-content\/uploads\/2025\/03\/deri-islemeli-fantezi-kirbac-2724.jpg","type":"image\/jpeg"}],"twitter_card":"summary_large_image","twitter_site":"@shopbursa","twitter_misc":{"Fiyat":"&#8378;700,00 KDV DAH\u0130L","Availability":"In stock"},"schema":{"@context":"https:\/\/schema.org","@graph":[{"@type":"WebPage","@id":"https:\/\/hobierotikshop.com.tr\/website1\/erotik-shop-urun\/deri-islemeli-fantezi-kirbac\/","url":"https:\/\/hobierotikshop.com.tr\/website1\/erotik-shop-urun\/deri-islemeli-fantezi-kirbac\/","name":"Deri I\u0307\u015flemeli Fantezi K\u0131rbac - Bursa Erotik Shop","isPartOf":{"@id":"https:\/\/hobierotikshop.com.tr\/website1\/#website"},"primaryImageOfPage":{"@id":"https:\/\/hobierotikshop.com.tr\/website1\/erotik-shop-urun\/deri-islemeli-fantezi-kirbac\/#primaryimage"},"image":{"@id":"https:\/\/hobierotikshop.com.tr\/website1\/erotik-shop-urun\/deri-islemeli-fantezi-kirbac\/#primaryimage"},"thumbnailUrl":"https:\/\/haremerotikshop.com\/site\/wp-content\/uploads\/2025\/03\/deri-islemeli-fantezi-kirbac-2724.jpg","datePublished":"2025-03-17T09:32:46+00:00","dateModified":"2026-01-26T13:04:46+00:00","breadcrumb":{"@id":"https:\/\/hobierotikshop.com.tr\/website1\/erotik-shop-urun\/deri-islemeli-fantezi-kirbac\/#breadcrumb"},"inLanguage":"tr","potentialAction":[{"@type":"ReadAction","target":["https:\/\/hobierotikshop.com.tr\/website1\/erotik-shop-urun\/deri-islemeli-fantezi-kirbac\/"]}]},{"@type":"ImageObject","inLanguage":"tr","@id":"https:\/\/hobierotikshop.com.tr\/website1\/erotik-shop-urun\/deri-islemeli-fantezi-kirbac\/#primaryimage","url":"https:\/\/haremerotikshop.com\/site\/wp-content\/uploads\/2025\/03\/deri-islemeli-fantezi-kirbac-2724.jpg","contentUrl":"https:\/\/haremerotikshop.com\/site\/wp-content\/uploads\/2025\/03\/deri-islemeli-fantezi-kirbac-2724.jpg","width":1500,"height":1500},{"@type":"BreadcrumbList","@id":"https:\/\/hobierotikshop.com.tr\/website1\/erotik-shop-urun\/deri-islemeli-fantezi-kirbac\/#breadcrumb","itemListElement":[{"@type":"ListItem","position":1,"name":"Anasayfa","item":"https:\/\/hobierotikshop.com.tr\/website1\/"},{"@type":"ListItem","position":2,"name":"Erotik Shop \u00dcr\u00fcnleri","item":"https:\/\/hobierotikshop.com.tr\/website1\/shop\/"},{"@type":"ListItem","position":3,"name":"Deri I\u0307\u015flemeli Fantezi K\u0131rbac"}]},{"@type":"WebSite","@id":"https:\/\/hobierotikshop.com.tr\/website1\/#website","url":"https:\/\/hobierotikshop.com.tr\/website1\/","name":"Bursa Erotik Shop","description":"Bursa Erotik Shop ile g\u00fcvenli, gizli ve kaliteli yeti\u015fkin \u00fcr\u00fcnleri al\u0131\u015fveri\u015fi! Geni\u015f \u00fcr\u00fcn yelpazemizi ke\u015ffedin, hemen sipari\u015f verin","publisher":{"@id":"https:\/\/hobierotikshop.com.tr\/website1\/#organization"},"alternateName":"Erotik Shop","potentialAction":[{"@type":"SearchAction","target":{"@type":"EntryPoint","urlTemplate":"https:\/\/hobierotikshop.com.tr\/website1\/?s={search_term_string}"},"query-input":{"@type":"PropertyValueSpecification","valueRequired":true,"valueName":"search_term_string"}}],"inLanguage":"tr"},{"@type":"Organization","@id":"https:\/\/hobierotikshop.com.tr\/website1\/#organization","name":"Harem Bursa Erotik Shop","url":"https:\/\/hobierotikshop.com.tr\/website1\/","logo":{"@type":"ImageObject","inLanguage":"tr","@id":"https:\/\/hobierotikshop.com.tr\/website1\/#\/schema\/logo\/image\/","url":"https:\/\/haremerotikshop.com\/site\/wp-content\/uploads\/2025\/03\/haremsexshop.png","contentUrl":"https:\/\/haremerotikshop.com\/site\/wp-content\/uploads\/2025\/03\/haremsexshop.png","width":400,"height":100,"caption":"Harem Bursa Erotik Shop"},"image":{"@id":"https:\/\/hobierotikshop.com.tr\/website1\/#\/schema\/logo\/image\/"},"sameAs":["https:\/\/x.com\/shopbursa"],"publishingPrinciples":"https:\/\/hobierotikshop.com.tr\/website1\/mesafeli-satis-sozlesmesi\/","ownershipFundingInfo":"https:\/\/hobierotikshop.com.tr\/website1\/contact-us\/","actionableFeedbackPolicy":"https:\/\/hobierotikshop.com.tr\/website1\/contact-us\/","correctionsPolicy":"https:\/\/hobierotikshop.com.tr\/website1\/mesafeli-satis-sozlesmesi\/"}]},"product_brand":"Pembe Tilki","product_price_amount":"700.00","product_price_currency":"TRY","og_availability":"instock","product_availability":"instock","product_retailer_item_id":"PT-FFXG099","product_condition":"new"},"_links":{"self":[{"href":"https:\/\/haremerotikshop.com\/site\/wp-json\/wp\/v2\/product\/19362","targetHints":{"allow":["GET"]}}],"collection":[{"href":"https:\/\/haremerotikshop.com\/site\/wp-json\/wp\/v2\/product"}],"about":[{"href":"https:\/\/haremerotikshop.com\/site\/wp-json\/wp\/v2\/types\/product"}],"replies":[{"embeddable":true,"href":"https:\/\/haremerotikshop.com\/site\/wp-json\/wp\/v2\/comments?post=19362"}],"version-history":[{"count":0,"href":"https:\/\/haremerotikshop.com\/site\/wp-json\/wp\/v2\/product\/19362\/revisions"}],"wp:featuredmedia":[{"embeddable":true,"href":"https:\/\/haremerotikshop.com\/site\/wp-json\/wp\/v2\/media\/19446"}],"wp:attachment":[{"href":"https:\/\/haremerotikshop.com\/site\/wp-json\/wp\/v2\/media?parent=19362"}],"wp:term":[{"taxonomy":"product_brand","embeddable":true,"href":"https:\/\/haremerotikshop.com\/site\/wp-json\/wp\/v2\/product_brand?post=19362"},{"taxonomy":"product_cat","embeddable":true,"href":"https:\/\/haremerotikshop.com\/site\/wp-json\/wp\/v2\/product_cat?post=19362"},{"taxonomy":"product_tag","embeddable":true,"href":"https:\/\/haremerotikshop.com\/site\/wp-json\/wp\/v2\/product_tag?post=19362"}],"curies":[{"name":"wp","href":"https:\/\/api.w.org\/{rel}","templated":true}]}}