{"id":19363,"date":"2025-03-17T12:32:47","date_gmt":"2025-03-17T09:32:47","guid":{"rendered":"https:\/\/haremerotikshop.com\/site\/?post_type=product&#038;p=19363"},"modified":"2026-01-26T16:03:33","modified_gmt":"2026-01-26T13:03:33","slug":"fantezi-zincirli-tasma-siyah","status":"publish","type":"product","link":"https:\/\/haremerotikshop.com\/site\/erotik-shop-urun\/fantezi-zincirli-tasma-siyah\/","title":{"rendered":"Fantezi Zincirli Tasma Siyah"},"content":{"rendered":"<h3 data-start=\"64\" data-end=\"150\"><strong data-start=\"68\" data-end=\"150\">Fantezi Zincirli Tasma \u2013 Heyecan, Tutku ve G\u00fc\u00e7l\u00fc Etkile\u015fim \u0130\u00e7in \u0130deal Aksesuar<\/strong><\/h3>\n<p data-start=\"152\" data-end=\"496\"><strong data-start=\"152\" data-end=\"178\">Fantezi Zincirli Tasma<\/strong>, cesur tasar\u0131m\u0131 ve \u015f\u0131kl\u0131\u011f\u0131yla \u00f6zel anlar\u0131n\u0131za <strong data-start=\"225\" data-end=\"245\">heyecan ve tutku<\/strong> katacak m\u00fckemmel bir aksesuard\u0131r. Partnerinizle olan etkile\u015fiminizi daha derin ve <strong data-start=\"328\" data-end=\"346\">heyecan verici<\/strong> hale getiren bu tasar\u0131m, hem estetik hem de dayan\u0131kl\u0131 yap\u0131s\u0131yla dikkat \u00e7eker. Fantezi d\u00fcnyas\u0131nda <strong data-start=\"444\" data-end=\"466\">s\u0131n\u0131rlar\u0131 zorlamak<\/strong> isteyenler i\u00e7in <strong data-start=\"483\" data-end=\"495\">idealdir<\/strong>.<\/p>\n<h3 data-start=\"498\" data-end=\"527\"><strong data-start=\"502\" data-end=\"527\">\u00d6ne \u00c7\u0131kan \u00d6zellikler:<\/strong><\/h3>\n<h4 data-start=\"529\" data-end=\"563\"><strong data-start=\"534\" data-end=\"563\">Dayan\u0131kl\u0131 ve \u015e\u0131k Tasar\u0131m:<\/strong><\/h4>\n<ul data-start=\"564\" data-end=\"855\">\n<li data-start=\"564\" data-end=\"729\"><strong data-start=\"566\" data-end=\"578\">Malzeme:<\/strong> <strong data-start=\"579\" data-end=\"605\">Dayan\u0131kl\u0131 metal zincir<\/strong> ve <strong data-start=\"609\" data-end=\"628\">suni deri kemer<\/strong>, bu tasar\u0131mda \u015f\u0131kl\u0131\u011f\u0131 ve sa\u011flaml\u0131\u011f\u0131 birle\u015ftirir. Hem estetik a\u00e7\u0131dan g\u00f6z al\u0131c\u0131 hem de uzun \u00f6m\u00fcrl\u00fcd\u00fcr.<\/li>\n<li data-start=\"730\" data-end=\"855\"><strong data-start=\"732\" data-end=\"751\">Kemer Tasar\u0131m\u0131:<\/strong> Kemerin tasar\u0131m\u0131, <strong data-start=\"770\" data-end=\"786\">metal zincir<\/strong> ile m\u00fckemmel bir uyum i\u00e7indedir, zarif ve \u00e7arp\u0131c\u0131 bir g\u00f6r\u00fcn\u00fcm sunar.<\/li>\n<\/ul>\n<h4 data-start=\"857\" data-end=\"901\"><strong data-start=\"862\" data-end=\"901\">Ayarlanabilir Kemer ve Kolay Takma:<\/strong><\/h4>\n<ul data-start=\"902\" data-end=\"1147\">\n<li data-start=\"902\" data-end=\"995\"><strong data-start=\"904\" data-end=\"923\">Kemer Uzunlu\u011fu:<\/strong> 48 cm, <strong data-start=\"931\" data-end=\"955\">ayarlanabilir yap\u0131s\u0131<\/strong> sayesinde farkl\u0131 boyutlara uyum sa\u011flar.<\/li>\n<li data-start=\"996\" data-end=\"1147\"><strong data-start=\"998\" data-end=\"1015\">Tokal\u0131 Kemer:<\/strong> 3,3 cm&#8217;lik tokas\u0131 sayesinde, kemeri rahat\u00e7a tak\u0131p \u00e7\u0131karabilirsiniz. Bu pratik tasar\u0131m, kullan\u0131mda <strong data-start=\"1114\" data-end=\"1126\">kolayl\u0131k<\/strong> ve <strong data-start=\"1130\" data-end=\"1140\">konfor<\/strong> sunar.<\/li>\n<\/ul>\n<h4 data-start=\"1149\" data-end=\"1191\"><strong data-start=\"1154\" data-end=\"1191\">Uzun Zincir ve H\u00fckmetme Deneyimi:<\/strong><\/h4>\n<ul data-start=\"1192\" data-end=\"1568\">\n<li data-start=\"1192\" data-end=\"1412\"><strong data-start=\"1194\" data-end=\"1214\">Zincir Uzunlu\u011fu:<\/strong> 97,2 cm uzunlu\u011fundaki zincir, partnerinize <strong data-start=\"1258\" data-end=\"1279\">hareket \u00f6zg\u00fcrl\u00fc\u011f\u00fc<\/strong> sa\u011flarken ayn\u0131 zamanda <strong data-start=\"1303\" data-end=\"1315\">h\u00fckmetme<\/strong> deneyimini art\u0131r\u0131r. Uzun zincir, etkili bir \u015fekilde <strong data-start=\"1368\" data-end=\"1382\">ba\u011f\u0131ml\u0131l\u0131k<\/strong> ve <strong data-start=\"1386\" data-end=\"1397\">kontrol<\/strong> hissi yarat\u0131r.<\/li>\n<li data-start=\"1413\" data-end=\"1568\"><strong data-start=\"1415\" data-end=\"1441\">Fanteziyi Canland\u0131r\u0131r:<\/strong> Uzun zincir tasar\u0131m\u0131, partnerinizle ge\u00e7irdi\u011finiz anlara <strong data-start=\"1498\" data-end=\"1518\">farkl\u0131 bir boyut<\/strong> kazand\u0131r\u0131r ve heyecanl\u0131 bir <strong data-start=\"1547\" data-end=\"1560\">etkile\u015fim<\/strong> sa\u011flar.<\/li>\n<\/ul>\n<h3 data-start=\"1570\" data-end=\"1626\"><strong data-start=\"1574\" data-end=\"1626\">Neden Fantezi Zincirli Tasma Tercih Etmelisiniz?<\/strong><\/h3>\n<h4 data-start=\"1628\" data-end=\"1660\"><strong data-start=\"1633\" data-end=\"1660\">\u015e\u0131k ve Estetik G\u00f6r\u00fcn\u00fcm:<\/strong><\/h4>\n<ul data-start=\"1661\" data-end=\"1836\">\n<li data-start=\"1661\" data-end=\"1836\">Deri kemer ve metal zincirin birle\u015fimi, \u015f\u0131k ve <strong data-start=\"1710\" data-end=\"1735\">g\u00f6z al\u0131c\u0131 bir tasar\u0131m<\/strong> sunar. \u00d6zel anlar\u0131n\u0131za <strong data-start=\"1759\" data-end=\"1768\">zarif<\/strong> bir dokunu\u015f katar, hem estetik hem de i\u015flevsel bir aksesuar sa\u011flar.<\/li>\n<\/ul>\n<h4 data-start=\"1838\" data-end=\"1872\"><strong data-start=\"1843\" data-end=\"1872\">Dayan\u0131kl\u0131 ve Uzun \u00d6m\u00fcrl\u00fc:<\/strong><\/h4>\n<ul data-start=\"1873\" data-end=\"2071\">\n<li data-start=\"1873\" data-end=\"2071\">Kaliteli <strong data-start=\"1884\" data-end=\"1900\">metal zincir<\/strong> ve <strong data-start=\"1904\" data-end=\"1925\">suni deri malzeme<\/strong>, uzun \u00f6m\u00fcrl\u00fc kullan\u0131m sa\u011flar. Bu tasar\u0131m, <strong data-start=\"1968\" data-end=\"2015\">y\u0131pranma ve deformasyona kar\u015f\u0131 dayan\u0131kl\u0131d\u0131r<\/strong>, b\u00f6ylece uzun s\u00fcre sorunsuz bir \u015fekilde kullan\u0131labilir.<\/li>\n<\/ul>\n<h4 data-start=\"2073\" data-end=\"2110\"><strong data-start=\"2078\" data-end=\"2110\">Heyecan ve Tutku Dolu Anlar:<\/strong><\/h4>\n<ul data-start=\"2111\" data-end=\"2325\">\n<li data-start=\"2111\" data-end=\"2325\"><strong data-start=\"2113\" data-end=\"2139\">Fantezi Zincirli Tasma<\/strong>, partnerinizle olan etkile\u015fiminize <strong data-start=\"2175\" data-end=\"2186\">heyecan<\/strong> ve <strong data-start=\"2190\" data-end=\"2199\">tutku<\/strong> katarken, aran\u0131zdaki ba\u011f\u0131 g\u00fc\u00e7lendirir. Hem g\u00f6z al\u0131c\u0131 hem de etkileyici bir aksesuar olarak, fantezi d\u00fcnyan\u0131z\u0131 zenginle\u015ftirir.<\/li>\n<\/ul>\n<h4 data-start=\"2327\" data-end=\"2365\"><strong data-start=\"2332\" data-end=\"2365\">Ayarlanabilir Yap\u0131 ve Konfor:<\/strong><\/h4>\n<ul data-start=\"2366\" data-end=\"2535\">\n<li data-start=\"2366\" data-end=\"2535\"><strong data-start=\"2368\" data-end=\"2398\">Ayarlanabilir kemer yap\u0131s\u0131<\/strong>, her v\u00fccut tipine uyum sa\u011flayarak rahat bir kullan\u0131m sunar. Bu \u00f6zellik, maskenin herkes i\u00e7in <strong data-start=\"2492\" data-end=\"2504\">konforlu<\/strong> ve <strong data-start=\"2508\" data-end=\"2518\">pratik<\/strong> olmas\u0131n\u0131 sa\u011flar.<\/li>\n<\/ul>\n<h3 data-start=\"2537\" data-end=\"2590\"><strong data-start=\"2541\" data-end=\"2590\">Fantezi Zincirli Tasma ile S\u0131n\u0131rlar\u0131 Zorlay\u0131n<\/strong><\/h3>\n<p data-start=\"2592\" data-end=\"2938\"><strong data-start=\"2592\" data-end=\"2618\">Fantezi Zincirli Tasma<\/strong>, zarif tasar\u0131m\u0131 ve dayan\u0131kl\u0131 yap\u0131s\u0131yla <strong data-start=\"2658\" data-end=\"2686\">fantezi d\u00fcnyan\u0131zda ke\u015fif<\/strong> yapmak isteyenler i\u00e7in m\u00fckemmel bir se\u00e7imdir. Bu aksesuara sahip olarak, \u00f6zel anlar\u0131n\u0131za <strong data-start=\"2776\" data-end=\"2787\">heyecan<\/strong> ve <strong data-start=\"2791\" data-end=\"2810\">tutku katabilir<\/strong>, partnerinizle olan ba\u011f\u0131n\u0131z\u0131 derinle\u015ftirebilirsiniz. Fantezi d\u00fcnyas\u0131nda s\u0131n\u0131rlar\u0131 zorlamak isteyenler i\u00e7in <strong data-start=\"2918\" data-end=\"2937\">ideal bir se\u00e7im<\/strong>!<\/p>\n","protected":false},"excerpt":{"rendered":"<p><strong data-start=\"152\" data-end=\"178\">Fantezi Zincirli Tasma<\/strong>, cesur tasar\u0131m\u0131 ve \u015f\u0131kl\u0131\u011f\u0131yla \u00f6zel anlar\u0131n\u0131za <strong data-start=\"225\" data-end=\"245\">heyecan ve tutku<\/strong> katacak m\u00fckemmel bir aksesuard\u0131r. Partnerinizle olan etkile\u015fiminizi daha derin ve <strong data-start=\"328\" data-end=\"346\">heyecan verici<\/strong> hale getiren bu tasar\u0131m, hem estetik hem de dayan\u0131kl\u0131 yap\u0131s\u0131yla dikkat \u00e7eker. Fantezi d\u00fcnyas\u0131nda <strong data-start=\"444\" data-end=\"466\">s\u0131n\u0131rlar\u0131 zorlamak<\/strong> isteyenler i\u00e7in <strong data-start=\"483\" data-end=\"495\">idealdir<\/strong><\/p>\n","protected":false},"featured_media":19454,"comment_status":"open","ping_status":"closed","template":"","meta":[],"product_brand":[127],"product_cat":[100],"product_tag":[323],"class_list":{"0":"post-19363","1":"product","2":"type-product","3":"status-publish","4":"has-post-thumbnail","6":"product_brand-pembe-tilki","7":"product_cat-fantezi-fetis","8":"product_tag-fantezi-zincirli-tasma-siyah","10":"first","11":"instock","12":"taxable","13":"shipping-taxable","14":"purchasable","15":"product-type-simple"},"yoast_head":"<!-- This site is optimized with the Yoast SEO Premium plugin v24.4 (Yoast SEO v27.1.1) - https:\/\/yoast.com\/product\/yoast-seo-premium-wordpress\/ -->\n<title>Fantezi Zincirli Tasma Siyah - Bursa Erotik Shop<\/title>\n<meta name=\"robots\" content=\"index, follow, max-snippet:-1, max-image-preview:large, max-video-preview:-1\" \/>\n<link rel=\"canonical\" href=\"https:\/\/hobierotikshop.com.tr\/website1\/erotik-shop-urun\/fantezi-zincirli-tasma-siyah\/\" \/>\n<meta property=\"og:locale\" content=\"tr_TR\" \/>\n<meta property=\"og:type\" content=\"article\" \/>\n<meta property=\"og:title\" content=\"Fantezi Zincirli Tasma Siyah\" \/>\n<meta property=\"og:description\" content=\"Fantezi Zincirli Tasma, cesur tasar\u0131m\u0131 ve \u015f\u0131kl\u0131\u011f\u0131yla \u00f6zel anlar\u0131n\u0131za heyecan ve tutku katacak m\u00fckemmel bir aksesuard\u0131r. Partnerinizle olan etkile\u015fiminizi daha derin ve heyecan verici hale getiren bu tasar\u0131m, hem estetik hem de dayan\u0131kl\u0131 yap\u0131s\u0131yla dikkat \u00e7eker. Fantezi d\u00fcnyas\u0131nda s\u0131n\u0131rlar\u0131 zorlamak isteyenler i\u00e7in idealdir\" \/>\n<meta property=\"og:url\" content=\"https:\/\/hobierotikshop.com.tr\/website1\/erotik-shop-urun\/fantezi-zincirli-tasma-siyah\/\" \/>\n<meta property=\"og:site_name\" content=\"Bursa Erotik Shop\" \/>\n<meta property=\"article:modified_time\" content=\"2026-01-26T13:03:33+00:00\" \/>\n<meta property=\"og:image\" content=\"https:\/\/hobierotikshop.com.tr\/website1\/wp-content\/uploads\/2025\/03\/fantezi-zincirli-tasma-siyah-2737.jpg\" \/>\n\t<meta property=\"og:image:width\" content=\"1500\" \/>\n\t<meta property=\"og:image:height\" content=\"1500\" \/>\n\t<meta property=\"og:image:type\" content=\"image\/jpeg\" \/>\n<meta name=\"twitter:card\" content=\"summary_large_image\" \/>\n<meta name=\"twitter:site\" content=\"@shopbursa\" \/>\n<meta name=\"twitter:label1\" content=\"Fiyat\" \/>\n\t<meta name=\"twitter:data1\" content=\"&#8378;1.000,00 KDV DAH\u0130L\" \/>\n\t<meta name=\"twitter:label2\" content=\"Availability\" \/>\n\t<meta name=\"twitter:data2\" content=\"In stock\" \/>\n<script type=\"application\/ld+json\" class=\"yoast-schema-graph\">{\"@context\":\"https:\/\/schema.org\",\"@graph\":[{\"@type\":\"WebPage\",\"@id\":\"https:\/\/hobierotikshop.com.tr\/website1\/erotik-shop-urun\/fantezi-zincirli-tasma-siyah\/\",\"url\":\"https:\/\/hobierotikshop.com.tr\/website1\/erotik-shop-urun\/fantezi-zincirli-tasma-siyah\/\",\"name\":\"Fantezi Zincirli Tasma Siyah - Bursa Erotik Shop\",\"isPartOf\":{\"@id\":\"https:\/\/hobierotikshop.com.tr\/website1\/#website\"},\"primaryImageOfPage\":{\"@id\":\"https:\/\/hobierotikshop.com.tr\/website1\/erotik-shop-urun\/fantezi-zincirli-tasma-siyah\/#primaryimage\"},\"image\":{\"@id\":\"https:\/\/hobierotikshop.com.tr\/website1\/erotik-shop-urun\/fantezi-zincirli-tasma-siyah\/#primaryimage\"},\"thumbnailUrl\":\"https:\/\/haremerotikshop.com\/site\/wp-content\/uploads\/2025\/03\/fantezi-zincirli-tasma-siyah-2737.jpg\",\"datePublished\":\"2025-03-17T09:32:47+00:00\",\"dateModified\":\"2026-01-26T13:03:33+00:00\",\"breadcrumb\":{\"@id\":\"https:\/\/hobierotikshop.com.tr\/website1\/erotik-shop-urun\/fantezi-zincirli-tasma-siyah\/#breadcrumb\"},\"inLanguage\":\"tr\",\"potentialAction\":[{\"@type\":\"ReadAction\",\"target\":[\"https:\/\/hobierotikshop.com.tr\/website1\/erotik-shop-urun\/fantezi-zincirli-tasma-siyah\/\"]}]},{\"@type\":\"ImageObject\",\"inLanguage\":\"tr\",\"@id\":\"https:\/\/hobierotikshop.com.tr\/website1\/erotik-shop-urun\/fantezi-zincirli-tasma-siyah\/#primaryimage\",\"url\":\"https:\/\/haremerotikshop.com\/site\/wp-content\/uploads\/2025\/03\/fantezi-zincirli-tasma-siyah-2737.jpg\",\"contentUrl\":\"https:\/\/haremerotikshop.com\/site\/wp-content\/uploads\/2025\/03\/fantezi-zincirli-tasma-siyah-2737.jpg\",\"width\":1500,\"height\":1500},{\"@type\":\"BreadcrumbList\",\"@id\":\"https:\/\/hobierotikshop.com.tr\/website1\/erotik-shop-urun\/fantezi-zincirli-tasma-siyah\/#breadcrumb\",\"itemListElement\":[{\"@type\":\"ListItem\",\"position\":1,\"name\":\"Anasayfa\",\"item\":\"https:\/\/hobierotikshop.com.tr\/website1\/\"},{\"@type\":\"ListItem\",\"position\":2,\"name\":\"Erotik Shop \u00dcr\u00fcnleri\",\"item\":\"https:\/\/hobierotikshop.com.tr\/website1\/shop\/\"},{\"@type\":\"ListItem\",\"position\":3,\"name\":\"Fantezi Zincirli Tasma Siyah\"}]},{\"@type\":\"WebSite\",\"@id\":\"https:\/\/hobierotikshop.com.tr\/website1\/#website\",\"url\":\"https:\/\/hobierotikshop.com.tr\/website1\/\",\"name\":\"Bursa Erotik Shop\",\"description\":\"Bursa Erotik Shop ile g\u00fcvenli, gizli ve kaliteli yeti\u015fkin \u00fcr\u00fcnleri al\u0131\u015fveri\u015fi! Geni\u015f \u00fcr\u00fcn yelpazemizi ke\u015ffedin, hemen sipari\u015f verin\",\"publisher\":{\"@id\":\"https:\/\/hobierotikshop.com.tr\/website1\/#organization\"},\"alternateName\":\"Erotik Shop\",\"potentialAction\":[{\"@type\":\"SearchAction\",\"target\":{\"@type\":\"EntryPoint\",\"urlTemplate\":\"https:\/\/hobierotikshop.com.tr\/website1\/?s={search_term_string}\"},\"query-input\":{\"@type\":\"PropertyValueSpecification\",\"valueRequired\":true,\"valueName\":\"search_term_string\"}}],\"inLanguage\":\"tr\"},{\"@type\":\"Organization\",\"@id\":\"https:\/\/hobierotikshop.com.tr\/website1\/#organization\",\"name\":\"Harem Bursa Erotik Shop\",\"url\":\"https:\/\/hobierotikshop.com.tr\/website1\/\",\"logo\":{\"@type\":\"ImageObject\",\"inLanguage\":\"tr\",\"@id\":\"https:\/\/hobierotikshop.com.tr\/website1\/#\/schema\/logo\/image\/\",\"url\":\"https:\/\/haremerotikshop.com\/site\/wp-content\/uploads\/2025\/03\/haremsexshop.png\",\"contentUrl\":\"https:\/\/haremerotikshop.com\/site\/wp-content\/uploads\/2025\/03\/haremsexshop.png\",\"width\":400,\"height\":100,\"caption\":\"Harem Bursa Erotik Shop\"},\"image\":{\"@id\":\"https:\/\/hobierotikshop.com.tr\/website1\/#\/schema\/logo\/image\/\"},\"sameAs\":[\"https:\/\/x.com\/shopbursa\"],\"publishingPrinciples\":\"https:\/\/hobierotikshop.com.tr\/website1\/mesafeli-satis-sozlesmesi\/\",\"ownershipFundingInfo\":\"https:\/\/hobierotikshop.com.tr\/website1\/contact-us\/\",\"actionableFeedbackPolicy\":\"https:\/\/hobierotikshop.com.tr\/website1\/contact-us\/\",\"correctionsPolicy\":\"https:\/\/hobierotikshop.com.tr\/website1\/mesafeli-satis-sozlesmesi\/\"}]}<\/script>\n<meta property=\"product:brand\" content=\"Pembe Tilki\" \/>\n<meta property=\"product:price:amount\" content=\"1000.00\" \/>\n<meta property=\"product:price:currency\" content=\"TRY\" \/>\n<meta property=\"og:availability\" content=\"instock\" \/>\n<meta property=\"product:availability\" content=\"instock\" \/>\n<meta property=\"product:retailer_item_id\" content=\"PT-FFXG113BLCK\" \/>\n<meta property=\"product:condition\" content=\"new\" \/>\n<!-- \/ Yoast SEO Premium plugin. -->","yoast_head_json":{"title":"Fantezi Zincirli Tasma Siyah - Bursa Erotik Shop","robots":{"index":"index","follow":"follow","max-snippet":"max-snippet:-1","max-image-preview":"max-image-preview:large","max-video-preview":"max-video-preview:-1"},"canonical":"https:\/\/hobierotikshop.com.tr\/website1\/erotik-shop-urun\/fantezi-zincirli-tasma-siyah\/","og_locale":"tr_TR","og_type":"article","og_title":"Fantezi Zincirli Tasma Siyah","og_description":"Fantezi Zincirli Tasma, cesur tasar\u0131m\u0131 ve \u015f\u0131kl\u0131\u011f\u0131yla \u00f6zel anlar\u0131n\u0131za heyecan ve tutku katacak m\u00fckemmel bir aksesuard\u0131r. Partnerinizle olan etkile\u015fiminizi daha derin ve heyecan verici hale getiren bu tasar\u0131m, hem estetik hem de dayan\u0131kl\u0131 yap\u0131s\u0131yla dikkat \u00e7eker. Fantezi d\u00fcnyas\u0131nda s\u0131n\u0131rlar\u0131 zorlamak isteyenler i\u00e7in idealdir","og_url":"https:\/\/hobierotikshop.com.tr\/website1\/erotik-shop-urun\/fantezi-zincirli-tasma-siyah\/","og_site_name":"Bursa Erotik Shop","article_modified_time":"2026-01-26T13:03:33+00:00","og_image":[{"width":1500,"height":1500,"url":"https:\/\/hobierotikshop.com.tr\/website1\/wp-content\/uploads\/2025\/03\/fantezi-zincirli-tasma-siyah-2737.jpg","type":"image\/jpeg"}],"twitter_card":"summary_large_image","twitter_site":"@shopbursa","twitter_misc":{"Fiyat":"&#8378;1.000,00 KDV DAH\u0130L","Availability":"In stock"},"schema":{"@context":"https:\/\/schema.org","@graph":[{"@type":"WebPage","@id":"https:\/\/hobierotikshop.com.tr\/website1\/erotik-shop-urun\/fantezi-zincirli-tasma-siyah\/","url":"https:\/\/hobierotikshop.com.tr\/website1\/erotik-shop-urun\/fantezi-zincirli-tasma-siyah\/","name":"Fantezi Zincirli Tasma Siyah - Bursa Erotik Shop","isPartOf":{"@id":"https:\/\/hobierotikshop.com.tr\/website1\/#website"},"primaryImageOfPage":{"@id":"https:\/\/hobierotikshop.com.tr\/website1\/erotik-shop-urun\/fantezi-zincirli-tasma-siyah\/#primaryimage"},"image":{"@id":"https:\/\/hobierotikshop.com.tr\/website1\/erotik-shop-urun\/fantezi-zincirli-tasma-siyah\/#primaryimage"},"thumbnailUrl":"https:\/\/haremerotikshop.com\/site\/wp-content\/uploads\/2025\/03\/fantezi-zincirli-tasma-siyah-2737.jpg","datePublished":"2025-03-17T09:32:47+00:00","dateModified":"2026-01-26T13:03:33+00:00","breadcrumb":{"@id":"https:\/\/hobierotikshop.com.tr\/website1\/erotik-shop-urun\/fantezi-zincirli-tasma-siyah\/#breadcrumb"},"inLanguage":"tr","potentialAction":[{"@type":"ReadAction","target":["https:\/\/hobierotikshop.com.tr\/website1\/erotik-shop-urun\/fantezi-zincirli-tasma-siyah\/"]}]},{"@type":"ImageObject","inLanguage":"tr","@id":"https:\/\/hobierotikshop.com.tr\/website1\/erotik-shop-urun\/fantezi-zincirli-tasma-siyah\/#primaryimage","url":"https:\/\/haremerotikshop.com\/site\/wp-content\/uploads\/2025\/03\/fantezi-zincirli-tasma-siyah-2737.jpg","contentUrl":"https:\/\/haremerotikshop.com\/site\/wp-content\/uploads\/2025\/03\/fantezi-zincirli-tasma-siyah-2737.jpg","width":1500,"height":1500},{"@type":"BreadcrumbList","@id":"https:\/\/hobierotikshop.com.tr\/website1\/erotik-shop-urun\/fantezi-zincirli-tasma-siyah\/#breadcrumb","itemListElement":[{"@type":"ListItem","position":1,"name":"Anasayfa","item":"https:\/\/hobierotikshop.com.tr\/website1\/"},{"@type":"ListItem","position":2,"name":"Erotik Shop \u00dcr\u00fcnleri","item":"https:\/\/hobierotikshop.com.tr\/website1\/shop\/"},{"@type":"ListItem","position":3,"name":"Fantezi Zincirli Tasma Siyah"}]},{"@type":"WebSite","@id":"https:\/\/hobierotikshop.com.tr\/website1\/#website","url":"https:\/\/hobierotikshop.com.tr\/website1\/","name":"Bursa Erotik Shop","description":"Bursa Erotik Shop ile g\u00fcvenli, gizli ve kaliteli yeti\u015fkin \u00fcr\u00fcnleri al\u0131\u015fveri\u015fi! Geni\u015f \u00fcr\u00fcn yelpazemizi ke\u015ffedin, hemen sipari\u015f verin","publisher":{"@id":"https:\/\/hobierotikshop.com.tr\/website1\/#organization"},"alternateName":"Erotik Shop","potentialAction":[{"@type":"SearchAction","target":{"@type":"EntryPoint","urlTemplate":"https:\/\/hobierotikshop.com.tr\/website1\/?s={search_term_string}"},"query-input":{"@type":"PropertyValueSpecification","valueRequired":true,"valueName":"search_term_string"}}],"inLanguage":"tr"},{"@type":"Organization","@id":"https:\/\/hobierotikshop.com.tr\/website1\/#organization","name":"Harem Bursa Erotik Shop","url":"https:\/\/hobierotikshop.com.tr\/website1\/","logo":{"@type":"ImageObject","inLanguage":"tr","@id":"https:\/\/hobierotikshop.com.tr\/website1\/#\/schema\/logo\/image\/","url":"https:\/\/haremerotikshop.com\/site\/wp-content\/uploads\/2025\/03\/haremsexshop.png","contentUrl":"https:\/\/haremerotikshop.com\/site\/wp-content\/uploads\/2025\/03\/haremsexshop.png","width":400,"height":100,"caption":"Harem Bursa Erotik Shop"},"image":{"@id":"https:\/\/hobierotikshop.com.tr\/website1\/#\/schema\/logo\/image\/"},"sameAs":["https:\/\/x.com\/shopbursa"],"publishingPrinciples":"https:\/\/hobierotikshop.com.tr\/website1\/mesafeli-satis-sozlesmesi\/","ownershipFundingInfo":"https:\/\/hobierotikshop.com.tr\/website1\/contact-us\/","actionableFeedbackPolicy":"https:\/\/hobierotikshop.com.tr\/website1\/contact-us\/","correctionsPolicy":"https:\/\/hobierotikshop.com.tr\/website1\/mesafeli-satis-sozlesmesi\/"}]},"product_brand":"Pembe Tilki","product_price_amount":"1000.00","product_price_currency":"TRY","og_availability":"instock","product_availability":"instock","product_retailer_item_id":"PT-FFXG113BLCK","product_condition":"new"},"_links":{"self":[{"href":"https:\/\/haremerotikshop.com\/site\/wp-json\/wp\/v2\/product\/19363","targetHints":{"allow":["GET"]}}],"collection":[{"href":"https:\/\/haremerotikshop.com\/site\/wp-json\/wp\/v2\/product"}],"about":[{"href":"https:\/\/haremerotikshop.com\/site\/wp-json\/wp\/v2\/types\/product"}],"replies":[{"embeddable":true,"href":"https:\/\/haremerotikshop.com\/site\/wp-json\/wp\/v2\/comments?post=19363"}],"version-history":[{"count":0,"href":"https:\/\/haremerotikshop.com\/site\/wp-json\/wp\/v2\/product\/19363\/revisions"}],"wp:featuredmedia":[{"embeddable":true,"href":"https:\/\/haremerotikshop.com\/site\/wp-json\/wp\/v2\/media\/19454"}],"wp:attachment":[{"href":"https:\/\/haremerotikshop.com\/site\/wp-json\/wp\/v2\/media?parent=19363"}],"wp:term":[{"taxonomy":"product_brand","embeddable":true,"href":"https:\/\/haremerotikshop.com\/site\/wp-json\/wp\/v2\/product_brand?post=19363"},{"taxonomy":"product_cat","embeddable":true,"href":"https:\/\/haremerotikshop.com\/site\/wp-json\/wp\/v2\/product_cat?post=19363"},{"taxonomy":"product_tag","embeddable":true,"href":"https:\/\/haremerotikshop.com\/site\/wp-json\/wp\/v2\/product_tag?post=19363"}],"curies":[{"name":"wp","href":"https:\/\/api.w.org\/{rel}","templated":true}]}}