{"id":19382,"date":"2025-03-17T12:33:09","date_gmt":"2025-03-17T09:33:09","guid":{"rendered":"https:\/\/haremerotikshop.com\/site\/?post_type=product&#038;p=19382"},"modified":"2026-01-26T16:03:24","modified_gmt":"2026-01-26T13:03:24","slug":"fantezi-siyah-goz-maskesi","status":"publish","type":"product","link":"https:\/\/haremerotikshop.com\/site\/erotik-shop-urun\/fantezi-siyah-goz-maskesi\/","title":{"rendered":"Fantezi Siyah G\u00f6z Maskesi"},"content":{"rendered":"<h3 data-start=\"64\" data-end=\"141\"><strong data-start=\"68\" data-end=\"141\">Fantezi Siyah G\u00f6z Maskesi \u2013 Gizem, \u015e\u0131kl\u0131k ve Heyecan Dolu Bir Deneyim<\/strong><\/h3>\n<p data-start=\"143\" data-end=\"511\">Fantezi d\u00fcnyan\u0131za <strong data-start=\"161\" data-end=\"170\">gizem<\/strong> ve <strong data-start=\"174\" data-end=\"183\">tutku<\/strong> katacak, <strong data-start=\"193\" data-end=\"222\">Fantezi Siyah G\u00f6z Maskesi<\/strong>, \u015f\u0131k tasar\u0131m\u0131 ve y\u00fcksek kaliteli malzemesiyle \u00f6zel anlar\u0131n\u0131za yeni bir boyut kazand\u0131r\u0131r. <strong data-start=\"312\" data-end=\"332\">Deriden \u00fcretilen<\/strong> bu maske, estetik g\u00f6r\u00fcn\u00fcm\u00fc ve konforlu yap\u0131s\u0131yla dikkat \u00e7eker. Partnerinizle ge\u00e7irdi\u011finiz her an\u0131 daha <strong data-start=\"436\" data-end=\"454\">heyecan verici<\/strong> ve <strong data-start=\"458\" data-end=\"469\">tutkulu<\/strong> hale getirmek i\u00e7in ideal bir aksesuard\u0131r.<\/p>\n<h3 data-start=\"513\" data-end=\"542\"><strong data-start=\"517\" data-end=\"542\">\u00d6ne \u00c7\u0131kan \u00d6zellikler:<\/strong><\/h3>\n<h4 data-start=\"544\" data-end=\"582\"><strong data-start=\"549\" data-end=\"582\">Y\u00fcksek Kaliteli Deri Malzeme:<\/strong><\/h4>\n<ul data-start=\"583\" data-end=\"794\">\n<li data-start=\"583\" data-end=\"691\"><strong data-start=\"585\" data-end=\"597\">Malzeme:<\/strong> \u015e\u0131k ve zarif bir g\u00f6r\u00fcn\u00fcm sunan, dayan\u0131kl\u0131 <strong data-start=\"640\" data-end=\"664\">y\u00fcksek kaliteli deri<\/strong> kullan\u0131larak \u00fcretilmi\u015ftir.<\/li>\n<li data-start=\"692\" data-end=\"794\"><strong data-start=\"694\" data-end=\"711\">Dayan\u0131kl\u0131l\u0131k:<\/strong> Deri malzeme uzun \u00f6m\u00fcrl\u00fcd\u00fcr, zamanla deformasyona u\u011framaz, rahat\u00e7a kullan\u0131labilir.<\/li>\n<\/ul>\n<h4 data-start=\"796\" data-end=\"834\"><strong data-start=\"801\" data-end=\"834\">Gizemli G\u00f6z \u00c7evresi Tasar\u0131m\u0131:<\/strong><\/h4>\n<ul data-start=\"835\" data-end=\"1124\">\n<li data-start=\"835\" data-end=\"1022\"><strong data-start=\"837\" data-end=\"853\">G\u00f6z Kapatma:<\/strong> Maske, g\u00f6zleri tamamen kapatarak partnerinizle olan etkile\u015fiminizi daha gizemli ve <strong data-start=\"937\" data-end=\"948\">tutkulu<\/strong> hale getirir. <strong data-start=\"963\" data-end=\"984\">G\u00f6zleri kapatarak<\/strong> duyular\u0131n\u0131z\u0131 ve heyecan\u0131n\u0131z\u0131 art\u0131r\u0131r.<\/li>\n<li data-start=\"1023\" data-end=\"1124\"><strong data-start=\"1025\" data-end=\"1042\">Gizemli Hava:<\/strong> Bu tasar\u0131m, sadece fiziksel de\u011fil, ayn\u0131 zamanda duygusal ba\u011f\u0131n\u0131z\u0131 da g\u00fc\u00e7lendirir.<\/li>\n<\/ul>\n<h4 data-start=\"1126\" data-end=\"1162\"><strong data-start=\"1131\" data-end=\"1162\">Ergonomik ve Konforlu Yap\u0131:<\/strong><\/h4>\n<ul data-start=\"1163\" data-end=\"1428\">\n<li data-start=\"1163\" data-end=\"1316\"><strong data-start=\"1165\" data-end=\"1174\">Uyum:<\/strong> Maske, <strong data-start=\"1182\" data-end=\"1217\">y\u00fcz hatlar\u0131na tam uyum sa\u011flayan<\/strong> ergonomik tasar\u0131m\u0131yla rahat bir kullan\u0131m sunar. Uzun s\u00fcreli kullan\u0131mlarda bile rahats\u0131zl\u0131k vermez.<\/li>\n<li data-start=\"1317\" data-end=\"1428\"><strong data-start=\"1319\" data-end=\"1332\">Hafiflik:<\/strong> <strong data-start=\"1333\" data-end=\"1351\">Sadece 70 gram<\/strong> a\u011f\u0131rl\u0131\u011f\u0131ndaki hafif yap\u0131s\u0131, maskenin kullan\u0131m\u0131n\u0131 olduk\u00e7a rahat hale getirir.<\/li>\n<\/ul>\n<h4 data-start=\"1430\" data-end=\"1459\"><strong data-start=\"1435\" data-end=\"1459\">Ayarlanabilir Kay\u0131\u015f:<\/strong><\/h4>\n<ul data-start=\"1460\" data-end=\"1723\">\n<li data-start=\"1460\" data-end=\"1633\"><strong data-start=\"1462\" data-end=\"1493\">Farkl\u0131 Ba\u015f \u00d6l\u00e7\u00fclerine Uyum:<\/strong> Maskenin ayarlanabilir kay\u0131\u015f\u0131, farkl\u0131 ba\u015f \u00f6l\u00e7\u00fclerine <strong data-start=\"1547\" data-end=\"1570\">rahat\u00e7a uyum sa\u011flar<\/strong>. Bu \u00f6zellik, maskeyi herkesin rahat\u00e7a kullanabilmesini sa\u011flar.<\/li>\n<li data-start=\"1634\" data-end=\"1723\"><strong data-start=\"1636\" data-end=\"1652\">Kolay Takma:<\/strong> Kay\u0131\u015f sayesinde maskenin tak\u0131lmas\u0131 ve \u00e7\u0131kar\u0131lmas\u0131 son derece kolayd\u0131r.<\/li>\n<\/ul>\n<h3 data-start=\"1725\" data-end=\"1784\"><strong data-start=\"1729\" data-end=\"1784\">Neden Fantezi Siyah G\u00f6z Maskesi Tercih Etmelisiniz?<\/strong><\/h3>\n<h4 data-start=\"1786\" data-end=\"1824\"><strong data-start=\"1791\" data-end=\"1824\">Gizemli ve \u00c7ekici Deneyimler:<\/strong><\/h4>\n<ul data-start=\"1825\" data-end=\"2035\">\n<li data-start=\"1825\" data-end=\"2035\">Maskenin <strong data-start=\"1836\" data-end=\"1864\">g\u00f6zleri kapatan tasar\u0131m\u0131<\/strong>, partnerinizle olan etkile\u015fimlerinize <strong data-start=\"1903\" data-end=\"1912\">gizem<\/strong> katarken, deneyiminize <strong data-start=\"1936\" data-end=\"1947\">heyecan<\/strong> ve <strong data-start=\"1951\" data-end=\"1960\">tutku<\/strong> katar. Gizemli bir atmosfer yaratarak her an\u0131 daha unutulmaz hale getirir.<\/li>\n<\/ul>\n<h4 data-start=\"2037\" data-end=\"2071\"><strong data-start=\"2042\" data-end=\"2071\">\u015e\u0131k ve Dayan\u0131kl\u0131 Tasar\u0131m:<\/strong><\/h4>\n<ul data-start=\"2072\" data-end=\"2273\">\n<li data-start=\"2072\" data-end=\"2273\"><strong data-start=\"2074\" data-end=\"2111\">Estetik ve dayan\u0131kl\u0131 deri malzeme<\/strong>, maskeye \u015f\u0131kl\u0131k katarken ayn\u0131 zamanda uzun \u00f6m\u00fcrl\u00fc kullan\u0131m sunar. Hem \u015f\u0131k hem de dayan\u0131kl\u0131 olmas\u0131, bu maskeyi <strong data-start=\"2222\" data-end=\"2253\">y\u0131llarca kullanabilece\u011finiz<\/strong> bir aksesuar yapar.<\/li>\n<\/ul>\n<h4 data-start=\"2275\" data-end=\"2308\"><strong data-start=\"2280\" data-end=\"2308\">Rahat ve Kolay Kullan\u0131m:<\/strong><\/h4>\n<ul data-start=\"2309\" data-end=\"2508\">\n<li data-start=\"2309\" data-end=\"2508\"><strong data-start=\"2311\" data-end=\"2327\">Hafif yap\u0131s\u0131<\/strong> sayesinde uzun s\u00fcreli kullan\u0131mlarda bile <strong data-start=\"2369\" data-end=\"2391\">rahats\u0131zl\u0131k vermez<\/strong>. Ayarlanabilir kay\u0131\u015f, herkesin ba\u015f \u00f6l\u00e7\u00fcs\u00fcne rahat\u00e7a uyum sa\u011flar, bu da maskenin <strong data-start=\"2472\" data-end=\"2485\">\u00e7ok y\u00f6nl\u00fc<\/strong> kullan\u0131lmas\u0131n\u0131 sa\u011flar.<\/li>\n<\/ul>\n<h4 data-start=\"2510\" data-end=\"2554\"><strong data-start=\"2515\" data-end=\"2554\">Fanteziyi Canland\u0131ran Bir Aksesuar:<\/strong><\/h4>\n<ul data-start=\"2555\" data-end=\"2735\">\n<li data-start=\"2555\" data-end=\"2735\">Partnerinizle olan ba\u011f\u0131n\u0131z\u0131 g\u00fc\u00e7lendirecek, fantezi d\u00fcnyan\u0131z\u0131 zenginle\u015ftirecek <strong data-start=\"2635\" data-end=\"2672\">\u015f\u0131k ve etkileyici bir aksesuard\u0131r<\/strong>. Heyecan ve tutku dolu anlar yaratmak i\u00e7in ideal bir se\u00e7imdir.<\/li>\n<\/ul>\n<h3 data-start=\"2737\" data-end=\"2788\"><strong data-start=\"2741\" data-end=\"2788\">Fantezi Siyah G\u00f6z Maskesi ile Gizemli Anlar<\/strong><\/h3>\n<p data-start=\"2790\" data-end=\"3129\"><strong data-start=\"2790\" data-end=\"2819\">Fantezi Siyah G\u00f6z Maskesi<\/strong>, \u00f6zel anlar\u0131n\u0131za <strong data-start=\"2837\" data-end=\"2864\">heyecan, gizem ve tutku<\/strong> katacak, <strong data-start=\"2874\" data-end=\"2895\">fantezi d\u00fcnyan\u0131z\u0131<\/strong> yeni bir boyuta ta\u015f\u0131yacakt\u0131r. Zarif tasar\u0131m\u0131 ve <strong data-start=\"2944\" data-end=\"2970\">y\u00fcksek kaliteli derisi<\/strong>yle hem estetik hem de fonksiyonel bir aksesuard\u0131r. Partnerinizle olan \u00f6zel anlar\u0131n\u0131z\u0131 daha <strong data-start=\"3062\" data-end=\"3075\">heyecanl\u0131<\/strong> hale getirmek i\u00e7in hemen bu <strong data-start=\"3104\" data-end=\"3119\">\u015f\u0131k maskeyi<\/strong> ke\u015ffedin!<\/p>\n","protected":false},"excerpt":{"rendered":"<p>Fantezi d\u00fcnyan\u0131za <strong data-start=\"161\" data-end=\"170\">gizem<\/strong> ve <strong data-start=\"174\" data-end=\"183\">tutku<\/strong> katacak, <strong data-start=\"193\" data-end=\"222\">Fantezi Siyah G\u00f6z Maskesi<\/strong>, \u015f\u0131k tasar\u0131m\u0131 ve y\u00fcksek kaliteli malzemesiyle \u00f6zel anlar\u0131n\u0131za yeni bir boyut kazand\u0131r\u0131r. <strong data-start=\"312\" data-end=\"332\">Deriden \u00fcretilen<\/strong> bu maske, estetik g\u00f6r\u00fcn\u00fcm\u00fc ve konforlu yap\u0131s\u0131yla dikkat \u00e7eker. Partnerinizle ge\u00e7irdi\u011finiz her an\u0131 daha <strong data-start=\"436\" data-end=\"454\">heyecan verici<\/strong> ve <strong data-start=\"458\" data-end=\"469\">tutkulu<\/strong> hale getirmek i\u00e7in ideal bir aksesuard\u0131r.<\/p>\n","protected":false},"featured_media":19474,"comment_status":"open","ping_status":"closed","template":"","meta":[],"product_brand":[127],"product_cat":[100],"product_tag":[326],"class_list":{"0":"post-19382","1":"product","2":"type-product","3":"status-publish","4":"has-post-thumbnail","6":"product_brand-pembe-tilki","7":"product_cat-fantezi-fetis","8":"product_tag-fantezi-siyah-goz-maskesi","10":"first","11":"outofstock","12":"taxable","13":"shipping-taxable","14":"purchasable","15":"product-type-simple"},"yoast_head":"<!-- This site is optimized with the Yoast SEO Premium plugin v24.4 (Yoast SEO v27.1.1) - https:\/\/yoast.com\/product\/yoast-seo-premium-wordpress\/ -->\n<title>Fantezi Siyah G\u00f6z Maskesi - Bursa Erotik Shop<\/title>\n<meta name=\"robots\" content=\"index, follow, max-snippet:-1, max-image-preview:large, max-video-preview:-1\" \/>\n<link rel=\"canonical\" href=\"https:\/\/hobierotikshop.com.tr\/website1\/erotik-shop-urun\/fantezi-siyah-goz-maskesi\/\" \/>\n<meta property=\"og:locale\" content=\"tr_TR\" \/>\n<meta property=\"og:type\" content=\"article\" \/>\n<meta property=\"og:title\" content=\"Fantezi Siyah G\u00f6z Maskesi\" \/>\n<meta property=\"og:description\" content=\"Fantezi d\u00fcnyan\u0131za gizem ve tutku katacak, Fantezi Siyah G\u00f6z Maskesi, \u015f\u0131k tasar\u0131m\u0131 ve y\u00fcksek kaliteli malzemesiyle \u00f6zel anlar\u0131n\u0131za yeni bir boyut kazand\u0131r\u0131r. Deriden \u00fcretilen bu maske, estetik g\u00f6r\u00fcn\u00fcm\u00fc ve konforlu yap\u0131s\u0131yla dikkat \u00e7eker. Partnerinizle ge\u00e7irdi\u011finiz her an\u0131 daha heyecan verici ve tutkulu hale getirmek i\u00e7in ideal bir aksesuard\u0131r.\" \/>\n<meta property=\"og:url\" content=\"https:\/\/hobierotikshop.com.tr\/website1\/erotik-shop-urun\/fantezi-siyah-goz-maskesi\/\" \/>\n<meta property=\"og:site_name\" content=\"Bursa Erotik Shop\" \/>\n<meta property=\"article:modified_time\" content=\"2026-01-26T13:03:24+00:00\" \/>\n<meta property=\"og:image\" content=\"https:\/\/hobierotikshop.com.tr\/website1\/wp-content\/uploads\/2025\/03\/fantezi-siyah-goz-maskesi-2751.jpg\" \/>\n\t<meta property=\"og:image:width\" content=\"1500\" \/>\n\t<meta property=\"og:image:height\" content=\"1500\" \/>\n\t<meta property=\"og:image:type\" content=\"image\/jpeg\" \/>\n<meta name=\"twitter:card\" content=\"summary_large_image\" \/>\n<meta name=\"twitter:site\" content=\"@shopbursa\" \/>\n<meta name=\"twitter:label1\" content=\"Fiyat\" \/>\n\t<meta name=\"twitter:data1\" content=\"&#8378;420,00 KDV DAH\u0130L\" \/>\n\t<meta name=\"twitter:label2\" content=\"Availability\" \/>\n\t<meta name=\"twitter:data2\" content=\"Out of stock\" \/>\n<script type=\"application\/ld+json\" class=\"yoast-schema-graph\">{\"@context\":\"https:\/\/schema.org\",\"@graph\":[{\"@type\":\"WebPage\",\"@id\":\"https:\/\/hobierotikshop.com.tr\/website1\/erotik-shop-urun\/fantezi-siyah-goz-maskesi\/\",\"url\":\"https:\/\/hobierotikshop.com.tr\/website1\/erotik-shop-urun\/fantezi-siyah-goz-maskesi\/\",\"name\":\"Fantezi Siyah G\u00f6z Maskesi - Bursa Erotik Shop\",\"isPartOf\":{\"@id\":\"https:\/\/hobierotikshop.com.tr\/website1\/#website\"},\"primaryImageOfPage\":{\"@id\":\"https:\/\/hobierotikshop.com.tr\/website1\/erotik-shop-urun\/fantezi-siyah-goz-maskesi\/#primaryimage\"},\"image\":{\"@id\":\"https:\/\/hobierotikshop.com.tr\/website1\/erotik-shop-urun\/fantezi-siyah-goz-maskesi\/#primaryimage\"},\"thumbnailUrl\":\"https:\/\/haremerotikshop.com\/site\/wp-content\/uploads\/2025\/03\/fantezi-siyah-goz-maskesi-2751.jpg\",\"datePublished\":\"2025-03-17T09:33:09+00:00\",\"dateModified\":\"2026-01-26T13:03:24+00:00\",\"breadcrumb\":{\"@id\":\"https:\/\/hobierotikshop.com.tr\/website1\/erotik-shop-urun\/fantezi-siyah-goz-maskesi\/#breadcrumb\"},\"inLanguage\":\"tr\",\"potentialAction\":[{\"@type\":\"ReadAction\",\"target\":[\"https:\/\/hobierotikshop.com.tr\/website1\/erotik-shop-urun\/fantezi-siyah-goz-maskesi\/\"]}]},{\"@type\":\"ImageObject\",\"inLanguage\":\"tr\",\"@id\":\"https:\/\/hobierotikshop.com.tr\/website1\/erotik-shop-urun\/fantezi-siyah-goz-maskesi\/#primaryimage\",\"url\":\"https:\/\/haremerotikshop.com\/site\/wp-content\/uploads\/2025\/03\/fantezi-siyah-goz-maskesi-2751.jpg\",\"contentUrl\":\"https:\/\/haremerotikshop.com\/site\/wp-content\/uploads\/2025\/03\/fantezi-siyah-goz-maskesi-2751.jpg\",\"width\":1500,\"height\":1500},{\"@type\":\"BreadcrumbList\",\"@id\":\"https:\/\/hobierotikshop.com.tr\/website1\/erotik-shop-urun\/fantezi-siyah-goz-maskesi\/#breadcrumb\",\"itemListElement\":[{\"@type\":\"ListItem\",\"position\":1,\"name\":\"Anasayfa\",\"item\":\"https:\/\/hobierotikshop.com.tr\/website1\/\"},{\"@type\":\"ListItem\",\"position\":2,\"name\":\"Erotik Shop \u00dcr\u00fcnleri\",\"item\":\"https:\/\/hobierotikshop.com.tr\/website1\/shop\/\"},{\"@type\":\"ListItem\",\"position\":3,\"name\":\"Fantezi Siyah G\u00f6z Maskesi\"}]},{\"@type\":\"WebSite\",\"@id\":\"https:\/\/hobierotikshop.com.tr\/website1\/#website\",\"url\":\"https:\/\/hobierotikshop.com.tr\/website1\/\",\"name\":\"Bursa Erotik Shop\",\"description\":\"Bursa Erotik Shop ile g\u00fcvenli, gizli ve kaliteli yeti\u015fkin \u00fcr\u00fcnleri al\u0131\u015fveri\u015fi! Geni\u015f \u00fcr\u00fcn yelpazemizi ke\u015ffedin, hemen sipari\u015f verin\",\"publisher\":{\"@id\":\"https:\/\/hobierotikshop.com.tr\/website1\/#organization\"},\"alternateName\":\"Erotik Shop\",\"potentialAction\":[{\"@type\":\"SearchAction\",\"target\":{\"@type\":\"EntryPoint\",\"urlTemplate\":\"https:\/\/hobierotikshop.com.tr\/website1\/?s={search_term_string}\"},\"query-input\":{\"@type\":\"PropertyValueSpecification\",\"valueRequired\":true,\"valueName\":\"search_term_string\"}}],\"inLanguage\":\"tr\"},{\"@type\":\"Organization\",\"@id\":\"https:\/\/hobierotikshop.com.tr\/website1\/#organization\",\"name\":\"Harem Bursa Erotik Shop\",\"url\":\"https:\/\/hobierotikshop.com.tr\/website1\/\",\"logo\":{\"@type\":\"ImageObject\",\"inLanguage\":\"tr\",\"@id\":\"https:\/\/hobierotikshop.com.tr\/website1\/#\/schema\/logo\/image\/\",\"url\":\"https:\/\/haremerotikshop.com\/site\/wp-content\/uploads\/2025\/03\/haremsexshop.png\",\"contentUrl\":\"https:\/\/haremerotikshop.com\/site\/wp-content\/uploads\/2025\/03\/haremsexshop.png\",\"width\":400,\"height\":100,\"caption\":\"Harem Bursa Erotik Shop\"},\"image\":{\"@id\":\"https:\/\/hobierotikshop.com.tr\/website1\/#\/schema\/logo\/image\/\"},\"sameAs\":[\"https:\/\/x.com\/shopbursa\"],\"publishingPrinciples\":\"https:\/\/hobierotikshop.com.tr\/website1\/mesafeli-satis-sozlesmesi\/\",\"ownershipFundingInfo\":\"https:\/\/hobierotikshop.com.tr\/website1\/contact-us\/\",\"actionableFeedbackPolicy\":\"https:\/\/hobierotikshop.com.tr\/website1\/contact-us\/\",\"correctionsPolicy\":\"https:\/\/hobierotikshop.com.tr\/website1\/mesafeli-satis-sozlesmesi\/\"}]}<\/script>\n<meta property=\"product:brand\" content=\"Pembe Tilki\" \/>\n<meta property=\"product:price:amount\" content=\"420.00\" \/>\n<meta property=\"product:price:currency\" content=\"TRY\" \/>\n<meta property=\"og:availability\" content=\"out of stock\" \/>\n<meta property=\"product:availability\" content=\"out of stock\" \/>\n<meta property=\"product:retailer_item_id\" content=\"PT-FFXG126\" \/>\n<meta property=\"product:condition\" content=\"new\" \/>\n<!-- \/ Yoast SEO Premium plugin. -->","yoast_head_json":{"title":"Fantezi Siyah G\u00f6z Maskesi - Bursa Erotik Shop","robots":{"index":"index","follow":"follow","max-snippet":"max-snippet:-1","max-image-preview":"max-image-preview:large","max-video-preview":"max-video-preview:-1"},"canonical":"https:\/\/hobierotikshop.com.tr\/website1\/erotik-shop-urun\/fantezi-siyah-goz-maskesi\/","og_locale":"tr_TR","og_type":"article","og_title":"Fantezi Siyah G\u00f6z Maskesi","og_description":"Fantezi d\u00fcnyan\u0131za gizem ve tutku katacak, Fantezi Siyah G\u00f6z Maskesi, \u015f\u0131k tasar\u0131m\u0131 ve y\u00fcksek kaliteli malzemesiyle \u00f6zel anlar\u0131n\u0131za yeni bir boyut kazand\u0131r\u0131r. Deriden \u00fcretilen bu maske, estetik g\u00f6r\u00fcn\u00fcm\u00fc ve konforlu yap\u0131s\u0131yla dikkat \u00e7eker. Partnerinizle ge\u00e7irdi\u011finiz her an\u0131 daha heyecan verici ve tutkulu hale getirmek i\u00e7in ideal bir aksesuard\u0131r.","og_url":"https:\/\/hobierotikshop.com.tr\/website1\/erotik-shop-urun\/fantezi-siyah-goz-maskesi\/","og_site_name":"Bursa Erotik Shop","article_modified_time":"2026-01-26T13:03:24+00:00","og_image":[{"width":1500,"height":1500,"url":"https:\/\/hobierotikshop.com.tr\/website1\/wp-content\/uploads\/2025\/03\/fantezi-siyah-goz-maskesi-2751.jpg","type":"image\/jpeg"}],"twitter_card":"summary_large_image","twitter_site":"@shopbursa","twitter_misc":{"Fiyat":"&#8378;420,00 KDV DAH\u0130L","Availability":"Out of stock"},"schema":{"@context":"https:\/\/schema.org","@graph":[{"@type":"WebPage","@id":"https:\/\/hobierotikshop.com.tr\/website1\/erotik-shop-urun\/fantezi-siyah-goz-maskesi\/","url":"https:\/\/hobierotikshop.com.tr\/website1\/erotik-shop-urun\/fantezi-siyah-goz-maskesi\/","name":"Fantezi Siyah G\u00f6z Maskesi - Bursa Erotik Shop","isPartOf":{"@id":"https:\/\/hobierotikshop.com.tr\/website1\/#website"},"primaryImageOfPage":{"@id":"https:\/\/hobierotikshop.com.tr\/website1\/erotik-shop-urun\/fantezi-siyah-goz-maskesi\/#primaryimage"},"image":{"@id":"https:\/\/hobierotikshop.com.tr\/website1\/erotik-shop-urun\/fantezi-siyah-goz-maskesi\/#primaryimage"},"thumbnailUrl":"https:\/\/haremerotikshop.com\/site\/wp-content\/uploads\/2025\/03\/fantezi-siyah-goz-maskesi-2751.jpg","datePublished":"2025-03-17T09:33:09+00:00","dateModified":"2026-01-26T13:03:24+00:00","breadcrumb":{"@id":"https:\/\/hobierotikshop.com.tr\/website1\/erotik-shop-urun\/fantezi-siyah-goz-maskesi\/#breadcrumb"},"inLanguage":"tr","potentialAction":[{"@type":"ReadAction","target":["https:\/\/hobierotikshop.com.tr\/website1\/erotik-shop-urun\/fantezi-siyah-goz-maskesi\/"]}]},{"@type":"ImageObject","inLanguage":"tr","@id":"https:\/\/hobierotikshop.com.tr\/website1\/erotik-shop-urun\/fantezi-siyah-goz-maskesi\/#primaryimage","url":"https:\/\/haremerotikshop.com\/site\/wp-content\/uploads\/2025\/03\/fantezi-siyah-goz-maskesi-2751.jpg","contentUrl":"https:\/\/haremerotikshop.com\/site\/wp-content\/uploads\/2025\/03\/fantezi-siyah-goz-maskesi-2751.jpg","width":1500,"height":1500},{"@type":"BreadcrumbList","@id":"https:\/\/hobierotikshop.com.tr\/website1\/erotik-shop-urun\/fantezi-siyah-goz-maskesi\/#breadcrumb","itemListElement":[{"@type":"ListItem","position":1,"name":"Anasayfa","item":"https:\/\/hobierotikshop.com.tr\/website1\/"},{"@type":"ListItem","position":2,"name":"Erotik Shop \u00dcr\u00fcnleri","item":"https:\/\/hobierotikshop.com.tr\/website1\/shop\/"},{"@type":"ListItem","position":3,"name":"Fantezi Siyah G\u00f6z Maskesi"}]},{"@type":"WebSite","@id":"https:\/\/hobierotikshop.com.tr\/website1\/#website","url":"https:\/\/hobierotikshop.com.tr\/website1\/","name":"Bursa Erotik Shop","description":"Bursa Erotik Shop ile g\u00fcvenli, gizli ve kaliteli yeti\u015fkin \u00fcr\u00fcnleri al\u0131\u015fveri\u015fi! Geni\u015f \u00fcr\u00fcn yelpazemizi ke\u015ffedin, hemen sipari\u015f verin","publisher":{"@id":"https:\/\/hobierotikshop.com.tr\/website1\/#organization"},"alternateName":"Erotik Shop","potentialAction":[{"@type":"SearchAction","target":{"@type":"EntryPoint","urlTemplate":"https:\/\/hobierotikshop.com.tr\/website1\/?s={search_term_string}"},"query-input":{"@type":"PropertyValueSpecification","valueRequired":true,"valueName":"search_term_string"}}],"inLanguage":"tr"},{"@type":"Organization","@id":"https:\/\/hobierotikshop.com.tr\/website1\/#organization","name":"Harem Bursa Erotik Shop","url":"https:\/\/hobierotikshop.com.tr\/website1\/","logo":{"@type":"ImageObject","inLanguage":"tr","@id":"https:\/\/hobierotikshop.com.tr\/website1\/#\/schema\/logo\/image\/","url":"https:\/\/haremerotikshop.com\/site\/wp-content\/uploads\/2025\/03\/haremsexshop.png","contentUrl":"https:\/\/haremerotikshop.com\/site\/wp-content\/uploads\/2025\/03\/haremsexshop.png","width":400,"height":100,"caption":"Harem Bursa Erotik Shop"},"image":{"@id":"https:\/\/hobierotikshop.com.tr\/website1\/#\/schema\/logo\/image\/"},"sameAs":["https:\/\/x.com\/shopbursa"],"publishingPrinciples":"https:\/\/hobierotikshop.com.tr\/website1\/mesafeli-satis-sozlesmesi\/","ownershipFundingInfo":"https:\/\/hobierotikshop.com.tr\/website1\/contact-us\/","actionableFeedbackPolicy":"https:\/\/hobierotikshop.com.tr\/website1\/contact-us\/","correctionsPolicy":"https:\/\/hobierotikshop.com.tr\/website1\/mesafeli-satis-sozlesmesi\/"}]},"product_brand":"Pembe Tilki","product_price_amount":"420.00","product_price_currency":"TRY","og_availability":"out of stock","product_availability":"out of stock","product_retailer_item_id":"PT-FFXG126","product_condition":"new"},"_links":{"self":[{"href":"https:\/\/haremerotikshop.com\/site\/wp-json\/wp\/v2\/product\/19382","targetHints":{"allow":["GET"]}}],"collection":[{"href":"https:\/\/haremerotikshop.com\/site\/wp-json\/wp\/v2\/product"}],"about":[{"href":"https:\/\/haremerotikshop.com\/site\/wp-json\/wp\/v2\/types\/product"}],"replies":[{"embeddable":true,"href":"https:\/\/haremerotikshop.com\/site\/wp-json\/wp\/v2\/comments?post=19382"}],"version-history":[{"count":0,"href":"https:\/\/haremerotikshop.com\/site\/wp-json\/wp\/v2\/product\/19382\/revisions"}],"wp:featuredmedia":[{"embeddable":true,"href":"https:\/\/haremerotikshop.com\/site\/wp-json\/wp\/v2\/media\/19474"}],"wp:attachment":[{"href":"https:\/\/haremerotikshop.com\/site\/wp-json\/wp\/v2\/media?parent=19382"}],"wp:term":[{"taxonomy":"product_brand","embeddable":true,"href":"https:\/\/haremerotikshop.com\/site\/wp-json\/wp\/v2\/product_brand?post=19382"},{"taxonomy":"product_cat","embeddable":true,"href":"https:\/\/haremerotikshop.com\/site\/wp-json\/wp\/v2\/product_cat?post=19382"},{"taxonomy":"product_tag","embeddable":true,"href":"https:\/\/haremerotikshop.com\/site\/wp-json\/wp\/v2\/product_tag?post=19382"}],"curies":[{"name":"wp","href":"https:\/\/api.w.org\/{rel}","templated":true}]}}