{"id":19398,"date":"2025-03-17T12:33:32","date_gmt":"2025-03-17T09:33:32","guid":{"rendered":"https:\/\/haremerotikshop.com\/site\/?post_type=product&#038;p=19398"},"modified":"2026-01-26T16:02:07","modified_gmt":"2026-01-26T13:02:07","slug":"realistik-dildo-esmer-245-cm","status":"publish","type":"product","link":"https:\/\/haremerotikshop.com\/site\/erotik-shop-urun\/realistik-dildo-esmer-245-cm\/","title":{"rendered":"Realistik Dildo &#8211; Esmer 24,5 Cm"},"content":{"rendered":"<h3 data-start=\"68\" data-end=\"128\"><strong data-start=\"72\" data-end=\"128\">Esmer Realistik Dildo \u2013 24,5 cm Su Ge\u00e7irmez ve Esnek<\/strong><\/h3>\n<p data-start=\"130\" data-end=\"635\"><strong data-start=\"130\" data-end=\"155\">Esmer Realistik Dildo<\/strong>, do\u011fal g\u00f6r\u00fcn\u00fcm\u00fc, ger\u00e7ek\u00e7i dokusu ve esmer tonu ile benzersiz bir deneyim sunar. Y\u00fcksek kaliteli, v\u00fccuda dost <strong data-start=\"265\" data-end=\"282\">TPE malzemesi<\/strong> kullan\u0131larak \u00fcretilmi\u015f bu dildo, <strong data-start=\"316\" data-end=\"327\">kokusuz<\/strong> yap\u0131s\u0131 ile g\u00fcvenli bir kullan\u0131m sa\u011flar. <strong data-start=\"368\" data-end=\"386\">Esnek tasar\u0131m\u0131<\/strong> sayesinde 180 derece b\u00fck\u00fclerek her pozisyonda rahatl\u0131kla kullan\u0131labilir. <strong data-start=\"460\" data-end=\"482\">G\u00fc\u00e7l\u00fc vakum taban\u0131<\/strong> ile p\u00fcr\u00fczs\u00fcz y\u00fczeylere kolayca tutunur ve <strong data-start=\"525\" data-end=\"546\">ellersiz kullan\u0131m<\/strong> imkan\u0131 tan\u0131r. Su ge\u00e7irmez \u00f6zelli\u011fi sayesinde, temizli\u011fi son derece basit ve hijyeniktir.<\/p>\n<h3 data-start=\"637\" data-end=\"666\"><strong data-start=\"641\" data-end=\"666\">\u00d6ne \u00c7\u0131kan \u00d6zellikler:<\/strong><\/h3>\n<h4 data-start=\"668\" data-end=\"692\"><strong data-start=\"673\" data-end=\"692\">Ger\u00e7ek\u00e7i Glans:<\/strong><\/h4>\n<ul data-start=\"693\" data-end=\"809\">\n<li data-start=\"693\" data-end=\"809\">Canl\u0131 ve do\u011fal g\u00f6r\u00fcn\u00fcml\u00fc <strong data-start=\"720\" data-end=\"733\">ba\u015f k\u0131sm\u0131<\/strong> sayesinde ger\u00e7ek\u00e7i bir deneyim sunar. Her dokunu\u015fta maksimum tatmin sa\u011flar.<\/li>\n<\/ul>\n<h4 data-start=\"811\" data-end=\"836\"><strong data-start=\"816\" data-end=\"836\">Damar Detaylar\u0131:<\/strong><\/h4>\n<ul data-start=\"837\" data-end=\"959\">\n<li data-start=\"837\" data-end=\"959\"><strong data-start=\"839\" data-end=\"864\">Belirgin damar yap\u0131s\u0131<\/strong>, yo\u011fun bir his yarat\u0131r ve do\u011fal bir dokunu\u015f sunar. Her temas\u0131n\u0131zda ger\u00e7ek\u00e7ili\u011fi hissedersiniz.<\/li>\n<\/ul>\n<h4 data-start=\"961\" data-end=\"984\"><strong data-start=\"966\" data-end=\"984\">Testis Detay\u0131:<\/strong><\/h4>\n<ul data-start=\"985\" data-end=\"1113\">\n<li data-start=\"985\" data-end=\"1113\"><strong data-start=\"987\" data-end=\"1017\">Detayland\u0131r\u0131lm\u0131\u015f testisler<\/strong>, \u00fcr\u00fcn\u00fc daha do\u011fal ve ger\u00e7ek\u00e7i hale getirir. Anatomik yap\u0131y\u0131 en ince ayr\u0131nt\u0131s\u0131na kadar yans\u0131t\u0131r.<\/li>\n<\/ul>\n<h4 data-start=\"1115\" data-end=\"1137\"><strong data-start=\"1120\" data-end=\"1137\">Vakum Taban\u0131:<\/strong><\/h4>\n<ul data-start=\"1138\" data-end=\"1335\">\n<li data-start=\"1138\" data-end=\"1335\"><strong data-start=\"1140\" data-end=\"1166\">Eller serbest kullan\u0131m<\/strong> i\u00e7in <strong data-start=\"1172\" data-end=\"1194\">g\u00fc\u00e7l\u00fc vakum taban\u0131<\/strong> sayesinde du\u015f, banyo, masa veya duvar gibi d\u00fcz y\u00fczeylere sabitlenebilir. Bu \u00f6zellik, farkl\u0131 pozisyonlarda \u00f6zg\u00fcrce kullan\u0131labilmesini sa\u011flar.<\/li>\n<\/ul>\n<h4 data-start=\"1337\" data-end=\"1357\"><strong data-start=\"1342\" data-end=\"1357\">Esnek Yap\u0131:<\/strong><\/h4>\n<ul data-start=\"1358\" data-end=\"1538\">\n<li data-start=\"1358\" data-end=\"1538\"><strong data-start=\"1360\" data-end=\"1391\">180 derece b\u00fck\u00fclebilir yap\u0131<\/strong> sayesinde v\u00fccut formunuza tam uyum sa\u011flar ve her pozisyonda rahatl\u0131kla kullan\u0131labilir. Esnekli\u011fi, kullan\u0131m esnas\u0131nda rahatl\u0131k ve \u00e7e\u015fitlilik sunar.<\/li>\n<\/ul>\n<h4 data-start=\"1540\" data-end=\"1561\"><strong data-start=\"1545\" data-end=\"1561\">Su Ge\u00e7irmez:<\/strong><\/h4>\n<ul data-start=\"1562\" data-end=\"1694\">\n<li data-start=\"1562\" data-end=\"1694\"><strong data-start=\"1564\" data-end=\"1587\">Su ge\u00e7irmez \u00f6zellik<\/strong> sayesinde kolayca temizlenebilir. Hijyenik kullan\u0131m i\u00e7in su alt\u0131nda y\u0131kand\u0131ktan sonra h\u0131zla kurutulabilir.<\/li>\n<\/ul>\n<h3 data-start=\"1696\" data-end=\"1713\"><strong data-start=\"1700\" data-end=\"1713\">Boyutlar:<\/strong><\/h3>\n<ul data-start=\"1714\" data-end=\"1822\">\n<li data-start=\"1714\" data-end=\"1743\"><strong data-start=\"1716\" data-end=\"1735\">Toplam Uzunluk:<\/strong> 24,5 cm<\/li>\n<li data-start=\"1744\" data-end=\"1759\"><strong data-start=\"1746\" data-end=\"1754\">\u00c7ap:<\/strong> 4 cm<\/li>\n<li data-start=\"1760\" data-end=\"1822\"><strong data-start=\"1762\" data-end=\"1774\">A\u011f\u0131rl\u0131k:<\/strong> 350 g \u2013 \u0130deal denge, kullan\u0131m kolayl\u0131\u011f\u0131 sa\u011flar.<\/li>\n<\/ul>\n<h3 data-start=\"1824\" data-end=\"1850\"><strong data-start=\"1828\" data-end=\"1850\">Kullan\u0131m Alanlar\u0131:<\/strong><\/h3>\n<ul data-start=\"1851\" data-end=\"2049\">\n<li data-start=\"1851\" data-end=\"1953\"><strong data-start=\"1853\" data-end=\"1882\">Tek ba\u015f\u0131na veya partnerle<\/strong> kullan\u0131labilir, farkl\u0131 pozisyonlar ve a\u00e7\u0131lar\u0131 ke\u015ffetmek i\u00e7in idealdir.<\/li>\n<li data-start=\"1954\" data-end=\"2049\"><strong data-start=\"1956\" data-end=\"1990\">Oral, anal ve vajinal kullan\u0131m<\/strong> i\u00e7in uygun olup, her deneyimde ger\u00e7ek\u00e7i bir tatmin sa\u011flar.<\/li>\n<\/ul>\n<h3 data-start=\"2051\" data-end=\"2077\"><strong data-start=\"2055\" data-end=\"2077\">Temizlik ve Bak\u0131m:<\/strong><\/h3>\n<ul data-start=\"2078\" data-end=\"2269\">\n<li data-start=\"2078\" data-end=\"2131\">Kullan\u0131m sonras\u0131 <strong data-start=\"2097\" data-end=\"2117\">\u0131l\u0131k su ve sabun<\/strong> ile y\u0131kay\u0131n.<\/li>\n<li data-start=\"2132\" data-end=\"2269\"><strong data-start=\"2134\" data-end=\"2156\">Tamamen kuruduktan<\/strong> sonra tozdan korumak i\u00e7in kuru ve temiz bir yerde saklay\u0131n. Bu \u00fcr\u00fcn, <strong data-start=\"2226\" data-end=\"2253\">uzun \u00f6m\u00fcrl\u00fc ve hijyenik<\/strong> kullan\u0131m sunar.<\/li>\n<\/ul>\n<h3 data-start=\"2271\" data-end=\"2307\"><strong data-start=\"2275\" data-end=\"2307\">Neden Esmer Realistik Dildo?<\/strong><\/h3>\n<p data-start=\"2309\" data-end=\"2674\"><strong data-start=\"2309\" data-end=\"2334\">Esmer Realistik Dildo<\/strong>, ger\u00e7ek\u00e7i tasar\u0131m\u0131 ve y\u00fcksek kaliteli malzemesi ile e\u015fsiz bir deneyim sunar. <strong data-start=\"2412\" data-end=\"2428\">Esnek yap\u0131s\u0131<\/strong>, <strong data-start=\"2430\" data-end=\"2452\">ger\u00e7ek\u00e7i detaylar\u0131<\/strong> ve <strong data-start=\"2456\" data-end=\"2478\">g\u00fc\u00e7l\u00fc vakum taban\u0131<\/strong> sayesinde farkl\u0131 pozisyonlarda rahat\u00e7a kullan\u0131labilir. <strong data-start=\"2534\" data-end=\"2558\">Su ge\u00e7irmez \u00f6zelli\u011fi<\/strong> ile temizlik son derece basit ve hijyeniktir. Kendisini \u015f\u0131martmak isteyen kullan\u0131c\u0131lar i\u00e7in m\u00fckemmel bir tercihtir.<\/p>\n<h3 data-start=\"2676\" data-end=\"2722\"><strong data-start=\"2680\" data-end=\"2722\">Pembe Tilki G\u00fcvencesiyle Sunulmaktad\u0131r<\/strong><\/h3>\n<p data-start=\"2724\" data-end=\"3030\">Pembe Tilki, kaliteli ve g\u00fcvenilir \u00fcr\u00fcnleriyle \u00f6ne \u00e7\u0131kmaktad\u0131r. <strong data-start=\"2788\" data-end=\"2813\">Esmer Realistik Dildo<\/strong>, <strong data-start=\"2815\" data-end=\"2834\">ger\u00e7ek\u00e7i dokusu<\/strong>, <strong data-start=\"2836\" data-end=\"2864\">kullan\u0131c\u0131 dostu tasar\u0131m\u0131<\/strong> ve <strong data-start=\"2868\" data-end=\"2897\">y\u00fcksek kaliteli malzemesi<\/strong> ile sizi tatmin edecek. Hem tek ba\u015f\u0131na hem de partnerinizle birlikte <strong data-start=\"2967\" data-end=\"2992\">benzersiz bir deneyim<\/strong> ya\u015famak i\u00e7in <strong data-start=\"3006\" data-end=\"3029\">\u015fimdi sipari\u015f verin<\/strong>!<\/p>\n<hr data-start=\"3032\" data-end=\"3035\" \/>\n<p data-start=\"3037\" data-end=\"3274\" data-is-last-node=\"\" data-is-only-node=\"\"><strong data-start=\"3037\" data-end=\"3062\">Esmer Realistik Dildo<\/strong>, ger\u00e7ek\u00e7i detaylar ve maksimum tatmin i\u00e7in m\u00fckemmel bir se\u00e7imdir. <strong data-start=\"3129\" data-end=\"3144\">Su ge\u00e7irmez<\/strong>, <strong data-start=\"3146\" data-end=\"3155\">esnek<\/strong> ve <strong data-start=\"3159\" data-end=\"3170\">kokusuz<\/strong> malzemesi ile uzun s\u00fcreli ve hijyenik kullan\u0131m sunar. Deneyiminizi zirveye ta\u015f\u0131mak i\u00e7in hemen ke\u015ffedin!<\/p>\n","protected":false},"excerpt":{"rendered":"<p><strong data-start=\"130\" data-end=\"155\">Esmer Realistik Dildo<\/strong>, do\u011fal g\u00f6r\u00fcn\u00fcm\u00fc, ger\u00e7ek\u00e7i dokusu ve esmer tonu ile benzersiz bir deneyim sunar. Y\u00fcksek kaliteli, v\u00fccuda dost <strong data-start=\"265\" data-end=\"282\">TPE malzemesi<\/strong> kullan\u0131larak \u00fcretilmi\u015f bu dildo, <strong data-start=\"316\" data-end=\"327\">kokusuz<\/strong> yap\u0131s\u0131 ile g\u00fcvenli bir kullan\u0131m sa\u011flar. <strong data-start=\"368\" data-end=\"386\">Esnek tasar\u0131m\u0131<\/strong> sayesinde 180 derece b\u00fck\u00fclerek her pozisyonda rahatl\u0131kla kullan\u0131labilir. <strong data-start=\"460\" data-end=\"482\">G\u00fc\u00e7l\u00fc vakum taban\u0131<\/strong> ile p\u00fcr\u00fczs\u00fcz y\u00fczeylere kolayca tutunur ve <strong data-start=\"525\" data-end=\"546\">ellersiz kullan\u0131m<\/strong> imkan\u0131 tan\u0131r. Su ge\u00e7irmez \u00f6zelli\u011fi sayesinde, temizli\u011fi son derece basit ve hijyeniktir.<\/p>\n","protected":false},"featured_media":19480,"comment_status":"open","ping_status":"closed","template":"","meta":[],"product_brand":[127],"product_cat":[96],"product_tag":[97,327],"class_list":{"0":"post-19398","1":"product","2":"type-product","3":"status-publish","4":"has-post-thumbnail","6":"product_brand-pembe-tilki","7":"product_cat-realistik-dildo","8":"product_tag-5-cm","9":"product_tag-realistik-dildo-esmer-24","11":"first","12":"instock","13":"taxable","14":"shipping-taxable","15":"purchasable","16":"product-type-simple"},"yoast_head":"<!-- This site is optimized with the Yoast SEO Premium plugin v24.4 (Yoast SEO v27.1.1) - https:\/\/yoast.com\/product\/yoast-seo-premium-wordpress\/ -->\n<title>Realistik Dildo - Esmer 24,5 Cm - Bursa Erotik Shop<\/title>\n<meta name=\"robots\" content=\"index, follow, max-snippet:-1, max-image-preview:large, max-video-preview:-1\" \/>\n<link rel=\"canonical\" href=\"https:\/\/hobierotikshop.com.tr\/website1\/erotik-shop-urun\/realistik-dildo-esmer-245-cm\/\" \/>\n<meta property=\"og:locale\" content=\"tr_TR\" \/>\n<meta property=\"og:type\" content=\"article\" \/>\n<meta property=\"og:title\" content=\"Realistik Dildo - Esmer 24,5 Cm\" \/>\n<meta property=\"og:description\" content=\"Esmer Realistik Dildo, do\u011fal g\u00f6r\u00fcn\u00fcm\u00fc, ger\u00e7ek\u00e7i dokusu ve esmer tonu ile benzersiz bir deneyim sunar. Y\u00fcksek kaliteli, v\u00fccuda dost TPE malzemesi kullan\u0131larak \u00fcretilmi\u015f bu dildo, kokusuz yap\u0131s\u0131 ile g\u00fcvenli bir kullan\u0131m sa\u011flar. Esnek tasar\u0131m\u0131 sayesinde 180 derece b\u00fck\u00fclerek her pozisyonda rahatl\u0131kla kullan\u0131labilir. G\u00fc\u00e7l\u00fc vakum taban\u0131 ile p\u00fcr\u00fczs\u00fcz y\u00fczeylere kolayca tutunur ve ellersiz kullan\u0131m imkan\u0131 tan\u0131r. Su ge\u00e7irmez \u00f6zelli\u011fi sayesinde, temizli\u011fi son derece basit ve hijyeniktir.\" \/>\n<meta property=\"og:url\" content=\"https:\/\/hobierotikshop.com.tr\/website1\/erotik-shop-urun\/realistik-dildo-esmer-245-cm\/\" \/>\n<meta property=\"og:site_name\" content=\"Bursa Erotik Shop\" \/>\n<meta property=\"article:modified_time\" content=\"2026-01-26T13:02:07+00:00\" \/>\n<meta property=\"og:image\" content=\"https:\/\/hobierotikshop.com.tr\/website1\/wp-content\/uploads\/2025\/03\/realistik-dildo-esmer-24-5-cm-2790.jpg\" \/>\n\t<meta property=\"og:image:width\" content=\"1500\" \/>\n\t<meta property=\"og:image:height\" content=\"1500\" \/>\n\t<meta property=\"og:image:type\" content=\"image\/jpeg\" \/>\n<meta name=\"twitter:card\" content=\"summary_large_image\" \/>\n<meta name=\"twitter:site\" content=\"@shopbursa\" \/>\n<meta name=\"twitter:label1\" content=\"Fiyat\" \/>\n\t<meta name=\"twitter:data1\" content=\"&#8378;1.800,00 KDV DAH\u0130L\" \/>\n\t<meta name=\"twitter:label2\" content=\"Availability\" \/>\n\t<meta name=\"twitter:data2\" content=\"In stock\" \/>\n<script type=\"application\/ld+json\" class=\"yoast-schema-graph\">{\"@context\":\"https:\/\/schema.org\",\"@graph\":[{\"@type\":\"WebPage\",\"@id\":\"https:\/\/hobierotikshop.com.tr\/website1\/erotik-shop-urun\/realistik-dildo-esmer-245-cm\/\",\"url\":\"https:\/\/hobierotikshop.com.tr\/website1\/erotik-shop-urun\/realistik-dildo-esmer-245-cm\/\",\"name\":\"Realistik Dildo - Esmer 24,5 Cm - Bursa Erotik Shop\",\"isPartOf\":{\"@id\":\"https:\/\/hobierotikshop.com.tr\/website1\/#website\"},\"primaryImageOfPage\":{\"@id\":\"https:\/\/hobierotikshop.com.tr\/website1\/erotik-shop-urun\/realistik-dildo-esmer-245-cm\/#primaryimage\"},\"image\":{\"@id\":\"https:\/\/hobierotikshop.com.tr\/website1\/erotik-shop-urun\/realistik-dildo-esmer-245-cm\/#primaryimage\"},\"thumbnailUrl\":\"https:\/\/haremerotikshop.com\/site\/wp-content\/uploads\/2025\/03\/realistik-dildo-esmer-24-5-cm-2790.jpg\",\"datePublished\":\"2025-03-17T09:33:32+00:00\",\"dateModified\":\"2026-01-26T13:02:07+00:00\",\"breadcrumb\":{\"@id\":\"https:\/\/hobierotikshop.com.tr\/website1\/erotik-shop-urun\/realistik-dildo-esmer-245-cm\/#breadcrumb\"},\"inLanguage\":\"tr\",\"potentialAction\":[{\"@type\":\"ReadAction\",\"target\":[\"https:\/\/hobierotikshop.com.tr\/website1\/erotik-shop-urun\/realistik-dildo-esmer-245-cm\/\"]}]},{\"@type\":\"ImageObject\",\"inLanguage\":\"tr\",\"@id\":\"https:\/\/hobierotikshop.com.tr\/website1\/erotik-shop-urun\/realistik-dildo-esmer-245-cm\/#primaryimage\",\"url\":\"https:\/\/haremerotikshop.com\/site\/wp-content\/uploads\/2025\/03\/realistik-dildo-esmer-24-5-cm-2790.jpg\",\"contentUrl\":\"https:\/\/haremerotikshop.com\/site\/wp-content\/uploads\/2025\/03\/realistik-dildo-esmer-24-5-cm-2790.jpg\",\"width\":1500,\"height\":1500},{\"@type\":\"BreadcrumbList\",\"@id\":\"https:\/\/hobierotikshop.com.tr\/website1\/erotik-shop-urun\/realistik-dildo-esmer-245-cm\/#breadcrumb\",\"itemListElement\":[{\"@type\":\"ListItem\",\"position\":1,\"name\":\"Anasayfa\",\"item\":\"https:\/\/hobierotikshop.com.tr\/website1\/\"},{\"@type\":\"ListItem\",\"position\":2,\"name\":\"Erotik Shop \u00dcr\u00fcnleri\",\"item\":\"https:\/\/hobierotikshop.com.tr\/website1\/shop\/\"},{\"@type\":\"ListItem\",\"position\":3,\"name\":\"Realistik Dildo &#8211; Esmer 24,5 Cm\"}]},{\"@type\":\"WebSite\",\"@id\":\"https:\/\/hobierotikshop.com.tr\/website1\/#website\",\"url\":\"https:\/\/hobierotikshop.com.tr\/website1\/\",\"name\":\"Bursa Erotik Shop\",\"description\":\"Bursa Erotik Shop ile g\u00fcvenli, gizli ve kaliteli yeti\u015fkin \u00fcr\u00fcnleri al\u0131\u015fveri\u015fi! Geni\u015f \u00fcr\u00fcn yelpazemizi ke\u015ffedin, hemen sipari\u015f verin\",\"publisher\":{\"@id\":\"https:\/\/hobierotikshop.com.tr\/website1\/#organization\"},\"alternateName\":\"Erotik Shop\",\"potentialAction\":[{\"@type\":\"SearchAction\",\"target\":{\"@type\":\"EntryPoint\",\"urlTemplate\":\"https:\/\/hobierotikshop.com.tr\/website1\/?s={search_term_string}\"},\"query-input\":{\"@type\":\"PropertyValueSpecification\",\"valueRequired\":true,\"valueName\":\"search_term_string\"}}],\"inLanguage\":\"tr\"},{\"@type\":\"Organization\",\"@id\":\"https:\/\/hobierotikshop.com.tr\/website1\/#organization\",\"name\":\"Harem Bursa Erotik Shop\",\"url\":\"https:\/\/hobierotikshop.com.tr\/website1\/\",\"logo\":{\"@type\":\"ImageObject\",\"inLanguage\":\"tr\",\"@id\":\"https:\/\/hobierotikshop.com.tr\/website1\/#\/schema\/logo\/image\/\",\"url\":\"https:\/\/haremerotikshop.com\/site\/wp-content\/uploads\/2025\/03\/haremsexshop.png\",\"contentUrl\":\"https:\/\/haremerotikshop.com\/site\/wp-content\/uploads\/2025\/03\/haremsexshop.png\",\"width\":400,\"height\":100,\"caption\":\"Harem Bursa Erotik Shop\"},\"image\":{\"@id\":\"https:\/\/hobierotikshop.com.tr\/website1\/#\/schema\/logo\/image\/\"},\"sameAs\":[\"https:\/\/x.com\/shopbursa\"],\"publishingPrinciples\":\"https:\/\/hobierotikshop.com.tr\/website1\/mesafeli-satis-sozlesmesi\/\",\"ownershipFundingInfo\":\"https:\/\/hobierotikshop.com.tr\/website1\/contact-us\/\",\"actionableFeedbackPolicy\":\"https:\/\/hobierotikshop.com.tr\/website1\/contact-us\/\",\"correctionsPolicy\":\"https:\/\/hobierotikshop.com.tr\/website1\/mesafeli-satis-sozlesmesi\/\"}]}<\/script>\n<meta property=\"product:brand\" content=\"Pembe Tilki\" \/>\n<meta property=\"product:price:amount\" content=\"1800.00\" \/>\n<meta property=\"product:price:currency\" content=\"TRY\" \/>\n<meta property=\"og:availability\" content=\"instock\" \/>\n<meta property=\"product:availability\" content=\"instock\" \/>\n<meta property=\"product:retailer_item_id\" content=\"PT-DVXD204\" \/>\n<meta property=\"product:condition\" content=\"new\" \/>\n<!-- \/ Yoast SEO Premium plugin. -->","yoast_head_json":{"title":"Realistik Dildo - Esmer 24,5 Cm - Bursa Erotik Shop","robots":{"index":"index","follow":"follow","max-snippet":"max-snippet:-1","max-image-preview":"max-image-preview:large","max-video-preview":"max-video-preview:-1"},"canonical":"https:\/\/hobierotikshop.com.tr\/website1\/erotik-shop-urun\/realistik-dildo-esmer-245-cm\/","og_locale":"tr_TR","og_type":"article","og_title":"Realistik Dildo - Esmer 24,5 Cm","og_description":"Esmer Realistik Dildo, do\u011fal g\u00f6r\u00fcn\u00fcm\u00fc, ger\u00e7ek\u00e7i dokusu ve esmer tonu ile benzersiz bir deneyim sunar. Y\u00fcksek kaliteli, v\u00fccuda dost TPE malzemesi kullan\u0131larak \u00fcretilmi\u015f bu dildo, kokusuz yap\u0131s\u0131 ile g\u00fcvenli bir kullan\u0131m sa\u011flar. Esnek tasar\u0131m\u0131 sayesinde 180 derece b\u00fck\u00fclerek her pozisyonda rahatl\u0131kla kullan\u0131labilir. G\u00fc\u00e7l\u00fc vakum taban\u0131 ile p\u00fcr\u00fczs\u00fcz y\u00fczeylere kolayca tutunur ve ellersiz kullan\u0131m imkan\u0131 tan\u0131r. Su ge\u00e7irmez \u00f6zelli\u011fi sayesinde, temizli\u011fi son derece basit ve hijyeniktir.","og_url":"https:\/\/hobierotikshop.com.tr\/website1\/erotik-shop-urun\/realistik-dildo-esmer-245-cm\/","og_site_name":"Bursa Erotik Shop","article_modified_time":"2026-01-26T13:02:07+00:00","og_image":[{"width":1500,"height":1500,"url":"https:\/\/hobierotikshop.com.tr\/website1\/wp-content\/uploads\/2025\/03\/realistik-dildo-esmer-24-5-cm-2790.jpg","type":"image\/jpeg"}],"twitter_card":"summary_large_image","twitter_site":"@shopbursa","twitter_misc":{"Fiyat":"&#8378;1.800,00 KDV DAH\u0130L","Availability":"In stock"},"schema":{"@context":"https:\/\/schema.org","@graph":[{"@type":"WebPage","@id":"https:\/\/hobierotikshop.com.tr\/website1\/erotik-shop-urun\/realistik-dildo-esmer-245-cm\/","url":"https:\/\/hobierotikshop.com.tr\/website1\/erotik-shop-urun\/realistik-dildo-esmer-245-cm\/","name":"Realistik Dildo - Esmer 24,5 Cm - Bursa Erotik Shop","isPartOf":{"@id":"https:\/\/hobierotikshop.com.tr\/website1\/#website"},"primaryImageOfPage":{"@id":"https:\/\/hobierotikshop.com.tr\/website1\/erotik-shop-urun\/realistik-dildo-esmer-245-cm\/#primaryimage"},"image":{"@id":"https:\/\/hobierotikshop.com.tr\/website1\/erotik-shop-urun\/realistik-dildo-esmer-245-cm\/#primaryimage"},"thumbnailUrl":"https:\/\/haremerotikshop.com\/site\/wp-content\/uploads\/2025\/03\/realistik-dildo-esmer-24-5-cm-2790.jpg","datePublished":"2025-03-17T09:33:32+00:00","dateModified":"2026-01-26T13:02:07+00:00","breadcrumb":{"@id":"https:\/\/hobierotikshop.com.tr\/website1\/erotik-shop-urun\/realistik-dildo-esmer-245-cm\/#breadcrumb"},"inLanguage":"tr","potentialAction":[{"@type":"ReadAction","target":["https:\/\/hobierotikshop.com.tr\/website1\/erotik-shop-urun\/realistik-dildo-esmer-245-cm\/"]}]},{"@type":"ImageObject","inLanguage":"tr","@id":"https:\/\/hobierotikshop.com.tr\/website1\/erotik-shop-urun\/realistik-dildo-esmer-245-cm\/#primaryimage","url":"https:\/\/haremerotikshop.com\/site\/wp-content\/uploads\/2025\/03\/realistik-dildo-esmer-24-5-cm-2790.jpg","contentUrl":"https:\/\/haremerotikshop.com\/site\/wp-content\/uploads\/2025\/03\/realistik-dildo-esmer-24-5-cm-2790.jpg","width":1500,"height":1500},{"@type":"BreadcrumbList","@id":"https:\/\/hobierotikshop.com.tr\/website1\/erotik-shop-urun\/realistik-dildo-esmer-245-cm\/#breadcrumb","itemListElement":[{"@type":"ListItem","position":1,"name":"Anasayfa","item":"https:\/\/hobierotikshop.com.tr\/website1\/"},{"@type":"ListItem","position":2,"name":"Erotik Shop \u00dcr\u00fcnleri","item":"https:\/\/hobierotikshop.com.tr\/website1\/shop\/"},{"@type":"ListItem","position":3,"name":"Realistik Dildo &#8211; Esmer 24,5 Cm"}]},{"@type":"WebSite","@id":"https:\/\/hobierotikshop.com.tr\/website1\/#website","url":"https:\/\/hobierotikshop.com.tr\/website1\/","name":"Bursa Erotik Shop","description":"Bursa Erotik Shop ile g\u00fcvenli, gizli ve kaliteli yeti\u015fkin \u00fcr\u00fcnleri al\u0131\u015fveri\u015fi! Geni\u015f \u00fcr\u00fcn yelpazemizi ke\u015ffedin, hemen sipari\u015f verin","publisher":{"@id":"https:\/\/hobierotikshop.com.tr\/website1\/#organization"},"alternateName":"Erotik Shop","potentialAction":[{"@type":"SearchAction","target":{"@type":"EntryPoint","urlTemplate":"https:\/\/hobierotikshop.com.tr\/website1\/?s={search_term_string}"},"query-input":{"@type":"PropertyValueSpecification","valueRequired":true,"valueName":"search_term_string"}}],"inLanguage":"tr"},{"@type":"Organization","@id":"https:\/\/hobierotikshop.com.tr\/website1\/#organization","name":"Harem Bursa Erotik Shop","url":"https:\/\/hobierotikshop.com.tr\/website1\/","logo":{"@type":"ImageObject","inLanguage":"tr","@id":"https:\/\/hobierotikshop.com.tr\/website1\/#\/schema\/logo\/image\/","url":"https:\/\/haremerotikshop.com\/site\/wp-content\/uploads\/2025\/03\/haremsexshop.png","contentUrl":"https:\/\/haremerotikshop.com\/site\/wp-content\/uploads\/2025\/03\/haremsexshop.png","width":400,"height":100,"caption":"Harem Bursa Erotik Shop"},"image":{"@id":"https:\/\/hobierotikshop.com.tr\/website1\/#\/schema\/logo\/image\/"},"sameAs":["https:\/\/x.com\/shopbursa"],"publishingPrinciples":"https:\/\/hobierotikshop.com.tr\/website1\/mesafeli-satis-sozlesmesi\/","ownershipFundingInfo":"https:\/\/hobierotikshop.com.tr\/website1\/contact-us\/","actionableFeedbackPolicy":"https:\/\/hobierotikshop.com.tr\/website1\/contact-us\/","correctionsPolicy":"https:\/\/hobierotikshop.com.tr\/website1\/mesafeli-satis-sozlesmesi\/"}]},"product_brand":"Pembe Tilki","product_price_amount":"1800.00","product_price_currency":"TRY","og_availability":"instock","product_availability":"instock","product_retailer_item_id":"PT-DVXD204","product_condition":"new"},"_links":{"self":[{"href":"https:\/\/haremerotikshop.com\/site\/wp-json\/wp\/v2\/product\/19398","targetHints":{"allow":["GET"]}}],"collection":[{"href":"https:\/\/haremerotikshop.com\/site\/wp-json\/wp\/v2\/product"}],"about":[{"href":"https:\/\/haremerotikshop.com\/site\/wp-json\/wp\/v2\/types\/product"}],"replies":[{"embeddable":true,"href":"https:\/\/haremerotikshop.com\/site\/wp-json\/wp\/v2\/comments?post=19398"}],"version-history":[{"count":0,"href":"https:\/\/haremerotikshop.com\/site\/wp-json\/wp\/v2\/product\/19398\/revisions"}],"wp:featuredmedia":[{"embeddable":true,"href":"https:\/\/haremerotikshop.com\/site\/wp-json\/wp\/v2\/media\/19480"}],"wp:attachment":[{"href":"https:\/\/haremerotikshop.com\/site\/wp-json\/wp\/v2\/media?parent=19398"}],"wp:term":[{"taxonomy":"product_brand","embeddable":true,"href":"https:\/\/haremerotikshop.com\/site\/wp-json\/wp\/v2\/product_brand?post=19398"},{"taxonomy":"product_cat","embeddable":true,"href":"https:\/\/haremerotikshop.com\/site\/wp-json\/wp\/v2\/product_cat?post=19398"},{"taxonomy":"product_tag","embeddable":true,"href":"https:\/\/haremerotikshop.com\/site\/wp-json\/wp\/v2\/product_tag?post=19398"}],"curies":[{"name":"wp","href":"https:\/\/api.w.org\/{rel}","templated":true}]}}