{"id":19417,"date":"2025-03-17T12:33:56","date_gmt":"2025-03-17T09:33:56","guid":{"rendered":"https:\/\/haremerotikshop.com\/site\/?post_type=product&#038;p=19417"},"modified":"2026-01-26T16:01:43","modified_gmt":"2026-01-26T13:01:43","slug":"gercekci-dildo-205-cm","status":"publish","type":"product","link":"https:\/\/haremerotikshop.com\/site\/erotik-shop-urun\/gercekci-dildo-205-cm\/","title":{"rendered":"Ger\u00e7ek\u00e7i Dildo &#8211; 20,5 Cm"},"content":{"rendered":"<h3 data-start=\"58\" data-end=\"128\"><strong data-start=\"62\" data-end=\"128\">Ger\u00e7ek\u00e7i Deneyim, Maksimum Tatmin: Pembe Tilki Realistik Dildo<\/strong><\/h3>\n<p data-start=\"130\" data-end=\"636\"><strong data-start=\"130\" data-end=\"161\">Pembe Tilki Realistik Dildo<\/strong>, yumu\u015fak dokusu, anatomik detaylar\u0131 ve do\u011fal g\u00f6r\u00fcn\u00fcm\u00fc ile en \u00fcst d\u00fczeyde ger\u00e7ek\u00e7i bir deneyim sunar. <strong data-start=\"263\" data-end=\"302\">Y\u00fcksek kaliteli, cilt dostu silikon<\/strong> malzeme kullan\u0131larak \u00fcretilen bu \u00fcr\u00fcn, her kullan\u0131mda size <strong data-start=\"362\" data-end=\"381\">maksimum tatmin<\/strong> sa\u011flamak i\u00e7in tasarlanm\u0131\u015ft\u0131r. <strong data-start=\"412\" data-end=\"428\">Esnek yap\u0131s\u0131<\/strong> sayesinde 180 dereceye kadar b\u00fck\u00fclebilir, v\u00fccut formunuza m\u00fckemmel uyum sa\u011flar. Ayr\u0131ca, g\u00fc\u00e7l\u00fc <strong data-start=\"523\" data-end=\"539\">vakum taban\u0131<\/strong> sayesinde <strong data-start=\"550\" data-end=\"571\">ellersiz kullan\u0131m<\/strong> imkan\u0131 sunar ve \u00e7e\u015fitli pozisyonlarda rahatl\u0131kla kullan\u0131labilir.<\/p>\n<h3 data-start=\"638\" data-end=\"667\"><strong data-start=\"642\" data-end=\"667\">\u00d6ne \u00c7\u0131kan \u00d6zellikler:<\/strong><\/h3>\n<h4 data-start=\"669\" data-end=\"695\"><strong data-start=\"674\" data-end=\"695\">Boyut ve Tasar\u0131m:<\/strong><\/h4>\n<ul data-start=\"696\" data-end=\"1020\">\n<li data-start=\"696\" data-end=\"756\"><strong data-start=\"698\" data-end=\"717\">Toplam Uzunluk:<\/strong> 20.5 cm (15 cm kullan\u0131labilir uzunluk)<\/li>\n<li data-start=\"757\" data-end=\"774\"><strong data-start=\"759\" data-end=\"767\">\u00c7ap:<\/strong> 3.7 cm<\/li>\n<li data-start=\"775\" data-end=\"827\"><strong data-start=\"777\" data-end=\"789\">A\u011f\u0131rl\u0131k:<\/strong> 313 g (Dolgun his i\u00e7in ideal a\u011f\u0131rl\u0131k)<\/li>\n<li data-start=\"828\" data-end=\"905\"><strong data-start=\"830\" data-end=\"842\">Malzeme:<\/strong> Kokusuz, <strong data-start=\"852\" data-end=\"874\">FDA onayl\u0131 silikon<\/strong>, cilt dostu ve toksik olmayan.<\/li>\n<li data-start=\"906\" data-end=\"1020\"><strong data-start=\"908\" data-end=\"920\">Tasar\u0131m:<\/strong> Ger\u00e7ek\u00e7i damar yap\u0131s\u0131, belirgin ba\u015f k\u0131sm\u0131 ve do\u011fal testis detaylar\u0131 ile m\u00fckemmel bir deneyim sunar.<\/li>\n<\/ul>\n<h4 data-start=\"1022\" data-end=\"1062\"><strong data-start=\"1027\" data-end=\"1062\">Kullan\u0131m Kolayl\u0131\u011f\u0131 ve Esneklik:<\/strong><\/h4>\n<ul data-start=\"1063\" data-end=\"1343\">\n<li data-start=\"1063\" data-end=\"1196\"><strong data-start=\"1065\" data-end=\"1092\">180 Derece B\u00fck\u00fclebilir:<\/strong> \u00dcr\u00fcn esnek yap\u0131s\u0131 sayesinde v\u00fccut \u015feklinize m\u00fckemmel uyum sa\u011flar. Hi\u00e7bir k\u0131r\u0131lma ya da y\u0131pranma yapmaz.<\/li>\n<li data-start=\"1197\" data-end=\"1343\"><strong data-start=\"1199\" data-end=\"1222\">G\u00fc\u00e7l\u00fc Vakum Taban\u0131:<\/strong> Duvar, banyo, sandalye veya d\u00fcz y\u00fczeylere tutunarak <strong data-start=\"1275\" data-end=\"1296\">ellersiz kullan\u0131m<\/strong> sa\u011flar. Bu, \u00f6zg\u00fcr bir kullan\u0131m deneyimi sunar.<\/li>\n<\/ul>\n<h4 data-start=\"1345\" data-end=\"1370\"><strong data-start=\"1350\" data-end=\"1370\">Hijyen ve Bak\u0131m:<\/strong><\/h4>\n<ul data-start=\"1371\" data-end=\"1665\">\n<li data-start=\"1371\" data-end=\"1526\"><strong data-start=\"1373\" data-end=\"1394\">%100 Su Ge\u00e7irmez:<\/strong> \u00dcr\u00fcn tamamen su ge\u00e7irmezdir, bu da du\u015fta ve banyo gibi nemli alanlarda kullan\u0131m\u0131 kolayla\u015ft\u0131r\u0131r. Ayr\u0131ca, temizli\u011fi olduk\u00e7a basittir.<\/li>\n<li data-start=\"1527\" data-end=\"1665\"><strong data-start=\"1529\" data-end=\"1552\">Kokusuz ve G\u00fcvenli:<\/strong> \u00dcr\u00fcn, k\u00f6t\u00fc koku bar\u0131nd\u0131rmaz ve <strong data-start=\"1584\" data-end=\"1601\">oral kullan\u0131m<\/strong> i\u00e7in uygundur. <strong data-start=\"1617\" data-end=\"1635\">Toksik olmayan<\/strong> malzeme, sa\u011fl\u0131\u011f\u0131n\u0131z\u0131 \u00f6nemser.<\/li>\n<\/ul>\n<h3 data-start=\"1667\" data-end=\"1686\"><strong data-start=\"1671\" data-end=\"1686\">Avantajlar:<\/strong><\/h3>\n<ol data-start=\"1688\" data-end=\"2528\">\n<li data-start=\"1688\" data-end=\"1836\">\n<p data-start=\"1691\" data-end=\"1836\"><strong data-start=\"1691\" data-end=\"1712\">Ger\u00e7ek\u00e7i Tasar\u0131m:<\/strong> Pembe Tilki realistik dildo, belirgin damar yap\u0131s\u0131, ger\u00e7ek\u00e7i ba\u015f k\u0131sm\u0131 ve do\u011fal testis detaylar\u0131 ile maksimum tatmin sunar.<\/p>\n<\/li>\n<li data-start=\"1841\" data-end=\"2031\">\n<p data-start=\"1844\" data-end=\"2031\"><strong data-start=\"1844\" data-end=\"1867\">Esnek ve Dayan\u0131kl\u0131:<\/strong> 180 dereceye kadar b\u00fck\u00fclebilen yap\u0131s\u0131 sayesinde uzun s\u00fcreli kullan\u0131mda bile deforme olmaz. <strong data-start=\"1959\" data-end=\"1980\">Dayan\u0131kl\u0131 silikon<\/strong> malzeme sayesinde y\u0131llarca g\u00fcvenle kullan\u0131labilir.<\/p>\n<\/li>\n<li data-start=\"2033\" data-end=\"2211\">\n<p data-start=\"2036\" data-end=\"2211\"><strong data-start=\"2036\" data-end=\"2063\">Eller Serbest Kullan\u0131m:<\/strong> G\u00fc\u00e7l\u00fc vakum taban\u0131, istedi\u011finiz y\u00fczeye kolayca yap\u0131\u015farak ellerinizi \u00f6zg\u00fcr b\u0131rak\u0131r. <strong data-start=\"2147\" data-end=\"2169\">\u00c7e\u015fitli y\u00fczeylerde<\/strong> kullanabilece\u011finiz \u00e7ok y\u00f6nl\u00fc bir tasar\u0131m.<\/p>\n<\/li>\n<li data-start=\"2213\" data-end=\"2363\">\n<p data-start=\"2216\" data-end=\"2363\"><strong data-start=\"2216\" data-end=\"2235\">Kolay Temizlik:<\/strong> <strong data-start=\"2236\" data-end=\"2259\">Su ge\u00e7irmez \u00f6zellik<\/strong> sayesinde, kullan\u0131m sonras\u0131 temizli\u011fi son derece kolayd\u0131r. Hijyenik ve sa\u011fl\u0131kl\u0131 bir deneyim i\u00e7in ideal.<\/p>\n<\/li>\n<li data-start=\"2365\" data-end=\"2528\">\n<p data-start=\"2368\" data-end=\"2528\"><strong data-start=\"2368\" data-end=\"2392\">Hijyenik ve G\u00fcvenli:<\/strong> Kokusuz, <strong data-start=\"2402\" data-end=\"2424\">FDA onayl\u0131 silikon<\/strong> malzeme kullan\u0131larak \u00fcretilmi\u015ftir. Sa\u011fl\u0131\u011f\u0131n\u0131z i\u00e7in g\u00fcvenli, toksik olmayan ve <strong data-start=\"2503\" data-end=\"2527\">oral kullan\u0131ma uygun<\/strong>.<\/p>\n<\/li>\n<\/ol>\n<h3 data-start=\"2530\" data-end=\"2572\"><strong data-start=\"2534\" data-end=\"2572\">Neden Pembe Tilki Realistik Dildo?<\/strong><\/h3>\n<ul data-start=\"2574\" data-end=\"2967\">\n<li data-start=\"2574\" data-end=\"2690\"><strong data-start=\"2576\" data-end=\"2612\">Maksimum Tatmin \u0130\u00e7in Tasarland\u0131:<\/strong> Ger\u00e7ek\u00e7i tasar\u0131m\u0131 ile her kullan\u0131mda do\u011fal ve tatmin edici bir deneyim sunar.<\/li>\n<li data-start=\"2691\" data-end=\"2828\"><strong data-start=\"2693\" data-end=\"2716\">Cilt Dostu Malzeme:<\/strong> Toksik olmayan, <strong data-start=\"2733\" data-end=\"2755\">FDA onayl\u0131 silikon<\/strong> malzeme, cildinize zarar vermez. Sa\u011fl\u0131k a\u00e7\u0131s\u0131ndan son derece g\u00fcvenlidir.<\/li>\n<li data-start=\"2829\" data-end=\"2967\"><strong data-start=\"2831\" data-end=\"2854\">\u00c7ok Y\u00f6nl\u00fc Kullan\u0131m:<\/strong> Farkl\u0131 pozisyonlar ve y\u00fczeylerde kullan\u0131labilir. <strong data-start=\"2904\" data-end=\"2925\">Ellersiz kullan\u0131m<\/strong> sayesinde daha \u00f6zg\u00fcr bir deneyim ya\u015fat\u0131r.<\/li>\n<\/ul>\n<h3 data-start=\"2969\" data-end=\"3016\"><strong data-start=\"2973\" data-end=\"3016\">S\u0131n\u0131rlar\u0131 Zorlay\u0131n, Kendinizi \u015e\u0131mart\u0131n!<\/strong><\/h3>\n<p data-start=\"3018\" data-end=\"3380\"><strong data-start=\"3018\" data-end=\"3049\">Pembe Tilki Realistik Dildo<\/strong>, ger\u00e7ek\u00e7i tasar\u0131m\u0131 ve ergonomik yap\u0131s\u0131 ile benzersiz bir tatmin deneyimi sunar. Ger\u00e7ek\u00e7i damar yap\u0131s\u0131, do\u011fal testisler ve g\u00fc\u00e7l\u00fc vakum taban\u0131 sayesinde her pozisyonda <strong data-start=\"3216\" data-end=\"3250\">konforlu ve \u00f6zg\u00fcr bir kullan\u0131m<\/strong> sa\u011flar. \u015eimdi <strong data-start=\"3265\" data-end=\"3280\">Pembe Tilki<\/strong> ile kendinizi \u015f\u0131martma zaman\u0131d\u0131r! <strong data-start=\"3315\" data-end=\"3354\">Yeni bir zevk ve rahatlama deneyimi<\/strong> i\u00e7in hemen sipari\u015f verin!<\/p>\n<hr data-start=\"3382\" data-end=\"3385\" \/>\n<p data-start=\"3387\" data-end=\"3578\" data-is-last-node=\"\" data-is-only-node=\"\"><strong data-start=\"3387\" data-end=\"3418\">Pembe Tilki Realistik Dildo<\/strong>, her a\u00e7\u0131dan <strong data-start=\"3431\" data-end=\"3447\">ger\u00e7ek\u00e7i his<\/strong> arayan kullan\u0131c\u0131lar i\u00e7in m\u00fckemmel bir se\u00e7imdir. <strong data-start=\"3496\" data-end=\"3523\">Y\u00fcksek kaliteli malzeme<\/strong> ve <strong data-start=\"3527\" data-end=\"3547\">geli\u015fmi\u015f tasar\u0131m<\/strong> ile tatminin zirvesine ula\u015f\u0131n!<\/p>\n","protected":false},"excerpt":{"rendered":"<p><strong data-start=\"130\" data-end=\"161\">Pembe Tilki Realistik Dildo<\/strong>, yumu\u015fak dokusu, anatomik detaylar\u0131 ve do\u011fal g\u00f6r\u00fcn\u00fcm\u00fc ile en \u00fcst d\u00fczeyde ger\u00e7ek\u00e7i bir deneyim sunar. <strong data-start=\"263\" data-end=\"302\">Y\u00fcksek kaliteli, cilt dostu silikon<\/strong> malzeme kullan\u0131larak \u00fcretilen bu \u00fcr\u00fcn, her kullan\u0131mda size <strong data-start=\"362\" data-end=\"381\">maksimum tatmin<\/strong> sa\u011flamak i\u00e7in tasarlanm\u0131\u015ft\u0131r. <strong data-start=\"412\" data-end=\"428\">Esnek yap\u0131s\u0131<\/strong> sayesinde 180 dereceye kadar b\u00fck\u00fclebilir, v\u00fccut formunuza m\u00fckemmel uyum sa\u011flar. Ayr\u0131ca, g\u00fc\u00e7l\u00fc <strong data-start=\"523\" data-end=\"539\">vakum taban\u0131<\/strong> sayesinde <strong data-start=\"550\" data-end=\"571\">ellersiz kullan\u0131m<\/strong> imkan\u0131 sunar ve \u00e7e\u015fitli pozisyonlarda rahatl\u0131kla kullan\u0131labilir.<\/p>\n","protected":false},"featured_media":19500,"comment_status":"open","ping_status":"closed","template":"","meta":[],"product_brand":[127],"product_cat":[96],"product_tag":[97,331],"class_list":{"0":"post-19417","1":"product","2":"type-product","3":"status-publish","4":"has-post-thumbnail","6":"product_brand-pembe-tilki","7":"product_cat-realistik-dildo","8":"product_tag-5-cm","9":"product_tag-gercekci-dildo-20","11":"first","12":"instock","13":"taxable","14":"shipping-taxable","15":"purchasable","16":"product-type-simple"},"yoast_head":"<!-- This site is optimized with the Yoast SEO Premium plugin v24.4 (Yoast SEO v27.1.1) - https:\/\/yoast.com\/product\/yoast-seo-premium-wordpress\/ -->\n<title>Ger\u00e7ek\u00e7i Dildo - 20,5 Cm - Bursa Erotik Shop<\/title>\n<meta name=\"robots\" content=\"index, follow, max-snippet:-1, max-image-preview:large, max-video-preview:-1\" \/>\n<link rel=\"canonical\" href=\"https:\/\/hobierotikshop.com.tr\/website1\/erotik-shop-urun\/gercekci-dildo-205-cm\/\" \/>\n<meta property=\"og:locale\" content=\"tr_TR\" \/>\n<meta property=\"og:type\" content=\"article\" \/>\n<meta property=\"og:title\" content=\"Ger\u00e7ek\u00e7i Dildo - 20,5 Cm\" \/>\n<meta property=\"og:description\" content=\"Pembe Tilki Realistik Dildo, yumu\u015fak dokusu, anatomik detaylar\u0131 ve do\u011fal g\u00f6r\u00fcn\u00fcm\u00fc ile en \u00fcst d\u00fczeyde ger\u00e7ek\u00e7i bir deneyim sunar. Y\u00fcksek kaliteli, cilt dostu silikon malzeme kullan\u0131larak \u00fcretilen bu \u00fcr\u00fcn, her kullan\u0131mda size maksimum tatmin sa\u011flamak i\u00e7in tasarlanm\u0131\u015ft\u0131r. Esnek yap\u0131s\u0131 sayesinde 180 dereceye kadar b\u00fck\u00fclebilir, v\u00fccut formunuza m\u00fckemmel uyum sa\u011flar. Ayr\u0131ca, g\u00fc\u00e7l\u00fc vakum taban\u0131 sayesinde ellersiz kullan\u0131m imkan\u0131 sunar ve \u00e7e\u015fitli pozisyonlarda rahatl\u0131kla kullan\u0131labilir.\" \/>\n<meta property=\"og:url\" content=\"https:\/\/hobierotikshop.com.tr\/website1\/erotik-shop-urun\/gercekci-dildo-205-cm\/\" \/>\n<meta property=\"og:site_name\" content=\"Bursa Erotik Shop\" \/>\n<meta property=\"article:modified_time\" content=\"2026-01-26T13:01:43+00:00\" \/>\n<meta property=\"og:image\" content=\"https:\/\/hobierotikshop.com.tr\/website1\/wp-content\/uploads\/2025\/03\/gercekci-dildo-20-5-cm-2847.jpg\" \/>\n\t<meta property=\"og:image:width\" content=\"1500\" \/>\n\t<meta property=\"og:image:height\" content=\"1500\" \/>\n\t<meta property=\"og:image:type\" content=\"image\/jpeg\" \/>\n<meta name=\"twitter:card\" content=\"summary_large_image\" \/>\n<meta name=\"twitter:site\" content=\"@shopbursa\" \/>\n<meta name=\"twitter:label1\" content=\"Fiyat\" \/>\n\t<meta name=\"twitter:data1\" content=\"&#8378;1.800,00 KDV DAH\u0130L\" \/>\n\t<meta name=\"twitter:label2\" content=\"Availability\" \/>\n\t<meta name=\"twitter:data2\" content=\"In stock\" \/>\n<script type=\"application\/ld+json\" class=\"yoast-schema-graph\">{\"@context\":\"https:\/\/schema.org\",\"@graph\":[{\"@type\":\"WebPage\",\"@id\":\"https:\/\/hobierotikshop.com.tr\/website1\/erotik-shop-urun\/gercekci-dildo-205-cm\/\",\"url\":\"https:\/\/hobierotikshop.com.tr\/website1\/erotik-shop-urun\/gercekci-dildo-205-cm\/\",\"name\":\"Ger\u00e7ek\u00e7i Dildo - 20,5 Cm - Bursa Erotik Shop\",\"isPartOf\":{\"@id\":\"https:\/\/hobierotikshop.com.tr\/website1\/#website\"},\"primaryImageOfPage\":{\"@id\":\"https:\/\/hobierotikshop.com.tr\/website1\/erotik-shop-urun\/gercekci-dildo-205-cm\/#primaryimage\"},\"image\":{\"@id\":\"https:\/\/hobierotikshop.com.tr\/website1\/erotik-shop-urun\/gercekci-dildo-205-cm\/#primaryimage\"},\"thumbnailUrl\":\"https:\/\/haremerotikshop.com\/site\/wp-content\/uploads\/2025\/03\/gercekci-dildo-20-5-cm-2847.jpg\",\"datePublished\":\"2025-03-17T09:33:56+00:00\",\"dateModified\":\"2026-01-26T13:01:43+00:00\",\"breadcrumb\":{\"@id\":\"https:\/\/hobierotikshop.com.tr\/website1\/erotik-shop-urun\/gercekci-dildo-205-cm\/#breadcrumb\"},\"inLanguage\":\"tr\",\"potentialAction\":[{\"@type\":\"ReadAction\",\"target\":[\"https:\/\/hobierotikshop.com.tr\/website1\/erotik-shop-urun\/gercekci-dildo-205-cm\/\"]}]},{\"@type\":\"ImageObject\",\"inLanguage\":\"tr\",\"@id\":\"https:\/\/hobierotikshop.com.tr\/website1\/erotik-shop-urun\/gercekci-dildo-205-cm\/#primaryimage\",\"url\":\"https:\/\/haremerotikshop.com\/site\/wp-content\/uploads\/2025\/03\/gercekci-dildo-20-5-cm-2847.jpg\",\"contentUrl\":\"https:\/\/haremerotikshop.com\/site\/wp-content\/uploads\/2025\/03\/gercekci-dildo-20-5-cm-2847.jpg\",\"width\":1500,\"height\":1500},{\"@type\":\"BreadcrumbList\",\"@id\":\"https:\/\/hobierotikshop.com.tr\/website1\/erotik-shop-urun\/gercekci-dildo-205-cm\/#breadcrumb\",\"itemListElement\":[{\"@type\":\"ListItem\",\"position\":1,\"name\":\"Anasayfa\",\"item\":\"https:\/\/hobierotikshop.com.tr\/website1\/\"},{\"@type\":\"ListItem\",\"position\":2,\"name\":\"Erotik Shop \u00dcr\u00fcnleri\",\"item\":\"https:\/\/hobierotikshop.com.tr\/website1\/shop\/\"},{\"@type\":\"ListItem\",\"position\":3,\"name\":\"Ger\u00e7ek\u00e7i Dildo &#8211; 20,5 Cm\"}]},{\"@type\":\"WebSite\",\"@id\":\"https:\/\/hobierotikshop.com.tr\/website1\/#website\",\"url\":\"https:\/\/hobierotikshop.com.tr\/website1\/\",\"name\":\"Bursa Erotik Shop\",\"description\":\"Bursa Erotik Shop ile g\u00fcvenli, gizli ve kaliteli yeti\u015fkin \u00fcr\u00fcnleri al\u0131\u015fveri\u015fi! Geni\u015f \u00fcr\u00fcn yelpazemizi ke\u015ffedin, hemen sipari\u015f verin\",\"publisher\":{\"@id\":\"https:\/\/hobierotikshop.com.tr\/website1\/#organization\"},\"alternateName\":\"Erotik Shop\",\"potentialAction\":[{\"@type\":\"SearchAction\",\"target\":{\"@type\":\"EntryPoint\",\"urlTemplate\":\"https:\/\/hobierotikshop.com.tr\/website1\/?s={search_term_string}\"},\"query-input\":{\"@type\":\"PropertyValueSpecification\",\"valueRequired\":true,\"valueName\":\"search_term_string\"}}],\"inLanguage\":\"tr\"},{\"@type\":\"Organization\",\"@id\":\"https:\/\/hobierotikshop.com.tr\/website1\/#organization\",\"name\":\"Harem Bursa Erotik Shop\",\"url\":\"https:\/\/hobierotikshop.com.tr\/website1\/\",\"logo\":{\"@type\":\"ImageObject\",\"inLanguage\":\"tr\",\"@id\":\"https:\/\/hobierotikshop.com.tr\/website1\/#\/schema\/logo\/image\/\",\"url\":\"https:\/\/haremerotikshop.com\/site\/wp-content\/uploads\/2025\/03\/haremsexshop.png\",\"contentUrl\":\"https:\/\/haremerotikshop.com\/site\/wp-content\/uploads\/2025\/03\/haremsexshop.png\",\"width\":400,\"height\":100,\"caption\":\"Harem Bursa Erotik Shop\"},\"image\":{\"@id\":\"https:\/\/hobierotikshop.com.tr\/website1\/#\/schema\/logo\/image\/\"},\"sameAs\":[\"https:\/\/x.com\/shopbursa\"],\"publishingPrinciples\":\"https:\/\/hobierotikshop.com.tr\/website1\/mesafeli-satis-sozlesmesi\/\",\"ownershipFundingInfo\":\"https:\/\/hobierotikshop.com.tr\/website1\/contact-us\/\",\"actionableFeedbackPolicy\":\"https:\/\/hobierotikshop.com.tr\/website1\/contact-us\/\",\"correctionsPolicy\":\"https:\/\/hobierotikshop.com.tr\/website1\/mesafeli-satis-sozlesmesi\/\"}]}<\/script>\n<meta property=\"product:brand\" content=\"Pembe Tilki\" \/>\n<meta property=\"product:price:amount\" content=\"1800.00\" \/>\n<meta property=\"product:price:currency\" content=\"TRY\" \/>\n<meta property=\"og:availability\" content=\"instock\" \/>\n<meta property=\"product:availability\" content=\"instock\" \/>\n<meta property=\"product:retailer_item_id\" content=\"PT-DVXD239\" \/>\n<meta property=\"product:condition\" content=\"new\" \/>\n<!-- \/ Yoast SEO Premium plugin. -->","yoast_head_json":{"title":"Ger\u00e7ek\u00e7i Dildo - 20,5 Cm - Bursa Erotik Shop","robots":{"index":"index","follow":"follow","max-snippet":"max-snippet:-1","max-image-preview":"max-image-preview:large","max-video-preview":"max-video-preview:-1"},"canonical":"https:\/\/hobierotikshop.com.tr\/website1\/erotik-shop-urun\/gercekci-dildo-205-cm\/","og_locale":"tr_TR","og_type":"article","og_title":"Ger\u00e7ek\u00e7i Dildo - 20,5 Cm","og_description":"Pembe Tilki Realistik Dildo, yumu\u015fak dokusu, anatomik detaylar\u0131 ve do\u011fal g\u00f6r\u00fcn\u00fcm\u00fc ile en \u00fcst d\u00fczeyde ger\u00e7ek\u00e7i bir deneyim sunar. Y\u00fcksek kaliteli, cilt dostu silikon malzeme kullan\u0131larak \u00fcretilen bu \u00fcr\u00fcn, her kullan\u0131mda size maksimum tatmin sa\u011flamak i\u00e7in tasarlanm\u0131\u015ft\u0131r. Esnek yap\u0131s\u0131 sayesinde 180 dereceye kadar b\u00fck\u00fclebilir, v\u00fccut formunuza m\u00fckemmel uyum sa\u011flar. Ayr\u0131ca, g\u00fc\u00e7l\u00fc vakum taban\u0131 sayesinde ellersiz kullan\u0131m imkan\u0131 sunar ve \u00e7e\u015fitli pozisyonlarda rahatl\u0131kla kullan\u0131labilir.","og_url":"https:\/\/hobierotikshop.com.tr\/website1\/erotik-shop-urun\/gercekci-dildo-205-cm\/","og_site_name":"Bursa Erotik Shop","article_modified_time":"2026-01-26T13:01:43+00:00","og_image":[{"width":1500,"height":1500,"url":"https:\/\/hobierotikshop.com.tr\/website1\/wp-content\/uploads\/2025\/03\/gercekci-dildo-20-5-cm-2847.jpg","type":"image\/jpeg"}],"twitter_card":"summary_large_image","twitter_site":"@shopbursa","twitter_misc":{"Fiyat":"&#8378;1.800,00 KDV DAH\u0130L","Availability":"In stock"},"schema":{"@context":"https:\/\/schema.org","@graph":[{"@type":"WebPage","@id":"https:\/\/hobierotikshop.com.tr\/website1\/erotik-shop-urun\/gercekci-dildo-205-cm\/","url":"https:\/\/hobierotikshop.com.tr\/website1\/erotik-shop-urun\/gercekci-dildo-205-cm\/","name":"Ger\u00e7ek\u00e7i Dildo - 20,5 Cm - Bursa Erotik Shop","isPartOf":{"@id":"https:\/\/hobierotikshop.com.tr\/website1\/#website"},"primaryImageOfPage":{"@id":"https:\/\/hobierotikshop.com.tr\/website1\/erotik-shop-urun\/gercekci-dildo-205-cm\/#primaryimage"},"image":{"@id":"https:\/\/hobierotikshop.com.tr\/website1\/erotik-shop-urun\/gercekci-dildo-205-cm\/#primaryimage"},"thumbnailUrl":"https:\/\/haremerotikshop.com\/site\/wp-content\/uploads\/2025\/03\/gercekci-dildo-20-5-cm-2847.jpg","datePublished":"2025-03-17T09:33:56+00:00","dateModified":"2026-01-26T13:01:43+00:00","breadcrumb":{"@id":"https:\/\/hobierotikshop.com.tr\/website1\/erotik-shop-urun\/gercekci-dildo-205-cm\/#breadcrumb"},"inLanguage":"tr","potentialAction":[{"@type":"ReadAction","target":["https:\/\/hobierotikshop.com.tr\/website1\/erotik-shop-urun\/gercekci-dildo-205-cm\/"]}]},{"@type":"ImageObject","inLanguage":"tr","@id":"https:\/\/hobierotikshop.com.tr\/website1\/erotik-shop-urun\/gercekci-dildo-205-cm\/#primaryimage","url":"https:\/\/haremerotikshop.com\/site\/wp-content\/uploads\/2025\/03\/gercekci-dildo-20-5-cm-2847.jpg","contentUrl":"https:\/\/haremerotikshop.com\/site\/wp-content\/uploads\/2025\/03\/gercekci-dildo-20-5-cm-2847.jpg","width":1500,"height":1500},{"@type":"BreadcrumbList","@id":"https:\/\/hobierotikshop.com.tr\/website1\/erotik-shop-urun\/gercekci-dildo-205-cm\/#breadcrumb","itemListElement":[{"@type":"ListItem","position":1,"name":"Anasayfa","item":"https:\/\/hobierotikshop.com.tr\/website1\/"},{"@type":"ListItem","position":2,"name":"Erotik Shop \u00dcr\u00fcnleri","item":"https:\/\/hobierotikshop.com.tr\/website1\/shop\/"},{"@type":"ListItem","position":3,"name":"Ger\u00e7ek\u00e7i Dildo &#8211; 20,5 Cm"}]},{"@type":"WebSite","@id":"https:\/\/hobierotikshop.com.tr\/website1\/#website","url":"https:\/\/hobierotikshop.com.tr\/website1\/","name":"Bursa Erotik Shop","description":"Bursa Erotik Shop ile g\u00fcvenli, gizli ve kaliteli yeti\u015fkin \u00fcr\u00fcnleri al\u0131\u015fveri\u015fi! Geni\u015f \u00fcr\u00fcn yelpazemizi ke\u015ffedin, hemen sipari\u015f verin","publisher":{"@id":"https:\/\/hobierotikshop.com.tr\/website1\/#organization"},"alternateName":"Erotik Shop","potentialAction":[{"@type":"SearchAction","target":{"@type":"EntryPoint","urlTemplate":"https:\/\/hobierotikshop.com.tr\/website1\/?s={search_term_string}"},"query-input":{"@type":"PropertyValueSpecification","valueRequired":true,"valueName":"search_term_string"}}],"inLanguage":"tr"},{"@type":"Organization","@id":"https:\/\/hobierotikshop.com.tr\/website1\/#organization","name":"Harem Bursa Erotik Shop","url":"https:\/\/hobierotikshop.com.tr\/website1\/","logo":{"@type":"ImageObject","inLanguage":"tr","@id":"https:\/\/hobierotikshop.com.tr\/website1\/#\/schema\/logo\/image\/","url":"https:\/\/haremerotikshop.com\/site\/wp-content\/uploads\/2025\/03\/haremsexshop.png","contentUrl":"https:\/\/haremerotikshop.com\/site\/wp-content\/uploads\/2025\/03\/haremsexshop.png","width":400,"height":100,"caption":"Harem Bursa Erotik Shop"},"image":{"@id":"https:\/\/hobierotikshop.com.tr\/website1\/#\/schema\/logo\/image\/"},"sameAs":["https:\/\/x.com\/shopbursa"],"publishingPrinciples":"https:\/\/hobierotikshop.com.tr\/website1\/mesafeli-satis-sozlesmesi\/","ownershipFundingInfo":"https:\/\/hobierotikshop.com.tr\/website1\/contact-us\/","actionableFeedbackPolicy":"https:\/\/hobierotikshop.com.tr\/website1\/contact-us\/","correctionsPolicy":"https:\/\/hobierotikshop.com.tr\/website1\/mesafeli-satis-sozlesmesi\/"}]},"product_brand":"Pembe Tilki","product_price_amount":"1800.00","product_price_currency":"TRY","og_availability":"instock","product_availability":"instock","product_retailer_item_id":"PT-DVXD239","product_condition":"new"},"_links":{"self":[{"href":"https:\/\/haremerotikshop.com\/site\/wp-json\/wp\/v2\/product\/19417","targetHints":{"allow":["GET"]}}],"collection":[{"href":"https:\/\/haremerotikshop.com\/site\/wp-json\/wp\/v2\/product"}],"about":[{"href":"https:\/\/haremerotikshop.com\/site\/wp-json\/wp\/v2\/types\/product"}],"replies":[{"embeddable":true,"href":"https:\/\/haremerotikshop.com\/site\/wp-json\/wp\/v2\/comments?post=19417"}],"version-history":[{"count":0,"href":"https:\/\/haremerotikshop.com\/site\/wp-json\/wp\/v2\/product\/19417\/revisions"}],"wp:featuredmedia":[{"embeddable":true,"href":"https:\/\/haremerotikshop.com\/site\/wp-json\/wp\/v2\/media\/19500"}],"wp:attachment":[{"href":"https:\/\/haremerotikshop.com\/site\/wp-json\/wp\/v2\/media?parent=19417"}],"wp:term":[{"taxonomy":"product_brand","embeddable":true,"href":"https:\/\/haremerotikshop.com\/site\/wp-json\/wp\/v2\/product_brand?post=19417"},{"taxonomy":"product_cat","embeddable":true,"href":"https:\/\/haremerotikshop.com\/site\/wp-json\/wp\/v2\/product_cat?post=19417"},{"taxonomy":"product_tag","embeddable":true,"href":"https:\/\/haremerotikshop.com\/site\/wp-json\/wp\/v2\/product_tag?post=19417"}],"curies":[{"name":"wp","href":"https:\/\/api.w.org\/{rel}","templated":true}]}}