{"id":19418,"date":"2025-03-17T12:33:56","date_gmt":"2025-03-17T09:33:56","guid":{"rendered":"https:\/\/haremerotikshop.com\/site\/?post_type=product&#038;p=19418"},"modified":"2026-01-26T16:01:55","modified_gmt":"2026-01-26T13:01:55","slug":"gercekci-dildo-22cm","status":"publish","type":"product","link":"https:\/\/haremerotikshop.com\/site\/erotik-shop-urun\/gercekci-dildo-22cm\/","title":{"rendered":"Ger\u00e7ek\u00e7i Dildo &#8211; 22Cm"},"content":{"rendered":"<h3 data-start=\"58\" data-end=\"128\"><strong data-start=\"62\" data-end=\"128\">Ger\u00e7ek\u00e7i Deneyim ve \u00dcst\u00fcn Tatmin \u2013 Pembe Tilki Realistik Dildo<\/strong><\/h3>\n<p data-start=\"130\" data-end=\"707\"><strong data-start=\"130\" data-end=\"161\">Pembe Tilki Realistik Dildo<\/strong>, do\u011fal dokusu, anatomik detaylar\u0131 ve g\u00fc\u00e7l\u00fc tasar\u0131m\u0131 ile ger\u00e7ek\u00e7i ve tatmin edici bir deneyim sunar. <strong data-start=\"262\" data-end=\"287\">Belirgin damar yap\u0131s\u0131<\/strong>, <strong data-start=\"289\" data-end=\"311\">ger\u00e7ek\u00e7i ba\u015f k\u0131sm\u0131<\/strong> ve <strong data-start=\"315\" data-end=\"335\">dokulu testisler<\/strong> ile her kullan\u0131mda sizi etkileyici bir \u015fekilde tatmin eder. <strong data-start=\"396\" data-end=\"434\">FDA onayl\u0131, toksik olmayan silikon<\/strong> malzeme kullan\u0131larak \u00fcretilmi\u015f olan bu dildo, <strong data-start=\"481\" data-end=\"515\">180 dereceye kadar b\u00fck\u00fclebilir<\/strong> yap\u0131s\u0131 ile v\u00fccut \u015feklinize m\u00fckemmel uyum sa\u011flar. Ayr\u0131ca, g\u00fc\u00e7l\u00fc <strong data-start=\"579\" data-end=\"595\">vakum taban\u0131<\/strong> sayesinde <strong data-start=\"606\" data-end=\"627\">ellersiz kullan\u0131m<\/strong> imkan\u0131 sunar ve \u00e7ok \u00e7e\u015fitli y\u00fczeylere sabitlenerek keyifli bir deneyim ya\u015fat\u0131r.<\/p>\n<h3 data-start=\"709\" data-end=\"738\"><strong data-start=\"713\" data-end=\"738\">\u00d6ne \u00c7\u0131kan \u00d6zellikler:<\/strong><\/h3>\n<h4 data-start=\"740\" data-end=\"758\"><strong data-start=\"745\" data-end=\"758\">Boyutlar:<\/strong><\/h4>\n<ul data-start=\"759\" data-end=\"907\">\n<li data-start=\"759\" data-end=\"786\"><strong data-start=\"761\" data-end=\"780\">Toplam Uzunluk:<\/strong> 22 cm<\/li>\n<li data-start=\"787\" data-end=\"822\"><strong data-start=\"789\" data-end=\"816\">Kullan\u0131labilir Uzunluk:<\/strong> 17 cm<\/li>\n<li data-start=\"823\" data-end=\"840\"><strong data-start=\"825\" data-end=\"833\">\u00c7ap:<\/strong> 4.2 cm<\/li>\n<li data-start=\"841\" data-end=\"904\"><strong data-start=\"843\" data-end=\"855\">A\u011f\u0131rl\u0131k:<\/strong> 313 g (ideal denge ve kullan\u0131m kolayl\u0131\u011f\u0131 sa\u011flar)<\/li>\n<\/ul>\n<h4 data-start=\"908\" data-end=\"936\"><strong data-start=\"913\" data-end=\"936\">Malzeme ve Tasar\u0131m:<\/strong><\/h4>\n<ul data-start=\"937\" data-end=\"1174\">\n<li data-start=\"937\" data-end=\"1057\"><strong data-start=\"939\" data-end=\"951\">Malzeme:<\/strong> FDA onayl\u0131, <strong data-start=\"964\" data-end=\"979\">v\u00fccuda dost<\/strong>, <strong data-start=\"981\" data-end=\"1007\">toksik olmayan silikon<\/strong>. Kokusuz ve g\u00fcvenli, sa\u011fl\u0131\u011f\u0131n\u0131z\u0131 \u00f6n planda tutar.<\/li>\n<li data-start=\"1058\" data-end=\"1174\"><strong data-start=\"1060\" data-end=\"1072\">Tasar\u0131m:<\/strong> Ger\u00e7ek\u00e7i damar yap\u0131s\u0131, <strong data-start=\"1096\" data-end=\"1118\">belirgin ba\u015f k\u0131sm\u0131<\/strong> ve <strong data-start=\"1122\" data-end=\"1142\">dokulu testisler<\/strong> ile en ger\u00e7ek\u00e7i deneyimi sunar.<\/li>\n<\/ul>\n<h4 data-start=\"1176\" data-end=\"1198\"><strong data-start=\"1181\" data-end=\"1198\">Vakum Taban\u0131:<\/strong><\/h4>\n<ul data-start=\"1199\" data-end=\"1412\">\n<li data-start=\"1199\" data-end=\"1412\"><strong data-start=\"1201\" data-end=\"1224\">G\u00fc\u00e7l\u00fc Vakum Taban\u0131:<\/strong> Du\u015f, banyo, masa, sandalye gibi d\u00fcz y\u00fczeylere <strong data-start=\"1271\" data-end=\"1303\">sa\u011flam bir \u015fekilde yap\u0131\u015farak<\/strong> eller serbest kullan\u0131m sa\u011flar. Bu, farkl\u0131 pozisyonlarda ve konforlu bir \u015fekilde kullan\u0131lman\u0131za olanak tan\u0131r.<\/li>\n<\/ul>\n<h4 data-start=\"1414\" data-end=\"1448\"><strong data-start=\"1419\" data-end=\"1448\">Esneklik ve Dayan\u0131kl\u0131l\u0131k:<\/strong><\/h4>\n<ul data-start=\"1449\" data-end=\"1642\">\n<li data-start=\"1449\" data-end=\"1568\"><strong data-start=\"1451\" data-end=\"1466\">Esnek Yap\u0131:<\/strong> 180 derece b\u00fck\u00fclebilir yap\u0131, v\u00fccudunuza m\u00fckemmel uyum sa\u011flar ve her a\u00e7\u0131dan rahatl\u0131kla kullan\u0131labilir.<\/li>\n<li data-start=\"1569\" data-end=\"1642\"><strong data-start=\"1571\" data-end=\"1585\">Dayan\u0131kl\u0131:<\/strong> Uzun \u00f6m\u00fcrl\u00fc kullan\u0131m i\u00e7in tasarlanm\u0131\u015f dayan\u0131kl\u0131 malzeme.<\/li>\n<\/ul>\n<h4 data-start=\"1644\" data-end=\"1680\"><strong data-start=\"1649\" data-end=\"1680\">Hijyenik ve Kolay Temizlik:<\/strong><\/h4>\n<ul data-start=\"1681\" data-end=\"1851\">\n<li data-start=\"1681\" data-end=\"1848\"><strong data-start=\"1683\" data-end=\"1699\">Su Ge\u00e7irmez:<\/strong> %100 su ge\u00e7irmez \u00f6zellik, du\u015f ve banyo gibi alanlarda rahatl\u0131kla kullan\u0131labilmesini sa\u011flar. Ayr\u0131ca, kolayca temizlenebilir, hijyenik kullan\u0131m sunar.<\/li>\n<\/ul>\n<h3 data-start=\"1852\" data-end=\"1871\"><strong data-start=\"1856\" data-end=\"1871\">Avantajlar:<\/strong><\/h3>\n<ol data-start=\"1873\" data-end=\"2731\">\n<li data-start=\"1873\" data-end=\"2061\">\n<p data-start=\"1876\" data-end=\"2061\"><strong data-start=\"1876\" data-end=\"1897\">Ger\u00e7ek\u00e7i Deneyim:<\/strong> <strong data-start=\"1898\" data-end=\"1935\">Do\u011fal dokusu ve anatomik tasar\u0131m\u0131<\/strong>, her dokunu\u015fta ger\u00e7ek\u00e7i bir his sunar. <strong data-start=\"1975\" data-end=\"1996\">Belirgin damarlar<\/strong> ve <strong data-start=\"2000\" data-end=\"2023\">ger\u00e7ek\u00e7i ba\u015f yap\u0131s\u0131<\/strong>, maksimum tatmin i\u00e7in tasarlanm\u0131\u015ft\u0131r.<\/p>\n<\/li>\n<li data-start=\"2063\" data-end=\"2228\">\n<p data-start=\"2066\" data-end=\"2228\"><strong data-start=\"2066\" data-end=\"2089\">Esnek ve Dayan\u0131kl\u0131:<\/strong> 180 derece b\u00fck\u00fclebilir yap\u0131, <strong data-start=\"2119\" data-end=\"2157\">v\u00fccut formuna m\u00fckemmel uyum sa\u011flar<\/strong>. Esnek yap\u0131s\u0131, kullan\u0131m esnas\u0131nda rahat hareket eder ve deforme olmaz.<\/p>\n<\/li>\n<li data-start=\"2230\" data-end=\"2428\">\n<p data-start=\"2233\" data-end=\"2428\"><strong data-start=\"2233\" data-end=\"2260\">Eller Serbest Kullan\u0131m:<\/strong> G\u00fc\u00e7l\u00fc vakum taban\u0131 sayesinde <strong data-start=\"2290\" data-end=\"2310\">farkl\u0131 y\u00fczeylere<\/strong> kolayca tutturulabilir, <strong data-start=\"2335\" data-end=\"2356\">ellersiz kullan\u0131m<\/strong> imkan\u0131 tan\u0131r. Banyo, du\u015f veya yatak odas\u0131nda \u00f6zg\u00fcrce kullanabilirsiniz.<\/p>\n<\/li>\n<li data-start=\"2430\" data-end=\"2591\">\n<p data-start=\"2433\" data-end=\"2591\"><strong data-start=\"2433\" data-end=\"2457\">Hijyenik ve G\u00fcvenli:<\/strong> Kokusuz yap\u0131s\u0131 ile <strong data-start=\"2477\" data-end=\"2501\">oral kullan\u0131ma uygun<\/strong> olup, <strong data-start=\"2508\" data-end=\"2530\">FDA onayl\u0131 silikon<\/strong> malzeme cildinize zarar vermez. Sa\u011fl\u0131k a\u00e7\u0131s\u0131ndan g\u00fcvenlidir.<\/p>\n<\/li>\n<li data-start=\"2593\" data-end=\"2731\">\n<p data-start=\"2596\" data-end=\"2731\"><strong data-start=\"2596\" data-end=\"2615\">Kolay Temizlik:<\/strong> <strong data-start=\"2616\" data-end=\"2631\">Su ge\u00e7irmez<\/strong> \u00f6zelli\u011fi, temizli\u011fi kolayla\u015ft\u0131r\u0131r. Hijyenik ve g\u00fcvenli kullan\u0131m i\u00e7in her zaman taze ve temiz kal\u0131r.<\/p>\n<\/li>\n<\/ol>\n<h3 data-start=\"2733\" data-end=\"2775\"><strong data-start=\"2737\" data-end=\"2775\">Neden Pembe Tilki Realistik Dildo?<\/strong><\/h3>\n<p data-start=\"2777\" data-end=\"3176\"><strong data-start=\"2777\" data-end=\"2792\">Pembe Tilki<\/strong>, y\u00fcksek kaliteli ve g\u00fcvenilir \u00fcr\u00fcnleri ile kullan\u0131c\u0131 deneyimini <strong data-start=\"2857\" data-end=\"2882\">en \u00fcst d\u00fczeye \u00e7\u0131karan<\/strong> markad\u0131r. Bu <strong data-start=\"2896\" data-end=\"2915\">realistik dildo<\/strong>, hem tasar\u0131m\u0131 hem de i\u015flevselli\u011fi ile tatmin edici bir deneyim sunar. Do\u011fal dokusu, anatomik detaylar\u0131 ve g\u00fc\u00e7l\u00fc vakum taban\u0131 sayesinde, her a\u00e7\u0131dan rahat ve g\u00fcvenli kullan\u0131m sa\u011flar. <strong data-start=\"3097\" data-end=\"3116\">Maksimum tatmin<\/strong> ve <strong data-start=\"3120\" data-end=\"3136\">ger\u00e7ek\u00e7i his<\/strong> arayanlar i\u00e7in m\u00fckemmel bir se\u00e7enektir.<\/p>\n<h3 data-start=\"3178\" data-end=\"3211\"><strong data-start=\"3182\" data-end=\"3211\">\u015eimdi S\u0131n\u0131rlar\u0131 Zorlay\u0131n!<\/strong><\/h3>\n<p data-start=\"3213\" data-end=\"3480\">Pembe Tilki\u2019nin <strong data-start=\"3229\" data-end=\"3255\">realistik dildo modeli<\/strong> ile kendinizi \u015f\u0131mart\u0131n ve yeni bir deneyime ad\u0131m at\u0131n. <strong data-start=\"3311\" data-end=\"3330\">Ger\u00e7ek\u00e7i dokusu<\/strong>, <strong data-start=\"3332\" data-end=\"3353\">anatomik tasar\u0131m\u0131<\/strong> ve <strong data-start=\"3357\" data-end=\"3373\">vakum taban\u0131<\/strong> sayesinde konforlu ve \u00f6zg\u00fcr bir kullan\u0131m sunar. <strong data-start=\"3422\" data-end=\"3450\">Sipari\u015finizi \u015fimdi verin<\/strong> ve tatminin zirvesine ula\u015f\u0131n!<\/p>\n<hr data-start=\"3482\" data-end=\"3485\" \/>\n<p data-start=\"3487\" data-end=\"3695\" data-is-last-node=\"\" data-is-only-node=\"\"><strong data-start=\"3487\" data-end=\"3518\">Pembe Tilki Realistik Dildo<\/strong>, her a\u00e7\u0131dan <strong data-start=\"3531\" data-end=\"3547\">ger\u00e7ek\u00e7i his<\/strong> arayan kullan\u0131c\u0131lar i\u00e7in m\u00fckemmel bir se\u00e7imdir. <strong data-start=\"3596\" data-end=\"3623\">Y\u00fcksek kaliteli malzeme<\/strong>, <strong data-start=\"3625\" data-end=\"3645\">geli\u015fmi\u015f tasar\u0131m<\/strong> ve <strong data-start=\"3649\" data-end=\"3664\">i\u015flevsellik<\/strong> ile tatminin zirvesine ula\u015f\u0131n!<\/p>\n","protected":false},"excerpt":{"rendered":"<p><strong data-start=\"130\" data-end=\"161\">Pembe Tilki Realistik Dildo<\/strong>, do\u011fal dokusu, anatomik detaylar\u0131 ve g\u00fc\u00e7l\u00fc tasar\u0131m\u0131 ile ger\u00e7ek\u00e7i ve tatmin edici bir deneyim sunar. <strong data-start=\"262\" data-end=\"287\">Belirgin damar yap\u0131s\u0131<\/strong>, <strong data-start=\"289\" data-end=\"311\">ger\u00e7ek\u00e7i ba\u015f k\u0131sm\u0131<\/strong> ve <strong data-start=\"315\" data-end=\"335\">dokulu testisler<\/strong> ile her kullan\u0131mda sizi etkileyici bir \u015fekilde tatmin eder. <strong data-start=\"396\" data-end=\"434\">FDA onayl\u0131, toksik olmayan silikon<\/strong> malzeme kullan\u0131larak \u00fcretilmi\u015f olan bu dildo, <strong data-start=\"481\" data-end=\"515\">180 dereceye kadar b\u00fck\u00fclebilir<\/strong> yap\u0131s\u0131 ile v\u00fccut \u015feklinize m\u00fckemmel uyum sa\u011flar. Ayr\u0131ca, g\u00fc\u00e7l\u00fc <strong data-start=\"579\" data-end=\"595\">vakum taban\u0131<\/strong> sayesinde <strong data-start=\"606\" data-end=\"627\">ellersiz kullan\u0131m<\/strong> imkan\u0131 sunar ve \u00e7ok \u00e7e\u015fitli y\u00fczeylere sabitlenerek keyifli bir deneyim ya\u015fat\u0131r.<\/p>\n","protected":false},"featured_media":19506,"comment_status":"open","ping_status":"closed","template":"","meta":[],"product_brand":[127],"product_cat":[96],"product_tag":[332],"class_list":{"0":"post-19418","1":"product","2":"type-product","3":"status-publish","4":"has-post-thumbnail","6":"product_brand-pembe-tilki","7":"product_cat-realistik-dildo","8":"product_tag-gercekci-dildo-22cm","10":"first","11":"instock","12":"taxable","13":"shipping-taxable","14":"purchasable","15":"product-type-simple"},"yoast_head":"<!-- This site is optimized with the Yoast SEO Premium plugin v24.4 (Yoast SEO v27.1.1) - https:\/\/yoast.com\/product\/yoast-seo-premium-wordpress\/ -->\n<title>Ger\u00e7ek\u00e7i Dildo - 22Cm - Bursa Erotik Shop<\/title>\n<meta name=\"robots\" content=\"index, follow, max-snippet:-1, max-image-preview:large, max-video-preview:-1\" \/>\n<link rel=\"canonical\" href=\"https:\/\/hobierotikshop.com.tr\/website1\/erotik-shop-urun\/gercekci-dildo-22cm\/\" \/>\n<meta property=\"og:locale\" content=\"tr_TR\" \/>\n<meta property=\"og:type\" content=\"article\" \/>\n<meta property=\"og:title\" content=\"Ger\u00e7ek\u00e7i Dildo - 22Cm\" \/>\n<meta property=\"og:description\" content=\"Pembe Tilki Realistik Dildo, do\u011fal dokusu, anatomik detaylar\u0131 ve g\u00fc\u00e7l\u00fc tasar\u0131m\u0131 ile ger\u00e7ek\u00e7i ve tatmin edici bir deneyim sunar. Belirgin damar yap\u0131s\u0131, ger\u00e7ek\u00e7i ba\u015f k\u0131sm\u0131 ve dokulu testisler ile her kullan\u0131mda sizi etkileyici bir \u015fekilde tatmin eder. FDA onayl\u0131, toksik olmayan silikon malzeme kullan\u0131larak \u00fcretilmi\u015f olan bu dildo, 180 dereceye kadar b\u00fck\u00fclebilir yap\u0131s\u0131 ile v\u00fccut \u015feklinize m\u00fckemmel uyum sa\u011flar. Ayr\u0131ca, g\u00fc\u00e7l\u00fc vakum taban\u0131 sayesinde ellersiz kullan\u0131m imkan\u0131 sunar ve \u00e7ok \u00e7e\u015fitli y\u00fczeylere sabitlenerek keyifli bir deneyim ya\u015fat\u0131r.\" \/>\n<meta property=\"og:url\" content=\"https:\/\/hobierotikshop.com.tr\/website1\/erotik-shop-urun\/gercekci-dildo-22cm\/\" \/>\n<meta property=\"og:site_name\" content=\"Bursa Erotik Shop\" \/>\n<meta property=\"article:modified_time\" content=\"2026-01-26T13:01:55+00:00\" \/>\n<meta property=\"og:image\" content=\"https:\/\/hobierotikshop.com.tr\/website1\/wp-content\/uploads\/2025\/03\/gercekci-dildo-22cm-2852.jpg\" \/>\n\t<meta property=\"og:image:width\" content=\"1500\" \/>\n\t<meta property=\"og:image:height\" content=\"1500\" \/>\n\t<meta property=\"og:image:type\" content=\"image\/jpeg\" \/>\n<meta name=\"twitter:card\" content=\"summary_large_image\" \/>\n<meta name=\"twitter:site\" content=\"@shopbursa\" \/>\n<meta name=\"twitter:label1\" content=\"Fiyat\" \/>\n\t<meta name=\"twitter:data1\" content=\"&#8378;1.800,00 KDV DAH\u0130L\" \/>\n\t<meta name=\"twitter:label2\" content=\"Availability\" \/>\n\t<meta name=\"twitter:data2\" content=\"In stock\" \/>\n<script type=\"application\/ld+json\" class=\"yoast-schema-graph\">{\"@context\":\"https:\/\/schema.org\",\"@graph\":[{\"@type\":\"WebPage\",\"@id\":\"https:\/\/hobierotikshop.com.tr\/website1\/erotik-shop-urun\/gercekci-dildo-22cm\/\",\"url\":\"https:\/\/hobierotikshop.com.tr\/website1\/erotik-shop-urun\/gercekci-dildo-22cm\/\",\"name\":\"Ger\u00e7ek\u00e7i Dildo - 22Cm - Bursa Erotik Shop\",\"isPartOf\":{\"@id\":\"https:\/\/hobierotikshop.com.tr\/website1\/#website\"},\"primaryImageOfPage\":{\"@id\":\"https:\/\/hobierotikshop.com.tr\/website1\/erotik-shop-urun\/gercekci-dildo-22cm\/#primaryimage\"},\"image\":{\"@id\":\"https:\/\/hobierotikshop.com.tr\/website1\/erotik-shop-urun\/gercekci-dildo-22cm\/#primaryimage\"},\"thumbnailUrl\":\"https:\/\/haremerotikshop.com\/site\/wp-content\/uploads\/2025\/03\/gercekci-dildo-22cm-2852.jpg\",\"datePublished\":\"2025-03-17T09:33:56+00:00\",\"dateModified\":\"2026-01-26T13:01:55+00:00\",\"breadcrumb\":{\"@id\":\"https:\/\/hobierotikshop.com.tr\/website1\/erotik-shop-urun\/gercekci-dildo-22cm\/#breadcrumb\"},\"inLanguage\":\"tr\",\"potentialAction\":[{\"@type\":\"ReadAction\",\"target\":[\"https:\/\/hobierotikshop.com.tr\/website1\/erotik-shop-urun\/gercekci-dildo-22cm\/\"]}]},{\"@type\":\"ImageObject\",\"inLanguage\":\"tr\",\"@id\":\"https:\/\/hobierotikshop.com.tr\/website1\/erotik-shop-urun\/gercekci-dildo-22cm\/#primaryimage\",\"url\":\"https:\/\/haremerotikshop.com\/site\/wp-content\/uploads\/2025\/03\/gercekci-dildo-22cm-2852.jpg\",\"contentUrl\":\"https:\/\/haremerotikshop.com\/site\/wp-content\/uploads\/2025\/03\/gercekci-dildo-22cm-2852.jpg\",\"width\":1500,\"height\":1500},{\"@type\":\"BreadcrumbList\",\"@id\":\"https:\/\/hobierotikshop.com.tr\/website1\/erotik-shop-urun\/gercekci-dildo-22cm\/#breadcrumb\",\"itemListElement\":[{\"@type\":\"ListItem\",\"position\":1,\"name\":\"Anasayfa\",\"item\":\"https:\/\/hobierotikshop.com.tr\/website1\/\"},{\"@type\":\"ListItem\",\"position\":2,\"name\":\"Erotik Shop \u00dcr\u00fcnleri\",\"item\":\"https:\/\/hobierotikshop.com.tr\/website1\/shop\/\"},{\"@type\":\"ListItem\",\"position\":3,\"name\":\"Ger\u00e7ek\u00e7i Dildo &#8211; 22Cm\"}]},{\"@type\":\"WebSite\",\"@id\":\"https:\/\/hobierotikshop.com.tr\/website1\/#website\",\"url\":\"https:\/\/hobierotikshop.com.tr\/website1\/\",\"name\":\"Bursa Erotik Shop\",\"description\":\"Bursa Erotik Shop ile g\u00fcvenli, gizli ve kaliteli yeti\u015fkin \u00fcr\u00fcnleri al\u0131\u015fveri\u015fi! Geni\u015f \u00fcr\u00fcn yelpazemizi ke\u015ffedin, hemen sipari\u015f verin\",\"publisher\":{\"@id\":\"https:\/\/hobierotikshop.com.tr\/website1\/#organization\"},\"alternateName\":\"Erotik Shop\",\"potentialAction\":[{\"@type\":\"SearchAction\",\"target\":{\"@type\":\"EntryPoint\",\"urlTemplate\":\"https:\/\/hobierotikshop.com.tr\/website1\/?s={search_term_string}\"},\"query-input\":{\"@type\":\"PropertyValueSpecification\",\"valueRequired\":true,\"valueName\":\"search_term_string\"}}],\"inLanguage\":\"tr\"},{\"@type\":\"Organization\",\"@id\":\"https:\/\/hobierotikshop.com.tr\/website1\/#organization\",\"name\":\"Harem Bursa Erotik Shop\",\"url\":\"https:\/\/hobierotikshop.com.tr\/website1\/\",\"logo\":{\"@type\":\"ImageObject\",\"inLanguage\":\"tr\",\"@id\":\"https:\/\/hobierotikshop.com.tr\/website1\/#\/schema\/logo\/image\/\",\"url\":\"https:\/\/haremerotikshop.com\/site\/wp-content\/uploads\/2025\/03\/haremsexshop.png\",\"contentUrl\":\"https:\/\/haremerotikshop.com\/site\/wp-content\/uploads\/2025\/03\/haremsexshop.png\",\"width\":400,\"height\":100,\"caption\":\"Harem Bursa Erotik Shop\"},\"image\":{\"@id\":\"https:\/\/hobierotikshop.com.tr\/website1\/#\/schema\/logo\/image\/\"},\"sameAs\":[\"https:\/\/x.com\/shopbursa\"],\"publishingPrinciples\":\"https:\/\/hobierotikshop.com.tr\/website1\/mesafeli-satis-sozlesmesi\/\",\"ownershipFundingInfo\":\"https:\/\/hobierotikshop.com.tr\/website1\/contact-us\/\",\"actionableFeedbackPolicy\":\"https:\/\/hobierotikshop.com.tr\/website1\/contact-us\/\",\"correctionsPolicy\":\"https:\/\/hobierotikshop.com.tr\/website1\/mesafeli-satis-sozlesmesi\/\"}]}<\/script>\n<meta property=\"product:brand\" content=\"Pembe Tilki\" \/>\n<meta property=\"product:price:amount\" content=\"1800.00\" \/>\n<meta property=\"product:price:currency\" content=\"TRY\" \/>\n<meta property=\"og:availability\" content=\"instock\" \/>\n<meta property=\"product:availability\" content=\"instock\" \/>\n<meta property=\"product:retailer_item_id\" content=\"PT-DVXD247\" \/>\n<meta property=\"product:condition\" content=\"new\" \/>\n<!-- \/ Yoast SEO Premium plugin. -->","yoast_head_json":{"title":"Ger\u00e7ek\u00e7i Dildo - 22Cm - Bursa Erotik Shop","robots":{"index":"index","follow":"follow","max-snippet":"max-snippet:-1","max-image-preview":"max-image-preview:large","max-video-preview":"max-video-preview:-1"},"canonical":"https:\/\/hobierotikshop.com.tr\/website1\/erotik-shop-urun\/gercekci-dildo-22cm\/","og_locale":"tr_TR","og_type":"article","og_title":"Ger\u00e7ek\u00e7i Dildo - 22Cm","og_description":"Pembe Tilki Realistik Dildo, do\u011fal dokusu, anatomik detaylar\u0131 ve g\u00fc\u00e7l\u00fc tasar\u0131m\u0131 ile ger\u00e7ek\u00e7i ve tatmin edici bir deneyim sunar. Belirgin damar yap\u0131s\u0131, ger\u00e7ek\u00e7i ba\u015f k\u0131sm\u0131 ve dokulu testisler ile her kullan\u0131mda sizi etkileyici bir \u015fekilde tatmin eder. FDA onayl\u0131, toksik olmayan silikon malzeme kullan\u0131larak \u00fcretilmi\u015f olan bu dildo, 180 dereceye kadar b\u00fck\u00fclebilir yap\u0131s\u0131 ile v\u00fccut \u015feklinize m\u00fckemmel uyum sa\u011flar. Ayr\u0131ca, g\u00fc\u00e7l\u00fc vakum taban\u0131 sayesinde ellersiz kullan\u0131m imkan\u0131 sunar ve \u00e7ok \u00e7e\u015fitli y\u00fczeylere sabitlenerek keyifli bir deneyim ya\u015fat\u0131r.","og_url":"https:\/\/hobierotikshop.com.tr\/website1\/erotik-shop-urun\/gercekci-dildo-22cm\/","og_site_name":"Bursa Erotik Shop","article_modified_time":"2026-01-26T13:01:55+00:00","og_image":[{"width":1500,"height":1500,"url":"https:\/\/hobierotikshop.com.tr\/website1\/wp-content\/uploads\/2025\/03\/gercekci-dildo-22cm-2852.jpg","type":"image\/jpeg"}],"twitter_card":"summary_large_image","twitter_site":"@shopbursa","twitter_misc":{"Fiyat":"&#8378;1.800,00 KDV DAH\u0130L","Availability":"In stock"},"schema":{"@context":"https:\/\/schema.org","@graph":[{"@type":"WebPage","@id":"https:\/\/hobierotikshop.com.tr\/website1\/erotik-shop-urun\/gercekci-dildo-22cm\/","url":"https:\/\/hobierotikshop.com.tr\/website1\/erotik-shop-urun\/gercekci-dildo-22cm\/","name":"Ger\u00e7ek\u00e7i Dildo - 22Cm - Bursa Erotik Shop","isPartOf":{"@id":"https:\/\/hobierotikshop.com.tr\/website1\/#website"},"primaryImageOfPage":{"@id":"https:\/\/hobierotikshop.com.tr\/website1\/erotik-shop-urun\/gercekci-dildo-22cm\/#primaryimage"},"image":{"@id":"https:\/\/hobierotikshop.com.tr\/website1\/erotik-shop-urun\/gercekci-dildo-22cm\/#primaryimage"},"thumbnailUrl":"https:\/\/haremerotikshop.com\/site\/wp-content\/uploads\/2025\/03\/gercekci-dildo-22cm-2852.jpg","datePublished":"2025-03-17T09:33:56+00:00","dateModified":"2026-01-26T13:01:55+00:00","breadcrumb":{"@id":"https:\/\/hobierotikshop.com.tr\/website1\/erotik-shop-urun\/gercekci-dildo-22cm\/#breadcrumb"},"inLanguage":"tr","potentialAction":[{"@type":"ReadAction","target":["https:\/\/hobierotikshop.com.tr\/website1\/erotik-shop-urun\/gercekci-dildo-22cm\/"]}]},{"@type":"ImageObject","inLanguage":"tr","@id":"https:\/\/hobierotikshop.com.tr\/website1\/erotik-shop-urun\/gercekci-dildo-22cm\/#primaryimage","url":"https:\/\/haremerotikshop.com\/site\/wp-content\/uploads\/2025\/03\/gercekci-dildo-22cm-2852.jpg","contentUrl":"https:\/\/haremerotikshop.com\/site\/wp-content\/uploads\/2025\/03\/gercekci-dildo-22cm-2852.jpg","width":1500,"height":1500},{"@type":"BreadcrumbList","@id":"https:\/\/hobierotikshop.com.tr\/website1\/erotik-shop-urun\/gercekci-dildo-22cm\/#breadcrumb","itemListElement":[{"@type":"ListItem","position":1,"name":"Anasayfa","item":"https:\/\/hobierotikshop.com.tr\/website1\/"},{"@type":"ListItem","position":2,"name":"Erotik Shop \u00dcr\u00fcnleri","item":"https:\/\/hobierotikshop.com.tr\/website1\/shop\/"},{"@type":"ListItem","position":3,"name":"Ger\u00e7ek\u00e7i Dildo &#8211; 22Cm"}]},{"@type":"WebSite","@id":"https:\/\/hobierotikshop.com.tr\/website1\/#website","url":"https:\/\/hobierotikshop.com.tr\/website1\/","name":"Bursa Erotik Shop","description":"Bursa Erotik Shop ile g\u00fcvenli, gizli ve kaliteli yeti\u015fkin \u00fcr\u00fcnleri al\u0131\u015fveri\u015fi! Geni\u015f \u00fcr\u00fcn yelpazemizi ke\u015ffedin, hemen sipari\u015f verin","publisher":{"@id":"https:\/\/hobierotikshop.com.tr\/website1\/#organization"},"alternateName":"Erotik Shop","potentialAction":[{"@type":"SearchAction","target":{"@type":"EntryPoint","urlTemplate":"https:\/\/hobierotikshop.com.tr\/website1\/?s={search_term_string}"},"query-input":{"@type":"PropertyValueSpecification","valueRequired":true,"valueName":"search_term_string"}}],"inLanguage":"tr"},{"@type":"Organization","@id":"https:\/\/hobierotikshop.com.tr\/website1\/#organization","name":"Harem Bursa Erotik Shop","url":"https:\/\/hobierotikshop.com.tr\/website1\/","logo":{"@type":"ImageObject","inLanguage":"tr","@id":"https:\/\/hobierotikshop.com.tr\/website1\/#\/schema\/logo\/image\/","url":"https:\/\/haremerotikshop.com\/site\/wp-content\/uploads\/2025\/03\/haremsexshop.png","contentUrl":"https:\/\/haremerotikshop.com\/site\/wp-content\/uploads\/2025\/03\/haremsexshop.png","width":400,"height":100,"caption":"Harem Bursa Erotik Shop"},"image":{"@id":"https:\/\/hobierotikshop.com.tr\/website1\/#\/schema\/logo\/image\/"},"sameAs":["https:\/\/x.com\/shopbursa"],"publishingPrinciples":"https:\/\/hobierotikshop.com.tr\/website1\/mesafeli-satis-sozlesmesi\/","ownershipFundingInfo":"https:\/\/hobierotikshop.com.tr\/website1\/contact-us\/","actionableFeedbackPolicy":"https:\/\/hobierotikshop.com.tr\/website1\/contact-us\/","correctionsPolicy":"https:\/\/hobierotikshop.com.tr\/website1\/mesafeli-satis-sozlesmesi\/"}]},"product_brand":"Pembe Tilki","product_price_amount":"1800.00","product_price_currency":"TRY","og_availability":"instock","product_availability":"instock","product_retailer_item_id":"PT-DVXD247","product_condition":"new"},"_links":{"self":[{"href":"https:\/\/haremerotikshop.com\/site\/wp-json\/wp\/v2\/product\/19418","targetHints":{"allow":["GET"]}}],"collection":[{"href":"https:\/\/haremerotikshop.com\/site\/wp-json\/wp\/v2\/product"}],"about":[{"href":"https:\/\/haremerotikshop.com\/site\/wp-json\/wp\/v2\/types\/product"}],"replies":[{"embeddable":true,"href":"https:\/\/haremerotikshop.com\/site\/wp-json\/wp\/v2\/comments?post=19418"}],"version-history":[{"count":0,"href":"https:\/\/haremerotikshop.com\/site\/wp-json\/wp\/v2\/product\/19418\/revisions"}],"wp:featuredmedia":[{"embeddable":true,"href":"https:\/\/haremerotikshop.com\/site\/wp-json\/wp\/v2\/media\/19506"}],"wp:attachment":[{"href":"https:\/\/haremerotikshop.com\/site\/wp-json\/wp\/v2\/media?parent=19418"}],"wp:term":[{"taxonomy":"product_brand","embeddable":true,"href":"https:\/\/haremerotikshop.com\/site\/wp-json\/wp\/v2\/product_brand?post=19418"},{"taxonomy":"product_cat","embeddable":true,"href":"https:\/\/haremerotikshop.com\/site\/wp-json\/wp\/v2\/product_cat?post=19418"},{"taxonomy":"product_tag","embeddable":true,"href":"https:\/\/haremerotikshop.com\/site\/wp-json\/wp\/v2\/product_tag?post=19418"}],"curies":[{"name":"wp","href":"https:\/\/api.w.org\/{rel}","templated":true}]}}