{"id":19436,"date":"2025-03-17T12:34:20","date_gmt":"2025-03-17T09:34:20","guid":{"rendered":"https:\/\/haremerotikshop.com\/site\/?post_type=product&#038;p=19436"},"modified":"2026-01-26T15:59:53","modified_gmt":"2026-01-26T12:59:53","slug":"gercekci-dildo-17cm","status":"publish","type":"product","link":"https:\/\/haremerotikshop.com\/site\/erotik-shop-urun\/gercekci-dildo-17cm\/","title":{"rendered":"Ger\u00e7ek\u00e7i Dildo 17Cm"},"content":{"rendered":"<h3 data-start=\"58\" data-end=\"135\"><strong data-start=\"62\" data-end=\"135\">Pembe Tilki 22 cm Ger\u00e7ek\u00e7i Dildo | Ger\u00e7ek\u00e7i Dokunu\u015f, \u00dcst D\u00fczey Tatmin<\/strong><\/h3>\n<p data-start=\"137\" data-end=\"417\"><strong data-start=\"137\" data-end=\"173\">Pembe Tilki 22 cm Ger\u00e7ek\u00e7i Dildo<\/strong> modeli, ger\u00e7ek\u00e7i detaylar\u0131 ve ultra yumu\u015fak dokusu ile benzersiz bir deneyim sunar. Do\u011fal g\u00f6r\u00fcn\u00fcml\u00fc yap\u0131s\u0131, esnekli\u011fi ve kaliteli malzemesi ile en y\u00fcksek tatmini hedefler. V\u00fccudunuza uyum sa\u011flayan yap\u0131s\u0131, her kullan\u0131mda m\u00fckemmel bir his sunar.<\/p>\n<h3 data-start=\"419\" data-end=\"448\"><strong data-start=\"423\" data-end=\"448\">\u00d6ne \u00c7\u0131kan \u00d6zellikler:<\/strong><\/h3>\n<h4 data-start=\"450\" data-end=\"475\"><strong data-start=\"455\" data-end=\"475\">Ger\u00e7ek\u00e7i Tasar\u0131m<\/strong><\/h4>\n<ul data-start=\"476\" data-end=\"670\">\n<li data-start=\"476\" data-end=\"503\"><strong data-start=\"478\" data-end=\"497\">Toplam Uzunluk:<\/strong> 22 cm<\/li>\n<li data-start=\"504\" data-end=\"539\"><strong data-start=\"506\" data-end=\"533\">Kullan\u0131labilir Uzunluk:<\/strong> 17 cm<\/li>\n<li data-start=\"540\" data-end=\"557\"><strong data-start=\"542\" data-end=\"550\">\u00c7ap:<\/strong> 4.8 cm<\/li>\n<li data-start=\"558\" data-end=\"670\">Ger\u00e7ek\u00e7i damar yap\u0131s\u0131, belirgin ba\u015f k\u0131sm\u0131 ve dokulu testisler ile <strong data-start=\"626\" data-end=\"639\">do\u011fal his<\/strong> uyand\u0131ran bir deneyim ya\u015fat\u0131r.<\/li>\n<\/ul>\n<h4 data-start=\"672\" data-end=\"709\"><strong data-start=\"677\" data-end=\"709\">V\u00fccuda Dost, Kokusuz Silikon<\/strong><\/h4>\n<ul data-start=\"710\" data-end=\"866\">\n<li data-start=\"710\" data-end=\"866\"><strong data-start=\"712\" data-end=\"724\">Malzeme:<\/strong> V\u00fccuda dost, kokusuz ve y\u00fcksek kaliteli silikon kullan\u0131lm\u0131\u015ft\u0131r. G\u00fcvenli ve hijyenik bir kullan\u0131m i\u00e7in uygundur, oral kullan\u0131ma da izin verir.<\/li>\n<\/ul>\n<h4 data-start=\"868\" data-end=\"902\"><strong data-start=\"873\" data-end=\"902\">Vakum Taban\u0131 ile Esneklik<\/strong><\/h4>\n<ul data-start=\"903\" data-end=\"1129\">\n<li data-start=\"903\" data-end=\"1129\"><strong data-start=\"905\" data-end=\"921\">Vakum taban\u0131<\/strong>, g\u00fc\u00e7l\u00fc emi\u015f g\u00fcc\u00fc sayesinde <strong data-start=\"949\" data-end=\"973\">du\u015f, duvar, sandalye<\/strong> gibi farkl\u0131 y\u00fczeylere kolayca tutunur, b\u00f6ylece eller serbest kullan\u0131m sa\u011flar. Ayr\u0131ca, <strong data-start=\"1060\" data-end=\"1086\">180 derece b\u00fck\u00fclebilir<\/strong> yap\u0131s\u0131 v\u00fccut formuna m\u00fckemmel uyum sa\u011flar.<\/li>\n<\/ul>\n<h4 data-start=\"1131\" data-end=\"1169\"><strong data-start=\"1136\" data-end=\"1169\">Su Ge\u00e7irmez ve Kolay Temizlik<\/strong><\/h4>\n<ul data-start=\"1170\" data-end=\"1329\">\n<li data-start=\"1170\" data-end=\"1329\"><strong data-start=\"1172\" data-end=\"1195\">Su ge\u00e7irmez \u00f6zellik<\/strong>, \u00fcr\u00fcn\u00fcn her zaman temiz ve hijyenik kalmas\u0131n\u0131 sa\u011flar. Bu, ayn\u0131 zamanda \u00fcr\u00fcn\u00fcn <strong data-start=\"1274\" data-end=\"1283\">du\u015fta<\/strong> veya <strong data-start=\"1289\" data-end=\"1300\">banyoda<\/strong> kullan\u0131m\u0131n\u0131 da m\u00fcmk\u00fcn k\u0131lar.<\/li>\n<\/ul>\n<h4 data-start=\"1331\" data-end=\"1363\"><strong data-start=\"1336\" data-end=\"1363\">Dayan\u0131kl\u0131 ve Esnek Yap\u0131<\/strong><\/h4>\n<ul data-start=\"1364\" data-end=\"1558\">\n<li data-start=\"1364\" data-end=\"1558\"><strong data-start=\"1366\" data-end=\"1383\">Esnek tasar\u0131m<\/strong>, her kullan\u0131c\u0131n\u0131n ihtiya\u00e7lar\u0131na uygun \u015fekilde v\u00fccuda uyum sa\u011flar. Y\u0131llarca dayanacak \u015fekilde \u00fcretilmi\u015f olan <strong data-start=\"1492\" data-end=\"1528\">Pembe Tilki 22 cm Ger\u00e7ek\u00e7i Dildo<\/strong>, uzun \u00f6m\u00fcrl\u00fc kullan\u0131m sa\u011flar.<\/li>\n<\/ul>\n<h3 data-start=\"1560\" data-end=\"1607\"><strong data-start=\"1564\" data-end=\"1607\">Neden Pembe Tilki 22 cm Ger\u00e7ek\u00e7i Dildo?<\/strong><\/h3>\n<p data-start=\"1609\" data-end=\"1708\"><strong data-start=\"1609\" data-end=\"1630\">Ger\u00e7ek\u00e7i Deneyim:<\/strong> Do\u011fal g\u00f6r\u00fcn\u00fcml\u00fc damar yap\u0131s\u0131 ve yumu\u015fak doku ile ger\u00e7ek\u00e7i bir his uyand\u0131r\u0131r.<\/p>\n<p data-start=\"1710\" data-end=\"1818\"><strong data-start=\"1710\" data-end=\"1734\">Hijyenik ve G\u00fcvenli:<\/strong> Kokusuz malzeme, <strong data-start=\"1752\" data-end=\"1770\">oral kullan\u0131ma<\/strong> uygun olup, sa\u011fl\u0131\u011f\u0131n\u0131z i\u00e7in tamamen g\u00fcvenlidir.<\/p>\n<p data-start=\"1820\" data-end=\"1936\"><strong data-start=\"1820\" data-end=\"1843\">Esnek ve Dayan\u0131kl\u0131:<\/strong> 180 derece b\u00fck\u00fclebilir yap\u0131s\u0131 ile v\u00fccut formunuza uyum sa\u011flar ve uzun \u00f6m\u00fcrl\u00fc kullan\u0131m sunar.<\/p>\n<p data-start=\"1938\" data-end=\"2078\"><strong data-start=\"1938\" data-end=\"1961\">\u00c7ok Y\u00f6nl\u00fc Kullan\u0131m:<\/strong> Vakum taban\u0131 sayesinde <strong data-start=\"1985\" data-end=\"2011\">eller serbest kullan\u0131m<\/strong> sa\u011flar. \u0130stedi\u011finiz y\u00fczeye yap\u0131\u015ft\u0131rarak rahat\u00e7a kullanabilirsiniz.<\/p>\n<p data-start=\"2080\" data-end=\"2176\"><strong data-start=\"2080\" data-end=\"2099\">Kolay Temizlik:<\/strong> Su ge\u00e7irmez tasar\u0131m\u0131 ile kolayca temizlenebilir ve her zaman hijyenik kal\u0131r.<\/p>\n<h3 data-start=\"2178\" data-end=\"2218\"><strong data-start=\"2182\" data-end=\"2218\">Hayal G\u00fcc\u00fcn\u00fcz\u00fc Harekete Ge\u00e7irin!<\/strong><\/h3>\n<p data-start=\"2219\" data-end=\"2450\"><strong data-start=\"2219\" data-end=\"2255\">Pembe Tilki 22 cm Ger\u00e7ek\u00e7i Dildo<\/strong>, her seferinde farkl\u0131 bir deneyim ya\u015fat\u0131r ve <strong data-start=\"2301\" data-end=\"2318\">ki\u015fisel keyif<\/strong> i\u00e7in m\u00fckemmel bir yard\u0131mc\u0131d\u0131r. Kendinizi \u015f\u0131martman\u0131n tam zaman\u0131! Bu e\u015fsiz oyuncakla, <strong data-start=\"2404\" data-end=\"2422\">her kullan\u0131mda<\/strong> maksimum tatmin elde edin.<\/p>\n<hr data-start=\"2452\" data-end=\"2455\" \/>\n<p data-start=\"2457\" data-end=\"2688\"><strong data-start=\"2457\" data-end=\"2493\">Pembe Tilki 22 cm Ger\u00e7ek\u00e7i Dildo<\/strong> ile daha derin, tatmin edici ve ger\u00e7ek\u00e7i deneyimler ya\u015fay\u0131n. Ger\u00e7ek\u00e7i dokusu, dayan\u0131kl\u0131 yap\u0131s\u0131 ve esnek tasar\u0131m\u0131 ile \u00f6zel anlar\u0131n\u0131za heyecan kat\u0131n. \u015eimdi ke\u015ffedin ve her an\u0131n\u0131z\u0131 unutulmaz k\u0131l\u0131n!<\/p>\n","protected":false},"excerpt":{"rendered":"<p><strong data-start=\"137\" data-end=\"173\">Pembe Tilki 22 cm Ger\u00e7ek\u00e7i Dildo<\/strong> modeli, ger\u00e7ek\u00e7i detaylar\u0131 ve ultra yumu\u015fak dokusu ile benzersiz bir deneyim sunar. Do\u011fal g\u00f6r\u00fcn\u00fcml\u00fc yap\u0131s\u0131, esnekli\u011fi ve kaliteli malzemesi ile en y\u00fcksek tatmini hedefler. V\u00fccudunuza uyum sa\u011flayan yap\u0131s\u0131, her kullan\u0131mda m\u00fckemmel bir his sunar.<\/p>\n","protected":false},"featured_media":19519,"comment_status":"open","ping_status":"closed","template":"","meta":[],"product_brand":[127],"product_cat":[96],"product_tag":[333],"class_list":{"0":"post-19436","1":"product","2":"type-product","3":"status-publish","4":"has-post-thumbnail","6":"product_brand-pembe-tilki","7":"product_cat-realistik-dildo","8":"product_tag-gercekci-dildo-17cm","10":"first","11":"outofstock","12":"taxable","13":"shipping-taxable","14":"purchasable","15":"product-type-simple"},"yoast_head":"<!-- This site is optimized with the Yoast SEO Premium plugin v24.4 (Yoast SEO v27.1.1) - https:\/\/yoast.com\/product\/yoast-seo-premium-wordpress\/ -->\n<title>Ger\u00e7ek\u00e7i Dildo 17Cm - Bursa Erotik Shop<\/title>\n<meta name=\"robots\" content=\"index, follow, max-snippet:-1, max-image-preview:large, max-video-preview:-1\" \/>\n<link rel=\"canonical\" href=\"https:\/\/hobierotikshop.com.tr\/website1\/erotik-shop-urun\/gercekci-dildo-17cm\/\" \/>\n<meta property=\"og:locale\" content=\"tr_TR\" \/>\n<meta property=\"og:type\" content=\"article\" \/>\n<meta property=\"og:title\" content=\"Ger\u00e7ek\u00e7i Dildo 17Cm\" \/>\n<meta property=\"og:description\" content=\"Pembe Tilki 22 cm Ger\u00e7ek\u00e7i Dildo modeli, ger\u00e7ek\u00e7i detaylar\u0131 ve ultra yumu\u015fak dokusu ile benzersiz bir deneyim sunar. Do\u011fal g\u00f6r\u00fcn\u00fcml\u00fc yap\u0131s\u0131, esnekli\u011fi ve kaliteli malzemesi ile en y\u00fcksek tatmini hedefler. V\u00fccudunuza uyum sa\u011flayan yap\u0131s\u0131, her kullan\u0131mda m\u00fckemmel bir his sunar.\" \/>\n<meta property=\"og:url\" content=\"https:\/\/hobierotikshop.com.tr\/website1\/erotik-shop-urun\/gercekci-dildo-17cm\/\" \/>\n<meta property=\"og:site_name\" content=\"Bursa Erotik Shop\" \/>\n<meta property=\"article:modified_time\" content=\"2026-01-26T12:59:53+00:00\" \/>\n<meta property=\"og:image\" content=\"https:\/\/hobierotikshop.com.tr\/website1\/wp-content\/uploads\/2025\/03\/gercekkci-dildo-17cm-2860.jpg\" \/>\n\t<meta property=\"og:image:width\" content=\"1500\" \/>\n\t<meta property=\"og:image:height\" content=\"1500\" \/>\n\t<meta property=\"og:image:type\" content=\"image\/jpeg\" \/>\n<meta name=\"twitter:card\" content=\"summary_large_image\" \/>\n<meta name=\"twitter:site\" content=\"@shopbursa\" \/>\n<meta name=\"twitter:label1\" content=\"Fiyat\" \/>\n\t<meta name=\"twitter:data1\" content=\"&#8378;1.530,00 KDV DAH\u0130L\" \/>\n\t<meta name=\"twitter:label2\" content=\"Availability\" \/>\n\t<meta name=\"twitter:data2\" content=\"Out of stock\" \/>\n<script type=\"application\/ld+json\" class=\"yoast-schema-graph\">{\"@context\":\"https:\/\/schema.org\",\"@graph\":[{\"@type\":\"WebPage\",\"@id\":\"https:\/\/hobierotikshop.com.tr\/website1\/erotik-shop-urun\/gercekci-dildo-17cm\/\",\"url\":\"https:\/\/hobierotikshop.com.tr\/website1\/erotik-shop-urun\/gercekci-dildo-17cm\/\",\"name\":\"Ger\u00e7ek\u00e7i Dildo 17Cm - Bursa Erotik Shop\",\"isPartOf\":{\"@id\":\"https:\/\/hobierotikshop.com.tr\/website1\/#website\"},\"primaryImageOfPage\":{\"@id\":\"https:\/\/hobierotikshop.com.tr\/website1\/erotik-shop-urun\/gercekci-dildo-17cm\/#primaryimage\"},\"image\":{\"@id\":\"https:\/\/hobierotikshop.com.tr\/website1\/erotik-shop-urun\/gercekci-dildo-17cm\/#primaryimage\"},\"thumbnailUrl\":\"https:\/\/haremerotikshop.com\/site\/wp-content\/uploads\/2025\/03\/gercekkci-dildo-17cm-2860.jpg\",\"datePublished\":\"2025-03-17T09:34:20+00:00\",\"dateModified\":\"2026-01-26T12:59:53+00:00\",\"breadcrumb\":{\"@id\":\"https:\/\/hobierotikshop.com.tr\/website1\/erotik-shop-urun\/gercekci-dildo-17cm\/#breadcrumb\"},\"inLanguage\":\"tr\",\"potentialAction\":[{\"@type\":\"ReadAction\",\"target\":[\"https:\/\/hobierotikshop.com.tr\/website1\/erotik-shop-urun\/gercekci-dildo-17cm\/\"]}]},{\"@type\":\"ImageObject\",\"inLanguage\":\"tr\",\"@id\":\"https:\/\/hobierotikshop.com.tr\/website1\/erotik-shop-urun\/gercekci-dildo-17cm\/#primaryimage\",\"url\":\"https:\/\/haremerotikshop.com\/site\/wp-content\/uploads\/2025\/03\/gercekkci-dildo-17cm-2860.jpg\",\"contentUrl\":\"https:\/\/haremerotikshop.com\/site\/wp-content\/uploads\/2025\/03\/gercekkci-dildo-17cm-2860.jpg\",\"width\":1500,\"height\":1500},{\"@type\":\"BreadcrumbList\",\"@id\":\"https:\/\/hobierotikshop.com.tr\/website1\/erotik-shop-urun\/gercekci-dildo-17cm\/#breadcrumb\",\"itemListElement\":[{\"@type\":\"ListItem\",\"position\":1,\"name\":\"Anasayfa\",\"item\":\"https:\/\/hobierotikshop.com.tr\/website1\/\"},{\"@type\":\"ListItem\",\"position\":2,\"name\":\"Erotik Shop \u00dcr\u00fcnleri\",\"item\":\"https:\/\/hobierotikshop.com.tr\/website1\/shop\/\"},{\"@type\":\"ListItem\",\"position\":3,\"name\":\"Ger\u00e7ek\u00e7i Dildo 17Cm\"}]},{\"@type\":\"WebSite\",\"@id\":\"https:\/\/hobierotikshop.com.tr\/website1\/#website\",\"url\":\"https:\/\/hobierotikshop.com.tr\/website1\/\",\"name\":\"Bursa Erotik Shop\",\"description\":\"Bursa Erotik Shop ile g\u00fcvenli, gizli ve kaliteli yeti\u015fkin \u00fcr\u00fcnleri al\u0131\u015fveri\u015fi! Geni\u015f \u00fcr\u00fcn yelpazemizi ke\u015ffedin, hemen sipari\u015f verin\",\"publisher\":{\"@id\":\"https:\/\/hobierotikshop.com.tr\/website1\/#organization\"},\"alternateName\":\"Erotik Shop\",\"potentialAction\":[{\"@type\":\"SearchAction\",\"target\":{\"@type\":\"EntryPoint\",\"urlTemplate\":\"https:\/\/hobierotikshop.com.tr\/website1\/?s={search_term_string}\"},\"query-input\":{\"@type\":\"PropertyValueSpecification\",\"valueRequired\":true,\"valueName\":\"search_term_string\"}}],\"inLanguage\":\"tr\"},{\"@type\":\"Organization\",\"@id\":\"https:\/\/hobierotikshop.com.tr\/website1\/#organization\",\"name\":\"Harem Bursa Erotik Shop\",\"url\":\"https:\/\/hobierotikshop.com.tr\/website1\/\",\"logo\":{\"@type\":\"ImageObject\",\"inLanguage\":\"tr\",\"@id\":\"https:\/\/hobierotikshop.com.tr\/website1\/#\/schema\/logo\/image\/\",\"url\":\"https:\/\/haremerotikshop.com\/wp-content\/uploads\/2025\/03\/haremsexshop.png\",\"contentUrl\":\"https:\/\/haremerotikshop.com\/wp-content\/uploads\/2025\/03\/haremsexshop.png\",\"width\":400,\"height\":100,\"caption\":\"Harem Bursa Erotik Shop\"},\"image\":{\"@id\":\"https:\/\/hobierotikshop.com.tr\/website1\/#\/schema\/logo\/image\/\"},\"sameAs\":[\"https:\/\/x.com\/shopbursa\"],\"publishingPrinciples\":\"https:\/\/hobierotikshop.com.tr\/website1\/mesafeli-satis-sozlesmesi\/\",\"ownershipFundingInfo\":\"https:\/\/hobierotikshop.com.tr\/website1\/contact-us\/\",\"actionableFeedbackPolicy\":\"https:\/\/hobierotikshop.com.tr\/website1\/contact-us\/\",\"correctionsPolicy\":\"https:\/\/hobierotikshop.com.tr\/website1\/mesafeli-satis-sozlesmesi\/\"}]}<\/script>\n<meta property=\"product:brand\" content=\"Pembe Tilki\" \/>\n<meta property=\"product:price:amount\" content=\"1530.00\" \/>\n<meta property=\"product:price:currency\" content=\"TRY\" \/>\n<meta property=\"og:availability\" content=\"out of stock\" \/>\n<meta property=\"product:availability\" content=\"out of stock\" \/>\n<meta property=\"product:retailer_item_id\" content=\"PT-DVXD249\" \/>\n<meta property=\"product:condition\" content=\"new\" \/>\n<!-- \/ Yoast SEO Premium plugin. -->","yoast_head_json":{"title":"Ger\u00e7ek\u00e7i Dildo 17Cm - Bursa Erotik Shop","robots":{"index":"index","follow":"follow","max-snippet":"max-snippet:-1","max-image-preview":"max-image-preview:large","max-video-preview":"max-video-preview:-1"},"canonical":"https:\/\/hobierotikshop.com.tr\/website1\/erotik-shop-urun\/gercekci-dildo-17cm\/","og_locale":"tr_TR","og_type":"article","og_title":"Ger\u00e7ek\u00e7i Dildo 17Cm","og_description":"Pembe Tilki 22 cm Ger\u00e7ek\u00e7i Dildo modeli, ger\u00e7ek\u00e7i detaylar\u0131 ve ultra yumu\u015fak dokusu ile benzersiz bir deneyim sunar. Do\u011fal g\u00f6r\u00fcn\u00fcml\u00fc yap\u0131s\u0131, esnekli\u011fi ve kaliteli malzemesi ile en y\u00fcksek tatmini hedefler. V\u00fccudunuza uyum sa\u011flayan yap\u0131s\u0131, her kullan\u0131mda m\u00fckemmel bir his sunar.","og_url":"https:\/\/hobierotikshop.com.tr\/website1\/erotik-shop-urun\/gercekci-dildo-17cm\/","og_site_name":"Bursa Erotik Shop","article_modified_time":"2026-01-26T12:59:53+00:00","og_image":[{"width":1500,"height":1500,"url":"https:\/\/hobierotikshop.com.tr\/website1\/wp-content\/uploads\/2025\/03\/gercekkci-dildo-17cm-2860.jpg","type":"image\/jpeg"}],"twitter_card":"summary_large_image","twitter_site":"@shopbursa","twitter_misc":{"Fiyat":"&#8378;1.530,00 KDV DAH\u0130L","Availability":"Out of stock"},"schema":{"@context":"https:\/\/schema.org","@graph":[{"@type":"WebPage","@id":"https:\/\/hobierotikshop.com.tr\/website1\/erotik-shop-urun\/gercekci-dildo-17cm\/","url":"https:\/\/hobierotikshop.com.tr\/website1\/erotik-shop-urun\/gercekci-dildo-17cm\/","name":"Ger\u00e7ek\u00e7i Dildo 17Cm - Bursa Erotik Shop","isPartOf":{"@id":"https:\/\/hobierotikshop.com.tr\/website1\/#website"},"primaryImageOfPage":{"@id":"https:\/\/hobierotikshop.com.tr\/website1\/erotik-shop-urun\/gercekci-dildo-17cm\/#primaryimage"},"image":{"@id":"https:\/\/hobierotikshop.com.tr\/website1\/erotik-shop-urun\/gercekci-dildo-17cm\/#primaryimage"},"thumbnailUrl":"https:\/\/haremerotikshop.com\/site\/wp-content\/uploads\/2025\/03\/gercekkci-dildo-17cm-2860.jpg","datePublished":"2025-03-17T09:34:20+00:00","dateModified":"2026-01-26T12:59:53+00:00","breadcrumb":{"@id":"https:\/\/hobierotikshop.com.tr\/website1\/erotik-shop-urun\/gercekci-dildo-17cm\/#breadcrumb"},"inLanguage":"tr","potentialAction":[{"@type":"ReadAction","target":["https:\/\/hobierotikshop.com.tr\/website1\/erotik-shop-urun\/gercekci-dildo-17cm\/"]}]},{"@type":"ImageObject","inLanguage":"tr","@id":"https:\/\/hobierotikshop.com.tr\/website1\/erotik-shop-urun\/gercekci-dildo-17cm\/#primaryimage","url":"https:\/\/haremerotikshop.com\/site\/wp-content\/uploads\/2025\/03\/gercekkci-dildo-17cm-2860.jpg","contentUrl":"https:\/\/haremerotikshop.com\/site\/wp-content\/uploads\/2025\/03\/gercekkci-dildo-17cm-2860.jpg","width":1500,"height":1500},{"@type":"BreadcrumbList","@id":"https:\/\/hobierotikshop.com.tr\/website1\/erotik-shop-urun\/gercekci-dildo-17cm\/#breadcrumb","itemListElement":[{"@type":"ListItem","position":1,"name":"Anasayfa","item":"https:\/\/hobierotikshop.com.tr\/website1\/"},{"@type":"ListItem","position":2,"name":"Erotik Shop \u00dcr\u00fcnleri","item":"https:\/\/hobierotikshop.com.tr\/website1\/shop\/"},{"@type":"ListItem","position":3,"name":"Ger\u00e7ek\u00e7i Dildo 17Cm"}]},{"@type":"WebSite","@id":"https:\/\/hobierotikshop.com.tr\/website1\/#website","url":"https:\/\/hobierotikshop.com.tr\/website1\/","name":"Bursa Erotik Shop","description":"Bursa Erotik Shop ile g\u00fcvenli, gizli ve kaliteli yeti\u015fkin \u00fcr\u00fcnleri al\u0131\u015fveri\u015fi! Geni\u015f \u00fcr\u00fcn yelpazemizi ke\u015ffedin, hemen sipari\u015f verin","publisher":{"@id":"https:\/\/hobierotikshop.com.tr\/website1\/#organization"},"alternateName":"Erotik Shop","potentialAction":[{"@type":"SearchAction","target":{"@type":"EntryPoint","urlTemplate":"https:\/\/hobierotikshop.com.tr\/website1\/?s={search_term_string}"},"query-input":{"@type":"PropertyValueSpecification","valueRequired":true,"valueName":"search_term_string"}}],"inLanguage":"tr"},{"@type":"Organization","@id":"https:\/\/hobierotikshop.com.tr\/website1\/#organization","name":"Harem Bursa Erotik Shop","url":"https:\/\/hobierotikshop.com.tr\/website1\/","logo":{"@type":"ImageObject","inLanguage":"tr","@id":"https:\/\/hobierotikshop.com.tr\/website1\/#\/schema\/logo\/image\/","url":"https:\/\/haremerotikshop.com\/wp-content\/uploads\/2025\/03\/haremsexshop.png","contentUrl":"https:\/\/haremerotikshop.com\/wp-content\/uploads\/2025\/03\/haremsexshop.png","width":400,"height":100,"caption":"Harem Bursa Erotik Shop"},"image":{"@id":"https:\/\/hobierotikshop.com.tr\/website1\/#\/schema\/logo\/image\/"},"sameAs":["https:\/\/x.com\/shopbursa"],"publishingPrinciples":"https:\/\/hobierotikshop.com.tr\/website1\/mesafeli-satis-sozlesmesi\/","ownershipFundingInfo":"https:\/\/hobierotikshop.com.tr\/website1\/contact-us\/","actionableFeedbackPolicy":"https:\/\/hobierotikshop.com.tr\/website1\/contact-us\/","correctionsPolicy":"https:\/\/hobierotikshop.com.tr\/website1\/mesafeli-satis-sozlesmesi\/"}]},"product_brand":"Pembe Tilki","product_price_amount":"1530.00","product_price_currency":"TRY","og_availability":"out of stock","product_availability":"out of stock","product_retailer_item_id":"PT-DVXD249","product_condition":"new"},"_links":{"self":[{"href":"https:\/\/haremerotikshop.com\/site\/wp-json\/wp\/v2\/product\/19436","targetHints":{"allow":["GET"]}}],"collection":[{"href":"https:\/\/haremerotikshop.com\/site\/wp-json\/wp\/v2\/product"}],"about":[{"href":"https:\/\/haremerotikshop.com\/site\/wp-json\/wp\/v2\/types\/product"}],"replies":[{"embeddable":true,"href":"https:\/\/haremerotikshop.com\/site\/wp-json\/wp\/v2\/comments?post=19436"}],"version-history":[{"count":0,"href":"https:\/\/haremerotikshop.com\/site\/wp-json\/wp\/v2\/product\/19436\/revisions"}],"wp:featuredmedia":[{"embeddable":true,"href":"https:\/\/haremerotikshop.com\/site\/wp-json\/wp\/v2\/media\/19519"}],"wp:attachment":[{"href":"https:\/\/haremerotikshop.com\/site\/wp-json\/wp\/v2\/media?parent=19436"}],"wp:term":[{"taxonomy":"product_brand","embeddable":true,"href":"https:\/\/haremerotikshop.com\/site\/wp-json\/wp\/v2\/product_brand?post=19436"},{"taxonomy":"product_cat","embeddable":true,"href":"https:\/\/haremerotikshop.com\/site\/wp-json\/wp\/v2\/product_cat?post=19436"},{"taxonomy":"product_tag","embeddable":true,"href":"https:\/\/haremerotikshop.com\/site\/wp-json\/wp\/v2\/product_tag?post=19436"}],"curies":[{"name":"wp","href":"https:\/\/api.w.org\/{rel}","templated":true}]}}