{"id":19453,"date":"2025-03-17T12:34:44","date_gmt":"2025-03-17T09:34:44","guid":{"rendered":"https:\/\/haremerotikshop.com\/site\/?post_type=product&#038;p=19453"},"modified":"2026-01-26T15:59:12","modified_gmt":"2026-01-26T12:59:12","slug":"teleskopik-vibrator-siyah","status":"publish","type":"product","link":"https:\/\/haremerotikshop.com\/site\/erotik-shop-urun\/teleskopik-vibrator-siyah\/","title":{"rendered":"Teleskopik Vibrat\u00f6r Siyah"},"content":{"rendered":"<h3 data-start=\"58\" data-end=\"125\"><strong data-start=\"62\" data-end=\"125\">Teleskopik Vibrat\u00f6r &#8211; Siyah | \u0130leri Teknoloji, E\u015fsiz Konfor<\/strong><\/h3>\n<p data-start=\"127\" data-end=\"557\"><strong data-start=\"127\" data-end=\"158\">Teleskopik Vibrat\u00f6r &#8211; Siyah<\/strong>, yenilik\u00e7i tasar\u0131m\u0131 ve ileri teknolojisiyle ki\u015fisel zevk deneyiminizi bir ad\u0131m ileriye ta\u015f\u0131yor. Hem titre\u015fim hem de h\u0131z ayarlar\u0131yla tamamen \u00f6zelle\u015ftirilebilen bir deneyim sunan bu \u00f6zel \u00fcr\u00fcn, \u00e7ok y\u00f6nl\u00fc hareket kabiliyeti sayesinde her kullan\u0131mda maksimum konfor ve tatmin sa\u011flar. \u015e\u0131kl\u0131\u011f\u0131, i\u015flevselli\u011fi ve g\u00fcvenli\u011fi birle\u015ftiren <strong data-start=\"485\" data-end=\"516\">Teleskopik Vibrat\u00f6r &#8211; Siyah<\/strong>, her an\u0131n\u0131za heyecan ve yenilik katacak.<\/p>\n<h3 data-start=\"559\" data-end=\"588\"><strong data-start=\"563\" data-end=\"588\">\u00d6ne \u00c7\u0131kan \u00d6zellikler:<\/strong><\/h3>\n<h4 data-start=\"590\" data-end=\"615\"><strong data-start=\"595\" data-end=\"615\">10 Titre\u015fim Modu<\/strong><\/h4>\n<ul data-start=\"616\" data-end=\"819\">\n<li data-start=\"616\" data-end=\"819\"><strong data-start=\"618\" data-end=\"645\">10 farkl\u0131 titre\u015fim modu<\/strong>, her kullan\u0131c\u0131ya uygun bir deneyim sunar. <strong data-start=\"688\" data-end=\"733\">Farkl\u0131 yo\u011funluklarda titre\u015fim se\u00e7enekleri<\/strong> ile ki\u015fisel zevklerinize g\u00f6re \u00f6zelle\u015ftirilmi\u015f, zengin bir deneyim elde edebilirsiniz.<\/li>\n<\/ul>\n<h4 data-start=\"821\" data-end=\"844\"><strong data-start=\"826\" data-end=\"844\">5 H\u0131z Seviyesi<\/strong><\/h4>\n<ul data-start=\"845\" data-end=\"990\">\n<li data-start=\"845\" data-end=\"990\"><strong data-start=\"847\" data-end=\"865\">5 h\u0131z seviyesi<\/strong> ile ritmi tamamen kontrol edebilir, istedi\u011finiz yo\u011funlu\u011fu ayarlayarak konforlu ve tatmin edici bir deneyim ya\u015fayabilirsiniz.<\/li>\n<\/ul>\n<h4 data-start=\"992\" data-end=\"1036\"><strong data-start=\"997\" data-end=\"1036\">360\u00b0 D\u00f6nebilen Ba\u011flant\u0131 Mekanizmas\u0131<\/strong><\/h4>\n<ul data-start=\"1037\" data-end=\"1200\">\n<li data-start=\"1037\" data-end=\"1200\"><strong data-start=\"1039\" data-end=\"1068\">360\u00b0 d\u00f6nebilme kapasitesi<\/strong> sayesinde, <strong data-start=\"1080\" data-end=\"1111\">Teleskopik Vibrat\u00f6r &#8211; Siyah<\/strong> her a\u00e7\u0131dan kolayca ayarlanabilir. Bu \u00f6zellik, her noktaya rahat\u00e7a ula\u015fabilmenizi sa\u011flar.<\/li>\n<\/ul>\n<h4 data-start=\"1202\" data-end=\"1239\"><strong data-start=\"1207\" data-end=\"1239\">180\u00b0 A\u015fa\u011f\u0131 ve Yukar\u0131 Hareket<\/strong><\/h4>\n<ul data-start=\"1240\" data-end=\"1391\">\n<li data-start=\"1240\" data-end=\"1391\">Esnek <strong data-start=\"1248\" data-end=\"1264\">180\u00b0 hareket<\/strong> kabiliyeti, ergonomik kullan\u0131m sunar. Konforlu ve \u00e7ok y\u00f6nl\u00fc bir deneyim i\u00e7in her a\u00e7\u0131ya kolayca ula\u015farak m\u00fckemmel uyumu sa\u011flar.<\/li>\n<\/ul>\n<h4 data-start=\"1393\" data-end=\"1428\"><strong data-start=\"1398\" data-end=\"1428\">Cilt Dostu Silikon Malzeme<\/strong><\/h4>\n<ul data-start=\"1429\" data-end=\"1607\">\n<li data-start=\"1429\" data-end=\"1607\"><strong data-start=\"1431\" data-end=\"1474\">Yumu\u015fak ve g\u00fcvenilir cilt dostu silikon<\/strong> malzeme, hassas b\u00f6lgelerinizde g\u00fcvenle kullan\u0131labilir. Uzun s\u00fcreli kullan\u0131mda bile rahats\u0131zl\u0131k vermez ve v\u00fccudunuza tam uyum sa\u011flar.<\/li>\n<\/ul>\n<h4 data-start=\"1609\" data-end=\"1640\"><strong data-start=\"1614\" data-end=\"1640\">Manyetik \u015earj \u00d6zelli\u011fi<\/strong><\/h4>\n<ul data-start=\"1641\" data-end=\"1819\">\n<li data-start=\"1641\" data-end=\"1819\"><strong data-start=\"1643\" data-end=\"1660\">Manyetik \u015farj<\/strong> \u00f6zelli\u011fi ile yaln\u0131zca <strong data-start=\"1683\" data-end=\"1695\">2 saatte<\/strong> tam \u015farj olur ve <strong data-start=\"1713\" data-end=\"1754\">60 dakikaya kadar kesintisiz kullan\u0131m<\/strong> sa\u011flar. Pratik ve g\u00fcvenli bir \u015farj deneyimi i\u00e7in tasarlanm\u0131\u015ft\u0131r.<\/li>\n<\/ul>\n<h4 data-start=\"1821\" data-end=\"1860\"><strong data-start=\"1826\" data-end=\"1860\">Kullan\u0131labilir Uzunluk &#8211; 20 cm<\/strong><\/h4>\n<ul data-start=\"1861\" data-end=\"1999\">\n<li data-start=\"1861\" data-end=\"1999\"><strong data-start=\"1863\" data-end=\"1880\">20 cm uzunluk<\/strong>, ihtiya\u00e7lar\u0131n\u0131za g\u00f6re yeterli derinlikte uyar\u0131m sa\u011flar. \u0130deal boyut, etkili bir deneyim i\u00e7in m\u00fckemmel bir denge sunar.<\/li>\n<\/ul>\n<h3 data-start=\"2001\" data-end=\"2018\"><strong data-start=\"2005\" data-end=\"2018\">Boyutlar:<\/strong><\/h3>\n<ul data-start=\"2019\" data-end=\"2103\">\n<li data-start=\"2019\" data-end=\"2046\"><strong data-start=\"2021\" data-end=\"2040\">Toplam Uzunluk:<\/strong> 30 cm<\/li>\n<li data-start=\"2047\" data-end=\"2082\"><strong data-start=\"2049\" data-end=\"2076\">Kullan\u0131labilir Uzunluk:<\/strong> 20 cm<\/li>\n<li data-start=\"2083\" data-end=\"2103\"><strong data-start=\"2085\" data-end=\"2098\">Kal\u0131nl\u0131k:<\/strong> 4 cm<\/li>\n<\/ul>\n<h3 data-start=\"2105\" data-end=\"2141\"><strong data-start=\"2109\" data-end=\"2141\">Teleskopik Vibrat\u00f6r &#8211; Siyah:<\/strong><\/h3>\n<p data-start=\"2143\" data-end=\"2460\"><strong data-start=\"2143\" data-end=\"2174\">Teleskopik Vibrat\u00f6r &#8211; Siyah<\/strong>, yenilik\u00e7i tasar\u0131m\u0131, \u00e7ok y\u00f6nl\u00fc hareket kabiliyeti, g\u00fc\u00e7l\u00fc titre\u015fim modlar\u0131 ve kaliteli malzemesi ile <strong data-start=\"2275\" data-end=\"2320\">ki\u015fisel tatmininize odaklanan bir deneyim<\/strong> sunar. Bu \u00f6zel tasar\u0131m, ki\u015fisel zevk rutininizi heyecan verici ve tatmin edici bir seviyeye ta\u015f\u0131yarak beklentilerinizi fazlas\u0131yla kar\u015f\u0131lar.<\/p>\n<p data-start=\"2462\" data-end=\"2500\"><strong data-start=\"2462\" data-end=\"2500\">Neden Teleskopik Vibrat\u00f6r &#8211; Siyah?<\/strong><\/p>\n<ul data-start=\"2501\" data-end=\"2864\">\n<li data-start=\"2501\" data-end=\"2589\"><strong data-start=\"2503\" data-end=\"2523\">10 titre\u015fim modu<\/strong> ve <strong data-start=\"2527\" data-end=\"2545\">5 h\u0131z seviyesi<\/strong> ile tamamen \u00f6zelle\u015ftirilebilen bir deneyim.<\/li>\n<li data-start=\"2590\" data-end=\"2670\"><strong data-start=\"2592\" data-end=\"2610\">360\u00b0 d\u00f6nebilme<\/strong> ve <strong data-start=\"2614\" data-end=\"2630\">180\u00b0 hareket<\/strong> \u00f6zellikleri ile her a\u00e7\u0131dan uyum sa\u011flar.<\/li>\n<li data-start=\"2671\" data-end=\"2737\"><strong data-start=\"2673\" data-end=\"2703\">Cilt dostu silikon malzeme<\/strong> ile g\u00fcvenli ve konforlu kullan\u0131m.<\/li>\n<li data-start=\"2738\" data-end=\"2799\"><strong data-start=\"2740\" data-end=\"2757\">Manyetik \u015farj<\/strong> \u00f6zelli\u011fi ile h\u0131zl\u0131 ve pratik \u015farj imk\u00e2n\u0131.<\/li>\n<li data-start=\"2800\" data-end=\"2864\"><strong data-start=\"2802\" data-end=\"2819\">20 cm uzunluk<\/strong> ile derinlik ve tatmin sa\u011flayan ideal boyut.<\/li>\n<\/ul>\n<p data-start=\"2866\" data-end=\"3071\"><strong data-start=\"2866\" data-end=\"2897\">Teleskopik Vibrat\u00f6r &#8211; Siyah<\/strong>, ileri teknoloji ve fonksiyonelli\u011fi birle\u015ftirerek ki\u015fisel keyif anlar\u0131n\u0131z\u0131 bamba\u015fka bir seviyeye ta\u015f\u0131r. \u015eimdi ke\u015ffedin ve kendinize \u00f6zel, yenilik\u00e7i deneyimin tad\u0131n\u0131 \u00e7\u0131kar\u0131n!<\/p>\n","protected":false},"excerpt":{"rendered":"<p><strong data-start=\"127\" data-end=\"158\">Teleskopik Vibrat\u00f6r &#8211; Siyah<\/strong>, yenilik\u00e7i tasar\u0131m\u0131 ve ileri teknolojisiyle ki\u015fisel zevk deneyiminizi bir ad\u0131m ileriye ta\u015f\u0131yor. Hem titre\u015fim hem de h\u0131z ayarlar\u0131yla tamamen \u00f6zelle\u015ftirilebilen bir deneyim sunan bu \u00f6zel \u00fcr\u00fcn, \u00e7ok y\u00f6nl\u00fc hareket kabiliyeti sayesinde her kullan\u0131mda maksimum konfor ve tatmin sa\u011flar. \u015e\u0131kl\u0131\u011f\u0131, i\u015flevselli\u011fi ve g\u00fcvenli\u011fi birle\u015ftiren <strong data-start=\"485\" data-end=\"516\">Teleskopik Vibrat\u00f6r &#8211; Siyah<\/strong>, her an\u0131n\u0131za heyecan ve yenilik katacak.<\/p>\n","protected":false},"featured_media":19544,"comment_status":"open","ping_status":"closed","template":"","meta":[],"product_brand":[127],"product_cat":[85],"product_tag":[336],"class_list":{"0":"post-19453","1":"product","2":"type-product","3":"status-publish","4":"has-post-thumbnail","6":"product_brand-pembe-tilki","7":"product_cat-modern-vibrator","8":"product_tag-teleskopik-vibrator-siyah","10":"first","11":"outofstock","12":"taxable","13":"shipping-taxable","14":"purchasable","15":"product-type-simple"},"yoast_head":"<!-- This site is optimized with the Yoast SEO Premium plugin v24.4 (Yoast SEO v27.1.1) - https:\/\/yoast.com\/product\/yoast-seo-premium-wordpress\/ -->\n<title>Teleskopik Vibrat\u00f6r Siyah - Bursa Erotik Shop<\/title>\n<meta name=\"robots\" content=\"index, follow, max-snippet:-1, max-image-preview:large, max-video-preview:-1\" \/>\n<link rel=\"canonical\" href=\"https:\/\/hobierotikshop.com.tr\/website1\/erotik-shop-urun\/teleskopik-vibrator-siyah\/\" \/>\n<meta property=\"og:locale\" content=\"tr_TR\" \/>\n<meta property=\"og:type\" content=\"article\" \/>\n<meta property=\"og:title\" content=\"Teleskopik Vibrat\u00f6r Siyah\" \/>\n<meta property=\"og:description\" content=\"Teleskopik Vibrat\u00f6r - Siyah, yenilik\u00e7i tasar\u0131m\u0131 ve ileri teknolojisiyle ki\u015fisel zevk deneyiminizi bir ad\u0131m ileriye ta\u015f\u0131yor. Hem titre\u015fim hem de h\u0131z ayarlar\u0131yla tamamen \u00f6zelle\u015ftirilebilen bir deneyim sunan bu \u00f6zel \u00fcr\u00fcn, \u00e7ok y\u00f6nl\u00fc hareket kabiliyeti sayesinde her kullan\u0131mda maksimum konfor ve tatmin sa\u011flar. \u015e\u0131kl\u0131\u011f\u0131, i\u015flevselli\u011fi ve g\u00fcvenli\u011fi birle\u015ftiren Teleskopik Vibrat\u00f6r - Siyah, her an\u0131n\u0131za heyecan ve yenilik katacak.\" \/>\n<meta property=\"og:url\" content=\"https:\/\/hobierotikshop.com.tr\/website1\/erotik-shop-urun\/teleskopik-vibrator-siyah\/\" \/>\n<meta property=\"og:site_name\" content=\"Bursa Erotik Shop\" \/>\n<meta property=\"article:modified_time\" content=\"2026-01-26T12:59:12+00:00\" \/>\n<meta property=\"og:image\" content=\"https:\/\/hobierotikshop.com.tr\/website1\/wp-content\/uploads\/2025\/03\/teleskopik-vibrator-siyah-2864.jpg\" \/>\n\t<meta property=\"og:image:width\" content=\"1500\" \/>\n\t<meta property=\"og:image:height\" content=\"1500\" \/>\n\t<meta property=\"og:image:type\" content=\"image\/jpeg\" \/>\n<meta name=\"twitter:card\" content=\"summary_large_image\" \/>\n<meta name=\"twitter:site\" content=\"@shopbursa\" \/>\n<meta name=\"twitter:label1\" content=\"Fiyat\" \/>\n\t<meta name=\"twitter:data1\" content=\"&#8378;2.440,00 KDV DAH\u0130L\" \/>\n\t<meta name=\"twitter:label2\" content=\"Availability\" \/>\n\t<meta name=\"twitter:data2\" content=\"Out of stock\" \/>\n<script type=\"application\/ld+json\" class=\"yoast-schema-graph\">{\"@context\":\"https:\/\/schema.org\",\"@graph\":[{\"@type\":\"WebPage\",\"@id\":\"https:\/\/hobierotikshop.com.tr\/website1\/erotik-shop-urun\/teleskopik-vibrator-siyah\/\",\"url\":\"https:\/\/hobierotikshop.com.tr\/website1\/erotik-shop-urun\/teleskopik-vibrator-siyah\/\",\"name\":\"Teleskopik Vibrat\u00f6r Siyah - Bursa Erotik Shop\",\"isPartOf\":{\"@id\":\"https:\/\/hobierotikshop.com.tr\/website1\/#website\"},\"primaryImageOfPage\":{\"@id\":\"https:\/\/hobierotikshop.com.tr\/website1\/erotik-shop-urun\/teleskopik-vibrator-siyah\/#primaryimage\"},\"image\":{\"@id\":\"https:\/\/hobierotikshop.com.tr\/website1\/erotik-shop-urun\/teleskopik-vibrator-siyah\/#primaryimage\"},\"thumbnailUrl\":\"https:\/\/haremerotikshop.com\/site\/wp-content\/uploads\/2025\/03\/teleskopik-vibrator-siyah-2864.jpg\",\"datePublished\":\"2025-03-17T09:34:44+00:00\",\"dateModified\":\"2026-01-26T12:59:12+00:00\",\"breadcrumb\":{\"@id\":\"https:\/\/hobierotikshop.com.tr\/website1\/erotik-shop-urun\/teleskopik-vibrator-siyah\/#breadcrumb\"},\"inLanguage\":\"tr\",\"potentialAction\":[{\"@type\":\"ReadAction\",\"target\":[\"https:\/\/hobierotikshop.com.tr\/website1\/erotik-shop-urun\/teleskopik-vibrator-siyah\/\"]}]},{\"@type\":\"ImageObject\",\"inLanguage\":\"tr\",\"@id\":\"https:\/\/hobierotikshop.com.tr\/website1\/erotik-shop-urun\/teleskopik-vibrator-siyah\/#primaryimage\",\"url\":\"https:\/\/haremerotikshop.com\/site\/wp-content\/uploads\/2025\/03\/teleskopik-vibrator-siyah-2864.jpg\",\"contentUrl\":\"https:\/\/haremerotikshop.com\/site\/wp-content\/uploads\/2025\/03\/teleskopik-vibrator-siyah-2864.jpg\",\"width\":1500,\"height\":1500},{\"@type\":\"BreadcrumbList\",\"@id\":\"https:\/\/hobierotikshop.com.tr\/website1\/erotik-shop-urun\/teleskopik-vibrator-siyah\/#breadcrumb\",\"itemListElement\":[{\"@type\":\"ListItem\",\"position\":1,\"name\":\"Anasayfa\",\"item\":\"https:\/\/hobierotikshop.com.tr\/website1\/\"},{\"@type\":\"ListItem\",\"position\":2,\"name\":\"Erotik Shop \u00dcr\u00fcnleri\",\"item\":\"https:\/\/hobierotikshop.com.tr\/website1\/shop\/\"},{\"@type\":\"ListItem\",\"position\":3,\"name\":\"Teleskopik Vibrat\u00f6r Siyah\"}]},{\"@type\":\"WebSite\",\"@id\":\"https:\/\/hobierotikshop.com.tr\/website1\/#website\",\"url\":\"https:\/\/hobierotikshop.com.tr\/website1\/\",\"name\":\"Bursa Erotik Shop\",\"description\":\"Bursa Erotik Shop ile g\u00fcvenli, gizli ve kaliteli yeti\u015fkin \u00fcr\u00fcnleri al\u0131\u015fveri\u015fi! Geni\u015f \u00fcr\u00fcn yelpazemizi ke\u015ffedin, hemen sipari\u015f verin\",\"publisher\":{\"@id\":\"https:\/\/hobierotikshop.com.tr\/website1\/#organization\"},\"alternateName\":\"Erotik Shop\",\"potentialAction\":[{\"@type\":\"SearchAction\",\"target\":{\"@type\":\"EntryPoint\",\"urlTemplate\":\"https:\/\/hobierotikshop.com.tr\/website1\/?s={search_term_string}\"},\"query-input\":{\"@type\":\"PropertyValueSpecification\",\"valueRequired\":true,\"valueName\":\"search_term_string\"}}],\"inLanguage\":\"tr\"},{\"@type\":\"Organization\",\"@id\":\"https:\/\/hobierotikshop.com.tr\/website1\/#organization\",\"name\":\"Harem Bursa Erotik Shop\",\"url\":\"https:\/\/hobierotikshop.com.tr\/website1\/\",\"logo\":{\"@type\":\"ImageObject\",\"inLanguage\":\"tr\",\"@id\":\"https:\/\/hobierotikshop.com.tr\/website1\/#\/schema\/logo\/image\/\",\"url\":\"https:\/\/haremerotikshop.com\/site\/wp-content\/uploads\/2025\/03\/haremsexshop.png\",\"contentUrl\":\"https:\/\/haremerotikshop.com\/site\/wp-content\/uploads\/2025\/03\/haremsexshop.png\",\"width\":400,\"height\":100,\"caption\":\"Harem Bursa Erotik Shop\"},\"image\":{\"@id\":\"https:\/\/hobierotikshop.com.tr\/website1\/#\/schema\/logo\/image\/\"},\"sameAs\":[\"https:\/\/x.com\/shopbursa\"],\"publishingPrinciples\":\"https:\/\/hobierotikshop.com.tr\/website1\/mesafeli-satis-sozlesmesi\/\",\"ownershipFundingInfo\":\"https:\/\/hobierotikshop.com.tr\/website1\/contact-us\/\",\"actionableFeedbackPolicy\":\"https:\/\/hobierotikshop.com.tr\/website1\/contact-us\/\",\"correctionsPolicy\":\"https:\/\/hobierotikshop.com.tr\/website1\/mesafeli-satis-sozlesmesi\/\"}]}<\/script>\n<meta property=\"product:brand\" content=\"Pembe Tilki\" \/>\n<meta property=\"product:price:amount\" content=\"2440.00\" \/>\n<meta property=\"product:price:currency\" content=\"TRY\" \/>\n<meta property=\"og:availability\" content=\"out of stock\" \/>\n<meta property=\"product:availability\" content=\"out of stock\" \/>\n<meta property=\"product:retailer_item_id\" content=\"PT-DVXA429BL\" \/>\n<meta property=\"product:condition\" content=\"new\" \/>\n<!-- \/ Yoast SEO Premium plugin. -->","yoast_head_json":{"title":"Teleskopik Vibrat\u00f6r Siyah - Bursa Erotik Shop","robots":{"index":"index","follow":"follow","max-snippet":"max-snippet:-1","max-image-preview":"max-image-preview:large","max-video-preview":"max-video-preview:-1"},"canonical":"https:\/\/hobierotikshop.com.tr\/website1\/erotik-shop-urun\/teleskopik-vibrator-siyah\/","og_locale":"tr_TR","og_type":"article","og_title":"Teleskopik Vibrat\u00f6r Siyah","og_description":"Teleskopik Vibrat\u00f6r - Siyah, yenilik\u00e7i tasar\u0131m\u0131 ve ileri teknolojisiyle ki\u015fisel zevk deneyiminizi bir ad\u0131m ileriye ta\u015f\u0131yor. Hem titre\u015fim hem de h\u0131z ayarlar\u0131yla tamamen \u00f6zelle\u015ftirilebilen bir deneyim sunan bu \u00f6zel \u00fcr\u00fcn, \u00e7ok y\u00f6nl\u00fc hareket kabiliyeti sayesinde her kullan\u0131mda maksimum konfor ve tatmin sa\u011flar. \u015e\u0131kl\u0131\u011f\u0131, i\u015flevselli\u011fi ve g\u00fcvenli\u011fi birle\u015ftiren Teleskopik Vibrat\u00f6r - Siyah, her an\u0131n\u0131za heyecan ve yenilik katacak.","og_url":"https:\/\/hobierotikshop.com.tr\/website1\/erotik-shop-urun\/teleskopik-vibrator-siyah\/","og_site_name":"Bursa Erotik Shop","article_modified_time":"2026-01-26T12:59:12+00:00","og_image":[{"width":1500,"height":1500,"url":"https:\/\/hobierotikshop.com.tr\/website1\/wp-content\/uploads\/2025\/03\/teleskopik-vibrator-siyah-2864.jpg","type":"image\/jpeg"}],"twitter_card":"summary_large_image","twitter_site":"@shopbursa","twitter_misc":{"Fiyat":"&#8378;2.440,00 KDV DAH\u0130L","Availability":"Out of stock"},"schema":{"@context":"https:\/\/schema.org","@graph":[{"@type":"WebPage","@id":"https:\/\/hobierotikshop.com.tr\/website1\/erotik-shop-urun\/teleskopik-vibrator-siyah\/","url":"https:\/\/hobierotikshop.com.tr\/website1\/erotik-shop-urun\/teleskopik-vibrator-siyah\/","name":"Teleskopik Vibrat\u00f6r Siyah - Bursa Erotik Shop","isPartOf":{"@id":"https:\/\/hobierotikshop.com.tr\/website1\/#website"},"primaryImageOfPage":{"@id":"https:\/\/hobierotikshop.com.tr\/website1\/erotik-shop-urun\/teleskopik-vibrator-siyah\/#primaryimage"},"image":{"@id":"https:\/\/hobierotikshop.com.tr\/website1\/erotik-shop-urun\/teleskopik-vibrator-siyah\/#primaryimage"},"thumbnailUrl":"https:\/\/haremerotikshop.com\/site\/wp-content\/uploads\/2025\/03\/teleskopik-vibrator-siyah-2864.jpg","datePublished":"2025-03-17T09:34:44+00:00","dateModified":"2026-01-26T12:59:12+00:00","breadcrumb":{"@id":"https:\/\/hobierotikshop.com.tr\/website1\/erotik-shop-urun\/teleskopik-vibrator-siyah\/#breadcrumb"},"inLanguage":"tr","potentialAction":[{"@type":"ReadAction","target":["https:\/\/hobierotikshop.com.tr\/website1\/erotik-shop-urun\/teleskopik-vibrator-siyah\/"]}]},{"@type":"ImageObject","inLanguage":"tr","@id":"https:\/\/hobierotikshop.com.tr\/website1\/erotik-shop-urun\/teleskopik-vibrator-siyah\/#primaryimage","url":"https:\/\/haremerotikshop.com\/site\/wp-content\/uploads\/2025\/03\/teleskopik-vibrator-siyah-2864.jpg","contentUrl":"https:\/\/haremerotikshop.com\/site\/wp-content\/uploads\/2025\/03\/teleskopik-vibrator-siyah-2864.jpg","width":1500,"height":1500},{"@type":"BreadcrumbList","@id":"https:\/\/hobierotikshop.com.tr\/website1\/erotik-shop-urun\/teleskopik-vibrator-siyah\/#breadcrumb","itemListElement":[{"@type":"ListItem","position":1,"name":"Anasayfa","item":"https:\/\/hobierotikshop.com.tr\/website1\/"},{"@type":"ListItem","position":2,"name":"Erotik Shop \u00dcr\u00fcnleri","item":"https:\/\/hobierotikshop.com.tr\/website1\/shop\/"},{"@type":"ListItem","position":3,"name":"Teleskopik Vibrat\u00f6r Siyah"}]},{"@type":"WebSite","@id":"https:\/\/hobierotikshop.com.tr\/website1\/#website","url":"https:\/\/hobierotikshop.com.tr\/website1\/","name":"Bursa Erotik Shop","description":"Bursa Erotik Shop ile g\u00fcvenli, gizli ve kaliteli yeti\u015fkin \u00fcr\u00fcnleri al\u0131\u015fveri\u015fi! Geni\u015f \u00fcr\u00fcn yelpazemizi ke\u015ffedin, hemen sipari\u015f verin","publisher":{"@id":"https:\/\/hobierotikshop.com.tr\/website1\/#organization"},"alternateName":"Erotik Shop","potentialAction":[{"@type":"SearchAction","target":{"@type":"EntryPoint","urlTemplate":"https:\/\/hobierotikshop.com.tr\/website1\/?s={search_term_string}"},"query-input":{"@type":"PropertyValueSpecification","valueRequired":true,"valueName":"search_term_string"}}],"inLanguage":"tr"},{"@type":"Organization","@id":"https:\/\/hobierotikshop.com.tr\/website1\/#organization","name":"Harem Bursa Erotik Shop","url":"https:\/\/hobierotikshop.com.tr\/website1\/","logo":{"@type":"ImageObject","inLanguage":"tr","@id":"https:\/\/hobierotikshop.com.tr\/website1\/#\/schema\/logo\/image\/","url":"https:\/\/haremerotikshop.com\/site\/wp-content\/uploads\/2025\/03\/haremsexshop.png","contentUrl":"https:\/\/haremerotikshop.com\/site\/wp-content\/uploads\/2025\/03\/haremsexshop.png","width":400,"height":100,"caption":"Harem Bursa Erotik Shop"},"image":{"@id":"https:\/\/hobierotikshop.com.tr\/website1\/#\/schema\/logo\/image\/"},"sameAs":["https:\/\/x.com\/shopbursa"],"publishingPrinciples":"https:\/\/hobierotikshop.com.tr\/website1\/mesafeli-satis-sozlesmesi\/","ownershipFundingInfo":"https:\/\/hobierotikshop.com.tr\/website1\/contact-us\/","actionableFeedbackPolicy":"https:\/\/hobierotikshop.com.tr\/website1\/contact-us\/","correctionsPolicy":"https:\/\/hobierotikshop.com.tr\/website1\/mesafeli-satis-sozlesmesi\/"}]},"product_brand":"Pembe Tilki","product_price_amount":"2440.00","product_price_currency":"TRY","og_availability":"out of stock","product_availability":"out of stock","product_retailer_item_id":"PT-DVXA429BL","product_condition":"new"},"_links":{"self":[{"href":"https:\/\/haremerotikshop.com\/site\/wp-json\/wp\/v2\/product\/19453","targetHints":{"allow":["GET"]}}],"collection":[{"href":"https:\/\/haremerotikshop.com\/site\/wp-json\/wp\/v2\/product"}],"about":[{"href":"https:\/\/haremerotikshop.com\/site\/wp-json\/wp\/v2\/types\/product"}],"replies":[{"embeddable":true,"href":"https:\/\/haremerotikshop.com\/site\/wp-json\/wp\/v2\/comments?post=19453"}],"version-history":[{"count":0,"href":"https:\/\/haremerotikshop.com\/site\/wp-json\/wp\/v2\/product\/19453\/revisions"}],"wp:featuredmedia":[{"embeddable":true,"href":"https:\/\/haremerotikshop.com\/site\/wp-json\/wp\/v2\/media\/19544"}],"wp:attachment":[{"href":"https:\/\/haremerotikshop.com\/site\/wp-json\/wp\/v2\/media?parent=19453"}],"wp:term":[{"taxonomy":"product_brand","embeddable":true,"href":"https:\/\/haremerotikshop.com\/site\/wp-json\/wp\/v2\/product_brand?post=19453"},{"taxonomy":"product_cat","embeddable":true,"href":"https:\/\/haremerotikshop.com\/site\/wp-json\/wp\/v2\/product_cat?post=19453"},{"taxonomy":"product_tag","embeddable":true,"href":"https:\/\/haremerotikshop.com\/site\/wp-json\/wp\/v2\/product_tag?post=19453"}],"curies":[{"name":"wp","href":"https:\/\/api.w.org\/{rel}","templated":true}]}}