{"id":19511,"date":"2025-03-17T12:35:54","date_gmt":"2025-03-17T09:35:54","guid":{"rendered":"https:\/\/haremerotikshop.com\/site\/?post_type=product&#038;p=19511"},"modified":"2026-01-26T15:37:31","modified_gmt":"2026-01-26T12:37:31","slug":"g-nokta-uyarici-vibrator-mor","status":"publish","type":"product","link":"https:\/\/haremerotikshop.com\/site\/erotik-shop-urun\/g-nokta-uyarici-vibrator-mor\/","title":{"rendered":"G Nokta Uyar\u0131c\u0131 Vibrat\u00f6r Mor"},"content":{"rendered":"<h3 data-start=\"58\" data-end=\"142\"><strong data-start=\"62\" data-end=\"142\">Pembe Tilki G Nokta Uyar\u0131c\u0131 Vibrat\u00f6r &#8211; Mor | G\u00fc\u00e7l\u00fc Titre\u015fim, Estetik Tasar\u0131m<\/strong><\/h3>\n<p data-start=\"144\" data-end=\"528\"><strong data-start=\"144\" data-end=\"190\">Pembe Tilki G Nokta Uyar\u0131c\u0131 Vibrat\u00f6r &#8211; Mor<\/strong>, kad\u0131nlar i\u00e7in \u00f6zel olarak geli\u015ftirilmi\u015f <strong data-start=\"232\" data-end=\"247\">G noktas\u0131n\u0131<\/strong> hedefleyen g\u00fc\u00e7l\u00fc titre\u015fim modlar\u0131yla, her kullan\u0131c\u0131n\u0131n ihtiyac\u0131na y\u00f6nelik tatmin edici bir deneyim sunar. <strong data-start=\"354\" data-end=\"375\">Mor renk se\u00e7ene\u011fi<\/strong>, zarif ve \u015f\u0131k bir tasar\u0131m sunarken, <strong data-start=\"412\" data-end=\"443\">y\u00fcksek kaliteli malzemeleri<\/strong> ve <strong data-start=\"447\" data-end=\"469\">su ge\u00e7irmez yap\u0131s\u0131<\/strong> ile rahatl\u0131k ve hijyen a\u00e7\u0131s\u0131ndan m\u00fckemmel bir \u00e7\u00f6z\u00fcm sunar.<\/p>\n<h3 data-start=\"530\" data-end=\"559\"><strong data-start=\"534\" data-end=\"559\">\u00d6ne \u00c7\u0131kan \u00d6zellikler:<\/strong><\/h3>\n<h4 data-start=\"561\" data-end=\"598\"><strong data-start=\"566\" data-end=\"598\">Malzeme Kalitesi: ABS ve TPR<\/strong><\/h4>\n<p data-start=\"599\" data-end=\"877\">Bu <strong data-start=\"602\" data-end=\"630\">G Nokta Uyar\u0131c\u0131 Vibrat\u00f6r<\/strong>, <strong data-start=\"632\" data-end=\"639\">ABS<\/strong> ve <strong data-start=\"643\" data-end=\"650\">TPR<\/strong> malzemeler kullan\u0131larak \u00fcretilmi\u015ftir. Hem <strong data-start=\"693\" data-end=\"707\">cilt dostu<\/strong> hem de <strong data-start=\"715\" data-end=\"728\">dayan\u0131kl\u0131<\/strong> olan bu malzemeler, g\u00fcvenli ve uzun \u00f6m\u00fcrl\u00fc bir kullan\u0131m sa\u011flar. Bu, ciltte herhangi bir rahats\u0131zl\u0131k yaratmadan rahat\u00e7a kullan\u0131labilecek bir \u00fcr\u00fcnd\u00fcr.<\/p>\n<h4 data-start=\"879\" data-end=\"910\"><strong data-start=\"884\" data-end=\"910\">2 Farkl\u0131 Titre\u015fim Modu<\/strong><\/h4>\n<p data-start=\"911\" data-end=\"1218\"><strong data-start=\"911\" data-end=\"957\">Pembe Tilki G Nokta Uyar\u0131c\u0131 Vibrat\u00f6r &#8211; Mor<\/strong>, 2 adet AAA pil ile \u00e7al\u0131\u015fan <strong data-start=\"986\" data-end=\"1006\">titre\u015fim modlar\u0131<\/strong> sunar. Kullan\u0131c\u0131lar, ki\u015fisel tercihlerine g\u00f6re <strong data-start=\"1054\" data-end=\"1079\">titre\u015fim seviyelerini<\/strong> ayarlayarak, istedikleri yo\u011funlukta uyar\u0131m sa\u011flayabilirler. Farkl\u0131 h\u0131z se\u00e7enekleri, her an\u0131 benzersiz k\u0131lmak i\u00e7in ideal bir \u00f6zellik sunar.<\/p>\n<h4 data-start=\"1220\" data-end=\"1253\"><strong data-start=\"1225\" data-end=\"1253\">Kompakt ve Hafif Tasar\u0131m<\/strong><\/h4>\n<p data-start=\"1254\" data-end=\"1508\"><strong data-start=\"1254\" data-end=\"1270\">32mm x 185mm<\/strong> boyutlar\u0131nda olan bu vibrat\u00f6r, <strong data-start=\"1302\" data-end=\"1310\">100g<\/strong> a\u011f\u0131rl\u0131\u011f\u0131 ile son derece hafif ve ta\u015f\u0131nabilir bir tasar\u0131ma sahiptir. <strong data-start=\"1379\" data-end=\"1397\">Kompakt yap\u0131s\u0131<\/strong> sayesinde seyahatlerde rahatl\u0131kla ta\u015f\u0131nabilir ve gizlili\u011finizi koruyarak istedi\u011finiz her an kullanabilirsiniz.<\/p>\n<h4 data-start=\"1510\" data-end=\"1547\"><strong data-start=\"1515\" data-end=\"1547\">Suya Dayan\u0131kl\u0131 IPX5 \u00d6zelli\u011fi<\/strong><\/h4>\n<p data-start=\"1548\" data-end=\"1830\"><strong data-start=\"1548\" data-end=\"1594\">Pembe Tilki G Nokta Uyar\u0131c\u0131 Vibrat\u00f6r &#8211; Mor<\/strong>, <strong data-start=\"1596\" data-end=\"1628\">IPX5 su ge\u00e7irmezlik seviyesi<\/strong> ile du\u015fta veya banyoda rahat\u00e7a kullan\u0131labilir. Ayr\u0131ca, su ge\u00e7irmez yap\u0131s\u0131 sayesinde <strong data-start=\"1713\" data-end=\"1735\">temizlik i\u015flemleri<\/strong> son derece kolayd\u0131r. Bu \u00f6zelli\u011fiyle \u00fcr\u00fcn, her kullan\u0131m sonras\u0131nda hijyenik bir deneyim sa\u011flar.<\/p>\n<h4 data-start=\"1832\" data-end=\"1864\"><strong data-start=\"1837\" data-end=\"1864\">Estetik ve \u015e\u0131k Mor Renk<\/strong><\/h4>\n<p data-start=\"1865\" data-end=\"2117\">\u00dcr\u00fcn, <strong data-start=\"1871\" data-end=\"1889\">zarif mor renk<\/strong> se\u00e7ene\u011fiyle sunulur. \u015e\u0131k ve modern tasar\u0131m\u0131, estetik a\u00e7\u0131dan da tatmin edici bir g\u00f6r\u00fcn\u00fcme sahiptir. Hem i\u015flevsel hem de g\u00f6rsel olarak kullan\u0131c\u0131lar\u0131n be\u011fenisini kazanan bu tasar\u0131m, cinsel deneyiminizi daha keyifli hale getirecek.<\/p>\n<h3 data-start=\"2119\" data-end=\"2147\"><strong data-start=\"2123\" data-end=\"2147\">Boyutlar ve A\u011f\u0131rl\u0131k:<\/strong><\/h3>\n<ul data-start=\"2149\" data-end=\"2261\">\n<li data-start=\"2149\" data-end=\"2169\"><strong data-start=\"2151\" data-end=\"2163\">Uzunluk:<\/strong> 185mm<\/li>\n<li data-start=\"2170\" data-end=\"2185\"><strong data-start=\"2172\" data-end=\"2180\">\u00c7ap:<\/strong> 32mm<\/li>\n<li data-start=\"2186\" data-end=\"2205\"><strong data-start=\"2188\" data-end=\"2200\">A\u011f\u0131rl\u0131k:<\/strong> 100g<\/li>\n<li data-start=\"2206\" data-end=\"2261\"><strong data-start=\"2208\" data-end=\"2228\">Kompakt Tasar\u0131m:<\/strong> Kolay ta\u015f\u0131nabilirlik ve kullan\u0131m<\/li>\n<\/ul>\n<h3 data-start=\"2263\" data-end=\"2320\"><strong data-start=\"2267\" data-end=\"2320\">Neden Pembe Tilki G Nokta Uyar\u0131c\u0131 Vibrat\u00f6r &#8211; Mor?<\/strong><\/h3>\n<ul data-start=\"2322\" data-end=\"2687\">\n<li data-start=\"2322\" data-end=\"2406\"><strong data-start=\"2324\" data-end=\"2350\">2 Farkl\u0131 Titre\u015fim Modu<\/strong> ile ki\u015fisel zevkinize g\u00f6re \u00f6zelle\u015ftirilmi\u015f bir deneyim.<\/li>\n<li data-start=\"2407\" data-end=\"2475\"><strong data-start=\"2409\" data-end=\"2444\">Cilt Dostu ABS ve TPR Malzemesi<\/strong>, g\u00fcvenli ve konforlu kullan\u0131m.<\/li>\n<li data-start=\"2476\" data-end=\"2542\"><strong data-start=\"2478\" data-end=\"2501\">IPX5 Su Ge\u00e7irmezlik<\/strong> ile du\u015fta ve banyoda kullan\u0131m kolayl\u0131\u011f\u0131.<\/li>\n<li data-start=\"2543\" data-end=\"2615\"><strong data-start=\"2545\" data-end=\"2570\">\u015e\u0131k Mor Renk Se\u00e7ene\u011fi<\/strong> ile estetik a\u00e7\u0131dan tatmin edici bir tasar\u0131m.<\/li>\n<li data-start=\"2616\" data-end=\"2687\"><strong data-start=\"2618\" data-end=\"2638\">Kompakt ve Hafif<\/strong> yap\u0131s\u0131 sayesinde ta\u015f\u0131nabilir ve pratik kullan\u0131m.<\/li>\n<\/ul>\n<h3 data-start=\"2689\" data-end=\"2772\"><strong data-start=\"2693\" data-end=\"2772\">Unutulmaz Cinsel Deneyimler \u0130\u00e7in Pembe Tilki G Nokta Uyar\u0131c\u0131 Vibrat\u00f6r &#8211; Mor<\/strong><\/h3>\n<p data-start=\"2774\" data-end=\"3150\"><strong data-start=\"2774\" data-end=\"2820\">Pembe Tilki G Nokta Uyar\u0131c\u0131 Vibrat\u00f6r &#8211; Mor<\/strong>, \u015f\u0131k tasar\u0131m\u0131 ve g\u00fc\u00e7l\u00fc titre\u015fim modlar\u0131yla, <strong data-start=\"2865\" data-end=\"2880\">G noktas\u0131n\u0131<\/strong> hedef alarak yo\u011fun bir cinsel deneyim sunar. <strong data-start=\"2926\" data-end=\"2944\">Kompakt yap\u0131s\u0131<\/strong> ve <strong data-start=\"2948\" data-end=\"2975\">su ge\u00e7irmezlik \u00f6zelli\u011fi<\/strong> sayesinde her an ve her yerde rahatl\u0131kla kullan\u0131labilir. Kendinizi \u015f\u0131martmak ve <strong data-start=\"3056\" data-end=\"3075\">\u00f6zel anlar\u0131n\u0131z\u0131<\/strong> daha da anlaml\u0131 hale getirmek i\u00e7in bu zarif ve fonksiyonel \u00fcr\u00fcn\u00fc ke\u015ffedin!<\/p>\n<hr data-start=\"3152\" data-end=\"3155\" \/>\n<p data-start=\"3157\" data-end=\"3396\" data-is-last-node=\"\" data-is-only-node=\"\"><strong data-start=\"3157\" data-end=\"3203\">Pembe Tilki G Nokta Uyar\u0131c\u0131 Vibrat\u00f6r &#8211; Mor<\/strong>, hem estetik hem de i\u015flevsel \u00f6zellikleriyle her kad\u0131n\u0131n ihtiyac\u0131n\u0131 kar\u015f\u0131lar. <strong data-start=\"3281\" data-end=\"3298\">Zarif tasar\u0131m<\/strong>, <strong data-start=\"3300\" data-end=\"3327\">y\u00fcksek kaliteli malzeme<\/strong>, ve <strong data-start=\"3332\" data-end=\"3359\">farkl\u0131 titre\u015fim modlar\u0131<\/strong> ile tatmin edici bir deneyim sa\u011flar.<\/p>\n","protected":false},"excerpt":{"rendered":"<p><strong data-start=\"144\" data-end=\"190\">Pembe Tilki G Nokta Uyar\u0131c\u0131 Vibrat\u00f6r &#8211; Mor<\/strong>, kad\u0131nlar i\u00e7in \u00f6zel olarak geli\u015ftirilmi\u015f <strong data-start=\"232\" data-end=\"247\">G noktas\u0131n\u0131<\/strong> hedefleyen g\u00fc\u00e7l\u00fc titre\u015fim modlar\u0131yla, her kullan\u0131c\u0131n\u0131n ihtiyac\u0131na y\u00f6nelik tatmin edici bir deneyim sunar. <strong data-start=\"354\" data-end=\"375\">Mor renk se\u00e7ene\u011fi<\/strong>, zarif ve \u015f\u0131k bir tasar\u0131m sunarken, <strong data-start=\"412\" data-end=\"443\">y\u00fcksek kaliteli malzemeleri<\/strong> ve <strong data-start=\"447\" data-end=\"469\">su ge\u00e7irmez yap\u0131s\u0131<\/strong> ile rahatl\u0131k ve hijyen a\u00e7\u0131s\u0131ndan m\u00fckemmel bir \u00e7\u00f6z\u00fcm sunar.<\/p>\n","protected":false},"featured_media":19588,"comment_status":"open","ping_status":"closed","template":"","meta":[],"product_brand":[127],"product_cat":[83],"product_tag":[342],"class_list":{"0":"post-19511","1":"product","2":"type-product","3":"status-publish","4":"has-post-thumbnail","6":"product_brand-pembe-tilki","7":"product_cat-g-noktasi-vibratoru","8":"product_tag-g-nokta-uyarici-vibrator-mor","10":"first","11":"outofstock","12":"taxable","13":"shipping-taxable","14":"purchasable","15":"product-type-simple"},"yoast_head":"<!-- This site is optimized with the Yoast SEO Premium plugin v24.4 (Yoast SEO v27.1.1) - https:\/\/yoast.com\/product\/yoast-seo-premium-wordpress\/ -->\n<title>G Nokta Uyar\u0131c\u0131 Vibrat\u00f6r Mor - Bursa Erotik Shop<\/title>\n<meta name=\"robots\" content=\"index, follow, max-snippet:-1, max-image-preview:large, max-video-preview:-1\" \/>\n<link rel=\"canonical\" href=\"https:\/\/hobierotikshop.com.tr\/website1\/erotik-shop-urun\/g-nokta-uyarici-vibrator-mor\/\" \/>\n<meta property=\"og:locale\" content=\"tr_TR\" \/>\n<meta property=\"og:type\" content=\"article\" \/>\n<meta property=\"og:title\" content=\"G Nokta Uyar\u0131c\u0131 Vibrat\u00f6r Mor\" \/>\n<meta property=\"og:description\" content=\"Pembe Tilki G Nokta Uyar\u0131c\u0131 Vibrat\u00f6r - Mor, kad\u0131nlar i\u00e7in \u00f6zel olarak geli\u015ftirilmi\u015f G noktas\u0131n\u0131 hedefleyen g\u00fc\u00e7l\u00fc titre\u015fim modlar\u0131yla, her kullan\u0131c\u0131n\u0131n ihtiyac\u0131na y\u00f6nelik tatmin edici bir deneyim sunar. Mor renk se\u00e7ene\u011fi, zarif ve \u015f\u0131k bir tasar\u0131m sunarken, y\u00fcksek kaliteli malzemeleri ve su ge\u00e7irmez yap\u0131s\u0131 ile rahatl\u0131k ve hijyen a\u00e7\u0131s\u0131ndan m\u00fckemmel bir \u00e7\u00f6z\u00fcm sunar.\" \/>\n<meta property=\"og:url\" content=\"https:\/\/hobierotikshop.com.tr\/website1\/erotik-shop-urun\/g-nokta-uyarici-vibrator-mor\/\" \/>\n<meta property=\"og:site_name\" content=\"Bursa Erotik Shop\" \/>\n<meta property=\"article:modified_time\" content=\"2026-01-26T12:37:31+00:00\" \/>\n<meta property=\"og:image\" content=\"https:\/\/hobierotikshop.com.tr\/website1\/wp-content\/uploads\/2025\/03\/g-nokta-uyarici-vibrator-mor-2085.jpg\" \/>\n\t<meta property=\"og:image:width\" content=\"1500\" \/>\n\t<meta property=\"og:image:height\" content=\"1500\" \/>\n\t<meta property=\"og:image:type\" content=\"image\/jpeg\" \/>\n<meta name=\"twitter:card\" content=\"summary_large_image\" \/>\n<meta name=\"twitter:site\" content=\"@shopbursa\" \/>\n<meta name=\"twitter:label1\" content=\"Fiyat\" \/>\n\t<meta name=\"twitter:data1\" content=\"&#8378;1.310,00 KDV DAH\u0130L\" \/>\n\t<meta name=\"twitter:label2\" content=\"Availability\" \/>\n\t<meta name=\"twitter:data2\" content=\"Out of stock\" \/>\n<script type=\"application\/ld+json\" class=\"yoast-schema-graph\">{\"@context\":\"https:\/\/schema.org\",\"@graph\":[{\"@type\":\"WebPage\",\"@id\":\"https:\/\/hobierotikshop.com.tr\/website1\/erotik-shop-urun\/g-nokta-uyarici-vibrator-mor\/\",\"url\":\"https:\/\/hobierotikshop.com.tr\/website1\/erotik-shop-urun\/g-nokta-uyarici-vibrator-mor\/\",\"name\":\"G Nokta Uyar\u0131c\u0131 Vibrat\u00f6r Mor - Bursa Erotik Shop\",\"isPartOf\":{\"@id\":\"https:\/\/hobierotikshop.com.tr\/website1\/#website\"},\"primaryImageOfPage\":{\"@id\":\"https:\/\/hobierotikshop.com.tr\/website1\/erotik-shop-urun\/g-nokta-uyarici-vibrator-mor\/#primaryimage\"},\"image\":{\"@id\":\"https:\/\/hobierotikshop.com.tr\/website1\/erotik-shop-urun\/g-nokta-uyarici-vibrator-mor\/#primaryimage\"},\"thumbnailUrl\":\"https:\/\/haremerotikshop.com\/site\/wp-content\/uploads\/2025\/03\/g-nokta-uyarici-vibrator-mor-2085.jpg\",\"datePublished\":\"2025-03-17T09:35:54+00:00\",\"dateModified\":\"2026-01-26T12:37:31+00:00\",\"breadcrumb\":{\"@id\":\"https:\/\/hobierotikshop.com.tr\/website1\/erotik-shop-urun\/g-nokta-uyarici-vibrator-mor\/#breadcrumb\"},\"inLanguage\":\"tr\",\"potentialAction\":[{\"@type\":\"ReadAction\",\"target\":[\"https:\/\/hobierotikshop.com.tr\/website1\/erotik-shop-urun\/g-nokta-uyarici-vibrator-mor\/\"]}]},{\"@type\":\"ImageObject\",\"inLanguage\":\"tr\",\"@id\":\"https:\/\/hobierotikshop.com.tr\/website1\/erotik-shop-urun\/g-nokta-uyarici-vibrator-mor\/#primaryimage\",\"url\":\"https:\/\/haremerotikshop.com\/site\/wp-content\/uploads\/2025\/03\/g-nokta-uyarici-vibrator-mor-2085.jpg\",\"contentUrl\":\"https:\/\/haremerotikshop.com\/site\/wp-content\/uploads\/2025\/03\/g-nokta-uyarici-vibrator-mor-2085.jpg\",\"width\":1500,\"height\":1500},{\"@type\":\"BreadcrumbList\",\"@id\":\"https:\/\/hobierotikshop.com.tr\/website1\/erotik-shop-urun\/g-nokta-uyarici-vibrator-mor\/#breadcrumb\",\"itemListElement\":[{\"@type\":\"ListItem\",\"position\":1,\"name\":\"Anasayfa\",\"item\":\"https:\/\/hobierotikshop.com.tr\/website1\/\"},{\"@type\":\"ListItem\",\"position\":2,\"name\":\"Erotik Shop \u00dcr\u00fcnleri\",\"item\":\"https:\/\/hobierotikshop.com.tr\/website1\/shop\/\"},{\"@type\":\"ListItem\",\"position\":3,\"name\":\"G Nokta Uyar\u0131c\u0131 Vibrat\u00f6r Mor\"}]},{\"@type\":\"WebSite\",\"@id\":\"https:\/\/hobierotikshop.com.tr\/website1\/#website\",\"url\":\"https:\/\/hobierotikshop.com.tr\/website1\/\",\"name\":\"Bursa Erotik Shop\",\"description\":\"Bursa Erotik Shop ile g\u00fcvenli, gizli ve kaliteli yeti\u015fkin \u00fcr\u00fcnleri al\u0131\u015fveri\u015fi! Geni\u015f \u00fcr\u00fcn yelpazemizi ke\u015ffedin, hemen sipari\u015f verin\",\"publisher\":{\"@id\":\"https:\/\/hobierotikshop.com.tr\/website1\/#organization\"},\"alternateName\":\"Erotik Shop\",\"potentialAction\":[{\"@type\":\"SearchAction\",\"target\":{\"@type\":\"EntryPoint\",\"urlTemplate\":\"https:\/\/hobierotikshop.com.tr\/website1\/?s={search_term_string}\"},\"query-input\":{\"@type\":\"PropertyValueSpecification\",\"valueRequired\":true,\"valueName\":\"search_term_string\"}}],\"inLanguage\":\"tr\"},{\"@type\":\"Organization\",\"@id\":\"https:\/\/hobierotikshop.com.tr\/website1\/#organization\",\"name\":\"Harem Bursa Erotik Shop\",\"url\":\"https:\/\/hobierotikshop.com.tr\/website1\/\",\"logo\":{\"@type\":\"ImageObject\",\"inLanguage\":\"tr\",\"@id\":\"https:\/\/hobierotikshop.com.tr\/website1\/#\/schema\/logo\/image\/\",\"url\":\"https:\/\/haremerotikshop.com\/site\/wp-content\/uploads\/2025\/03\/haremsexshop.png\",\"contentUrl\":\"https:\/\/haremerotikshop.com\/site\/wp-content\/uploads\/2025\/03\/haremsexshop.png\",\"width\":400,\"height\":100,\"caption\":\"Harem Bursa Erotik Shop\"},\"image\":{\"@id\":\"https:\/\/hobierotikshop.com.tr\/website1\/#\/schema\/logo\/image\/\"},\"sameAs\":[\"https:\/\/x.com\/shopbursa\"],\"publishingPrinciples\":\"https:\/\/hobierotikshop.com.tr\/website1\/mesafeli-satis-sozlesmesi\/\",\"ownershipFundingInfo\":\"https:\/\/hobierotikshop.com.tr\/website1\/contact-us\/\",\"actionableFeedbackPolicy\":\"https:\/\/hobierotikshop.com.tr\/website1\/contact-us\/\",\"correctionsPolicy\":\"https:\/\/hobierotikshop.com.tr\/website1\/mesafeli-satis-sozlesmesi\/\"}]}<\/script>\n<meta property=\"product:brand\" content=\"Pembe Tilki\" \/>\n<meta property=\"product:price:amount\" content=\"1310.00\" \/>\n<meta property=\"product:price:currency\" content=\"TRY\" \/>\n<meta property=\"og:availability\" content=\"out of stock\" \/>\n<meta property=\"product:availability\" content=\"out of stock\" \/>\n<meta property=\"product:retailer_item_id\" content=\"PT-DVXA012PRP\" \/>\n<meta property=\"product:condition\" content=\"new\" \/>\n<!-- \/ Yoast SEO Premium plugin. -->","yoast_head_json":{"title":"G Nokta Uyar\u0131c\u0131 Vibrat\u00f6r Mor - Bursa Erotik Shop","robots":{"index":"index","follow":"follow","max-snippet":"max-snippet:-1","max-image-preview":"max-image-preview:large","max-video-preview":"max-video-preview:-1"},"canonical":"https:\/\/hobierotikshop.com.tr\/website1\/erotik-shop-urun\/g-nokta-uyarici-vibrator-mor\/","og_locale":"tr_TR","og_type":"article","og_title":"G Nokta Uyar\u0131c\u0131 Vibrat\u00f6r Mor","og_description":"Pembe Tilki G Nokta Uyar\u0131c\u0131 Vibrat\u00f6r - Mor, kad\u0131nlar i\u00e7in \u00f6zel olarak geli\u015ftirilmi\u015f G noktas\u0131n\u0131 hedefleyen g\u00fc\u00e7l\u00fc titre\u015fim modlar\u0131yla, her kullan\u0131c\u0131n\u0131n ihtiyac\u0131na y\u00f6nelik tatmin edici bir deneyim sunar. Mor renk se\u00e7ene\u011fi, zarif ve \u015f\u0131k bir tasar\u0131m sunarken, y\u00fcksek kaliteli malzemeleri ve su ge\u00e7irmez yap\u0131s\u0131 ile rahatl\u0131k ve hijyen a\u00e7\u0131s\u0131ndan m\u00fckemmel bir \u00e7\u00f6z\u00fcm sunar.","og_url":"https:\/\/hobierotikshop.com.tr\/website1\/erotik-shop-urun\/g-nokta-uyarici-vibrator-mor\/","og_site_name":"Bursa Erotik Shop","article_modified_time":"2026-01-26T12:37:31+00:00","og_image":[{"width":1500,"height":1500,"url":"https:\/\/hobierotikshop.com.tr\/website1\/wp-content\/uploads\/2025\/03\/g-nokta-uyarici-vibrator-mor-2085.jpg","type":"image\/jpeg"}],"twitter_card":"summary_large_image","twitter_site":"@shopbursa","twitter_misc":{"Fiyat":"&#8378;1.310,00 KDV DAH\u0130L","Availability":"Out of stock"},"schema":{"@context":"https:\/\/schema.org","@graph":[{"@type":"WebPage","@id":"https:\/\/hobierotikshop.com.tr\/website1\/erotik-shop-urun\/g-nokta-uyarici-vibrator-mor\/","url":"https:\/\/hobierotikshop.com.tr\/website1\/erotik-shop-urun\/g-nokta-uyarici-vibrator-mor\/","name":"G Nokta Uyar\u0131c\u0131 Vibrat\u00f6r Mor - Bursa Erotik Shop","isPartOf":{"@id":"https:\/\/hobierotikshop.com.tr\/website1\/#website"},"primaryImageOfPage":{"@id":"https:\/\/hobierotikshop.com.tr\/website1\/erotik-shop-urun\/g-nokta-uyarici-vibrator-mor\/#primaryimage"},"image":{"@id":"https:\/\/hobierotikshop.com.tr\/website1\/erotik-shop-urun\/g-nokta-uyarici-vibrator-mor\/#primaryimage"},"thumbnailUrl":"https:\/\/haremerotikshop.com\/site\/wp-content\/uploads\/2025\/03\/g-nokta-uyarici-vibrator-mor-2085.jpg","datePublished":"2025-03-17T09:35:54+00:00","dateModified":"2026-01-26T12:37:31+00:00","breadcrumb":{"@id":"https:\/\/hobierotikshop.com.tr\/website1\/erotik-shop-urun\/g-nokta-uyarici-vibrator-mor\/#breadcrumb"},"inLanguage":"tr","potentialAction":[{"@type":"ReadAction","target":["https:\/\/hobierotikshop.com.tr\/website1\/erotik-shop-urun\/g-nokta-uyarici-vibrator-mor\/"]}]},{"@type":"ImageObject","inLanguage":"tr","@id":"https:\/\/hobierotikshop.com.tr\/website1\/erotik-shop-urun\/g-nokta-uyarici-vibrator-mor\/#primaryimage","url":"https:\/\/haremerotikshop.com\/site\/wp-content\/uploads\/2025\/03\/g-nokta-uyarici-vibrator-mor-2085.jpg","contentUrl":"https:\/\/haremerotikshop.com\/site\/wp-content\/uploads\/2025\/03\/g-nokta-uyarici-vibrator-mor-2085.jpg","width":1500,"height":1500},{"@type":"BreadcrumbList","@id":"https:\/\/hobierotikshop.com.tr\/website1\/erotik-shop-urun\/g-nokta-uyarici-vibrator-mor\/#breadcrumb","itemListElement":[{"@type":"ListItem","position":1,"name":"Anasayfa","item":"https:\/\/hobierotikshop.com.tr\/website1\/"},{"@type":"ListItem","position":2,"name":"Erotik Shop \u00dcr\u00fcnleri","item":"https:\/\/hobierotikshop.com.tr\/website1\/shop\/"},{"@type":"ListItem","position":3,"name":"G Nokta Uyar\u0131c\u0131 Vibrat\u00f6r Mor"}]},{"@type":"WebSite","@id":"https:\/\/hobierotikshop.com.tr\/website1\/#website","url":"https:\/\/hobierotikshop.com.tr\/website1\/","name":"Bursa Erotik Shop","description":"Bursa Erotik Shop ile g\u00fcvenli, gizli ve kaliteli yeti\u015fkin \u00fcr\u00fcnleri al\u0131\u015fveri\u015fi! Geni\u015f \u00fcr\u00fcn yelpazemizi ke\u015ffedin, hemen sipari\u015f verin","publisher":{"@id":"https:\/\/hobierotikshop.com.tr\/website1\/#organization"},"alternateName":"Erotik Shop","potentialAction":[{"@type":"SearchAction","target":{"@type":"EntryPoint","urlTemplate":"https:\/\/hobierotikshop.com.tr\/website1\/?s={search_term_string}"},"query-input":{"@type":"PropertyValueSpecification","valueRequired":true,"valueName":"search_term_string"}}],"inLanguage":"tr"},{"@type":"Organization","@id":"https:\/\/hobierotikshop.com.tr\/website1\/#organization","name":"Harem Bursa Erotik Shop","url":"https:\/\/hobierotikshop.com.tr\/website1\/","logo":{"@type":"ImageObject","inLanguage":"tr","@id":"https:\/\/hobierotikshop.com.tr\/website1\/#\/schema\/logo\/image\/","url":"https:\/\/haremerotikshop.com\/site\/wp-content\/uploads\/2025\/03\/haremsexshop.png","contentUrl":"https:\/\/haremerotikshop.com\/site\/wp-content\/uploads\/2025\/03\/haremsexshop.png","width":400,"height":100,"caption":"Harem Bursa Erotik Shop"},"image":{"@id":"https:\/\/hobierotikshop.com.tr\/website1\/#\/schema\/logo\/image\/"},"sameAs":["https:\/\/x.com\/shopbursa"],"publishingPrinciples":"https:\/\/hobierotikshop.com.tr\/website1\/mesafeli-satis-sozlesmesi\/","ownershipFundingInfo":"https:\/\/hobierotikshop.com.tr\/website1\/contact-us\/","actionableFeedbackPolicy":"https:\/\/hobierotikshop.com.tr\/website1\/contact-us\/","correctionsPolicy":"https:\/\/hobierotikshop.com.tr\/website1\/mesafeli-satis-sozlesmesi\/"}]},"product_brand":"Pembe Tilki","product_price_amount":"1310.00","product_price_currency":"TRY","og_availability":"out of stock","product_availability":"out of stock","product_retailer_item_id":"PT-DVXA012PRP","product_condition":"new"},"_links":{"self":[{"href":"https:\/\/haremerotikshop.com\/site\/wp-json\/wp\/v2\/product\/19511","targetHints":{"allow":["GET"]}}],"collection":[{"href":"https:\/\/haremerotikshop.com\/site\/wp-json\/wp\/v2\/product"}],"about":[{"href":"https:\/\/haremerotikshop.com\/site\/wp-json\/wp\/v2\/types\/product"}],"replies":[{"embeddable":true,"href":"https:\/\/haremerotikshop.com\/site\/wp-json\/wp\/v2\/comments?post=19511"}],"version-history":[{"count":0,"href":"https:\/\/haremerotikshop.com\/site\/wp-json\/wp\/v2\/product\/19511\/revisions"}],"wp:featuredmedia":[{"embeddable":true,"href":"https:\/\/haremerotikshop.com\/site\/wp-json\/wp\/v2\/media\/19588"}],"wp:attachment":[{"href":"https:\/\/haremerotikshop.com\/site\/wp-json\/wp\/v2\/media?parent=19511"}],"wp:term":[{"taxonomy":"product_brand","embeddable":true,"href":"https:\/\/haremerotikshop.com\/site\/wp-json\/wp\/v2\/product_brand?post=19511"},{"taxonomy":"product_cat","embeddable":true,"href":"https:\/\/haremerotikshop.com\/site\/wp-json\/wp\/v2\/product_cat?post=19511"},{"taxonomy":"product_tag","embeddable":true,"href":"https:\/\/haremerotikshop.com\/site\/wp-json\/wp\/v2\/product_tag?post=19511"}],"curies":[{"name":"wp","href":"https:\/\/api.w.org\/{rel}","templated":true}]}}