{"id":19513,"date":"2025-03-17T12:35:55","date_gmt":"2025-03-17T09:35:55","guid":{"rendered":"https:\/\/haremerotikshop.com\/site\/?post_type=product&#038;p=19513"},"modified":"2026-01-26T15:37:09","modified_gmt":"2026-01-26T12:37:09","slug":"g-nokta-uyarici-vibrator-rose","status":"publish","type":"product","link":"https:\/\/haremerotikshop.com\/site\/erotik-shop-urun\/g-nokta-uyarici-vibrator-rose\/","title":{"rendered":"G Nokta Uyar\u0131c\u0131 Vibrat\u00f6r Rose"},"content":{"rendered":"<h3 data-start=\"58\" data-end=\"136\"><strong data-start=\"62\" data-end=\"136\">G Nokta Uyar\u0131c\u0131 Vibrat\u00f6r &#8211; Rose | Ger\u00e7ek\u00e7i Tasar\u0131m ve G\u00fc\u00e7l\u00fc Performans<\/strong><\/h3>\n<p data-start=\"138\" data-end=\"565\"><strong data-start=\"138\" data-end=\"173\">G Nokta Uyar\u0131c\u0131 Vibrat\u00f6r &#8211; Rose<\/strong>, <strong data-start=\"175\" data-end=\"182\">\u015f\u0131k<\/strong> ve <strong data-start=\"186\" data-end=\"208\">yenilik\u00e7i tasar\u0131m\u0131<\/strong> ile unutulmaz cinsel deneyimler ya\u015faman\u0131z i\u00e7in \u00f6zel olarak tasarlanm\u0131\u015ft\u0131r. Ger\u00e7ek\u00e7i ba\u015f yap\u0131s\u0131, anatomik olarak do\u011fru \u015fekillendirilmi\u015f dalgal\u0131 formu ve g\u00fc\u00e7l\u00fc <strong data-start=\"367\" data-end=\"391\">titre\u015fim se\u00e7enekleri<\/strong> ile bu vibrat\u00f6r, <strong data-start=\"409\" data-end=\"424\">G noktas\u0131n\u0131<\/strong> hedef alarak maksimum zevk sa\u011flar. <strong data-start=\"460\" data-end=\"476\">Esnek yap\u0131s\u0131<\/strong> ve <strong data-start=\"480\" data-end=\"500\">sessiz \u00e7al\u0131\u015fmas\u0131<\/strong> sayesinde gizlili\u011finizi koruyarak rahatl\u0131kla kullanabilirsiniz.<\/p>\n<h3 data-start=\"567\" data-end=\"596\"><strong data-start=\"571\" data-end=\"596\">\u00d6ne \u00c7\u0131kan \u00d6zellikler:<\/strong><\/h3>\n<h4 data-start=\"598\" data-end=\"623\"><strong data-start=\"603\" data-end=\"623\">10 Titre\u015fim Modu<\/strong><\/h4>\n<p data-start=\"624\" data-end=\"870\"><strong data-start=\"624\" data-end=\"659\">G Nokta Uyar\u0131c\u0131 Vibrat\u00f6r &#8211; Rose<\/strong>, 10 farkl\u0131 <strong data-start=\"671\" data-end=\"688\">titre\u015fim modu<\/strong> ile farkl\u0131 h\u0131z ve ritimlerdeki se\u00e7eneklerle <strong data-start=\"733\" data-end=\"754\">ki\u015fisel zevkinize<\/strong> hitap eder. Farkl\u0131 <strong data-start=\"774\" data-end=\"799\">titre\u015fim yo\u011funluklar\u0131<\/strong> sayesinde, her kullan\u0131mda farkl\u0131 bir deneyim ya\u015faman\u0131za olanak tan\u0131r.<\/p>\n<h4 data-start=\"872\" data-end=\"919\"><strong data-start=\"877\" data-end=\"919\">Ger\u00e7ek\u00e7i Ba\u015f Yap\u0131s\u0131 ve Dalgal\u0131 Tasar\u0131m<\/strong><\/h4>\n<p data-start=\"920\" data-end=\"1284\">Anatomik olarak tasarlanm\u0131\u015f <strong data-start=\"948\" data-end=\"971\">ger\u00e7ek\u00e7i ba\u015f yap\u0131s\u0131<\/strong>, <strong data-start=\"973\" data-end=\"999\">dalgal\u0131 g\u00f6vde tasar\u0131m\u0131<\/strong>yla birle\u015ferek <strong data-start=\"1014\" data-end=\"1029\">G noktas\u0131na<\/strong> do\u011frudan uyar\u0131m yapar. Bu sayede, her seferinde derinlemesine bir uyar\u0131m sa\u011flar ve \u00e7ok daha yo\u011fun bir deneyim elde etmenize yard\u0131mc\u0131 olur. <strong data-start=\"1169\" data-end=\"1188\">Dalgal\u0131 tasar\u0131m<\/strong>, cildinize farkl\u0131 dokunma hissiyatlar\u0131 sunar, b\u00f6ylece her kullan\u0131mda daha fazla zevk al\u0131rs\u0131n\u0131z.<\/p>\n<h4 data-start=\"1286\" data-end=\"1314\"><strong data-start=\"1291\" data-end=\"1314\">IPX7 Su Ge\u00e7irmezlik<\/strong><\/h4>\n<p data-start=\"1315\" data-end=\"1553\"><strong data-start=\"1315\" data-end=\"1347\">IPX7 su ge\u00e7irmezlik \u00f6zelli\u011fi<\/strong>, bu vibrat\u00f6r\u00fc <strong data-start=\"1362\" data-end=\"1371\">du\u015fta<\/strong> veya <strong data-start=\"1377\" data-end=\"1388\">banyoda<\/strong> g\u00fcvenle kullanabilmenizi sa\u011flar. <strong data-start=\"1422\" data-end=\"1442\">Su ge\u00e7irmez yap\u0131<\/strong>, temizlik ve hijyen a\u00e7\u0131s\u0131ndan kolayl\u0131k sa\u011flar ve \u00fcr\u00fcn\u00fc her t\u00fcrl\u00fc ortamda rahatl\u0131kla kullanman\u0131z\u0131 m\u00fcmk\u00fcn k\u0131lar.<\/p>\n<h4 data-start=\"1555\" data-end=\"1592\"><strong data-start=\"1560\" data-end=\"1592\">50 dB Alt\u0131nda Sessiz \u00c7al\u0131\u015fma<\/strong><\/h4>\n<p data-start=\"1593\" data-end=\"1809\"><strong data-start=\"1593\" data-end=\"1628\">G Nokta Uyar\u0131c\u0131 Vibrat\u00f6r &#8211; Rose<\/strong>, <strong data-start=\"1630\" data-end=\"1647\">50 dB alt\u0131nda<\/strong> \u00e7al\u0131\u015fan motoru ile son derece <strong data-start=\"1678\" data-end=\"1688\">sessiz<\/strong> bir performans sergiler. Mahremiyetinizi bozmayarak, rahat ve huzurlu bir ortamda keyifli bir deneyim ya\u015faman\u0131z\u0131 sa\u011flar.<\/p>\n<h4 data-start=\"1811\" data-end=\"1830\"><strong data-start=\"1816\" data-end=\"1830\">Esnek Yap\u0131<\/strong><\/h4>\n<p data-start=\"1831\" data-end=\"2051\"><strong data-start=\"1831\" data-end=\"1855\">Esnek g\u00f6vde tasar\u0131m\u0131<\/strong>, kolayca y\u00f6nlendirilebilen ve konforlu bir kullan\u0131m sa\u011flayan \u00f6zelliklere sahiptir. Bu tasar\u0131m, \u00fcr\u00fcn\u00fc <strong data-start=\"1957\" data-end=\"1980\">kendi isteklerinize<\/strong> g\u00f6re y\u00f6nlendirmenize yard\u0131mc\u0131 olur ve daha konforlu bir deneyim sunar.<\/p>\n<h3 data-start=\"2053\" data-end=\"2081\"><strong data-start=\"2057\" data-end=\"2081\">Boyutlar ve A\u011f\u0131rl\u0131k:<\/strong><\/h3>\n<ul data-start=\"2083\" data-end=\"2228\">\n<li data-start=\"2083\" data-end=\"2110\"><strong data-start=\"2085\" data-end=\"2104\">Toplam Uzunluk:<\/strong> 20 cm<\/li>\n<li data-start=\"2111\" data-end=\"2133\"><strong data-start=\"2113\" data-end=\"2126\">Ba\u015f \u00c7ap\u0131:<\/strong> 3.5 cm<\/li>\n<li data-start=\"2134\" data-end=\"2189\"><strong data-start=\"2136\" data-end=\"2152\">Esnek G\u00f6vde:<\/strong> Kolay y\u00f6nlendirme i\u00e7in esnek tasar\u0131m<\/li>\n<li data-start=\"2190\" data-end=\"2228\"><strong data-start=\"2192\" data-end=\"2204\">A\u011f\u0131rl\u0131k:<\/strong> Hafif ve ta\u015f\u0131mas\u0131 kolay<\/li>\n<\/ul>\n<h3 data-start=\"2230\" data-end=\"2293\"><strong data-start=\"2234\" data-end=\"2293\">G Nokta Uyar\u0131c\u0131 Vibrat\u00f6r &#8211; Rose ile Kendinizi \u015e\u0131mart\u0131n!<\/strong><\/h3>\n<p data-start=\"2295\" data-end=\"2664\"><strong data-start=\"2295\" data-end=\"2330\">G Nokta Uyar\u0131c\u0131 Vibrat\u00f6r &#8211; Rose<\/strong>, her \u00f6zelli\u011fiyle <strong data-start=\"2348\" data-end=\"2366\">maksimum zevki<\/strong> elde etmek isteyenler i\u00e7in m\u00fckemmel bir se\u00e7imdir. <strong data-start=\"2417\" data-end=\"2440\">Ger\u00e7ek\u00e7i ba\u015f yap\u0131s\u0131<\/strong> ve <strong data-start=\"2444\" data-end=\"2464\">dalgal\u0131 tasar\u0131m\u0131<\/strong>, do\u011frudan <strong data-start=\"2475\" data-end=\"2490\">G noktas\u0131na<\/strong> yo\u011fun bir uyar\u0131m yaparak tatmin edici ve unutulmaz anlar yarat\u0131r. <strong data-start=\"2557\" data-end=\"2577\">10 titre\u015fim modu<\/strong> ve <strong data-start=\"2581\" data-end=\"2608\">su ge\u00e7irmezlik \u00f6zelli\u011fi<\/strong>, her kullan\u0131c\u0131ya ihtiyac\u0131 olan <strong data-start=\"2640\" data-end=\"2657\">\u00f6zel deneyimi<\/strong> sunar.<\/p>\n<p data-start=\"2666\" data-end=\"2847\"><strong data-start=\"2666\" data-end=\"2682\">Esnek yap\u0131s\u0131<\/strong> ve <strong data-start=\"2686\" data-end=\"2706\">sessiz \u00e7al\u0131\u015fmas\u0131<\/strong>, her an\u0131n\u0131zda konforlu ve gizli bir kullan\u0131m sa\u011flar. <strong data-start=\"2760\" data-end=\"2776\">\u015e\u0131k tasar\u0131m\u0131<\/strong> ve <strong data-start=\"2780\" data-end=\"2801\">\u00fcst\u00fcn performans\u0131<\/strong> ile <strong data-start=\"2806\" data-end=\"2823\">ki\u015fisel bak\u0131m<\/strong> rutininize de\u011fer katar.<\/p>\n<h3 data-start=\"2849\" data-end=\"2911\"><strong data-start=\"2853\" data-end=\"2911\">Neden G Nokta Uyar\u0131c\u0131 Vibrat\u00f6r &#8211; Rose Tercih Edilmeli?<\/strong><\/h3>\n<ul data-start=\"2913\" data-end=\"3283\">\n<li data-start=\"2913\" data-end=\"2997\"><strong data-start=\"2915\" data-end=\"2942\">10 Farkl\u0131 Titre\u015fim Modu<\/strong> ile ki\u015fisel zevkinize g\u00f6re \u00f6zelle\u015ftirilebilir deneyim.<\/li>\n<li data-start=\"2998\" data-end=\"3088\"><strong data-start=\"3000\" data-end=\"3023\">Ger\u00e7ek\u00e7i Ba\u015f Yap\u0131s\u0131<\/strong> ve <strong data-start=\"3027\" data-end=\"3046\">Dalgal\u0131 Tasar\u0131m<\/strong> ile <strong data-start=\"3051\" data-end=\"3066\">G noktas\u0131na<\/strong> derinlemesine uyar\u0131m.<\/li>\n<li data-start=\"3089\" data-end=\"3153\"><strong data-start=\"3091\" data-end=\"3114\">IPX7 Su Ge\u00e7irmezlik<\/strong> ile du\u015fta veya banyoda rahat kullan\u0131m.<\/li>\n<li data-start=\"3154\" data-end=\"3227\"><strong data-start=\"3156\" data-end=\"3180\">50 dB Sessiz \u00c7al\u0131\u015fma<\/strong> ile gizlili\u011finiz korunarak sessiz bir deneyim.<\/li>\n<li data-start=\"3228\" data-end=\"3283\"><strong data-start=\"3230\" data-end=\"3245\">Esnek G\u00f6vde<\/strong> sayesinde rahat ve konforlu kullan\u0131m.<\/li>\n<\/ul>\n<hr data-start=\"3285\" data-end=\"3288\" \/>\n<p data-start=\"3290\" data-end=\"3579\" data-is-last-node=\"\" data-is-only-node=\"\"><strong data-start=\"3290\" data-end=\"3325\">G Nokta Uyar\u0131c\u0131 Vibrat\u00f6r &#8211; Rose<\/strong>, estetik ve i\u015flevsel \u00f6zellikleriyle cinsel deneyiminizi zirveye ta\u015f\u0131r. Hem \u015f\u0131k tasar\u0131m\u0131 hem de g\u00fc\u00e7l\u00fc performans\u0131 ile her kullan\u0131c\u0131n\u0131n ihtiyac\u0131n\u0131 kar\u015f\u0131lar. Kendinizi \u015f\u0131martmak ve \u00f6zel anlar\u0131n\u0131z\u0131 daha da keyifli hale getirmek i\u00e7in bu zarif \u00fcr\u00fcn\u00fc ke\u015ffedin!<\/p>\n","protected":false},"excerpt":{"rendered":"<p><strong data-start=\"138\" data-end=\"173\">G Nokta Uyar\u0131c\u0131 Vibrat\u00f6r &#8211; Rose<\/strong>, <strong data-start=\"175\" data-end=\"182\">\u015f\u0131k<\/strong> ve <strong data-start=\"186\" data-end=\"208\">yenilik\u00e7i tasar\u0131m\u0131<\/strong> ile unutulmaz cinsel deneyimler ya\u015faman\u0131z i\u00e7in \u00f6zel olarak tasarlanm\u0131\u015ft\u0131r. Ger\u00e7ek\u00e7i ba\u015f yap\u0131s\u0131, anatomik olarak do\u011fru \u015fekillendirilmi\u015f dalgal\u0131 formu ve g\u00fc\u00e7l\u00fc <strong data-start=\"367\" data-end=\"391\">titre\u015fim se\u00e7enekleri<\/strong> ile bu vibrat\u00f6r, <strong data-start=\"409\" data-end=\"424\">G noktas\u0131n\u0131<\/strong> hedef alarak maksimum zevk sa\u011flar. <strong data-start=\"460\" data-end=\"476\">Esnek yap\u0131s\u0131<\/strong> ve <strong data-start=\"480\" data-end=\"500\">sessiz \u00e7al\u0131\u015fmas\u0131<\/strong> sayesinde gizlili\u011finizi koruyarak rahatl\u0131kla kullanabilirsiniz.<\/p>\n","protected":false},"featured_media":19596,"comment_status":"open","ping_status":"closed","template":"","meta":[],"product_brand":[127],"product_cat":[83],"product_tag":[344],"class_list":{"0":"post-19513","1":"product","2":"type-product","3":"status-publish","4":"has-post-thumbnail","6":"product_brand-pembe-tilki","7":"product_cat-g-noktasi-vibratoru","8":"product_tag-g-nokta-uyarici-vibrator-rose","10":"first","11":"instock","12":"taxable","13":"shipping-taxable","14":"purchasable","15":"product-type-simple"},"yoast_head":"<!-- This site is optimized with the Yoast SEO Premium plugin v24.4 (Yoast SEO v27.1.1) - https:\/\/yoast.com\/product\/yoast-seo-premium-wordpress\/ -->\n<title>G Nokta Uyar\u0131c\u0131 Vibrat\u00f6r Rose - Bursa Erotik Shop<\/title>\n<meta name=\"robots\" content=\"index, follow, max-snippet:-1, max-image-preview:large, max-video-preview:-1\" \/>\n<link rel=\"canonical\" href=\"https:\/\/hobierotikshop.com.tr\/website1\/erotik-shop-urun\/g-nokta-uyarici-vibrator-rose\/\" \/>\n<meta property=\"og:locale\" content=\"tr_TR\" \/>\n<meta property=\"og:type\" content=\"article\" \/>\n<meta property=\"og:title\" content=\"G Nokta Uyar\u0131c\u0131 Vibrat\u00f6r Rose\" \/>\n<meta property=\"og:description\" content=\"G Nokta Uyar\u0131c\u0131 Vibrat\u00f6r - Rose, \u015f\u0131k ve yenilik\u00e7i tasar\u0131m\u0131 ile unutulmaz cinsel deneyimler ya\u015faman\u0131z i\u00e7in \u00f6zel olarak tasarlanm\u0131\u015ft\u0131r. Ger\u00e7ek\u00e7i ba\u015f yap\u0131s\u0131, anatomik olarak do\u011fru \u015fekillendirilmi\u015f dalgal\u0131 formu ve g\u00fc\u00e7l\u00fc titre\u015fim se\u00e7enekleri ile bu vibrat\u00f6r, G noktas\u0131n\u0131 hedef alarak maksimum zevk sa\u011flar. Esnek yap\u0131s\u0131 ve sessiz \u00e7al\u0131\u015fmas\u0131 sayesinde gizlili\u011finizi koruyarak rahatl\u0131kla kullanabilirsiniz.\" \/>\n<meta property=\"og:url\" content=\"https:\/\/hobierotikshop.com.tr\/website1\/erotik-shop-urun\/g-nokta-uyarici-vibrator-rose\/\" \/>\n<meta property=\"og:site_name\" content=\"Bursa Erotik Shop\" \/>\n<meta property=\"article:modified_time\" content=\"2026-01-26T12:37:09+00:00\" \/>\n<meta property=\"og:image\" content=\"https:\/\/hobierotikshop.com.tr\/website1\/wp-content\/uploads\/2025\/03\/g-nokta-uyarici-vibrator-rose-2091.jpg\" \/>\n\t<meta property=\"og:image:width\" content=\"1500\" \/>\n\t<meta property=\"og:image:height\" content=\"1500\" \/>\n\t<meta property=\"og:image:type\" content=\"image\/jpeg\" \/>\n<meta name=\"twitter:card\" content=\"summary_large_image\" \/>\n<meta name=\"twitter:site\" content=\"@shopbursa\" \/>\n<meta name=\"twitter:label1\" content=\"Fiyat\" \/>\n\t<meta name=\"twitter:data1\" content=\"&#8378;1.500,00 KDV DAH\u0130L\" \/>\n\t<meta name=\"twitter:label2\" content=\"Availability\" \/>\n\t<meta name=\"twitter:data2\" content=\"In stock\" \/>\n<script type=\"application\/ld+json\" class=\"yoast-schema-graph\">{\"@context\":\"https:\/\/schema.org\",\"@graph\":[{\"@type\":\"WebPage\",\"@id\":\"https:\/\/hobierotikshop.com.tr\/website1\/erotik-shop-urun\/g-nokta-uyarici-vibrator-rose\/\",\"url\":\"https:\/\/hobierotikshop.com.tr\/website1\/erotik-shop-urun\/g-nokta-uyarici-vibrator-rose\/\",\"name\":\"G Nokta Uyar\u0131c\u0131 Vibrat\u00f6r Rose - Bursa Erotik Shop\",\"isPartOf\":{\"@id\":\"https:\/\/hobierotikshop.com.tr\/website1\/#website\"},\"primaryImageOfPage\":{\"@id\":\"https:\/\/hobierotikshop.com.tr\/website1\/erotik-shop-urun\/g-nokta-uyarici-vibrator-rose\/#primaryimage\"},\"image\":{\"@id\":\"https:\/\/hobierotikshop.com.tr\/website1\/erotik-shop-urun\/g-nokta-uyarici-vibrator-rose\/#primaryimage\"},\"thumbnailUrl\":\"https:\/\/haremerotikshop.com\/site\/wp-content\/uploads\/2025\/03\/g-nokta-uyarici-vibrator-rose-2091.jpg\",\"datePublished\":\"2025-03-17T09:35:55+00:00\",\"dateModified\":\"2026-01-26T12:37:09+00:00\",\"breadcrumb\":{\"@id\":\"https:\/\/hobierotikshop.com.tr\/website1\/erotik-shop-urun\/g-nokta-uyarici-vibrator-rose\/#breadcrumb\"},\"inLanguage\":\"tr\",\"potentialAction\":[{\"@type\":\"ReadAction\",\"target\":[\"https:\/\/hobierotikshop.com.tr\/website1\/erotik-shop-urun\/g-nokta-uyarici-vibrator-rose\/\"]}]},{\"@type\":\"ImageObject\",\"inLanguage\":\"tr\",\"@id\":\"https:\/\/hobierotikshop.com.tr\/website1\/erotik-shop-urun\/g-nokta-uyarici-vibrator-rose\/#primaryimage\",\"url\":\"https:\/\/haremerotikshop.com\/site\/wp-content\/uploads\/2025\/03\/g-nokta-uyarici-vibrator-rose-2091.jpg\",\"contentUrl\":\"https:\/\/haremerotikshop.com\/site\/wp-content\/uploads\/2025\/03\/g-nokta-uyarici-vibrator-rose-2091.jpg\",\"width\":1500,\"height\":1500},{\"@type\":\"BreadcrumbList\",\"@id\":\"https:\/\/hobierotikshop.com.tr\/website1\/erotik-shop-urun\/g-nokta-uyarici-vibrator-rose\/#breadcrumb\",\"itemListElement\":[{\"@type\":\"ListItem\",\"position\":1,\"name\":\"Anasayfa\",\"item\":\"https:\/\/hobierotikshop.com.tr\/website1\/\"},{\"@type\":\"ListItem\",\"position\":2,\"name\":\"Erotik Shop \u00dcr\u00fcnleri\",\"item\":\"https:\/\/hobierotikshop.com.tr\/website1\/shop\/\"},{\"@type\":\"ListItem\",\"position\":3,\"name\":\"G Nokta Uyar\u0131c\u0131 Vibrat\u00f6r Rose\"}]},{\"@type\":\"WebSite\",\"@id\":\"https:\/\/hobierotikshop.com.tr\/website1\/#website\",\"url\":\"https:\/\/hobierotikshop.com.tr\/website1\/\",\"name\":\"Bursa Erotik Shop\",\"description\":\"Bursa Erotik Shop ile g\u00fcvenli, gizli ve kaliteli yeti\u015fkin \u00fcr\u00fcnleri al\u0131\u015fveri\u015fi! Geni\u015f \u00fcr\u00fcn yelpazemizi ke\u015ffedin, hemen sipari\u015f verin\",\"publisher\":{\"@id\":\"https:\/\/hobierotikshop.com.tr\/website1\/#organization\"},\"alternateName\":\"Erotik Shop\",\"potentialAction\":[{\"@type\":\"SearchAction\",\"target\":{\"@type\":\"EntryPoint\",\"urlTemplate\":\"https:\/\/hobierotikshop.com.tr\/website1\/?s={search_term_string}\"},\"query-input\":{\"@type\":\"PropertyValueSpecification\",\"valueRequired\":true,\"valueName\":\"search_term_string\"}}],\"inLanguage\":\"tr\"},{\"@type\":\"Organization\",\"@id\":\"https:\/\/hobierotikshop.com.tr\/website1\/#organization\",\"name\":\"Harem Bursa Erotik Shop\",\"url\":\"https:\/\/hobierotikshop.com.tr\/website1\/\",\"logo\":{\"@type\":\"ImageObject\",\"inLanguage\":\"tr\",\"@id\":\"https:\/\/hobierotikshop.com.tr\/website1\/#\/schema\/logo\/image\/\",\"url\":\"https:\/\/haremerotikshop.com\/wp-content\/uploads\/2025\/03\/haremsexshop.png\",\"contentUrl\":\"https:\/\/haremerotikshop.com\/wp-content\/uploads\/2025\/03\/haremsexshop.png\",\"width\":400,\"height\":100,\"caption\":\"Harem Bursa Erotik Shop\"},\"image\":{\"@id\":\"https:\/\/hobierotikshop.com.tr\/website1\/#\/schema\/logo\/image\/\"},\"sameAs\":[\"https:\/\/x.com\/shopbursa\"],\"publishingPrinciples\":\"https:\/\/hobierotikshop.com.tr\/website1\/mesafeli-satis-sozlesmesi\/\",\"ownershipFundingInfo\":\"https:\/\/hobierotikshop.com.tr\/website1\/contact-us\/\",\"actionableFeedbackPolicy\":\"https:\/\/hobierotikshop.com.tr\/website1\/contact-us\/\",\"correctionsPolicy\":\"https:\/\/hobierotikshop.com.tr\/website1\/mesafeli-satis-sozlesmesi\/\"}]}<\/script>\n<meta property=\"product:brand\" content=\"Pembe Tilki\" \/>\n<meta property=\"product:price:amount\" content=\"1500.00\" \/>\n<meta property=\"product:price:currency\" content=\"TRY\" \/>\n<meta property=\"og:availability\" content=\"instock\" \/>\n<meta property=\"product:availability\" content=\"instock\" \/>\n<meta property=\"product:retailer_item_id\" content=\"PT-DVXA187RS\" \/>\n<meta property=\"product:condition\" content=\"new\" \/>\n<!-- \/ Yoast SEO Premium plugin. -->","yoast_head_json":{"title":"G Nokta Uyar\u0131c\u0131 Vibrat\u00f6r Rose - Bursa Erotik Shop","robots":{"index":"index","follow":"follow","max-snippet":"max-snippet:-1","max-image-preview":"max-image-preview:large","max-video-preview":"max-video-preview:-1"},"canonical":"https:\/\/hobierotikshop.com.tr\/website1\/erotik-shop-urun\/g-nokta-uyarici-vibrator-rose\/","og_locale":"tr_TR","og_type":"article","og_title":"G Nokta Uyar\u0131c\u0131 Vibrat\u00f6r Rose","og_description":"G Nokta Uyar\u0131c\u0131 Vibrat\u00f6r - Rose, \u015f\u0131k ve yenilik\u00e7i tasar\u0131m\u0131 ile unutulmaz cinsel deneyimler ya\u015faman\u0131z i\u00e7in \u00f6zel olarak tasarlanm\u0131\u015ft\u0131r. Ger\u00e7ek\u00e7i ba\u015f yap\u0131s\u0131, anatomik olarak do\u011fru \u015fekillendirilmi\u015f dalgal\u0131 formu ve g\u00fc\u00e7l\u00fc titre\u015fim se\u00e7enekleri ile bu vibrat\u00f6r, G noktas\u0131n\u0131 hedef alarak maksimum zevk sa\u011flar. Esnek yap\u0131s\u0131 ve sessiz \u00e7al\u0131\u015fmas\u0131 sayesinde gizlili\u011finizi koruyarak rahatl\u0131kla kullanabilirsiniz.","og_url":"https:\/\/hobierotikshop.com.tr\/website1\/erotik-shop-urun\/g-nokta-uyarici-vibrator-rose\/","og_site_name":"Bursa Erotik Shop","article_modified_time":"2026-01-26T12:37:09+00:00","og_image":[{"width":1500,"height":1500,"url":"https:\/\/hobierotikshop.com.tr\/website1\/wp-content\/uploads\/2025\/03\/g-nokta-uyarici-vibrator-rose-2091.jpg","type":"image\/jpeg"}],"twitter_card":"summary_large_image","twitter_site":"@shopbursa","twitter_misc":{"Fiyat":"&#8378;1.500,00 KDV DAH\u0130L","Availability":"In stock"},"schema":{"@context":"https:\/\/schema.org","@graph":[{"@type":"WebPage","@id":"https:\/\/hobierotikshop.com.tr\/website1\/erotik-shop-urun\/g-nokta-uyarici-vibrator-rose\/","url":"https:\/\/hobierotikshop.com.tr\/website1\/erotik-shop-urun\/g-nokta-uyarici-vibrator-rose\/","name":"G Nokta Uyar\u0131c\u0131 Vibrat\u00f6r Rose - Bursa Erotik Shop","isPartOf":{"@id":"https:\/\/hobierotikshop.com.tr\/website1\/#website"},"primaryImageOfPage":{"@id":"https:\/\/hobierotikshop.com.tr\/website1\/erotik-shop-urun\/g-nokta-uyarici-vibrator-rose\/#primaryimage"},"image":{"@id":"https:\/\/hobierotikshop.com.tr\/website1\/erotik-shop-urun\/g-nokta-uyarici-vibrator-rose\/#primaryimage"},"thumbnailUrl":"https:\/\/haremerotikshop.com\/site\/wp-content\/uploads\/2025\/03\/g-nokta-uyarici-vibrator-rose-2091.jpg","datePublished":"2025-03-17T09:35:55+00:00","dateModified":"2026-01-26T12:37:09+00:00","breadcrumb":{"@id":"https:\/\/hobierotikshop.com.tr\/website1\/erotik-shop-urun\/g-nokta-uyarici-vibrator-rose\/#breadcrumb"},"inLanguage":"tr","potentialAction":[{"@type":"ReadAction","target":["https:\/\/hobierotikshop.com.tr\/website1\/erotik-shop-urun\/g-nokta-uyarici-vibrator-rose\/"]}]},{"@type":"ImageObject","inLanguage":"tr","@id":"https:\/\/hobierotikshop.com.tr\/website1\/erotik-shop-urun\/g-nokta-uyarici-vibrator-rose\/#primaryimage","url":"https:\/\/haremerotikshop.com\/site\/wp-content\/uploads\/2025\/03\/g-nokta-uyarici-vibrator-rose-2091.jpg","contentUrl":"https:\/\/haremerotikshop.com\/site\/wp-content\/uploads\/2025\/03\/g-nokta-uyarici-vibrator-rose-2091.jpg","width":1500,"height":1500},{"@type":"BreadcrumbList","@id":"https:\/\/hobierotikshop.com.tr\/website1\/erotik-shop-urun\/g-nokta-uyarici-vibrator-rose\/#breadcrumb","itemListElement":[{"@type":"ListItem","position":1,"name":"Anasayfa","item":"https:\/\/hobierotikshop.com.tr\/website1\/"},{"@type":"ListItem","position":2,"name":"Erotik Shop \u00dcr\u00fcnleri","item":"https:\/\/hobierotikshop.com.tr\/website1\/shop\/"},{"@type":"ListItem","position":3,"name":"G Nokta Uyar\u0131c\u0131 Vibrat\u00f6r Rose"}]},{"@type":"WebSite","@id":"https:\/\/hobierotikshop.com.tr\/website1\/#website","url":"https:\/\/hobierotikshop.com.tr\/website1\/","name":"Bursa Erotik Shop","description":"Bursa Erotik Shop ile g\u00fcvenli, gizli ve kaliteli yeti\u015fkin \u00fcr\u00fcnleri al\u0131\u015fveri\u015fi! Geni\u015f \u00fcr\u00fcn yelpazemizi ke\u015ffedin, hemen sipari\u015f verin","publisher":{"@id":"https:\/\/hobierotikshop.com.tr\/website1\/#organization"},"alternateName":"Erotik Shop","potentialAction":[{"@type":"SearchAction","target":{"@type":"EntryPoint","urlTemplate":"https:\/\/hobierotikshop.com.tr\/website1\/?s={search_term_string}"},"query-input":{"@type":"PropertyValueSpecification","valueRequired":true,"valueName":"search_term_string"}}],"inLanguage":"tr"},{"@type":"Organization","@id":"https:\/\/hobierotikshop.com.tr\/website1\/#organization","name":"Harem Bursa Erotik Shop","url":"https:\/\/hobierotikshop.com.tr\/website1\/","logo":{"@type":"ImageObject","inLanguage":"tr","@id":"https:\/\/hobierotikshop.com.tr\/website1\/#\/schema\/logo\/image\/","url":"https:\/\/haremerotikshop.com\/wp-content\/uploads\/2025\/03\/haremsexshop.png","contentUrl":"https:\/\/haremerotikshop.com\/wp-content\/uploads\/2025\/03\/haremsexshop.png","width":400,"height":100,"caption":"Harem Bursa Erotik Shop"},"image":{"@id":"https:\/\/hobierotikshop.com.tr\/website1\/#\/schema\/logo\/image\/"},"sameAs":["https:\/\/x.com\/shopbursa"],"publishingPrinciples":"https:\/\/hobierotikshop.com.tr\/website1\/mesafeli-satis-sozlesmesi\/","ownershipFundingInfo":"https:\/\/hobierotikshop.com.tr\/website1\/contact-us\/","actionableFeedbackPolicy":"https:\/\/hobierotikshop.com.tr\/website1\/contact-us\/","correctionsPolicy":"https:\/\/hobierotikshop.com.tr\/website1\/mesafeli-satis-sozlesmesi\/"}]},"product_brand":"Pembe Tilki","product_price_amount":"1500.00","product_price_currency":"TRY","og_availability":"instock","product_availability":"instock","product_retailer_item_id":"PT-DVXA187RS","product_condition":"new"},"_links":{"self":[{"href":"https:\/\/haremerotikshop.com\/site\/wp-json\/wp\/v2\/product\/19513","targetHints":{"allow":["GET"]}}],"collection":[{"href":"https:\/\/haremerotikshop.com\/site\/wp-json\/wp\/v2\/product"}],"about":[{"href":"https:\/\/haremerotikshop.com\/site\/wp-json\/wp\/v2\/types\/product"}],"replies":[{"embeddable":true,"href":"https:\/\/haremerotikshop.com\/site\/wp-json\/wp\/v2\/comments?post=19513"}],"version-history":[{"count":0,"href":"https:\/\/haremerotikshop.com\/site\/wp-json\/wp\/v2\/product\/19513\/revisions"}],"wp:featuredmedia":[{"embeddable":true,"href":"https:\/\/haremerotikshop.com\/site\/wp-json\/wp\/v2\/media\/19596"}],"wp:attachment":[{"href":"https:\/\/haremerotikshop.com\/site\/wp-json\/wp\/v2\/media?parent=19513"}],"wp:term":[{"taxonomy":"product_brand","embeddable":true,"href":"https:\/\/haremerotikshop.com\/site\/wp-json\/wp\/v2\/product_brand?post=19513"},{"taxonomy":"product_cat","embeddable":true,"href":"https:\/\/haremerotikshop.com\/site\/wp-json\/wp\/v2\/product_cat?post=19513"},{"taxonomy":"product_tag","embeddable":true,"href":"https:\/\/haremerotikshop.com\/site\/wp-json\/wp\/v2\/product_tag?post=19513"}],"curies":[{"name":"wp","href":"https:\/\/api.w.org\/{rel}","templated":true}]}}