{"id":19569,"date":"2025-03-17T12:37:05","date_gmt":"2025-03-17T09:37:05","guid":{"rendered":"https:\/\/haremerotikshop.com\/site\/?post_type=product&#038;p=19569"},"modified":"2026-01-26T15:32:59","modified_gmt":"2026-01-26T12:32:59","slug":"modern-emisli-ve-titresimli-masturbator-orta-boy","status":"publish","type":"product","link":"https:\/\/haremerotikshop.com\/site\/erotik-shop-urun\/modern-emisli-ve-titresimli-masturbator-orta-boy\/","title":{"rendered":"Modern Emi\u015fli Ve Titre\u015fimli Mast\u00fcrbat\u00f6r Orta Boy"},"content":{"rendered":"<h3 data-start=\"57\" data-end=\"141\">Modern Emi\u015fli ve Titre\u015fimli Mast\u00fcrbat\u00f6r \u2013 Orta Boy | Y\u00fcksek Performans ve Konfor<\/h3>\n<p data-start=\"143\" data-end=\"472\"><strong data-start=\"143\" data-end=\"197\">Modern Emi\u015fli ve Titre\u015fimli Mast\u00fcrbat\u00f6r \u2013 Orta Boy<\/strong>, kullan\u0131c\u0131lar\u0131n en y\u00fcksek tatmini ve konforu sa\u011flamay\u0131 ama\u00e7layan, teknoloji ile tasarlanm\u0131\u015f bir \u00fcr\u00fcnd\u00fcr. Geli\u015fmi\u015f emi\u015f ve titre\u015fim modlar\u0131 sayesinde, her kullan\u0131mda ki\u015fiselle\u015ftirilmi\u015f bir deneyim sunar. Orta boy ergonomik yap\u0131s\u0131, her kullan\u0131c\u0131 i\u00e7in m\u00fckemmel bir uyum sa\u011flar.<\/p>\n<h3 data-start=\"474\" data-end=\"495\">\u00dcr\u00fcn \u00d6zellikleri:<\/h3>\n<ul data-start=\"497\" data-end=\"1669\">\n<li data-start=\"497\" data-end=\"661\">\n<p data-start=\"499\" data-end=\"519\"><strong data-start=\"499\" data-end=\"519\">7 Titre\u015fim Modu:<\/strong><\/p>\n<ul data-start=\"522\" data-end=\"661\">\n<li data-start=\"522\" data-end=\"661\">Farkl\u0131 h\u0131z ve ritim se\u00e7enekleriyle, istedi\u011finiz yo\u011funlu\u011fu elde edebilirsiniz. Her an\u0131n\u0131z\u0131 \u00f6zelle\u015ftirerek ideal titre\u015fimi bulman\u0131z m\u00fcmk\u00fcn.<\/li>\n<\/ul>\n<\/li>\n<li data-start=\"663\" data-end=\"860\">\n<p data-start=\"665\" data-end=\"681\"><strong data-start=\"665\" data-end=\"681\">7 Emi\u015f Modu:<\/strong><\/p>\n<ul data-start=\"684\" data-end=\"860\">\n<li data-start=\"684\" data-end=\"860\"><strong data-start=\"686\" data-end=\"710\">Manuel emi\u015f kontrol\u00fc<\/strong> sayesinde, vakum g\u00fcc\u00fcn\u00fc diledi\u011finiz gibi ayarlayarak ger\u00e7ek\u00e7i ve tatmin edici bir his elde edersiniz. Emi\u015f modu ile ekstra rahatl\u0131k ve tatmin sa\u011flar.<\/li>\n<\/ul>\n<\/li>\n<li data-start=\"862\" data-end=\"1056\">\n<p data-start=\"864\" data-end=\"888\"><strong data-start=\"864\" data-end=\"888\">IPX7 Su Ge\u00e7irmezlik:<\/strong><\/p>\n<ul data-start=\"891\" data-end=\"1056\">\n<li data-start=\"891\" data-end=\"1056\">Bu mast\u00fcrbat\u00f6r, <strong data-start=\"909\" data-end=\"932\">IPX7 su ge\u00e7irmezlik<\/strong> sertifikas\u0131na sahiptir, yani du\u015fta veya banyoda g\u00fcvenle kullan\u0131labilir ve temizli\u011fi olduk\u00e7a pratik bir \u015fekilde yap\u0131labilir.<\/li>\n<\/ul>\n<\/li>\n<li data-start=\"1058\" data-end=\"1252\">\n<p data-start=\"1060\" data-end=\"1083\"><strong data-start=\"1060\" data-end=\"1083\">Cilt Dostu Malzeme:<\/strong><\/p>\n<ul data-start=\"1086\" data-end=\"1252\">\n<li data-start=\"1086\" data-end=\"1252\"><strong data-start=\"1088\" data-end=\"1119\">Yumu\u015fak, cilde dost malzeme<\/strong> kullan\u0131m\u0131 sayesinde, her kullan\u0131mda konforlu bir deneyim sunar. Hassas ciltlere bile uygun, g\u00fcvenli ve kaliteli bir yap\u0131ya sahiptir.<\/li>\n<\/ul>\n<\/li>\n<li data-start=\"1254\" data-end=\"1419\">\n<p data-start=\"1256\" data-end=\"1283\"><strong data-start=\"1256\" data-end=\"1283\">Manyetik \u015earj \u00d6zelli\u011fi:<\/strong><\/p>\n<ul data-start=\"1286\" data-end=\"1419\">\n<li data-start=\"1286\" data-end=\"1419\">Pratik <strong data-start=\"1295\" data-end=\"1312\">manyetik \u015farj<\/strong> \u00f6zelli\u011fi sayesinde, kablo takma derdi olmadan h\u0131zl\u0131ca \u015farj edebilir, uzun s\u00fcreli keyfini \u00e7\u0131karabilirsiniz.<\/li>\n<\/ul>\n<\/li>\n<li data-start=\"1421\" data-end=\"1669\">\n<p data-start=\"1423\" data-end=\"1445\"><strong data-start=\"1423\" data-end=\"1445\">Ergonomik Tasar\u0131m:<\/strong><\/p>\n<ul data-start=\"1448\" data-end=\"1669\">\n<li data-start=\"1448\" data-end=\"1669\"><strong data-start=\"1450\" data-end=\"1467\">17 cm uzunluk<\/strong>, <strong data-start=\"1469\" data-end=\"1488\">7,6 cm geni\u015flik<\/strong> ve yaln\u0131zca <strong data-start=\"1501\" data-end=\"1520\">210 gr a\u011f\u0131rl\u0131\u011f\u0131<\/strong> ile rahat\u00e7a kavranabilir ve kolayca y\u00f6nlendirilebilir. Bu ergonomik tasar\u0131m, kullan\u0131c\u0131 dostu olmas\u0131n\u0131n yan\u0131 s\u0131ra kullan\u0131m\u0131 da olduk\u00e7a rahatla\u015ft\u0131r\u0131r.<\/li>\n<\/ul>\n<\/li>\n<\/ul>\n<h3 data-start=\"1671\" data-end=\"1693\">Kullan\u0131m Alanlar\u0131:<\/h3>\n<ul data-start=\"1695\" data-end=\"2099\">\n<li data-start=\"1695\" data-end=\"1896\">\n<p data-start=\"1697\" data-end=\"1719\"><strong data-start=\"1697\" data-end=\"1719\">Bireysel Kullan\u0131m:<\/strong><\/p>\n<ul data-start=\"1722\" data-end=\"1896\">\n<li data-start=\"1722\" data-end=\"1896\">Kendi ba\u015f\u0131n\u0131za keyifli bir deneyim ya\u015famak i\u00e7in m\u00fckemmel bir \u00fcr\u00fcnd\u00fcr. Yenilik\u00e7i teknoloji ve farkl\u0131 emi\u015f\/titre\u015fim modlar\u0131yla her kullan\u0131mda tatmin edici sonu\u00e7lar al\u0131rs\u0131n\u0131z.<\/li>\n<\/ul>\n<\/li>\n<li data-start=\"1898\" data-end=\"2099\">\n<p data-start=\"1900\" data-end=\"1923\"><strong data-start=\"1900\" data-end=\"1923\">\u00c7iftler i\u00e7in \u0130deal:<\/strong><\/p>\n<ul data-start=\"1926\" data-end=\"2099\">\n<li data-start=\"1926\" data-end=\"2099\">Partnerinizle birlikte farkl\u0131 oyunlar ve deneyimler i\u00e7in kullanabilece\u011finiz bir \u00fcr\u00fcnd\u00fcr. Emi\u015f ve titre\u015fim modlar\u0131 sayesinde, \u00f6zel anlar\u0131n\u0131z\u0131 daha keyifli hale getirebilir.<\/li>\n<\/ul>\n<\/li>\n<\/ul>\n<h3 data-start=\"2101\" data-end=\"2123\">Bak\u0131m ve Temizlik:<\/h3>\n<ul data-start=\"2125\" data-end=\"2436\">\n<li data-start=\"2125\" data-end=\"2307\"><strong data-start=\"2127\" data-end=\"2146\">Kolay Temizlik:<\/strong>\n<ul data-start=\"2150\" data-end=\"2307\">\n<li data-start=\"2150\" data-end=\"2304\"><strong data-start=\"2152\" data-end=\"2175\">IPX7 su ge\u00e7irmezlik<\/strong> sayesinde \u00fcr\u00fcn\u00fc su ile temizlemek olduk\u00e7a kolayd\u0131r. Il\u0131k su ve uygun temizleyicilerle hijyenik bir \u015fekilde bak\u0131m yapabilirsiniz.<\/li>\n<\/ul>\n<\/li>\n<li data-start=\"2308\" data-end=\"2436\"><strong data-start=\"2310\" data-end=\"2335\">Uzun S\u00fcreli Kullan\u0131m:<\/strong>\n<ul data-start=\"2339\" data-end=\"2436\">\n<li data-start=\"2339\" data-end=\"2436\">\u00dcr\u00fcn, y\u00fcksek kaliteli malzeme kullan\u0131larak \u00fcretildi\u011fi i\u00e7in uzun s\u00fcreli g\u00fcvenli kullan\u0131m sa\u011flar.<\/li>\n<\/ul>\n<\/li>\n<\/ul>\n<h3 data-start=\"2438\" data-end=\"2467\">Neden Tercih Etmelisiniz?<\/h3>\n<ul data-start=\"2469\" data-end=\"3166\">\n<li data-start=\"2469\" data-end=\"2680\">\n<p data-start=\"2471\" data-end=\"2506\"><strong data-start=\"2471\" data-end=\"2505\">Teknoloji ve Konfor Bir Arada:<\/strong><\/p>\n<ul data-start=\"2509\" data-end=\"2680\">\n<li data-start=\"2509\" data-end=\"2677\"><strong data-start=\"2511\" data-end=\"2548\">Geli\u015fmi\u015f emi\u015f ve titre\u015fim modlar\u0131<\/strong>, her seferinde benzersiz bir deneyim sunar. Ki\u015fiselle\u015ftirilmi\u015f se\u00e7enekler sayesinde, her kullan\u0131c\u0131n\u0131n ihtiya\u00e7lar\u0131na cevap verir.<\/li>\n<\/ul>\n<\/li>\n<li data-start=\"2681\" data-end=\"2858\">\n<p data-start=\"2683\" data-end=\"2711\"><strong data-start=\"2683\" data-end=\"2710\">Suya Dayan\u0131kl\u0131 Tasar\u0131m:<\/strong><\/p>\n<ul data-start=\"2714\" data-end=\"2858\">\n<li data-start=\"2714\" data-end=\"2858\"><strong data-start=\"2716\" data-end=\"2739\">IPX7 su ge\u00e7irmezlik<\/strong> \u00f6zelli\u011fi, \u00fcr\u00fcn\u00fc her ortamda kullanabilmenizi sa\u011flar. Du\u015fta ya da banyoda rahat\u00e7a kullan\u0131labilir ve temizli\u011fi kolayd\u0131r.<\/li>\n<\/ul>\n<\/li>\n<li data-start=\"2860\" data-end=\"3004\">\n<p data-start=\"2862\" data-end=\"2885\"><strong data-start=\"2862\" data-end=\"2884\">Y\u00fcksek Performans:<\/strong><\/p>\n<ul data-start=\"2888\" data-end=\"3004\">\n<li data-start=\"2888\" data-end=\"3004\"><strong data-start=\"2890\" data-end=\"2907\">Manyetik \u015farj<\/strong> ve uzun s\u00fcreli kullan\u0131m avantaj\u0131, bu \u00fcr\u00fcn\u00fc g\u00fcnl\u00fck veya d\u00fczenli kullan\u0131m i\u00e7in ideal hale getirir.<\/li>\n<\/ul>\n<\/li>\n<li data-start=\"3006\" data-end=\"3166\">\n<p data-start=\"3008\" data-end=\"3037\"><strong data-start=\"3008\" data-end=\"3036\">Ergonomik ve Hafif Yap\u0131:<\/strong><\/p>\n<ul data-start=\"3040\" data-end=\"3166\">\n<li data-start=\"3040\" data-end=\"3166\"><strong data-start=\"3042\" data-end=\"3063\">Ergonomik tasar\u0131m<\/strong> ve hafif yap\u0131s\u0131, \u00fcr\u00fcn\u00fc kullan\u0131rken b\u00fcy\u00fck bir konfor sa\u011flar. Kolayca kavranabilir ve y\u00f6nlendirilebilir.<\/li>\n<\/ul>\n<\/li>\n<\/ul>\n<p data-start=\"3168\" data-end=\"3492\"><strong data-start=\"3168\" data-end=\"3222\">Modern Emi\u015fli ve Titre\u015fimli Mast\u00fcrbat\u00f6r \u2013 Orta Boy<\/strong>, hem g\u00fc\u00e7l\u00fc hem de kontrol edilebilir uyar\u0131m\u0131 birle\u015ftirerek \u00f6zel anlar\u0131n\u0131z\u0131 zenginle\u015ftirir. Yenilik\u00e7i teknoloji, kaliteli malzeme ve kullan\u0131c\u0131 dostu tasar\u0131m, bu \u00fcr\u00fcn\u00fc vazge\u00e7ilmez hale getirir. \u015eimdi, kendinizi ke\u015ffedin ve her kullan\u0131mda tatmin edici bir deneyim ya\u015fay\u0131n!<\/p>\n","protected":false},"excerpt":{"rendered":"<p><strong data-start=\"143\" data-end=\"197\">Modern Emi\u015fli ve Titre\u015fimli Mast\u00fcrbat\u00f6r \u2013 Orta Boy<\/strong>, kullan\u0131c\u0131lar\u0131n en y\u00fcksek tatmini ve konforu sa\u011flamay\u0131 ama\u00e7layan, teknoloji ile tasarlanm\u0131\u015f bir \u00fcr\u00fcnd\u00fcr. Geli\u015fmi\u015f emi\u015f ve titre\u015fim modlar\u0131 sayesinde, her kullan\u0131mda ki\u015fiselle\u015ftirilmi\u015f bir deneyim sunar. Orta boy ergonomik yap\u0131s\u0131, her kullan\u0131c\u0131 i\u00e7in m\u00fckemmel bir uyum sa\u011flar.<\/p>\n","protected":false},"featured_media":19650,"comment_status":"open","ping_status":"closed","template":"","meta":[],"product_brand":[127],"product_cat":[94],"product_tag":[352],"class_list":{"0":"post-19569","1":"product","2":"type-product","3":"status-publish","4":"has-post-thumbnail","6":"product_brand-pembe-tilki","7":"product_cat-masturbatorler","8":"product_tag-modern-emisli-ve-titresimli-masturbator-orta-boy","10":"first","11":"instock","12":"taxable","13":"shipping-taxable","14":"purchasable","15":"product-type-simple"},"yoast_head":"<!-- This site is optimized with the Yoast SEO Premium plugin v24.4 (Yoast SEO v27.1.1) - https:\/\/yoast.com\/product\/yoast-seo-premium-wordpress\/ -->\n<title>Modern Emi\u015fli Ve Titre\u015fimli Mast\u00fcrbat\u00f6r Orta Boy - Bursa Erotik Shop<\/title>\n<meta name=\"robots\" content=\"index, follow, max-snippet:-1, max-image-preview:large, max-video-preview:-1\" \/>\n<link rel=\"canonical\" href=\"https:\/\/hobierotikshop.com.tr\/website1\/erotik-shop-urun\/modern-emisli-ve-titresimli-masturbator-orta-boy\/\" \/>\n<meta property=\"og:locale\" content=\"tr_TR\" \/>\n<meta property=\"og:type\" content=\"article\" \/>\n<meta property=\"og:title\" content=\"Modern Emi\u015fli Ve Titre\u015fimli Mast\u00fcrbat\u00f6r Orta Boy\" \/>\n<meta property=\"og:description\" content=\"Modern Emi\u015fli ve Titre\u015fimli Mast\u00fcrbat\u00f6r \u2013 Orta Boy, kullan\u0131c\u0131lar\u0131n en y\u00fcksek tatmini ve konforu sa\u011flamay\u0131 ama\u00e7layan, teknoloji ile tasarlanm\u0131\u015f bir \u00fcr\u00fcnd\u00fcr. Geli\u015fmi\u015f emi\u015f ve titre\u015fim modlar\u0131 sayesinde, her kullan\u0131mda ki\u015fiselle\u015ftirilmi\u015f bir deneyim sunar. Orta boy ergonomik yap\u0131s\u0131, her kullan\u0131c\u0131 i\u00e7in m\u00fckemmel bir uyum sa\u011flar.\" \/>\n<meta property=\"og:url\" content=\"https:\/\/hobierotikshop.com.tr\/website1\/erotik-shop-urun\/modern-emisli-ve-titresimli-masturbator-orta-boy\/\" \/>\n<meta property=\"og:site_name\" content=\"Bursa Erotik Shop\" \/>\n<meta property=\"article:modified_time\" content=\"2026-01-26T12:32:59+00:00\" \/>\n<meta property=\"og:image\" content=\"https:\/\/hobierotikshop.com.tr\/website1\/wp-content\/uploads\/2025\/03\/modern-emisli-ve-titresimli-masturbator-orta-boy-2605.jpg\" \/>\n\t<meta property=\"og:image:width\" content=\"1500\" \/>\n\t<meta property=\"og:image:height\" content=\"1500\" \/>\n\t<meta property=\"og:image:type\" content=\"image\/jpeg\" \/>\n<meta name=\"twitter:card\" content=\"summary_large_image\" \/>\n<meta name=\"twitter:site\" content=\"@shopbursa\" \/>\n<meta name=\"twitter:label1\" content=\"Fiyat\" \/>\n\t<meta name=\"twitter:data1\" content=\"&#8378;3.000,00 KDV DAH\u0130L\" \/>\n\t<meta name=\"twitter:label2\" content=\"Availability\" \/>\n\t<meta name=\"twitter:data2\" content=\"In stock\" \/>\n<script type=\"application\/ld+json\" class=\"yoast-schema-graph\">{\"@context\":\"https:\/\/schema.org\",\"@graph\":[{\"@type\":\"WebPage\",\"@id\":\"https:\/\/hobierotikshop.com.tr\/website1\/erotik-shop-urun\/modern-emisli-ve-titresimli-masturbator-orta-boy\/\",\"url\":\"https:\/\/hobierotikshop.com.tr\/website1\/erotik-shop-urun\/modern-emisli-ve-titresimli-masturbator-orta-boy\/\",\"name\":\"Modern Emi\u015fli Ve Titre\u015fimli Mast\u00fcrbat\u00f6r Orta Boy - Bursa Erotik Shop\",\"isPartOf\":{\"@id\":\"https:\/\/hobierotikshop.com.tr\/website1\/#website\"},\"primaryImageOfPage\":{\"@id\":\"https:\/\/hobierotikshop.com.tr\/website1\/erotik-shop-urun\/modern-emisli-ve-titresimli-masturbator-orta-boy\/#primaryimage\"},\"image\":{\"@id\":\"https:\/\/hobierotikshop.com.tr\/website1\/erotik-shop-urun\/modern-emisli-ve-titresimli-masturbator-orta-boy\/#primaryimage\"},\"thumbnailUrl\":\"https:\/\/haremerotikshop.com\/site\/wp-content\/uploads\/2025\/03\/modern-emisli-ve-titresimli-masturbator-orta-boy-2605.jpg\",\"datePublished\":\"2025-03-17T09:37:05+00:00\",\"dateModified\":\"2026-01-26T12:32:59+00:00\",\"breadcrumb\":{\"@id\":\"https:\/\/hobierotikshop.com.tr\/website1\/erotik-shop-urun\/modern-emisli-ve-titresimli-masturbator-orta-boy\/#breadcrumb\"},\"inLanguage\":\"tr\",\"potentialAction\":[{\"@type\":\"ReadAction\",\"target\":[\"https:\/\/hobierotikshop.com.tr\/website1\/erotik-shop-urun\/modern-emisli-ve-titresimli-masturbator-orta-boy\/\"]}]},{\"@type\":\"ImageObject\",\"inLanguage\":\"tr\",\"@id\":\"https:\/\/hobierotikshop.com.tr\/website1\/erotik-shop-urun\/modern-emisli-ve-titresimli-masturbator-orta-boy\/#primaryimage\",\"url\":\"https:\/\/haremerotikshop.com\/site\/wp-content\/uploads\/2025\/03\/modern-emisli-ve-titresimli-masturbator-orta-boy-2605.jpg\",\"contentUrl\":\"https:\/\/haremerotikshop.com\/site\/wp-content\/uploads\/2025\/03\/modern-emisli-ve-titresimli-masturbator-orta-boy-2605.jpg\",\"width\":1500,\"height\":1500},{\"@type\":\"BreadcrumbList\",\"@id\":\"https:\/\/hobierotikshop.com.tr\/website1\/erotik-shop-urun\/modern-emisli-ve-titresimli-masturbator-orta-boy\/#breadcrumb\",\"itemListElement\":[{\"@type\":\"ListItem\",\"position\":1,\"name\":\"Anasayfa\",\"item\":\"https:\/\/hobierotikshop.com.tr\/website1\/\"},{\"@type\":\"ListItem\",\"position\":2,\"name\":\"Erotik Shop \u00dcr\u00fcnleri\",\"item\":\"https:\/\/hobierotikshop.com.tr\/website1\/shop\/\"},{\"@type\":\"ListItem\",\"position\":3,\"name\":\"Modern Emi\u015fli Ve Titre\u015fimli Mast\u00fcrbat\u00f6r Orta Boy\"}]},{\"@type\":\"WebSite\",\"@id\":\"https:\/\/hobierotikshop.com.tr\/website1\/#website\",\"url\":\"https:\/\/hobierotikshop.com.tr\/website1\/\",\"name\":\"Bursa Erotik Shop\",\"description\":\"Bursa Erotik Shop ile g\u00fcvenli, gizli ve kaliteli yeti\u015fkin \u00fcr\u00fcnleri al\u0131\u015fveri\u015fi! Geni\u015f \u00fcr\u00fcn yelpazemizi ke\u015ffedin, hemen sipari\u015f verin\",\"publisher\":{\"@id\":\"https:\/\/hobierotikshop.com.tr\/website1\/#organization\"},\"alternateName\":\"Erotik Shop\",\"potentialAction\":[{\"@type\":\"SearchAction\",\"target\":{\"@type\":\"EntryPoint\",\"urlTemplate\":\"https:\/\/hobierotikshop.com.tr\/website1\/?s={search_term_string}\"},\"query-input\":{\"@type\":\"PropertyValueSpecification\",\"valueRequired\":true,\"valueName\":\"search_term_string\"}}],\"inLanguage\":\"tr\"},{\"@type\":\"Organization\",\"@id\":\"https:\/\/hobierotikshop.com.tr\/website1\/#organization\",\"name\":\"Harem Bursa Erotik Shop\",\"url\":\"https:\/\/hobierotikshop.com.tr\/website1\/\",\"logo\":{\"@type\":\"ImageObject\",\"inLanguage\":\"tr\",\"@id\":\"https:\/\/hobierotikshop.com.tr\/website1\/#\/schema\/logo\/image\/\",\"url\":\"https:\/\/haremerotikshop.com\/site\/wp-content\/uploads\/2025\/03\/haremsexshop.png\",\"contentUrl\":\"https:\/\/haremerotikshop.com\/site\/wp-content\/uploads\/2025\/03\/haremsexshop.png\",\"width\":400,\"height\":100,\"caption\":\"Harem Bursa Erotik Shop\"},\"image\":{\"@id\":\"https:\/\/hobierotikshop.com.tr\/website1\/#\/schema\/logo\/image\/\"},\"sameAs\":[\"https:\/\/x.com\/shopbursa\"],\"publishingPrinciples\":\"https:\/\/hobierotikshop.com.tr\/website1\/mesafeli-satis-sozlesmesi\/\",\"ownershipFundingInfo\":\"https:\/\/hobierotikshop.com.tr\/website1\/contact-us\/\",\"actionableFeedbackPolicy\":\"https:\/\/hobierotikshop.com.tr\/website1\/contact-us\/\",\"correctionsPolicy\":\"https:\/\/hobierotikshop.com.tr\/website1\/mesafeli-satis-sozlesmesi\/\"}]}<\/script>\n<meta property=\"product:brand\" content=\"Pembe Tilki\" \/>\n<meta property=\"product:price:amount\" content=\"3000.00\" \/>\n<meta property=\"product:price:currency\" content=\"TRY\" \/>\n<meta property=\"og:availability\" content=\"instock\" \/>\n<meta property=\"product:availability\" content=\"instock\" \/>\n<meta property=\"product:retailer_item_id\" content=\"PT-VMXH034M\" \/>\n<meta property=\"product:condition\" content=\"new\" \/>\n<!-- \/ Yoast SEO Premium plugin. -->","yoast_head_json":{"title":"Modern Emi\u015fli Ve Titre\u015fimli Mast\u00fcrbat\u00f6r Orta Boy - Bursa Erotik Shop","robots":{"index":"index","follow":"follow","max-snippet":"max-snippet:-1","max-image-preview":"max-image-preview:large","max-video-preview":"max-video-preview:-1"},"canonical":"https:\/\/hobierotikshop.com.tr\/website1\/erotik-shop-urun\/modern-emisli-ve-titresimli-masturbator-orta-boy\/","og_locale":"tr_TR","og_type":"article","og_title":"Modern Emi\u015fli Ve Titre\u015fimli Mast\u00fcrbat\u00f6r Orta Boy","og_description":"Modern Emi\u015fli ve Titre\u015fimli Mast\u00fcrbat\u00f6r \u2013 Orta Boy, kullan\u0131c\u0131lar\u0131n en y\u00fcksek tatmini ve konforu sa\u011flamay\u0131 ama\u00e7layan, teknoloji ile tasarlanm\u0131\u015f bir \u00fcr\u00fcnd\u00fcr. Geli\u015fmi\u015f emi\u015f ve titre\u015fim modlar\u0131 sayesinde, her kullan\u0131mda ki\u015fiselle\u015ftirilmi\u015f bir deneyim sunar. Orta boy ergonomik yap\u0131s\u0131, her kullan\u0131c\u0131 i\u00e7in m\u00fckemmel bir uyum sa\u011flar.","og_url":"https:\/\/hobierotikshop.com.tr\/website1\/erotik-shop-urun\/modern-emisli-ve-titresimli-masturbator-orta-boy\/","og_site_name":"Bursa Erotik Shop","article_modified_time":"2026-01-26T12:32:59+00:00","og_image":[{"width":1500,"height":1500,"url":"https:\/\/hobierotikshop.com.tr\/website1\/wp-content\/uploads\/2025\/03\/modern-emisli-ve-titresimli-masturbator-orta-boy-2605.jpg","type":"image\/jpeg"}],"twitter_card":"summary_large_image","twitter_site":"@shopbursa","twitter_misc":{"Fiyat":"&#8378;3.000,00 KDV DAH\u0130L","Availability":"In stock"},"schema":{"@context":"https:\/\/schema.org","@graph":[{"@type":"WebPage","@id":"https:\/\/hobierotikshop.com.tr\/website1\/erotik-shop-urun\/modern-emisli-ve-titresimli-masturbator-orta-boy\/","url":"https:\/\/hobierotikshop.com.tr\/website1\/erotik-shop-urun\/modern-emisli-ve-titresimli-masturbator-orta-boy\/","name":"Modern Emi\u015fli Ve Titre\u015fimli Mast\u00fcrbat\u00f6r Orta Boy - Bursa Erotik Shop","isPartOf":{"@id":"https:\/\/hobierotikshop.com.tr\/website1\/#website"},"primaryImageOfPage":{"@id":"https:\/\/hobierotikshop.com.tr\/website1\/erotik-shop-urun\/modern-emisli-ve-titresimli-masturbator-orta-boy\/#primaryimage"},"image":{"@id":"https:\/\/hobierotikshop.com.tr\/website1\/erotik-shop-urun\/modern-emisli-ve-titresimli-masturbator-orta-boy\/#primaryimage"},"thumbnailUrl":"https:\/\/haremerotikshop.com\/site\/wp-content\/uploads\/2025\/03\/modern-emisli-ve-titresimli-masturbator-orta-boy-2605.jpg","datePublished":"2025-03-17T09:37:05+00:00","dateModified":"2026-01-26T12:32:59+00:00","breadcrumb":{"@id":"https:\/\/hobierotikshop.com.tr\/website1\/erotik-shop-urun\/modern-emisli-ve-titresimli-masturbator-orta-boy\/#breadcrumb"},"inLanguage":"tr","potentialAction":[{"@type":"ReadAction","target":["https:\/\/hobierotikshop.com.tr\/website1\/erotik-shop-urun\/modern-emisli-ve-titresimli-masturbator-orta-boy\/"]}]},{"@type":"ImageObject","inLanguage":"tr","@id":"https:\/\/hobierotikshop.com.tr\/website1\/erotik-shop-urun\/modern-emisli-ve-titresimli-masturbator-orta-boy\/#primaryimage","url":"https:\/\/haremerotikshop.com\/site\/wp-content\/uploads\/2025\/03\/modern-emisli-ve-titresimli-masturbator-orta-boy-2605.jpg","contentUrl":"https:\/\/haremerotikshop.com\/site\/wp-content\/uploads\/2025\/03\/modern-emisli-ve-titresimli-masturbator-orta-boy-2605.jpg","width":1500,"height":1500},{"@type":"BreadcrumbList","@id":"https:\/\/hobierotikshop.com.tr\/website1\/erotik-shop-urun\/modern-emisli-ve-titresimli-masturbator-orta-boy\/#breadcrumb","itemListElement":[{"@type":"ListItem","position":1,"name":"Anasayfa","item":"https:\/\/hobierotikshop.com.tr\/website1\/"},{"@type":"ListItem","position":2,"name":"Erotik Shop \u00dcr\u00fcnleri","item":"https:\/\/hobierotikshop.com.tr\/website1\/shop\/"},{"@type":"ListItem","position":3,"name":"Modern Emi\u015fli Ve Titre\u015fimli Mast\u00fcrbat\u00f6r Orta Boy"}]},{"@type":"WebSite","@id":"https:\/\/hobierotikshop.com.tr\/website1\/#website","url":"https:\/\/hobierotikshop.com.tr\/website1\/","name":"Bursa Erotik Shop","description":"Bursa Erotik Shop ile g\u00fcvenli, gizli ve kaliteli yeti\u015fkin \u00fcr\u00fcnleri al\u0131\u015fveri\u015fi! Geni\u015f \u00fcr\u00fcn yelpazemizi ke\u015ffedin, hemen sipari\u015f verin","publisher":{"@id":"https:\/\/hobierotikshop.com.tr\/website1\/#organization"},"alternateName":"Erotik Shop","potentialAction":[{"@type":"SearchAction","target":{"@type":"EntryPoint","urlTemplate":"https:\/\/hobierotikshop.com.tr\/website1\/?s={search_term_string}"},"query-input":{"@type":"PropertyValueSpecification","valueRequired":true,"valueName":"search_term_string"}}],"inLanguage":"tr"},{"@type":"Organization","@id":"https:\/\/hobierotikshop.com.tr\/website1\/#organization","name":"Harem Bursa Erotik Shop","url":"https:\/\/hobierotikshop.com.tr\/website1\/","logo":{"@type":"ImageObject","inLanguage":"tr","@id":"https:\/\/hobierotikshop.com.tr\/website1\/#\/schema\/logo\/image\/","url":"https:\/\/haremerotikshop.com\/site\/wp-content\/uploads\/2025\/03\/haremsexshop.png","contentUrl":"https:\/\/haremerotikshop.com\/site\/wp-content\/uploads\/2025\/03\/haremsexshop.png","width":400,"height":100,"caption":"Harem Bursa Erotik Shop"},"image":{"@id":"https:\/\/hobierotikshop.com.tr\/website1\/#\/schema\/logo\/image\/"},"sameAs":["https:\/\/x.com\/shopbursa"],"publishingPrinciples":"https:\/\/hobierotikshop.com.tr\/website1\/mesafeli-satis-sozlesmesi\/","ownershipFundingInfo":"https:\/\/hobierotikshop.com.tr\/website1\/contact-us\/","actionableFeedbackPolicy":"https:\/\/hobierotikshop.com.tr\/website1\/contact-us\/","correctionsPolicy":"https:\/\/hobierotikshop.com.tr\/website1\/mesafeli-satis-sozlesmesi\/"}]},"product_brand":"Pembe Tilki","product_price_amount":"3000.00","product_price_currency":"TRY","og_availability":"instock","product_availability":"instock","product_retailer_item_id":"PT-VMXH034M","product_condition":"new"},"_links":{"self":[{"href":"https:\/\/haremerotikshop.com\/site\/wp-json\/wp\/v2\/product\/19569","targetHints":{"allow":["GET"]}}],"collection":[{"href":"https:\/\/haremerotikshop.com\/site\/wp-json\/wp\/v2\/product"}],"about":[{"href":"https:\/\/haremerotikshop.com\/site\/wp-json\/wp\/v2\/types\/product"}],"replies":[{"embeddable":true,"href":"https:\/\/haremerotikshop.com\/site\/wp-json\/wp\/v2\/comments?post=19569"}],"version-history":[{"count":0,"href":"https:\/\/haremerotikshop.com\/site\/wp-json\/wp\/v2\/product\/19569\/revisions"}],"wp:featuredmedia":[{"embeddable":true,"href":"https:\/\/haremerotikshop.com\/site\/wp-json\/wp\/v2\/media\/19650"}],"wp:attachment":[{"href":"https:\/\/haremerotikshop.com\/site\/wp-json\/wp\/v2\/media?parent=19569"}],"wp:term":[{"taxonomy":"product_brand","embeddable":true,"href":"https:\/\/haremerotikshop.com\/site\/wp-json\/wp\/v2\/product_brand?post=19569"},{"taxonomy":"product_cat","embeddable":true,"href":"https:\/\/haremerotikshop.com\/site\/wp-json\/wp\/v2\/product_cat?post=19569"},{"taxonomy":"product_tag","embeddable":true,"href":"https:\/\/haremerotikshop.com\/site\/wp-json\/wp\/v2\/product_tag?post=19569"}],"curies":[{"name":"wp","href":"https:\/\/api.w.org\/{rel}","templated":true}]}}