{"id":19585,"date":"2025-03-17T12:37:28","date_gmt":"2025-03-17T09:37:28","guid":{"rendered":"https:\/\/haremerotikshop.com\/site\/?post_type=product&#038;p=19585"},"modified":"2026-01-26T15:31:50","modified_gmt":"2026-01-26T12:31:50","slug":"ayarlanabilir-deri-vucut-harness-takimi-siyah","status":"publish","type":"product","link":"https:\/\/haremerotikshop.com\/site\/erotik-shop-urun\/ayarlanabilir-deri-vucut-harness-takimi-siyah\/","title":{"rendered":"Ayarlanabilir Deri V\u00fccut Harness Tak\u0131m\u0131 Siyah"},"content":{"rendered":"<h3 data-start=\"67\" data-end=\"162\">Pembe Tilki Ayarlanabilir Deri V\u00fccut Harness Tak\u0131m\u0131 \u2013 \u015e\u0131kl\u0131k ve Cesaretin Bulu\u015ftu\u011fu Tasar\u0131m<\/h3>\n<p data-start=\"164\" data-end=\"534\"><strong data-start=\"164\" data-end=\"219\">Pembe Tilki Ayarlanabilir Deri V\u00fccut Harness Tak\u0131m\u0131<\/strong>, \u015f\u0131kl\u0131\u011f\u0131 ve cesareti bir araya getirerek v\u00fccudunuzu estetik bir \u015fekilde sarar ve cesur bir g\u00f6r\u00fcn\u00fcm kazanman\u0131z\u0131 sa\u011flar. Derin dekolte ve a\u00e7\u0131k tasar\u0131m\u0131 ile \u00f6zg\u00fcveninizi art\u0131rarak \u00f6zel anlar\u0131n\u0131z\u0131 unutulmaz k\u0131lar. Bu \u015f\u0131k ve zarif v\u00fccut harness tak\u0131m\u0131, metal halkalarla \u015f\u0131k bir detayland\u0131rma sunarak geceyi ta\u00e7land\u0131r\u0131r.<\/p>\n<h3 data-start=\"536\" data-end=\"557\">\u00dcr\u00fcn \u00d6zellikleri:<\/h3>\n<ul data-start=\"559\" data-end=\"2024\">\n<li data-start=\"559\" data-end=\"816\">\n<p data-start=\"561\" data-end=\"575\"><strong data-start=\"561\" data-end=\"574\">Materyal:<\/strong><\/p>\n<ul data-start=\"578\" data-end=\"816\">\n<li data-start=\"578\" data-end=\"816\">Y\u00fcksek kaliteli <strong data-start=\"596\" data-end=\"607\">PU deri<\/strong> kullan\u0131larak \u00fcretilmi\u015ftir. Suni deri, dayan\u0131kl\u0131 olmas\u0131n\u0131n yan\u0131 s\u0131ra yumu\u015fak dokusu ile konforlu bir kullan\u0131m sa\u011flar. Estetik ve dayan\u0131kl\u0131l\u0131\u011f\u0131 bir arada sunan bu malzeme, uzun s\u00fcreli kullan\u0131mlar i\u00e7in uygundur.<\/li>\n<\/ul>\n<\/li>\n<li data-start=\"818\" data-end=\"1160\">\n<p data-start=\"820\" data-end=\"846\"><strong data-start=\"820\" data-end=\"846\">Ayarlanabilir \u00d6l\u00e7\u00fcler:<\/strong><\/p>\n<ul data-start=\"849\" data-end=\"1160\">\n<li data-start=\"849\" data-end=\"870\"><strong data-start=\"851\" data-end=\"861\">Boyun:<\/strong> 64-76 cm<\/li>\n<li data-start=\"873\" data-end=\"893\"><strong data-start=\"875\" data-end=\"883\">Bel:<\/strong> 67-105 cm<\/li>\n<li data-start=\"896\" data-end=\"917\"><strong data-start=\"898\" data-end=\"908\">Kal\u00e7a:<\/strong> 40-66 cm<\/li>\n<li data-start=\"920\" data-end=\"1160\">V\u00fccuda tam oturan esnek tasar\u0131m\u0131 sayesinde, <strong data-start=\"966\" data-end=\"1021\">Pembe Tilki Ayarlanabilir Deri V\u00fccut Harness Tak\u0131m\u0131<\/strong>, farkl\u0131 bedenlere uyum sa\u011flayacak \u015fekilde ayarlanabilir kemerlere sahiptir. Bu sayede her v\u00fccut tipi i\u00e7in rahat ve \u015f\u0131k bir kullan\u0131m sunar.<\/li>\n<\/ul>\n<\/li>\n<li data-start=\"1162\" data-end=\"1372\">\n<p data-start=\"1164\" data-end=\"1182\"><strong data-start=\"1164\" data-end=\"1182\">Renk Se\u00e7ene\u011fi:<\/strong><\/p>\n<ul data-start=\"1185\" data-end=\"1372\">\n<li data-start=\"1185\" data-end=\"1372\"><strong data-start=\"1187\" data-end=\"1197\">Siyah:<\/strong> Zarif ve cesur bir se\u00e7enek olan siyah rengi, her tarzla kolayca uyum sa\u011flar. Hem gece \u015f\u0131kl\u0131\u011f\u0131n\u0131z\u0131 tamamlar hem de \u00f6zel anlar\u0131n\u0131zda g\u00f6z al\u0131c\u0131 bir g\u00f6r\u00fcn\u00fcm elde etmenizi sa\u011flar.<\/li>\n<\/ul>\n<\/li>\n<li data-start=\"1374\" data-end=\"2024\">\n<p data-start=\"1376\" data-end=\"1391\"><strong data-start=\"1376\" data-end=\"1391\">\u00d6zellikler:<\/strong><\/p>\n<ul data-start=\"1394\" data-end=\"2024\">\n<li data-start=\"1394\" data-end=\"1544\"><strong data-start=\"1396\" data-end=\"1414\">Esnek Tasar\u0131m:<\/strong> V\u00fccudu saran esnek yap\u0131s\u0131, \u015f\u0131kl\u0131\u011f\u0131 ve rahatl\u0131\u011f\u0131 bir arada sunar. V\u00fccudunuzu zarif bir \u015fekilde sararak estetik bir g\u00f6r\u00fcn\u00fcm sa\u011flar.<\/li>\n<li data-start=\"1547\" data-end=\"1671\"><strong data-start=\"1549\" data-end=\"1576\">Ayarlanabilir Kemerler:<\/strong> Her v\u00fccut tipine uyum sa\u011flayan ayarlanabilir kemerler, v\u00fccudunuza m\u00fckemmel bir \u015fekilde oturur.<\/li>\n<li data-start=\"1674\" data-end=\"1848\"><strong data-start=\"1676\" data-end=\"1695\">Metal Halkalar:<\/strong> \u015e\u0131k metal halkalar, tasar\u0131m\u0131n zarifli\u011fini art\u0131rarak v\u00fccut harness\u2019\u0131n\u0131 daha dikkat \u00e7ekici hale getirir. Ayn\u0131 zamanda \u015f\u0131kl\u0131\u011f\u0131 ve i\u015flevselli\u011fi birle\u015ftirir.<\/li>\n<li data-start=\"1851\" data-end=\"2024\"><strong data-start=\"1853\" data-end=\"1871\">Cesur Tasar\u0131m:<\/strong> Derin dekolte ve a\u00e7\u0131k tasar\u0131m, stilinize cesur bir dokunu\u015f katarken \u00f6zg\u00fcveninizi art\u0131r\u0131r. \u00d6zellikle gece etkinliklerinde dikkat \u00e7ekici bir etki yarat\u0131r.<\/li>\n<\/ul>\n<\/li>\n<\/ul>\n<h3 data-start=\"2026\" data-end=\"2048\">Kullan\u0131m Alanlar\u0131:<\/h3>\n<ul data-start=\"2050\" data-end=\"2576\">\n<li data-start=\"2050\" data-end=\"2207\">\n<p data-start=\"2052\" data-end=\"2066\"><strong data-start=\"2052\" data-end=\"2065\">\u0130\u00e7 Giyim:<\/strong><\/p>\n<ul data-start=\"2069\" data-end=\"2207\">\n<li data-start=\"2069\" data-end=\"2207\">\u00d6zel geceler veya romantik ak\u015famlar i\u00e7in m\u00fckemmel bir i\u00e7 giyim aksesuar\u0131d\u0131r. Hem rahat hem de \u015f\u0131k olmas\u0131 sayesinde \u00f6zg\u00fcveninizi art\u0131r\u0131r.<\/li>\n<\/ul>\n<\/li>\n<li data-start=\"2209\" data-end=\"2415\">\n<p data-start=\"2211\" data-end=\"2241\"><strong data-start=\"2211\" data-end=\"2240\">Cosplay ve Performanslar:<\/strong><\/p>\n<ul data-start=\"2244\" data-end=\"2415\">\n<li data-start=\"2244\" data-end=\"2415\">Cosplay etkinliklerinde veya sahne performanslar\u0131nda kullanabilece\u011finiz ideal bir tasar\u0131md\u0131r. Cesur ve etkileyici bir g\u00f6r\u00fcn\u00fcm yarat\u0131r, izleyicilerinizin dikkatini \u00e7eker.<\/li>\n<\/ul>\n<\/li>\n<li data-start=\"2417\" data-end=\"2576\">\n<p data-start=\"2419\" data-end=\"2435\"><strong data-start=\"2419\" data-end=\"2434\">\u00d6zel Anlar:<\/strong><\/p>\n<ul data-start=\"2438\" data-end=\"2576\">\n<li data-start=\"2438\" data-end=\"2576\">Partnerinizle ya da yaln\u0131z ba\u015f\u0131n\u0131za keyifli ve \u00f6zel anlar ge\u00e7irmek i\u00e7in tasarlanm\u0131\u015f bu harness tak\u0131m\u0131, size unutulmaz bir deneyim sunar.<\/li>\n<\/ul>\n<\/li>\n<\/ul>\n<h3 data-start=\"2578\" data-end=\"2607\">Neden Tercih Etmelisiniz?<\/h3>\n<ul data-start=\"2609\" data-end=\"3460\">\n<li data-start=\"2609\" data-end=\"2817\">\n<p data-start=\"2611\" data-end=\"2646\"><strong data-start=\"2611\" data-end=\"2645\">\u015e\u0131kl\u0131k ve Cesaretin Bulu\u015fmas\u0131:<\/strong><\/p>\n<ul data-start=\"2649\" data-end=\"2817\">\n<li data-start=\"2649\" data-end=\"2817\">Deri v\u00fccut harness tak\u0131m\u0131, cesur bir g\u00f6r\u00fcn\u00fcm sunarken ayn\u0131 zamanda \u015f\u0131kl\u0131\u011f\u0131n\u0131z\u0131 vurgular. Metal halkalar ve esnek tasar\u0131m\u0131 ile zarif ve dikkat \u00e7ekici bir etki yarat\u0131r.<\/li>\n<\/ul>\n<\/li>\n<li data-start=\"2819\" data-end=\"3024\">\n<p data-start=\"2821\" data-end=\"2852\"><strong data-start=\"2821\" data-end=\"2851\">Ayarlanabilir ve Konforlu:<\/strong><\/p>\n<ul data-start=\"2855\" data-end=\"3024\">\n<li data-start=\"2855\" data-end=\"3024\">Ayarlanabilir kemerleri sayesinde v\u00fccudunuza m\u00fckemmel bir \u015fekilde oturur, rahat\u00e7a kullan\u0131labilir. Farkl\u0131 bedenlere uyum sa\u011flayarak her v\u00fccut tipine uygun konfor sunar.<\/li>\n<\/ul>\n<\/li>\n<li data-start=\"3026\" data-end=\"3195\">\n<p data-start=\"3028\" data-end=\"3052\"><strong data-start=\"3028\" data-end=\"3051\">\u00c7ok Y\u00f6nl\u00fc Kullan\u0131m:<\/strong><\/p>\n<ul data-start=\"3055\" data-end=\"3195\">\n<li data-start=\"3055\" data-end=\"3195\">Hem i\u00e7 giyim olarak hem de cosplay ya da performanslar i\u00e7in ideal bir tasar\u0131md\u0131r. Esnek ve \u015f\u0131k yap\u0131s\u0131 sayesinde \u00e7ok y\u00f6nl\u00fc kullan\u0131m sa\u011flar.<\/li>\n<\/ul>\n<\/li>\n<li data-start=\"3197\" data-end=\"3460\">\n<p data-start=\"3199\" data-end=\"3225\"><strong data-start=\"3199\" data-end=\"3224\">Pembe Tilki Kalitesi:<\/strong><\/p>\n<ul data-start=\"3228\" data-end=\"3460\">\n<li data-start=\"3228\" data-end=\"3460\"><strong data-start=\"3230\" data-end=\"3245\">Pembe Tilki<\/strong>, \u015f\u0131kl\u0131k ve kaliteyi bir arada sunar. Y\u00fcksek kaliteli PU deri ve \u015f\u0131k tasar\u0131m\u0131, uzun s\u00fcreli ve g\u00fcvenli kullan\u0131m sa\u011flar. Hem estetik hem de fonksiyonel bir tasar\u0131m olarak her zaman yenilik\u00e7i ve cesur bir tercih sunar.<\/li>\n<\/ul>\n<\/li>\n<\/ul>\n<h3 data-start=\"3462\" data-end=\"3556\">Pembe Tilki Ayarlanabilir Deri V\u00fccut Harness Tak\u0131m\u0131 ile Tarz\u0131n\u0131z\u0131 ve Cesaretinizi G\u00f6sterin<\/h3>\n<p data-start=\"3558\" data-end=\"3917\"><strong data-start=\"3558\" data-end=\"3613\">Pembe Tilki Ayarlanabilir Deri V\u00fccut Harness Tak\u0131m\u0131<\/strong>, tarz\u0131n\u0131z\u0131 ve cesaretinizi sergilemek i\u00e7in m\u00fckemmel bir \u00fcr\u00fcnd\u00fcr. Hem i\u00e7 giyim hem de cosplay i\u00e7in ideal olan bu \u00f6zel tasar\u0131m, v\u00fccudunuza estetik bir \u015fekilde oturur ve her an\u0131 \u00f6zel k\u0131lar. Metal halkalarla detayland\u0131r\u0131lm\u0131\u015f bu tasar\u0131m, \u015f\u0131kl\u0131\u011f\u0131n\u0131z\u0131 ve cesaretinizi birle\u015ftirerek unutulmaz bir g\u00f6r\u00fcn\u00fcm sunar.<\/p>\n","protected":false},"excerpt":{"rendered":"<p><strong data-start=\"164\" data-end=\"219\">Pembe Tilki Ayarlanabilir Deri V\u00fccut Harness Tak\u0131m\u0131<\/strong>, \u015f\u0131kl\u0131\u011f\u0131 ve cesareti bir araya getirerek v\u00fccudunuzu estetik bir \u015fekilde sarar ve cesur bir g\u00f6r\u00fcn\u00fcm kazanman\u0131z\u0131 sa\u011flar. Derin dekolte ve a\u00e7\u0131k tasar\u0131m\u0131 ile \u00f6zg\u00fcveninizi art\u0131rarak \u00f6zel anlar\u0131n\u0131z\u0131 unutulmaz k\u0131lar. Bu \u015f\u0131k ve zarif v\u00fccut harness tak\u0131m\u0131, metal halkalarla \u015f\u0131k bir detayland\u0131rma sunarak geceyi ta\u00e7land\u0131r\u0131r.<\/p>\n","protected":false},"featured_media":19656,"comment_status":"open","ping_status":"closed","template":"","meta":[],"product_brand":[127],"product_cat":[99],"product_tag":[353],"class_list":{"0":"post-19585","1":"product","2":"type-product","3":"status-publish","4":"has-post-thumbnail","6":"product_brand-pembe-tilki","7":"product_cat-fantezi-fetis-urunu","8":"product_tag-ayarlanabilir-deri-vucut-harness-takimi-siyah","10":"first","11":"instock","12":"taxable","13":"shipping-taxable","14":"purchasable","15":"product-type-simple"},"yoast_head":"<!-- This site is optimized with the Yoast SEO Premium plugin v24.4 (Yoast SEO v27.1.1) - https:\/\/yoast.com\/product\/yoast-seo-premium-wordpress\/ -->\n<title>Ayarlanabilir Deri V\u00fccut Harness Tak\u0131m\u0131 Siyah - Bursa Erotik Shop<\/title>\n<meta name=\"robots\" content=\"index, follow, max-snippet:-1, max-image-preview:large, max-video-preview:-1\" \/>\n<link rel=\"canonical\" href=\"https:\/\/hobierotikshop.com.tr\/website1\/erotik-shop-urun\/ayarlanabilir-deri-vucut-harness-takimi-siyah\/\" \/>\n<meta property=\"og:locale\" content=\"tr_TR\" \/>\n<meta property=\"og:type\" content=\"article\" \/>\n<meta property=\"og:title\" content=\"Ayarlanabilir Deri V\u00fccut Harness Tak\u0131m\u0131 Siyah\" \/>\n<meta property=\"og:description\" content=\"Pembe Tilki Ayarlanabilir Deri V\u00fccut Harness Tak\u0131m\u0131, \u015f\u0131kl\u0131\u011f\u0131 ve cesareti bir araya getirerek v\u00fccudunuzu estetik bir \u015fekilde sarar ve cesur bir g\u00f6r\u00fcn\u00fcm kazanman\u0131z\u0131 sa\u011flar. Derin dekolte ve a\u00e7\u0131k tasar\u0131m\u0131 ile \u00f6zg\u00fcveninizi art\u0131rarak \u00f6zel anlar\u0131n\u0131z\u0131 unutulmaz k\u0131lar. Bu \u015f\u0131k ve zarif v\u00fccut harness tak\u0131m\u0131, metal halkalarla \u015f\u0131k bir detayland\u0131rma sunarak geceyi ta\u00e7land\u0131r\u0131r.\" \/>\n<meta property=\"og:url\" content=\"https:\/\/hobierotikshop.com.tr\/website1\/erotik-shop-urun\/ayarlanabilir-deri-vucut-harness-takimi-siyah\/\" \/>\n<meta property=\"og:site_name\" content=\"Bursa Erotik Shop\" \/>\n<meta property=\"article:modified_time\" content=\"2026-01-26T12:31:50+00:00\" \/>\n<meta property=\"og:image\" content=\"https:\/\/hobierotikshop.com.tr\/website1\/wp-content\/uploads\/2025\/03\/ayarlanabilir-deri-vucut-harness-takimi-siyah-2869.jpg\" \/>\n\t<meta property=\"og:image:width\" content=\"1500\" \/>\n\t<meta property=\"og:image:height\" content=\"1500\" \/>\n\t<meta property=\"og:image:type\" content=\"image\/jpeg\" \/>\n<meta name=\"twitter:card\" content=\"summary_large_image\" \/>\n<meta name=\"twitter:site\" content=\"@shopbursa\" \/>\n<meta name=\"twitter:label1\" content=\"Fiyat\" \/>\n\t<meta name=\"twitter:data1\" content=\"&#8378;1.500,00 KDV DAH\u0130L\" \/>\n\t<meta name=\"twitter:label2\" content=\"Availability\" \/>\n\t<meta name=\"twitter:data2\" content=\"In stock\" \/>\n<script type=\"application\/ld+json\" class=\"yoast-schema-graph\">{\"@context\":\"https:\/\/schema.org\",\"@graph\":[{\"@type\":\"WebPage\",\"@id\":\"https:\/\/hobierotikshop.com.tr\/website1\/erotik-shop-urun\/ayarlanabilir-deri-vucut-harness-takimi-siyah\/\",\"url\":\"https:\/\/hobierotikshop.com.tr\/website1\/erotik-shop-urun\/ayarlanabilir-deri-vucut-harness-takimi-siyah\/\",\"name\":\"Ayarlanabilir Deri V\u00fccut Harness Tak\u0131m\u0131 Siyah - Bursa Erotik Shop\",\"isPartOf\":{\"@id\":\"https:\/\/hobierotikshop.com.tr\/website1\/#website\"},\"primaryImageOfPage\":{\"@id\":\"https:\/\/hobierotikshop.com.tr\/website1\/erotik-shop-urun\/ayarlanabilir-deri-vucut-harness-takimi-siyah\/#primaryimage\"},\"image\":{\"@id\":\"https:\/\/hobierotikshop.com.tr\/website1\/erotik-shop-urun\/ayarlanabilir-deri-vucut-harness-takimi-siyah\/#primaryimage\"},\"thumbnailUrl\":\"https:\/\/haremerotikshop.com\/site\/wp-content\/uploads\/2025\/03\/ayarlanabilir-deri-vucut-harness-takimi-siyah-2869.jpg\",\"datePublished\":\"2025-03-17T09:37:28+00:00\",\"dateModified\":\"2026-01-26T12:31:50+00:00\",\"breadcrumb\":{\"@id\":\"https:\/\/hobierotikshop.com.tr\/website1\/erotik-shop-urun\/ayarlanabilir-deri-vucut-harness-takimi-siyah\/#breadcrumb\"},\"inLanguage\":\"tr\",\"potentialAction\":[{\"@type\":\"ReadAction\",\"target\":[\"https:\/\/hobierotikshop.com.tr\/website1\/erotik-shop-urun\/ayarlanabilir-deri-vucut-harness-takimi-siyah\/\"]}]},{\"@type\":\"ImageObject\",\"inLanguage\":\"tr\",\"@id\":\"https:\/\/hobierotikshop.com.tr\/website1\/erotik-shop-urun\/ayarlanabilir-deri-vucut-harness-takimi-siyah\/#primaryimage\",\"url\":\"https:\/\/haremerotikshop.com\/site\/wp-content\/uploads\/2025\/03\/ayarlanabilir-deri-vucut-harness-takimi-siyah-2869.jpg\",\"contentUrl\":\"https:\/\/haremerotikshop.com\/site\/wp-content\/uploads\/2025\/03\/ayarlanabilir-deri-vucut-harness-takimi-siyah-2869.jpg\",\"width\":1500,\"height\":1500},{\"@type\":\"BreadcrumbList\",\"@id\":\"https:\/\/hobierotikshop.com.tr\/website1\/erotik-shop-urun\/ayarlanabilir-deri-vucut-harness-takimi-siyah\/#breadcrumb\",\"itemListElement\":[{\"@type\":\"ListItem\",\"position\":1,\"name\":\"Anasayfa\",\"item\":\"https:\/\/hobierotikshop.com.tr\/website1\/\"},{\"@type\":\"ListItem\",\"position\":2,\"name\":\"Erotik Shop \u00dcr\u00fcnleri\",\"item\":\"https:\/\/hobierotikshop.com.tr\/website1\/shop\/\"},{\"@type\":\"ListItem\",\"position\":3,\"name\":\"Ayarlanabilir Deri V\u00fccut Harness Tak\u0131m\u0131 Siyah\"}]},{\"@type\":\"WebSite\",\"@id\":\"https:\/\/hobierotikshop.com.tr\/website1\/#website\",\"url\":\"https:\/\/hobierotikshop.com.tr\/website1\/\",\"name\":\"Bursa Erotik Shop\",\"description\":\"Bursa Erotik Shop ile g\u00fcvenli, gizli ve kaliteli yeti\u015fkin \u00fcr\u00fcnleri al\u0131\u015fveri\u015fi! Geni\u015f \u00fcr\u00fcn yelpazemizi ke\u015ffedin, hemen sipari\u015f verin\",\"publisher\":{\"@id\":\"https:\/\/hobierotikshop.com.tr\/website1\/#organization\"},\"alternateName\":\"Erotik Shop\",\"potentialAction\":[{\"@type\":\"SearchAction\",\"target\":{\"@type\":\"EntryPoint\",\"urlTemplate\":\"https:\/\/hobierotikshop.com.tr\/website1\/?s={search_term_string}\"},\"query-input\":{\"@type\":\"PropertyValueSpecification\",\"valueRequired\":true,\"valueName\":\"search_term_string\"}}],\"inLanguage\":\"tr\"},{\"@type\":\"Organization\",\"@id\":\"https:\/\/hobierotikshop.com.tr\/website1\/#organization\",\"name\":\"Harem Bursa Erotik Shop\",\"url\":\"https:\/\/hobierotikshop.com.tr\/website1\/\",\"logo\":{\"@type\":\"ImageObject\",\"inLanguage\":\"tr\",\"@id\":\"https:\/\/hobierotikshop.com.tr\/website1\/#\/schema\/logo\/image\/\",\"url\":\"https:\/\/haremerotikshop.com\/site\/wp-content\/uploads\/2025\/03\/haremsexshop.png\",\"contentUrl\":\"https:\/\/haremerotikshop.com\/site\/wp-content\/uploads\/2025\/03\/haremsexshop.png\",\"width\":400,\"height\":100,\"caption\":\"Harem Bursa Erotik Shop\"},\"image\":{\"@id\":\"https:\/\/hobierotikshop.com.tr\/website1\/#\/schema\/logo\/image\/\"},\"sameAs\":[\"https:\/\/x.com\/shopbursa\"],\"publishingPrinciples\":\"https:\/\/hobierotikshop.com.tr\/website1\/mesafeli-satis-sozlesmesi\/\",\"ownershipFundingInfo\":\"https:\/\/hobierotikshop.com.tr\/website1\/contact-us\/\",\"actionableFeedbackPolicy\":\"https:\/\/hobierotikshop.com.tr\/website1\/contact-us\/\",\"correctionsPolicy\":\"https:\/\/hobierotikshop.com.tr\/website1\/mesafeli-satis-sozlesmesi\/\"}]}<\/script>\n<meta property=\"product:brand\" content=\"Pembe Tilki\" \/>\n<meta property=\"product:price:amount\" content=\"1500.00\" \/>\n<meta property=\"product:price:currency\" content=\"TRY\" \/>\n<meta property=\"og:availability\" content=\"instock\" \/>\n<meta property=\"product:availability\" content=\"instock\" \/>\n<meta property=\"product:retailer_item_id\" content=\"PT-FFXG907BL\" \/>\n<meta property=\"product:condition\" content=\"new\" \/>\n<!-- \/ Yoast SEO Premium plugin. -->","yoast_head_json":{"title":"Ayarlanabilir Deri V\u00fccut Harness Tak\u0131m\u0131 Siyah - Bursa Erotik Shop","robots":{"index":"index","follow":"follow","max-snippet":"max-snippet:-1","max-image-preview":"max-image-preview:large","max-video-preview":"max-video-preview:-1"},"canonical":"https:\/\/hobierotikshop.com.tr\/website1\/erotik-shop-urun\/ayarlanabilir-deri-vucut-harness-takimi-siyah\/","og_locale":"tr_TR","og_type":"article","og_title":"Ayarlanabilir Deri V\u00fccut Harness Tak\u0131m\u0131 Siyah","og_description":"Pembe Tilki Ayarlanabilir Deri V\u00fccut Harness Tak\u0131m\u0131, \u015f\u0131kl\u0131\u011f\u0131 ve cesareti bir araya getirerek v\u00fccudunuzu estetik bir \u015fekilde sarar ve cesur bir g\u00f6r\u00fcn\u00fcm kazanman\u0131z\u0131 sa\u011flar. Derin dekolte ve a\u00e7\u0131k tasar\u0131m\u0131 ile \u00f6zg\u00fcveninizi art\u0131rarak \u00f6zel anlar\u0131n\u0131z\u0131 unutulmaz k\u0131lar. Bu \u015f\u0131k ve zarif v\u00fccut harness tak\u0131m\u0131, metal halkalarla \u015f\u0131k bir detayland\u0131rma sunarak geceyi ta\u00e7land\u0131r\u0131r.","og_url":"https:\/\/hobierotikshop.com.tr\/website1\/erotik-shop-urun\/ayarlanabilir-deri-vucut-harness-takimi-siyah\/","og_site_name":"Bursa Erotik Shop","article_modified_time":"2026-01-26T12:31:50+00:00","og_image":[{"width":1500,"height":1500,"url":"https:\/\/hobierotikshop.com.tr\/website1\/wp-content\/uploads\/2025\/03\/ayarlanabilir-deri-vucut-harness-takimi-siyah-2869.jpg","type":"image\/jpeg"}],"twitter_card":"summary_large_image","twitter_site":"@shopbursa","twitter_misc":{"Fiyat":"&#8378;1.500,00 KDV DAH\u0130L","Availability":"In stock"},"schema":{"@context":"https:\/\/schema.org","@graph":[{"@type":"WebPage","@id":"https:\/\/hobierotikshop.com.tr\/website1\/erotik-shop-urun\/ayarlanabilir-deri-vucut-harness-takimi-siyah\/","url":"https:\/\/hobierotikshop.com.tr\/website1\/erotik-shop-urun\/ayarlanabilir-deri-vucut-harness-takimi-siyah\/","name":"Ayarlanabilir Deri V\u00fccut Harness Tak\u0131m\u0131 Siyah - Bursa Erotik Shop","isPartOf":{"@id":"https:\/\/hobierotikshop.com.tr\/website1\/#website"},"primaryImageOfPage":{"@id":"https:\/\/hobierotikshop.com.tr\/website1\/erotik-shop-urun\/ayarlanabilir-deri-vucut-harness-takimi-siyah\/#primaryimage"},"image":{"@id":"https:\/\/hobierotikshop.com.tr\/website1\/erotik-shop-urun\/ayarlanabilir-deri-vucut-harness-takimi-siyah\/#primaryimage"},"thumbnailUrl":"https:\/\/haremerotikshop.com\/site\/wp-content\/uploads\/2025\/03\/ayarlanabilir-deri-vucut-harness-takimi-siyah-2869.jpg","datePublished":"2025-03-17T09:37:28+00:00","dateModified":"2026-01-26T12:31:50+00:00","breadcrumb":{"@id":"https:\/\/hobierotikshop.com.tr\/website1\/erotik-shop-urun\/ayarlanabilir-deri-vucut-harness-takimi-siyah\/#breadcrumb"},"inLanguage":"tr","potentialAction":[{"@type":"ReadAction","target":["https:\/\/hobierotikshop.com.tr\/website1\/erotik-shop-urun\/ayarlanabilir-deri-vucut-harness-takimi-siyah\/"]}]},{"@type":"ImageObject","inLanguage":"tr","@id":"https:\/\/hobierotikshop.com.tr\/website1\/erotik-shop-urun\/ayarlanabilir-deri-vucut-harness-takimi-siyah\/#primaryimage","url":"https:\/\/haremerotikshop.com\/site\/wp-content\/uploads\/2025\/03\/ayarlanabilir-deri-vucut-harness-takimi-siyah-2869.jpg","contentUrl":"https:\/\/haremerotikshop.com\/site\/wp-content\/uploads\/2025\/03\/ayarlanabilir-deri-vucut-harness-takimi-siyah-2869.jpg","width":1500,"height":1500},{"@type":"BreadcrumbList","@id":"https:\/\/hobierotikshop.com.tr\/website1\/erotik-shop-urun\/ayarlanabilir-deri-vucut-harness-takimi-siyah\/#breadcrumb","itemListElement":[{"@type":"ListItem","position":1,"name":"Anasayfa","item":"https:\/\/hobierotikshop.com.tr\/website1\/"},{"@type":"ListItem","position":2,"name":"Erotik Shop \u00dcr\u00fcnleri","item":"https:\/\/hobierotikshop.com.tr\/website1\/shop\/"},{"@type":"ListItem","position":3,"name":"Ayarlanabilir Deri V\u00fccut Harness Tak\u0131m\u0131 Siyah"}]},{"@type":"WebSite","@id":"https:\/\/hobierotikshop.com.tr\/website1\/#website","url":"https:\/\/hobierotikshop.com.tr\/website1\/","name":"Bursa Erotik Shop","description":"Bursa Erotik Shop ile g\u00fcvenli, gizli ve kaliteli yeti\u015fkin \u00fcr\u00fcnleri al\u0131\u015fveri\u015fi! Geni\u015f \u00fcr\u00fcn yelpazemizi ke\u015ffedin, hemen sipari\u015f verin","publisher":{"@id":"https:\/\/hobierotikshop.com.tr\/website1\/#organization"},"alternateName":"Erotik Shop","potentialAction":[{"@type":"SearchAction","target":{"@type":"EntryPoint","urlTemplate":"https:\/\/hobierotikshop.com.tr\/website1\/?s={search_term_string}"},"query-input":{"@type":"PropertyValueSpecification","valueRequired":true,"valueName":"search_term_string"}}],"inLanguage":"tr"},{"@type":"Organization","@id":"https:\/\/hobierotikshop.com.tr\/website1\/#organization","name":"Harem Bursa Erotik Shop","url":"https:\/\/hobierotikshop.com.tr\/website1\/","logo":{"@type":"ImageObject","inLanguage":"tr","@id":"https:\/\/hobierotikshop.com.tr\/website1\/#\/schema\/logo\/image\/","url":"https:\/\/haremerotikshop.com\/site\/wp-content\/uploads\/2025\/03\/haremsexshop.png","contentUrl":"https:\/\/haremerotikshop.com\/site\/wp-content\/uploads\/2025\/03\/haremsexshop.png","width":400,"height":100,"caption":"Harem Bursa Erotik Shop"},"image":{"@id":"https:\/\/hobierotikshop.com.tr\/website1\/#\/schema\/logo\/image\/"},"sameAs":["https:\/\/x.com\/shopbursa"],"publishingPrinciples":"https:\/\/hobierotikshop.com.tr\/website1\/mesafeli-satis-sozlesmesi\/","ownershipFundingInfo":"https:\/\/hobierotikshop.com.tr\/website1\/contact-us\/","actionableFeedbackPolicy":"https:\/\/hobierotikshop.com.tr\/website1\/contact-us\/","correctionsPolicy":"https:\/\/hobierotikshop.com.tr\/website1\/mesafeli-satis-sozlesmesi\/"}]},"product_brand":"Pembe Tilki","product_price_amount":"1500.00","product_price_currency":"TRY","og_availability":"instock","product_availability":"instock","product_retailer_item_id":"PT-FFXG907BL","product_condition":"new"},"_links":{"self":[{"href":"https:\/\/haremerotikshop.com\/site\/wp-json\/wp\/v2\/product\/19585","targetHints":{"allow":["GET"]}}],"collection":[{"href":"https:\/\/haremerotikshop.com\/site\/wp-json\/wp\/v2\/product"}],"about":[{"href":"https:\/\/haremerotikshop.com\/site\/wp-json\/wp\/v2\/types\/product"}],"replies":[{"embeddable":true,"href":"https:\/\/haremerotikshop.com\/site\/wp-json\/wp\/v2\/comments?post=19585"}],"version-history":[{"count":0,"href":"https:\/\/haremerotikshop.com\/site\/wp-json\/wp\/v2\/product\/19585\/revisions"}],"wp:featuredmedia":[{"embeddable":true,"href":"https:\/\/haremerotikshop.com\/site\/wp-json\/wp\/v2\/media\/19656"}],"wp:attachment":[{"href":"https:\/\/haremerotikshop.com\/site\/wp-json\/wp\/v2\/media?parent=19585"}],"wp:term":[{"taxonomy":"product_brand","embeddable":true,"href":"https:\/\/haremerotikshop.com\/site\/wp-json\/wp\/v2\/product_brand?post=19585"},{"taxonomy":"product_cat","embeddable":true,"href":"https:\/\/haremerotikshop.com\/site\/wp-json\/wp\/v2\/product_cat?post=19585"},{"taxonomy":"product_tag","embeddable":true,"href":"https:\/\/haremerotikshop.com\/site\/wp-json\/wp\/v2\/product_tag?post=19585"}],"curies":[{"name":"wp","href":"https:\/\/api.w.org\/{rel}","templated":true}]}}