{"id":19586,"date":"2025-03-17T12:37:28","date_gmt":"2025-03-17T09:37:28","guid":{"rendered":"https:\/\/haremerotikshop.com\/site\/?post_type=product&#038;p=19586"},"modified":"2026-01-26T15:32:12","modified_gmt":"2026-01-26T12:32:12","slug":"cift-uclu-realistik-dildo-375-cm","status":"publish","type":"product","link":"https:\/\/haremerotikshop.com\/site\/erotik-shop-urun\/cift-uclu-realistik-dildo-375-cm\/","title":{"rendered":"\u00c7ift U\u00e7lu Realistik Dildo &#8211; 37,5 Cm"},"content":{"rendered":"<h3 data-start=\"57\" data-end=\"127\">\u00c7ift U\u00e7lu Realistik Doku Dildo \u2013 Y\u00fcksek Kalite ve Ger\u00e7ek\u00e7i Deneyim<\/h3>\n<p data-start=\"129\" data-end=\"499\"><strong data-start=\"129\" data-end=\"163\">\u00c7ift U\u00e7lu Realistik Doku Dildo<\/strong>, esnek yap\u0131s\u0131 ve ger\u00e7ek\u00e7i detaylar\u0131 ile hem tek ba\u015f\u0131n\u0131za hem de partnerinizle keyifli ve tatmin edici anlar ya\u015faman\u0131z i\u00e7in tasarlanm\u0131\u015ft\u0131r. Y\u00fcksek kaliteli malzemeden \u00fcretilmi\u015f bu \u00fcr\u00fcn, v\u00fccut dostu yap\u0131s\u0131 ile g\u00fcvenli ve konforlu bir kullan\u0131m sunar. Ger\u00e7ek\u00e7i damar detaylar\u0131 ve ba\u015f k\u0131sm\u0131 ile her kullan\u0131mdan maksimum haz alman\u0131z\u0131 sa\u011flar.<\/p>\n<h3 data-start=\"501\" data-end=\"522\">\u00dcr\u00fcn \u00d6zellikleri:<\/h3>\n<ul data-start=\"524\" data-end=\"1902\">\n<li data-start=\"524\" data-end=\"801\">\n<p data-start=\"526\" data-end=\"539\"><strong data-start=\"526\" data-end=\"538\">Malzeme:<\/strong><\/p>\n<ul data-start=\"542\" data-end=\"801\">\n<li data-start=\"542\" data-end=\"801\"><strong data-start=\"544\" data-end=\"584\">Y\u00fcksek kaliteli, v\u00fccut dostu silikon<\/strong> kullan\u0131larak \u00fcretilmi\u015ftir. Silikon, sa\u011fl\u0131\u011fa zarar vermeyen ve v\u00fccuda uyumlu olan do\u011fal bir malzemedir. G\u00fcvenli kullan\u0131m i\u00e7in ideal bir tercihtir ve ciltle uyumlu oldu\u011fu i\u00e7in hassasiyeti olan ki\u015filer i\u00e7in de uygundur.<\/li>\n<\/ul>\n<\/li>\n<li data-start=\"803\" data-end=\"1066\">\n<p data-start=\"805\" data-end=\"818\"><strong data-start=\"805\" data-end=\"818\">Boyutlar:<\/strong><\/p>\n<ul data-start=\"821\" data-end=\"1066\">\n<li data-start=\"821\" data-end=\"862\"><strong data-start=\"823\" data-end=\"842\">Toplam Uzunluk:<\/strong> 37,5 cm (14,76 in\u00e7)<\/li>\n<li data-start=\"865\" data-end=\"891\"><strong data-start=\"867\" data-end=\"875\">\u00c7ap:<\/strong> 3 cm (1,18 in\u00e7)<\/li>\n<li data-start=\"894\" data-end=\"914\"><strong data-start=\"896\" data-end=\"908\">A\u011f\u0131rl\u0131k:<\/strong> 257 g<\/li>\n<li data-start=\"917\" data-end=\"1066\">Geni\u015f boyutlar\u0131, tatmin edici bir deneyim sunarken kullan\u0131m rahatl\u0131\u011f\u0131 sa\u011flar. Esnek yap\u0131s\u0131, ki\u015fisel tercihlere g\u00f6re rahat\u00e7a b\u00fck\u00fcl\u00fcp \u015fekil alabilir.<\/li>\n<\/ul>\n<\/li>\n<li data-start=\"1068\" data-end=\"1333\">\n<p data-start=\"1070\" data-end=\"1084\"><strong data-start=\"1070\" data-end=\"1083\">Kullan\u0131m:<\/strong><\/p>\n<ul data-start=\"1087\" data-end=\"1333\">\n<li data-start=\"1087\" data-end=\"1333\">\u00c7ift u\u00e7lu yap\u0131s\u0131, <strong data-start=\"1107\" data-end=\"1156\">farkl\u0131 a\u00e7\u0131larda ve \u015fekillerde kullan\u0131m imkan\u0131<\/strong> sunar. Hem tek ba\u015f\u0131n\u0131za hem de partnerinizle birlikte farkl\u0131 deneyimler ke\u015ffetmenize olanak tan\u0131r. \u00d6zellikle <strong data-start=\"1266\" data-end=\"1291\">\u00e7ift tarafl\u0131 kullan\u0131m<\/strong> ile zenginle\u015ftirilmi\u015f bir deneyim sa\u011flar.<\/li>\n<\/ul>\n<\/li>\n<li data-start=\"1335\" data-end=\"1520\">\n<p data-start=\"1337\" data-end=\"1354\"><strong data-start=\"1337\" data-end=\"1353\">Su Ge\u00e7irmez:<\/strong><\/p>\n<ul data-start=\"1357\" data-end=\"1520\">\n<li data-start=\"1357\" data-end=\"1520\"><strong data-start=\"1359\" data-end=\"1377\">Suya dayan\u0131kl\u0131<\/strong> yap\u0131s\u0131 sayesinde, dildo kolayca temizlenebilir ve hijyenik olarak kullan\u0131labilir. Kullan\u0131m sonras\u0131 rahat\u00e7a y\u0131kay\u0131p, g\u00fcvenle saklayabilirsiniz.<\/li>\n<\/ul>\n<\/li>\n<li data-start=\"1522\" data-end=\"1707\">\n<p data-start=\"1524\" data-end=\"1541\"><strong data-start=\"1524\" data-end=\"1540\">Koku Yapmaz:<\/strong><\/p>\n<ul data-start=\"1544\" data-end=\"1707\">\n<li data-start=\"1544\" data-end=\"1707\">Kokusuz <strong data-start=\"1554\" data-end=\"1581\">y\u00fcksek kaliteli silikon<\/strong> malzeme, hijyenik ve rahat bir kullan\u0131m sa\u011flar. Oral kullan\u0131m i\u00e7in de uygundur, b\u00f6ylece daha fazla g\u00fcvenle kullanabilirsiniz.<\/li>\n<\/ul>\n<\/li>\n<li data-start=\"1709\" data-end=\"1902\">\n<p data-start=\"1711\" data-end=\"1734\"><strong data-start=\"1711\" data-end=\"1733\">Ger\u00e7ek\u00e7i Detaylar:<\/strong><\/p>\n<ul data-start=\"1737\" data-end=\"1902\">\n<li data-start=\"1737\" data-end=\"1902\">Damar yap\u0131s\u0131 ve ba\u015f k\u0131sm\u0131ndaki detaylarla ger\u00e7ek\u00e7i bir deneyim sunar. Esnek yap\u0131s\u0131 ile 180 derece b\u00fck\u00fclebilir, b\u00f6ylece farkl\u0131 pozisyonlarda kullan\u0131m imkan\u0131 sa\u011flar.<\/li>\n<\/ul>\n<\/li>\n<\/ul>\n<h3 data-start=\"1904\" data-end=\"1926\">Kullan\u0131m Alanlar\u0131:<\/h3>\n<ul data-start=\"1928\" data-end=\"2499\">\n<li data-start=\"1928\" data-end=\"2099\">\n<p data-start=\"1930\" data-end=\"1948\"><strong data-start=\"1930\" data-end=\"1947\">Tek Ba\u015f\u0131n\u0131za:<\/strong><\/p>\n<ul data-start=\"1951\" data-end=\"2099\">\n<li data-start=\"1951\" data-end=\"2099\">Dildo, tek ba\u015f\u0131n\u0131za kullanabilece\u011finiz m\u00fckemmel bir \u00fcr\u00fcnd\u00fcr. Kendi ba\u015f\u0131n\u0131za ke\u015ffedece\u011finiz yeni tatmin edici deneyimler i\u00e7in ideal bir se\u00e7enektir.<\/li>\n<\/ul>\n<\/li>\n<li data-start=\"2101\" data-end=\"2315\">\n<p data-start=\"2103\" data-end=\"2144\"><strong data-start=\"2103\" data-end=\"2143\">Partnerinizle \u00c7ift Tarafl\u0131 Kullan\u0131m:<\/strong><\/p>\n<ul data-start=\"2147\" data-end=\"2315\">\n<li data-start=\"2147\" data-end=\"2315\">Partnerinizle birlikte kullanabilece\u011finiz \u00e7ift u\u00e7lu yap\u0131s\u0131, farkl\u0131 penetrasyon deneyimlerini ke\u015ffetmenizi sa\u011flar. Bu, birlikte keyifli anlar ge\u00e7irmenize olanak tan\u0131r.<\/li>\n<\/ul>\n<\/li>\n<li data-start=\"2317\" data-end=\"2499\">\n<p data-start=\"2319\" data-end=\"2342\"><strong data-start=\"2319\" data-end=\"2341\">Farkl\u0131 Deneyimler:<\/strong><\/p>\n<ul data-start=\"2345\" data-end=\"2499\">\n<li data-start=\"2345\" data-end=\"2499\">\u00c7ift u\u00e7lu yap\u0131s\u0131 sayesinde farkl\u0131 a\u00e7\u0131larda ve \u015fekillerde kullan\u0131m imkan\u0131 sunar. Esnek yap\u0131s\u0131, yeni pozisyonlar ve deneyimler ke\u015ffetmenize yard\u0131mc\u0131 olur.<\/li>\n<\/ul>\n<\/li>\n<\/ul>\n<h3 data-start=\"2501\" data-end=\"2523\">Bak\u0131m Talimatlar\u0131:<\/h3>\n<ul data-start=\"2525\" data-end=\"2789\">\n<li data-start=\"2525\" data-end=\"2598\">Kullan\u0131m \u00f6ncesinde ve sonras\u0131nda <strong data-start=\"2560\" data-end=\"2580\">\u0131l\u0131k su ve sabun<\/strong> ile temizleyiniz.<\/li>\n<li data-start=\"2599\" data-end=\"2696\">\u00dcr\u00fcn\u00fc tamamen kuruduktan sonra, tozlanmay\u0131 \u00f6nlemek i\u00e7in <strong data-start=\"2657\" data-end=\"2695\">serin ve kuru bir yerde saklay\u0131n\u0131z<\/strong>.<\/li>\n<li data-start=\"2697\" data-end=\"2789\">Koku yapmayan malzeme, hijyenik kullan\u0131m i\u00e7in kolayca temizlenebilir ve bak\u0131m yap\u0131labilir.<\/li>\n<\/ul>\n<h3 data-start=\"2791\" data-end=\"2820\">Neden Tercih Etmelisiniz?<\/h3>\n<ul data-start=\"2822\" data-end=\"3525\">\n<li data-start=\"2822\" data-end=\"3000\">\n<p data-start=\"2824\" data-end=\"2846\"><strong data-start=\"2824\" data-end=\"2845\">Ger\u00e7ek\u00e7i Deneyim:<\/strong><\/p>\n<ul data-start=\"2849\" data-end=\"3000\">\n<li data-start=\"2849\" data-end=\"3000\"><strong data-start=\"2851\" data-end=\"2879\">Ger\u00e7ek\u00e7i damar detaylar\u0131<\/strong> ve ba\u015f k\u0131sm\u0131, her kullan\u0131mda tatmin edici bir deneyim sa\u011flar. Hem g\u00f6rsel hem de hissiyat a\u00e7\u0131s\u0131ndan ger\u00e7ek\u00e7ili\u011fi art\u0131r\u0131r.<\/li>\n<\/ul>\n<\/li>\n<li data-start=\"3002\" data-end=\"3191\">\n<p data-start=\"3004\" data-end=\"3031\"><strong data-start=\"3004\" data-end=\"3030\">\u00c7ift Tarafl\u0131 Kullan\u0131m:<\/strong><\/p>\n<ul data-start=\"3034\" data-end=\"3191\">\n<li data-start=\"3034\" data-end=\"3191\"><strong data-start=\"3036\" data-end=\"3057\">\u00c7ift u\u00e7lu tasar\u0131m<\/strong>, tek ba\u015f\u0131n\u0131za ya da partnerinizle birlikte kullan\u0131m i\u00e7in m\u00fckemmel bir se\u00e7enektir. Yeni deneyimler ke\u015ffetmek isteyenler i\u00e7in idealdir.<\/li>\n<\/ul>\n<\/li>\n<li data-start=\"3193\" data-end=\"3373\">\n<p data-start=\"3195\" data-end=\"3222\"><strong data-start=\"3195\" data-end=\"3221\">Esnek ve Yumu\u015fak Yap\u0131:<\/strong><\/p>\n<ul data-start=\"3225\" data-end=\"3373\">\n<li data-start=\"3225\" data-end=\"3373\">180 derece b\u00fck\u00fclebilir esnek silikon malzeme, kullan\u0131c\u0131ya rahatl\u0131k ve \u00e7ok y\u00f6nl\u00fcl\u00fck sunar. Esnek yap\u0131, farkl\u0131 pozisyonlarda kullan\u0131m imkan\u0131 sa\u011flar.<\/li>\n<\/ul>\n<\/li>\n<li data-start=\"3375\" data-end=\"3525\">\n<p data-start=\"3377\" data-end=\"3397\"><strong data-start=\"3377\" data-end=\"3396\">Kolay Temizlik:<\/strong><\/p>\n<ul data-start=\"3400\" data-end=\"3525\">\n<li data-start=\"3400\" data-end=\"3525\">Su ge\u00e7irmez yap\u0131s\u0131 ve hijyenik malzemesi sayesinde kullan\u0131m sonras\u0131 kolayca temizlenebilir. Pratik bir bak\u0131m s\u00fcreci sa\u011flar.<\/li>\n<\/ul>\n<\/li>\n<\/ul>\n<p data-start=\"3527\" data-end=\"3767\"><strong data-start=\"3527\" data-end=\"3561\">\u00c7ift U\u00e7lu Realistik Doku Dildo<\/strong>, kaliteli malzeme yap\u0131s\u0131 ve \u00e7ok y\u00f6nl\u00fc tasar\u0131m\u0131yla her kullan\u0131c\u0131n\u0131n be\u011fenisini kazanacak bir \u00fcr\u00fcnd\u00fcr. Hem tek ba\u015f\u0131n\u0131za hem de partnerinizle ke\u015ffedece\u011finiz tatmin edici deneyimler i\u00e7in m\u00fckemmel bir se\u00e7imdir.<\/p>\n","protected":false},"excerpt":{"rendered":"<p><strong data-start=\"129\" data-end=\"163\">\u00c7ift U\u00e7lu Realistik Doku Dildo<\/strong>, esnek yap\u0131s\u0131 ve ger\u00e7ek\u00e7i detaylar\u0131 ile hem tek ba\u015f\u0131n\u0131za hem de partnerinizle keyifli ve tatmin edici anlar ya\u015faman\u0131z i\u00e7in tasarlanm\u0131\u015ft\u0131r. Y\u00fcksek kaliteli malzemeden \u00fcretilmi\u015f bu \u00fcr\u00fcn, v\u00fccut dostu yap\u0131s\u0131 ile g\u00fcvenli ve konforlu bir kullan\u0131m sunar. Ger\u00e7ek\u00e7i damar detaylar\u0131 ve ba\u015f k\u0131sm\u0131 ile her kullan\u0131mdan maksimum haz alman\u0131z\u0131 sa\u011flar.<\/p>\n","protected":false},"featured_media":19662,"comment_status":"open","ping_status":"closed","template":"","meta":[],"product_brand":[127],"product_cat":[96],"product_tag":[97,354],"class_list":{"0":"post-19586","1":"product","2":"type-product","3":"status-publish","4":"has-post-thumbnail","6":"product_brand-pembe-tilki","7":"product_cat-realistik-dildo","8":"product_tag-5-cm","9":"product_tag-cift-uclu-realistik-dildo-37","11":"first","12":"instock","13":"taxable","14":"shipping-taxable","15":"purchasable","16":"product-type-simple"},"yoast_head":"<!-- This site is optimized with the Yoast SEO Premium plugin v24.4 (Yoast SEO v27.1.1) - https:\/\/yoast.com\/product\/yoast-seo-premium-wordpress\/ -->\n<title>\u00c7ift U\u00e7lu Realistik Dildo - 37,5 Cm - Bursa Erotik Shop<\/title>\n<meta name=\"robots\" content=\"index, follow, max-snippet:-1, max-image-preview:large, max-video-preview:-1\" \/>\n<link rel=\"canonical\" href=\"https:\/\/hobierotikshop.com.tr\/website1\/erotik-shop-urun\/cift-uclu-realistik-dildo-375-cm\/\" \/>\n<meta property=\"og:locale\" content=\"tr_TR\" \/>\n<meta property=\"og:type\" content=\"article\" \/>\n<meta property=\"og:title\" content=\"\u00c7ift U\u00e7lu Realistik Dildo - 37,5 Cm\" \/>\n<meta property=\"og:description\" content=\"\u00c7ift U\u00e7lu Realistik Doku Dildo, esnek yap\u0131s\u0131 ve ger\u00e7ek\u00e7i detaylar\u0131 ile hem tek ba\u015f\u0131n\u0131za hem de partnerinizle keyifli ve tatmin edici anlar ya\u015faman\u0131z i\u00e7in tasarlanm\u0131\u015ft\u0131r. Y\u00fcksek kaliteli malzemeden \u00fcretilmi\u015f bu \u00fcr\u00fcn, v\u00fccut dostu yap\u0131s\u0131 ile g\u00fcvenli ve konforlu bir kullan\u0131m sunar. Ger\u00e7ek\u00e7i damar detaylar\u0131 ve ba\u015f k\u0131sm\u0131 ile her kullan\u0131mdan maksimum haz alman\u0131z\u0131 sa\u011flar.\" \/>\n<meta property=\"og:url\" content=\"https:\/\/hobierotikshop.com.tr\/website1\/erotik-shop-urun\/cift-uclu-realistik-dildo-375-cm\/\" \/>\n<meta property=\"og:site_name\" content=\"Bursa Erotik Shop\" \/>\n<meta property=\"article:modified_time\" content=\"2026-01-26T12:32:12+00:00\" \/>\n<meta property=\"og:image\" content=\"https:\/\/hobierotikshop.com.tr\/website1\/wp-content\/uploads\/2025\/03\/cift-uclu-realistik-dildo-37-5-cm-2874.jpg\" \/>\n\t<meta property=\"og:image:width\" content=\"1500\" \/>\n\t<meta property=\"og:image:height\" content=\"1500\" \/>\n\t<meta property=\"og:image:type\" content=\"image\/jpeg\" \/>\n<meta name=\"twitter:card\" content=\"summary_large_image\" \/>\n<meta name=\"twitter:site\" content=\"@shopbursa\" \/>\n<meta name=\"twitter:label1\" content=\"Fiyat\" \/>\n\t<meta name=\"twitter:data1\" content=\"&#8378;2.000,00 KDV DAH\u0130L\" \/>\n\t<meta name=\"twitter:label2\" content=\"Availability\" \/>\n\t<meta name=\"twitter:data2\" content=\"In stock\" \/>\n<script type=\"application\/ld+json\" class=\"yoast-schema-graph\">{\"@context\":\"https:\/\/schema.org\",\"@graph\":[{\"@type\":\"WebPage\",\"@id\":\"https:\/\/hobierotikshop.com.tr\/website1\/erotik-shop-urun\/cift-uclu-realistik-dildo-375-cm\/\",\"url\":\"https:\/\/hobierotikshop.com.tr\/website1\/erotik-shop-urun\/cift-uclu-realistik-dildo-375-cm\/\",\"name\":\"\u00c7ift U\u00e7lu Realistik Dildo - 37,5 Cm - Bursa Erotik Shop\",\"isPartOf\":{\"@id\":\"https:\/\/hobierotikshop.com.tr\/website1\/#website\"},\"primaryImageOfPage\":{\"@id\":\"https:\/\/hobierotikshop.com.tr\/website1\/erotik-shop-urun\/cift-uclu-realistik-dildo-375-cm\/#primaryimage\"},\"image\":{\"@id\":\"https:\/\/hobierotikshop.com.tr\/website1\/erotik-shop-urun\/cift-uclu-realistik-dildo-375-cm\/#primaryimage\"},\"thumbnailUrl\":\"https:\/\/haremerotikshop.com\/site\/wp-content\/uploads\/2025\/03\/cift-uclu-realistik-dildo-37-5-cm-2874.jpg\",\"datePublished\":\"2025-03-17T09:37:28+00:00\",\"dateModified\":\"2026-01-26T12:32:12+00:00\",\"breadcrumb\":{\"@id\":\"https:\/\/hobierotikshop.com.tr\/website1\/erotik-shop-urun\/cift-uclu-realistik-dildo-375-cm\/#breadcrumb\"},\"inLanguage\":\"tr\",\"potentialAction\":[{\"@type\":\"ReadAction\",\"target\":[\"https:\/\/hobierotikshop.com.tr\/website1\/erotik-shop-urun\/cift-uclu-realistik-dildo-375-cm\/\"]}]},{\"@type\":\"ImageObject\",\"inLanguage\":\"tr\",\"@id\":\"https:\/\/hobierotikshop.com.tr\/website1\/erotik-shop-urun\/cift-uclu-realistik-dildo-375-cm\/#primaryimage\",\"url\":\"https:\/\/haremerotikshop.com\/site\/wp-content\/uploads\/2025\/03\/cift-uclu-realistik-dildo-37-5-cm-2874.jpg\",\"contentUrl\":\"https:\/\/haremerotikshop.com\/site\/wp-content\/uploads\/2025\/03\/cift-uclu-realistik-dildo-37-5-cm-2874.jpg\",\"width\":1500,\"height\":1500},{\"@type\":\"BreadcrumbList\",\"@id\":\"https:\/\/hobierotikshop.com.tr\/website1\/erotik-shop-urun\/cift-uclu-realistik-dildo-375-cm\/#breadcrumb\",\"itemListElement\":[{\"@type\":\"ListItem\",\"position\":1,\"name\":\"Anasayfa\",\"item\":\"https:\/\/hobierotikshop.com.tr\/website1\/\"},{\"@type\":\"ListItem\",\"position\":2,\"name\":\"Erotik Shop \u00dcr\u00fcnleri\",\"item\":\"https:\/\/hobierotikshop.com.tr\/website1\/shop\/\"},{\"@type\":\"ListItem\",\"position\":3,\"name\":\"\u00c7ift U\u00e7lu Realistik Dildo &#8211; 37,5 Cm\"}]},{\"@type\":\"WebSite\",\"@id\":\"https:\/\/hobierotikshop.com.tr\/website1\/#website\",\"url\":\"https:\/\/hobierotikshop.com.tr\/website1\/\",\"name\":\"Bursa Erotik Shop\",\"description\":\"Bursa Erotik Shop ile g\u00fcvenli, gizli ve kaliteli yeti\u015fkin \u00fcr\u00fcnleri al\u0131\u015fveri\u015fi! Geni\u015f \u00fcr\u00fcn yelpazemizi ke\u015ffedin, hemen sipari\u015f verin\",\"publisher\":{\"@id\":\"https:\/\/hobierotikshop.com.tr\/website1\/#organization\"},\"alternateName\":\"Erotik Shop\",\"potentialAction\":[{\"@type\":\"SearchAction\",\"target\":{\"@type\":\"EntryPoint\",\"urlTemplate\":\"https:\/\/hobierotikshop.com.tr\/website1\/?s={search_term_string}\"},\"query-input\":{\"@type\":\"PropertyValueSpecification\",\"valueRequired\":true,\"valueName\":\"search_term_string\"}}],\"inLanguage\":\"tr\"},{\"@type\":\"Organization\",\"@id\":\"https:\/\/hobierotikshop.com.tr\/website1\/#organization\",\"name\":\"Harem Bursa Erotik Shop\",\"url\":\"https:\/\/hobierotikshop.com.tr\/website1\/\",\"logo\":{\"@type\":\"ImageObject\",\"inLanguage\":\"tr\",\"@id\":\"https:\/\/hobierotikshop.com.tr\/website1\/#\/schema\/logo\/image\/\",\"url\":\"https:\/\/haremerotikshop.com\/site\/wp-content\/uploads\/2025\/03\/haremsexshop.png\",\"contentUrl\":\"https:\/\/haremerotikshop.com\/site\/wp-content\/uploads\/2025\/03\/haremsexshop.png\",\"width\":400,\"height\":100,\"caption\":\"Harem Bursa Erotik Shop\"},\"image\":{\"@id\":\"https:\/\/hobierotikshop.com.tr\/website1\/#\/schema\/logo\/image\/\"},\"sameAs\":[\"https:\/\/x.com\/shopbursa\"],\"publishingPrinciples\":\"https:\/\/hobierotikshop.com.tr\/website1\/mesafeli-satis-sozlesmesi\/\",\"ownershipFundingInfo\":\"https:\/\/hobierotikshop.com.tr\/website1\/contact-us\/\",\"actionableFeedbackPolicy\":\"https:\/\/hobierotikshop.com.tr\/website1\/contact-us\/\",\"correctionsPolicy\":\"https:\/\/hobierotikshop.com.tr\/website1\/mesafeli-satis-sozlesmesi\/\"}]}<\/script>\n<meta property=\"product:brand\" content=\"Pembe Tilki\" \/>\n<meta property=\"product:price:amount\" content=\"2000.00\" \/>\n<meta property=\"product:price:currency\" content=\"TRY\" \/>\n<meta property=\"og:availability\" content=\"instock\" \/>\n<meta property=\"product:availability\" content=\"instock\" \/>\n<meta property=\"product:retailer_item_id\" content=\"PT-VMXD106FL\" \/>\n<meta property=\"product:condition\" content=\"new\" \/>\n<!-- \/ Yoast SEO Premium plugin. -->","yoast_head_json":{"title":"\u00c7ift U\u00e7lu Realistik Dildo - 37,5 Cm - Bursa Erotik Shop","robots":{"index":"index","follow":"follow","max-snippet":"max-snippet:-1","max-image-preview":"max-image-preview:large","max-video-preview":"max-video-preview:-1"},"canonical":"https:\/\/hobierotikshop.com.tr\/website1\/erotik-shop-urun\/cift-uclu-realistik-dildo-375-cm\/","og_locale":"tr_TR","og_type":"article","og_title":"\u00c7ift U\u00e7lu Realistik Dildo - 37,5 Cm","og_description":"\u00c7ift U\u00e7lu Realistik Doku Dildo, esnek yap\u0131s\u0131 ve ger\u00e7ek\u00e7i detaylar\u0131 ile hem tek ba\u015f\u0131n\u0131za hem de partnerinizle keyifli ve tatmin edici anlar ya\u015faman\u0131z i\u00e7in tasarlanm\u0131\u015ft\u0131r. Y\u00fcksek kaliteli malzemeden \u00fcretilmi\u015f bu \u00fcr\u00fcn, v\u00fccut dostu yap\u0131s\u0131 ile g\u00fcvenli ve konforlu bir kullan\u0131m sunar. Ger\u00e7ek\u00e7i damar detaylar\u0131 ve ba\u015f k\u0131sm\u0131 ile her kullan\u0131mdan maksimum haz alman\u0131z\u0131 sa\u011flar.","og_url":"https:\/\/hobierotikshop.com.tr\/website1\/erotik-shop-urun\/cift-uclu-realistik-dildo-375-cm\/","og_site_name":"Bursa Erotik Shop","article_modified_time":"2026-01-26T12:32:12+00:00","og_image":[{"width":1500,"height":1500,"url":"https:\/\/hobierotikshop.com.tr\/website1\/wp-content\/uploads\/2025\/03\/cift-uclu-realistik-dildo-37-5-cm-2874.jpg","type":"image\/jpeg"}],"twitter_card":"summary_large_image","twitter_site":"@shopbursa","twitter_misc":{"Fiyat":"&#8378;2.000,00 KDV DAH\u0130L","Availability":"In stock"},"schema":{"@context":"https:\/\/schema.org","@graph":[{"@type":"WebPage","@id":"https:\/\/hobierotikshop.com.tr\/website1\/erotik-shop-urun\/cift-uclu-realistik-dildo-375-cm\/","url":"https:\/\/hobierotikshop.com.tr\/website1\/erotik-shop-urun\/cift-uclu-realistik-dildo-375-cm\/","name":"\u00c7ift U\u00e7lu Realistik Dildo - 37,5 Cm - Bursa Erotik Shop","isPartOf":{"@id":"https:\/\/hobierotikshop.com.tr\/website1\/#website"},"primaryImageOfPage":{"@id":"https:\/\/hobierotikshop.com.tr\/website1\/erotik-shop-urun\/cift-uclu-realistik-dildo-375-cm\/#primaryimage"},"image":{"@id":"https:\/\/hobierotikshop.com.tr\/website1\/erotik-shop-urun\/cift-uclu-realistik-dildo-375-cm\/#primaryimage"},"thumbnailUrl":"https:\/\/haremerotikshop.com\/site\/wp-content\/uploads\/2025\/03\/cift-uclu-realistik-dildo-37-5-cm-2874.jpg","datePublished":"2025-03-17T09:37:28+00:00","dateModified":"2026-01-26T12:32:12+00:00","breadcrumb":{"@id":"https:\/\/hobierotikshop.com.tr\/website1\/erotik-shop-urun\/cift-uclu-realistik-dildo-375-cm\/#breadcrumb"},"inLanguage":"tr","potentialAction":[{"@type":"ReadAction","target":["https:\/\/hobierotikshop.com.tr\/website1\/erotik-shop-urun\/cift-uclu-realistik-dildo-375-cm\/"]}]},{"@type":"ImageObject","inLanguage":"tr","@id":"https:\/\/hobierotikshop.com.tr\/website1\/erotik-shop-urun\/cift-uclu-realistik-dildo-375-cm\/#primaryimage","url":"https:\/\/haremerotikshop.com\/site\/wp-content\/uploads\/2025\/03\/cift-uclu-realistik-dildo-37-5-cm-2874.jpg","contentUrl":"https:\/\/haremerotikshop.com\/site\/wp-content\/uploads\/2025\/03\/cift-uclu-realistik-dildo-37-5-cm-2874.jpg","width":1500,"height":1500},{"@type":"BreadcrumbList","@id":"https:\/\/hobierotikshop.com.tr\/website1\/erotik-shop-urun\/cift-uclu-realistik-dildo-375-cm\/#breadcrumb","itemListElement":[{"@type":"ListItem","position":1,"name":"Anasayfa","item":"https:\/\/hobierotikshop.com.tr\/website1\/"},{"@type":"ListItem","position":2,"name":"Erotik Shop \u00dcr\u00fcnleri","item":"https:\/\/hobierotikshop.com.tr\/website1\/shop\/"},{"@type":"ListItem","position":3,"name":"\u00c7ift U\u00e7lu Realistik Dildo &#8211; 37,5 Cm"}]},{"@type":"WebSite","@id":"https:\/\/hobierotikshop.com.tr\/website1\/#website","url":"https:\/\/hobierotikshop.com.tr\/website1\/","name":"Bursa Erotik Shop","description":"Bursa Erotik Shop ile g\u00fcvenli, gizli ve kaliteli yeti\u015fkin \u00fcr\u00fcnleri al\u0131\u015fveri\u015fi! Geni\u015f \u00fcr\u00fcn yelpazemizi ke\u015ffedin, hemen sipari\u015f verin","publisher":{"@id":"https:\/\/hobierotikshop.com.tr\/website1\/#organization"},"alternateName":"Erotik Shop","potentialAction":[{"@type":"SearchAction","target":{"@type":"EntryPoint","urlTemplate":"https:\/\/hobierotikshop.com.tr\/website1\/?s={search_term_string}"},"query-input":{"@type":"PropertyValueSpecification","valueRequired":true,"valueName":"search_term_string"}}],"inLanguage":"tr"},{"@type":"Organization","@id":"https:\/\/hobierotikshop.com.tr\/website1\/#organization","name":"Harem Bursa Erotik Shop","url":"https:\/\/hobierotikshop.com.tr\/website1\/","logo":{"@type":"ImageObject","inLanguage":"tr","@id":"https:\/\/hobierotikshop.com.tr\/website1\/#\/schema\/logo\/image\/","url":"https:\/\/haremerotikshop.com\/site\/wp-content\/uploads\/2025\/03\/haremsexshop.png","contentUrl":"https:\/\/haremerotikshop.com\/site\/wp-content\/uploads\/2025\/03\/haremsexshop.png","width":400,"height":100,"caption":"Harem Bursa Erotik Shop"},"image":{"@id":"https:\/\/hobierotikshop.com.tr\/website1\/#\/schema\/logo\/image\/"},"sameAs":["https:\/\/x.com\/shopbursa"],"publishingPrinciples":"https:\/\/hobierotikshop.com.tr\/website1\/mesafeli-satis-sozlesmesi\/","ownershipFundingInfo":"https:\/\/hobierotikshop.com.tr\/website1\/contact-us\/","actionableFeedbackPolicy":"https:\/\/hobierotikshop.com.tr\/website1\/contact-us\/","correctionsPolicy":"https:\/\/hobierotikshop.com.tr\/website1\/mesafeli-satis-sozlesmesi\/"}]},"product_brand":"Pembe Tilki","product_price_amount":"2000.00","product_price_currency":"TRY","og_availability":"instock","product_availability":"instock","product_retailer_item_id":"PT-VMXD106FL","product_condition":"new"},"_links":{"self":[{"href":"https:\/\/haremerotikshop.com\/site\/wp-json\/wp\/v2\/product\/19586","targetHints":{"allow":["GET"]}}],"collection":[{"href":"https:\/\/haremerotikshop.com\/site\/wp-json\/wp\/v2\/product"}],"about":[{"href":"https:\/\/haremerotikshop.com\/site\/wp-json\/wp\/v2\/types\/product"}],"replies":[{"embeddable":true,"href":"https:\/\/haremerotikshop.com\/site\/wp-json\/wp\/v2\/comments?post=19586"}],"version-history":[{"count":0,"href":"https:\/\/haremerotikshop.com\/site\/wp-json\/wp\/v2\/product\/19586\/revisions"}],"wp:featuredmedia":[{"embeddable":true,"href":"https:\/\/haremerotikshop.com\/site\/wp-json\/wp\/v2\/media\/19662"}],"wp:attachment":[{"href":"https:\/\/haremerotikshop.com\/site\/wp-json\/wp\/v2\/media?parent=19586"}],"wp:term":[{"taxonomy":"product_brand","embeddable":true,"href":"https:\/\/haremerotikshop.com\/site\/wp-json\/wp\/v2\/product_brand?post=19586"},{"taxonomy":"product_cat","embeddable":true,"href":"https:\/\/haremerotikshop.com\/site\/wp-json\/wp\/v2\/product_cat?post=19586"},{"taxonomy":"product_tag","embeddable":true,"href":"https:\/\/haremerotikshop.com\/site\/wp-json\/wp\/v2\/product_tag?post=19586"}],"curies":[{"name":"wp","href":"https:\/\/api.w.org\/{rel}","templated":true}]}}