{"id":19587,"date":"2025-03-17T12:37:28","date_gmt":"2025-03-17T09:37:28","guid":{"rendered":"https:\/\/haremerotikshop.com\/site\/?post_type=product&#038;p=19587"},"modified":"2026-01-26T15:32:37","modified_gmt":"2026-01-26T12:32:37","slug":"kanat-tasarimli-deri-harness-govde-aksesuari-siyah","status":"publish","type":"product","link":"https:\/\/haremerotikshop.com\/site\/erotik-shop-urun\/kanat-tasarimli-deri-harness-govde-aksesuari-siyah\/","title":{"rendered":"Kanat Tasar\u0131ml\u0131 Deri Harness G\u00f6vde Aksesuar\u0131 Siyah"},"content":{"rendered":"<h3 data-start=\"57\" data-end=\"128\">Kanat Tasar\u0131ml\u0131 Deri Harness G\u00f6vde Aksesuar\u0131 \u2013 Cesur ve \u015e\u0131k Tasar\u0131m<\/h3>\n<p data-start=\"130\" data-end=\"515\"><strong data-start=\"130\" data-end=\"178\">Kanat Tasar\u0131ml\u0131 Deri Harness G\u00f6vde Aksesuar\u0131<\/strong>, \u015f\u0131kl\u0131\u011f\u0131 ve cesur tasar\u0131m\u0131 bir arada sunan benzersiz bir \u00fcr\u00fcnd\u00fcr. V\u00fccudu saran zarif hatlar\u0131 ve arkas\u0131ndaki dikkat \u00e7ekici kanat detaylar\u0131 ile tarz\u0131n\u0131za asi bir dokunu\u015f katarken, \u00f6zg\u00fcn bir g\u00f6r\u00fcn\u00fcm sa\u011flar. Dayan\u0131kl\u0131 ve \u015f\u0131k metal aksesuarlar ile tamamlanan bu harness, her tarzla uyum sa\u011flayarak sizin i\u00e7in ideal bir aksesuar haline gelir.<\/p>\n<h3 data-start=\"517\" data-end=\"538\">\u00dcr\u00fcn \u00d6zellikleri:<\/h3>\n<ul data-start=\"540\" data-end=\"1772\">\n<li data-start=\"540\" data-end=\"809\">\n<p data-start=\"542\" data-end=\"555\"><strong data-start=\"542\" data-end=\"554\">Malzeme:<\/strong><\/p>\n<ul data-start=\"558\" data-end=\"809\">\n<li data-start=\"558\" data-end=\"809\">Y\u00fcksek kaliteli <strong data-start=\"576\" data-end=\"584\">deri<\/strong> ve <strong data-start=\"588\" data-end=\"619\">paslanmaz \u00e7elik aksesuarlar<\/strong> kullan\u0131larak \u00fcretilmi\u015ftir. Bu malzemeler, \u00fcr\u00fcne dayan\u0131kl\u0131l\u0131k sa\u011flarken ayn\u0131 zamanda uzun s\u00fcreli kullan\u0131m i\u00e7in ideal bir yap\u0131 sunar. Deri, cilde dost bir yap\u0131 sunar ve rahat kullan\u0131m sa\u011flar.<\/li>\n<\/ul>\n<\/li>\n<li data-start=\"811\" data-end=\"1036\">\n<p data-start=\"813\" data-end=\"832\"><strong data-start=\"813\" data-end=\"831\">Boyut Aral\u0131\u011f\u0131:<\/strong><\/p>\n<ul data-start=\"835\" data-end=\"1036\">\n<li data-start=\"835\" data-end=\"870\"><strong data-start=\"837\" data-end=\"855\">65 cm &#8211; 100 cm<\/strong> (bel \u00e7evresi)<\/li>\n<li data-start=\"873\" data-end=\"909\"><strong data-start=\"875\" data-end=\"893\">68 cm &#8211; 102 cm<\/strong> (g\u00f6\u011f\u00fcs \u00e7evresi)<\/li>\n<li data-start=\"912\" data-end=\"1036\">Ayarlanabilir kay\u0131\u015flar sayesinde farkl\u0131 bedenlere kolayca uyum sa\u011flar, esnekli\u011fi ile her v\u00fccut tipine rahat\u00e7a adapte olur.<\/li>\n<\/ul>\n<\/li>\n<li data-start=\"1038\" data-end=\"1409\">\n<p data-start=\"1040\" data-end=\"1053\"><strong data-start=\"1040\" data-end=\"1052\">Tasar\u0131m:<\/strong><\/p>\n<ul data-start=\"1056\" data-end=\"1409\">\n<li data-start=\"1056\" data-end=\"1216\">Arka k\u0131sm\u0131nda bulunan <strong data-start=\"1080\" data-end=\"1096\">kanat motifi<\/strong>, \u00fcr\u00fcne zarif ve dikkat \u00e7ekici bir dokunu\u015f katar. Bu detay, her kullan\u0131c\u0131ya \u00f6zg\u00fcn bir stil ve cesur bir g\u00f6r\u00fcn\u00fcm sa\u011flar.<\/li>\n<li data-start=\"1219\" data-end=\"1294\"><strong data-start=\"1221\" data-end=\"1247\">Ayarlanabilir kay\u0131\u015flar<\/strong>, ki\u015fisel rahatl\u0131k ve uyum i\u00e7in tasarlanm\u0131\u015ft\u0131r.<\/li>\n<li data-start=\"1297\" data-end=\"1409\">Omuz k\u0131sm\u0131ndaki <strong data-start=\"1315\" data-end=\"1343\">paslanmaz metal halkalar<\/strong> ve tokalar, hem \u015f\u0131k bir g\u00f6r\u00fcn\u00fcm hem de ekstra dayan\u0131kl\u0131l\u0131k sunar.<\/li>\n<\/ul>\n<\/li>\n<li data-start=\"1411\" data-end=\"1532\">\n<p data-start=\"1413\" data-end=\"1426\"><strong data-start=\"1413\" data-end=\"1425\">A\u011f\u0131rl\u0131k:<\/strong><\/p>\n<ul data-start=\"1429\" data-end=\"1532\">\n<li data-start=\"1429\" data-end=\"1532\">200 g \u2013 Hafif yap\u0131s\u0131 sayesinde rahatl\u0131kla kullan\u0131labilir ve v\u00fccudu s\u0131kmadan zarif bir \u015fekilde oturur.<\/li>\n<\/ul>\n<\/li>\n<li data-start=\"1534\" data-end=\"1772\">\n<p data-start=\"1536\" data-end=\"1558\"><strong data-start=\"1536\" data-end=\"1557\">Renk Se\u00e7enekleri:<\/strong><\/p>\n<ul data-start=\"1561\" data-end=\"1772\">\n<li data-start=\"1561\" data-end=\"1772\"><strong data-start=\"1563\" data-end=\"1572\">Siyah<\/strong>, <strong data-start=\"1574\" data-end=\"1585\">k\u0131rm\u0131z\u0131<\/strong>, <strong data-start=\"1587\" data-end=\"1596\">beyaz<\/strong>, <strong data-start=\"1598\" data-end=\"1612\">kahverengi<\/strong>, ve <strong data-start=\"1617\" data-end=\"1626\">g\u00fcm\u00fc\u015f<\/strong> renk se\u00e7enekleriyle tarz\u0131n\u0131za uygun renk se\u00e7imleri yapabilirsiniz. Farkl\u0131 renkler, farkl\u0131 ruh hallerinizi ve tarz\u0131n\u0131z\u0131 yans\u0131tman\u0131za olanak tan\u0131r.<\/li>\n<\/ul>\n<\/li>\n<\/ul>\n<h3 data-start=\"1774\" data-end=\"1796\">Kullan\u0131m Alanlar\u0131:<\/h3>\n<ul data-start=\"1798\" data-end=\"2399\">\n<li data-start=\"1798\" data-end=\"2080\">\n<p data-start=\"1800\" data-end=\"1834\"><strong data-start=\"1800\" data-end=\"1833\">Festival ve \u00d6zel Etkinlikler:<\/strong><\/p>\n<ul data-start=\"1837\" data-end=\"2080\">\n<li data-start=\"1837\" data-end=\"1979\">Cesur ve \u015f\u0131k tasar\u0131m\u0131yla, bu <strong data-start=\"1868\" data-end=\"1884\">deri harness<\/strong> festival ve \u00f6zel etkinlikler i\u00e7in m\u00fckemmel bir aksesuar olup, tarz\u0131n\u0131za \u00f6zg\u00fcn bir hava katar.<\/li>\n<li data-start=\"1982\" data-end=\"2080\">\u0130\u00e7 giyim veya d\u0131\u015f giyim \u00fczerine eklenerek cesur ve dikkat \u00e7ekici bir g\u00f6r\u00fcn\u00fcm elde edebilirsiniz.<\/li>\n<\/ul>\n<\/li>\n<li data-start=\"2082\" data-end=\"2246\">\n<p data-start=\"2084\" data-end=\"2102\"><strong data-start=\"2084\" data-end=\"2101\">G\u00fcnl\u00fck Giyim:<\/strong><\/p>\n<ul data-start=\"2105\" data-end=\"2246\">\n<li data-start=\"2105\" data-end=\"2246\">G\u00fcnl\u00fck giyimle rahat\u00e7a kombinlenebilen bu aksesuar, tarz\u0131n\u0131za asi bir dokunu\u015f ekleyerek s\u0131radan bir g\u00f6r\u00fcn\u00fcm\u00fc bile ilgi \u00e7ekici hale getirir.<\/li>\n<\/ul>\n<\/li>\n<li data-start=\"2248\" data-end=\"2399\">\n<p data-start=\"2250\" data-end=\"2280\"><strong data-start=\"2250\" data-end=\"2279\">Cosplay ve Performanslar:<\/strong><\/p>\n<ul data-start=\"2283\" data-end=\"2399\">\n<li data-start=\"2283\" data-end=\"2399\">Cosplay ya da performanslar i\u00e7in <strong data-start=\"2318\" data-end=\"2336\">kanat tasar\u0131m\u0131<\/strong>, sahnede fark yaratman\u0131za yard\u0131mc\u0131 olacak harika bir detayd\u0131r.<\/li>\n<\/ul>\n<\/li>\n<\/ul>\n<h3 data-start=\"2401\" data-end=\"2423\">Bak\u0131m Talimatlar\u0131:<\/h3>\n<ul data-start=\"2425\" data-end=\"2759\">\n<li data-start=\"2425\" data-end=\"2608\"><strong data-start=\"2427\" data-end=\"2443\">Deri Bak\u0131m\u0131:<\/strong>\n<ul data-start=\"2447\" data-end=\"2608\">\n<li data-start=\"2447\" data-end=\"2605\">Deri k\u0131s\u0131mlar, <strong data-start=\"2464\" data-end=\"2495\">yumu\u015fak bir bezle silinerek<\/strong> temizlenmelidir. Derinin do\u011fal yap\u0131s\u0131n\u0131 korumak i\u00e7in a\u015f\u0131r\u0131 nemden ve do\u011frudan g\u00fcne\u015f \u0131\u015f\u0131\u011f\u0131ndan ka\u00e7\u0131n\u0131lmal\u0131d\u0131r.<\/li>\n<\/ul>\n<\/li>\n<li data-start=\"2609\" data-end=\"2759\"><strong data-start=\"2611\" data-end=\"2633\">Metal Aksesuarlar:<\/strong>\n<ul data-start=\"2637\" data-end=\"2759\">\n<li data-start=\"2637\" data-end=\"2759\">Paslanmaz \u00e7elik aksesuarlar, nemden korunmal\u0131 ve temizlenirken <strong data-start=\"2702\" data-end=\"2742\">d\u00fc\u015f\u00fck sertlikte temizlik malzemeleri<\/strong> kullan\u0131lmal\u0131d\u0131r.<\/li>\n<\/ul>\n<\/li>\n<\/ul>\n<h3 data-start=\"2761\" data-end=\"2790\">Neden Tercih Etmelisiniz?<\/h3>\n<ul data-start=\"2792\" data-end=\"3379\">\n<li data-start=\"2792\" data-end=\"2935\">\n<p data-start=\"2794\" data-end=\"2813\"><strong data-start=\"2794\" data-end=\"2812\">Cesur Tasar\u0131m:<\/strong><\/p>\n<ul data-start=\"2816\" data-end=\"2935\">\n<li data-start=\"2816\" data-end=\"2932\"><strong data-start=\"2818\" data-end=\"2836\">Kanat tasar\u0131m\u0131<\/strong> ve <strong data-start=\"2840\" data-end=\"2861\">metal aksesuarlar<\/strong>, \u00fcr\u00fcn\u00fcn \u015f\u0131kl\u0131\u011f\u0131n\u0131 art\u0131r\u0131r ve cesur bir tarz yaratman\u0131za yard\u0131mc\u0131 olur.<\/li>\n<\/ul>\n<\/li>\n<li data-start=\"2936\" data-end=\"3058\">\n<p data-start=\"2938\" data-end=\"2962\"><strong data-start=\"2938\" data-end=\"2961\">Ayarlanabilir Yap\u0131:<\/strong><\/p>\n<ul data-start=\"2965\" data-end=\"3058\">\n<li data-start=\"2965\" data-end=\"3058\"><strong data-start=\"2967\" data-end=\"2993\">Ayarlanabilir kay\u0131\u015flar<\/strong>, v\u00fccut tipinize tam uyum sa\u011flayarak konforlu bir kullan\u0131m sunar.<\/li>\n<\/ul>\n<\/li>\n<li data-start=\"3060\" data-end=\"3233\">\n<p data-start=\"3062\" data-end=\"3092\"><strong data-start=\"3062\" data-end=\"3091\">Dayan\u0131kl\u0131 ve \u015e\u0131k Malzeme:<\/strong><\/p>\n<ul data-start=\"3095\" data-end=\"3233\">\n<li data-start=\"3095\" data-end=\"3233\">Y\u00fcksek kaliteli <strong data-start=\"3113\" data-end=\"3121\">deri<\/strong> ve <strong data-start=\"3125\" data-end=\"3156\">paslanmaz \u00e7elik aksesuarlar<\/strong>, \u00fcr\u00fcn\u00fcn uzun s\u00fcre dayanmas\u0131n\u0131 sa\u011flar ve her kullan\u0131mdan sonra formunu korur.<\/li>\n<\/ul>\n<\/li>\n<li data-start=\"3235\" data-end=\"3379\">\n<p data-start=\"3237\" data-end=\"3261\"><strong data-start=\"3237\" data-end=\"3260\">\u00c7ok Y\u00f6nl\u00fc Kullan\u0131m:<\/strong><\/p>\n<ul data-start=\"3264\" data-end=\"3379\">\n<li data-start=\"3264\" data-end=\"3379\">\u0130\u00e7 giyim veya d\u0131\u015f giyim \u00fczerine ekleyerek, farkl\u0131 etkinliklerde veya g\u00fcnl\u00fck giyimde rahatl\u0131kla kullanabilirsiniz.<\/li>\n<\/ul>\n<\/li>\n<\/ul>\n<p data-start=\"3381\" data-end=\"3690\"><strong data-start=\"3381\" data-end=\"3429\">Kanat Tasar\u0131ml\u0131 Deri Harness G\u00f6vde Aksesuar\u0131<\/strong>, tarz\u0131n\u0131 cesurca ifade etmek isteyenler i\u00e7in m\u00fckemmel bir se\u00e7enektir. Zarif hatlar\u0131 ve estetik kanat detaylar\u0131yla \u015f\u0131kl\u0131\u011f\u0131n\u0131z\u0131 \u00f6ne \u00e7\u0131kar\u0131rken, dayan\u0131kl\u0131 yap\u0131s\u0131 sayesinde uzun s\u00fcreli kullan\u0131m sa\u011flar. Kendinizi bu aksesuarla farkl\u0131 ve \u00f6zg\u00fcn hissetmeye haz\u0131r olun!<\/p>\n","protected":false},"excerpt":{"rendered":"<p><strong data-start=\"130\" data-end=\"178\">Kanat Tasar\u0131ml\u0131 Deri Harness G\u00f6vde Aksesuar\u0131<\/strong>, \u015f\u0131kl\u0131\u011f\u0131 ve cesur tasar\u0131m\u0131 bir arada sunan benzersiz bir \u00fcr\u00fcnd\u00fcr. V\u00fccudu saran zarif hatlar\u0131 ve arkas\u0131ndaki dikkat \u00e7ekici kanat detaylar\u0131 ile tarz\u0131n\u0131za asi bir dokunu\u015f katarken, \u00f6zg\u00fcn bir g\u00f6r\u00fcn\u00fcm sa\u011flar. Dayan\u0131kl\u0131 ve \u015f\u0131k metal aksesuarlar ile tamamlanan bu harness, her tarzla uyum sa\u011flayarak sizin i\u00e7in ideal bir aksesuar haline gelir.<\/p>\n","protected":false},"featured_media":19670,"comment_status":"open","ping_status":"closed","template":"","meta":[],"product_brand":[127],"product_cat":[100],"product_tag":[355],"class_list":{"0":"post-19587","1":"product","2":"type-product","3":"status-publish","4":"has-post-thumbnail","6":"product_brand-pembe-tilki","7":"product_cat-fantezi-fetis","8":"product_tag-kanat-tasarimli-deri-harness-govde-aksesuari-siyah","10":"first","11":"instock","12":"taxable","13":"shipping-taxable","14":"purchasable","15":"product-type-simple"},"yoast_head":"<!-- This site is optimized with the Yoast SEO Premium plugin v24.4 (Yoast SEO v27.1.1) - https:\/\/yoast.com\/product\/yoast-seo-premium-wordpress\/ -->\n<title>Kanat Tasar\u0131ml\u0131 Deri Harness G\u00f6vde Aksesuar\u0131 Siyah - Bursa Erotik Shop<\/title>\n<meta name=\"robots\" content=\"index, follow, max-snippet:-1, max-image-preview:large, max-video-preview:-1\" \/>\n<link rel=\"canonical\" href=\"https:\/\/hobierotikshop.com.tr\/website1\/erotik-shop-urun\/kanat-tasarimli-deri-harness-govde-aksesuari-siyah\/\" \/>\n<meta property=\"og:locale\" content=\"tr_TR\" \/>\n<meta property=\"og:type\" content=\"article\" \/>\n<meta property=\"og:title\" content=\"Kanat Tasar\u0131ml\u0131 Deri Harness G\u00f6vde Aksesuar\u0131 Siyah\" \/>\n<meta property=\"og:description\" content=\"Kanat Tasar\u0131ml\u0131 Deri Harness G\u00f6vde Aksesuar\u0131, \u015f\u0131kl\u0131\u011f\u0131 ve cesur tasar\u0131m\u0131 bir arada sunan benzersiz bir \u00fcr\u00fcnd\u00fcr. V\u00fccudu saran zarif hatlar\u0131 ve arkas\u0131ndaki dikkat \u00e7ekici kanat detaylar\u0131 ile tarz\u0131n\u0131za asi bir dokunu\u015f katarken, \u00f6zg\u00fcn bir g\u00f6r\u00fcn\u00fcm sa\u011flar. Dayan\u0131kl\u0131 ve \u015f\u0131k metal aksesuarlar ile tamamlanan bu harness, her tarzla uyum sa\u011flayarak sizin i\u00e7in ideal bir aksesuar haline gelir.\" \/>\n<meta property=\"og:url\" content=\"https:\/\/hobierotikshop.com.tr\/website1\/erotik-shop-urun\/kanat-tasarimli-deri-harness-govde-aksesuari-siyah\/\" \/>\n<meta property=\"og:site_name\" content=\"Bursa Erotik Shop\" \/>\n<meta property=\"article:modified_time\" content=\"2026-01-26T12:32:37+00:00\" \/>\n<meta property=\"og:image\" content=\"https:\/\/hobierotikshop.com.tr\/website1\/wp-content\/uploads\/2025\/03\/kanat-tasarimli-deri-harness-govde-aksesuari-siyah-2882.jpg\" \/>\n\t<meta property=\"og:image:width\" content=\"1500\" \/>\n\t<meta property=\"og:image:height\" content=\"1500\" \/>\n\t<meta property=\"og:image:type\" content=\"image\/jpeg\" \/>\n<meta name=\"twitter:card\" content=\"summary_large_image\" \/>\n<meta name=\"twitter:site\" content=\"@shopbursa\" \/>\n<meta name=\"twitter:label1\" content=\"Fiyat\" \/>\n\t<meta name=\"twitter:data1\" content=\"&#8378;1.100,00 KDV DAH\u0130L\" \/>\n\t<meta name=\"twitter:label2\" content=\"Availability\" \/>\n\t<meta name=\"twitter:data2\" content=\"In stock\" \/>\n<script type=\"application\/ld+json\" class=\"yoast-schema-graph\">{\"@context\":\"https:\/\/schema.org\",\"@graph\":[{\"@type\":\"WebPage\",\"@id\":\"https:\/\/hobierotikshop.com.tr\/website1\/erotik-shop-urun\/kanat-tasarimli-deri-harness-govde-aksesuari-siyah\/\",\"url\":\"https:\/\/hobierotikshop.com.tr\/website1\/erotik-shop-urun\/kanat-tasarimli-deri-harness-govde-aksesuari-siyah\/\",\"name\":\"Kanat Tasar\u0131ml\u0131 Deri Harness G\u00f6vde Aksesuar\u0131 Siyah - Bursa Erotik Shop\",\"isPartOf\":{\"@id\":\"https:\/\/hobierotikshop.com.tr\/website1\/#website\"},\"primaryImageOfPage\":{\"@id\":\"https:\/\/hobierotikshop.com.tr\/website1\/erotik-shop-urun\/kanat-tasarimli-deri-harness-govde-aksesuari-siyah\/#primaryimage\"},\"image\":{\"@id\":\"https:\/\/hobierotikshop.com.tr\/website1\/erotik-shop-urun\/kanat-tasarimli-deri-harness-govde-aksesuari-siyah\/#primaryimage\"},\"thumbnailUrl\":\"https:\/\/haremerotikshop.com\/site\/wp-content\/uploads\/2025\/03\/kanat-tasarimli-deri-harness-govde-aksesuari-siyah-2882.jpg\",\"datePublished\":\"2025-03-17T09:37:28+00:00\",\"dateModified\":\"2026-01-26T12:32:37+00:00\",\"breadcrumb\":{\"@id\":\"https:\/\/hobierotikshop.com.tr\/website1\/erotik-shop-urun\/kanat-tasarimli-deri-harness-govde-aksesuari-siyah\/#breadcrumb\"},\"inLanguage\":\"tr\",\"potentialAction\":[{\"@type\":\"ReadAction\",\"target\":[\"https:\/\/hobierotikshop.com.tr\/website1\/erotik-shop-urun\/kanat-tasarimli-deri-harness-govde-aksesuari-siyah\/\"]}]},{\"@type\":\"ImageObject\",\"inLanguage\":\"tr\",\"@id\":\"https:\/\/hobierotikshop.com.tr\/website1\/erotik-shop-urun\/kanat-tasarimli-deri-harness-govde-aksesuari-siyah\/#primaryimage\",\"url\":\"https:\/\/haremerotikshop.com\/site\/wp-content\/uploads\/2025\/03\/kanat-tasarimli-deri-harness-govde-aksesuari-siyah-2882.jpg\",\"contentUrl\":\"https:\/\/haremerotikshop.com\/site\/wp-content\/uploads\/2025\/03\/kanat-tasarimli-deri-harness-govde-aksesuari-siyah-2882.jpg\",\"width\":1500,\"height\":1500},{\"@type\":\"BreadcrumbList\",\"@id\":\"https:\/\/hobierotikshop.com.tr\/website1\/erotik-shop-urun\/kanat-tasarimli-deri-harness-govde-aksesuari-siyah\/#breadcrumb\",\"itemListElement\":[{\"@type\":\"ListItem\",\"position\":1,\"name\":\"Anasayfa\",\"item\":\"https:\/\/hobierotikshop.com.tr\/website1\/\"},{\"@type\":\"ListItem\",\"position\":2,\"name\":\"Erotik Shop \u00dcr\u00fcnleri\",\"item\":\"https:\/\/hobierotikshop.com.tr\/website1\/shop\/\"},{\"@type\":\"ListItem\",\"position\":3,\"name\":\"Kanat Tasar\u0131ml\u0131 Deri Harness G\u00f6vde Aksesuar\u0131 Siyah\"}]},{\"@type\":\"WebSite\",\"@id\":\"https:\/\/hobierotikshop.com.tr\/website1\/#website\",\"url\":\"https:\/\/hobierotikshop.com.tr\/website1\/\",\"name\":\"Bursa Erotik Shop\",\"description\":\"Bursa Erotik Shop ile g\u00fcvenli, gizli ve kaliteli yeti\u015fkin \u00fcr\u00fcnleri al\u0131\u015fveri\u015fi! Geni\u015f \u00fcr\u00fcn yelpazemizi ke\u015ffedin, hemen sipari\u015f verin\",\"publisher\":{\"@id\":\"https:\/\/hobierotikshop.com.tr\/website1\/#organization\"},\"alternateName\":\"Erotik Shop\",\"potentialAction\":[{\"@type\":\"SearchAction\",\"target\":{\"@type\":\"EntryPoint\",\"urlTemplate\":\"https:\/\/hobierotikshop.com.tr\/website1\/?s={search_term_string}\"},\"query-input\":{\"@type\":\"PropertyValueSpecification\",\"valueRequired\":true,\"valueName\":\"search_term_string\"}}],\"inLanguage\":\"tr\"},{\"@type\":\"Organization\",\"@id\":\"https:\/\/hobierotikshop.com.tr\/website1\/#organization\",\"name\":\"Harem Bursa Erotik Shop\",\"url\":\"https:\/\/hobierotikshop.com.tr\/website1\/\",\"logo\":{\"@type\":\"ImageObject\",\"inLanguage\":\"tr\",\"@id\":\"https:\/\/hobierotikshop.com.tr\/website1\/#\/schema\/logo\/image\/\",\"url\":\"https:\/\/haremerotikshop.com\/site\/wp-content\/uploads\/2025\/03\/haremsexshop.png\",\"contentUrl\":\"https:\/\/haremerotikshop.com\/site\/wp-content\/uploads\/2025\/03\/haremsexshop.png\",\"width\":400,\"height\":100,\"caption\":\"Harem Bursa Erotik Shop\"},\"image\":{\"@id\":\"https:\/\/hobierotikshop.com.tr\/website1\/#\/schema\/logo\/image\/\"},\"sameAs\":[\"https:\/\/x.com\/shopbursa\"],\"publishingPrinciples\":\"https:\/\/hobierotikshop.com.tr\/website1\/mesafeli-satis-sozlesmesi\/\",\"ownershipFundingInfo\":\"https:\/\/hobierotikshop.com.tr\/website1\/contact-us\/\",\"actionableFeedbackPolicy\":\"https:\/\/hobierotikshop.com.tr\/website1\/contact-us\/\",\"correctionsPolicy\":\"https:\/\/hobierotikshop.com.tr\/website1\/mesafeli-satis-sozlesmesi\/\"}]}<\/script>\n<meta property=\"product:brand\" content=\"Pembe Tilki\" \/>\n<meta property=\"product:price:amount\" content=\"1100.00\" \/>\n<meta property=\"product:price:currency\" content=\"TRY\" \/>\n<meta property=\"og:availability\" content=\"instock\" \/>\n<meta property=\"product:availability\" content=\"instock\" \/>\n<meta property=\"product:retailer_item_id\" content=\"PT-VMXG910BL\" \/>\n<meta property=\"product:condition\" content=\"new\" \/>\n<!-- \/ Yoast SEO Premium plugin. -->","yoast_head_json":{"title":"Kanat Tasar\u0131ml\u0131 Deri Harness G\u00f6vde Aksesuar\u0131 Siyah - Bursa Erotik Shop","robots":{"index":"index","follow":"follow","max-snippet":"max-snippet:-1","max-image-preview":"max-image-preview:large","max-video-preview":"max-video-preview:-1"},"canonical":"https:\/\/hobierotikshop.com.tr\/website1\/erotik-shop-urun\/kanat-tasarimli-deri-harness-govde-aksesuari-siyah\/","og_locale":"tr_TR","og_type":"article","og_title":"Kanat Tasar\u0131ml\u0131 Deri Harness G\u00f6vde Aksesuar\u0131 Siyah","og_description":"Kanat Tasar\u0131ml\u0131 Deri Harness G\u00f6vde Aksesuar\u0131, \u015f\u0131kl\u0131\u011f\u0131 ve cesur tasar\u0131m\u0131 bir arada sunan benzersiz bir \u00fcr\u00fcnd\u00fcr. V\u00fccudu saran zarif hatlar\u0131 ve arkas\u0131ndaki dikkat \u00e7ekici kanat detaylar\u0131 ile tarz\u0131n\u0131za asi bir dokunu\u015f katarken, \u00f6zg\u00fcn bir g\u00f6r\u00fcn\u00fcm sa\u011flar. Dayan\u0131kl\u0131 ve \u015f\u0131k metal aksesuarlar ile tamamlanan bu harness, her tarzla uyum sa\u011flayarak sizin i\u00e7in ideal bir aksesuar haline gelir.","og_url":"https:\/\/hobierotikshop.com.tr\/website1\/erotik-shop-urun\/kanat-tasarimli-deri-harness-govde-aksesuari-siyah\/","og_site_name":"Bursa Erotik Shop","article_modified_time":"2026-01-26T12:32:37+00:00","og_image":[{"width":1500,"height":1500,"url":"https:\/\/hobierotikshop.com.tr\/website1\/wp-content\/uploads\/2025\/03\/kanat-tasarimli-deri-harness-govde-aksesuari-siyah-2882.jpg","type":"image\/jpeg"}],"twitter_card":"summary_large_image","twitter_site":"@shopbursa","twitter_misc":{"Fiyat":"&#8378;1.100,00 KDV DAH\u0130L","Availability":"In stock"},"schema":{"@context":"https:\/\/schema.org","@graph":[{"@type":"WebPage","@id":"https:\/\/hobierotikshop.com.tr\/website1\/erotik-shop-urun\/kanat-tasarimli-deri-harness-govde-aksesuari-siyah\/","url":"https:\/\/hobierotikshop.com.tr\/website1\/erotik-shop-urun\/kanat-tasarimli-deri-harness-govde-aksesuari-siyah\/","name":"Kanat Tasar\u0131ml\u0131 Deri Harness G\u00f6vde Aksesuar\u0131 Siyah - Bursa Erotik Shop","isPartOf":{"@id":"https:\/\/hobierotikshop.com.tr\/website1\/#website"},"primaryImageOfPage":{"@id":"https:\/\/hobierotikshop.com.tr\/website1\/erotik-shop-urun\/kanat-tasarimli-deri-harness-govde-aksesuari-siyah\/#primaryimage"},"image":{"@id":"https:\/\/hobierotikshop.com.tr\/website1\/erotik-shop-urun\/kanat-tasarimli-deri-harness-govde-aksesuari-siyah\/#primaryimage"},"thumbnailUrl":"https:\/\/haremerotikshop.com\/site\/wp-content\/uploads\/2025\/03\/kanat-tasarimli-deri-harness-govde-aksesuari-siyah-2882.jpg","datePublished":"2025-03-17T09:37:28+00:00","dateModified":"2026-01-26T12:32:37+00:00","breadcrumb":{"@id":"https:\/\/hobierotikshop.com.tr\/website1\/erotik-shop-urun\/kanat-tasarimli-deri-harness-govde-aksesuari-siyah\/#breadcrumb"},"inLanguage":"tr","potentialAction":[{"@type":"ReadAction","target":["https:\/\/hobierotikshop.com.tr\/website1\/erotik-shop-urun\/kanat-tasarimli-deri-harness-govde-aksesuari-siyah\/"]}]},{"@type":"ImageObject","inLanguage":"tr","@id":"https:\/\/hobierotikshop.com.tr\/website1\/erotik-shop-urun\/kanat-tasarimli-deri-harness-govde-aksesuari-siyah\/#primaryimage","url":"https:\/\/haremerotikshop.com\/site\/wp-content\/uploads\/2025\/03\/kanat-tasarimli-deri-harness-govde-aksesuari-siyah-2882.jpg","contentUrl":"https:\/\/haremerotikshop.com\/site\/wp-content\/uploads\/2025\/03\/kanat-tasarimli-deri-harness-govde-aksesuari-siyah-2882.jpg","width":1500,"height":1500},{"@type":"BreadcrumbList","@id":"https:\/\/hobierotikshop.com.tr\/website1\/erotik-shop-urun\/kanat-tasarimli-deri-harness-govde-aksesuari-siyah\/#breadcrumb","itemListElement":[{"@type":"ListItem","position":1,"name":"Anasayfa","item":"https:\/\/hobierotikshop.com.tr\/website1\/"},{"@type":"ListItem","position":2,"name":"Erotik Shop \u00dcr\u00fcnleri","item":"https:\/\/hobierotikshop.com.tr\/website1\/shop\/"},{"@type":"ListItem","position":3,"name":"Kanat Tasar\u0131ml\u0131 Deri Harness G\u00f6vde Aksesuar\u0131 Siyah"}]},{"@type":"WebSite","@id":"https:\/\/hobierotikshop.com.tr\/website1\/#website","url":"https:\/\/hobierotikshop.com.tr\/website1\/","name":"Bursa Erotik Shop","description":"Bursa Erotik Shop ile g\u00fcvenli, gizli ve kaliteli yeti\u015fkin \u00fcr\u00fcnleri al\u0131\u015fveri\u015fi! Geni\u015f \u00fcr\u00fcn yelpazemizi ke\u015ffedin, hemen sipari\u015f verin","publisher":{"@id":"https:\/\/hobierotikshop.com.tr\/website1\/#organization"},"alternateName":"Erotik Shop","potentialAction":[{"@type":"SearchAction","target":{"@type":"EntryPoint","urlTemplate":"https:\/\/hobierotikshop.com.tr\/website1\/?s={search_term_string}"},"query-input":{"@type":"PropertyValueSpecification","valueRequired":true,"valueName":"search_term_string"}}],"inLanguage":"tr"},{"@type":"Organization","@id":"https:\/\/hobierotikshop.com.tr\/website1\/#organization","name":"Harem Bursa Erotik Shop","url":"https:\/\/hobierotikshop.com.tr\/website1\/","logo":{"@type":"ImageObject","inLanguage":"tr","@id":"https:\/\/hobierotikshop.com.tr\/website1\/#\/schema\/logo\/image\/","url":"https:\/\/haremerotikshop.com\/site\/wp-content\/uploads\/2025\/03\/haremsexshop.png","contentUrl":"https:\/\/haremerotikshop.com\/site\/wp-content\/uploads\/2025\/03\/haremsexshop.png","width":400,"height":100,"caption":"Harem Bursa Erotik Shop"},"image":{"@id":"https:\/\/hobierotikshop.com.tr\/website1\/#\/schema\/logo\/image\/"},"sameAs":["https:\/\/x.com\/shopbursa"],"publishingPrinciples":"https:\/\/hobierotikshop.com.tr\/website1\/mesafeli-satis-sozlesmesi\/","ownershipFundingInfo":"https:\/\/hobierotikshop.com.tr\/website1\/contact-us\/","actionableFeedbackPolicy":"https:\/\/hobierotikshop.com.tr\/website1\/contact-us\/","correctionsPolicy":"https:\/\/hobierotikshop.com.tr\/website1\/mesafeli-satis-sozlesmesi\/"}]},"product_brand":"Pembe Tilki","product_price_amount":"1100.00","product_price_currency":"TRY","og_availability":"instock","product_availability":"instock","product_retailer_item_id":"PT-VMXG910BL","product_condition":"new"},"_links":{"self":[{"href":"https:\/\/haremerotikshop.com\/site\/wp-json\/wp\/v2\/product\/19587","targetHints":{"allow":["GET"]}}],"collection":[{"href":"https:\/\/haremerotikshop.com\/site\/wp-json\/wp\/v2\/product"}],"about":[{"href":"https:\/\/haremerotikshop.com\/site\/wp-json\/wp\/v2\/types\/product"}],"replies":[{"embeddable":true,"href":"https:\/\/haremerotikshop.com\/site\/wp-json\/wp\/v2\/comments?post=19587"}],"version-history":[{"count":0,"href":"https:\/\/haremerotikshop.com\/site\/wp-json\/wp\/v2\/product\/19587\/revisions"}],"wp:featuredmedia":[{"embeddable":true,"href":"https:\/\/haremerotikshop.com\/site\/wp-json\/wp\/v2\/media\/19670"}],"wp:attachment":[{"href":"https:\/\/haremerotikshop.com\/site\/wp-json\/wp\/v2\/media?parent=19587"}],"wp:term":[{"taxonomy":"product_brand","embeddable":true,"href":"https:\/\/haremerotikshop.com\/site\/wp-json\/wp\/v2\/product_brand?post=19587"},{"taxonomy":"product_cat","embeddable":true,"href":"https:\/\/haremerotikshop.com\/site\/wp-json\/wp\/v2\/product_cat?post=19587"},{"taxonomy":"product_tag","embeddable":true,"href":"https:\/\/haremerotikshop.com\/site\/wp-json\/wp\/v2\/product_tag?post=19587"}],"curies":[{"name":"wp","href":"https:\/\/api.w.org\/{rel}","templated":true}]}}