{"id":19603,"date":"2025-03-17T12:37:49","date_gmt":"2025-03-17T09:37:49","guid":{"rendered":"https:\/\/haremerotikshop.com\/site\/?post_type=product&#038;p=19603"},"modified":"2026-01-26T15:31:03","modified_gmt":"2026-01-26T12:31:03","slug":"deri-firfirli-choker-harness-kolye-siyah","status":"publish","type":"product","link":"https:\/\/haremerotikshop.com\/site\/erotik-shop-urun\/deri-firfirli-choker-harness-kolye-siyah\/","title":{"rendered":"Deri F\u0131rf\u0131rl\u0131 Choker Harness Kolye Siyah"},"content":{"rendered":"<h3 data-start=\"64\" data-end=\"133\">Deri Choker Harness Kolye \u2013 \u015e\u0131kl\u0131k ve Cesaretin Bulu\u015ftu\u011fu Tasar\u0131m<\/h3>\n<p data-start=\"135\" data-end=\"639\"><strong data-start=\"135\" data-end=\"164\">Deri Choker Harness Kolye<\/strong>, \u015f\u0131kl\u0131\u011f\u0131 ve cesareti bir araya getirerek tarz\u0131n\u0131za \u00e7arp\u0131c\u0131 bir dokunu\u015f katmak i\u00e7in tasarlanm\u0131\u015ft\u0131r. Zarif f\u0131rf\u0131r detaylar\u0131, metal halkalar ve ayarlanabilir kay\u0131\u015f \u00f6zellikleriyle, bu choker kolye her stil ve v\u00fccut tipine m\u00fckemmel uyum sa\u011flar. Siyah rengi, her t\u00fcr k\u0131yafetle kombinlenebilecek zarif ve cesur bir hava yarat\u0131r. \u00c7\u0131kar\u0131labilir p\u00fcsk\u00fcl aksesuar\u0131 ise iste\u011fe ba\u011fl\u0131 olarak farkl\u0131 stillerle kombinlenebilir, b\u00f6ylece her zaman yeni ve \u00f6zg\u00fcn bir g\u00f6r\u00fcn\u00fcm elde edebilirsiniz.<\/p>\n<h3 data-start=\"641\" data-end=\"662\">\u00dcr\u00fcn \u00d6zellikleri:<\/h3>\n<ul data-start=\"664\" data-end=\"1581\">\n<li data-start=\"664\" data-end=\"918\">\n<p data-start=\"666\" data-end=\"679\"><strong data-start=\"666\" data-end=\"678\">Malzeme:<\/strong><\/p>\n<ul data-start=\"682\" data-end=\"918\">\n<li data-start=\"682\" data-end=\"915\">Y\u00fcksek kaliteli <strong data-start=\"700\" data-end=\"713\">suni deri<\/strong> ve <strong data-start=\"717\" data-end=\"736\">paslanmaz metal<\/strong> malzemelerden \u00fcretilmi\u015ftir. Suni deri, zarif ve dayan\u0131kl\u0131 bir g\u00f6r\u00fcn\u00fcm sa\u011flarken paslanmaz metal halkalar, \u015f\u0131kl\u0131\u011f\u0131n\u0131z\u0131 g\u00fc\u00e7lendirir ve uzun s\u00fcreli kullan\u0131m i\u00e7in dayan\u0131kl\u0131l\u0131k sunar.<\/li>\n<\/ul>\n<\/li>\n<li data-start=\"919\" data-end=\"1095\">\n<p data-start=\"921\" data-end=\"931\"><strong data-start=\"921\" data-end=\"930\">Renk:<\/strong><\/p>\n<ul data-start=\"934\" data-end=\"1095\">\n<li data-start=\"934\" data-end=\"1095\"><strong data-start=\"936\" data-end=\"945\">Siyah<\/strong>: Siyah rengi, her t\u00fcr k\u0131yafetle kolayca kombinlenebilir ve sofistike bir g\u00f6r\u00fcn\u00fcm yarat\u0131r. Hem g\u00fcnl\u00fck \u015f\u0131kl\u0131k hem de \u00f6zel gecelerde kullan\u0131ma uygundur.<\/li>\n<\/ul>\n<\/li>\n<li data-start=\"1097\" data-end=\"1321\">\n<p data-start=\"1099\" data-end=\"1124\"><strong data-start=\"1099\" data-end=\"1123\">Ayarlanabilir Kay\u0131\u015f:<\/strong><\/p>\n<ul data-start=\"1127\" data-end=\"1321\">\n<li data-start=\"1127\" data-end=\"1321\">Boyun \u00e7evresine rahat\u00e7a oturan ayarlanabilir kay\u0131\u015f\u0131, ki\u015fisel konforu art\u0131rarak her v\u00fccut tipine uyum sa\u011flar. Kendi rahatl\u0131\u011f\u0131n\u0131za g\u00f6re s\u0131k\u0131l\u0131\u011f\u0131n\u0131 ayarlayarak maksimum konfor elde edebilirsiniz.<\/li>\n<\/ul>\n<\/li>\n<li data-start=\"1323\" data-end=\"1581\">\n<p data-start=\"1325\" data-end=\"1358\"><strong data-start=\"1325\" data-end=\"1357\">\u00c7\u0131kar\u0131labilir F\u0131rf\u0131r Detay\u0131:<\/strong><\/p>\n<ul data-start=\"1361\" data-end=\"1581\">\n<li data-start=\"1361\" data-end=\"1581\">Zarif ve \u015f\u0131k f\u0131rf\u0131r detaylar\u0131, tasar\u0131m\u0131na feminen bir dokunu\u015f katarken \u00e7\u0131kar\u0131labilir olmas\u0131, farkl\u0131 stillerle uyumlu olmas\u0131n\u0131 sa\u011flar. \u0130stedi\u011finizde f\u0131rf\u0131r detay\u0131n\u0131 \u00e7\u0131kararak daha minimal bir g\u00f6r\u00fcn\u00fcm elde edebilirsiniz.<\/li>\n<\/ul>\n<\/li>\n<\/ul>\n<h3 data-start=\"1583\" data-end=\"1605\">Kullan\u0131m Alanlar\u0131:<\/h3>\n<ul data-start=\"1607\" data-end=\"2156\">\n<li data-start=\"1607\" data-end=\"1810\">\n<p data-start=\"1609\" data-end=\"1627\"><strong data-start=\"1609\" data-end=\"1626\">G\u00fcnl\u00fck Giyim:<\/strong><\/p>\n<ul data-start=\"1630\" data-end=\"1810\">\n<li data-start=\"1630\" data-end=\"1810\">\u015e\u0131k ve cesur bir dokunu\u015f arayanlar i\u00e7in ideal bir aksesuar. Her g\u00fcn kullanabilece\u011finiz \u015f\u0131k bir par\u00e7a olan deri choker, basit bir ti\u015f\u00f6rt veya bluzla kombinlendi\u011finde fark yarat\u0131r.<\/li>\n<\/ul>\n<\/li>\n<li data-start=\"1812\" data-end=\"2002\">\n<p data-start=\"1814\" data-end=\"1839\"><strong data-start=\"1814\" data-end=\"1838\">Festival Kost\u00fcmleri:<\/strong><\/p>\n<ul data-start=\"1842\" data-end=\"2002\">\n<li data-start=\"1842\" data-end=\"2002\">Festivalsel stilinize \u00e7arp\u0131c\u0131 bir hava katmak i\u00e7in m\u00fckemmel bir se\u00e7im. Metal halkalar ve f\u0131rf\u0131r detay\u0131, festival havas\u0131na uyum sa\u011flar ve \u00f6zg\u00fcn bir tarz sunar.<\/li>\n<\/ul>\n<\/li>\n<li data-start=\"2004\" data-end=\"2156\">\n<p data-start=\"2006\" data-end=\"2024\"><strong data-start=\"2006\" data-end=\"2023\">\u00d6zel Geceler:<\/strong><\/p>\n<ul data-start=\"2027\" data-end=\"2156\">\n<li data-start=\"2027\" data-end=\"2156\">Romantik ak\u015famlar veya \u00f6zel davetlerde cesur ve \u015f\u0131k bir aksesuard\u0131r. \u015e\u0131kl\u0131\u011f\u0131n\u0131za cesur bir dokunu\u015f katarken tarz\u0131n\u0131z\u0131 yans\u0131t\u0131r.<\/li>\n<\/ul>\n<\/li>\n<\/ul>\n<h3 data-start=\"2158\" data-end=\"2187\">Neden Tercih Etmelisiniz?<\/h3>\n<ul data-start=\"2189\" data-end=\"2917\">\n<li data-start=\"2189\" data-end=\"2354\">\n<p data-start=\"2191\" data-end=\"2217\"><strong data-start=\"2191\" data-end=\"2216\">\u015e\u0131k ve Cesur Tasar\u0131m:<\/strong><\/p>\n<ul data-start=\"2220\" data-end=\"2354\">\n<li data-start=\"2220\" data-end=\"2354\">Deri choker, hem zarif hem cesur bir g\u00f6r\u00fcn\u00fcm sunar. Metal halkalar ve \u00e7\u0131kar\u0131labilir f\u0131rf\u0131r detay\u0131yla tarz\u0131n\u0131za \u00f6zg\u00fcn bir hava katar.<\/li>\n<\/ul>\n<\/li>\n<li data-start=\"2356\" data-end=\"2535\">\n<p data-start=\"2358\" data-end=\"2389\"><strong data-start=\"2358\" data-end=\"2388\">Ayarlanabilir ve Konforlu:<\/strong><\/p>\n<ul data-start=\"2392\" data-end=\"2535\">\n<li data-start=\"2392\" data-end=\"2535\">Ayarlanabilir kay\u0131\u015f\u0131 sayesinde rahat\u00e7a kullanabilece\u011finiz bu aksesuar, ki\u015fisel konfor sunarak uzun s\u00fcreli kullan\u0131mlarda bile rahatl\u0131k sa\u011flar.<\/li>\n<\/ul>\n<\/li>\n<li data-start=\"2537\" data-end=\"2704\">\n<p data-start=\"2539\" data-end=\"2563\"><strong data-start=\"2539\" data-end=\"2562\">\u00c7ok Y\u00f6nl\u00fc Kullan\u0131m:<\/strong><\/p>\n<ul data-start=\"2566\" data-end=\"2704\">\n<li data-start=\"2566\" data-end=\"2704\">Hem g\u00fcnl\u00fck giyimde hem de \u00f6zel etkinliklerde kullan\u0131labilir. Farkl\u0131 stillerle kombinleyerek her g\u00fcn yeni bir g\u00f6r\u00fcn\u00fcm olu\u015fturabilirsiniz.<\/li>\n<\/ul>\n<\/li>\n<li data-start=\"2706\" data-end=\"2917\">\n<p data-start=\"2708\" data-end=\"2745\"><strong data-start=\"2708\" data-end=\"2744\">Dayan\u0131kl\u0131 ve Estetik Malzemeler:<\/strong><\/p>\n<ul data-start=\"2748\" data-end=\"2917\">\n<li data-start=\"2748\" data-end=\"2917\">Y\u00fcksek kaliteli suni deri ve paslanmaz metal, dayan\u0131kl\u0131l\u0131\u011f\u0131 ve \u015f\u0131kl\u0131\u011f\u0131 bir arada sunar. Hem uzun s\u00fcreli kullan\u0131m hem de estetik a\u00e7\u0131dan tatmin edici bir deneyim sa\u011flar.<\/li>\n<\/ul>\n<\/li>\n<\/ul>\n<h3 data-start=\"2919\" data-end=\"2986\">Deri Choker Harness Kolye ile Tarz\u0131n\u0131z\u0131 Yans\u0131tarak Fark Yarat\u0131n<\/h3>\n<p data-start=\"2988\" data-end=\"3451\"><strong data-start=\"2988\" data-end=\"3017\">Deri Choker Harness Kolye<\/strong> \u015f\u0131kl\u0131\u011f\u0131n\u0131za cesur bir dokunu\u015f eklemek isteyenler i\u00e7in m\u00fckemmel bir aksesuard\u0131r. Zarif tasar\u0131m\u0131, ayarlanabilir yap\u0131s\u0131 ve \u00e7\u0131kar\u0131labilir f\u0131rf\u0131r detay\u0131 ile her ortamda rahat\u00e7a kullan\u0131labilir. G\u00fcnl\u00fck giyimden festival kost\u00fcmlerine kadar her durumda \u015f\u0131kl\u0131\u011f\u0131n\u0131z\u0131 \u00f6ne \u00e7\u0131karan bu choker, cesur ve \u00f6zg\u00fcn tarz\u0131n\u0131z\u0131 en iyi \u015fekilde yans\u0131t\u0131r. <strong data-start=\"3347\" data-end=\"3376\">Deri Choker Harness Kolye<\/strong>, hem stilinizi hem de ki\u015fili\u011finizi vurgulamak i\u00e7in m\u00fckemmel bir tercihtir.<\/p>\n","protected":false},"excerpt":{"rendered":"<p><strong data-start=\"135\" data-end=\"164\">Deri Choker Harness Kolye<\/strong>, \u015f\u0131kl\u0131\u011f\u0131 ve cesareti bir araya getirerek tarz\u0131n\u0131za \u00e7arp\u0131c\u0131 bir dokunu\u015f katmak i\u00e7in tasarlanm\u0131\u015ft\u0131r. Zarif f\u0131rf\u0131r detaylar\u0131, metal halkalar ve ayarlanabilir kay\u0131\u015f \u00f6zellikleriyle, bu choker kolye her stil ve v\u00fccut tipine m\u00fckemmel uyum sa\u011flar. Siyah rengi, her t\u00fcr k\u0131yafetle kombinlenebilecek zarif ve cesur bir hava yarat\u0131r. \u00c7\u0131kar\u0131labilir p\u00fcsk\u00fcl aksesuar\u0131 ise iste\u011fe ba\u011fl\u0131 olarak farkl\u0131 stillerle kombinlenebilir, b\u00f6ylece her zaman yeni ve \u00f6zg\u00fcn bir g\u00f6r\u00fcn\u00fcm elde edebilirsiniz.<\/p>\n","protected":false},"featured_media":19681,"comment_status":"open","ping_status":"closed","template":"","meta":[],"product_brand":[127],"product_cat":[100],"product_tag":[357],"class_list":{"0":"post-19603","1":"product","2":"type-product","3":"status-publish","4":"has-post-thumbnail","6":"product_brand-pembe-tilki","7":"product_cat-fantezi-fetis","8":"product_tag-deri-firfirli-choker-harness-kolye-siyah","10":"first","11":"instock","12":"taxable","13":"shipping-taxable","14":"purchasable","15":"product-type-simple"},"yoast_head":"<!-- This site is optimized with the Yoast SEO Premium plugin v24.4 (Yoast SEO v27.1.1) - https:\/\/yoast.com\/product\/yoast-seo-premium-wordpress\/ -->\n<title>Deri F\u0131rf\u0131rl\u0131 Choker Harness Kolye Siyah - Bursa Erotik Shop<\/title>\n<meta name=\"robots\" content=\"index, follow, max-snippet:-1, max-image-preview:large, max-video-preview:-1\" \/>\n<link rel=\"canonical\" href=\"https:\/\/hobierotikshop.com.tr\/website1\/erotik-shop-urun\/deri-firfirli-choker-harness-kolye-siyah\/\" \/>\n<meta property=\"og:locale\" content=\"tr_TR\" \/>\n<meta property=\"og:type\" content=\"article\" \/>\n<meta property=\"og:title\" content=\"Deri F\u0131rf\u0131rl\u0131 Choker Harness Kolye Siyah\" \/>\n<meta property=\"og:description\" content=\"Deri Choker Harness Kolye, \u015f\u0131kl\u0131\u011f\u0131 ve cesareti bir araya getirerek tarz\u0131n\u0131za \u00e7arp\u0131c\u0131 bir dokunu\u015f katmak i\u00e7in tasarlanm\u0131\u015ft\u0131r. Zarif f\u0131rf\u0131r detaylar\u0131, metal halkalar ve ayarlanabilir kay\u0131\u015f \u00f6zellikleriyle, bu choker kolye her stil ve v\u00fccut tipine m\u00fckemmel uyum sa\u011flar. Siyah rengi, her t\u00fcr k\u0131yafetle kombinlenebilecek zarif ve cesur bir hava yarat\u0131r. \u00c7\u0131kar\u0131labilir p\u00fcsk\u00fcl aksesuar\u0131 ise iste\u011fe ba\u011fl\u0131 olarak farkl\u0131 stillerle kombinlenebilir, b\u00f6ylece her zaman yeni ve \u00f6zg\u00fcn bir g\u00f6r\u00fcn\u00fcm elde edebilirsiniz.\" \/>\n<meta property=\"og:url\" content=\"https:\/\/hobierotikshop.com.tr\/website1\/erotik-shop-urun\/deri-firfirli-choker-harness-kolye-siyah\/\" \/>\n<meta property=\"og:site_name\" content=\"Bursa Erotik Shop\" \/>\n<meta property=\"article:modified_time\" content=\"2026-01-26T12:31:03+00:00\" \/>\n<meta property=\"og:image\" content=\"https:\/\/hobierotikshop.com.tr\/website1\/wp-content\/uploads\/2025\/03\/deri-firfirli-choker-harness-kolye-siyah-2910.jpg\" \/>\n\t<meta property=\"og:image:width\" content=\"1500\" \/>\n\t<meta property=\"og:image:height\" content=\"1500\" \/>\n\t<meta property=\"og:image:type\" content=\"image\/jpeg\" \/>\n<meta name=\"twitter:card\" content=\"summary_large_image\" \/>\n<meta name=\"twitter:site\" content=\"@shopbursa\" \/>\n<meta name=\"twitter:label1\" content=\"Fiyat\" \/>\n\t<meta name=\"twitter:data1\" content=\"&#8378;800,00 KDV DAH\u0130L\" \/>\n\t<meta name=\"twitter:label2\" content=\"Availability\" \/>\n\t<meta name=\"twitter:data2\" content=\"In stock\" \/>\n<script type=\"application\/ld+json\" class=\"yoast-schema-graph\">{\"@context\":\"https:\/\/schema.org\",\"@graph\":[{\"@type\":\"WebPage\",\"@id\":\"https:\/\/hobierotikshop.com.tr\/website1\/erotik-shop-urun\/deri-firfirli-choker-harness-kolye-siyah\/\",\"url\":\"https:\/\/hobierotikshop.com.tr\/website1\/erotik-shop-urun\/deri-firfirli-choker-harness-kolye-siyah\/\",\"name\":\"Deri F\u0131rf\u0131rl\u0131 Choker Harness Kolye Siyah - Bursa Erotik Shop\",\"isPartOf\":{\"@id\":\"https:\/\/hobierotikshop.com.tr\/website1\/#website\"},\"primaryImageOfPage\":{\"@id\":\"https:\/\/hobierotikshop.com.tr\/website1\/erotik-shop-urun\/deri-firfirli-choker-harness-kolye-siyah\/#primaryimage\"},\"image\":{\"@id\":\"https:\/\/hobierotikshop.com.tr\/website1\/erotik-shop-urun\/deri-firfirli-choker-harness-kolye-siyah\/#primaryimage\"},\"thumbnailUrl\":\"https:\/\/haremerotikshop.com\/site\/wp-content\/uploads\/2025\/03\/deri-firfirli-choker-harness-kolye-siyah-2910.jpg\",\"datePublished\":\"2025-03-17T09:37:49+00:00\",\"dateModified\":\"2026-01-26T12:31:03+00:00\",\"breadcrumb\":{\"@id\":\"https:\/\/hobierotikshop.com.tr\/website1\/erotik-shop-urun\/deri-firfirli-choker-harness-kolye-siyah\/#breadcrumb\"},\"inLanguage\":\"tr\",\"potentialAction\":[{\"@type\":\"ReadAction\",\"target\":[\"https:\/\/hobierotikshop.com.tr\/website1\/erotik-shop-urun\/deri-firfirli-choker-harness-kolye-siyah\/\"]}]},{\"@type\":\"ImageObject\",\"inLanguage\":\"tr\",\"@id\":\"https:\/\/hobierotikshop.com.tr\/website1\/erotik-shop-urun\/deri-firfirli-choker-harness-kolye-siyah\/#primaryimage\",\"url\":\"https:\/\/haremerotikshop.com\/site\/wp-content\/uploads\/2025\/03\/deri-firfirli-choker-harness-kolye-siyah-2910.jpg\",\"contentUrl\":\"https:\/\/haremerotikshop.com\/site\/wp-content\/uploads\/2025\/03\/deri-firfirli-choker-harness-kolye-siyah-2910.jpg\",\"width\":1500,\"height\":1500},{\"@type\":\"BreadcrumbList\",\"@id\":\"https:\/\/hobierotikshop.com.tr\/website1\/erotik-shop-urun\/deri-firfirli-choker-harness-kolye-siyah\/#breadcrumb\",\"itemListElement\":[{\"@type\":\"ListItem\",\"position\":1,\"name\":\"Anasayfa\",\"item\":\"https:\/\/hobierotikshop.com.tr\/website1\/\"},{\"@type\":\"ListItem\",\"position\":2,\"name\":\"Erotik Shop \u00dcr\u00fcnleri\",\"item\":\"https:\/\/hobierotikshop.com.tr\/website1\/shop\/\"},{\"@type\":\"ListItem\",\"position\":3,\"name\":\"Deri F\u0131rf\u0131rl\u0131 Choker Harness Kolye Siyah\"}]},{\"@type\":\"WebSite\",\"@id\":\"https:\/\/hobierotikshop.com.tr\/website1\/#website\",\"url\":\"https:\/\/hobierotikshop.com.tr\/website1\/\",\"name\":\"Bursa Erotik Shop\",\"description\":\"Bursa Erotik Shop ile g\u00fcvenli, gizli ve kaliteli yeti\u015fkin \u00fcr\u00fcnleri al\u0131\u015fveri\u015fi! Geni\u015f \u00fcr\u00fcn yelpazemizi ke\u015ffedin, hemen sipari\u015f verin\",\"publisher\":{\"@id\":\"https:\/\/hobierotikshop.com.tr\/website1\/#organization\"},\"alternateName\":\"Erotik Shop\",\"potentialAction\":[{\"@type\":\"SearchAction\",\"target\":{\"@type\":\"EntryPoint\",\"urlTemplate\":\"https:\/\/hobierotikshop.com.tr\/website1\/?s={search_term_string}\"},\"query-input\":{\"@type\":\"PropertyValueSpecification\",\"valueRequired\":true,\"valueName\":\"search_term_string\"}}],\"inLanguage\":\"tr\"},{\"@type\":\"Organization\",\"@id\":\"https:\/\/hobierotikshop.com.tr\/website1\/#organization\",\"name\":\"Harem Bursa Erotik Shop\",\"url\":\"https:\/\/hobierotikshop.com.tr\/website1\/\",\"logo\":{\"@type\":\"ImageObject\",\"inLanguage\":\"tr\",\"@id\":\"https:\/\/hobierotikshop.com.tr\/website1\/#\/schema\/logo\/image\/\",\"url\":\"https:\/\/haremerotikshop.com\/wp-content\/uploads\/2025\/03\/haremsexshop.png\",\"contentUrl\":\"https:\/\/haremerotikshop.com\/wp-content\/uploads\/2025\/03\/haremsexshop.png\",\"width\":400,\"height\":100,\"caption\":\"Harem Bursa Erotik Shop\"},\"image\":{\"@id\":\"https:\/\/hobierotikshop.com.tr\/website1\/#\/schema\/logo\/image\/\"},\"sameAs\":[\"https:\/\/x.com\/shopbursa\"],\"publishingPrinciples\":\"https:\/\/hobierotikshop.com.tr\/website1\/mesafeli-satis-sozlesmesi\/\",\"ownershipFundingInfo\":\"https:\/\/hobierotikshop.com.tr\/website1\/contact-us\/\",\"actionableFeedbackPolicy\":\"https:\/\/hobierotikshop.com.tr\/website1\/contact-us\/\",\"correctionsPolicy\":\"https:\/\/hobierotikshop.com.tr\/website1\/mesafeli-satis-sozlesmesi\/\"}]}<\/script>\n<meta property=\"product:brand\" content=\"Pembe Tilki\" \/>\n<meta property=\"product:price:amount\" content=\"800.00\" \/>\n<meta property=\"product:price:currency\" content=\"TRY\" \/>\n<meta property=\"og:availability\" content=\"instock\" \/>\n<meta property=\"product:availability\" content=\"instock\" \/>\n<meta property=\"product:retailer_item_id\" content=\"PT-VMXG930BL\" \/>\n<meta property=\"product:condition\" content=\"new\" \/>\n<!-- \/ Yoast SEO Premium plugin. -->","yoast_head_json":{"title":"Deri F\u0131rf\u0131rl\u0131 Choker Harness Kolye Siyah - Bursa Erotik Shop","robots":{"index":"index","follow":"follow","max-snippet":"max-snippet:-1","max-image-preview":"max-image-preview:large","max-video-preview":"max-video-preview:-1"},"canonical":"https:\/\/hobierotikshop.com.tr\/website1\/erotik-shop-urun\/deri-firfirli-choker-harness-kolye-siyah\/","og_locale":"tr_TR","og_type":"article","og_title":"Deri F\u0131rf\u0131rl\u0131 Choker Harness Kolye Siyah","og_description":"Deri Choker Harness Kolye, \u015f\u0131kl\u0131\u011f\u0131 ve cesareti bir araya getirerek tarz\u0131n\u0131za \u00e7arp\u0131c\u0131 bir dokunu\u015f katmak i\u00e7in tasarlanm\u0131\u015ft\u0131r. Zarif f\u0131rf\u0131r detaylar\u0131, metal halkalar ve ayarlanabilir kay\u0131\u015f \u00f6zellikleriyle, bu choker kolye her stil ve v\u00fccut tipine m\u00fckemmel uyum sa\u011flar. Siyah rengi, her t\u00fcr k\u0131yafetle kombinlenebilecek zarif ve cesur bir hava yarat\u0131r. \u00c7\u0131kar\u0131labilir p\u00fcsk\u00fcl aksesuar\u0131 ise iste\u011fe ba\u011fl\u0131 olarak farkl\u0131 stillerle kombinlenebilir, b\u00f6ylece her zaman yeni ve \u00f6zg\u00fcn bir g\u00f6r\u00fcn\u00fcm elde edebilirsiniz.","og_url":"https:\/\/hobierotikshop.com.tr\/website1\/erotik-shop-urun\/deri-firfirli-choker-harness-kolye-siyah\/","og_site_name":"Bursa Erotik Shop","article_modified_time":"2026-01-26T12:31:03+00:00","og_image":[{"width":1500,"height":1500,"url":"https:\/\/hobierotikshop.com.tr\/website1\/wp-content\/uploads\/2025\/03\/deri-firfirli-choker-harness-kolye-siyah-2910.jpg","type":"image\/jpeg"}],"twitter_card":"summary_large_image","twitter_site":"@shopbursa","twitter_misc":{"Fiyat":"&#8378;800,00 KDV DAH\u0130L","Availability":"In stock"},"schema":{"@context":"https:\/\/schema.org","@graph":[{"@type":"WebPage","@id":"https:\/\/hobierotikshop.com.tr\/website1\/erotik-shop-urun\/deri-firfirli-choker-harness-kolye-siyah\/","url":"https:\/\/hobierotikshop.com.tr\/website1\/erotik-shop-urun\/deri-firfirli-choker-harness-kolye-siyah\/","name":"Deri F\u0131rf\u0131rl\u0131 Choker Harness Kolye Siyah - Bursa Erotik Shop","isPartOf":{"@id":"https:\/\/hobierotikshop.com.tr\/website1\/#website"},"primaryImageOfPage":{"@id":"https:\/\/hobierotikshop.com.tr\/website1\/erotik-shop-urun\/deri-firfirli-choker-harness-kolye-siyah\/#primaryimage"},"image":{"@id":"https:\/\/hobierotikshop.com.tr\/website1\/erotik-shop-urun\/deri-firfirli-choker-harness-kolye-siyah\/#primaryimage"},"thumbnailUrl":"https:\/\/haremerotikshop.com\/site\/wp-content\/uploads\/2025\/03\/deri-firfirli-choker-harness-kolye-siyah-2910.jpg","datePublished":"2025-03-17T09:37:49+00:00","dateModified":"2026-01-26T12:31:03+00:00","breadcrumb":{"@id":"https:\/\/hobierotikshop.com.tr\/website1\/erotik-shop-urun\/deri-firfirli-choker-harness-kolye-siyah\/#breadcrumb"},"inLanguage":"tr","potentialAction":[{"@type":"ReadAction","target":["https:\/\/hobierotikshop.com.tr\/website1\/erotik-shop-urun\/deri-firfirli-choker-harness-kolye-siyah\/"]}]},{"@type":"ImageObject","inLanguage":"tr","@id":"https:\/\/hobierotikshop.com.tr\/website1\/erotik-shop-urun\/deri-firfirli-choker-harness-kolye-siyah\/#primaryimage","url":"https:\/\/haremerotikshop.com\/site\/wp-content\/uploads\/2025\/03\/deri-firfirli-choker-harness-kolye-siyah-2910.jpg","contentUrl":"https:\/\/haremerotikshop.com\/site\/wp-content\/uploads\/2025\/03\/deri-firfirli-choker-harness-kolye-siyah-2910.jpg","width":1500,"height":1500},{"@type":"BreadcrumbList","@id":"https:\/\/hobierotikshop.com.tr\/website1\/erotik-shop-urun\/deri-firfirli-choker-harness-kolye-siyah\/#breadcrumb","itemListElement":[{"@type":"ListItem","position":1,"name":"Anasayfa","item":"https:\/\/hobierotikshop.com.tr\/website1\/"},{"@type":"ListItem","position":2,"name":"Erotik Shop \u00dcr\u00fcnleri","item":"https:\/\/hobierotikshop.com.tr\/website1\/shop\/"},{"@type":"ListItem","position":3,"name":"Deri F\u0131rf\u0131rl\u0131 Choker Harness Kolye Siyah"}]},{"@type":"WebSite","@id":"https:\/\/hobierotikshop.com.tr\/website1\/#website","url":"https:\/\/hobierotikshop.com.tr\/website1\/","name":"Bursa Erotik Shop","description":"Bursa Erotik Shop ile g\u00fcvenli, gizli ve kaliteli yeti\u015fkin \u00fcr\u00fcnleri al\u0131\u015fveri\u015fi! Geni\u015f \u00fcr\u00fcn yelpazemizi ke\u015ffedin, hemen sipari\u015f verin","publisher":{"@id":"https:\/\/hobierotikshop.com.tr\/website1\/#organization"},"alternateName":"Erotik Shop","potentialAction":[{"@type":"SearchAction","target":{"@type":"EntryPoint","urlTemplate":"https:\/\/hobierotikshop.com.tr\/website1\/?s={search_term_string}"},"query-input":{"@type":"PropertyValueSpecification","valueRequired":true,"valueName":"search_term_string"}}],"inLanguage":"tr"},{"@type":"Organization","@id":"https:\/\/hobierotikshop.com.tr\/website1\/#organization","name":"Harem Bursa Erotik Shop","url":"https:\/\/hobierotikshop.com.tr\/website1\/","logo":{"@type":"ImageObject","inLanguage":"tr","@id":"https:\/\/hobierotikshop.com.tr\/website1\/#\/schema\/logo\/image\/","url":"https:\/\/haremerotikshop.com\/wp-content\/uploads\/2025\/03\/haremsexshop.png","contentUrl":"https:\/\/haremerotikshop.com\/wp-content\/uploads\/2025\/03\/haremsexshop.png","width":400,"height":100,"caption":"Harem Bursa Erotik Shop"},"image":{"@id":"https:\/\/hobierotikshop.com.tr\/website1\/#\/schema\/logo\/image\/"},"sameAs":["https:\/\/x.com\/shopbursa"],"publishingPrinciples":"https:\/\/hobierotikshop.com.tr\/website1\/mesafeli-satis-sozlesmesi\/","ownershipFundingInfo":"https:\/\/hobierotikshop.com.tr\/website1\/contact-us\/","actionableFeedbackPolicy":"https:\/\/hobierotikshop.com.tr\/website1\/contact-us\/","correctionsPolicy":"https:\/\/hobierotikshop.com.tr\/website1\/mesafeli-satis-sozlesmesi\/"}]},"product_brand":"Pembe Tilki","product_price_amount":"800.00","product_price_currency":"TRY","og_availability":"instock","product_availability":"instock","product_retailer_item_id":"PT-VMXG930BL","product_condition":"new"},"_links":{"self":[{"href":"https:\/\/haremerotikshop.com\/site\/wp-json\/wp\/v2\/product\/19603","targetHints":{"allow":["GET"]}}],"collection":[{"href":"https:\/\/haremerotikshop.com\/site\/wp-json\/wp\/v2\/product"}],"about":[{"href":"https:\/\/haremerotikshop.com\/site\/wp-json\/wp\/v2\/types\/product"}],"replies":[{"embeddable":true,"href":"https:\/\/haremerotikshop.com\/site\/wp-json\/wp\/v2\/comments?post=19603"}],"version-history":[{"count":0,"href":"https:\/\/haremerotikshop.com\/site\/wp-json\/wp\/v2\/product\/19603\/revisions"}],"wp:featuredmedia":[{"embeddable":true,"href":"https:\/\/haremerotikshop.com\/site\/wp-json\/wp\/v2\/media\/19681"}],"wp:attachment":[{"href":"https:\/\/haremerotikshop.com\/site\/wp-json\/wp\/v2\/media?parent=19603"}],"wp:term":[{"taxonomy":"product_brand","embeddable":true,"href":"https:\/\/haremerotikshop.com\/site\/wp-json\/wp\/v2\/product_brand?post=19603"},{"taxonomy":"product_cat","embeddable":true,"href":"https:\/\/haremerotikshop.com\/site\/wp-json\/wp\/v2\/product_cat?post=19603"},{"taxonomy":"product_tag","embeddable":true,"href":"https:\/\/haremerotikshop.com\/site\/wp-json\/wp\/v2\/product_tag?post=19603"}],"curies":[{"name":"wp","href":"https:\/\/api.w.org\/{rel}","templated":true}]}}