{"id":19730,"date":"2025-03-17T12:40:33","date_gmt":"2025-03-17T09:40:33","guid":{"rendered":"https:\/\/haremerotikshop.com\/site\/?post_type=product&#038;p=19730"},"modified":"2026-01-26T15:27:51","modified_gmt":"2026-01-26T12:27:51","slug":"modern-3-modlu-rabbit-vibrator-mor","status":"publish","type":"product","link":"https:\/\/haremerotikshop.com\/site\/erotik-shop-urun\/modern-3-modlu-rabbit-vibrator-mor\/","title":{"rendered":"Modern 3 Modlu Rabbit Vibrator Mor"},"content":{"rendered":"<h1 data-start=\"67\" data-end=\"146\"><strong data-start=\"69\" data-end=\"144\">Modern 3 Modlu Rabbit Vibrat\u00f6r \u2013 \u015e\u0131kl\u0131k ve Performans\u0131n M\u00fckemmel Uyumu!<\/strong><\/h1>\n<p data-start=\"148\" data-end=\"442\">Modern tasar\u0131m\u0131 ve yenilik\u00e7i teknolojisiyle <strong data-start=\"192\" data-end=\"226\">Modern 3 Modlu Rabbit Vibrat\u00f6r<\/strong>, <strong data-start=\"228\" data-end=\"253\">benzersiz bir deneyim<\/strong> sunarak beklentilerinizi en \u00fcst seviyeye ta\u015f\u0131yor. <strong data-start=\"304\" data-end=\"384\">Ergonomik yap\u0131s\u0131, farkl\u0131 mod se\u00e7enekleri ve y\u00fcksek performansl\u0131 titre\u015fimleri<\/strong> ile ki\u015fisel zamanlar\u0131n\u0131za yepyeni bir boyut kazand\u0131r\u0131n.<\/p>\n<h3 data-start=\"444\" data-end=\"491\"><strong data-start=\"448\" data-end=\"489\">\u00dcst\u00fcn Teknoloji ve B\u00fcy\u00fcleyici Tasar\u0131m<\/strong><\/h3>\n<p data-start=\"493\" data-end=\"1023\">\ud83d\udc9c <strong data-start=\"496\" data-end=\"523\">U\u00e7 K\u0131s\u0131mda Dalgal\u0131 Yap\u0131<\/strong>: Do\u011fal bir his ve ekstra hassasiyet sa\u011flayan dalgal\u0131 tasar\u0131m.<br data-start=\"585\" data-end=\"588\" \/>\ud83d\udc9c <strong data-start=\"591\" data-end=\"612\">H\u0131zl\u0131 Ok\u015fama Modu<\/strong>: Daha yo\u011fun bir uyar\u0131m i\u00e7in \u00f6zel olarak geli\u015ftirilmi\u015f h\u0131zl\u0131 ok\u015fama teknolojisi.<br data-start=\"692\" data-end=\"695\" \/>\ud83d\udc9c <strong data-start=\"698\" data-end=\"727\">7 G Noktas\u0131 Titre\u015fim Modu<\/strong>: Farkl\u0131 titre\u015fim se\u00e7enekleriyle <strong data-start=\"760\" data-end=\"783\">G noktas\u0131 uyar\u0131m\u0131n\u0131<\/strong> en iyi seviyeye ta\u015f\u0131r.<br data-start=\"806\" data-end=\"809\" \/>\ud83d\udc9c <strong data-start=\"812\" data-end=\"840\">7 Klitoral Titre\u015fim Modu<\/strong>: Klitoral hassasiyeti \u00f6n planda tutan <strong data-start=\"879\" data-end=\"917\">7 farkl\u0131 ritimde titre\u015fim \u00f6zelli\u011fi<\/strong>.<br data-start=\"918\" data-end=\"921\" \/>\ud83d\udc9c <strong data-start=\"924\" data-end=\"941\">7 Ok\u015fama Modu<\/strong>: Farkl\u0131 ritimlerde ok\u015fama se\u00e7enekleriyle ki\u015fisel zevkinize uygun deneyim sunar.<\/p>\n<h3 data-start=\"1025\" data-end=\"1071\"><strong data-start=\"1029\" data-end=\"1069\">Ergonomik ve Kullan\u0131c\u0131 Dostu Tasar\u0131m<\/strong><\/h3>\n<p data-start=\"1073\" data-end=\"1340\">\ud83d\udccf <strong data-start=\"1076\" data-end=\"1088\">Boyutlar<\/strong>:<br data-start=\"1089\" data-end=\"1092\" \/>\u2714 <strong data-start=\"1094\" data-end=\"1147\">3,8 cm kal\u0131nl\u0131k ve 14,5 cm kullan\u0131labilir uzunluk<\/strong> \u2013 Rahat ve konforlu kullan\u0131m sa\u011flar.<br data-start=\"1184\" data-end=\"1187\" \/>\u2714 <strong data-start=\"1189\" data-end=\"1215\">2,8 cm kulak geni\u015fli\u011fi<\/strong> \u2013 Klitoral b\u00f6lgeyi etkili \u015fekilde uyar\u0131r.<br data-start=\"1257\" data-end=\"1260\" \/>\u2714 <strong data-start=\"1262\" data-end=\"1281\">Ergonomik Tutu\u015f<\/strong> \u2013 Kullan\u0131c\u0131 dostu yap\u0131s\u0131 ile kolay kontrol imkan\u0131 sunar.<\/p>\n<h3 data-start=\"1342\" data-end=\"1391\"><strong data-start=\"1346\" data-end=\"1389\">Suya Dayan\u0131kl\u0131 ve Dayan\u0131kl\u0131 \u015earj S\u00fcresi<\/strong><\/h3>\n<p data-start=\"1393\" data-end=\"1659\">\ud83d\udca6 <strong data-start=\"1396\" data-end=\"1419\">IPX7 Su Ge\u00e7irmezlik<\/strong>: Du\u015fta, banyoda veya suda g\u00fcvenle kullan\u0131labilir.<br data-start=\"1469\" data-end=\"1472\" \/>\u26a1 <strong data-start=\"1474\" data-end=\"1497\">H\u0131zl\u0131 \u015earj \u00d6zelli\u011fi<\/strong>:<br data-start=\"1498\" data-end=\"1501\" \/>\ud83d\udd0b <strong data-start=\"1504\" data-end=\"1525\">2 Saatte Tam \u015earj<\/strong> \u2013 K\u0131sa s\u00fcrede \u015farj olup kullan\u0131ma haz\u0131r hale gelir.<br data-start=\"1577\" data-end=\"1580\" \/>\ud83d\udd0b <strong data-start=\"1583\" data-end=\"1616\">60 Dakika Kesintisiz Kullan\u0131m<\/strong> \u2013 Uzun s\u00fcreli ve g\u00fc\u00e7l\u00fc performans sunar.<\/p>\n<h3 data-start=\"1661\" data-end=\"1708\"><strong data-start=\"1665\" data-end=\"1706\">Neden Modern 3 Modlu Rabbit Vibrat\u00f6r?<\/strong><\/h3>\n<p data-start=\"1710\" data-end=\"2103\">\u2714 <strong data-start=\"1712\" data-end=\"1740\">\u015e\u0131k ve Ergonomik Tasar\u0131m<\/strong> \u2013 Hem estetik hem de kullan\u0131m a\u00e7\u0131s\u0131ndan m\u00fckemmel deneyim sunar.<br data-start=\"1804\" data-end=\"1807\" \/>\u2714 <strong data-start=\"1809\" data-end=\"1835\">Farkl\u0131 Mod Se\u00e7enekleri<\/strong> \u2013 Ki\u015fiselle\u015ftirilmi\u015f titre\u015fim modlar\u0131yla her seferinde farkl\u0131 bir deneyim.<br data-start=\"1910\" data-end=\"1913\" \/>\u2714 <strong data-start=\"1915\" data-end=\"1933\">Kolay Kullan\u0131m<\/strong> \u2013 Ergonomik yap\u0131s\u0131 sayesinde rahat\u00e7a tutulur ve kontrol edilir.<br data-start=\"1997\" data-end=\"2000\" \/>\u2714 <strong data-start=\"2002\" data-end=\"2030\">Dayan\u0131kl\u0131 ve Su Ge\u00e7irmez<\/strong> \u2013 IPX7 su ge\u00e7irmezlik \u00f6zelli\u011fi ile her ortamda g\u00fcvenle kullan\u0131labilir.<\/p>\n<h3 data-start=\"2105\" data-end=\"2152\"><strong data-start=\"2109\" data-end=\"2150\">Pembe Tilki Kalitesi ve G\u00fcvencesiyle!<\/strong><\/h3>\n<p data-start=\"2154\" data-end=\"2231\">\ud83d\udd34 <strong data-start=\"2157\" data-end=\"2229\">Ki\u015fisel hijyen \u00fcr\u00fcn\u00fc oldu\u011fu i\u00e7in iade veya de\u011fi\u015fim yap\u0131lamamaktad\u0131r.<\/strong><\/p>\n<p data-start=\"2233\" data-end=\"2313\">\ud83d\ude80 <strong data-start=\"2236\" data-end=\"2311\">Modern 3 Modlu Rabbit Vibrat\u00f6r\u2019\u00fc ke\u015ffedin ve keyfinizi zirveye ta\u015f\u0131y\u0131n!<\/strong><\/p>\n","protected":false},"excerpt":{"rendered":"<p>Modern tasar\u0131m\u0131 ve yenilik\u00e7i teknolojisiyle <strong data-start=\"192\" data-end=\"226\">Modern 3 Modlu Rabbit Vibrat\u00f6r<\/strong>, <strong data-start=\"228\" data-end=\"253\">benzersiz bir deneyim<\/strong> sunarak beklentilerinizi en \u00fcst seviyeye ta\u015f\u0131yor. <strong data-start=\"304\" data-end=\"384\">Ergonomik yap\u0131s\u0131, farkl\u0131 mod se\u00e7enekleri ve y\u00fcksek performansl\u0131 titre\u015fimleri<\/strong> ile ki\u015fisel zamanlar\u0131n\u0131za yepyeni bir boyut kazand\u0131r\u0131n.<\/p>\n","protected":false},"featured_media":19818,"comment_status":"open","ping_status":"closed","template":"","meta":[],"product_brand":[127],"product_cat":[85],"product_tag":[281],"class_list":{"0":"post-19730","1":"product","2":"type-product","3":"status-publish","4":"has-post-thumbnail","6":"product_brand-pembe-tilki","7":"product_cat-modern-vibrator","8":"product_tag-modern-3-modlu-rabbit-vibrator-kirmizi","10":"first","11":"outofstock","12":"taxable","13":"shipping-taxable","14":"purchasable","15":"product-type-simple"},"yoast_head":"<!-- This site is optimized with the Yoast SEO Premium plugin v24.4 (Yoast SEO v27.1.1) - https:\/\/yoast.com\/product\/yoast-seo-premium-wordpress\/ -->\n<title>Modern 3 Modlu Rabbit Vibrator Mor - Bursa Erotik Shop<\/title>\n<meta name=\"robots\" content=\"index, follow, max-snippet:-1, max-image-preview:large, max-video-preview:-1\" \/>\n<link rel=\"canonical\" href=\"https:\/\/hobierotikshop.com.tr\/website1\/erotik-shop-urun\/modern-3-modlu-rabbit-vibrator-mor\/\" \/>\n<meta property=\"og:locale\" content=\"tr_TR\" \/>\n<meta property=\"og:type\" content=\"article\" \/>\n<meta property=\"og:title\" content=\"Modern 3 Modlu Rabbit Vibrator Mor\" \/>\n<meta property=\"og:description\" content=\"Modern tasar\u0131m\u0131 ve yenilik\u00e7i teknolojisiyle Modern 3 Modlu Rabbit Vibrat\u00f6r, benzersiz bir deneyim sunarak beklentilerinizi en \u00fcst seviyeye ta\u015f\u0131yor. Ergonomik yap\u0131s\u0131, farkl\u0131 mod se\u00e7enekleri ve y\u00fcksek performansl\u0131 titre\u015fimleri ile ki\u015fisel zamanlar\u0131n\u0131za yepyeni bir boyut kazand\u0131r\u0131n.\" \/>\n<meta property=\"og:url\" content=\"https:\/\/hobierotikshop.com.tr\/website1\/erotik-shop-urun\/modern-3-modlu-rabbit-vibrator-mor\/\" \/>\n<meta property=\"og:site_name\" content=\"Bursa Erotik Shop\" \/>\n<meta property=\"article:modified_time\" content=\"2026-01-26T12:27:51+00:00\" \/>\n<meta property=\"og:image\" content=\"https:\/\/hobierotikshop.com.tr\/website1\/wp-content\/uploads\/2025\/03\/modern-3-modlu-rabbit-vibrator-mor-3698.jpg\" \/>\n\t<meta property=\"og:image:width\" content=\"1500\" \/>\n\t<meta property=\"og:image:height\" content=\"1500\" \/>\n\t<meta property=\"og:image:type\" content=\"image\/jpeg\" \/>\n<meta name=\"twitter:card\" content=\"summary_large_image\" \/>\n<meta name=\"twitter:site\" content=\"@shopbursa\" \/>\n<meta name=\"twitter:label1\" content=\"Fiyat\" \/>\n\t<meta name=\"twitter:data1\" content=\"&#8378;1.890,00 KDV DAH\u0130L\" \/>\n\t<meta name=\"twitter:label2\" content=\"Availability\" \/>\n\t<meta name=\"twitter:data2\" content=\"Out of stock\" \/>\n<script type=\"application\/ld+json\" class=\"yoast-schema-graph\">{\"@context\":\"https:\/\/schema.org\",\"@graph\":[{\"@type\":\"WebPage\",\"@id\":\"https:\/\/hobierotikshop.com.tr\/website1\/erotik-shop-urun\/modern-3-modlu-rabbit-vibrator-mor\/\",\"url\":\"https:\/\/hobierotikshop.com.tr\/website1\/erotik-shop-urun\/modern-3-modlu-rabbit-vibrator-mor\/\",\"name\":\"Modern 3 Modlu Rabbit Vibrator Mor - Bursa Erotik Shop\",\"isPartOf\":{\"@id\":\"https:\/\/hobierotikshop.com.tr\/website1\/#website\"},\"primaryImageOfPage\":{\"@id\":\"https:\/\/hobierotikshop.com.tr\/website1\/erotik-shop-urun\/modern-3-modlu-rabbit-vibrator-mor\/#primaryimage\"},\"image\":{\"@id\":\"https:\/\/hobierotikshop.com.tr\/website1\/erotik-shop-urun\/modern-3-modlu-rabbit-vibrator-mor\/#primaryimage\"},\"thumbnailUrl\":\"https:\/\/haremerotikshop.com\/site\/wp-content\/uploads\/2025\/03\/modern-3-modlu-rabbit-vibrator-mor-3698.jpg\",\"datePublished\":\"2025-03-17T09:40:33+00:00\",\"dateModified\":\"2026-01-26T12:27:51+00:00\",\"breadcrumb\":{\"@id\":\"https:\/\/hobierotikshop.com.tr\/website1\/erotik-shop-urun\/modern-3-modlu-rabbit-vibrator-mor\/#breadcrumb\"},\"inLanguage\":\"tr\",\"potentialAction\":[{\"@type\":\"ReadAction\",\"target\":[\"https:\/\/hobierotikshop.com.tr\/website1\/erotik-shop-urun\/modern-3-modlu-rabbit-vibrator-mor\/\"]}]},{\"@type\":\"ImageObject\",\"inLanguage\":\"tr\",\"@id\":\"https:\/\/hobierotikshop.com.tr\/website1\/erotik-shop-urun\/modern-3-modlu-rabbit-vibrator-mor\/#primaryimage\",\"url\":\"https:\/\/haremerotikshop.com\/site\/wp-content\/uploads\/2025\/03\/modern-3-modlu-rabbit-vibrator-mor-3698.jpg\",\"contentUrl\":\"https:\/\/haremerotikshop.com\/site\/wp-content\/uploads\/2025\/03\/modern-3-modlu-rabbit-vibrator-mor-3698.jpg\",\"width\":1500,\"height\":1500},{\"@type\":\"BreadcrumbList\",\"@id\":\"https:\/\/hobierotikshop.com.tr\/website1\/erotik-shop-urun\/modern-3-modlu-rabbit-vibrator-mor\/#breadcrumb\",\"itemListElement\":[{\"@type\":\"ListItem\",\"position\":1,\"name\":\"Anasayfa\",\"item\":\"https:\/\/hobierotikshop.com.tr\/website1\/\"},{\"@type\":\"ListItem\",\"position\":2,\"name\":\"Erotik Shop \u00dcr\u00fcnleri\",\"item\":\"https:\/\/hobierotikshop.com.tr\/website1\/shop\/\"},{\"@type\":\"ListItem\",\"position\":3,\"name\":\"Modern 3 Modlu Rabbit Vibrator Mor\"}]},{\"@type\":\"WebSite\",\"@id\":\"https:\/\/hobierotikshop.com.tr\/website1\/#website\",\"url\":\"https:\/\/hobierotikshop.com.tr\/website1\/\",\"name\":\"Bursa Erotik Shop\",\"description\":\"Bursa Erotik Shop ile g\u00fcvenli, gizli ve kaliteli yeti\u015fkin \u00fcr\u00fcnleri al\u0131\u015fveri\u015fi! Geni\u015f \u00fcr\u00fcn yelpazemizi ke\u015ffedin, hemen sipari\u015f verin\",\"publisher\":{\"@id\":\"https:\/\/hobierotikshop.com.tr\/website1\/#organization\"},\"alternateName\":\"Erotik Shop\",\"potentialAction\":[{\"@type\":\"SearchAction\",\"target\":{\"@type\":\"EntryPoint\",\"urlTemplate\":\"https:\/\/hobierotikshop.com.tr\/website1\/?s={search_term_string}\"},\"query-input\":{\"@type\":\"PropertyValueSpecification\",\"valueRequired\":true,\"valueName\":\"search_term_string\"}}],\"inLanguage\":\"tr\"},{\"@type\":\"Organization\",\"@id\":\"https:\/\/hobierotikshop.com.tr\/website1\/#organization\",\"name\":\"Harem Bursa Erotik Shop\",\"url\":\"https:\/\/hobierotikshop.com.tr\/website1\/\",\"logo\":{\"@type\":\"ImageObject\",\"inLanguage\":\"tr\",\"@id\":\"https:\/\/hobierotikshop.com.tr\/website1\/#\/schema\/logo\/image\/\",\"url\":\"https:\/\/haremerotikshop.com\/site\/wp-content\/uploads\/2025\/03\/haremsexshop.png\",\"contentUrl\":\"https:\/\/haremerotikshop.com\/site\/wp-content\/uploads\/2025\/03\/haremsexshop.png\",\"width\":400,\"height\":100,\"caption\":\"Harem Bursa Erotik Shop\"},\"image\":{\"@id\":\"https:\/\/hobierotikshop.com.tr\/website1\/#\/schema\/logo\/image\/\"},\"sameAs\":[\"https:\/\/x.com\/shopbursa\"],\"publishingPrinciples\":\"https:\/\/hobierotikshop.com.tr\/website1\/mesafeli-satis-sozlesmesi\/\",\"ownershipFundingInfo\":\"https:\/\/hobierotikshop.com.tr\/website1\/contact-us\/\",\"actionableFeedbackPolicy\":\"https:\/\/hobierotikshop.com.tr\/website1\/contact-us\/\",\"correctionsPolicy\":\"https:\/\/hobierotikshop.com.tr\/website1\/mesafeli-satis-sozlesmesi\/\"}]}<\/script>\n<meta property=\"product:brand\" content=\"Pembe Tilki\" \/>\n<meta property=\"product:price:amount\" content=\"1890.00\" \/>\n<meta property=\"product:price:currency\" content=\"TRY\" \/>\n<meta property=\"og:availability\" content=\"out of stock\" \/>\n<meta property=\"product:availability\" content=\"out of stock\" \/>\n<meta property=\"product:retailer_item_id\" content=\"PT-DVXA167PRP\" \/>\n<meta property=\"product:condition\" content=\"new\" \/>\n<!-- \/ Yoast SEO Premium plugin. -->","yoast_head_json":{"title":"Modern 3 Modlu Rabbit Vibrator Mor - Bursa Erotik Shop","robots":{"index":"index","follow":"follow","max-snippet":"max-snippet:-1","max-image-preview":"max-image-preview:large","max-video-preview":"max-video-preview:-1"},"canonical":"https:\/\/hobierotikshop.com.tr\/website1\/erotik-shop-urun\/modern-3-modlu-rabbit-vibrator-mor\/","og_locale":"tr_TR","og_type":"article","og_title":"Modern 3 Modlu Rabbit Vibrator Mor","og_description":"Modern tasar\u0131m\u0131 ve yenilik\u00e7i teknolojisiyle Modern 3 Modlu Rabbit Vibrat\u00f6r, benzersiz bir deneyim sunarak beklentilerinizi en \u00fcst seviyeye ta\u015f\u0131yor. Ergonomik yap\u0131s\u0131, farkl\u0131 mod se\u00e7enekleri ve y\u00fcksek performansl\u0131 titre\u015fimleri ile ki\u015fisel zamanlar\u0131n\u0131za yepyeni bir boyut kazand\u0131r\u0131n.","og_url":"https:\/\/hobierotikshop.com.tr\/website1\/erotik-shop-urun\/modern-3-modlu-rabbit-vibrator-mor\/","og_site_name":"Bursa Erotik Shop","article_modified_time":"2026-01-26T12:27:51+00:00","og_image":[{"width":1500,"height":1500,"url":"https:\/\/hobierotikshop.com.tr\/website1\/wp-content\/uploads\/2025\/03\/modern-3-modlu-rabbit-vibrator-mor-3698.jpg","type":"image\/jpeg"}],"twitter_card":"summary_large_image","twitter_site":"@shopbursa","twitter_misc":{"Fiyat":"&#8378;1.890,00 KDV DAH\u0130L","Availability":"Out of stock"},"schema":{"@context":"https:\/\/schema.org","@graph":[{"@type":"WebPage","@id":"https:\/\/hobierotikshop.com.tr\/website1\/erotik-shop-urun\/modern-3-modlu-rabbit-vibrator-mor\/","url":"https:\/\/hobierotikshop.com.tr\/website1\/erotik-shop-urun\/modern-3-modlu-rabbit-vibrator-mor\/","name":"Modern 3 Modlu Rabbit Vibrator Mor - Bursa Erotik Shop","isPartOf":{"@id":"https:\/\/hobierotikshop.com.tr\/website1\/#website"},"primaryImageOfPage":{"@id":"https:\/\/hobierotikshop.com.tr\/website1\/erotik-shop-urun\/modern-3-modlu-rabbit-vibrator-mor\/#primaryimage"},"image":{"@id":"https:\/\/hobierotikshop.com.tr\/website1\/erotik-shop-urun\/modern-3-modlu-rabbit-vibrator-mor\/#primaryimage"},"thumbnailUrl":"https:\/\/haremerotikshop.com\/site\/wp-content\/uploads\/2025\/03\/modern-3-modlu-rabbit-vibrator-mor-3698.jpg","datePublished":"2025-03-17T09:40:33+00:00","dateModified":"2026-01-26T12:27:51+00:00","breadcrumb":{"@id":"https:\/\/hobierotikshop.com.tr\/website1\/erotik-shop-urun\/modern-3-modlu-rabbit-vibrator-mor\/#breadcrumb"},"inLanguage":"tr","potentialAction":[{"@type":"ReadAction","target":["https:\/\/hobierotikshop.com.tr\/website1\/erotik-shop-urun\/modern-3-modlu-rabbit-vibrator-mor\/"]}]},{"@type":"ImageObject","inLanguage":"tr","@id":"https:\/\/hobierotikshop.com.tr\/website1\/erotik-shop-urun\/modern-3-modlu-rabbit-vibrator-mor\/#primaryimage","url":"https:\/\/haremerotikshop.com\/site\/wp-content\/uploads\/2025\/03\/modern-3-modlu-rabbit-vibrator-mor-3698.jpg","contentUrl":"https:\/\/haremerotikshop.com\/site\/wp-content\/uploads\/2025\/03\/modern-3-modlu-rabbit-vibrator-mor-3698.jpg","width":1500,"height":1500},{"@type":"BreadcrumbList","@id":"https:\/\/hobierotikshop.com.tr\/website1\/erotik-shop-urun\/modern-3-modlu-rabbit-vibrator-mor\/#breadcrumb","itemListElement":[{"@type":"ListItem","position":1,"name":"Anasayfa","item":"https:\/\/hobierotikshop.com.tr\/website1\/"},{"@type":"ListItem","position":2,"name":"Erotik Shop \u00dcr\u00fcnleri","item":"https:\/\/hobierotikshop.com.tr\/website1\/shop\/"},{"@type":"ListItem","position":3,"name":"Modern 3 Modlu Rabbit Vibrator Mor"}]},{"@type":"WebSite","@id":"https:\/\/hobierotikshop.com.tr\/website1\/#website","url":"https:\/\/hobierotikshop.com.tr\/website1\/","name":"Bursa Erotik Shop","description":"Bursa Erotik Shop ile g\u00fcvenli, gizli ve kaliteli yeti\u015fkin \u00fcr\u00fcnleri al\u0131\u015fveri\u015fi! Geni\u015f \u00fcr\u00fcn yelpazemizi ke\u015ffedin, hemen sipari\u015f verin","publisher":{"@id":"https:\/\/hobierotikshop.com.tr\/website1\/#organization"},"alternateName":"Erotik Shop","potentialAction":[{"@type":"SearchAction","target":{"@type":"EntryPoint","urlTemplate":"https:\/\/hobierotikshop.com.tr\/website1\/?s={search_term_string}"},"query-input":{"@type":"PropertyValueSpecification","valueRequired":true,"valueName":"search_term_string"}}],"inLanguage":"tr"},{"@type":"Organization","@id":"https:\/\/hobierotikshop.com.tr\/website1\/#organization","name":"Harem Bursa Erotik Shop","url":"https:\/\/hobierotikshop.com.tr\/website1\/","logo":{"@type":"ImageObject","inLanguage":"tr","@id":"https:\/\/hobierotikshop.com.tr\/website1\/#\/schema\/logo\/image\/","url":"https:\/\/haremerotikshop.com\/site\/wp-content\/uploads\/2025\/03\/haremsexshop.png","contentUrl":"https:\/\/haremerotikshop.com\/site\/wp-content\/uploads\/2025\/03\/haremsexshop.png","width":400,"height":100,"caption":"Harem Bursa Erotik Shop"},"image":{"@id":"https:\/\/hobierotikshop.com.tr\/website1\/#\/schema\/logo\/image\/"},"sameAs":["https:\/\/x.com\/shopbursa"],"publishingPrinciples":"https:\/\/hobierotikshop.com.tr\/website1\/mesafeli-satis-sozlesmesi\/","ownershipFundingInfo":"https:\/\/hobierotikshop.com.tr\/website1\/contact-us\/","actionableFeedbackPolicy":"https:\/\/hobierotikshop.com.tr\/website1\/contact-us\/","correctionsPolicy":"https:\/\/hobierotikshop.com.tr\/website1\/mesafeli-satis-sozlesmesi\/"}]},"product_brand":"Pembe Tilki","product_price_amount":"1890.00","product_price_currency":"TRY","og_availability":"out of stock","product_availability":"out of stock","product_retailer_item_id":"PT-DVXA167PRP","product_condition":"new"},"_links":{"self":[{"href":"https:\/\/haremerotikshop.com\/site\/wp-json\/wp\/v2\/product\/19730","targetHints":{"allow":["GET"]}}],"collection":[{"href":"https:\/\/haremerotikshop.com\/site\/wp-json\/wp\/v2\/product"}],"about":[{"href":"https:\/\/haremerotikshop.com\/site\/wp-json\/wp\/v2\/types\/product"}],"replies":[{"embeddable":true,"href":"https:\/\/haremerotikshop.com\/site\/wp-json\/wp\/v2\/comments?post=19730"}],"version-history":[{"count":0,"href":"https:\/\/haremerotikshop.com\/site\/wp-json\/wp\/v2\/product\/19730\/revisions"}],"wp:featuredmedia":[{"embeddable":true,"href":"https:\/\/haremerotikshop.com\/site\/wp-json\/wp\/v2\/media\/19818"}],"wp:attachment":[{"href":"https:\/\/haremerotikshop.com\/site\/wp-json\/wp\/v2\/media?parent=19730"}],"wp:term":[{"taxonomy":"product_brand","embeddable":true,"href":"https:\/\/haremerotikshop.com\/site\/wp-json\/wp\/v2\/product_brand?post=19730"},{"taxonomy":"product_cat","embeddable":true,"href":"https:\/\/haremerotikshop.com\/site\/wp-json\/wp\/v2\/product_cat?post=19730"},{"taxonomy":"product_tag","embeddable":true,"href":"https:\/\/haremerotikshop.com\/site\/wp-json\/wp\/v2\/product_tag?post=19730"}],"curies":[{"name":"wp","href":"https:\/\/api.w.org\/{rel}","templated":true}]}}