{"id":20057,"date":"2025-03-17T12:47:26","date_gmt":"2025-03-17T09:47:26","guid":{"rendered":"https:\/\/haremerotikshop.com\/site\/?post_type=product&#038;p=20057"},"modified":"2026-01-26T15:21:56","modified_gmt":"2026-01-26T12:21:56","slug":"emisli-ayicik-vibrator-pembe","status":"publish","type":"product","link":"https:\/\/haremerotikshop.com\/site\/erotik-shop-urun\/emisli-ayicik-vibrator-pembe\/","title":{"rendered":"Emi\u015fli Ay\u0131c\u0131k Vibrat\u00f6r Pembe"},"content":{"rendered":"<p data-start=\"0\" data-end=\"61\"><strong data-start=\"0\" data-end=\"61\">Emi\u015fli Ay\u0131c\u0131k Vibrat\u00f6r: Y\u00fcksek Hazz\u0131n Kap\u0131lar\u0131n\u0131 Aralay\u0131n<\/strong><\/p>\n<p data-start=\"63\" data-end=\"471\"><strong data-start=\"63\" data-end=\"89\">Emi\u015fli Ay\u0131c\u0131k Vibrat\u00f6r<\/strong>, \u015f\u0131k ve ergonomik tasar\u0131m\u0131 ile hem g\u00f6rsel hem de fonksiyonel anlamda sizi tatmin edecek bir deneyim sunar. Kompakt boyutlar\u0131 ve g\u00fc\u00e7l\u00fc performans\u0131 sayesinde, <strong data-start=\"247\" data-end=\"269\">ba\u015flang\u0131\u00e7 seviyesi<\/strong> kullan\u0131c\u0131lar i\u00e7in ideal oldu\u011fu gibi, <strong data-start=\"307\" data-end=\"320\">deneyimli<\/strong> kullan\u0131c\u0131lar\u0131n beklentilerini de fazlas\u0131yla kar\u015f\u0131lar. Y\u00fcksek emi\u015f g\u00fcc\u00fc ve \u00e7ok y\u00f6nl\u00fc kullan\u0131m\u0131yla, size farkl\u0131 zevk noktalar\u0131n\u0131 ke\u015ffetme f\u0131rsat\u0131 tan\u0131r.<\/p>\n<hr data-start=\"473\" data-end=\"476\" \/>\n<h3 data-start=\"478\" data-end=\"507\"><strong data-start=\"482\" data-end=\"507\">\u00d6ne \u00c7\u0131kan \u00d6zellikler:<\/strong><\/h3>\n<h4 data-start=\"509\" data-end=\"547\"><strong data-start=\"514\" data-end=\"547\">Ergonomik ve Kompakt Tasar\u0131m:<\/strong><\/h4>\n<ul data-start=\"548\" data-end=\"795\">\n<li data-start=\"548\" data-end=\"795\"><strong data-start=\"550\" data-end=\"563\">Boyutlar:<\/strong> 9,8 cm uzunluk ve 3,8 cm kal\u0131nl\u0131k ile <strong data-start=\"602\" data-end=\"628\">kompakt ve ta\u015f\u0131nabilir<\/strong> boyutlar\u0131 sayesinde her an yan\u0131n\u0131zda ta\u015f\u0131yabilir ve her yerde keyifli anlar ya\u015fayabilirsiniz. \u015e\u0131k tasar\u0131m\u0131 hem estetik hem de fonksiyonel \u00f6zellikleriyle dikkat \u00e7eker.<\/li>\n<\/ul>\n<h4 data-start=\"797\" data-end=\"847\"><strong data-start=\"802\" data-end=\"847\">Y\u00fcksek Emi\u015f G\u00fcc\u00fc ve Klitoral Stim\u00fclasyon:<\/strong><\/h4>\n<ul data-start=\"848\" data-end=\"1074\">\n<li data-start=\"848\" data-end=\"1074\"><strong data-start=\"850\" data-end=\"874\">Benzersiz Emi\u015f G\u00fcc\u00fc:<\/strong> Emi\u015f g\u00fcc\u00fc sayesinde, <strong data-start=\"896\" data-end=\"920\">klitoral stim\u00fclasyon<\/strong> sa\u011flar ve her kullan\u0131mda e\u015fsiz bir haz deneyimi sunar. Bu g\u00fc\u00e7l\u00fc emi\u015f etkisi, zevkinizi \u00f6zelle\u015ftirmenize ve her an\u0131 tamamen kontrol etmenize olanak tan\u0131r.<\/li>\n<\/ul>\n<h4 data-start=\"1076\" data-end=\"1102\"><strong data-start=\"1081\" data-end=\"1102\">G\u00f6\u011f\u00fcs Ucu Masaj\u0131:<\/strong><\/h4>\n<ul data-start=\"1103\" data-end=\"1319\">\n<li data-start=\"1103\" data-end=\"1319\"><strong data-start=\"1105\" data-end=\"1134\">Hassas ve Etkili Dokunu\u015f:<\/strong> Emi\u015f g\u00fcc\u00fc, <strong data-start=\"1146\" data-end=\"1166\">g\u00f6\u011f\u00fcs ucu masaj\u0131<\/strong> yaparak rahatlat\u0131c\u0131 ve uyar\u0131c\u0131 bir deneyim sunar. \u015e\u0131k ve pratik yap\u0131s\u0131 sayesinde, v\u00fccudunuzu ke\u015ffederek farkl\u0131 erojen b\u00f6lgelerde maksimum tatmin sa\u011flar.<\/li>\n<\/ul>\n<h4 data-start=\"1321\" data-end=\"1350\"><strong data-start=\"1326\" data-end=\"1350\">Su Ge\u00e7irmez Tasar\u0131m:<\/strong><\/h4>\n<ul data-start=\"1351\" data-end=\"1601\">\n<li data-start=\"1351\" data-end=\"1601\"><strong data-start=\"1353\" data-end=\"1386\">IPX5 Sertifikal\u0131 Su Ge\u00e7irmez:<\/strong> Su s\u0131\u00e7ramalar\u0131na kar\u015f\u0131 dayan\u0131kl\u0131 olan bu vibrat\u00f6r, <strong data-start=\"1438\" data-end=\"1458\">\u0131slak ortamlarda<\/strong> g\u00fcvenle kullan\u0131labilir. Su ge\u00e7irmezli\u011fi, temizlik konusunda b\u00fcy\u00fck kolayl\u0131k sa\u011flar ve banyo gibi ortamlarda diledi\u011finiz gibi kullanabilirsiniz.<\/li>\n<\/ul>\n<h4 data-start=\"1603\" data-end=\"1636\"><strong data-start=\"1608\" data-end=\"1636\">Sessiz \u00c7al\u0131\u015fma \u00d6zelli\u011fi:<\/strong><\/h4>\n<ul data-start=\"1637\" data-end=\"1822\">\n<li data-start=\"1637\" data-end=\"1822\"><strong data-start=\"1639\" data-end=\"1662\">D\u00fc\u015f\u00fck Ses Seviyesi:<\/strong> <strong data-start=\"1663\" data-end=\"1680\">50 dB alt\u0131nda<\/strong> ses seviyesi ile, neredeyse f\u0131s\u0131lt\u0131 kadar sessiz \u00e7al\u0131\u015f\u0131r. Mahremiyetinize sayg\u0131 g\u00f6sterir ve gizlili\u011finizi bozmadan rahat\u00e7a kullanabilirsiniz.<\/li>\n<\/ul>\n<h4 data-start=\"1824\" data-end=\"1854\"><strong data-start=\"1829\" data-end=\"1854\">Uzun S\u00fcreli Kullan\u0131m:<\/strong><\/h4>\n<ul data-start=\"1855\" data-end=\"2061\">\n<li data-start=\"1855\" data-end=\"2061\"><strong data-start=\"1857\" data-end=\"1893\">90 Dakika Kesintisiz Performans:<\/strong> <strong data-start=\"1894\" data-end=\"1907\">Tam dolum<\/strong> ile <strong data-start=\"1912\" data-end=\"1937\">2 saatlik \u015farj s\u00fcresi<\/strong> sa\u011flan\u0131rken, <strong data-start=\"1951\" data-end=\"1994\">90 dakika boyunca kesintisiz performans<\/strong> sa\u011flar. B\u00f6ylece uzun s\u00fcreli ve sorunsuz kullan\u0131m keyfi ya\u015fars\u0131n\u0131z.<\/li>\n<\/ul>\n<hr data-start=\"2063\" data-end=\"2066\" \/>\n<h3 data-start=\"2068\" data-end=\"2103\"><strong data-start=\"2072\" data-end=\"2103\">Kullan\u0131c\u0131 Dostu \u00d6zellikler:<\/strong><\/h3>\n<ul data-start=\"2105\" data-end=\"2506\">\n<li data-start=\"2105\" data-end=\"2320\">\n<p data-start=\"2107\" data-end=\"2320\"><strong data-start=\"2107\" data-end=\"2126\">Ta\u015f\u0131nabilirlik:<\/strong> Kompakt boyutlar\u0131 ile her yere kolayca ta\u015f\u0131yabilir, istedi\u011finiz her ortamda kullan\u0131m kolayl\u0131\u011f\u0131 sa\u011flayabilirsiniz. Seyahatlerde veya hareket halindeyken de rahatl\u0131kla yan\u0131n\u0131zda ta\u015f\u0131yabilirsiniz.<\/p>\n<\/li>\n<li data-start=\"2324\" data-end=\"2506\">\n<p data-start=\"2326\" data-end=\"2506\"><strong data-start=\"2326\" data-end=\"2345\">Kolay Temizlik:<\/strong> Su ge\u00e7irmez tasar\u0131m sayesinde <strong data-start=\"2376\" data-end=\"2402\">kolayca temizlenebilir<\/strong>. Hijyenik ve g\u00fcvenli bir deneyim i\u00e7in yaln\u0131zca \u0131l\u0131k su ve sabun ile h\u0131zl\u0131ca temizli\u011fini yapabilirsiniz.<\/p>\n<\/li>\n<\/ul>\n<hr data-start=\"2508\" data-end=\"2511\" \/>\n<h3 data-start=\"2513\" data-end=\"2550\"><strong data-start=\"2517\" data-end=\"2550\">Neden Emi\u015fli Ay\u0131c\u0131k Vibrat\u00f6r?<\/strong><\/h3>\n<ol data-start=\"2552\" data-end=\"3472\">\n<li data-start=\"2552\" data-end=\"2759\">\n<p data-start=\"2555\" data-end=\"2759\"><strong data-start=\"2555\" data-end=\"2576\">Y\u00fcksek Emi\u015f G\u00fcc\u00fc:<\/strong> <strong data-start=\"2577\" data-end=\"2601\">Klitoral stim\u00fclasyon<\/strong> sa\u011flayarak yo\u011fun ve unutulmaz bir haz deneyimi sunar. Ayr\u0131ca <strong data-start=\"2663\" data-end=\"2683\">g\u00f6\u011f\u00fcs ucu masaj\u0131<\/strong> ile farkl\u0131 erojen b\u00f6lgelerde de tatmin edici sonu\u00e7lar elde etmenizi sa\u011flar.<\/p>\n<\/li>\n<li data-start=\"2761\" data-end=\"2966\">\n<p data-start=\"2764\" data-end=\"2966\"><strong data-start=\"2764\" data-end=\"2790\">Su Ge\u00e7irmez ve Sessiz:<\/strong> <strong data-start=\"2791\" data-end=\"2806\">Su ge\u00e7irmez<\/strong> \u00f6zellik sayesinde du\u015fta veya banyo gibi ortamlar\u0131n\u0131zda da g\u00fcvenle kullanabilirsiniz. Ayr\u0131ca, d\u00fc\u015f\u00fck ses seviyesi ile gizlilik ve mahremiyetinize sayg\u0131 g\u00f6sterir.<\/p>\n<\/li>\n<li data-start=\"2968\" data-end=\"3164\">\n<p data-start=\"2971\" data-end=\"3164\"><strong data-start=\"2971\" data-end=\"2998\">Kompakt ve Ta\u015f\u0131nabilir:<\/strong> K\u00fc\u00e7\u00fck boyutlar\u0131 sayesinde her zaman ve her yerde kolayca ta\u015f\u0131nabilir. B\u00f6ylece diledi\u011finiz her an, istedi\u011finiz yerde e\u011flenceli ve tatmin edici bir deneyim ya\u015fars\u0131n\u0131z.<\/p>\n<\/li>\n<li data-start=\"3166\" data-end=\"3337\">\n<p data-start=\"3169\" data-end=\"3337\"><strong data-start=\"3169\" data-end=\"3208\">Kolay \u015earj ve Uzun S\u00fcreli Kullan\u0131m:<\/strong> Sadece <strong data-start=\"3216\" data-end=\"3241\">2 saatlik \u015farj s\u00fcresi<\/strong> ile <strong data-start=\"3246\" data-end=\"3279\">90 dakika kesintisiz kullan\u0131m<\/strong> sa\u011flar, b\u00f6ylece sorunsuz ve uzun s\u00fcreli performans sunar.<\/p>\n<\/li>\n<li data-start=\"3339\" data-end=\"3472\">\n<p data-start=\"3342\" data-end=\"3472\"><strong data-start=\"3342\" data-end=\"3377\">Kullan\u0131c\u0131 Dostu ve \u015e\u0131k Tasar\u0131m:<\/strong> <strong data-start=\"3378\" data-end=\"3401\">Ergonomik ve modern<\/strong> tasar\u0131m\u0131 sayesinde, kullan\u0131m s\u0131ras\u0131nda maksimum konfor ve zevk sa\u011flar.<\/p>\n<\/li>\n<\/ol>\n<hr data-start=\"3474\" data-end=\"3477\" \/>\n<p data-start=\"3479\" data-end=\"3830\" data-is-last-node=\"\" data-is-only-node=\"\"><strong data-start=\"3479\" data-end=\"3509\">Hemen Deneyin ve Ke\u015ffedin!<\/strong> <strong data-start=\"3510\" data-end=\"3536\">Emi\u015fli Ay\u0131c\u0131k Vibrat\u00f6r<\/strong>, \u015f\u0131k tasar\u0131m\u0131, g\u00fc\u00e7l\u00fc emi\u015f g\u00fcc\u00fc ve ta\u015f\u0131nabilirli\u011fi ile her kullan\u0131mda unutulmaz anlar ya\u015faman\u0131z\u0131 sa\u011flar. <strong data-start=\"3641\" data-end=\"3664\">Su ge\u00e7irmez \u00f6zellik<\/strong>, <strong data-start=\"3666\" data-end=\"3684\">sessiz \u00e7al\u0131\u015fma<\/strong> ve <strong data-start=\"3688\" data-end=\"3706\">kolay temizlik<\/strong> gibi avantajlar\u0131yla her zaman konforlu ve g\u00fcvenli bir deneyim sunar. Siz de \u015fimdi ke\u015ffe \u00e7\u0131k\u0131n ve keyfinizi zirveye ta\u015f\u0131y\u0131n!<\/p>\n","protected":false},"excerpt":{"rendered":"<p><strong data-start=\"63\" data-end=\"89\">Emi\u015fli Ay\u0131c\u0131k Vibrat\u00f6r<\/strong>, \u015f\u0131k ve ergonomik tasar\u0131m\u0131 ile hem g\u00f6rsel hem de fonksiyonel anlamda sizi tatmin edecek bir deneyim sunar. Kompakt boyutlar\u0131 ve g\u00fc\u00e7l\u00fc performans\u0131 sayesinde, <strong data-start=\"247\" data-end=\"269\">ba\u015flang\u0131\u00e7 seviyesi<\/strong> kullan\u0131c\u0131lar i\u00e7in ideal oldu\u011fu gibi, <strong data-start=\"307\" data-end=\"320\">deneyimli<\/strong> kullan\u0131c\u0131lar\u0131n beklentilerini de fazlas\u0131yla kar\u015f\u0131lar. Y\u00fcksek emi\u015f g\u00fcc\u00fc ve \u00e7ok y\u00f6nl\u00fc kullan\u0131m\u0131yla, size farkl\u0131 zevk noktalar\u0131n\u0131 ke\u015ffetme f\u0131rsat\u0131 tan\u0131r.<\/p>\n","protected":false},"featured_media":20136,"comment_status":"open","ping_status":"closed","template":"","meta":[],"product_brand":[127],"product_cat":[85],"product_tag":[392],"class_list":{"0":"post-20057","1":"product","2":"type-product","3":"status-publish","4":"has-post-thumbnail","6":"product_brand-pembe-tilki","7":"product_cat-modern-vibrator","8":"product_tag-emisli-ayicik-vibrator-pembe","10":"first","11":"instock","12":"taxable","13":"shipping-taxable","14":"purchasable","15":"product-type-simple"},"yoast_head":"<!-- This site is optimized with the Yoast SEO Premium plugin v24.4 (Yoast SEO v27.1.1) - https:\/\/yoast.com\/product\/yoast-seo-premium-wordpress\/ -->\n<title>Emi\u015fli Ay\u0131c\u0131k Vibrat\u00f6r Pembe - Bursa Erotik Shop<\/title>\n<meta name=\"robots\" content=\"index, follow, max-snippet:-1, max-image-preview:large, max-video-preview:-1\" \/>\n<link rel=\"canonical\" href=\"https:\/\/hobierotikshop.com.tr\/website1\/erotik-shop-urun\/emisli-ayicik-vibrator-pembe\/\" \/>\n<meta property=\"og:locale\" content=\"tr_TR\" \/>\n<meta property=\"og:type\" content=\"article\" \/>\n<meta property=\"og:title\" content=\"Emi\u015fli Ay\u0131c\u0131k Vibrat\u00f6r Pembe\" \/>\n<meta property=\"og:description\" content=\"Emi\u015fli Ay\u0131c\u0131k Vibrat\u00f6r, \u015f\u0131k ve ergonomik tasar\u0131m\u0131 ile hem g\u00f6rsel hem de fonksiyonel anlamda sizi tatmin edecek bir deneyim sunar. Kompakt boyutlar\u0131 ve g\u00fc\u00e7l\u00fc performans\u0131 sayesinde, ba\u015flang\u0131\u00e7 seviyesi kullan\u0131c\u0131lar i\u00e7in ideal oldu\u011fu gibi, deneyimli kullan\u0131c\u0131lar\u0131n beklentilerini de fazlas\u0131yla kar\u015f\u0131lar. Y\u00fcksek emi\u015f g\u00fcc\u00fc ve \u00e7ok y\u00f6nl\u00fc kullan\u0131m\u0131yla, size farkl\u0131 zevk noktalar\u0131n\u0131 ke\u015ffetme f\u0131rsat\u0131 tan\u0131r.\" \/>\n<meta property=\"og:url\" content=\"https:\/\/hobierotikshop.com.tr\/website1\/erotik-shop-urun\/emisli-ayicik-vibrator-pembe\/\" \/>\n<meta property=\"og:site_name\" content=\"Bursa Erotik Shop\" \/>\n<meta property=\"article:modified_time\" content=\"2026-01-26T12:21:56+00:00\" \/>\n<meta property=\"og:image\" content=\"https:\/\/hobierotikshop.com.tr\/website1\/wp-content\/uploads\/2025\/03\/emisli-ayicik-vibrator-pembe-1912.jpg\" \/>\n\t<meta property=\"og:image:width\" content=\"1500\" \/>\n\t<meta property=\"og:image:height\" content=\"1500\" \/>\n\t<meta property=\"og:image:type\" content=\"image\/jpeg\" \/>\n<meta name=\"twitter:card\" content=\"summary_large_image\" \/>\n<meta name=\"twitter:site\" content=\"@shopbursa\" \/>\n<meta name=\"twitter:label1\" content=\"Fiyat\" \/>\n\t<meta name=\"twitter:data1\" content=\"&#8378;1.500,00 KDV DAH\u0130L\" \/>\n\t<meta name=\"twitter:label2\" content=\"Availability\" \/>\n\t<meta name=\"twitter:data2\" content=\"In stock\" \/>\n<script type=\"application\/ld+json\" class=\"yoast-schema-graph\">{\"@context\":\"https:\/\/schema.org\",\"@graph\":[{\"@type\":\"WebPage\",\"@id\":\"https:\/\/hobierotikshop.com.tr\/website1\/erotik-shop-urun\/emisli-ayicik-vibrator-pembe\/\",\"url\":\"https:\/\/hobierotikshop.com.tr\/website1\/erotik-shop-urun\/emisli-ayicik-vibrator-pembe\/\",\"name\":\"Emi\u015fli Ay\u0131c\u0131k Vibrat\u00f6r Pembe - Bursa Erotik Shop\",\"isPartOf\":{\"@id\":\"https:\/\/hobierotikshop.com.tr\/website1\/#website\"},\"primaryImageOfPage\":{\"@id\":\"https:\/\/hobierotikshop.com.tr\/website1\/erotik-shop-urun\/emisli-ayicik-vibrator-pembe\/#primaryimage\"},\"image\":{\"@id\":\"https:\/\/hobierotikshop.com.tr\/website1\/erotik-shop-urun\/emisli-ayicik-vibrator-pembe\/#primaryimage\"},\"thumbnailUrl\":\"https:\/\/haremerotikshop.com\/site\/wp-content\/uploads\/2025\/03\/emisli-ayicik-vibrator-pembe-1912.jpg\",\"datePublished\":\"2025-03-17T09:47:26+00:00\",\"dateModified\":\"2026-01-26T12:21:56+00:00\",\"breadcrumb\":{\"@id\":\"https:\/\/hobierotikshop.com.tr\/website1\/erotik-shop-urun\/emisli-ayicik-vibrator-pembe\/#breadcrumb\"},\"inLanguage\":\"tr\",\"potentialAction\":[{\"@type\":\"ReadAction\",\"target\":[\"https:\/\/hobierotikshop.com.tr\/website1\/erotik-shop-urun\/emisli-ayicik-vibrator-pembe\/\"]}]},{\"@type\":\"ImageObject\",\"inLanguage\":\"tr\",\"@id\":\"https:\/\/hobierotikshop.com.tr\/website1\/erotik-shop-urun\/emisli-ayicik-vibrator-pembe\/#primaryimage\",\"url\":\"https:\/\/haremerotikshop.com\/site\/wp-content\/uploads\/2025\/03\/emisli-ayicik-vibrator-pembe-1912.jpg\",\"contentUrl\":\"https:\/\/haremerotikshop.com\/site\/wp-content\/uploads\/2025\/03\/emisli-ayicik-vibrator-pembe-1912.jpg\",\"width\":1500,\"height\":1500},{\"@type\":\"BreadcrumbList\",\"@id\":\"https:\/\/hobierotikshop.com.tr\/website1\/erotik-shop-urun\/emisli-ayicik-vibrator-pembe\/#breadcrumb\",\"itemListElement\":[{\"@type\":\"ListItem\",\"position\":1,\"name\":\"Anasayfa\",\"item\":\"https:\/\/hobierotikshop.com.tr\/website1\/\"},{\"@type\":\"ListItem\",\"position\":2,\"name\":\"Erotik Shop \u00dcr\u00fcnleri\",\"item\":\"https:\/\/hobierotikshop.com.tr\/website1\/shop\/\"},{\"@type\":\"ListItem\",\"position\":3,\"name\":\"Emi\u015fli Ay\u0131c\u0131k Vibrat\u00f6r Pembe\"}]},{\"@type\":\"WebSite\",\"@id\":\"https:\/\/hobierotikshop.com.tr\/website1\/#website\",\"url\":\"https:\/\/hobierotikshop.com.tr\/website1\/\",\"name\":\"Bursa Erotik Shop\",\"description\":\"Bursa Erotik Shop ile g\u00fcvenli, gizli ve kaliteli yeti\u015fkin \u00fcr\u00fcnleri al\u0131\u015fveri\u015fi! Geni\u015f \u00fcr\u00fcn yelpazemizi ke\u015ffedin, hemen sipari\u015f verin\",\"publisher\":{\"@id\":\"https:\/\/hobierotikshop.com.tr\/website1\/#organization\"},\"alternateName\":\"Erotik Shop\",\"potentialAction\":[{\"@type\":\"SearchAction\",\"target\":{\"@type\":\"EntryPoint\",\"urlTemplate\":\"https:\/\/hobierotikshop.com.tr\/website1\/?s={search_term_string}\"},\"query-input\":{\"@type\":\"PropertyValueSpecification\",\"valueRequired\":true,\"valueName\":\"search_term_string\"}}],\"inLanguage\":\"tr\"},{\"@type\":\"Organization\",\"@id\":\"https:\/\/hobierotikshop.com.tr\/website1\/#organization\",\"name\":\"Harem Bursa Erotik Shop\",\"url\":\"https:\/\/hobierotikshop.com.tr\/website1\/\",\"logo\":{\"@type\":\"ImageObject\",\"inLanguage\":\"tr\",\"@id\":\"https:\/\/hobierotikshop.com.tr\/website1\/#\/schema\/logo\/image\/\",\"url\":\"https:\/\/haremerotikshop.com\/site\/wp-content\/uploads\/2025\/03\/haremsexshop.png\",\"contentUrl\":\"https:\/\/haremerotikshop.com\/site\/wp-content\/uploads\/2025\/03\/haremsexshop.png\",\"width\":400,\"height\":100,\"caption\":\"Harem Bursa Erotik Shop\"},\"image\":{\"@id\":\"https:\/\/hobierotikshop.com.tr\/website1\/#\/schema\/logo\/image\/\"},\"sameAs\":[\"https:\/\/x.com\/shopbursa\"],\"publishingPrinciples\":\"https:\/\/hobierotikshop.com.tr\/website1\/mesafeli-satis-sozlesmesi\/\",\"ownershipFundingInfo\":\"https:\/\/hobierotikshop.com.tr\/website1\/contact-us\/\",\"actionableFeedbackPolicy\":\"https:\/\/hobierotikshop.com.tr\/website1\/contact-us\/\",\"correctionsPolicy\":\"https:\/\/hobierotikshop.com.tr\/website1\/mesafeli-satis-sozlesmesi\/\"}]}<\/script>\n<meta property=\"product:brand\" content=\"Pembe Tilki\" \/>\n<meta property=\"product:price:amount\" content=\"1500.00\" \/>\n<meta property=\"product:price:currency\" content=\"TRY\" \/>\n<meta property=\"og:availability\" content=\"instock\" \/>\n<meta property=\"product:availability\" content=\"instock\" \/>\n<meta property=\"product:retailer_item_id\" content=\"PT-DVXA433PNK\" \/>\n<meta property=\"product:condition\" content=\"new\" \/>\n<!-- \/ Yoast SEO Premium plugin. -->","yoast_head_json":{"title":"Emi\u015fli Ay\u0131c\u0131k Vibrat\u00f6r Pembe - Bursa Erotik Shop","robots":{"index":"index","follow":"follow","max-snippet":"max-snippet:-1","max-image-preview":"max-image-preview:large","max-video-preview":"max-video-preview:-1"},"canonical":"https:\/\/hobierotikshop.com.tr\/website1\/erotik-shop-urun\/emisli-ayicik-vibrator-pembe\/","og_locale":"tr_TR","og_type":"article","og_title":"Emi\u015fli Ay\u0131c\u0131k Vibrat\u00f6r Pembe","og_description":"Emi\u015fli Ay\u0131c\u0131k Vibrat\u00f6r, \u015f\u0131k ve ergonomik tasar\u0131m\u0131 ile hem g\u00f6rsel hem de fonksiyonel anlamda sizi tatmin edecek bir deneyim sunar. Kompakt boyutlar\u0131 ve g\u00fc\u00e7l\u00fc performans\u0131 sayesinde, ba\u015flang\u0131\u00e7 seviyesi kullan\u0131c\u0131lar i\u00e7in ideal oldu\u011fu gibi, deneyimli kullan\u0131c\u0131lar\u0131n beklentilerini de fazlas\u0131yla kar\u015f\u0131lar. Y\u00fcksek emi\u015f g\u00fcc\u00fc ve \u00e7ok y\u00f6nl\u00fc kullan\u0131m\u0131yla, size farkl\u0131 zevk noktalar\u0131n\u0131 ke\u015ffetme f\u0131rsat\u0131 tan\u0131r.","og_url":"https:\/\/hobierotikshop.com.tr\/website1\/erotik-shop-urun\/emisli-ayicik-vibrator-pembe\/","og_site_name":"Bursa Erotik Shop","article_modified_time":"2026-01-26T12:21:56+00:00","og_image":[{"width":1500,"height":1500,"url":"https:\/\/hobierotikshop.com.tr\/website1\/wp-content\/uploads\/2025\/03\/emisli-ayicik-vibrator-pembe-1912.jpg","type":"image\/jpeg"}],"twitter_card":"summary_large_image","twitter_site":"@shopbursa","twitter_misc":{"Fiyat":"&#8378;1.500,00 KDV DAH\u0130L","Availability":"In stock"},"schema":{"@context":"https:\/\/schema.org","@graph":[{"@type":"WebPage","@id":"https:\/\/hobierotikshop.com.tr\/website1\/erotik-shop-urun\/emisli-ayicik-vibrator-pembe\/","url":"https:\/\/hobierotikshop.com.tr\/website1\/erotik-shop-urun\/emisli-ayicik-vibrator-pembe\/","name":"Emi\u015fli Ay\u0131c\u0131k Vibrat\u00f6r Pembe - Bursa Erotik Shop","isPartOf":{"@id":"https:\/\/hobierotikshop.com.tr\/website1\/#website"},"primaryImageOfPage":{"@id":"https:\/\/hobierotikshop.com.tr\/website1\/erotik-shop-urun\/emisli-ayicik-vibrator-pembe\/#primaryimage"},"image":{"@id":"https:\/\/hobierotikshop.com.tr\/website1\/erotik-shop-urun\/emisli-ayicik-vibrator-pembe\/#primaryimage"},"thumbnailUrl":"https:\/\/haremerotikshop.com\/site\/wp-content\/uploads\/2025\/03\/emisli-ayicik-vibrator-pembe-1912.jpg","datePublished":"2025-03-17T09:47:26+00:00","dateModified":"2026-01-26T12:21:56+00:00","breadcrumb":{"@id":"https:\/\/hobierotikshop.com.tr\/website1\/erotik-shop-urun\/emisli-ayicik-vibrator-pembe\/#breadcrumb"},"inLanguage":"tr","potentialAction":[{"@type":"ReadAction","target":["https:\/\/hobierotikshop.com.tr\/website1\/erotik-shop-urun\/emisli-ayicik-vibrator-pembe\/"]}]},{"@type":"ImageObject","inLanguage":"tr","@id":"https:\/\/hobierotikshop.com.tr\/website1\/erotik-shop-urun\/emisli-ayicik-vibrator-pembe\/#primaryimage","url":"https:\/\/haremerotikshop.com\/site\/wp-content\/uploads\/2025\/03\/emisli-ayicik-vibrator-pembe-1912.jpg","contentUrl":"https:\/\/haremerotikshop.com\/site\/wp-content\/uploads\/2025\/03\/emisli-ayicik-vibrator-pembe-1912.jpg","width":1500,"height":1500},{"@type":"BreadcrumbList","@id":"https:\/\/hobierotikshop.com.tr\/website1\/erotik-shop-urun\/emisli-ayicik-vibrator-pembe\/#breadcrumb","itemListElement":[{"@type":"ListItem","position":1,"name":"Anasayfa","item":"https:\/\/hobierotikshop.com.tr\/website1\/"},{"@type":"ListItem","position":2,"name":"Erotik Shop \u00dcr\u00fcnleri","item":"https:\/\/hobierotikshop.com.tr\/website1\/shop\/"},{"@type":"ListItem","position":3,"name":"Emi\u015fli Ay\u0131c\u0131k Vibrat\u00f6r Pembe"}]},{"@type":"WebSite","@id":"https:\/\/hobierotikshop.com.tr\/website1\/#website","url":"https:\/\/hobierotikshop.com.tr\/website1\/","name":"Bursa Erotik Shop","description":"Bursa Erotik Shop ile g\u00fcvenli, gizli ve kaliteli yeti\u015fkin \u00fcr\u00fcnleri al\u0131\u015fveri\u015fi! Geni\u015f \u00fcr\u00fcn yelpazemizi ke\u015ffedin, hemen sipari\u015f verin","publisher":{"@id":"https:\/\/hobierotikshop.com.tr\/website1\/#organization"},"alternateName":"Erotik Shop","potentialAction":[{"@type":"SearchAction","target":{"@type":"EntryPoint","urlTemplate":"https:\/\/hobierotikshop.com.tr\/website1\/?s={search_term_string}"},"query-input":{"@type":"PropertyValueSpecification","valueRequired":true,"valueName":"search_term_string"}}],"inLanguage":"tr"},{"@type":"Organization","@id":"https:\/\/hobierotikshop.com.tr\/website1\/#organization","name":"Harem Bursa Erotik Shop","url":"https:\/\/hobierotikshop.com.tr\/website1\/","logo":{"@type":"ImageObject","inLanguage":"tr","@id":"https:\/\/hobierotikshop.com.tr\/website1\/#\/schema\/logo\/image\/","url":"https:\/\/haremerotikshop.com\/site\/wp-content\/uploads\/2025\/03\/haremsexshop.png","contentUrl":"https:\/\/haremerotikshop.com\/site\/wp-content\/uploads\/2025\/03\/haremsexshop.png","width":400,"height":100,"caption":"Harem Bursa Erotik Shop"},"image":{"@id":"https:\/\/hobierotikshop.com.tr\/website1\/#\/schema\/logo\/image\/"},"sameAs":["https:\/\/x.com\/shopbursa"],"publishingPrinciples":"https:\/\/hobierotikshop.com.tr\/website1\/mesafeli-satis-sozlesmesi\/","ownershipFundingInfo":"https:\/\/hobierotikshop.com.tr\/website1\/contact-us\/","actionableFeedbackPolicy":"https:\/\/hobierotikshop.com.tr\/website1\/contact-us\/","correctionsPolicy":"https:\/\/hobierotikshop.com.tr\/website1\/mesafeli-satis-sozlesmesi\/"}]},"product_brand":"Pembe Tilki","product_price_amount":"1500.00","product_price_currency":"TRY","og_availability":"instock","product_availability":"instock","product_retailer_item_id":"PT-DVXA433PNK","product_condition":"new"},"_links":{"self":[{"href":"https:\/\/haremerotikshop.com\/site\/wp-json\/wp\/v2\/product\/20057","targetHints":{"allow":["GET"]}}],"collection":[{"href":"https:\/\/haremerotikshop.com\/site\/wp-json\/wp\/v2\/product"}],"about":[{"href":"https:\/\/haremerotikshop.com\/site\/wp-json\/wp\/v2\/types\/product"}],"replies":[{"embeddable":true,"href":"https:\/\/haremerotikshop.com\/site\/wp-json\/wp\/v2\/comments?post=20057"}],"version-history":[{"count":0,"href":"https:\/\/haremerotikshop.com\/site\/wp-json\/wp\/v2\/product\/20057\/revisions"}],"wp:featuredmedia":[{"embeddable":true,"href":"https:\/\/haremerotikshop.com\/site\/wp-json\/wp\/v2\/media\/20136"}],"wp:attachment":[{"href":"https:\/\/haremerotikshop.com\/site\/wp-json\/wp\/v2\/media?parent=20057"}],"wp:term":[{"taxonomy":"product_brand","embeddable":true,"href":"https:\/\/haremerotikshop.com\/site\/wp-json\/wp\/v2\/product_brand?post=20057"},{"taxonomy":"product_cat","embeddable":true,"href":"https:\/\/haremerotikshop.com\/site\/wp-json\/wp\/v2\/product_cat?post=20057"},{"taxonomy":"product_tag","embeddable":true,"href":"https:\/\/haremerotikshop.com\/site\/wp-json\/wp\/v2\/product_tag?post=20057"}],"curies":[{"name":"wp","href":"https:\/\/api.w.org\/{rel}","templated":true}]}}