{"id":20073,"date":"2025-03-17T12:47:47","date_gmt":"2025-03-17T09:47:47","guid":{"rendered":"https:\/\/haremerotikshop.com\/site\/?post_type=product&#038;p=20073"},"modified":"2026-01-26T15:20:14","modified_gmt":"2026-01-26T12:20:14","slug":"modern-seffaf-vibrator-mor","status":"publish","type":"product","link":"https:\/\/haremerotikshop.com\/site\/erotik-shop-urun\/modern-seffaf-vibrator-mor\/","title":{"rendered":"Modern \u015eeffaf Vibrat\u00f6r Mor"},"content":{"rendered":"<p data-start=\"0\" data-end=\"83\"><strong data-start=\"0\" data-end=\"83\">Pembe Tilki Modern \u015eeffaf Vibrat\u00f6r &#8211; Mor: Estetik ve Fonksiyonel Cinsel Deneyim<\/strong><\/p>\n<p data-start=\"85\" data-end=\"401\"><strong data-start=\"85\" data-end=\"129\">Pembe Tilki Modern \u015eeffaf Vibrat\u00f6r &#8211; Mor<\/strong>, \u015feffaf ve zarif tasar\u0131m\u0131 ile dikkat \u00e7ekerken, kullan\u0131c\u0131lar\u0131na <strong data-start=\"193\" data-end=\"210\">maksimum zevk<\/strong> ve <strong data-start=\"214\" data-end=\"234\">ger\u00e7ek\u00e7i deneyim<\/strong> sunar. Hem estetik hem de fonksiyonel olarak m\u00fckemmel bir uyum sa\u011flayan bu vibrat\u00f6r, bireysel kullan\u0131mda en y\u00fcksek tatmini elde etmek i\u00e7in \u00f6zel olarak tasarlanm\u0131\u015ft\u0131r.<\/p>\n<hr data-start=\"403\" data-end=\"406\" \/>\n<h3 data-start=\"408\" data-end=\"437\"><strong data-start=\"412\" data-end=\"437\">\u00d6ne \u00c7\u0131kan \u00d6zellikler:<\/strong><\/h3>\n<ul data-start=\"439\" data-end=\"1849\">\n<li data-start=\"439\" data-end=\"726\">\n<p data-start=\"441\" data-end=\"462\"><strong data-start=\"441\" data-end=\"462\">Malzeme Kalitesi:<\/strong><\/p>\n<ul data-start=\"465\" data-end=\"726\">\n<li data-start=\"465\" data-end=\"726\"><strong data-start=\"467\" data-end=\"495\">Cilt Dostu ve Dayan\u0131kl\u0131:<\/strong> Pembe Tilki Modern \u015eeffaf Vibrat\u00f6r, <strong data-start=\"532\" data-end=\"562\">ABS ve TPE malzemelerinden<\/strong> \u00fcretilmi\u015ftir. Bu malzemeler, <strong data-start=\"592\" data-end=\"604\">sa\u011fl\u0131kl\u0131<\/strong> ve <strong data-start=\"608\" data-end=\"626\">toksik olmayan<\/strong> \u00f6zellikleriyle v\u00fccuda zarar vermez. Cilt dostu yap\u0131s\u0131, uzun s\u00fcreli kullan\u0131mda bile rahatl\u0131k sa\u011flar.<\/li>\n<\/ul>\n<\/li>\n<li data-start=\"728\" data-end=\"983\">\n<p data-start=\"730\" data-end=\"754\"><strong data-start=\"730\" data-end=\"754\">G-Spot Stim\u00fclasyonu:<\/strong><\/p>\n<ul data-start=\"757\" data-end=\"983\">\n<li data-start=\"757\" data-end=\"983\"><strong data-start=\"759\" data-end=\"778\">G-Spot Uyar\u0131m\u0131:<\/strong> Vibrat\u00f6r\u00fcn <strong data-start=\"790\" data-end=\"817\">\u00f6zelle\u015ftirilmi\u015f ba\u015fl\u0131\u011f\u0131<\/strong>, <strong data-start=\"819\" data-end=\"829\">G-spot<\/strong> \u00fczerine odaklanarak <strong data-start=\"850\" data-end=\"868\">vajinal uyar\u0131m<\/strong> sa\u011flar. Kad\u0131nlar\u0131n en hassas noktalar\u0131na hitap eden yap\u0131s\u0131, daha yo\u011fun zevk ve <strong data-start=\"948\" data-end=\"964\">tatmin edici<\/strong> bir deneyim sunar.<\/li>\n<\/ul>\n<\/li>\n<li data-start=\"985\" data-end=\"1330\">\n<p data-start=\"987\" data-end=\"1020\"><strong data-start=\"987\" data-end=\"1020\">Kompakt ve Ta\u015f\u0131nabilir Boyut:<\/strong><\/p>\n<ul data-start=\"1023\" data-end=\"1330\">\n<li data-start=\"1023\" data-end=\"1220\"><strong data-start=\"1025\" data-end=\"1035\">Boyut:<\/strong> 17.5 cm toplam uzunluk, 3.5 cm \u00e7ap\u0131yla <strong data-start=\"1075\" data-end=\"1092\">mini vibrat\u00f6r<\/strong> kompakt ve hafif tasar\u0131m\u0131yla m\u00fckemmel ta\u015f\u0131nabilirlik sunar. <strong data-start=\"1153\" data-end=\"1163\">Pratik<\/strong> kullan\u0131m\u0131 sayesinde her yerde, her zaman kullan\u0131labilir.<\/li>\n<li data-start=\"1223\" data-end=\"1330\"><strong data-start=\"1225\" data-end=\"1238\">Hafiflik:<\/strong> Kullan\u0131m\u0131 son derece basit ve konforlu olan bu vibrat\u00f6r, kullan\u0131c\u0131ya b\u00fcy\u00fck rahatl\u0131k sa\u011flar.<\/li>\n<\/ul>\n<\/li>\n<li data-start=\"1332\" data-end=\"1586\">\n<p data-start=\"1334\" data-end=\"1354\"><strong data-start=\"1334\" data-end=\"1354\">Pil ile \u00c7al\u0131\u015fma:<\/strong><\/p>\n<ul data-start=\"1357\" data-end=\"1586\">\n<li data-start=\"1357\" data-end=\"1586\"><strong data-start=\"1359\" data-end=\"1372\">2 AA Pil:<\/strong> Pembe Tilki Modern \u015eeffaf Vibrat\u00f6r, 2 adet <strong data-start=\"1416\" data-end=\"1426\">AA pil<\/strong> ile \u00e7al\u0131\u015f\u0131r. Piller dahil de\u011fildir ancak kolayca temin edilebilir. Bu sistem, uzun s\u00fcreli kullan\u0131m sunar ve pratik batarya de\u011fi\u015fimi ile kesintisiz zevk sa\u011flar.<\/li>\n<\/ul>\n<\/li>\n<li data-start=\"1588\" data-end=\"1849\">\n<p data-start=\"1590\" data-end=\"1614\"><strong data-start=\"1590\" data-end=\"1614\">Suya Dayan\u0131kl\u0131 Yap\u0131:<\/strong><\/p>\n<ul data-start=\"1617\" data-end=\"1849\">\n<li data-start=\"1617\" data-end=\"1849\"><strong data-start=\"1619\" data-end=\"1638\">Suya Dayan\u0131kl\u0131:<\/strong> Bu vibrat\u00f6r, <strong data-start=\"1652\" data-end=\"1671\">g\u00fcnl\u00fck kullan\u0131m<\/strong> i\u00e7in tamamen suya dayan\u0131kl\u0131d\u0131r. Hem du\u015fta hem de banyo k\u00fcvetinde rahat\u00e7a kullan\u0131labilir. Ayn\u0131 zamanda <strong data-start=\"1774\" data-end=\"1798\">kolay temizlenebilir<\/strong> yap\u0131s\u0131, hijyen a\u00e7\u0131s\u0131ndan \u00f6nemli bir avantaj sunar.<\/li>\n<\/ul>\n<\/li>\n<\/ul>\n<hr data-start=\"1851\" data-end=\"1854\" \/>\n<h3 data-start=\"1856\" data-end=\"1905\"><strong data-start=\"1860\" data-end=\"1905\">Neden Pembe Tilki Modern \u015eeffaf Vibrat\u00f6r?<\/strong><\/h3>\n<ol data-start=\"1907\" data-end=\"2998\">\n<li data-start=\"1907\" data-end=\"2157\">\n<p data-start=\"1910\" data-end=\"1937\"><strong data-start=\"1910\" data-end=\"1936\">Etkili G-Spot Uyar\u0131m\u0131:<\/strong><\/p>\n<ul data-start=\"1941\" data-end=\"2157\">\n<li data-start=\"1941\" data-end=\"2157\">Modern \u015eeffaf Vibrat\u00f6r, kad\u0131nlar\u0131n en hassas noktas\u0131na, <strong data-start=\"1999\" data-end=\"2009\">G-spot<\/strong>&#8216;a odaklanarak ekstra zevk ve tatmin sa\u011flayan bir tasar\u0131ma sahiptir. G-spot stim\u00fclasyonu sayesinde daha g\u00fc\u00e7l\u00fc ve derin uyar\u0131mlar elde edebilirsiniz.<\/li>\n<\/ul>\n<\/li>\n<li data-start=\"2159\" data-end=\"2351\">\n<p data-start=\"2162\" data-end=\"2193\"><strong data-start=\"2162\" data-end=\"2192\">\u015eeffaf ve Estetik Tasar\u0131m:<\/strong><\/p>\n<ul data-start=\"2197\" data-end=\"2351\">\n<li data-start=\"2197\" data-end=\"2351\"><strong data-start=\"2199\" data-end=\"2216\">\u015eeffaf yap\u0131s\u0131<\/strong>, g\u00f6rsellik a\u00e7\u0131s\u0131ndan \u015f\u0131k ve estetik bir deneyim sunar. Modern tasar\u0131m\u0131 ile hem i\u015flevsel hem de g\u00f6rsel a\u00e7\u0131dan tatmin edici bir \u00fcr\u00fcnd\u00fcr.<\/li>\n<\/ul>\n<\/li>\n<li data-start=\"2353\" data-end=\"2580\">\n<p data-start=\"2356\" data-end=\"2382\"><strong data-start=\"2356\" data-end=\"2381\">Hafif ve Ta\u015f\u0131nabilir:<\/strong><\/p>\n<ul data-start=\"2386\" data-end=\"2580\">\n<li data-start=\"2386\" data-end=\"2580\"><strong data-start=\"2388\" data-end=\"2405\">Kompakt boyut<\/strong> sayesinde ta\u015f\u0131mas\u0131 ve saklamas\u0131 son derece kolayd\u0131r. <strong data-start=\"2459\" data-end=\"2472\">Hafifli\u011fi<\/strong>, her ortamda rahat\u00e7a kullan\u0131lmas\u0131n\u0131 sa\u011flar. Seyahatlerde, tatillerde ya da evde kullan\u0131ma olduk\u00e7a uygundur.<\/li>\n<\/ul>\n<\/li>\n<li data-start=\"2582\" data-end=\"2758\">\n<p data-start=\"2585\" data-end=\"2605\"><strong data-start=\"2585\" data-end=\"2604\">Suya Dayan\u0131kl\u0131:<\/strong><\/p>\n<ul data-start=\"2609\" data-end=\"2758\">\n<li data-start=\"2609\" data-end=\"2758\"><strong data-start=\"2611\" data-end=\"2631\">Su ge\u00e7irmez yap\u0131<\/strong>, banyo veya du\u015f gibi ortamlarda kullan\u0131labilmesini sa\u011flar. Ayr\u0131ca suya dayan\u0131kl\u0131 yap\u0131s\u0131, temizlik a\u00e7\u0131s\u0131ndan da kolayl\u0131k sunar.<\/li>\n<\/ul>\n<\/li>\n<li data-start=\"2760\" data-end=\"2998\">\n<p data-start=\"2763\" data-end=\"2797\"><strong data-start=\"2763\" data-end=\"2796\">Pil \u0130le Uzun S\u00fcreli Kullan\u0131m:<\/strong><\/p>\n<ul data-start=\"2801\" data-end=\"2998\">\n<li data-start=\"2801\" data-end=\"2998\">Pembe Tilki Modern \u015eeffaf Vibrat\u00f6r, <strong data-start=\"2839\" data-end=\"2851\">2 AA pil<\/strong> ile \u00e7al\u0131\u015farak kullan\u0131c\u0131lara uzun s\u00fcreli, kesintisiz bir deneyim sunar. Pillerin kolayca de\u011fi\u015ftirilebilir olmas\u0131, her an kullan\u0131labilirli\u011fi sa\u011flar.<\/li>\n<\/ul>\n<\/li>\n<\/ol>\n<hr data-start=\"3000\" data-end=\"3003\" \/>\n<h3 data-start=\"3005\" data-end=\"3043\"><strong data-start=\"3009\" data-end=\"3043\">Kullan\u0131c\u0131lar \u0130\u00e7in \u0130deal Se\u00e7im:<\/strong><\/h3>\n<p data-start=\"3044\" data-end=\"3461\">Pembe Tilki Modern \u015eeffaf Vibrat\u00f6r, <strong data-start=\"3080\" data-end=\"3101\">bireysel kullan\u0131m<\/strong> i\u00e7in m\u00fckemmel bir se\u00e7imdir. \u00d6zellikle <strong data-start=\"3140\" data-end=\"3158\">G-spot uyar\u0131m\u0131<\/strong> isteyen kad\u0131nlar i\u00e7in ideal olan bu vibrat\u00f6r, her kullan\u0131mda zevkinizi zirveye ta\u015f\u0131r. Hafif, <strong data-start=\"3252\" data-end=\"3267\">ta\u015f\u0131nabilir<\/strong> ve <strong data-start=\"3271\" data-end=\"3289\">suya dayan\u0131kl\u0131<\/strong> yap\u0131s\u0131 ile her ortamda rahat\u00e7a kullan\u0131labilir. Estetik tasar\u0131m\u0131 ve fonksiyonelli\u011fi ile cinsel deneyimlerinizi <strong data-start=\"3400\" data-end=\"3418\">zenginle\u015ftirir<\/strong> ve her an\u0131 daha tatmin edici hale getirir.<\/p>\n<hr data-start=\"3463\" data-end=\"3466\" \/>\n<p data-start=\"3468\" data-end=\"3746\" data-is-last-node=\"\" data-is-only-node=\"\"><strong data-start=\"3468\" data-end=\"3492\">\u015eimdi Sipari\u015f Verin:<\/strong><br data-start=\"3492\" data-end=\"3495\" \/>Cinsel deneyimlerinizi <strong data-start=\"3518\" data-end=\"3537\">zenginle\u015ftirmek<\/strong> ve zevkinizi <strong data-start=\"3551\" data-end=\"3559\">\u00f6zel<\/strong> bir seviyeye ta\u015f\u0131mak i\u00e7in <strong data-start=\"3586\" data-end=\"3630\">Pembe Tilki Modern \u015eeffaf Vibrat\u00f6r &#8211; Mor<\/strong>&#8216;u sipari\u015f edin. Hem \u015f\u0131k hem de fonksiyonel tasar\u0131m\u0131 ile her an\u0131 daha keyifli hale getirecek bu \u00fcr\u00fcn\u00fc hemen deneyin!<\/p>\n","protected":false},"excerpt":{"rendered":"<p><strong data-start=\"85\" data-end=\"129\">Pembe Tilki Modern \u015eeffaf Vibrat\u00f6r &#8211; Mor<\/strong>, \u015feffaf ve zarif tasar\u0131m\u0131 ile dikkat \u00e7ekerken, kullan\u0131c\u0131lar\u0131na <strong data-start=\"193\" data-end=\"210\">maksimum zevk<\/strong> ve <strong data-start=\"214\" data-end=\"234\">ger\u00e7ek\u00e7i deneyim<\/strong> sunar. Hem estetik hem de fonksiyonel olarak m\u00fckemmel bir uyum sa\u011flayan bu vibrat\u00f6r, bireysel kullan\u0131mda en y\u00fcksek tatmini elde etmek i\u00e7in \u00f6zel olarak tasarlanm\u0131\u015ft\u0131r.<\/p>\n","protected":false},"featured_media":20141,"comment_status":"open","ping_status":"closed","template":"","meta":[],"product_brand":[127],"product_cat":[85],"product_tag":[393],"class_list":{"0":"post-20073","1":"product","2":"type-product","3":"status-publish","4":"has-post-thumbnail","6":"product_brand-pembe-tilki","7":"product_cat-modern-vibrator","8":"product_tag-modern-seffaf-vibrator-mor","10":"first","11":"outofstock","12":"taxable","13":"shipping-taxable","14":"purchasable","15":"product-type-simple"},"yoast_head":"<!-- This site is optimized with the Yoast SEO Premium plugin v24.4 (Yoast SEO v27.1.1) - https:\/\/yoast.com\/product\/yoast-seo-premium-wordpress\/ -->\n<title>Modern \u015eeffaf Vibrat\u00f6r Mor - Bursa Erotik Shop<\/title>\n<meta name=\"robots\" content=\"index, follow, max-snippet:-1, max-image-preview:large, max-video-preview:-1\" \/>\n<link rel=\"canonical\" href=\"https:\/\/hobierotikshop.com.tr\/website1\/erotik-shop-urun\/modern-seffaf-vibrator-mor\/\" \/>\n<meta property=\"og:locale\" content=\"tr_TR\" \/>\n<meta property=\"og:type\" content=\"article\" \/>\n<meta property=\"og:title\" content=\"Modern \u015eeffaf Vibrat\u00f6r Mor\" \/>\n<meta property=\"og:description\" content=\"Pembe Tilki Modern \u015eeffaf Vibrat\u00f6r - Mor, \u015feffaf ve zarif tasar\u0131m\u0131 ile dikkat \u00e7ekerken, kullan\u0131c\u0131lar\u0131na maksimum zevk ve ger\u00e7ek\u00e7i deneyim sunar. Hem estetik hem de fonksiyonel olarak m\u00fckemmel bir uyum sa\u011flayan bu vibrat\u00f6r, bireysel kullan\u0131mda en y\u00fcksek tatmini elde etmek i\u00e7in \u00f6zel olarak tasarlanm\u0131\u015ft\u0131r.\" \/>\n<meta property=\"og:url\" content=\"https:\/\/hobierotikshop.com.tr\/website1\/erotik-shop-urun\/modern-seffaf-vibrator-mor\/\" \/>\n<meta property=\"og:site_name\" content=\"Bursa Erotik Shop\" \/>\n<meta property=\"article:modified_time\" content=\"2026-01-26T12:20:14+00:00\" \/>\n<meta property=\"og:image\" content=\"https:\/\/hobierotikshop.com.tr\/website1\/wp-content\/uploads\/2025\/03\/modern-seffaf-vibrator-mor-1916.jpg\" \/>\n\t<meta property=\"og:image:width\" content=\"1500\" \/>\n\t<meta property=\"og:image:height\" content=\"1500\" \/>\n\t<meta property=\"og:image:type\" content=\"image\/jpeg\" \/>\n<meta name=\"twitter:card\" content=\"summary_large_image\" \/>\n<meta name=\"twitter:site\" content=\"@shopbursa\" \/>\n<meta name=\"twitter:label1\" content=\"Fiyat\" \/>\n\t<meta name=\"twitter:data1\" content=\"&#8378;530,00 KDV DAH\u0130L\" \/>\n\t<meta name=\"twitter:label2\" content=\"Availability\" \/>\n\t<meta name=\"twitter:data2\" content=\"Out of stock\" \/>\n<script type=\"application\/ld+json\" class=\"yoast-schema-graph\">{\"@context\":\"https:\/\/schema.org\",\"@graph\":[{\"@type\":\"WebPage\",\"@id\":\"https:\/\/hobierotikshop.com.tr\/website1\/erotik-shop-urun\/modern-seffaf-vibrator-mor\/\",\"url\":\"https:\/\/hobierotikshop.com.tr\/website1\/erotik-shop-urun\/modern-seffaf-vibrator-mor\/\",\"name\":\"Modern \u015eeffaf Vibrat\u00f6r Mor - Bursa Erotik Shop\",\"isPartOf\":{\"@id\":\"https:\/\/hobierotikshop.com.tr\/website1\/#website\"},\"primaryImageOfPage\":{\"@id\":\"https:\/\/hobierotikshop.com.tr\/website1\/erotik-shop-urun\/modern-seffaf-vibrator-mor\/#primaryimage\"},\"image\":{\"@id\":\"https:\/\/hobierotikshop.com.tr\/website1\/erotik-shop-urun\/modern-seffaf-vibrator-mor\/#primaryimage\"},\"thumbnailUrl\":\"https:\/\/haremerotikshop.com\/site\/wp-content\/uploads\/2025\/03\/modern-seffaf-vibrator-mor-1916.jpg\",\"datePublished\":\"2025-03-17T09:47:47+00:00\",\"dateModified\":\"2026-01-26T12:20:14+00:00\",\"breadcrumb\":{\"@id\":\"https:\/\/hobierotikshop.com.tr\/website1\/erotik-shop-urun\/modern-seffaf-vibrator-mor\/#breadcrumb\"},\"inLanguage\":\"tr\",\"potentialAction\":[{\"@type\":\"ReadAction\",\"target\":[\"https:\/\/hobierotikshop.com.tr\/website1\/erotik-shop-urun\/modern-seffaf-vibrator-mor\/\"]}]},{\"@type\":\"ImageObject\",\"inLanguage\":\"tr\",\"@id\":\"https:\/\/hobierotikshop.com.tr\/website1\/erotik-shop-urun\/modern-seffaf-vibrator-mor\/#primaryimage\",\"url\":\"https:\/\/haremerotikshop.com\/site\/wp-content\/uploads\/2025\/03\/modern-seffaf-vibrator-mor-1916.jpg\",\"contentUrl\":\"https:\/\/haremerotikshop.com\/site\/wp-content\/uploads\/2025\/03\/modern-seffaf-vibrator-mor-1916.jpg\",\"width\":1500,\"height\":1500},{\"@type\":\"BreadcrumbList\",\"@id\":\"https:\/\/hobierotikshop.com.tr\/website1\/erotik-shop-urun\/modern-seffaf-vibrator-mor\/#breadcrumb\",\"itemListElement\":[{\"@type\":\"ListItem\",\"position\":1,\"name\":\"Anasayfa\",\"item\":\"https:\/\/hobierotikshop.com.tr\/website1\/\"},{\"@type\":\"ListItem\",\"position\":2,\"name\":\"Erotik Shop \u00dcr\u00fcnleri\",\"item\":\"https:\/\/hobierotikshop.com.tr\/website1\/shop\/\"},{\"@type\":\"ListItem\",\"position\":3,\"name\":\"Modern \u015eeffaf Vibrat\u00f6r Mor\"}]},{\"@type\":\"WebSite\",\"@id\":\"https:\/\/hobierotikshop.com.tr\/website1\/#website\",\"url\":\"https:\/\/hobierotikshop.com.tr\/website1\/\",\"name\":\"Bursa Erotik Shop\",\"description\":\"Bursa Erotik Shop ile g\u00fcvenli, gizli ve kaliteli yeti\u015fkin \u00fcr\u00fcnleri al\u0131\u015fveri\u015fi! Geni\u015f \u00fcr\u00fcn yelpazemizi ke\u015ffedin, hemen sipari\u015f verin\",\"publisher\":{\"@id\":\"https:\/\/hobierotikshop.com.tr\/website1\/#organization\"},\"alternateName\":\"Erotik Shop\",\"potentialAction\":[{\"@type\":\"SearchAction\",\"target\":{\"@type\":\"EntryPoint\",\"urlTemplate\":\"https:\/\/hobierotikshop.com.tr\/website1\/?s={search_term_string}\"},\"query-input\":{\"@type\":\"PropertyValueSpecification\",\"valueRequired\":true,\"valueName\":\"search_term_string\"}}],\"inLanguage\":\"tr\"},{\"@type\":\"Organization\",\"@id\":\"https:\/\/hobierotikshop.com.tr\/website1\/#organization\",\"name\":\"Harem Bursa Erotik Shop\",\"url\":\"https:\/\/hobierotikshop.com.tr\/website1\/\",\"logo\":{\"@type\":\"ImageObject\",\"inLanguage\":\"tr\",\"@id\":\"https:\/\/hobierotikshop.com.tr\/website1\/#\/schema\/logo\/image\/\",\"url\":\"https:\/\/haremerotikshop.com\/site\/wp-content\/uploads\/2025\/03\/haremsexshop.png\",\"contentUrl\":\"https:\/\/haremerotikshop.com\/site\/wp-content\/uploads\/2025\/03\/haremsexshop.png\",\"width\":400,\"height\":100,\"caption\":\"Harem Bursa Erotik Shop\"},\"image\":{\"@id\":\"https:\/\/hobierotikshop.com.tr\/website1\/#\/schema\/logo\/image\/\"},\"sameAs\":[\"https:\/\/x.com\/shopbursa\"],\"publishingPrinciples\":\"https:\/\/hobierotikshop.com.tr\/website1\/mesafeli-satis-sozlesmesi\/\",\"ownershipFundingInfo\":\"https:\/\/hobierotikshop.com.tr\/website1\/contact-us\/\",\"actionableFeedbackPolicy\":\"https:\/\/hobierotikshop.com.tr\/website1\/contact-us\/\",\"correctionsPolicy\":\"https:\/\/hobierotikshop.com.tr\/website1\/mesafeli-satis-sozlesmesi\/\"}]}<\/script>\n<meta property=\"product:brand\" content=\"Pembe Tilki\" \/>\n<meta property=\"product:price:amount\" content=\"530.00\" \/>\n<meta property=\"product:price:currency\" content=\"TRY\" \/>\n<meta property=\"og:availability\" content=\"out of stock\" \/>\n<meta property=\"product:availability\" content=\"out of stock\" \/>\n<meta property=\"product:retailer_item_id\" content=\"PT-DVXA001PRP\" \/>\n<meta property=\"product:condition\" content=\"new\" \/>\n<!-- \/ Yoast SEO Premium plugin. -->","yoast_head_json":{"title":"Modern \u015eeffaf Vibrat\u00f6r Mor - Bursa Erotik Shop","robots":{"index":"index","follow":"follow","max-snippet":"max-snippet:-1","max-image-preview":"max-image-preview:large","max-video-preview":"max-video-preview:-1"},"canonical":"https:\/\/hobierotikshop.com.tr\/website1\/erotik-shop-urun\/modern-seffaf-vibrator-mor\/","og_locale":"tr_TR","og_type":"article","og_title":"Modern \u015eeffaf Vibrat\u00f6r Mor","og_description":"Pembe Tilki Modern \u015eeffaf Vibrat\u00f6r - Mor, \u015feffaf ve zarif tasar\u0131m\u0131 ile dikkat \u00e7ekerken, kullan\u0131c\u0131lar\u0131na maksimum zevk ve ger\u00e7ek\u00e7i deneyim sunar. Hem estetik hem de fonksiyonel olarak m\u00fckemmel bir uyum sa\u011flayan bu vibrat\u00f6r, bireysel kullan\u0131mda en y\u00fcksek tatmini elde etmek i\u00e7in \u00f6zel olarak tasarlanm\u0131\u015ft\u0131r.","og_url":"https:\/\/hobierotikshop.com.tr\/website1\/erotik-shop-urun\/modern-seffaf-vibrator-mor\/","og_site_name":"Bursa Erotik Shop","article_modified_time":"2026-01-26T12:20:14+00:00","og_image":[{"width":1500,"height":1500,"url":"https:\/\/hobierotikshop.com.tr\/website1\/wp-content\/uploads\/2025\/03\/modern-seffaf-vibrator-mor-1916.jpg","type":"image\/jpeg"}],"twitter_card":"summary_large_image","twitter_site":"@shopbursa","twitter_misc":{"Fiyat":"&#8378;530,00 KDV DAH\u0130L","Availability":"Out of stock"},"schema":{"@context":"https:\/\/schema.org","@graph":[{"@type":"WebPage","@id":"https:\/\/hobierotikshop.com.tr\/website1\/erotik-shop-urun\/modern-seffaf-vibrator-mor\/","url":"https:\/\/hobierotikshop.com.tr\/website1\/erotik-shop-urun\/modern-seffaf-vibrator-mor\/","name":"Modern \u015eeffaf Vibrat\u00f6r Mor - Bursa Erotik Shop","isPartOf":{"@id":"https:\/\/hobierotikshop.com.tr\/website1\/#website"},"primaryImageOfPage":{"@id":"https:\/\/hobierotikshop.com.tr\/website1\/erotik-shop-urun\/modern-seffaf-vibrator-mor\/#primaryimage"},"image":{"@id":"https:\/\/hobierotikshop.com.tr\/website1\/erotik-shop-urun\/modern-seffaf-vibrator-mor\/#primaryimage"},"thumbnailUrl":"https:\/\/haremerotikshop.com\/site\/wp-content\/uploads\/2025\/03\/modern-seffaf-vibrator-mor-1916.jpg","datePublished":"2025-03-17T09:47:47+00:00","dateModified":"2026-01-26T12:20:14+00:00","breadcrumb":{"@id":"https:\/\/hobierotikshop.com.tr\/website1\/erotik-shop-urun\/modern-seffaf-vibrator-mor\/#breadcrumb"},"inLanguage":"tr","potentialAction":[{"@type":"ReadAction","target":["https:\/\/hobierotikshop.com.tr\/website1\/erotik-shop-urun\/modern-seffaf-vibrator-mor\/"]}]},{"@type":"ImageObject","inLanguage":"tr","@id":"https:\/\/hobierotikshop.com.tr\/website1\/erotik-shop-urun\/modern-seffaf-vibrator-mor\/#primaryimage","url":"https:\/\/haremerotikshop.com\/site\/wp-content\/uploads\/2025\/03\/modern-seffaf-vibrator-mor-1916.jpg","contentUrl":"https:\/\/haremerotikshop.com\/site\/wp-content\/uploads\/2025\/03\/modern-seffaf-vibrator-mor-1916.jpg","width":1500,"height":1500},{"@type":"BreadcrumbList","@id":"https:\/\/hobierotikshop.com.tr\/website1\/erotik-shop-urun\/modern-seffaf-vibrator-mor\/#breadcrumb","itemListElement":[{"@type":"ListItem","position":1,"name":"Anasayfa","item":"https:\/\/hobierotikshop.com.tr\/website1\/"},{"@type":"ListItem","position":2,"name":"Erotik Shop \u00dcr\u00fcnleri","item":"https:\/\/hobierotikshop.com.tr\/website1\/shop\/"},{"@type":"ListItem","position":3,"name":"Modern \u015eeffaf Vibrat\u00f6r Mor"}]},{"@type":"WebSite","@id":"https:\/\/hobierotikshop.com.tr\/website1\/#website","url":"https:\/\/hobierotikshop.com.tr\/website1\/","name":"Bursa Erotik Shop","description":"Bursa Erotik Shop ile g\u00fcvenli, gizli ve kaliteli yeti\u015fkin \u00fcr\u00fcnleri al\u0131\u015fveri\u015fi! Geni\u015f \u00fcr\u00fcn yelpazemizi ke\u015ffedin, hemen sipari\u015f verin","publisher":{"@id":"https:\/\/hobierotikshop.com.tr\/website1\/#organization"},"alternateName":"Erotik Shop","potentialAction":[{"@type":"SearchAction","target":{"@type":"EntryPoint","urlTemplate":"https:\/\/hobierotikshop.com.tr\/website1\/?s={search_term_string}"},"query-input":{"@type":"PropertyValueSpecification","valueRequired":true,"valueName":"search_term_string"}}],"inLanguage":"tr"},{"@type":"Organization","@id":"https:\/\/hobierotikshop.com.tr\/website1\/#organization","name":"Harem Bursa Erotik Shop","url":"https:\/\/hobierotikshop.com.tr\/website1\/","logo":{"@type":"ImageObject","inLanguage":"tr","@id":"https:\/\/hobierotikshop.com.tr\/website1\/#\/schema\/logo\/image\/","url":"https:\/\/haremerotikshop.com\/site\/wp-content\/uploads\/2025\/03\/haremsexshop.png","contentUrl":"https:\/\/haremerotikshop.com\/site\/wp-content\/uploads\/2025\/03\/haremsexshop.png","width":400,"height":100,"caption":"Harem Bursa Erotik Shop"},"image":{"@id":"https:\/\/hobierotikshop.com.tr\/website1\/#\/schema\/logo\/image\/"},"sameAs":["https:\/\/x.com\/shopbursa"],"publishingPrinciples":"https:\/\/hobierotikshop.com.tr\/website1\/mesafeli-satis-sozlesmesi\/","ownershipFundingInfo":"https:\/\/hobierotikshop.com.tr\/website1\/contact-us\/","actionableFeedbackPolicy":"https:\/\/hobierotikshop.com.tr\/website1\/contact-us\/","correctionsPolicy":"https:\/\/hobierotikshop.com.tr\/website1\/mesafeli-satis-sozlesmesi\/"}]},"product_brand":"Pembe Tilki","product_price_amount":"530.00","product_price_currency":"TRY","og_availability":"out of stock","product_availability":"out of stock","product_retailer_item_id":"PT-DVXA001PRP","product_condition":"new"},"_links":{"self":[{"href":"https:\/\/haremerotikshop.com\/site\/wp-json\/wp\/v2\/product\/20073","targetHints":{"allow":["GET"]}}],"collection":[{"href":"https:\/\/haremerotikshop.com\/site\/wp-json\/wp\/v2\/product"}],"about":[{"href":"https:\/\/haremerotikshop.com\/site\/wp-json\/wp\/v2\/types\/product"}],"replies":[{"embeddable":true,"href":"https:\/\/haremerotikshop.com\/site\/wp-json\/wp\/v2\/comments?post=20073"}],"version-history":[{"count":0,"href":"https:\/\/haremerotikshop.com\/site\/wp-json\/wp\/v2\/product\/20073\/revisions"}],"wp:featuredmedia":[{"embeddable":true,"href":"https:\/\/haremerotikshop.com\/site\/wp-json\/wp\/v2\/media\/20141"}],"wp:attachment":[{"href":"https:\/\/haremerotikshop.com\/site\/wp-json\/wp\/v2\/media?parent=20073"}],"wp:term":[{"taxonomy":"product_brand","embeddable":true,"href":"https:\/\/haremerotikshop.com\/site\/wp-json\/wp\/v2\/product_brand?post=20073"},{"taxonomy":"product_cat","embeddable":true,"href":"https:\/\/haremerotikshop.com\/site\/wp-json\/wp\/v2\/product_cat?post=20073"},{"taxonomy":"product_tag","embeddable":true,"href":"https:\/\/haremerotikshop.com\/site\/wp-json\/wp\/v2\/product_tag?post=20073"}],"curies":[{"name":"wp","href":"https:\/\/api.w.org\/{rel}","templated":true}]}}